{"id":175,"date":"2021-01-20T09:58:27","date_gmt":"2021-01-20T02:58:27","guid":{"rendered":"http:\/\/vilight.vn\/website\/?page_id=175"},"modified":"2022-06-27T13:30:57","modified_gmt":"2022-06-27T06:30:57","slug":"du-an-da-thuc-hien","status":"publish","type":"page","link":"https:\/\/vilight.vn\/website\/du-an-da-thuc-hien\/","title":{"rendered":"D\u1ef1 \u00e1n \u0111\u00e3 th\u1ef1c hi\u1ec7n"},"content":{"rendered":"<h1>C\u00e1c d\u1ef1 \u00e1n chi\u1ebfu s\u00e1ng trang tr\u00ed, chi\u1ebfu s\u00e1ng m\u1ef9 thu\u1eadt, trang tr\u00ed \u0111\u1ed9 th\u1ecb ti\u00eau bi\u1ec3u :<\/h1>\n<p>5<br \/>\nclassic<br \/>\n5<br \/>\nh2<br \/>\nchieu-sang-my-thuat,chieu-sang-thong-minh,chieu-sang-trang-tri,cac-du-an-khac,thiet-ke-y-tuong<br \/>\ndate<br \/>\nDESC<\/p>\n<h2>Trang tr\u00ed d\u00e3y ph\u00e2n c\u00e1ch :<\/h2>\n<ul>\n<li>Trang tr\u00ed d\u00e3y ph\u00e2n c\u00e1ch b\u1eb1ng c\u00e1c bi\u1ec3u t\u01b0\u1ee3ng \u0111\u1eb9p.<\/li>\n<li>Bi\u1ec3u t\u01b0\u1ee3ng t\u00edch h\u1ee3p \u0111\u00e8n LED Pixel<\/li>\n<li>Ban ng\u00e0y kh\u00f4ng th\u1ea5y \u0111\u00e8n l\u1ed9 ra<\/li>\n<li>Ban \u0111\u00eam c\u00e1c hi\u1ec7u \u1ee9ng \u00e1nh s\u00e1ng lung linh s\u1ebd ho\u1ea1t \u0111\u1ed9ng.<\/li>\n<\/ul>\n<p><a href=\"https:\/\/vilight.vn\/website\/wp-content\/uploads\/2022\/06\/trang_tri_day_phan_cach_trang_tri_con_luon_bang_den_led.jpg\"><img decoding=\"async\" class=\"alignnone size-medium wp-image-3323 lazyload\" data-src=\"https:\/\/vilight.vn\/website\/wp-content\/uploads\/2022\/06\/trang_tri_day_phan_cach_trang_tri_con_luon_bang_den_led-300x169.jpg\" alt=\"Trang tr\u00ed d\u00e3y ph\u00e2n c\u00e1ch b\u1eb1ng \u0111\u00e8n LED\" width=\"300\" height=\"169\" data-srcset=\"https:\/\/vilight.vn\/website\/wp-content\/uploads\/2022\/06\/trang_tri_day_phan_cach_trang_tri_con_luon_bang_den_led-300x169.jpg 300w, https:\/\/vilight.vn\/website\/wp-content\/uploads\/2022\/06\/trang_tri_day_phan_cach_trang_tri_con_luon_bang_den_led-800x450.jpg 800w, https:\/\/vilight.vn\/website\/wp-content\/uploads\/2022\/06\/trang_tri_day_phan_cach_trang_tri_con_luon_bang_den_led-1024x576.jpg 1024w, https:\/\/vilight.vn\/website\/wp-content\/uploads\/2022\/06\/trang_tri_day_phan_cach_trang_tri_con_luon_bang_den_led-768x432.jpg 768w, https:\/\/vilight.vn\/website\/wp-content\/uploads\/2022\/06\/trang_tri_day_phan_cach_trang_tri_con_luon_bang_den_led-1536x864.jpg 1536w, https:\/\/vilight.vn\/website\/wp-content\/uploads\/2022\/06\/trang_tri_day_phan_cach_trang_tri_con_luon_bang_den_led-18x10.jpg 18w, https:\/\/vilight.vn\/website\/wp-content\/uploads\/2022\/06\/trang_tri_day_phan_cach_trang_tri_con_luon_bang_den_led-133x75.jpg 133w, https:\/\/vilight.vn\/website\/wp-content\/uploads\/2022\/06\/trang_tri_day_phan_cach_trang_tri_con_luon_bang_den_led-480x270.jpg 480w, https:\/\/vilight.vn\/website\/wp-content\/uploads\/2022\/06\/trang_tri_day_phan_cach_trang_tri_con_luon_bang_den_led.jpg 1920w\" data-sizes=\"(max-width:767px) 300px, 300px\" src=\"data:image\/svg+xml;base64,PHN2ZyB3aWR0aD0iMSIgaGVpZ2h0PSIxIiB4bWxucz0iaHR0cDovL3d3dy53My5vcmcvMjAwMC9zdmciPjwvc3ZnPg==\" style=\"--smush-placeholder-width: 300px; --smush-placeholder-aspect-ratio: 300\/169;\" \/><\/a><\/p>\n<h2>M\u1ed9t s\u1ed1 m\u1eabu \u0111\u00e8n LED trang tr\u00ed d\u00e3y ph\u00e2n c\u00e1ch :<\/h2>\n<ul>\n<li>\u0110\u00e8n LED hoa v\u0103n c\u1ed9t \u0111i\u1ec7n.<\/li>\n<li>Hoa v\u0103n trang tr\u00ed \u0111\u01b0\u1eddng ph\u1ed1 Vector.<\/li>\n<li>Hoa v\u0103n trang tr\u00ed \u0111\u01b0\u1eddng ph\u1ed1 Vector.<\/li>\n<li>\u0110\u00e8n LED \u00e2m \u0111\u1ea5t trang tr\u00ed c\u1ed9t \u0111i\u1ec7n.<\/li>\n<li>Gi\u00e1 \u0111\u00e8n LED t\u00f9y thu\u1ed9c v\u00e0o nhi\u1ec1u y\u1ebfu t\u1ed1 nh\u01b0 s\u1ed1 l\u01b0\u1ee3ng \u0111\u01a1n h\u00e0ng, lo\u1ea1i \u0111\u00e8n kh\u00e1ch h\u00e0ng ch\u1ecdn,\u2026<\/li>\n<li>v\u00ec v\u1eady \u0111\u1ec3 c\u00f3 b\u1ea3ng b\u00e1o gi\u00e1 chi ti\u1ebft, b\u1ea1n vui l\u00f2ng li\u00ean h\u1ec7.<\/li>\n<li>\u0110\u00e8n \u0111\u01b0\u1eddng LED ngo\u00e0i chi\u1ebfu s\u00e1ng c\u00f2n s\u1eed d\u1ee5ng \u0111\u1ec3 trang tr\u00ed \u1edf ph\u1ed1 \u0111i b\u1ed9, nh\u1eefng con \u0111\u01b0\u1eddng vui ch\u01a1i, ch\u1ee5p \u1ea3nh n\u1ed5i ti\u1ebfng, \u0111\u00e2y c\u0169ng l\u00e0 m\u1eabu \u0111\u00e8n led chi\u1ebfu s\u00e1ng c\u00f4ng c\u1ed9ng ngo\u00e0i tr\u1eddi xu\u1ea5t s\u1eafc nh\u1ea5t hi\u1ec7n nay<\/li>\n<\/ul>\n<h2>Hoa v\u0103n trang tr\u00ed ngang \u0111\u01b0\u1eddng<\/h2>\n<ul>\n<li>\u0110\u00f4i khi \u0111i tr\u00ean \u0111\u01b0\u1eddng, ch\u00fang ta s\u1ebd b\u1eaft g\u1eb7p nh\u1eefng \u0111o\u1ea1n \u0111\u01b0\u1eddng c\u00f3 hoa v\u0103n \u0111\u00e8n LED trang tr\u00ed v\u1edbi m\u00e0u s\u1eafc n\u1ed5i b\u1eadt thi\u1ebft k\u1ebf \u1ea5n t\u01b0\u1ee3ng.<\/li>\n<li>Khi l\u1eafp \u0111\u1eb7t ph\u1ea3i ti\u1ebfn h\u00e0nh b\u1eaft v\u00edt ch\u1eafc ch\u1eafn \u1edf hai b\u00ean c\u1ed9t th\u00e9p ho\u1eb7c c\u1ed9t b\u00ea t\u00f4ng.<\/li>\n<li>Thi c\u00f4ng \u0111\u00e8n trang tr\u00ed ngang \u0111\u01b0\u1eddng.<\/li>\n<\/ul>\n<h2>Trang tr\u00ed c\u1ed5ng ch\u00e0o b\u1eb1ng \u0111\u00e8n LED<\/h2>\n<ul>\n<li>C\u1ed5ng ch\u00e0o c\u1ee7a m\u1ed9t khu ph\u1ed1 ho\u1eb7c khu du l\u1ecbch th\u01b0\u1eddng c\u00f3 b\u1ea3ng ch\u1eef b\u1eb1ng \u0111\u00e8n LED k\u1ebft h\u1ee3p hoa v\u0103n \u0111\u1ec3 truy\u1ec1n th\u00f4ng t\u1edbi ng\u01b0\u1eddi \u0111i \u0111\u01b0\u1eddng.<\/li>\n<li>Trang tr\u00ed c\u1ed5ng ch\u00e0o<\/li>\n<\/ul>\n","protected":false},"excerpt":{"rendered":"<p>C\u00e1c d\u1ef1 \u00e1n chi\u1ebfu s\u00e1ng trang tr\u00ed, chi\u1ebfu s\u00e1ng m\u1ef9 thu\u1eadt, trang tr\u00ed \u0111\u1ed9 th\u1ecb ti\u00eau bi\u1ec3u : 5 classic 5 h2 chieu-sang-my-thuat,chieu-sang-thong-minh,chieu-sang-trang-tri,cac-du-an-khac,thiet-ke-y-tuong date DESC Trang tr\u00ed d\u00e3y ph\u00e2n c\u00e1ch : Trang tr\u00ed d\u00e3y ph\u00e2n c\u00e1ch b\u1eb1ng c\u00e1c bi\u1ec3u t\u01b0\u1ee3ng \u0111\u1eb9p. Bi\u1ec3u t\u01b0\u1ee3ng t\u00edch h\u1ee3p \u0111\u00e8n LED Pixel Ban ng\u00e0y<span class=\"excerpt-hellip\"> [\u2026]<\/span><\/p>\n","protected":false},"author":1,"featured_media":0,"parent":0,"menu_order":0,"comment_status":"closed","ping_status":"closed","template":"","meta":{"footnotes":""},"class_list":["post-175","page","type-page","status-publish","hentry"],"yoast_head":"<!-- This site is optimized with the Yoast SEO Premium plugin v27.4 (Yoast SEO v27.4) - https:\/\/yoast.com\/product\/yoast-seo-premium-wordpress\/ -->\n<title>Trang Tr\u00ed D\u00e3y Ph\u00e2n C\u00e1ch, Chi\u1ebfu S\u00e1ng Th\u00f4ng Minh, Trang Tr\u00ed \u0110\u00f4 Th\u1ecb T\u1ebft<\/title>\n<meta name=\"description\" content=\"Chi\u1ebfu s\u00e1ng th\u00f4ng minh 4.0, Chi\u1ebfu s\u00e1ng m\u1ef9 thu\u1eadt ki\u1ebfn tr\u00fac, Chi\u1ebfu s\u00e1ng trang tr\u00ed \u0110\u00f4 th\u1ecb, Chi\u1ebfu s\u00e1ng C\u1ea7u, trang tr\u00ed d\u00e3y ph\u00e2n c\u00e1ch, b\u00f9ng binh\" \/>\n<meta name=\"robots\" content=\"index, follow, max-snippet:-1, max-image-preview:large, max-video-preview:-1\" \/>\n<link rel=\"canonical\" href=\"https:\/\/vilight.vn\/website\/du-an-da-thuc-hien\/\" \/>\n<meta property=\"og:locale\" content=\"vi_VN\" \/>\n<meta property=\"og:type\" content=\"article\" \/>\n<meta property=\"og:title\" content=\"D\u1ef1 \u00e1n \u0111\u00e3 th\u1ef1c hi\u1ec7n\" \/>\n<meta property=\"og:description\" content=\"C\u00e1c d\u1ef1 \u00e1n chi\u1ebfu s\u00e1ng trang tr\u00ed, chi\u1ebfu s\u00e1ng m\u1ef9 thu\u1eadt, trang tr\u00ed \u0111\u1ed9 th\u1ecb ti\u00eau bi\u1ec3u : 5 classic 5 h2\" \/>\n<meta property=\"og:url\" content=\"https:\/\/vilight.vn\/website\/du-an-da-thuc-hien\/\" \/>\n<meta property=\"og:site_name\" content=\"Vilight Co.ltd\" \/>\n<meta property=\"article:publisher\" content=\"http:\/\/facebook.com\/vilight.vn\" \/>\n<meta property=\"article:modified_time\" content=\"2022-06-27T06:30:57+00:00\" \/>\n<meta property=\"og:image\" content=\"https:\/\/vilight.vn\/website\/wp-content\/uploads\/2022\/06\/trang_tri_day_phan_cach_trang_tri_con_luon_bang_den_led-300x169.jpg\" \/>\n<meta name=\"twitter:card\" content=\"summary_large_image\" \/>\n<meta name=\"twitter:label1\" content=\"\u01af\u1edbc t\u00ednh th\u1eddi gian \u0111\u1ecdc\" \/>\n\t<meta name=\"twitter:data1\" content=\"2 ph\u00fat\" \/>\n<script type=\"application\/ld+json\" class=\"yoast-schema-graph\">{\"@context\":\"https:\\\/\\\/schema.org\",\"@graph\":[{\"@type\":\"WebPage\",\"@id\":\"https:\\\/\\\/vilight.vn\\\/website\\\/du-an-da-thuc-hien\\\/\",\"url\":\"https:\\\/\\\/vilight.vn\\\/website\\\/du-an-da-thuc-hien\\\/\",\"name\":\"Trang Tr\u00ed D\u00e3y Ph\u00e2n C\u00e1ch, Chi\u1ebfu S\u00e1ng Th\u00f4ng Minh, Trang Tr\u00ed \u0110\u00f4 Th\u1ecb T\u1ebft\",\"isPartOf\":{\"@id\":\"https:\\\/\\\/vilight.vn\\\/website\\\/#website\"},\"primaryImageOfPage\":{\"@id\":\"https:\\\/\\\/vilight.vn\\\/website\\\/du-an-da-thuc-hien\\\/#primaryimage\"},\"image\":{\"@id\":\"https:\\\/\\\/vilight.vn\\\/website\\\/du-an-da-thuc-hien\\\/#primaryimage\"},\"thumbnailUrl\":\"https:\\\/\\\/vilight.vn\\\/website\\\/wp-content\\\/uploads\\\/2022\\\/06\\\/trang_tri_day_phan_cach_trang_tri_con_luon_bang_den_led-300x169.jpg\",\"datePublished\":\"2021-01-20T02:58:27+00:00\",\"dateModified\":\"2022-06-27T06:30:57+00:00\",\"description\":\"Chi\u1ebfu s\u00e1ng th\u00f4ng minh 4.0, Chi\u1ebfu s\u00e1ng m\u1ef9 thu\u1eadt ki\u1ebfn tr\u00fac, Chi\u1ebfu s\u00e1ng trang tr\u00ed \u0110\u00f4 th\u1ecb, Chi\u1ebfu s\u00e1ng C\u1ea7u, trang tr\u00ed d\u00e3y ph\u00e2n c\u00e1ch, b\u00f9ng binh\",\"breadcrumb\":{\"@id\":\"https:\\\/\\\/vilight.vn\\\/website\\\/du-an-da-thuc-hien\\\/#breadcrumb\"},\"inLanguage\":\"vi\",\"potentialAction\":[{\"@type\":\"ReadAction\",\"target\":[\"https:\\\/\\\/vilight.vn\\\/website\\\/du-an-da-thuc-hien\\\/\"]}]},{\"@type\":\"ImageObject\",\"inLanguage\":\"vi\",\"@id\":\"https:\\\/\\\/vilight.vn\\\/website\\\/du-an-da-thuc-hien\\\/#primaryimage\",\"url\":\"https:\\\/\\\/vilight.vn\\\/website\\\/wp-content\\\/uploads\\\/2022\\\/06\\\/trang_tri_day_phan_cach_trang_tri_con_luon_bang_den_led.jpg\",\"contentUrl\":\"https:\\\/\\\/vilight.vn\\\/website\\\/wp-content\\\/uploads\\\/2022\\\/06\\\/trang_tri_day_phan_cach_trang_tri_con_luon_bang_den_led.jpg\",\"width\":1920,\"height\":1080,\"caption\":\"Trang tr\u00ed d\u00e3y ph\u00e2n c\u00e1ch b\u1eb1ng \u0111\u00e8n LED\"},{\"@type\":\"BreadcrumbList\",\"@id\":\"https:\\\/\\\/vilight.vn\\\/website\\\/du-an-da-thuc-hien\\\/#breadcrumb\",\"itemListElement\":[{\"@type\":\"ListItem\",\"position\":1,\"name\":\"Home\",\"item\":\"https:\\\/\\\/vilight.vn\\\/website\\\/\"},{\"@type\":\"ListItem\",\"position\":2,\"name\":\"D\u1ef1 \u00e1n \u0111\u00e3 th\u1ef1c hi\u1ec7n\"}]},{\"@type\":\"WebSite\",\"@id\":\"https:\\\/\\\/vilight.vn\\\/website\\\/#website\",\"url\":\"https:\\\/\\\/vilight.vn\\\/website\\\/\",\"name\":\"Vilight Co.ltd\",\"description\":\"Chi\u1ebfu s\u00e1ng m\u1ef9 thu\u1eadt, chi\u1ebfu s\u00e1ng th\u00f4ng minh, LED Pixel 3D, chi\u1ebfu s\u00e1ng trang tr\u00ed \u0111\u00f4 th\u1ecb, chi\u1ebfu s\u00e1ng v\u00f2ng xoay, chi\u1ebfu s\u00e1ng \u0111\u1ea3o giao th\u00f4ng, c\u1ed5ng ch\u00e0o \u0111\u00f4 th\u1ecb\",\"publisher\":{\"@id\":\"https:\\\/\\\/vilight.vn\\\/website\\\/#organization\"},\"potentialAction\":[{\"@type\":\"SearchAction\",\"target\":{\"@type\":\"EntryPoint\",\"urlTemplate\":\"https:\\\/\\\/vilight.vn\\\/website\\\/?s={search_term_string}\"},\"query-input\":{\"@type\":\"PropertyValueSpecification\",\"valueRequired\":true,\"valueName\":\"search_term_string\"}}],\"inLanguage\":\"vi\"},{\"@type\":\"Organization\",\"@id\":\"https:\\\/\\\/vilight.vn\\\/website\\\/#organization\",\"name\":\"Vilight\",\"url\":\"https:\\\/\\\/vilight.vn\\\/website\\\/\",\"logo\":{\"@type\":\"ImageObject\",\"inLanguage\":\"vi\",\"@id\":\"https:\\\/\\\/vilight.vn\\\/website\\\/#\\\/schema\\\/logo\\\/image\\\/\",\"url\":\"https:\\\/\\\/vilight.vn\\\/website\\\/wp-content\\\/uploads\\\/2022\\\/05\\\/chieu_sang_trang_tri_do_thi_bang_den_led_pixel.png\",\"contentUrl\":\"https:\\\/\\\/vilight.vn\\\/website\\\/wp-content\\\/uploads\\\/2022\\\/05\\\/chieu_sang_trang_tri_do_thi_bang_den_led_pixel.png\",\"width\":800,\"height\":427,\"caption\":\"Vilight\"},\"image\":{\"@id\":\"https:\\\/\\\/vilight.vn\\\/website\\\/#\\\/schema\\\/logo\\\/image\\\/\"},\"sameAs\":[\"http:\\\/\\\/facebook.com\\\/vilight.vn\",\"https:\\\/\\\/www.linkedin.com\\\/company\\\/vilight-vn\",\"https:\\\/\\\/www.youtube.com\\\/channel\\\/UCEwR2naeDcuarMX1kSv_rLQ\\\/videos\"]}]}<\/script>\n<!-- \/ Yoast SEO Premium plugin. -->","yoast_head_json":{"title":"Trang Tr\u00ed D\u00e3y Ph\u00e2n C\u00e1ch, Chi\u1ebfu S\u00e1ng Th\u00f4ng Minh, Trang Tr\u00ed \u0110\u00f4 Th\u1ecb T\u1ebft","description":"Chi\u1ebfu s\u00e1ng th\u00f4ng minh 4.0, Chi\u1ebfu s\u00e1ng m\u1ef9 thu\u1eadt ki\u1ebfn tr\u00fac, Chi\u1ebfu s\u00e1ng trang tr\u00ed \u0110\u00f4 th\u1ecb, Chi\u1ebfu s\u00e1ng C\u1ea7u, trang tr\u00ed d\u00e3y ph\u00e2n c\u00e1ch, b\u00f9ng binh","robots":{"index":"index","follow":"follow","max-snippet":"max-snippet:-1","max-image-preview":"max-image-preview:large","max-video-preview":"max-video-preview:-1"},"canonical":"https:\/\/vilight.vn\/website\/du-an-da-thuc-hien\/","og_locale":"vi_VN","og_type":"article","og_title":"D\u1ef1 \u00e1n \u0111\u00e3 th\u1ef1c hi\u1ec7n","og_description":"C\u00e1c d\u1ef1 \u00e1n chi\u1ebfu s\u00e1ng trang tr\u00ed, chi\u1ebfu s\u00e1ng m\u1ef9 thu\u1eadt, trang tr\u00ed \u0111\u1ed9 th\u1ecb ti\u00eau bi\u1ec3u : 5 classic 5 h2","og_url":"https:\/\/vilight.vn\/website\/du-an-da-thuc-hien\/","og_site_name":"Vilight Co.ltd","article_publisher":"http:\/\/facebook.com\/vilight.vn","article_modified_time":"2022-06-27T06:30:57+00:00","og_image":[{"url":"https:\/\/vilight.vn\/website\/wp-content\/uploads\/2022\/06\/trang_tri_day_phan_cach_trang_tri_con_luon_bang_den_led-300x169.jpg","type":"","width":"","height":""}],"twitter_card":"summary_large_image","twitter_misc":{"\u01af\u1edbc t\u00ednh th\u1eddi gian \u0111\u1ecdc":"2 ph\u00fat"},"schema":{"@context":"https:\/\/schema.org","@graph":[{"@type":"WebPage","@id":"https:\/\/vilight.vn\/website\/du-an-da-thuc-hien\/","url":"https:\/\/vilight.vn\/website\/du-an-da-thuc-hien\/","name":"Trang Tr\u00ed D\u00e3y Ph\u00e2n C\u00e1ch, Chi\u1ebfu S\u00e1ng Th\u00f4ng Minh, Trang Tr\u00ed \u0110\u00f4 Th\u1ecb T\u1ebft","isPartOf":{"@id":"https:\/\/vilight.vn\/website\/#website"},"primaryImageOfPage":{"@id":"https:\/\/vilight.vn\/website\/du-an-da-thuc-hien\/#primaryimage"},"image":{"@id":"https:\/\/vilight.vn\/website\/du-an-da-thuc-hien\/#primaryimage"},"thumbnailUrl":"https:\/\/vilight.vn\/website\/wp-content\/uploads\/2022\/06\/trang_tri_day_phan_cach_trang_tri_con_luon_bang_den_led-300x169.jpg","datePublished":"2021-01-20T02:58:27+00:00","dateModified":"2022-06-27T06:30:57+00:00","description":"Chi\u1ebfu s\u00e1ng th\u00f4ng minh 4.0, Chi\u1ebfu s\u00e1ng m\u1ef9 thu\u1eadt ki\u1ebfn tr\u00fac, Chi\u1ebfu s\u00e1ng trang tr\u00ed \u0110\u00f4 th\u1ecb, Chi\u1ebfu s\u00e1ng C\u1ea7u, trang tr\u00ed d\u00e3y ph\u00e2n c\u00e1ch, b\u00f9ng binh","breadcrumb":{"@id":"https:\/\/vilight.vn\/website\/du-an-da-thuc-hien\/#breadcrumb"},"inLanguage":"vi","potentialAction":[{"@type":"ReadAction","target":["https:\/\/vilight.vn\/website\/du-an-da-thuc-hien\/"]}]},{"@type":"ImageObject","inLanguage":"vi","@id":"https:\/\/vilight.vn\/website\/du-an-da-thuc-hien\/#primaryimage","url":"https:\/\/vilight.vn\/website\/wp-content\/uploads\/2022\/06\/trang_tri_day_phan_cach_trang_tri_con_luon_bang_den_led.jpg","contentUrl":"https:\/\/vilight.vn\/website\/wp-content\/uploads\/2022\/06\/trang_tri_day_phan_cach_trang_tri_con_luon_bang_den_led.jpg","width":1920,"height":1080,"caption":"Trang tr\u00ed d\u00e3y ph\u00e2n c\u00e1ch b\u1eb1ng \u0111\u00e8n LED"},{"@type":"BreadcrumbList","@id":"https:\/\/vilight.vn\/website\/du-an-da-thuc-hien\/#breadcrumb","itemListElement":[{"@type":"ListItem","position":1,"name":"Home","item":"https:\/\/vilight.vn\/website\/"},{"@type":"ListItem","position":2,"name":"D\u1ef1 \u00e1n \u0111\u00e3 th\u1ef1c hi\u1ec7n"}]},{"@type":"WebSite","@id":"https:\/\/vilight.vn\/website\/#website","url":"https:\/\/vilight.vn\/website\/","name":"Vilight Co.ltd","description":"Chi\u1ebfu s\u00e1ng m\u1ef9 thu\u1eadt, chi\u1ebfu s\u00e1ng th\u00f4ng minh, LED Pixel 3D, chi\u1ebfu s\u00e1ng trang tr\u00ed \u0111\u00f4 th\u1ecb, chi\u1ebfu s\u00e1ng v\u00f2ng xoay, chi\u1ebfu s\u00e1ng \u0111\u1ea3o giao th\u00f4ng, c\u1ed5ng ch\u00e0o \u0111\u00f4 th\u1ecb","publisher":{"@id":"https:\/\/vilight.vn\/website\/#organization"},"potentialAction":[{"@type":"SearchAction","target":{"@type":"EntryPoint","urlTemplate":"https:\/\/vilight.vn\/website\/?s={search_term_string}"},"query-input":{"@type":"PropertyValueSpecification","valueRequired":true,"valueName":"search_term_string"}}],"inLanguage":"vi"},{"@type":"Organization","@id":"https:\/\/vilight.vn\/website\/#organization","name":"Vilight","url":"https:\/\/vilight.vn\/website\/","logo":{"@type":"ImageObject","inLanguage":"vi","@id":"https:\/\/vilight.vn\/website\/#\/schema\/logo\/image\/","url":"https:\/\/vilight.vn\/website\/wp-content\/uploads\/2022\/05\/chieu_sang_trang_tri_do_thi_bang_den_led_pixel.png","contentUrl":"https:\/\/vilight.vn\/website\/wp-content\/uploads\/2022\/05\/chieu_sang_trang_tri_do_thi_bang_den_led_pixel.png","width":800,"height":427,"caption":"Vilight"},"image":{"@id":"https:\/\/vilight.vn\/website\/#\/schema\/logo\/image\/"},"sameAs":["http:\/\/facebook.com\/vilight.vn","https:\/\/www.linkedin.com\/company\/vilight-vn","https:\/\/www.youtube.com\/channel\/UCEwR2naeDcuarMX1kSv_rLQ\/videos"]}]}},"_links":{"self":[{"href":"https:\/\/vilight.vn\/website\/wp-json\/wp\/v2\/pages\/175","targetHints":{"allow":["GET"]}}],"collection":[{"href":"https:\/\/vilight.vn\/website\/wp-json\/wp\/v2\/pages"}],"about":[{"href":"https:\/\/vilight.vn\/website\/wp-json\/wp\/v2\/types\/page"}],"author":[{"embeddable":true,"href":"https:\/\/vilight.vn\/website\/wp-json\/wp\/v2\/users\/1"}],"replies":[{"embeddable":true,"href":"https:\/\/vilight.vn\/website\/wp-json\/wp\/v2\/comments?post=175"}],"version-history":[{"count":0,"href":"https:\/\/vilight.vn\/website\/wp-json\/wp\/v2\/pages\/175\/revisions"}],"wp:attachment":[{"href":"https:\/\/vilight.vn\/website\/wp-json\/wp\/v2\/media?parent=175"}],"curies":[{"name":"wp","href":"https:\/\/api.w.org\/{rel}","templated":true}]}}