{"id":198,"date":"2021-01-21T10:26:26","date_gmt":"2021-01-21T03:26:26","guid":{"rendered":"http:\/\/vilight.vn\/website\/?page_id=198"},"modified":"2023-06-21T11:28:45","modified_gmt":"2023-06-21T11:28:45","slug":"cac-dich-vu","status":"publish","type":"page","link":"https:\/\/vilight.vn\/website\/cac-dich-vu\/","title":{"rendered":"C\u00e1c d\u1ecbch v\u1ee5"},"content":{"rendered":"<h1>C\u00f4ng ty TNHH Vilight cung c\u1ea5p c\u00e1c d\u1ecbch v\u1ee5 trong c\u00e1c l\u0129nh v\u1ef1c sau :<\/h1>\n<p>justify<br \/>\nno-repeat;left top;;<br \/>\nauto<\/p>\n<h2>1. Chi\u1ebfu s\u00e1ng m\u1ef9 thu\u1eadt :<\/h2>\n<p>&#8211; Vilight cung c\u1ea5p c\u00e1c d\u1ecbch v\u1ee5 t\u01b0 v\u1ea5n thi\u1ebft k\u1ebf, thi c\u00f4ng x\u00e2y d\u1ef1ng, l\u1eadp tr\u00ecnh ho\u1ea1t \u0111\u1ed9ng cho c\u00e1c h\u1ec7 th\u1ed1ng chi\u1ebfu s\u00e1ng m\u1ef9 thu\u1eadt ph\u1ee9c t\u1ea1p.<\/p>\n<p>&#8211; C\u00e1c c\u00f4ng tr\u00ecnh chi\u1ebfu s\u00e1ng facade (chi\u1ebfu s\u00e1ng m\u1ef9 thu\u1eadt m\u1eb7t ti\u1ec1n c\u00f4ng tr\u00ecnh), t\u00f2a nh\u00e0, kh\u00e1ch s\u1ea1n, building hi\u1ec7n \u0111\u1ea1i.<\/p>\n<p>&#8211; Vilight thi\u1ebft k\u1ebf c\u00e1c h\u1ec7 th\u1ed1ng chi\u1ebfu s\u00e1ng m\u1ef9 thu\u1eadt cao c\u1ea5p theo tr\u01b0\u1eddng ph\u00e1p Ch\u00e2u \u00c2u.<\/p>\n<p>&#8211; Thi\u1ebft k\u1ebf c\u00e1c h\u1ec7 th\u1ed1ng \u0111\u00e8n trang tr\u00ed \u0111\u01b0\u1eddng ph\u1ed1, trang tr\u00ed \u0111\u00f4 th\u1ecb hi\u1ec7n \u0111\u1ea1i b\u1eb1ng LED Pixel 3D RGB hi\u1ec7u \u1ee9ng video<br \/>\njustify<br \/>\nno-repeat;left top;;<br \/>\nauto<\/p>\n<p><a href=\"https:\/\/vilight.vn\/website\/du-an-chieu-sang-my-thuat-da-thuc-hien\/\">C\u00e1c d\u1ef1 \u00e1n chi\u1ebfu s\u00e1ng m\u1ef9 thu\u1eadt \u0111\u00e3 th\u1ef1c hi\u1ec7n<\/a><\/p>\n<h2>Video m\u00f4 t\u1ea3 quy tr\u00ecnh th\u1ef1c hi\u1ec7n c\u00f4ng tr\u00ecnh chi\u1ebfu s\u00e1ng facade :<\/h2>\n<p>no-repeat;left top;;<br \/>\nauto<\/p>\n<p><div style=\"width: 640px;\" class=\"wp-video\"><video class=\"wp-video-shortcode\" id=\"video-198-1\" width=\"640\" height=\"360\" preload=\"metadata\" controls=\"controls\"><source type=\"video\/mp4\" src=\"https:\/\/vilight.vn\/website\/video\/quytrinhcsmt.mp4?_=1\" \/><a href=\"https:\/\/vilight.vn\/website\/video\/quytrinhcsmt.mp4\">https:\/\/vilight.vn\/website\/video\/quytrinhcsmt.mp4<\/a><\/video><\/div><br \/>\n1026<br \/>\n600<\/p>\n<h2>2. Chi\u1ebfu s\u00e1ng th\u00f4ng minh cho \u0110\u00f4 th\u1ecb, Khu d\u00e2n c\u01b0 :<\/h2>\n<p>Vilight l\u00e0 \u0111\u01a1n v\u1ecb c\u00f3 kinh nghi\u1ec7m h\u00e0ng \u0111\u1ea7u trong l\u0129nh v\u1ef1c chi\u1ebfu s\u00e1ng th\u00f4ng minh. C\u00e1c s\u1ea3n ph\u1ea9m c\u1ee7a Vilight \u0111\u00e3 \u0111\u01b0\u1ee3c tri\u1ec3n khai \u1edf nhi\u1ec1u \u0111\u1ecba ph\u01b0\u01a1ng tr\u00ean kh\u1eafp c\u1ea3 n\u01b0\u1edbc nh\u01b0 Tp.HCM, Quy Nh\u01a1n, C\u1ea7n Th\u01a1, Cam Ranh, Qu\u1ea3ng Nam, Ph\u00fa Y\u00ean, Hu\u1ebf, H\u00e0 T\u0129nh, Qu\u1ea3ng B\u00ecnh, Qu\u1ea3ng Tr\u1ecb &#8230;<\/p>\n<p>Vilight l\u00e0 \u0111\u01a1n v\u1ecb nghi\u00ean c\u1ee9u, s\u1ea3n xu\u1ea5t do \u0111\u00f3, ch\u00fang t\u00f4i c\u00f3 th\u1ec3 cung c\u1ea5p cho kh\u00e1ch h\u00e0ng c\u00e1c thi\u1ebft b\u1ecb \u0111\u01b0\u1ee3c thi\u1ebft k\u1ebf theo t\u1eebng d\u1ef1 \u00e1n, theo nhu c\u1ea7u s\u1eed d\u1ee5ng&#8230;<\/p>\n<p>H\u1ec7 th\u1ed1ng chi\u1ebfu s\u00e1ng th\u00f4ng minh s\u1eed d\u1ee5ng c\u00f4ng ngh\u1ec7 v\u00f4 tuy\u1ebfn, 3G\/4G\/5G k\u1ebft h\u1ee3p v\u1edbi s\u00f3ng RF, Zigbe, Lora &#8230; \u0111\u1ea3m b\u1ea3o t\u00ednh hi\u1ec7n \u0111\u1ea1i, ti\u1ebft ki\u1ec7m chi ph\u00ed.<br \/>\njustify<br \/>\nno-repeat;left top;;<br \/>\nauto<\/p>\n<p><a href=\"https:\/\/vilight.vn\/website\/du-an-chieu-sang-thong-minh-do-vilight-thuc-hien\/\">C\u00e1c d\u1ef1 \u00e1n chi\u1ebfu s\u00e1ng th\u00f4ng minh do Viight tri\u1ec3n khai th\u1ef1c hi\u1ec7n<\/a><\/p>\n<h2>Th\u00f4ng tin b\u00e1o ch\u00ed :<\/h2>\n<p><a href=\"https:\/\/www.sggp.org.vn\/hieu-qua-voi-he-thong-dieu-khien-chieu-sang-thong-minh-vilight-695585.html\">&#8211; B\u00e1o S\u00e0i G\u00f2n Gi\u1ea3i Ph\u00f3ng<\/a><\/p>\n<p><a href=\"http:\/\/www.htv.com.vn\/chieu-sang-thong-minh-trong-do-thi-thong-minh-40\">&#8211; \u0110\u00e0i truy\u1ec1n h\u00ecnh Th\u00e0nh ph\u1ed1 H\u1ed3 Ch\u00ed Minh<\/a><\/p>\n<p><a href=\"http:\/\/ictawards.ict-hcm.gov.vn\/tintuc\/default.aspx?Source=%2ftintuc&amp;Category=T%e1%bb%94NG+K%e1%ba%beT+GI%e1%ba%a2I+TH%c6%af%e1%bb%9eNG+CNTT&amp;ItemID=1303&amp;Mode=1\">&#8211; Gi\u1ea3i th\u01b0\u1edfng c\u00f4ng ngh\u1ec7 th\u00f4ng tin truy\u1ec1n th\u00f4ng l\u1ea7n th\u1ee9 11 n\u0103m 2019<\/a><\/p>\n<h2>Ph\u00f3ng s\u1ef1 v\u1ec1 h\u1ec7 th\u1ed1ng chi\u1ebfu s\u00e1ng th\u00f4ng minh Vilight &#8211; do HTV th\u1ef1c hi\u1ec7n :<\/h2>\n<p>no-repeat;left top;;<br \/>\nauto<\/p>\n<p><div style=\"width: 640px;\" class=\"wp-video\"><video class=\"wp-video-shortcode\" id=\"video-198-2\" width=\"640\" height=\"360\" preload=\"metadata\" controls=\"controls\"><source type=\"video\/mp4\" src=\"https:\/\/vilight.vn\/website\/video\/chieusangthongminhHTV.mp4?_=2\" \/><a href=\"https:\/\/vilight.vn\/website\/video\/chieusangthongminhHTV.mp4\">https:\/\/vilight.vn\/website\/video\/chieusangthongminhHTV.mp4<\/a><\/video><\/div><br \/>\n1024<br \/>\n600<\/p>\n<h2>3. \u0110\u00e8n chi\u1ebfu s\u00e1ng m\u1ef9 thu\u1eadt chuy\u00ean d\u1ee5ng :<\/h2>\n<p>Vilight cung c\u1ea5p c\u00e1c s\u1ea3n ph\u1ea9m chi\u1ebfu s\u00e1ng chuy\u00ean d\u1ee5ng, \u0111\u00e8n chi\u1ebfu s\u00e1ng facade, \u0111\u00e8n LED Pixel 3D RGB DMX512 hi\u1ec7n \u0111\u1ea1i, \u0111\u1ed9c \u0111\u00e1o, \u0111\u00e8n chi\u1ebfu s\u00e1ng s\u00e2n v\u01b0\u1eddn, \u0111\u00e8n trang tr\u00ed c\u1ea3nh quan&#8230;. V\u1edbi kinh nghi\u1ec7m ho\u1ea1t \u0111\u1ed9ng trong l\u0129nh v\u1ef1c chi\u1ebfu s\u00e1ng nhi\u1ec1u n\u0103m, ch\u00fang t\u00f4i cung c\u1ea5p c\u00e1c s\u1ea3n ph\u1ea9m chi\u1ebfu s\u00e1ng chuy\u00ean nghi\u1ec7p, v\u1edbi hi\u1ec7u \u1ee9ng \u00e1nh s\u00e1ng \u0111\u1ed9c \u0111\u00e1o, t\u00ednh n\u0103ng k\u1ef9 thu\u1eadt hi\u1ec7n \u0111\u1ea1i.<\/p>\n<h3><a href=\"https:\/\/vilight.vn\/website\/vilight-dai-ly-den-meyer-duc\/\">Vilight hi\u1ec7n \u0111ang l\u00e0 \u0111\u1ea1i l\u00fd Meyer Lighting : <\/a><\/h3>\n<p>&#8211; Meyer l\u00e0 h\u00e3ng \u0111\u00e8n chuy\u00ean nghi\u1ec7p h\u00e0ng \u0111\u1ea7u th\u1ebf gi\u1edbi, tr\u1ee5 s\u1edf t\u1ea1i \u0110\u1ee9c, chuy\u00ean cung c\u1ea5p c\u00e1c s\u1ea3n ph\u1ea9m chi\u1ebfu s\u00e1ng m\u1ef9 thu\u1eadt v\u1edbi k\u1ef9 thu\u1eadt cao, tu\u1ed5i th\u1ecd v\u01b0\u1ee3t tr\u1ed9i.<\/p>\n<p>&#8211; T\u1eeb n\u0103m 2017 \u0111\u1ebfn nay, Vilight l\u00e0 \u0111\u1ea1i l\u00fd Meyer Lighting, Chuy\u00ean t\u01b0 v\u1ea5n thi\u1ebft k\u1ebf, cung c\u1ea5p, l\u1eafp \u0111\u1eb7t c\u00e1c s\u1ea3n ph\u1ea9m c\u1ee7a Meyer Lighting t\u1ea1i th\u1ecb tr\u01b0\u1eddng Vi\u1ec7t Nam.<br \/>\njustify<br \/>\nno-repeat;left top;;<br \/>\nauto<\/p>\n<p><img decoding=\"async\" data-src=\"https:\/\/vilight.vn\/website\/wp-content\/uploads\/2021\/01\/MEYER1.jpg\" alt=\"MEYER1\" src=\"data:image\/svg+xml;base64,PHN2ZyB3aWR0aD0iMSIgaGVpZ2h0PSIxIiB4bWxucz0iaHR0cDovL3d3dy53My5vcmcvMjAwMC9zdmciPjwvc3ZnPg==\" class=\"lazyload\" style=\"--smush-placeholder-width: 1155px; --smush-placeholder-aspect-ratio: 1155\/1322;\" \/><br \/>\nfull<br \/>\ncenter<br \/>\nCh\u1ee9ng nh\u1eadn \u0111\u1ea1i l\u00fd c\u1ee7a Meyer Lighting c\u1ea5p cho Vilight<br \/>\n\u0111\u1ea1i l\u00fd Meyer Lighting &#8211; Ch\u1ee9ng nh\u1eadn \u0111\u1ea1i l\u00fd<\/p>\n<h3><a href=\"https:\/\/vilight.vn\/website\/vilight-dai-ly-den-sides-italia\/\">Vilight c\u0169ng l\u00e0 \u0111\u1ea1i l\u00fd c\u1ee7a Sidespa &#8211; Italia<\/a><\/h3>\n<p>justify<br \/>\nno-repeat;left top;;<br \/>\nauto<\/p>\n<p><img decoding=\"async\" data-src=\"https:\/\/vilight.vn\/website\/wp-content\/uploads\/2021\/01\/sidelighting.png\" alt=\"sidelighting\" src=\"data:image\/svg+xml;base64,PHN2ZyB3aWR0aD0iMSIgaGVpZ2h0PSIxIiB4bWxucz0iaHR0cDovL3d3dy53My5vcmcvMjAwMC9zdmciPjwvc3ZnPg==\" class=\"lazyload\" \/><br \/>\nfull<br \/>\ncenter<br \/>\nCh\u1ee9ng nh\u1eadn \u0111\u1ea1i l\u00fd c\u1ee7aSidespa Lighting c\u1ea5p cho Vilight<\/p>\n<h3><a href=\"https:\/\/vilight.vn\/website\/dai-ly-doc-quyen-shled\/\">Vilight l\u00e0 \u0111\u1ea1i l\u00fd \u0111\u1ed9c quy\u1ec1n c\u1ee7a SHLED<\/a> chuy\u00ean cung c\u1ea5p c\u00e1c s\u1ea3n ph\u1ea9m LED Pixel, LED \u0111i\u1ec3m, LED 3D :<\/h3>\n<p>justify<br \/>\nno-repeat;left top;;<br \/>\nauto<\/p>\n<h2>4. Ph\u1ea7n m\u1ec1m qu\u1ea3n l\u00fd d\u1eef li\u1ec7u h\u1ea1 t\u1ea7ng k\u1ef9 thu\u1eadt :<\/h2>\n<p>Vilight cung c\u1ea5p c\u00e1c gi\u1ea3i ph\u00e1p s\u1ed1 h\u00f3a, qu\u1ea3n l\u00fd d\u1eef li\u1ec7u h\u1ea1 t\u1ea7ng k\u1ef9 thu\u1eadt (c\u00e2y xanh, chi\u1ebfu s\u00e1ng, b\u1ea3ng th\u00f4ng tin \u0111i\u1ec7n t\u1eed, b\u1ea3ng th\u00f4ng tin giao th\u00f4ng&#8230;) tr\u00ean n\u1ec1n b\u1ea3n \u0111\u1ed3 GIS. Ph\u1ea7n m\u1ec1m cung c\u1ea5p c\u00e1c ch\u1ee9c n\u0103ng qu\u1ea3n l\u00fd chuy\u00ean s\u00e2u, ph\u1ee5c v\u1ee5 c\u00f4ng t\u00e1c qu\u1ea3n l\u00fd, duy tu, b\u1ea3o d\u01b0\u1ee1ng v\u00e0 v\u1eadn h\u00e0nh h\u1ec7 th\u1ed1ng h\u1ea1 t\u1ea7ng k\u1ef9 thu\u1eadt<\/p>\n<p>justify<br \/>\nno-repeat;left top;;<br \/>\nauto<\/p>\n<p><img decoding=\"async\" data-src=\"https:\/\/vilight.vn\/website\/wp-content\/uploads\/2021\/01\/SM.jpg\" alt=\"SM\" src=\"data:image\/svg+xml;base64,PHN2ZyB3aWR0aD0iMSIgaGVpZ2h0PSIxIiB4bWxucz0iaHR0cDovL3d3dy53My5vcmcvMjAwMC9zdmciPjwvc3ZnPg==\" class=\"lazyload\" style=\"--smush-placeholder-width: 1240px; --smush-placeholder-aspect-ratio: 1240\/671;\" \/><br \/>\nfull<br \/>\nPh\u1ea7n m\u1ec1m \u0111i\u1ec1u khi\u1ec3n chi\u1ebfu s\u00e1ng th\u00f4ng minh Smartware<\/p>\n","protected":false},"excerpt":{"rendered":"<p>C\u00f4ng ty TNHH Vilight cung c\u1ea5p c\u00e1c d\u1ecbch v\u1ee5 trong c\u00e1c l\u0129nh v\u1ef1c sau : justify no-repeat;left top;; auto 1. Chi\u1ebfu s\u00e1ng m\u1ef9 thu\u1eadt : &#8211; Vilight cung c\u1ea5p c\u00e1c d\u1ecbch v\u1ee5 t\u01b0 v\u1ea5n thi\u1ebft k\u1ebf, thi c\u00f4ng x\u00e2y d\u1ef1ng, l\u1eadp tr\u00ecnh ho\u1ea1t \u0111\u1ed9ng cho c\u00e1c h\u1ec7 th\u1ed1ng chi\u1ebfu s\u00e1ng<span class=\"excerpt-hellip\"> [\u2026]<\/span><\/p>\n","protected":false},"author":2,"featured_media":0,"parent":0,"menu_order":0,"comment_status":"closed","ping_status":"closed","template":"","meta":{"footnotes":""},"class_list":["post-198","page","type-page","status-publish","hentry"],"yoast_head":"<!-- This site is optimized with the Yoast SEO Premium plugin v27.4 (Yoast SEO v27.4) - https:\/\/yoast.com\/product\/yoast-seo-premium-wordpress\/ -->\n<title>Chi\u1ebfu s\u00e1ng Facade, Chi\u1ebfu S\u00e1ng Th\u00f4ng Minh, LED Pixel 3D RGB DMX512<\/title>\n<meta name=\"description\" content=\"chi\u1ebfu s\u00e1ng th\u00f4ng minh, chi\u1ebfu s\u00e1ng m\u1ef9 thu\u1eadt, chi\u1ebfu s\u00e1ng facade,\u0111\u1ea1i l\u00fd Meyer lighting (\u0110\u1ee9c), Sidespa (Italia), \u0110\u1ea1i l\u00fd SHLED, \u0111\u00e8n LED Pixel\" \/>\n<meta name=\"robots\" content=\"index, follow, max-snippet:-1, max-image-preview:large, max-video-preview:-1\" \/>\n<link rel=\"canonical\" href=\"https:\/\/vilight.vn\/website\/cac-dich-vu\/\" \/>\n<meta property=\"og:locale\" content=\"vi_VN\" \/>\n<meta property=\"og:type\" content=\"article\" \/>\n<meta property=\"og:title\" content=\"C\u00e1c d\u1ecbch v\u1ee5\" \/>\n<meta property=\"og:description\" content=\"C\u00f4ng ty TNHH Vilight cung c\u1ea5p c\u00e1c d\u1ecbch v\u1ee5 trong c\u00e1c l\u0129nh v\u1ef1c sau : justify no-repeat;left top;; auto 1. Chi\u1ebfu s\u00e1ng m\u1ef9 thu\u1eadt : - Vilight cung c\u1ea5p c\u00e1c d\u1ecbch\" \/>\n<meta property=\"og:url\" content=\"https:\/\/vilight.vn\/website\/cac-dich-vu\/\" \/>\n<meta property=\"og:site_name\" content=\"Vilight Co.ltd\" \/>\n<meta property=\"article:publisher\" content=\"http:\/\/facebook.com\/vilight.vn\" \/>\n<meta property=\"article:modified_time\" content=\"2023-06-21T11:28:45+00:00\" \/>\n<meta property=\"og:image\" content=\"http:\/\/vilight.vn\/website\/wp-content\/uploads\/2021\/01\/MEYER1.jpg\" \/>\n<meta name=\"twitter:card\" content=\"summary_large_image\" \/>\n<meta name=\"twitter:label1\" content=\"\u01af\u1edbc t\u00ednh th\u1eddi gian \u0111\u1ecdc\" \/>\n\t<meta name=\"twitter:data1\" content=\"5 ph\u00fat\" \/>\n<script type=\"application\/ld+json\" class=\"yoast-schema-graph\">{\"@context\":\"https:\\\/\\\/schema.org\",\"@graph\":[{\"@type\":\"WebPage\",\"@id\":\"https:\\\/\\\/vilight.vn\\\/website\\\/cac-dich-vu\\\/\",\"url\":\"https:\\\/\\\/vilight.vn\\\/website\\\/cac-dich-vu\\\/\",\"name\":\"Chi\u1ebfu s\u00e1ng Facade, Chi\u1ebfu S\u00e1ng Th\u00f4ng Minh, LED Pixel 3D RGB DMX512\",\"isPartOf\":{\"@id\":\"https:\\\/\\\/vilight.vn\\\/website\\\/#website\"},\"primaryImageOfPage\":{\"@id\":\"https:\\\/\\\/vilight.vn\\\/website\\\/cac-dich-vu\\\/#primaryimage\"},\"image\":{\"@id\":\"https:\\\/\\\/vilight.vn\\\/website\\\/cac-dich-vu\\\/#primaryimage\"},\"thumbnailUrl\":\"http:\\\/\\\/vilight.vn\\\/website\\\/wp-content\\\/uploads\\\/2021\\\/01\\\/MEYER1.jpg\",\"datePublished\":\"2021-01-21T03:26:26+00:00\",\"dateModified\":\"2023-06-21T11:28:45+00:00\",\"description\":\"chi\u1ebfu s\u00e1ng th\u00f4ng minh, chi\u1ebfu s\u00e1ng m\u1ef9 thu\u1eadt, chi\u1ebfu s\u00e1ng facade,\u0111\u1ea1i l\u00fd Meyer lighting (\u0110\u1ee9c), Sidespa (Italia), \u0110\u1ea1i l\u00fd SHLED, \u0111\u00e8n LED Pixel\",\"breadcrumb\":{\"@id\":\"https:\\\/\\\/vilight.vn\\\/website\\\/cac-dich-vu\\\/#breadcrumb\"},\"inLanguage\":\"vi\",\"potentialAction\":[{\"@type\":\"ReadAction\",\"target\":[\"https:\\\/\\\/vilight.vn\\\/website\\\/cac-dich-vu\\\/\"]}]},{\"@type\":\"ImageObject\",\"inLanguage\":\"vi\",\"@id\":\"https:\\\/\\\/vilight.vn\\\/website\\\/cac-dich-vu\\\/#primaryimage\",\"url\":\"http:\\\/\\\/vilight.vn\\\/website\\\/wp-content\\\/uploads\\\/2021\\\/01\\\/MEYER1.jpg\",\"contentUrl\":\"http:\\\/\\\/vilight.vn\\\/website\\\/wp-content\\\/uploads\\\/2021\\\/01\\\/MEYER1.jpg\"},{\"@type\":\"BreadcrumbList\",\"@id\":\"https:\\\/\\\/vilight.vn\\\/website\\\/cac-dich-vu\\\/#breadcrumb\",\"itemListElement\":[{\"@type\":\"ListItem\",\"position\":1,\"name\":\"Home\",\"item\":\"https:\\\/\\\/vilight.vn\\\/website\\\/\"},{\"@type\":\"ListItem\",\"position\":2,\"name\":\"C\u00e1c d\u1ecbch v\u1ee5\"}]},{\"@type\":\"WebSite\",\"@id\":\"https:\\\/\\\/vilight.vn\\\/website\\\/#website\",\"url\":\"https:\\\/\\\/vilight.vn\\\/website\\\/\",\"name\":\"Vilight Co.ltd\",\"description\":\"Chi\u1ebfu s\u00e1ng m\u1ef9 thu\u1eadt, chi\u1ebfu s\u00e1ng th\u00f4ng minh, LED Pixel 3D, chi\u1ebfu s\u00e1ng trang tr\u00ed \u0111\u00f4 th\u1ecb, chi\u1ebfu s\u00e1ng v\u00f2ng xoay, chi\u1ebfu s\u00e1ng \u0111\u1ea3o giao th\u00f4ng, c\u1ed5ng ch\u00e0o \u0111\u00f4 th\u1ecb\",\"publisher\":{\"@id\":\"https:\\\/\\\/vilight.vn\\\/website\\\/#organization\"},\"potentialAction\":[{\"@type\":\"SearchAction\",\"target\":{\"@type\":\"EntryPoint\",\"urlTemplate\":\"https:\\\/\\\/vilight.vn\\\/website\\\/?s={search_term_string}\"},\"query-input\":{\"@type\":\"PropertyValueSpecification\",\"valueRequired\":true,\"valueName\":\"search_term_string\"}}],\"inLanguage\":\"vi\"},{\"@type\":\"Organization\",\"@id\":\"https:\\\/\\\/vilight.vn\\\/website\\\/#organization\",\"name\":\"Vilight\",\"url\":\"https:\\\/\\\/vilight.vn\\\/website\\\/\",\"logo\":{\"@type\":\"ImageObject\",\"inLanguage\":\"vi\",\"@id\":\"https:\\\/\\\/vilight.vn\\\/website\\\/#\\\/schema\\\/logo\\\/image\\\/\",\"url\":\"https:\\\/\\\/vilight.vn\\\/website\\\/wp-content\\\/uploads\\\/2022\\\/05\\\/chieu_sang_trang_tri_do_thi_bang_den_led_pixel.png\",\"contentUrl\":\"https:\\\/\\\/vilight.vn\\\/website\\\/wp-content\\\/uploads\\\/2022\\\/05\\\/chieu_sang_trang_tri_do_thi_bang_den_led_pixel.png\",\"width\":800,\"height\":427,\"caption\":\"Vilight\"},\"image\":{\"@id\":\"https:\\\/\\\/vilight.vn\\\/website\\\/#\\\/schema\\\/logo\\\/image\\\/\"},\"sameAs\":[\"http:\\\/\\\/facebook.com\\\/vilight.vn\",\"https:\\\/\\\/www.linkedin.com\\\/company\\\/vilight-vn\",\"https:\\\/\\\/www.youtube.com\\\/channel\\\/UCEwR2naeDcuarMX1kSv_rLQ\\\/videos\"]}]}<\/script>\n<!-- \/ Yoast SEO Premium plugin. -->","yoast_head_json":{"title":"Chi\u1ebfu s\u00e1ng Facade, Chi\u1ebfu S\u00e1ng Th\u00f4ng Minh, LED Pixel 3D RGB DMX512","description":"chi\u1ebfu s\u00e1ng th\u00f4ng minh, chi\u1ebfu s\u00e1ng m\u1ef9 thu\u1eadt, chi\u1ebfu s\u00e1ng facade,\u0111\u1ea1i l\u00fd Meyer lighting (\u0110\u1ee9c), Sidespa (Italia), \u0110\u1ea1i l\u00fd SHLED, \u0111\u00e8n LED Pixel","robots":{"index":"index","follow":"follow","max-snippet":"max-snippet:-1","max-image-preview":"max-image-preview:large","max-video-preview":"max-video-preview:-1"},"canonical":"https:\/\/vilight.vn\/website\/cac-dich-vu\/","og_locale":"vi_VN","og_type":"article","og_title":"C\u00e1c d\u1ecbch v\u1ee5","og_description":"C\u00f4ng ty TNHH Vilight cung c\u1ea5p c\u00e1c d\u1ecbch v\u1ee5 trong c\u00e1c l\u0129nh v\u1ef1c sau : justify no-repeat;left top;; auto 1. Chi\u1ebfu s\u00e1ng m\u1ef9 thu\u1eadt : - Vilight cung c\u1ea5p c\u00e1c d\u1ecbch","og_url":"https:\/\/vilight.vn\/website\/cac-dich-vu\/","og_site_name":"Vilight Co.ltd","article_publisher":"http:\/\/facebook.com\/vilight.vn","article_modified_time":"2023-06-21T11:28:45+00:00","og_image":[{"url":"http:\/\/vilight.vn\/website\/wp-content\/uploads\/2021\/01\/MEYER1.jpg","type":"","width":"","height":""}],"twitter_card":"summary_large_image","twitter_misc":{"\u01af\u1edbc t\u00ednh th\u1eddi gian \u0111\u1ecdc":"5 ph\u00fat"},"schema":{"@context":"https:\/\/schema.org","@graph":[{"@type":"WebPage","@id":"https:\/\/vilight.vn\/website\/cac-dich-vu\/","url":"https:\/\/vilight.vn\/website\/cac-dich-vu\/","name":"Chi\u1ebfu s\u00e1ng Facade, Chi\u1ebfu S\u00e1ng Th\u00f4ng Minh, LED Pixel 3D RGB DMX512","isPartOf":{"@id":"https:\/\/vilight.vn\/website\/#website"},"primaryImageOfPage":{"@id":"https:\/\/vilight.vn\/website\/cac-dich-vu\/#primaryimage"},"image":{"@id":"https:\/\/vilight.vn\/website\/cac-dich-vu\/#primaryimage"},"thumbnailUrl":"http:\/\/vilight.vn\/website\/wp-content\/uploads\/2021\/01\/MEYER1.jpg","datePublished":"2021-01-21T03:26:26+00:00","dateModified":"2023-06-21T11:28:45+00:00","description":"chi\u1ebfu s\u00e1ng th\u00f4ng minh, chi\u1ebfu s\u00e1ng m\u1ef9 thu\u1eadt, chi\u1ebfu s\u00e1ng facade,\u0111\u1ea1i l\u00fd Meyer lighting (\u0110\u1ee9c), Sidespa (Italia), \u0110\u1ea1i l\u00fd SHLED, \u0111\u00e8n LED Pixel","breadcrumb":{"@id":"https:\/\/vilight.vn\/website\/cac-dich-vu\/#breadcrumb"},"inLanguage":"vi","potentialAction":[{"@type":"ReadAction","target":["https:\/\/vilight.vn\/website\/cac-dich-vu\/"]}]},{"@type":"ImageObject","inLanguage":"vi","@id":"https:\/\/vilight.vn\/website\/cac-dich-vu\/#primaryimage","url":"http:\/\/vilight.vn\/website\/wp-content\/uploads\/2021\/01\/MEYER1.jpg","contentUrl":"http:\/\/vilight.vn\/website\/wp-content\/uploads\/2021\/01\/MEYER1.jpg"},{"@type":"BreadcrumbList","@id":"https:\/\/vilight.vn\/website\/cac-dich-vu\/#breadcrumb","itemListElement":[{"@type":"ListItem","position":1,"name":"Home","item":"https:\/\/vilight.vn\/website\/"},{"@type":"ListItem","position":2,"name":"C\u00e1c d\u1ecbch v\u1ee5"}]},{"@type":"WebSite","@id":"https:\/\/vilight.vn\/website\/#website","url":"https:\/\/vilight.vn\/website\/","name":"Vilight Co.ltd","description":"Chi\u1ebfu s\u00e1ng m\u1ef9 thu\u1eadt, chi\u1ebfu s\u00e1ng th\u00f4ng minh, LED Pixel 3D, chi\u1ebfu s\u00e1ng trang tr\u00ed \u0111\u00f4 th\u1ecb, chi\u1ebfu s\u00e1ng v\u00f2ng xoay, chi\u1ebfu s\u00e1ng \u0111\u1ea3o giao th\u00f4ng, c\u1ed5ng ch\u00e0o \u0111\u00f4 th\u1ecb","publisher":{"@id":"https:\/\/vilight.vn\/website\/#organization"},"potentialAction":[{"@type":"SearchAction","target":{"@type":"EntryPoint","urlTemplate":"https:\/\/vilight.vn\/website\/?s={search_term_string}"},"query-input":{"@type":"PropertyValueSpecification","valueRequired":true,"valueName":"search_term_string"}}],"inLanguage":"vi"},{"@type":"Organization","@id":"https:\/\/vilight.vn\/website\/#organization","name":"Vilight","url":"https:\/\/vilight.vn\/website\/","logo":{"@type":"ImageObject","inLanguage":"vi","@id":"https:\/\/vilight.vn\/website\/#\/schema\/logo\/image\/","url":"https:\/\/vilight.vn\/website\/wp-content\/uploads\/2022\/05\/chieu_sang_trang_tri_do_thi_bang_den_led_pixel.png","contentUrl":"https:\/\/vilight.vn\/website\/wp-content\/uploads\/2022\/05\/chieu_sang_trang_tri_do_thi_bang_den_led_pixel.png","width":800,"height":427,"caption":"Vilight"},"image":{"@id":"https:\/\/vilight.vn\/website\/#\/schema\/logo\/image\/"},"sameAs":["http:\/\/facebook.com\/vilight.vn","https:\/\/www.linkedin.com\/company\/vilight-vn","https:\/\/www.youtube.com\/channel\/UCEwR2naeDcuarMX1kSv_rLQ\/videos"]}]}},"_links":{"self":[{"href":"https:\/\/vilight.vn\/website\/wp-json\/wp\/v2\/pages\/198","targetHints":{"allow":["GET"]}}],"collection":[{"href":"https:\/\/vilight.vn\/website\/wp-json\/wp\/v2\/pages"}],"about":[{"href":"https:\/\/vilight.vn\/website\/wp-json\/wp\/v2\/types\/page"}],"author":[{"embeddable":true,"href":"https:\/\/vilight.vn\/website\/wp-json\/wp\/v2\/users\/2"}],"replies":[{"embeddable":true,"href":"https:\/\/vilight.vn\/website\/wp-json\/wp\/v2\/comments?post=198"}],"version-history":[{"count":1,"href":"https:\/\/vilight.vn\/website\/wp-json\/wp\/v2\/pages\/198\/revisions"}],"predecessor-version":[{"id":3842,"href":"https:\/\/vilight.vn\/website\/wp-json\/wp\/v2\/pages\/198\/revisions\/3842"}],"wp:attachment":[{"href":"https:\/\/vilight.vn\/website\/wp-json\/wp\/v2\/media?parent=198"}],"curies":[{"name":"wp","href":"https:\/\/api.w.org\/{rel}","templated":true}]}}