{"id":2069,"date":"2021-07-10T20:44:36","date_gmt":"2021-07-10T13:44:36","guid":{"rendered":"https:\/\/vilight.vn\/website\/?page_id=2069"},"modified":"2022-06-24T16:34:08","modified_gmt":"2022-06-24T09:34:08","slug":"blogs","status":"publish","type":"page","link":"https:\/\/vilight.vn\/website\/blogs\/","title":{"rendered":"Blogs"},"content":{"rendered":"<h1>chi\u1ebfu s\u00e1ng th\u00f4ng minh, chi\u1ebfu s\u00e1ng m\u1ef9 thu\u1eadt, \u00a0LED Pixel, LED trang tr\u00ed l\u1ec5 h\u1ed9i :<\/h1>\n<p><bR><\/p>\n<h2>Trang tr\u00ed \u0111\u01b0\u1eddng ph\u1ed1 :<\/h2>\n<p><BR><br \/>\nLED trang tr\u00ed \u0111\u01b0\u1eddng ph\u1ed1 do Vilight cung c\u1ea5p c\u00f3 c\u00e1c \u01b0u \u0111i\u1ec3m :<BR><\/p>\n<ul>\n<li>C\u01b0\u1eddng \u0111\u1ed9 \u00e1nh s\u00e1ng cao.<\/li>\n<li>L\u1eafp \u0111\u1eb7t d\u1ec5 d\u00e0ng.<\/li>\n<li>M\u00e0u s\u1eafc \u0111a d\u1ea1ng.<\/li>\n<li>\u0110\u1ed9 ho\u00e0n m\u00e0u cao<\/li>\n<li>M\u00e0u s\u1eafc trung th\u1ef1c.<\/li>\n<li>Tu\u1ed5i th\u1ecd cao.<\/li>\n<li>D\u1ec5 l\u1eadp tr\u00ecnh.<\/li>\n<li>D\u1ec5 \u1ee9ng d\u1ee5ng.<\/li>\n<\/ul>\n<h2>LED g\u1eafn c\u1ed9t \u0111i\u1ec7n :<\/h2>\n<ul>\n<li>G\u1eafn d\u1ecdc th\u00e2n c\u1ed9t \u0111i\u1ec7n.<\/li>\n<li>Ch\u1ea1y c\u00e1c hi\u1ec7u \u1ee9ng \u0111\u1ed5i m\u00e0u.<\/li>\n<li>Ch\u1ea1y c\u00e1c hi\u1ec7u \u1ee9ng sinh \u0111\u1ed9ng.<\/li>\n<li>M\u00e0u s\u1eafc sinh \u0111\u1ed9ng.<\/li>\n<\/ul>\n<h2>LED trang tr\u00ed l\u1ec5 h\u1ed9i :<\/h2>\n<ul>\n<li>S\u1eed d\u1ee5ng \u00e1nh s\u00e1ng \u0111\u1ea7y m\u00e0u s\u1eafc cho l\u1ec5 h\u1ed9i.<\/li>\n<li>\u0110\u00e8n treo tr\u00ean c\u00e2y xanh.<\/li>\n<li>\u0110\u00e8n treo tr\u00ean c\u1ed9t \u0111i\u1ec7n.<\/li>\n<li>\u0110\u00e8n g\u1eafn tr\u00ean c\u00e1c k\u1ebft c\u1ea5u trang tr\u00ed.<\/li>\n<li>C\u00e1c lo\u1ea1i \u0111\u00e8n s\u1ee3i quang.<\/li>\n<li>C\u00e1c lo\u1ea1i \u0111\u00e8n LED Pixel.<\/li>\n<\/ul>\n<h2>TRANGTR\u00cdC\u00d4NG VI\u00caN :<\/h2>\n<p><BR><\/p>\n<ul>\n<li>Chi\u1ebfu s\u00e1ng trang tr\u00ed c\u00f4ng vi\u00ean.<\/li>\n<li>Chi\u1ebfu s\u00e1ng c\u00e2y xanh.<\/li>\n<li>Chi\u1ebfu s\u00e1ng l\u1ed1i \u0111i b\u1ed9.<\/li>\n<li>Chi\u1ebfu s\u00e1ng ti\u1ec3u c\u1ea3nh non b\u1ed9.<\/li>\n<li>Chi\u1ebfu s\u00e1ng bi\u1ec3u t\u01b0\u1ee3ng.<\/li>\n<\/ul>\n<h2>TRANGTR\u00cdC\u1ed4NG CH\u00c0O\u00a0 :<\/h2>\n<p><BR><\/p>\n<ul>\n<li>Full Color RGB.<\/li>\n<li>Trang tr\u00ed c\u1ed5ng ch\u00e0o \u0111\u00f4 th\u1ecb.<\/li>\n<li>Trang tr\u00ed c\u1ed5ng ch\u00e0o khu d\u00e2n c\u01b0.<\/li>\n<li>Trang tr\u00ed c\u1ed5ng ch\u00e0o khu c\u00f4ng nghi\u1ec7p.<\/li>\n<\/ul>\n<h2>Trang tr\u00ed l\u1ec5 h\u1ed9i :<\/h2>\n<p><BR><br \/>\nTrang tr\u00ed l\u1ec5 h\u1ed9i b\u1eb1ng c\u00e1c c\u00f4ng ngh\u1ec7 \u00e1nh s\u00e1ng lED m\u1edbi.<BR><br \/>\nv\u1edbi nhi\u1ec1u t\u1ea1o h\u00ecnh sinh \u0111\u1ed9ng, s\u00e1ng t\u1ea1o, t\u1ea1o n\u00ean kh\u00f4ng gian cu\u1ed1n h\u00fat, ph\u1ea5n kh\u1edfi cho ng\u01b0\u1eddi tham quan.<\/p>\n<p>&nbsp;<\/p>\n<p><a href=\"https:\/\/vilight.vn\/website\/du-an-chieu-sang-trang-tri\/\">Chi\u1ebfu s\u00e1ng trang tr\u00ed :<\/a><\/p>\n<p><a href=\"https:\/\/vilight.vn\/website\/trang-tri-vong-xoay-bang-led-tuy-hoa-phu-yen\/\">Trang tr\u00ed v\u00f2ng xoay<\/a><\/p>\n<p><strong>C\u00e1c lo\u1ea1i \u0111\u00e8n LED Pixel, led 3d ball, led \u0111i\u1ec3m k\u1ebft n\u1ed1i, \u0111i\u1ec1u khi\u1ec3n v\u00e0 l\u1eadp tr\u00ecnh b\u1eb1ng DMX512.<\/strong><\/p>\n<p><em>D\u00e0nh\u00a0th\u1eddi\u00a0gian\u00a0c\u1ee7a\u00a0b\u1ea1n\u00a0\u0111\u1ec3\u00a0t\u1ea1o\u00a0n\u00ean\u00a0m\u1ed9t\u00a0b\u1ea7u\u00a0kh\u00f4ng\u00a0kh\u00ed\u00a0ph\u00f9\u00a0h\u1ee3p\u00a0v\u1edbi\u00a0l\u1ec5 h\u1ed9i <\/em><\/p>\n<h4>v\u1edbi\u00a0nh\u1eefng\u00a0chi\u1ebfc\u00a0\u0111\u00e8n\u00a0<span class=\"wrapped token\">LED <\/span>kh\u00e1c\u00a0nhau\u00a0v\u00f4\u00a0c\u00f9ng\u00a0\u0111\u01a1n\u00a0gi\u1ea3n\u00a0v\u00e0\u00a0d\u1ec5\u00a0l\u1eafp\u00a0\u0111\u1eb7t.<br \/>\nB\u1ea1n\u00a0c\u00f3\u00a0th\u1ec3\u00a0mang\u00a0\u0111\u1ebfn\u00a0s\u1ef1\u00a0b\u00ed\u00a0\u1ea9n\u00a0ngay\u00a0t\u1eeb\u00a0b\u00ean\u00a0ngo\u00e0i\u00a0ng\u00f4i\u00a0nh\u00e0\u00a0c\u1ee7a\u00a0m\u00ecnh\u00a0v\u00e0\u00a0t\u1ea1o\u00a0s\u1ef1\u00a0th\u00edch\u00a0th\u00fa\u00a0cho\u00a0ng\u01b0\u1eddi\u00a0l\u1edbn\u00a0l\u1eabn\u00a0tr\u1ebb\u00a0nh\u1ecf\u00a0v\u1edbi\u00a0ch\u00f9m\u00a0s\u00e1ng\u00a0m\u00e0u\u00a0cam\u00a0ch\u00f3i\u00a0l\u00f3a,\u00a0r\u1ef1c\u00a0l\u1eeda,\u00a0ch\u00e0o\u00a0\u0111\u00f3n\u00a0nh\u1eefng\u00a0v\u1ecb\u00a0kh\u00e1ch\u00a0\u0111ang\u00a0chu\u1ea9n\u00a0b\u1ecb\u00a0ti\u1ebfn\u00a0v\u00e0o\u00a0c\u1ed5ng\u00a0nh\u00e0.\u00a0<BR><em>T\u1ea5t\u00a0c\u1ea3\u00a0vi\u1ec7c\u00a0b\u1ea1n\u00a0ph\u1ea3i\u00a0l\u00e0m\u00a0l\u00e0\u00a0\u0111\u1eb7t\u00a0\u0111\u00e8n\u00a0pha\u00a0<span class=\"wrapped token\">LED<\/span>c\u00f3 nhi\u1ec1u m\u00e0u s\u1eafc tr\u00ean m\u1eb7t \u0111\u1ea5t hay tr\u00ean c\u00e2y, t\u00f9y theo s\u1ef1 l\u1ef1a ch\u1ecdn c\u1ee7a b\u1ea1n \u0111\u1ec3 chi\u1ebfu c\u1ed1 \u0111\u1ecbnh v\u00e0o ng\u00f4i nh\u00e0 c\u1ee7a m\u00ecnh.\u00a0<\/em><\/h4>\n<p><strong>N\u1ebfu\u00a0gia\u00a0\u0111\u00ecnh\u00a0b\u1ea1n\u00a0c\u00f3\u00a0s\u00e2n\u00a0v\u01b0\u1eddn<\/strong>,\u00a0c\u00f3\u00a0th\u1ec3\u00a0<span class=\"wrapped token\">trang <\/span><span class=\"wrapped token\">tr\u00ed <\/span>th\u00eam b\u1eb1ng c\u00e1ch s\u1eed d\u1ee5ng nh\u1eefng <strong>d\u00e2y \u0111\u00e8n <span class=\"wrapped token\">LED <\/span><\/strong>c\u00f3\u00a0nhi\u1ec1u\u00a0h\u00ecnh\u00a0d\u00e1ng\u00a0kh\u00e1c\u00a0nhau\u00a0nh\u01b0\u00a0qu\u1ea3\u00a0b\u00ed\u00a0ng\u00f4,\u00a0con\u00a0r\u1ed1i,\u2026\u00a0qu\u1ea5n,\u00a0treo\u00a0l\u00ean\u00a0nh\u1eefng\u00a0c\u00e0nh\u00a0c\u00e2y\u00a0hay\u00a0h\u00e0ng\u00a0r\u00e0o\u00a0xung\u00a0quanh\u00a0nh\u00e0.\u00a0<BR>B\u1ea1n\u00a0c\u0169ng\u00a0c\u00f3\u00a0th\u1ec3\u00a0s\u1eed\u00a0d\u1ee5ng\u00a0nh\u1eefng\u00a0chi\u1ebfc\u00a0l\u1ed3ng\u00a0\u0111\u00e8n\u00a0<span class=\"wrapped token\">trang<\/span><span class=\"wrapped token\">tr\u00ed<\/span>Halloween\u00a0b\u00ean\u00a0ngo\u00e0i\u00a0m\u1eb7t\u00a0ti\u1ec1n\u00a0ng\u00f4i\u00a0nh\u00e0\u00a0v\u1edbi\u00a0nhi\u1ec1u\u00a0h\u00ecnh\u00a0d\u00e1ng\u00a0\u0111\u1ed9c\u00a0l\u1ea1,\u00a0ng\u1ed9\u00a0ngh\u0129nh\u00a0v\u00e0\u00a0th\u00fa\u00a0v\u1ecb,\u00a0thu\u00a0h\u00fat\u00a0s\u1ef1\u00a0ch\u00fa\u00a0\u00fd\u00a0c\u1ee7a\u00a0m\u1ecdi\u00a0ng\u01b0\u1eddi.<\/p>\n<p><img decoding=\"async\" data-src=\"https:\/\/vilight.vn\/website\/wp-content\/uploads\/2021\/11\/den-led-pixel-led-diem-den-led-trang-tri-do-thi.png\" alt=\"den-led-pixel-led-diem-den-led-trang-tri-do-thi\" src=\"data:image\/svg+xml;base64,PHN2ZyB3aWR0aD0iMSIgaGVpZ2h0PSIxIiB4bWxucz0iaHR0cDovL3d3dy53My5vcmcvMjAwMC9zdmciPjwvc3ZnPg==\" class=\"lazyload\" style=\"--smush-placeholder-width: 1197px; --smush-placeholder-aspect-ratio: 1197\/357;\" \/><br \/>\nfull<br \/>\n<BR><br \/>\n<BR><br \/>\n<BR><\/p>\n","protected":false},"excerpt":{"rendered":"<p>chi\u1ebfu s\u00e1ng th\u00f4ng minh, chi\u1ebfu s\u00e1ng m\u1ef9 thu\u1eadt, \u00a0LED Pixel, LED trang tr\u00ed l\u1ec5 h\u1ed9i : Trang tr\u00ed \u0111\u01b0\u1eddng ph\u1ed1 : LED trang tr\u00ed \u0111\u01b0\u1eddng ph\u1ed1 do Vilight cung c\u1ea5p c\u00f3 c\u00e1c \u01b0u \u0111i\u1ec3m : C\u01b0\u1eddng \u0111\u1ed9 \u00e1nh s\u00e1ng cao. L\u1eafp \u0111\u1eb7t d\u1ec5 d\u00e0ng. M\u00e0u s\u1eafc \u0111a d\u1ea1ng. \u0110\u1ed9 ho\u00e0n<span class=\"excerpt-hellip\"> [\u2026]<\/span><\/p>\n","protected":false},"author":1,"featured_media":0,"parent":0,"menu_order":0,"comment_status":"closed","ping_status":"closed","template":"","meta":{"footnotes":""},"class_list":["post-2069","page","type-page","status-publish","hentry"],"yoast_head":"<!-- This site is optimized with the Yoast SEO Premium plugin v27.5 (Yoast SEO v27.5) - https:\/\/yoast.com\/product\/yoast-seo-premium-wordpress\/ -->\n<title>\u0110\u00e8n chi\u1ebfu s\u00e1ng m\u1ef9 thu\u1eadt, LED Pixel, LED \u0111i\u1ec3m, LED trang tr\u00ed L\u1ec5 H\u1ed9i, \u0111\u00f4 th\u1ecb<\/title>\n<meta name=\"description\" content=\"S\u1eed d\u1ee5ng \u0111\u00e8n chi\u1ebfu s\u00e1ng m\u1ef9 thu\u1eadt, \u0111\u00e8n LED trang tr\u00ed l\u1ec5 h\u1ed9i, \u0111\u00e8n LED Pixel, LED \u0111i\u1ec3m \u0111\u1ec3 ch\u1ea1y c\u00e1c hi\u1ec7u \u1ee9ng chi\u1ebfu s\u00e1ng m\u1ef9 thu\u1eadt\" \/>\n<meta name=\"robots\" content=\"index, follow, max-snippet:-1, max-image-preview:large, max-video-preview:-1\" \/>\n<link rel=\"canonical\" href=\"https:\/\/vilight.vn\/website\/blogs\/\" \/>\n<meta property=\"og:locale\" content=\"vi_VN\" \/>\n<meta property=\"og:type\" content=\"article\" \/>\n<meta property=\"og:title\" content=\"Blogs\" \/>\n<meta property=\"og:description\" content=\"chi\u1ebfu s\u00e1ng th\u00f4ng minh, chi\u1ebfu s\u00e1ng m\u1ef9 thu\u1eadt, \u00a0LED Pixel, LED trang tr\u00ed l\u1ec5 h\u1ed9i : Trang tr\u00ed \u0111\u01b0\u1eddng ph\u1ed1 : LED trang tr\u00ed \u0111\u01b0\u1eddng ph\u1ed1 do Vilight cung c\u1ea5p c\u00f3 c\u00e1c \u01b0u\" \/>\n<meta property=\"og:url\" content=\"https:\/\/vilight.vn\/website\/blogs\/\" \/>\n<meta property=\"og:site_name\" content=\"Vilight Co.ltd\" \/>\n<meta property=\"article:publisher\" content=\"http:\/\/facebook.com\/vilight.vn\" \/>\n<meta property=\"article:modified_time\" content=\"2022-06-24T09:34:08+00:00\" \/>\n<meta property=\"og:image\" content=\"https:\/\/vilight.vn\/website\/wp-content\/uploads\/2021\/11\/den-led-pixel-led-diem-den-led-trang-tri-do-thi.png\" \/>\n<meta name=\"twitter:card\" content=\"summary_large_image\" \/>\n<meta name=\"twitter:label1\" content=\"\u01af\u1edbc t\u00ednh th\u1eddi gian \u0111\u1ecdc\" \/>\n\t<meta name=\"twitter:data1\" content=\"3 ph\u00fat\" \/>\n<script type=\"application\/ld+json\" class=\"yoast-schema-graph\">{\"@context\":\"https:\\\/\\\/schema.org\",\"@graph\":[{\"@type\":\"WebPage\",\"@id\":\"https:\\\/\\\/vilight.vn\\\/website\\\/blogs\\\/\",\"url\":\"https:\\\/\\\/vilight.vn\\\/website\\\/blogs\\\/\",\"name\":\"\u0110\u00e8n chi\u1ebfu s\u00e1ng m\u1ef9 thu\u1eadt, LED Pixel, LED \u0111i\u1ec3m, LED trang tr\u00ed L\u1ec5 H\u1ed9i, \u0111\u00f4 th\u1ecb\",\"isPartOf\":{\"@id\":\"https:\\\/\\\/vilight.vn\\\/website\\\/#website\"},\"primaryImageOfPage\":{\"@id\":\"https:\\\/\\\/vilight.vn\\\/website\\\/blogs\\\/#primaryimage\"},\"image\":{\"@id\":\"https:\\\/\\\/vilight.vn\\\/website\\\/blogs\\\/#primaryimage\"},\"thumbnailUrl\":\"https:\\\/\\\/vilight.vn\\\/website\\\/wp-content\\\/uploads\\\/2021\\\/11\\\/den-led-pixel-led-diem-den-led-trang-tri-do-thi.png\",\"datePublished\":\"2021-07-10T13:44:36+00:00\",\"dateModified\":\"2022-06-24T09:34:08+00:00\",\"description\":\"S\u1eed d\u1ee5ng \u0111\u00e8n chi\u1ebfu s\u00e1ng m\u1ef9 thu\u1eadt, \u0111\u00e8n LED trang tr\u00ed l\u1ec5 h\u1ed9i, \u0111\u00e8n LED Pixel, LED \u0111i\u1ec3m \u0111\u1ec3 ch\u1ea1y c\u00e1c hi\u1ec7u \u1ee9ng chi\u1ebfu s\u00e1ng m\u1ef9 thu\u1eadt\",\"breadcrumb\":{\"@id\":\"https:\\\/\\\/vilight.vn\\\/website\\\/blogs\\\/#breadcrumb\"},\"inLanguage\":\"vi\",\"potentialAction\":[{\"@type\":\"ReadAction\",\"target\":[\"https:\\\/\\\/vilight.vn\\\/website\\\/blogs\\\/\"]}]},{\"@type\":\"ImageObject\",\"inLanguage\":\"vi\",\"@id\":\"https:\\\/\\\/vilight.vn\\\/website\\\/blogs\\\/#primaryimage\",\"url\":\"https:\\\/\\\/vilight.vn\\\/website\\\/wp-content\\\/uploads\\\/2021\\\/11\\\/den-led-pixel-led-diem-den-led-trang-tri-do-thi.png\",\"contentUrl\":\"https:\\\/\\\/vilight.vn\\\/website\\\/wp-content\\\/uploads\\\/2021\\\/11\\\/den-led-pixel-led-diem-den-led-trang-tri-do-thi.png\",\"width\":1197,\"height\":357},{\"@type\":\"BreadcrumbList\",\"@id\":\"https:\\\/\\\/vilight.vn\\\/website\\\/blogs\\\/#breadcrumb\",\"itemListElement\":[{\"@type\":\"ListItem\",\"position\":1,\"name\":\"Home\",\"item\":\"https:\\\/\\\/vilight.vn\\\/website\\\/\"},{\"@type\":\"ListItem\",\"position\":2,\"name\":\"Blogs\"}]},{\"@type\":\"WebSite\",\"@id\":\"https:\\\/\\\/vilight.vn\\\/website\\\/#website\",\"url\":\"https:\\\/\\\/vilight.vn\\\/website\\\/\",\"name\":\"Vilight Co.ltd\",\"description\":\"Chi\u1ebfu s\u00e1ng m\u1ef9 thu\u1eadt, chi\u1ebfu s\u00e1ng th\u00f4ng minh, LED Pixel 3D, chi\u1ebfu s\u00e1ng trang tr\u00ed \u0111\u00f4 th\u1ecb, chi\u1ebfu s\u00e1ng v\u00f2ng xoay, chi\u1ebfu s\u00e1ng \u0111\u1ea3o giao th\u00f4ng, c\u1ed5ng ch\u00e0o \u0111\u00f4 th\u1ecb\",\"publisher\":{\"@id\":\"https:\\\/\\\/vilight.vn\\\/website\\\/#organization\"},\"potentialAction\":[{\"@type\":\"SearchAction\",\"target\":{\"@type\":\"EntryPoint\",\"urlTemplate\":\"https:\\\/\\\/vilight.vn\\\/website\\\/?s={search_term_string}\"},\"query-input\":{\"@type\":\"PropertyValueSpecification\",\"valueRequired\":true,\"valueName\":\"search_term_string\"}}],\"inLanguage\":\"vi\"},{\"@type\":\"Organization\",\"@id\":\"https:\\\/\\\/vilight.vn\\\/website\\\/#organization\",\"name\":\"Vilight\",\"url\":\"https:\\\/\\\/vilight.vn\\\/website\\\/\",\"logo\":{\"@type\":\"ImageObject\",\"inLanguage\":\"vi\",\"@id\":\"https:\\\/\\\/vilight.vn\\\/website\\\/#\\\/schema\\\/logo\\\/image\\\/\",\"url\":\"https:\\\/\\\/vilight.vn\\\/website\\\/wp-content\\\/uploads\\\/2022\\\/05\\\/chieu_sang_trang_tri_do_thi_bang_den_led_pixel.png\",\"contentUrl\":\"https:\\\/\\\/vilight.vn\\\/website\\\/wp-content\\\/uploads\\\/2022\\\/05\\\/chieu_sang_trang_tri_do_thi_bang_den_led_pixel.png\",\"width\":800,\"height\":427,\"caption\":\"Vilight\"},\"image\":{\"@id\":\"https:\\\/\\\/vilight.vn\\\/website\\\/#\\\/schema\\\/logo\\\/image\\\/\"},\"sameAs\":[\"http:\\\/\\\/facebook.com\\\/vilight.vn\",\"https:\\\/\\\/www.linkedin.com\\\/company\\\/vilight-vn\",\"https:\\\/\\\/www.youtube.com\\\/channel\\\/UCEwR2naeDcuarMX1kSv_rLQ\\\/videos\"]}]}<\/script>\n<!-- \/ Yoast SEO Premium plugin. -->","yoast_head_json":{"title":"\u0110\u00e8n chi\u1ebfu s\u00e1ng m\u1ef9 thu\u1eadt, LED Pixel, LED \u0111i\u1ec3m, LED trang tr\u00ed L\u1ec5 H\u1ed9i, \u0111\u00f4 th\u1ecb","description":"S\u1eed d\u1ee5ng \u0111\u00e8n chi\u1ebfu s\u00e1ng m\u1ef9 thu\u1eadt, \u0111\u00e8n LED trang tr\u00ed l\u1ec5 h\u1ed9i, \u0111\u00e8n LED Pixel, LED \u0111i\u1ec3m \u0111\u1ec3 ch\u1ea1y c\u00e1c hi\u1ec7u \u1ee9ng chi\u1ebfu s\u00e1ng m\u1ef9 thu\u1eadt","robots":{"index":"index","follow":"follow","max-snippet":"max-snippet:-1","max-image-preview":"max-image-preview:large","max-video-preview":"max-video-preview:-1"},"canonical":"https:\/\/vilight.vn\/website\/blogs\/","og_locale":"vi_VN","og_type":"article","og_title":"Blogs","og_description":"chi\u1ebfu s\u00e1ng th\u00f4ng minh, chi\u1ebfu s\u00e1ng m\u1ef9 thu\u1eadt, \u00a0LED Pixel, LED trang tr\u00ed l\u1ec5 h\u1ed9i : Trang tr\u00ed \u0111\u01b0\u1eddng ph\u1ed1 : LED trang tr\u00ed \u0111\u01b0\u1eddng ph\u1ed1 do Vilight cung c\u1ea5p c\u00f3 c\u00e1c \u01b0u","og_url":"https:\/\/vilight.vn\/website\/blogs\/","og_site_name":"Vilight Co.ltd","article_publisher":"http:\/\/facebook.com\/vilight.vn","article_modified_time":"2022-06-24T09:34:08+00:00","og_image":[{"url":"https:\/\/vilight.vn\/website\/wp-content\/uploads\/2021\/11\/den-led-pixel-led-diem-den-led-trang-tri-do-thi.png","type":"","width":"","height":""}],"twitter_card":"summary_large_image","twitter_misc":{"\u01af\u1edbc t\u00ednh th\u1eddi gian \u0111\u1ecdc":"3 ph\u00fat"},"schema":{"@context":"https:\/\/schema.org","@graph":[{"@type":"WebPage","@id":"https:\/\/vilight.vn\/website\/blogs\/","url":"https:\/\/vilight.vn\/website\/blogs\/","name":"\u0110\u00e8n chi\u1ebfu s\u00e1ng m\u1ef9 thu\u1eadt, LED Pixel, LED \u0111i\u1ec3m, LED trang tr\u00ed L\u1ec5 H\u1ed9i, \u0111\u00f4 th\u1ecb","isPartOf":{"@id":"https:\/\/vilight.vn\/website\/#website"},"primaryImageOfPage":{"@id":"https:\/\/vilight.vn\/website\/blogs\/#primaryimage"},"image":{"@id":"https:\/\/vilight.vn\/website\/blogs\/#primaryimage"},"thumbnailUrl":"https:\/\/vilight.vn\/website\/wp-content\/uploads\/2021\/11\/den-led-pixel-led-diem-den-led-trang-tri-do-thi.png","datePublished":"2021-07-10T13:44:36+00:00","dateModified":"2022-06-24T09:34:08+00:00","description":"S\u1eed d\u1ee5ng \u0111\u00e8n chi\u1ebfu s\u00e1ng m\u1ef9 thu\u1eadt, \u0111\u00e8n LED trang tr\u00ed l\u1ec5 h\u1ed9i, \u0111\u00e8n LED Pixel, LED \u0111i\u1ec3m \u0111\u1ec3 ch\u1ea1y c\u00e1c hi\u1ec7u \u1ee9ng chi\u1ebfu s\u00e1ng m\u1ef9 thu\u1eadt","breadcrumb":{"@id":"https:\/\/vilight.vn\/website\/blogs\/#breadcrumb"},"inLanguage":"vi","potentialAction":[{"@type":"ReadAction","target":["https:\/\/vilight.vn\/website\/blogs\/"]}]},{"@type":"ImageObject","inLanguage":"vi","@id":"https:\/\/vilight.vn\/website\/blogs\/#primaryimage","url":"https:\/\/vilight.vn\/website\/wp-content\/uploads\/2021\/11\/den-led-pixel-led-diem-den-led-trang-tri-do-thi.png","contentUrl":"https:\/\/vilight.vn\/website\/wp-content\/uploads\/2021\/11\/den-led-pixel-led-diem-den-led-trang-tri-do-thi.png","width":1197,"height":357},{"@type":"BreadcrumbList","@id":"https:\/\/vilight.vn\/website\/blogs\/#breadcrumb","itemListElement":[{"@type":"ListItem","position":1,"name":"Home","item":"https:\/\/vilight.vn\/website\/"},{"@type":"ListItem","position":2,"name":"Blogs"}]},{"@type":"WebSite","@id":"https:\/\/vilight.vn\/website\/#website","url":"https:\/\/vilight.vn\/website\/","name":"Vilight Co.ltd","description":"Chi\u1ebfu s\u00e1ng m\u1ef9 thu\u1eadt, chi\u1ebfu s\u00e1ng th\u00f4ng minh, LED Pixel 3D, chi\u1ebfu s\u00e1ng trang tr\u00ed \u0111\u00f4 th\u1ecb, chi\u1ebfu s\u00e1ng v\u00f2ng xoay, chi\u1ebfu s\u00e1ng \u0111\u1ea3o giao th\u00f4ng, c\u1ed5ng ch\u00e0o \u0111\u00f4 th\u1ecb","publisher":{"@id":"https:\/\/vilight.vn\/website\/#organization"},"potentialAction":[{"@type":"SearchAction","target":{"@type":"EntryPoint","urlTemplate":"https:\/\/vilight.vn\/website\/?s={search_term_string}"},"query-input":{"@type":"PropertyValueSpecification","valueRequired":true,"valueName":"search_term_string"}}],"inLanguage":"vi"},{"@type":"Organization","@id":"https:\/\/vilight.vn\/website\/#organization","name":"Vilight","url":"https:\/\/vilight.vn\/website\/","logo":{"@type":"ImageObject","inLanguage":"vi","@id":"https:\/\/vilight.vn\/website\/#\/schema\/logo\/image\/","url":"https:\/\/vilight.vn\/website\/wp-content\/uploads\/2022\/05\/chieu_sang_trang_tri_do_thi_bang_den_led_pixel.png","contentUrl":"https:\/\/vilight.vn\/website\/wp-content\/uploads\/2022\/05\/chieu_sang_trang_tri_do_thi_bang_den_led_pixel.png","width":800,"height":427,"caption":"Vilight"},"image":{"@id":"https:\/\/vilight.vn\/website\/#\/schema\/logo\/image\/"},"sameAs":["http:\/\/facebook.com\/vilight.vn","https:\/\/www.linkedin.com\/company\/vilight-vn","https:\/\/www.youtube.com\/channel\/UCEwR2naeDcuarMX1kSv_rLQ\/videos"]}]}},"_links":{"self":[{"href":"https:\/\/vilight.vn\/website\/wp-json\/wp\/v2\/pages\/2069","targetHints":{"allow":["GET"]}}],"collection":[{"href":"https:\/\/vilight.vn\/website\/wp-json\/wp\/v2\/pages"}],"about":[{"href":"https:\/\/vilight.vn\/website\/wp-json\/wp\/v2\/types\/page"}],"author":[{"embeddable":true,"href":"https:\/\/vilight.vn\/website\/wp-json\/wp\/v2\/users\/1"}],"replies":[{"embeddable":true,"href":"https:\/\/vilight.vn\/website\/wp-json\/wp\/v2\/comments?post=2069"}],"version-history":[{"count":0,"href":"https:\/\/vilight.vn\/website\/wp-json\/wp\/v2\/pages\/2069\/revisions"}],"wp:attachment":[{"href":"https:\/\/vilight.vn\/website\/wp-json\/wp\/v2\/media?parent=2069"}],"curies":[{"name":"wp","href":"https:\/\/api.w.org\/{rel}","templated":true}]}}