{"id":2090,"date":"2021-07-10T23:33:47","date_gmt":"2021-07-10T16:33:47","guid":{"rendered":"https:\/\/vilight.vn\/website\/?page_id=2090"},"modified":"2022-06-06T12:15:40","modified_gmt":"2022-06-06T05:15:40","slug":"thong-tin-hot","status":"publish","type":"page","link":"https:\/\/vilight.vn\/website\/thong-tin-hot\/","title":{"rendered":"Th\u00f4ng tin hot"},"content":{"rendered":"<h1>Chi\u1ebfu s\u00e1ng khu c\u00f4ng nghi\u1ec7p th\u00f4ng minh <\/h1>\n<p>Chi\u1ebfu s\u00e1ng khu c\u00f4ng nghi\u1ec7p b\u1eb1ng c\u00f4ng ngh\u1ec7 \u0111\u00e8n LED th\u00f4ng minh, \u0111i\u1ec1u khi\u1ec3n t\u1eeb xa. Gi\u00e1m s\u00e1t, \u0111i\u1ec1u khi\u1ec3n h\u1ec7 th\u1ed1ng chi\u1ebfu s\u00e1ng khu c\u00f4ng nghi\u1ec7p b\u1eb1ng ph\u1ea7n m\u1ec1m. C\u00e0i \u0111\u1eb7t c\u00e1c ch\u1ebf \u0111\u1ed9 s\u00e1ng kh\u00e1c nhau t\u00f9y thu\u1ed9c l\u01b0u l\u01b0\u1ee3ng xe. C\u00e0i \u0111\u1eb7t c\u00f4ng su\u1ea5t ho\u1ea1t \u0111\u1ed9ng theo th\u1eddi gian v\u1eadn h\u00e0nh \u0111\u1ec3 ti\u1ebft ki\u1ec7m \u0111i\u1ec7n, n\u00e2ng cao tu\u1ed5i th\u1ecd b\u00f3ng \u0111\u00e8n. Gi\u00e1m s\u00e1t tr\u1ea1ng th\u00e1i ho\u1ea1t \u0111\u1ed9ng c\u1ee7a t\u1ee7 \u0111i\u1ec7n. Gi\u00e1m s\u00e1t ho\u1ea1t \u0111\u1ed9ng c\u1ee7a b\u1ed9 \u0111\u00e8n.<\/p>\n<p>H\u1ec7 th\u1ed1ng chi\u1ebfu s\u00e1ng trong c\u00e1c khu c\u00f4ng nghi\u1ec7p ng\u00e0y nay c\u1ea7n \u0111\u01b0\u1ee3c \u0111\u1ea7u t\u01b0 hi\u1ec7n \u0111\u1ea1i, qu\u1ea3n l\u00fd to\u00e0n b\u1ed9 b\u1eb1ng t\u1ef1 \u0111\u1ed9ng h\u00f3a, tr\u00ean \u0111i\u1ec7n tho\u1ea1i, tr\u00ean m\u00e1y t\u00ednh b\u1ea3ng ho\u1eb7c tr\u00ean m\u00e1y t\u00ednh \u0111\u1ec3 b\u00e0n, laptop&#8230;<\/p>\n<h2><a href=\"https:\/\/vilight.vn\/website\/cac-dich-vu\/\">Chi\u1ebfu s\u00e1ng ngh\u1ec7 thu\u1eadt \u0111\u00f4 th\u1ecb 3D.<\/a><\/h2>\n<p>Chi\u1ebfu s\u00e1ng trang tr\u00ed trong khu \u0111\u00f4 th\u1ecb. L\u1eafp \u0111\u1eb7t k\u1ebft c\u1ea5u trang tr\u00ed, bi\u1ec3u t\u01b0\u1ee3ng trang tr\u00ed, t\u00edch h\u1ee3p \u0111\u00e8n LED \u0111\u1ec3 l\u00e0m \u0111\u1eb9p.<\/p>\n<h2>Chi\u1ebfu s\u00e1ng m\u1ef9 thu\u1eadt m\u1eb7t d\u1ef1ng c\u00f4ng tr\u00ecnh<\/h2>\n<p>Chi\u1ebfu s\u00e1ng m\u1ef9 thu\u1eadt c\u00e1c c\u00f4ng tr\u00ecnh ki\u1ebfn tr\u00fac, c\u00e1c c\u00f4ng tr\u00ecnh \u0111\u00ecnh, ch\u00f9a,chi\u1ebfu s\u00e1ng c\u00f4ng tr\u00ecnh t\u00e2m linh.<\/p>\n<h2>H\u1ec7 th\u1ed1ng nh\u1ea1c n\u01b0\u1edbc<\/p>\n<h2>L\u1eafp \u0111\u1eb7t c\u00e1c h\u1ec7 th\u1ed1ng nh\u1ea1c n\u01b0\u1edbc b\u1eb1ng c\u00e1c \u0111\u00e8n ch\u1ea5t l\u01b0\u1ee3ng cao, tu\u1ed5i th\u1ecd l\u1edbn, ho\u1ea1t \u0111\u1ed9ng \u1ed5n \u0111\u1ecbnh.<\/p>\n<h3>\u0110\u00e8n LED \u00c2M N\u01af\u1edaC XU\u1ea4T X\u1ee8 \u0110\u00c0I LOAN<\/H3><br \/>\nVilight cung c\u1ea5p \u0111\u00e8n LED \u00e2m n\u01b0\u1edbc xu\u1ea5t x\u1ee9 \u0111\u00e0i loan, ch\u1ea5t l\u01b0\u1ee3ng cao v\u01b0\u1ee3t tr\u1ed9i.<\/p>\n<h3>\u0110\u00e8n trang tr\u00ed qu\u00e1n cafe, kh\u00f4ng gian \u00e2m nh\u1ea1c c\u00e1 t\u00ednh<\/h3>\n<p><img decoding=\"async\" data-src=\"https:\/\/vilight.vn\/website\/wp-content\/uploads\/2022\/06\/chieu_sang_khu_cong_nghiep_thong_minh_dieu_khien_tu_xa_tiet_kiem_dien_nang-300x158.jpg\" alt=\"\" width=\"300\" height=\"158\" class=\"alignnone size-medium wp-image-3236 lazyload\" data-srcset=\"https:\/\/vilight.vn\/website\/wp-content\/uploads\/2022\/06\/chieu_sang_khu_cong_nghiep_thong_minh_dieu_khien_tu_xa_tiet_kiem_dien_nang-300x158.jpg 300w, https:\/\/vilight.vn\/website\/wp-content\/uploads\/2022\/06\/chieu_sang_khu_cong_nghiep_thong_minh_dieu_khien_tu_xa_tiet_kiem_dien_nang-800x420.jpg 800w, https:\/\/vilight.vn\/website\/wp-content\/uploads\/2022\/06\/chieu_sang_khu_cong_nghiep_thong_minh_dieu_khien_tu_xa_tiet_kiem_dien_nang-1024x538.jpg 1024w, https:\/\/vilight.vn\/website\/wp-content\/uploads\/2022\/06\/chieu_sang_khu_cong_nghiep_thong_minh_dieu_khien_tu_xa_tiet_kiem_dien_nang-768x403.jpg 768w, https:\/\/vilight.vn\/website\/wp-content\/uploads\/2022\/06\/chieu_sang_khu_cong_nghiep_thong_minh_dieu_khien_tu_xa_tiet_kiem_dien_nang-18x9.jpg 18w, https:\/\/vilight.vn\/website\/wp-content\/uploads\/2022\/06\/chieu_sang_khu_cong_nghiep_thong_minh_dieu_khien_tu_xa_tiet_kiem_dien_nang-143x75.jpg 143w, https:\/\/vilight.vn\/website\/wp-content\/uploads\/2022\/06\/chieu_sang_khu_cong_nghiep_thong_minh_dieu_khien_tu_xa_tiet_kiem_dien_nang-480x252.jpg 480w, https:\/\/vilight.vn\/website\/wp-content\/uploads\/2022\/06\/chieu_sang_khu_cong_nghiep_thong_minh_dieu_khien_tu_xa_tiet_kiem_dien_nang.jpg 1200w\" data-sizes=\"(max-width:767px) 300px, 300px\" src=\"data:image\/svg+xml;base64,PHN2ZyB3aWR0aD0iMSIgaGVpZ2h0PSIxIiB4bWxucz0iaHR0cDovL3d3dy53My5vcmcvMjAwMC9zdmciPjwvc3ZnPg==\" style=\"--smush-placeholder-width: 300px; --smush-placeholder-aspect-ratio: 300\/158;\" \/><\/p>\n<h2>Chi\u1ebfu s\u00e1ng hi\u1ec7n \u0111\u1ea1i trong khu c\u00f4ng nghi\u1ec7p<\/h2>\n<p> s\u1ebd l\u00e0 m\u1ed9t xu th\u1ebf trong th\u1eddi gian t\u1edbi. To\u00e0n b\u1ed9 h\u1ec7 th\u1ed1ng chi\u1ebfu s\u00e1ng trong c\u00e1c khu c\u00f4ng nghi\u1ec7p r\u1ed9ng l\u1edbn \u0111\u01b0\u1ee3c gi\u00e1m s\u00e1t, \u0111i\u1ec1u khi\u1ec3n b\u1eb1ng h\u1ec7 th\u1ed1ng chi\u1ebfu s\u00e1ng th\u00f4ng minh s\u1ebd gi\u00fap cho ch\u1ee7 \u0111\u1ea7u t\u01b0 qu\u1ea3n l\u00fd h\u1ec7 th\u1ed1ng \u0111\u01b0\u1ee3c t\u1ed1t h\u01a1n, ti\u1ebft ki\u1ec7m nh\u00e2n l\u1ef1c qu\u1ea3n l\u00fd, ti\u1ebft ki\u1ec7m \u0111i\u1ec7n n\u0103ng ti\u00eau thu. Ch\u1ee7 \u0111\u1ed9ng trong c\u00f4ng t\u00e1c v\u1eadn h\u00e0nh, \u0111i\u1ec1u h\u00e0nh h\u1ec7 th\u1ed1ng, ch\u1ee7 \u0111\u1ed9ng trong c\u00f4ng t\u00e1c duy tu, b\u1ea3o d\u01b0\u1ee1ng.<\/p>\n<h3>Chi\u1ebfu s\u00e1ng trang tr\u00ed<\/h3>\n<p> T\u1ea1i c\u00e1c v\u1ecb tr\u00ed c\u1eeda ng\u00f5 v\u00e0o c\u00e1c khu c\u00f4ng nghi\u1ec7p, thi\u1ebft k\u1ebf c\u00e1c bi\u1ec3u t\u01b0\u1ee3ng trang tr\u00ed ho\u1eb7c c\u00f4ng ch\u00e0o, t\u00edch h\u1ee3p \u0111\u00e8n led \u0111\u1ec3 chi\u1ebfu s\u00e1ng ngh\u1ec7 thu\u1eadt, l\u00e0m cho khu c\u00f4ng nghi\u1ec7p \u0111\u01b0\u1ee3c n\u1ed5i b\u1eadc trong \u0111\u00eam.<\/p>\n","protected":false},"excerpt":{"rendered":"<p>Chi\u1ebfu s\u00e1ng khu c\u00f4ng nghi\u1ec7p th\u00f4ng minh Chi\u1ebfu s\u00e1ng khu c\u00f4ng nghi\u1ec7p b\u1eb1ng c\u00f4ng ngh\u1ec7 \u0111\u00e8n LED th\u00f4ng minh, \u0111i\u1ec1u khi\u1ec3n t\u1eeb xa. Gi\u00e1m s\u00e1t, \u0111i\u1ec1u khi\u1ec3n h\u1ec7 th\u1ed1ng chi\u1ebfu s\u00e1ng khu c\u00f4ng nghi\u1ec7p b\u1eb1ng ph\u1ea7n m\u1ec1m. C\u00e0i \u0111\u1eb7t c\u00e1c ch\u1ebf \u0111\u1ed9 s\u00e1ng kh\u00e1c nhau t\u00f9y thu\u1ed9c l\u01b0u l\u01b0\u1ee3ng xe.<span class=\"excerpt-hellip\"> [\u2026]<\/span><\/p>\n","protected":false},"author":1,"featured_media":0,"parent":0,"menu_order":0,"comment_status":"closed","ping_status":"closed","template":"","meta":{"footnotes":""},"class_list":["post-2090","page","type-page","status-publish","hentry"],"yoast_head":"<!-- This site is optimized with the Yoast SEO Premium plugin v27.5 (Yoast SEO v27.5) - https:\/\/yoast.com\/product\/yoast-seo-premium-wordpress\/ -->\n<title>Chi\u1ebfu s\u00e1ng khu c\u00f4ng nghi\u1ec7p th\u00f4ng minh, ti\u1ebft ki\u1ec7m \u0111i\u1ec7n, hi\u1ec7n \u0111\u1ea1i hi\u1ec7u qu\u1ea3<\/title>\n<meta name=\"description\" content=\"Chi\u1ebfu s\u00e1ng khu c\u00f4ng nghi\u1ec7p th\u00f4ng minh, ti\u1ebft ki\u1ec7m \u0111i\u1ec7n cho khu \u0111\u00f4 th\u1ecb, chi\u1ebfu s\u00e1ng trang tr\u00ed \u0111\u00f4 th\u1ecb b\u1eb1ng bi\u1ec3u t\u01b0\u1ee3ng t\u00edch h\u1ee3p \u0111\u00e8n LED 3D Pixel\" \/>\n<meta name=\"robots\" content=\"index, follow, max-snippet:-1, max-image-preview:large, max-video-preview:-1\" \/>\n<link rel=\"canonical\" href=\"https:\/\/vilight.vn\/website\/thong-tin-hot\/\" \/>\n<meta property=\"og:locale\" content=\"vi_VN\" \/>\n<meta property=\"og:type\" content=\"article\" \/>\n<meta property=\"og:title\" content=\"Th\u00f4ng tin hot\" \/>\n<meta property=\"og:description\" content=\"Chi\u1ebfu s\u00e1ng khu c\u00f4ng nghi\u1ec7p th\u00f4ng minh Chi\u1ebfu s\u00e1ng khu c\u00f4ng nghi\u1ec7p b\u1eb1ng c\u00f4ng ngh\u1ec7 \u0111\u00e8n LED th\u00f4ng minh, \u0111i\u1ec1u khi\u1ec3n t\u1eeb xa. Gi\u00e1m s\u00e1t, \u0111i\u1ec1u khi\u1ec3n h\u1ec7 th\u1ed1ng chi\u1ebfu\" \/>\n<meta property=\"og:url\" content=\"https:\/\/vilight.vn\/website\/thong-tin-hot\/\" \/>\n<meta property=\"og:site_name\" content=\"Vilight Co.ltd\" \/>\n<meta property=\"article:publisher\" content=\"http:\/\/facebook.com\/vilight.vn\" \/>\n<meta property=\"article:modified_time\" content=\"2022-06-06T05:15:40+00:00\" \/>\n<meta property=\"og:image\" content=\"https:\/\/vilight.vn\/website\/wp-content\/uploads\/2022\/06\/chieu_sang_khu_cong_nghiep_thong_minh_dieu_khien_tu_xa_tiet_kiem_dien_nang-300x158.jpg\" \/>\n<meta name=\"twitter:card\" content=\"summary_large_image\" \/>\n<meta name=\"twitter:label1\" content=\"\u01af\u1edbc t\u00ednh th\u1eddi gian \u0111\u1ecdc\" \/>\n\t<meta name=\"twitter:data1\" content=\"3 ph\u00fat\" \/>\n<script type=\"application\/ld+json\" class=\"yoast-schema-graph\">{\"@context\":\"https:\\\/\\\/schema.org\",\"@graph\":[{\"@type\":\"WebPage\",\"@id\":\"https:\\\/\\\/vilight.vn\\\/website\\\/thong-tin-hot\\\/\",\"url\":\"https:\\\/\\\/vilight.vn\\\/website\\\/thong-tin-hot\\\/\",\"name\":\"Chi\u1ebfu s\u00e1ng khu c\u00f4ng nghi\u1ec7p th\u00f4ng minh, ti\u1ebft ki\u1ec7m \u0111i\u1ec7n, hi\u1ec7n \u0111\u1ea1i hi\u1ec7u qu\u1ea3\",\"isPartOf\":{\"@id\":\"https:\\\/\\\/vilight.vn\\\/website\\\/#website\"},\"primaryImageOfPage\":{\"@id\":\"https:\\\/\\\/vilight.vn\\\/website\\\/thong-tin-hot\\\/#primaryimage\"},\"image\":{\"@id\":\"https:\\\/\\\/vilight.vn\\\/website\\\/thong-tin-hot\\\/#primaryimage\"},\"thumbnailUrl\":\"https:\\\/\\\/vilight.vn\\\/website\\\/wp-content\\\/uploads\\\/2022\\\/06\\\/chieu_sang_khu_cong_nghiep_thong_minh_dieu_khien_tu_xa_tiet_kiem_dien_nang-300x158.jpg\",\"datePublished\":\"2021-07-10T16:33:47+00:00\",\"dateModified\":\"2022-06-06T05:15:40+00:00\",\"description\":\"Chi\u1ebfu s\u00e1ng khu c\u00f4ng nghi\u1ec7p th\u00f4ng minh, ti\u1ebft ki\u1ec7m \u0111i\u1ec7n cho khu \u0111\u00f4 th\u1ecb, chi\u1ebfu s\u00e1ng trang tr\u00ed \u0111\u00f4 th\u1ecb b\u1eb1ng bi\u1ec3u t\u01b0\u1ee3ng t\u00edch h\u1ee3p \u0111\u00e8n LED 3D Pixel\",\"breadcrumb\":{\"@id\":\"https:\\\/\\\/vilight.vn\\\/website\\\/thong-tin-hot\\\/#breadcrumb\"},\"inLanguage\":\"vi\",\"potentialAction\":[{\"@type\":\"ReadAction\",\"target\":[\"https:\\\/\\\/vilight.vn\\\/website\\\/thong-tin-hot\\\/\"]}]},{\"@type\":\"ImageObject\",\"inLanguage\":\"vi\",\"@id\":\"https:\\\/\\\/vilight.vn\\\/website\\\/thong-tin-hot\\\/#primaryimage\",\"url\":\"https:\\\/\\\/vilight.vn\\\/website\\\/wp-content\\\/uploads\\\/2022\\\/06\\\/chieu_sang_khu_cong_nghiep_thong_minh_dieu_khien_tu_xa_tiet_kiem_dien_nang.jpg\",\"contentUrl\":\"https:\\\/\\\/vilight.vn\\\/website\\\/wp-content\\\/uploads\\\/2022\\\/06\\\/chieu_sang_khu_cong_nghiep_thong_minh_dieu_khien_tu_xa_tiet_kiem_dien_nang.jpg\",\"width\":1200,\"height\":630},{\"@type\":\"BreadcrumbList\",\"@id\":\"https:\\\/\\\/vilight.vn\\\/website\\\/thong-tin-hot\\\/#breadcrumb\",\"itemListElement\":[{\"@type\":\"ListItem\",\"position\":1,\"name\":\"Home\",\"item\":\"https:\\\/\\\/vilight.vn\\\/website\\\/\"},{\"@type\":\"ListItem\",\"position\":2,\"name\":\"Th\u00f4ng tin hot\"}]},{\"@type\":\"WebSite\",\"@id\":\"https:\\\/\\\/vilight.vn\\\/website\\\/#website\",\"url\":\"https:\\\/\\\/vilight.vn\\\/website\\\/\",\"name\":\"Vilight Co.ltd\",\"description\":\"Chi\u1ebfu s\u00e1ng m\u1ef9 thu\u1eadt, chi\u1ebfu s\u00e1ng th\u00f4ng minh, LED Pixel 3D, chi\u1ebfu s\u00e1ng trang tr\u00ed \u0111\u00f4 th\u1ecb, chi\u1ebfu s\u00e1ng v\u00f2ng xoay, chi\u1ebfu s\u00e1ng \u0111\u1ea3o giao th\u00f4ng, c\u1ed5ng ch\u00e0o \u0111\u00f4 th\u1ecb\",\"publisher\":{\"@id\":\"https:\\\/\\\/vilight.vn\\\/website\\\/#organization\"},\"potentialAction\":[{\"@type\":\"SearchAction\",\"target\":{\"@type\":\"EntryPoint\",\"urlTemplate\":\"https:\\\/\\\/vilight.vn\\\/website\\\/?s={search_term_string}\"},\"query-input\":{\"@type\":\"PropertyValueSpecification\",\"valueRequired\":true,\"valueName\":\"search_term_string\"}}],\"inLanguage\":\"vi\"},{\"@type\":\"Organization\",\"@id\":\"https:\\\/\\\/vilight.vn\\\/website\\\/#organization\",\"name\":\"Vilight\",\"url\":\"https:\\\/\\\/vilight.vn\\\/website\\\/\",\"logo\":{\"@type\":\"ImageObject\",\"inLanguage\":\"vi\",\"@id\":\"https:\\\/\\\/vilight.vn\\\/website\\\/#\\\/schema\\\/logo\\\/image\\\/\",\"url\":\"https:\\\/\\\/vilight.vn\\\/website\\\/wp-content\\\/uploads\\\/2022\\\/05\\\/chieu_sang_trang_tri_do_thi_bang_den_led_pixel.png\",\"contentUrl\":\"https:\\\/\\\/vilight.vn\\\/website\\\/wp-content\\\/uploads\\\/2022\\\/05\\\/chieu_sang_trang_tri_do_thi_bang_den_led_pixel.png\",\"width\":800,\"height\":427,\"caption\":\"Vilight\"},\"image\":{\"@id\":\"https:\\\/\\\/vilight.vn\\\/website\\\/#\\\/schema\\\/logo\\\/image\\\/\"},\"sameAs\":[\"http:\\\/\\\/facebook.com\\\/vilight.vn\",\"https:\\\/\\\/www.linkedin.com\\\/company\\\/vilight-vn\",\"https:\\\/\\\/www.youtube.com\\\/channel\\\/UCEwR2naeDcuarMX1kSv_rLQ\\\/videos\"]}]}<\/script>\n<!-- \/ Yoast SEO Premium plugin. -->","yoast_head_json":{"title":"Chi\u1ebfu s\u00e1ng khu c\u00f4ng nghi\u1ec7p th\u00f4ng minh, ti\u1ebft ki\u1ec7m \u0111i\u1ec7n, hi\u1ec7n \u0111\u1ea1i hi\u1ec7u qu\u1ea3","description":"Chi\u1ebfu s\u00e1ng khu c\u00f4ng nghi\u1ec7p th\u00f4ng minh, ti\u1ebft ki\u1ec7m \u0111i\u1ec7n cho khu \u0111\u00f4 th\u1ecb, chi\u1ebfu s\u00e1ng trang tr\u00ed \u0111\u00f4 th\u1ecb b\u1eb1ng bi\u1ec3u t\u01b0\u1ee3ng t\u00edch h\u1ee3p \u0111\u00e8n LED 3D Pixel","robots":{"index":"index","follow":"follow","max-snippet":"max-snippet:-1","max-image-preview":"max-image-preview:large","max-video-preview":"max-video-preview:-1"},"canonical":"https:\/\/vilight.vn\/website\/thong-tin-hot\/","og_locale":"vi_VN","og_type":"article","og_title":"Th\u00f4ng tin hot","og_description":"Chi\u1ebfu s\u00e1ng khu c\u00f4ng nghi\u1ec7p th\u00f4ng minh Chi\u1ebfu s\u00e1ng khu c\u00f4ng nghi\u1ec7p b\u1eb1ng c\u00f4ng ngh\u1ec7 \u0111\u00e8n LED th\u00f4ng minh, \u0111i\u1ec1u khi\u1ec3n t\u1eeb xa. Gi\u00e1m s\u00e1t, \u0111i\u1ec1u khi\u1ec3n h\u1ec7 th\u1ed1ng chi\u1ebfu","og_url":"https:\/\/vilight.vn\/website\/thong-tin-hot\/","og_site_name":"Vilight Co.ltd","article_publisher":"http:\/\/facebook.com\/vilight.vn","article_modified_time":"2022-06-06T05:15:40+00:00","og_image":[{"url":"https:\/\/vilight.vn\/website\/wp-content\/uploads\/2022\/06\/chieu_sang_khu_cong_nghiep_thong_minh_dieu_khien_tu_xa_tiet_kiem_dien_nang-300x158.jpg","type":"","width":"","height":""}],"twitter_card":"summary_large_image","twitter_misc":{"\u01af\u1edbc t\u00ednh th\u1eddi gian \u0111\u1ecdc":"3 ph\u00fat"},"schema":{"@context":"https:\/\/schema.org","@graph":[{"@type":"WebPage","@id":"https:\/\/vilight.vn\/website\/thong-tin-hot\/","url":"https:\/\/vilight.vn\/website\/thong-tin-hot\/","name":"Chi\u1ebfu s\u00e1ng khu c\u00f4ng nghi\u1ec7p th\u00f4ng minh, ti\u1ebft ki\u1ec7m \u0111i\u1ec7n, hi\u1ec7n \u0111\u1ea1i hi\u1ec7u qu\u1ea3","isPartOf":{"@id":"https:\/\/vilight.vn\/website\/#website"},"primaryImageOfPage":{"@id":"https:\/\/vilight.vn\/website\/thong-tin-hot\/#primaryimage"},"image":{"@id":"https:\/\/vilight.vn\/website\/thong-tin-hot\/#primaryimage"},"thumbnailUrl":"https:\/\/vilight.vn\/website\/wp-content\/uploads\/2022\/06\/chieu_sang_khu_cong_nghiep_thong_minh_dieu_khien_tu_xa_tiet_kiem_dien_nang-300x158.jpg","datePublished":"2021-07-10T16:33:47+00:00","dateModified":"2022-06-06T05:15:40+00:00","description":"Chi\u1ebfu s\u00e1ng khu c\u00f4ng nghi\u1ec7p th\u00f4ng minh, ti\u1ebft ki\u1ec7m \u0111i\u1ec7n cho khu \u0111\u00f4 th\u1ecb, chi\u1ebfu s\u00e1ng trang tr\u00ed \u0111\u00f4 th\u1ecb b\u1eb1ng bi\u1ec3u t\u01b0\u1ee3ng t\u00edch h\u1ee3p \u0111\u00e8n LED 3D Pixel","breadcrumb":{"@id":"https:\/\/vilight.vn\/website\/thong-tin-hot\/#breadcrumb"},"inLanguage":"vi","potentialAction":[{"@type":"ReadAction","target":["https:\/\/vilight.vn\/website\/thong-tin-hot\/"]}]},{"@type":"ImageObject","inLanguage":"vi","@id":"https:\/\/vilight.vn\/website\/thong-tin-hot\/#primaryimage","url":"https:\/\/vilight.vn\/website\/wp-content\/uploads\/2022\/06\/chieu_sang_khu_cong_nghiep_thong_minh_dieu_khien_tu_xa_tiet_kiem_dien_nang.jpg","contentUrl":"https:\/\/vilight.vn\/website\/wp-content\/uploads\/2022\/06\/chieu_sang_khu_cong_nghiep_thong_minh_dieu_khien_tu_xa_tiet_kiem_dien_nang.jpg","width":1200,"height":630},{"@type":"BreadcrumbList","@id":"https:\/\/vilight.vn\/website\/thong-tin-hot\/#breadcrumb","itemListElement":[{"@type":"ListItem","position":1,"name":"Home","item":"https:\/\/vilight.vn\/website\/"},{"@type":"ListItem","position":2,"name":"Th\u00f4ng tin hot"}]},{"@type":"WebSite","@id":"https:\/\/vilight.vn\/website\/#website","url":"https:\/\/vilight.vn\/website\/","name":"Vilight Co.ltd","description":"Chi\u1ebfu s\u00e1ng m\u1ef9 thu\u1eadt, chi\u1ebfu s\u00e1ng th\u00f4ng minh, LED Pixel 3D, chi\u1ebfu s\u00e1ng trang tr\u00ed \u0111\u00f4 th\u1ecb, chi\u1ebfu s\u00e1ng v\u00f2ng xoay, chi\u1ebfu s\u00e1ng \u0111\u1ea3o giao th\u00f4ng, c\u1ed5ng ch\u00e0o \u0111\u00f4 th\u1ecb","publisher":{"@id":"https:\/\/vilight.vn\/website\/#organization"},"potentialAction":[{"@type":"SearchAction","target":{"@type":"EntryPoint","urlTemplate":"https:\/\/vilight.vn\/website\/?s={search_term_string}"},"query-input":{"@type":"PropertyValueSpecification","valueRequired":true,"valueName":"search_term_string"}}],"inLanguage":"vi"},{"@type":"Organization","@id":"https:\/\/vilight.vn\/website\/#organization","name":"Vilight","url":"https:\/\/vilight.vn\/website\/","logo":{"@type":"ImageObject","inLanguage":"vi","@id":"https:\/\/vilight.vn\/website\/#\/schema\/logo\/image\/","url":"https:\/\/vilight.vn\/website\/wp-content\/uploads\/2022\/05\/chieu_sang_trang_tri_do_thi_bang_den_led_pixel.png","contentUrl":"https:\/\/vilight.vn\/website\/wp-content\/uploads\/2022\/05\/chieu_sang_trang_tri_do_thi_bang_den_led_pixel.png","width":800,"height":427,"caption":"Vilight"},"image":{"@id":"https:\/\/vilight.vn\/website\/#\/schema\/logo\/image\/"},"sameAs":["http:\/\/facebook.com\/vilight.vn","https:\/\/www.linkedin.com\/company\/vilight-vn","https:\/\/www.youtube.com\/channel\/UCEwR2naeDcuarMX1kSv_rLQ\/videos"]}]}},"_links":{"self":[{"href":"https:\/\/vilight.vn\/website\/wp-json\/wp\/v2\/pages\/2090","targetHints":{"allow":["GET"]}}],"collection":[{"href":"https:\/\/vilight.vn\/website\/wp-json\/wp\/v2\/pages"}],"about":[{"href":"https:\/\/vilight.vn\/website\/wp-json\/wp\/v2\/types\/page"}],"author":[{"embeddable":true,"href":"https:\/\/vilight.vn\/website\/wp-json\/wp\/v2\/users\/1"}],"replies":[{"embeddable":true,"href":"https:\/\/vilight.vn\/website\/wp-json\/wp\/v2\/comments?post=2090"}],"version-history":[{"count":0,"href":"https:\/\/vilight.vn\/website\/wp-json\/wp\/v2\/pages\/2090\/revisions"}],"wp:attachment":[{"href":"https:\/\/vilight.vn\/website\/wp-json\/wp\/v2\/media?parent=2090"}],"curies":[{"name":"wp","href":"https:\/\/api.w.org\/{rel}","templated":true}]}}