{"id":223,"date":"2021-01-23T09:08:58","date_gmt":"2021-01-23T02:08:58","guid":{"rendered":"http:\/\/vilight.vn\/website\/?page_id=223"},"modified":"2022-06-27T13:48:05","modified_gmt":"2022-06-27T06:48:05","slug":"ve-vilight","status":"publish","type":"page","link":"https:\/\/vilight.vn\/website\/ve-vilight\/","title":{"rendered":"V\u1ec1 Vilight"},"content":{"rendered":"<h2>1. Th\u00f4ng tin v\u1ec1 Vilight chi\u1ebfu s\u00e1ng ngh\u1ec7 thu\u1eadt, chi\u1ebfu s\u00e1ng th\u00f4ng minh :<\/h2>\n<p>Vilight \u0111\u01b0\u1ee3c th\u00e0nh l\u1eadp v\u00e0 \u0111i v\u00e0o ho\u1ea1t \u0111\u1ed9ng t\u1eeb n\u0103m 2014 v\u1edbi nhi\u1ec1u kinh nghi\u1ec7m trong l\u0129nh v\u1ef1c chi\u1ebfu s\u00e1ng th\u00f4ng minh, chi\u1ebfu s\u00e1ng m\u1ef9 thu\u1eadt, chi\u1ebfu s\u00e1ng ngo\u00e0i tr\u1eddi (chi\u1ebfu s\u00e1ng \u0111\u00f4 th\u1ecb, c\u1ea3nh quan, facade&#8230;). Vilight hi\u1ec7n l\u00e0 \u0111\u1ea1i l\u00fd c\u00e1c h\u00e3ng \u0111\u00e8n l\u1edbn nh\u01b0 :<a href=\"https:\/\/vilight.vn\/website\/vilight-dai-ly-den-meyer-duc\/\" target=\"_blank\" rel=\"noopener\">&#8211; Meyer Lighting (\u0110\u1ee9c)<\/a><a href=\"https:\/\/vilight.vn\/website\/vilight-dai-ly-den-sides-italia\/\" target=\"_blank\" rel=\"noopener\">&#8211; SideSpa (Italia)<\/a><a href=\"https:\/\/vilight.vn\/website\/dai-ly-doc-quyen-shled\/\" target=\"_blank\" rel=\"noopener\">&#8211; SHLED (Trung Qu\u1ed1c)<\/a>&#8230;<\/p>\n<h2>2. Chi\u1ebfu s\u00e1ng th\u00f4ng minh :<\/h2>\n<p>Vilight l\u00e0 \u0111\u01a1n v\u1ecb d\u1eabn \u0111\u1ea7u trong vi\u1ec7c \u00e1p d\u1ee5ng s\u1ea3n ph\u1ea9m chi\u1ebfu s\u00e1ng th\u00f4ng minh. C\u00e1c thi\u1ebft b\u1ecb \u0111i\u1ec1u khi\u1ec3n chi\u1ebfu s\u00e1ng th\u00f4ng minh c\u1ee7a Vilight c\u00f3 m\u1eb7t \u1edf nhi\u1ec1u t\u1ec9nh th\u00e0nh tr\u00ean kh\u1eafp c\u1ea3 n\u01b0\u1edbc nh\u01b0 H\u1ed9i An, Cam Ranh, Quy Nh\u01a1n, C\u1ea7n Th\u01a1, Hu\u1ebf, H\u00e0 T\u0129nh, Qu\u1ea3ng B\u00ecnh, Qu\u1ea3ng Tr\u1ecb, Tp.HCM (24 Qu\u1eadn huy\u1ec7n, Ph\u1ed1 \u0111i B\u1ed9 Nguy\u1ec5n Hu\u1ec7, Khu C\u00f4ng ngh\u1ec7 Cao Tp.HCM, \u0110\u00f4 th\u1ecb m\u1edbi Th\u1ee7 Thi\u00eam), \u0110\u1ed3ng Nai, Ph\u00fa Y\u00ean&#8230;l\u00e0 nhi\u1ec1u khu \u0111\u00f4 th\u1ecb kh\u00e1c.<\/p>\n<h3>D\u00e2y chuy\u1ec1n s\u1ea3n xu\u1ea5t c\u00e1c thi\u1ebft b\u1ecb chi\u1ebfu s\u00e1ng th\u00f4ng minh c\u1ee7a Vilight :<\/h3>\n<p>justify<br \/>\njustify<br \/>\nno-repeat;left top;;<br \/>\nauto<\/p>\n<p><img decoding=\"async\" data-src=\"https:\/\/vilight.vn\/website\/wp-content\/uploads\/2021\/07\/sxicenter.jpg\" alt=\"sxicenter\" src=\"data:image\/svg+xml;base64,PHN2ZyB3aWR0aD0iMSIgaGVpZ2h0PSIxIiB4bWxucz0iaHR0cDovL3d3dy53My5vcmcvMjAwMC9zdmciPjwvc3ZnPg==\" class=\"lazyload\" style=\"--smush-placeholder-width: 1574px; --smush-placeholder-aspect-ratio: 1574\/702;\" \/><br \/>\nfull<br \/>\nD\u00e2y chuy\u1ec1n s\u1ea3n xu\u1ea5t b\u1ed9 \u0111i\u1ec1u khi\u1ec3n trung t\u00e2m Icenter<\/p>\n<p><img decoding=\"async\" data-src=\"https:\/\/vilight.vn\/website\/wp-content\/uploads\/2021\/07\/daychuyensx1.jpg\" alt=\"daychuyensx1\" src=\"data:image\/svg+xml;base64,PHN2ZyB3aWR0aD0iMSIgaGVpZ2h0PSIxIiB4bWxucz0iaHR0cDovL3d3dy53My5vcmcvMjAwMC9zdmciPjwvc3ZnPg==\" class=\"lazyload\" style=\"--smush-placeholder-width: 2200px; --smush-placeholder-aspect-ratio: 2200\/1644;\" \/><br \/>\nfull<br \/>\nD\u00e2y chuy\u1ec1n s\u1ea3n xu\u1ea5t b\u1ed9 \u0111i\u1ec1u khi\u1ec3n trung t\u00e2m Icenter<\/p>\n<p><img decoding=\"async\" data-src=\"https:\/\/vilight.vn\/website\/wp-content\/uploads\/2021\/07\/daychuyensx2.jpg\" alt=\"daychuyensx2\" src=\"data:image\/svg+xml;base64,PHN2ZyB3aWR0aD0iMSIgaGVpZ2h0PSIxIiB4bWxucz0iaHR0cDovL3d3dy53My5vcmcvMjAwMC9zdmciPjwvc3ZnPg==\" class=\"lazyload\" style=\"--smush-placeholder-width: 2200px; --smush-placeholder-aspect-ratio: 2200\/1644;\" \/><br \/>\nfull<br \/>\nD\u00e2y chuy\u1ec1n s\u1ea3n xu\u1ea5t b\u1ed9 \u0111i\u1ec1u khi\u1ec3n trung t\u00e2m Icenter<\/p>\n<h3>Gi\u1ea3i th\u01b0\u1edfng &amp; b\u00e1o ch\u00ed :<\/h3>\n<p>1. Vilight \u0111\u01b0\u1ee3c UBND Th\u00e0nh ph\u1ed1 H\u1ed3 Ch\u00ed Minh khen t\u1eb7ng l\u00e0 <a href=\"https:\/\/vilight.vn\/website\/giai-thuong-cntt-tt\/\" target=\"_blank\" rel=\"noopener\">doanh nghi\u1ec7p c\u00f3 gi\u1ea3i ph\u00e1p s\u1ea3n ph\u1ea9m ph\u1ea7n c\u1ee9ng ti\u00eau bi\u1ec3u<\/a> c\u1ee7a Th\u00e0nh ph\u1ed1 n\u0103m 2019.2. <a href=\"https:\/\/www.sggp.org.vn\/hieu-qua-voi-he-thong-dieu-khien-chieu-sang-thong-minh-vilight-695585.html\" target=\"_blank\" rel=\"noopener\">Hi\u1ec7u qu\u1ea3 v\u1edbi h\u1ec7 th\u1ed1ng \u0111i\u1ec1u khi\u1ec3n chi\u1ebfu s\u00e1ng th\u00f4ng minh Vilight<\/a> (B\u00e1o S\u00e0i G\u00f2n Gi\u1ea3i ph\u00f3ng)3. <a href=\"http:\/\/www.htv.com.vn\/chieu-sang-thong-minh-trong-do-thi-thong-minh-40\" target=\"_blank\" rel=\"noopener\">\u0110\u00e0i truy\u1ec1n h\u00ecnh Tp.HCM th\u1ef1c hi\u1ec7n ph\u00f3ng s\u1ef1 v\u1ec1 Vilight<\/a><br \/>\njustify<br \/>\nno-repeat;left top;;<br \/>\nauto<\/p>\n<h2>3. Chi\u1ebfu s\u00e1ng ki\u1ebfn tr\u00fac, chi\u1ebfu s\u00e1ng Facade :<\/h2>\n<p>Ch\u00fang t\u00f4i cung c\u1ea5p c\u00e1c gi\u1ea3i ph\u00e1p chi\u1ebfu s\u00e1ng m\u1ef9 thu\u1eadt hi\u1ec7n \u0111\u1ea1i, sang tr\u1ecdng cho c\u00e1c t\u00f2a nh\u00e0, bi\u1ec7t th\u1ef1, c\u00f4ng tr\u00ecnh ki\u1ebfn tr\u00fac, c\u00f4ng tr\u00ecnh v\u0103n h\u00f3a&#8230;Minh h\u1ecda :<img decoding=\"async\" data-src=\"https:\/\/vilight.vn\/website\/wp-content\/uploads\/2021\/09\/03-scaled.jpg\" alt=\"Gi\u1edbi thi\u1ec7u\" src=\"data:image\/svg+xml;base64,PHN2ZyB3aWR0aD0iMSIgaGVpZ2h0PSIxIiB4bWxucz0iaHR0cDovL3d3dy53My5vcmcvMjAwMC9zdmciPjwvc3ZnPg==\" class=\"lazyload\" style=\"--smush-placeholder-width: 2560px; --smush-placeholder-aspect-ratio: 2560\/1584;\" \/><\/p>\n<h2>4. Chi\u1ebfu s\u00e1ng trang tr\u00ed \u0111\u00f4 th\u1ecb ki\u1ec3u m\u1edbi :<\/h2>\n<p>justify<br \/>\njustify<br \/>\nno-repeat;left top;;<br \/>\nauto<\/p>\n<p><img decoding=\"async\" data-src=\"https:\/\/vilight.vn\/website\/wp-content\/uploads\/2021\/06\/shled.jpg\" alt=\"shled\" src=\"data:image\/svg+xml;base64,PHN2ZyB3aWR0aD0iMSIgaGVpZ2h0PSIxIiB4bWxucz0iaHR0cDovL3d3dy53My5vcmcvMjAwMC9zdmciPjwvc3ZnPg==\" class=\"lazyload\" style=\"--smush-placeholder-width: 1440px; --smush-placeholder-aspect-ratio: 1440\/577;\" \/><br \/>\nfull<\/p>\n<p>Vilight chi\u1ebfu s\u00e1ng ngh\u1ec7 thu\u1eadt thi\u1ebft k\u1ebf c\u00e1c m\u00f4 h\u00ecnh trang tr\u00ed \u0111\u00f4 th\u1ecb c\u00f3 t\u00ednh ki\u1ebfn tr\u00fac cao, to\u00e1t y\u1ebfu \u0111\u01b0\u1ee3c c\u00e1c \u0111\u1eb7c tr\u01b0ng c\u1ee7a t\u1eebng \u0111\u00f4 th\u1ecb.C\u00e1c bi\u1ec3u t\u01b0\u1ee3ng \u0111\u01b0\u1ee3c t\u00edch h\u1ee3p \u0111\u00e8n LED \u0111\u1ec3 ch\u1ea1y hi\u1ec7u \u1ee9ng n\u1ed5i b\u1eadc v\u1ec1 \u0111\u00eam.<br \/>\njustify<br \/>\njustify<br \/>\nno-repeat;left top;;<br \/>\nauto<\/p>\n<h2>5. Chuy\u00ean gia chi\u1ebfu s\u00e1ng ngh\u1ec7 thu\u1eadt :<\/h2>\n<p>\u00d4ng Tr\u1ea7n Quang Nguy\u00ean, CEO c\u1ee7a Vilight c\u00f3 kinh nghi\u1ec7m ho\u1ea1t \u0111\u1ed9ng trong l\u0129nh v\u1ef1c chi\u1ebfu s\u00e1ng li\u00ean t\u1ee5c t\u1eeb n\u0103m 2014 \u0111\u1ebfn nay, v\u1edbi nhi\u1ec1u c\u00f4ng tr\u00ecnh thi\u1ebft k\u1ebf l\u1edbn, c\u00f3 \u00fd ngh\u0129a quan tr\u1ecdng trong v\u00e0 ngo\u00e0i n\u01b0\u1edbc. Trong \u0111\u00f3 c\u00f3 th\u1ec3 k\u1ec3 t\u1edbi :- H\u1ec7 th\u1ed1ng chi\u1ebfu s\u00e1ng L\u0103ng Ch\u1ee7 t\u1ecbch H\u1ed3 Ch\u00ed Minh v\u00e0 Qu\u1ea3ng tr\u01b0\u1eddng Ba \u0110\u00ecnh (H\u00e0 N\u1ed9i &#8211; Vi\u1ec7t Nam) :<br \/>\njustify<br \/>\njustify<br \/>\nno-repeat;left top;;<br \/>\nauto<\/p>\n<p><img decoding=\"async\" data-src=\"https:\/\/vilight.vn\/website\/wp-content\/uploads\/2021\/07\/TT33.jpg\" alt=\"TT33\" src=\"data:image\/svg+xml;base64,PHN2ZyB3aWR0aD0iMSIgaGVpZ2h0PSIxIiB4bWxucz0iaHR0cDovL3d3dy53My5vcmcvMjAwMC9zdmciPjwvc3ZnPg==\" class=\"lazyload\" style=\"--smush-placeholder-width: 1788px; --smush-placeholder-aspect-ratio: 1788\/926;\" \/><br \/>\nfull<\/p>\n<p>&#8211; H\u1ec7 th\u1ed1ng chi\u1ebfu s\u00e1ng t\u01b0\u1ee3ng \u0110\u00e0i v\u00e0 Qu\u1ea3ng tr\u01b0\u1eddng Kaysone PhomVihane &#8211; Savannakhet, L\u00e0o :<br \/>\nno-repeat;left top;;<br \/>\nauto<\/p>\n<p><img decoding=\"async\" data-src=\"https:\/\/vilight.vn\/website\/wp-content\/uploads\/2021\/07\/CHON_12-scaled.jpg\" alt=\"\" src=\"data:image\/svg+xml;base64,PHN2ZyB3aWR0aD0iMSIgaGVpZ2h0PSIxIiB4bWxucz0iaHR0cDovL3d3dy53My5vcmcvMjAwMC9zdmciPjwvc3ZnPg==\" class=\"lazyload\" style=\"--smush-placeholder-width: 2560px; --smush-placeholder-aspect-ratio: 2560\/1707;\" \/><br \/>\nfull<\/p>\n<p><img decoding=\"async\" data-src=\"https:\/\/vilight.vn\/website\/wp-content\/uploads\/2021\/07\/CHON_8-scaled.jpg\" alt=\"\" src=\"data:image\/svg+xml;base64,PHN2ZyB3aWR0aD0iMSIgaGVpZ2h0PSIxIiB4bWxucz0iaHR0cDovL3d3dy53My5vcmcvMjAwMC9zdmciPjwvc3ZnPg==\" class=\"lazyload\" style=\"--smush-placeholder-width: 2560px; --smush-placeholder-aspect-ratio: 2560\/1707;\" \/><br \/>\nfull<\/p>\n<p><img decoding=\"async\" data-src=\"https:\/\/vilight.vn\/website\/wp-content\/uploads\/2021\/07\/CHON_11-scaled.jpg\" alt=\"\" src=\"data:image\/svg+xml;base64,PHN2ZyB3aWR0aD0iMSIgaGVpZ2h0PSIxIiB4bWxucz0iaHR0cDovL3d3dy53My5vcmcvMjAwMC9zdmciPjwvc3ZnPg==\" class=\"lazyload\" style=\"--smush-placeholder-width: 2560px; --smush-placeholder-aspect-ratio: 2560\/1707;\" \/><br \/>\nfull<\/p>\n","protected":false},"excerpt":{"rendered":"<p>1. Th\u00f4ng tin v\u1ec1 Vilight chi\u1ebfu s\u00e1ng ngh\u1ec7 thu\u1eadt, chi\u1ebfu s\u00e1ng th\u00f4ng minh : Vilight \u0111\u01b0\u1ee3c th\u00e0nh l\u1eadp v\u00e0 \u0111i v\u00e0o ho\u1ea1t \u0111\u1ed9ng t\u1eeb n\u0103m 2014 v\u1edbi nhi\u1ec1u kinh nghi\u1ec7m trong l\u0129nh v\u1ef1c chi\u1ebfu s\u00e1ng th\u00f4ng minh, chi\u1ebfu s\u00e1ng m\u1ef9 thu\u1eadt, chi\u1ebfu s\u00e1ng ngo\u00e0i tr\u1eddi (chi\u1ebfu s\u00e1ng \u0111\u00f4 th\u1ecb, c\u1ea3nh<span class=\"excerpt-hellip\"> [\u2026]<\/span><\/p>\n","protected":false},"author":1,"featured_media":0,"parent":0,"menu_order":0,"comment_status":"closed","ping_status":"closed","template":"","meta":{"footnotes":""},"class_list":["post-223","page","type-page","status-publish","hentry"],"yoast_head":"<!-- This site is optimized with the Yoast SEO Premium plugin v27.5 (Yoast SEO v27.5) - https:\/\/yoast.com\/product\/yoast-seo-premium-wordpress\/ -->\n<title>Vilight Chi\u1ebfu S\u00e1ng Ngh\u1ec7 Thu\u1eadt, Chi\u1ebfu S\u00e1ng Th\u00f4ng Minh, Trang Tr\u00ed \u0110\u00f4 Th\u1ecb<\/title>\n<meta name=\"description\" content=\"Vilight chi\u1ebfu s\u00e1ng ngh\u1ec7 thu\u1eadt, chi\u1ebfu s\u00e1ng th\u00f4ng minh, chi\u1ebfu s\u00e1ng trang tr\u00ed \u0111\u00f4 th\u1ecb, c\u1ed5ng ch\u00e0o \u0111\u00f4 th\u1ecb, c\u00e1c lo\u1ea1i \u0111\u00e8n led trang tr\u00ed pixel\" \/>\n<meta name=\"robots\" content=\"index, follow, max-snippet:-1, max-image-preview:large, max-video-preview:-1\" \/>\n<link rel=\"canonical\" href=\"https:\/\/vilight.vn\/website\/ve-vilight\/\" \/>\n<meta property=\"og:locale\" content=\"vi_VN\" \/>\n<meta property=\"og:type\" content=\"article\" \/>\n<meta property=\"og:title\" content=\"V\u1ec1 Vilight\" \/>\n<meta property=\"og:description\" content=\"1. Th\u00f4ng tin v\u1ec1 Vilight chi\u1ebfu s\u00e1ng ngh\u1ec7 thu\u1eadt, chi\u1ebfu s\u00e1ng th\u00f4ng minh : Vilight \u0111\u01b0\u1ee3c th\u00e0nh l\u1eadp v\u00e0 \u0111i v\u00e0o ho\u1ea1t \u0111\u1ed9ng t\u1eeb n\u0103m 2014 v\u1edbi nhi\u1ec1u kinh nghi\u1ec7m trong\" \/>\n<meta property=\"og:url\" content=\"https:\/\/vilight.vn\/website\/ve-vilight\/\" \/>\n<meta property=\"og:site_name\" content=\"Vilight Co.ltd\" \/>\n<meta property=\"article:publisher\" content=\"http:\/\/facebook.com\/vilight.vn\" \/>\n<meta property=\"article:modified_time\" content=\"2022-06-27T06:48:05+00:00\" \/>\n<meta property=\"og:image\" content=\"https:\/\/vilight.vn\/website\/wp-content\/uploads\/2021\/07\/sxicenter.png\" \/>\n<meta name=\"twitter:card\" content=\"summary_large_image\" \/>\n<meta name=\"twitter:label1\" content=\"\u01af\u1edbc t\u00ednh th\u1eddi gian \u0111\u1ecdc\" \/>\n\t<meta name=\"twitter:data1\" content=\"5 ph\u00fat\" \/>\n<script type=\"application\/ld+json\" class=\"yoast-schema-graph\">{\"@context\":\"https:\\\/\\\/schema.org\",\"@graph\":[{\"@type\":\"WebPage\",\"@id\":\"https:\\\/\\\/vilight.vn\\\/website\\\/ve-vilight\\\/\",\"url\":\"https:\\\/\\\/vilight.vn\\\/website\\\/ve-vilight\\\/\",\"name\":\"Vilight Chi\u1ebfu S\u00e1ng Ngh\u1ec7 Thu\u1eadt, Chi\u1ebfu S\u00e1ng Th\u00f4ng Minh, Trang Tr\u00ed \u0110\u00f4 Th\u1ecb\",\"isPartOf\":{\"@id\":\"https:\\\/\\\/vilight.vn\\\/website\\\/#website\"},\"primaryImageOfPage\":{\"@id\":\"https:\\\/\\\/vilight.vn\\\/website\\\/ve-vilight\\\/#primaryimage\"},\"image\":{\"@id\":\"https:\\\/\\\/vilight.vn\\\/website\\\/ve-vilight\\\/#primaryimage\"},\"thumbnailUrl\":\"https:\\\/\\\/vilight.vn\\\/website\\\/wp-content\\\/uploads\\\/2021\\\/07\\\/sxicenter.jpg\",\"datePublished\":\"2021-01-23T02:08:58+00:00\",\"dateModified\":\"2022-06-27T06:48:05+00:00\",\"description\":\"Vilight chi\u1ebfu s\u00e1ng ngh\u1ec7 thu\u1eadt, chi\u1ebfu s\u00e1ng th\u00f4ng minh, chi\u1ebfu s\u00e1ng trang tr\u00ed \u0111\u00f4 th\u1ecb, c\u1ed5ng ch\u00e0o \u0111\u00f4 th\u1ecb, c\u00e1c lo\u1ea1i \u0111\u00e8n led trang tr\u00ed pixel\",\"breadcrumb\":{\"@id\":\"https:\\\/\\\/vilight.vn\\\/website\\\/ve-vilight\\\/#breadcrumb\"},\"inLanguage\":\"vi\",\"potentialAction\":[{\"@type\":\"ReadAction\",\"target\":[\"https:\\\/\\\/vilight.vn\\\/website\\\/ve-vilight\\\/\"]}]},{\"@type\":\"ImageObject\",\"inLanguage\":\"vi\",\"@id\":\"https:\\\/\\\/vilight.vn\\\/website\\\/ve-vilight\\\/#primaryimage\",\"url\":\"https:\\\/\\\/vilight.vn\\\/website\\\/wp-content\\\/uploads\\\/2021\\\/07\\\/sxicenter.jpg\",\"contentUrl\":\"https:\\\/\\\/vilight.vn\\\/website\\\/wp-content\\\/uploads\\\/2021\\\/07\\\/sxicenter.jpg\",\"width\":1574,\"height\":702},{\"@type\":\"BreadcrumbList\",\"@id\":\"https:\\\/\\\/vilight.vn\\\/website\\\/ve-vilight\\\/#breadcrumb\",\"itemListElement\":[{\"@type\":\"ListItem\",\"position\":1,\"name\":\"Home\",\"item\":\"https:\\\/\\\/vilight.vn\\\/website\\\/\"},{\"@type\":\"ListItem\",\"position\":2,\"name\":\"V\u1ec1 Vilight\"}]},{\"@type\":\"WebSite\",\"@id\":\"https:\\\/\\\/vilight.vn\\\/website\\\/#website\",\"url\":\"https:\\\/\\\/vilight.vn\\\/website\\\/\",\"name\":\"Vilight Co.ltd\",\"description\":\"Chi\u1ebfu s\u00e1ng m\u1ef9 thu\u1eadt, chi\u1ebfu s\u00e1ng th\u00f4ng minh, LED Pixel 3D, chi\u1ebfu s\u00e1ng trang tr\u00ed \u0111\u00f4 th\u1ecb, chi\u1ebfu s\u00e1ng v\u00f2ng xoay, chi\u1ebfu s\u00e1ng \u0111\u1ea3o giao th\u00f4ng, c\u1ed5ng ch\u00e0o \u0111\u00f4 th\u1ecb\",\"publisher\":{\"@id\":\"https:\\\/\\\/vilight.vn\\\/website\\\/#organization\"},\"potentialAction\":[{\"@type\":\"SearchAction\",\"target\":{\"@type\":\"EntryPoint\",\"urlTemplate\":\"https:\\\/\\\/vilight.vn\\\/website\\\/?s={search_term_string}\"},\"query-input\":{\"@type\":\"PropertyValueSpecification\",\"valueRequired\":true,\"valueName\":\"search_term_string\"}}],\"inLanguage\":\"vi\"},{\"@type\":\"Organization\",\"@id\":\"https:\\\/\\\/vilight.vn\\\/website\\\/#organization\",\"name\":\"Vilight\",\"url\":\"https:\\\/\\\/vilight.vn\\\/website\\\/\",\"logo\":{\"@type\":\"ImageObject\",\"inLanguage\":\"vi\",\"@id\":\"https:\\\/\\\/vilight.vn\\\/website\\\/#\\\/schema\\\/logo\\\/image\\\/\",\"url\":\"https:\\\/\\\/vilight.vn\\\/website\\\/wp-content\\\/uploads\\\/2022\\\/05\\\/chieu_sang_trang_tri_do_thi_bang_den_led_pixel.png\",\"contentUrl\":\"https:\\\/\\\/vilight.vn\\\/website\\\/wp-content\\\/uploads\\\/2022\\\/05\\\/chieu_sang_trang_tri_do_thi_bang_den_led_pixel.png\",\"width\":800,\"height\":427,\"caption\":\"Vilight\"},\"image\":{\"@id\":\"https:\\\/\\\/vilight.vn\\\/website\\\/#\\\/schema\\\/logo\\\/image\\\/\"},\"sameAs\":[\"http:\\\/\\\/facebook.com\\\/vilight.vn\",\"https:\\\/\\\/www.linkedin.com\\\/company\\\/vilight-vn\",\"https:\\\/\\\/www.youtube.com\\\/channel\\\/UCEwR2naeDcuarMX1kSv_rLQ\\\/videos\"]}]}<\/script>\n<!-- \/ Yoast SEO Premium plugin. -->","yoast_head_json":{"title":"Vilight Chi\u1ebfu S\u00e1ng Ngh\u1ec7 Thu\u1eadt, Chi\u1ebfu S\u00e1ng Th\u00f4ng Minh, Trang Tr\u00ed \u0110\u00f4 Th\u1ecb","description":"Vilight chi\u1ebfu s\u00e1ng ngh\u1ec7 thu\u1eadt, chi\u1ebfu s\u00e1ng th\u00f4ng minh, chi\u1ebfu s\u00e1ng trang tr\u00ed \u0111\u00f4 th\u1ecb, c\u1ed5ng ch\u00e0o \u0111\u00f4 th\u1ecb, c\u00e1c lo\u1ea1i \u0111\u00e8n led trang tr\u00ed pixel","robots":{"index":"index","follow":"follow","max-snippet":"max-snippet:-1","max-image-preview":"max-image-preview:large","max-video-preview":"max-video-preview:-1"},"canonical":"https:\/\/vilight.vn\/website\/ve-vilight\/","og_locale":"vi_VN","og_type":"article","og_title":"V\u1ec1 Vilight","og_description":"1. Th\u00f4ng tin v\u1ec1 Vilight chi\u1ebfu s\u00e1ng ngh\u1ec7 thu\u1eadt, chi\u1ebfu s\u00e1ng th\u00f4ng minh : Vilight \u0111\u01b0\u1ee3c th\u00e0nh l\u1eadp v\u00e0 \u0111i v\u00e0o ho\u1ea1t \u0111\u1ed9ng t\u1eeb n\u0103m 2014 v\u1edbi nhi\u1ec1u kinh nghi\u1ec7m trong","og_url":"https:\/\/vilight.vn\/website\/ve-vilight\/","og_site_name":"Vilight Co.ltd","article_publisher":"http:\/\/facebook.com\/vilight.vn","article_modified_time":"2022-06-27T06:48:05+00:00","og_image":[{"url":"https:\/\/vilight.vn\/website\/wp-content\/uploads\/2021\/07\/sxicenter.png","type":"","width":"","height":""}],"twitter_card":"summary_large_image","twitter_misc":{"\u01af\u1edbc t\u00ednh th\u1eddi gian \u0111\u1ecdc":"5 ph\u00fat"},"schema":{"@context":"https:\/\/schema.org","@graph":[{"@type":"WebPage","@id":"https:\/\/vilight.vn\/website\/ve-vilight\/","url":"https:\/\/vilight.vn\/website\/ve-vilight\/","name":"Vilight Chi\u1ebfu S\u00e1ng Ngh\u1ec7 Thu\u1eadt, Chi\u1ebfu S\u00e1ng Th\u00f4ng Minh, Trang Tr\u00ed \u0110\u00f4 Th\u1ecb","isPartOf":{"@id":"https:\/\/vilight.vn\/website\/#website"},"primaryImageOfPage":{"@id":"https:\/\/vilight.vn\/website\/ve-vilight\/#primaryimage"},"image":{"@id":"https:\/\/vilight.vn\/website\/ve-vilight\/#primaryimage"},"thumbnailUrl":"https:\/\/vilight.vn\/website\/wp-content\/uploads\/2021\/07\/sxicenter.jpg","datePublished":"2021-01-23T02:08:58+00:00","dateModified":"2022-06-27T06:48:05+00:00","description":"Vilight chi\u1ebfu s\u00e1ng ngh\u1ec7 thu\u1eadt, chi\u1ebfu s\u00e1ng th\u00f4ng minh, chi\u1ebfu s\u00e1ng trang tr\u00ed \u0111\u00f4 th\u1ecb, c\u1ed5ng ch\u00e0o \u0111\u00f4 th\u1ecb, c\u00e1c lo\u1ea1i \u0111\u00e8n led trang tr\u00ed pixel","breadcrumb":{"@id":"https:\/\/vilight.vn\/website\/ve-vilight\/#breadcrumb"},"inLanguage":"vi","potentialAction":[{"@type":"ReadAction","target":["https:\/\/vilight.vn\/website\/ve-vilight\/"]}]},{"@type":"ImageObject","inLanguage":"vi","@id":"https:\/\/vilight.vn\/website\/ve-vilight\/#primaryimage","url":"https:\/\/vilight.vn\/website\/wp-content\/uploads\/2021\/07\/sxicenter.jpg","contentUrl":"https:\/\/vilight.vn\/website\/wp-content\/uploads\/2021\/07\/sxicenter.jpg","width":1574,"height":702},{"@type":"BreadcrumbList","@id":"https:\/\/vilight.vn\/website\/ve-vilight\/#breadcrumb","itemListElement":[{"@type":"ListItem","position":1,"name":"Home","item":"https:\/\/vilight.vn\/website\/"},{"@type":"ListItem","position":2,"name":"V\u1ec1 Vilight"}]},{"@type":"WebSite","@id":"https:\/\/vilight.vn\/website\/#website","url":"https:\/\/vilight.vn\/website\/","name":"Vilight Co.ltd","description":"Chi\u1ebfu s\u00e1ng m\u1ef9 thu\u1eadt, chi\u1ebfu s\u00e1ng th\u00f4ng minh, LED Pixel 3D, chi\u1ebfu s\u00e1ng trang tr\u00ed \u0111\u00f4 th\u1ecb, chi\u1ebfu s\u00e1ng v\u00f2ng xoay, chi\u1ebfu s\u00e1ng \u0111\u1ea3o giao th\u00f4ng, c\u1ed5ng ch\u00e0o \u0111\u00f4 th\u1ecb","publisher":{"@id":"https:\/\/vilight.vn\/website\/#organization"},"potentialAction":[{"@type":"SearchAction","target":{"@type":"EntryPoint","urlTemplate":"https:\/\/vilight.vn\/website\/?s={search_term_string}"},"query-input":{"@type":"PropertyValueSpecification","valueRequired":true,"valueName":"search_term_string"}}],"inLanguage":"vi"},{"@type":"Organization","@id":"https:\/\/vilight.vn\/website\/#organization","name":"Vilight","url":"https:\/\/vilight.vn\/website\/","logo":{"@type":"ImageObject","inLanguage":"vi","@id":"https:\/\/vilight.vn\/website\/#\/schema\/logo\/image\/","url":"https:\/\/vilight.vn\/website\/wp-content\/uploads\/2022\/05\/chieu_sang_trang_tri_do_thi_bang_den_led_pixel.png","contentUrl":"https:\/\/vilight.vn\/website\/wp-content\/uploads\/2022\/05\/chieu_sang_trang_tri_do_thi_bang_den_led_pixel.png","width":800,"height":427,"caption":"Vilight"},"image":{"@id":"https:\/\/vilight.vn\/website\/#\/schema\/logo\/image\/"},"sameAs":["http:\/\/facebook.com\/vilight.vn","https:\/\/www.linkedin.com\/company\/vilight-vn","https:\/\/www.youtube.com\/channel\/UCEwR2naeDcuarMX1kSv_rLQ\/videos"]}]}},"_links":{"self":[{"href":"https:\/\/vilight.vn\/website\/wp-json\/wp\/v2\/pages\/223","targetHints":{"allow":["GET"]}}],"collection":[{"href":"https:\/\/vilight.vn\/website\/wp-json\/wp\/v2\/pages"}],"about":[{"href":"https:\/\/vilight.vn\/website\/wp-json\/wp\/v2\/types\/page"}],"author":[{"embeddable":true,"href":"https:\/\/vilight.vn\/website\/wp-json\/wp\/v2\/users\/1"}],"replies":[{"embeddable":true,"href":"https:\/\/vilight.vn\/website\/wp-json\/wp\/v2\/comments?post=223"}],"version-history":[{"count":0,"href":"https:\/\/vilight.vn\/website\/wp-json\/wp\/v2\/pages\/223\/revisions"}],"wp:attachment":[{"href":"https:\/\/vilight.vn\/website\/wp-json\/wp\/v2\/media?parent=223"}],"curies":[{"name":"wp","href":"https:\/\/api.w.org\/{rel}","templated":true}]}}