{"id":5365,"date":"2025-06-23T15:54:29","date_gmt":"2025-06-23T08:54:29","guid":{"rendered":"https:\/\/vilight.vn\/website\/?page_id=5365"},"modified":"2025-07-30T16:53:19","modified_gmt":"2025-07-30T09:53:19","slug":"blog-new","status":"publish","type":"page","link":"https:\/\/vilight.vn\/website\/blog-new\/","title":{"rendered":"Blog New"},"content":{"rendered":"<h1>Chi\u1ebfu s\u00e1ng trang tr\u00ed :<\/h1>\n<h2>\u0110\u00e8n led s\u00e2n v\u01b0\u1eddn Tp HCM :<\/h2>\n<p>C\u00e1c lo\u1ea1i \u0111\u00e8n Bollard, \u0111\u00e8n n\u1ea5m, \u0111\u00e8n chi\u1ebfu s\u00e1ng s\u00e2n v\u01b0\u1eddn c\u00f3 ki\u1ec3u d\u00e1ng hi\u1ec7n \u0111\u1ea1i, s\u1eed d\u1ee5ng b\u00f3ng LED ti\u1ebft ki\u1ec7m \u0111i\u1ec7n n\u0103ng ti\u00eau th\u1ee5.<\/p>\n<h2>\u0110\u00e8n LED TH\u00d4NG MINH :<\/h2>\n<h2>C\u00e1c lo\u1ea1i \u0111\u00e8n LED th\u00f4ng minh, \u0111\u1eb7c bi\u1ec7t l\u00e0 c\u00e1c lo\u1ea1i \u0111\u00e8n \u0111\u01b0\u1eddng \u0111i\u1ec1u khi\u1ec3n t\u1eeb xa gi\u00fap v\u1eadn h\u00e0nh h\u1ec7 th\u1ed1ng chi\u1ebfu s\u00e1ng c\u00f4ng c\u1ed9ng th\u00f4ng minh<\/h2>\n<div id=\"attachment_3199\" style=\"width: 310px\" class=\"wp-caption alignnone\"><a href=\"https:\/\/vilight.vn\/website\/wp-content\/uploads\/2022\/05\/den_led_Thong_minh_lap_dat_bo_dieu_khien_den_idim-scaled.jpg\"><img decoding=\"async\" aria-describedby=\"caption-attachment-3199\" class=\"size-medium wp-image-3199 lazyload\" data-src=\"https:\/\/vilight.vn\/website\/wp-content\/uploads\/2022\/05\/den_led_Thong_minh_lap_dat_bo_dieu_khien_den_idim-300x225.jpg\" alt=\"\" width=\"300\" height=\"225\" src=\"data:image\/svg+xml;base64,PHN2ZyB3aWR0aD0iMSIgaGVpZ2h0PSIxIiB4bWxucz0iaHR0cDovL3d3dy53My5vcmcvMjAwMC9zdmciPjwvc3ZnPg==\" style=\"--smush-placeholder-width: 300px; --smush-placeholder-aspect-ratio: 300\/225;\" \/><\/a><p id=\"caption-attachment-3199\" class=\"wp-caption-text\">\u0111\u00e8n LED th\u00f4ng minh Vilight l\u1eafp \u0111\u1eb7t t\u1ea1i c\u00e1c \u0111\u00f4 th\u1ecb<\/p><\/div>\n<h2>Hoa v\u0103n trang tr\u00ed \u0111\u01b0\u1eddng ph\u1ed1 :<\/h2>\n<p>Ng\u00e0y nay, \u0111\u1ec3 trang tr\u00ed \u0111\u01b0\u1eddng ph\u1ed1, thay v\u00ec l\u00e0m c\u00e1c hoa v\u0103n th\u00f4ng th\u01b0\u1eddng \u0111\u00e3 c\u0169 k\u1ef9, Vilight thi\u1ebft k\u1ebf c\u00e1c bi\u1ec3u t\u01b0\u1ee3ng trang tr\u00ed c\u00f3 t\u00ednh ch\u1ea5t l\u00e2u d\u00e0i, b\u1ec1n v\u1eefng v\u1edbi th\u1eddi gian.<\/p>\n<p>Trong bi\u1ec3u t\u01b0\u1ee3ng, t\u00edch h\u1ee3p c\u00e1c \u0111\u00e8n LED Pixel \u0111\u1ec3 trang tr\u00ed \u0111\u00f4 th\u1ecb.<\/p>\n<h2>\u0110\u00e8n LED th\u00f4ng minh t\u00edch h\u1ee3p b\u1ed9 \u0111i\u1ec1u khi\u1ec3n IDIM NEMA.<\/h2>\n<ul>\n<li>\u0110\u00e8n c\u00f3 hi\u1ec7u su\u1ea5t quang cao &gt; 150lm\/w<\/li>\n<li>\u0110\u00e8n c\u00f3 tu\u1ed5i th\u1ecd &gt; 70.000 gi\u1edd.<\/li>\n<li>\u0110\u00e8n c\u00f3 ch\u1ed1ng s\u00e9t 10KV<\/li>\n<\/ul>\n<h2>B\u1ed9 \u0111i\u1ec1u khi\u1ec3n \u0111\u00e8n th\u00f4ng minh gi\u00fap gi\u00e1m s\u00e1t, \u0111i\u1ec1u khi\u1ec3n \u0111\u00e8n t\u1eeb xa.<\/h2>\n<p align=\"justify\">B\u1ed9 \u0111\u00e8n LED \u0111\u01b0\u1ee3c thi\u1ebft k\u1ebf theo \u0111\u00fang ti\u00eau chu\u1ea9n k\u1ef9 thu\u1eadt c\u1ee7a \u0111\u00e8n \u0111\u01b0\u1eddng: c\u00f4ng su\u1ea5t t\u1eeb 100 &#8211; 200W, c\u00f3 th\u1ec3 l\u1eafp tr\u00ean tr\u1ee5 ho\u1eb7c c\u1ea7n \u0111\u00e8n v\u1edbi g\u00f3c nghi\u00eang \u0111i\u1ec1u ch\u1ec9nh linh ho\u1ea1t.<\/p>\n<p align=\"justify\">\u0110\u00e8n c\u0169ng \u0111\u01b0\u1ee3c trang b\u1ecb ph\u1ea7n \u0111i\u1ec1u khi\u1ec3n k\u1ebft n\u1ed1i trung t\u00e2m hay thi\u1ebft b\u1ecb truy\u1ec1n d\u1eef li\u1ec7u, \u0111\u1ec3 \u0111i\u1ec1u khi\u1ec3n v\u00e0 \u0111o l\u01b0\u1eddng c\u00e1c th\u00f4ng s\u1ed1 c\u1ee7a \u0111\u00e8n.<\/p>\n<p align=\"justify\">Ngo\u00e0i ra, b\u1ed9 \u0111i\u1ec1u khi\u1ec3n c\u00f2n c\u00f3 kh\u1ea3 n\u0103ng nh\u1eadn v\u00e0 th\u1ef1c thi c\u00e1c l\u1ec7nh \u0111i\u1ec1u khi\u1ec3n m\u1edd theo th\u1eddi gian th\u1ef1c, c\u00f3 kh\u1ea3 n\u0103ng tr\u1ea3 l\u1eddi c\u00e1c th\u00f4ng tin t\u1eeb trung t\u00e2m v\u00e0 \u0111i\u1ec1u ch\u1ec9nh \u0111\u01b0\u1ee3c m\u1ecdi \u0111\u1ed9 m\u1edd c\u1ee7a \u0111\u00e8n. B\u1ed9 \u0111i\u1ec1u khi\u1ec3n \u0111\u01b0\u1ee3c l\u1eafp \u0111\u1eb7t \u1edf d\u01b0\u1edbi c\u00f9ng c\u1ee7a c\u1ed9t ho\u1eb7c b\u00ean trong \u0111\u00e8n m\u1ed9t c\u00e1ch d\u1ec5 d\u00e0ng v\u00e0 thu\u1eadn ti\u1ec7n.<\/p>\n<h2 align=\"justify\">Giao th\u1ee9c k\u1ebft n\u1ed1i MeshNetwork :<\/h2>\n<ul>\n<li>Gateway c\u00f4ng ngh\u1ec7 Lora VEGA BS (Gateway Lora).<\/li>\n<li>Gateway RF.<\/li>\n<li>Gateway Zigbee<\/li>\n<\/ul>\n<h2 align=\"justify\">Trung t\u00e2m \u0111i\u1ec1u khi\u1ec3n chi\u1ebfu s\u00e1ng th\u00f4ng minh :<\/h2>\n<p align=\"justify\">Ph\u1ea7n m\u1ec1m cho ph\u00e9p truy\u1ec1n th\u00f4ng th\u1eddi gian th\u1ef1c v\u1edbi to\u00e0n b\u1ed9 h\u1ec7 th\u1ed1ng qua m\u1ed9t giao di\u1ec7n web.<\/p>\n<p align=\"justify\">V\u1edbi c\u00e1c ch\u1ee9c n\u0103ng nh\u01b0 qu\u1ea3n l\u00fd nhi\u1ec1u d\u1ef1 \u00e1n \u0111\u00e8n \u0111\u01b0\u1eddng.<\/p>\n<p align=\"justify\">Bao nhi\u00eau ng\u01b0\u1eddi d\u00f9ng trong h\u1ec7 th\u1ed1ng.<\/p>\n<p align=\"justify\">Gi\u00e1m s\u00e1t tr\u1ef1c ti\u1ebfp c\u00e1c l\u1ed7i t\u1eebng \u0111\u00e8n, t\u1ee7 \u0111i\u1ec7n t\u1eebng khu v\u1ef1c.<\/p>\n<p align=\"justify\">B\u1ea3o tr\u00ec v\u00e0 b\u00e1o \u0111\u1ed9ng t\u00ecnh tr\u1ea1ng h\u1ec7 th\u1ed1ng;\u2026<\/p>\n<p align=\"justify\">Ph\u1ea7n m\u1ec1m qu\u1ea3n l\u00fd \u0111\u01b0\u1ee3c x\u00e2y d\u1ef1ng d\u1ef1a tr\u00ean \u1ee9ng d\u1ee5ng \u0111\u00e1m m\u00e2y cho ph\u00e9p c\u00e1c nh\u00e0 khai th\u00e1c truy c\u1eadp, ki\u1ec3m so\u00e1t v\u00e0 qu\u1ea3n l\u00fd \u0111\u00e8n \u0111\u01b0\u1eddng t\u1eeb m\u1ecdi n\u01a1i.<\/p>\n<p align=\"justify\">B\u00ean c\u1ea1nh \u0111\u00f3, trung t\u00e2m c\u00f2n c\u00f3 th\u1ec3 ph\u00e1t tri\u1ec3n ch\u1ee9c n\u0103ng qu\u1ea3n l\u00fd vi\u1ec7c tri\u1ec3n khai \u0111\u00e8n \u0111\u01b0\u1eddng quy m\u00f4 l\u1edbn \u1edf m\u1ed9t s\u1ed1 khu v\u1ef1c ho\u1eb7c to\u00e0n th\u00e0nh ph\u1ed1.<\/p>\n<p align=\"justify\">H\u1ec7 th\u1ed1ng m\u1ea1ng truy\u1ec1n d\u1eef li\u1ec7u \u0111\u01b0\u1ee3c x\u00e2y d\u1ef1ng \u0111\u1ec3 ph\u1ee5c v\u1ee5 kh\u00f4ng nh\u1eefng cho m\u1ee5c ti\u00eau chi\u1ebfu s\u00e1ng th\u00f4ng minh .<\/p>\n<h2 align=\"justify\">\u0110\u00e8n s\u00e2n v\u01b0\u1eddn th\u00f4ng minh :<\/h2>\n<ul>\n<li>B\u1ed9 \u0111\u00e8n t\u00edch h\u1ee3p b\u1ed9 \u0111i\u1ec1u khi\u1ec3n.<\/li>\n<li>K\u1ebft n\u1ed1i b\u1eb1ng Zigbee.<\/li>\n<li>\u0110i\u1ec1u khi\u1ec3n t\u1eeb xa qua \u0111i\u1ec7n tho\u1ea1i th\u00f4ng minh.<\/li>\n<li>C\u00e0i \u0111\u1eb7t gi\u1edd b\u1eadt\/t\u1eaft<\/li>\n<li>C\u00e0i \u0111\u1eb7t ti\u1ebft gi\u1ea3m<\/li>\n<\/ul>\n","protected":false},"excerpt":{"rendered":"<p>Chi\u1ebfu s\u00e1ng trang tr\u00ed : \u0110\u00e8n led s\u00e2n v\u01b0\u1eddn Tp HCM : C\u00e1c lo\u1ea1i \u0111\u00e8n Bollard, \u0111\u00e8n n\u1ea5m, \u0111\u00e8n chi\u1ebfu s\u00e1ng s\u00e2n v\u01b0\u1eddn c\u00f3 ki\u1ec3u d\u00e1ng hi\u1ec7n \u0111\u1ea1i, s\u1eed d\u1ee5ng b\u00f3ng LED ti\u1ebft ki\u1ec7m \u0111i\u1ec7n n\u0103ng ti\u00eau th\u1ee5. \u0110\u00e8n LED TH\u00d4NG MINH : C\u00e1c lo\u1ea1i \u0111\u00e8n LED th\u00f4ng minh, \u0111\u1eb7c<span class=\"excerpt-hellip\"> [\u2026]<\/span><\/p>\n","protected":false},"author":16,"featured_media":-1,"parent":0,"menu_order":0,"comment_status":"closed","ping_status":"closed","template":"","meta":{"footnotes":""},"class_list":["post-5365","page","type-page","status-publish","has-post-thumbnail","hentry"],"yoast_head":"<!-- This site is optimized with the Yoast SEO Premium plugin v27.5 (Yoast SEO v27.5) - https:\/\/yoast.com\/product\/yoast-seo-premium-wordpress\/ -->\n<title>\u0110\u00e8n LED Th\u00f4ng Minh,\u0110\u00e8n \u0110\u01b0\u1eddng \u0110i\u1ec1u Khi\u1ec3n T\u1eeb Xa Ti\u1ebft Ki\u1ec7m \u0110i\u1ec7n Vilight<\/title>\n<meta name=\"description\" content=\"\u0111\u00e8n LED th\u00f4ng minh, \u0111\u00e8n \u0111\u01b0\u1eddng \u0111i\u1ec1u khi\u1ec3n t\u1eeb xa, gi\u00e1m s\u00e1t, v\u1eadn h\u00e0nh, \u0111i\u1ec1u h\u00e0nh ho\u1ea1t \u0111\u1ed9ng c\u1ee7a h\u1ec7 th\u1ed1ng chi\u1ebfu s\u00e1ng c\u00f4ng c\u1ed9ng t\u1eeb trung t\u00e2m.\" \/>\n<meta name=\"robots\" content=\"index, follow, max-snippet:-1, max-image-preview:large, max-video-preview:-1\" \/>\n<link rel=\"canonical\" href=\"https:\/\/vilight.vn\/website\/blog-new\/\" \/>\n<meta property=\"og:locale\" content=\"vi_VN\" \/>\n<meta property=\"og:type\" content=\"article\" \/>\n<meta property=\"og:title\" content=\"Blog New\" \/>\n<meta property=\"og:description\" content=\"Chi\u1ebfu s\u00e1ng trang tr\u00ed : \u0110\u00e8n led s\u00e2n v\u01b0\u1eddn Tp HCM : C\u00e1c lo\u1ea1i \u0111\u00e8n Bollard, \u0111\u00e8n n\u1ea5m, \u0111\u00e8n chi\u1ebfu s\u00e1ng s\u00e2n v\u01b0\u1eddn c\u00f3 ki\u1ec3u d\u00e1ng hi\u1ec7n \u0111\u1ea1i, s\u1eed d\u1ee5ng b\u00f3ng LED ti\u1ebft ki\u1ec7m\" \/>\n<meta property=\"og:url\" content=\"https:\/\/vilight.vn\/website\/blog-new\/\" \/>\n<meta property=\"og:site_name\" content=\"Vilight Co.ltd\" \/>\n<meta property=\"article:publisher\" content=\"http:\/\/facebook.com\/vilight.vn\" \/>\n<meta property=\"article:modified_time\" content=\"2025-07-30T09:53:19+00:00\" \/>\n<meta property=\"og:image\" content=\"https:\/\/vilight.vn\/website\/wp-content\/uploads\/2022\/06\/cropped-social_logo.png\" \/>\n\t<meta property=\"og:image:width\" content=\"512\" \/>\n\t<meta property=\"og:image:height\" content=\"512\" \/>\n\t<meta property=\"og:image:type\" content=\"image\/png\" \/>\n<meta name=\"twitter:card\" content=\"summary_large_image\" \/>\n<meta name=\"twitter:label1\" content=\"\u01af\u1edbc t\u00ednh th\u1eddi gian \u0111\u1ecdc\" \/>\n\t<meta name=\"twitter:data1\" content=\"3 ph\u00fat\" \/>\n<script type=\"application\/ld+json\" class=\"yoast-schema-graph\">{\"@context\":\"https:\\\/\\\/schema.org\",\"@graph\":[{\"@type\":\"WebPage\",\"@id\":\"https:\\\/\\\/vilight.vn\\\/website\\\/blog-new\\\/\",\"url\":\"https:\\\/\\\/vilight.vn\\\/website\\\/blog-new\\\/\",\"name\":\"\u0110\u00e8n LED Th\u00f4ng Minh,\u0110\u00e8n \u0110\u01b0\u1eddng \u0110i\u1ec1u Khi\u1ec3n T\u1eeb Xa Ti\u1ebft Ki\u1ec7m \u0110i\u1ec7n Vilight\",\"isPartOf\":{\"@id\":\"https:\\\/\\\/vilight.vn\\\/website\\\/#website\"},\"primaryImageOfPage\":{\"@id\":\"https:\\\/\\\/vilight.vn\\\/website\\\/blog-new\\\/#primaryimage\"},\"image\":{\"@id\":\"https:\\\/\\\/vilight.vn\\\/website\\\/blog-new\\\/#primaryimage\"},\"thumbnailUrl\":\"https:\\\/\\\/vilight.vn\\\/website\\\/wp-content\\\/uploads\\\/2022\\\/05\\\/den_led_Thong_minh_lap_dat_bo_dieu_khien_den_idim-300x225.jpg\",\"datePublished\":\"2025-06-23T08:54:29+00:00\",\"dateModified\":\"2025-07-30T09:53:19+00:00\",\"description\":\"\u0111\u00e8n LED th\u00f4ng minh, \u0111\u00e8n \u0111\u01b0\u1eddng \u0111i\u1ec1u khi\u1ec3n t\u1eeb xa, gi\u00e1m s\u00e1t, v\u1eadn h\u00e0nh, \u0111i\u1ec1u h\u00e0nh ho\u1ea1t \u0111\u1ed9ng c\u1ee7a h\u1ec7 th\u1ed1ng chi\u1ebfu s\u00e1ng c\u00f4ng c\u1ed9ng t\u1eeb trung t\u00e2m.\",\"breadcrumb\":{\"@id\":\"https:\\\/\\\/vilight.vn\\\/website\\\/blog-new\\\/#breadcrumb\"},\"inLanguage\":\"vi\",\"potentialAction\":[{\"@type\":\"ReadAction\",\"target\":[\"https:\\\/\\\/vilight.vn\\\/website\\\/blog-new\\\/\"]}]},{\"@type\":\"ImageObject\",\"inLanguage\":\"vi\",\"@id\":\"https:\\\/\\\/vilight.vn\\\/website\\\/blog-new\\\/#primaryimage\",\"url\":\"https:\\\/\\\/vilight.vn\\\/website\\\/wp-content\\\/uploads\\\/2022\\\/05\\\/den_led_Thong_minh_lap_dat_bo_dieu_khien_den_idim-scaled.jpg\",\"contentUrl\":\"https:\\\/\\\/vilight.vn\\\/website\\\/wp-content\\\/uploads\\\/2022\\\/05\\\/den_led_Thong_minh_lap_dat_bo_dieu_khien_den_idim-scaled.jpg\",\"width\":2560,\"height\":1920,\"caption\":\"\u0111\u00e8n LED th\u00f4ng minh Vilight l\u1eafp \u0111\u1eb7t t\u1ea1i c\u00e1c \u0111\u00f4 th\u1ecb\"},{\"@type\":\"BreadcrumbList\",\"@id\":\"https:\\\/\\\/vilight.vn\\\/website\\\/blog-new\\\/#breadcrumb\",\"itemListElement\":[{\"@type\":\"ListItem\",\"position\":1,\"name\":\"Home\",\"item\":\"https:\\\/\\\/vilight.vn\\\/website\\\/\"},{\"@type\":\"ListItem\",\"position\":2,\"name\":\"Blog New\"}]},{\"@type\":\"WebSite\",\"@id\":\"https:\\\/\\\/vilight.vn\\\/website\\\/#website\",\"url\":\"https:\\\/\\\/vilight.vn\\\/website\\\/\",\"name\":\"Vilight Co.ltd\",\"description\":\"Chi\u1ebfu s\u00e1ng m\u1ef9 thu\u1eadt, chi\u1ebfu s\u00e1ng th\u00f4ng minh, LED Pixel 3D, chi\u1ebfu s\u00e1ng trang tr\u00ed \u0111\u00f4 th\u1ecb, chi\u1ebfu s\u00e1ng v\u00f2ng xoay, chi\u1ebfu s\u00e1ng \u0111\u1ea3o giao th\u00f4ng, c\u1ed5ng ch\u00e0o \u0111\u00f4 th\u1ecb\",\"publisher\":{\"@id\":\"https:\\\/\\\/vilight.vn\\\/website\\\/#organization\"},\"potentialAction\":[{\"@type\":\"SearchAction\",\"target\":{\"@type\":\"EntryPoint\",\"urlTemplate\":\"https:\\\/\\\/vilight.vn\\\/website\\\/?s={search_term_string}\"},\"query-input\":{\"@type\":\"PropertyValueSpecification\",\"valueRequired\":true,\"valueName\":\"search_term_string\"}}],\"inLanguage\":\"vi\"},{\"@type\":\"Organization\",\"@id\":\"https:\\\/\\\/vilight.vn\\\/website\\\/#organization\",\"name\":\"Vilight\",\"url\":\"https:\\\/\\\/vilight.vn\\\/website\\\/\",\"logo\":{\"@type\":\"ImageObject\",\"inLanguage\":\"vi\",\"@id\":\"https:\\\/\\\/vilight.vn\\\/website\\\/#\\\/schema\\\/logo\\\/image\\\/\",\"url\":\"https:\\\/\\\/vilight.vn\\\/website\\\/wp-content\\\/uploads\\\/2022\\\/05\\\/chieu_sang_trang_tri_do_thi_bang_den_led_pixel.png\",\"contentUrl\":\"https:\\\/\\\/vilight.vn\\\/website\\\/wp-content\\\/uploads\\\/2022\\\/05\\\/chieu_sang_trang_tri_do_thi_bang_den_led_pixel.png\",\"width\":800,\"height\":427,\"caption\":\"Vilight\"},\"image\":{\"@id\":\"https:\\\/\\\/vilight.vn\\\/website\\\/#\\\/schema\\\/logo\\\/image\\\/\"},\"sameAs\":[\"http:\\\/\\\/facebook.com\\\/vilight.vn\",\"https:\\\/\\\/www.linkedin.com\\\/company\\\/vilight-vn\",\"https:\\\/\\\/www.youtube.com\\\/channel\\\/UCEwR2naeDcuarMX1kSv_rLQ\\\/videos\"]}]}<\/script>\n<!-- \/ Yoast SEO Premium plugin. -->","yoast_head_json":{"title":"\u0110\u00e8n LED Th\u00f4ng Minh,\u0110\u00e8n \u0110\u01b0\u1eddng \u0110i\u1ec1u Khi\u1ec3n T\u1eeb Xa Ti\u1ebft Ki\u1ec7m \u0110i\u1ec7n Vilight","description":"\u0111\u00e8n LED th\u00f4ng minh, \u0111\u00e8n \u0111\u01b0\u1eddng \u0111i\u1ec1u khi\u1ec3n t\u1eeb xa, gi\u00e1m s\u00e1t, v\u1eadn h\u00e0nh, \u0111i\u1ec1u h\u00e0nh ho\u1ea1t \u0111\u1ed9ng c\u1ee7a h\u1ec7 th\u1ed1ng chi\u1ebfu s\u00e1ng c\u00f4ng c\u1ed9ng t\u1eeb trung t\u00e2m.","robots":{"index":"index","follow":"follow","max-snippet":"max-snippet:-1","max-image-preview":"max-image-preview:large","max-video-preview":"max-video-preview:-1"},"canonical":"https:\/\/vilight.vn\/website\/blog-new\/","og_locale":"vi_VN","og_type":"article","og_title":"Blog New","og_description":"Chi\u1ebfu s\u00e1ng trang tr\u00ed : \u0110\u00e8n led s\u00e2n v\u01b0\u1eddn Tp HCM : C\u00e1c lo\u1ea1i \u0111\u00e8n Bollard, \u0111\u00e8n n\u1ea5m, \u0111\u00e8n chi\u1ebfu s\u00e1ng s\u00e2n v\u01b0\u1eddn c\u00f3 ki\u1ec3u d\u00e1ng hi\u1ec7n \u0111\u1ea1i, s\u1eed d\u1ee5ng b\u00f3ng LED ti\u1ebft ki\u1ec7m","og_url":"https:\/\/vilight.vn\/website\/blog-new\/","og_site_name":"Vilight Co.ltd","article_publisher":"http:\/\/facebook.com\/vilight.vn","article_modified_time":"2025-07-30T09:53:19+00:00","og_image":[{"width":512,"height":512,"url":"https:\/\/vilight.vn\/website\/wp-content\/uploads\/2022\/06\/cropped-social_logo.png","type":"image\/png"}],"twitter_card":"summary_large_image","twitter_misc":{"\u01af\u1edbc t\u00ednh th\u1eddi gian \u0111\u1ecdc":"3 ph\u00fat"},"schema":{"@context":"https:\/\/schema.org","@graph":[{"@type":"WebPage","@id":"https:\/\/vilight.vn\/website\/blog-new\/","url":"https:\/\/vilight.vn\/website\/blog-new\/","name":"\u0110\u00e8n LED Th\u00f4ng Minh,\u0110\u00e8n \u0110\u01b0\u1eddng \u0110i\u1ec1u Khi\u1ec3n T\u1eeb Xa Ti\u1ebft Ki\u1ec7m \u0110i\u1ec7n Vilight","isPartOf":{"@id":"https:\/\/vilight.vn\/website\/#website"},"primaryImageOfPage":{"@id":"https:\/\/vilight.vn\/website\/blog-new\/#primaryimage"},"image":{"@id":"https:\/\/vilight.vn\/website\/blog-new\/#primaryimage"},"thumbnailUrl":"https:\/\/vilight.vn\/website\/wp-content\/uploads\/2022\/05\/den_led_Thong_minh_lap_dat_bo_dieu_khien_den_idim-300x225.jpg","datePublished":"2025-06-23T08:54:29+00:00","dateModified":"2025-07-30T09:53:19+00:00","description":"\u0111\u00e8n LED th\u00f4ng minh, \u0111\u00e8n \u0111\u01b0\u1eddng \u0111i\u1ec1u khi\u1ec3n t\u1eeb xa, gi\u00e1m s\u00e1t, v\u1eadn h\u00e0nh, \u0111i\u1ec1u h\u00e0nh ho\u1ea1t \u0111\u1ed9ng c\u1ee7a h\u1ec7 th\u1ed1ng chi\u1ebfu s\u00e1ng c\u00f4ng c\u1ed9ng t\u1eeb trung t\u00e2m.","breadcrumb":{"@id":"https:\/\/vilight.vn\/website\/blog-new\/#breadcrumb"},"inLanguage":"vi","potentialAction":[{"@type":"ReadAction","target":["https:\/\/vilight.vn\/website\/blog-new\/"]}]},{"@type":"ImageObject","inLanguage":"vi","@id":"https:\/\/vilight.vn\/website\/blog-new\/#primaryimage","url":"https:\/\/vilight.vn\/website\/wp-content\/uploads\/2022\/05\/den_led_Thong_minh_lap_dat_bo_dieu_khien_den_idim-scaled.jpg","contentUrl":"https:\/\/vilight.vn\/website\/wp-content\/uploads\/2022\/05\/den_led_Thong_minh_lap_dat_bo_dieu_khien_den_idim-scaled.jpg","width":2560,"height":1920,"caption":"\u0111\u00e8n LED th\u00f4ng minh Vilight l\u1eafp \u0111\u1eb7t t\u1ea1i c\u00e1c \u0111\u00f4 th\u1ecb"},{"@type":"BreadcrumbList","@id":"https:\/\/vilight.vn\/website\/blog-new\/#breadcrumb","itemListElement":[{"@type":"ListItem","position":1,"name":"Home","item":"https:\/\/vilight.vn\/website\/"},{"@type":"ListItem","position":2,"name":"Blog New"}]},{"@type":"WebSite","@id":"https:\/\/vilight.vn\/website\/#website","url":"https:\/\/vilight.vn\/website\/","name":"Vilight Co.ltd","description":"Chi\u1ebfu s\u00e1ng m\u1ef9 thu\u1eadt, chi\u1ebfu s\u00e1ng th\u00f4ng minh, LED Pixel 3D, chi\u1ebfu s\u00e1ng trang tr\u00ed \u0111\u00f4 th\u1ecb, chi\u1ebfu s\u00e1ng v\u00f2ng xoay, chi\u1ebfu s\u00e1ng \u0111\u1ea3o giao th\u00f4ng, c\u1ed5ng ch\u00e0o \u0111\u00f4 th\u1ecb","publisher":{"@id":"https:\/\/vilight.vn\/website\/#organization"},"potentialAction":[{"@type":"SearchAction","target":{"@type":"EntryPoint","urlTemplate":"https:\/\/vilight.vn\/website\/?s={search_term_string}"},"query-input":{"@type":"PropertyValueSpecification","valueRequired":true,"valueName":"search_term_string"}}],"inLanguage":"vi"},{"@type":"Organization","@id":"https:\/\/vilight.vn\/website\/#organization","name":"Vilight","url":"https:\/\/vilight.vn\/website\/","logo":{"@type":"ImageObject","inLanguage":"vi","@id":"https:\/\/vilight.vn\/website\/#\/schema\/logo\/image\/","url":"https:\/\/vilight.vn\/website\/wp-content\/uploads\/2022\/05\/chieu_sang_trang_tri_do_thi_bang_den_led_pixel.png","contentUrl":"https:\/\/vilight.vn\/website\/wp-content\/uploads\/2022\/05\/chieu_sang_trang_tri_do_thi_bang_den_led_pixel.png","width":800,"height":427,"caption":"Vilight"},"image":{"@id":"https:\/\/vilight.vn\/website\/#\/schema\/logo\/image\/"},"sameAs":["http:\/\/facebook.com\/vilight.vn","https:\/\/www.linkedin.com\/company\/vilight-vn","https:\/\/www.youtube.com\/channel\/UCEwR2naeDcuarMX1kSv_rLQ\/videos"]}]}},"_links":{"self":[{"href":"https:\/\/vilight.vn\/website\/wp-json\/wp\/v2\/pages\/5365","targetHints":{"allow":["GET"]}}],"collection":[{"href":"https:\/\/vilight.vn\/website\/wp-json\/wp\/v2\/pages"}],"about":[{"href":"https:\/\/vilight.vn\/website\/wp-json\/wp\/v2\/types\/page"}],"author":[{"embeddable":true,"href":"https:\/\/vilight.vn\/website\/wp-json\/wp\/v2\/users\/16"}],"replies":[{"embeddable":true,"href":"https:\/\/vilight.vn\/website\/wp-json\/wp\/v2\/comments?post=5365"}],"version-history":[{"count":1,"href":"https:\/\/vilight.vn\/website\/wp-json\/wp\/v2\/pages\/5365\/revisions"}],"predecessor-version":[{"id":5366,"href":"https:\/\/vilight.vn\/website\/wp-json\/wp\/v2\/pages\/5365\/revisions\/5366"}],"wp:featuredmedia":[{"embeddable":true,"href":"https:\/\/vilight.vn\/website\/wp-json\/"}],"wp:attachment":[{"href":"https:\/\/vilight.vn\/website\/wp-json\/wp\/v2\/media?parent=5365"}],"curies":[{"name":"wp","href":"https:\/\/api.w.org\/{rel}","templated":true}]}}