{"id":6693,"date":"2025-07-17T09:17:18","date_gmt":"2025-07-17T02:17:18","guid":{"rendered":"https:\/\/vilight.vn\/website\/?page_id=6693"},"modified":"2025-07-31T09:05:54","modified_gmt":"2025-07-31T02:05:54","slug":"tai-lieu","status":"publish","type":"page","link":"https:\/\/vilight.vn\/website\/tai-lieu\/","title":{"rendered":"T\u00e0i li\u1ec7u"},"content":{"rendered":"<h1>\u0110\u00e8n LED Trang tr\u00ed \u0111\u00f4 th\u1ecb, LED trang tr\u00ed t\u1ebft, Chi\u1ebfu s\u00e1ng th\u00f4ng minh, \u0110\u00e8n LED chi\u1ebfu s\u00e1ng m\u1ef9 thu\u1eadt, \u0110i\u1ec1u khi\u1ec3n \u0111\u00e8n LED \u0111\u1ed5i m\u00e0u &#8230; :<\/h1>\n<p>&nbsp;<\/p>\n<h2>1. \u0110\u00e8n LED facade, \u0110\u00e8n LED pixel, LED c\u1ea3nh quan, LED trang tr\u00ed t\u1ebft, LED trang tr\u00ed \u0111\u00f4 th\u1ecb, \u0110\u00e8n pha RGB c\u00f4ng su\u1ea5t l\u1edbn :<\/h2>\n<p><br \/>\nno-repeat;left top;;<br \/>\nauto<\/p>\n<p><br \/>\nno-repeat;left top;;<br \/>\nauto<\/p>\n<p><br \/>\nno-repeat;left top;;<br \/>\nauto<\/p>\n<p><br \/>\nno-repeat;left top;;<br \/>\nauto<\/p>\n<h2>2. Trung t\u00e2m \u0111i\u1ec1u khi\u1ec3n chi\u1ebfu s\u00e1ng th\u00f4ng minh :<\/h2>\n<p><br \/>\nno-repeat;left top;;<br \/>\nauto<\/p>\n<h2>3. C\u00e1c s\u1ea3n ph\u1ea9m kh\u00e1c :<\/h2>\n<p>Vui l\u00f2ng li\u00ean h\u1ec7 Vilight \u0111\u1ec3 \u0111\u01b0\u1ee3c t\u01b0 v\u1ea5n s\u1ea3n ph\u1ea9m ph\u00f9 h\u1ee3p v\u1edbi c\u00f4ng tr\u00ecnh c\u1ee7a b\u1ea1n.<\/p>\n<h2>4. H\u00ecnh \u1ea3nh \u1ee9ng d\u1ee5ng \u1edf m\u1ed9t s\u1ed1 c\u00f4ng tr\u00ecnh :<\/h2>\n<p>3146,3167,3017,2753,3142,3141,2674,2086,2087<br \/>\n3<br \/>\nfull<\/p>\n<h2>5. LED trang tr\u00ed \u0111\u00f4 th\u1ecb, LED trang tr\u00ed t\u1ebft :<\/h2>\n<p>D\u00f9ng \u0111\u1ec3 trang tr\u00ed tr\u00ean c\u00e1c tuy\u1ebfn \u0111\u01b0\u1eddng ch\u00ednh l\u00e0m cho \u0111\u01b0\u1eddng ph\u1ed1 \u0111\u1eb9p trang ho\u00e0ng trong nh\u1eefng ng\u00e0y s\u1ef1 ki\u1ec7n tr\u1ecdng \u0111\u1ea1i.<br \/>\n\u0110\u00e8n LED Ch\u00e0o \u0111\u00f3n n\u0103m m\u1edbi.<br \/>\n\u0110\u00e8n LED ch\u00e0o m\u1eebng \u0111\u1ea1i h\u1ed9i ho\u1eb7c m\u1ed9t s\u1ef1 ki\u1ec7n v\u0103n h\u00f3a \u0111\u1eb7c bi\u1ec7t.<br \/>\n\u0110\u00e8n LED l\u1ec5 h\u1ed9i t\u1ea1i \u0111\u1ecba ph\u01b0\u01a1ng.<br \/>\nC\u00e1c d\u1ea3i \u0111\u00e8n trang tr\u00ed \u0111\u00f4 th\u1ecb l\u00e0m t\u0103ng th\u00eam s\u1ef1 d\u1ecbu m\u00e1t cho m\u00f4i tr\u01b0\u1eddng xanh.<br \/>\nC\u00f3 m\u1ea5y lo\u1ea1i hoa v\u0103n trang tr\u00ed \u0111\u00f4 th\u1ecb ?\u00a0\u00a0 C\u00f3 r\u1ea5t nhi\u1ec1u ki\u1ec3u d\u00e1ng hoa v\u0103n trang tr\u00ed \u0111\u01b0\u1eddng ph\u1ed1 v\u00e0 m\u1eabu m\u00e3 thi\u1ebft k\u1ebf c\u0169ng r\u1ea5t \u0111a d\u1ea1ng v\u00e0 kh\u00e1ch nhau nh\u01b0 trang tr\u00ed c\u1ed5ng ch\u00e0o \u2013 trang tr\u00ed d\u00e0n hoa ngang \u0111\u01b0\u1eddng \u2013 trang tr\u00ed hoa treo c\u1ed9t \u0111i\u1ec7n lo\u1ea1i 1 m\u1eb7t v\u00e0 lo\u1ea1i 2 m\u1eb7t \u2013 c\u00e1c tr\u1ee5 hoa gi\u1ea3i ph\u00e2n c\u00e1ch \u2013 trang tr\u00ed \u0111\u1ea3o giao th\u00f4ng ho\u1eb7c v\u00f2ng xuy\u1ebfn\u2026 h\u1ea7u h\u1ebft c\u00e1c lo\u1ea1i h\u00ecnh trang tr\u00ed n\u00e0y \u0111\u1ec1u s\u1eed d\u1ee5ng v\u1eadt li\u1ec7u s\u1eaft th\u00e9o c\u01b0\u1eddng \u0111\u1ed9 cao d\u00f9ng cho k\u1ebft c\u1ea5u ch\u1ecbu l\u1ef1c, c\u00e1c h\u1ecda ti\u1ebft hoa v\u0103n c\u00f3 th\u1ec3 s\u1eeda d\u1ee5ng Inox ho\u1eb7c t\u1ea5m Alu in Uv c\u00e1c hoa v\u0103n c\u00f3 nhi\u1ec1u s\u1eafc m\u00e0u s\u1eb7c s\u1ee1 n\u1ed5i b\u1eadt. k\u1ebft h\u1ee3p hi\u1ec7u \u1ee9ng \u0111\u00e8n LED<\/p>\n<h2>5. Chi\u1ebfu s\u00e1ng m\u1ef9 thu\u1eadt to\u00e0n di\u1ec7n :<\/h2>\n<p>Ngo\u00e0i ra \u0111\u00e8n led chi\u1ebfu s\u00e1ng \u0111\u01b0\u1eddng ph\u1ed1, \u0111\u00e8n led trang tr\u00ed \u0111\u00f4 th\u1ecb \u1ee9ng d\u1ee5ng c\u00f4ng ngh\u1ec7 LED \u1ea5n t\u01b0\u1ee3ng, \u0111\u1ed9c \u0111\u00e1o \u0111\u01b0\u1ee3c kh\u00e1ch h\u00e0ng c\u0169ng nh\u01b0 gi\u1edbi chuy\u00ean m\u00f4n \u0111\u00e1nh gi\u00e1 cao.\u00a0 V\u1edbi ph\u01b0\u01a1ng ch\u00e2m t\u00f4n vinh v\u1ebb \u0111\u1eb9p c\u1ee7a c\u00e1c c\u00f4ng tr\u00ecnh ki\u1ebfn tr\u00fac Vi\u1ec7t, ch\u00fang t\u00f4i cung c\u1ea5p gi\u1ea3i ph\u00e1p chi\u1ebfu s\u00e1ng to\u00e0n di\u1ec7n cho kh\u00e1ch h\u00e0ng t\u1eeb thi\u1ebft k\u1ebf, cung c\u1ea5p thi\u1ebft b\u1ecb \u0111\u1ebfn thi c\u00f4ng l\u1eafp \u0111\u1eb7t.<\/p>\n<p>&nbsp;<\/p>\n<p><a href=\"https:\/\/www.youtube.com\/watch?v=uoa0dF6oWhE\">Chi\u1ebfu s\u00e1ng trang tr\u00ed v\u00f2ng xoay<\/a><\/p>\n<p><a href=\"https:\/\/www.youtube.com\/watch?v=8hHsG5LITtw\">Chi\u1ebfu s\u00e1ng b\u00f9ng binh ngh\u1ec7 thu\u1eadt \u0111\u1eb9p m\u1eaft<\/a><\/p>\n<p><a href=\"https:\/\/vilight.vn\/website\/chieu-sang-nghe-thuat-cau-my-hoa\/\">Chi\u1ebfu s\u00e1ng c\u1ea7u d\u00e2y v\u0103ng<\/a><\/p>\n<p>&nbsp;<\/p>\n<p><a href=\"https:\/\/vilight.vn\/website\/wp-content\/uploads\/2022\/05\/mythovedem.jpg\"><img decoding=\"async\" class=\"alignnone wp-image-3206 size-medium lazyload\" data-src=\"https:\/\/vilight.vn\/website\/wp-content\/uploads\/2022\/05\/mythovedem-300x244.jpg\" alt=\"\u0111\u00e8n led trang tr\u00ed T\u1ebft, \u0111\u00e8n LED h\u1ed9i hoa xu\u00e2n, chi\u1ebfu s\u00e1ng qu\u1ea3ng tr\u01b0\u1eddng, \u0111\u00e8n pha RGB c\u00f4ng su\u1ea5t l\u1edbn\" width=\"300\" height=\"244\" data-srcset=\"https:\/\/vilight.vn\/website\/wp-content\/uploads\/2022\/05\/mythovedem-300x244.jpg 300w, https:\/\/vilight.vn\/website\/wp-content\/uploads\/2022\/05\/mythovedem-15x12.jpg 15w, https:\/\/vilight.vn\/website\/wp-content\/uploads\/2022\/05\/mythovedem-92x75.jpg 92w, https:\/\/vilight.vn\/website\/wp-content\/uploads\/2022\/05\/mythovedem-480x391.jpg 480w, https:\/\/vilight.vn\/website\/wp-content\/uploads\/2022\/05\/mythovedem.jpg 700w\" data-sizes=\"(max-width:767px) 300px, 300px\" src=\"data:image\/svg+xml;base64,PHN2ZyB3aWR0aD0iMSIgaGVpZ2h0PSIxIiB4bWxucz0iaHR0cDovL3d3dy53My5vcmcvMjAwMC9zdmciPjwvc3ZnPg==\" style=\"--smush-placeholder-width: 300px; --smush-placeholder-aspect-ratio: 300\/244;\" \/><\/a><\/p>\n<h2>6. Chi\u1ebfu s\u00e1ng ngh\u1ec7 thu\u1eadt s\u1ef1 ki\u1ec7n :<\/h2>\n<p>V\u1edbi c\u00e1c lo\u1ea1i \u0111\u00e8n LED \u0111i\u1ec3m, \u0110\u00c8N LED 3D.<\/p>\n<p>\u0111\u00e8n LED Pixel, \u0110\u00e8n LED c\u00f4ng su\u1ea5t l\u1edbn.<\/p>\n<p>\u0111\u00e8n pha RGB c\u00f4ng su\u1ea5t l\u1edbn, c\u00e1c lo\u1ea1i \u0111\u00e8n \u00e2m \u0111\u1ea5t ch\u1ed1ng n\u01b0\u1edbc.<\/p>\n<p>c\u00e1c lo\u1ea1i \u0111\u00e8n \u00e2m n\u01b0\u1edbc.<\/p>\n<p>h\u1ec7 th\u1ed1ng nh\u1ea1c n\u01b0\u1edbc.<\/p>\n<p>h\u1ec7 th\u1ed1ng \u00e1nh s\u00e1ng ngh\u1ec7 thu\u1eadt s\u00e2n kh\u1ea5u.<\/p>\n<p>ch\u00fang t\u00f4i \u0111\u00e3 cung c\u1ea5p cho kh\u00e1ch h\u00e0ng c\u00e1c mi\u1ec1n \u0111\u1ea5t n\u01b0\u1edbc.<\/p>\n<p>C\u00e1c c\u00f4ng tr\u00ecnh chi\u1ebfu s\u00e1ng ngh\u1ec7 thu\u1eadt khu v\u1ef1c mi\u1ec1n b\u1eafc.<\/p>\n<p>chi\u1ebfu s\u00e1ng ngh\u1ec7 thu\u1eadt mi\u1ec1n nam, chi\u1ebfu s\u00e1ng ngh\u1ec7 thu\u1eadt mi\u1ec1n trung.<\/p>\n<p>chi\u1ebfu s\u00e1ng c\u1ea3nh quan.<\/p>\n","protected":false},"excerpt":{"rendered":"<p>\u0110\u00e8n LED Trang tr\u00ed \u0111\u00f4 th\u1ecb, LED trang tr\u00ed t\u1ebft, Chi\u1ebfu s\u00e1ng th\u00f4ng minh, \u0110\u00e8n LED chi\u1ebfu s\u00e1ng m\u1ef9 thu\u1eadt, \u0110i\u1ec1u khi\u1ec3n \u0111\u00e8n LED \u0111\u1ed5i m\u00e0u &#8230; : &nbsp; 1. \u0110\u00e8n LED facade, \u0110\u00e8n LED pixel, LED c\u1ea3nh quan, LED trang tr\u00ed t\u1ebft, LED trang tr\u00ed \u0111\u00f4 th\u1ecb, \u0110\u00e8n pha<span class=\"excerpt-hellip\"> [\u2026]<\/span><\/p>\n","protected":false},"author":16,"featured_media":-1,"parent":0,"menu_order":0,"comment_status":"closed","ping_status":"closed","template":"","meta":{"footnotes":""},"class_list":["post-6693","page","type-page","status-publish","has-post-thumbnail","hentry"],"yoast_head":"<!-- This site is optimized with the Yoast SEO Premium plugin v27.4 (Yoast SEO v27.4) - https:\/\/yoast.com\/product\/yoast-seo-premium-wordpress\/ -->\n<title>LED Trang Tr\u00ed \u0110\u00f4 Th\u1ecb, LED Trang Tr\u00ed T\u1ebft, C\u1ed5ng Ch\u00e0o \u0110\u00f4 Th\u1ecb<\/title>\n<meta name=\"description\" content=\"\u0110\u00e8n LED trang tr\u00ed \u0111\u00f4 th\u1ecb, \u0110\u00e8n LED trang tr\u00ed T\u1ebft, \u0110\u00e8n LED trang tr\u00ed v\u00f2ng xoay,\u0110\u00e8n pha RGB c\u00f4ng su\u1ea5t l\u1edbn, Trang tr\u00ed \u0111\u01b0\u1eddng ph\u1ed1\" \/>\n<meta name=\"robots\" content=\"index, follow, max-snippet:-1, max-image-preview:large, max-video-preview:-1\" \/>\n<link rel=\"canonical\" href=\"https:\/\/vilight.vn\/website\/tai-lieu\/\" \/>\n<meta property=\"og:locale\" content=\"vi_VN\" \/>\n<meta property=\"og:type\" content=\"article\" \/>\n<meta property=\"og:title\" content=\"T\u00e0i li\u1ec7u\" \/>\n<meta property=\"og:description\" content=\"\u0110\u00e8n LED Trang tr\u00ed \u0111\u00f4 th\u1ecb, LED trang tr\u00ed t\u1ebft, Chi\u1ebfu s\u00e1ng th\u00f4ng minh, \u0110\u00e8n LED chi\u1ebfu s\u00e1ng m\u1ef9 thu\u1eadt, \u0110i\u1ec1u khi\u1ec3n \u0111\u00e8n LED \u0111\u1ed5i m\u00e0u ... : &nbsp; 1. \u0110\u00e8n LED\" \/>\n<meta property=\"og:url\" content=\"https:\/\/vilight.vn\/website\/tai-lieu\/\" \/>\n<meta property=\"og:site_name\" content=\"Vilight Co.ltd\" \/>\n<meta property=\"article:publisher\" content=\"http:\/\/facebook.com\/vilight.vn\" \/>\n<meta property=\"article:modified_time\" content=\"2025-07-31T02:05:54+00:00\" \/>\n<meta property=\"og:image\" content=\"https:\/\/vilight.vn\/website\/wp-content\/uploads\/2022\/06\/cropped-social_logo.png\" \/>\n\t<meta property=\"og:image:width\" content=\"512\" \/>\n\t<meta property=\"og:image:height\" content=\"512\" \/>\n\t<meta property=\"og:image:type\" content=\"image\/png\" \/>\n<meta name=\"twitter:card\" content=\"summary_large_image\" \/>\n<meta name=\"twitter:label1\" content=\"\u01af\u1edbc t\u00ednh th\u1eddi gian \u0111\u1ecdc\" \/>\n\t<meta name=\"twitter:data1\" content=\"4 ph\u00fat\" \/>\n<script type=\"application\/ld+json\" class=\"yoast-schema-graph\">{\"@context\":\"https:\\\/\\\/schema.org\",\"@graph\":[{\"@type\":\"WebPage\",\"@id\":\"https:\\\/\\\/vilight.vn\\\/website\\\/tai-lieu\\\/\",\"url\":\"https:\\\/\\\/vilight.vn\\\/website\\\/tai-lieu\\\/\",\"name\":\"LED Trang Tr\u00ed \u0110\u00f4 Th\u1ecb, LED Trang Tr\u00ed T\u1ebft, C\u1ed5ng Ch\u00e0o \u0110\u00f4 Th\u1ecb\",\"isPartOf\":{\"@id\":\"https:\\\/\\\/vilight.vn\\\/website\\\/#website\"},\"primaryImageOfPage\":{\"@id\":\"https:\\\/\\\/vilight.vn\\\/website\\\/tai-lieu\\\/#primaryimage\"},\"image\":{\"@id\":\"https:\\\/\\\/vilight.vn\\\/website\\\/tai-lieu\\\/#primaryimage\"},\"thumbnailUrl\":\"https:\\\/\\\/vilight.vn\\\/website\\\/wp-content\\\/uploads\\\/2022\\\/05\\\/mythovedem-300x244.jpg\",\"datePublished\":\"2025-07-17T02:17:18+00:00\",\"dateModified\":\"2025-07-31T02:05:54+00:00\",\"description\":\"\u0110\u00e8n LED trang tr\u00ed \u0111\u00f4 th\u1ecb, \u0110\u00e8n LED trang tr\u00ed T\u1ebft, \u0110\u00e8n LED trang tr\u00ed v\u00f2ng xoay,\u0110\u00e8n pha RGB c\u00f4ng su\u1ea5t l\u1edbn, Trang tr\u00ed \u0111\u01b0\u1eddng ph\u1ed1\",\"breadcrumb\":{\"@id\":\"https:\\\/\\\/vilight.vn\\\/website\\\/tai-lieu\\\/#breadcrumb\"},\"inLanguage\":\"vi\",\"potentialAction\":[{\"@type\":\"ReadAction\",\"target\":[\"https:\\\/\\\/vilight.vn\\\/website\\\/tai-lieu\\\/\"]}]},{\"@type\":\"ImageObject\",\"inLanguage\":\"vi\",\"@id\":\"https:\\\/\\\/vilight.vn\\\/website\\\/tai-lieu\\\/#primaryimage\",\"url\":\"https:\\\/\\\/vilight.vn\\\/website\\\/wp-content\\\/uploads\\\/2022\\\/05\\\/mythovedem.jpg\",\"contentUrl\":\"https:\\\/\\\/vilight.vn\\\/website\\\/wp-content\\\/uploads\\\/2022\\\/05\\\/mythovedem.jpg\",\"width\":700,\"height\":570},{\"@type\":\"BreadcrumbList\",\"@id\":\"https:\\\/\\\/vilight.vn\\\/website\\\/tai-lieu\\\/#breadcrumb\",\"itemListElement\":[{\"@type\":\"ListItem\",\"position\":1,\"name\":\"Home\",\"item\":\"https:\\\/\\\/vilight.vn\\\/website\\\/\"},{\"@type\":\"ListItem\",\"position\":2,\"name\":\"T\u00e0i li\u1ec7u\"}]},{\"@type\":\"WebSite\",\"@id\":\"https:\\\/\\\/vilight.vn\\\/website\\\/#website\",\"url\":\"https:\\\/\\\/vilight.vn\\\/website\\\/\",\"name\":\"Vilight Co.ltd\",\"description\":\"Chi\u1ebfu s\u00e1ng m\u1ef9 thu\u1eadt, chi\u1ebfu s\u00e1ng th\u00f4ng minh, LED Pixel 3D, chi\u1ebfu s\u00e1ng trang tr\u00ed \u0111\u00f4 th\u1ecb, chi\u1ebfu s\u00e1ng v\u00f2ng xoay, chi\u1ebfu s\u00e1ng \u0111\u1ea3o giao th\u00f4ng, c\u1ed5ng ch\u00e0o \u0111\u00f4 th\u1ecb\",\"publisher\":{\"@id\":\"https:\\\/\\\/vilight.vn\\\/website\\\/#organization\"},\"potentialAction\":[{\"@type\":\"SearchAction\",\"target\":{\"@type\":\"EntryPoint\",\"urlTemplate\":\"https:\\\/\\\/vilight.vn\\\/website\\\/?s={search_term_string}\"},\"query-input\":{\"@type\":\"PropertyValueSpecification\",\"valueRequired\":true,\"valueName\":\"search_term_string\"}}],\"inLanguage\":\"vi\"},{\"@type\":\"Organization\",\"@id\":\"https:\\\/\\\/vilight.vn\\\/website\\\/#organization\",\"name\":\"Vilight\",\"url\":\"https:\\\/\\\/vilight.vn\\\/website\\\/\",\"logo\":{\"@type\":\"ImageObject\",\"inLanguage\":\"vi\",\"@id\":\"https:\\\/\\\/vilight.vn\\\/website\\\/#\\\/schema\\\/logo\\\/image\\\/\",\"url\":\"https:\\\/\\\/vilight.vn\\\/website\\\/wp-content\\\/uploads\\\/2022\\\/05\\\/chieu_sang_trang_tri_do_thi_bang_den_led_pixel.png\",\"contentUrl\":\"https:\\\/\\\/vilight.vn\\\/website\\\/wp-content\\\/uploads\\\/2022\\\/05\\\/chieu_sang_trang_tri_do_thi_bang_den_led_pixel.png\",\"width\":800,\"height\":427,\"caption\":\"Vilight\"},\"image\":{\"@id\":\"https:\\\/\\\/vilight.vn\\\/website\\\/#\\\/schema\\\/logo\\\/image\\\/\"},\"sameAs\":[\"http:\\\/\\\/facebook.com\\\/vilight.vn\",\"https:\\\/\\\/www.linkedin.com\\\/company\\\/vilight-vn\",\"https:\\\/\\\/www.youtube.com\\\/channel\\\/UCEwR2naeDcuarMX1kSv_rLQ\\\/videos\"]}]}<\/script>\n<!-- \/ Yoast SEO Premium plugin. -->","yoast_head_json":{"title":"LED Trang Tr\u00ed \u0110\u00f4 Th\u1ecb, LED Trang Tr\u00ed T\u1ebft, C\u1ed5ng Ch\u00e0o \u0110\u00f4 Th\u1ecb","description":"\u0110\u00e8n LED trang tr\u00ed \u0111\u00f4 th\u1ecb, \u0110\u00e8n LED trang tr\u00ed T\u1ebft, \u0110\u00e8n LED trang tr\u00ed v\u00f2ng xoay,\u0110\u00e8n pha RGB c\u00f4ng su\u1ea5t l\u1edbn, Trang tr\u00ed \u0111\u01b0\u1eddng ph\u1ed1","robots":{"index":"index","follow":"follow","max-snippet":"max-snippet:-1","max-image-preview":"max-image-preview:large","max-video-preview":"max-video-preview:-1"},"canonical":"https:\/\/vilight.vn\/website\/tai-lieu\/","og_locale":"vi_VN","og_type":"article","og_title":"T\u00e0i li\u1ec7u","og_description":"\u0110\u00e8n LED Trang tr\u00ed \u0111\u00f4 th\u1ecb, LED trang tr\u00ed t\u1ebft, Chi\u1ebfu s\u00e1ng th\u00f4ng minh, \u0110\u00e8n LED chi\u1ebfu s\u00e1ng m\u1ef9 thu\u1eadt, \u0110i\u1ec1u khi\u1ec3n \u0111\u00e8n LED \u0111\u1ed5i m\u00e0u ... : &nbsp; 1. \u0110\u00e8n LED","og_url":"https:\/\/vilight.vn\/website\/tai-lieu\/","og_site_name":"Vilight Co.ltd","article_publisher":"http:\/\/facebook.com\/vilight.vn","article_modified_time":"2025-07-31T02:05:54+00:00","og_image":[{"width":512,"height":512,"url":"https:\/\/vilight.vn\/website\/wp-content\/uploads\/2022\/06\/cropped-social_logo.png","type":"image\/png"}],"twitter_card":"summary_large_image","twitter_misc":{"\u01af\u1edbc t\u00ednh th\u1eddi gian \u0111\u1ecdc":"4 ph\u00fat"},"schema":{"@context":"https:\/\/schema.org","@graph":[{"@type":"WebPage","@id":"https:\/\/vilight.vn\/website\/tai-lieu\/","url":"https:\/\/vilight.vn\/website\/tai-lieu\/","name":"LED Trang Tr\u00ed \u0110\u00f4 Th\u1ecb, LED Trang Tr\u00ed T\u1ebft, C\u1ed5ng Ch\u00e0o \u0110\u00f4 Th\u1ecb","isPartOf":{"@id":"https:\/\/vilight.vn\/website\/#website"},"primaryImageOfPage":{"@id":"https:\/\/vilight.vn\/website\/tai-lieu\/#primaryimage"},"image":{"@id":"https:\/\/vilight.vn\/website\/tai-lieu\/#primaryimage"},"thumbnailUrl":"https:\/\/vilight.vn\/website\/wp-content\/uploads\/2022\/05\/mythovedem-300x244.jpg","datePublished":"2025-07-17T02:17:18+00:00","dateModified":"2025-07-31T02:05:54+00:00","description":"\u0110\u00e8n LED trang tr\u00ed \u0111\u00f4 th\u1ecb, \u0110\u00e8n LED trang tr\u00ed T\u1ebft, \u0110\u00e8n LED trang tr\u00ed v\u00f2ng xoay,\u0110\u00e8n pha RGB c\u00f4ng su\u1ea5t l\u1edbn, Trang tr\u00ed \u0111\u01b0\u1eddng ph\u1ed1","breadcrumb":{"@id":"https:\/\/vilight.vn\/website\/tai-lieu\/#breadcrumb"},"inLanguage":"vi","potentialAction":[{"@type":"ReadAction","target":["https:\/\/vilight.vn\/website\/tai-lieu\/"]}]},{"@type":"ImageObject","inLanguage":"vi","@id":"https:\/\/vilight.vn\/website\/tai-lieu\/#primaryimage","url":"https:\/\/vilight.vn\/website\/wp-content\/uploads\/2022\/05\/mythovedem.jpg","contentUrl":"https:\/\/vilight.vn\/website\/wp-content\/uploads\/2022\/05\/mythovedem.jpg","width":700,"height":570},{"@type":"BreadcrumbList","@id":"https:\/\/vilight.vn\/website\/tai-lieu\/#breadcrumb","itemListElement":[{"@type":"ListItem","position":1,"name":"Home","item":"https:\/\/vilight.vn\/website\/"},{"@type":"ListItem","position":2,"name":"T\u00e0i li\u1ec7u"}]},{"@type":"WebSite","@id":"https:\/\/vilight.vn\/website\/#website","url":"https:\/\/vilight.vn\/website\/","name":"Vilight Co.ltd","description":"Chi\u1ebfu s\u00e1ng m\u1ef9 thu\u1eadt, chi\u1ebfu s\u00e1ng th\u00f4ng minh, LED Pixel 3D, chi\u1ebfu s\u00e1ng trang tr\u00ed \u0111\u00f4 th\u1ecb, chi\u1ebfu s\u00e1ng v\u00f2ng xoay, chi\u1ebfu s\u00e1ng \u0111\u1ea3o giao th\u00f4ng, c\u1ed5ng ch\u00e0o \u0111\u00f4 th\u1ecb","publisher":{"@id":"https:\/\/vilight.vn\/website\/#organization"},"potentialAction":[{"@type":"SearchAction","target":{"@type":"EntryPoint","urlTemplate":"https:\/\/vilight.vn\/website\/?s={search_term_string}"},"query-input":{"@type":"PropertyValueSpecification","valueRequired":true,"valueName":"search_term_string"}}],"inLanguage":"vi"},{"@type":"Organization","@id":"https:\/\/vilight.vn\/website\/#organization","name":"Vilight","url":"https:\/\/vilight.vn\/website\/","logo":{"@type":"ImageObject","inLanguage":"vi","@id":"https:\/\/vilight.vn\/website\/#\/schema\/logo\/image\/","url":"https:\/\/vilight.vn\/website\/wp-content\/uploads\/2022\/05\/chieu_sang_trang_tri_do_thi_bang_den_led_pixel.png","contentUrl":"https:\/\/vilight.vn\/website\/wp-content\/uploads\/2022\/05\/chieu_sang_trang_tri_do_thi_bang_den_led_pixel.png","width":800,"height":427,"caption":"Vilight"},"image":{"@id":"https:\/\/vilight.vn\/website\/#\/schema\/logo\/image\/"},"sameAs":["http:\/\/facebook.com\/vilight.vn","https:\/\/www.linkedin.com\/company\/vilight-vn","https:\/\/www.youtube.com\/channel\/UCEwR2naeDcuarMX1kSv_rLQ\/videos"]}]}},"_links":{"self":[{"href":"https:\/\/vilight.vn\/website\/wp-json\/wp\/v2\/pages\/6693","targetHints":{"allow":["GET"]}}],"collection":[{"href":"https:\/\/vilight.vn\/website\/wp-json\/wp\/v2\/pages"}],"about":[{"href":"https:\/\/vilight.vn\/website\/wp-json\/wp\/v2\/types\/page"}],"author":[{"embeddable":true,"href":"https:\/\/vilight.vn\/website\/wp-json\/wp\/v2\/users\/16"}],"replies":[{"embeddable":true,"href":"https:\/\/vilight.vn\/website\/wp-json\/wp\/v2\/comments?post=6693"}],"version-history":[{"count":2,"href":"https:\/\/vilight.vn\/website\/wp-json\/wp\/v2\/pages\/6693\/revisions"}],"predecessor-version":[{"id":6700,"href":"https:\/\/vilight.vn\/website\/wp-json\/wp\/v2\/pages\/6693\/revisions\/6700"}],"wp:featuredmedia":[{"embeddable":true,"href":"https:\/\/vilight.vn\/website\/wp-json\/"}],"wp:attachment":[{"href":"https:\/\/vilight.vn\/website\/wp-json\/wp\/v2\/media?parent=6693"}],"curies":[{"name":"wp","href":"https:\/\/api.w.org\/{rel}","templated":true}]}}