{"id":871,"date":"2021-04-17T10:32:34","date_gmt":"2021-04-17T03:32:34","guid":{"rendered":"http:\/\/vilight.vn\/website\/?page_id=871"},"modified":"2022-06-27T13:06:03","modified_gmt":"2022-06-27T06:06:03","slug":"du-an-chieu-sang-trang-tri","status":"publish","type":"page","link":"https:\/\/vilight.vn\/website\/du-an-chieu-sang-trang-tri\/","title":{"rendered":"D\u1ef1 \u00e1n chi\u1ebfu s\u00e1ng trang tr\u00ed \u0111\u00e3 th\u1ef1c hi\u1ec7n"},"content":{"rendered":"<h1>led Trang \u0111\u01b0\u1eddng ph\u1ed1 t\u1ebft,LED ph\u1ed1 \u0111i b\u1ed9,led trang tr\u00ed khu vui ch\u01a1i,led trang tr\u00ed l\u1ec5 h\u1ed9i :<\/h1>\n<p>5<br \/>\nclassic<br \/>\n3<br \/>\nh2<br \/>\nchieu-sang-trang-tri<br \/>\ndate<br \/>\nDESC<\/p>\n<h2>LED trang tr\u00ed \u0111\u01b0\u1eddng ph\u1ed1 T\u1ebft :<\/h2>\n<ul>\n<li>LED \u0111\u01b0\u1ee3c l\u1ef1a ch\u1ecdn \u0111\u1ec3 trang tr\u00ed \u0111\u01b0\u1eddng ph\u1ed1 ng\u00e0y T\u1ebft v\u00ec ch\u00fang kh\u00f4ng ch\u1ec9 c\u00f3 c\u00f4ng d\u1ee5ng t\u1ea1o ra \u00e1nh s\u00e1ng sinh \u0111\u1ed9ng lung linh, r\u1ef1c r\u1ee1 gi\u1eefa m\u00e0n \u0111\u00eam m\u00e0 \u0111\u00e8n LED c\u00f2n l\u00e0 v\u1eadt trang tr\u00ed, t\u00f4 \u0111i\u1ec3m n\u1ed5i b\u1eadt, d\u1ec5 nh\u1eadn th\u1ea5y trong ph\u1ed1 x\u00e1 \u0111\u00f4ng \u0111\u00fac ng\u01b0\u1eddi qua l\u1ea1i v\u00e0o m\u1ed7i d\u1ecbp xu\u00e2n v\u1ec1.<\/li>\n<li>\u0110\u01b0\u1eddng ph\u1ed1 ng\u1eadp tr\u00e0n s\u1eafp hoa trang tr\u00ed T\u1ebft.<\/li>\n<li>\u00e1nh \u0111\u00e8n nh\u1ea5p nh\u00e1y \u0111\u1ee7 m\u00e0u s\u1eafc v\u1ed1n \u0111\u00e3 tr\u1edf th\u00e0nh m\u1ed9t n\u00e9t v\u0103n ho\u00e1 l\u00e2u nay m\u1ed7i d\u1ecbp t\u1ebft \u0111\u1ebfn xu\u00e2n v\u1ec1.<\/li>\n<li>\u0110\u00f3 c\u0169ng l\u00e0 m\u1ed9t d\u1ea5u hi\u1ec7u \u0111\u1ec3 b\u00e1o hi\u1ec7u r\u1eb1ng m\u00f9a xu\u00e2n \u0111ang c\u1eadn k\u1ec1.<\/li>\n<li>C\u00f3 l\u1ebd ai c\u0169ng hi\u1ec3u r\u1eb1ng kh\u00f4ng kh\u00ed m\u00f9a xu\u00e2n s\u1ebd k\u00e9m ph\u1ea7n r\u1ed9n r\u00e0ng n\u1ebfu thi\u1ebfu nh\u1eefng con \u0111\u01b0\u1eddng trang tr\u00ed T\u1ebft nh\u01b0 v\u1eady.<\/li>\n<li>C\u00e1c m\u1eabu hoa v\u0103n trang tr\u00ed b\u1eaft m\u1eaft, khi \u201cl\u00ean \u0111\u00e8n\u201d v\u00e0o bu\u1ed5i t\u1ed1i c\u00e0ng th\u00eam lung linh, huy\u1ec1n \u1ea3o, thu h\u00fat l\u01b0\u1ee3ng ng\u01b0\u1eddi xem \u0111\u00f4ng \u0111\u1ea3o.<\/li>\n<li>c\u00e1c m\u1eabu hoa v\u0103n \u0111\u00e8n Led s\u1ebd \u0111\u01b0\u1ee3c t\u1ea1o h\u00ecnh \u0111\u00f3n xu\u00e2n v\u1edbi nh\u1eefng bi\u1ec3u t\u01b0\u1ee3ng nh\u01b0: hoa mai, hoa \u0111\u00e0o, ph\u00e1o hoa,\u2026<\/li>\n<li>Trang tr\u00ed chi\u1ebfu s\u00e1ng \u0111\u01b0\u1ee3c tri\u1ec3n khai t\u1ea1i c\u00e1c \u0111\u1ea3o giao th\u00f4ng, v\u00f2ng xoay, c\u1ed5ng ch\u00e0o qu\u1ea3ng c\u00e1o, \u0111\u00e8n hoa ch\u0103ng ngang \u0111\u01b0\u1eddng, hoa v\u0103n trang tr\u00ed tr\u00ean c\u1ed9t \u0111i\u1ec7n, c\u1ed9t \u0111\u00e8n<\/li>\n<\/ul>\n<p><a href=\"https:\/\/vilight.vn\/website\/wp-content\/uploads\/2022\/06\/LED_TRANG_TRI_DUONG_PHO-scaled.jpg\"><img decoding=\"async\" class=\"alignnone size-medium wp-image-3314 lazyload\" data-src=\"https:\/\/vilight.vn\/website\/wp-content\/uploads\/2022\/06\/LED_TRANG_TRI_DUONG_PHO-300x225.jpg\" alt=\"LED trang tr\u00ed \u0111\u01b0\u1eddng ph\u1ed1\" width=\"300\" height=\"225\" src=\"data:image\/svg+xml;base64,PHN2ZyB3aWR0aD0iMSIgaGVpZ2h0PSIxIiB4bWxucz0iaHR0cDovL3d3dy53My5vcmcvMjAwMC9zdmciPjwvc3ZnPg==\" style=\"--smush-placeholder-width: 300px; --smush-placeholder-aspect-ratio: 300\/225;\" \/><\/a><\/p>\n<h2>Trang tr\u00ed d\u00e3y ph\u00e2n c\u00e1ch :<\/h2>\n<ul>\n<li>M\u1ed7i lo\u1ea1i \u0111\u00e8n c\u00f3 th\u1ec3 \u1ee9ng d\u1ee5ng v\u1edbi nhi\u1ec1u m\u1ee5c \u0111\u00edch kh\u00e1c nhau b\u1edfi thi\u1ebft k\u1ebf \u0111\u00e8n LED r\u1ea5t linh ho\u1ea1t.<\/li>\n<li>M\u1ed7i con \u0111\u01b0\u1eddng \u0111\u1ec1u \u0111\u01b0\u1ee3c th\u1eafp s\u00e1ng b\u1eb1ng nh\u1eefng m\u1eabu \u0111\u00e8n LED trang tr\u00ed \u0111\u01b0\u1eddng.<\/li>\n<li>k\u1ebft h\u1ee3p v\u1edbi \u0111\u00e8n LED trang tr\u00ed c\u1ed9t \u0111i\u1ec7n mang l\u1ea1i v\u1ebb \u0111\u1eb9p lung linh, n\u1ed5i b\u1eadt.<\/li>\n<li>C\u1ed9t \u0111\u00e8n trang tr\u00ed \u0111\u01b0\u1eddng ph\u1ed1 d\u1ea3i ph\u00e2n c\u00e1ch \u0111\u1eb9p.<\/li>\n<li>C\u1ed9t \u0111\u00e8n trang tr\u00ed \u0111\u01b0\u1eddng ph\u1ed1 T\u1ebft.<\/li>\n<li>C\u1ed9t \u0111\u00e8n trang tr\u00ed l\u1ec5 h\u1ed9i \u00e1nh s\u00e1ng \u0111\u01b0\u1eddng ph\u1ed1.<\/li>\n<li>Hoa v\u0103n c\u1ed9t \u0111\u00e8n trang tr\u00ed \u0111\u01b0\u1eddng ph\u1ed1.<\/li>\n<li>\u0110\u00e8n LED trang tr\u00ed \u0111\u01b0\u1eddng h\u00ecnh hoa v\u0103n.<\/li>\n<li>Trang tr\u00ed \u0111\u00e8n \u0111\u01b0\u1eddng th\u01b0\u1eddng \u0111\u01b0\u1ee3c l\u1eafp \u0111\u1eb7t \u1edf c\u00e1c v\u1ecb tr\u00ed nh\u01b0 c\u00e1c con \u0111\u01b0\u1eddng ch\u00ednh, qu\u1ea3ng tr\u01b0\u1eddng, c\u00e1c c\u00f4ng tr\u00ecnh c\u00f4ng c\u1ed9ng, trang tr\u00ed c\u1ea7u v\u01b0\u1ee3t.<\/li>\n<li>\u0110\u00e8n LED \u0111\u01b0\u1ee3c b\u1ecdc nh\u1ef1a v\u00e0 \u0111\u1ed5 keo Epoxy ch\u1ed1ng n\u01b0\u1edbc.<\/li>\n<li>\u0110\u00e8n LED hoa v\u0103n trang tr\u00ed \u0111\u01b0\u1eddng ph\u1ed1 h\u00ecnh hoa sen.<\/li>\n<li>\u0110\u00e8n LED hoa v\u0103n trang tr\u00ed \u0111\u01b0\u1eddng ph\u1ed1 h\u00ecnh hoa mai.<\/li>\n<li>\u0110\u00e8n th\u1ea3 m\u00e0nh d\u1ea1ng ng\u00f4i sao.<\/li>\n<li>Trang tr\u00ed d\u00e3y ph\u00e2n c\u00e1ch b\u1eb1ng \u0111\u00e8n LED c\u00f3 t\u00ednh ngh\u1ec7 thu\u1eadt<\/li>\n<\/ul>\n<p><a href=\"https:\/\/vilight.vn\/website\/wp-content\/uploads\/2022\/06\/trang_tri_duong_pho_bang_Den_led.jpg\"><img decoding=\"async\" class=\"alignnone wp-image-3315 size-medium lazyload\" data-src=\"https:\/\/vilight.vn\/website\/wp-content\/uploads\/2022\/06\/trang_tri_duong_pho_bang_Den_led-300x169.jpg\" alt=\"Trang tr\u00ed \u0111\u01b0\u1eddng ph\u1ed1 b\u1eb1ng \u0111\u00e8n LED, Trang tr\u00ed d\u00e3y ph\u00e2n c\u00e1ch\" width=\"300\" height=\"169\" data-srcset=\"https:\/\/vilight.vn\/website\/wp-content\/uploads\/2022\/06\/trang_tri_duong_pho_bang_Den_led-300x169.jpg 300w, https:\/\/vilight.vn\/website\/wp-content\/uploads\/2022\/06\/trang_tri_duong_pho_bang_Den_led-768x432.jpg 768w, https:\/\/vilight.vn\/website\/wp-content\/uploads\/2022\/06\/trang_tri_duong_pho_bang_Den_led-18x10.jpg 18w, https:\/\/vilight.vn\/website\/wp-content\/uploads\/2022\/06\/trang_tri_duong_pho_bang_Den_led-133x75.jpg 133w, https:\/\/vilight.vn\/website\/wp-content\/uploads\/2022\/06\/trang_tri_duong_pho_bang_Den_led-480x270.jpg 480w, https:\/\/vilight.vn\/website\/wp-content\/uploads\/2022\/06\/trang_tri_duong_pho_bang_Den_led.jpg 800w\" data-sizes=\"(max-width:767px) 300px, 300px\" src=\"data:image\/svg+xml;base64,PHN2ZyB3aWR0aD0iMSIgaGVpZ2h0PSIxIiB4bWxucz0iaHR0cDovL3d3dy53My5vcmcvMjAwMC9zdmciPjwvc3ZnPg==\" style=\"--smush-placeholder-width: 300px; --smush-placeholder-aspect-ratio: 300\/169;\" \/><\/a><\/p>\n<p>&nbsp;<\/p>\n","protected":false},"excerpt":{"rendered":"<p>led Trang \u0111\u01b0\u1eddng ph\u1ed1 t\u1ebft,LED ph\u1ed1 \u0111i b\u1ed9,led trang tr\u00ed khu vui ch\u01a1i,led trang tr\u00ed l\u1ec5 h\u1ed9i : 5 classic 3 h2 chieu-sang-trang-tri date DESC LED trang tr\u00ed \u0111\u01b0\u1eddng ph\u1ed1 T\u1ebft : LED \u0111\u01b0\u1ee3c l\u1ef1a ch\u1ecdn \u0111\u1ec3 trang tr\u00ed \u0111\u01b0\u1eddng ph\u1ed1 ng\u00e0y T\u1ebft v\u00ec ch\u00fang kh\u00f4ng ch\u1ec9 c\u00f3 c\u00f4ng d\u1ee5ng<span class=\"excerpt-hellip\"> [\u2026]<\/span><\/p>\n","protected":false},"author":1,"featured_media":0,"parent":0,"menu_order":0,"comment_status":"closed","ping_status":"closed","template":"","meta":{"footnotes":""},"class_list":["post-871","page","type-page","status-publish","hentry"],"yoast_head":"<!-- This site is optimized with the Yoast SEO Premium plugin v27.4 (Yoast SEO v27.4) - https:\/\/yoast.com\/product\/yoast-seo-premium-wordpress\/ -->\n<title>LED Trang Tr\u00ed \u0110\u01b0\u1eddng Ph\u1ed1 T\u1ebft, Ph\u1ed1 \u0110i B\u1ed9, LED Khu Vui Ch\u01a1i, LED L\u1ec5 H\u1ed9i<\/title>\n<meta name=\"description\" content=\"\u0110\u00e8n LED trang tr\u00ed \u0111\u01b0\u1eddng ph\u1ed1 t\u1ebft, LED trang tr\u00ed ph\u1ed1 \u0111i b\u1ed9, LED trang tr\u00ed khu vui ch\u01a1i, LED trang tr\u00ed L\u1ec5 h\u1ed9i, LED trang tr\u00ed d\u00e3y ph\u00e2n c\u00e1ch\" \/>\n<meta name=\"robots\" content=\"index, follow, max-snippet:-1, max-image-preview:large, max-video-preview:-1\" \/>\n<link rel=\"canonical\" href=\"https:\/\/vilight.vn\/website\/du-an-chieu-sang-trang-tri\/\" \/>\n<meta property=\"og:locale\" content=\"vi_VN\" \/>\n<meta property=\"og:type\" content=\"article\" \/>\n<meta property=\"og:title\" content=\"D\u1ef1 \u00e1n chi\u1ebfu s\u00e1ng trang tr\u00ed \u0111\u00e3 th\u1ef1c hi\u1ec7n\" \/>\n<meta property=\"og:description\" content=\"led Trang \u0111\u01b0\u1eddng ph\u1ed1 t\u1ebft,LED ph\u1ed1 \u0111i b\u1ed9,led trang tr\u00ed khu vui ch\u01a1i,led trang tr\u00ed l\u1ec5 h\u1ed9i : 5 classic 3 h2 chieu-sang-trang-tri date DESC LED trang tr\u00ed \u0111\u01b0\u1eddng\" \/>\n<meta property=\"og:url\" content=\"https:\/\/vilight.vn\/website\/du-an-chieu-sang-trang-tri\/\" \/>\n<meta property=\"og:site_name\" content=\"Vilight Co.ltd\" \/>\n<meta property=\"article:publisher\" content=\"http:\/\/facebook.com\/vilight.vn\" \/>\n<meta property=\"article:modified_time\" content=\"2022-06-27T06:06:03+00:00\" \/>\n<meta property=\"og:image\" content=\"https:\/\/vilight.vn\/website\/wp-content\/uploads\/2022\/06\/LED_TRANG_TRI_DUONG_PHO-300x225.jpg\" \/>\n<meta name=\"twitter:card\" content=\"summary_large_image\" \/>\n<meta name=\"twitter:label1\" content=\"\u01af\u1edbc t\u00ednh th\u1eddi gian \u0111\u1ecdc\" \/>\n\t<meta name=\"twitter:data1\" content=\"3 ph\u00fat\" \/>\n<script type=\"application\/ld+json\" class=\"yoast-schema-graph\">{\"@context\":\"https:\\\/\\\/schema.org\",\"@graph\":[{\"@type\":\"WebPage\",\"@id\":\"https:\\\/\\\/vilight.vn\\\/website\\\/du-an-chieu-sang-trang-tri\\\/\",\"url\":\"https:\\\/\\\/vilight.vn\\\/website\\\/du-an-chieu-sang-trang-tri\\\/\",\"name\":\"LED Trang Tr\u00ed \u0110\u01b0\u1eddng Ph\u1ed1 T\u1ebft, Ph\u1ed1 \u0110i B\u1ed9, LED Khu Vui Ch\u01a1i, LED L\u1ec5 H\u1ed9i\",\"isPartOf\":{\"@id\":\"https:\\\/\\\/vilight.vn\\\/website\\\/#website\"},\"primaryImageOfPage\":{\"@id\":\"https:\\\/\\\/vilight.vn\\\/website\\\/du-an-chieu-sang-trang-tri\\\/#primaryimage\"},\"image\":{\"@id\":\"https:\\\/\\\/vilight.vn\\\/website\\\/du-an-chieu-sang-trang-tri\\\/#primaryimage\"},\"thumbnailUrl\":\"https:\\\/\\\/vilight.vn\\\/website\\\/wp-content\\\/uploads\\\/2022\\\/06\\\/LED_TRANG_TRI_DUONG_PHO-300x225.jpg\",\"datePublished\":\"2021-04-17T03:32:34+00:00\",\"dateModified\":\"2022-06-27T06:06:03+00:00\",\"description\":\"\u0110\u00e8n LED trang tr\u00ed \u0111\u01b0\u1eddng ph\u1ed1 t\u1ebft, LED trang tr\u00ed ph\u1ed1 \u0111i b\u1ed9, LED trang tr\u00ed khu vui ch\u01a1i, LED trang tr\u00ed L\u1ec5 h\u1ed9i, LED trang tr\u00ed d\u00e3y ph\u00e2n c\u00e1ch\",\"breadcrumb\":{\"@id\":\"https:\\\/\\\/vilight.vn\\\/website\\\/du-an-chieu-sang-trang-tri\\\/#breadcrumb\"},\"inLanguage\":\"vi\",\"potentialAction\":[{\"@type\":\"ReadAction\",\"target\":[\"https:\\\/\\\/vilight.vn\\\/website\\\/du-an-chieu-sang-trang-tri\\\/\"]}]},{\"@type\":\"ImageObject\",\"inLanguage\":\"vi\",\"@id\":\"https:\\\/\\\/vilight.vn\\\/website\\\/du-an-chieu-sang-trang-tri\\\/#primaryimage\",\"url\":\"https:\\\/\\\/vilight.vn\\\/website\\\/wp-content\\\/uploads\\\/2022\\\/06\\\/LED_TRANG_TRI_DUONG_PHO-300x225.jpg\",\"contentUrl\":\"https:\\\/\\\/vilight.vn\\\/website\\\/wp-content\\\/uploads\\\/2022\\\/06\\\/LED_TRANG_TRI_DUONG_PHO-300x225.jpg\"},{\"@type\":\"BreadcrumbList\",\"@id\":\"https:\\\/\\\/vilight.vn\\\/website\\\/du-an-chieu-sang-trang-tri\\\/#breadcrumb\",\"itemListElement\":[{\"@type\":\"ListItem\",\"position\":1,\"name\":\"Home\",\"item\":\"https:\\\/\\\/vilight.vn\\\/website\\\/\"},{\"@type\":\"ListItem\",\"position\":2,\"name\":\"D\u1ef1 \u00e1n chi\u1ebfu s\u00e1ng trang tr\u00ed \u0111\u00e3 th\u1ef1c hi\u1ec7n\"}]},{\"@type\":\"WebSite\",\"@id\":\"https:\\\/\\\/vilight.vn\\\/website\\\/#website\",\"url\":\"https:\\\/\\\/vilight.vn\\\/website\\\/\",\"name\":\"Vilight Co.ltd\",\"description\":\"Chi\u1ebfu s\u00e1ng m\u1ef9 thu\u1eadt, chi\u1ebfu s\u00e1ng th\u00f4ng minh, LED Pixel 3D, chi\u1ebfu s\u00e1ng trang tr\u00ed \u0111\u00f4 th\u1ecb, chi\u1ebfu s\u00e1ng v\u00f2ng xoay, chi\u1ebfu s\u00e1ng \u0111\u1ea3o giao th\u00f4ng, c\u1ed5ng ch\u00e0o \u0111\u00f4 th\u1ecb\",\"publisher\":{\"@id\":\"https:\\\/\\\/vilight.vn\\\/website\\\/#organization\"},\"potentialAction\":[{\"@type\":\"SearchAction\",\"target\":{\"@type\":\"EntryPoint\",\"urlTemplate\":\"https:\\\/\\\/vilight.vn\\\/website\\\/?s={search_term_string}\"},\"query-input\":{\"@type\":\"PropertyValueSpecification\",\"valueRequired\":true,\"valueName\":\"search_term_string\"}}],\"inLanguage\":\"vi\"},{\"@type\":\"Organization\",\"@id\":\"https:\\\/\\\/vilight.vn\\\/website\\\/#organization\",\"name\":\"Vilight\",\"url\":\"https:\\\/\\\/vilight.vn\\\/website\\\/\",\"logo\":{\"@type\":\"ImageObject\",\"inLanguage\":\"vi\",\"@id\":\"https:\\\/\\\/vilight.vn\\\/website\\\/#\\\/schema\\\/logo\\\/image\\\/\",\"url\":\"https:\\\/\\\/vilight.vn\\\/website\\\/wp-content\\\/uploads\\\/2022\\\/05\\\/chieu_sang_trang_tri_do_thi_bang_den_led_pixel.png\",\"contentUrl\":\"https:\\\/\\\/vilight.vn\\\/website\\\/wp-content\\\/uploads\\\/2022\\\/05\\\/chieu_sang_trang_tri_do_thi_bang_den_led_pixel.png\",\"width\":800,\"height\":427,\"caption\":\"Vilight\"},\"image\":{\"@id\":\"https:\\\/\\\/vilight.vn\\\/website\\\/#\\\/schema\\\/logo\\\/image\\\/\"},\"sameAs\":[\"http:\\\/\\\/facebook.com\\\/vilight.vn\",\"https:\\\/\\\/www.linkedin.com\\\/company\\\/vilight-vn\",\"https:\\\/\\\/www.youtube.com\\\/channel\\\/UCEwR2naeDcuarMX1kSv_rLQ\\\/videos\"]}]}<\/script>\n<!-- \/ Yoast SEO Premium plugin. -->","yoast_head_json":{"title":"LED Trang Tr\u00ed \u0110\u01b0\u1eddng Ph\u1ed1 T\u1ebft, Ph\u1ed1 \u0110i B\u1ed9, LED Khu Vui Ch\u01a1i, LED L\u1ec5 H\u1ed9i","description":"\u0110\u00e8n LED trang tr\u00ed \u0111\u01b0\u1eddng ph\u1ed1 t\u1ebft, LED trang tr\u00ed ph\u1ed1 \u0111i b\u1ed9, LED trang tr\u00ed khu vui ch\u01a1i, LED trang tr\u00ed L\u1ec5 h\u1ed9i, LED trang tr\u00ed d\u00e3y ph\u00e2n c\u00e1ch","robots":{"index":"index","follow":"follow","max-snippet":"max-snippet:-1","max-image-preview":"max-image-preview:large","max-video-preview":"max-video-preview:-1"},"canonical":"https:\/\/vilight.vn\/website\/du-an-chieu-sang-trang-tri\/","og_locale":"vi_VN","og_type":"article","og_title":"D\u1ef1 \u00e1n chi\u1ebfu s\u00e1ng trang tr\u00ed \u0111\u00e3 th\u1ef1c hi\u1ec7n","og_description":"led Trang \u0111\u01b0\u1eddng ph\u1ed1 t\u1ebft,LED ph\u1ed1 \u0111i b\u1ed9,led trang tr\u00ed khu vui ch\u01a1i,led trang tr\u00ed l\u1ec5 h\u1ed9i : 5 classic 3 h2 chieu-sang-trang-tri date DESC LED trang tr\u00ed \u0111\u01b0\u1eddng","og_url":"https:\/\/vilight.vn\/website\/du-an-chieu-sang-trang-tri\/","og_site_name":"Vilight Co.ltd","article_publisher":"http:\/\/facebook.com\/vilight.vn","article_modified_time":"2022-06-27T06:06:03+00:00","og_image":[{"url":"https:\/\/vilight.vn\/website\/wp-content\/uploads\/2022\/06\/LED_TRANG_TRI_DUONG_PHO-300x225.jpg","type":"","width":"","height":""}],"twitter_card":"summary_large_image","twitter_misc":{"\u01af\u1edbc t\u00ednh th\u1eddi gian \u0111\u1ecdc":"3 ph\u00fat"},"schema":{"@context":"https:\/\/schema.org","@graph":[{"@type":"WebPage","@id":"https:\/\/vilight.vn\/website\/du-an-chieu-sang-trang-tri\/","url":"https:\/\/vilight.vn\/website\/du-an-chieu-sang-trang-tri\/","name":"LED Trang Tr\u00ed \u0110\u01b0\u1eddng Ph\u1ed1 T\u1ebft, Ph\u1ed1 \u0110i B\u1ed9, LED Khu Vui Ch\u01a1i, LED L\u1ec5 H\u1ed9i","isPartOf":{"@id":"https:\/\/vilight.vn\/website\/#website"},"primaryImageOfPage":{"@id":"https:\/\/vilight.vn\/website\/du-an-chieu-sang-trang-tri\/#primaryimage"},"image":{"@id":"https:\/\/vilight.vn\/website\/du-an-chieu-sang-trang-tri\/#primaryimage"},"thumbnailUrl":"https:\/\/vilight.vn\/website\/wp-content\/uploads\/2022\/06\/LED_TRANG_TRI_DUONG_PHO-300x225.jpg","datePublished":"2021-04-17T03:32:34+00:00","dateModified":"2022-06-27T06:06:03+00:00","description":"\u0110\u00e8n LED trang tr\u00ed \u0111\u01b0\u1eddng ph\u1ed1 t\u1ebft, LED trang tr\u00ed ph\u1ed1 \u0111i b\u1ed9, LED trang tr\u00ed khu vui ch\u01a1i, LED trang tr\u00ed L\u1ec5 h\u1ed9i, LED trang tr\u00ed d\u00e3y ph\u00e2n c\u00e1ch","breadcrumb":{"@id":"https:\/\/vilight.vn\/website\/du-an-chieu-sang-trang-tri\/#breadcrumb"},"inLanguage":"vi","potentialAction":[{"@type":"ReadAction","target":["https:\/\/vilight.vn\/website\/du-an-chieu-sang-trang-tri\/"]}]},{"@type":"ImageObject","inLanguage":"vi","@id":"https:\/\/vilight.vn\/website\/du-an-chieu-sang-trang-tri\/#primaryimage","url":"https:\/\/vilight.vn\/website\/wp-content\/uploads\/2022\/06\/LED_TRANG_TRI_DUONG_PHO-300x225.jpg","contentUrl":"https:\/\/vilight.vn\/website\/wp-content\/uploads\/2022\/06\/LED_TRANG_TRI_DUONG_PHO-300x225.jpg"},{"@type":"BreadcrumbList","@id":"https:\/\/vilight.vn\/website\/du-an-chieu-sang-trang-tri\/#breadcrumb","itemListElement":[{"@type":"ListItem","position":1,"name":"Home","item":"https:\/\/vilight.vn\/website\/"},{"@type":"ListItem","position":2,"name":"D\u1ef1 \u00e1n chi\u1ebfu s\u00e1ng trang tr\u00ed \u0111\u00e3 th\u1ef1c hi\u1ec7n"}]},{"@type":"WebSite","@id":"https:\/\/vilight.vn\/website\/#website","url":"https:\/\/vilight.vn\/website\/","name":"Vilight Co.ltd","description":"Chi\u1ebfu s\u00e1ng m\u1ef9 thu\u1eadt, chi\u1ebfu s\u00e1ng th\u00f4ng minh, LED Pixel 3D, chi\u1ebfu s\u00e1ng trang tr\u00ed \u0111\u00f4 th\u1ecb, chi\u1ebfu s\u00e1ng v\u00f2ng xoay, chi\u1ebfu s\u00e1ng \u0111\u1ea3o giao th\u00f4ng, c\u1ed5ng ch\u00e0o \u0111\u00f4 th\u1ecb","publisher":{"@id":"https:\/\/vilight.vn\/website\/#organization"},"potentialAction":[{"@type":"SearchAction","target":{"@type":"EntryPoint","urlTemplate":"https:\/\/vilight.vn\/website\/?s={search_term_string}"},"query-input":{"@type":"PropertyValueSpecification","valueRequired":true,"valueName":"search_term_string"}}],"inLanguage":"vi"},{"@type":"Organization","@id":"https:\/\/vilight.vn\/website\/#organization","name":"Vilight","url":"https:\/\/vilight.vn\/website\/","logo":{"@type":"ImageObject","inLanguage":"vi","@id":"https:\/\/vilight.vn\/website\/#\/schema\/logo\/image\/","url":"https:\/\/vilight.vn\/website\/wp-content\/uploads\/2022\/05\/chieu_sang_trang_tri_do_thi_bang_den_led_pixel.png","contentUrl":"https:\/\/vilight.vn\/website\/wp-content\/uploads\/2022\/05\/chieu_sang_trang_tri_do_thi_bang_den_led_pixel.png","width":800,"height":427,"caption":"Vilight"},"image":{"@id":"https:\/\/vilight.vn\/website\/#\/schema\/logo\/image\/"},"sameAs":["http:\/\/facebook.com\/vilight.vn","https:\/\/www.linkedin.com\/company\/vilight-vn","https:\/\/www.youtube.com\/channel\/UCEwR2naeDcuarMX1kSv_rLQ\/videos"]}]}},"_links":{"self":[{"href":"https:\/\/vilight.vn\/website\/wp-json\/wp\/v2\/pages\/871","targetHints":{"allow":["GET"]}}],"collection":[{"href":"https:\/\/vilight.vn\/website\/wp-json\/wp\/v2\/pages"}],"about":[{"href":"https:\/\/vilight.vn\/website\/wp-json\/wp\/v2\/types\/page"}],"author":[{"embeddable":true,"href":"https:\/\/vilight.vn\/website\/wp-json\/wp\/v2\/users\/1"}],"replies":[{"embeddable":true,"href":"https:\/\/vilight.vn\/website\/wp-json\/wp\/v2\/comments?post=871"}],"version-history":[{"count":0,"href":"https:\/\/vilight.vn\/website\/wp-json\/wp\/v2\/pages\/871\/revisions"}],"wp:attachment":[{"href":"https:\/\/vilight.vn\/website\/wp-json\/wp\/v2\/media?parent=871"}],"curies":[{"name":"wp","href":"https:\/\/api.w.org\/{rel}","templated":true}]}}