{"id":873,"date":"2021-04-17T10:44:58","date_gmt":"2021-04-17T03:44:58","guid":{"rendered":"http:\/\/vilight.vn\/website\/?page_id=873"},"modified":"2022-06-22T10:18:52","modified_gmt":"2022-06-22T03:18:52","slug":"thiet-ke-chieu-sang-my-thuat","status":"publish","type":"page","link":"https:\/\/vilight.vn\/website\/thiet-ke-chieu-sang-my-thuat\/","title":{"rendered":"Thi\u1ebft k\u1ebf chi\u1ebfu s\u00e1ng m\u1ef9 thu\u1eadt"},"content":{"rendered":"<h1>Thi\u1ebft k\u1ebf chi\u1ebfu s\u00e1ng trang tr\u00ed, chi\u1ebfu s\u00e1ng m\u1ef9 thu\u1eadt, chi\u1ebfu s\u00e1ng m\u1eb7t d\u1ef1ng :<\/h1>\n<h2>Chi\u1ebfu s\u00e1ng trang tr\u00ed \u0111\u00f4 th\u1ecb :<\/h2>\n<ul>\n<li>Trang tr\u00ed \u0110\u00f4 th\u1ecb h\u01b0\u1edbng t\u1edbi t\u00ednh b\u1ec1n v\u1eefng, kh\u00f4ng s\u1eed d\u1ee5ng c\u00e1c lo\u1ea1i h\u00ecnh trang tr\u00ed t\u1ea1m b\u1ee3, c\u00f3 tu\u1ed5i th\u1ecd k\u00e9m, g\u00e2y l\u00e3ng ph\u00ed chi ph\u00ed \u0111\u1ea7u t\u01b0, chi ph\u00ed v\u1eadn h\u00e0nh.<\/li>\n<li>H\u01b0\u1edbng t\u1edbi s\u1ef1 hi\u1ec7n \u0111\u1ea1i, t\u00ednh m\u1ef9 thu\u1eadt cao, s\u1eed d\u1ee5ng c\u00e1c lo\u1ea1i v\u1eadt li\u1ec7u chi\u1ebfu s\u00e1ng m\u1edbi \u0111\u1ec3 trang tr\u00ed.<\/li>\n<li>K\u1ebft c\u1ea5u trang tr\u00ed kh\u00f4ng ch\u1ec9 hi\u1ec3n th\u1ecb m\u00e0u s\u1eafc \u0111\u01a1n gi\u1ea3n, m\u00e0 c\u00f2n hi\u1ec3n th\u1ecb \u0111\u01b0\u1ee3c h\u00ecnh \u1ea3nh, ch\u1ea1y \u0111\u01b0\u1ee3c video, c\u00e1c kh\u1ea9u hi\u1ec7u tuy\u00ean truy\u1ec1n.<\/li>\n<li>K\u1ebft c\u1ea5u trang tr\u00ed ph\u1ea3i \u0111\u1eb9p v\u00e0o ban ng\u00e0y, tr\u01b0\u1edbc khi lung linh v\u00e0o ban \u0111\u00eam. K\u1ebft c\u1ea5u c\u00f3 gi\u00e1 tr\u1ecb ki\u1ebfn tr\u00fac cao \u0111\u1ec3 l\u00e0m \u0111i\u1ec3m nh\u1ea5n cho \u0110\u00f4 th\u1ecb.<\/li>\n<\/ul>\n<p><a href=\"https:\/\/vilight.vn\/website\/wp-content\/uploads\/2022\/06\/trang_tri_do_thi_trang_tri_duong_pho.jpg\"><img decoding=\"async\" class=\"alignnone size-medium wp-image-3286 lazyload\" data-src=\"https:\/\/vilight.vn\/website\/wp-content\/uploads\/2022\/06\/trang_tri_do_thi_trang_tri_duong_pho-300x265.jpg\" alt=\"chi\u1ebfu s\u00e1ng trang tr\u00ed \u0111\u00f4 th\u1ecb b\u1eb1ng c\u00f4ng ngh\u1ec7 m\u1edbi\" width=\"300\" height=\"265\" data-srcset=\"https:\/\/vilight.vn\/website\/wp-content\/uploads\/2022\/06\/trang_tri_do_thi_trang_tri_duong_pho-300x265.jpg 300w, https:\/\/vilight.vn\/website\/wp-content\/uploads\/2022\/06\/trang_tri_do_thi_trang_tri_duong_pho-800x707.jpg 800w, https:\/\/vilight.vn\/website\/wp-content\/uploads\/2022\/06\/trang_tri_do_thi_trang_tri_duong_pho-768x678.jpg 768w, https:\/\/vilight.vn\/website\/wp-content\/uploads\/2022\/06\/trang_tri_do_thi_trang_tri_duong_pho-14x12.jpg 14w, https:\/\/vilight.vn\/website\/wp-content\/uploads\/2022\/06\/trang_tri_do_thi_trang_tri_duong_pho-85x75.jpg 85w, https:\/\/vilight.vn\/website\/wp-content\/uploads\/2022\/06\/trang_tri_do_thi_trang_tri_duong_pho-480x424.jpg 480w, https:\/\/vilight.vn\/website\/wp-content\/uploads\/2022\/06\/trang_tri_do_thi_trang_tri_duong_pho.jpg 899w\" data-sizes=\"(max-width:767px) 300px, 300px\" src=\"data:image\/svg+xml;base64,PHN2ZyB3aWR0aD0iMSIgaGVpZ2h0PSIxIiB4bWxucz0iaHR0cDovL3d3dy53My5vcmcvMjAwMC9zdmciPjwvc3ZnPg==\" style=\"--smush-placeholder-width: 300px; --smush-placeholder-aspect-ratio: 300\/265;\" \/><\/a><\/p>\n<h2>chi\u1ebfu s\u00e1ng m\u1ef9 thu\u1eadt :<\/h2>\n<ul>\n<li>Thay v\u00ec \u0111\u1ea7u t\u01b0 d\u00e0n tr\u1ea3i nhi\u1ec1u k\u1ebft c\u1ea5u trang tr\u00ed tr\u00ean nhi\u1ec1u tuy\u1ebfn \u0111\u01b0\u1eddng nh\u01b0 tr\u01b0\u1edbc \u0111\u00e2y.<\/li>\n<li>(g\u1eafn tr\u00ean tr\u1ee5 \u0111i\u1ec7n, gi\u0103ng ngang \u0111\u01b0\u1eddng &#8230;) ch\u00fang t\u00f4i \u0111\u1ec1 xu\u1ea5t \u0111\u1ea7u t\u01b0 c\u00f3 gi\u00e1 tr\u1ecb, c\u00f3 t\u00ednh t\u1eadp trung.<\/li>\n<li>T\u1ea1o \u0111i\u1ec3m nh\u1ea5n cho \u0111\u00f4 th\u1ecb t\u1ea1i c\u00e1c khu v\u1ef1c \u0111i\u1ec3m nh\u1ea5n chung nh\u01b0 V\u00f2ng xoay l\u1edbn, C\u00f4ng vi\u00ean, Qu\u1ea3ng tr\u01b0\u1eddng, C\u1ea7u b\u1eaft ngang s\u00f4ng\u2026<\/li>\n<li>K\u1ebft c\u1ea5u trang tr\u00ed c\u00f3 tu\u1ed5i th\u1ecd cao, ho\u1ea1t \u0111\u1ed9ng \u1ed5n \u0111\u1ecbnh, c\u00f3 t\u00ednh t\u00f9y bi\u1ebfn cao.<\/li>\n<li>(c\u00e1c hi\u1ec7u \u1ee9ng chi\u1ebfu s\u00e1ng c\u00f3 th\u1ec3 thay \u0111\u1ed5i theo th\u1eddi gian, theo ch\u1ee7 \u0111\u1ec1, theo s\u1ef1 ki\u1ec7n \u2026).<\/li>\n<li>C\u00e1c k\u1ebft c\u1ea5u trang tr\u00ed c\u00f3 t\u00ednh k\u1ebft n\u1ed1i t\u1eadp trung, c\u00e1c hi\u1ec7u \u1ee9ng c\u00f3 th\u1ec3 hi\u1ec3n th\u1ecb ri\u00eang l\u1ebb, ho\u1eb7c c\u00f3 s\u1ef1 ph\u1ed1i k\u1ebft h\u1ee3p \u0111\u1ec3 t\u1ea1o n\u00ean c\u00e1c \u0111\u1ea1i c\u1ea3nh chi\u1ebfu s\u00e1ng .<\/li>\n<li>\u0110\u1ed1i v\u1edbi c\u00e1c c\u00f4ng tr\u00ecnh ki\u1ebfn tr\u00fac hi\u1ec7n h\u1eefu.<\/li>\n<li>s\u1eed d\u1ee5ng c\u00e1c gi\u1ea3i ph\u00e1p chi\u1ebfu s\u00e1ng \u0111\u1ec3 kh\u1eafc h\u1ecda r\u00f5 c\u00e1c \u0111i\u1ec3m nh\u1ea5n ki\u1ebfn tr\u00fac.<\/li>\n<li>T\u1ea1o m\u1ed9t di\u1ec7n m\u1ea1o sang tr\u1ecdng h\u1eb3n cho c\u00f4ng tr\u00ecnh v\u1ec1 \u0111\u00eam.<\/li>\n<li>Chi\u1ebfu s\u00e1ng m\u1ef9 thu\u1eadt c\u00e1c c\u00f4ng tr\u00ecnh ki\u1ebfn tr\u00fac.<\/li>\n<li>chi\u1ebfu s\u00e1ng trang tr\u00ed \u0111\u00f4 th\u1ecb c\u1ea7n s\u1ef1 ph\u1ed1i h\u1ee3p h\u00e0i h\u00f2a, \u0111\u1ec3 c\u1ea3 \u0110\u00f4 th\u1ecb tr\u1edf th\u00e0nh 1 \u0110\u00f4 th\u1ecb \u00e1nh s\u00e1ng, h\u01b0\u1edbng t\u1edbi t\u00ednh sang tr\u1ecdng, b\u1ec1n v\u1eefng, \u0111\u1eb9p m\u1eb7t, sinh \u0111\u1ed9ng v\u00e0 r\u1ef1c r\u1ee1.<\/li>\n<\/ul>\n<h2>M\u00f4 h\u00ecnh chi\u1ebfu s\u00e1ng trang tr\u00ed :<\/h2>\n<p>&nbsp;<\/p>\n<ul>\n<li><a href=\"https:\/\/www.youtube.com\/watch?v=uoa0dF6oWhE\">Chi\u1ebfu s\u00e1ng trang tr\u00ed Tuy H\u00f2a, Ph\u00fa Y\u00ean<\/a><\/li>\n<li><a href=\"https:\/\/www.youtube.com\/watch?v=8hHsG5LITtw\">Chi\u1ebfu s\u00e1ng trang tr\u00ed v\u00f2ng xoay \u0110\u00f4ng T\u00e2y Tp. B\u1ebfn Tre (v\u00f2ng xoay 4 t\u1ec9)<\/a><\/li>\n<\/ul>\n<p>&nbsp;<\/p>\n","protected":false},"excerpt":{"rendered":"<p>Thi\u1ebft k\u1ebf chi\u1ebfu s\u00e1ng trang tr\u00ed, chi\u1ebfu s\u00e1ng m\u1ef9 thu\u1eadt, chi\u1ebfu s\u00e1ng m\u1eb7t d\u1ef1ng : Chi\u1ebfu s\u00e1ng trang tr\u00ed \u0111\u00f4 th\u1ecb : Trang tr\u00ed \u0110\u00f4 th\u1ecb h\u01b0\u1edbng t\u1edbi t\u00ednh b\u1ec1n v\u1eefng, kh\u00f4ng s\u1eed d\u1ee5ng c\u00e1c lo\u1ea1i h\u00ecnh trang tr\u00ed t\u1ea1m b\u1ee3, c\u00f3 tu\u1ed5i th\u1ecd k\u00e9m, g\u00e2y l\u00e3ng ph\u00ed chi ph\u00ed<span class=\"excerpt-hellip\"> [\u2026]<\/span><\/p>\n","protected":false},"author":1,"featured_media":0,"parent":0,"menu_order":0,"comment_status":"closed","ping_status":"closed","template":"","meta":{"footnotes":""},"class_list":["post-873","page","type-page","status-publish","hentry"],"yoast_head":"<!-- This site is optimized with the Yoast SEO Premium plugin v27.5 (Yoast SEO v27.5) - https:\/\/yoast.com\/product\/yoast-seo-premium-wordpress\/ -->\n<title>Thi\u1ebft K\u1ebf Chi\u1ebfu S\u00e1ng Trang Tr\u00ed, Chi\u1ebfu S\u00e1ng M\u1ef9 Thu\u1eadt M\u1eb7t D\u1ef1ng Facade<\/title>\n<meta name=\"description\" content=\"T\u01b0 v\u1ea5n thi\u1ebft k\u1ebf chi\u1ebfu s\u00e1ng trang tr\u00ed, chi\u1ebfu s\u00e1ng m\u1ef9 thu\u1eadt, chi\u1ebfu s\u00e1ng m\u1eb7t d\u1ef1ng (facade) c\u00f4ng tr\u00ecnh, chi\u1ebfu s\u00e1ng c\u1ea3nh quan \u0111\u00f4 th\u1ecb\" \/>\n<meta name=\"robots\" content=\"index, follow, max-snippet:-1, max-image-preview:large, max-video-preview:-1\" \/>\n<link rel=\"canonical\" href=\"https:\/\/vilight.vn\/website\/thiet-ke-chieu-sang-my-thuat\/\" \/>\n<meta property=\"og:locale\" content=\"vi_VN\" \/>\n<meta property=\"og:type\" content=\"article\" \/>\n<meta property=\"og:title\" content=\"Thi\u1ebft k\u1ebf chi\u1ebfu s\u00e1ng m\u1ef9 thu\u1eadt\" \/>\n<meta property=\"og:description\" content=\"Thi\u1ebft k\u1ebf chi\u1ebfu s\u00e1ng trang tr\u00ed, chi\u1ebfu s\u00e1ng m\u1ef9 thu\u1eadt, chi\u1ebfu s\u00e1ng m\u1eb7t d\u1ef1ng : Chi\u1ebfu s\u00e1ng trang tr\u00ed \u0111\u00f4 th\u1ecb : Trang tr\u00ed \u0110\u00f4 th\u1ecb h\u01b0\u1edbng t\u1edbi t\u00ednh b\u1ec1n v\u1eefng, kh\u00f4ng s\u1eed\" \/>\n<meta property=\"og:url\" content=\"https:\/\/vilight.vn\/website\/thiet-ke-chieu-sang-my-thuat\/\" \/>\n<meta property=\"og:site_name\" content=\"Vilight Co.ltd\" \/>\n<meta property=\"article:publisher\" content=\"http:\/\/facebook.com\/vilight.vn\" \/>\n<meta property=\"article:modified_time\" content=\"2022-06-22T03:18:52+00:00\" \/>\n<meta property=\"og:image\" content=\"https:\/\/vilight.vn\/website\/wp-content\/uploads\/2022\/06\/trang_tri_do_thi_trang_tri_duong_pho-300x265.png\" \/>\n<meta name=\"twitter:card\" content=\"summary_large_image\" \/>\n<meta name=\"twitter:label1\" content=\"\u01af\u1edbc t\u00ednh th\u1eddi gian \u0111\u1ecdc\" \/>\n\t<meta name=\"twitter:data1\" content=\"3 ph\u00fat\" \/>\n<script type=\"application\/ld+json\" class=\"yoast-schema-graph\">{\"@context\":\"https:\\\/\\\/schema.org\",\"@graph\":[{\"@type\":\"WebPage\",\"@id\":\"https:\\\/\\\/vilight.vn\\\/website\\\/thiet-ke-chieu-sang-my-thuat\\\/\",\"url\":\"https:\\\/\\\/vilight.vn\\\/website\\\/thiet-ke-chieu-sang-my-thuat\\\/\",\"name\":\"Thi\u1ebft K\u1ebf Chi\u1ebfu S\u00e1ng Trang Tr\u00ed, Chi\u1ebfu S\u00e1ng M\u1ef9 Thu\u1eadt M\u1eb7t D\u1ef1ng Facade\",\"isPartOf\":{\"@id\":\"https:\\\/\\\/vilight.vn\\\/website\\\/#website\"},\"primaryImageOfPage\":{\"@id\":\"https:\\\/\\\/vilight.vn\\\/website\\\/thiet-ke-chieu-sang-my-thuat\\\/#primaryimage\"},\"image\":{\"@id\":\"https:\\\/\\\/vilight.vn\\\/website\\\/thiet-ke-chieu-sang-my-thuat\\\/#primaryimage\"},\"thumbnailUrl\":\"https:\\\/\\\/vilight.vn\\\/website\\\/wp-content\\\/uploads\\\/2022\\\/06\\\/trang_tri_do_thi_trang_tri_duong_pho-300x265.jpg\",\"datePublished\":\"2021-04-17T03:44:58+00:00\",\"dateModified\":\"2022-06-22T03:18:52+00:00\",\"description\":\"T\u01b0 v\u1ea5n thi\u1ebft k\u1ebf chi\u1ebfu s\u00e1ng trang tr\u00ed, chi\u1ebfu s\u00e1ng m\u1ef9 thu\u1eadt, chi\u1ebfu s\u00e1ng m\u1eb7t d\u1ef1ng (facade) c\u00f4ng tr\u00ecnh, chi\u1ebfu s\u00e1ng c\u1ea3nh quan \u0111\u00f4 th\u1ecb\",\"breadcrumb\":{\"@id\":\"https:\\\/\\\/vilight.vn\\\/website\\\/thiet-ke-chieu-sang-my-thuat\\\/#breadcrumb\"},\"inLanguage\":\"vi\",\"potentialAction\":[{\"@type\":\"ReadAction\",\"target\":[\"https:\\\/\\\/vilight.vn\\\/website\\\/thiet-ke-chieu-sang-my-thuat\\\/\"]}]},{\"@type\":\"ImageObject\",\"inLanguage\":\"vi\",\"@id\":\"https:\\\/\\\/vilight.vn\\\/website\\\/thiet-ke-chieu-sang-my-thuat\\\/#primaryimage\",\"url\":\"https:\\\/\\\/vilight.vn\\\/website\\\/wp-content\\\/uploads\\\/2022\\\/06\\\/trang_tri_do_thi_trang_tri_duong_pho.jpg\",\"contentUrl\":\"https:\\\/\\\/vilight.vn\\\/website\\\/wp-content\\\/uploads\\\/2022\\\/06\\\/trang_tri_do_thi_trang_tri_duong_pho.jpg\",\"width\":899,\"height\":794,\"caption\":\"chi\u1ebfu s\u00e1ng trang tr\u00ed \u0111\u00f4 th\u1ecb b\u1eb1ng c\u00f4ng ngh\u1ec7 m\u1edbi\"},{\"@type\":\"BreadcrumbList\",\"@id\":\"https:\\\/\\\/vilight.vn\\\/website\\\/thiet-ke-chieu-sang-my-thuat\\\/#breadcrumb\",\"itemListElement\":[{\"@type\":\"ListItem\",\"position\":1,\"name\":\"Home\",\"item\":\"https:\\\/\\\/vilight.vn\\\/website\\\/\"},{\"@type\":\"ListItem\",\"position\":2,\"name\":\"Thi\u1ebft k\u1ebf chi\u1ebfu s\u00e1ng m\u1ef9 thu\u1eadt\"}]},{\"@type\":\"WebSite\",\"@id\":\"https:\\\/\\\/vilight.vn\\\/website\\\/#website\",\"url\":\"https:\\\/\\\/vilight.vn\\\/website\\\/\",\"name\":\"Vilight Co.ltd\",\"description\":\"Chi\u1ebfu s\u00e1ng m\u1ef9 thu\u1eadt, chi\u1ebfu s\u00e1ng th\u00f4ng minh, LED Pixel 3D, chi\u1ebfu s\u00e1ng trang tr\u00ed \u0111\u00f4 th\u1ecb, chi\u1ebfu s\u00e1ng v\u00f2ng xoay, chi\u1ebfu s\u00e1ng \u0111\u1ea3o giao th\u00f4ng, c\u1ed5ng ch\u00e0o \u0111\u00f4 th\u1ecb\",\"publisher\":{\"@id\":\"https:\\\/\\\/vilight.vn\\\/website\\\/#organization\"},\"potentialAction\":[{\"@type\":\"SearchAction\",\"target\":{\"@type\":\"EntryPoint\",\"urlTemplate\":\"https:\\\/\\\/vilight.vn\\\/website\\\/?s={search_term_string}\"},\"query-input\":{\"@type\":\"PropertyValueSpecification\",\"valueRequired\":true,\"valueName\":\"search_term_string\"}}],\"inLanguage\":\"vi\"},{\"@type\":\"Organization\",\"@id\":\"https:\\\/\\\/vilight.vn\\\/website\\\/#organization\",\"name\":\"Vilight\",\"url\":\"https:\\\/\\\/vilight.vn\\\/website\\\/\",\"logo\":{\"@type\":\"ImageObject\",\"inLanguage\":\"vi\",\"@id\":\"https:\\\/\\\/vilight.vn\\\/website\\\/#\\\/schema\\\/logo\\\/image\\\/\",\"url\":\"https:\\\/\\\/vilight.vn\\\/website\\\/wp-content\\\/uploads\\\/2022\\\/05\\\/chieu_sang_trang_tri_do_thi_bang_den_led_pixel.png\",\"contentUrl\":\"https:\\\/\\\/vilight.vn\\\/website\\\/wp-content\\\/uploads\\\/2022\\\/05\\\/chieu_sang_trang_tri_do_thi_bang_den_led_pixel.png\",\"width\":800,\"height\":427,\"caption\":\"Vilight\"},\"image\":{\"@id\":\"https:\\\/\\\/vilight.vn\\\/website\\\/#\\\/schema\\\/logo\\\/image\\\/\"},\"sameAs\":[\"http:\\\/\\\/facebook.com\\\/vilight.vn\",\"https:\\\/\\\/www.linkedin.com\\\/company\\\/vilight-vn\",\"https:\\\/\\\/www.youtube.com\\\/channel\\\/UCEwR2naeDcuarMX1kSv_rLQ\\\/videos\"]}]}<\/script>\n<!-- \/ Yoast SEO Premium plugin. -->","yoast_head_json":{"title":"Thi\u1ebft K\u1ebf Chi\u1ebfu S\u00e1ng Trang Tr\u00ed, Chi\u1ebfu S\u00e1ng M\u1ef9 Thu\u1eadt M\u1eb7t D\u1ef1ng Facade","description":"T\u01b0 v\u1ea5n thi\u1ebft k\u1ebf chi\u1ebfu s\u00e1ng trang tr\u00ed, chi\u1ebfu s\u00e1ng m\u1ef9 thu\u1eadt, chi\u1ebfu s\u00e1ng m\u1eb7t d\u1ef1ng (facade) c\u00f4ng tr\u00ecnh, chi\u1ebfu s\u00e1ng c\u1ea3nh quan \u0111\u00f4 th\u1ecb","robots":{"index":"index","follow":"follow","max-snippet":"max-snippet:-1","max-image-preview":"max-image-preview:large","max-video-preview":"max-video-preview:-1"},"canonical":"https:\/\/vilight.vn\/website\/thiet-ke-chieu-sang-my-thuat\/","og_locale":"vi_VN","og_type":"article","og_title":"Thi\u1ebft k\u1ebf chi\u1ebfu s\u00e1ng m\u1ef9 thu\u1eadt","og_description":"Thi\u1ebft k\u1ebf chi\u1ebfu s\u00e1ng trang tr\u00ed, chi\u1ebfu s\u00e1ng m\u1ef9 thu\u1eadt, chi\u1ebfu s\u00e1ng m\u1eb7t d\u1ef1ng : Chi\u1ebfu s\u00e1ng trang tr\u00ed \u0111\u00f4 th\u1ecb : Trang tr\u00ed \u0110\u00f4 th\u1ecb h\u01b0\u1edbng t\u1edbi t\u00ednh b\u1ec1n v\u1eefng, kh\u00f4ng s\u1eed","og_url":"https:\/\/vilight.vn\/website\/thiet-ke-chieu-sang-my-thuat\/","og_site_name":"Vilight Co.ltd","article_publisher":"http:\/\/facebook.com\/vilight.vn","article_modified_time":"2022-06-22T03:18:52+00:00","og_image":[{"url":"https:\/\/vilight.vn\/website\/wp-content\/uploads\/2022\/06\/trang_tri_do_thi_trang_tri_duong_pho-300x265.png","type":"","width":"","height":""}],"twitter_card":"summary_large_image","twitter_misc":{"\u01af\u1edbc t\u00ednh th\u1eddi gian \u0111\u1ecdc":"3 ph\u00fat"},"schema":{"@context":"https:\/\/schema.org","@graph":[{"@type":"WebPage","@id":"https:\/\/vilight.vn\/website\/thiet-ke-chieu-sang-my-thuat\/","url":"https:\/\/vilight.vn\/website\/thiet-ke-chieu-sang-my-thuat\/","name":"Thi\u1ebft K\u1ebf Chi\u1ebfu S\u00e1ng Trang Tr\u00ed, Chi\u1ebfu S\u00e1ng M\u1ef9 Thu\u1eadt M\u1eb7t D\u1ef1ng Facade","isPartOf":{"@id":"https:\/\/vilight.vn\/website\/#website"},"primaryImageOfPage":{"@id":"https:\/\/vilight.vn\/website\/thiet-ke-chieu-sang-my-thuat\/#primaryimage"},"image":{"@id":"https:\/\/vilight.vn\/website\/thiet-ke-chieu-sang-my-thuat\/#primaryimage"},"thumbnailUrl":"https:\/\/vilight.vn\/website\/wp-content\/uploads\/2022\/06\/trang_tri_do_thi_trang_tri_duong_pho-300x265.jpg","datePublished":"2021-04-17T03:44:58+00:00","dateModified":"2022-06-22T03:18:52+00:00","description":"T\u01b0 v\u1ea5n thi\u1ebft k\u1ebf chi\u1ebfu s\u00e1ng trang tr\u00ed, chi\u1ebfu s\u00e1ng m\u1ef9 thu\u1eadt, chi\u1ebfu s\u00e1ng m\u1eb7t d\u1ef1ng (facade) c\u00f4ng tr\u00ecnh, chi\u1ebfu s\u00e1ng c\u1ea3nh quan \u0111\u00f4 th\u1ecb","breadcrumb":{"@id":"https:\/\/vilight.vn\/website\/thiet-ke-chieu-sang-my-thuat\/#breadcrumb"},"inLanguage":"vi","potentialAction":[{"@type":"ReadAction","target":["https:\/\/vilight.vn\/website\/thiet-ke-chieu-sang-my-thuat\/"]}]},{"@type":"ImageObject","inLanguage":"vi","@id":"https:\/\/vilight.vn\/website\/thiet-ke-chieu-sang-my-thuat\/#primaryimage","url":"https:\/\/vilight.vn\/website\/wp-content\/uploads\/2022\/06\/trang_tri_do_thi_trang_tri_duong_pho.jpg","contentUrl":"https:\/\/vilight.vn\/website\/wp-content\/uploads\/2022\/06\/trang_tri_do_thi_trang_tri_duong_pho.jpg","width":899,"height":794,"caption":"chi\u1ebfu s\u00e1ng trang tr\u00ed \u0111\u00f4 th\u1ecb b\u1eb1ng c\u00f4ng ngh\u1ec7 m\u1edbi"},{"@type":"BreadcrumbList","@id":"https:\/\/vilight.vn\/website\/thiet-ke-chieu-sang-my-thuat\/#breadcrumb","itemListElement":[{"@type":"ListItem","position":1,"name":"Home","item":"https:\/\/vilight.vn\/website\/"},{"@type":"ListItem","position":2,"name":"Thi\u1ebft k\u1ebf chi\u1ebfu s\u00e1ng m\u1ef9 thu\u1eadt"}]},{"@type":"WebSite","@id":"https:\/\/vilight.vn\/website\/#website","url":"https:\/\/vilight.vn\/website\/","name":"Vilight Co.ltd","description":"Chi\u1ebfu s\u00e1ng m\u1ef9 thu\u1eadt, chi\u1ebfu s\u00e1ng th\u00f4ng minh, LED Pixel 3D, chi\u1ebfu s\u00e1ng trang tr\u00ed \u0111\u00f4 th\u1ecb, chi\u1ebfu s\u00e1ng v\u00f2ng xoay, chi\u1ebfu s\u00e1ng \u0111\u1ea3o giao th\u00f4ng, c\u1ed5ng ch\u00e0o \u0111\u00f4 th\u1ecb","publisher":{"@id":"https:\/\/vilight.vn\/website\/#organization"},"potentialAction":[{"@type":"SearchAction","target":{"@type":"EntryPoint","urlTemplate":"https:\/\/vilight.vn\/website\/?s={search_term_string}"},"query-input":{"@type":"PropertyValueSpecification","valueRequired":true,"valueName":"search_term_string"}}],"inLanguage":"vi"},{"@type":"Organization","@id":"https:\/\/vilight.vn\/website\/#organization","name":"Vilight","url":"https:\/\/vilight.vn\/website\/","logo":{"@type":"ImageObject","inLanguage":"vi","@id":"https:\/\/vilight.vn\/website\/#\/schema\/logo\/image\/","url":"https:\/\/vilight.vn\/website\/wp-content\/uploads\/2022\/05\/chieu_sang_trang_tri_do_thi_bang_den_led_pixel.png","contentUrl":"https:\/\/vilight.vn\/website\/wp-content\/uploads\/2022\/05\/chieu_sang_trang_tri_do_thi_bang_den_led_pixel.png","width":800,"height":427,"caption":"Vilight"},"image":{"@id":"https:\/\/vilight.vn\/website\/#\/schema\/logo\/image\/"},"sameAs":["http:\/\/facebook.com\/vilight.vn","https:\/\/www.linkedin.com\/company\/vilight-vn","https:\/\/www.youtube.com\/channel\/UCEwR2naeDcuarMX1kSv_rLQ\/videos"]}]}},"_links":{"self":[{"href":"https:\/\/vilight.vn\/website\/wp-json\/wp\/v2\/pages\/873","targetHints":{"allow":["GET"]}}],"collection":[{"href":"https:\/\/vilight.vn\/website\/wp-json\/wp\/v2\/pages"}],"about":[{"href":"https:\/\/vilight.vn\/website\/wp-json\/wp\/v2\/types\/page"}],"author":[{"embeddable":true,"href":"https:\/\/vilight.vn\/website\/wp-json\/wp\/v2\/users\/1"}],"replies":[{"embeddable":true,"href":"https:\/\/vilight.vn\/website\/wp-json\/wp\/v2\/comments?post=873"}],"version-history":[{"count":0,"href":"https:\/\/vilight.vn\/website\/wp-json\/wp\/v2\/pages\/873\/revisions"}],"wp:attachment":[{"href":"https:\/\/vilight.vn\/website\/wp-json\/wp\/v2\/media?parent=873"}],"curies":[{"name":"wp","href":"https:\/\/api.w.org\/{rel}","templated":true}]}}