{"id":1036,"date":"2021-06-14T15:39:39","date_gmt":"2021-06-14T08:39:39","guid":{"rendered":"https:\/\/vilight.vn\/website\/?post_type=product&#038;p=1036"},"modified":"2024-10-01T17:06:05","modified_gmt":"2024-10-01T10:06:05","slug":"den-led-diem-vl-kd42","status":"publish","type":"product","link":"https:\/\/vilight.vn\/website\/san-pham\/den-led-pixel\/den-diem-led-dot\/kd-series\/den-led-diem-vl-kd42\/","title":{"rendered":"\u0110\u00e8n LED \u0111i\u1ec3m VL-KD42"},"content":{"rendered":"<h2 style=\"text-align: justify;\"><span style=\"font-size: 18pt;\">\u0110\u00e8n LED Pixel KD42 &#8211; K\u1ebft n\u1ed1i s\u00e1ng t\u1ea1o trong kh\u00f4ng gian chi\u1ebfu s\u00e1ng ngo\u00e0i tr\u1eddi<\/span><\/h2>\n<p style=\"text-align: justify;\"><span style=\"font-size: 14pt;\">\u0110\u00e8n LED Pixel KD42 l\u00e0 m\u1ed9t l\u1ef1a ch\u1ecdn \u0111\u1ed9c \u0111\u00e1o v\u00e0 hi\u1ec7u qu\u1ea3 cho c\u00e1c c\u00f4ng tr\u00ecnh chi\u1ebfu s\u00e1ng m\u1eb7t d\u1ef1ng ngo\u00e0i tr\u1eddi. V\u1edbi thi\u1ebft k\u1ebf \u0111\u1eb7c bi\u1ec7t, \u0111\u00e8n n\u00e0y c\u00f3 kh\u1ea3 n\u0103ng t\u00e1ch r\u1eddi c\u00e1c b\u1ed9 ph\u1eadn nh\u01b0 \u0111\u1ebf \u0111\u00e8n, ph\u1ea7n \u0111i\u1ec1u khi\u1ec3n v\u00e0 m\u1eb7t \u0111\u00e8n LED, gi\u00fap cho c\u00f4ng t\u00e1c l\u1eafp \u0111\u1eb7t v\u00e0 b\u1ea3o tr\u00ec tr\u1edf n\u00ean thu\u1eadn l\u1ee3i v\u00e0 \u0111\u01a1n gi\u1ea3n h\u01a1n bao gi\u1edd h\u1ebft.<\/span><\/p>\n<p style=\"text-align: justify;\"><span style=\"font-size: 14pt;\">M\u1ed9t trong nh\u1eefng \u0111i\u1ec3m \u0111\u00e1ng ch\u00fa \u00fd c\u1ee7a \u0111\u00e8n LED Pixel KD42 l\u00e0 kh\u1ea3 n\u0103ng ch\u1ecbu s\u1ee5t \u00e1p th\u1ea5p. V\u1edbi ngu\u1ed3n \u0111i\u1ec7n DC c\u1ea5p, \u0111\u00e8n c\u00f3 th\u1ec3 cung c\u1ea5p \u0111i\u1ec7n cho c\u00e1c \u0111\u00e8n trong kho\u1ea3ng c\u00e1ch xa m\u00e0 kh\u00f4ng g\u1eb7p v\u1ea5n \u0111\u1ec1 v\u1ec1 \u00e1p su\u1ea5t. \u0110i\u1ec1u n\u00e0y cho ph\u00e9p b\u1ea1n linh ho\u1ea1t trong vi\u1ec7c l\u1ef1a ch\u1ecdn v\u1ecb tr\u00ed l\u1eafp \u0111\u1eb7t m\u00e0 kh\u00f4ng ph\u1ea3i lo l\u1eafng v\u1ec1 kho\u1ea3ng c\u00e1ch.<\/span><\/p>\n<p style=\"text-align: justify;\"><span style=\"font-size: 14pt;\">C\u00e1p li\u1ec1n c\u1ee7a \u0111\u00e8n KD42 c\u0169ng \u0111\u00e1ng \u0111\u01b0\u1ee3c nh\u1eafc \u0111\u1ebfn. V\u1edbi ti\u1ebft di\u1ec7n c\u00e1p 5&#215;1.5mm2 v\u00e0 kh\u00f4ng c\u00f3 n\u1ed1i, \u0111\u00e8n gi\u1ea3m thi\u1ec3u t\u1ed5n hao tr\u00ean \u0111\u01b0\u1eddng truy\u1ec1n v\u00e0 mang l\u1ea1i hi\u1ec7u su\u1ea5t cao h\u01a1n. \u0110i\u1ec1u n\u00e0y c\u0169ng g\u00f3p ph\u1ea7n trong vi\u1ec7c cho ph\u00e9p ngu\u1ed3n cung c\u1ea5p \u0111i\u1ec7n ho\u1ea1t \u0111\u1ed9ng \u1ed5n \u0111\u1ecbnh v\u00e0 hi\u1ec7u qu\u1ea3 trong kho\u1ea3ng c\u00e1ch xa.<\/span><\/p>\n<p style=\"text-align: justify;\"><span style=\"font-size: 14pt;\">Vi\u1ec7c m\u1eb7t \u0111\u00e8n v\u00e0 ph\u1ea7n \u0111i\u1ec1u khi\u1ec3n c\u00f3 th\u1ec3 t\u00e1ch r\u1eddi nhau c\u0169ng l\u00e0 m\u1ed9t \u0111i\u1ec3m n\u1ed5i b\u1eadt c\u1ee7a \u0111\u00e8n LED Pixel KD42. \u0110i\u1ec1u n\u00e0y gi\u00fap cho c\u00f4ng t\u00e1c b\u1ea3o tr\u00ec tr\u1edf n\u00ean d\u1ec5 d\u00e0ng h\u01a1n bao gi\u1edd h\u1ebft. Khi c\u1ea7n thay th\u1ebf ho\u1eb7c ki\u1ec3m tra c\u00e1c b\u1ed9 ph\u1eadn, b\u1ea1n c\u00f3 th\u1ec3 th\u00e1o r\u1eddi ch\u00fang m\u1ed9t c\u00e1ch thu\u1eadn ti\u1ec7n m\u00e0 kh\u00f4ng c\u1ea7n ph\u1ea3i th\u00e1o g\u1ee1 to\u00e0n b\u1ed9 \u0111\u00e8n.<\/span><\/p>\n<p style=\"text-align: justify;\"><span style=\"font-size: 14pt;\">V\u1edbi kh\u1ea3 n\u0103ng k\u1ebft n\u1ed1i t\u1edbi 230 \u0111i\u1ec3m \u0111\u00e8n tr\u00ean c\u00f9ng m\u1ed9t line \u0111\u00e8n, \u0111\u00e8n LED Pixel KD42 mang \u0111\u1ebfn s\u1ef1 linh ho\u1ea1t cho vi\u1ec7c t\u1ea1o ra nh\u1eefng hi\u1ec7u \u1ee9ng \u00e1nh s\u00e1ng ph\u1ee9c t\u1ea1p v\u00e0 \u1ea5n t\u01b0\u1ee3ng. V\u1edbi m\u1ee9c \u0111\u1ed9 x\u00e1m c\u1ea5p 256\/65536, b\u1ea1n c\u00f3 th\u1ec3 th\u1ec3 hi\u1ec7n \u0111\u01b0\u1ee3c nhi\u1ec1u m\u00e0u s\u1eafc v\u00e0 hi\u1ec7u \u1ee9ng kh\u00e1c nhau, t\u1ea1o ra nh\u1eefng tr\u1ea3i nghi\u1ec7m chi\u1ebfu s\u00e1ng \u0111\u1ed9c \u0111\u00e1o v\u00e0 \u0111a d\u1ea1ng.<\/span><\/p>\n<p style=\"text-align: justify;\"><span style=\"font-size: 14pt;\">\u0110\u00e8n LED Pixel KD42 c\u00f3 g\u00f3c chi\u1ebfu r\u1ed9ng l\u00ean \u0111\u1ebfn 120\u00b0, \u0111\u1ea3m b\u1ea3o r\u1eb1ng \u00e1nh s\u00e1ng \u0111\u01b0\u1ee3c ph\u00e2n t\u00e1n \u0111\u1ec1u v\u00e0 m\u1edf r\u1ed9ng \u0111\u1ebfn m\u1ecdi g\u00f3c trong kh\u00f4ng gian chi\u1ebfu s\u00e1ng. V\u1edbi k\u00edch th\u01b0\u1edbc nh\u1ecf g\u1ecdn 42 x 21,7mm, \u0111\u00e8n c\u00f3 th\u1ec3 \u0111\u01b0\u1ee3c d\u1ec5 d\u00e0ng t\u00edch h\u1ee3p v\u00e0o b\u1ea5t k\u1ef3 ki\u1ebfn tr\u00fac hay kh\u00f4ng gian n\u00e0o m\u00e0 kh\u00f4ng l\u00e0m m\u1ea5t \u0111i s\u1ef1 th\u1ea9m m\u1ef9.<\/span><\/p>\n<p style=\"text-align: justify;\"><span style=\"font-size: 14pt;\">V\u1edbi v\u1ecf b\u1eb1ng nh\u1ef1a k\u1ef9 thu\u1eadt ch\u1ea5t l\u01b0\u1ee3ng cao, \u0111\u00e8n LED Pixel KD42 \u0111\u1ea3m b\u1ea3o t\u00ednh b\u1ec1n v\u1eefng v\u00e0 ch\u1ecbu \u0111\u01b0\u1ee3c \u0111i\u1ec1u ki\u1ec7n th\u1eddi ti\u1ebft kh\u1eafc nghi\u1ec7t. \u0110\u01b0\u1ee3c thi\u1ebft k\u1ebf v\u1edbi c\u1ea5p \u0111\u1ed9 k\u00edn IP65, \u0111\u00e8n ch\u1ed1ng n\u01b0\u1edbc v\u00e0 b\u1ee5i, gi\u00fap n\u00f3 ho\u1ea1t \u0111\u1ed9ng \u1ed5n \u0111\u1ecbnh trong m\u1ecdi \u0111i\u1ec1u ki\u1ec7n m\u00f4i tr\u01b0\u1eddng.<\/span><\/p>\n<p style=\"text-align: justify;\"><span style=\"font-size: 14pt;\">\u0110\u00e8n LED Pixel KD42 s\u1eed d\u1ee5ng lo\u1ea1i LED ch\u1ea5t l\u01b0\u1ee3ng cao nh\u01b0 2835 White, 3535 RGB, R\/G\/B\/Y, mang l\u1ea1i hi\u1ec7u su\u1ea5t s\u00e1ng v\u00e0 \u0111\u1ed9 tin c\u1eady cao. V\u1edbi tu\u1ed5i th\u1ecd LED l\u00ean \u0111\u1ebfn 50.000 gi\u1edd, \u0111\u00e8n s\u1ebd t\u1ecfa s\u00e1ng l\u00e2u d\u00e0i v\u00e0 kh\u00f4ng \u0111\u00f2i h\u1ecfi nhi\u1ec1u c\u00f4ng t\u00e1c b\u1ea3o tr\u00ec.<\/span><\/p>\n<p style=\"text-align: justify;\"><span style=\"font-size: 14pt;\">\u0110\u00e8n LED Pixel KD42 h\u1ed7 tr\u1ee3 chu\u1ea9n \u0111i\u1ec1u khi\u1ec3n DMX, TTL v\u00e0 ON-OFF, cho ph\u00e9p b\u1ea1n linh ho\u1ea1t trong vi\u1ec7c \u0111i\u1ec1u ch\u1ec9nh \u00e1nh s\u00e1ng v\u00e0 t\u1ea1o hi\u1ec7u \u1ee9ng theo \u00fd mu\u1ed1n. B\u1ea1n c\u00f3 th\u1ec3 t\u1ea1o ra nh\u1eefng hi\u1ec7u \u1ee9ng \u00e1nh s\u00e1ng chuy\u1ec3n \u0111\u1ed9ng, thay \u0111\u1ed5i m\u00e0u s\u1eafc v\u00e0 \u0111i\u1ec1u ch\u1ec9nh \u0111\u1ed9 s\u00e1ng m\u1ed9t c\u00e1ch d\u1ec5 d\u00e0ng.<\/span><\/p>\n<p style=\"text-align: justify;\"><span style=\"font-size: 14pt;\">\u0110\u00e8n c\u00f3 hai t\u00f9y ch\u1ecdn m\u00e0u v\u1ecf l\u00e0 x\u00e1m v\u00e0 \u0111en, gi\u00fap b\u1ea1n l\u1ef1a ch\u1ecdn ph\u00f9 h\u1ee3p v\u1edbi phong c\u00e1ch thi\u1ebft k\u1ebf c\u1ee7a kh\u00f4ng gian chi\u1ebfu s\u00e1ng. <\/span><span style=\"font-size: 14pt;\">V\u1edbi c\u1ea5p ch\u1ed1ng ch\u00e1y 94 &#8211; V0 v\u00e0 c\u1ea5p c\u00e1ch \u0111i\u1ec7n III, \u0111\u00e8n LED Pixel KD42 \u0111\u00e1ng tin c\u1eady v\u1ec1 m\u1eb7t an to\u00e0n v\u00e0 b\u1ea3o v\u1ec7.<\/span><\/p>\n<p style=\"text-align: justify;\"><span style=\"font-size: 14pt;\">T\u00f3m l\u1ea1i, \u0111\u00e8n LED Pixel KD42 l\u00e0 m\u1ed9t gi\u1ea3i ph\u00e1p chi\u1ebfu s\u00e1ng \u0111a n\u0103ng v\u00e0 ti\u1ec7n l\u1ee3i cho c\u00e1c c\u00f4ng tr\u00ecnh m\u1eb7t d\u1ef1ng ngo\u00e0i tr\u1eddi. V\u1edbi kh\u1ea3 n\u0103ng t\u00e1ch r\u1eddi c\u00e1c b\u1ed9 ph\u1eadn, k\u1ebft n\u1ed1i \u0111a \u0111i\u1ec3m v\u00e0 hi\u1ec7u su\u1ea5t s\u00e1ng cao, \u0111\u00e8n n\u00e0y mang \u0111\u1ebfn s\u1ef1 linh ho\u1ea1t, \u0111a d\u1ea1ng v\u00e0 \u1ea5n t\u01b0\u1ee3ng cho kh\u00f4ng gian chi\u1ebfu s\u00e1ng c\u1ee7a b\u1ea1n.<\/span><\/p>\n<p style=\"text-align: justify;\"><span style=\"font-size: 14pt;\"><img decoding=\"async\" class=\"aligncenter wp-image-1040 size-full lazyload\" data-src=\"https:\/\/vilight.vn\/website\/wp-content\/uploads\/2021\/06\/KD42-VILIGHT.jpg\" alt=\"\u0110\u00e8n led \u0111i\u1ec3m VL-KD42\" width=\"1024\" height=\"600\" data-srcset=\"https:\/\/vilight.vn\/website\/wp-content\/uploads\/2021\/06\/KD42-VILIGHT.jpg 1024w, https:\/\/vilight.vn\/website\/wp-content\/uploads\/2021\/06\/KD42-VILIGHT-800x469.jpg 800w, https:\/\/vilight.vn\/website\/wp-content\/uploads\/2021\/06\/KD42-VILIGHT-64x38.jpg 64w, https:\/\/vilight.vn\/website\/wp-content\/uploads\/2021\/06\/KD42-VILIGHT-300x176.jpg 300w, https:\/\/vilight.vn\/website\/wp-content\/uploads\/2021\/06\/KD42-VILIGHT-768x450.jpg 768w, https:\/\/vilight.vn\/website\/wp-content\/uploads\/2021\/06\/KD42-VILIGHT-16x9.jpg 16w, https:\/\/vilight.vn\/website\/wp-content\/uploads\/2021\/06\/KD42-VILIGHT-249x146.jpg 249w, https:\/\/vilight.vn\/website\/wp-content\/uploads\/2021\/06\/KD42-VILIGHT-50x29.jpg 50w, https:\/\/vilight.vn\/website\/wp-content\/uploads\/2021\/06\/KD42-VILIGHT-128x75.jpg 128w, https:\/\/vilight.vn\/website\/wp-content\/uploads\/2021\/06\/KD42-VILIGHT-600x352.jpg 600w\" data-sizes=\"(max-width:767px) 480px, (max-width:1024px) 100vw, 1024px\" src=\"data:image\/svg+xml;base64,PHN2ZyB3aWR0aD0iMSIgaGVpZ2h0PSIxIiB4bWxucz0iaHR0cDovL3d3dy53My5vcmcvMjAwMC9zdmciPjwvc3ZnPg==\" style=\"--smush-placeholder-width: 1024px; --smush-placeholder-aspect-ratio: 1024\/600;\" \/><\/span><\/p>\n<p style=\"text-align: justify;\">\n","protected":false},"excerpt":{"rendered":"<p style=\"text-align: justify;\"><span style=\"font-size: 14pt;\">\u0110\u00e8n LED Pixel KD42 &#8211; \u0110\u1ed9c \u0111\u00e1o, ti\u1ec7n l\u1ee3i, v\u00e0 linh ho\u1ea1t. K\u1ebft n\u1ed1i s\u00e1ng t\u1ea1o v\u1edbi kh\u1ea3 n\u0103ng t\u00e1ch r\u1eddi b\u1ed9 ph\u1eadn, s\u1ee5t \u00e1p th\u1ea5p v\u00e0 c\u00f3 kh\u1ea3 n\u0103ng k\u1ebft n\u1ed1i l\u00ean \u0111\u1ebfn 230 \u0111i\u1ec3m \u0111\u00e8n tr\u00ean c\u00f9ng m\u1ed9t line. \u0110\u00e8n \u00e1nh s\u00e1ng m\u1ea1nh, g\u00f3c chi\u1ebfu r\u1ed9ng v\u00e0 \u0111\u1ed9 b\u1ec1n cao.<\/span><\/p>\n","protected":false},"featured_media":1272,"template":"","meta":[],"product_brand":[],"product_cat":[85],"product_tag":[],"class_list":{"0":"post-1036","1":"product","2":"type-product","3":"status-publish","4":"has-post-thumbnail","6":"product_cat-kd-series","7":"pa_chuan-dieu-khien-dmx","8":"pa_chuan-dieu-khien-on-off","9":"pa_chuan-dieu-khien-ttl","10":"pa_do-kin-ip65","11":"pa_goc-chieu-120-do","12":"pa_gray-level-256-65536","13":"pa_kich-thuoc-42-x-217mm","14":"pa_loai-led-2835-white","15":"pa_loai-led-3535-rgb","16":"pa_loai-led-r-g-b-y","17":"pa_vat-lieu-vo-nhua-ky-thuat","19":"first","20":"instock","21":"downloadable","22":"taxable","23":"shipping-taxable","24":"product-type-simple"},"yoast_head":"<!-- This site is optimized with the Yoast SEO Premium plugin v27.5 (Yoast SEO v27.5) - https:\/\/yoast.com\/product\/yoast-seo-premium-wordpress\/ -->\n<title>\u0110\u00e8n LED \u0111i\u1ec3m VL-KD42 - Vilight Co.ltd<\/title>\n<meta name=\"description\" content=\"\u0110\u00e8n LED Pixel KD42 - \u0110\u1ed9c \u0111\u00e1o, ti\u1ec7n l\u1ee3i, v\u00e0 linh ho\u1ea1t. \u0110\u00e8n \u00e1nh s\u00e1ng m\u1ea1nh, g\u00f3c chi\u1ebfu r\u1ed9ng v\u00e0 \u0111\u1ed9 b\u1ec1n cao.\" \/>\n<meta name=\"robots\" content=\"index, follow, max-snippet:-1, max-image-preview:large, max-video-preview:-1\" \/>\n<link rel=\"canonical\" href=\"https:\/\/vilight.vn\/website\/san-pham\/den-led-pixel\/den-diem-led-dot\/kd-series\/den-led-diem-vl-kd42\/\" \/>\n<meta property=\"og:locale\" content=\"vi_VN\" \/>\n<meta property=\"og:type\" content=\"article\" \/>\n<meta property=\"og:title\" content=\"\u0110\u00e8n LED \u0111i\u1ec3m VL-KD42\" \/>\n<meta property=\"og:description\" content=\"\u0110\u00e8n LED Pixel KD42 - \u0110\u1ed9c \u0111\u00e1o, ti\u1ec7n l\u1ee3i, v\u00e0 linh ho\u1ea1t. K\u1ebft n\u1ed1i s\u00e1ng t\u1ea1o v\u1edbi kh\u1ea3 n\u0103ng t\u00e1ch r\u1eddi b\u1ed9 ph\u1eadn, s\u1ee5t \u00e1p th\u1ea5p v\u00e0 c\u00f3 kh\u1ea3 n\u0103ng k\u1ebft n\u1ed1i l\u00ean \u0111\u1ebfn 230 \u0111i\u1ec3m \u0111\u00e8n tr\u00ean c\u00f9ng m\u1ed9t line. \u0110\u00e8n \u00e1nh s\u00e1ng m\u1ea1nh, g\u00f3c chi\u1ebfu r\u1ed9ng v\u00e0 \u0111\u1ed9 b\u1ec1n cao.\" \/>\n<meta property=\"og:url\" content=\"https:\/\/vilight.vn\/website\/san-pham\/den-led-pixel\/den-diem-led-dot\/kd-series\/den-led-diem-vl-kd42\/\" \/>\n<meta property=\"og:site_name\" content=\"Vilight Co.ltd\" \/>\n<meta property=\"article:publisher\" content=\"http:\/\/facebook.com\/vilight.vn\" \/>\n<meta property=\"article:modified_time\" content=\"2024-10-01T10:06:05+00:00\" \/>\n<meta property=\"og:image\" content=\"https:\/\/vilight.vn\/website\/wp-content\/uploads\/2021\/06\/KD-42.jpg\" \/>\n\t<meta property=\"og:image:width\" content=\"600\" \/>\n\t<meta property=\"og:image:height\" content=\"600\" \/>\n\t<meta property=\"og:image:type\" content=\"image\/jpeg\" \/>\n<meta name=\"twitter:card\" content=\"summary_large_image\" \/>\n<meta name=\"twitter:label1\" content=\"Gi\u00e1\" \/>\n\t<meta name=\"twitter:data1\" content=\"\" \/>\n\t<meta name=\"twitter:label2\" content=\"Kh\u1ea3 d\u1ee5ng\" \/>\n\t<meta name=\"twitter:data2\" content=\"Trong kho\" \/>\n<script type=\"application\/ld+json\" class=\"yoast-schema-graph\">{\"@context\":\"https:\\\/\\\/schema.org\",\"@graph\":[{\"@type\":\"WebPage\",\"@id\":\"https:\\\/\\\/vilight.vn\\\/website\\\/san-pham\\\/den-led-pixel\\\/den-diem-led-dot\\\/kd-series\\\/den-led-diem-vl-kd42\\\/\",\"url\":\"https:\\\/\\\/vilight.vn\\\/website\\\/san-pham\\\/den-led-pixel\\\/den-diem-led-dot\\\/kd-series\\\/den-led-diem-vl-kd42\\\/\",\"name\":\"\u0110\u00e8n LED \u0111i\u1ec3m VL-KD42 - Vilight Co.ltd\",\"isPartOf\":{\"@id\":\"https:\\\/\\\/vilight.vn\\\/website\\\/#website\"},\"primaryImageOfPage\":{\"@id\":\"https:\\\/\\\/vilight.vn\\\/website\\\/san-pham\\\/den-led-pixel\\\/den-diem-led-dot\\\/kd-series\\\/den-led-diem-vl-kd42\\\/#primaryimage\"},\"image\":{\"@id\":\"https:\\\/\\\/vilight.vn\\\/website\\\/san-pham\\\/den-led-pixel\\\/den-diem-led-dot\\\/kd-series\\\/den-led-diem-vl-kd42\\\/#primaryimage\"},\"thumbnailUrl\":\"https:\\\/\\\/vilight.vn\\\/website\\\/wp-content\\\/uploads\\\/2021\\\/06\\\/KD-42.jpg\",\"datePublished\":\"2021-06-14T08:39:39+00:00\",\"dateModified\":\"2024-10-01T10:06:05+00:00\",\"description\":\"\u0110\u00e8n LED Pixel KD42 - \u0110\u1ed9c \u0111\u00e1o, ti\u1ec7n l\u1ee3i, v\u00e0 linh ho\u1ea1t. \u0110\u00e8n \u00e1nh s\u00e1ng m\u1ea1nh, g\u00f3c chi\u1ebfu r\u1ed9ng v\u00e0 \u0111\u1ed9 b\u1ec1n cao.\",\"breadcrumb\":{\"@id\":\"https:\\\/\\\/vilight.vn\\\/website\\\/san-pham\\\/den-led-pixel\\\/den-diem-led-dot\\\/kd-series\\\/den-led-diem-vl-kd42\\\/#breadcrumb\"},\"inLanguage\":\"vi\",\"potentialAction\":[{\"@type\":\"ReadAction\",\"target\":[\"https:\\\/\\\/vilight.vn\\\/website\\\/san-pham\\\/den-led-pixel\\\/den-diem-led-dot\\\/kd-series\\\/den-led-diem-vl-kd42\\\/\"]}]},{\"@type\":\"ImageObject\",\"inLanguage\":\"vi\",\"@id\":\"https:\\\/\\\/vilight.vn\\\/website\\\/san-pham\\\/den-led-pixel\\\/den-diem-led-dot\\\/kd-series\\\/den-led-diem-vl-kd42\\\/#primaryimage\",\"url\":\"https:\\\/\\\/vilight.vn\\\/website\\\/wp-content\\\/uploads\\\/2021\\\/06\\\/KD-42.jpg\",\"contentUrl\":\"https:\\\/\\\/vilight.vn\\\/website\\\/wp-content\\\/uploads\\\/2021\\\/06\\\/KD-42.jpg\",\"width\":600,\"height\":600},{\"@type\":\"BreadcrumbList\",\"@id\":\"https:\\\/\\\/vilight.vn\\\/website\\\/san-pham\\\/den-led-pixel\\\/den-diem-led-dot\\\/kd-series\\\/den-led-diem-vl-kd42\\\/#breadcrumb\",\"itemListElement\":[{\"@type\":\"ListItem\",\"position\":1,\"name\":\"Home\",\"item\":\"https:\\\/\\\/vilight.vn\\\/website\\\/\"},{\"@type\":\"ListItem\",\"position\":2,\"name\":\"store\",\"item\":\"https:\\\/\\\/vilight.vn\\\/website\\\/store\\\/\"},{\"@type\":\"ListItem\",\"position\":3,\"name\":\"\u0110\u00e8n LED \u0111i\u1ec3m VL-KD42\"}]},{\"@type\":\"WebSite\",\"@id\":\"https:\\\/\\\/vilight.vn\\\/website\\\/#website\",\"url\":\"https:\\\/\\\/vilight.vn\\\/website\\\/\",\"name\":\"Vilight Co.ltd\",\"description\":\"Chi\u1ebfu s\u00e1ng m\u1ef9 thu\u1eadt, chi\u1ebfu s\u00e1ng th\u00f4ng minh, LED Pixel 3D, chi\u1ebfu s\u00e1ng trang tr\u00ed \u0111\u00f4 th\u1ecb, chi\u1ebfu s\u00e1ng v\u00f2ng xoay, chi\u1ebfu s\u00e1ng \u0111\u1ea3o giao th\u00f4ng, c\u1ed5ng ch\u00e0o \u0111\u00f4 th\u1ecb\",\"publisher\":{\"@id\":\"https:\\\/\\\/vilight.vn\\\/website\\\/#organization\"},\"potentialAction\":[{\"@type\":\"SearchAction\",\"target\":{\"@type\":\"EntryPoint\",\"urlTemplate\":\"https:\\\/\\\/vilight.vn\\\/website\\\/?s={search_term_string}\"},\"query-input\":{\"@type\":\"PropertyValueSpecification\",\"valueRequired\":true,\"valueName\":\"search_term_string\"}}],\"inLanguage\":\"vi\"},{\"@type\":\"Organization\",\"@id\":\"https:\\\/\\\/vilight.vn\\\/website\\\/#organization\",\"name\":\"Vilight\",\"url\":\"https:\\\/\\\/vilight.vn\\\/website\\\/\",\"logo\":{\"@type\":\"ImageObject\",\"inLanguage\":\"vi\",\"@id\":\"https:\\\/\\\/vilight.vn\\\/website\\\/#\\\/schema\\\/logo\\\/image\\\/\",\"url\":\"https:\\\/\\\/vilight.vn\\\/website\\\/wp-content\\\/uploads\\\/2022\\\/05\\\/chieu_sang_trang_tri_do_thi_bang_den_led_pixel.png\",\"contentUrl\":\"https:\\\/\\\/vilight.vn\\\/website\\\/wp-content\\\/uploads\\\/2022\\\/05\\\/chieu_sang_trang_tri_do_thi_bang_den_led_pixel.png\",\"width\":800,\"height\":427,\"caption\":\"Vilight\"},\"image\":{\"@id\":\"https:\\\/\\\/vilight.vn\\\/website\\\/#\\\/schema\\\/logo\\\/image\\\/\"},\"sameAs\":[\"http:\\\/\\\/facebook.com\\\/vilight.vn\",\"https:\\\/\\\/www.linkedin.com\\\/company\\\/vilight-vn\",\"https:\\\/\\\/www.youtube.com\\\/channel\\\/UCEwR2naeDcuarMX1kSv_rLQ\\\/videos\"]}]}<\/script>\n<meta property=\"product:brand\" content=\"KD Series\" \/>\n<meta property=\"product:price:currency\" content=\"VND\" \/>\n<meta property=\"og:availability\" content=\"instock\" \/>\n<meta property=\"product:availability\" content=\"instock\" \/>\n<meta property=\"product:condition\" content=\"new\" \/>\n<!-- \/ Yoast SEO Premium plugin. -->","yoast_head_json":{"title":"\u0110\u00e8n LED \u0111i\u1ec3m VL-KD42 - Vilight Co.ltd","description":"\u0110\u00e8n LED Pixel KD42 - \u0110\u1ed9c \u0111\u00e1o, ti\u1ec7n l\u1ee3i, v\u00e0 linh ho\u1ea1t. \u0110\u00e8n \u00e1nh s\u00e1ng m\u1ea1nh, g\u00f3c chi\u1ebfu r\u1ed9ng v\u00e0 \u0111\u1ed9 b\u1ec1n cao.","robots":{"index":"index","follow":"follow","max-snippet":"max-snippet:-1","max-image-preview":"max-image-preview:large","max-video-preview":"max-video-preview:-1"},"canonical":"https:\/\/vilight.vn\/website\/san-pham\/den-led-pixel\/den-diem-led-dot\/kd-series\/den-led-diem-vl-kd42\/","og_locale":"vi_VN","og_type":"article","og_title":"\u0110\u00e8n LED \u0111i\u1ec3m VL-KD42","og_description":"\u0110\u00e8n LED Pixel KD42 - \u0110\u1ed9c \u0111\u00e1o, ti\u1ec7n l\u1ee3i, v\u00e0 linh ho\u1ea1t. K\u1ebft n\u1ed1i s\u00e1ng t\u1ea1o v\u1edbi kh\u1ea3 n\u0103ng t\u00e1ch r\u1eddi b\u1ed9 ph\u1eadn, s\u1ee5t \u00e1p th\u1ea5p v\u00e0 c\u00f3 kh\u1ea3 n\u0103ng k\u1ebft n\u1ed1i l\u00ean \u0111\u1ebfn 230 \u0111i\u1ec3m \u0111\u00e8n tr\u00ean c\u00f9ng m\u1ed9t line. \u0110\u00e8n \u00e1nh s\u00e1ng m\u1ea1nh, g\u00f3c chi\u1ebfu r\u1ed9ng v\u00e0 \u0111\u1ed9 b\u1ec1n cao.","og_url":"https:\/\/vilight.vn\/website\/san-pham\/den-led-pixel\/den-diem-led-dot\/kd-series\/den-led-diem-vl-kd42\/","og_site_name":"Vilight Co.ltd","article_publisher":"http:\/\/facebook.com\/vilight.vn","article_modified_time":"2024-10-01T10:06:05+00:00","og_image":[{"width":600,"height":600,"url":"https:\/\/vilight.vn\/website\/wp-content\/uploads\/2021\/06\/KD-42.jpg","type":"image\/jpeg"}],"twitter_card":"summary_large_image","twitter_misc":{"Gi\u00e1":"","Kh\u1ea3 d\u1ee5ng":"Trong kho"},"schema":{"@context":"https:\/\/schema.org","@graph":[{"@type":"WebPage","@id":"https:\/\/vilight.vn\/website\/san-pham\/den-led-pixel\/den-diem-led-dot\/kd-series\/den-led-diem-vl-kd42\/","url":"https:\/\/vilight.vn\/website\/san-pham\/den-led-pixel\/den-diem-led-dot\/kd-series\/den-led-diem-vl-kd42\/","name":"\u0110\u00e8n LED \u0111i\u1ec3m VL-KD42 - Vilight Co.ltd","isPartOf":{"@id":"https:\/\/vilight.vn\/website\/#website"},"primaryImageOfPage":{"@id":"https:\/\/vilight.vn\/website\/san-pham\/den-led-pixel\/den-diem-led-dot\/kd-series\/den-led-diem-vl-kd42\/#primaryimage"},"image":{"@id":"https:\/\/vilight.vn\/website\/san-pham\/den-led-pixel\/den-diem-led-dot\/kd-series\/den-led-diem-vl-kd42\/#primaryimage"},"thumbnailUrl":"https:\/\/vilight.vn\/website\/wp-content\/uploads\/2021\/06\/KD-42.jpg","datePublished":"2021-06-14T08:39:39+00:00","dateModified":"2024-10-01T10:06:05+00:00","description":"\u0110\u00e8n LED Pixel KD42 - \u0110\u1ed9c \u0111\u00e1o, ti\u1ec7n l\u1ee3i, v\u00e0 linh ho\u1ea1t. \u0110\u00e8n \u00e1nh s\u00e1ng m\u1ea1nh, g\u00f3c chi\u1ebfu r\u1ed9ng v\u00e0 \u0111\u1ed9 b\u1ec1n cao.","breadcrumb":{"@id":"https:\/\/vilight.vn\/website\/san-pham\/den-led-pixel\/den-diem-led-dot\/kd-series\/den-led-diem-vl-kd42\/#breadcrumb"},"inLanguage":"vi","potentialAction":[{"@type":"ReadAction","target":["https:\/\/vilight.vn\/website\/san-pham\/den-led-pixel\/den-diem-led-dot\/kd-series\/den-led-diem-vl-kd42\/"]}]},{"@type":"ImageObject","inLanguage":"vi","@id":"https:\/\/vilight.vn\/website\/san-pham\/den-led-pixel\/den-diem-led-dot\/kd-series\/den-led-diem-vl-kd42\/#primaryimage","url":"https:\/\/vilight.vn\/website\/wp-content\/uploads\/2021\/06\/KD-42.jpg","contentUrl":"https:\/\/vilight.vn\/website\/wp-content\/uploads\/2021\/06\/KD-42.jpg","width":600,"height":600},{"@type":"BreadcrumbList","@id":"https:\/\/vilight.vn\/website\/san-pham\/den-led-pixel\/den-diem-led-dot\/kd-series\/den-led-diem-vl-kd42\/#breadcrumb","itemListElement":[{"@type":"ListItem","position":1,"name":"Home","item":"https:\/\/vilight.vn\/website\/"},{"@type":"ListItem","position":2,"name":"store","item":"https:\/\/vilight.vn\/website\/store\/"},{"@type":"ListItem","position":3,"name":"\u0110\u00e8n LED \u0111i\u1ec3m VL-KD42"}]},{"@type":"WebSite","@id":"https:\/\/vilight.vn\/website\/#website","url":"https:\/\/vilight.vn\/website\/","name":"Vilight Co.ltd","description":"Chi\u1ebfu s\u00e1ng m\u1ef9 thu\u1eadt, chi\u1ebfu s\u00e1ng th\u00f4ng minh, LED Pixel 3D, chi\u1ebfu s\u00e1ng trang tr\u00ed \u0111\u00f4 th\u1ecb, chi\u1ebfu s\u00e1ng v\u00f2ng xoay, chi\u1ebfu s\u00e1ng \u0111\u1ea3o giao th\u00f4ng, c\u1ed5ng ch\u00e0o \u0111\u00f4 th\u1ecb","publisher":{"@id":"https:\/\/vilight.vn\/website\/#organization"},"potentialAction":[{"@type":"SearchAction","target":{"@type":"EntryPoint","urlTemplate":"https:\/\/vilight.vn\/website\/?s={search_term_string}"},"query-input":{"@type":"PropertyValueSpecification","valueRequired":true,"valueName":"search_term_string"}}],"inLanguage":"vi"},{"@type":"Organization","@id":"https:\/\/vilight.vn\/website\/#organization","name":"Vilight","url":"https:\/\/vilight.vn\/website\/","logo":{"@type":"ImageObject","inLanguage":"vi","@id":"https:\/\/vilight.vn\/website\/#\/schema\/logo\/image\/","url":"https:\/\/vilight.vn\/website\/wp-content\/uploads\/2022\/05\/chieu_sang_trang_tri_do_thi_bang_den_led_pixel.png","contentUrl":"https:\/\/vilight.vn\/website\/wp-content\/uploads\/2022\/05\/chieu_sang_trang_tri_do_thi_bang_den_led_pixel.png","width":800,"height":427,"caption":"Vilight"},"image":{"@id":"https:\/\/vilight.vn\/website\/#\/schema\/logo\/image\/"},"sameAs":["http:\/\/facebook.com\/vilight.vn","https:\/\/www.linkedin.com\/company\/vilight-vn","https:\/\/www.youtube.com\/channel\/UCEwR2naeDcuarMX1kSv_rLQ\/videos"]}]},"product_brand":"KD Series","product_price_currency":"VND","og_availability":"instock","product_availability":"instock","product_condition":"new"},"_links":{"self":[{"href":"https:\/\/vilight.vn\/website\/wp-json\/wp\/v2\/product\/1036","targetHints":{"allow":["GET"]}}],"collection":[{"href":"https:\/\/vilight.vn\/website\/wp-json\/wp\/v2\/product"}],"about":[{"href":"https:\/\/vilight.vn\/website\/wp-json\/wp\/v2\/types\/product"}],"wp:featuredmedia":[{"embeddable":true,"href":"https:\/\/vilight.vn\/website\/wp-json\/wp\/v2\/media\/1272"}],"wp:attachment":[{"href":"https:\/\/vilight.vn\/website\/wp-json\/wp\/v2\/media?parent=1036"}],"wp:term":[{"taxonomy":"product_brand","embeddable":true,"href":"https:\/\/vilight.vn\/website\/wp-json\/wp\/v2\/product_brand?post=1036"},{"taxonomy":"product_cat","embeddable":true,"href":"https:\/\/vilight.vn\/website\/wp-json\/wp\/v2\/product_cat?post=1036"},{"taxonomy":"product_tag","embeddable":true,"href":"https:\/\/vilight.vn\/website\/wp-json\/wp\/v2\/product_tag?post=1036"}],"curies":[{"name":"wp","href":"https:\/\/api.w.org\/{rel}","templated":true}]}}