{"id":1109,"date":"2021-06-24T14:23:56","date_gmt":"2021-06-24T07:23:56","guid":{"rendered":"https:\/\/vilight.vn\/website\/?post_type=product&#038;p=1109"},"modified":"2024-10-01T17:07:07","modified_gmt":"2024-10-01T10:07:07","slug":"den-led-diem-vl-wd38","status":"publish","type":"product","link":"https:\/\/vilight.vn\/website\/san-pham\/den-led-pixel\/den-diem-led-dot\/wd-series\/den-led-diem-vl-wd38\/","title":{"rendered":"\u0110\u00e8n LED \u0111i\u1ec3m VL-WD38"},"content":{"rendered":"<h2 style=\"text-align: justify;\"><span style=\"font-size: 18pt;\">Ti\u00eau \u0111\u1ec1: \u0110\u00e8n LED Pixel WD38 &#8211; S\u1ef1 ho\u00e0n h\u1ea3o cho chi\u1ebfu s\u00e1ng m\u1eb7t d\u1ef1ng ngo\u00e0i tr\u1eddi<\/span><\/h2>\n<p style=\"text-align: justify;\"><span style=\"font-size: 14pt;\">B\u1ea1n \u0111ang t\u00ecm ki\u1ebfm m\u1ed9t gi\u1ea3i ph\u00e1p chi\u1ebfu s\u00e1ng \u0111a n\u0103ng v\u00e0 ti\u1ec7n l\u1ee3i cho c\u00e1c c\u00f4ng tr\u00ecnh m\u1eb7t d\u1ef1ng ngo\u00e0i tr\u1eddi? \u0110\u00e8n LED Pixel WD38 l\u00e0 s\u1ef1 l\u1ef1a ch\u1ecdn ho\u00e0n h\u1ea3o cho nhu c\u1ea7u c\u1ee7a b\u1ea1n. V\u1edbi nh\u1eefng t\u00ednh n\u0103ng \u0111\u1ed9c \u0111\u00e1o v\u00e0 th\u00f4ng s\u1ed1 k\u1ef9 thu\u1eadt v\u01b0\u1ee3t tr\u1ed9i, \u0111\u00e8n LED Pixel WD38 kh\u00f4ng ch\u1ec9 mang \u0111\u1ebfn \u00e1nh s\u00e1ng ch\u1ea5t l\u01b0\u1ee3ng m\u00e0 c\u00f2n gi\u00fap thu\u1eadn ti\u1ec7n trong l\u1eafp \u0111\u1eb7t v\u00e0 b\u1ea3o tr\u00ec.<\/span><\/p>\n<p style=\"text-align: justify;\"><span style=\"font-size: 14pt;\">M\u1ed9t trong nh\u1eefng \u0111i\u1ec3m n\u1ed5i b\u1eadt c\u1ee7a \u0111\u00e8n LED Pixel WD38 l\u00e0 kh\u1ea3 n\u0103ng t\u00e1ch r\u1eddi c\u00e1c b\u1ed9 ph\u1eadn nh\u01b0 \u0111\u1ebf \u0111\u00e8n, ph\u1ea7n \u0111i\u1ec1u khi\u1ec3n v\u00e0 m\u1eb7t \u0111\u00e8n LED. \u0110i\u1ec1u n\u00e0y kh\u00f4ng ch\u1ec9 gi\u00fap vi\u1ec7c l\u1eafp \u0111\u1eb7t tr\u1edf n\u00ean d\u1ec5 d\u00e0ng h\u01a1n m\u00e0 c\u00f2n gi\u00fap ti\u1ebft ki\u1ec7m th\u1eddi gian v\u00e0 c\u00f4ng s\u1ee9c trong qu\u00e1 tr\u00ecnh b\u1ea3o tr\u00ec. B\u1ea1n c\u00f3 th\u1ec3 th\u00e1o l\u1eafp v\u00e0 thay th\u1ebf c\u00e1c b\u1ed9 ph\u1eadn m\u1ed9t c\u00e1ch thu\u1eadn ti\u1ec7n m\u00e0 kh\u00f4ng \u1ea3nh h\u01b0\u1edfng \u0111\u1ebfn c\u1ea3 h\u1ec7 th\u1ed1ng.<\/span><\/p>\n<p style=\"text-align: justify;\"><span style=\"font-size: 14pt;\">V\u1edbi ngu\u1ed3n \u0111i\u1ec7n DC c\u1ea5p, \u0111\u00e8n LED Pixel WD38 cho ph\u00e9p c\u1ea5p \u0111i\u1ec7n \u0111\u01b0\u1ee3c truy\u1ec1n \u0111i xa m\u1ed9t c\u00e1ch hi\u1ec7u qu\u1ea3. V\u1edbi c\u00e1p li\u1ec1n v\u00e0 ti\u1ebft di\u1ec7n 1.2 mm2 b\u1eb1ng \u0111\u1ed3ng, kh\u00f4ng c\u00f3 n\u1ed1i, t\u1ed5n hao tr\u00ean \u0111\u01b0\u1eddng truy\u1ec1n \u0111\u01b0\u1ee3c gi\u1ea3m thi\u1ec3u \u0111\u00e1ng k\u1ec3, \u0111\u1ed3ng th\u1eddi ngu\u1ed3n cung c\u1ea5p c\u00f3 th\u1ec3 \u0111\u1ea1t \u0111\u01b0\u1ee3c kho\u1ea3ng c\u00e1ch xa m\u00e0 v\u1eabn \u0111\u1ea3m b\u1ea3o ch\u1ea5t l\u01b0\u1ee3ng \u00e1nh s\u00e1ng \u1ed5n \u0111\u1ecbnh.<\/span><\/p>\n<p style=\"text-align: justify;\"><span style=\"font-size: 14pt;\">M\u1eb7t \u0111\u00e8n v\u00e0 ph\u1ea7n \u0111i\u1ec1u khi\u1ec3n c\u1ee7a \u0111\u00e8n LED Pixel WD38 c\u00f3 th\u1ec3 t\u00e1ch r\u1eddi nhau, \u0111i\u1ec1u n\u00e0y \u0111em l\u1ea1i l\u1ee3i \u00edch to l\u1edbn trong c\u00f4ng t\u00e1c b\u1ea3o tr\u00ec. B\u1ea1n c\u00f3 th\u1ec3 d\u1ec5 d\u00e0ng ti\u1ebfp c\u1eadn v\u00e0 th\u1ef1c hi\u1ec7n c\u00e1c c\u00f4ng vi\u1ec7c b\u1ea3o tr\u00ec m\u00e0 kh\u00f4ng c\u1ea7n ph\u1ea3i th\u00e1o to\u00e0n b\u1ed9 \u0111\u00e8n ra kh\u1ecfi v\u1ecb tr\u00ed l\u1eafp \u0111\u1eb7t, ti\u1ebft ki\u1ec7m th\u1eddi gian v\u00e0 c\u00f4ng s\u1ee9c.<\/span><\/p>\n<p style=\"text-align: justify;\"><span style=\"font-size: 14pt;\">Kh\u1ea3 n\u0103ng ch\u1ed1ng ch\u1ecbu v\u1edbi c\u00e1c \u0111i\u1ec1u ki\u1ec7n thi\u00ean nhi\u00ean kh\u1eafc nghi\u1ec7t c\u0169ng l\u00e0 m\u1ed9t \u0111i\u1ec3m m\u1ea1nh c\u1ee7a \u0111\u00e8n LED Pixel WD38. V\u1edbi m\u1ee9c \u0111\u1ed9 k\u00edn IP67, \u0111\u00e8n n\u00e0y ho\u00e0n to\u00e0n ch\u1ed1ng th\u1ea5m n\u01b0\u1edbc v\u00e0 b\u1ee5i, \u0111\u1ea3m b\u1ea3o s\u1ef1 b\u1ec1n b\u1ec9 v\u00e0 tu\u1ed5i th\u1ecd cao. B\u1ea1n c\u00f3 th\u1ec3 y\u00ean t\u00e2m s\u1eed d\u1ee5ng \u0111\u00e8n LED Pixel WD38 kh\u00f4ng ch\u1ec9 ngo\u00e0i tr\u1eddi m\u00e0 c\u00f2n d\u01b0\u1edbi n\u01b0\u1edbc.<\/span><\/p>\n<p style=\"text-align: justify;\"><span style=\"font-size: 14pt;\">V\u1edbi c\u00e1c th\u00f4ng s\u1ed1 k\u1ef9 thu\u1eadt \u0111a d\u1ea1ng, \u0111\u00e8n LED Pixel WD38 \u0111\u00e1p \u1ee9ng \u0111a d\u1ea1ng nhu c\u1ea7u chi\u1ebfu s\u00e1ng. B\u1ea1n c\u00f3 th\u1ec3 l\u1ef1a ch\u1ecdn lo\u1ea1i LED ph\u00f9 h\u1ee3p nh\u01b0 2835 White, 3535 RGB, R\/G\/B\/Y \u0111\u1ec3 t\u1ea1o ra hi\u1ec7u \u1ee9ng \u00e1nh s\u00e1ng \u0111a m\u00e0u s\u1eafc. Chu\u1ea9n \u0111i\u1ec1u khi\u1ec3n DMX v\u00e0 TTL cho ph\u00e9p b\u1ea1n \u0111i\u1ec1u ch\u1ec9nh \u00e1nh s\u00e1ng m\u1ed9t c\u00e1ch linh ho\u1ea1t v\u00e0 d\u1ec5 d\u00e0ng.<\/span><\/p>\n<p style=\"text-align: justify;\"><span style=\"font-size: 14pt;\">Th\u00f4ng s\u1ed1 k\u1ef9 thu\u1eadt chi ti\u1ebft c\u1ee7a \u0111\u00e8n LED Pixel WD38 l\u00e0:<\/span><br \/>\n<span style=\"font-size: 14pt;\">&#8211; Gray Level: 256\/65536<\/span><br \/>\n<span style=\"font-size: 14pt;\">&#8211; G\u00f3c chi\u1ebfu: 120\u00b0<\/span><br \/>\n<span style=\"font-size: 14pt;\">&#8211; K\u00edch th\u01b0\u1edbc: 50*38*16.7<\/span><br \/>\n<span style=\"font-size: 14pt;\">&#8211; V\u1eadt li\u1ec7u v\u1ecf: Nh\u1ef1a k\u1ef9 thu\u1eadt<\/span><br \/>\n<span style=\"font-size: 14pt;\">&#8211; Nhi\u1ec7t \u0111\u1ed9 ho\u1ea1t \u0111\u1ed9ng: -20 \u2013 60 \u0111\u1ed9 C<\/span><br \/>\n<span style=\"font-size: 14pt;\">&#8211; C\u00f4ng su\u1ea5t: 0.6W, 0.9W, 1.2W<\/span><br \/>\n<span style=\"font-size: 14pt;\">&#8211; Tu\u1ed5i th\u1ecd LED: 5000 gi\u1edd<\/span><br \/>\n<span style=\"font-size: 14pt;\">&#8211; \u0110\u1ed9 k\u00edn: IP67<\/span><br \/>\n<span style=\"font-size: 14pt;\">&#8211; C\u1ea5p ch\u1ed1ng ch\u00e1y: 94-V0<\/span><br \/>\n<span style=\"font-size: 14pt;\">&#8211; C\u1ea5p c\u00e1ch \u0111i\u1ec7n: III<\/span><\/p>\n<p style=\"text-align: justify;\"><span style=\"font-size: 14pt;\">V\u1edbi t\u1ea5t c\u1ea3 nh\u1eefng \u0111\u1eb7c \u0111i\u1ec3m v\u00e0 t\u00ednh n\u0103ng v\u01b0\u1ee3t tr\u1ed9i, \u0111\u00e8n LED Pixel WD38 l\u00e0 s\u1ef1 l\u1ef1a ch\u1ecdn t\u1ed1i \u01b0u cho c\u00e1c d\u1ef1 \u00e1n chi\u1ebfu s\u00e1ng m\u1eb7t d\u1ef1ng ngo\u00e0i tr\u1eddi. B\u1ea1n s\u1ebd kh\u00f4ng ch\u1ec9 nh\u1eadn \u0111\u01b0\u1ee3c \u00e1nh s\u00e1ng ch\u1ea5t l\u01b0\u1ee3ng cao m\u00e0 c\u00f2n ti\u1ec7n l\u1ee3i v\u00e0 ti\u1ebft ki\u1ec7m trong qu\u00e1 tr\u00ecnh l\u1eafp \u0111\u1eb7t v\u00e0 b\u1ea3o tr\u00ec. H\u00e3y \u0111\u1eb7t ni\u1ec1m tin v\u00e0o \u0111\u00e8n LED Pixel WD38 v\u00e0 tr\u1ea3i nghi\u1ec7m s\u1ef1 ho\u00e0n h\u1ea3o c\u1ee7a n\u00f3 trong chi\u1ebfu s\u00e1ng m\u1ecdi kh\u00f4ng gian.<\/span><\/p>\n<p style=\"text-align: justify;\"><span style=\"font-size: 14pt;\"><img decoding=\"async\" class=\"aligncenter wp-image-1124 size-full lazyload\" data-src=\"https:\/\/vilight.vn\/website\/wp-content\/uploads\/2021\/06\/WD18-1.jpg\" alt=\"\u0110\u00e8n led \u0111i\u1ec3m VL-WD38\" width=\"1200\" height=\"926\" data-srcset=\"https:\/\/vilight.vn\/website\/wp-content\/uploads\/2021\/06\/WD18-1.jpg 1200w, https:\/\/vilight.vn\/website\/wp-content\/uploads\/2021\/06\/WD18-1-800x617.jpg 800w, https:\/\/vilight.vn\/website\/wp-content\/uploads\/2021\/06\/WD18-1-300x232.jpg 300w, https:\/\/vilight.vn\/website\/wp-content\/uploads\/2021\/06\/WD18-1-1024x790.jpg 1024w, https:\/\/vilight.vn\/website\/wp-content\/uploads\/2021\/06\/WD18-1-768x593.jpg 768w, https:\/\/vilight.vn\/website\/wp-content\/uploads\/2021\/06\/WD18-1-16x12.jpg 16w, https:\/\/vilight.vn\/website\/wp-content\/uploads\/2021\/06\/WD18-1-189x146.jpg 189w, https:\/\/vilight.vn\/website\/wp-content\/uploads\/2021\/06\/WD18-1-50x39.jpg 50w, https:\/\/vilight.vn\/website\/wp-content\/uploads\/2021\/06\/WD18-1-97x75.jpg 97w, https:\/\/vilight.vn\/website\/wp-content\/uploads\/2021\/06\/WD18-1-600x463.jpg 600w, https:\/\/vilight.vn\/website\/wp-content\/uploads\/2021\/06\/WD18-1-64x49.jpg 64w\" data-sizes=\"(max-width:767px) 480px, (max-width:1200px) 100vw, 1200px\" src=\"data:image\/svg+xml;base64,PHN2ZyB3aWR0aD0iMSIgaGVpZ2h0PSIxIiB4bWxucz0iaHR0cDovL3d3dy53My5vcmcvMjAwMC9zdmciPjwvc3ZnPg==\" style=\"--smush-placeholder-width: 1200px; --smush-placeholder-aspect-ratio: 1200\/926;\" \/><\/span><\/p>\n<p style=\"text-align: justify;\">\n","protected":false},"excerpt":{"rendered":"<p style=\"text-align: justify;\"><span style=\"font-size: 14pt;\">\u0110\u00e8n LED \u0111i\u1ec3m VL-WD38 &#8211; Gi\u1ea3i ph\u00e1p ho\u00e0n h\u1ea3o cho chi\u1ebfu s\u00e1ng trang tr\u00ed d\u01b0\u1edbi n\u01b0\u1edbc nh\u01b0 \u0111\u00e0i phu n\u01b0\u1edbc, th\u00e1c n\u01b0\u1edbc, h\u1ed3 b\u01a1i&#8230;. T\u00edch h\u1ee3p t\u00ednh n\u0103ng t\u00e1ch r\u1eddi, ngu\u1ed3n \u0111i\u1ec7n DC c\u1ea5p v\u00e0 kh\u1ea3 n\u0103ng ch\u1ed1ng ch\u1ecbu m\u00f4i tr\u01b0\u1eddng, \u0111\u00e8n n\u00e0y \u0111\u1ea3m b\u1ea3o hi\u1ec7u su\u1ea5t \u00e1nh s\u00e1ng cao v\u00e0 thu\u1eadn ti\u1ec7n trong l\u1eafp \u0111\u1eb7t v\u00e0 b\u1ea3o tr\u00ec.<\/span><\/p>\n","protected":false},"featured_media":1271,"template":"","meta":[],"product_brand":[],"product_cat":[78,77,106],"product_tag":[501],"class_list":{"0":"post-1109","1":"product","2":"type-product","3":"status-publish","4":"has-post-thumbnail","6":"product_cat-den-diem-led-dot","7":"product_cat-den-led-pixel","8":"product_cat-wd-series","9":"product_tag-den-led-diem-vl-wd38","10":"pa_chuan-dieu-khien-dmx","11":"pa_chuan-dieu-khien-ttl","12":"pa_cong-suat-0-6w","13":"pa_cong-suat-0-9w","14":"pa_cong-suat-1-2w","15":"pa_do-kin-ip67","16":"pa_goc-chieu-120-do","17":"pa_gray-level-256-65536","18":"pa_kich-thuoc-503816-7","19":"pa_loai-led-2835-white","20":"pa_loai-led-3535-rgb","21":"pa_loai-led-r-g-b-y","22":"pa_vat-lieu-vo-nhua-ky-thuat","24":"first","25":"instock","26":"taxable","27":"shipping-taxable","28":"product-type-simple"},"yoast_head":"<!-- This site is optimized with the Yoast SEO Premium plugin v27.5 (Yoast SEO v27.5) - https:\/\/yoast.com\/product\/yoast-seo-premium-wordpress\/ -->\n<title>\u0110\u00e8n LED \u0111i\u1ec3m VL-WD38 - Vilight Co.ltd<\/title>\n<meta name=\"description\" content=\"\u0110\u00e8n LED \u0111i\u1ec3m VL-WD38 - Gi\u1ea3i ph\u00e1p ho\u00e0n h\u1ea3o cho chi\u1ebfu s\u00e1ng trang tr\u00ed d\u01b0\u1edbi n\u01b0\u1edbc. \u0110\u1ea3m b\u1ea3o hi\u1ec7u su\u1ea5t \u00e1nh s\u00e1ng cao v\u00e0 thu\u1eadn ti\u1ec7n trong l\u1eafp \u0111\u1eb7t v\u00e0 b\u1ea3o tr\u00ec.\" \/>\n<meta name=\"robots\" content=\"index, follow, max-snippet:-1, max-image-preview:large, max-video-preview:-1\" \/>\n<link rel=\"canonical\" href=\"https:\/\/vilight.vn\/website\/san-pham\/den-led-pixel\/den-diem-led-dot\/wd-series\/den-led-diem-vl-wd38\/\" \/>\n<meta property=\"og:locale\" content=\"vi_VN\" \/>\n<meta property=\"og:type\" content=\"article\" \/>\n<meta property=\"og:title\" content=\"\u0110\u00e8n LED \u0111i\u1ec3m VL-WD38\" \/>\n<meta property=\"og:description\" content=\"\u0110\u00e8n LED \u0111i\u1ec3m VL-WD38 - Gi\u1ea3i ph\u00e1p ho\u00e0n h\u1ea3o cho chi\u1ebfu s\u00e1ng trang tr\u00ed d\u01b0\u1edbi n\u01b0\u1edbc nh\u01b0 \u0111\u00e0i phu n\u01b0\u1edbc, th\u00e1c n\u01b0\u1edbc, h\u1ed3 b\u01a1i.... T\u00edch h\u1ee3p t\u00ednh n\u0103ng t\u00e1ch r\u1eddi, ngu\u1ed3n \u0111i\u1ec7n DC c\u1ea5p v\u00e0 kh\u1ea3 n\u0103ng ch\u1ed1ng ch\u1ecbu m\u00f4i tr\u01b0\u1eddng, \u0111\u00e8n n\u00e0y \u0111\u1ea3m b\u1ea3o hi\u1ec7u su\u1ea5t \u00e1nh s\u00e1ng cao v\u00e0 thu\u1eadn ti\u1ec7n trong l\u1eafp \u0111\u1eb7t v\u00e0 b\u1ea3o tr\u00ec.\" \/>\n<meta property=\"og:url\" content=\"https:\/\/vilight.vn\/website\/san-pham\/den-led-pixel\/den-diem-led-dot\/wd-series\/den-led-diem-vl-wd38\/\" \/>\n<meta property=\"og:site_name\" content=\"Vilight Co.ltd\" \/>\n<meta property=\"article:publisher\" content=\"http:\/\/facebook.com\/vilight.vn\" \/>\n<meta property=\"article:modified_time\" content=\"2024-10-01T10:07:07+00:00\" \/>\n<meta property=\"og:image\" content=\"https:\/\/vilight.vn\/website\/wp-content\/uploads\/2021\/06\/WD38.jpg\" \/>\n\t<meta property=\"og:image:width\" content=\"600\" \/>\n\t<meta property=\"og:image:height\" content=\"600\" \/>\n\t<meta property=\"og:image:type\" content=\"image\/jpeg\" \/>\n<meta name=\"twitter:card\" content=\"summary_large_image\" \/>\n<meta name=\"twitter:label1\" content=\"Gi\u00e1\" \/>\n\t<meta name=\"twitter:data1\" content=\"\" \/>\n\t<meta name=\"twitter:label2\" content=\"Kh\u1ea3 d\u1ee5ng\" \/>\n\t<meta name=\"twitter:data2\" content=\"Trong kho\" \/>\n<script type=\"application\/ld+json\" class=\"yoast-schema-graph\">{\"@context\":\"https:\\\/\\\/schema.org\",\"@graph\":[{\"@type\":\"WebPage\",\"@id\":\"https:\\\/\\\/vilight.vn\\\/website\\\/san-pham\\\/den-led-pixel\\\/den-diem-led-dot\\\/wd-series\\\/den-led-diem-vl-wd38\\\/\",\"url\":\"https:\\\/\\\/vilight.vn\\\/website\\\/san-pham\\\/den-led-pixel\\\/den-diem-led-dot\\\/wd-series\\\/den-led-diem-vl-wd38\\\/\",\"name\":\"\u0110\u00e8n LED \u0111i\u1ec3m VL-WD38 - Vilight Co.ltd\",\"isPartOf\":{\"@id\":\"https:\\\/\\\/vilight.vn\\\/website\\\/#website\"},\"primaryImageOfPage\":{\"@id\":\"https:\\\/\\\/vilight.vn\\\/website\\\/san-pham\\\/den-led-pixel\\\/den-diem-led-dot\\\/wd-series\\\/den-led-diem-vl-wd38\\\/#primaryimage\"},\"image\":{\"@id\":\"https:\\\/\\\/vilight.vn\\\/website\\\/san-pham\\\/den-led-pixel\\\/den-diem-led-dot\\\/wd-series\\\/den-led-diem-vl-wd38\\\/#primaryimage\"},\"thumbnailUrl\":\"https:\\\/\\\/vilight.vn\\\/website\\\/wp-content\\\/uploads\\\/2021\\\/06\\\/WD38.jpg\",\"datePublished\":\"2021-06-24T07:23:56+00:00\",\"dateModified\":\"2024-10-01T10:07:07+00:00\",\"description\":\"\u0110\u00e8n LED \u0111i\u1ec3m VL-WD38 - Gi\u1ea3i ph\u00e1p ho\u00e0n h\u1ea3o cho chi\u1ebfu s\u00e1ng trang tr\u00ed d\u01b0\u1edbi n\u01b0\u1edbc. \u0110\u1ea3m b\u1ea3o hi\u1ec7u su\u1ea5t \u00e1nh s\u00e1ng cao v\u00e0 thu\u1eadn ti\u1ec7n trong l\u1eafp \u0111\u1eb7t v\u00e0 b\u1ea3o tr\u00ec.\",\"breadcrumb\":{\"@id\":\"https:\\\/\\\/vilight.vn\\\/website\\\/san-pham\\\/den-led-pixel\\\/den-diem-led-dot\\\/wd-series\\\/den-led-diem-vl-wd38\\\/#breadcrumb\"},\"inLanguage\":\"vi\",\"potentialAction\":[{\"@type\":\"ReadAction\",\"target\":[\"https:\\\/\\\/vilight.vn\\\/website\\\/san-pham\\\/den-led-pixel\\\/den-diem-led-dot\\\/wd-series\\\/den-led-diem-vl-wd38\\\/\"]}]},{\"@type\":\"ImageObject\",\"inLanguage\":\"vi\",\"@id\":\"https:\\\/\\\/vilight.vn\\\/website\\\/san-pham\\\/den-led-pixel\\\/den-diem-led-dot\\\/wd-series\\\/den-led-diem-vl-wd38\\\/#primaryimage\",\"url\":\"https:\\\/\\\/vilight.vn\\\/website\\\/wp-content\\\/uploads\\\/2021\\\/06\\\/WD38.jpg\",\"contentUrl\":\"https:\\\/\\\/vilight.vn\\\/website\\\/wp-content\\\/uploads\\\/2021\\\/06\\\/WD38.jpg\",\"width\":600,\"height\":600},{\"@type\":\"BreadcrumbList\",\"@id\":\"https:\\\/\\\/vilight.vn\\\/website\\\/san-pham\\\/den-led-pixel\\\/den-diem-led-dot\\\/wd-series\\\/den-led-diem-vl-wd38\\\/#breadcrumb\",\"itemListElement\":[{\"@type\":\"ListItem\",\"position\":1,\"name\":\"Home\",\"item\":\"https:\\\/\\\/vilight.vn\\\/website\\\/\"},{\"@type\":\"ListItem\",\"position\":2,\"name\":\"store\",\"item\":\"https:\\\/\\\/vilight.vn\\\/website\\\/store\\\/\"},{\"@type\":\"ListItem\",\"position\":3,\"name\":\"\u0110\u00e8n LED \u0111i\u1ec3m VL-WD38\"}]},{\"@type\":\"WebSite\",\"@id\":\"https:\\\/\\\/vilight.vn\\\/website\\\/#website\",\"url\":\"https:\\\/\\\/vilight.vn\\\/website\\\/\",\"name\":\"Vilight Co.ltd\",\"description\":\"Chi\u1ebfu s\u00e1ng m\u1ef9 thu\u1eadt, chi\u1ebfu s\u00e1ng th\u00f4ng minh, LED Pixel 3D, chi\u1ebfu s\u00e1ng trang tr\u00ed \u0111\u00f4 th\u1ecb, chi\u1ebfu s\u00e1ng v\u00f2ng xoay, chi\u1ebfu s\u00e1ng \u0111\u1ea3o giao th\u00f4ng, c\u1ed5ng ch\u00e0o \u0111\u00f4 th\u1ecb\",\"publisher\":{\"@id\":\"https:\\\/\\\/vilight.vn\\\/website\\\/#organization\"},\"potentialAction\":[{\"@type\":\"SearchAction\",\"target\":{\"@type\":\"EntryPoint\",\"urlTemplate\":\"https:\\\/\\\/vilight.vn\\\/website\\\/?s={search_term_string}\"},\"query-input\":{\"@type\":\"PropertyValueSpecification\",\"valueRequired\":true,\"valueName\":\"search_term_string\"}}],\"inLanguage\":\"vi\"},{\"@type\":\"Organization\",\"@id\":\"https:\\\/\\\/vilight.vn\\\/website\\\/#organization\",\"name\":\"Vilight\",\"url\":\"https:\\\/\\\/vilight.vn\\\/website\\\/\",\"logo\":{\"@type\":\"ImageObject\",\"inLanguage\":\"vi\",\"@id\":\"https:\\\/\\\/vilight.vn\\\/website\\\/#\\\/schema\\\/logo\\\/image\\\/\",\"url\":\"https:\\\/\\\/vilight.vn\\\/website\\\/wp-content\\\/uploads\\\/2022\\\/05\\\/chieu_sang_trang_tri_do_thi_bang_den_led_pixel.png\",\"contentUrl\":\"https:\\\/\\\/vilight.vn\\\/website\\\/wp-content\\\/uploads\\\/2022\\\/05\\\/chieu_sang_trang_tri_do_thi_bang_den_led_pixel.png\",\"width\":800,\"height\":427,\"caption\":\"Vilight\"},\"image\":{\"@id\":\"https:\\\/\\\/vilight.vn\\\/website\\\/#\\\/schema\\\/logo\\\/image\\\/\"},\"sameAs\":[\"http:\\\/\\\/facebook.com\\\/vilight.vn\",\"https:\\\/\\\/www.linkedin.com\\\/company\\\/vilight-vn\",\"https:\\\/\\\/www.youtube.com\\\/channel\\\/UCEwR2naeDcuarMX1kSv_rLQ\\\/videos\"]}]}<\/script>\n<meta property=\"product:brand\" content=\"WD Series\" \/>\n<meta property=\"product:price:currency\" content=\"VND\" \/>\n<meta property=\"og:availability\" content=\"instock\" \/>\n<meta property=\"product:availability\" content=\"instock\" \/>\n<meta property=\"product:condition\" content=\"new\" \/>\n<!-- \/ Yoast SEO Premium plugin. -->","yoast_head_json":{"title":"\u0110\u00e8n LED \u0111i\u1ec3m VL-WD38 - Vilight Co.ltd","description":"\u0110\u00e8n LED \u0111i\u1ec3m VL-WD38 - Gi\u1ea3i ph\u00e1p ho\u00e0n h\u1ea3o cho chi\u1ebfu s\u00e1ng trang tr\u00ed d\u01b0\u1edbi n\u01b0\u1edbc. \u0110\u1ea3m b\u1ea3o hi\u1ec7u su\u1ea5t \u00e1nh s\u00e1ng cao v\u00e0 thu\u1eadn ti\u1ec7n trong l\u1eafp \u0111\u1eb7t v\u00e0 b\u1ea3o tr\u00ec.","robots":{"index":"index","follow":"follow","max-snippet":"max-snippet:-1","max-image-preview":"max-image-preview:large","max-video-preview":"max-video-preview:-1"},"canonical":"https:\/\/vilight.vn\/website\/san-pham\/den-led-pixel\/den-diem-led-dot\/wd-series\/den-led-diem-vl-wd38\/","og_locale":"vi_VN","og_type":"article","og_title":"\u0110\u00e8n LED \u0111i\u1ec3m VL-WD38","og_description":"\u0110\u00e8n LED \u0111i\u1ec3m VL-WD38 - Gi\u1ea3i ph\u00e1p ho\u00e0n h\u1ea3o cho chi\u1ebfu s\u00e1ng trang tr\u00ed d\u01b0\u1edbi n\u01b0\u1edbc nh\u01b0 \u0111\u00e0i phu n\u01b0\u1edbc, th\u00e1c n\u01b0\u1edbc, h\u1ed3 b\u01a1i.... T\u00edch h\u1ee3p t\u00ednh n\u0103ng t\u00e1ch r\u1eddi, ngu\u1ed3n \u0111i\u1ec7n DC c\u1ea5p v\u00e0 kh\u1ea3 n\u0103ng ch\u1ed1ng ch\u1ecbu m\u00f4i tr\u01b0\u1eddng, \u0111\u00e8n n\u00e0y \u0111\u1ea3m b\u1ea3o hi\u1ec7u su\u1ea5t \u00e1nh s\u00e1ng cao v\u00e0 thu\u1eadn ti\u1ec7n trong l\u1eafp \u0111\u1eb7t v\u00e0 b\u1ea3o tr\u00ec.","og_url":"https:\/\/vilight.vn\/website\/san-pham\/den-led-pixel\/den-diem-led-dot\/wd-series\/den-led-diem-vl-wd38\/","og_site_name":"Vilight Co.ltd","article_publisher":"http:\/\/facebook.com\/vilight.vn","article_modified_time":"2024-10-01T10:07:07+00:00","og_image":[{"width":600,"height":600,"url":"https:\/\/vilight.vn\/website\/wp-content\/uploads\/2021\/06\/WD38.jpg","type":"image\/jpeg"}],"twitter_card":"summary_large_image","twitter_misc":{"Gi\u00e1":"","Kh\u1ea3 d\u1ee5ng":"Trong kho"},"schema":{"@context":"https:\/\/schema.org","@graph":[{"@type":"WebPage","@id":"https:\/\/vilight.vn\/website\/san-pham\/den-led-pixel\/den-diem-led-dot\/wd-series\/den-led-diem-vl-wd38\/","url":"https:\/\/vilight.vn\/website\/san-pham\/den-led-pixel\/den-diem-led-dot\/wd-series\/den-led-diem-vl-wd38\/","name":"\u0110\u00e8n LED \u0111i\u1ec3m VL-WD38 - Vilight Co.ltd","isPartOf":{"@id":"https:\/\/vilight.vn\/website\/#website"},"primaryImageOfPage":{"@id":"https:\/\/vilight.vn\/website\/san-pham\/den-led-pixel\/den-diem-led-dot\/wd-series\/den-led-diem-vl-wd38\/#primaryimage"},"image":{"@id":"https:\/\/vilight.vn\/website\/san-pham\/den-led-pixel\/den-diem-led-dot\/wd-series\/den-led-diem-vl-wd38\/#primaryimage"},"thumbnailUrl":"https:\/\/vilight.vn\/website\/wp-content\/uploads\/2021\/06\/WD38.jpg","datePublished":"2021-06-24T07:23:56+00:00","dateModified":"2024-10-01T10:07:07+00:00","description":"\u0110\u00e8n LED \u0111i\u1ec3m VL-WD38 - Gi\u1ea3i ph\u00e1p ho\u00e0n h\u1ea3o cho chi\u1ebfu s\u00e1ng trang tr\u00ed d\u01b0\u1edbi n\u01b0\u1edbc. \u0110\u1ea3m b\u1ea3o hi\u1ec7u su\u1ea5t \u00e1nh s\u00e1ng cao v\u00e0 thu\u1eadn ti\u1ec7n trong l\u1eafp \u0111\u1eb7t v\u00e0 b\u1ea3o tr\u00ec.","breadcrumb":{"@id":"https:\/\/vilight.vn\/website\/san-pham\/den-led-pixel\/den-diem-led-dot\/wd-series\/den-led-diem-vl-wd38\/#breadcrumb"},"inLanguage":"vi","potentialAction":[{"@type":"ReadAction","target":["https:\/\/vilight.vn\/website\/san-pham\/den-led-pixel\/den-diem-led-dot\/wd-series\/den-led-diem-vl-wd38\/"]}]},{"@type":"ImageObject","inLanguage":"vi","@id":"https:\/\/vilight.vn\/website\/san-pham\/den-led-pixel\/den-diem-led-dot\/wd-series\/den-led-diem-vl-wd38\/#primaryimage","url":"https:\/\/vilight.vn\/website\/wp-content\/uploads\/2021\/06\/WD38.jpg","contentUrl":"https:\/\/vilight.vn\/website\/wp-content\/uploads\/2021\/06\/WD38.jpg","width":600,"height":600},{"@type":"BreadcrumbList","@id":"https:\/\/vilight.vn\/website\/san-pham\/den-led-pixel\/den-diem-led-dot\/wd-series\/den-led-diem-vl-wd38\/#breadcrumb","itemListElement":[{"@type":"ListItem","position":1,"name":"Home","item":"https:\/\/vilight.vn\/website\/"},{"@type":"ListItem","position":2,"name":"store","item":"https:\/\/vilight.vn\/website\/store\/"},{"@type":"ListItem","position":3,"name":"\u0110\u00e8n LED \u0111i\u1ec3m VL-WD38"}]},{"@type":"WebSite","@id":"https:\/\/vilight.vn\/website\/#website","url":"https:\/\/vilight.vn\/website\/","name":"Vilight Co.ltd","description":"Chi\u1ebfu s\u00e1ng m\u1ef9 thu\u1eadt, chi\u1ebfu s\u00e1ng th\u00f4ng minh, LED Pixel 3D, chi\u1ebfu s\u00e1ng trang tr\u00ed \u0111\u00f4 th\u1ecb, chi\u1ebfu s\u00e1ng v\u00f2ng xoay, chi\u1ebfu s\u00e1ng \u0111\u1ea3o giao th\u00f4ng, c\u1ed5ng ch\u00e0o \u0111\u00f4 th\u1ecb","publisher":{"@id":"https:\/\/vilight.vn\/website\/#organization"},"potentialAction":[{"@type":"SearchAction","target":{"@type":"EntryPoint","urlTemplate":"https:\/\/vilight.vn\/website\/?s={search_term_string}"},"query-input":{"@type":"PropertyValueSpecification","valueRequired":true,"valueName":"search_term_string"}}],"inLanguage":"vi"},{"@type":"Organization","@id":"https:\/\/vilight.vn\/website\/#organization","name":"Vilight","url":"https:\/\/vilight.vn\/website\/","logo":{"@type":"ImageObject","inLanguage":"vi","@id":"https:\/\/vilight.vn\/website\/#\/schema\/logo\/image\/","url":"https:\/\/vilight.vn\/website\/wp-content\/uploads\/2022\/05\/chieu_sang_trang_tri_do_thi_bang_den_led_pixel.png","contentUrl":"https:\/\/vilight.vn\/website\/wp-content\/uploads\/2022\/05\/chieu_sang_trang_tri_do_thi_bang_den_led_pixel.png","width":800,"height":427,"caption":"Vilight"},"image":{"@id":"https:\/\/vilight.vn\/website\/#\/schema\/logo\/image\/"},"sameAs":["http:\/\/facebook.com\/vilight.vn","https:\/\/www.linkedin.com\/company\/vilight-vn","https:\/\/www.youtube.com\/channel\/UCEwR2naeDcuarMX1kSv_rLQ\/videos"]}]},"product_brand":"WD Series","product_price_currency":"VND","og_availability":"instock","product_availability":"instock","product_condition":"new"},"_links":{"self":[{"href":"https:\/\/vilight.vn\/website\/wp-json\/wp\/v2\/product\/1109","targetHints":{"allow":["GET"]}}],"collection":[{"href":"https:\/\/vilight.vn\/website\/wp-json\/wp\/v2\/product"}],"about":[{"href":"https:\/\/vilight.vn\/website\/wp-json\/wp\/v2\/types\/product"}],"wp:featuredmedia":[{"embeddable":true,"href":"https:\/\/vilight.vn\/website\/wp-json\/wp\/v2\/media\/1271"}],"wp:attachment":[{"href":"https:\/\/vilight.vn\/website\/wp-json\/wp\/v2\/media?parent=1109"}],"wp:term":[{"taxonomy":"product_brand","embeddable":true,"href":"https:\/\/vilight.vn\/website\/wp-json\/wp\/v2\/product_brand?post=1109"},{"taxonomy":"product_cat","embeddable":true,"href":"https:\/\/vilight.vn\/website\/wp-json\/wp\/v2\/product_cat?post=1109"},{"taxonomy":"product_tag","embeddable":true,"href":"https:\/\/vilight.vn\/website\/wp-json\/wp\/v2\/product_tag?post=1109"}],"curies":[{"name":"wp","href":"https:\/\/api.w.org\/{rel}","templated":true}]}}