{"id":1125,"date":"2021-06-24T16:35:51","date_gmt":"2021-06-24T09:35:51","guid":{"rendered":"https:\/\/vilight.vn\/website\/?post_type=product&#038;p=1125"},"modified":"2024-10-01T17:07:50","modified_gmt":"2024-10-01T10:07:50","slug":"den-led-diem-vl-wd48","status":"publish","type":"product","link":"https:\/\/vilight.vn\/website\/san-pham\/den-led-pixel\/den-diem-led-dot\/wd-series\/den-led-diem-vl-wd48\/","title":{"rendered":"\u0110\u00e8n LED \u0111i\u1ec3m VL-WD48"},"content":{"rendered":"<h2 style=\"text-align: justify;\"><span style=\"font-size: 18pt;\">\u0110\u00e8n LED Pixel WD48 &#8211; \u0110\u00e8n LED \u0110i\u1ec3m \u0110a N\u0103ng Cho Chi\u1ebfu S\u00e1ng M\u1eb7t D\u1ef1ng Ngo\u00e0i Tr\u1eddi<\/span><\/h2>\n<p style=\"text-align: justify;\"><span style=\"font-size: 14pt;\">\u0110\u00e8n LED Pixel WD48 l\u00e0 m\u1ed9t lo\u1ea1i \u0111\u00e8n \u0111\u1eb7c bi\u1ec7t \u0111\u01b0\u1ee3c thi\u1ebft k\u1ebf v\u1edbi kh\u1ea3 n\u0103ng t\u00e1ch r\u1eddi c\u00e1c b\u1ed9 ph\u1eadn, bao g\u1ed3m \u0111\u1ebf \u0111\u00e8n, ph\u1ea7n \u0111i\u1ec1u khi\u1ec3n v\u00e0 m\u1eb7t \u0111\u00e8n LED. \u0110i\u1ec1u n\u00e0y mang l\u1ea1i nhi\u1ec1u l\u1ee3i \u00edch cho vi\u1ec7c l\u1eafp \u0111\u1eb7t v\u00e0 b\u1ea3o tr\u00ec, \u0111\u1ed3ng th\u1eddi gi\u00fap t\u0103ng t\u00ednh th\u1ea9m m\u1ef9 v\u00e0 linh ho\u1ea1t trong vi\u1ec7c s\u1eed d\u1ee5ng. \u0110\u00e8n LED Pixel WD48 \u0111\u01b0\u1ee3c \u00e1p d\u1ee5ng ph\u1ed5 bi\u1ebfn trong c\u00e1c c\u00f4ng tr\u00ecnh chi\u1ebfu s\u00e1ng m\u1eb7t d\u1ef1ng ngo\u00e0i tr\u1eddi.<\/span><\/p>\n<p style=\"text-align: justify;\"><span style=\"font-size: 14pt;\">M\u1ed9t trong nh\u1eefng \u01b0u \u0111i\u1ec3m n\u1ed5i b\u1eadt c\u1ee7a \u0111\u00e8n LED Pixel WD48 l\u00e0 kh\u1ea3 n\u0103ng ch\u1ecbu \u0111\u01b0\u1ee3c \u00e1p l\u1ef1c s\u1ee5t th\u1ea5p. N\u00f3 \u0111\u01b0\u1ee3c thi\u1ebft k\u1ebf \u0111\u1ec3 ho\u1ea1t \u0111\u1ed9ng v\u1edbi ngu\u1ed3n \u0111i\u1ec7n DC v\u00e0 c\u00f3 kh\u1ea3 n\u0103ng c\u1ea5p \u0111i \u0111\u01b0\u1ee3c kho\u1ea3ng c\u00e1ch xa. \u0110i\u1ec1u n\u00e0y \u0111\u1ed3ng ngh\u0129a v\u1edbi vi\u1ec7c b\u1ea1n c\u00f3 th\u1ec3 s\u1eed d\u1ee5ng \u0111\u00e8n trong nh\u1eefng v\u1ecb tr\u00ed kh\u00f3 ti\u1ebfp c\u1eadn m\u00e0 kh\u00f4ng c\u1ea7n lo l\u1eafng v\u1ec1 s\u1ef1 m\u1ea5t m\u00e1t \u00e1p su\u1ea5t tr\u00ean \u0111\u01b0\u1eddng truy\u1ec1n.<\/span><\/p>\n<p style=\"text-align: justify;\"><span style=\"font-size: 14pt;\">V\u1edbi c\u00e1p li\u1ec1n v\u00e0 ti\u1ebft di\u1ec7n c\u00e1p 1.2 mm2 b\u1eb1ng \u0111\u1ed3ng, \u0111\u00e8n LED Pixel WD48 kh\u00f4ng c\u00f3 n\u1ed1i n\u00ean t\u1ed5n hao tr\u00ean \u0111\u01b0\u1eddng truy\u1ec1n r\u1ea5t th\u1ea5p. \u0110i\u1ec1u n\u00e0y \u0111\u1ea3m b\u1ea3o ngu\u1ed3n cung c\u1ea5p \u0111\u00e8n c\u00f3 th\u1ec3 \u0111\u01b0\u1ee3c \u0111\u01b0a xa m\u1ed9t c\u00e1ch an to\u00e0n v\u00e0 \u1ed5n \u0111\u1ecbnh.<\/span><\/p>\n<p style=\"text-align: justify;\"><span style=\"font-size: 14pt;\">\u0110\u00e8n LED Pixel WD48 c\u0169ng c\u00f3 kh\u1ea3 n\u0103ng ch\u1ed1ng ch\u1ecbu cao v\u1edbi m\u00f4i tr\u01b0\u1eddng t\u1ef1 nhi\u00ean. N\u00f3 \u0111\u01b0\u1ee3c thi\u1ebft k\u1ebf \u0111\u1ec3 s\u1eed d\u1ee5ng ngo\u00e0i tr\u1eddi v\u00e0 th\u1eadm ch\u00ed d\u01b0\u1edbi n\u01b0\u1edbc. V\u1edbi m\u1eb7t \u0111\u00e8n v\u00e0 ph\u1ea7n \u0111i\u1ec1u khi\u1ec3n c\u00f3 th\u1ec3 t\u00e1ch r\u1eddi nhau, vi\u1ec7c b\u1ea3o tr\u00ec v\u00e0 thay th\u1ebf tr\u1edf n\u00ean d\u1ec5 d\u00e0ng h\u01a1n bao gi\u1edd h\u1ebft.<\/span><\/p>\n<p style=\"text-align: justify;\"><span style=\"font-size: 14pt;\">Cung c\u1ea5p \u00e1nh s\u00e1ng ch\u1ea5t l\u01b0\u1ee3ng cao, \u0111\u00e8n LED Pixel WD48 \u0111\u01b0\u1ee3c trang b\u1ecb chip LED t\u1eeb c\u00e1c th\u01b0\u01a1ng hi\u1ec7u n\u1ed5i ti\u1ebfng nh\u01b0 CREE, Epistar v\u00e0 Osram. N\u00f3 cung c\u1ea5p m\u1ee9c \u0111\u1ed9 x\u00e1m (gray level) l\u00ean \u0111\u1ebfn 256\/65536, cho ph\u00e9p hi\u1ec3n th\u1ecb m\u00e0u s\u1eafc v\u00e0 hi\u1ec7u \u1ee9ng \u00e1nh s\u00e1ng phong ph\u00fa.<\/span><\/p>\n<p style=\"text-align: justify;\"><span style=\"font-size: 14pt;\">V\u1edbi g\u00f3c chi\u1ebfu r\u1ed9ng 120\u00b0, \u0111\u00e8n LED Pixel WD48 c\u00f3 kh\u1ea3 n\u0103ng ph\u00e2n b\u1ed1 \u00e1nh s\u00e1ng \u0111\u1ed3ng \u0111\u1ec1u v\u00e0 r\u1ed9ng kh\u1eafp kh\u00f4ng gian. Lo\u1ea1i LED bao g\u1ed3m 2835 White, 3535 RGB, R\/G\/B\/Y, gi\u00fap b\u1ea1n t\u1ea1o ra nhi\u1ec1u hi\u1ec7u \u1ee9ng \u00e1nh s\u00e1ng \u0111a d\u1ea1ng v\u00e0 s\u00e1ng t\u1ea1o.<\/span><\/p>\n<p style=\"text-align: justify;\"><span style=\"font-size: 14pt;\">\u0110\u00e8n LED Pixel WD48 ho\u1ea1t \u0111\u1ed9ng trong nhi\u1ec7t \u0111\u1ed9 t\u1eeb -20 \u0111\u1ed9 C \u0111\u1ebfn 60 \u0111\u1ed9 C, \u0111\u1ea3m b\u1ea3o kh\u1ea3 n\u0103ng ch\u1ecbu \u0111\u1ef1ng trong m\u1ecdi \u0111i\u1ec1u ki\u1ec7n th\u1eddi ti\u1ebft. V\u1edbi \u0111i\u1ec7n \u00e1p ho\u1ea1t \u0111\u1ed9ng 24VDC v\u00e0 c\u00f4ng su\u1ea5t t\u1eeb 1.3W \u0111\u1ebfn 1.8W, \u0111\u00e8n ti\u1ebft ki\u1ec7m n\u0103ng l\u01b0\u1ee3ng v\u00e0 hi\u1ec7u qu\u1ea3.<\/span><\/p>\n<p style=\"text-align: justify;\"><span style=\"font-size: 14pt;\">\u0110\u00e8n LED Pixel WD48 \u0111\u01b0\u1ee3c h\u1ed7 tr\u1ee3 b\u1edfi c\u00e1c chu\u1ea9n \u0111i\u1ec1u khi\u1ec3n nh\u01b0 DMX, TTL v\u00e0 ON-OFF, cho ph\u00e9p b\u1ea1n \u0111i\u1ec1u ch\u1ec9nh v\u00e0 \u0111i\u1ec1u khi\u1ec3n \u00e1nh s\u00e1ng theo \u00fd mu\u1ed1n.<\/span><\/p>\n<p style=\"text-align: justify;\"><span style=\"font-size: 14pt;\">V\u1edbi c\u1ea5p \u0111\u1ed9 b\u1ea3o v\u1ec7 IP67, \u0111\u00e8n LED Pixel WD48 \u0111\u01b0\u1ee3c b\u1ea3o v\u1ec7 ho\u00e0n to\u00e0n kh\u1ecfi b\u1ee5i v\u00e0 n\u01b0\u1edbc, \u0111\u1ed3ng th\u1eddi \u0111\u1ea3m b\u1ea3o kh\u1ea3 n\u0103ng ch\u1ed1ng th\u1ea5m n\u01b0\u1edbc v\u00e0 b\u1ea3o v\u1ec7 ch\u1ed1ng ch\u00e1y t\u1ed1t.<\/span><\/p>\n<p style=\"text-align: justify;\"><span style=\"font-size: 14pt;\">\u0110\u00e8n LED Pixel WD48 c\u00f3 tu\u1ed5i th\u1ecd l\u00ean \u0111\u1ebfn 50.000 gi\u1edd, gi\u00fap b\u1ea1n ti\u1ebft ki\u1ec7m chi ph\u00ed b\u1ea3o tr\u00ec v\u00e0 thay th\u1ebf \u0111\u00e8n.<\/span><\/p>\n<p style=\"text-align: justify;\"><span style=\"font-size: 14pt;\">V\u1edbi c\u1ea5p ch\u1ed1ng ch\u00e1y 94-V0 v\u00e0 c\u1ea5p c\u00e1ch \u0111i\u1ec7n III, \u0111\u00e8n LED Pixel WD48 \u0111\u00e1p \u1ee9ng c\u00e1c ti\u00eau chu\u1ea9n an to\u00e0n cao, \u0111\u1ea3m b\u1ea3o s\u1ef1 an t\u00e2m v\u00e0 tin c\u1eady trong vi\u1ec7c s\u1eed d\u1ee5ng.<\/span><\/p>\n<p style=\"text-align: justify;\"><span style=\"font-size: 14pt;\">T\u00f3m l\u1ea1i, \u0111\u00e8n LED Pixel WD48 l\u00e0 m\u1ed9t s\u1ea3n ph\u1ea9m \u0111\u00e8n LED \u0111i\u1ec3m \u0111a n\u0103ng, v\u1edbi kh\u1ea3 n\u0103ng t\u00e1ch r\u1eddi c\u00e1c b\u1ed9 ph\u1eadn, ngu\u1ed3n \u0111i\u1ec7n DC c\u1ea5p \u0111i \u0111\u01b0\u1ee3c kho\u1ea3ng c\u00e1ch xa, c\u1ea5u tr\u00fac b\u1ec1n b\u1ec9, kh\u1ea3 n\u0103ng ch\u1ecbu \u0111\u1ef1ng cao v\u00e0 hi\u1ec7u su\u1ea5t \u00e1nh s\u00e1ng tuy\u1ec7t v\u1eddi. V\u1edbi \u0111\u00e8n LED Pixel WD48, b\u1ea1n c\u00f3 th\u1ec3 t\u1eadn h\u01b0\u1edfng \u00e1nh s\u00e1ng tinh t\u1ebf v\u00e0 \u0111\u1ed9c \u0111\u00e1o cho c\u00e1c c\u00f4ng tr\u00ecnh chi\u1ebfu s\u00e1ng m\u1eb7t d\u1ef1ng ngo\u00e0i tr\u1eddi.<\/span><\/p>\n<p style=\"text-align: justify;\"><span style=\"font-size: 14pt;\"><img decoding=\"async\" class=\"aligncenter wp-image-1133 size-full lazyload\" data-src=\"https:\/\/vilight.vn\/website\/wp-content\/uploads\/2021\/06\/WD48-1.jpg\" alt=\"\u0110\u00e8n led \u0111i\u1ec3m VL-WD48\" width=\"1200\" height=\"822\" data-srcset=\"https:\/\/vilight.vn\/website\/wp-content\/uploads\/2021\/06\/WD48-1.jpg 1200w, https:\/\/vilight.vn\/website\/wp-content\/uploads\/2021\/06\/WD48-1-800x548.jpg 800w, https:\/\/vilight.vn\/website\/wp-content\/uploads\/2021\/06\/WD48-1-300x206.jpg 300w, https:\/\/vilight.vn\/website\/wp-content\/uploads\/2021\/06\/WD48-1-1024x701.jpg 1024w, https:\/\/vilight.vn\/website\/wp-content\/uploads\/2021\/06\/WD48-1-768x526.jpg 768w, https:\/\/vilight.vn\/website\/wp-content\/uploads\/2021\/06\/WD48-1-16x12.jpg 16w, https:\/\/vilight.vn\/website\/wp-content\/uploads\/2021\/06\/WD48-1-213x146.jpg 213w, https:\/\/vilight.vn\/website\/wp-content\/uploads\/2021\/06\/WD48-1-50x34.jpg 50w, https:\/\/vilight.vn\/website\/wp-content\/uploads\/2021\/06\/WD48-1-109x75.jpg 109w, https:\/\/vilight.vn\/website\/wp-content\/uploads\/2021\/06\/WD48-1-600x411.jpg 600w, https:\/\/vilight.vn\/website\/wp-content\/uploads\/2021\/06\/WD48-1-64x44.jpg 64w\" data-sizes=\"(max-width:767px) 480px, (max-width:1200px) 100vw, 1200px\" src=\"data:image\/svg+xml;base64,PHN2ZyB3aWR0aD0iMSIgaGVpZ2h0PSIxIiB4bWxucz0iaHR0cDovL3d3dy53My5vcmcvMjAwMC9zdmciPjwvc3ZnPg==\" style=\"--smush-placeholder-width: 1200px; --smush-placeholder-aspect-ratio: 1200\/822;\" \/><\/span><\/p>\n<p>&nbsp;<\/p>\n","protected":false},"excerpt":{"rendered":"<p style=\"text-align: justify;\"><span style=\"font-size: 14pt;\">\u0110\u00e8n LED \u0111i\u1ec3m VL-WD48 &#8211; S\u1ef1 l\u1ef1a ch\u1ecdn ho\u00e0n h\u1ea3o cho chi\u1ebfu s\u00e1ng trang tr\u00ed d\u01b0\u1edbi n\u01b0\u1edbc, m\u00e0n h\u00ecnh d\u01b0\u1edbi n\u01b0\u1edbc. V\u1edbi kh\u1ea3 n\u0103ng t\u00e1ch r\u1eddi c\u00e1c b\u1ed9 ph\u1eadn, ngu\u1ed3n c\u1ea5p \u0111i\u1ec7n xa, v\u00e0 kh\u1ea3 n\u0103ng ch\u1ed1ng ch\u1ecbu thi\u00ean nhi\u00ean, \u0111\u00e8n LED WD48 mang \u0111\u1ebfn \u00e1nh s\u00e1ng tuy\u1ec7t v\u1eddi v\u00e0 thu\u1eadn ti\u1ec7n cho c\u00f4ng t\u00e1c l\u1eafp \u0111\u1eb7t v\u00e0 b\u1ea3o tr\u00ec.<\/span><\/p>\n","protected":false},"featured_media":1270,"template":"","meta":[],"product_brand":[],"product_cat":[78,77,106],"product_tag":[500],"class_list":{"0":"post-1125","1":"product","2":"type-product","3":"status-publish","4":"has-post-thumbnail","6":"product_cat-den-diem-led-dot","7":"product_cat-den-led-pixel","8":"product_cat-wd-series","9":"product_tag-den-led-diem-vl-wd48","10":"pa_chip-led-cree","11":"pa_chip-led-epistar","12":"pa_chip-led-oram","13":"pa_chuan-dieu-khien-dmx","14":"pa_chuan-dieu-khien-on-off","15":"pa_chuan-dieu-khien-ttl","16":"pa_cong-suat-1-3w","17":"pa_cong-suat-1-4w","18":"pa_cong-suat-1-8w","19":"pa_dien-ap-hoat-dong-24vdc","20":"pa_do-kin-ip67","21":"pa_goc-chieu-120-do","22":"pa_gray-level-256-65536","23":"pa_loai-led-2835-white","24":"pa_loai-led-3535-rgb","25":"pa_loai-led-r-g-b-y","27":"first","28":"instock","29":"taxable","30":"shipping-taxable","31":"product-type-simple"},"yoast_head":"<!-- This site is optimized with the Yoast SEO Premium plugin v27.5 (Yoast SEO v27.5) - https:\/\/yoast.com\/product\/yoast-seo-premium-wordpress\/ -->\n<title>\u0110\u00e8n LED \u0111i\u1ec3m VL-WD48 - Vilight Co.ltd<\/title>\n<meta name=\"description\" content=\"\u0110\u00e8n LED \u0111i\u1ec3m VL-WD48 - S\u1ef1 l\u1ef1a ch\u1ecdn ho\u00e0n h\u1ea3o cho chi\u1ebfu s\u00e1ng trang tr\u00ed d\u01b0\u1edbi n\u01b0\u1edbc, m\u00e0n h\u00ecnh d\u01b0\u1edbi n\u01b0\u1edbc, mang \u0111\u1ebfn \u00e1nh s\u00e1ng tuy\u1ec7t v\u1eddi.\" \/>\n<meta name=\"robots\" content=\"index, follow, max-snippet:-1, max-image-preview:large, max-video-preview:-1\" \/>\n<link rel=\"canonical\" href=\"https:\/\/vilight.vn\/website\/san-pham\/den-led-pixel\/den-diem-led-dot\/wd-series\/den-led-diem-vl-wd48\/\" \/>\n<meta property=\"og:locale\" content=\"vi_VN\" \/>\n<meta property=\"og:type\" content=\"article\" \/>\n<meta property=\"og:title\" content=\"\u0110\u00e8n LED \u0111i\u1ec3m VL-WD48\" \/>\n<meta property=\"og:description\" content=\"\u0110\u00e8n LED \u0111i\u1ec3m VL-WD48 - S\u1ef1 l\u1ef1a ch\u1ecdn ho\u00e0n h\u1ea3o cho chi\u1ebfu s\u00e1ng trang tr\u00ed d\u01b0\u1edbi n\u01b0\u1edbc, m\u00e0n h\u00ecnh d\u01b0\u1edbi n\u01b0\u1edbc. V\u1edbi kh\u1ea3 n\u0103ng t\u00e1ch r\u1eddi c\u00e1c b\u1ed9 ph\u1eadn, ngu\u1ed3n c\u1ea5p \u0111i\u1ec7n xa, v\u00e0 kh\u1ea3 n\u0103ng ch\u1ed1ng ch\u1ecbu thi\u00ean nhi\u00ean, \u0111\u00e8n LED WD48 mang \u0111\u1ebfn \u00e1nh s\u00e1ng tuy\u1ec7t v\u1eddi v\u00e0 thu\u1eadn ti\u1ec7n cho c\u00f4ng t\u00e1c l\u1eafp \u0111\u1eb7t v\u00e0 b\u1ea3o tr\u00ec.\" \/>\n<meta property=\"og:url\" content=\"https:\/\/vilight.vn\/website\/san-pham\/den-led-pixel\/den-diem-led-dot\/wd-series\/den-led-diem-vl-wd48\/\" \/>\n<meta property=\"og:site_name\" content=\"Vilight Co.ltd\" \/>\n<meta property=\"article:publisher\" content=\"http:\/\/facebook.com\/vilight.vn\" \/>\n<meta property=\"article:modified_time\" content=\"2024-10-01T10:07:50+00:00\" \/>\n<meta property=\"og:image\" content=\"https:\/\/vilight.vn\/website\/wp-content\/uploads\/2021\/06\/WD48.jpg\" \/>\n\t<meta property=\"og:image:width\" content=\"600\" \/>\n\t<meta property=\"og:image:height\" content=\"600\" \/>\n\t<meta property=\"og:image:type\" content=\"image\/jpeg\" \/>\n<meta name=\"twitter:card\" content=\"summary_large_image\" \/>\n<meta name=\"twitter:label1\" content=\"Gi\u00e1\" \/>\n\t<meta name=\"twitter:data1\" content=\"\" \/>\n\t<meta name=\"twitter:label2\" content=\"Kh\u1ea3 d\u1ee5ng\" \/>\n\t<meta name=\"twitter:data2\" content=\"Trong kho\" \/>\n<script type=\"application\/ld+json\" class=\"yoast-schema-graph\">{\"@context\":\"https:\\\/\\\/schema.org\",\"@graph\":[{\"@type\":\"WebPage\",\"@id\":\"https:\\\/\\\/vilight.vn\\\/website\\\/san-pham\\\/den-led-pixel\\\/den-diem-led-dot\\\/wd-series\\\/den-led-diem-vl-wd48\\\/\",\"url\":\"https:\\\/\\\/vilight.vn\\\/website\\\/san-pham\\\/den-led-pixel\\\/den-diem-led-dot\\\/wd-series\\\/den-led-diem-vl-wd48\\\/\",\"name\":\"\u0110\u00e8n LED \u0111i\u1ec3m VL-WD48 - Vilight Co.ltd\",\"isPartOf\":{\"@id\":\"https:\\\/\\\/vilight.vn\\\/website\\\/#website\"},\"primaryImageOfPage\":{\"@id\":\"https:\\\/\\\/vilight.vn\\\/website\\\/san-pham\\\/den-led-pixel\\\/den-diem-led-dot\\\/wd-series\\\/den-led-diem-vl-wd48\\\/#primaryimage\"},\"image\":{\"@id\":\"https:\\\/\\\/vilight.vn\\\/website\\\/san-pham\\\/den-led-pixel\\\/den-diem-led-dot\\\/wd-series\\\/den-led-diem-vl-wd48\\\/#primaryimage\"},\"thumbnailUrl\":\"https:\\\/\\\/vilight.vn\\\/website\\\/wp-content\\\/uploads\\\/2021\\\/06\\\/WD48.jpg\",\"datePublished\":\"2021-06-24T09:35:51+00:00\",\"dateModified\":\"2024-10-01T10:07:50+00:00\",\"description\":\"\u0110\u00e8n LED \u0111i\u1ec3m VL-WD48 - S\u1ef1 l\u1ef1a ch\u1ecdn ho\u00e0n h\u1ea3o cho chi\u1ebfu s\u00e1ng trang tr\u00ed d\u01b0\u1edbi n\u01b0\u1edbc, m\u00e0n h\u00ecnh d\u01b0\u1edbi n\u01b0\u1edbc, mang \u0111\u1ebfn \u00e1nh s\u00e1ng tuy\u1ec7t v\u1eddi.\",\"breadcrumb\":{\"@id\":\"https:\\\/\\\/vilight.vn\\\/website\\\/san-pham\\\/den-led-pixel\\\/den-diem-led-dot\\\/wd-series\\\/den-led-diem-vl-wd48\\\/#breadcrumb\"},\"inLanguage\":\"vi\",\"potentialAction\":[{\"@type\":\"ReadAction\",\"target\":[\"https:\\\/\\\/vilight.vn\\\/website\\\/san-pham\\\/den-led-pixel\\\/den-diem-led-dot\\\/wd-series\\\/den-led-diem-vl-wd48\\\/\"]}]},{\"@type\":\"ImageObject\",\"inLanguage\":\"vi\",\"@id\":\"https:\\\/\\\/vilight.vn\\\/website\\\/san-pham\\\/den-led-pixel\\\/den-diem-led-dot\\\/wd-series\\\/den-led-diem-vl-wd48\\\/#primaryimage\",\"url\":\"https:\\\/\\\/vilight.vn\\\/website\\\/wp-content\\\/uploads\\\/2021\\\/06\\\/WD48.jpg\",\"contentUrl\":\"https:\\\/\\\/vilight.vn\\\/website\\\/wp-content\\\/uploads\\\/2021\\\/06\\\/WD48.jpg\",\"width\":600,\"height\":600},{\"@type\":\"BreadcrumbList\",\"@id\":\"https:\\\/\\\/vilight.vn\\\/website\\\/san-pham\\\/den-led-pixel\\\/den-diem-led-dot\\\/wd-series\\\/den-led-diem-vl-wd48\\\/#breadcrumb\",\"itemListElement\":[{\"@type\":\"ListItem\",\"position\":1,\"name\":\"Home\",\"item\":\"https:\\\/\\\/vilight.vn\\\/website\\\/\"},{\"@type\":\"ListItem\",\"position\":2,\"name\":\"store\",\"item\":\"https:\\\/\\\/vilight.vn\\\/website\\\/store\\\/\"},{\"@type\":\"ListItem\",\"position\":3,\"name\":\"\u0110\u00e8n LED \u0111i\u1ec3m VL-WD48\"}]},{\"@type\":\"WebSite\",\"@id\":\"https:\\\/\\\/vilight.vn\\\/website\\\/#website\",\"url\":\"https:\\\/\\\/vilight.vn\\\/website\\\/\",\"name\":\"Vilight Co.ltd\",\"description\":\"Chi\u1ebfu s\u00e1ng m\u1ef9 thu\u1eadt, chi\u1ebfu s\u00e1ng th\u00f4ng minh, LED Pixel 3D, chi\u1ebfu s\u00e1ng trang tr\u00ed \u0111\u00f4 th\u1ecb, chi\u1ebfu s\u00e1ng v\u00f2ng xoay, chi\u1ebfu s\u00e1ng \u0111\u1ea3o giao th\u00f4ng, c\u1ed5ng ch\u00e0o \u0111\u00f4 th\u1ecb\",\"publisher\":{\"@id\":\"https:\\\/\\\/vilight.vn\\\/website\\\/#organization\"},\"potentialAction\":[{\"@type\":\"SearchAction\",\"target\":{\"@type\":\"EntryPoint\",\"urlTemplate\":\"https:\\\/\\\/vilight.vn\\\/website\\\/?s={search_term_string}\"},\"query-input\":{\"@type\":\"PropertyValueSpecification\",\"valueRequired\":true,\"valueName\":\"search_term_string\"}}],\"inLanguage\":\"vi\"},{\"@type\":\"Organization\",\"@id\":\"https:\\\/\\\/vilight.vn\\\/website\\\/#organization\",\"name\":\"Vilight\",\"url\":\"https:\\\/\\\/vilight.vn\\\/website\\\/\",\"logo\":{\"@type\":\"ImageObject\",\"inLanguage\":\"vi\",\"@id\":\"https:\\\/\\\/vilight.vn\\\/website\\\/#\\\/schema\\\/logo\\\/image\\\/\",\"url\":\"https:\\\/\\\/vilight.vn\\\/website\\\/wp-content\\\/uploads\\\/2022\\\/05\\\/chieu_sang_trang_tri_do_thi_bang_den_led_pixel.png\",\"contentUrl\":\"https:\\\/\\\/vilight.vn\\\/website\\\/wp-content\\\/uploads\\\/2022\\\/05\\\/chieu_sang_trang_tri_do_thi_bang_den_led_pixel.png\",\"width\":800,\"height\":427,\"caption\":\"Vilight\"},\"image\":{\"@id\":\"https:\\\/\\\/vilight.vn\\\/website\\\/#\\\/schema\\\/logo\\\/image\\\/\"},\"sameAs\":[\"http:\\\/\\\/facebook.com\\\/vilight.vn\",\"https:\\\/\\\/www.linkedin.com\\\/company\\\/vilight-vn\",\"https:\\\/\\\/www.youtube.com\\\/channel\\\/UCEwR2naeDcuarMX1kSv_rLQ\\\/videos\"]}]}<\/script>\n<meta property=\"product:brand\" content=\"WD Series\" \/>\n<meta property=\"product:price:currency\" content=\"VND\" \/>\n<meta property=\"og:availability\" content=\"instock\" \/>\n<meta property=\"product:availability\" content=\"instock\" \/>\n<meta property=\"product:condition\" content=\"new\" \/>\n<!-- \/ Yoast SEO Premium plugin. -->","yoast_head_json":{"title":"\u0110\u00e8n LED \u0111i\u1ec3m VL-WD48 - Vilight Co.ltd","description":"\u0110\u00e8n LED \u0111i\u1ec3m VL-WD48 - S\u1ef1 l\u1ef1a ch\u1ecdn ho\u00e0n h\u1ea3o cho chi\u1ebfu s\u00e1ng trang tr\u00ed d\u01b0\u1edbi n\u01b0\u1edbc, m\u00e0n h\u00ecnh d\u01b0\u1edbi n\u01b0\u1edbc, mang \u0111\u1ebfn \u00e1nh s\u00e1ng tuy\u1ec7t v\u1eddi.","robots":{"index":"index","follow":"follow","max-snippet":"max-snippet:-1","max-image-preview":"max-image-preview:large","max-video-preview":"max-video-preview:-1"},"canonical":"https:\/\/vilight.vn\/website\/san-pham\/den-led-pixel\/den-diem-led-dot\/wd-series\/den-led-diem-vl-wd48\/","og_locale":"vi_VN","og_type":"article","og_title":"\u0110\u00e8n LED \u0111i\u1ec3m VL-WD48","og_description":"\u0110\u00e8n LED \u0111i\u1ec3m VL-WD48 - S\u1ef1 l\u1ef1a ch\u1ecdn ho\u00e0n h\u1ea3o cho chi\u1ebfu s\u00e1ng trang tr\u00ed d\u01b0\u1edbi n\u01b0\u1edbc, m\u00e0n h\u00ecnh d\u01b0\u1edbi n\u01b0\u1edbc. V\u1edbi kh\u1ea3 n\u0103ng t\u00e1ch r\u1eddi c\u00e1c b\u1ed9 ph\u1eadn, ngu\u1ed3n c\u1ea5p \u0111i\u1ec7n xa, v\u00e0 kh\u1ea3 n\u0103ng ch\u1ed1ng ch\u1ecbu thi\u00ean nhi\u00ean, \u0111\u00e8n LED WD48 mang \u0111\u1ebfn \u00e1nh s\u00e1ng tuy\u1ec7t v\u1eddi v\u00e0 thu\u1eadn ti\u1ec7n cho c\u00f4ng t\u00e1c l\u1eafp \u0111\u1eb7t v\u00e0 b\u1ea3o tr\u00ec.","og_url":"https:\/\/vilight.vn\/website\/san-pham\/den-led-pixel\/den-diem-led-dot\/wd-series\/den-led-diem-vl-wd48\/","og_site_name":"Vilight Co.ltd","article_publisher":"http:\/\/facebook.com\/vilight.vn","article_modified_time":"2024-10-01T10:07:50+00:00","og_image":[{"width":600,"height":600,"url":"https:\/\/vilight.vn\/website\/wp-content\/uploads\/2021\/06\/WD48.jpg","type":"image\/jpeg"}],"twitter_card":"summary_large_image","twitter_misc":{"Gi\u00e1":"","Kh\u1ea3 d\u1ee5ng":"Trong kho"},"schema":{"@context":"https:\/\/schema.org","@graph":[{"@type":"WebPage","@id":"https:\/\/vilight.vn\/website\/san-pham\/den-led-pixel\/den-diem-led-dot\/wd-series\/den-led-diem-vl-wd48\/","url":"https:\/\/vilight.vn\/website\/san-pham\/den-led-pixel\/den-diem-led-dot\/wd-series\/den-led-diem-vl-wd48\/","name":"\u0110\u00e8n LED \u0111i\u1ec3m VL-WD48 - Vilight Co.ltd","isPartOf":{"@id":"https:\/\/vilight.vn\/website\/#website"},"primaryImageOfPage":{"@id":"https:\/\/vilight.vn\/website\/san-pham\/den-led-pixel\/den-diem-led-dot\/wd-series\/den-led-diem-vl-wd48\/#primaryimage"},"image":{"@id":"https:\/\/vilight.vn\/website\/san-pham\/den-led-pixel\/den-diem-led-dot\/wd-series\/den-led-diem-vl-wd48\/#primaryimage"},"thumbnailUrl":"https:\/\/vilight.vn\/website\/wp-content\/uploads\/2021\/06\/WD48.jpg","datePublished":"2021-06-24T09:35:51+00:00","dateModified":"2024-10-01T10:07:50+00:00","description":"\u0110\u00e8n LED \u0111i\u1ec3m VL-WD48 - S\u1ef1 l\u1ef1a ch\u1ecdn ho\u00e0n h\u1ea3o cho chi\u1ebfu s\u00e1ng trang tr\u00ed d\u01b0\u1edbi n\u01b0\u1edbc, m\u00e0n h\u00ecnh d\u01b0\u1edbi n\u01b0\u1edbc, mang \u0111\u1ebfn \u00e1nh s\u00e1ng tuy\u1ec7t v\u1eddi.","breadcrumb":{"@id":"https:\/\/vilight.vn\/website\/san-pham\/den-led-pixel\/den-diem-led-dot\/wd-series\/den-led-diem-vl-wd48\/#breadcrumb"},"inLanguage":"vi","potentialAction":[{"@type":"ReadAction","target":["https:\/\/vilight.vn\/website\/san-pham\/den-led-pixel\/den-diem-led-dot\/wd-series\/den-led-diem-vl-wd48\/"]}]},{"@type":"ImageObject","inLanguage":"vi","@id":"https:\/\/vilight.vn\/website\/san-pham\/den-led-pixel\/den-diem-led-dot\/wd-series\/den-led-diem-vl-wd48\/#primaryimage","url":"https:\/\/vilight.vn\/website\/wp-content\/uploads\/2021\/06\/WD48.jpg","contentUrl":"https:\/\/vilight.vn\/website\/wp-content\/uploads\/2021\/06\/WD48.jpg","width":600,"height":600},{"@type":"BreadcrumbList","@id":"https:\/\/vilight.vn\/website\/san-pham\/den-led-pixel\/den-diem-led-dot\/wd-series\/den-led-diem-vl-wd48\/#breadcrumb","itemListElement":[{"@type":"ListItem","position":1,"name":"Home","item":"https:\/\/vilight.vn\/website\/"},{"@type":"ListItem","position":2,"name":"store","item":"https:\/\/vilight.vn\/website\/store\/"},{"@type":"ListItem","position":3,"name":"\u0110\u00e8n LED \u0111i\u1ec3m VL-WD48"}]},{"@type":"WebSite","@id":"https:\/\/vilight.vn\/website\/#website","url":"https:\/\/vilight.vn\/website\/","name":"Vilight Co.ltd","description":"Chi\u1ebfu s\u00e1ng m\u1ef9 thu\u1eadt, chi\u1ebfu s\u00e1ng th\u00f4ng minh, LED Pixel 3D, chi\u1ebfu s\u00e1ng trang tr\u00ed \u0111\u00f4 th\u1ecb, chi\u1ebfu s\u00e1ng v\u00f2ng xoay, chi\u1ebfu s\u00e1ng \u0111\u1ea3o giao th\u00f4ng, c\u1ed5ng ch\u00e0o \u0111\u00f4 th\u1ecb","publisher":{"@id":"https:\/\/vilight.vn\/website\/#organization"},"potentialAction":[{"@type":"SearchAction","target":{"@type":"EntryPoint","urlTemplate":"https:\/\/vilight.vn\/website\/?s={search_term_string}"},"query-input":{"@type":"PropertyValueSpecification","valueRequired":true,"valueName":"search_term_string"}}],"inLanguage":"vi"},{"@type":"Organization","@id":"https:\/\/vilight.vn\/website\/#organization","name":"Vilight","url":"https:\/\/vilight.vn\/website\/","logo":{"@type":"ImageObject","inLanguage":"vi","@id":"https:\/\/vilight.vn\/website\/#\/schema\/logo\/image\/","url":"https:\/\/vilight.vn\/website\/wp-content\/uploads\/2022\/05\/chieu_sang_trang_tri_do_thi_bang_den_led_pixel.png","contentUrl":"https:\/\/vilight.vn\/website\/wp-content\/uploads\/2022\/05\/chieu_sang_trang_tri_do_thi_bang_den_led_pixel.png","width":800,"height":427,"caption":"Vilight"},"image":{"@id":"https:\/\/vilight.vn\/website\/#\/schema\/logo\/image\/"},"sameAs":["http:\/\/facebook.com\/vilight.vn","https:\/\/www.linkedin.com\/company\/vilight-vn","https:\/\/www.youtube.com\/channel\/UCEwR2naeDcuarMX1kSv_rLQ\/videos"]}]},"product_brand":"WD Series","product_price_currency":"VND","og_availability":"instock","product_availability":"instock","product_condition":"new"},"_links":{"self":[{"href":"https:\/\/vilight.vn\/website\/wp-json\/wp\/v2\/product\/1125","targetHints":{"allow":["GET"]}}],"collection":[{"href":"https:\/\/vilight.vn\/website\/wp-json\/wp\/v2\/product"}],"about":[{"href":"https:\/\/vilight.vn\/website\/wp-json\/wp\/v2\/types\/product"}],"wp:featuredmedia":[{"embeddable":true,"href":"https:\/\/vilight.vn\/website\/wp-json\/wp\/v2\/media\/1270"}],"wp:attachment":[{"href":"https:\/\/vilight.vn\/website\/wp-json\/wp\/v2\/media?parent=1125"}],"wp:term":[{"taxonomy":"product_brand","embeddable":true,"href":"https:\/\/vilight.vn\/website\/wp-json\/wp\/v2\/product_brand?post=1125"},{"taxonomy":"product_cat","embeddable":true,"href":"https:\/\/vilight.vn\/website\/wp-json\/wp\/v2\/product_cat?post=1125"},{"taxonomy":"product_tag","embeddable":true,"href":"https:\/\/vilight.vn\/website\/wp-json\/wp\/v2\/product_tag?post=1125"}],"curies":[{"name":"wp","href":"https:\/\/api.w.org\/{rel}","templated":true}]}}