{"id":1134,"date":"2021-06-24T17:14:47","date_gmt":"2021-06-24T10:14:47","guid":{"rendered":"https:\/\/vilight.vn\/website\/?post_type=product&#038;p=1134"},"modified":"2024-10-01T17:09:15","modified_gmt":"2024-10-01T10:09:15","slug":"den-led-diem-vl-wd60","status":"publish","type":"product","link":"https:\/\/vilight.vn\/website\/san-pham\/den-led-pixel\/den-diem-led-dot\/wd-series\/den-led-diem-vl-wd60\/","title":{"rendered":"\u0110\u00e8n LED \u0111i\u1ec3m VL-WD60"},"content":{"rendered":"<h2 style=\"text-align: justify;\"><span style=\"font-size: 18pt;\">\u0110\u00e8n LED \u0111i\u1ec3m VL-WD60: S\u1ea3n ph\u1ea9m ti\u00ean phong v\u1edbi nhi\u1ec1u t\u00ednh n\u0103ng \u0111\u1eb7c bi\u1ec7t<\/span><\/h2>\n<p style=\"text-align: justify;\"><span style=\"font-size: 14pt;\">\u0110\u00e8n LED Pixel WD60 l\u00e0 m\u1ed9t s\u1ea3n ph\u1ea9m \u0111\u00e8n LED \u0111i\u1ec3m \u0111\u1eb7c bi\u1ec7t, \u0111\u01b0\u1ee3c thi\u1ebft k\u1ebf v\u1edbi kh\u1ea3 n\u0103ng t\u00e1ch r\u1eddi c\u00e1c b\u1ed9 ph\u1eadn nh\u01b0 \u0111\u1ebf \u0111\u00e8n, ph\u1ea7n \u0111i\u1ec1u khi\u1ec3n v\u00e0 m\u1eb7t \u0111\u00e8n LED, t\u1ea1o \u0111i\u1ec1u ki\u1ec7n thu\u1eadn l\u1ee3i v\u00e0 \u0111\u01a1n gi\u1ea3n cho c\u00f4ng t\u00e1c l\u1eafp \u0111\u1eb7t v\u00e0 b\u1ea3o tr\u00ec. \u0110\u00e8n n\u00e0y \u0111\u01b0\u1ee3c \u1ee9ng d\u1ee5ng ch\u1ee7 y\u1ebfu trong c\u00f4ng tr\u00ecnh chi\u1ebfu s\u00e1ng m\u1eb7t d\u1ef1ng ngo\u00e0i tr\u1eddi.<\/span><\/p>\n<p style=\"text-align: justify;\"><span style=\"font-size: 14pt;\">M\u1ed9t trong nh\u1eefng \u01b0u \u0111i\u1ec3m n\u1ed5i b\u1eadt c\u1ee7a \u0111\u00e8n LED Pixel WD60 \u0111\u00f3 l\u00e0 kh\u1ea3 n\u0103ng ho\u1ea1t \u0111\u1ed9ng \u1ed5n \u0111\u1ecbnh trong \u0111i\u1ec1u ki\u1ec7n s\u1ee5t \u00e1p th\u1ea5p. V\u1edbi ngu\u1ed3n \u0111i\u1ec7n cung c\u1ea5p DC, \u0111\u00e8n c\u00f3 th\u1ec3 ho\u1ea1t \u0111\u1ed9ng \u1edf kho\u1ea3ng c\u00e1ch xa m\u00e0 v\u1eabn \u0111\u1ea3m b\u1ea3o hi\u1ec7u su\u1ea5t chi\u1ebfu s\u00e1ng t\u1ed1t.<\/span><\/p>\n<p style=\"text-align: justify;\"><span style=\"font-size: 14pt;\">S\u1ea3n ph\u1ea9m \u0111\u01b0\u1ee3c trang b\u1ecb c\u00e1p li\u1ec1n c\u00f3 ti\u1ebft di\u1ec7n 1.2 mm2 \u0111\u01b0\u1ee3c l\u00e0m t\u1eeb \u0111\u1ed3ng, kh\u00f4ng c\u00f3 n\u1ed1i n\u00ean t\u1ed5n hao tr\u00ean \u0111\u01b0\u1eddng truy\u1ec1n th\u1ea5p, cho ph\u00e9p ngu\u1ed3n cung c\u1ea5p \u0111i\u1ec7n c\u00f3 th\u1ec3 \u0111\u01b0\u1ee3c k\u00e9o d\u00e0i \u0111\u1ebfn kho\u1ea3ng c\u00e1ch xa. \u0110i\u1ec1u n\u00e0y mang l\u1ea1i ti\u1ec7n \u00edch l\u1edbn cho vi\u1ec7c l\u1eafp \u0111\u1eb7t v\u00e0 s\u1eed d\u1ee5ng \u0111\u00e8n trong c\u00e1c c\u00f4ng tr\u00ecnh c\u00f3 k\u00edch th\u01b0\u1edbc l\u1edbn.<\/span><\/p>\n<p style=\"text-align: justify;\"><span style=\"font-size: 14pt;\">V\u1edbi kh\u1ea3 n\u0103ng t\u00e1ch r\u1eddi gi\u1eefa m\u1eb7t \u0111\u00e8n v\u00e0 ph\u1ea7n \u0111i\u1ec1u khi\u1ec3n, vi\u1ec7c b\u1ea3o tr\u00ec \u0111\u00e8n tr\u1edf n\u00ean thu\u1eadn ti\u1ec7n h\u01a1n bao gi\u1edd h\u1ebft. Ng\u01b0\u1eddi d\u00f9ng c\u00f3 th\u1ec3 d\u1ec5 d\u00e0ng th\u00e1o r\u1eddi ph\u1ea7n \u0111i\u1ec1u khi\u1ec3n \u0111\u1ec3 ki\u1ec3m tra v\u00e0 s\u1eeda ch\u1eefa khi c\u1ea7n thi\u1ebft m\u00e0 kh\u00f4ng \u1ea3nh h\u01b0\u1edfng \u0111\u1ebfn m\u1eb7t \u0111\u00e8n.<\/span><\/p>\n<p style=\"text-align: justify;\"><span style=\"font-size: 14pt;\">\u0110\u00e8n LED Pixel WD60 c\u00f3 kh\u1ea3 n\u0103ng ch\u1ed1ng ch\u1ecbu t\u1ed1t v\u1edbi c\u00e1c y\u1ebfu t\u1ed1 thi\u00ean nhi\u00ean v\u00e0 ph\u00f9 h\u1ee3p s\u1eed d\u1ee5ng c\u1ea3 ngo\u00e0i tr\u1eddi v\u00e0 d\u01b0\u1edbi n\u01b0\u1edbc. V\u1edbi m\u1ee9c \u0111\u1ed9 ch\u1ed1ng n\u01b0\u1edbc IP67, \u0111\u00e8n c\u00f3 kh\u1ea3 n\u0103ng ch\u1ecbu n\u01b0\u1edbc v\u00e0 b\u1ee5i b\u1ea9n m\u1ed9t c\u00e1ch hi\u1ec7u qu\u1ea3, \u0111\u1ea3m b\u1ea3o tu\u1ed5i th\u1ecd v\u00e0 hi\u1ec7u su\u1ea5t ho\u1ea1t \u0111\u1ed9ng l\u00e2u d\u00e0i.<\/span><\/p>\n<p style=\"text-align: justify;\"><span style=\"font-size: 14pt;\">S\u1ea3n ph\u1ea9m s\u1eed d\u1ee5ng chip LED t\u1eeb c\u00e1c th\u01b0\u01a1ng hi\u1ec7u n\u1ed5i ti\u1ebfng nh\u01b0 CREE, Epistar v\u00e0 Osram, \u0111\u1ea3m b\u1ea3o ch\u1ea5t l\u01b0\u1ee3ng \u00e1nh s\u00e1ng t\u1ed1t v\u00e0 \u0111\u1ed9 s\u00e1ng cao. V\u1edbi gray level 256\/65536, \u0111\u00e8n c\u00f3 kh\u1ea3 n\u0103ng t\u00e1i t\u1ea1o m\u00e0u s\u1eafc ch\u00e2n th\u1ef1c v\u00e0 s\u1ed1ng \u0111\u1ed9ng.<\/span><\/p>\n<p style=\"text-align: justify;\"><span style=\"font-size: 14pt;\">G\u00f3c chi\u1ebfu r\u1ed9ng 120\u00b0 gi\u00fap \u0111\u00e8n ph\u00e1t ra \u00e1nh s\u00e1ng r\u1ed9ng v\u00e0 \u0111\u1ed3ng \u0111\u1ec1u, t\u1ea1o hi\u1ec7u \u1ee9ng chi\u1ebfu s\u00e1ng t\u1ed1t tr\u00ean b\u1ec1 m\u1eb7t m\u00e0 \u0111\u00e8n \u0111\u01b0\u1ee3c g\u1eafn l\u00ean.<\/span><\/p>\n<p style=\"text-align: justify;\"><span style=\"font-size: 14pt;\">Lo\u1ea1i LED c\u1ee7a \u0111\u00e8n LED Pixel WD60 bao g\u1ed3m 2835 White, 3535 RGB, R\/G\/B\/Y, cho ph\u00e9p ng\u01b0\u1eddi d\u00f9ng l\u1ef1a ch\u1ecdn theo nhu c\u1ea7u v\u00e0 mong mu\u1ed1n c\u00e1 nh\u00e2n.<\/span><\/p>\n<p style=\"text-align: justify;\"><span style=\"font-size: 14pt;\">V\u1edbi nhi\u1ec7t \u0111\u1ed9 ho\u1ea1t \u0111\u1ed9ng trong kho\u1ea3ng -20 \u0111\u1ed9 C \u0111\u1ebfn 60 \u0111\u1ed9 C, \u0111\u00e8n c\u00f3 kh\u1ea3 n\u0103ng ho\u1ea1t \u0111\u1ed9ng \u1ed5n \u0111\u1ecbnh trong c\u00e1c \u0111i\u1ec1u ki\u1ec7n kh\u00ed h\u1eadu kh\u1eafc nghi\u1ec7t.<\/span><\/p>\n<p style=\"text-align: justify;\"><span style=\"font-size: 14pt;\">S\u1ea3n ph\u1ea9m ho\u1ea1t \u0111\u1ed9ng v\u1edbi \u0111i\u1ec7n \u00e1p 24VDC v\u00e0 ti\u00eau th\u1ee5 c\u00f4ng su\u1ea5t ch\u1ec9 1.4W, gi\u00fap ti\u1ebft ki\u1ec7m n\u0103ng l\u01b0\u1ee3ng v\u00e0 ti\u1ec1n \u0111i\u1ec7n.<\/span><\/p>\n<p style=\"text-align: justify;\"><span style=\"font-size: 14pt;\">\u0110\u00e8n LED Pixel WD60 h\u1ed7 tr\u1ee3 c\u00e1c chu\u1ea9n \u0111i\u1ec1u khi\u1ec3n nh\u01b0 DMX, TTL v\u00e0 ON-OFF, t\u1ea1o s\u1ef1 linh ho\u1ea1t trong vi\u1ec7c \u0111i\u1ec1u ch\u1ec9nh \u00e1nh s\u00e1ng v\u00e0 t\u1ea1o hi\u1ec7u \u1ee9ng \u0111a d\u1ea1ng.<\/span><\/p>\n<p style=\"text-align: justify;\"><span style=\"font-size: 14pt;\">V\u1edbi tu\u1ed5i th\u1ecd l\u00ean \u0111\u1ebfn 50.000 gi\u1edd, \u0111\u00e8n LED Pixel WD60 mang \u0111\u1ebfn \u0111\u1ed9 b\u1ec1n cao v\u00e0 tu\u1ed5i th\u1ecd d\u00e0i, gi\u1ea3m thi\u1ec3u chi ph\u00ed b\u1ea3o tr\u00ec v\u00e0 thay th\u1ebf.<\/span><\/p>\n<p style=\"text-align: justify;\"><span style=\"font-size: 14pt;\">S\u1ea3n ph\u1ea9m \u0111\u1ea1t c\u1ea5p ch\u1ed1ng ch\u00e1y 94-V0, \u0111\u1ea3m b\u1ea3o an to\u00e0n trong vi\u1ec7c s\u1eed d\u1ee5ng v\u00e0 tr\u00e1nh nguy c\u01a1 ch\u00e1y n\u1ed5.<\/span><\/p>\n<p style=\"text-align: justify;\"><span style=\"font-size: 14pt;\">\u0110\u00e8n LED Pixel WD60 c\u0169ng \u0111\u1ea1t c\u1ea5p c\u00e1ch \u0111i\u1ec7n III, \u0111\u1ea3m b\u1ea3o s\u1ef1 an to\u00e0n tuy\u1ec7t \u0111\u1ed1i khi s\u1eed d\u1ee5ng.<\/span><\/p>\n<p style=\"text-align: justify;\"><span style=\"font-size: 14pt;\">V\u1edbi nh\u1eefng t\u00ednh n\u0103ng \u0111\u1eb7c bi\u1ec7t v\u00e0 \u01b0u \u0111i\u1ec3m n\u1ed5i b\u1eadt, \u0111\u00e8n LED Pixel WD60 l\u00e0 m\u1ed9t s\u1ef1 l\u1ef1a ch\u1ecdn tuy\u1ec7t v\u1eddi cho vi\u1ec7c chi\u1ebfu s\u00e1ng m\u1eb7t d\u1ef1ng ngo\u00e0i tr\u1eddi v\u00e0 d\u01b0\u1edbi n\u01b0\u1edbc. S\u1ea3n ph\u1ea9m mang \u0111\u1ebfn hi\u1ec7u su\u1ea5t \u00e1nh s\u00e1ng cao, ti\u1ebft ki\u1ec7m n\u0103ng l\u01b0\u1ee3ng v\u00e0 tu\u1ed5i th\u1ecd d\u00e0i, \u0111\u1ed3ng th\u1eddi \u0111\u1ea3m b\u1ea3o t\u00ednh th\u1ea9m m\u1ef9 v\u00e0 \u0111\u1ed9 b\u1ec1n cao trong m\u00f4i tr\u01b0\u1eddng kh\u1eafc nghi\u1ec7t.<\/span><\/p>\n<p style=\"text-align: justify;\"><span style=\"font-size: 14pt;\"><img decoding=\"async\" class=\"aligncenter wp-image-1136 size-full lazyload\" data-src=\"https:\/\/vilight.vn\/website\/wp-content\/uploads\/2021\/06\/WD-60.jpg\" alt=\"\u0110\u00e8n led \u0111i\u1ec3m VL-WD60\" width=\"1200\" height=\"823\" data-srcset=\"https:\/\/vilight.vn\/website\/wp-content\/uploads\/2021\/06\/WD-60.jpg 1200w, https:\/\/vilight.vn\/website\/wp-content\/uploads\/2021\/06\/WD-60-800x549.jpg 800w, https:\/\/vilight.vn\/website\/wp-content\/uploads\/2021\/06\/WD-60-300x206.jpg 300w, https:\/\/vilight.vn\/website\/wp-content\/uploads\/2021\/06\/WD-60-1024x702.jpg 1024w, https:\/\/vilight.vn\/website\/wp-content\/uploads\/2021\/06\/WD-60-768x527.jpg 768w, https:\/\/vilight.vn\/website\/wp-content\/uploads\/2021\/06\/WD-60-16x12.jpg 16w, https:\/\/vilight.vn\/website\/wp-content\/uploads\/2021\/06\/WD-60-213x146.jpg 213w, https:\/\/vilight.vn\/website\/wp-content\/uploads\/2021\/06\/WD-60-50x34.jpg 50w, https:\/\/vilight.vn\/website\/wp-content\/uploads\/2021\/06\/WD-60-109x75.jpg 109w, https:\/\/vilight.vn\/website\/wp-content\/uploads\/2021\/06\/WD-60-600x412.jpg 600w, https:\/\/vilight.vn\/website\/wp-content\/uploads\/2021\/06\/WD-60-64x44.jpg 64w\" data-sizes=\"(max-width:767px) 480px, (max-width:1200px) 100vw, 1200px\" src=\"data:image\/svg+xml;base64,PHN2ZyB3aWR0aD0iMSIgaGVpZ2h0PSIxIiB4bWxucz0iaHR0cDovL3d3dy53My5vcmcvMjAwMC9zdmciPjwvc3ZnPg==\" style=\"--smush-placeholder-width: 1200px; --smush-placeholder-aspect-ratio: 1200\/823;\" \/><\/span><\/p>\n<p>&nbsp;<\/p>\n","protected":false},"excerpt":{"rendered":"<p style=\"text-align: justify;\"><span style=\"font-size: 14pt;\">\u0110\u00e8n LED \u0111i\u1ec3m VL-WD60 &#8211; S\u1ef1 l\u1ef1a ch\u1ecdn ho\u00e0n h\u1ea3o cho chi\u1ebfu s\u00e1ng trang tr\u00ed d\u01b0\u1edbi n\u01b0\u1edbc, m\u00e0n h\u00ecnh d\u01b0\u1edbi n\u01b0\u1edbc. T\u00e1ch r\u1eddi c\u00e1c b\u1ed9 ph\u1eadn, l\u1eafp \u0111\u1eb7t d\u1ec5 d\u00e0ng. Chip LED ch\u1ea5t l\u01b0\u1ee3ng cao, g\u00f3c chi\u1ebfu r\u1ed9ng 120\u00b0. Ch\u1ed1ng n\u01b0\u1edbc IP67, tu\u1ed5i th\u1ecd l\u00ean \u0111\u1ebfn 50.000 gi\u1edd. Ti\u1ebft ki\u1ec7m n\u0103ng l\u01b0\u1ee3ng, c\u00f4ng su\u1ea5t 2.4W\/3W. \u0110i\u1ec1u khi\u1ec3n DMX, TTL, B\u1eadt-T\u1eaft.<\/span><\/p>\n","protected":false},"featured_media":1269,"template":"","meta":[],"product_brand":[],"product_cat":[78,77,106],"product_tag":[],"class_list":{"0":"post-1134","1":"product","2":"type-product","3":"status-publish","4":"has-post-thumbnail","6":"product_cat-den-diem-led-dot","7":"product_cat-den-led-pixel","8":"product_cat-wd-series","9":"pa_chip-led-cree","10":"pa_chip-led-epistar","11":"pa_chip-led-oram","12":"pa_chuan-dieu-khien-dmx","13":"pa_chuan-dieu-khien-on-off","14":"pa_chuan-dieu-khien-ttl","15":"pa_cong-suat-1-4w","16":"pa_dien-ap-hoat-dong-24vdc","17":"pa_do-kin-ip67","18":"pa_goc-chieu-120-do","19":"pa_gray-level-256-65536","20":"pa_loai-led-2835-white","21":"pa_loai-led-3535-rgb","22":"pa_loai-led-r-g-b-y","24":"first","25":"instock","26":"taxable","27":"shipping-taxable","28":"product-type-simple"},"yoast_head":"<!-- This site is optimized with the Yoast SEO Premium plugin v27.5 (Yoast SEO v27.5) - https:\/\/yoast.com\/product\/yoast-seo-premium-wordpress\/ -->\n<title>\u0110\u00e8n LED \u0111i\u1ec3m VL-WD60 - Vilight Co.ltd<\/title>\n<meta name=\"description\" content=\"\u0110\u00e8n LED \u0111i\u1ec3m VL-WD60 - S\u1ef1 l\u1ef1a ch\u1ecdn ho\u00e0n h\u1ea3o cho chi\u1ebfu s\u00e1ng trang tr\u00ed d\u01b0\u1edbi n\u01b0\u1edbc nh\u01b0 \u0111\u00e0i phu n\u01b0\u1edbc, th\u00e1c n\u01b0\u1edbc, h\u1ed3 b\u01a1i, m\u00e0n h\u00ecnh d\u01b0\u1edbi n\u01b0\u1edbc...\" \/>\n<meta name=\"robots\" content=\"index, follow, max-snippet:-1, max-image-preview:large, max-video-preview:-1\" \/>\n<link rel=\"canonical\" href=\"https:\/\/vilight.vn\/website\/san-pham\/den-led-pixel\/den-diem-led-dot\/wd-series\/den-led-diem-vl-wd60\/\" \/>\n<meta property=\"og:locale\" content=\"vi_VN\" \/>\n<meta property=\"og:type\" content=\"article\" \/>\n<meta property=\"og:title\" content=\"\u0110\u00e8n LED \u0111i\u1ec3m VL-WD60\" \/>\n<meta property=\"og:description\" content=\"\u0110\u00e8n LED \u0111i\u1ec3m VL-WD60 - S\u1ef1 l\u1ef1a ch\u1ecdn ho\u00e0n h\u1ea3o cho chi\u1ebfu s\u00e1ng trang tr\u00ed d\u01b0\u1edbi n\u01b0\u1edbc, m\u00e0n h\u00ecnh d\u01b0\u1edbi n\u01b0\u1edbc. T\u00e1ch r\u1eddi c\u00e1c b\u1ed9 ph\u1eadn, l\u1eafp \u0111\u1eb7t d\u1ec5 d\u00e0ng. Chip LED ch\u1ea5t l\u01b0\u1ee3ng cao, g\u00f3c chi\u1ebfu r\u1ed9ng 120\u00b0. Ch\u1ed1ng n\u01b0\u1edbc IP67, tu\u1ed5i th\u1ecd l\u00ean \u0111\u1ebfn 50.000 gi\u1edd. Ti\u1ebft ki\u1ec7m n\u0103ng l\u01b0\u1ee3ng, c\u00f4ng su\u1ea5t 2.4W\/3W. \u0110i\u1ec1u khi\u1ec3n DMX, TTL, B\u1eadt-T\u1eaft.\" \/>\n<meta property=\"og:url\" content=\"https:\/\/vilight.vn\/website\/san-pham\/den-led-pixel\/den-diem-led-dot\/wd-series\/den-led-diem-vl-wd60\/\" \/>\n<meta property=\"og:site_name\" content=\"Vilight Co.ltd\" \/>\n<meta property=\"article:publisher\" content=\"http:\/\/facebook.com\/vilight.vn\" \/>\n<meta property=\"article:modified_time\" content=\"2024-10-01T10:09:15+00:00\" \/>\n<meta property=\"og:image\" content=\"https:\/\/vilight.vn\/website\/wp-content\/uploads\/2021\/06\/WD60.jpg\" \/>\n\t<meta property=\"og:image:width\" content=\"600\" \/>\n\t<meta property=\"og:image:height\" content=\"600\" \/>\n\t<meta property=\"og:image:type\" content=\"image\/jpeg\" \/>\n<meta name=\"twitter:card\" content=\"summary_large_image\" \/>\n<meta name=\"twitter:label1\" content=\"Gi\u00e1\" \/>\n\t<meta name=\"twitter:data1\" content=\"\" \/>\n\t<meta name=\"twitter:label2\" content=\"Kh\u1ea3 d\u1ee5ng\" \/>\n\t<meta name=\"twitter:data2\" content=\"Trong kho\" \/>\n<script type=\"application\/ld+json\" class=\"yoast-schema-graph\">{\"@context\":\"https:\\\/\\\/schema.org\",\"@graph\":[{\"@type\":\"WebPage\",\"@id\":\"https:\\\/\\\/vilight.vn\\\/website\\\/san-pham\\\/den-led-pixel\\\/den-diem-led-dot\\\/wd-series\\\/den-led-diem-vl-wd60\\\/\",\"url\":\"https:\\\/\\\/vilight.vn\\\/website\\\/san-pham\\\/den-led-pixel\\\/den-diem-led-dot\\\/wd-series\\\/den-led-diem-vl-wd60\\\/\",\"name\":\"\u0110\u00e8n LED \u0111i\u1ec3m VL-WD60 - Vilight Co.ltd\",\"isPartOf\":{\"@id\":\"https:\\\/\\\/vilight.vn\\\/website\\\/#website\"},\"primaryImageOfPage\":{\"@id\":\"https:\\\/\\\/vilight.vn\\\/website\\\/san-pham\\\/den-led-pixel\\\/den-diem-led-dot\\\/wd-series\\\/den-led-diem-vl-wd60\\\/#primaryimage\"},\"image\":{\"@id\":\"https:\\\/\\\/vilight.vn\\\/website\\\/san-pham\\\/den-led-pixel\\\/den-diem-led-dot\\\/wd-series\\\/den-led-diem-vl-wd60\\\/#primaryimage\"},\"thumbnailUrl\":\"https:\\\/\\\/vilight.vn\\\/website\\\/wp-content\\\/uploads\\\/2021\\\/06\\\/WD60.jpg\",\"datePublished\":\"2021-06-24T10:14:47+00:00\",\"dateModified\":\"2024-10-01T10:09:15+00:00\",\"description\":\"\u0110\u00e8n LED \u0111i\u1ec3m VL-WD60 - S\u1ef1 l\u1ef1a ch\u1ecdn ho\u00e0n h\u1ea3o cho chi\u1ebfu s\u00e1ng trang tr\u00ed d\u01b0\u1edbi n\u01b0\u1edbc nh\u01b0 \u0111\u00e0i phu n\u01b0\u1edbc, th\u00e1c n\u01b0\u1edbc, h\u1ed3 b\u01a1i, m\u00e0n h\u00ecnh d\u01b0\u1edbi n\u01b0\u1edbc...\",\"breadcrumb\":{\"@id\":\"https:\\\/\\\/vilight.vn\\\/website\\\/san-pham\\\/den-led-pixel\\\/den-diem-led-dot\\\/wd-series\\\/den-led-diem-vl-wd60\\\/#breadcrumb\"},\"inLanguage\":\"vi\",\"potentialAction\":[{\"@type\":\"ReadAction\",\"target\":[\"https:\\\/\\\/vilight.vn\\\/website\\\/san-pham\\\/den-led-pixel\\\/den-diem-led-dot\\\/wd-series\\\/den-led-diem-vl-wd60\\\/\"]}]},{\"@type\":\"ImageObject\",\"inLanguage\":\"vi\",\"@id\":\"https:\\\/\\\/vilight.vn\\\/website\\\/san-pham\\\/den-led-pixel\\\/den-diem-led-dot\\\/wd-series\\\/den-led-diem-vl-wd60\\\/#primaryimage\",\"url\":\"https:\\\/\\\/vilight.vn\\\/website\\\/wp-content\\\/uploads\\\/2021\\\/06\\\/WD60.jpg\",\"contentUrl\":\"https:\\\/\\\/vilight.vn\\\/website\\\/wp-content\\\/uploads\\\/2021\\\/06\\\/WD60.jpg\",\"width\":600,\"height\":600},{\"@type\":\"BreadcrumbList\",\"@id\":\"https:\\\/\\\/vilight.vn\\\/website\\\/san-pham\\\/den-led-pixel\\\/den-diem-led-dot\\\/wd-series\\\/den-led-diem-vl-wd60\\\/#breadcrumb\",\"itemListElement\":[{\"@type\":\"ListItem\",\"position\":1,\"name\":\"Home\",\"item\":\"https:\\\/\\\/vilight.vn\\\/website\\\/\"},{\"@type\":\"ListItem\",\"position\":2,\"name\":\"store\",\"item\":\"https:\\\/\\\/vilight.vn\\\/website\\\/store\\\/\"},{\"@type\":\"ListItem\",\"position\":3,\"name\":\"\u0110\u00e8n LED \u0111i\u1ec3m VL-WD60\"}]},{\"@type\":\"WebSite\",\"@id\":\"https:\\\/\\\/vilight.vn\\\/website\\\/#website\",\"url\":\"https:\\\/\\\/vilight.vn\\\/website\\\/\",\"name\":\"Vilight Co.ltd\",\"description\":\"Chi\u1ebfu s\u00e1ng m\u1ef9 thu\u1eadt, chi\u1ebfu s\u00e1ng th\u00f4ng minh, LED Pixel 3D, chi\u1ebfu s\u00e1ng trang tr\u00ed \u0111\u00f4 th\u1ecb, chi\u1ebfu s\u00e1ng v\u00f2ng xoay, chi\u1ebfu s\u00e1ng \u0111\u1ea3o giao th\u00f4ng, c\u1ed5ng ch\u00e0o \u0111\u00f4 th\u1ecb\",\"publisher\":{\"@id\":\"https:\\\/\\\/vilight.vn\\\/website\\\/#organization\"},\"potentialAction\":[{\"@type\":\"SearchAction\",\"target\":{\"@type\":\"EntryPoint\",\"urlTemplate\":\"https:\\\/\\\/vilight.vn\\\/website\\\/?s={search_term_string}\"},\"query-input\":{\"@type\":\"PropertyValueSpecification\",\"valueRequired\":true,\"valueName\":\"search_term_string\"}}],\"inLanguage\":\"vi\"},{\"@type\":\"Organization\",\"@id\":\"https:\\\/\\\/vilight.vn\\\/website\\\/#organization\",\"name\":\"Vilight\",\"url\":\"https:\\\/\\\/vilight.vn\\\/website\\\/\",\"logo\":{\"@type\":\"ImageObject\",\"inLanguage\":\"vi\",\"@id\":\"https:\\\/\\\/vilight.vn\\\/website\\\/#\\\/schema\\\/logo\\\/image\\\/\",\"url\":\"https:\\\/\\\/vilight.vn\\\/website\\\/wp-content\\\/uploads\\\/2022\\\/05\\\/chieu_sang_trang_tri_do_thi_bang_den_led_pixel.png\",\"contentUrl\":\"https:\\\/\\\/vilight.vn\\\/website\\\/wp-content\\\/uploads\\\/2022\\\/05\\\/chieu_sang_trang_tri_do_thi_bang_den_led_pixel.png\",\"width\":800,\"height\":427,\"caption\":\"Vilight\"},\"image\":{\"@id\":\"https:\\\/\\\/vilight.vn\\\/website\\\/#\\\/schema\\\/logo\\\/image\\\/\"},\"sameAs\":[\"http:\\\/\\\/facebook.com\\\/vilight.vn\",\"https:\\\/\\\/www.linkedin.com\\\/company\\\/vilight-vn\",\"https:\\\/\\\/www.youtube.com\\\/channel\\\/UCEwR2naeDcuarMX1kSv_rLQ\\\/videos\"]}]}<\/script>\n<meta property=\"product:brand\" content=\"WD Series\" \/>\n<meta property=\"product:price:currency\" content=\"VND\" \/>\n<meta property=\"og:availability\" content=\"instock\" \/>\n<meta property=\"product:availability\" content=\"instock\" \/>\n<meta property=\"product:condition\" content=\"new\" \/>\n<!-- \/ Yoast SEO Premium plugin. -->","yoast_head_json":{"title":"\u0110\u00e8n LED \u0111i\u1ec3m VL-WD60 - Vilight Co.ltd","description":"\u0110\u00e8n LED \u0111i\u1ec3m VL-WD60 - S\u1ef1 l\u1ef1a ch\u1ecdn ho\u00e0n h\u1ea3o cho chi\u1ebfu s\u00e1ng trang tr\u00ed d\u01b0\u1edbi n\u01b0\u1edbc nh\u01b0 \u0111\u00e0i phu n\u01b0\u1edbc, th\u00e1c n\u01b0\u1edbc, h\u1ed3 b\u01a1i, m\u00e0n h\u00ecnh d\u01b0\u1edbi n\u01b0\u1edbc...","robots":{"index":"index","follow":"follow","max-snippet":"max-snippet:-1","max-image-preview":"max-image-preview:large","max-video-preview":"max-video-preview:-1"},"canonical":"https:\/\/vilight.vn\/website\/san-pham\/den-led-pixel\/den-diem-led-dot\/wd-series\/den-led-diem-vl-wd60\/","og_locale":"vi_VN","og_type":"article","og_title":"\u0110\u00e8n LED \u0111i\u1ec3m VL-WD60","og_description":"\u0110\u00e8n LED \u0111i\u1ec3m VL-WD60 - S\u1ef1 l\u1ef1a ch\u1ecdn ho\u00e0n h\u1ea3o cho chi\u1ebfu s\u00e1ng trang tr\u00ed d\u01b0\u1edbi n\u01b0\u1edbc, m\u00e0n h\u00ecnh d\u01b0\u1edbi n\u01b0\u1edbc. T\u00e1ch r\u1eddi c\u00e1c b\u1ed9 ph\u1eadn, l\u1eafp \u0111\u1eb7t d\u1ec5 d\u00e0ng. Chip LED ch\u1ea5t l\u01b0\u1ee3ng cao, g\u00f3c chi\u1ebfu r\u1ed9ng 120\u00b0. Ch\u1ed1ng n\u01b0\u1edbc IP67, tu\u1ed5i th\u1ecd l\u00ean \u0111\u1ebfn 50.000 gi\u1edd. Ti\u1ebft ki\u1ec7m n\u0103ng l\u01b0\u1ee3ng, c\u00f4ng su\u1ea5t 2.4W\/3W. \u0110i\u1ec1u khi\u1ec3n DMX, TTL, B\u1eadt-T\u1eaft.","og_url":"https:\/\/vilight.vn\/website\/san-pham\/den-led-pixel\/den-diem-led-dot\/wd-series\/den-led-diem-vl-wd60\/","og_site_name":"Vilight Co.ltd","article_publisher":"http:\/\/facebook.com\/vilight.vn","article_modified_time":"2024-10-01T10:09:15+00:00","og_image":[{"width":600,"height":600,"url":"https:\/\/vilight.vn\/website\/wp-content\/uploads\/2021\/06\/WD60.jpg","type":"image\/jpeg"}],"twitter_card":"summary_large_image","twitter_misc":{"Gi\u00e1":"","Kh\u1ea3 d\u1ee5ng":"Trong kho"},"schema":{"@context":"https:\/\/schema.org","@graph":[{"@type":"WebPage","@id":"https:\/\/vilight.vn\/website\/san-pham\/den-led-pixel\/den-diem-led-dot\/wd-series\/den-led-diem-vl-wd60\/","url":"https:\/\/vilight.vn\/website\/san-pham\/den-led-pixel\/den-diem-led-dot\/wd-series\/den-led-diem-vl-wd60\/","name":"\u0110\u00e8n LED \u0111i\u1ec3m VL-WD60 - Vilight Co.ltd","isPartOf":{"@id":"https:\/\/vilight.vn\/website\/#website"},"primaryImageOfPage":{"@id":"https:\/\/vilight.vn\/website\/san-pham\/den-led-pixel\/den-diem-led-dot\/wd-series\/den-led-diem-vl-wd60\/#primaryimage"},"image":{"@id":"https:\/\/vilight.vn\/website\/san-pham\/den-led-pixel\/den-diem-led-dot\/wd-series\/den-led-diem-vl-wd60\/#primaryimage"},"thumbnailUrl":"https:\/\/vilight.vn\/website\/wp-content\/uploads\/2021\/06\/WD60.jpg","datePublished":"2021-06-24T10:14:47+00:00","dateModified":"2024-10-01T10:09:15+00:00","description":"\u0110\u00e8n LED \u0111i\u1ec3m VL-WD60 - S\u1ef1 l\u1ef1a ch\u1ecdn ho\u00e0n h\u1ea3o cho chi\u1ebfu s\u00e1ng trang tr\u00ed d\u01b0\u1edbi n\u01b0\u1edbc nh\u01b0 \u0111\u00e0i phu n\u01b0\u1edbc, th\u00e1c n\u01b0\u1edbc, h\u1ed3 b\u01a1i, m\u00e0n h\u00ecnh d\u01b0\u1edbi n\u01b0\u1edbc...","breadcrumb":{"@id":"https:\/\/vilight.vn\/website\/san-pham\/den-led-pixel\/den-diem-led-dot\/wd-series\/den-led-diem-vl-wd60\/#breadcrumb"},"inLanguage":"vi","potentialAction":[{"@type":"ReadAction","target":["https:\/\/vilight.vn\/website\/san-pham\/den-led-pixel\/den-diem-led-dot\/wd-series\/den-led-diem-vl-wd60\/"]}]},{"@type":"ImageObject","inLanguage":"vi","@id":"https:\/\/vilight.vn\/website\/san-pham\/den-led-pixel\/den-diem-led-dot\/wd-series\/den-led-diem-vl-wd60\/#primaryimage","url":"https:\/\/vilight.vn\/website\/wp-content\/uploads\/2021\/06\/WD60.jpg","contentUrl":"https:\/\/vilight.vn\/website\/wp-content\/uploads\/2021\/06\/WD60.jpg","width":600,"height":600},{"@type":"BreadcrumbList","@id":"https:\/\/vilight.vn\/website\/san-pham\/den-led-pixel\/den-diem-led-dot\/wd-series\/den-led-diem-vl-wd60\/#breadcrumb","itemListElement":[{"@type":"ListItem","position":1,"name":"Home","item":"https:\/\/vilight.vn\/website\/"},{"@type":"ListItem","position":2,"name":"store","item":"https:\/\/vilight.vn\/website\/store\/"},{"@type":"ListItem","position":3,"name":"\u0110\u00e8n LED \u0111i\u1ec3m VL-WD60"}]},{"@type":"WebSite","@id":"https:\/\/vilight.vn\/website\/#website","url":"https:\/\/vilight.vn\/website\/","name":"Vilight Co.ltd","description":"Chi\u1ebfu s\u00e1ng m\u1ef9 thu\u1eadt, chi\u1ebfu s\u00e1ng th\u00f4ng minh, LED Pixel 3D, chi\u1ebfu s\u00e1ng trang tr\u00ed \u0111\u00f4 th\u1ecb, chi\u1ebfu s\u00e1ng v\u00f2ng xoay, chi\u1ebfu s\u00e1ng \u0111\u1ea3o giao th\u00f4ng, c\u1ed5ng ch\u00e0o \u0111\u00f4 th\u1ecb","publisher":{"@id":"https:\/\/vilight.vn\/website\/#organization"},"potentialAction":[{"@type":"SearchAction","target":{"@type":"EntryPoint","urlTemplate":"https:\/\/vilight.vn\/website\/?s={search_term_string}"},"query-input":{"@type":"PropertyValueSpecification","valueRequired":true,"valueName":"search_term_string"}}],"inLanguage":"vi"},{"@type":"Organization","@id":"https:\/\/vilight.vn\/website\/#organization","name":"Vilight","url":"https:\/\/vilight.vn\/website\/","logo":{"@type":"ImageObject","inLanguage":"vi","@id":"https:\/\/vilight.vn\/website\/#\/schema\/logo\/image\/","url":"https:\/\/vilight.vn\/website\/wp-content\/uploads\/2022\/05\/chieu_sang_trang_tri_do_thi_bang_den_led_pixel.png","contentUrl":"https:\/\/vilight.vn\/website\/wp-content\/uploads\/2022\/05\/chieu_sang_trang_tri_do_thi_bang_den_led_pixel.png","width":800,"height":427,"caption":"Vilight"},"image":{"@id":"https:\/\/vilight.vn\/website\/#\/schema\/logo\/image\/"},"sameAs":["http:\/\/facebook.com\/vilight.vn","https:\/\/www.linkedin.com\/company\/vilight-vn","https:\/\/www.youtube.com\/channel\/UCEwR2naeDcuarMX1kSv_rLQ\/videos"]}]},"product_brand":"WD Series","product_price_currency":"VND","og_availability":"instock","product_availability":"instock","product_condition":"new"},"_links":{"self":[{"href":"https:\/\/vilight.vn\/website\/wp-json\/wp\/v2\/product\/1134","targetHints":{"allow":["GET"]}}],"collection":[{"href":"https:\/\/vilight.vn\/website\/wp-json\/wp\/v2\/product"}],"about":[{"href":"https:\/\/vilight.vn\/website\/wp-json\/wp\/v2\/types\/product"}],"wp:featuredmedia":[{"embeddable":true,"href":"https:\/\/vilight.vn\/website\/wp-json\/wp\/v2\/media\/1269"}],"wp:attachment":[{"href":"https:\/\/vilight.vn\/website\/wp-json\/wp\/v2\/media?parent=1134"}],"wp:term":[{"taxonomy":"product_brand","embeddable":true,"href":"https:\/\/vilight.vn\/website\/wp-json\/wp\/v2\/product_brand?post=1134"},{"taxonomy":"product_cat","embeddable":true,"href":"https:\/\/vilight.vn\/website\/wp-json\/wp\/v2\/product_cat?post=1134"},{"taxonomy":"product_tag","embeddable":true,"href":"https:\/\/vilight.vn\/website\/wp-json\/wp\/v2\/product_tag?post=1134"}],"curies":[{"name":"wp","href":"https:\/\/api.w.org\/{rel}","templated":true}]}}