{"id":1142,"date":"2021-06-25T08:17:41","date_gmt":"2021-06-25T01:17:41","guid":{"rendered":"https:\/\/vilight.vn\/website\/?post_type=product&#038;p=1142"},"modified":"2024-10-01T17:11:56","modified_gmt":"2024-10-01T10:11:56","slug":"den-led-diem-vl-xd10","status":"publish","type":"product","link":"https:\/\/vilight.vn\/website\/san-pham\/den-led-pixel\/den-diem-led-dot\/xd-series\/den-led-diem-vl-xd10\/","title":{"rendered":"\u0110\u00e8n LED \u0111i\u1ec3m VL-XD10"},"content":{"rendered":"<h2 style=\"text-align: justify;\"><span style=\"font-size: 18pt;\">\u0110\u00e8n LED Pixel XD10 &#8211; S\u1ef1 l\u1ef1a ch\u1ecdn ho\u00e0n h\u1ea3o cho chi\u1ebfu s\u00e1ng m\u1eb7t d\u1ef1ng ngo\u00e0i tr\u1eddi<\/span><\/h2>\n<p style=\"text-align: justify;\"><span style=\"font-size: 14pt;\">\u0110\u00e8n LED Pixel XD10 l\u00e0 m\u1ed9t gi\u1ea3i ph\u00e1p chi\u1ebfu s\u00e1ng \u0111\u1eb7c bi\u1ec7t, \u0111\u01b0\u1ee3c thi\u1ebft k\u1ebf v\u1edbi kh\u1ea3 n\u0103ng t\u00e1ch r\u1eddi c\u00e1c b\u1ed9 ph\u1eadn \u0111\u1ec3 mang l\u1ea1i s\u1ef1 thu\u1eadn ti\u1ec7n v\u00e0 \u0111\u01a1n gi\u1ea3n cho c\u00f4ng t\u00e1c l\u1eafp \u0111\u1eb7t v\u00e0 b\u1ea3o tr\u00ec. V\u1edbi nh\u1eefng \u0111\u1eb7c t\u00ednh v\u01b0\u1ee3t tr\u1ed9i, \u0111\u00e8n LED Pixel XD10 th\u00edch h\u1ee3p cho vi\u1ec7c trang tr\u00ed c\u00e1c c\u00f4ng tr\u00ecnh m\u1eb7t d\u1ef1ng ngo\u00e0i tr\u1eddi nh\u01b0 kh\u00e1ch s\u1ea1n, c\u00f4ng vi\u00ean v\u00e0 nhi\u1ec1u \u1ee9ng d\u1ee5ng kh\u00e1c.<\/span><\/p>\n<p style=\"text-align: justify;\"><span style=\"font-size: 14pt;\">M\u1ed9t trong nh\u1eefng \u0111i\u1ec3m \u0111\u00e1ng ch\u00fa \u00fd c\u1ee7a \u0111\u00e8n LED Pixel XD10 l\u00e0 kh\u1ea3 n\u0103ng ch\u1ecbu \u00e1p th\u1ea5p. V\u1edbi ngu\u1ed3n \u0111i\u1ec7n DC, \u0111\u00e8n c\u00f3 th\u1ec3 c\u1ea5p \u0111i\u1ec7n \u0111\u01b0\u1ee3c \u1edf kho\u1ea3ng c\u00e1ch xa m\u00e0 v\u1eabn duy tr\u00ec ch\u1ea5t l\u01b0\u1ee3ng \u00e1nh s\u00e1ng \u1ed5n \u0111\u1ecbnh. \u0110i\u1ec1u n\u00e0y \u0111\u01b0\u1ee3c \u0111\u1ea3m b\u1ea3o nh\u1edd c\u00e1p li\u1ec1n, \u0111\u01b0\u1ee3c l\u00e0m t\u1eeb ru\u1ed9t \u0111\u1ed3ng nguy\u00ean ch\u1ea5t v\u00e0 kh\u00f4ng c\u00f3 n\u1ed1i, gi\u00fap gi\u1ea3m thi\u1ec3u t\u1ed5n hao tr\u00ean \u0111\u01b0\u1eddng truy\u1ec1n v\u00e0 \u0111\u1ea3m b\u1ea3o ngu\u1ed3n cung c\u1ea5p \u00e1nh s\u00e1ng \u1ed5n \u0111\u1ecbnh tr\u00ean kho\u1ea3ng c\u00e1ch xa.<\/span><\/p>\n<p style=\"text-align: justify;\"><span style=\"font-size: 14pt;\">\u0110\u00e8n LED Pixel XD10 c\u0169ng \u0111\u01b0\u1ee3c thi\u1ebft k\u1ebf v\u1edbi kh\u1ea3 n\u0103ng t\u00e1ch r\u1eddi gi\u1eefa m\u1eb7t \u0111\u00e8n v\u00e0 ph\u1ea7n \u0111i\u1ec1u khi\u1ec3n, \u0111i\u1ec1u n\u00e0y mang l\u1ea1i s\u1ef1 thu\u1eadn ti\u1ec7n cho c\u00f4ng t\u00e1c b\u1ea3o tr\u00ec. B\u1ea1n c\u00f3 th\u1ec3 d\u1ec5 d\u00e0ng th\u00e1o r\u1eddi m\u1eb7t \u0111\u00e8n khi c\u1ea7n thay th\u1ebf ho\u1eb7c s\u1eeda ch\u1eefa m\u00e0 kh\u00f4ng c\u1ea7n ph\u1ea3i th\u00e1o c\u1ea3 \u0111\u00e8n kh\u1ecfi v\u1ecb tr\u00ed l\u1eafp \u0111\u1eb7t.<\/span><\/p>\n<p style=\"text-align: justify;\"><span style=\"font-size: 14pt;\">V\u1edbi kh\u1ea3 n\u0103ng ch\u1ed1ng ch\u1ecbu cao v\u1edbi c\u00e1c t\u00e1c \u0111\u1ed9ng t\u1eeb thi\u00ean nhi\u00ean, \u0111\u00e8n LED Pixel XD10 th\u00edch h\u1ee3p s\u1eed d\u1ee5ng c\u1ea3 ngo\u00e0i tr\u1eddi v\u00e0 d\u01b0\u1edbi n\u01b0\u1edbc. B\u1ea1n c\u00f3 th\u1ec3 tin t\u01b0\u1edfng v\u00e0o \u0111\u1ed9 k\u00edn IP67 c\u1ee7a \u0111\u00e8n, \u0111\u1ea3m b\u1ea3o s\u1ef1 ch\u1ed1ng th\u1ea5m n\u01b0\u1edbc v\u00e0 b\u1ea3o v\u1ec7 ch\u1ed1ng b\u1ee5i cho \u0111\u00e8n trong m\u00f4i tr\u01b0\u1eddng kh\u1eafc nghi\u1ec7t.<\/span><\/p>\n<p style=\"text-align: justify;\"><span style=\"font-size: 14pt;\">D\u01b0\u1edbi \u0111\u00e2y l\u00e0 m\u1ed9t s\u1ed1 th\u00f4ng s\u1ed1 k\u1ef9 thu\u1eadt chi ti\u1ebft v\u1ec1 \u0111\u00e8n LED Pixel XD10:<\/span><\/p>\n<p style=\"text-align: justify;\"><span style=\"font-size: 14pt;\">&#8211; Chip LED: CREE, Epistar, Osram<\/span><br \/>\n<span style=\"font-size: 14pt;\">&#8211; Gray Level: 256\/65536<\/span><br \/>\n<span style=\"font-size: 14pt;\">&#8211; G\u00f3c chi\u1ebfu: 120\u00b0<\/span><br \/>\n<span style=\"font-size: 14pt;\">&#8211; K\u00edch th\u01b0\u1edbc: 55*40*15.41 mm<\/span><br \/>\n<span style=\"font-size: 14pt;\">&#8211; Nhi\u1ec7t \u0111\u1ed9 ho\u1ea1t \u0111\u1ed9ng: -20 \u2013 60 \u0111\u1ed9 C<\/span><br \/>\n<span style=\"font-size: 14pt;\">&#8211; \u0110i\u1ec7n \u00e1p ho\u1ea1t \u0111\u1ed9ng: 24VDC<\/span><br \/>\n<span style=\"font-size: 14pt;\">&#8211; C\u00f4ng su\u1ea5t: 1.3W, 1.4W, 1.8W<\/span><br \/>\n<span style=\"font-size: 14pt;\">&#8211; Chu\u1ea9n \u0111i\u1ec1u khi\u1ec3n: DMX, TTL, ON-OFF<\/span><br \/>\n<span style=\"font-size: 14pt;\">&#8211; Tu\u1ed5i th\u1ecd: 50.000 Gi\u1edd<\/span><br \/>\n<span style=\"font-size: 14pt;\">&#8211; \u0110\u1ed9 k\u00edn: IP67<\/span><br \/>\n<span style=\"font-size: 14pt;\">&#8211; C\u1ea5p ch\u1ed1ng ch\u00e1y: 94-V0<\/span><br \/>\n<span style=\"font-size: 14pt;\">&#8211; C\u1ea5p c\u00e1ch \u0111i\u1ec7n: III<\/span><\/p>\n<p style=\"text-align: justify;\"><span style=\"font-size: 14pt;\">V\u1edbi \u0111\u00e8n LED Pixel XD10, b\u1ea1n s\u1ebd c\u00f3 m\u1ed9t gi\u1ea3i ph\u00e1p chi\u1ebfu s\u00e1ng ngo\u1ea1i th\u1ea5t hi\u1ec7u qu\u1ea3, linh ho\u1ea1t v\u00e0 b\u1ec1n b\u1ec9. S\u1ea3n ph\u1ea9m n\u00e0y kh\u00f4ng ch\u1ec9 mang \u0111\u1ebfn \u00e1nh s\u00e1ng tuy\u1ec7t v\u1eddi m\u00e0 c\u00f2n \u0111\u1ea3m b\u1ea3o s\u1ef1 thu\u1eadn ti\u1ec7n v\u00e0 an to\u00e0n cho c\u00f4ng t\u00e1c l\u1eafp \u0111\u1eb7t v\u00e0 b\u1ea3o tr\u00ec.<\/span><\/p>\n<p style=\"text-align: justify;\"><span style=\"font-size: 14pt;\"><img decoding=\"async\" class=\"aligncenter wp-image-1144 size-full lazyload\" data-src=\"https:\/\/vilight.vn\/website\/wp-content\/uploads\/2021\/06\/XD10.jpg\" alt=\"\u0110\u00e8n led \u0111i\u1ec3m VL-XD10\" width=\"1200\" height=\"952\" data-srcset=\"https:\/\/vilight.vn\/website\/wp-content\/uploads\/2021\/06\/XD10.jpg 1200w, https:\/\/vilight.vn\/website\/wp-content\/uploads\/2021\/06\/XD10-800x635.jpg 800w, https:\/\/vilight.vn\/website\/wp-content\/uploads\/2021\/06\/XD10-300x238.jpg 300w, https:\/\/vilight.vn\/website\/wp-content\/uploads\/2021\/06\/XD10-1024x812.jpg 1024w, https:\/\/vilight.vn\/website\/wp-content\/uploads\/2021\/06\/XD10-768x609.jpg 768w, https:\/\/vilight.vn\/website\/wp-content\/uploads\/2021\/06\/XD10-16x12.jpg 16w, https:\/\/vilight.vn\/website\/wp-content\/uploads\/2021\/06\/XD10-184x146.jpg 184w, https:\/\/vilight.vn\/website\/wp-content\/uploads\/2021\/06\/XD10-50x40.jpg 50w, https:\/\/vilight.vn\/website\/wp-content\/uploads\/2021\/06\/XD10-95x75.jpg 95w, https:\/\/vilight.vn\/website\/wp-content\/uploads\/2021\/06\/XD10-600x476.jpg 600w, https:\/\/vilight.vn\/website\/wp-content\/uploads\/2021\/06\/XD10-64x51.jpg 64w\" data-sizes=\"(max-width:767px) 480px, (max-width:1200px) 100vw, 1200px\" src=\"data:image\/svg+xml;base64,PHN2ZyB3aWR0aD0iMSIgaGVpZ2h0PSIxIiB4bWxucz0iaHR0cDovL3d3dy53My5vcmcvMjAwMC9zdmciPjwvc3ZnPg==\" style=\"--smush-placeholder-width: 1200px; --smush-placeholder-aspect-ratio: 1200\/952;\" \/><\/span><\/p>\n<p style=\"text-align: justify;\">\n","protected":false},"excerpt":{"rendered":"<p><span style=\"font-size: 14pt;\">\u0110\u00e8n LED \u0111i\u1ec3m VL-XD10 &#8211; Gi\u1ea3i ph\u00e1p chi\u1ebfu s\u00e1ng ngo\u1ea1i th\u1ea5t hi\u1ec7u qu\u1ea3, linh ho\u1ea1t v\u00e0 b\u1ec1n b\u1ec9. S\u1ea3n ph\u1ea9m n\u00e0y kh\u00f4ng ch\u1ec9 mang \u0111\u1ebfn \u00e1nh s\u00e1ng tuy\u1ec7t v\u1eddi m\u00e0 c\u00f2n \u0111\u1ea3m b\u1ea3o s\u1ef1 thu\u1eadn ti\u1ec7n v\u00e0 an to\u00e0n cho c\u00f4ng t\u00e1c l\u1eafp \u0111\u1eb7t v\u00e0 b\u1ea3o tr\u00ec.<\/span><\/p>\n","protected":false},"featured_media":1268,"template":"","meta":[],"product_brand":[],"product_cat":[78,77,121],"product_tag":[499],"class_list":{"0":"post-1142","1":"product","2":"type-product","3":"status-publish","4":"has-post-thumbnail","6":"product_cat-den-diem-led-dot","7":"product_cat-den-led-pixel","8":"product_cat-xd-series","9":"product_tag-led-pixel-xd10","10":"pa_chip-led-cree","11":"pa_chip-led-epistar","12":"pa_chip-led-oram","13":"pa_chuan-dieu-khien-dmx","14":"pa_chuan-dieu-khien-on-off","15":"pa_chuan-dieu-khien-ttl","16":"pa_cong-suat-1-3w","17":"pa_cong-suat-1-4w","18":"pa_cong-suat-1-8w","19":"pa_dien-ap-hoat-dong-24vdc","20":"pa_do-kin-ip67","21":"pa_goc-chieu-120-do","22":"pa_gray-level-256-65536","23":"pa_kich-thuoc-554015-41-mm","25":"first","26":"instock","27":"taxable","28":"shipping-taxable","29":"product-type-simple"},"yoast_head":"<!-- This site is optimized with the Yoast SEO Premium plugin v27.5 (Yoast SEO v27.5) - https:\/\/yoast.com\/product\/yoast-seo-premium-wordpress\/ -->\n<title>\u0110\u00e8n LED \u0111i\u1ec3m VL-XD10 - Vilight Co.ltd<\/title>\n<meta name=\"description\" content=\"\u0110\u00e8n LED \u0111i\u1ec3m VL-XD10 l\u00e0 m\u1eabu LED \u0111i\u1ec3m Pixel cao c\u1ea5p, ch\u1ed1ng ch\u1ecbu n\u01b0\u1edbc, m\u00f4i tr\u01b0\u1eddng kh\u1eafc nhi\u1ec7t, ph\u00f9 h\u1ee3p \u0111\u1ec3 trang tr\u00ed ngo\u00e0i tr\u1eddi.\" \/>\n<meta name=\"robots\" content=\"index, follow, max-snippet:-1, max-image-preview:large, max-video-preview:-1\" \/>\n<link rel=\"canonical\" href=\"https:\/\/vilight.vn\/website\/san-pham\/den-led-pixel\/den-diem-led-dot\/xd-series\/den-led-diem-vl-xd10\/\" \/>\n<meta property=\"og:locale\" content=\"vi_VN\" \/>\n<meta property=\"og:type\" content=\"article\" \/>\n<meta property=\"og:title\" content=\"\u0110\u00e8n LED \u0111i\u1ec3m VL-XD10\" \/>\n<meta property=\"og:description\" content=\"\u0110\u00e8n LED \u0111i\u1ec3m VL-XD10 - Gi\u1ea3i ph\u00e1p chi\u1ebfu s\u00e1ng ngo\u1ea1i th\u1ea5t hi\u1ec7u qu\u1ea3, linh ho\u1ea1t v\u00e0 b\u1ec1n b\u1ec9. S\u1ea3n ph\u1ea9m n\u00e0y kh\u00f4ng ch\u1ec9 mang \u0111\u1ebfn \u00e1nh s\u00e1ng tuy\u1ec7t v\u1eddi m\u00e0 c\u00f2n \u0111\u1ea3m b\u1ea3o s\u1ef1 thu\u1eadn ti\u1ec7n v\u00e0 an to\u00e0n cho c\u00f4ng t\u00e1c l\u1eafp \u0111\u1eb7t v\u00e0 b\u1ea3o tr\u00ec.\" \/>\n<meta property=\"og:url\" content=\"https:\/\/vilight.vn\/website\/san-pham\/den-led-pixel\/den-diem-led-dot\/xd-series\/den-led-diem-vl-xd10\/\" \/>\n<meta property=\"og:site_name\" content=\"Vilight Co.ltd\" \/>\n<meta property=\"article:publisher\" content=\"http:\/\/facebook.com\/vilight.vn\" \/>\n<meta property=\"article:modified_time\" content=\"2024-10-01T10:11:56+00:00\" \/>\n<meta property=\"og:image\" content=\"https:\/\/vilight.vn\/website\/wp-content\/uploads\/2021\/06\/XD10-1.jpg\" \/>\n\t<meta property=\"og:image:width\" content=\"600\" \/>\n\t<meta property=\"og:image:height\" content=\"600\" \/>\n\t<meta property=\"og:image:type\" content=\"image\/jpeg\" \/>\n<meta name=\"twitter:card\" content=\"summary_large_image\" \/>\n<meta name=\"twitter:label1\" content=\"Gi\u00e1\" \/>\n\t<meta name=\"twitter:data1\" content=\"\" \/>\n\t<meta name=\"twitter:label2\" content=\"Kh\u1ea3 d\u1ee5ng\" \/>\n\t<meta name=\"twitter:data2\" content=\"Trong kho\" \/>\n<script type=\"application\/ld+json\" class=\"yoast-schema-graph\">{\"@context\":\"https:\\\/\\\/schema.org\",\"@graph\":[{\"@type\":\"WebPage\",\"@id\":\"https:\\\/\\\/vilight.vn\\\/website\\\/san-pham\\\/den-led-pixel\\\/den-diem-led-dot\\\/xd-series\\\/den-led-diem-vl-xd10\\\/\",\"url\":\"https:\\\/\\\/vilight.vn\\\/website\\\/san-pham\\\/den-led-pixel\\\/den-diem-led-dot\\\/xd-series\\\/den-led-diem-vl-xd10\\\/\",\"name\":\"\u0110\u00e8n LED \u0111i\u1ec3m VL-XD10 - Vilight Co.ltd\",\"isPartOf\":{\"@id\":\"https:\\\/\\\/vilight.vn\\\/website\\\/#website\"},\"primaryImageOfPage\":{\"@id\":\"https:\\\/\\\/vilight.vn\\\/website\\\/san-pham\\\/den-led-pixel\\\/den-diem-led-dot\\\/xd-series\\\/den-led-diem-vl-xd10\\\/#primaryimage\"},\"image\":{\"@id\":\"https:\\\/\\\/vilight.vn\\\/website\\\/san-pham\\\/den-led-pixel\\\/den-diem-led-dot\\\/xd-series\\\/den-led-diem-vl-xd10\\\/#primaryimage\"},\"thumbnailUrl\":\"https:\\\/\\\/vilight.vn\\\/website\\\/wp-content\\\/uploads\\\/2021\\\/06\\\/XD10-1.jpg\",\"datePublished\":\"2021-06-25T01:17:41+00:00\",\"dateModified\":\"2024-10-01T10:11:56+00:00\",\"description\":\"\u0110\u00e8n LED \u0111i\u1ec3m VL-XD10 l\u00e0 m\u1eabu LED \u0111i\u1ec3m Pixel cao c\u1ea5p, ch\u1ed1ng ch\u1ecbu n\u01b0\u1edbc, m\u00f4i tr\u01b0\u1eddng kh\u1eafc nhi\u1ec7t, ph\u00f9 h\u1ee3p \u0111\u1ec3 trang tr\u00ed ngo\u00e0i tr\u1eddi.\",\"breadcrumb\":{\"@id\":\"https:\\\/\\\/vilight.vn\\\/website\\\/san-pham\\\/den-led-pixel\\\/den-diem-led-dot\\\/xd-series\\\/den-led-diem-vl-xd10\\\/#breadcrumb\"},\"inLanguage\":\"vi\",\"potentialAction\":[{\"@type\":\"ReadAction\",\"target\":[\"https:\\\/\\\/vilight.vn\\\/website\\\/san-pham\\\/den-led-pixel\\\/den-diem-led-dot\\\/xd-series\\\/den-led-diem-vl-xd10\\\/\"]}]},{\"@type\":\"ImageObject\",\"inLanguage\":\"vi\",\"@id\":\"https:\\\/\\\/vilight.vn\\\/website\\\/san-pham\\\/den-led-pixel\\\/den-diem-led-dot\\\/xd-series\\\/den-led-diem-vl-xd10\\\/#primaryimage\",\"url\":\"https:\\\/\\\/vilight.vn\\\/website\\\/wp-content\\\/uploads\\\/2021\\\/06\\\/XD10-1.jpg\",\"contentUrl\":\"https:\\\/\\\/vilight.vn\\\/website\\\/wp-content\\\/uploads\\\/2021\\\/06\\\/XD10-1.jpg\",\"width\":600,\"height\":600},{\"@type\":\"BreadcrumbList\",\"@id\":\"https:\\\/\\\/vilight.vn\\\/website\\\/san-pham\\\/den-led-pixel\\\/den-diem-led-dot\\\/xd-series\\\/den-led-diem-vl-xd10\\\/#breadcrumb\",\"itemListElement\":[{\"@type\":\"ListItem\",\"position\":1,\"name\":\"Home\",\"item\":\"https:\\\/\\\/vilight.vn\\\/website\\\/\"},{\"@type\":\"ListItem\",\"position\":2,\"name\":\"store\",\"item\":\"https:\\\/\\\/vilight.vn\\\/website\\\/store\\\/\"},{\"@type\":\"ListItem\",\"position\":3,\"name\":\"\u0110\u00e8n LED \u0111i\u1ec3m VL-XD10\"}]},{\"@type\":\"WebSite\",\"@id\":\"https:\\\/\\\/vilight.vn\\\/website\\\/#website\",\"url\":\"https:\\\/\\\/vilight.vn\\\/website\\\/\",\"name\":\"Vilight Co.ltd\",\"description\":\"Chi\u1ebfu s\u00e1ng m\u1ef9 thu\u1eadt, chi\u1ebfu s\u00e1ng th\u00f4ng minh, LED Pixel 3D, chi\u1ebfu s\u00e1ng trang tr\u00ed \u0111\u00f4 th\u1ecb, chi\u1ebfu s\u00e1ng v\u00f2ng xoay, chi\u1ebfu s\u00e1ng \u0111\u1ea3o giao th\u00f4ng, c\u1ed5ng ch\u00e0o \u0111\u00f4 th\u1ecb\",\"publisher\":{\"@id\":\"https:\\\/\\\/vilight.vn\\\/website\\\/#organization\"},\"potentialAction\":[{\"@type\":\"SearchAction\",\"target\":{\"@type\":\"EntryPoint\",\"urlTemplate\":\"https:\\\/\\\/vilight.vn\\\/website\\\/?s={search_term_string}\"},\"query-input\":{\"@type\":\"PropertyValueSpecification\",\"valueRequired\":true,\"valueName\":\"search_term_string\"}}],\"inLanguage\":\"vi\"},{\"@type\":\"Organization\",\"@id\":\"https:\\\/\\\/vilight.vn\\\/website\\\/#organization\",\"name\":\"Vilight\",\"url\":\"https:\\\/\\\/vilight.vn\\\/website\\\/\",\"logo\":{\"@type\":\"ImageObject\",\"inLanguage\":\"vi\",\"@id\":\"https:\\\/\\\/vilight.vn\\\/website\\\/#\\\/schema\\\/logo\\\/image\\\/\",\"url\":\"https:\\\/\\\/vilight.vn\\\/website\\\/wp-content\\\/uploads\\\/2022\\\/05\\\/chieu_sang_trang_tri_do_thi_bang_den_led_pixel.png\",\"contentUrl\":\"https:\\\/\\\/vilight.vn\\\/website\\\/wp-content\\\/uploads\\\/2022\\\/05\\\/chieu_sang_trang_tri_do_thi_bang_den_led_pixel.png\",\"width\":800,\"height\":427,\"caption\":\"Vilight\"},\"image\":{\"@id\":\"https:\\\/\\\/vilight.vn\\\/website\\\/#\\\/schema\\\/logo\\\/image\\\/\"},\"sameAs\":[\"http:\\\/\\\/facebook.com\\\/vilight.vn\",\"https:\\\/\\\/www.linkedin.com\\\/company\\\/vilight-vn\",\"https:\\\/\\\/www.youtube.com\\\/channel\\\/UCEwR2naeDcuarMX1kSv_rLQ\\\/videos\"]}]}<\/script>\n<meta property=\"product:brand\" content=\"XD Series\" \/>\n<meta property=\"product:price:currency\" content=\"VND\" \/>\n<meta property=\"og:availability\" content=\"instock\" \/>\n<meta property=\"product:availability\" content=\"instock\" \/>\n<meta property=\"product:condition\" content=\"new\" \/>\n<!-- \/ Yoast SEO Premium plugin. -->","yoast_head_json":{"title":"\u0110\u00e8n LED \u0111i\u1ec3m VL-XD10 - Vilight Co.ltd","description":"\u0110\u00e8n LED \u0111i\u1ec3m VL-XD10 l\u00e0 m\u1eabu LED \u0111i\u1ec3m Pixel cao c\u1ea5p, ch\u1ed1ng ch\u1ecbu n\u01b0\u1edbc, m\u00f4i tr\u01b0\u1eddng kh\u1eafc nhi\u1ec7t, ph\u00f9 h\u1ee3p \u0111\u1ec3 trang tr\u00ed ngo\u00e0i tr\u1eddi.","robots":{"index":"index","follow":"follow","max-snippet":"max-snippet:-1","max-image-preview":"max-image-preview:large","max-video-preview":"max-video-preview:-1"},"canonical":"https:\/\/vilight.vn\/website\/san-pham\/den-led-pixel\/den-diem-led-dot\/xd-series\/den-led-diem-vl-xd10\/","og_locale":"vi_VN","og_type":"article","og_title":"\u0110\u00e8n LED \u0111i\u1ec3m VL-XD10","og_description":"\u0110\u00e8n LED \u0111i\u1ec3m VL-XD10 - Gi\u1ea3i ph\u00e1p chi\u1ebfu s\u00e1ng ngo\u1ea1i th\u1ea5t hi\u1ec7u qu\u1ea3, linh ho\u1ea1t v\u00e0 b\u1ec1n b\u1ec9. S\u1ea3n ph\u1ea9m n\u00e0y kh\u00f4ng ch\u1ec9 mang \u0111\u1ebfn \u00e1nh s\u00e1ng tuy\u1ec7t v\u1eddi m\u00e0 c\u00f2n \u0111\u1ea3m b\u1ea3o s\u1ef1 thu\u1eadn ti\u1ec7n v\u00e0 an to\u00e0n cho c\u00f4ng t\u00e1c l\u1eafp \u0111\u1eb7t v\u00e0 b\u1ea3o tr\u00ec.","og_url":"https:\/\/vilight.vn\/website\/san-pham\/den-led-pixel\/den-diem-led-dot\/xd-series\/den-led-diem-vl-xd10\/","og_site_name":"Vilight Co.ltd","article_publisher":"http:\/\/facebook.com\/vilight.vn","article_modified_time":"2024-10-01T10:11:56+00:00","og_image":[{"width":600,"height":600,"url":"https:\/\/vilight.vn\/website\/wp-content\/uploads\/2021\/06\/XD10-1.jpg","type":"image\/jpeg"}],"twitter_card":"summary_large_image","twitter_misc":{"Gi\u00e1":"","Kh\u1ea3 d\u1ee5ng":"Trong kho"},"schema":{"@context":"https:\/\/schema.org","@graph":[{"@type":"WebPage","@id":"https:\/\/vilight.vn\/website\/san-pham\/den-led-pixel\/den-diem-led-dot\/xd-series\/den-led-diem-vl-xd10\/","url":"https:\/\/vilight.vn\/website\/san-pham\/den-led-pixel\/den-diem-led-dot\/xd-series\/den-led-diem-vl-xd10\/","name":"\u0110\u00e8n LED \u0111i\u1ec3m VL-XD10 - Vilight Co.ltd","isPartOf":{"@id":"https:\/\/vilight.vn\/website\/#website"},"primaryImageOfPage":{"@id":"https:\/\/vilight.vn\/website\/san-pham\/den-led-pixel\/den-diem-led-dot\/xd-series\/den-led-diem-vl-xd10\/#primaryimage"},"image":{"@id":"https:\/\/vilight.vn\/website\/san-pham\/den-led-pixel\/den-diem-led-dot\/xd-series\/den-led-diem-vl-xd10\/#primaryimage"},"thumbnailUrl":"https:\/\/vilight.vn\/website\/wp-content\/uploads\/2021\/06\/XD10-1.jpg","datePublished":"2021-06-25T01:17:41+00:00","dateModified":"2024-10-01T10:11:56+00:00","description":"\u0110\u00e8n LED \u0111i\u1ec3m VL-XD10 l\u00e0 m\u1eabu LED \u0111i\u1ec3m Pixel cao c\u1ea5p, ch\u1ed1ng ch\u1ecbu n\u01b0\u1edbc, m\u00f4i tr\u01b0\u1eddng kh\u1eafc nhi\u1ec7t, ph\u00f9 h\u1ee3p \u0111\u1ec3 trang tr\u00ed ngo\u00e0i tr\u1eddi.","breadcrumb":{"@id":"https:\/\/vilight.vn\/website\/san-pham\/den-led-pixel\/den-diem-led-dot\/xd-series\/den-led-diem-vl-xd10\/#breadcrumb"},"inLanguage":"vi","potentialAction":[{"@type":"ReadAction","target":["https:\/\/vilight.vn\/website\/san-pham\/den-led-pixel\/den-diem-led-dot\/xd-series\/den-led-diem-vl-xd10\/"]}]},{"@type":"ImageObject","inLanguage":"vi","@id":"https:\/\/vilight.vn\/website\/san-pham\/den-led-pixel\/den-diem-led-dot\/xd-series\/den-led-diem-vl-xd10\/#primaryimage","url":"https:\/\/vilight.vn\/website\/wp-content\/uploads\/2021\/06\/XD10-1.jpg","contentUrl":"https:\/\/vilight.vn\/website\/wp-content\/uploads\/2021\/06\/XD10-1.jpg","width":600,"height":600},{"@type":"BreadcrumbList","@id":"https:\/\/vilight.vn\/website\/san-pham\/den-led-pixel\/den-diem-led-dot\/xd-series\/den-led-diem-vl-xd10\/#breadcrumb","itemListElement":[{"@type":"ListItem","position":1,"name":"Home","item":"https:\/\/vilight.vn\/website\/"},{"@type":"ListItem","position":2,"name":"store","item":"https:\/\/vilight.vn\/website\/store\/"},{"@type":"ListItem","position":3,"name":"\u0110\u00e8n LED \u0111i\u1ec3m VL-XD10"}]},{"@type":"WebSite","@id":"https:\/\/vilight.vn\/website\/#website","url":"https:\/\/vilight.vn\/website\/","name":"Vilight Co.ltd","description":"Chi\u1ebfu s\u00e1ng m\u1ef9 thu\u1eadt, chi\u1ebfu s\u00e1ng th\u00f4ng minh, LED Pixel 3D, chi\u1ebfu s\u00e1ng trang tr\u00ed \u0111\u00f4 th\u1ecb, chi\u1ebfu s\u00e1ng v\u00f2ng xoay, chi\u1ebfu s\u00e1ng \u0111\u1ea3o giao th\u00f4ng, c\u1ed5ng ch\u00e0o \u0111\u00f4 th\u1ecb","publisher":{"@id":"https:\/\/vilight.vn\/website\/#organization"},"potentialAction":[{"@type":"SearchAction","target":{"@type":"EntryPoint","urlTemplate":"https:\/\/vilight.vn\/website\/?s={search_term_string}"},"query-input":{"@type":"PropertyValueSpecification","valueRequired":true,"valueName":"search_term_string"}}],"inLanguage":"vi"},{"@type":"Organization","@id":"https:\/\/vilight.vn\/website\/#organization","name":"Vilight","url":"https:\/\/vilight.vn\/website\/","logo":{"@type":"ImageObject","inLanguage":"vi","@id":"https:\/\/vilight.vn\/website\/#\/schema\/logo\/image\/","url":"https:\/\/vilight.vn\/website\/wp-content\/uploads\/2022\/05\/chieu_sang_trang_tri_do_thi_bang_den_led_pixel.png","contentUrl":"https:\/\/vilight.vn\/website\/wp-content\/uploads\/2022\/05\/chieu_sang_trang_tri_do_thi_bang_den_led_pixel.png","width":800,"height":427,"caption":"Vilight"},"image":{"@id":"https:\/\/vilight.vn\/website\/#\/schema\/logo\/image\/"},"sameAs":["http:\/\/facebook.com\/vilight.vn","https:\/\/www.linkedin.com\/company\/vilight-vn","https:\/\/www.youtube.com\/channel\/UCEwR2naeDcuarMX1kSv_rLQ\/videos"]}]},"product_brand":"XD Series","product_price_currency":"VND","og_availability":"instock","product_availability":"instock","product_condition":"new"},"_links":{"self":[{"href":"https:\/\/vilight.vn\/website\/wp-json\/wp\/v2\/product\/1142","targetHints":{"allow":["GET"]}}],"collection":[{"href":"https:\/\/vilight.vn\/website\/wp-json\/wp\/v2\/product"}],"about":[{"href":"https:\/\/vilight.vn\/website\/wp-json\/wp\/v2\/types\/product"}],"wp:featuredmedia":[{"embeddable":true,"href":"https:\/\/vilight.vn\/website\/wp-json\/wp\/v2\/media\/1268"}],"wp:attachment":[{"href":"https:\/\/vilight.vn\/website\/wp-json\/wp\/v2\/media?parent=1142"}],"wp:term":[{"taxonomy":"product_brand","embeddable":true,"href":"https:\/\/vilight.vn\/website\/wp-json\/wp\/v2\/product_brand?post=1142"},{"taxonomy":"product_cat","embeddable":true,"href":"https:\/\/vilight.vn\/website\/wp-json\/wp\/v2\/product_cat?post=1142"},{"taxonomy":"product_tag","embeddable":true,"href":"https:\/\/vilight.vn\/website\/wp-json\/wp\/v2\/product_tag?post=1142"}],"curies":[{"name":"wp","href":"https:\/\/api.w.org\/{rel}","templated":true}]}}