{"id":1150,"date":"2021-06-25T08:51:13","date_gmt":"2021-06-25T01:51:13","guid":{"rendered":"https:\/\/vilight.vn\/website\/?post_type=product&#038;p=1150"},"modified":"2024-10-01T17:12:31","modified_gmt":"2024-10-01T10:12:31","slug":"den-led-diem-vl-xd11","status":"publish","type":"product","link":"https:\/\/vilight.vn\/website\/san-pham\/den-led-pixel\/den-diem-led-dot\/xd-series\/den-led-diem-vl-xd11\/","title":{"rendered":"\u0110\u00e8n LED \u0111i\u1ec3m VL-XD11"},"content":{"rendered":"<h2 style=\"text-align: justify;\"><span style=\"font-size: 18pt;\">\u0110\u00e8n LED \u0111i\u1ec3m VL-XD11 &#8211; S\u1ef1 l\u1ef1a ch\u1ecdn ho\u00e0n h\u1ea3o cho chi\u1ebfu s\u00e1ng ngo\u00e0i tr\u1eddi<\/span><\/h2>\n<p style=\"text-align: justify;\"><span style=\"font-size: 14pt;\">\u0110\u00e8n led \u0111i\u1ec3m VL-XD11 l\u00e0 m\u1ed9t lo\u1ea1i \u0111\u00e8n \u0111\u1eb7c bi\u1ec7t \u0111\u01b0\u1ee3c thi\u1ebft k\u1ebf v\u1edbi kh\u1ea3 n\u0103ng t\u00e1ch r\u1eddi c\u00e1c b\u1ed9 ph\u1eadn, g\u1ed3m \u0111\u1ebf \u0111\u00e8n, ph\u1ea7n \u0111i\u1ec1u khi\u1ec3n v\u00e0 m\u1eb7t \u0111\u00e8n LED. \u0110i\u1ec1u n\u00e0y gi\u00fap cho vi\u1ec7c l\u1eafp \u0111\u1eb7t v\u00e0 b\u1ea3o tr\u00ec tr\u1edf n\u00ean thu\u1eadn l\u1ee3i v\u00e0 \u0111\u01a1n gi\u1ea3n h\u01a1n. \u0110\u00e8n LED VL-XD11 th\u00edch h\u1ee3p cho vi\u1ec7c chi\u1ebfu s\u00e1ng m\u1eb7t d\u1ef1ng ngo\u00e0i tr\u1eddi nh\u01b0 m\u1eb7t ngo\u00e0i c\u1ee7a kh\u00e1ch s\u1ea1n, c\u00f4ng vi\u00ean v\u00e0 c\u00e1c c\u00f4ng tr\u00ecnh trang tr\u00ed kh\u00e1c.<\/span><\/p>\n<p style=\"text-align: justify;\"><span style=\"font-size: 14pt;\">M\u1ed9t trong nh\u1eefng \u0111i\u1ec3m \u0111\u1eb7c bi\u1ec7t c\u1ee7a \u0111\u00e8n VL-XD11 l\u00e0 kh\u1ea3 n\u0103ng ho\u1ea1t \u0111\u1ed9ng \u1ed5n \u0111\u1ecbnh ngay c\u1ea3 khi s\u1ee5t \u00e1p th\u1ea5p. N\u00f3 \u0111\u01b0\u1ee3c c\u1ea5p ngu\u1ed3n \u0111i\u1ec7n DC, cho ph\u00e9p truy\u1ec1n t\u1ea3i \u0111i\u1ec7n n\u0103ng xa m\u1ed9t c\u00e1ch hi\u1ec7u qu\u1ea3. V\u1edbi c\u00e1p li\u1ec1n v\u00e0 ru\u1ed9t \u0111\u1ed3ng nguy\u00ean ch\u1ea5t kh\u00f4ng c\u00f3 n\u1ed1i, t\u1ed5n hao tr\u00ean \u0111\u01b0\u1eddng truy\u1ec1n \u0111\u01b0\u1ee3c gi\u1ea3m thi\u1ec3u v\u00e0 ngu\u1ed3n cung c\u1ea5p c\u00f3 th\u1ec3 \u0111\u01b0\u1ee3c k\u1ebft n\u1ed1i t\u1eeb xa.<\/span><\/p>\n<p style=\"text-align: justify;\"><span style=\"font-size: 14pt;\">\u0110\u00e8n LED Pixel VL-XD11 c\u0169ng c\u00f3 th\u1ec3 t\u00e1ch r\u1eddi m\u1eb7t \u0111\u00e8n v\u00e0 ph\u1ea7n \u0111i\u1ec1u khi\u1ec3n, gi\u00fap cho vi\u1ec7c b\u1ea3o tr\u00ec tr\u1edf n\u00ean thu\u1eadn ti\u1ec7n h\u01a1n bao gi\u1edd h\u1ebft. N\u00f3 c\u0169ng \u0111\u01b0\u1ee3c thi\u1ebft k\u1ebf \u0111\u1ec3 ch\u1ed1ng ch\u1ecbu c\u00e1c \u0111i\u1ec1u ki\u1ec7n th\u1eddi ti\u1ebft kh\u1eafc nghi\u1ec7t, ph\u00f9 h\u1ee3p cho vi\u1ec7c s\u1eed d\u1ee5ng c\u1ea3 ngo\u00e0i tr\u1eddi v\u00e0 d\u01b0\u1edbi n\u01b0\u1edbc.<\/span><\/p>\n<p style=\"text-align: justify;\"><span style=\"font-size: 14pt;\">D\u01b0\u1edbi \u0111\u00e2y l\u00e0 m\u1ed9t s\u1ed1 th\u00f4ng s\u1ed1 k\u1ef9 thu\u1eadt chi ti\u1ebft v\u1ec1 \u0111\u00e8n LED VL-XD11:<\/span><\/p>\n<p style=\"text-align: justify;\"><span style=\"font-size: 14pt;\">&#8211; Chip LED: CREE, Epistar, Osram<\/span><br \/>\n<span style=\"font-size: 14pt;\">&#8211; Gray Level: 256\/65536<\/span><br \/>\n<span style=\"font-size: 14pt;\">&#8211; G\u00f3c chi\u1ebfu: 120\u00b0<\/span><br \/>\n<span style=\"font-size: 14pt;\">&#8211; K\u00edch th\u01b0\u1edbc: 45*30*14.5 (\u0111\u01a1n v\u1ecb: mm)<\/span><br \/>\n<span style=\"font-size: 14pt;\">&#8211; Nhi\u1ec7t \u0111\u1ed9 ho\u1ea1t \u0111\u1ed9ng: -20 \u2013 60 \u0111\u1ed9 C<\/span><br \/>\n<span style=\"font-size: 14pt;\">&#8211; \u0110i\u1ec7n \u00e1p ho\u1ea1t \u0111\u1ed9ng: 24VDC<\/span><br \/>\n<span style=\"font-size: 14pt;\">&#8211; C\u00f4ng su\u1ea5t: 0.9W, 1.3W, 1.4W, 1.8W<\/span><br \/>\n<span style=\"font-size: 14pt;\">&#8211; Chu\u1ea9n \u0111i\u1ec1u khi\u1ec3n: DMX, TTL, ON-OFF<\/span><br \/>\n<span style=\"font-size: 14pt;\">&#8211; Tu\u1ed5i th\u1ecd: 50.000 gi\u1edd<\/span><br \/>\n<span style=\"font-size: 14pt;\">&#8211; \u0110\u1ed9 k\u00edn: IP67<\/span><br \/>\n<span style=\"font-size: 14pt;\">&#8211; C\u1ea5p ch\u1ed1ng ch\u00e1y: 94-V0<\/span><br \/>\n<span style=\"font-size: 14pt;\">&#8211; C\u1ea5p c\u00e1ch \u0111i\u1ec7n: III<\/span><\/p>\n<p style=\"text-align: justify;\"><span style=\"font-size: 14pt;\">V\u1edbi c\u00e1c th\u00f4ng s\u1ed1 k\u1ef9 thu\u1eadt \u01b0u vi\u1ec7t nh\u01b0 v\u1eady,VL-XD11 \u0111\u00e1ng \u0111\u01b0\u1ee3c xem x\u00e9t cho c\u00e1c d\u1ef1 \u00e1n chi\u1ebfu s\u00e1ng m\u1eb7t d\u1ef1ng ngo\u00e0i tr\u1eddi. V\u1edbi \u0111\u1ed9 b\u1ec1n cao v\u00e0 kh\u1ea3 n\u0103ng ch\u1ed1ng ch\u1ecbu thi\u00ean nhi\u00ean, n\u00f3 s\u1ebd l\u00e0 s\u1ef1 l\u1ef1a ch\u1ecdn l\u00fd t\u01b0\u1edfng \u0111\u1ec3 mang l\u1ea1i \u00e1nh s\u00e1ng tuy\u1ec7t v\u1eddi v\u00e0 t\u1ea1o \u0111i\u1ec3m nh\u1ea5n \u0111\u1eb7c bi\u1ec7t cho c\u00e1c c\u00f4ng tr\u00ecnh ki\u1ebfn tr\u00fac.<\/span><\/p>\n<p style=\"text-align: justify;\"><span style=\"font-size: 14pt;\">H\u00e3y ch\u1ecdn \u0111\u00e8n LED Pixel VL-XD11 \u0111\u1ec3 t\u1eadn h\u01b0\u1edfng \u00e1nh s\u00e1ng ch\u1ea5t l\u01b0\u1ee3ng v\u00e0 hi\u1ec7u su\u1ea5t cao cho c\u00e1c c\u00f4ng tr\u00ecnh c\u1ee7a b\u1ea1n!<\/span><\/p>\n<p style=\"text-align: justify;\"><span style=\"font-size: 14pt;\"><img decoding=\"async\" class=\"aligncenter wp-image-1151 size-full lazyload\" data-src=\"https:\/\/vilight.vn\/website\/wp-content\/uploads\/2021\/06\/XD11.jpg\" alt=\"\u0110\u00e8n led \u0111i\u1ec3m VL-XD11\" width=\"1200\" height=\"864\" data-srcset=\"https:\/\/vilight.vn\/website\/wp-content\/uploads\/2021\/06\/XD11.jpg 1200w, https:\/\/vilight.vn\/website\/wp-content\/uploads\/2021\/06\/XD11-800x576.jpg 800w, https:\/\/vilight.vn\/website\/wp-content\/uploads\/2021\/06\/XD11-300x216.jpg 300w, https:\/\/vilight.vn\/website\/wp-content\/uploads\/2021\/06\/XD11-1024x737.jpg 1024w, https:\/\/vilight.vn\/website\/wp-content\/uploads\/2021\/06\/XD11-768x553.jpg 768w, https:\/\/vilight.vn\/website\/wp-content\/uploads\/2021\/06\/XD11-16x12.jpg 16w, https:\/\/vilight.vn\/website\/wp-content\/uploads\/2021\/06\/XD11-203x146.jpg 203w, https:\/\/vilight.vn\/website\/wp-content\/uploads\/2021\/06\/XD11-50x36.jpg 50w, https:\/\/vilight.vn\/website\/wp-content\/uploads\/2021\/06\/XD11-104x75.jpg 104w, https:\/\/vilight.vn\/website\/wp-content\/uploads\/2021\/06\/XD11-600x432.jpg 600w, https:\/\/vilight.vn\/website\/wp-content\/uploads\/2021\/06\/XD11-64x46.jpg 64w\" data-sizes=\"(max-width:767px) 480px, (max-width:1200px) 100vw, 1200px\" src=\"data:image\/svg+xml;base64,PHN2ZyB3aWR0aD0iMSIgaGVpZ2h0PSIxIiB4bWxucz0iaHR0cDovL3d3dy53My5vcmcvMjAwMC9zdmciPjwvc3ZnPg==\" style=\"--smush-placeholder-width: 1200px; --smush-placeholder-aspect-ratio: 1200\/864;\" \/><\/span><\/p>\n<p style=\"text-align: justify;\">\n","protected":false},"excerpt":{"rendered":"<p style=\"text-align: justify;\"><span style=\"font-size: 14pt;\">\u0110\u00e8n LED \u0111i\u1ec3m VL-XD11 &#8211; S\u1ef1 k\u1ebft h\u1ee3p ho\u00e0n h\u1ea3o c\u1ee7a thi\u1ebft k\u1ebf t\u00e1ch r\u1eddi v\u00e0 hi\u1ec7u su\u1ea5t v\u01b0\u1ee3t tr\u1ed9i. V\u1edbi kh\u1ea3 n\u0103ng ch\u1ecbu n\u01b0\u1edbc, ch\u1ed1ng ch\u00e1y v\u00e0 \u0111\u1ed9 b\u1ec1n cao, \u0111\u00e2y l\u00e0 l\u1ef1a ch\u1ecdn ho\u00e0n h\u1ea3o cho chi\u1ebfu s\u00e1ng ngo\u00e0i tr\u1eddi.<\/span><\/p>\n","protected":false},"featured_media":1267,"template":"","meta":[],"product_brand":[],"product_cat":[78,77,121],"product_tag":[],"class_list":{"0":"post-1150","1":"product","2":"type-product","3":"status-publish","4":"has-post-thumbnail","6":"product_cat-den-diem-led-dot","7":"product_cat-den-led-pixel","8":"product_cat-xd-series","9":"pa_chip-led-cree","10":"pa_chip-led-epistar","11":"pa_chip-led-oram","12":"pa_chuan-dieu-khien-dmx","13":"pa_chuan-dieu-khien-on-off","14":"pa_chuan-dieu-khien-ttl","15":"pa_cong-suat-0-9w","16":"pa_cong-suat-1-3w","17":"pa_cong-suat-1-4w","18":"pa_cong-suat-1-8w","19":"pa_dien-ap-hoat-dong-24vdc","20":"pa_do-kin-ip67","21":"pa_goc-chieu-120-do","22":"pa_gray-level-256-65536","23":"pa_kich-thuoc-453014-5","25":"first","26":"instock","27":"taxable","28":"shipping-taxable","29":"product-type-simple"},"yoast_head":"<!-- This site is optimized with the Yoast SEO Premium plugin v27.5 (Yoast SEO v27.5) - https:\/\/yoast.com\/product\/yoast-seo-premium-wordpress\/ -->\n<title>\u0110\u00e8n LED \u0111i\u1ec3m VL-XD11 - Vilight Co.ltd<\/title>\n<meta name=\"description\" content=\"\u0110\u00e8n LED \u0111i\u1ec3m VL-XD11 - S\u1ef1 k\u1ebft h\u1ee3p ho\u00e0n h\u1ea3o c\u1ee7a thi\u1ebft k\u1ebf t\u00e1ch r\u1eddi v\u00e0 hi\u1ec7u su\u1ea5t v\u01b0\u1ee3t tr\u1ed9i. L\u00e0 l\u1ef1a ch\u1ecdn ho\u00e0n h\u1ea3o cho chi\u1ebfu s\u00e1ng ngo\u00e0i tr\u1eddi.\" \/>\n<meta name=\"robots\" content=\"index, follow, max-snippet:-1, max-image-preview:large, max-video-preview:-1\" \/>\n<link rel=\"canonical\" href=\"https:\/\/vilight.vn\/website\/san-pham\/den-led-pixel\/den-diem-led-dot\/xd-series\/den-led-diem-vl-xd11\/\" \/>\n<meta property=\"og:locale\" content=\"vi_VN\" \/>\n<meta property=\"og:type\" content=\"article\" \/>\n<meta property=\"og:title\" content=\"\u0110\u00e8n LED \u0111i\u1ec3m VL-XD11\" \/>\n<meta property=\"og:description\" content=\"\u0110\u00e8n LED \u0111i\u1ec3m VL-XD11 - S\u1ef1 k\u1ebft h\u1ee3p ho\u00e0n h\u1ea3o c\u1ee7a thi\u1ebft k\u1ebf t\u00e1ch r\u1eddi v\u00e0 hi\u1ec7u su\u1ea5t v\u01b0\u1ee3t tr\u1ed9i. V\u1edbi kh\u1ea3 n\u0103ng ch\u1ecbu n\u01b0\u1edbc, ch\u1ed1ng ch\u00e1y v\u00e0 \u0111\u1ed9 b\u1ec1n cao, \u0111\u00e2y l\u00e0 l\u1ef1a ch\u1ecdn ho\u00e0n h\u1ea3o cho chi\u1ebfu s\u00e1ng ngo\u00e0i tr\u1eddi.\" \/>\n<meta property=\"og:url\" content=\"https:\/\/vilight.vn\/website\/san-pham\/den-led-pixel\/den-diem-led-dot\/xd-series\/den-led-diem-vl-xd11\/\" \/>\n<meta property=\"og:site_name\" content=\"Vilight Co.ltd\" \/>\n<meta property=\"article:publisher\" content=\"http:\/\/facebook.com\/vilight.vn\" \/>\n<meta property=\"article:modified_time\" content=\"2024-10-01T10:12:31+00:00\" \/>\n<meta property=\"og:image\" content=\"https:\/\/vilight.vn\/website\/wp-content\/uploads\/2021\/06\/XD11-1.jpg\" \/>\n\t<meta property=\"og:image:width\" content=\"600\" \/>\n\t<meta property=\"og:image:height\" content=\"600\" \/>\n\t<meta property=\"og:image:type\" content=\"image\/jpeg\" \/>\n<meta name=\"twitter:card\" content=\"summary_large_image\" \/>\n<meta name=\"twitter:label1\" content=\"Gi\u00e1\" \/>\n\t<meta name=\"twitter:data1\" content=\"\" \/>\n\t<meta name=\"twitter:label2\" content=\"Kh\u1ea3 d\u1ee5ng\" \/>\n\t<meta name=\"twitter:data2\" content=\"Trong kho\" \/>\n<script type=\"application\/ld+json\" class=\"yoast-schema-graph\">{\"@context\":\"https:\\\/\\\/schema.org\",\"@graph\":[{\"@type\":\"WebPage\",\"@id\":\"https:\\\/\\\/vilight.vn\\\/website\\\/san-pham\\\/den-led-pixel\\\/den-diem-led-dot\\\/xd-series\\\/den-led-diem-vl-xd11\\\/\",\"url\":\"https:\\\/\\\/vilight.vn\\\/website\\\/san-pham\\\/den-led-pixel\\\/den-diem-led-dot\\\/xd-series\\\/den-led-diem-vl-xd11\\\/\",\"name\":\"\u0110\u00e8n LED \u0111i\u1ec3m VL-XD11 - Vilight Co.ltd\",\"isPartOf\":{\"@id\":\"https:\\\/\\\/vilight.vn\\\/website\\\/#website\"},\"primaryImageOfPage\":{\"@id\":\"https:\\\/\\\/vilight.vn\\\/website\\\/san-pham\\\/den-led-pixel\\\/den-diem-led-dot\\\/xd-series\\\/den-led-diem-vl-xd11\\\/#primaryimage\"},\"image\":{\"@id\":\"https:\\\/\\\/vilight.vn\\\/website\\\/san-pham\\\/den-led-pixel\\\/den-diem-led-dot\\\/xd-series\\\/den-led-diem-vl-xd11\\\/#primaryimage\"},\"thumbnailUrl\":\"https:\\\/\\\/vilight.vn\\\/website\\\/wp-content\\\/uploads\\\/2021\\\/06\\\/XD11-1.jpg\",\"datePublished\":\"2021-06-25T01:51:13+00:00\",\"dateModified\":\"2024-10-01T10:12:31+00:00\",\"description\":\"\u0110\u00e8n LED \u0111i\u1ec3m VL-XD11 - S\u1ef1 k\u1ebft h\u1ee3p ho\u00e0n h\u1ea3o c\u1ee7a thi\u1ebft k\u1ebf t\u00e1ch r\u1eddi v\u00e0 hi\u1ec7u su\u1ea5t v\u01b0\u1ee3t tr\u1ed9i. L\u00e0 l\u1ef1a ch\u1ecdn ho\u00e0n h\u1ea3o cho chi\u1ebfu s\u00e1ng ngo\u00e0i tr\u1eddi.\",\"breadcrumb\":{\"@id\":\"https:\\\/\\\/vilight.vn\\\/website\\\/san-pham\\\/den-led-pixel\\\/den-diem-led-dot\\\/xd-series\\\/den-led-diem-vl-xd11\\\/#breadcrumb\"},\"inLanguage\":\"vi\",\"potentialAction\":[{\"@type\":\"ReadAction\",\"target\":[\"https:\\\/\\\/vilight.vn\\\/website\\\/san-pham\\\/den-led-pixel\\\/den-diem-led-dot\\\/xd-series\\\/den-led-diem-vl-xd11\\\/\"]}]},{\"@type\":\"ImageObject\",\"inLanguage\":\"vi\",\"@id\":\"https:\\\/\\\/vilight.vn\\\/website\\\/san-pham\\\/den-led-pixel\\\/den-diem-led-dot\\\/xd-series\\\/den-led-diem-vl-xd11\\\/#primaryimage\",\"url\":\"https:\\\/\\\/vilight.vn\\\/website\\\/wp-content\\\/uploads\\\/2021\\\/06\\\/XD11-1.jpg\",\"contentUrl\":\"https:\\\/\\\/vilight.vn\\\/website\\\/wp-content\\\/uploads\\\/2021\\\/06\\\/XD11-1.jpg\",\"width\":600,\"height\":600},{\"@type\":\"BreadcrumbList\",\"@id\":\"https:\\\/\\\/vilight.vn\\\/website\\\/san-pham\\\/den-led-pixel\\\/den-diem-led-dot\\\/xd-series\\\/den-led-diem-vl-xd11\\\/#breadcrumb\",\"itemListElement\":[{\"@type\":\"ListItem\",\"position\":1,\"name\":\"Home\",\"item\":\"https:\\\/\\\/vilight.vn\\\/website\\\/\"},{\"@type\":\"ListItem\",\"position\":2,\"name\":\"store\",\"item\":\"https:\\\/\\\/vilight.vn\\\/website\\\/store\\\/\"},{\"@type\":\"ListItem\",\"position\":3,\"name\":\"\u0110\u00e8n LED \u0111i\u1ec3m VL-XD11\"}]},{\"@type\":\"WebSite\",\"@id\":\"https:\\\/\\\/vilight.vn\\\/website\\\/#website\",\"url\":\"https:\\\/\\\/vilight.vn\\\/website\\\/\",\"name\":\"Vilight Co.ltd\",\"description\":\"Chi\u1ebfu s\u00e1ng m\u1ef9 thu\u1eadt, chi\u1ebfu s\u00e1ng th\u00f4ng minh, LED Pixel 3D, chi\u1ebfu s\u00e1ng trang tr\u00ed \u0111\u00f4 th\u1ecb, chi\u1ebfu s\u00e1ng v\u00f2ng xoay, chi\u1ebfu s\u00e1ng \u0111\u1ea3o giao th\u00f4ng, c\u1ed5ng ch\u00e0o \u0111\u00f4 th\u1ecb\",\"publisher\":{\"@id\":\"https:\\\/\\\/vilight.vn\\\/website\\\/#organization\"},\"potentialAction\":[{\"@type\":\"SearchAction\",\"target\":{\"@type\":\"EntryPoint\",\"urlTemplate\":\"https:\\\/\\\/vilight.vn\\\/website\\\/?s={search_term_string}\"},\"query-input\":{\"@type\":\"PropertyValueSpecification\",\"valueRequired\":true,\"valueName\":\"search_term_string\"}}],\"inLanguage\":\"vi\"},{\"@type\":\"Organization\",\"@id\":\"https:\\\/\\\/vilight.vn\\\/website\\\/#organization\",\"name\":\"Vilight\",\"url\":\"https:\\\/\\\/vilight.vn\\\/website\\\/\",\"logo\":{\"@type\":\"ImageObject\",\"inLanguage\":\"vi\",\"@id\":\"https:\\\/\\\/vilight.vn\\\/website\\\/#\\\/schema\\\/logo\\\/image\\\/\",\"url\":\"https:\\\/\\\/vilight.vn\\\/website\\\/wp-content\\\/uploads\\\/2022\\\/05\\\/chieu_sang_trang_tri_do_thi_bang_den_led_pixel.png\",\"contentUrl\":\"https:\\\/\\\/vilight.vn\\\/website\\\/wp-content\\\/uploads\\\/2022\\\/05\\\/chieu_sang_trang_tri_do_thi_bang_den_led_pixel.png\",\"width\":800,\"height\":427,\"caption\":\"Vilight\"},\"image\":{\"@id\":\"https:\\\/\\\/vilight.vn\\\/website\\\/#\\\/schema\\\/logo\\\/image\\\/\"},\"sameAs\":[\"http:\\\/\\\/facebook.com\\\/vilight.vn\",\"https:\\\/\\\/www.linkedin.com\\\/company\\\/vilight-vn\",\"https:\\\/\\\/www.youtube.com\\\/channel\\\/UCEwR2naeDcuarMX1kSv_rLQ\\\/videos\"]}]}<\/script>\n<meta property=\"product:brand\" content=\"XD Series\" \/>\n<meta property=\"product:price:currency\" content=\"VND\" \/>\n<meta property=\"og:availability\" content=\"instock\" \/>\n<meta property=\"product:availability\" content=\"instock\" \/>\n<meta property=\"product:condition\" content=\"new\" \/>\n<!-- \/ Yoast SEO Premium plugin. -->","yoast_head_json":{"title":"\u0110\u00e8n LED \u0111i\u1ec3m VL-XD11 - Vilight Co.ltd","description":"\u0110\u00e8n LED \u0111i\u1ec3m VL-XD11 - S\u1ef1 k\u1ebft h\u1ee3p ho\u00e0n h\u1ea3o c\u1ee7a thi\u1ebft k\u1ebf t\u00e1ch r\u1eddi v\u00e0 hi\u1ec7u su\u1ea5t v\u01b0\u1ee3t tr\u1ed9i. L\u00e0 l\u1ef1a ch\u1ecdn ho\u00e0n h\u1ea3o cho chi\u1ebfu s\u00e1ng ngo\u00e0i tr\u1eddi.","robots":{"index":"index","follow":"follow","max-snippet":"max-snippet:-1","max-image-preview":"max-image-preview:large","max-video-preview":"max-video-preview:-1"},"canonical":"https:\/\/vilight.vn\/website\/san-pham\/den-led-pixel\/den-diem-led-dot\/xd-series\/den-led-diem-vl-xd11\/","og_locale":"vi_VN","og_type":"article","og_title":"\u0110\u00e8n LED \u0111i\u1ec3m VL-XD11","og_description":"\u0110\u00e8n LED \u0111i\u1ec3m VL-XD11 - S\u1ef1 k\u1ebft h\u1ee3p ho\u00e0n h\u1ea3o c\u1ee7a thi\u1ebft k\u1ebf t\u00e1ch r\u1eddi v\u00e0 hi\u1ec7u su\u1ea5t v\u01b0\u1ee3t tr\u1ed9i. V\u1edbi kh\u1ea3 n\u0103ng ch\u1ecbu n\u01b0\u1edbc, ch\u1ed1ng ch\u00e1y v\u00e0 \u0111\u1ed9 b\u1ec1n cao, \u0111\u00e2y l\u00e0 l\u1ef1a ch\u1ecdn ho\u00e0n h\u1ea3o cho chi\u1ebfu s\u00e1ng ngo\u00e0i tr\u1eddi.","og_url":"https:\/\/vilight.vn\/website\/san-pham\/den-led-pixel\/den-diem-led-dot\/xd-series\/den-led-diem-vl-xd11\/","og_site_name":"Vilight Co.ltd","article_publisher":"http:\/\/facebook.com\/vilight.vn","article_modified_time":"2024-10-01T10:12:31+00:00","og_image":[{"width":600,"height":600,"url":"https:\/\/vilight.vn\/website\/wp-content\/uploads\/2021\/06\/XD11-1.jpg","type":"image\/jpeg"}],"twitter_card":"summary_large_image","twitter_misc":{"Gi\u00e1":"","Kh\u1ea3 d\u1ee5ng":"Trong kho"},"schema":{"@context":"https:\/\/schema.org","@graph":[{"@type":"WebPage","@id":"https:\/\/vilight.vn\/website\/san-pham\/den-led-pixel\/den-diem-led-dot\/xd-series\/den-led-diem-vl-xd11\/","url":"https:\/\/vilight.vn\/website\/san-pham\/den-led-pixel\/den-diem-led-dot\/xd-series\/den-led-diem-vl-xd11\/","name":"\u0110\u00e8n LED \u0111i\u1ec3m VL-XD11 - Vilight Co.ltd","isPartOf":{"@id":"https:\/\/vilight.vn\/website\/#website"},"primaryImageOfPage":{"@id":"https:\/\/vilight.vn\/website\/san-pham\/den-led-pixel\/den-diem-led-dot\/xd-series\/den-led-diem-vl-xd11\/#primaryimage"},"image":{"@id":"https:\/\/vilight.vn\/website\/san-pham\/den-led-pixel\/den-diem-led-dot\/xd-series\/den-led-diem-vl-xd11\/#primaryimage"},"thumbnailUrl":"https:\/\/vilight.vn\/website\/wp-content\/uploads\/2021\/06\/XD11-1.jpg","datePublished":"2021-06-25T01:51:13+00:00","dateModified":"2024-10-01T10:12:31+00:00","description":"\u0110\u00e8n LED \u0111i\u1ec3m VL-XD11 - S\u1ef1 k\u1ebft h\u1ee3p ho\u00e0n h\u1ea3o c\u1ee7a thi\u1ebft k\u1ebf t\u00e1ch r\u1eddi v\u00e0 hi\u1ec7u su\u1ea5t v\u01b0\u1ee3t tr\u1ed9i. L\u00e0 l\u1ef1a ch\u1ecdn ho\u00e0n h\u1ea3o cho chi\u1ebfu s\u00e1ng ngo\u00e0i tr\u1eddi.","breadcrumb":{"@id":"https:\/\/vilight.vn\/website\/san-pham\/den-led-pixel\/den-diem-led-dot\/xd-series\/den-led-diem-vl-xd11\/#breadcrumb"},"inLanguage":"vi","potentialAction":[{"@type":"ReadAction","target":["https:\/\/vilight.vn\/website\/san-pham\/den-led-pixel\/den-diem-led-dot\/xd-series\/den-led-diem-vl-xd11\/"]}]},{"@type":"ImageObject","inLanguage":"vi","@id":"https:\/\/vilight.vn\/website\/san-pham\/den-led-pixel\/den-diem-led-dot\/xd-series\/den-led-diem-vl-xd11\/#primaryimage","url":"https:\/\/vilight.vn\/website\/wp-content\/uploads\/2021\/06\/XD11-1.jpg","contentUrl":"https:\/\/vilight.vn\/website\/wp-content\/uploads\/2021\/06\/XD11-1.jpg","width":600,"height":600},{"@type":"BreadcrumbList","@id":"https:\/\/vilight.vn\/website\/san-pham\/den-led-pixel\/den-diem-led-dot\/xd-series\/den-led-diem-vl-xd11\/#breadcrumb","itemListElement":[{"@type":"ListItem","position":1,"name":"Home","item":"https:\/\/vilight.vn\/website\/"},{"@type":"ListItem","position":2,"name":"store","item":"https:\/\/vilight.vn\/website\/store\/"},{"@type":"ListItem","position":3,"name":"\u0110\u00e8n LED \u0111i\u1ec3m VL-XD11"}]},{"@type":"WebSite","@id":"https:\/\/vilight.vn\/website\/#website","url":"https:\/\/vilight.vn\/website\/","name":"Vilight Co.ltd","description":"Chi\u1ebfu s\u00e1ng m\u1ef9 thu\u1eadt, chi\u1ebfu s\u00e1ng th\u00f4ng minh, LED Pixel 3D, chi\u1ebfu s\u00e1ng trang tr\u00ed \u0111\u00f4 th\u1ecb, chi\u1ebfu s\u00e1ng v\u00f2ng xoay, chi\u1ebfu s\u00e1ng \u0111\u1ea3o giao th\u00f4ng, c\u1ed5ng ch\u00e0o \u0111\u00f4 th\u1ecb","publisher":{"@id":"https:\/\/vilight.vn\/website\/#organization"},"potentialAction":[{"@type":"SearchAction","target":{"@type":"EntryPoint","urlTemplate":"https:\/\/vilight.vn\/website\/?s={search_term_string}"},"query-input":{"@type":"PropertyValueSpecification","valueRequired":true,"valueName":"search_term_string"}}],"inLanguage":"vi"},{"@type":"Organization","@id":"https:\/\/vilight.vn\/website\/#organization","name":"Vilight","url":"https:\/\/vilight.vn\/website\/","logo":{"@type":"ImageObject","inLanguage":"vi","@id":"https:\/\/vilight.vn\/website\/#\/schema\/logo\/image\/","url":"https:\/\/vilight.vn\/website\/wp-content\/uploads\/2022\/05\/chieu_sang_trang_tri_do_thi_bang_den_led_pixel.png","contentUrl":"https:\/\/vilight.vn\/website\/wp-content\/uploads\/2022\/05\/chieu_sang_trang_tri_do_thi_bang_den_led_pixel.png","width":800,"height":427,"caption":"Vilight"},"image":{"@id":"https:\/\/vilight.vn\/website\/#\/schema\/logo\/image\/"},"sameAs":["http:\/\/facebook.com\/vilight.vn","https:\/\/www.linkedin.com\/company\/vilight-vn","https:\/\/www.youtube.com\/channel\/UCEwR2naeDcuarMX1kSv_rLQ\/videos"]}]},"product_brand":"XD Series","product_price_currency":"VND","og_availability":"instock","product_availability":"instock","product_condition":"new"},"_links":{"self":[{"href":"https:\/\/vilight.vn\/website\/wp-json\/wp\/v2\/product\/1150","targetHints":{"allow":["GET"]}}],"collection":[{"href":"https:\/\/vilight.vn\/website\/wp-json\/wp\/v2\/product"}],"about":[{"href":"https:\/\/vilight.vn\/website\/wp-json\/wp\/v2\/types\/product"}],"wp:featuredmedia":[{"embeddable":true,"href":"https:\/\/vilight.vn\/website\/wp-json\/wp\/v2\/media\/1267"}],"wp:attachment":[{"href":"https:\/\/vilight.vn\/website\/wp-json\/wp\/v2\/media?parent=1150"}],"wp:term":[{"taxonomy":"product_brand","embeddable":true,"href":"https:\/\/vilight.vn\/website\/wp-json\/wp\/v2\/product_brand?post=1150"},{"taxonomy":"product_cat","embeddable":true,"href":"https:\/\/vilight.vn\/website\/wp-json\/wp\/v2\/product_cat?post=1150"},{"taxonomy":"product_tag","embeddable":true,"href":"https:\/\/vilight.vn\/website\/wp-json\/wp\/v2\/product_tag?post=1150"}],"curies":[{"name":"wp","href":"https:\/\/api.w.org\/{rel}","templated":true}]}}