{"id":1156,"date":"2021-06-25T09:06:12","date_gmt":"2021-06-25T02:06:12","guid":{"rendered":"https:\/\/vilight.vn\/website\/?post_type=product&#038;p=1156"},"modified":"2024-10-01T16:53:38","modified_gmt":"2024-10-01T09:53:38","slug":"den-led-diem-vl-ad10","status":"publish","type":"product","link":"https:\/\/vilight.vn\/website\/san-pham\/den-led-pixel\/den-diem-led-dot\/ad-series\/den-led-diem-vl-ad10\/","title":{"rendered":"\u0110\u00e8n LED \u0111i\u1ec3m VL-AD10"},"content":{"rendered":"<h2 style=\"text-align: justify;\"><span style=\"font-size: 18pt;\">Gi\u1edbi thi\u1ec7u s\u1ea3n ph\u1ea9m: \u0110\u00e8n led \u0111i\u1ec3m VL-AD10 &#8211; S\u1ef1 ho\u00e0n h\u1ea3o cho chi\u1ebfu s\u00e1ng ngo\u1ea1i tr\u1eddi v\u00e0 d\u01b0\u1edbi n\u01b0\u1edbc<\/span><\/h2>\n<p style=\"text-align: justify;\"><span style=\"font-size: 14pt;\">B\u1ea1n \u0111ang t\u00ecm ki\u1ebfm m\u1ed9t gi\u1ea3i ph\u00e1p chi\u1ebfu s\u00e1ng ngo\u1ea1i tr\u1eddi ch\u1ea5t l\u01b0\u1ee3ng cao v\u00e0 linh ho\u1ea1t? \u0110\u00e8n led \u0111i\u1ec3m VL-AD10 l\u00e0 l\u1ef1a ch\u1ecdn ho\u00e0n h\u1ea3o cho b\u1ea1n. V\u1edbi thi\u1ebft k\u1ebf \u0111\u1eb7c bi\u1ec7t v\u00e0 nh\u1eefng t\u00ednh n\u0103ng \u01b0u vi\u1ec7t, \u0111\u00e8n n\u00e0y \u0111\u1ea3m b\u1ea3o s\u1ebd l\u00e0m h\u00e0i l\u00f2ng m\u1ecdi nhu c\u1ea7u chi\u1ebfu s\u00e1ng c\u1ee7a b\u1ea1n.<\/span><\/p>\n<p style=\"text-align: justify;\"><span style=\"font-size: 14pt;\">M\u1ed9t trong nh\u1eefng \u0111\u1eb7c \u0111i\u1ec3m n\u1ed5i b\u1eadt c\u1ee7a \u0111\u00e8n LED Pixel AD10 ch\u00ednh l\u00e0 kh\u1ea3 n\u0103ng t\u00e1ch r\u1eddi c\u00e1c b\u1ed9 ph\u1eadn. \u0110\u1ebf \u0111\u00e8n, ph\u1ea7n \u0111i\u1ec1u khi\u1ec3n v\u00e0 m\u1eb7t \u0111\u00e8n LED c\u00f3 th\u1ec3 t\u00e1ch r\u1eddi nhau, mang l\u1ea1i s\u1ef1 thu\u1eadn ti\u1ec7n v\u00e0 \u0111\u01a1n gi\u1ea3n cho qu\u00e1 tr\u00ecnh l\u1eafp \u0111\u1eb7t v\u00e0 b\u1ea3o tr\u00ec. B\u1ea1n kh\u00f4ng c\u1ea7n ph\u1ea3i lo l\u1eafng v\u1ec1 vi\u1ec7c l\u00e0m th\u1ebf n\u00e0o \u0111\u1ec3 th\u1ef1c hi\u1ec7n c\u00f4ng vi\u1ec7c n\u00e0y m\u1ed9t c\u00e1ch d\u1ec5 d\u00e0ng v\u00e0 ti\u1ebft ki\u1ec7m th\u1eddi gian.<\/span><\/p>\n<p style=\"text-align: justify;\"><span style=\"font-size: 14pt;\">V\u1edbi kh\u1ea3 n\u0103ng ch\u1ecbu \u00e1p th\u1ea5p, \u0111\u00e8n LED Pixel AD10 l\u00e0 s\u1ef1 l\u1ef1a ch\u1ecdn t\u1ed1i \u01b0u cho c\u00e1c \u1ee9ng d\u1ee5ng \u0111i\u1ec7n \u00e1p th\u1ea5p. Ngu\u1ed3n \u0111i\u1ec7n DC c\u1ea5p \u0111i c\u1ee7a n\u00f3 cho ph\u00e9p b\u1ea1n truy\u1ec1n t\u1ea3i t\u00edn hi\u1ec7u tr\u00ean kho\u1ea3ng c\u00e1ch xa m\u00e0 kh\u00f4ng g\u1eb7p b\u1ea5t k\u1ef3 v\u1ea5n \u0111\u1ec1 n\u00e0o. C\u00e1p li\u1ec1n v\u00e0 ru\u1ed9t \u0111\u1ed3ng nguy\u00ean ch\u1ea5t gi\u00fap gi\u1ea3m thi\u1ec3u t\u1ed5n hao tr\u00ean \u0111\u01b0\u1eddng truy\u1ec1n, \u0111\u1ed3ng th\u1eddi t\u0103ng c\u01b0\u1eddng hi\u1ec7u su\u1ea5t c\u1ee7a ngu\u1ed3n cung c\u1ea5p.<\/span><\/p>\n<p style=\"text-align: justify;\"><span style=\"font-size: 14pt;\">\u0110\u00e8n led \u0111i\u1ec3m VL-AD10 \u0111\u01b0\u1ee3c thi\u1ebft k\u1ebf \u0111\u1ec3 s\u1eed d\u1ee5ng ngo\u00e0i tr\u1eddi v\u00e0 d\u01b0\u1edbi n\u01b0\u1edbc, v\u1edbi kh\u1ea3 n\u0103ng ch\u1ed1ng ch\u1ecbu cao \u0111\u1ed1i v\u1edbi c\u00e1c \u0111i\u1ec1u ki\u1ec7n th\u1eddi ti\u1ebft v\u00e0 t\u00e1c \u0111\u1ed9ng c\u1ee7a m\u00f4i tr\u01b0\u1eddng. B\u1ea5t k\u1ec3 b\u1ea1n mu\u1ed1n trang tr\u00ed m\u1eb7t ngo\u00e0i kh\u00e1ch s\u1ea1n hay c\u00f4ng vi\u00ean, \u0111\u00e8n n\u00e0y s\u1ebd t\u1ecfa s\u00e1ng v\u00e0 l\u00e0m n\u1ed5i b\u1eadt kh\u00f4ng gian xung quanh.<\/span><\/p>\n<p style=\"text-align: justify;\"><span style=\"font-size: 14pt;\">Th\u00f4ng s\u1ed1 k\u1ef9 thu\u1eadt c\u1ee7a \u0111\u00e8n LED Pixel AD10 c\u0169ng \u0111\u00e1ng ch\u00fa \u00fd. V\u1edbi chip LED t\u1eeb c\u00e1c th\u01b0\u01a1ng hi\u1ec7u danh ti\u1ebfng nh\u01b0 CREE, Epistar v\u00e0 Osram, \u0111\u00e8n \u0111em \u0111\u1ebfn \u00e1nh s\u00e1ng ch\u1ea5t l\u01b0\u1ee3ng cao v\u00e0 m\u00e0u s\u1eafc t\u01b0\u01a1i s\u00e1ng. Gray Level 256\/65536 cho ph\u00e9p b\u1ea1n tinh ch\u1ec9nh \u0111\u1ed9 s\u00e1ng theo \u00fd mu\u1ed1n. G\u00f3c chi\u1ebfu r\u1ed9ng 120\u00b0 mang \u0111\u1ebfn ph\u1ea1m vi chi\u1ebfu s\u00e1ng r\u1ed9ng h<\/span><span style=\"font-size: 14pt;\">\u01a1n, kh\u00f4ng g\u00f3c h\u1eb9p.<\/span><\/p>\n<p style=\"text-align: justify;\"><span style=\"font-size: 14pt;\">K\u00edch th\u01b0\u1edbc nh\u1ecf g\u1ecdn c\u1ee7a \u0111\u00e8n (50*40*15.9) cho ph\u00e9p b\u1ea1n d\u1ec5 d\u00e0ng l\u1eafp \u0111\u1eb7t v\u00e0 t\u00edch h\u1ee3p v\u00e0o kh\u00f4ng gian chi\u1ebfu s\u00e1ng c\u1ee7a m\u00ecnh. Nhi\u1ec7t \u0111\u1ed9 ho\u1ea1t \u0111\u1ed9ng t\u1eeb -20 \u0111\u1ed9 C \u0111\u1ebfn 60 \u0111\u1ed9 C, \u0111\u1ea3m b\u1ea3o \u0111\u00e8n ho\u1ea1t \u0111\u1ed9ng \u1ed5n \u0111\u1ecbnh trong m\u1ecdi \u0111i\u1ec1u ki\u1ec7n th\u1eddi ti\u1ebft.<\/span><\/p>\n<p style=\"text-align: justify;\"><span style=\"font-size: 14pt;\">V\u1edbi c\u00f4ng su\u1ea5t t\u1eeb 0.9W \u0111\u1ebfn 1.8W, \u0111\u00e8n LED Pixel AD10 ti\u1ebft ki\u1ec7m n\u0103ng l\u01b0\u1ee3ng v\u00e0 c\u00f3 hi\u1ec7u su\u1ea5t cao. B\u1ea1n c\u00f3 th\u1ec3 l\u1ef1a ch\u1ecdn \u0111\u00e8n v\u1edbi c\u00f4ng su\u1ea5t ph\u00f9 h\u1ee3p v\u1edbi nhu c\u1ea7u c\u1ee7a m\u00ecnh. Chu\u1ea9n \u0111i\u1ec1u khi\u1ec3n DMX, TTL v\u00e0 ON-OFF cho ph\u00e9p b\u1ea1n \u0111i\u1ec1u ch\u1ec9nh v\u00e0 \u0111i\u1ec1u khi\u1ec3n \u0111\u00e8n m\u1ed9t c\u00e1ch linh ho\u1ea1t v\u00e0 ti\u1ec7n l\u1ee3i.<\/span><\/p>\n<p style=\"text-align: justify;\"><span style=\"font-size: 14pt;\">V\u1edbi tu\u1ed5i th\u1ecd l\u00ean \u0111\u1ebfn 50.000 gi\u1edd, \u0111\u00e8n LED Pixel AD10 \u0111\u1ea3m b\u1ea3o s\u1ebd ph\u1ee5c v\u1ee5 b\u1ea1n trong th\u1eddi gian d\u00e0i m\u00e0 kh\u00f4ng c\u1ea7n thay th\u1ebf \u0111\u00e8n th\u01b0\u1eddng xuy\u00ean. \u0110\u1ed9 k\u00edn IP67 v\u00e0 c\u1ea5p ch\u1ed1ng ch\u00e1y 94-V0 \u0111\u1ea3m b\u1ea3o \u0111\u00e8n ch\u1ed1ng n\u01b0\u1edbc, ch\u1ed1ng b\u1ee5i v\u00e0 an to\u00e0n khi s\u1eed d\u1ee5ng. C\u1ea5p c\u00e1ch \u0111i\u1ec7n III c\u0169ng \u0111\u1ea3m b\u1ea3o hi\u1ec7u su\u1ea5t v\u00e0 an to\u00e0n cao.<\/span><\/p>\n<p style=\"text-align: justify;\"><span style=\"font-size: 14pt;\">T\u00f3m l\u1ea1i, \u0111\u00e8n led \u0111i\u1ec3m VL-AD10 l\u00e0 m\u1ed9t s\u1ea3n ph\u1ea9m \u0111\u00e1ng tin c\u1eady cho chi\u1ebfu s\u00e1ng ngo\u1ea1i tr\u1eddi v\u00e0 d\u01b0\u1edbi n\u01b0\u1edbc. V\u1edbi kh\u1ea3 n\u0103ng t\u00e1ch r\u1eddi c\u00e1c b\u1ed9 ph\u1eadn, kh\u1ea3 n\u0103ng ch\u1ed1ng ch\u1ecbu cao v\u00e0 c\u00e1c t\u00ednh n\u0103ng n\u1ed5i b\u1eadt kh\u00e1c, \u0111\u00e8n n\u00e0y s\u1ebd mang \u0111\u1ebfn cho b\u1ea1n s\u1ef1 thu\u1eadn ti\u1ec7n, linh ho\u1ea1t v\u00e0 \u00e1nh s\u00e1ng tuy\u1ec7t v\u1eddi cho kh\u00f4ng gian c\u1ee7a b\u1ea1n.<\/span><\/p>\n<p style=\"text-align: justify;\"><span style=\"font-size: 14pt;\"><img decoding=\"async\" class=\"wp-image-1158 size-full lazyload\" data-src=\"https:\/\/vilight.vn\/website\/wp-content\/uploads\/2021\/06\/AD10.jpg\" alt=\"\u0110\u00e8n led \u0111i\u1ec3m VL-AD10\" width=\"1200\" height=\"885\" data-srcset=\"https:\/\/vilight.vn\/website\/wp-content\/uploads\/2021\/06\/AD10.jpg 1200w, https:\/\/vilight.vn\/website\/wp-content\/uploads\/2021\/06\/AD10-800x590.jpg 800w, https:\/\/vilight.vn\/website\/wp-content\/uploads\/2021\/06\/AD10-300x221.jpg 300w, https:\/\/vilight.vn\/website\/wp-content\/uploads\/2021\/06\/AD10-1024x755.jpg 1024w, https:\/\/vilight.vn\/website\/wp-content\/uploads\/2021\/06\/AD10-768x566.jpg 768w, https:\/\/vilight.vn\/website\/wp-content\/uploads\/2021\/06\/AD10-16x12.jpg 16w, https:\/\/vilight.vn\/website\/wp-content\/uploads\/2021\/06\/AD10-198x146.jpg 198w, https:\/\/vilight.vn\/website\/wp-content\/uploads\/2021\/06\/AD10-50x37.jpg 50w, https:\/\/vilight.vn\/website\/wp-content\/uploads\/2021\/06\/AD10-102x75.jpg 102w, https:\/\/vilight.vn\/website\/wp-content\/uploads\/2021\/06\/AD10-600x443.jpg 600w, https:\/\/vilight.vn\/website\/wp-content\/uploads\/2021\/06\/AD10-64x47.jpg 64w\" data-sizes=\"(max-width:767px) 480px, (max-width:1200px) 100vw, 1200px\" src=\"data:image\/svg+xml;base64,PHN2ZyB3aWR0aD0iMSIgaGVpZ2h0PSIxIiB4bWxucz0iaHR0cDovL3d3dy53My5vcmcvMjAwMC9zdmciPjwvc3ZnPg==\" style=\"--smush-placeholder-width: 1200px; --smush-placeholder-aspect-ratio: 1200\/885;\" \/><\/span><\/p>\n","protected":false},"excerpt":{"rendered":"<p style=\"text-align: justify;\"><span style=\"font-size: 14pt;\">Ch\u00e0o m\u1eebng \u0111\u1ebfn v\u1edbi \u0111\u00e8n LED \u0111i\u1ec3m VL-AD10 &#8211; L\u1ef1a ch\u1ecdn ho\u00e0n h\u1ea3o cho chi\u1ebfu s\u00e1ng ngo\u00e0i tr\u1eddi. Thi\u1ebft k\u1ebf t\u00e1ch r\u1eddi ti\u1ec7n l\u1ee3i, ch\u1ecbu \u00e1p th\u1ea5p, ch\u1ed1ng n\u01b0\u1edbc IP67. \u00c1nh s\u00e1ng t\u01b0\u01a1i s\u00e1ng, c\u00f4ng su\u1ea5t \u0111i\u1ec1u ch\u1ec9nh, tu\u1ed5i th\u1ecd 50.000 gi\u1edd.<\/span><\/p>\n","protected":false},"featured_media":1266,"template":"","meta":[],"product_brand":[],"product_cat":[124,78,77],"product_tag":[],"class_list":{"0":"post-1156","1":"product","2":"type-product","3":"status-publish","4":"has-post-thumbnail","6":"product_cat-ad-series","7":"product_cat-den-diem-led-dot","8":"product_cat-den-led-pixel","9":"pa_chip-led-cree","10":"pa_chip-led-epistar","11":"pa_chip-led-oram","12":"pa_chuan-dieu-khien-dmx","13":"pa_chuan-dieu-khien-on-off","14":"pa_chuan-dieu-khien-ttl","15":"pa_cong-suat-0-9w","16":"pa_cong-suat-1-2w","17":"pa_cong-suat-1-4w","18":"pa_cong-suat-1-8w","19":"pa_do-kin-ip67","20":"pa_goc-chieu-120-do","21":"pa_gray-level-256-65536","22":"pa_kich-thuoc-504015-9","24":"first","25":"instock","26":"taxable","27":"shipping-taxable","28":"product-type-simple"},"yoast_head":"<!-- This site is optimized with the Yoast SEO Premium plugin v27.5 (Yoast SEO v27.5) - https:\/\/yoast.com\/product\/yoast-seo-premium-wordpress\/ -->\n<title>\u0110\u00e8n LED \u0111i\u1ec3m VL-AD10 - Vilight Co.ltd<\/title>\n<meta name=\"description\" content=\"\u0110\u00e8n LED \u0111i\u1ec3m VL-AD10 - L\u1ef1a ch\u1ecdn ho\u00e0n h\u1ea3o cho chi\u1ebfu s\u00e1ng ngo\u00e0i tr\u1eddi. Thi\u1ebft k\u1ebf t\u00e1ch r\u1eddi ti\u1ec7n l\u1ee3i, ch\u1ed1ng n\u01b0\u1edbc IP67. \u00c1nh s\u00e1ng t\u01b0\u01a1i s\u00e1ng, c\u00f4ng su\u1ea5t \u0111i\u1ec1u ch\u1ec9nh.\" \/>\n<meta name=\"robots\" content=\"index, follow, max-snippet:-1, max-image-preview:large, max-video-preview:-1\" \/>\n<link rel=\"canonical\" href=\"https:\/\/vilight.vn\/website\/san-pham\/den-led-pixel\/den-diem-led-dot\/ad-series\/den-led-diem-vl-ad10\/\" \/>\n<meta property=\"og:locale\" content=\"vi_VN\" \/>\n<meta property=\"og:type\" content=\"article\" \/>\n<meta property=\"og:title\" content=\"\u0110\u00e8n LED \u0111i\u1ec3m VL-AD10\" \/>\n<meta property=\"og:description\" content=\"Ch\u00e0o m\u1eebng \u0111\u1ebfn v\u1edbi \u0111\u00e8n LED \u0111i\u1ec3m VL-AD10 - L\u1ef1a ch\u1ecdn ho\u00e0n h\u1ea3o cho chi\u1ebfu s\u00e1ng ngo\u00e0i tr\u1eddi. Thi\u1ebft k\u1ebf t\u00e1ch r\u1eddi ti\u1ec7n l\u1ee3i, ch\u1ecbu \u00e1p th\u1ea5p, ch\u1ed1ng n\u01b0\u1edbc IP67. \u00c1nh s\u00e1ng t\u01b0\u01a1i s\u00e1ng, c\u00f4ng su\u1ea5t \u0111i\u1ec1u ch\u1ec9nh, tu\u1ed5i th\u1ecd 50.000 gi\u1edd.\" \/>\n<meta property=\"og:url\" content=\"https:\/\/vilight.vn\/website\/san-pham\/den-led-pixel\/den-diem-led-dot\/ad-series\/den-led-diem-vl-ad10\/\" \/>\n<meta property=\"og:site_name\" content=\"Vilight Co.ltd\" \/>\n<meta property=\"article:publisher\" content=\"http:\/\/facebook.com\/vilight.vn\" \/>\n<meta property=\"article:modified_time\" content=\"2024-10-01T09:53:38+00:00\" \/>\n<meta property=\"og:image\" content=\"https:\/\/vilight.vn\/website\/wp-content\/uploads\/2021\/06\/AD10-1.jpg\" \/>\n\t<meta property=\"og:image:width\" content=\"600\" \/>\n\t<meta property=\"og:image:height\" content=\"600\" \/>\n\t<meta property=\"og:image:type\" content=\"image\/jpeg\" \/>\n<meta name=\"twitter:card\" content=\"summary_large_image\" \/>\n<meta name=\"twitter:label1\" content=\"Gi\u00e1\" \/>\n\t<meta name=\"twitter:data1\" content=\"\" \/>\n\t<meta name=\"twitter:label2\" content=\"Kh\u1ea3 d\u1ee5ng\" \/>\n\t<meta name=\"twitter:data2\" content=\"Trong kho\" \/>\n<script type=\"application\/ld+json\" class=\"yoast-schema-graph\">{\"@context\":\"https:\\\/\\\/schema.org\",\"@graph\":[{\"@type\":\"WebPage\",\"@id\":\"https:\\\/\\\/vilight.vn\\\/website\\\/san-pham\\\/den-led-pixel\\\/den-diem-led-dot\\\/ad-series\\\/den-led-diem-vl-ad10\\\/\",\"url\":\"https:\\\/\\\/vilight.vn\\\/website\\\/san-pham\\\/den-led-pixel\\\/den-diem-led-dot\\\/ad-series\\\/den-led-diem-vl-ad10\\\/\",\"name\":\"\u0110\u00e8n LED \u0111i\u1ec3m VL-AD10 - Vilight Co.ltd\",\"isPartOf\":{\"@id\":\"https:\\\/\\\/vilight.vn\\\/website\\\/#website\"},\"primaryImageOfPage\":{\"@id\":\"https:\\\/\\\/vilight.vn\\\/website\\\/san-pham\\\/den-led-pixel\\\/den-diem-led-dot\\\/ad-series\\\/den-led-diem-vl-ad10\\\/#primaryimage\"},\"image\":{\"@id\":\"https:\\\/\\\/vilight.vn\\\/website\\\/san-pham\\\/den-led-pixel\\\/den-diem-led-dot\\\/ad-series\\\/den-led-diem-vl-ad10\\\/#primaryimage\"},\"thumbnailUrl\":\"https:\\\/\\\/vilight.vn\\\/website\\\/wp-content\\\/uploads\\\/2021\\\/06\\\/AD10-1.jpg\",\"datePublished\":\"2021-06-25T02:06:12+00:00\",\"dateModified\":\"2024-10-01T09:53:38+00:00\",\"description\":\"\u0110\u00e8n LED \u0111i\u1ec3m VL-AD10 - L\u1ef1a ch\u1ecdn ho\u00e0n h\u1ea3o cho chi\u1ebfu s\u00e1ng ngo\u00e0i tr\u1eddi. Thi\u1ebft k\u1ebf t\u00e1ch r\u1eddi ti\u1ec7n l\u1ee3i, ch\u1ed1ng n\u01b0\u1edbc IP67. \u00c1nh s\u00e1ng t\u01b0\u01a1i s\u00e1ng, c\u00f4ng su\u1ea5t \u0111i\u1ec1u ch\u1ec9nh.\",\"breadcrumb\":{\"@id\":\"https:\\\/\\\/vilight.vn\\\/website\\\/san-pham\\\/den-led-pixel\\\/den-diem-led-dot\\\/ad-series\\\/den-led-diem-vl-ad10\\\/#breadcrumb\"},\"inLanguage\":\"vi\",\"potentialAction\":[{\"@type\":\"ReadAction\",\"target\":[\"https:\\\/\\\/vilight.vn\\\/website\\\/san-pham\\\/den-led-pixel\\\/den-diem-led-dot\\\/ad-series\\\/den-led-diem-vl-ad10\\\/\"]}]},{\"@type\":\"ImageObject\",\"inLanguage\":\"vi\",\"@id\":\"https:\\\/\\\/vilight.vn\\\/website\\\/san-pham\\\/den-led-pixel\\\/den-diem-led-dot\\\/ad-series\\\/den-led-diem-vl-ad10\\\/#primaryimage\",\"url\":\"https:\\\/\\\/vilight.vn\\\/website\\\/wp-content\\\/uploads\\\/2021\\\/06\\\/AD10-1.jpg\",\"contentUrl\":\"https:\\\/\\\/vilight.vn\\\/website\\\/wp-content\\\/uploads\\\/2021\\\/06\\\/AD10-1.jpg\",\"width\":600,\"height\":600},{\"@type\":\"BreadcrumbList\",\"@id\":\"https:\\\/\\\/vilight.vn\\\/website\\\/san-pham\\\/den-led-pixel\\\/den-diem-led-dot\\\/ad-series\\\/den-led-diem-vl-ad10\\\/#breadcrumb\",\"itemListElement\":[{\"@type\":\"ListItem\",\"position\":1,\"name\":\"Home\",\"item\":\"https:\\\/\\\/vilight.vn\\\/website\\\/\"},{\"@type\":\"ListItem\",\"position\":2,\"name\":\"store\",\"item\":\"https:\\\/\\\/vilight.vn\\\/website\\\/store\\\/\"},{\"@type\":\"ListItem\",\"position\":3,\"name\":\"\u0110\u00e8n LED \u0111i\u1ec3m VL-AD10\"}]},{\"@type\":\"WebSite\",\"@id\":\"https:\\\/\\\/vilight.vn\\\/website\\\/#website\",\"url\":\"https:\\\/\\\/vilight.vn\\\/website\\\/\",\"name\":\"Vilight Co.ltd\",\"description\":\"Chi\u1ebfu s\u00e1ng m\u1ef9 thu\u1eadt, chi\u1ebfu s\u00e1ng th\u00f4ng minh, LED Pixel 3D, chi\u1ebfu s\u00e1ng trang tr\u00ed \u0111\u00f4 th\u1ecb, chi\u1ebfu s\u00e1ng v\u00f2ng xoay, chi\u1ebfu s\u00e1ng \u0111\u1ea3o giao th\u00f4ng, c\u1ed5ng ch\u00e0o \u0111\u00f4 th\u1ecb\",\"publisher\":{\"@id\":\"https:\\\/\\\/vilight.vn\\\/website\\\/#organization\"},\"potentialAction\":[{\"@type\":\"SearchAction\",\"target\":{\"@type\":\"EntryPoint\",\"urlTemplate\":\"https:\\\/\\\/vilight.vn\\\/website\\\/?s={search_term_string}\"},\"query-input\":{\"@type\":\"PropertyValueSpecification\",\"valueRequired\":true,\"valueName\":\"search_term_string\"}}],\"inLanguage\":\"vi\"},{\"@type\":\"Organization\",\"@id\":\"https:\\\/\\\/vilight.vn\\\/website\\\/#organization\",\"name\":\"Vilight\",\"url\":\"https:\\\/\\\/vilight.vn\\\/website\\\/\",\"logo\":{\"@type\":\"ImageObject\",\"inLanguage\":\"vi\",\"@id\":\"https:\\\/\\\/vilight.vn\\\/website\\\/#\\\/schema\\\/logo\\\/image\\\/\",\"url\":\"https:\\\/\\\/vilight.vn\\\/website\\\/wp-content\\\/uploads\\\/2022\\\/05\\\/chieu_sang_trang_tri_do_thi_bang_den_led_pixel.png\",\"contentUrl\":\"https:\\\/\\\/vilight.vn\\\/website\\\/wp-content\\\/uploads\\\/2022\\\/05\\\/chieu_sang_trang_tri_do_thi_bang_den_led_pixel.png\",\"width\":800,\"height\":427,\"caption\":\"Vilight\"},\"image\":{\"@id\":\"https:\\\/\\\/vilight.vn\\\/website\\\/#\\\/schema\\\/logo\\\/image\\\/\"},\"sameAs\":[\"http:\\\/\\\/facebook.com\\\/vilight.vn\",\"https:\\\/\\\/www.linkedin.com\\\/company\\\/vilight-vn\",\"https:\\\/\\\/www.youtube.com\\\/channel\\\/UCEwR2naeDcuarMX1kSv_rLQ\\\/videos\"]}]}<\/script>\n<meta property=\"product:brand\" content=\"AD Series\" \/>\n<meta property=\"product:price:currency\" content=\"VND\" \/>\n<meta property=\"og:availability\" content=\"instock\" \/>\n<meta property=\"product:availability\" content=\"instock\" \/>\n<meta property=\"product:condition\" content=\"new\" \/>\n<!-- \/ Yoast SEO Premium plugin. -->","yoast_head_json":{"title":"\u0110\u00e8n LED \u0111i\u1ec3m VL-AD10 - Vilight Co.ltd","description":"\u0110\u00e8n LED \u0111i\u1ec3m VL-AD10 - L\u1ef1a ch\u1ecdn ho\u00e0n h\u1ea3o cho chi\u1ebfu s\u00e1ng ngo\u00e0i tr\u1eddi. Thi\u1ebft k\u1ebf t\u00e1ch r\u1eddi ti\u1ec7n l\u1ee3i, ch\u1ed1ng n\u01b0\u1edbc IP67. \u00c1nh s\u00e1ng t\u01b0\u01a1i s\u00e1ng, c\u00f4ng su\u1ea5t \u0111i\u1ec1u ch\u1ec9nh.","robots":{"index":"index","follow":"follow","max-snippet":"max-snippet:-1","max-image-preview":"max-image-preview:large","max-video-preview":"max-video-preview:-1"},"canonical":"https:\/\/vilight.vn\/website\/san-pham\/den-led-pixel\/den-diem-led-dot\/ad-series\/den-led-diem-vl-ad10\/","og_locale":"vi_VN","og_type":"article","og_title":"\u0110\u00e8n LED \u0111i\u1ec3m VL-AD10","og_description":"Ch\u00e0o m\u1eebng \u0111\u1ebfn v\u1edbi \u0111\u00e8n LED \u0111i\u1ec3m VL-AD10 - L\u1ef1a ch\u1ecdn ho\u00e0n h\u1ea3o cho chi\u1ebfu s\u00e1ng ngo\u00e0i tr\u1eddi. Thi\u1ebft k\u1ebf t\u00e1ch r\u1eddi ti\u1ec7n l\u1ee3i, ch\u1ecbu \u00e1p th\u1ea5p, ch\u1ed1ng n\u01b0\u1edbc IP67. \u00c1nh s\u00e1ng t\u01b0\u01a1i s\u00e1ng, c\u00f4ng su\u1ea5t \u0111i\u1ec1u ch\u1ec9nh, tu\u1ed5i th\u1ecd 50.000 gi\u1edd.","og_url":"https:\/\/vilight.vn\/website\/san-pham\/den-led-pixel\/den-diem-led-dot\/ad-series\/den-led-diem-vl-ad10\/","og_site_name":"Vilight Co.ltd","article_publisher":"http:\/\/facebook.com\/vilight.vn","article_modified_time":"2024-10-01T09:53:38+00:00","og_image":[{"width":600,"height":600,"url":"https:\/\/vilight.vn\/website\/wp-content\/uploads\/2021\/06\/AD10-1.jpg","type":"image\/jpeg"}],"twitter_card":"summary_large_image","twitter_misc":{"Gi\u00e1":"","Kh\u1ea3 d\u1ee5ng":"Trong kho"},"schema":{"@context":"https:\/\/schema.org","@graph":[{"@type":"WebPage","@id":"https:\/\/vilight.vn\/website\/san-pham\/den-led-pixel\/den-diem-led-dot\/ad-series\/den-led-diem-vl-ad10\/","url":"https:\/\/vilight.vn\/website\/san-pham\/den-led-pixel\/den-diem-led-dot\/ad-series\/den-led-diem-vl-ad10\/","name":"\u0110\u00e8n LED \u0111i\u1ec3m VL-AD10 - Vilight Co.ltd","isPartOf":{"@id":"https:\/\/vilight.vn\/website\/#website"},"primaryImageOfPage":{"@id":"https:\/\/vilight.vn\/website\/san-pham\/den-led-pixel\/den-diem-led-dot\/ad-series\/den-led-diem-vl-ad10\/#primaryimage"},"image":{"@id":"https:\/\/vilight.vn\/website\/san-pham\/den-led-pixel\/den-diem-led-dot\/ad-series\/den-led-diem-vl-ad10\/#primaryimage"},"thumbnailUrl":"https:\/\/vilight.vn\/website\/wp-content\/uploads\/2021\/06\/AD10-1.jpg","datePublished":"2021-06-25T02:06:12+00:00","dateModified":"2024-10-01T09:53:38+00:00","description":"\u0110\u00e8n LED \u0111i\u1ec3m VL-AD10 - L\u1ef1a ch\u1ecdn ho\u00e0n h\u1ea3o cho chi\u1ebfu s\u00e1ng ngo\u00e0i tr\u1eddi. Thi\u1ebft k\u1ebf t\u00e1ch r\u1eddi ti\u1ec7n l\u1ee3i, ch\u1ed1ng n\u01b0\u1edbc IP67. \u00c1nh s\u00e1ng t\u01b0\u01a1i s\u00e1ng, c\u00f4ng su\u1ea5t \u0111i\u1ec1u ch\u1ec9nh.","breadcrumb":{"@id":"https:\/\/vilight.vn\/website\/san-pham\/den-led-pixel\/den-diem-led-dot\/ad-series\/den-led-diem-vl-ad10\/#breadcrumb"},"inLanguage":"vi","potentialAction":[{"@type":"ReadAction","target":["https:\/\/vilight.vn\/website\/san-pham\/den-led-pixel\/den-diem-led-dot\/ad-series\/den-led-diem-vl-ad10\/"]}]},{"@type":"ImageObject","inLanguage":"vi","@id":"https:\/\/vilight.vn\/website\/san-pham\/den-led-pixel\/den-diem-led-dot\/ad-series\/den-led-diem-vl-ad10\/#primaryimage","url":"https:\/\/vilight.vn\/website\/wp-content\/uploads\/2021\/06\/AD10-1.jpg","contentUrl":"https:\/\/vilight.vn\/website\/wp-content\/uploads\/2021\/06\/AD10-1.jpg","width":600,"height":600},{"@type":"BreadcrumbList","@id":"https:\/\/vilight.vn\/website\/san-pham\/den-led-pixel\/den-diem-led-dot\/ad-series\/den-led-diem-vl-ad10\/#breadcrumb","itemListElement":[{"@type":"ListItem","position":1,"name":"Home","item":"https:\/\/vilight.vn\/website\/"},{"@type":"ListItem","position":2,"name":"store","item":"https:\/\/vilight.vn\/website\/store\/"},{"@type":"ListItem","position":3,"name":"\u0110\u00e8n LED \u0111i\u1ec3m VL-AD10"}]},{"@type":"WebSite","@id":"https:\/\/vilight.vn\/website\/#website","url":"https:\/\/vilight.vn\/website\/","name":"Vilight Co.ltd","description":"Chi\u1ebfu s\u00e1ng m\u1ef9 thu\u1eadt, chi\u1ebfu s\u00e1ng th\u00f4ng minh, LED Pixel 3D, chi\u1ebfu s\u00e1ng trang tr\u00ed \u0111\u00f4 th\u1ecb, chi\u1ebfu s\u00e1ng v\u00f2ng xoay, chi\u1ebfu s\u00e1ng \u0111\u1ea3o giao th\u00f4ng, c\u1ed5ng ch\u00e0o \u0111\u00f4 th\u1ecb","publisher":{"@id":"https:\/\/vilight.vn\/website\/#organization"},"potentialAction":[{"@type":"SearchAction","target":{"@type":"EntryPoint","urlTemplate":"https:\/\/vilight.vn\/website\/?s={search_term_string}"},"query-input":{"@type":"PropertyValueSpecification","valueRequired":true,"valueName":"search_term_string"}}],"inLanguage":"vi"},{"@type":"Organization","@id":"https:\/\/vilight.vn\/website\/#organization","name":"Vilight","url":"https:\/\/vilight.vn\/website\/","logo":{"@type":"ImageObject","inLanguage":"vi","@id":"https:\/\/vilight.vn\/website\/#\/schema\/logo\/image\/","url":"https:\/\/vilight.vn\/website\/wp-content\/uploads\/2022\/05\/chieu_sang_trang_tri_do_thi_bang_den_led_pixel.png","contentUrl":"https:\/\/vilight.vn\/website\/wp-content\/uploads\/2022\/05\/chieu_sang_trang_tri_do_thi_bang_den_led_pixel.png","width":800,"height":427,"caption":"Vilight"},"image":{"@id":"https:\/\/vilight.vn\/website\/#\/schema\/logo\/image\/"},"sameAs":["http:\/\/facebook.com\/vilight.vn","https:\/\/www.linkedin.com\/company\/vilight-vn","https:\/\/www.youtube.com\/channel\/UCEwR2naeDcuarMX1kSv_rLQ\/videos"]}]},"product_brand":"AD Series","product_price_currency":"VND","og_availability":"instock","product_availability":"instock","product_condition":"new"},"_links":{"self":[{"href":"https:\/\/vilight.vn\/website\/wp-json\/wp\/v2\/product\/1156","targetHints":{"allow":["GET"]}}],"collection":[{"href":"https:\/\/vilight.vn\/website\/wp-json\/wp\/v2\/product"}],"about":[{"href":"https:\/\/vilight.vn\/website\/wp-json\/wp\/v2\/types\/product"}],"wp:featuredmedia":[{"embeddable":true,"href":"https:\/\/vilight.vn\/website\/wp-json\/wp\/v2\/media\/1266"}],"wp:attachment":[{"href":"https:\/\/vilight.vn\/website\/wp-json\/wp\/v2\/media?parent=1156"}],"wp:term":[{"taxonomy":"product_brand","embeddable":true,"href":"https:\/\/vilight.vn\/website\/wp-json\/wp\/v2\/product_brand?post=1156"},{"taxonomy":"product_cat","embeddable":true,"href":"https:\/\/vilight.vn\/website\/wp-json\/wp\/v2\/product_cat?post=1156"},{"taxonomy":"product_tag","embeddable":true,"href":"https:\/\/vilight.vn\/website\/wp-json\/wp\/v2\/product_tag?post=1156"}],"curies":[{"name":"wp","href":"https:\/\/api.w.org\/{rel}","templated":true}]}}