{"id":1167,"date":"2021-06-25T10:24:10","date_gmt":"2021-06-25T03:24:10","guid":{"rendered":"https:\/\/vilight.vn\/website\/?post_type=product&#038;p=1167"},"modified":"2024-10-01T16:57:32","modified_gmt":"2024-10-01T09:57:32","slug":"den-led-diem-vl-ad42","status":"publish","type":"product","link":"https:\/\/vilight.vn\/website\/san-pham\/den-led-pixel\/den-diem-led-dot\/ad-series\/den-led-diem-vl-ad42\/","title":{"rendered":"\u0110\u00e8n LED \u0111i\u1ec3m VL-AD42"},"content":{"rendered":"<h2 style=\"text-align: justify;\"><span style=\"font-size: 18pt;\">\u0110\u00e8n LED \u0111i\u1ec3m VL-AD42 &#8211; S\u1ef1 l\u1ef1a ch\u1ecdn ho\u00e0n h\u1ea3o cho chi\u1ebfu s\u00e1ng ngo\u00e0i tr\u1eddi<\/span><\/h2>\n<p style=\"text-align: justify;\"><span style=\"font-size: 14pt;\">\u0110\u00e8n LED Pixel AD42 l\u00e0 m\u1ed9t lo\u1ea1i \u0111\u00e8n \u0111\u1eb7c bi\u1ec7t \u0111\u01b0\u1ee3c thi\u1ebft k\u1ebf \u0111\u1ec3 \u0111\u00e1p \u1ee9ng c\u00e1c y\u00eau c\u1ea7u chi\u1ebfu s\u00e1ng m\u1eb7t d\u1ef1ng ngo\u00e0i tr\u1eddi, nh\u01b0 l\u00e0m s\u00e1ng m\u1eb7t ngo\u00e0i kh\u00e1ch s\u1ea1n, trang tr\u00ed c\u00f4ng vi\u00ean v\u00e0 nhi\u1ec1u c\u00f4ng tr\u00ecnh kh\u00e1c. V\u1edbi nh\u1eefng t\u00ednh n\u0103ng v\u00e0 th\u00f4ng s\u1ed1 k\u1ef9 thu\u1eadt \u0111\u00e1ng ch\u00fa \u00fd, \u0111\u00e8n LED n\u00e0y mang l\u1ea1i s\u1ef1 thu\u1eadn l\u1ee3i, \u0111\u01a1n gi\u1ea3n trong vi\u1ec7c l\u1eafp \u0111\u1eb7t v\u00e0 b\u1ea3o tr\u00ec.<\/span><\/p>\n<p style=\"text-align: justify;\"><span style=\"font-size: 14pt;\">M\u1ed9t trong nh\u1eefng \u0111i\u1ec3m n\u1ed5i b\u1eadt c\u1ee7a \u0111\u00e8n LED Pixel AD42 l\u00e0 kh\u1ea3 n\u0103ng t\u00e1ch r\u1eddi c\u00e1c b\u1ed9 ph\u1eadn, bao g\u1ed3m \u0111\u1ebf \u0111\u00e8n, ph\u1ea7n \u0111i\u1ec1u khi\u1ec3n v\u00e0 m\u1eb7t \u0111\u00e8n LED. \u0110i\u1ec1u n\u00e0y gi\u00fap d\u1ec5 d\u00e0ng trong vi\u1ec7c l\u1eafp \u0111\u1eb7t v\u00e0 b\u1ea3o tr\u00ec \u0111\u00e8n. B\u1ea1n c\u00f3 th\u1ec3 th\u00e1o r\u1eddi ph\u1ea7n \u0111i\u1ec1u khi\u1ec3n v\u00e0 m\u1eb7t \u0111\u00e8n LED m\u00e0 kh\u00f4ng c\u1ea7n th\u00e1o g\u1ee1 to\u00e0n b\u1ed9 \u0111\u00e8n, t\u1ea1o \u0111i\u1ec1u ki\u1ec7n thu\u1eadn ti\u1ec7n cho c\u00f4ng vi\u1ec7c b\u1ea3o tr\u00ec.<\/span><\/p>\n<p style=\"text-align: justify;\"><span style=\"font-size: 14pt;\">V\u1edbi ngu\u1ed3n \u0111i\u1ec7n DC c\u1ea5p \u0111i, \u0111\u00e8n LED Pixel AD42 cho ph\u00e9p truy\u1ec1n d\u1eabn \u0111i\u1ec7n t\u1eeb xa m\u1ed9t c\u00e1ch hi\u1ec7u qu\u1ea3. C\u00e1p c\u1ee7a \u0111\u00e8n l\u00e0 c\u00e1p li\u1ec1n, c\u00f3 ru\u1ed9t \u0111\u1ed3ng nguy\u00ean ch\u1ea5t v\u00e0 kh\u00f4ng c\u00f3 n\u1ed1i, gi\u00fap gi\u1ea3m t\u1ed5n hao tr\u00ean \u0111\u01b0\u1eddng truy\u1ec1n v\u00e0 \u0111\u1ea3m b\u1ea3o ngu\u1ed3n cung c\u1ea5p \u0111i\u1ec7n ho\u1ea1t \u0111\u1ed9ng \u0111\u01b0\u1ee3c tr\u00ean kho\u1ea3ng c\u00e1ch xa.<\/span><\/p>\n<p style=\"text-align: justify;\"><span style=\"font-size: 14pt;\">\u0110\u00e8n LED Pixel AD42 c\u00f3 kh\u1ea3 n\u0103ng ch\u1ed1ng ch\u1ecbu cao v\u1edbi \u0111i\u1ec1u ki\u1ec7n th\u1eddi ti\u1ebft kh\u1eafc nghi\u1ec7t. N\u00f3 th\u00edch h\u1ee3p s\u1eed d\u1ee5ng c\u1ea3 ngo\u00e0i tr\u1eddi v\u00e0 d\u01b0\u1edbi n\u01b0\u1edbc. V\u1edbi m\u1ee9c \u0111\u1ed9 k\u00edn IP67, \u0111\u00e8n \u0111\u01b0\u1ee3c b\u1ea3o v\u1ec7 kh\u1ecfi b\u1ee5i b\u1ea9n, n\u01b0\u1edbc v\u00e0 c\u00e1c y\u1ebfu t\u1ed1 m\u00f4i tr\u01b0\u1eddng kh\u00e1c. Nhi\u1ec7t \u0111\u1ed9 ho\u1ea1t \u0111\u1ed9ng c\u1ee7a \u0111\u00e8n n\u1eb1m trong kho\u1ea3ng -20 \u0111\u1ed9 C \u0111\u1ebfn 60 \u0111\u1ed9 C, cho ph\u00e9p ho\u1ea1t \u0111\u1ed9ng \u1ed5n \u0111\u1ecbnh trong nhi\u1ec1u \u0111i\u1ec1u ki\u1ec7n kh\u00e1c nhau.<\/span><\/p>\n<p style=\"text-align: justify;\"><span style=\"font-size: 14pt;\">\u0110\u00e8n LED Pixel AD42 s\u1eed d\u1ee5ng c\u00e1c chip LED h\u00e0ng \u0111\u1ea7u nh\u01b0 CREE, Epistar v\u00e0 Osram, mang l\u1ea1i hi\u1ec7u su\u1ea5t \u00e1nh s\u00e1ng t\u1ed1t v\u00e0 \u0111\u1ed9 b\u1ec1n cao. C\u00f3 c\u00e1c lo\u1ea1i LED kh\u00e1c nhau nh\u01b0 2835 tr\u1eafng, 3535 RGB v\u00e0 R\/G\/B\/Y \u0111\u1ec3 ph\u00f9 h\u1ee3p v\u1edbi nhu c\u1ea7u chi\u1ebfu s\u00e1ng kh\u00e1c nhau.<\/span><\/p>\n<p style=\"text-align: justify;\"><span style=\"font-size: 14pt;\">C\u00e1c th\u00f4ng s\u1ed1 k\u1ef9 <\/span><span style=\"font-size: 14pt;\">thu\u1eadt kh\u00e1c c\u1ee7a \u0111\u00e8n LED Pixel AD42 bao g\u1ed3m:<\/span><\/p>\n<p style=\"text-align: justify;\"><span style=\"font-size: 14pt;\">&#8211; Gray Level: \u0110\u00e8n h\u1ed7 tr\u1ee3 256\/65536 m\u1ee9c x\u00e1m, gi\u00fap t\u1ea1o ra c\u00e1c hi\u1ec7u \u1ee9ng \u00e1nh s\u00e1ng phong ph\u00fa v\u00e0 \u0111a d\u1ea1ng.<\/span><br \/>\n<span style=\"font-size: 14pt;\">&#8211; K\u00edch th\u01b0\u1edbc: K\u00edch th\u01b0\u1edbc c\u1ee7a \u0111\u00e8n l\u00e0 D41.6*15.7*41.69, gi\u00fap n\u00f3 c\u00f3 th\u1ec3 \u0111\u01b0\u1ee3c d\u1ec5 d\u00e0ng t\u00edch h\u1ee3p v\u00e0o c\u00e1c v\u1ecb tr\u00ed kh\u00e1c nhau.<\/span><br \/>\n<span style=\"font-size: 14pt;\">&#8211; \u0110i\u1ec7n \u00e1p ho\u1ea1t \u0111\u1ed9ng: \u0110\u00e8n c\u00f3 th\u1ec3 ho\u1ea1t \u0111\u1ed9ng v\u1edbi \u0111i\u1ec7n \u00e1p 15VDC v\u00e0 24VDC, mang l\u1ea1i s\u1ef1 linh ho\u1ea1t cho vi\u1ec7c l\u1ef1a ch\u1ecdn ngu\u1ed3n \u0111i\u1ec7n.<\/span><br \/>\n<span style=\"font-size: 14pt;\">&#8211; C\u00f4ng su\u1ea5t: \u0110\u00e8n c\u00f3 c\u00e1c phi\u00ean b\u1ea3n v\u1edbi c\u00f4ng su\u1ea5t 0.9W, 1.3W, 1.4W v\u00e0 1.8W, tu\u1ef3 thu\u1ed9c v\u00e0o y\u00eau c\u1ea7u \u00e1nh s\u00e1ng c\u1ea7n thi\u1ebft.<\/span><br \/>\n<span style=\"font-size: 14pt;\">&#8211; Chu\u1ea9n \u0111i\u1ec1u khi\u1ec3n: \u0110\u00e8n h\u1ed7 tr\u1ee3 c\u00e1c chu\u1ea9n \u0111i\u1ec1u khi\u1ec3n nh\u01b0 DMX, TTL v\u00e0 ON-OFF, gi\u00fap d\u1ec5 d\u00e0ng t\u00edch h\u1ee3p v\u00e0 \u0111i\u1ec1u ch\u1ec9nh \u00e1nh s\u00e1ng theo \u00fd mu\u1ed1n.<\/span><br \/>\n<span style=\"font-size: 14pt;\">&#8211; Tu\u1ed5i th\u1ecd: \u0110\u00e8n LED Pixel AD42 c\u00f3 tu\u1ed5i th\u1ecd \u01b0\u1edbc t\u00ednh l\u00ean \u0111\u1ebfn 50.000 gi\u1edd s\u1eed d\u1ee5ng, \u0111\u1ea3m b\u1ea3o hi\u1ec7u su\u1ea5t v\u00e0 \u0111\u1ed9 b\u1ec1n l\u00e2u d\u00e0i.<\/span><br \/>\n<span style=\"font-size: 14pt;\">&#8211; C\u1ea5p ch\u1ed1ng n\u01b0\u1edbc: V\u1edbi c\u1ea5p \u0111\u1ed9 k\u00edn IP67, \u0111\u00e8n \u0111\u01b0\u1ee3c b\u1ea3o v\u1ec7 ho\u00e0n to\u00e0n kh\u1ecfi b\u1ee5i b\u1ea9n v\u00e0 n\u01b0\u1edbc, gi\u00fap \u0111\u1ea3m b\u1ea3o ho\u1ea1t \u0111\u1ed9ng \u1ed5n \u0111\u1ecbnh trong m\u00f4i tr\u01b0\u1eddng kh\u1eafc nghi\u1ec7t.<\/span><br \/>\n<span style=\"font-size: 14pt;\">&#8211; C\u1ea5p ch\u1ed1ng ch\u00e1y: \u0110\u00e8n c\u00f3 c\u1ea5p ch\u1ed1ng ch\u00e1y 94-V0, \u0111\u00e1p \u1ee9ng c\u00e1c ti\u00eau chu\u1ea9n an to\u00e0n v\u1ec1 ch\u00e1y n\u1ed5.<\/span><br \/>\n<span style=\"font-size: 14pt;\">&#8211; C\u1ea5p c\u00e1ch \u0111i\u1ec7n: \u0110\u00e8n c\u00f3 c\u1ea5p c\u00e1ch \u0111i\u1ec7n III, \u0111\u1ea3m b\u1ea3o an to\u00e0n trong vi\u1ec7c s\u1eed d\u1ee5ng.<\/span><\/p>\n<p style=\"text-align: justify;\"><span style=\"font-size: 14pt;\">T\u00f3m l\u1ea1i, \u0111\u00e8n LED \u0111i\u1ec3m VL-AD42 l\u00e0 m\u1ed9t gi\u1ea3i ph\u00e1p chi\u1ebfu s\u00e1ng hi\u1ec7u qu\u1ea3 v\u00e0 linh ho\u1ea1t cho c\u00e1c c\u00f4ng tr\u00ecnh m\u1eb7t d\u1ef1ng ngo\u00e0i tr\u1eddi. V\u1edbi kh\u1ea3 n\u0103ng t\u00e1ch r\u1eddi c\u00e1c b\u1ed9 ph\u1eadn, ngu\u1ed3n \u0111i\u1ec7n DC c\u1ea5p \u0111i \u0111\u01b0\u1ee3c kho\u1ea3ng c\u00e1ch xa, v\u00e0 t\u00ednh n\u0103ng ch\u1ed1ng ch\u1ecbu cao v\u1edbi thi\u00ean nhi\u00ean, \u0111\u00e8n n\u00e0y \u0111\u00e1p \u1ee9ng nhi\u1ec1u y\u00eau c\u1ea7u v\u00e0 m\u00f4i tr\u01b0\u1eddng s\u1eed d\u1ee5ng kh\u00e1c nhau.<\/span><\/p>\n<p style=\"text-align: justify;\"><span style=\"font-size: 14pt;\"><img decoding=\"async\" class=\"aligncenter wp-image-1169 size-full lazyload\" data-src=\"https:\/\/vilight.vn\/website\/wp-content\/uploads\/2021\/06\/AD42.png\" alt=\"\u0110\u00e8n led \u0111i\u1ec3m VL-AD42\" width=\"1200\" height=\"1138\" data-srcset=\"https:\/\/vilight.vn\/website\/wp-content\/uploads\/2021\/06\/AD42.png 1200w, https:\/\/vilight.vn\/website\/wp-content\/uploads\/2021\/06\/AD42-800x759.png 800w, https:\/\/vilight.vn\/website\/wp-content\/uploads\/2021\/06\/AD42-300x285.png 300w, https:\/\/vilight.vn\/website\/wp-content\/uploads\/2021\/06\/AD42-1024x971.png 1024w, https:\/\/vilight.vn\/website\/wp-content\/uploads\/2021\/06\/AD42-768x728.png 768w, https:\/\/vilight.vn\/website\/wp-content\/uploads\/2021\/06\/AD42-13x12.png 13w, https:\/\/vilight.vn\/website\/wp-content\/uploads\/2021\/06\/AD42-154x146.png 154w, https:\/\/vilight.vn\/website\/wp-content\/uploads\/2021\/06\/AD42-50x47.png 50w, https:\/\/vilight.vn\/website\/wp-content\/uploads\/2021\/06\/AD42-79x75.png 79w, https:\/\/vilight.vn\/website\/wp-content\/uploads\/2021\/06\/AD42-600x569.png 600w, https:\/\/vilight.vn\/website\/wp-content\/uploads\/2021\/06\/AD42-64x61.png 64w\" data-sizes=\"(max-width:767px) 480px, (max-width:1200px) 100vw, 1200px\" src=\"data:image\/svg+xml;base64,PHN2ZyB3aWR0aD0iMSIgaGVpZ2h0PSIxIiB4bWxucz0iaHR0cDovL3d3dy53My5vcmcvMjAwMC9zdmciPjwvc3ZnPg==\" style=\"--smush-placeholder-width: 1200px; --smush-placeholder-aspect-ratio: 1200\/1138;\" \/><\/span><\/p>\n<p style=\"text-align: justify;\">\n","protected":false},"excerpt":{"rendered":"<p><span style=\"font-size: 14pt;\">\u0110\u00e8n LED \u0111i\u1ec3m AD42 &#8211; Gi\u1ea3i ph\u00e1p ho\u00e0n h\u1ea3o cho chi\u1ebfu s\u00e1ng ngo\u00e0i tr\u1eddi. V\u1edbi kh\u1ea3 n\u0103ng t\u00e1ch r\u1eddi, ngu\u1ed3n \u0111i\u1ec7n DC c\u1ea5p \u0111i xa, v\u00e0 t\u00ednh n\u0103ng ch\u1ed1ng ch\u1ecbu cao, \u0111\u00e8n n\u00e0y mang l\u1ea1i s\u1ef1 ti\u1ec7n l\u1ee3i trong l\u1eafp \u0111\u1eb7t v\u00e0 b\u1ea3o tr\u00ec. \u0110\u00e1p \u1ee9ng m\u1ecdi nhu c\u1ea7u \u00e1nh s\u00e1ng v\u1edbi chip LED h\u00e0ng \u0111\u1ea7u v\u00e0 tu\u1ed5i th\u1ecd 50.000 gi\u1edd.<\/span><\/p>\n","protected":false},"featured_media":1264,"template":"","meta":[],"product_brand":[],"product_cat":[124,78,77],"product_tag":[],"class_list":{"0":"post-1167","1":"product","2":"type-product","3":"status-publish","4":"has-post-thumbnail","6":"product_cat-ad-series","7":"product_cat-den-diem-led-dot","8":"product_cat-den-led-pixel","9":"pa_chip-led-cree","10":"pa_chip-led-epistar","11":"pa_chip-led-oram","12":"pa_chuan-dieu-khien-dmx","13":"pa_chuan-dieu-khien-on-off","14":"pa_chuan-dieu-khien-ttl","15":"pa_cong-suat-0-9w","16":"pa_cong-suat-1-3w","17":"pa_cong-suat-1-4w","18":"pa_cong-suat-1-8w","19":"pa_dien-ap-hoat-dong-15vdc","20":"pa_dien-ap-hoat-dong-24vdc","21":"pa_do-kin-ip67","22":"pa_gray-level-256-65536","23":"pa_kich-thuoc-d41-615-741-69","24":"pa_loai-led-2835-white","25":"pa_loai-led-3535-rgb","26":"pa_loai-led-r-g-b-y","28":"first","29":"instock","30":"taxable","31":"shipping-taxable","32":"product-type-simple"},"yoast_head":"<!-- This site is optimized with the Yoast SEO Premium plugin v27.5 (Yoast SEO v27.5) - https:\/\/yoast.com\/product\/yoast-seo-premium-wordpress\/ -->\n<title>\u0110\u00e8n LED \u0111i\u1ec3m VL-AD42 - Vilight Co.ltd<\/title>\n<meta name=\"description\" content=\"\u0110\u00e8n LED \u0111i\u1ec3m AD42 - Gi\u1ea3i ph\u00e1p ho\u00e0n h\u1ea3o cho chi\u1ebfu s\u00e1ng ngo\u00e0i tr\u1eddi, mang l\u1ea1i s\u1ef1 ti\u1ec7n l\u1ee3i trong l\u1eafp \u0111\u1eb7t v\u00e0 b\u1ea3o tr\u00ec. \u0110\u00e1p \u1ee9ng m\u1ecdi nhu c\u1ea7u \u00e1nh s\u00e1ng.\" \/>\n<meta name=\"robots\" content=\"index, follow, max-snippet:-1, max-image-preview:large, max-video-preview:-1\" \/>\n<link rel=\"canonical\" href=\"https:\/\/vilight.vn\/website\/san-pham\/den-led-pixel\/den-diem-led-dot\/ad-series\/den-led-diem-vl-ad42\/\" \/>\n<meta property=\"og:locale\" content=\"vi_VN\" \/>\n<meta property=\"og:type\" content=\"article\" \/>\n<meta property=\"og:title\" content=\"\u0110\u00e8n LED \u0111i\u1ec3m VL-AD42\" \/>\n<meta property=\"og:description\" content=\"\u0110\u00e8n LED \u0111i\u1ec3m AD42 - Gi\u1ea3i ph\u00e1p ho\u00e0n h\u1ea3o cho chi\u1ebfu s\u00e1ng ngo\u00e0i tr\u1eddi. V\u1edbi kh\u1ea3 n\u0103ng t\u00e1ch r\u1eddi, ngu\u1ed3n \u0111i\u1ec7n DC c\u1ea5p \u0111i xa, v\u00e0 t\u00ednh n\u0103ng ch\u1ed1ng ch\u1ecbu cao, \u0111\u00e8n n\u00e0y mang l\u1ea1i s\u1ef1 ti\u1ec7n l\u1ee3i trong l\u1eafp \u0111\u1eb7t v\u00e0 b\u1ea3o tr\u00ec. \u0110\u00e1p \u1ee9ng m\u1ecdi nhu c\u1ea7u \u00e1nh s\u00e1ng v\u1edbi chip LED h\u00e0ng \u0111\u1ea7u v\u00e0 tu\u1ed5i th\u1ecd 50.000 gi\u1edd.\" \/>\n<meta property=\"og:url\" content=\"https:\/\/vilight.vn\/website\/san-pham\/den-led-pixel\/den-diem-led-dot\/ad-series\/den-led-diem-vl-ad42\/\" \/>\n<meta property=\"og:site_name\" content=\"Vilight Co.ltd\" \/>\n<meta property=\"article:publisher\" content=\"http:\/\/facebook.com\/vilight.vn\" \/>\n<meta property=\"article:modified_time\" content=\"2024-10-01T09:57:32+00:00\" \/>\n<meta property=\"og:image\" content=\"https:\/\/vilight.vn\/website\/wp-content\/uploads\/2021\/06\/AD42.jpg\" \/>\n\t<meta property=\"og:image:width\" content=\"600\" \/>\n\t<meta property=\"og:image:height\" content=\"600\" \/>\n\t<meta property=\"og:image:type\" content=\"image\/jpeg\" \/>\n<meta name=\"twitter:card\" content=\"summary_large_image\" \/>\n<meta name=\"twitter:label1\" content=\"Gi\u00e1\" \/>\n\t<meta name=\"twitter:data1\" content=\"\" \/>\n\t<meta name=\"twitter:label2\" content=\"Kh\u1ea3 d\u1ee5ng\" \/>\n\t<meta name=\"twitter:data2\" content=\"Trong kho\" \/>\n<script type=\"application\/ld+json\" class=\"yoast-schema-graph\">{\"@context\":\"https:\\\/\\\/schema.org\",\"@graph\":[{\"@type\":\"WebPage\",\"@id\":\"https:\\\/\\\/vilight.vn\\\/website\\\/san-pham\\\/den-led-pixel\\\/den-diem-led-dot\\\/ad-series\\\/den-led-diem-vl-ad42\\\/\",\"url\":\"https:\\\/\\\/vilight.vn\\\/website\\\/san-pham\\\/den-led-pixel\\\/den-diem-led-dot\\\/ad-series\\\/den-led-diem-vl-ad42\\\/\",\"name\":\"\u0110\u00e8n LED \u0111i\u1ec3m VL-AD42 - Vilight Co.ltd\",\"isPartOf\":{\"@id\":\"https:\\\/\\\/vilight.vn\\\/website\\\/#website\"},\"primaryImageOfPage\":{\"@id\":\"https:\\\/\\\/vilight.vn\\\/website\\\/san-pham\\\/den-led-pixel\\\/den-diem-led-dot\\\/ad-series\\\/den-led-diem-vl-ad42\\\/#primaryimage\"},\"image\":{\"@id\":\"https:\\\/\\\/vilight.vn\\\/website\\\/san-pham\\\/den-led-pixel\\\/den-diem-led-dot\\\/ad-series\\\/den-led-diem-vl-ad42\\\/#primaryimage\"},\"thumbnailUrl\":\"https:\\\/\\\/vilight.vn\\\/website\\\/wp-content\\\/uploads\\\/2021\\\/06\\\/AD42.jpg\",\"datePublished\":\"2021-06-25T03:24:10+00:00\",\"dateModified\":\"2024-10-01T09:57:32+00:00\",\"description\":\"\u0110\u00e8n LED \u0111i\u1ec3m AD42 - Gi\u1ea3i ph\u00e1p ho\u00e0n h\u1ea3o cho chi\u1ebfu s\u00e1ng ngo\u00e0i tr\u1eddi, mang l\u1ea1i s\u1ef1 ti\u1ec7n l\u1ee3i trong l\u1eafp \u0111\u1eb7t v\u00e0 b\u1ea3o tr\u00ec. \u0110\u00e1p \u1ee9ng m\u1ecdi nhu c\u1ea7u \u00e1nh s\u00e1ng.\",\"breadcrumb\":{\"@id\":\"https:\\\/\\\/vilight.vn\\\/website\\\/san-pham\\\/den-led-pixel\\\/den-diem-led-dot\\\/ad-series\\\/den-led-diem-vl-ad42\\\/#breadcrumb\"},\"inLanguage\":\"vi\",\"potentialAction\":[{\"@type\":\"ReadAction\",\"target\":[\"https:\\\/\\\/vilight.vn\\\/website\\\/san-pham\\\/den-led-pixel\\\/den-diem-led-dot\\\/ad-series\\\/den-led-diem-vl-ad42\\\/\"]}]},{\"@type\":\"ImageObject\",\"inLanguage\":\"vi\",\"@id\":\"https:\\\/\\\/vilight.vn\\\/website\\\/san-pham\\\/den-led-pixel\\\/den-diem-led-dot\\\/ad-series\\\/den-led-diem-vl-ad42\\\/#primaryimage\",\"url\":\"https:\\\/\\\/vilight.vn\\\/website\\\/wp-content\\\/uploads\\\/2021\\\/06\\\/AD42.jpg\",\"contentUrl\":\"https:\\\/\\\/vilight.vn\\\/website\\\/wp-content\\\/uploads\\\/2021\\\/06\\\/AD42.jpg\",\"width\":600,\"height\":600},{\"@type\":\"BreadcrumbList\",\"@id\":\"https:\\\/\\\/vilight.vn\\\/website\\\/san-pham\\\/den-led-pixel\\\/den-diem-led-dot\\\/ad-series\\\/den-led-diem-vl-ad42\\\/#breadcrumb\",\"itemListElement\":[{\"@type\":\"ListItem\",\"position\":1,\"name\":\"Home\",\"item\":\"https:\\\/\\\/vilight.vn\\\/website\\\/\"},{\"@type\":\"ListItem\",\"position\":2,\"name\":\"store\",\"item\":\"https:\\\/\\\/vilight.vn\\\/website\\\/store\\\/\"},{\"@type\":\"ListItem\",\"position\":3,\"name\":\"\u0110\u00e8n LED \u0111i\u1ec3m VL-AD42\"}]},{\"@type\":\"WebSite\",\"@id\":\"https:\\\/\\\/vilight.vn\\\/website\\\/#website\",\"url\":\"https:\\\/\\\/vilight.vn\\\/website\\\/\",\"name\":\"Vilight Co.ltd\",\"description\":\"Chi\u1ebfu s\u00e1ng m\u1ef9 thu\u1eadt, chi\u1ebfu s\u00e1ng th\u00f4ng minh, LED Pixel 3D, chi\u1ebfu s\u00e1ng trang tr\u00ed \u0111\u00f4 th\u1ecb, chi\u1ebfu s\u00e1ng v\u00f2ng xoay, chi\u1ebfu s\u00e1ng \u0111\u1ea3o giao th\u00f4ng, c\u1ed5ng ch\u00e0o \u0111\u00f4 th\u1ecb\",\"publisher\":{\"@id\":\"https:\\\/\\\/vilight.vn\\\/website\\\/#organization\"},\"potentialAction\":[{\"@type\":\"SearchAction\",\"target\":{\"@type\":\"EntryPoint\",\"urlTemplate\":\"https:\\\/\\\/vilight.vn\\\/website\\\/?s={search_term_string}\"},\"query-input\":{\"@type\":\"PropertyValueSpecification\",\"valueRequired\":true,\"valueName\":\"search_term_string\"}}],\"inLanguage\":\"vi\"},{\"@type\":\"Organization\",\"@id\":\"https:\\\/\\\/vilight.vn\\\/website\\\/#organization\",\"name\":\"Vilight\",\"url\":\"https:\\\/\\\/vilight.vn\\\/website\\\/\",\"logo\":{\"@type\":\"ImageObject\",\"inLanguage\":\"vi\",\"@id\":\"https:\\\/\\\/vilight.vn\\\/website\\\/#\\\/schema\\\/logo\\\/image\\\/\",\"url\":\"https:\\\/\\\/vilight.vn\\\/website\\\/wp-content\\\/uploads\\\/2022\\\/05\\\/chieu_sang_trang_tri_do_thi_bang_den_led_pixel.png\",\"contentUrl\":\"https:\\\/\\\/vilight.vn\\\/website\\\/wp-content\\\/uploads\\\/2022\\\/05\\\/chieu_sang_trang_tri_do_thi_bang_den_led_pixel.png\",\"width\":800,\"height\":427,\"caption\":\"Vilight\"},\"image\":{\"@id\":\"https:\\\/\\\/vilight.vn\\\/website\\\/#\\\/schema\\\/logo\\\/image\\\/\"},\"sameAs\":[\"http:\\\/\\\/facebook.com\\\/vilight.vn\",\"https:\\\/\\\/www.linkedin.com\\\/company\\\/vilight-vn\",\"https:\\\/\\\/www.youtube.com\\\/channel\\\/UCEwR2naeDcuarMX1kSv_rLQ\\\/videos\"]}]}<\/script>\n<meta property=\"product:brand\" content=\"AD Series\" \/>\n<meta property=\"product:price:currency\" content=\"VND\" \/>\n<meta property=\"og:availability\" content=\"instock\" \/>\n<meta property=\"product:availability\" content=\"instock\" \/>\n<meta property=\"product:condition\" content=\"new\" \/>\n<!-- \/ Yoast SEO Premium plugin. -->","yoast_head_json":{"title":"\u0110\u00e8n LED \u0111i\u1ec3m VL-AD42 - Vilight Co.ltd","description":"\u0110\u00e8n LED \u0111i\u1ec3m AD42 - Gi\u1ea3i ph\u00e1p ho\u00e0n h\u1ea3o cho chi\u1ebfu s\u00e1ng ngo\u00e0i tr\u1eddi, mang l\u1ea1i s\u1ef1 ti\u1ec7n l\u1ee3i trong l\u1eafp \u0111\u1eb7t v\u00e0 b\u1ea3o tr\u00ec. \u0110\u00e1p \u1ee9ng m\u1ecdi nhu c\u1ea7u \u00e1nh s\u00e1ng.","robots":{"index":"index","follow":"follow","max-snippet":"max-snippet:-1","max-image-preview":"max-image-preview:large","max-video-preview":"max-video-preview:-1"},"canonical":"https:\/\/vilight.vn\/website\/san-pham\/den-led-pixel\/den-diem-led-dot\/ad-series\/den-led-diem-vl-ad42\/","og_locale":"vi_VN","og_type":"article","og_title":"\u0110\u00e8n LED \u0111i\u1ec3m VL-AD42","og_description":"\u0110\u00e8n LED \u0111i\u1ec3m AD42 - Gi\u1ea3i ph\u00e1p ho\u00e0n h\u1ea3o cho chi\u1ebfu s\u00e1ng ngo\u00e0i tr\u1eddi. V\u1edbi kh\u1ea3 n\u0103ng t\u00e1ch r\u1eddi, ngu\u1ed3n \u0111i\u1ec7n DC c\u1ea5p \u0111i xa, v\u00e0 t\u00ednh n\u0103ng ch\u1ed1ng ch\u1ecbu cao, \u0111\u00e8n n\u00e0y mang l\u1ea1i s\u1ef1 ti\u1ec7n l\u1ee3i trong l\u1eafp \u0111\u1eb7t v\u00e0 b\u1ea3o tr\u00ec. \u0110\u00e1p \u1ee9ng m\u1ecdi nhu c\u1ea7u \u00e1nh s\u00e1ng v\u1edbi chip LED h\u00e0ng \u0111\u1ea7u v\u00e0 tu\u1ed5i th\u1ecd 50.000 gi\u1edd.","og_url":"https:\/\/vilight.vn\/website\/san-pham\/den-led-pixel\/den-diem-led-dot\/ad-series\/den-led-diem-vl-ad42\/","og_site_name":"Vilight Co.ltd","article_publisher":"http:\/\/facebook.com\/vilight.vn","article_modified_time":"2024-10-01T09:57:32+00:00","og_image":[{"width":600,"height":600,"url":"https:\/\/vilight.vn\/website\/wp-content\/uploads\/2021\/06\/AD42.jpg","type":"image\/jpeg"}],"twitter_card":"summary_large_image","twitter_misc":{"Gi\u00e1":"","Kh\u1ea3 d\u1ee5ng":"Trong kho"},"schema":{"@context":"https:\/\/schema.org","@graph":[{"@type":"WebPage","@id":"https:\/\/vilight.vn\/website\/san-pham\/den-led-pixel\/den-diem-led-dot\/ad-series\/den-led-diem-vl-ad42\/","url":"https:\/\/vilight.vn\/website\/san-pham\/den-led-pixel\/den-diem-led-dot\/ad-series\/den-led-diem-vl-ad42\/","name":"\u0110\u00e8n LED \u0111i\u1ec3m VL-AD42 - Vilight Co.ltd","isPartOf":{"@id":"https:\/\/vilight.vn\/website\/#website"},"primaryImageOfPage":{"@id":"https:\/\/vilight.vn\/website\/san-pham\/den-led-pixel\/den-diem-led-dot\/ad-series\/den-led-diem-vl-ad42\/#primaryimage"},"image":{"@id":"https:\/\/vilight.vn\/website\/san-pham\/den-led-pixel\/den-diem-led-dot\/ad-series\/den-led-diem-vl-ad42\/#primaryimage"},"thumbnailUrl":"https:\/\/vilight.vn\/website\/wp-content\/uploads\/2021\/06\/AD42.jpg","datePublished":"2021-06-25T03:24:10+00:00","dateModified":"2024-10-01T09:57:32+00:00","description":"\u0110\u00e8n LED \u0111i\u1ec3m AD42 - Gi\u1ea3i ph\u00e1p ho\u00e0n h\u1ea3o cho chi\u1ebfu s\u00e1ng ngo\u00e0i tr\u1eddi, mang l\u1ea1i s\u1ef1 ti\u1ec7n l\u1ee3i trong l\u1eafp \u0111\u1eb7t v\u00e0 b\u1ea3o tr\u00ec. \u0110\u00e1p \u1ee9ng m\u1ecdi nhu c\u1ea7u \u00e1nh s\u00e1ng.","breadcrumb":{"@id":"https:\/\/vilight.vn\/website\/san-pham\/den-led-pixel\/den-diem-led-dot\/ad-series\/den-led-diem-vl-ad42\/#breadcrumb"},"inLanguage":"vi","potentialAction":[{"@type":"ReadAction","target":["https:\/\/vilight.vn\/website\/san-pham\/den-led-pixel\/den-diem-led-dot\/ad-series\/den-led-diem-vl-ad42\/"]}]},{"@type":"ImageObject","inLanguage":"vi","@id":"https:\/\/vilight.vn\/website\/san-pham\/den-led-pixel\/den-diem-led-dot\/ad-series\/den-led-diem-vl-ad42\/#primaryimage","url":"https:\/\/vilight.vn\/website\/wp-content\/uploads\/2021\/06\/AD42.jpg","contentUrl":"https:\/\/vilight.vn\/website\/wp-content\/uploads\/2021\/06\/AD42.jpg","width":600,"height":600},{"@type":"BreadcrumbList","@id":"https:\/\/vilight.vn\/website\/san-pham\/den-led-pixel\/den-diem-led-dot\/ad-series\/den-led-diem-vl-ad42\/#breadcrumb","itemListElement":[{"@type":"ListItem","position":1,"name":"Home","item":"https:\/\/vilight.vn\/website\/"},{"@type":"ListItem","position":2,"name":"store","item":"https:\/\/vilight.vn\/website\/store\/"},{"@type":"ListItem","position":3,"name":"\u0110\u00e8n LED \u0111i\u1ec3m VL-AD42"}]},{"@type":"WebSite","@id":"https:\/\/vilight.vn\/website\/#website","url":"https:\/\/vilight.vn\/website\/","name":"Vilight Co.ltd","description":"Chi\u1ebfu s\u00e1ng m\u1ef9 thu\u1eadt, chi\u1ebfu s\u00e1ng th\u00f4ng minh, LED Pixel 3D, chi\u1ebfu s\u00e1ng trang tr\u00ed \u0111\u00f4 th\u1ecb, chi\u1ebfu s\u00e1ng v\u00f2ng xoay, chi\u1ebfu s\u00e1ng \u0111\u1ea3o giao th\u00f4ng, c\u1ed5ng ch\u00e0o \u0111\u00f4 th\u1ecb","publisher":{"@id":"https:\/\/vilight.vn\/website\/#organization"},"potentialAction":[{"@type":"SearchAction","target":{"@type":"EntryPoint","urlTemplate":"https:\/\/vilight.vn\/website\/?s={search_term_string}"},"query-input":{"@type":"PropertyValueSpecification","valueRequired":true,"valueName":"search_term_string"}}],"inLanguage":"vi"},{"@type":"Organization","@id":"https:\/\/vilight.vn\/website\/#organization","name":"Vilight","url":"https:\/\/vilight.vn\/website\/","logo":{"@type":"ImageObject","inLanguage":"vi","@id":"https:\/\/vilight.vn\/website\/#\/schema\/logo\/image\/","url":"https:\/\/vilight.vn\/website\/wp-content\/uploads\/2022\/05\/chieu_sang_trang_tri_do_thi_bang_den_led_pixel.png","contentUrl":"https:\/\/vilight.vn\/website\/wp-content\/uploads\/2022\/05\/chieu_sang_trang_tri_do_thi_bang_den_led_pixel.png","width":800,"height":427,"caption":"Vilight"},"image":{"@id":"https:\/\/vilight.vn\/website\/#\/schema\/logo\/image\/"},"sameAs":["http:\/\/facebook.com\/vilight.vn","https:\/\/www.linkedin.com\/company\/vilight-vn","https:\/\/www.youtube.com\/channel\/UCEwR2naeDcuarMX1kSv_rLQ\/videos"]}]},"product_brand":"AD Series","product_price_currency":"VND","og_availability":"instock","product_availability":"instock","product_condition":"new"},"_links":{"self":[{"href":"https:\/\/vilight.vn\/website\/wp-json\/wp\/v2\/product\/1167","targetHints":{"allow":["GET"]}}],"collection":[{"href":"https:\/\/vilight.vn\/website\/wp-json\/wp\/v2\/product"}],"about":[{"href":"https:\/\/vilight.vn\/website\/wp-json\/wp\/v2\/types\/product"}],"wp:featuredmedia":[{"embeddable":true,"href":"https:\/\/vilight.vn\/website\/wp-json\/wp\/v2\/media\/1264"}],"wp:attachment":[{"href":"https:\/\/vilight.vn\/website\/wp-json\/wp\/v2\/media?parent=1167"}],"wp:term":[{"taxonomy":"product_brand","embeddable":true,"href":"https:\/\/vilight.vn\/website\/wp-json\/wp\/v2\/product_brand?post=1167"},{"taxonomy":"product_cat","embeddable":true,"href":"https:\/\/vilight.vn\/website\/wp-json\/wp\/v2\/product_cat?post=1167"},{"taxonomy":"product_tag","embeddable":true,"href":"https:\/\/vilight.vn\/website\/wp-json\/wp\/v2\/product_tag?post=1167"}],"curies":[{"name":"wp","href":"https:\/\/api.w.org\/{rel}","templated":true}]}}