{"id":1219,"date":"2021-06-25T14:40:57","date_gmt":"2021-06-25T07:40:57","guid":{"rendered":"https:\/\/vilight.vn\/website\/?post_type=product&#038;p=1219"},"modified":"2024-10-01T17:18:32","modified_gmt":"2024-10-01T10:18:32","slug":"den-led-diem-vl-jd12","status":"publish","type":"product","link":"https:\/\/vilight.vn\/website\/san-pham\/den-led-pixel\/den-diem-led-dot\/jd-series\/den-led-diem-vl-jd12\/","title":{"rendered":"\u0110\u00e8n LED \u0111i\u1ec3m VL-JD12"},"content":{"rendered":"<h2 style=\"text-align: justify;\"><span style=\"font-size: 18pt;\">\u00a0\u0110\u00e8n LED Pixel VL-JD12: S\u1ef1 l\u1ef1a ch\u1ecdn ho\u00e0n h\u1ea3o cho chi\u1ebfu s\u00e1ng m\u1eb7t d\u1ef1ng ngo\u00e0i tr\u1eddi<\/span><\/h2>\n<p style=\"text-align: justify;\"><span style=\"font-size: 14pt;\">\u0110\u00e8n LED Pixel VL-JD12 l\u00e0 m\u1ed9t lo\u1ea1i \u0111\u00e8n \u0111\u1eb7c bi\u1ec7t \u0111\u01b0\u1ee3c thi\u1ebft k\u1ebf v\u1edbi nhi\u1ec1u t\u00ednh n\u0103ng \u01b0u vi\u1ec7t, mang l\u1ea1i s\u1ef1 thu\u1eadn l\u1ee3i v\u00e0 \u0111\u01a1n gi\u1ea3n cho c\u00f4ng t\u00e1c l\u1eafp \u0111\u1eb7t v\u00e0 b\u1ea3o tr\u00ec. V\u1edbi kh\u1ea3 n\u0103ng t\u00e1ch r\u1eddi c\u00e1c b\u1ed9 ph\u1eadn nh\u01b0 \u0111\u1ebf \u0111\u00e8n, ph\u1ea7n \u0111i\u1ec1u khi\u1ec3n v\u00e0 m\u1eb7t \u0111\u00e8n LED, n\u00f3 l\u00e0 l\u1ef1a ch\u1ecdn l\u00fd t\u01b0\u1edfng cho vi\u1ec7c chi\u1ebfu s\u00e1ng m\u1eb7t d\u1ef1ng ngo\u00e0i tr\u1eddi, bao g\u1ed3m m\u1eb7t ngo\u00e0i c\u1ee7a kh\u00e1ch s\u1ea1n, c\u00f4ng vi\u00ean v\u00e0 c\u00e1c c\u00f4ng tr\u00ecnh trang tr\u00ed.<\/span><\/p>\n<p style=\"text-align: justify;\"><span style=\"font-size: 14pt;\">1. Thi\u1ebft k\u1ebf linh ho\u1ea1t: \u0110\u00e8n LED Pixel VL-JD12 cho ph\u00e9p t\u00e1ch r\u1eddi c\u00e1c b\u1ed9 ph\u1eadn kh\u00e1c nhau, t\u1eeb \u0111\u1ebf \u0111\u00e8n, ph\u1ea7n \u0111i\u1ec1u khi\u1ec3n \u0111\u1ebfn m\u1eb7t \u0111\u00e8n LED. \u0110i\u1ec1u n\u00e0y gi\u00fap vi\u1ec7c l\u1eafp \u0111\u1eb7t v\u00e0 b\u1ea3o tr\u00ec tr\u1edf n\u00ean thu\u1eadn ti\u1ec7n h\u01a1n bao gi\u1edd h\u1ebft.<\/span><\/p>\n<p style=\"text-align: justify;\"><span style=\"font-size: 14pt;\">2. S\u1ee5t \u00e1p th\u1ea5p: V\u1edbi ngu\u1ed3n \u0111i\u1ec7n DC, \u0111\u00e8n n\u00e0y c\u00f3 kh\u1ea3 n\u0103ng c\u1ea5p \u0111i \u0111\u01b0\u1ee3c kho\u1ea3ng c\u00e1ch xa m\u00e0 v\u1eabn duy tr\u00ec hi\u1ec7u su\u1ea5t \u00e1nh s\u00e1ng \u1ed5n \u0111\u1ecbnh. B\u1ea1n kh\u00f4ng c\u1ea7n lo l\u1eafng v\u1ec1 s\u1ef1 gi\u1ea3m \u00e1nh s\u00e1ng do s\u1ee5t \u00e1p.<\/span><\/p>\n<p style=\"text-align: justify;\"><span style=\"font-size: 14pt;\">3. C\u00e1p li\u1ec1n v\u00e0 ru\u1ed9t \u0111\u1ed3ng nguy\u00ean ch\u1ea5t: \u0110\u00e8n LED Pixel VL-JD12 \u0111\u01b0\u1ee3c trang b\u1ecb c\u00e1p li\u1ec1n v\u00e0 ru\u1ed9t \u0111\u1ed3ng nguy\u00ean ch\u1ea5t, kh\u00f4ng c\u00f3 n\u1ed1i, t\u1eeb \u0111\u00f3 gi\u1ea3m thi\u1ec3u t\u1ed5n hao tr\u00ean \u0111\u01b0\u1eddng truy\u1ec1n. \u0110i\u1ec1u n\u00e0y \u0111\u1ea3m b\u1ea3o ngu\u1ed3n cung c\u1ea5p \u00e1nh s\u00e1ng \u1ed5n \u0111\u1ecbnh v\u00e0 c\u00f3 th\u1ec3 truy\u1ec1n \u0111\u1ea1t \u0111\u01b0\u1ee3c kho\u1ea3ng c\u00e1ch xa.<\/span><\/p>\n<p style=\"text-align: justify;\"><span style=\"font-size: 14pt;\">4. Th\u00edch h\u1ee3p s\u1eed d\u1ee5ng ngo\u00e0i tr\u1eddi v\u00e0 d\u01b0\u1edbi n\u01b0\u1edbc: \u0110\u00e8n LED Pixel VL-JD12 c\u00f3 kh\u1ea3 n\u0103ng ch\u1ed1ng ch\u1ecbu cao v\u1edbi c\u00e1c y\u1ebfu t\u1ed1 m\u00f4i tr\u01b0\u1eddng t\u1ef1 nhi\u00ean nh\u01b0 n\u01b0\u1edbc, \u00e1nh s\u00e1ng m\u1eb7t tr\u1eddi v\u00e0 th\u1eddi ti\u1ebft kh\u1eafc nghi\u1ec7t. B\u1ea1n c\u00f3 th\u1ec3 y\u00ean t\u00e2m s\u1eed d\u1ee5ng n\u00f3 trong c\u00e1c \u1ee9ng d\u1ee5ng ngo\u00e0i tr\u1eddi v\u00e0 d\u01b0\u1edbi n\u01b0\u1edbc m\u00e0 kh\u00f4ng lo l\u1eafng v\u1ec1 \u0111\u1ed9 b\u1ec1n v\u00e0 \u0111\u1ed9 tin c\u1eady.<\/span><\/p>\n<p style=\"text-align: justify;\"><span style=\"font-size: 14pt;\">&#8211; Chip LED: \u0110\u00e8n LED Pixel VL-JD12 \u0111\u01b0\u1ee3c trang b\u1ecb c\u00e1c chip LED h\u00e0ng \u0111\u1ea7u t\u1eeb c\u00e1c th\u01b0\u01a1ng hi\u1ec7u uy t\u00edn nh\u01b0 CREE, Epistar v\u00e0 Os<\/span><span style=\"font-size: 14pt;\">ram, \u0111\u1ea3m b\u1ea3o cho ch\u1ea5t l\u01b0\u1ee3ng \u00e1nh s\u00e1ng v\u00e0 tu\u1ed5i th\u1ecd cao.<\/span><\/p>\n<p style=\"text-align: justify;\"><span style=\"font-size: 14pt;\">&#8211; Gray Level: \u0110\u00e8n LED Pixel VL-JD12 c\u00f3 kh\u1ea3 n\u0103ng hi\u1ec3n th\u1ecb 256\/65536 m\u1ee9c x\u00e1m, gi\u00fap t\u1ea1o ra c\u00e1c hi\u1ec7u \u1ee9ng \u00e1nh s\u00e1ng phong ph\u00fa v\u00e0 \u0111a d\u1ea1ng.<\/span><\/p>\n<p style=\"text-align: justify;\"><span style=\"font-size: 14pt;\">&#8211; G\u00f3c chi\u1ebfu: V\u1edbi g\u00f3c chi\u1ebfu r\u1ed9ng l\u00ean \u0111\u1ebfn 120\u00b0, \u0111\u00e8n n\u00e0y cung c\u1ea5p m\u1ed9t ph\u1ea1m vi chi\u1ebfu s\u00e1ng r\u1ed9ng v\u00e0 \u0111\u1ed3ng \u0111\u1ec1u, gi\u00fap t\u1ea1o ra hi\u1ec7u \u1ee9ng \u00e1nh s\u00e1ng th\u00fa v\u1ecb tr\u00ean b\u1ec1 m\u1eb7t d\u1ef1ng.<\/span><\/p>\n<p style=\"text-align: justify;\"><span style=\"font-size: 14pt;\">&#8211; K\u00edch th\u01b0\u1edbc: K\u00edch th\u01b0\u1edbc nh\u1ecf g\u1ecdn c\u1ee7a \u0111\u00e8n LED Pixel VL-JD12 (29.6*29.6*14.5) gi\u00fap d\u1ec5 d\u00e0ng l\u1eafp \u0111\u1eb7t v\u00e0 t\u00edch h\u1ee3p v\u00e0o c\u00e1c kh\u00f4ng gian h\u1eb9p m\u00e0 kh\u00f4ng g\u00e2y c\u1ea3n tr\u1edf.<\/span><\/p>\n<p style=\"text-align: justify;\"><span style=\"font-size: 14pt;\">&#8211; Nhi\u1ec7t \u0111\u1ed9 ho\u1ea1t \u0111\u1ed9ng: \u0110\u00e8n n\u00e0y ho\u1ea1t \u0111\u1ed9ng trong kho\u1ea3ng nhi\u1ec7t \u0111\u1ed9 t\u1eeb -20 \u0111\u1ed9 C \u0111\u1ebfn 60 \u0111\u1ed9 C, \u0111\u1ea3m b\u1ea3o ho\u1ea1t \u0111\u1ed9ng \u1ed5n \u0111\u1ecbnh trong c\u00e1c \u0111i\u1ec1u ki\u1ec7n th\u1eddi ti\u1ebft kh\u1eafc nghi\u1ec7t.<\/span><\/p>\n<p style=\"text-align: justify;\"><span style=\"font-size: 14pt;\">&#8211; \u0110\u1ed9 k\u00edn: V\u1edbi c\u1ea5p \u0111\u1ed9 k\u00edn IP67, \u0111\u00e8n LED Pixel VL-JD12 \u0111\u01b0\u1ee3c b\u1ea3o v\u1ec7 ch\u1ed1ng n\u01b0\u1edbc v\u00e0 b\u1ee5i, cho ph\u00e9p s\u1eed d\u1ee5ng ngo\u00e0i tr\u1eddi m\u00e0 kh\u00f4ng c\u1ea7n lo l\u1eafng v\u1ec1 t\u00e1c \u0111\u1ed9ng c\u1ee7a m\u00f4i tr\u01b0\u1eddng.<\/span><\/p>\n<p style=\"text-align: justify;\"><span style=\"font-size: 14pt;\">&#8211; \u0110i\u1ec7n \u00e1p ho\u1ea1t \u0111\u1ed9ng: \u0110\u00e8n n\u00e0y ho\u1ea1t \u0111\u1ed9ng v\u1edbi \u0111i\u1ec7n \u00e1p 12VDC ho\u1eb7c 15VDC, \u0111\u1ea3m b\u1ea3o ti\u1ebft ki\u1ec7m n\u0103ng l\u01b0\u1ee3ng v\u00e0 an to\u00e0n trong s\u1eed d\u1ee5ng.<\/span><\/p>\n<p style=\"text-align: justify;\"><span style=\"font-size: 14pt;\">&#8211; Chu\u1ea9n \u0111i\u1ec1u khi\u1ec3n: \u0110\u00e8n LED Pixel VL-JD12 h\u1ed7 tr\u1ee3 c\u00e1c chu\u1ea9n \u0111i\u1ec1u khi\u1ec3n nh\u01b0 DMX, TTL v\u00e0 ON-OFF, mang l\u1ea1i linh ho\u1ea1t v\u00e0 ti\u1ec7n l\u1ee3i trong vi\u1ec7c \u0111i\u1ec1u ch\u1ec9nh \u00e1nh s\u00e1ng theo \u00fd mu\u1ed1n.<\/span><\/p>\n<p style=\"text-align: justify;\"><span style=\"font-size: 14pt;\">&#8211; C\u00f4ng su\u1ea5t: \u0110\u00e8n LED Pixel VL-JD12 c\u00f3 c\u00f4ng su\u1ea5t th\u1ea5p, ch\u1ec9 0.7W ho\u1eb7c 0.9W, gi\u00fap ti\u1ebft ki\u1ec7m n\u0103ng l\u01b0\u1ee3ng v\u00e0 b\u1ea3o v\u1ec7 m\u00f4i tr\u01b0\u1eddng.<\/span><\/p>\n<p style=\"text-align: justify;\"><span style=\"font-size: 14pt;\">&#8211; Tu\u1ed5i th\u1ecd: V\u1edbi tu\u1ed5i th\u1ecd l\u00ean \u0111\u1ebfn 50.000 gi\u1edd, \u0111\u00e8n n\u00e0y \u0111\u1ea3m b\u1ea3o \u0111\u1ed9 b\u1ec1n cao v\u00e0 kh\u1ea3 n\u0103ng ho\u1ea1t \u0111\u1ed9ng l\u00e2u d\u00e0i m\u00e0 kh\u00f4ng c\u1ea7n thay th\u1ebf th\u01b0\u1eddng xuy\u00ean.<\/span><\/p>\n<p style=\"text-align: justify;\"><span style=\"font-size: 14pt;\">&#8211; C\u1ea5p ch\u1ed1ng ch\u00e1y: \u0110\u00e8n LED Pixel VL-JD12 \u0111\u1ea1t c\u1ea5p ch\u1ed1ng ch\u00e1y 94-V0, \u0111\u1ea3m b\u1ea3o an to\u00e0n v\u00e0 \u0111\u00e1ng tin c\u1eady trong vi\u1ec7c s\u1eed d\u1ee5ng. <\/span><span style=\"font-size: 14pt;\">: \u0110\u00e8n LED Pixel VL-JD12 \u0111\u1ea1t c\u1ea5p c\u00e1ch \u0111i\u1ec7n III, \u0111\u1ea3m b\u1ea3o an to\u00e0n cho ng\u01b0\u1eddi s\u1eed d\u1ee5ng. <\/span><span style=\"font-size: 14pt;\">V\u1edbi nh\u1eefng t\u00ednh n\u0103ng v\u01b0\u1ee3t tr\u1ed9i nh\u01b0 thi\u1ebft k\u1ebf linh ho\u1ea1t, kh\u1ea3 n\u0103ng ch\u1ed1ng ch\u1ecbu cao v\u00e0 hi\u1ec7u su\u1ea5t \u00e1nh s\u00e1ng \u1ea5n t\u01b0\u1ee3ng, \u0111\u00e8n LED Pixel VL-JD12 l\u00e0 s\u1ef1 l\u1ef1a ch\u1ecdn ho\u00e0n h\u1ea3o cho c\u00e1c c\u00f4ng tr\u00ecnh chi\u1ebfu s\u00e1ng m\u1eb7t d\u1ef1ng ngo\u00e0i tr\u1eddi. Kh\u00f4ng ch\u1ec9 mang l\u1ea1i \u00e1nh s\u00e1ng tuy\u1ec7t v\u1eddi m\u00e0 c\u00f2n \u0111\u1ea3m b\u1ea3o ti\u1ebft ki\u1ec7m n\u0103ng l\u01b0\u1ee3ng v\u00e0 tu\u1ed5i th\u1ecd cao. H\u00e3y trang tr\u00ed kh\u00f4ng gian c\u1ee7a b\u1ea1n v\u1edbi \u0111\u00e8n LED Pixel VL-JD12 \u0111\u1ec3 t\u1ea1o ra hi\u1ec7u \u1ee9ng \u00e1nh s\u00e1ng \u0111\u1ed9c \u0111\u00e1o v\u00e0 thu h\u00fat m\u1ecdi \u00e1nh nh\u00ecn.<\/span><\/p>\n<p style=\"text-align: justify;\"><span style=\"font-size: 14pt;\"><img decoding=\"async\" class=\"aligncenter wp-image-1214 size-full lazyload\" data-src=\"https:\/\/vilight.vn\/website\/wp-content\/uploads\/2021\/06\/JD-12-tt.jpg\" alt=\"\u0110\u00e8n led \u0111i\u1ec3m VL-JD12\" width=\"1200\" height=\"1095\" data-srcset=\"https:\/\/vilight.vn\/website\/wp-content\/uploads\/2021\/06\/JD-12-tt.jpg 1200w, https:\/\/vilight.vn\/website\/wp-content\/uploads\/2021\/06\/JD-12-tt-800x730.jpg 800w, https:\/\/vilight.vn\/website\/wp-content\/uploads\/2021\/06\/JD-12-tt-300x274.jpg 300w, https:\/\/vilight.vn\/website\/wp-content\/uploads\/2021\/06\/JD-12-tt-1024x934.jpg 1024w, https:\/\/vilight.vn\/website\/wp-content\/uploads\/2021\/06\/JD-12-tt-768x701.jpg 768w, https:\/\/vilight.vn\/website\/wp-content\/uploads\/2021\/06\/JD-12-tt-13x12.jpg 13w, https:\/\/vilight.vn\/website\/wp-content\/uploads\/2021\/06\/JD-12-tt-160x146.jpg 160w, https:\/\/vilight.vn\/website\/wp-content\/uploads\/2021\/06\/JD-12-tt-50x46.jpg 50w, https:\/\/vilight.vn\/website\/wp-content\/uploads\/2021\/06\/JD-12-tt-82x75.jpg 82w, https:\/\/vilight.vn\/website\/wp-content\/uploads\/2021\/06\/JD-12-tt-600x548.jpg 600w, https:\/\/vilight.vn\/website\/wp-content\/uploads\/2021\/06\/JD-12-tt-64x58.jpg 64w\" data-sizes=\"(max-width:767px) 480px, (max-width:1200px) 100vw, 1200px\" src=\"data:image\/svg+xml;base64,PHN2ZyB3aWR0aD0iMSIgaGVpZ2h0PSIxIiB4bWxucz0iaHR0cDovL3d3dy53My5vcmcvMjAwMC9zdmciPjwvc3ZnPg==\" style=\"--smush-placeholder-width: 1200px; --smush-placeholder-aspect-ratio: 1200\/1095;\" \/><\/span><\/p>\n<p style=\"text-align: justify;\">\n","protected":false},"excerpt":{"rendered":"<p style=\"text-align: justify;\"><span style=\"font-size: 14pt;\">\u0110\u00e8n LED \u0111i\u1ec3m VL-JD12 &#8211; S\u1ef1 l\u1ef1a ch\u1ecdn h\u00e0ng \u0111\u1ea7u cho chi\u1ebfu s\u00e1ng m\u1eb7t d\u1ef1ng ngo\u00e0i tr\u1eddi. Linh ho\u1ea1t, b\u1ec1n b\u1ec9 v\u00e0 ti\u1ebft ki\u1ec7m n\u0103ng l\u01b0\u1ee3ng. \u00c1nh s\u00e1ng \u0111a d\u1ea1ng, kh\u1ea3 n\u0103ng ch\u1ed1ng ch\u1ecbu cao. Mang \u0111\u1ebfn kh\u00f4ng gian trang nh\u00e3 v\u00e0 \u1ea5n t\u01b0\u1ee3ng.<\/span><\/p>\n","protected":false},"featured_media":1256,"template":"","meta":[],"product_brand":[],"product_cat":[78,77,138],"product_tag":[],"class_list":{"0":"post-1219","1":"product","2":"type-product","3":"status-publish","4":"has-post-thumbnail","6":"product_cat-den-diem-led-dot","7":"product_cat-den-led-pixel","8":"product_cat-jd-series","9":"pa_chip-led-cree","10":"pa_chip-led-epistar","11":"pa_chip-led-oram","12":"pa_chuan-dieu-khien-dmx","13":"pa_chuan-dieu-khien-on-off","14":"pa_chuan-dieu-khien-ttl","15":"pa_cong-suat-0-7w","16":"pa_cong-suat-0-9w","17":"pa_dien-ap-hoat-dong-12v","18":"pa_dien-ap-hoat-dong-15vdc","19":"pa_do-kin-ip67","20":"pa_goc-chieu-120-do","21":"pa_gray-level-256-65536","22":"pa_kich-thuoc-29-629-614-5","24":"first","25":"instock","26":"taxable","27":"shipping-taxable","28":"product-type-simple"},"yoast_head":"<!-- This site is optimized with the Yoast SEO Premium plugin v27.5 (Yoast SEO v27.5) - https:\/\/yoast.com\/product\/yoast-seo-premium-wordpress\/ -->\n<title>\u0110\u00e8n LED \u0111i\u1ec3m VL-JD12 - Vilight Co.ltd<\/title>\n<meta name=\"description\" content=\"\u0110\u00e8n LED \u0111i\u1ec3m VL-JD12 - S\u1ef1 l\u1ef1a ch\u1ecdn h\u00e0ng \u0111\u1ea7u cho chi\u1ebfu s\u00e1ng m\u1eb7t d\u1ef1ng ngo\u00e0i tr\u1eddi. Mang \u0111\u1ebfn kh\u00f4ng gian trang nh\u00e3 v\u00e0 \u1ea5n t\u01b0\u1ee3ng.\" \/>\n<meta name=\"robots\" content=\"index, follow, max-snippet:-1, max-image-preview:large, max-video-preview:-1\" \/>\n<link rel=\"canonical\" href=\"https:\/\/vilight.vn\/website\/san-pham\/den-led-pixel\/den-diem-led-dot\/jd-series\/den-led-diem-vl-jd12\/\" \/>\n<meta property=\"og:locale\" content=\"vi_VN\" \/>\n<meta property=\"og:type\" content=\"article\" \/>\n<meta property=\"og:title\" content=\"\u0110\u00e8n LED \u0111i\u1ec3m VL-JD12\" \/>\n<meta property=\"og:description\" content=\"\u0110\u00e8n LED \u0111i\u1ec3m VL-JD12 - S\u1ef1 l\u1ef1a ch\u1ecdn h\u00e0ng \u0111\u1ea7u cho chi\u1ebfu s\u00e1ng m\u1eb7t d\u1ef1ng ngo\u00e0i tr\u1eddi. Linh ho\u1ea1t, b\u1ec1n b\u1ec9 v\u00e0 ti\u1ebft ki\u1ec7m n\u0103ng l\u01b0\u1ee3ng. \u00c1nh s\u00e1ng \u0111a d\u1ea1ng, kh\u1ea3 n\u0103ng ch\u1ed1ng ch\u1ecbu cao. Mang \u0111\u1ebfn kh\u00f4ng gian trang nh\u00e3 v\u00e0 \u1ea5n t\u01b0\u1ee3ng.\" \/>\n<meta property=\"og:url\" content=\"https:\/\/vilight.vn\/website\/san-pham\/den-led-pixel\/den-diem-led-dot\/jd-series\/den-led-diem-vl-jd12\/\" \/>\n<meta property=\"og:site_name\" content=\"Vilight Co.ltd\" \/>\n<meta property=\"article:publisher\" content=\"http:\/\/facebook.com\/vilight.vn\" \/>\n<meta property=\"article:modified_time\" content=\"2024-10-01T10:18:32+00:00\" \/>\n<meta property=\"og:image\" content=\"https:\/\/vilight.vn\/website\/wp-content\/uploads\/2021\/06\/JD12.jpg\" \/>\n\t<meta property=\"og:image:width\" content=\"600\" \/>\n\t<meta property=\"og:image:height\" content=\"600\" \/>\n\t<meta property=\"og:image:type\" content=\"image\/jpeg\" \/>\n<meta name=\"twitter:card\" content=\"summary_large_image\" \/>\n<meta name=\"twitter:label1\" content=\"Gi\u00e1\" \/>\n\t<meta name=\"twitter:data1\" content=\"\" \/>\n\t<meta name=\"twitter:label2\" content=\"Kh\u1ea3 d\u1ee5ng\" \/>\n\t<meta name=\"twitter:data2\" content=\"Trong kho\" \/>\n<script type=\"application\/ld+json\" class=\"yoast-schema-graph\">{\"@context\":\"https:\\\/\\\/schema.org\",\"@graph\":[{\"@type\":\"WebPage\",\"@id\":\"https:\\\/\\\/vilight.vn\\\/website\\\/san-pham\\\/den-led-pixel\\\/den-diem-led-dot\\\/jd-series\\\/den-led-diem-vl-jd12\\\/\",\"url\":\"https:\\\/\\\/vilight.vn\\\/website\\\/san-pham\\\/den-led-pixel\\\/den-diem-led-dot\\\/jd-series\\\/den-led-diem-vl-jd12\\\/\",\"name\":\"\u0110\u00e8n LED \u0111i\u1ec3m VL-JD12 - Vilight Co.ltd\",\"isPartOf\":{\"@id\":\"https:\\\/\\\/vilight.vn\\\/website\\\/#website\"},\"primaryImageOfPage\":{\"@id\":\"https:\\\/\\\/vilight.vn\\\/website\\\/san-pham\\\/den-led-pixel\\\/den-diem-led-dot\\\/jd-series\\\/den-led-diem-vl-jd12\\\/#primaryimage\"},\"image\":{\"@id\":\"https:\\\/\\\/vilight.vn\\\/website\\\/san-pham\\\/den-led-pixel\\\/den-diem-led-dot\\\/jd-series\\\/den-led-diem-vl-jd12\\\/#primaryimage\"},\"thumbnailUrl\":\"https:\\\/\\\/vilight.vn\\\/website\\\/wp-content\\\/uploads\\\/2021\\\/06\\\/JD12.jpg\",\"datePublished\":\"2021-06-25T07:40:57+00:00\",\"dateModified\":\"2024-10-01T10:18:32+00:00\",\"description\":\"\u0110\u00e8n LED \u0111i\u1ec3m VL-JD12 - S\u1ef1 l\u1ef1a ch\u1ecdn h\u00e0ng \u0111\u1ea7u cho chi\u1ebfu s\u00e1ng m\u1eb7t d\u1ef1ng ngo\u00e0i tr\u1eddi. Mang \u0111\u1ebfn kh\u00f4ng gian trang nh\u00e3 v\u00e0 \u1ea5n t\u01b0\u1ee3ng.\",\"breadcrumb\":{\"@id\":\"https:\\\/\\\/vilight.vn\\\/website\\\/san-pham\\\/den-led-pixel\\\/den-diem-led-dot\\\/jd-series\\\/den-led-diem-vl-jd12\\\/#breadcrumb\"},\"inLanguage\":\"vi\",\"potentialAction\":[{\"@type\":\"ReadAction\",\"target\":[\"https:\\\/\\\/vilight.vn\\\/website\\\/san-pham\\\/den-led-pixel\\\/den-diem-led-dot\\\/jd-series\\\/den-led-diem-vl-jd12\\\/\"]}]},{\"@type\":\"ImageObject\",\"inLanguage\":\"vi\",\"@id\":\"https:\\\/\\\/vilight.vn\\\/website\\\/san-pham\\\/den-led-pixel\\\/den-diem-led-dot\\\/jd-series\\\/den-led-diem-vl-jd12\\\/#primaryimage\",\"url\":\"https:\\\/\\\/vilight.vn\\\/website\\\/wp-content\\\/uploads\\\/2021\\\/06\\\/JD12.jpg\",\"contentUrl\":\"https:\\\/\\\/vilight.vn\\\/website\\\/wp-content\\\/uploads\\\/2021\\\/06\\\/JD12.jpg\",\"width\":600,\"height\":600},{\"@type\":\"BreadcrumbList\",\"@id\":\"https:\\\/\\\/vilight.vn\\\/website\\\/san-pham\\\/den-led-pixel\\\/den-diem-led-dot\\\/jd-series\\\/den-led-diem-vl-jd12\\\/#breadcrumb\",\"itemListElement\":[{\"@type\":\"ListItem\",\"position\":1,\"name\":\"Home\",\"item\":\"https:\\\/\\\/vilight.vn\\\/website\\\/\"},{\"@type\":\"ListItem\",\"position\":2,\"name\":\"store\",\"item\":\"https:\\\/\\\/vilight.vn\\\/website\\\/store\\\/\"},{\"@type\":\"ListItem\",\"position\":3,\"name\":\"\u0110\u00e8n LED \u0111i\u1ec3m VL-JD12\"}]},{\"@type\":\"WebSite\",\"@id\":\"https:\\\/\\\/vilight.vn\\\/website\\\/#website\",\"url\":\"https:\\\/\\\/vilight.vn\\\/website\\\/\",\"name\":\"Vilight Co.ltd\",\"description\":\"Chi\u1ebfu s\u00e1ng m\u1ef9 thu\u1eadt, chi\u1ebfu s\u00e1ng th\u00f4ng minh, LED Pixel 3D, chi\u1ebfu s\u00e1ng trang tr\u00ed \u0111\u00f4 th\u1ecb, chi\u1ebfu s\u00e1ng v\u00f2ng xoay, chi\u1ebfu s\u00e1ng \u0111\u1ea3o giao th\u00f4ng, c\u1ed5ng ch\u00e0o \u0111\u00f4 th\u1ecb\",\"publisher\":{\"@id\":\"https:\\\/\\\/vilight.vn\\\/website\\\/#organization\"},\"potentialAction\":[{\"@type\":\"SearchAction\",\"target\":{\"@type\":\"EntryPoint\",\"urlTemplate\":\"https:\\\/\\\/vilight.vn\\\/website\\\/?s={search_term_string}\"},\"query-input\":{\"@type\":\"PropertyValueSpecification\",\"valueRequired\":true,\"valueName\":\"search_term_string\"}}],\"inLanguage\":\"vi\"},{\"@type\":\"Organization\",\"@id\":\"https:\\\/\\\/vilight.vn\\\/website\\\/#organization\",\"name\":\"Vilight\",\"url\":\"https:\\\/\\\/vilight.vn\\\/website\\\/\",\"logo\":{\"@type\":\"ImageObject\",\"inLanguage\":\"vi\",\"@id\":\"https:\\\/\\\/vilight.vn\\\/website\\\/#\\\/schema\\\/logo\\\/image\\\/\",\"url\":\"https:\\\/\\\/vilight.vn\\\/website\\\/wp-content\\\/uploads\\\/2022\\\/05\\\/chieu_sang_trang_tri_do_thi_bang_den_led_pixel.png\",\"contentUrl\":\"https:\\\/\\\/vilight.vn\\\/website\\\/wp-content\\\/uploads\\\/2022\\\/05\\\/chieu_sang_trang_tri_do_thi_bang_den_led_pixel.png\",\"width\":800,\"height\":427,\"caption\":\"Vilight\"},\"image\":{\"@id\":\"https:\\\/\\\/vilight.vn\\\/website\\\/#\\\/schema\\\/logo\\\/image\\\/\"},\"sameAs\":[\"http:\\\/\\\/facebook.com\\\/vilight.vn\",\"https:\\\/\\\/www.linkedin.com\\\/company\\\/vilight-vn\",\"https:\\\/\\\/www.youtube.com\\\/channel\\\/UCEwR2naeDcuarMX1kSv_rLQ\\\/videos\"]}]}<\/script>\n<meta property=\"product:brand\" content=\"JD Series\" \/>\n<meta property=\"product:price:currency\" content=\"VND\" \/>\n<meta property=\"og:availability\" content=\"instock\" \/>\n<meta property=\"product:availability\" content=\"instock\" \/>\n<meta property=\"product:condition\" content=\"new\" \/>\n<!-- \/ Yoast SEO Premium plugin. -->","yoast_head_json":{"title":"\u0110\u00e8n LED \u0111i\u1ec3m VL-JD12 - Vilight Co.ltd","description":"\u0110\u00e8n LED \u0111i\u1ec3m VL-JD12 - S\u1ef1 l\u1ef1a ch\u1ecdn h\u00e0ng \u0111\u1ea7u cho chi\u1ebfu s\u00e1ng m\u1eb7t d\u1ef1ng ngo\u00e0i tr\u1eddi. Mang \u0111\u1ebfn kh\u00f4ng gian trang nh\u00e3 v\u00e0 \u1ea5n t\u01b0\u1ee3ng.","robots":{"index":"index","follow":"follow","max-snippet":"max-snippet:-1","max-image-preview":"max-image-preview:large","max-video-preview":"max-video-preview:-1"},"canonical":"https:\/\/vilight.vn\/website\/san-pham\/den-led-pixel\/den-diem-led-dot\/jd-series\/den-led-diem-vl-jd12\/","og_locale":"vi_VN","og_type":"article","og_title":"\u0110\u00e8n LED \u0111i\u1ec3m VL-JD12","og_description":"\u0110\u00e8n LED \u0111i\u1ec3m VL-JD12 - S\u1ef1 l\u1ef1a ch\u1ecdn h\u00e0ng \u0111\u1ea7u cho chi\u1ebfu s\u00e1ng m\u1eb7t d\u1ef1ng ngo\u00e0i tr\u1eddi. Linh ho\u1ea1t, b\u1ec1n b\u1ec9 v\u00e0 ti\u1ebft ki\u1ec7m n\u0103ng l\u01b0\u1ee3ng. \u00c1nh s\u00e1ng \u0111a d\u1ea1ng, kh\u1ea3 n\u0103ng ch\u1ed1ng ch\u1ecbu cao. Mang \u0111\u1ebfn kh\u00f4ng gian trang nh\u00e3 v\u00e0 \u1ea5n t\u01b0\u1ee3ng.","og_url":"https:\/\/vilight.vn\/website\/san-pham\/den-led-pixel\/den-diem-led-dot\/jd-series\/den-led-diem-vl-jd12\/","og_site_name":"Vilight Co.ltd","article_publisher":"http:\/\/facebook.com\/vilight.vn","article_modified_time":"2024-10-01T10:18:32+00:00","og_image":[{"width":600,"height":600,"url":"https:\/\/vilight.vn\/website\/wp-content\/uploads\/2021\/06\/JD12.jpg","type":"image\/jpeg"}],"twitter_card":"summary_large_image","twitter_misc":{"Gi\u00e1":"","Kh\u1ea3 d\u1ee5ng":"Trong kho"},"schema":{"@context":"https:\/\/schema.org","@graph":[{"@type":"WebPage","@id":"https:\/\/vilight.vn\/website\/san-pham\/den-led-pixel\/den-diem-led-dot\/jd-series\/den-led-diem-vl-jd12\/","url":"https:\/\/vilight.vn\/website\/san-pham\/den-led-pixel\/den-diem-led-dot\/jd-series\/den-led-diem-vl-jd12\/","name":"\u0110\u00e8n LED \u0111i\u1ec3m VL-JD12 - Vilight Co.ltd","isPartOf":{"@id":"https:\/\/vilight.vn\/website\/#website"},"primaryImageOfPage":{"@id":"https:\/\/vilight.vn\/website\/san-pham\/den-led-pixel\/den-diem-led-dot\/jd-series\/den-led-diem-vl-jd12\/#primaryimage"},"image":{"@id":"https:\/\/vilight.vn\/website\/san-pham\/den-led-pixel\/den-diem-led-dot\/jd-series\/den-led-diem-vl-jd12\/#primaryimage"},"thumbnailUrl":"https:\/\/vilight.vn\/website\/wp-content\/uploads\/2021\/06\/JD12.jpg","datePublished":"2021-06-25T07:40:57+00:00","dateModified":"2024-10-01T10:18:32+00:00","description":"\u0110\u00e8n LED \u0111i\u1ec3m VL-JD12 - S\u1ef1 l\u1ef1a ch\u1ecdn h\u00e0ng \u0111\u1ea7u cho chi\u1ebfu s\u00e1ng m\u1eb7t d\u1ef1ng ngo\u00e0i tr\u1eddi. Mang \u0111\u1ebfn kh\u00f4ng gian trang nh\u00e3 v\u00e0 \u1ea5n t\u01b0\u1ee3ng.","breadcrumb":{"@id":"https:\/\/vilight.vn\/website\/san-pham\/den-led-pixel\/den-diem-led-dot\/jd-series\/den-led-diem-vl-jd12\/#breadcrumb"},"inLanguage":"vi","potentialAction":[{"@type":"ReadAction","target":["https:\/\/vilight.vn\/website\/san-pham\/den-led-pixel\/den-diem-led-dot\/jd-series\/den-led-diem-vl-jd12\/"]}]},{"@type":"ImageObject","inLanguage":"vi","@id":"https:\/\/vilight.vn\/website\/san-pham\/den-led-pixel\/den-diem-led-dot\/jd-series\/den-led-diem-vl-jd12\/#primaryimage","url":"https:\/\/vilight.vn\/website\/wp-content\/uploads\/2021\/06\/JD12.jpg","contentUrl":"https:\/\/vilight.vn\/website\/wp-content\/uploads\/2021\/06\/JD12.jpg","width":600,"height":600},{"@type":"BreadcrumbList","@id":"https:\/\/vilight.vn\/website\/san-pham\/den-led-pixel\/den-diem-led-dot\/jd-series\/den-led-diem-vl-jd12\/#breadcrumb","itemListElement":[{"@type":"ListItem","position":1,"name":"Home","item":"https:\/\/vilight.vn\/website\/"},{"@type":"ListItem","position":2,"name":"store","item":"https:\/\/vilight.vn\/website\/store\/"},{"@type":"ListItem","position":3,"name":"\u0110\u00e8n LED \u0111i\u1ec3m VL-JD12"}]},{"@type":"WebSite","@id":"https:\/\/vilight.vn\/website\/#website","url":"https:\/\/vilight.vn\/website\/","name":"Vilight Co.ltd","description":"Chi\u1ebfu s\u00e1ng m\u1ef9 thu\u1eadt, chi\u1ebfu s\u00e1ng th\u00f4ng minh, LED Pixel 3D, chi\u1ebfu s\u00e1ng trang tr\u00ed \u0111\u00f4 th\u1ecb, chi\u1ebfu s\u00e1ng v\u00f2ng xoay, chi\u1ebfu s\u00e1ng \u0111\u1ea3o giao th\u00f4ng, c\u1ed5ng ch\u00e0o \u0111\u00f4 th\u1ecb","publisher":{"@id":"https:\/\/vilight.vn\/website\/#organization"},"potentialAction":[{"@type":"SearchAction","target":{"@type":"EntryPoint","urlTemplate":"https:\/\/vilight.vn\/website\/?s={search_term_string}"},"query-input":{"@type":"PropertyValueSpecification","valueRequired":true,"valueName":"search_term_string"}}],"inLanguage":"vi"},{"@type":"Organization","@id":"https:\/\/vilight.vn\/website\/#organization","name":"Vilight","url":"https:\/\/vilight.vn\/website\/","logo":{"@type":"ImageObject","inLanguage":"vi","@id":"https:\/\/vilight.vn\/website\/#\/schema\/logo\/image\/","url":"https:\/\/vilight.vn\/website\/wp-content\/uploads\/2022\/05\/chieu_sang_trang_tri_do_thi_bang_den_led_pixel.png","contentUrl":"https:\/\/vilight.vn\/website\/wp-content\/uploads\/2022\/05\/chieu_sang_trang_tri_do_thi_bang_den_led_pixel.png","width":800,"height":427,"caption":"Vilight"},"image":{"@id":"https:\/\/vilight.vn\/website\/#\/schema\/logo\/image\/"},"sameAs":["http:\/\/facebook.com\/vilight.vn","https:\/\/www.linkedin.com\/company\/vilight-vn","https:\/\/www.youtube.com\/channel\/UCEwR2naeDcuarMX1kSv_rLQ\/videos"]}]},"product_brand":"JD Series","product_price_currency":"VND","og_availability":"instock","product_availability":"instock","product_condition":"new"},"_links":{"self":[{"href":"https:\/\/vilight.vn\/website\/wp-json\/wp\/v2\/product\/1219","targetHints":{"allow":["GET"]}}],"collection":[{"href":"https:\/\/vilight.vn\/website\/wp-json\/wp\/v2\/product"}],"about":[{"href":"https:\/\/vilight.vn\/website\/wp-json\/wp\/v2\/types\/product"}],"wp:featuredmedia":[{"embeddable":true,"href":"https:\/\/vilight.vn\/website\/wp-json\/wp\/v2\/media\/1256"}],"wp:attachment":[{"href":"https:\/\/vilight.vn\/website\/wp-json\/wp\/v2\/media?parent=1219"}],"wp:term":[{"taxonomy":"product_brand","embeddable":true,"href":"https:\/\/vilight.vn\/website\/wp-json\/wp\/v2\/product_brand?post=1219"},{"taxonomy":"product_cat","embeddable":true,"href":"https:\/\/vilight.vn\/website\/wp-json\/wp\/v2\/product_cat?post=1219"},{"taxonomy":"product_tag","embeddable":true,"href":"https:\/\/vilight.vn\/website\/wp-json\/wp\/v2\/product_tag?post=1219"}],"curies":[{"name":"wp","href":"https:\/\/api.w.org\/{rel}","templated":true}]}}