{"id":1226,"date":"2021-06-25T15:13:54","date_gmt":"2021-06-25T08:13:54","guid":{"rendered":"https:\/\/vilight.vn\/website\/?post_type=product&#038;p=1226"},"modified":"2024-10-01T17:22:29","modified_gmt":"2024-10-01T10:22:29","slug":"den-led-diem-vl-jd42","status":"publish","type":"product","link":"https:\/\/vilight.vn\/website\/san-pham\/den-led-pixel\/den-diem-led-dot\/jd-series\/den-led-diem-vl-jd42\/","title":{"rendered":"\u0110\u00e8n LED \u0111i\u1ec3m VL-JD42"},"content":{"rendered":"<h2 style=\"text-align: justify;\"><span style=\"font-size: 18pt;\">\u0110\u00e8n LED \u0111i\u1ec3m VL-JD42: Gi\u1ea3i ph\u00e1p chi\u1ebfu s\u00e1ng \u0111a n\u0103ng cho c\u1ea3nh quan v\u00e0 ki\u1ebfn tr\u00fac<\/span><\/h2>\n<p style=\"text-align: justify;\"><span style=\"font-size: 14pt;\">\u0110\u00e8n LED \u0111i\u1ec3m VL-JD42 l\u00e0 m\u1ed9t s\u1ea3n ph\u1ea9m ch\u1ea5t l\u01b0\u1ee3ng cao, \u0111\u01b0\u1ee3c thi\u1ebft k\u1ebf \u0111\u1eb7c bi\u1ec7t \u0111\u1ec3 chi\u1ebfu s\u00e1ng trang tr\u00ed c\u1ea3nh quan, c\u1ea7u v\u00e0 t\u00f2a nh\u00e0 cao t\u1ea7ng. V\u1edbi nhi\u1ec1u t\u00ednh n\u0103ng \u01b0u vi\u1ec7t, \u0111\u00e8n LED \u0111i\u1ec3m VL-JD42 kh\u00f4ng ch\u1ec9 mang \u0111\u1ebfn hi\u1ec7u qu\u1ea3 chi\u1ebfu s\u00e1ng tuy\u1ec7t v\u1eddi m\u00e0 c\u00f2n \u0111\u1ea3m b\u1ea3o s\u1ef1 b\u1ec1n b\u1ec9 v\u00e0 an to\u00e0n trong m\u00f4i tr\u01b0\u1eddng ngo\u00e0i tr\u1eddi.<\/span><\/p>\n<p style=\"text-align: justify;\"><span style=\"font-size: 14pt;\">M\u1ed9t s\u1ed1 th\u00f4ng tin chi ti\u1ebft v\u1ec1 \u0111\u00e8n LED \u0111i\u1ec3m VL-JD42:<\/span><\/p>\n<p style=\"text-align: justify;\"><span style=\"font-size: 14pt;\">1. C\u00f4ng ngh\u1ec7 LED: \u0110\u00e8n LED n\u00e0y s\u1eed d\u1ee5ng chip LED SMD3535RGB v\u1edbi \u0111\u1ed9 s\u00e1ng cao v\u00e0 g\u00f3c chi\u1ebfu r\u1ed9ng. Chip LED t\u1eeb c\u00e1c nh\u00e0 s\u1ea3n xu\u1ea5t uy t\u00edn nh\u01b0 CREE, Epistar, Osram gi\u00fap \u0111\u1ea3m b\u1ea3o ch\u1ea5t l\u01b0\u1ee3ng \u00e1nh s\u00e1ng v\u00e0 \u0111\u1ed9 tin c\u1eady c\u1ee7a s\u1ea3n ph\u1ea9m.<\/span><\/p>\n<p style=\"text-align: justify;\"><span style=\"font-size: 14pt;\">2. \u0110\u1ed9 b\u1ea3o v\u1ec7 cao: \u0110\u00e8n \u0111\u01b0\u1ee3c l\u1ea5p \u0111\u1ea7y b\u1eb1ng keo PU, t\u1ea1o ra m\u1ed9t l\u1edbp b\u1ea3o v\u1ec7 ch\u1eafc ch\u1eafn. \u0110i\u1ec1u n\u00e0y gi\u00fap \u0111\u00e8n LED VL-JD42 ch\u1ed1ng n\u01b0\u1edbc, ch\u1ed1ng b\u1ee5i v\u00e0 c\u00f3 kh\u1ea3 n\u0103ng ch\u1ed1ng ch\u1ecbu cao v\u1edbi c\u00e1c t\u00e1c \u0111\u1ed9ng t\u1eeb m\u00f4i tr\u01b0\u1eddng ngo\u00e0i tr\u1eddi.<\/span><\/p>\n<p style=\"text-align: justify;\"><span style=\"font-size: 14pt;\">3. V\u1eadt li\u1ec7u ch\u1ed1ng l\u1ea1nh v\u00e0 ch\u1ed1ng tia UV: C\u00e1p \u0111i\u1ec7n v\u00e0 v\u1ecf \u0111\u00e8n \u0111\u01b0\u1ee3c l\u00e0m b\u1eb1ng v\u1eadt li\u1ec7u ch\u1ed1ng l\u1ea1nh, ch\u1ed1ng tia UV, ch\u1ed1ng ch\u00e1y. \u0110i\u1ec1u n\u00e0y \u0111\u1ea3m b\u1ea3o r\u1eb1ng \u0111\u00e8n LED c\u00f3 th\u1ec3 ho\u1ea1t \u0111\u1ed9ng l\u00e2u d\u00e0i trong m\u00f4i tr\u01b0\u1eddng kh\u1eafc nghi\u1ec7t c\u1ee7a ngo\u00e0i tr\u1eddi m\u00e0 kh\u00f4ng b\u1ecb \u1ea3nh h\u01b0\u1edfng b\u1edfi \u00e1nh s\u00e1ng m\u1eb7t tr\u1eddi hay c\u00e1c y\u1ebfu t\u1ed1 kh\u00ed h\u1eadu kh\u00e1c.<\/span><\/p>\n<p style=\"text-align: justify;\"><span style=\"font-size: 14pt;\">4. Ngu\u1ed3n \u0111i\u1ec7n DC c\u1ea5p \u0111i \u0111\u01b0\u1ee3c kho\u1ea3ng c\u00e1ch xa: \u0110\u00e8n LED VL-JD42 s\u1eed d\u1ee5ng ngu\u1ed3n \u0111i\u1ec7n c\u1ea5p DC, cho ph\u00e9p truy\u1ec1n d\u1eabn \u0111i\u1ec7n n\u0103ng xa m\u00e0 kh\u00f4ng g\u1eb7p t\u00ecnh tr\u1ea1ng t\u1ed5n hao l\u1edbn tr\u00ean \u0111\u01b0\u1eddng truy\u1ec1n. \u0110i\u1ec1u n\u00e0y gi\u00fap vi\u1ec7c c\u1ea5p \u0111i\u1ec7n cho \u0111\u00e8n \u1edf kho\u1ea3ng c\u00e1ch xa tr\u1edf n\u00ean d\u1ec5 d\u00e0ng v\u00e0 thu\u1eadn ti\u1ec7n h\u01a1n.<\/span><\/p>\n<p style=\"text-align: justify;\"><span style=\"font-size: 14pt;\">5. Thi\u1ebft k\u1ebf ti\u1ec7n d\u1ee5ng: M\u1eb7t \u0111\u00e8n v\u00e0 ph\u1ea7n \u0111i\u1ec1u khi\u1ec3n c\u00f3 th\u1ec3 t\u00e1ch r\u1eddi nhau, gi\u00fap d\u1ec5 d\u00e0ng th\u1ef1c hi\u1ec7n c\u00f4ng t\u00e1c b\u1ea3o tr\u00ec v\u00e0 s\u1eeda ch\u1eefa khi c\u1ea7n thi\u1ebft.<\/span><\/p>\n<p style=\"text-align: justify;\"><span style=\"font-size: 14pt;\">6. Kh\u1ea3 n\u0103ng ch\u1ed1ng ch\u1ecbu cao v\u1edbi thi\u00ean nhi\u00ean: \u0110\u00e8n LED \u0111i\u1ec3m VL-JD42 \u0111\u01b0\u1ee3c thi\u1ebft k\u1ebf \u0111\u1ec3 ch\u1ecbu \u0111\u01b0\u1ee3c c\u00e1c t\u00e1c \u0111\u1ed9ng t\u1eeb m\u00f4i tr\u01b0\u1eddng t\u1ef1 nhi\u00ean nh\u01b0 m\u01b0a, n\u1eafng, gi\u00f3, v\u00e0 nhi\u1ec7t \u0111\u1ed9 kh\u1eafc nghi\u1ec7t. V\u1edbi kh\u1ea3 n\u0103ng ch\u1ed1ng n\u01b0\u1edbc IP67, \u0111\u00e8n c\u00f3 th\u1ec3 ho\u1ea1t \u0111\u1ed9ng t\u1ed1t c\u1ea3 ngo\u00e0i tr\u1eddi v\u00e0 d\u01b0\u1edbi n\u01b0\u1edbc.<\/span><\/p>\n<p style=\"text-align: justify;\"><span style=\"font-size: 14pt;\">7. Th\u00f4ng s\u1ed1 k\u1ef9 thu\u1eadt:<\/span><br \/>\n<span style=\"font-size: 14pt;\">&#8211; Gray Level: \u0110\u00e8n LED VL-JD42 c\u00f3 kh\u1ea3 n\u0103ng hi\u1ec3n th\u1ecb 256\/65536 m\u1ee9c x\u00e1m, cho ph\u00e9p t\u00e1i t\u1ea1o c\u00e1c m\u00e0u s\u1eafc v\u00e0 hi\u1ec7u \u1ee9ng \u00e1nh s\u00e1ng \u0111a d\u1ea1ng.<\/span><br \/>\n<span style=\"font-size: 14pt;\">&#8211; G\u00f3c chi\u1ebfu: \u0110\u00e8n c\u00f3 g\u00f3c chi\u1ebfu r\u1ed9ng l\u00ean \u0111\u1ebfn 120\u00b0, t\u1ea1o ra \u00e1nh s\u00e1ng ph\u00e2n b\u1ed5 \u0111\u1ed3ng \u0111\u1ec1u v\u00e0 r\u1ed9ng kh\u1eafp kh\u00f4ng gian chi\u1ebfu s\u00e1ng.<\/span><br \/>\n<span style=\"font-size: 14pt;\">&#8211; Nhi\u1ec7t \u0111\u1ed9 ho\u1ea1t \u0111\u1ed9ng: \u0110\u00e8n c\u00f3 th\u1ec3 ho\u1ea1t \u0111\u1ed9ng trong kho\u1ea3ng nhi\u1ec7t \u0111\u1ed9 t\u1eeb -20 \u0111\u1ed9 C \u0111\u1ebfn 60 \u0111\u1ed9 C, ph\u00f9 h\u1ee3p v\u1edbi nhi\u1ec1u \u0111i\u1ec1u ki\u1ec7n kh\u00ed h\u1eadu v\u00e0 m\u00f4i tr\u01b0\u1eddng l\u00e0m vi\u1ec7c.<\/span><br \/>\n<span style=\"font-size: 14pt;\">&#8211; \u0110i\u1ec7n \u00e1p ho\u1ea1t \u0111\u1ed9ng: \u0110\u00e8n LED VL-JD42 c\u00f3 c\u00e1c t\u00f9y ch\u1ecdn \u0111i\u1ec7n \u00e1p ho\u1ea1t \u0111\u1ed9ng l\u00e0 12VDC, 15VDC v\u00e0 24VDC, \u0111\u00e1p \u1ee9ng nhu c\u1ea7u c\u1ea5p \u0111i\u1ec7n \u0111a d\u1ea1ng.<\/span><br \/>\n<span style=\"font-size: 14pt;\">&#8211; C\u00f4ng su\u1ea5t: \u0110\u00e8n c\u00f3 c\u00e1c phi\u00ean b\u1ea3n c\u00f4ng su\u1ea5t kh\u00e1c nhau, bao g\u1ed3m 0.9W, 1.3W, 1.4W v\u00e0 1.8W, gi\u00fap l\u1ef1a ch\u1ecdn ph\u00f9 h\u1ee3p v\u1edbi y\u00eau c\u1ea7u chi\u1ebfu s\u00e1ng c\u1ee5 th\u1ec3.<\/span><br \/>\n<span style=\"font-size: 14pt;\">&#8211; Tu\u1ed5i th\u1ecd: V\u1edbi tu\u1ed5i th\u1ecd 50.000 gi\u1edd, \u0111\u00e8n LED VL-JD42 \u0111\u1ea3m b\u1ea3o \u0111\u1ed9 b\u1ec1n cao v\u00e0 tu\u1ed5i th\u1ecd l\u00e2u d\u00e0i, gi\u1ea3m thi\u1ec3u nhu c\u1ea7u thay th\u1ebf v\u00e0 b\u1ea3o tr\u00ec \u0111\u00e8n.<\/span><br \/>\n<span style=\"font-size: 14pt;\">&#8211; C\u1ea5p ch\u1ed1ng ch\u00e1y: \u0110\u00e8n \u0111\u01b0\u1ee3c ph\u00e2n lo\u1ea1i c\u1ea5p ch\u1ed1ng ch\u00e1y 94-V0, \u0111\u1ea3m b\u1ea3o an to\u00e0n trong vi\u1ec7c s\u1eed d\u1ee5ng v\u00e0 tr\u00e1nh nguy c\u01a1 ch\u00e1y n\u1ed5.<\/span><br \/>\n<span style=\"font-size: 14pt;\">&#8211; C\u1ea5p c\u00e1ch \u0111i\u1ec7n: \u0110\u00e8n c\u00f3 c\u1ea5p c\u00e1ch \u0111i\u1ec7n III, \u0111\u1ea3m b\u1ea3o an to\u00e0n tuy\u1ec7t \u0111\u1ed1i trong vi\u1ec7c s\u1eed d\u1ee5ng \u0111i\u1ec7n \u00e1p.<\/span><\/p>\n<p style=\"text-align: justify;\"><span style=\"font-size: 14pt;\">T\u00f3m l\u1ea1i, \u0111\u00e8n LED \u0111i\u1ec3m VL-JD42 l\u00e0 m\u1ed9t gi\u1ea3i ph\u00e1p chi\u1ebfu s\u00e1ng \u0111a n\u0103ng, \u0111\u00e1ng tin c\u1eady v\u00e0 b\u1ec1n b\u1ec9 cho vi\u1ec7c trang tr\u00ed c\u1ea3nh quan, c\u1ea7u v\u00e0 t\u00f2a nh\u00e0 cao t\u1ea7ng. V\u1edbi c\u00e1c t\u00ednh n\u0103ng n\u1ed5i b\u1eadt nh\u01b0 chip LED ch\u1ea5t l\u01b0\u1ee3ng cao, \u0111\u1ed9 s\u00e1ng cao, g\u00f3c chi\u1ebfu r\u1ed9ng, kh\u1ea3 n\u0103ng ch\u1ed1ng n\u01b0\u1edbc v\u00e0 ch\u1ecbu \u0111\u01b0\u1ee3c t\u00e1c \u0111\u1ed9ng t\u1eeb m\u00f4i tr\u01b0\u1eddng ngo\u00e0i tr\u1eddi, \u0111\u00e8n LED \u0111i\u1ec3m VL-JD42 mang \u0111\u1ebfn hi\u1ec7u qu\u1ea3 chi\u1ebfu s\u00e1ng tuy\u1ec7t v\u1eddi v\u00e0 \u0111\u1ed9 b\u1ec1n cao. C\u00f9ng v\u1edbi \u0111\u00f3, t\u00ednh ti\u1ec7n d\u1ee5ng trong vi\u1ec7c b\u1ea3o tr\u00ec v\u00e0 c\u1ea5u tr\u00fac ch\u1ed1ng ch\u00e1y c\u0169ng l\u00e0 nh\u1eefng \u01b0u \u0111i\u1ec3m n\u1ed5i b\u1eadt c\u1ee7a s\u1ea3n ph\u1ea9m n\u00e0y.<\/span><\/p>\n<p style=\"text-align: justify;\"><span style=\"font-size: 14pt;\">V\u1edbi m\u1ee9c tu\u1ed5i th\u1ecd 50.000 gi\u1edd, b\u1ea1n c\u00f3 th\u1ec3 tin t\u01b0\u1edfng v\u00e0o s\u1ef1 \u0111\u00e1ng tin c\u1eady v\u00e0 s\u1ef1 l\u00e2u d\u00e0i c\u1ee7a \u0111\u00e8n LED n\u00e0y. Kh\u1ea3 n\u0103ng ch\u1ecbu nhi\u1ec7t t\u1eeb -20 \u0111\u1ed9 C \u0111\u1ebfn 60 \u0111\u1ed9 C c\u00f9ng v\u1edbi kh\u1ea3 n\u0103ng ch\u1ed1ng ch\u00e1y c\u1ea5p 94-V0 v\u00e0 c\u1ea5p c\u00e1ch \u0111i\u1ec7n III, \u0111\u00e8n LED \u0111i\u1ec3m VL-JD42 \u0111\u00e1p \u1ee9ng c\u00e1c ti\u00eau chu\u1ea9n an to\u00e0n cao.<\/span><\/p>\n<p style=\"text-align: justify;\"><span style=\"font-size: 14pt;\">V\u1edbi nh\u1eefng \u01b0u \u0111i\u1ec3m n\u1ed5i b\u1eadt v\u00e0 t\u00ednh n\u0103ng \u0111a d\u1ea1ng, \u0111\u00e8n LED \u0111i\u1ec3m VL-JD42 l\u00e0 m\u1ed9t l\u1ef1a ch\u1ecdn l\u00fd t\u01b0\u1edfng cho c\u00e1c d\u1ef1 \u00e1n chi\u1ebfu s\u00e1ng trang tr\u00ed c\u1ea3nh quan, c\u1ea7u v\u00e0 t\u00f2a nh\u00e0 cao t\u1ea7ng. V\u1edbi kh\u1ea3 n\u0103ng s\u1eed d\u1ee5ng trong m\u00f4i tr\u01b0\u1eddng ngo\u00e0i tr\u1eddi v\u00e0 d\u01b0\u1edbi n\u01b0\u1edbc, s\u1ea3n ph\u1ea9m n\u00e0y mang l\u1ea1i hi\u1ec7u su\u1ea5t v\u00e0 \u0111\u1ed9 b\u1ec1n cao, gi\u00fap t\u1ea1o ra m\u1ed9t kh\u00f4ng gian chi\u1ebfu s\u00e1ng h\u1ea5p d\u1eabn v\u00e0 b\u1ec1n v\u1eefng.<\/span><\/p>\n<p style=\"text-align: justify;\"><span style=\"font-size: 14pt;\"><img decoding=\"async\" class=\"aligncenter wp-image-1246 size-full lazyload\" data-src=\"https:\/\/vilight.vn\/website\/wp-content\/uploads\/2021\/06\/JD42-TT-1.jpg\" alt=\"\u0110\u00e8n led \u0111i\u1ec3m VL-JD42\" width=\"1200\" height=\"1929\" data-srcset=\"https:\/\/vilight.vn\/website\/wp-content\/uploads\/2021\/06\/JD42-TT-1.jpg 1200w, https:\/\/vilight.vn\/website\/wp-content\/uploads\/2021\/06\/JD42-TT-1-800x1286.jpg 800w, https:\/\/vilight.vn\/website\/wp-content\/uploads\/2021\/06\/JD42-TT-1-187x300.jpg 187w, https:\/\/vilight.vn\/website\/wp-content\/uploads\/2021\/06\/JD42-TT-1-637x1024.jpg 637w, https:\/\/vilight.vn\/website\/wp-content\/uploads\/2021\/06\/JD42-TT-1-768x1235.jpg 768w, https:\/\/vilight.vn\/website\/wp-content\/uploads\/2021\/06\/JD42-TT-1-956x1536.jpg 956w, https:\/\/vilight.vn\/website\/wp-content\/uploads\/2021\/06\/JD42-TT-1-7x12.jpg 7w, https:\/\/vilight.vn\/website\/wp-content\/uploads\/2021\/06\/JD42-TT-1-91x146.jpg 91w, https:\/\/vilight.vn\/website\/wp-content\/uploads\/2021\/06\/JD42-TT-1-31x50.jpg 31w, https:\/\/vilight.vn\/website\/wp-content\/uploads\/2021\/06\/JD42-TT-1-47x75.jpg 47w, https:\/\/vilight.vn\/website\/wp-content\/uploads\/2021\/06\/JD42-TT-1-600x965.jpg 600w, https:\/\/vilight.vn\/website\/wp-content\/uploads\/2021\/06\/JD42-TT-1-64x103.jpg 64w\" data-sizes=\"(max-width:767px) 480px, (max-width:1200px) 100vw, 1200px\" src=\"data:image\/svg+xml;base64,PHN2ZyB3aWR0aD0iMSIgaGVpZ2h0PSIxIiB4bWxucz0iaHR0cDovL3d3dy53My5vcmcvMjAwMC9zdmciPjwvc3ZnPg==\" style=\"--smush-placeholder-width: 1200px; --smush-placeholder-aspect-ratio: 1200\/1929;\" \/><\/span><\/p>\n<p style=\"text-align: justify;\">\n","protected":false},"excerpt":{"rendered":"<p style=\"text-align: justify;\"><span style=\"font-size: 14pt;\">\u0110\u00e8n LED \u0111i\u1ec3m VL-JD42 l\u00e0 l\u1ef1a ch\u1ecdn ho\u00e0n h\u1ea3o cho chi\u1ebfu s\u00e1ng trang tr\u00ed c\u1ea3nh quan. V\u1edbi chip LED SMD3535RGB, \u0111\u1ed9 s\u00e1ng cao, kh\u1ea3 n\u0103ng ch\u1ed1ng n\u01b0\u1edbc IP67 v\u00e0 tu\u1ed5i th\u1ecd 50.000 gi\u1edd, \u0111\u00e8n \u0111em l\u1ea1i \u00e1nh s\u00e1ng tuy\u1ec7t v\u1eddi v\u00e0 \u0111\u1ed9 b\u1ec1n cao.<\/span><\/p>\n","protected":false},"featured_media":1254,"template":"","meta":[],"product_brand":[],"product_cat":[78,77,138],"product_tag":[],"class_list":{"0":"post-1226","1":"product","2":"type-product","3":"status-publish","4":"has-post-thumbnail","6":"product_cat-den-diem-led-dot","7":"product_cat-den-led-pixel","8":"product_cat-jd-series","9":"pa_chip-led-cree","10":"pa_chip-led-epistar","11":"pa_chip-led-oram","12":"pa_cong-suat-0-9w","13":"pa_cong-suat-1-3w","14":"pa_cong-suat-1-4w","15":"pa_cong-suat-1-8w","16":"pa_dien-ap-hoat-dong-12v","17":"pa_dien-ap-hoat-dong-15vdc","18":"pa_dien-ap-hoat-dong-24vdc","19":"pa_do-kin-ip67","20":"pa_goc-chieu-120-do","21":"pa_gray-level-256-65536","23":"first","24":"instock","25":"taxable","26":"shipping-taxable","27":"product-type-simple"},"yoast_head":"<!-- This site is optimized with the Yoast SEO Premium plugin v27.4 (Yoast SEO v27.4) - https:\/\/yoast.com\/product\/yoast-seo-premium-wordpress\/ -->\n<title>\u0110\u00e8n LED \u0111i\u1ec3m VL-JD42 - Vilight Co.ltd<\/title>\n<meta name=\"description\" content=\"\u0110\u00e8n LED \u0111i\u1ec3m VL-JD42 l\u00e0 m\u1ed9t l\u1ef1a ch\u1ecdn l\u00fd t\u01b0\u1edfng cho c\u00e1c d\u1ef1 \u00e1n chi\u1ebfu s\u00e1ng trang tr\u00ed c\u1ea3nh quan, c\u1ea7u v\u00e0 t\u00f2a nh\u00e0 cao t\u1ea7ng; t\u1ea1o kh\u00f4ng gian chi\u1ebfu s\u00e1ng h\u1ea5p d\u1eabn.\" \/>\n<meta name=\"robots\" content=\"index, follow, max-snippet:-1, max-image-preview:large, max-video-preview:-1\" \/>\n<link rel=\"canonical\" href=\"https:\/\/vilight.vn\/website\/san-pham\/den-led-pixel\/den-diem-led-dot\/jd-series\/den-led-diem-vl-jd42\/\" \/>\n<meta property=\"og:locale\" content=\"vi_VN\" \/>\n<meta property=\"og:type\" content=\"article\" \/>\n<meta property=\"og:title\" content=\"\u0110\u00e8n LED \u0111i\u1ec3m VL-JD42\" \/>\n<meta property=\"og:description\" content=\"\u0110\u00e8n LED \u0111i\u1ec3m VL-JD42 l\u00e0 l\u1ef1a ch\u1ecdn ho\u00e0n h\u1ea3o cho chi\u1ebfu s\u00e1ng trang tr\u00ed c\u1ea3nh quan. V\u1edbi chip LED SMD3535RGB, \u0111\u1ed9 s\u00e1ng cao, kh\u1ea3 n\u0103ng ch\u1ed1ng n\u01b0\u1edbc IP67 v\u00e0 tu\u1ed5i th\u1ecd 50.000 gi\u1edd, \u0111\u00e8n \u0111em l\u1ea1i \u00e1nh s\u00e1ng tuy\u1ec7t v\u1eddi v\u00e0 \u0111\u1ed9 b\u1ec1n cao.\" \/>\n<meta property=\"og:url\" content=\"https:\/\/vilight.vn\/website\/san-pham\/den-led-pixel\/den-diem-led-dot\/jd-series\/den-led-diem-vl-jd42\/\" \/>\n<meta property=\"og:site_name\" content=\"Vilight Co.ltd\" \/>\n<meta property=\"article:publisher\" content=\"http:\/\/facebook.com\/vilight.vn\" \/>\n<meta property=\"article:modified_time\" content=\"2024-10-01T10:22:29+00:00\" \/>\n<meta property=\"og:image\" content=\"https:\/\/vilight.vn\/website\/wp-content\/uploads\/2021\/06\/JD42-1.jpg\" \/>\n\t<meta property=\"og:image:width\" content=\"600\" \/>\n\t<meta property=\"og:image:height\" content=\"600\" \/>\n\t<meta property=\"og:image:type\" content=\"image\/jpeg\" \/>\n<meta name=\"twitter:card\" content=\"summary_large_image\" \/>\n<meta name=\"twitter:label1\" content=\"Gi\u00e1\" \/>\n\t<meta name=\"twitter:data1\" content=\"\" \/>\n\t<meta name=\"twitter:label2\" content=\"Kh\u1ea3 d\u1ee5ng\" \/>\n\t<meta name=\"twitter:data2\" content=\"Trong kho\" \/>\n<script type=\"application\/ld+json\" class=\"yoast-schema-graph\">{\"@context\":\"https:\\\/\\\/schema.org\",\"@graph\":[{\"@type\":\"WebPage\",\"@id\":\"https:\\\/\\\/vilight.vn\\\/website\\\/san-pham\\\/den-led-pixel\\\/den-diem-led-dot\\\/jd-series\\\/den-led-diem-vl-jd42\\\/\",\"url\":\"https:\\\/\\\/vilight.vn\\\/website\\\/san-pham\\\/den-led-pixel\\\/den-diem-led-dot\\\/jd-series\\\/den-led-diem-vl-jd42\\\/\",\"name\":\"\u0110\u00e8n LED \u0111i\u1ec3m VL-JD42 - Vilight Co.ltd\",\"isPartOf\":{\"@id\":\"https:\\\/\\\/vilight.vn\\\/website\\\/#website\"},\"primaryImageOfPage\":{\"@id\":\"https:\\\/\\\/vilight.vn\\\/website\\\/san-pham\\\/den-led-pixel\\\/den-diem-led-dot\\\/jd-series\\\/den-led-diem-vl-jd42\\\/#primaryimage\"},\"image\":{\"@id\":\"https:\\\/\\\/vilight.vn\\\/website\\\/san-pham\\\/den-led-pixel\\\/den-diem-led-dot\\\/jd-series\\\/den-led-diem-vl-jd42\\\/#primaryimage\"},\"thumbnailUrl\":\"https:\\\/\\\/vilight.vn\\\/website\\\/wp-content\\\/uploads\\\/2021\\\/06\\\/JD42-1.jpg\",\"datePublished\":\"2021-06-25T08:13:54+00:00\",\"dateModified\":\"2024-10-01T10:22:29+00:00\",\"description\":\"\u0110\u00e8n LED \u0111i\u1ec3m VL-JD42 l\u00e0 m\u1ed9t l\u1ef1a ch\u1ecdn l\u00fd t\u01b0\u1edfng cho c\u00e1c d\u1ef1 \u00e1n chi\u1ebfu s\u00e1ng trang tr\u00ed c\u1ea3nh quan, c\u1ea7u v\u00e0 t\u00f2a nh\u00e0 cao t\u1ea7ng; t\u1ea1o kh\u00f4ng gian chi\u1ebfu s\u00e1ng h\u1ea5p d\u1eabn.\",\"breadcrumb\":{\"@id\":\"https:\\\/\\\/vilight.vn\\\/website\\\/san-pham\\\/den-led-pixel\\\/den-diem-led-dot\\\/jd-series\\\/den-led-diem-vl-jd42\\\/#breadcrumb\"},\"inLanguage\":\"vi\",\"potentialAction\":[{\"@type\":\"ReadAction\",\"target\":[\"https:\\\/\\\/vilight.vn\\\/website\\\/san-pham\\\/den-led-pixel\\\/den-diem-led-dot\\\/jd-series\\\/den-led-diem-vl-jd42\\\/\"]}]},{\"@type\":\"ImageObject\",\"inLanguage\":\"vi\",\"@id\":\"https:\\\/\\\/vilight.vn\\\/website\\\/san-pham\\\/den-led-pixel\\\/den-diem-led-dot\\\/jd-series\\\/den-led-diem-vl-jd42\\\/#primaryimage\",\"url\":\"https:\\\/\\\/vilight.vn\\\/website\\\/wp-content\\\/uploads\\\/2021\\\/06\\\/JD42-1.jpg\",\"contentUrl\":\"https:\\\/\\\/vilight.vn\\\/website\\\/wp-content\\\/uploads\\\/2021\\\/06\\\/JD42-1.jpg\",\"width\":600,\"height\":600},{\"@type\":\"BreadcrumbList\",\"@id\":\"https:\\\/\\\/vilight.vn\\\/website\\\/san-pham\\\/den-led-pixel\\\/den-diem-led-dot\\\/jd-series\\\/den-led-diem-vl-jd42\\\/#breadcrumb\",\"itemListElement\":[{\"@type\":\"ListItem\",\"position\":1,\"name\":\"Home\",\"item\":\"https:\\\/\\\/vilight.vn\\\/website\\\/\"},{\"@type\":\"ListItem\",\"position\":2,\"name\":\"store\",\"item\":\"https:\\\/\\\/vilight.vn\\\/website\\\/store\\\/\"},{\"@type\":\"ListItem\",\"position\":3,\"name\":\"\u0110\u00e8n LED \u0111i\u1ec3m VL-JD42\"}]},{\"@type\":\"WebSite\",\"@id\":\"https:\\\/\\\/vilight.vn\\\/website\\\/#website\",\"url\":\"https:\\\/\\\/vilight.vn\\\/website\\\/\",\"name\":\"Vilight Co.ltd\",\"description\":\"Chi\u1ebfu s\u00e1ng m\u1ef9 thu\u1eadt, chi\u1ebfu s\u00e1ng th\u00f4ng minh, LED Pixel 3D, chi\u1ebfu s\u00e1ng trang tr\u00ed \u0111\u00f4 th\u1ecb, chi\u1ebfu s\u00e1ng v\u00f2ng xoay, chi\u1ebfu s\u00e1ng \u0111\u1ea3o giao th\u00f4ng, c\u1ed5ng ch\u00e0o \u0111\u00f4 th\u1ecb\",\"publisher\":{\"@id\":\"https:\\\/\\\/vilight.vn\\\/website\\\/#organization\"},\"potentialAction\":[{\"@type\":\"SearchAction\",\"target\":{\"@type\":\"EntryPoint\",\"urlTemplate\":\"https:\\\/\\\/vilight.vn\\\/website\\\/?s={search_term_string}\"},\"query-input\":{\"@type\":\"PropertyValueSpecification\",\"valueRequired\":true,\"valueName\":\"search_term_string\"}}],\"inLanguage\":\"vi\"},{\"@type\":\"Organization\",\"@id\":\"https:\\\/\\\/vilight.vn\\\/website\\\/#organization\",\"name\":\"Vilight\",\"url\":\"https:\\\/\\\/vilight.vn\\\/website\\\/\",\"logo\":{\"@type\":\"ImageObject\",\"inLanguage\":\"vi\",\"@id\":\"https:\\\/\\\/vilight.vn\\\/website\\\/#\\\/schema\\\/logo\\\/image\\\/\",\"url\":\"https:\\\/\\\/vilight.vn\\\/website\\\/wp-content\\\/uploads\\\/2022\\\/05\\\/chieu_sang_trang_tri_do_thi_bang_den_led_pixel.png\",\"contentUrl\":\"https:\\\/\\\/vilight.vn\\\/website\\\/wp-content\\\/uploads\\\/2022\\\/05\\\/chieu_sang_trang_tri_do_thi_bang_den_led_pixel.png\",\"width\":800,\"height\":427,\"caption\":\"Vilight\"},\"image\":{\"@id\":\"https:\\\/\\\/vilight.vn\\\/website\\\/#\\\/schema\\\/logo\\\/image\\\/\"},\"sameAs\":[\"http:\\\/\\\/facebook.com\\\/vilight.vn\",\"https:\\\/\\\/www.linkedin.com\\\/company\\\/vilight-vn\",\"https:\\\/\\\/www.youtube.com\\\/channel\\\/UCEwR2naeDcuarMX1kSv_rLQ\\\/videos\"]}]}<\/script>\n<meta property=\"product:brand\" content=\"JD Series\" \/>\n<meta property=\"product:price:currency\" content=\"VND\" \/>\n<meta property=\"og:availability\" content=\"instock\" \/>\n<meta property=\"product:availability\" content=\"instock\" \/>\n<meta property=\"product:condition\" content=\"new\" \/>\n<!-- \/ Yoast SEO Premium plugin. -->","yoast_head_json":{"title":"\u0110\u00e8n LED \u0111i\u1ec3m VL-JD42 - Vilight Co.ltd","description":"\u0110\u00e8n LED \u0111i\u1ec3m VL-JD42 l\u00e0 m\u1ed9t l\u1ef1a ch\u1ecdn l\u00fd t\u01b0\u1edfng cho c\u00e1c d\u1ef1 \u00e1n chi\u1ebfu s\u00e1ng trang tr\u00ed c\u1ea3nh quan, c\u1ea7u v\u00e0 t\u00f2a nh\u00e0 cao t\u1ea7ng; t\u1ea1o kh\u00f4ng gian chi\u1ebfu s\u00e1ng h\u1ea5p d\u1eabn.","robots":{"index":"index","follow":"follow","max-snippet":"max-snippet:-1","max-image-preview":"max-image-preview:large","max-video-preview":"max-video-preview:-1"},"canonical":"https:\/\/vilight.vn\/website\/san-pham\/den-led-pixel\/den-diem-led-dot\/jd-series\/den-led-diem-vl-jd42\/","og_locale":"vi_VN","og_type":"article","og_title":"\u0110\u00e8n LED \u0111i\u1ec3m VL-JD42","og_description":"\u0110\u00e8n LED \u0111i\u1ec3m VL-JD42 l\u00e0 l\u1ef1a ch\u1ecdn ho\u00e0n h\u1ea3o cho chi\u1ebfu s\u00e1ng trang tr\u00ed c\u1ea3nh quan. V\u1edbi chip LED SMD3535RGB, \u0111\u1ed9 s\u00e1ng cao, kh\u1ea3 n\u0103ng ch\u1ed1ng n\u01b0\u1edbc IP67 v\u00e0 tu\u1ed5i th\u1ecd 50.000 gi\u1edd, \u0111\u00e8n \u0111em l\u1ea1i \u00e1nh s\u00e1ng tuy\u1ec7t v\u1eddi v\u00e0 \u0111\u1ed9 b\u1ec1n cao.","og_url":"https:\/\/vilight.vn\/website\/san-pham\/den-led-pixel\/den-diem-led-dot\/jd-series\/den-led-diem-vl-jd42\/","og_site_name":"Vilight Co.ltd","article_publisher":"http:\/\/facebook.com\/vilight.vn","article_modified_time":"2024-10-01T10:22:29+00:00","og_image":[{"width":600,"height":600,"url":"https:\/\/vilight.vn\/website\/wp-content\/uploads\/2021\/06\/JD42-1.jpg","type":"image\/jpeg"}],"twitter_card":"summary_large_image","twitter_misc":{"Gi\u00e1":"","Kh\u1ea3 d\u1ee5ng":"Trong kho"},"schema":{"@context":"https:\/\/schema.org","@graph":[{"@type":"WebPage","@id":"https:\/\/vilight.vn\/website\/san-pham\/den-led-pixel\/den-diem-led-dot\/jd-series\/den-led-diem-vl-jd42\/","url":"https:\/\/vilight.vn\/website\/san-pham\/den-led-pixel\/den-diem-led-dot\/jd-series\/den-led-diem-vl-jd42\/","name":"\u0110\u00e8n LED \u0111i\u1ec3m VL-JD42 - Vilight Co.ltd","isPartOf":{"@id":"https:\/\/vilight.vn\/website\/#website"},"primaryImageOfPage":{"@id":"https:\/\/vilight.vn\/website\/san-pham\/den-led-pixel\/den-diem-led-dot\/jd-series\/den-led-diem-vl-jd42\/#primaryimage"},"image":{"@id":"https:\/\/vilight.vn\/website\/san-pham\/den-led-pixel\/den-diem-led-dot\/jd-series\/den-led-diem-vl-jd42\/#primaryimage"},"thumbnailUrl":"https:\/\/vilight.vn\/website\/wp-content\/uploads\/2021\/06\/JD42-1.jpg","datePublished":"2021-06-25T08:13:54+00:00","dateModified":"2024-10-01T10:22:29+00:00","description":"\u0110\u00e8n LED \u0111i\u1ec3m VL-JD42 l\u00e0 m\u1ed9t l\u1ef1a ch\u1ecdn l\u00fd t\u01b0\u1edfng cho c\u00e1c d\u1ef1 \u00e1n chi\u1ebfu s\u00e1ng trang tr\u00ed c\u1ea3nh quan, c\u1ea7u v\u00e0 t\u00f2a nh\u00e0 cao t\u1ea7ng; t\u1ea1o kh\u00f4ng gian chi\u1ebfu s\u00e1ng h\u1ea5p d\u1eabn.","breadcrumb":{"@id":"https:\/\/vilight.vn\/website\/san-pham\/den-led-pixel\/den-diem-led-dot\/jd-series\/den-led-diem-vl-jd42\/#breadcrumb"},"inLanguage":"vi","potentialAction":[{"@type":"ReadAction","target":["https:\/\/vilight.vn\/website\/san-pham\/den-led-pixel\/den-diem-led-dot\/jd-series\/den-led-diem-vl-jd42\/"]}]},{"@type":"ImageObject","inLanguage":"vi","@id":"https:\/\/vilight.vn\/website\/san-pham\/den-led-pixel\/den-diem-led-dot\/jd-series\/den-led-diem-vl-jd42\/#primaryimage","url":"https:\/\/vilight.vn\/website\/wp-content\/uploads\/2021\/06\/JD42-1.jpg","contentUrl":"https:\/\/vilight.vn\/website\/wp-content\/uploads\/2021\/06\/JD42-1.jpg","width":600,"height":600},{"@type":"BreadcrumbList","@id":"https:\/\/vilight.vn\/website\/san-pham\/den-led-pixel\/den-diem-led-dot\/jd-series\/den-led-diem-vl-jd42\/#breadcrumb","itemListElement":[{"@type":"ListItem","position":1,"name":"Home","item":"https:\/\/vilight.vn\/website\/"},{"@type":"ListItem","position":2,"name":"store","item":"https:\/\/vilight.vn\/website\/store\/"},{"@type":"ListItem","position":3,"name":"\u0110\u00e8n LED \u0111i\u1ec3m VL-JD42"}]},{"@type":"WebSite","@id":"https:\/\/vilight.vn\/website\/#website","url":"https:\/\/vilight.vn\/website\/","name":"Vilight Co.ltd","description":"Chi\u1ebfu s\u00e1ng m\u1ef9 thu\u1eadt, chi\u1ebfu s\u00e1ng th\u00f4ng minh, LED Pixel 3D, chi\u1ebfu s\u00e1ng trang tr\u00ed \u0111\u00f4 th\u1ecb, chi\u1ebfu s\u00e1ng v\u00f2ng xoay, chi\u1ebfu s\u00e1ng \u0111\u1ea3o giao th\u00f4ng, c\u1ed5ng ch\u00e0o \u0111\u00f4 th\u1ecb","publisher":{"@id":"https:\/\/vilight.vn\/website\/#organization"},"potentialAction":[{"@type":"SearchAction","target":{"@type":"EntryPoint","urlTemplate":"https:\/\/vilight.vn\/website\/?s={search_term_string}"},"query-input":{"@type":"PropertyValueSpecification","valueRequired":true,"valueName":"search_term_string"}}],"inLanguage":"vi"},{"@type":"Organization","@id":"https:\/\/vilight.vn\/website\/#organization","name":"Vilight","url":"https:\/\/vilight.vn\/website\/","logo":{"@type":"ImageObject","inLanguage":"vi","@id":"https:\/\/vilight.vn\/website\/#\/schema\/logo\/image\/","url":"https:\/\/vilight.vn\/website\/wp-content\/uploads\/2022\/05\/chieu_sang_trang_tri_do_thi_bang_den_led_pixel.png","contentUrl":"https:\/\/vilight.vn\/website\/wp-content\/uploads\/2022\/05\/chieu_sang_trang_tri_do_thi_bang_den_led_pixel.png","width":800,"height":427,"caption":"Vilight"},"image":{"@id":"https:\/\/vilight.vn\/website\/#\/schema\/logo\/image\/"},"sameAs":["http:\/\/facebook.com\/vilight.vn","https:\/\/www.linkedin.com\/company\/vilight-vn","https:\/\/www.youtube.com\/channel\/UCEwR2naeDcuarMX1kSv_rLQ\/videos"]}]},"product_brand":"JD Series","product_price_currency":"VND","og_availability":"instock","product_availability":"instock","product_condition":"new"},"_links":{"self":[{"href":"https:\/\/vilight.vn\/website\/wp-json\/wp\/v2\/product\/1226","targetHints":{"allow":["GET"]}}],"collection":[{"href":"https:\/\/vilight.vn\/website\/wp-json\/wp\/v2\/product"}],"about":[{"href":"https:\/\/vilight.vn\/website\/wp-json\/wp\/v2\/types\/product"}],"wp:featuredmedia":[{"embeddable":true,"href":"https:\/\/vilight.vn\/website\/wp-json\/wp\/v2\/media\/1254"}],"wp:attachment":[{"href":"https:\/\/vilight.vn\/website\/wp-json\/wp\/v2\/media?parent=1226"}],"wp:term":[{"taxonomy":"product_brand","embeddable":true,"href":"https:\/\/vilight.vn\/website\/wp-json\/wp\/v2\/product_brand?post=1226"},{"taxonomy":"product_cat","embeddable":true,"href":"https:\/\/vilight.vn\/website\/wp-json\/wp\/v2\/product_cat?post=1226"},{"taxonomy":"product_tag","embeddable":true,"href":"https:\/\/vilight.vn\/website\/wp-json\/wp\/v2\/product_tag?post=1226"}],"curies":[{"name":"wp","href":"https:\/\/api.w.org\/{rel}","templated":true}]}}