{"id":1233,"date":"2021-06-25T15:39:25","date_gmt":"2021-06-25T08:39:25","guid":{"rendered":"https:\/\/vilight.vn\/website\/?post_type=product&#038;p=1233"},"modified":"2024-10-01T17:19:03","modified_gmt":"2024-10-01T10:19:03","slug":"den-led-diem-vl-jd13","status":"publish","type":"product","link":"https:\/\/vilight.vn\/website\/san-pham\/den-led-pixel\/den-diem-led-dot\/jd-series\/den-led-diem-vl-jd13\/","title":{"rendered":"\u0110\u00e8n LED \u0111i\u1ec3m VL-JD13"},"content":{"rendered":"<h2 style=\"text-align: justify;\"><span style=\"font-size: 18pt;\">\u0110\u00e8n LED \u0111i\u1ec3m VL-JD13: Thi\u1ebft k\u1ebf \u0111a n\u0103ng v\u00e0 ch\u1ea5t l\u01b0\u1ee3ng cao cho chi\u1ebfu s\u00e1ng ngo\u1ea1i tr\u1eddi v\u00e0 d\u01b0\u1edbi n\u01b0\u1edbc<\/span><\/h2>\n<p style=\"text-align: justify;\"><span style=\"font-size: 14pt;\">\u0110\u00e8n LED Pixel JD13 l\u00e0 m\u1ed9t s\u1ea3n ph\u1ea9m \u0111\u00e8n \u0111\u1eb7c bi\u1ec7t, \u0111\u01b0\u1ee3c thi\u1ebft k\u1ebf v\u1edbi kh\u1ea3 n\u0103ng t\u00e1ch r\u1eddi c\u00e1c b\u1ed9 ph\u1eadn nh\u01b0 \u0111\u1ebf \u0111\u00e8n, ph\u1ea7n \u0111i\u1ec1u khi\u1ec3n v\u00e0 m\u1eb7t \u0111\u00e8n LED. \u0110i\u1ec1u n\u00e0y gi\u00fap vi\u1ec7c l\u1eafp \u0111\u1eb7t v\u00e0 b\u1ea3o tr\u00ec tr\u1edf n\u00ean thu\u1eadn l\u1ee3i v\u00e0 \u0111\u01a1n gi\u1ea3n h\u01a1n bao gi\u1edd h\u1ebft. \u0110\u00e8n n\u00e0y \u0111\u01b0\u1ee3c \u00e1p d\u1ee5ng r\u1ed9ng r\u00e3i cho c\u00e1c c\u00f4ng tr\u00ecnh chi\u1ebfu s\u00e1ng m\u1eb7t d\u1ef1ng ngo\u00e0i tr\u1eddi nh\u01b0 m\u1eb7t ngo\u00e0i kh\u00e1ch s\u1ea1n, trang tr\u00ed c\u00e1c c\u00f4ng vi\u00ean v\u00e0 nhi\u1ec1u \u1ee9ng d\u1ee5ng kh\u00e1c.<\/span><\/p>\n<p style=\"text-align: justify;\"><span style=\"font-size: 14pt;\">M\u1ed9t trong nh\u1eefng \u0111\u1eb7c \u0111i\u1ec3m n\u1ed5i b\u1eadt c\u1ee7a \u0111\u00e8n LED Pixel JD13 l\u00e0 kh\u1ea3 n\u0103ng ho\u1ea1t \u0111\u1ed9ng v\u1edbi ngu\u1ed3n \u0111i\u1ec7n DC v\u00e0 c\u00f3 th\u1ec3 c\u1ea5p \u0111i \u0111\u01b0\u1ee3c kho\u1ea3ng c\u00e1ch xa. \u0110i\u1ec1u n\u00e0y l\u00e0m cho \u0111\u00e8n tr\u1edf th\u00e0nh l\u1ef1a ch\u1ecdn l\u00fd t\u01b0\u1edfng cho c\u00e1c d\u1ef1 \u00e1n c\u00f3 y\u00eau c\u1ea7u v\u1ec1 kho\u1ea3ng c\u00e1ch truy\u1ec1n t\u00edn hi\u1ec7u \u0111i\u1ec7n l\u1edbn.<\/span><\/p>\n<p style=\"text-align: justify;\"><span style=\"font-size: 14pt;\">\u0110\u00e8n LED Pixel JD13 \u0111\u01b0\u1ee3c trang b\u1ecb c\u00e1p li\u1ec1n v\u1edbi ru\u1ed9t \u0111\u1ed3ng nguy\u00ean ch\u1ea5t, kh\u00f4ng c\u00f3 n\u1ed1i, gi\u00fap gi\u1ea3m t\u1ed5n hao tr\u00ean \u0111\u01b0\u1eddng truy\u1ec1n v\u00e0 \u0111\u1ea3m b\u1ea3o ngu\u1ed3n cung c\u1ea5p \u0111i\u1ec7n \u1ed5n \u0111\u1ecbnh trong kho\u1ea3ng c\u00e1ch xa. \u0110i\u1ec1u n\u00e0y \u0111\u1ed3ng ngh\u0129a v\u1edbi vi\u1ec7c \u0111\u00e8n s\u1ebd ho\u1ea1t \u0111\u1ed9ng hi\u1ec7u qu\u1ea3 v\u00e0 tin c\u1eady trong m\u00f4i tr\u01b0\u1eddng chi\u1ebfu s\u00e1ng kh\u00e1c nhau.<\/span><\/p>\n<p style=\"text-align: justify;\"><span style=\"font-size: 14pt;\">M\u1eb7t \u0111\u00e8n v\u00e0 ph\u1ea7n \u0111i\u1ec1u khi\u1ec3n c\u1ee7a \u0111\u00e8n LED Pixel JD13 c\u00f3 th\u1ec3 t\u00e1ch r\u1eddi nhau, \u0111\u1ed3ng ngh\u0129a v\u1edbi vi\u1ec7c c\u00f4ng t\u00e1c b\u1ea3o tr\u00ec tr\u1edf n\u00ean thu\u1eadn ti\u1ec7n h\u01a1n bao gi\u1edd h\u1ebft. Vi\u1ec7c thay th\u1ebf c\u00e1c b\u1ed9 ph\u1eadn hay s\u1eeda ch\u1eefa tr\u1edf n\u00ean d\u1ec5 d\u00e0ng v\u00e0 nhanh ch\u00f3ng, gi\u1ea3m thi\u1ec3u th\u1eddi gian v\u00e0 c\u00f4ng s\u1ee9c c\u1ee7a ng\u01b0\u1eddi d\u00f9ng.<\/span><\/p>\n<p style=\"text-align: justify;\"><span style=\"font-size: 14pt;\">V\u1edbi kh\u1ea3 n\u0103ng ch\u1ed1ng ch\u1ecbu cao v\u1edbi thi\u00ean nhi\u00ean, \u0111\u00e8n LED Pixel JD13 th\u00edch h\u1ee3p s\u1eed d\u1ee5ng kh\u00f4ng ch\u1ec9 ngo\u00e0i tr\u1eddi m\u00e0 c\u00f2n d\u01b0\u1edbi n\u01b0\u1edbc. V\u1edbi b\u1ed9 chip LED ch\u1ea5t l\u01b0\u1ee3ng cao nh\u01b0 CREE, Epistar v\u00e0 Osram, \u0111\u00e8n mang \u0111\u1ebfn \u00e1nh s\u00e1ng ch\u1ea5t l\u01b0\u1ee3ng v\u1edbi m\u1ee9c \u0111\u1ed9 x\u00e1m 256\/65536 v\u00e0 g\u00f3c chi\u1ebfu r\u1ed9ng 120\u00b0, gi\u00fap t\u1ea1o ra hi\u1ec7u \u1ee9ng chi\u1ebfu s\u00e1ng \u0111\u1eb9p m\u1eaft v\u00e0 r\u00f5 n\u00e9t.<\/span><\/p>\n<p style=\"text-align: justify;\"><span style=\"font-size: 14pt;\">\u0110\u00e8n LED Pixel JD13 ho\u1ea1t \u0111\u1ed9ng v\u1edbi \u0111i\u1ec7n \u00e1p 24VDC v\u00e0 c\u00f3 c\u00e1c c\u00f4ng su\u1ea5t kh\u00e1c nhau, bao g\u1ed3m 1.4W, 2.4W v\u00e0 3W. \u0110i\u1ec1u n\u00e0y cho ph\u00e9p b\u1ea1n l\u1ef1a ch\u1ecdn c\u00f4ng su\u1ea5t ph\u00f9 h\u1ee3p v\u1edbi nhu c\u1ea7u chi\u1ebfu s\u00e1ng c\u1ee7a d\u1ef1 \u00e1n.<\/span><\/p>\n<p style=\"text-align: justify;\"><span style=\"font-size: 14pt;\">\u0110\u00e8n LED Pixel JD13 tu\u1ed5i th\u1ecd l\u00ean \u0111\u1ebfn 50.000 gi\u1edd, \u0111\u1ea3m b\u1ea3o s\u1ef1 b\u1ec1n b\u1ec9 v\u00e0 \u1ed5n \u0111\u1ecbnh trong su\u1ed1t qu\u00e1 tr\u00ecnh s\u1eed d\u1ee5ng. V\u1edbi \u0111\u1ed9 k\u00edn IP67, \u0111\u00e8n \u0111\u1ea1t \u0111\u01b0\u1ee3c kh\u1ea3 n\u0103ng ch\u1ed1ng th\u1ea5m n\u01b0\u1edbc v\u00e0 b\u1ea3o v\u1ec7 ch\u1ed1ng b\u1ee5i hi\u1ec7u qu\u1ea3, gi\u00fap \u0111\u1ea3m b\u1ea3o ho\u1ea1t \u0111\u1ed9ng li\u00ean t\u1ee5c trong m\u00f4i tr\u01b0\u1eddng kh\u1eafc nghi\u1ec7t.<\/span><\/p>\n<p style=\"text-align: justify;\"><span style=\"font-size: 14pt;\">Ngo\u00e0i ra, \u0111\u00e8n LED Pixel JD13 c\u00f2n tu\u00e2n th\u1ee7 c\u00e1c chu\u1ea9n \u0111i\u1ec1u khi\u1ec3n nh\u01b0 DMX, TTL v\u00e0 ON-OFF, mang \u0111\u1ebfn linh ho\u1ea1t trong vi\u1ec7c \u0111i\u1ec1u khi\u1ec3n \u00e1nh s\u00e1ng theo \u00fd mu\u1ed1n.<\/span><\/p>\n<p style=\"text-align: justify;\"><span style=\"font-size: 14pt;\">V\u1edbi c\u1ea5p ch\u1ed1ng ch\u00e1y 94-V0 v\u00e0 c\u1ea5p c\u00e1ch \u0111i\u1ec7n III, \u0111\u00e8n LED Pixel JD13 \u0111\u1ea3m b\u1ea3o an to\u00e0n trong vi\u1ec7c s\u1eed d\u1ee5ng v\u00e0 \u0111\u00e1ng tin c\u1eady cho m\u1ecdi \u1ee9ng d\u1ee5ng chi\u1ebfu s\u00e1ng.<\/span><\/p>\n<p style=\"text-align: justify;\"><span style=\"font-size: 14pt;\">T\u00f3m l\u1ea1i, \u0111\u00e8n LED Pixel JD13 l\u00e0 m\u1ed9t s\u1ea3n ph\u1ea9m \u0111\u00e8n \u0111a n\u0103ng v\u00e0 ch\u1ea5t l\u01b0\u1ee3ng cao, v\u1edbi thi\u1ebft k\u1ebf t\u00e1ch r\u1eddi c\u00e1c b\u1ed9 ph\u1eadn, kh\u1ea3 n\u0103ng ch\u1ecbu cao v\u1edbi thi\u00ean nhi\u00ean v\u00e0 kh\u1ea3 n\u0103ng ho\u1ea1t \u0111\u1ed9ng t\u1ed1t trong m\u00f4i tr\u01b0\u1eddng kh\u1eafc nghi\u1ec7t. V\u1edbi c\u00e1c t\u00ednh n\u0103ng v\u00e0 th\u00f4ng s\u1ed1 k\u1ef9 thu\u1eadt \u01b0u vi\u1ec7t, \u0111\u00e8n LED Pixel JD13 l\u00e0 s\u1ef1 l\u1ef1a ch\u1ecdn tuy\u1ec7t v\u1eddi cho c\u00e1c d\u1ef1 \u00e1n chi\u1ebfu s\u00e1ng ngo\u1ea1i tr\u1eddi v\u00e0 d\u01b0\u1edbi n\u01b0\u1edbc, t\u1eeb trang tr\u00ed c\u00f4ng vi\u00ean \u0111\u1ebfn m\u1eb7t ngo\u00e0i kh\u00e1ch s\u1ea1n v\u00e0 nhi\u1ec1u \u1ee9ng d\u1ee5ng kh\u00e1c.<\/span><\/p>\n<p style=\"text-align: justify;\"><span style=\"font-size: 14pt;\"><img decoding=\"async\" class=\"aligncenter wp-image-1234 size-full lazyload\" data-src=\"https:\/\/vilight.vn\/website\/wp-content\/uploads\/2021\/06\/JD-13.jpg\" alt=\"\u0110\u00e8n led \u0111i\u1ec3m VL-JD13\" width=\"1200\" height=\"982\" data-srcset=\"https:\/\/vilight.vn\/website\/wp-content\/uploads\/2021\/06\/JD-13.jpg 1200w, https:\/\/vilight.vn\/website\/wp-content\/uploads\/2021\/06\/JD-13-800x655.jpg 800w, https:\/\/vilight.vn\/website\/wp-content\/uploads\/2021\/06\/JD-13-300x246.jpg 300w, https:\/\/vilight.vn\/website\/wp-content\/uploads\/2021\/06\/JD-13-1024x838.jpg 1024w, https:\/\/vilight.vn\/website\/wp-content\/uploads\/2021\/06\/JD-13-768x628.jpg 768w, https:\/\/vilight.vn\/website\/wp-content\/uploads\/2021\/06\/JD-13-16x12.jpg 16w, https:\/\/vilight.vn\/website\/wp-content\/uploads\/2021\/06\/JD-13-178x146.jpg 178w, https:\/\/vilight.vn\/website\/wp-content\/uploads\/2021\/06\/JD-13-50x41.jpg 50w, https:\/\/vilight.vn\/website\/wp-content\/uploads\/2021\/06\/JD-13-92x75.jpg 92w, https:\/\/vilight.vn\/website\/wp-content\/uploads\/2021\/06\/JD-13-600x491.jpg 600w, https:\/\/vilight.vn\/website\/wp-content\/uploads\/2021\/06\/JD-13-64x52.jpg 64w\" data-sizes=\"(max-width:767px) 480px, (max-width:1200px) 100vw, 1200px\" src=\"data:image\/svg+xml;base64,PHN2ZyB3aWR0aD0iMSIgaGVpZ2h0PSIxIiB4bWxucz0iaHR0cDovL3d3dy53My5vcmcvMjAwMC9zdmciPjwvc3ZnPg==\" style=\"--smush-placeholder-width: 1200px; --smush-placeholder-aspect-ratio: 1200\/982;\" \/><\/span><\/p>\n<p style=\"text-align: justify;\">\n","protected":false},"excerpt":{"rendered":"<p style=\"text-align: justify;\"><span style=\"font-size: 14pt;\">\u0110\u00e8n LED Pixel JD13 &#8211; \u0110a n\u0103ng, ch\u1ea5t l\u01b0\u1ee3ng cao. Thi\u1ebft k\u1ebf t\u00e1ch r\u1eddi, l\u1eafp \u0111\u1eb7t d\u1ec5 d\u00e0ng. Ch\u1ed1ng n\u01b0\u1edbc, ch\u1ed1ng ch\u00e1y, tu\u1ed5i th\u1ecd 50.000 gi\u1edd. \u00c1nh s\u00e1ng ch\u1ea5t l\u01b0\u1ee3ng, \u0111i\u1ec1u khi\u1ec3n DMX, TTL, B\u1eadt-T\u1eaft. S\u1eed d\u1ee5ng cho chi\u1ebfu s\u00e1ng m\u1eb7t d\u1ef1ng ngo\u00e0i tr\u1eddi.<\/span><\/p>\n","protected":false},"featured_media":1253,"template":"","meta":[],"product_brand":[],"product_cat":[78,77,138],"product_tag":[494],"class_list":{"0":"post-1233","1":"product","2":"type-product","3":"status-publish","4":"has-post-thumbnail","6":"product_cat-den-diem-led-dot","7":"product_cat-den-led-pixel","8":"product_cat-jd-series","9":"product_tag-den-led-diem-vl-jd13","10":"pa_chip-led-cree","11":"pa_chip-led-epistar","12":"pa_chip-led-oram","13":"pa_chuan-dieu-khien-dmx","14":"pa_chuan-dieu-khien-on-off","15":"pa_chuan-dieu-khien-ttl","16":"pa_cong-suat-1-4w","17":"pa_cong-suat-2-4w","18":"pa_cong-suat-3w","19":"pa_dien-ap-hoat-dong-24vdc","20":"pa_do-kin-ip67","21":"pa_goc-chieu-120-do","22":"pa_gray-level-256-65536","24":"first","25":"instock","26":"taxable","27":"shipping-taxable","28":"product-type-simple"},"yoast_head":"<!-- This site is optimized with the Yoast SEO Premium plugin v27.4 (Yoast SEO v27.4) - https:\/\/yoast.com\/product\/yoast-seo-premium-wordpress\/ -->\n<title>\u0110\u00e8n LED \u0111i\u1ec3m VL-JD13 - Vilight Co.ltd<\/title>\n<meta name=\"description\" content=\"\u0110\u00e8n LED Pixel JD13 - \u0110a n\u0103ng, ch\u1ea5t l\u01b0\u1ee3ng cao. Thi\u1ebft k\u1ebf t\u00e1ch r\u1eddi, l\u1eafp \u0111\u1eb7t d\u1ec5 d\u00e0ng. Ch\u1ed1ng n\u01b0\u1edbc, ch\u1ed1ng ch\u00e1y, tu\u1ed5i th\u1ecd 50.000 gi\u1edd.\" \/>\n<meta name=\"robots\" content=\"index, follow, max-snippet:-1, max-image-preview:large, max-video-preview:-1\" \/>\n<link rel=\"canonical\" href=\"https:\/\/vilight.vn\/website\/san-pham\/den-led-pixel\/den-diem-led-dot\/jd-series\/den-led-diem-vl-jd13\/\" \/>\n<meta property=\"og:locale\" content=\"vi_VN\" \/>\n<meta property=\"og:type\" content=\"article\" \/>\n<meta property=\"og:title\" content=\"\u0110\u00e8n LED \u0111i\u1ec3m VL-JD13\" \/>\n<meta property=\"og:description\" content=\"\u0110\u00e8n LED Pixel JD13 - \u0110a n\u0103ng, ch\u1ea5t l\u01b0\u1ee3ng cao. Thi\u1ebft k\u1ebf t\u00e1ch r\u1eddi, l\u1eafp \u0111\u1eb7t d\u1ec5 d\u00e0ng. Ch\u1ed1ng n\u01b0\u1edbc, ch\u1ed1ng ch\u00e1y, tu\u1ed5i th\u1ecd 50.000 gi\u1edd. \u00c1nh s\u00e1ng ch\u1ea5t l\u01b0\u1ee3ng, \u0111i\u1ec1u khi\u1ec3n DMX, TTL, B\u1eadt-T\u1eaft. S\u1eed d\u1ee5ng cho chi\u1ebfu s\u00e1ng m\u1eb7t d\u1ef1ng ngo\u00e0i tr\u1eddi.\" \/>\n<meta property=\"og:url\" content=\"https:\/\/vilight.vn\/website\/san-pham\/den-led-pixel\/den-diem-led-dot\/jd-series\/den-led-diem-vl-jd13\/\" \/>\n<meta property=\"og:site_name\" content=\"Vilight Co.ltd\" \/>\n<meta property=\"article:publisher\" content=\"http:\/\/facebook.com\/vilight.vn\" \/>\n<meta property=\"article:modified_time\" content=\"2024-10-01T10:19:03+00:00\" \/>\n<meta property=\"og:image\" content=\"https:\/\/vilight.vn\/website\/wp-content\/uploads\/2021\/06\/JD13.jpg\" \/>\n\t<meta property=\"og:image:width\" content=\"600\" \/>\n\t<meta property=\"og:image:height\" content=\"600\" \/>\n\t<meta property=\"og:image:type\" content=\"image\/jpeg\" \/>\n<meta name=\"twitter:card\" content=\"summary_large_image\" \/>\n<meta name=\"twitter:label1\" content=\"Gi\u00e1\" \/>\n\t<meta name=\"twitter:data1\" content=\"\" \/>\n\t<meta name=\"twitter:label2\" content=\"Kh\u1ea3 d\u1ee5ng\" \/>\n\t<meta name=\"twitter:data2\" content=\"Trong kho\" \/>\n<script type=\"application\/ld+json\" class=\"yoast-schema-graph\">{\"@context\":\"https:\\\/\\\/schema.org\",\"@graph\":[{\"@type\":\"WebPage\",\"@id\":\"https:\\\/\\\/vilight.vn\\\/website\\\/san-pham\\\/den-led-pixel\\\/den-diem-led-dot\\\/jd-series\\\/den-led-diem-vl-jd13\\\/\",\"url\":\"https:\\\/\\\/vilight.vn\\\/website\\\/san-pham\\\/den-led-pixel\\\/den-diem-led-dot\\\/jd-series\\\/den-led-diem-vl-jd13\\\/\",\"name\":\"\u0110\u00e8n LED \u0111i\u1ec3m VL-JD13 - Vilight Co.ltd\",\"isPartOf\":{\"@id\":\"https:\\\/\\\/vilight.vn\\\/website\\\/#website\"},\"primaryImageOfPage\":{\"@id\":\"https:\\\/\\\/vilight.vn\\\/website\\\/san-pham\\\/den-led-pixel\\\/den-diem-led-dot\\\/jd-series\\\/den-led-diem-vl-jd13\\\/#primaryimage\"},\"image\":{\"@id\":\"https:\\\/\\\/vilight.vn\\\/website\\\/san-pham\\\/den-led-pixel\\\/den-diem-led-dot\\\/jd-series\\\/den-led-diem-vl-jd13\\\/#primaryimage\"},\"thumbnailUrl\":\"https:\\\/\\\/vilight.vn\\\/website\\\/wp-content\\\/uploads\\\/2021\\\/06\\\/JD13.jpg\",\"datePublished\":\"2021-06-25T08:39:25+00:00\",\"dateModified\":\"2024-10-01T10:19:03+00:00\",\"description\":\"\u0110\u00e8n LED Pixel JD13 - \u0110a n\u0103ng, ch\u1ea5t l\u01b0\u1ee3ng cao. Thi\u1ebft k\u1ebf t\u00e1ch r\u1eddi, l\u1eafp \u0111\u1eb7t d\u1ec5 d\u00e0ng. Ch\u1ed1ng n\u01b0\u1edbc, ch\u1ed1ng ch\u00e1y, tu\u1ed5i th\u1ecd 50.000 gi\u1edd.\",\"breadcrumb\":{\"@id\":\"https:\\\/\\\/vilight.vn\\\/website\\\/san-pham\\\/den-led-pixel\\\/den-diem-led-dot\\\/jd-series\\\/den-led-diem-vl-jd13\\\/#breadcrumb\"},\"inLanguage\":\"vi\",\"potentialAction\":[{\"@type\":\"ReadAction\",\"target\":[\"https:\\\/\\\/vilight.vn\\\/website\\\/san-pham\\\/den-led-pixel\\\/den-diem-led-dot\\\/jd-series\\\/den-led-diem-vl-jd13\\\/\"]}]},{\"@type\":\"ImageObject\",\"inLanguage\":\"vi\",\"@id\":\"https:\\\/\\\/vilight.vn\\\/website\\\/san-pham\\\/den-led-pixel\\\/den-diem-led-dot\\\/jd-series\\\/den-led-diem-vl-jd13\\\/#primaryimage\",\"url\":\"https:\\\/\\\/vilight.vn\\\/website\\\/wp-content\\\/uploads\\\/2021\\\/06\\\/JD13.jpg\",\"contentUrl\":\"https:\\\/\\\/vilight.vn\\\/website\\\/wp-content\\\/uploads\\\/2021\\\/06\\\/JD13.jpg\",\"width\":600,\"height\":600},{\"@type\":\"BreadcrumbList\",\"@id\":\"https:\\\/\\\/vilight.vn\\\/website\\\/san-pham\\\/den-led-pixel\\\/den-diem-led-dot\\\/jd-series\\\/den-led-diem-vl-jd13\\\/#breadcrumb\",\"itemListElement\":[{\"@type\":\"ListItem\",\"position\":1,\"name\":\"Home\",\"item\":\"https:\\\/\\\/vilight.vn\\\/website\\\/\"},{\"@type\":\"ListItem\",\"position\":2,\"name\":\"store\",\"item\":\"https:\\\/\\\/vilight.vn\\\/website\\\/store\\\/\"},{\"@type\":\"ListItem\",\"position\":3,\"name\":\"\u0110\u00e8n LED \u0111i\u1ec3m VL-JD13\"}]},{\"@type\":\"WebSite\",\"@id\":\"https:\\\/\\\/vilight.vn\\\/website\\\/#website\",\"url\":\"https:\\\/\\\/vilight.vn\\\/website\\\/\",\"name\":\"Vilight Co.ltd\",\"description\":\"Chi\u1ebfu s\u00e1ng m\u1ef9 thu\u1eadt, chi\u1ebfu s\u00e1ng th\u00f4ng minh, LED Pixel 3D, chi\u1ebfu s\u00e1ng trang tr\u00ed \u0111\u00f4 th\u1ecb, chi\u1ebfu s\u00e1ng v\u00f2ng xoay, chi\u1ebfu s\u00e1ng \u0111\u1ea3o giao th\u00f4ng, c\u1ed5ng ch\u00e0o \u0111\u00f4 th\u1ecb\",\"publisher\":{\"@id\":\"https:\\\/\\\/vilight.vn\\\/website\\\/#organization\"},\"potentialAction\":[{\"@type\":\"SearchAction\",\"target\":{\"@type\":\"EntryPoint\",\"urlTemplate\":\"https:\\\/\\\/vilight.vn\\\/website\\\/?s={search_term_string}\"},\"query-input\":{\"@type\":\"PropertyValueSpecification\",\"valueRequired\":true,\"valueName\":\"search_term_string\"}}],\"inLanguage\":\"vi\"},{\"@type\":\"Organization\",\"@id\":\"https:\\\/\\\/vilight.vn\\\/website\\\/#organization\",\"name\":\"Vilight\",\"url\":\"https:\\\/\\\/vilight.vn\\\/website\\\/\",\"logo\":{\"@type\":\"ImageObject\",\"inLanguage\":\"vi\",\"@id\":\"https:\\\/\\\/vilight.vn\\\/website\\\/#\\\/schema\\\/logo\\\/image\\\/\",\"url\":\"https:\\\/\\\/vilight.vn\\\/website\\\/wp-content\\\/uploads\\\/2022\\\/05\\\/chieu_sang_trang_tri_do_thi_bang_den_led_pixel.png\",\"contentUrl\":\"https:\\\/\\\/vilight.vn\\\/website\\\/wp-content\\\/uploads\\\/2022\\\/05\\\/chieu_sang_trang_tri_do_thi_bang_den_led_pixel.png\",\"width\":800,\"height\":427,\"caption\":\"Vilight\"},\"image\":{\"@id\":\"https:\\\/\\\/vilight.vn\\\/website\\\/#\\\/schema\\\/logo\\\/image\\\/\"},\"sameAs\":[\"http:\\\/\\\/facebook.com\\\/vilight.vn\",\"https:\\\/\\\/www.linkedin.com\\\/company\\\/vilight-vn\",\"https:\\\/\\\/www.youtube.com\\\/channel\\\/UCEwR2naeDcuarMX1kSv_rLQ\\\/videos\"]}]}<\/script>\n<meta property=\"product:brand\" content=\"JD Series\" \/>\n<meta property=\"product:price:currency\" content=\"VND\" \/>\n<meta property=\"og:availability\" content=\"instock\" \/>\n<meta property=\"product:availability\" content=\"instock\" \/>\n<meta property=\"product:condition\" content=\"new\" \/>\n<!-- \/ Yoast SEO Premium plugin. -->","yoast_head_json":{"title":"\u0110\u00e8n LED \u0111i\u1ec3m VL-JD13 - Vilight Co.ltd","description":"\u0110\u00e8n LED Pixel JD13 - \u0110a n\u0103ng, ch\u1ea5t l\u01b0\u1ee3ng cao. Thi\u1ebft k\u1ebf t\u00e1ch r\u1eddi, l\u1eafp \u0111\u1eb7t d\u1ec5 d\u00e0ng. Ch\u1ed1ng n\u01b0\u1edbc, ch\u1ed1ng ch\u00e1y, tu\u1ed5i th\u1ecd 50.000 gi\u1edd.","robots":{"index":"index","follow":"follow","max-snippet":"max-snippet:-1","max-image-preview":"max-image-preview:large","max-video-preview":"max-video-preview:-1"},"canonical":"https:\/\/vilight.vn\/website\/san-pham\/den-led-pixel\/den-diem-led-dot\/jd-series\/den-led-diem-vl-jd13\/","og_locale":"vi_VN","og_type":"article","og_title":"\u0110\u00e8n LED \u0111i\u1ec3m VL-JD13","og_description":"\u0110\u00e8n LED Pixel JD13 - \u0110a n\u0103ng, ch\u1ea5t l\u01b0\u1ee3ng cao. Thi\u1ebft k\u1ebf t\u00e1ch r\u1eddi, l\u1eafp \u0111\u1eb7t d\u1ec5 d\u00e0ng. Ch\u1ed1ng n\u01b0\u1edbc, ch\u1ed1ng ch\u00e1y, tu\u1ed5i th\u1ecd 50.000 gi\u1edd. \u00c1nh s\u00e1ng ch\u1ea5t l\u01b0\u1ee3ng, \u0111i\u1ec1u khi\u1ec3n DMX, TTL, B\u1eadt-T\u1eaft. S\u1eed d\u1ee5ng cho chi\u1ebfu s\u00e1ng m\u1eb7t d\u1ef1ng ngo\u00e0i tr\u1eddi.","og_url":"https:\/\/vilight.vn\/website\/san-pham\/den-led-pixel\/den-diem-led-dot\/jd-series\/den-led-diem-vl-jd13\/","og_site_name":"Vilight Co.ltd","article_publisher":"http:\/\/facebook.com\/vilight.vn","article_modified_time":"2024-10-01T10:19:03+00:00","og_image":[{"width":600,"height":600,"url":"https:\/\/vilight.vn\/website\/wp-content\/uploads\/2021\/06\/JD13.jpg","type":"image\/jpeg"}],"twitter_card":"summary_large_image","twitter_misc":{"Gi\u00e1":"","Kh\u1ea3 d\u1ee5ng":"Trong kho"},"schema":{"@context":"https:\/\/schema.org","@graph":[{"@type":"WebPage","@id":"https:\/\/vilight.vn\/website\/san-pham\/den-led-pixel\/den-diem-led-dot\/jd-series\/den-led-diem-vl-jd13\/","url":"https:\/\/vilight.vn\/website\/san-pham\/den-led-pixel\/den-diem-led-dot\/jd-series\/den-led-diem-vl-jd13\/","name":"\u0110\u00e8n LED \u0111i\u1ec3m VL-JD13 - Vilight Co.ltd","isPartOf":{"@id":"https:\/\/vilight.vn\/website\/#website"},"primaryImageOfPage":{"@id":"https:\/\/vilight.vn\/website\/san-pham\/den-led-pixel\/den-diem-led-dot\/jd-series\/den-led-diem-vl-jd13\/#primaryimage"},"image":{"@id":"https:\/\/vilight.vn\/website\/san-pham\/den-led-pixel\/den-diem-led-dot\/jd-series\/den-led-diem-vl-jd13\/#primaryimage"},"thumbnailUrl":"https:\/\/vilight.vn\/website\/wp-content\/uploads\/2021\/06\/JD13.jpg","datePublished":"2021-06-25T08:39:25+00:00","dateModified":"2024-10-01T10:19:03+00:00","description":"\u0110\u00e8n LED Pixel JD13 - \u0110a n\u0103ng, ch\u1ea5t l\u01b0\u1ee3ng cao. Thi\u1ebft k\u1ebf t\u00e1ch r\u1eddi, l\u1eafp \u0111\u1eb7t d\u1ec5 d\u00e0ng. Ch\u1ed1ng n\u01b0\u1edbc, ch\u1ed1ng ch\u00e1y, tu\u1ed5i th\u1ecd 50.000 gi\u1edd.","breadcrumb":{"@id":"https:\/\/vilight.vn\/website\/san-pham\/den-led-pixel\/den-diem-led-dot\/jd-series\/den-led-diem-vl-jd13\/#breadcrumb"},"inLanguage":"vi","potentialAction":[{"@type":"ReadAction","target":["https:\/\/vilight.vn\/website\/san-pham\/den-led-pixel\/den-diem-led-dot\/jd-series\/den-led-diem-vl-jd13\/"]}]},{"@type":"ImageObject","inLanguage":"vi","@id":"https:\/\/vilight.vn\/website\/san-pham\/den-led-pixel\/den-diem-led-dot\/jd-series\/den-led-diem-vl-jd13\/#primaryimage","url":"https:\/\/vilight.vn\/website\/wp-content\/uploads\/2021\/06\/JD13.jpg","contentUrl":"https:\/\/vilight.vn\/website\/wp-content\/uploads\/2021\/06\/JD13.jpg","width":600,"height":600},{"@type":"BreadcrumbList","@id":"https:\/\/vilight.vn\/website\/san-pham\/den-led-pixel\/den-diem-led-dot\/jd-series\/den-led-diem-vl-jd13\/#breadcrumb","itemListElement":[{"@type":"ListItem","position":1,"name":"Home","item":"https:\/\/vilight.vn\/website\/"},{"@type":"ListItem","position":2,"name":"store","item":"https:\/\/vilight.vn\/website\/store\/"},{"@type":"ListItem","position":3,"name":"\u0110\u00e8n LED \u0111i\u1ec3m VL-JD13"}]},{"@type":"WebSite","@id":"https:\/\/vilight.vn\/website\/#website","url":"https:\/\/vilight.vn\/website\/","name":"Vilight Co.ltd","description":"Chi\u1ebfu s\u00e1ng m\u1ef9 thu\u1eadt, chi\u1ebfu s\u00e1ng th\u00f4ng minh, LED Pixel 3D, chi\u1ebfu s\u00e1ng trang tr\u00ed \u0111\u00f4 th\u1ecb, chi\u1ebfu s\u00e1ng v\u00f2ng xoay, chi\u1ebfu s\u00e1ng \u0111\u1ea3o giao th\u00f4ng, c\u1ed5ng ch\u00e0o \u0111\u00f4 th\u1ecb","publisher":{"@id":"https:\/\/vilight.vn\/website\/#organization"},"potentialAction":[{"@type":"SearchAction","target":{"@type":"EntryPoint","urlTemplate":"https:\/\/vilight.vn\/website\/?s={search_term_string}"},"query-input":{"@type":"PropertyValueSpecification","valueRequired":true,"valueName":"search_term_string"}}],"inLanguage":"vi"},{"@type":"Organization","@id":"https:\/\/vilight.vn\/website\/#organization","name":"Vilight","url":"https:\/\/vilight.vn\/website\/","logo":{"@type":"ImageObject","inLanguage":"vi","@id":"https:\/\/vilight.vn\/website\/#\/schema\/logo\/image\/","url":"https:\/\/vilight.vn\/website\/wp-content\/uploads\/2022\/05\/chieu_sang_trang_tri_do_thi_bang_den_led_pixel.png","contentUrl":"https:\/\/vilight.vn\/website\/wp-content\/uploads\/2022\/05\/chieu_sang_trang_tri_do_thi_bang_den_led_pixel.png","width":800,"height":427,"caption":"Vilight"},"image":{"@id":"https:\/\/vilight.vn\/website\/#\/schema\/logo\/image\/"},"sameAs":["http:\/\/facebook.com\/vilight.vn","https:\/\/www.linkedin.com\/company\/vilight-vn","https:\/\/www.youtube.com\/channel\/UCEwR2naeDcuarMX1kSv_rLQ\/videos"]}]},"product_brand":"JD Series","product_price_currency":"VND","og_availability":"instock","product_availability":"instock","product_condition":"new"},"_links":{"self":[{"href":"https:\/\/vilight.vn\/website\/wp-json\/wp\/v2\/product\/1233","targetHints":{"allow":["GET"]}}],"collection":[{"href":"https:\/\/vilight.vn\/website\/wp-json\/wp\/v2\/product"}],"about":[{"href":"https:\/\/vilight.vn\/website\/wp-json\/wp\/v2\/types\/product"}],"wp:featuredmedia":[{"embeddable":true,"href":"https:\/\/vilight.vn\/website\/wp-json\/wp\/v2\/media\/1253"}],"wp:attachment":[{"href":"https:\/\/vilight.vn\/website\/wp-json\/wp\/v2\/media?parent=1233"}],"wp:term":[{"taxonomy":"product_brand","embeddable":true,"href":"https:\/\/vilight.vn\/website\/wp-json\/wp\/v2\/product_brand?post=1233"},{"taxonomy":"product_cat","embeddable":true,"href":"https:\/\/vilight.vn\/website\/wp-json\/wp\/v2\/product_cat?post=1233"},{"taxonomy":"product_tag","embeddable":true,"href":"https:\/\/vilight.vn\/website\/wp-json\/wp\/v2\/product_tag?post=1233"}],"curies":[{"name":"wp","href":"https:\/\/api.w.org\/{rel}","templated":true}]}}