{"id":1290,"date":"2021-06-26T10:06:28","date_gmt":"2021-06-26T03:06:28","guid":{"rendered":"https:\/\/vilight.vn\/website\/?post_type=product&#038;p=1290"},"modified":"2024-10-01T16:49:09","modified_gmt":"2024-10-01T09:49:09","slug":"den-led-diem-vl-o35a-o50b","status":"publish","type":"product","link":"https:\/\/vilight.vn\/website\/san-pham\/den-led-pixel\/den-diem-led-dot\/3d-ball\/den-led-diem-vl-o35a-o50b\/","title":{"rendered":"\u0110\u00e8n LED \u0111i\u1ec3m VL-O35\/O50B"},"content":{"rendered":"<h2 style=\"text-align: justify;\"><span style=\"font-size: 18pt;\">Gi\u1edbi thi\u1ec7u s\u1ea3n ph\u1ea9m \u0110\u00e8n led \u0111i\u1ec3m VL-O35A\/O50B<\/span><\/h2>\n<p style=\"text-align: justify;\"><span style=\"font-size: 14pt;\">\u0110\u00e8n Pixel O35A\/O50B l\u00e0 m\u1ed9t lo\u1ea1i \u0111\u00e8n \u0111\u1eb7c bi\u1ec7t \u0111\u01b0\u1ee3c thi\u1ebft k\u1ebf \u0111\u1ec3 mang l\u1ea1i s\u1ef1 b\u1ec1n b\u1ec9 v\u00e0 hi\u1ec7u su\u1ea5t cao trong m\u1ecdi \u1ee9ng d\u1ee5ng chi\u1ebfu s\u00e1ng. V\u1edbi v\u1ecf ngo\u00e0i \u0111\u01b0\u1ee3c l\u00e0m b\u1eb1ng nh\u1ef1a PU ch\u1ed1ng n\u1ee9t v\u1ee1 v\u00e0 c\u00f3 \u0111\u1ed9 b\u1ec1n r\u1ea5t cao, \u0111\u00e8n n\u00e0y \u0111\u1ea3m b\u1ea3o kh\u1ea3 n\u0103ng ch\u1ed1ng th\u1eddi ti\u1ebft kh\u1eafc nhi\u1ec7t, cho ph\u00e9p b\u1ea1n s\u1eed d\u1ee5ng trong th\u1eddi gian d\u00e0i m\u00e0 kh\u00f4ng lo l\u1eafng v\u1ec1 hi\u1ec7u su\u1ea5t ho\u1ea1t \u0111\u1ed9ng.<\/span><\/p>\n<p style=\"text-align: justify;\"><span style=\"font-size: 14pt;\">\u0110\u00e8n Pixel O35A\/O50B \u0111\u01b0\u1ee3c \u00e1p d\u1ee5ng r\u1ed9ng r\u00e3i trong c\u00e1c c\u00f4ng tr\u00ecnh chi\u1ebfu s\u00e1ng m\u1ef9 thu\u1eadt t\u1ea1i kh\u00e1ch s\u1ea1n, trung t\u00e2m th\u01b0\u01a1ng m\u1ea1i v\u00e0 trang tr\u00ed c\u00e1c c\u00f4ng vi\u00ean. V\u1edbi thi\u1ebft k\u1ebf hi\u1ec7n \u0111\u1ea1i v\u00e0 t\u00ednh th\u1ea9m m\u1ef9 cao, m\u1eabu \u0111\u00e8n n\u00e0y mang \u0111\u1ebfn m\u1ed9t kh\u00f4ng gian trang tr\u00ed \u0111\u1ed9c \u0111\u00e1o v\u00e0 \u1ea5n t\u01b0\u1ee3ng, t\u1ea1o \u0111i\u1ec3m nh\u1ea5n n\u1ed5i b\u1eadt cho b\u1ea5t k\u1ef3 kh\u00f4ng gian n\u00e0o.<\/span><\/p>\n<p style=\"text-align: justify;\"><span style=\"font-size: 14pt;\">M\u1ed9t \u0111i\u1ec3m n\u1ed5i b\u1eadt c\u1ee7a \u0111\u00e8n Pixel O35A\/O50B l\u00e0 kh\u1ea3 n\u0103ng s\u1eed d\u1ee5ng ngu\u1ed3n \u0111i\u1ec7n DC c\u1ea5p, cho ph\u00e9p b\u1ea1n d\u1ec5 d\u00e0ng s\u1eed d\u1ee5ng \u1edf kho\u1ea3ng c\u00e1ch xa m\u00e0 kh\u00f4ng g\u1eb7p ph\u1ea3i c\u00e1c v\u1ea5n \u0111\u1ec1 v\u1ec1 ngu\u1ed3n cung c\u1ea5p \u0111i\u1ec7n. \u0110i\u1ec1u n\u00e0y \u0111\u1ea3m b\u1ea3o r\u1eb1ng \u0111\u00e8n s\u1ebd ho\u1ea1t \u0111\u1ed9ng \u1ed5n \u0111\u1ecbnh v\u00e0 kh\u00f4ng g\u00e2y m\u1ea5t m\u00e1t n\u0103ng l\u01b0\u1ee3ng tr\u00ean \u0111\u01b0\u1eddng truy\u1ec1n.<\/span><\/p>\n<p style=\"text-align: justify;\"><span style=\"font-size: 14pt;\">B\u00ean c\u1ea1nh \u0111\u00f3, \u0111\u00e8n LED Pixel O35A\/O50B c\u0169ng \u0111\u01b0\u1ee3c thi\u1ebft k\u1ebf \u0111\u1ec3 s\u1eed d\u1ee5ng ngo\u00e0i tr\u1eddi v\u00e0 d\u01b0\u1edbi n\u01b0\u1edbc, v\u1edbi kh\u1ea3 n\u0103ng ch\u1ed1ng ch\u1ecbu cao v\u1edbi c\u00e1c y\u1ebfu t\u1ed1 thi\u00ean nhi\u00ean. V\u1edbi ch\u1ea5t li\u1ec7u v\u00e0 c\u00f4ng ngh\u1ec7 ch\u1ed1ng th\u1ea5m n\u01b0\u1edbc ti\u00ean ti\u1ebfn, \u0111\u00e8n n\u00e0y c\u00f3 th\u1ec3 ho\u1ea1t \u0111\u1ed9ng m\u1ed9t c\u00e1ch \u0111\u00e1ng tin c\u1eady trong m\u00f4i tr\u01b0\u1eddng \u1ea9m \u01b0\u1edbt v\u00e0 kh\u1eafc nhi\u1ec7t, m\u1edf ra nhi\u1ec1u t\u00f9y ch\u1ecdn s\u00e1ng t\u1ea1o cho vi\u1ec7c trang tr\u00ed ngo\u1ea1i th\u1ea5t v\u00e0 d\u01b0\u1edbi n\u01b0\u1edbc.<\/span><\/p>\n<p style=\"text-align: justify;\"><span style=\"font-size: 14pt;\">T\u00f3m l\u1ea1i, \u0111\u00e8n LED Pixel O35A\/O50B l\u00e0 s\u1ef1 k\u1ebft h\u1ee3p ho\u00e0n h\u1ea3o gi\u1eefa \u0111\u1ed9 b\u1ec1n v\u00e0 th\u1ea9m m\u1ef9 cao. V\u1edbi kh\u1ea3 n\u0103ng ch\u1ed1ng th\u1eddi ti\u1ebft kh\u1eafc nhi\u1ec7t, kh\u1ea3 n\u0103ng s\u1eed d\u1ee5ng ngu\u1ed3n \u0111i\u1ec7n DC c\u1ea5p \u0111\u01b0\u1ee3c kho\u1ea3ng c\u00e1ch xa, v\u00e0 kh\u1ea3 n\u0103ng ch<\/span><\/p>\n<p style=\"text-align: justify;\"><span style=\"font-size: 14pt;\">\u1ed1ng ch\u1ecbu cao v\u1edbi thi\u00ean nhi\u00ean, \u0111\u00e8n n\u00e0y l\u00e0 l\u1ef1a ch\u1ecdn l\u00fd t\u01b0\u1edfng cho c\u00e1c d\u1ef1 \u00e1n chi\u1ebfu s\u00e1ng \u0111\u1eb7c bi\u1ec7t. Cho d\u00f9 b\u1ea1n \u0111ang trang tr\u00ed m\u1ed9t kh\u00e1ch s\u1ea1n sang tr\u1ecdng, m\u1ed9t trung t\u00e2m th\u01b0\u01a1ng m\u1ea1i s\u00f4i \u0111\u1ed9ng hay c\u00e1c c\u00f4ng vi\u00ean xanh m\u00e1t, \u0111\u00e8n LED Pixel O35A\/O50B s\u1ebd mang \u0111\u1ebfn \u00e1nh s\u00e1ng ch\u1ea5t l\u01b0\u1ee3ng cao v\u00e0 t\u1ea1o \u0111i\u1ec3m nh\u1ea5n \u0111\u1eb7c bi\u1ec7t cho kh\u00f4ng gian c\u1ee7a b\u1ea1n.<\/span><\/p>\n<p style=\"text-align: justify;\"><span style=\"font-size: 14pt;\">Ngo\u00e0i ra, v\u1edbi thi\u1ebft k\u1ebf c\u00e1p li\u1ec1n v\u00e0 ru\u1ed9t \u0111\u1ed3ng nguy\u00ean ch\u1ea5t kh\u00f4ng c\u00f3 n\u1ed1i, \u0111\u00e8n LED Pixel O35A\/O50B gi\u1ea3m thi\u1ec3u t\u1ed5n hao tr\u00ean \u0111\u01b0\u1eddng truy\u1ec1n v\u00e0 \u0111\u1ea3m b\u1ea3o ngu\u1ed3n cung c\u1ea5p \u0111i\u1ec7n \u0111\u01b0\u1ee3c truy\u1ec1n t\u1ea3i \u1ed5n \u0111\u1ecbnh v\u00e0 xa h\u01a1n. \u0110i\u1ec1u n\u00e0y gi\u00fap \u0111\u1ea3m b\u1ea3o r\u1eb1ng \u0111\u00e8n s\u1ebd ho\u1ea1t \u0111\u1ed9ng hi\u1ec7u qu\u1ea3 v\u00e0 kh\u00f4ng g\u00e2y m\u1ea5t m\u00e1t n\u0103ng l\u01b0\u1ee3ng trong qu\u00e1 tr\u00ecnh s\u1eed d\u1ee5ng.<\/span><\/p>\n<p style=\"text-align: justify;\"><span style=\"font-size: 14pt;\">H\u00e3y trang tr\u00ed kh\u00f4ng gian c\u1ee7a b\u1ea1n v\u1edbi \u0111\u00e8n Pixel O35A\/O50B v\u00e0 t\u1eadn h\u01b0\u1edfng s\u1ef1 k\u1ebft h\u1ee3p ho\u00e0n h\u1ea3o gi\u1eefa t\u00ednh b\u1ec1n b\u1ec9 v\u00e0 th\u1ea9m m\u1ef9 cao. V\u1edbi kh\u1ea3 n\u0103ng ch\u1ed1ng th\u1eddi ti\u1ebft kh\u1eafc nhi\u1ec7t, s\u1eed d\u1ee5ng ngu\u1ed3n \u0111i\u1ec7n DC c\u1ea5p \u0111\u01b0\u1ee3c kho\u1ea3ng c\u00e1ch xa v\u00e0 kh\u1ea3 n\u0103ng ch\u1ecbu cao v\u1edbi thi\u00ean nhi\u00ean, \u0111\u00e8n n\u00e0y s\u1ebd mang \u0111\u1ebfn \u00e1nh s\u00e1ng \u0111\u1eb9p m\u1eaft v\u00e0 t\u1ea1o \u0111i\u1ec3m nh\u1ea5n \u0111\u1ed9c \u0111\u00e1o cho m\u1ecdi kh\u00f4ng gian.<\/span><\/p>\n<p style=\"text-align: justify;\"><span style=\"font-size: 14pt;\"><img decoding=\"async\" class=\"aligncenter wp-image-1291 size-full lazyload\" data-src=\"https:\/\/vilight.vn\/website\/wp-content\/uploads\/2021\/06\/O35A-O35B.jpg\" alt=\"\u0110\u00e8n led \u0111i\u1ec3m VL-O35A\/O50B\" width=\"1200\" height=\"1315\" data-srcset=\"https:\/\/vilight.vn\/website\/wp-content\/uploads\/2021\/06\/O35A-O35B.jpg 1200w, https:\/\/vilight.vn\/website\/wp-content\/uploads\/2021\/06\/O35A-O35B-800x877.jpg 800w, https:\/\/vilight.vn\/website\/wp-content\/uploads\/2021\/06\/O35A-O35B-274x300.jpg 274w, https:\/\/vilight.vn\/website\/wp-content\/uploads\/2021\/06\/O35A-O35B-934x1024.jpg 934w, https:\/\/vilight.vn\/website\/wp-content\/uploads\/2021\/06\/O35A-O35B-768x842.jpg 768w, https:\/\/vilight.vn\/website\/wp-content\/uploads\/2021\/06\/O35A-O35B-11x12.jpg 11w, https:\/\/vilight.vn\/website\/wp-content\/uploads\/2021\/06\/O35A-O35B-133x146.jpg 133w, https:\/\/vilight.vn\/website\/wp-content\/uploads\/2021\/06\/O35A-O35B-46x50.jpg 46w, https:\/\/vilight.vn\/website\/wp-content\/uploads\/2021\/06\/O35A-O35B-68x75.jpg 68w, https:\/\/vilight.vn\/website\/wp-content\/uploads\/2021\/06\/O35A-O35B-600x658.jpg 600w, https:\/\/vilight.vn\/website\/wp-content\/uploads\/2021\/06\/O35A-O35B-64x70.jpg 64w\" data-sizes=\"(max-width:767px) 480px, (max-width:1200px) 100vw, 1200px\" src=\"data:image\/svg+xml;base64,PHN2ZyB3aWR0aD0iMSIgaGVpZ2h0PSIxIiB4bWxucz0iaHR0cDovL3d3dy53My5vcmcvMjAwMC9zdmciPjwvc3ZnPg==\" style=\"--smush-placeholder-width: 1200px; --smush-placeholder-aspect-ratio: 1200\/1315;\" \/><\/span><\/p>\n<h4 style=\"text-align: justify;\"><\/h4>\n","protected":false},"excerpt":{"rendered":"<p style=\"text-align: justify;\"><span style=\"font-size: 14pt;\">\u0110\u00e8n LED 3D Pixel Ball VL-O35\/O50B &#8211; S\u1ef1 k\u1ebft h\u1ee3p ho\u00e0n h\u1ea3o gi\u1eefa \u0111\u1ed9 b\u1ec1n v\u00e0 th\u1ea9m m\u1ef9 cao. Thi\u1ebft k\u1ebf hi\u1ec7n \u0111\u1ea1i, ch\u1ed1ng th\u1eddi ti\u1ebft kh\u1eafc nhi\u1ec7t, d\u00f9ng trong v\u00e0 ngo\u00e0i tr\u1eddi. Ngu\u1ed3n \u0111i\u1ec7n DC c\u1ea5p \u0111\u01b0\u1ee3c kho\u1ea3ng c\u00e1ch xa. L\u1ef1a ch\u1ecdn tuy\u1ec7t v\u1eddi cho kh\u00f4ng gian chi\u1ebfu s\u00e1ng \u0111\u1eb7c bi\u1ec7t.<\/span><\/p>\n","protected":false},"featured_media":1292,"template":"","meta":[],"product_brand":[],"product_cat":[173,78,77],"product_tag":[488,179,177,176,178],"class_list":{"0":"post-1290","1":"product","2":"type-product","3":"status-publish","4":"has-post-thumbnail","6":"product_cat-3d-ball","7":"product_cat-den-diem-led-dot","8":"product_cat-den-led-pixel","9":"product_tag-den-led-diem-vl-o35a-o50b","10":"product_tag-o","11":"product_tag-o35a","12":"product_tag-o35a-o50b","13":"product_tag-o50b","14":"pa_chip-led-cree","15":"pa_chip-led-epistar","16":"pa_chip-led-oram","17":"pa_chuan-dieu-khien-dmx","18":"pa_chuan-dieu-khien-ttl","19":"pa_cong-suat-1-5w","20":"pa_dien-ap-hoat-dong-24vdc","21":"pa_do-kin-ip65","22":"pa_goc-chieu-360-do","23":"pa_gray-level-256-65536","25":"first","26":"instock","27":"taxable","28":"shipping-taxable","29":"product-type-simple"},"yoast_head":"<!-- This site is optimized with the Yoast SEO Premium plugin v27.4 (Yoast SEO v27.4) - https:\/\/yoast.com\/product\/yoast-seo-premium-wordpress\/ -->\n<title>\u0110\u00e8n LED \u0111i\u1ec3m VL-O35\/O50B - \u0110\u00e8n LED 3D Pixel Ball - Vilight Co.ltd<\/title>\n<meta name=\"description\" content=\"\u0110\u00e8n led \u0111i\u1ec3m VL-O35\/O50B l\u00e0 m\u1eabu LED 3D Pixel Ball. S\u1ea3n ph\u1ea9m \u0111\u01b0\u1ee3c l\u00e0m t\u1eeb nh\u1ef1a PU c\u00f3 \u0111\u1ed9 ch\u1ed1ng va \u0111\u1eadp cao, ch\u1ecbu \u0111\u01b0\u1ee3c th\u1eddi ti\u1ebft kh\u1eafc nghi\u1ec7t.\" \/>\n<meta name=\"robots\" content=\"index, follow, max-snippet:-1, max-image-preview:large, max-video-preview:-1\" \/>\n<link rel=\"canonical\" href=\"https:\/\/vilight.vn\/website\/san-pham\/den-led-pixel\/den-diem-led-dot\/3d-ball\/den-led-diem-vl-o35a-o50b\/\" \/>\n<meta property=\"og:locale\" content=\"vi_VN\" \/>\n<meta property=\"og:type\" content=\"article\" \/>\n<meta property=\"og:title\" content=\"\u0110\u00e8n LED \u0111i\u1ec3m VL-O35\/O50B\" \/>\n<meta property=\"og:description\" content=\"\u0110\u00e8n LED 3D Pixel Ball VL-O35\/O50B - S\u1ef1 k\u1ebft h\u1ee3p ho\u00e0n h\u1ea3o gi\u1eefa \u0111\u1ed9 b\u1ec1n v\u00e0 th\u1ea9m m\u1ef9 cao. Thi\u1ebft k\u1ebf hi\u1ec7n \u0111\u1ea1i, ch\u1ed1ng th\u1eddi ti\u1ebft kh\u1eafc nhi\u1ec7t, d\u00f9ng trong v\u00e0 ngo\u00e0i tr\u1eddi. Ngu\u1ed3n \u0111i\u1ec7n DC c\u1ea5p \u0111\u01b0\u1ee3c kho\u1ea3ng c\u00e1ch xa. L\u1ef1a ch\u1ecdn tuy\u1ec7t v\u1eddi cho kh\u00f4ng gian chi\u1ebfu s\u00e1ng \u0111\u1eb7c bi\u1ec7t.\" \/>\n<meta property=\"og:url\" content=\"https:\/\/vilight.vn\/website\/san-pham\/den-led-pixel\/den-diem-led-dot\/3d-ball\/den-led-diem-vl-o35a-o50b\/\" \/>\n<meta property=\"og:site_name\" content=\"Vilight Co.ltd\" \/>\n<meta property=\"article:publisher\" content=\"http:\/\/facebook.com\/vilight.vn\" \/>\n<meta property=\"article:modified_time\" content=\"2024-10-01T09:49:09+00:00\" \/>\n<meta property=\"og:image\" content=\"https:\/\/vilight.vn\/website\/wp-content\/uploads\/2021\/06\/O35A-O35B-Logo.jpg\" \/>\n\t<meta property=\"og:image:width\" content=\"600\" \/>\n\t<meta property=\"og:image:height\" content=\"600\" \/>\n\t<meta property=\"og:image:type\" content=\"image\/jpeg\" \/>\n<meta name=\"twitter:card\" content=\"summary_large_image\" \/>\n<meta name=\"twitter:label1\" content=\"Gi\u00e1\" \/>\n\t<meta name=\"twitter:data1\" content=\"\" \/>\n\t<meta name=\"twitter:label2\" content=\"Kh\u1ea3 d\u1ee5ng\" \/>\n\t<meta name=\"twitter:data2\" content=\"Trong kho\" \/>\n<script type=\"application\/ld+json\" class=\"yoast-schema-graph\">{\"@context\":\"https:\\\/\\\/schema.org\",\"@graph\":[{\"@type\":\"WebPage\",\"@id\":\"https:\\\/\\\/vilight.vn\\\/website\\\/san-pham\\\/den-led-pixel\\\/den-diem-led-dot\\\/3d-ball\\\/den-led-diem-vl-o35a-o50b\\\/\",\"url\":\"https:\\\/\\\/vilight.vn\\\/website\\\/san-pham\\\/den-led-pixel\\\/den-diem-led-dot\\\/3d-ball\\\/den-led-diem-vl-o35a-o50b\\\/\",\"name\":\"\u0110\u00e8n LED \u0111i\u1ec3m VL-O35\\\/O50B - \u0110\u00e8n LED 3D Pixel Ball - Vilight Co.ltd\",\"isPartOf\":{\"@id\":\"https:\\\/\\\/vilight.vn\\\/website\\\/#website\"},\"primaryImageOfPage\":{\"@id\":\"https:\\\/\\\/vilight.vn\\\/website\\\/san-pham\\\/den-led-pixel\\\/den-diem-led-dot\\\/3d-ball\\\/den-led-diem-vl-o35a-o50b\\\/#primaryimage\"},\"image\":{\"@id\":\"https:\\\/\\\/vilight.vn\\\/website\\\/san-pham\\\/den-led-pixel\\\/den-diem-led-dot\\\/3d-ball\\\/den-led-diem-vl-o35a-o50b\\\/#primaryimage\"},\"thumbnailUrl\":\"https:\\\/\\\/vilight.vn\\\/website\\\/wp-content\\\/uploads\\\/2021\\\/06\\\/O35A-O35B-Logo.jpg\",\"datePublished\":\"2021-06-26T03:06:28+00:00\",\"dateModified\":\"2024-10-01T09:49:09+00:00\",\"description\":\"\u0110\u00e8n led \u0111i\u1ec3m VL-O35\\\/O50B l\u00e0 m\u1eabu LED 3D Pixel Ball. S\u1ea3n ph\u1ea9m \u0111\u01b0\u1ee3c l\u00e0m t\u1eeb nh\u1ef1a PU c\u00f3 \u0111\u1ed9 ch\u1ed1ng va \u0111\u1eadp cao, ch\u1ecbu \u0111\u01b0\u1ee3c th\u1eddi ti\u1ebft kh\u1eafc nghi\u1ec7t.\",\"breadcrumb\":{\"@id\":\"https:\\\/\\\/vilight.vn\\\/website\\\/san-pham\\\/den-led-pixel\\\/den-diem-led-dot\\\/3d-ball\\\/den-led-diem-vl-o35a-o50b\\\/#breadcrumb\"},\"inLanguage\":\"vi\",\"potentialAction\":[{\"@type\":\"ReadAction\",\"target\":[\"https:\\\/\\\/vilight.vn\\\/website\\\/san-pham\\\/den-led-pixel\\\/den-diem-led-dot\\\/3d-ball\\\/den-led-diem-vl-o35a-o50b\\\/\"]}]},{\"@type\":\"ImageObject\",\"inLanguage\":\"vi\",\"@id\":\"https:\\\/\\\/vilight.vn\\\/website\\\/san-pham\\\/den-led-pixel\\\/den-diem-led-dot\\\/3d-ball\\\/den-led-diem-vl-o35a-o50b\\\/#primaryimage\",\"url\":\"https:\\\/\\\/vilight.vn\\\/website\\\/wp-content\\\/uploads\\\/2021\\\/06\\\/O35A-O35B-Logo.jpg\",\"contentUrl\":\"https:\\\/\\\/vilight.vn\\\/website\\\/wp-content\\\/uploads\\\/2021\\\/06\\\/O35A-O35B-Logo.jpg\",\"width\":600,\"height\":600},{\"@type\":\"BreadcrumbList\",\"@id\":\"https:\\\/\\\/vilight.vn\\\/website\\\/san-pham\\\/den-led-pixel\\\/den-diem-led-dot\\\/3d-ball\\\/den-led-diem-vl-o35a-o50b\\\/#breadcrumb\",\"itemListElement\":[{\"@type\":\"ListItem\",\"position\":1,\"name\":\"Home\",\"item\":\"https:\\\/\\\/vilight.vn\\\/website\\\/\"},{\"@type\":\"ListItem\",\"position\":2,\"name\":\"store\",\"item\":\"https:\\\/\\\/vilight.vn\\\/website\\\/store\\\/\"},{\"@type\":\"ListItem\",\"position\":3,\"name\":\"\u0110\u00e8n LED \u0111i\u1ec3m VL-O35\\\/O50B\"}]},{\"@type\":\"WebSite\",\"@id\":\"https:\\\/\\\/vilight.vn\\\/website\\\/#website\",\"url\":\"https:\\\/\\\/vilight.vn\\\/website\\\/\",\"name\":\"Vilight Co.ltd\",\"description\":\"Chi\u1ebfu s\u00e1ng m\u1ef9 thu\u1eadt, chi\u1ebfu s\u00e1ng th\u00f4ng minh, LED Pixel 3D, chi\u1ebfu s\u00e1ng trang tr\u00ed \u0111\u00f4 th\u1ecb, chi\u1ebfu s\u00e1ng v\u00f2ng xoay, chi\u1ebfu s\u00e1ng \u0111\u1ea3o giao th\u00f4ng, c\u1ed5ng ch\u00e0o \u0111\u00f4 th\u1ecb\",\"publisher\":{\"@id\":\"https:\\\/\\\/vilight.vn\\\/website\\\/#organization\"},\"potentialAction\":[{\"@type\":\"SearchAction\",\"target\":{\"@type\":\"EntryPoint\",\"urlTemplate\":\"https:\\\/\\\/vilight.vn\\\/website\\\/?s={search_term_string}\"},\"query-input\":{\"@type\":\"PropertyValueSpecification\",\"valueRequired\":true,\"valueName\":\"search_term_string\"}}],\"inLanguage\":\"vi\"},{\"@type\":\"Organization\",\"@id\":\"https:\\\/\\\/vilight.vn\\\/website\\\/#organization\",\"name\":\"Vilight\",\"url\":\"https:\\\/\\\/vilight.vn\\\/website\\\/\",\"logo\":{\"@type\":\"ImageObject\",\"inLanguage\":\"vi\",\"@id\":\"https:\\\/\\\/vilight.vn\\\/website\\\/#\\\/schema\\\/logo\\\/image\\\/\",\"url\":\"https:\\\/\\\/vilight.vn\\\/website\\\/wp-content\\\/uploads\\\/2022\\\/05\\\/chieu_sang_trang_tri_do_thi_bang_den_led_pixel.png\",\"contentUrl\":\"https:\\\/\\\/vilight.vn\\\/website\\\/wp-content\\\/uploads\\\/2022\\\/05\\\/chieu_sang_trang_tri_do_thi_bang_den_led_pixel.png\",\"width\":800,\"height\":427,\"caption\":\"Vilight\"},\"image\":{\"@id\":\"https:\\\/\\\/vilight.vn\\\/website\\\/#\\\/schema\\\/logo\\\/image\\\/\"},\"sameAs\":[\"http:\\\/\\\/facebook.com\\\/vilight.vn\",\"https:\\\/\\\/www.linkedin.com\\\/company\\\/vilight-vn\",\"https:\\\/\\\/www.youtube.com\\\/channel\\\/UCEwR2naeDcuarMX1kSv_rLQ\\\/videos\"]}]}<\/script>\n<meta property=\"product:brand\" content=\"3D Crystall Ball\" \/>\n<meta property=\"product:price:currency\" content=\"VND\" \/>\n<meta property=\"og:availability\" content=\"instock\" \/>\n<meta property=\"product:availability\" content=\"instock\" \/>\n<meta property=\"product:condition\" content=\"new\" \/>\n<!-- \/ Yoast SEO Premium plugin. -->","yoast_head_json":{"title":"\u0110\u00e8n LED \u0111i\u1ec3m VL-O35\/O50B - \u0110\u00e8n LED 3D Pixel Ball - Vilight Co.ltd","description":"\u0110\u00e8n led \u0111i\u1ec3m VL-O35\/O50B l\u00e0 m\u1eabu LED 3D Pixel Ball. S\u1ea3n ph\u1ea9m \u0111\u01b0\u1ee3c l\u00e0m t\u1eeb nh\u1ef1a PU c\u00f3 \u0111\u1ed9 ch\u1ed1ng va \u0111\u1eadp cao, ch\u1ecbu \u0111\u01b0\u1ee3c th\u1eddi ti\u1ebft kh\u1eafc nghi\u1ec7t.","robots":{"index":"index","follow":"follow","max-snippet":"max-snippet:-1","max-image-preview":"max-image-preview:large","max-video-preview":"max-video-preview:-1"},"canonical":"https:\/\/vilight.vn\/website\/san-pham\/den-led-pixel\/den-diem-led-dot\/3d-ball\/den-led-diem-vl-o35a-o50b\/","og_locale":"vi_VN","og_type":"article","og_title":"\u0110\u00e8n LED \u0111i\u1ec3m VL-O35\/O50B","og_description":"\u0110\u00e8n LED 3D Pixel Ball VL-O35\/O50B - S\u1ef1 k\u1ebft h\u1ee3p ho\u00e0n h\u1ea3o gi\u1eefa \u0111\u1ed9 b\u1ec1n v\u00e0 th\u1ea9m m\u1ef9 cao. Thi\u1ebft k\u1ebf hi\u1ec7n \u0111\u1ea1i, ch\u1ed1ng th\u1eddi ti\u1ebft kh\u1eafc nhi\u1ec7t, d\u00f9ng trong v\u00e0 ngo\u00e0i tr\u1eddi. Ngu\u1ed3n \u0111i\u1ec7n DC c\u1ea5p \u0111\u01b0\u1ee3c kho\u1ea3ng c\u00e1ch xa. L\u1ef1a ch\u1ecdn tuy\u1ec7t v\u1eddi cho kh\u00f4ng gian chi\u1ebfu s\u00e1ng \u0111\u1eb7c bi\u1ec7t.","og_url":"https:\/\/vilight.vn\/website\/san-pham\/den-led-pixel\/den-diem-led-dot\/3d-ball\/den-led-diem-vl-o35a-o50b\/","og_site_name":"Vilight Co.ltd","article_publisher":"http:\/\/facebook.com\/vilight.vn","article_modified_time":"2024-10-01T09:49:09+00:00","og_image":[{"width":600,"height":600,"url":"https:\/\/vilight.vn\/website\/wp-content\/uploads\/2021\/06\/O35A-O35B-Logo.jpg","type":"image\/jpeg"}],"twitter_card":"summary_large_image","twitter_misc":{"Gi\u00e1":"","Kh\u1ea3 d\u1ee5ng":"Trong kho"},"schema":{"@context":"https:\/\/schema.org","@graph":[{"@type":"WebPage","@id":"https:\/\/vilight.vn\/website\/san-pham\/den-led-pixel\/den-diem-led-dot\/3d-ball\/den-led-diem-vl-o35a-o50b\/","url":"https:\/\/vilight.vn\/website\/san-pham\/den-led-pixel\/den-diem-led-dot\/3d-ball\/den-led-diem-vl-o35a-o50b\/","name":"\u0110\u00e8n LED \u0111i\u1ec3m VL-O35\/O50B - \u0110\u00e8n LED 3D Pixel Ball - Vilight Co.ltd","isPartOf":{"@id":"https:\/\/vilight.vn\/website\/#website"},"primaryImageOfPage":{"@id":"https:\/\/vilight.vn\/website\/san-pham\/den-led-pixel\/den-diem-led-dot\/3d-ball\/den-led-diem-vl-o35a-o50b\/#primaryimage"},"image":{"@id":"https:\/\/vilight.vn\/website\/san-pham\/den-led-pixel\/den-diem-led-dot\/3d-ball\/den-led-diem-vl-o35a-o50b\/#primaryimage"},"thumbnailUrl":"https:\/\/vilight.vn\/website\/wp-content\/uploads\/2021\/06\/O35A-O35B-Logo.jpg","datePublished":"2021-06-26T03:06:28+00:00","dateModified":"2024-10-01T09:49:09+00:00","description":"\u0110\u00e8n led \u0111i\u1ec3m VL-O35\/O50B l\u00e0 m\u1eabu LED 3D Pixel Ball. S\u1ea3n ph\u1ea9m \u0111\u01b0\u1ee3c l\u00e0m t\u1eeb nh\u1ef1a PU c\u00f3 \u0111\u1ed9 ch\u1ed1ng va \u0111\u1eadp cao, ch\u1ecbu \u0111\u01b0\u1ee3c th\u1eddi ti\u1ebft kh\u1eafc nghi\u1ec7t.","breadcrumb":{"@id":"https:\/\/vilight.vn\/website\/san-pham\/den-led-pixel\/den-diem-led-dot\/3d-ball\/den-led-diem-vl-o35a-o50b\/#breadcrumb"},"inLanguage":"vi","potentialAction":[{"@type":"ReadAction","target":["https:\/\/vilight.vn\/website\/san-pham\/den-led-pixel\/den-diem-led-dot\/3d-ball\/den-led-diem-vl-o35a-o50b\/"]}]},{"@type":"ImageObject","inLanguage":"vi","@id":"https:\/\/vilight.vn\/website\/san-pham\/den-led-pixel\/den-diem-led-dot\/3d-ball\/den-led-diem-vl-o35a-o50b\/#primaryimage","url":"https:\/\/vilight.vn\/website\/wp-content\/uploads\/2021\/06\/O35A-O35B-Logo.jpg","contentUrl":"https:\/\/vilight.vn\/website\/wp-content\/uploads\/2021\/06\/O35A-O35B-Logo.jpg","width":600,"height":600},{"@type":"BreadcrumbList","@id":"https:\/\/vilight.vn\/website\/san-pham\/den-led-pixel\/den-diem-led-dot\/3d-ball\/den-led-diem-vl-o35a-o50b\/#breadcrumb","itemListElement":[{"@type":"ListItem","position":1,"name":"Home","item":"https:\/\/vilight.vn\/website\/"},{"@type":"ListItem","position":2,"name":"store","item":"https:\/\/vilight.vn\/website\/store\/"},{"@type":"ListItem","position":3,"name":"\u0110\u00e8n LED \u0111i\u1ec3m VL-O35\/O50B"}]},{"@type":"WebSite","@id":"https:\/\/vilight.vn\/website\/#website","url":"https:\/\/vilight.vn\/website\/","name":"Vilight Co.ltd","description":"Chi\u1ebfu s\u00e1ng m\u1ef9 thu\u1eadt, chi\u1ebfu s\u00e1ng th\u00f4ng minh, LED Pixel 3D, chi\u1ebfu s\u00e1ng trang tr\u00ed \u0111\u00f4 th\u1ecb, chi\u1ebfu s\u00e1ng v\u00f2ng xoay, chi\u1ebfu s\u00e1ng \u0111\u1ea3o giao th\u00f4ng, c\u1ed5ng ch\u00e0o \u0111\u00f4 th\u1ecb","publisher":{"@id":"https:\/\/vilight.vn\/website\/#organization"},"potentialAction":[{"@type":"SearchAction","target":{"@type":"EntryPoint","urlTemplate":"https:\/\/vilight.vn\/website\/?s={search_term_string}"},"query-input":{"@type":"PropertyValueSpecification","valueRequired":true,"valueName":"search_term_string"}}],"inLanguage":"vi"},{"@type":"Organization","@id":"https:\/\/vilight.vn\/website\/#organization","name":"Vilight","url":"https:\/\/vilight.vn\/website\/","logo":{"@type":"ImageObject","inLanguage":"vi","@id":"https:\/\/vilight.vn\/website\/#\/schema\/logo\/image\/","url":"https:\/\/vilight.vn\/website\/wp-content\/uploads\/2022\/05\/chieu_sang_trang_tri_do_thi_bang_den_led_pixel.png","contentUrl":"https:\/\/vilight.vn\/website\/wp-content\/uploads\/2022\/05\/chieu_sang_trang_tri_do_thi_bang_den_led_pixel.png","width":800,"height":427,"caption":"Vilight"},"image":{"@id":"https:\/\/vilight.vn\/website\/#\/schema\/logo\/image\/"},"sameAs":["http:\/\/facebook.com\/vilight.vn","https:\/\/www.linkedin.com\/company\/vilight-vn","https:\/\/www.youtube.com\/channel\/UCEwR2naeDcuarMX1kSv_rLQ\/videos"]}]},"product_brand":"3D Crystall Ball","product_price_currency":"VND","og_availability":"instock","product_availability":"instock","product_condition":"new"},"_links":{"self":[{"href":"https:\/\/vilight.vn\/website\/wp-json\/wp\/v2\/product\/1290","targetHints":{"allow":["GET"]}}],"collection":[{"href":"https:\/\/vilight.vn\/website\/wp-json\/wp\/v2\/product"}],"about":[{"href":"https:\/\/vilight.vn\/website\/wp-json\/wp\/v2\/types\/product"}],"wp:featuredmedia":[{"embeddable":true,"href":"https:\/\/vilight.vn\/website\/wp-json\/wp\/v2\/media\/1292"}],"wp:attachment":[{"href":"https:\/\/vilight.vn\/website\/wp-json\/wp\/v2\/media?parent=1290"}],"wp:term":[{"taxonomy":"product_brand","embeddable":true,"href":"https:\/\/vilight.vn\/website\/wp-json\/wp\/v2\/product_brand?post=1290"},{"taxonomy":"product_cat","embeddable":true,"href":"https:\/\/vilight.vn\/website\/wp-json\/wp\/v2\/product_cat?post=1290"},{"taxonomy":"product_tag","embeddable":true,"href":"https:\/\/vilight.vn\/website\/wp-json\/wp\/v2\/product_tag?post=1290"}],"curies":[{"name":"wp","href":"https:\/\/api.w.org\/{rel}","templated":true}]}}