{"id":1314,"date":"2021-06-26T11:50:54","date_gmt":"2021-06-26T04:50:54","guid":{"rendered":"https:\/\/vilight.vn\/website\/?post_type=product&#038;p=1314"},"modified":"2024-10-01T16:34:37","modified_gmt":"2024-10-01T09:34:37","slug":"den-led-diem-dang-luoi-vl-e22","status":"publish","type":"product","link":"https:\/\/vilight.vn\/website\/san-pham\/den-led-pixel\/dang-luoi-grid\/e-series\/den-led-diem-dang-luoi-vl-e22\/","title":{"rendered":"\u0110\u00e8n LED \u0111i\u1ec3m d\u1ea1ng l\u01b0\u1edbi VL-E22"},"content":{"rendered":"<h2 style=\"text-align: justify;\"><span style=\"font-size: 18pt;\">\u0110\u00e8n LED Pixel E22 &#8211; Hi\u1ec7u su\u1ea5t v\u00e0 linh ho\u1ea1t trong chi\u1ebfu s\u00e1ng ngo\u1ea1i tr\u1eddi<\/span><\/h2>\n<p style=\"text-align: justify;\"><span style=\"font-size: 14pt;\">\u0110\u00e8n LED Pixel E22 l\u00e0 m\u1ed9t gi\u1ea3i ph\u00e1p chi\u1ebfu s\u00e1ng \u0111\u1eb7c bi\u1ec7t \u0111\u01b0\u1ee3c thi\u1ebft k\u1ebf d\u01b0\u1edbi d\u1ea1ng l\u01b0\u1edbi, v\u1edbi nh\u1eefng \u01b0u \u0111i\u1ec3m v\u01b0\u1ee3t tr\u1ed9i v\u1ec1 hi\u1ec7u su\u1ea5t v\u00e0 t\u00ednh linh ho\u1ea1t. \u0110\u01b0\u1ee3c chia th\u00e0nh c\u00e1c b\u1ed9 ph\u1eadn ri\u00eang bi\u1ec7t nh\u01b0 \u0111\u1ebf \u0111\u00e8n, ph\u1ea7n \u0111i\u1ec1u khi\u1ec3n v\u00e0 m\u1eb7t \u0111\u00e8n LED, vi\u1ec7c l\u1eafp \u0111\u1eb7t v\u00e0 b\u1ea3o tr\u00ec tr\u1edf n\u00ean thu\u1eadn l\u1ee3i v\u00e0 \u0111\u01a1n gi\u1ea3n h\u01a1n bao gi\u1edd h\u1ebft. \u0110\u00e8n LED Pixel E22 th\u00edch h\u1ee3p cho vi\u1ec7c chi\u1ebfu s\u00e1ng m\u1eb7t d\u1ef1ng ngo\u00e0i tr\u1eddi, nh\u01b0 m\u1eb7t b\u00ean ngo\u00e0i c\u1ee7a c\u00e1c kh\u00e1ch s\u1ea1n ho\u1eb7c trang tr\u00ed c\u00e1c c\u00f4ng vi\u00ean, mang l\u1ea1i s\u1ef1 n\u1ed5i b\u1eadt v\u00e0 thu h\u00fat.<\/span><\/p>\n<p style=\"text-align: justify;\"><span style=\"font-size: 14pt;\">M\u1ed9t trong nh\u1eefng \u0111i\u1ec3m n\u1ed5i b\u1eadt c\u1ee7a \u0111\u00e8n LED Pixel E22 l\u00e0 kh\u1ea3 n\u0103ng s\u1eed d\u1ee5ng ngu\u1ed3n \u0111i\u1ec7n DC \u0111\u1ec3 c\u1ea5p \u0111i\u1ec7n cho \u0111\u00e8n trong kho\u1ea3ng c\u00e1ch xa. \u0110i\u1ec1u n\u00e0y cho ph\u00e9p b\u1ea1n linh ho\u1ea1t v\u1edbi vi\u1ec7c l\u1eafp \u0111\u1eb7t v\u00e0 k\u1ebft n\u1ed1i c\u00e1c \u0111\u00e8n m\u00e0 kh\u00f4ng g\u1eb7p r\u00e0o c\u1ea3n v\u1ec1 kho\u1ea3ng c\u00e1ch. V\u1edbi c\u00e1p li\u1ec1n v\u00e0 ru\u1ed9t \u0111\u1ed3ng nguy\u00ean ch\u1ea5t kh\u00f4ng c\u00f3 n\u1ed1i, t\u1ed5n hao tr\u00ean \u0111\u01b0\u1eddng truy\u1ec1n \u0111\u01b0\u1ee3c gi\u1ea3m thi\u1ec3u, \u0111\u1ea3m b\u1ea3o ngu\u1ed3n cung c\u1ea5p \u1ed5n \u0111\u1ecbnh v\u00e0 hi\u1ec7u su\u1ea5t cao ngay c\u1ea3 khi c\u00e1ch xa.<\/span><\/p>\n<p style=\"text-align: justify;\"><span style=\"font-size: 14pt;\">\u0110\u00e8n LED Pixel E22 c\u0169ng \u0111\u01b0\u1ee3c thi\u1ebft k\u1ebf \u0111\u1ec3 thu\u1eadn ti\u1ec7n cho c\u00f4ng t\u00e1c b\u1ea3o tr\u00ec. M\u1eb7t \u0111\u00e8n v\u00e0 ph\u1ea7n \u0111i\u1ec1u khi\u1ec3n c\u00f3 th\u1ec3 t\u00e1ch r\u1eddi nhau m\u1ed9t c\u00e1ch d\u1ec5 d\u00e0ng, gi\u00fap ti\u1ebft ki\u1ec7m th\u1eddi gian v\u00e0 c\u00f4ng s\u1ee9c khi c\u1ea7n thay th\u1ebf ho\u1eb7c b\u1ea3o d\u01b0\u1ee1ng. B\u1ea1n c\u00f3 th\u1ec3 nhanh ch\u00f3ng th\u00e1o r\u1eddi ph\u1ea7n c\u1ea7n s\u1eeda ch\u1eefa m\u00e0 kh\u00f4ng c\u1ea7n ph\u1ea3i th\u00e1o g\u1ee1 to\u00e0n b\u1ed9 h\u1ec7 th\u1ed1ng \u0111\u00e8n.<\/span><\/p>\n<p style=\"text-align: justify;\"><span style=\"font-size: 14pt;\">V\u1edbi kh\u1ea3 n\u0103ng ch\u1ed1ng ch\u1ecbu cao v\u1edbi c\u00e1c y\u1ebfu t\u1ed1 thi\u00ean nhi\u00ean, \u0111\u00e8n LED Pixel E22 th\u00edch h\u1ee3p s\u1eed d\u1ee5ng kh\u00f4ng ch\u1ec9 ngo\u00e0i tr\u1eddi m\u00e0 c\u00f2n d\u01b0\u1edbi n\u01b0\u1edbc. V\u1edbi m\u1ee9c \u0111\u1ed9 k\u00edn IP67, n\u00f3 \u0111\u01b0\u1ee3c b\u1ea3o v\u1ec7 ch\u1ed1ng b\u1ee5i v\u00e0 ch\u1ed1ng th\u1ea5m n\u01b0\u1edbc, \u0111\u1ea3m b\u1ea3o \u0111\u1ed9 b\u1ec1n v\u00e0 \u0111\u1ed9 tin c\u1eady c\u1ee7a h\u1ec7 th\u1ed1ng chi\u1ebfu s\u00e1ng trong m\u1ecdi \u0111i\u1ec1u ki\u1ec7n th\u1eddi ti\u1ebft kh\u1eafc nghi\u1ec7t.<\/span><\/p>\n<p style=\"text-align: justify;\"><span style=\"font-size: 14pt;\">\u0110\u00e8n LED Pixel E22 \u0111\u01b0\u1ee3c trang b\u1ecb chip LED t\u1eeb c\u00e1c th\u01b0\u01a1ng hi\u1ec7u danh ti\u1ebfng nh\u01b0 CREE, Epistar v\u00e0 Osram, \u0111\u1ea3m b\u1ea3o \u0111\u1ed9 s\u00e1ng v\u00e0 ch\u1ea5t l\u01b0\u1ee3ng \u00e1nh s\u00e1ng tuy\u1ec7t v\u1eddi. V\u1edbi m\u1ee9c x\u00e1m (gray level) l\u00ean \u0111\u1ebfn 256\/65536, \u0111\u00e8n LED Pixel E22 mang \u0111\u1ebfn kh\u1ea3 n\u0103ng hi\u1ec3n th\u1ecb m\u00e0u s\u1eafc phong ph\u00fa v\u00e0 ch\u00e2n th\u1ef1c.<\/span><\/p>\n<p style=\"text-align: justify;\"><span style=\"font-size: 14pt;\">G\u00f3c chi\u1ebfu r\u1ed9ng l\u00ean \u0111\u1ebfn 120\u00b0 gi\u00fap \u0111\u00e8n ph\u00e1t ra \u00e1nh s\u00e1ng r\u1ed9ng v\u00e0 \u0111\u1ed3ng \u0111\u1ec1u, t\u1ea1o ra m\u1ed9t kh\u00f4ng gian chi\u1ebfu s\u00e1ng m\u1edf r\u1ed9ng v\u00e0 t\u0103ng c\u01b0\u1eddng hi\u1ec7u qu\u1ea3 chi\u1ebfu s\u00e1ng.<\/span><\/p>\n<p style=\"text-align: justify;\"><span style=\"font-size: 14pt;\">V\u1edbi m\u1ee9c nhi\u1ec7t \u0111\u1ed9 ho\u1ea1t \u0111\u1ed9ng t\u1eeb -22 \u0111\u1ebfn 60 \u0111\u1ed9 C, \u0111\u00e8n LED Pixel E22 c\u00f3 kh\u1ea3 n\u0103ng ho\u1ea1t \u0111\u1ed9ng \u1ed5n \u0111\u1ecbnh trong m\u1ecdi \u0111i\u1ec1u ki\u1ec7n nhi\u1ec7t \u0111\u1ed9.<\/span><\/p>\n<p style=\"text-align: justify;\"><span style=\"font-size: 14pt;\">\u0110i\u1ec7n \u00e1p ho\u1ea1t \u0111\u1ed9ng c\u1ee7a \u0111\u00e8n l\u00e0 5VDC, ti\u1ebft ki\u1ec7m n\u0103ng l\u01b0\u1ee3ng v\u00e0 an to\u00e0n cho vi\u1ec7c s\u1eed d\u1ee5ng.<\/span><\/p>\n<p style=\"text-align: justify;\"><span style=\"font-size: 14pt;\">C\u00f4ng su\u1ea5t c\u1ee7a \u0111\u00e8n LED Pixel E22 l\u00e0 0.3W ho\u1eb7c 0.4W, gi\u00fap ti\u1ebft ki\u1ec7m n\u0103ng l\u01b0\u1ee3ng m\u00e0 v\u1eabn \u0111\u1ea3m b\u1ea3o \u0111\u1ed9 s\u00e1ng c\u1ea7n thi\u1ebft.<\/span><\/p>\n<p style=\"text-align: justify;\"><span style=\"font-size: 14pt;\">\u0110\u00e8n h\u1ed7 tr\u1ee3 chu\u1ea9n \u0111i\u1ec1u khi\u1ec3n DMX v\u00e0 TTL, mang \u0111\u1ebfn t\u00ednh linh ho\u1ea1t trong vi\u1ec7c k\u1ebft n\u1ed1i v\u00e0 \u0111i\u1ec1u khi\u1ec3n \u0111\u00e8n theo \u00fd mu\u1ed1n c\u1ee7a b\u1ea1n.<\/span><\/p>\n<p style=\"text-align: justify;\"><span style=\"font-size: 14pt;\">V\u1edbi tu\u1ed5i th\u1ecd 50.000 gi\u1edd, \u0111\u00e8n LED Pixel E22 c\u00f3 kh\u1ea3 n\u0103ng ho\u1ea1t \u0111\u1ed9ng l\u00e2u d\u00e0i v\u00e0 b\u1ec1n b\u1ec9, gi\u1ea3m chi ph\u00ed b\u1ea3o tr\u00ec v\u00e0 thay th\u1ebf.<\/span><\/p>\n<p style=\"text-align: justify;\"><span style=\"font-size: 14pt;\">\u0110\u00e8n \u0111\u01b0\u1ee3c \u0111\u00e1nh gi\u00e1 v\u1edbi \u0111\u1ed9 k\u00edn IP67, b\u1ea3o v\u1ec7 ch\u1ed1ng th\u1ea5m n\u01b0\u1edbc v\u00e0 b\u1ee5i, \u0111\u1ea3m b\u1ea3o \u0111\u1ed9 an to\u00e0n v\u00e0 \u0111\u1ed9 b\u1ec1n trong m\u00f4i tr\u01b0\u1eddng kh\u1eafc nghi\u1ec7t.<\/span><\/p>\n<p style=\"text-align: justify;\"><span style=\"font-size: 14pt;\">Ngo\u00e0i ra, \u0111\u00e8n c\u00f2n \u0111\u01b0\u1ee3c \u0111\u00e1nh gi\u00e1 v\u1edbi c\u1ea5p ch\u1ed1ng ch\u00e1y 94-V0 v\u00e0 c\u1ea5p c\u00e1ch \u0111i\u1ec7n III, \u0111\u1ea3m b\u1ea3o an to\u00e0n tuy\u1ec7t \u0111\u1ed1i khi s\u1eed d\u1ee5ng.<\/span><\/p>\n<p style=\"text-align: justify;\"><span style=\"font-size: 14pt;\">T\u00f3m l\u1ea1i, \u0111\u00e8n LED Pixel E22 l\u00e0 m\u1ed9t l\u1ef1a ch\u1ecdn tuy\u1ec7t v\u1eddi cho chi\u1ebfu s\u00e1ng ngo\u1ea1i tr\u1eddi, v\u1edbi hi\u1ec7u su\u1ea5t cao, t\u00ednh linh ho\u1ea1t v\u00e0 kh\u1ea3 n\u0103ng ch\u1ed1ng ch\u1ecbu t\u1ed1t. V\u1edbi thi\u1ebft k\u1ebf d\u1ea1ng l\u01b0\u1edbi v\u00e0 c\u00e1c t\u00ednh n\u0103ng ti\u1ec7n \u00edch nh\u01b0 t\u00e1ch r\u1eddi c\u00e1c b\u1ed9 ph\u1eadn v\u00e0 ngu\u1ed3n cung c\u1ea5p \u0111i\u1ec7n DC, n\u00f3 mang l\u1ea1i s\u1ef1 thu\u1eadn ti\u1ec7n v\u00e0 d\u1ec5 d\u00e0ng trong l\u1eafp \u0111\u1eb7t v\u00e0 b\u1ea3o tr\u00ec. H\u00e3y trang tr\u00ed m\u1eb7t ngo\u00e0i c\u1ee7a kh\u00e1ch s\u1ea1n ho\u1eb7c c\u00e1c c\u00f4ng vi\u00ean b\u1eb1ng \u0111\u00e8n LED Pixel E22 \u0111\u1ec3 t\u1ea1o \u0111i\u1ec3m nh\u1ea5n v\u00e0 t\u1ea1o kh\u00f4ng gian chi\u1ebfu s\u00e1ng \u0111\u1ed9c \u0111\u00e1o v\u00e0 \u1ea5n t\u01b0\u1ee3ng.<\/span><\/p>\n<p style=\"text-align: justify;\"><span style=\"font-size: 14pt;\"><a href=\"https:\/\/vilight.vn\/website\/wp-content\/uploads\/2021\/06\/E22.jpg\"><img decoding=\"async\" class=\"aligncenter wp-image-1315 size-full lazyload\" data-src=\"https:\/\/vilight.vn\/website\/wp-content\/uploads\/2021\/06\/E22.jpg\" alt=\"\u0110\u00e8n led \u0111i\u1ec3m d\u1ea1ng l\u01b0\u1edbi VL-E22\" width=\"1200\" height=\"1166\" data-srcset=\"https:\/\/vilight.vn\/website\/wp-content\/uploads\/2021\/06\/E22.jpg 1200w, https:\/\/vilight.vn\/website\/wp-content\/uploads\/2021\/06\/E22-800x777.jpg 800w, https:\/\/vilight.vn\/website\/wp-content\/uploads\/2021\/06\/E22-300x292.jpg 300w, https:\/\/vilight.vn\/website\/wp-content\/uploads\/2021\/06\/E22-1024x995.jpg 1024w, https:\/\/vilight.vn\/website\/wp-content\/uploads\/2021\/06\/E22-768x746.jpg 768w, https:\/\/vilight.vn\/website\/wp-content\/uploads\/2021\/06\/E22-12x12.jpg 12w, https:\/\/vilight.vn\/website\/wp-content\/uploads\/2021\/06\/E22-150x146.jpg 150w, https:\/\/vilight.vn\/website\/wp-content\/uploads\/2021\/06\/E22-50x50.jpg 50w, https:\/\/vilight.vn\/website\/wp-content\/uploads\/2021\/06\/E22-77x75.jpg 77w, https:\/\/vilight.vn\/website\/wp-content\/uploads\/2021\/06\/E22-600x583.jpg 600w, https:\/\/vilight.vn\/website\/wp-content\/uploads\/2021\/06\/E22-64x62.jpg 64w\" data-sizes=\"(max-width:767px) 480px, (max-width:1200px) 100vw, 1200px\" src=\"data:image\/svg+xml;base64,PHN2ZyB3aWR0aD0iMSIgaGVpZ2h0PSIxIiB4bWxucz0iaHR0cDovL3d3dy53My5vcmcvMjAwMC9zdmciPjwvc3ZnPg==\" style=\"--smush-placeholder-width: 1200px; --smush-placeholder-aspect-ratio: 1200\/1166;\" \/><\/a><\/span><\/p>\n<p style=\"text-align: justify;\">\n","protected":false},"excerpt":{"rendered":"<p style=\"text-align: justify;\"><span style=\"font-size: 14pt;\">\u0110\u00e8n LED \u0111i\u1ec3m d\u1ea1ng l\u01b0\u1edbi VL-E22 l\u00e0 m\u1ed9t gi\u1ea3i ph\u00e1p chi\u1ebfu s\u00e1ng \u0111\u1eb7c bi\u1ec7t \u0111\u01b0\u1ee3c thi\u1ebft k\u1ebf d\u01b0\u1edbi d\u1ea1ng l\u01b0\u1edbi, v\u1edbi nh\u1eefng \u01b0u \u0111i\u1ec3m v\u01b0\u1ee3t tr\u1ed9i v\u1ec1 hi\u1ec7u su\u1ea5t v\u00e0 t\u00ednh linh ho\u1ea1t. \u0110\u01b0\u1ee3c chia th\u00e0nh c\u00e1c b\u1ed9 ph\u1eadn ri\u00eang bi\u1ec7t nh\u01b0 \u0111\u1ebf \u0111\u00e8n, ph\u1ea7n \u0111i\u1ec1u khi\u1ec3n v\u00e0 m\u1eb7t \u0111\u00e8n LED, vi\u1ec7c l\u1eafp \u0111\u1eb7t v\u00e0 b\u1ea3o tr\u00ec tr\u1edf n\u00ean thu\u1eadn l\u1ee3i v\u00e0 \u0111\u01a1n gi\u1ea3n h\u01a1n bao gi\u1edd h\u1ebft. S\u1ea3n ph\u1ea9m th\u00edch h\u1ee3p cho vi\u1ec7c chi\u1ebfu s\u00e1ng m\u1eb7t d\u1ef1ng ngo\u00e0i tr\u1eddi, nh\u01b0 m\u1eb7t b\u00ean ngo\u00e0i c\u1ee7a c\u00e1c kh\u00e1ch s\u1ea1n ho\u1eb7c trang tr\u00ed c\u00e1c c\u00f4ng vi\u00ean, mang l\u1ea1i s\u1ef1 n\u1ed5i b\u1eadt v\u00e0 thu h\u00fat.<\/span><\/p>\n","protected":false},"featured_media":1316,"template":"","meta":[],"product_brand":[],"product_cat":[81,77,184],"product_tag":[],"class_list":{"0":"post-1314","1":"product","2":"type-product","3":"status-publish","4":"has-post-thumbnail","6":"product_cat-dang-luoi-grid","7":"product_cat-den-led-pixel","8":"product_cat-e-series","9":"pa_chip-led-cree","10":"pa_chip-led-epistar","11":"pa_chip-led-oram","12":"pa_chuan-dieu-khien-dmx","13":"pa_chuan-dieu-khien-ttl","14":"pa_cong-suat-0-3w","15":"pa_cong-suat-0-4w","16":"pa_dien-ap-hoat-dong-dc-5v","17":"pa_do-kin-ip67","18":"pa_goc-chieu-120-do","19":"pa_gray-level-256-65536","21":"first","22":"instock","23":"taxable","24":"shipping-taxable","25":"product-type-simple"},"yoast_head":"<!-- This site is optimized with the Yoast SEO Premium plugin v27.4 (Yoast SEO v27.4) - https:\/\/yoast.com\/product\/yoast-seo-premium-wordpress\/ -->\n<title>\u0110\u00e8n LED \u0111i\u1ec3m d\u1ea1ng l\u01b0\u1edbi VL-E22 - Vilight Co.ltd<\/title>\n<meta name=\"description\" content=\"\u0110\u00e8n LED \u0111i\u1ec3m d\u1ea1ng l\u01b0\u1edbi VL-E22 l\u00e0 m\u1ed9t gi\u1ea3i ph\u00e1p chi\u1ebfu s\u00e1ng \u0111\u1eb7c bi\u1ec7t \u0111\u01b0\u1ee3c thi\u1ebft k\u1ebf d\u01b0\u1edbi d\u1ea1ng l\u01b0\u1edbi, v\u1edbi nh\u1eefng \u01b0u \u0111i\u1ec3m v\u01b0\u1ee3t tr\u1ed9i v\u1ec1 hi\u1ec7u su\u1ea5t v\u00e0 t\u00ednh linh ho\u1ea1t.\" \/>\n<meta name=\"robots\" content=\"index, follow, max-snippet:-1, max-image-preview:large, max-video-preview:-1\" \/>\n<link rel=\"canonical\" href=\"https:\/\/vilight.vn\/website\/san-pham\/den-led-pixel\/dang-luoi-grid\/e-series\/den-led-diem-dang-luoi-vl-e22\/\" \/>\n<meta property=\"og:locale\" content=\"vi_VN\" \/>\n<meta property=\"og:type\" content=\"article\" \/>\n<meta property=\"og:title\" content=\"\u0110\u00e8n LED \u0111i\u1ec3m d\u1ea1ng l\u01b0\u1edbi VL-E22\" \/>\n<meta property=\"og:description\" content=\"\u0110\u00e8n LED \u0111i\u1ec3m d\u1ea1ng l\u01b0\u1edbi VL-E22 l\u00e0 m\u1ed9t gi\u1ea3i ph\u00e1p chi\u1ebfu s\u00e1ng \u0111\u1eb7c bi\u1ec7t \u0111\u01b0\u1ee3c thi\u1ebft k\u1ebf d\u01b0\u1edbi d\u1ea1ng l\u01b0\u1edbi, v\u1edbi nh\u1eefng \u01b0u \u0111i\u1ec3m v\u01b0\u1ee3t tr\u1ed9i v\u1ec1 hi\u1ec7u su\u1ea5t v\u00e0 t\u00ednh linh ho\u1ea1t. \u0110\u01b0\u1ee3c chia th\u00e0nh c\u00e1c b\u1ed9 ph\u1eadn ri\u00eang bi\u1ec7t nh\u01b0 \u0111\u1ebf \u0111\u00e8n, ph\u1ea7n \u0111i\u1ec1u khi\u1ec3n v\u00e0 m\u1eb7t \u0111\u00e8n LED, vi\u1ec7c l\u1eafp \u0111\u1eb7t v\u00e0 b\u1ea3o tr\u00ec tr\u1edf n\u00ean thu\u1eadn l\u1ee3i v\u00e0 \u0111\u01a1n gi\u1ea3n h\u01a1n bao gi\u1edd h\u1ebft. S\u1ea3n ph\u1ea9m th\u00edch h\u1ee3p cho vi\u1ec7c chi\u1ebfu s\u00e1ng m\u1eb7t d\u1ef1ng ngo\u00e0i tr\u1eddi, nh\u01b0 m\u1eb7t b\u00ean ngo\u00e0i c\u1ee7a c\u00e1c kh\u00e1ch s\u1ea1n ho\u1eb7c trang tr\u00ed c\u00e1c c\u00f4ng vi\u00ean, mang l\u1ea1i s\u1ef1 n\u1ed5i b\u1eadt v\u00e0 thu h\u00fat.\" \/>\n<meta property=\"og:url\" content=\"https:\/\/vilight.vn\/website\/san-pham\/den-led-pixel\/dang-luoi-grid\/e-series\/den-led-diem-dang-luoi-vl-e22\/\" \/>\n<meta property=\"og:site_name\" content=\"Vilight Co.ltd\" \/>\n<meta property=\"article:publisher\" content=\"http:\/\/facebook.com\/vilight.vn\" \/>\n<meta property=\"article:modified_time\" content=\"2024-10-01T09:34:37+00:00\" \/>\n<meta property=\"og:image\" content=\"https:\/\/vilight.vn\/website\/wp-content\/uploads\/2021\/06\/E22-logo.jpg\" \/>\n\t<meta property=\"og:image:width\" content=\"600\" \/>\n\t<meta property=\"og:image:height\" content=\"600\" \/>\n\t<meta property=\"og:image:type\" content=\"image\/jpeg\" \/>\n<meta name=\"twitter:card\" content=\"summary_large_image\" \/>\n<meta name=\"twitter:label1\" content=\"Gi\u00e1\" \/>\n\t<meta name=\"twitter:data1\" content=\"\" \/>\n\t<meta name=\"twitter:label2\" content=\"Kh\u1ea3 d\u1ee5ng\" \/>\n\t<meta name=\"twitter:data2\" content=\"Trong kho\" \/>\n<script type=\"application\/ld+json\" class=\"yoast-schema-graph\">{\"@context\":\"https:\\\/\\\/schema.org\",\"@graph\":[{\"@type\":\"WebPage\",\"@id\":\"https:\\\/\\\/vilight.vn\\\/website\\\/san-pham\\\/den-led-pixel\\\/dang-luoi-grid\\\/e-series\\\/den-led-diem-dang-luoi-vl-e22\\\/\",\"url\":\"https:\\\/\\\/vilight.vn\\\/website\\\/san-pham\\\/den-led-pixel\\\/dang-luoi-grid\\\/e-series\\\/den-led-diem-dang-luoi-vl-e22\\\/\",\"name\":\"\u0110\u00e8n LED \u0111i\u1ec3m d\u1ea1ng l\u01b0\u1edbi VL-E22 - Vilight Co.ltd\",\"isPartOf\":{\"@id\":\"https:\\\/\\\/vilight.vn\\\/website\\\/#website\"},\"primaryImageOfPage\":{\"@id\":\"https:\\\/\\\/vilight.vn\\\/website\\\/san-pham\\\/den-led-pixel\\\/dang-luoi-grid\\\/e-series\\\/den-led-diem-dang-luoi-vl-e22\\\/#primaryimage\"},\"image\":{\"@id\":\"https:\\\/\\\/vilight.vn\\\/website\\\/san-pham\\\/den-led-pixel\\\/dang-luoi-grid\\\/e-series\\\/den-led-diem-dang-luoi-vl-e22\\\/#primaryimage\"},\"thumbnailUrl\":\"https:\\\/\\\/vilight.vn\\\/website\\\/wp-content\\\/uploads\\\/2021\\\/06\\\/E22-logo.jpg\",\"datePublished\":\"2021-06-26T04:50:54+00:00\",\"dateModified\":\"2024-10-01T09:34:37+00:00\",\"description\":\"\u0110\u00e8n LED \u0111i\u1ec3m d\u1ea1ng l\u01b0\u1edbi VL-E22 l\u00e0 m\u1ed9t gi\u1ea3i ph\u00e1p chi\u1ebfu s\u00e1ng \u0111\u1eb7c bi\u1ec7t \u0111\u01b0\u1ee3c thi\u1ebft k\u1ebf d\u01b0\u1edbi d\u1ea1ng l\u01b0\u1edbi, v\u1edbi nh\u1eefng \u01b0u \u0111i\u1ec3m v\u01b0\u1ee3t tr\u1ed9i v\u1ec1 hi\u1ec7u su\u1ea5t v\u00e0 t\u00ednh linh ho\u1ea1t.\",\"breadcrumb\":{\"@id\":\"https:\\\/\\\/vilight.vn\\\/website\\\/san-pham\\\/den-led-pixel\\\/dang-luoi-grid\\\/e-series\\\/den-led-diem-dang-luoi-vl-e22\\\/#breadcrumb\"},\"inLanguage\":\"vi\",\"potentialAction\":[{\"@type\":\"ReadAction\",\"target\":[\"https:\\\/\\\/vilight.vn\\\/website\\\/san-pham\\\/den-led-pixel\\\/dang-luoi-grid\\\/e-series\\\/den-led-diem-dang-luoi-vl-e22\\\/\"]}]},{\"@type\":\"ImageObject\",\"inLanguage\":\"vi\",\"@id\":\"https:\\\/\\\/vilight.vn\\\/website\\\/san-pham\\\/den-led-pixel\\\/dang-luoi-grid\\\/e-series\\\/den-led-diem-dang-luoi-vl-e22\\\/#primaryimage\",\"url\":\"https:\\\/\\\/vilight.vn\\\/website\\\/wp-content\\\/uploads\\\/2021\\\/06\\\/E22-logo.jpg\",\"contentUrl\":\"https:\\\/\\\/vilight.vn\\\/website\\\/wp-content\\\/uploads\\\/2021\\\/06\\\/E22-logo.jpg\",\"width\":600,\"height\":600},{\"@type\":\"BreadcrumbList\",\"@id\":\"https:\\\/\\\/vilight.vn\\\/website\\\/san-pham\\\/den-led-pixel\\\/dang-luoi-grid\\\/e-series\\\/den-led-diem-dang-luoi-vl-e22\\\/#breadcrumb\",\"itemListElement\":[{\"@type\":\"ListItem\",\"position\":1,\"name\":\"Home\",\"item\":\"https:\\\/\\\/vilight.vn\\\/website\\\/\"},{\"@type\":\"ListItem\",\"position\":2,\"name\":\"store\",\"item\":\"https:\\\/\\\/vilight.vn\\\/website\\\/store\\\/\"},{\"@type\":\"ListItem\",\"position\":3,\"name\":\"\u0110\u00e8n LED \u0111i\u1ec3m d\u1ea1ng l\u01b0\u1edbi VL-E22\"}]},{\"@type\":\"WebSite\",\"@id\":\"https:\\\/\\\/vilight.vn\\\/website\\\/#website\",\"url\":\"https:\\\/\\\/vilight.vn\\\/website\\\/\",\"name\":\"Vilight Co.ltd\",\"description\":\"Chi\u1ebfu s\u00e1ng m\u1ef9 thu\u1eadt, chi\u1ebfu s\u00e1ng th\u00f4ng minh, LED Pixel 3D, chi\u1ebfu s\u00e1ng trang tr\u00ed \u0111\u00f4 th\u1ecb, chi\u1ebfu s\u00e1ng v\u00f2ng xoay, chi\u1ebfu s\u00e1ng \u0111\u1ea3o giao th\u00f4ng, c\u1ed5ng ch\u00e0o \u0111\u00f4 th\u1ecb\",\"publisher\":{\"@id\":\"https:\\\/\\\/vilight.vn\\\/website\\\/#organization\"},\"potentialAction\":[{\"@type\":\"SearchAction\",\"target\":{\"@type\":\"EntryPoint\",\"urlTemplate\":\"https:\\\/\\\/vilight.vn\\\/website\\\/?s={search_term_string}\"},\"query-input\":{\"@type\":\"PropertyValueSpecification\",\"valueRequired\":true,\"valueName\":\"search_term_string\"}}],\"inLanguage\":\"vi\"},{\"@type\":\"Organization\",\"@id\":\"https:\\\/\\\/vilight.vn\\\/website\\\/#organization\",\"name\":\"Vilight\",\"url\":\"https:\\\/\\\/vilight.vn\\\/website\\\/\",\"logo\":{\"@type\":\"ImageObject\",\"inLanguage\":\"vi\",\"@id\":\"https:\\\/\\\/vilight.vn\\\/website\\\/#\\\/schema\\\/logo\\\/image\\\/\",\"url\":\"https:\\\/\\\/vilight.vn\\\/website\\\/wp-content\\\/uploads\\\/2022\\\/05\\\/chieu_sang_trang_tri_do_thi_bang_den_led_pixel.png\",\"contentUrl\":\"https:\\\/\\\/vilight.vn\\\/website\\\/wp-content\\\/uploads\\\/2022\\\/05\\\/chieu_sang_trang_tri_do_thi_bang_den_led_pixel.png\",\"width\":800,\"height\":427,\"caption\":\"Vilight\"},\"image\":{\"@id\":\"https:\\\/\\\/vilight.vn\\\/website\\\/#\\\/schema\\\/logo\\\/image\\\/\"},\"sameAs\":[\"http:\\\/\\\/facebook.com\\\/vilight.vn\",\"https:\\\/\\\/www.linkedin.com\\\/company\\\/vilight-vn\",\"https:\\\/\\\/www.youtube.com\\\/channel\\\/UCEwR2naeDcuarMX1kSv_rLQ\\\/videos\"]}]}<\/script>\n<meta property=\"product:brand\" content=\"E Series\" \/>\n<meta property=\"product:price:currency\" content=\"VND\" \/>\n<meta property=\"og:availability\" content=\"instock\" \/>\n<meta property=\"product:availability\" content=\"instock\" \/>\n<meta property=\"product:condition\" content=\"new\" \/>\n<!-- \/ Yoast SEO Premium plugin. -->","yoast_head_json":{"title":"\u0110\u00e8n LED \u0111i\u1ec3m d\u1ea1ng l\u01b0\u1edbi VL-E22 - Vilight Co.ltd","description":"\u0110\u00e8n LED \u0111i\u1ec3m d\u1ea1ng l\u01b0\u1edbi VL-E22 l\u00e0 m\u1ed9t gi\u1ea3i ph\u00e1p chi\u1ebfu s\u00e1ng \u0111\u1eb7c bi\u1ec7t \u0111\u01b0\u1ee3c thi\u1ebft k\u1ebf d\u01b0\u1edbi d\u1ea1ng l\u01b0\u1edbi, v\u1edbi nh\u1eefng \u01b0u \u0111i\u1ec3m v\u01b0\u1ee3t tr\u1ed9i v\u1ec1 hi\u1ec7u su\u1ea5t v\u00e0 t\u00ednh linh ho\u1ea1t.","robots":{"index":"index","follow":"follow","max-snippet":"max-snippet:-1","max-image-preview":"max-image-preview:large","max-video-preview":"max-video-preview:-1"},"canonical":"https:\/\/vilight.vn\/website\/san-pham\/den-led-pixel\/dang-luoi-grid\/e-series\/den-led-diem-dang-luoi-vl-e22\/","og_locale":"vi_VN","og_type":"article","og_title":"\u0110\u00e8n LED \u0111i\u1ec3m d\u1ea1ng l\u01b0\u1edbi VL-E22","og_description":"\u0110\u00e8n LED \u0111i\u1ec3m d\u1ea1ng l\u01b0\u1edbi VL-E22 l\u00e0 m\u1ed9t gi\u1ea3i ph\u00e1p chi\u1ebfu s\u00e1ng \u0111\u1eb7c bi\u1ec7t \u0111\u01b0\u1ee3c thi\u1ebft k\u1ebf d\u01b0\u1edbi d\u1ea1ng l\u01b0\u1edbi, v\u1edbi nh\u1eefng \u01b0u \u0111i\u1ec3m v\u01b0\u1ee3t tr\u1ed9i v\u1ec1 hi\u1ec7u su\u1ea5t v\u00e0 t\u00ednh linh ho\u1ea1t. \u0110\u01b0\u1ee3c chia th\u00e0nh c\u00e1c b\u1ed9 ph\u1eadn ri\u00eang bi\u1ec7t nh\u01b0 \u0111\u1ebf \u0111\u00e8n, ph\u1ea7n \u0111i\u1ec1u khi\u1ec3n v\u00e0 m\u1eb7t \u0111\u00e8n LED, vi\u1ec7c l\u1eafp \u0111\u1eb7t v\u00e0 b\u1ea3o tr\u00ec tr\u1edf n\u00ean thu\u1eadn l\u1ee3i v\u00e0 \u0111\u01a1n gi\u1ea3n h\u01a1n bao gi\u1edd h\u1ebft. S\u1ea3n ph\u1ea9m th\u00edch h\u1ee3p cho vi\u1ec7c chi\u1ebfu s\u00e1ng m\u1eb7t d\u1ef1ng ngo\u00e0i tr\u1eddi, nh\u01b0 m\u1eb7t b\u00ean ngo\u00e0i c\u1ee7a c\u00e1c kh\u00e1ch s\u1ea1n ho\u1eb7c trang tr\u00ed c\u00e1c c\u00f4ng vi\u00ean, mang l\u1ea1i s\u1ef1 n\u1ed5i b\u1eadt v\u00e0 thu h\u00fat.","og_url":"https:\/\/vilight.vn\/website\/san-pham\/den-led-pixel\/dang-luoi-grid\/e-series\/den-led-diem-dang-luoi-vl-e22\/","og_site_name":"Vilight Co.ltd","article_publisher":"http:\/\/facebook.com\/vilight.vn","article_modified_time":"2024-10-01T09:34:37+00:00","og_image":[{"width":600,"height":600,"url":"https:\/\/vilight.vn\/website\/wp-content\/uploads\/2021\/06\/E22-logo.jpg","type":"image\/jpeg"}],"twitter_card":"summary_large_image","twitter_misc":{"Gi\u00e1":"","Kh\u1ea3 d\u1ee5ng":"Trong kho"},"schema":{"@context":"https:\/\/schema.org","@graph":[{"@type":"WebPage","@id":"https:\/\/vilight.vn\/website\/san-pham\/den-led-pixel\/dang-luoi-grid\/e-series\/den-led-diem-dang-luoi-vl-e22\/","url":"https:\/\/vilight.vn\/website\/san-pham\/den-led-pixel\/dang-luoi-grid\/e-series\/den-led-diem-dang-luoi-vl-e22\/","name":"\u0110\u00e8n LED \u0111i\u1ec3m d\u1ea1ng l\u01b0\u1edbi VL-E22 - Vilight Co.ltd","isPartOf":{"@id":"https:\/\/vilight.vn\/website\/#website"},"primaryImageOfPage":{"@id":"https:\/\/vilight.vn\/website\/san-pham\/den-led-pixel\/dang-luoi-grid\/e-series\/den-led-diem-dang-luoi-vl-e22\/#primaryimage"},"image":{"@id":"https:\/\/vilight.vn\/website\/san-pham\/den-led-pixel\/dang-luoi-grid\/e-series\/den-led-diem-dang-luoi-vl-e22\/#primaryimage"},"thumbnailUrl":"https:\/\/vilight.vn\/website\/wp-content\/uploads\/2021\/06\/E22-logo.jpg","datePublished":"2021-06-26T04:50:54+00:00","dateModified":"2024-10-01T09:34:37+00:00","description":"\u0110\u00e8n LED \u0111i\u1ec3m d\u1ea1ng l\u01b0\u1edbi VL-E22 l\u00e0 m\u1ed9t gi\u1ea3i ph\u00e1p chi\u1ebfu s\u00e1ng \u0111\u1eb7c bi\u1ec7t \u0111\u01b0\u1ee3c thi\u1ebft k\u1ebf d\u01b0\u1edbi d\u1ea1ng l\u01b0\u1edbi, v\u1edbi nh\u1eefng \u01b0u \u0111i\u1ec3m v\u01b0\u1ee3t tr\u1ed9i v\u1ec1 hi\u1ec7u su\u1ea5t v\u00e0 t\u00ednh linh ho\u1ea1t.","breadcrumb":{"@id":"https:\/\/vilight.vn\/website\/san-pham\/den-led-pixel\/dang-luoi-grid\/e-series\/den-led-diem-dang-luoi-vl-e22\/#breadcrumb"},"inLanguage":"vi","potentialAction":[{"@type":"ReadAction","target":["https:\/\/vilight.vn\/website\/san-pham\/den-led-pixel\/dang-luoi-grid\/e-series\/den-led-diem-dang-luoi-vl-e22\/"]}]},{"@type":"ImageObject","inLanguage":"vi","@id":"https:\/\/vilight.vn\/website\/san-pham\/den-led-pixel\/dang-luoi-grid\/e-series\/den-led-diem-dang-luoi-vl-e22\/#primaryimage","url":"https:\/\/vilight.vn\/website\/wp-content\/uploads\/2021\/06\/E22-logo.jpg","contentUrl":"https:\/\/vilight.vn\/website\/wp-content\/uploads\/2021\/06\/E22-logo.jpg","width":600,"height":600},{"@type":"BreadcrumbList","@id":"https:\/\/vilight.vn\/website\/san-pham\/den-led-pixel\/dang-luoi-grid\/e-series\/den-led-diem-dang-luoi-vl-e22\/#breadcrumb","itemListElement":[{"@type":"ListItem","position":1,"name":"Home","item":"https:\/\/vilight.vn\/website\/"},{"@type":"ListItem","position":2,"name":"store","item":"https:\/\/vilight.vn\/website\/store\/"},{"@type":"ListItem","position":3,"name":"\u0110\u00e8n LED \u0111i\u1ec3m d\u1ea1ng l\u01b0\u1edbi VL-E22"}]},{"@type":"WebSite","@id":"https:\/\/vilight.vn\/website\/#website","url":"https:\/\/vilight.vn\/website\/","name":"Vilight Co.ltd","description":"Chi\u1ebfu s\u00e1ng m\u1ef9 thu\u1eadt, chi\u1ebfu s\u00e1ng th\u00f4ng minh, LED Pixel 3D, chi\u1ebfu s\u00e1ng trang tr\u00ed \u0111\u00f4 th\u1ecb, chi\u1ebfu s\u00e1ng v\u00f2ng xoay, chi\u1ebfu s\u00e1ng \u0111\u1ea3o giao th\u00f4ng, c\u1ed5ng ch\u00e0o \u0111\u00f4 th\u1ecb","publisher":{"@id":"https:\/\/vilight.vn\/website\/#organization"},"potentialAction":[{"@type":"SearchAction","target":{"@type":"EntryPoint","urlTemplate":"https:\/\/vilight.vn\/website\/?s={search_term_string}"},"query-input":{"@type":"PropertyValueSpecification","valueRequired":true,"valueName":"search_term_string"}}],"inLanguage":"vi"},{"@type":"Organization","@id":"https:\/\/vilight.vn\/website\/#organization","name":"Vilight","url":"https:\/\/vilight.vn\/website\/","logo":{"@type":"ImageObject","inLanguage":"vi","@id":"https:\/\/vilight.vn\/website\/#\/schema\/logo\/image\/","url":"https:\/\/vilight.vn\/website\/wp-content\/uploads\/2022\/05\/chieu_sang_trang_tri_do_thi_bang_den_led_pixel.png","contentUrl":"https:\/\/vilight.vn\/website\/wp-content\/uploads\/2022\/05\/chieu_sang_trang_tri_do_thi_bang_den_led_pixel.png","width":800,"height":427,"caption":"Vilight"},"image":{"@id":"https:\/\/vilight.vn\/website\/#\/schema\/logo\/image\/"},"sameAs":["http:\/\/facebook.com\/vilight.vn","https:\/\/www.linkedin.com\/company\/vilight-vn","https:\/\/www.youtube.com\/channel\/UCEwR2naeDcuarMX1kSv_rLQ\/videos"]}]},"product_brand":"E Series","product_price_currency":"VND","og_availability":"instock","product_availability":"instock","product_condition":"new"},"_links":{"self":[{"href":"https:\/\/vilight.vn\/website\/wp-json\/wp\/v2\/product\/1314","targetHints":{"allow":["GET"]}}],"collection":[{"href":"https:\/\/vilight.vn\/website\/wp-json\/wp\/v2\/product"}],"about":[{"href":"https:\/\/vilight.vn\/website\/wp-json\/wp\/v2\/types\/product"}],"wp:featuredmedia":[{"embeddable":true,"href":"https:\/\/vilight.vn\/website\/wp-json\/wp\/v2\/media\/1316"}],"wp:attachment":[{"href":"https:\/\/vilight.vn\/website\/wp-json\/wp\/v2\/media?parent=1314"}],"wp:term":[{"taxonomy":"product_brand","embeddable":true,"href":"https:\/\/vilight.vn\/website\/wp-json\/wp\/v2\/product_brand?post=1314"},{"taxonomy":"product_cat","embeddable":true,"href":"https:\/\/vilight.vn\/website\/wp-json\/wp\/v2\/product_cat?post=1314"},{"taxonomy":"product_tag","embeddable":true,"href":"https:\/\/vilight.vn\/website\/wp-json\/wp\/v2\/product_tag?post=1314"}],"curies":[{"name":"wp","href":"https:\/\/api.w.org\/{rel}","templated":true}]}}