{"id":1331,"date":"2021-06-26T16:22:48","date_gmt":"2021-06-26T09:22:48","guid":{"rendered":"https:\/\/vilight.vn\/website\/?post_type=product&#038;p=1331"},"modified":"2024-10-01T17:15:52","modified_gmt":"2024-10-01T10:15:52","slug":"den-led-diem-vl-j18","status":"publish","type":"product","link":"https:\/\/vilight.vn\/website\/san-pham\/den-led-pixel\/den-diem-led-dot\/jd-series\/den-led-diem-vl-j18\/","title":{"rendered":"\u0110\u00e8n LED \u0111i\u1ec3m VL-J18"},"content":{"rendered":"<h2 style=\"text-align: justify;\"><span style=\"font-size: 18pt;\">\u0110\u00e8n led \u0111i\u1ec3m VL-J18 : \u0110\u00e8n LED \u0110\u1eb7c Bi\u1ec7t cho Chi\u1ebfu S\u00e1ng Ngo\u1ea1i Tr\u1eddi<\/span><\/h2>\n<p style=\"text-align: justify;\"><span style=\"font-size: 14pt;\">\u0110\u00e8n led \u0111i\u1ec3m VL-J18 l\u00e0 m\u1ed9t lo\u1ea1i \u0111\u00e8n \u0111\u1eb7c bi\u1ec7t \u0111\u01b0\u1ee3c thi\u1ebft k\u1ebf v\u1edbi nhi\u1ec1u t\u00ednh n\u0103ng v\u00e0 th\u00f4ng s\u1ed1 k\u1ef9 thu\u1eadt \u0111\u00e1ng ch\u00fa \u00fd. V\u1edbi kh\u1ea3 n\u0103ng t\u00e1ch r\u1eddi c\u00e1c b\u1ed9 ph\u1eadn nh\u01b0 \u0111\u1ebf \u0111\u00e8n, ph\u1ea7n \u0111i\u1ec1u khi\u1ec3n v\u00e0 m\u1eb7t \u0111\u00e8n LED, vi\u1ec7c l\u1eafp \u0111\u1eb7t v\u00e0 b\u1ea3o tr\u00ec \u0111\u00e8n tr\u1edf n\u00ean thu\u1eadn ti\u1ec7n v\u00e0 \u0111\u01a1n gi\u1ea3n h\u01a1n. \u0110\u00e8n LED n\u00e0y th\u00edch h\u1ee3p s\u1eed d\u1ee5ng trong c\u00e1c c\u00f4ng tr\u00ecnh chi\u1ebfu s\u00e1ng m\u1eb7t d\u1ef1ng ngo\u00e0i tr\u1eddi nh\u01b0 m\u1eb7t ngo\u00e0i kh\u00e1ch s\u1ea1n, trang tr\u00ed c\u00e1c c\u00f4ng vi\u00ean v\u00e0 c\u00f3 kh\u1ea3 n\u0103ng ch\u1ed1ng ch\u1ecbu cao v\u1edbi c\u00e1c \u0111i\u1ec1u ki\u1ec7n thi\u00ean nhi\u00ean kh\u1eafc nghi\u1ec7t.<\/span><\/p>\n<p style=\"text-align: justify;\"><span style=\"font-size: 14pt;\">M\u1ed9t trong nh\u1eefng \u01b0u \u0111i\u1ec3m n\u1ed5i b\u1eadt c\u1ee7a \u0111\u00e8n LED Pixel JD18 l\u00e0 ngu\u1ed3n \u0111i\u1ec7n DC c\u1ea5p \u0111i \u0111\u01b0\u1ee3c kho\u1ea3ng c\u00e1ch xa. V\u1edbi c\u1ea5u tr\u00fac c\u00e1p li\u1ec1n v\u00e0 ru\u1ed9t \u0111\u1ed3ng nguy\u00ean ch\u1ea5t, \u0111\u00e8n gi\u1ea3m thi\u1ec3u t\u1ed5n hao tr\u00ean \u0111\u01b0\u1eddng truy\u1ec1n v\u00e0 ngu\u1ed3n cung c\u1ea5p c\u00f3 th\u1ec3 \u0111\u1ea1t \u0111\u01b0\u1ee3c kho\u1ea3ng c\u00e1ch xa m\u00e0 v\u1eabn \u0111\u1ea3m b\u1ea3o hi\u1ec7u su\u1ea5t \u00e1nh s\u00e1ng t\u1ed1t.<\/span><\/p>\n<p style=\"text-align: justify;\"><span style=\"font-size: 14pt;\">V\u1ec1 th\u00f4ng s\u1ed1 k\u1ef9 thu\u1eadt, \u0111\u00e8n LED Pixel JD18 s\u1eed d\u1ee5ng chip LED t\u1eeb c\u00e1c th\u01b0\u01a1ng hi\u1ec7u danh ti\u1ebfng nh\u01b0 CREE, Epistar v\u00e0 Osram, mang \u0111\u1ebfn ch\u1ea5t l\u01b0\u1ee3ng \u00e1nh s\u00e1ng t\u1ed1t v\u00e0 \u0111\u1ed9 b\u1ec1n cao. M\u1ee9c Gray Level c\u1ee7a \u0111\u00e8n l\u00e0 256\/65536, cho ph\u00e9p \u0111i\u1ec1u ch\u1ec9nh \u0111\u1ed9 s\u00e1ng theo nhu c\u1ea7u s\u1eed d\u1ee5ng. K\u00edch th\u01b0\u1edbc nh\u1ecf g\u1ecdn c\u1ee7a \u0111\u00e8n (D50*14.5 mm) gi\u00fap n\u00f3 d\u1ec5 d\u00e0ng t\u00edch h\u1ee3p v\u00e0o c\u00e1c kh\u00f4ng gian h\u1eb9p m\u00e0 v\u1eabn t\u1ea1o n\u00ean hi\u1ec7u \u1ee9ng \u00e1nh s\u00e1ng \u1ea5n t\u01b0\u1ee3ng.<\/span><\/p>\n<p style=\"text-align: justify;\"><span style=\"font-size: 14pt;\">\u0110\u00e8n LED Pixel JD18 ho\u1ea1t \u0111\u1ed9ng trong m\u1ed9t m\u00f4i tr\u01b0\u1eddng nhi\u1ec7t \u0111\u1ed9 r\u1ed9ng t\u1eeb -20 \u0111\u1ed9 C \u0111\u1ebfn 60 \u0111\u1ed9 C, cho ph\u00e9p s\u1eed d\u1ee5ng trong nhi\u1ec1u \u0111i\u1ec1u ki\u1ec7n kh\u00ed h\u1eadu kh\u00e1c nhau. Ngu\u1ed3n \u0111i\u1ec7n ho\u1ea1t \u0111\u1ed9ng c\u1ee7a \u0111\u00e8n l\u00e0 24VDC, \u0111\u1ea3m b\u1ea3o ti\u1ebft ki\u1ec7m n\u0103ng l\u01b0\u1ee3ng v\u00e0 an to\u00e0n cho ng\u01b0\u1eddi s\u1eed d\u1ee5ng. C\u00f4ng su\u1ea5t c\u1ee7a \u0111\u00e8n c\u00f3 th\u1ec3 l\u1ef1a ch\u1ecdn t\u1eeb 1.3W, 1.4W, 1.85W \u0111\u1ebfn 2W, ph\u00f9 h\u1ee3p v\u1edbi nhu c\u1ea7u chi\u1ebfu s\u00e1ng c\u1ee5 th\u1ec3.<\/span><\/p>\n<p style=\"text-align: justify;\"><span style=\"font-size: 14pt;\">\u0110\u00e8n LED Pixel JD18 h\u1ed7 tr\u1ee3 c\u00e1c chu\u1ea9n \u0111i\u1ec1u khi\u1ec3n DMX v\u00e0 ON-OFF, cho ph\u00e9p ng\u01b0\u1eddi d\u00f9ng linh ho\u1ea1t trong vi\u1ec7c \u0111i\u1ec1u ch\u1ec9nh \u00e1nh s\u00e1ng v\u00e0 t\u1ea1o hi\u1ec7u \u1ee9ng \u0111a d\u1ea1ng. Tu\u1ed5i th\u1ecd c\u1ee7a \u0111\u00e8n \u0111\u01b0\u1ee3c \u0111\u00e1nh gi\u00e1 l\u00ean \u0111\u1ebfn 50.000 gi\u1edd, \u0111\u1ea3m b\u1ea3o \u0111\u1ed9 b\u1ec1n v\u00e0 \u1ed5n \u0111\u1ecbnh trong su\u1ed1t qu\u00e3ng th\u1eddi gian s\u1eed d\u1ee5ng.<\/span><\/p>\n<p style=\"text-align: justify;\"><span style=\"font-size: 14pt;\">V\u1edbi \u0111\u1ed9 k\u00edn IP67, \u0111\u00e8n LED Pixel JD18 c\u00f3 kh\u1ea3 n\u0103ng ch\u1ed1ng th\u1ea5m n\u01b0\u1edbc v\u00e0 ch\u1ecbu \u0111\u01b0\u1ee3c c\u00e1c t\u00e1c \u0111\u1ed9ng t\u1eeb m\u00f4i tr\u01b0\u1eddng b\u00ean ngo\u00e0i. \u0110i\u1ec1u n\u00e0y cho ph\u00e9p \u0111\u00e8n ho\u1ea1t \u0111\u1ed9ng hi\u1ec7u qu\u1ea3 d\u01b0\u1edbi n\u01b0\u1edbc v\u00e0 b\u1ea3o v\u1ec7 kh\u1ecfi c\u00e1c y\u1ebfu t\u1ed1 t\u1ef1 nhi\u00ean nh\u01b0 m\u01b0a, b\u1ee5i v\u00e0 \u1ea9m \u01b0\u1edbt. Ngo\u00e0i ra, \u0111\u00e8n c\u0169ng \u0111\u01b0\u1ee3c thi\u1ebft k\u1ebf v\u1edbi c\u1ea5p ch\u1ed1ng ch\u00e1y 94-V0 v\u00e0 c\u1ea5p c\u00e1ch \u0111i\u1ec7n III, \u0111\u1ea3m b\u1ea3o an to\u00e0n tuy\u1ec7t \u0111\u1ed1i khi s\u1eed d\u1ee5ng.<\/span><\/p>\n<p style=\"text-align: justify;\"><span style=\"font-size: 14pt;\">V\u1edbi nh\u1eefng th\u00f4ng s\u1ed1 v\u00e0 t\u00ednh n\u0103ng chi ti\u1ebft tr\u00ean, \u0111\u00e8n LED Pixel JD18 l\u00e0 l\u1ef1a ch\u1ecdn l\u00fd t\u01b0\u1edfng cho c\u00e1c c\u00f4ng tr\u00ecnh chi\u1ebfu s\u00e1ng m\u1eb7t d\u1ef1ng ngo\u00e0i tr\u1eddi. Kh\u1ea3 n\u0103ng t\u00e1ch r\u1eddi c\u00e1c b\u1ed9 ph\u1eadn v\u00e0 c\u00f4ng ngh\u1ec7 hi\u1ec7n \u0111\u1ea1i gi\u00fap \u0111\u01a1n gi\u1ea3n h\u00f3a quy tr\u00ecnh l\u1eafp \u0111\u1eb7t v\u00e0 b\u1ea3o tr\u00ec. \u0110\u1ed9 b\u1ec1n cao, kh\u1ea3 n\u0103ng ch\u1ed1ng ch\u1ecbu thi\u00ean nhi\u00ean v\u00e0 hi\u1ec7u su\u1ea5t \u00e1nh s\u00e1ng \u1ea5n t\u01b0\u1ee3ng l\u00e0 nh\u1eefng \u0111i\u1ec3m m\u1ea1nh c\u1ee7a \u0111\u00e8n n\u00e0y. H\u00e3y trang tr\u00ed kh\u00f4ng gian b\u00ean ngo\u00e0i c\u1ee7a kh\u00e1ch s\u1ea1n, c\u00f4ng vi\u00ean hay b\u1ea5t k\u1ef3 c\u00f4ng tr\u00ecnh n\u00e0o kh\u00e1c v\u1edbi \u0111\u00e8n LED Pixel JD18 \u0111\u1ec3 t\u1ea1o n\u00ean kh\u00f4ng gian s\u00e1ng \u0111\u1eb9p v\u00e0 cu\u1ed1n h\u00fat.<\/span><\/p>\n<p style=\"text-align: justify;\"><span style=\"font-size: 14pt;\"><a href=\"https:\/\/vilight.vn\/website\/wp-content\/uploads\/2021\/06\/J18.jpg\"><img decoding=\"async\" class=\"aligncenter wp-image-1332 size-full lazyload\" data-src=\"https:\/\/vilight.vn\/website\/wp-content\/uploads\/2021\/06\/J18.jpg\" alt=\"\u0110\u00e8n led \u0111i\u1ec3m VL-J18\" width=\"1200\" height=\"1054\" data-srcset=\"https:\/\/vilight.vn\/website\/wp-content\/uploads\/2021\/06\/J18.jpg 1200w, https:\/\/vilight.vn\/website\/wp-content\/uploads\/2021\/06\/J18-800x703.jpg 800w, https:\/\/vilight.vn\/website\/wp-content\/uploads\/2021\/06\/J18-300x264.jpg 300w, https:\/\/vilight.vn\/website\/wp-content\/uploads\/2021\/06\/J18-1024x899.jpg 1024w, https:\/\/vilight.vn\/website\/wp-content\/uploads\/2021\/06\/J18-768x675.jpg 768w, https:\/\/vilight.vn\/website\/wp-content\/uploads\/2021\/06\/J18-14x12.jpg 14w, https:\/\/vilight.vn\/website\/wp-content\/uploads\/2021\/06\/J18-166x146.jpg 166w, https:\/\/vilight.vn\/website\/wp-content\/uploads\/2021\/06\/J18-50x44.jpg 50w, https:\/\/vilight.vn\/website\/wp-content\/uploads\/2021\/06\/J18-85x75.jpg 85w, https:\/\/vilight.vn\/website\/wp-content\/uploads\/2021\/06\/J18-600x527.jpg 600w, https:\/\/vilight.vn\/website\/wp-content\/uploads\/2021\/06\/J18-64x56.jpg 64w\" data-sizes=\"(max-width:767px) 480px, (max-width:1200px) 100vw, 1200px\" src=\"data:image\/svg+xml;base64,PHN2ZyB3aWR0aD0iMSIgaGVpZ2h0PSIxIiB4bWxucz0iaHR0cDovL3d3dy53My5vcmcvMjAwMC9zdmciPjwvc3ZnPg==\" style=\"--smush-placeholder-width: 1200px; --smush-placeholder-aspect-ratio: 1200\/1054;\" \/><\/a><\/span><\/p>\n<p style=\"text-align: justify;\">\n","protected":false},"excerpt":{"rendered":"<p style=\"text-align: justify;\"><span style=\"font-size: 14pt;\">\u0110\u00e8n LED \u0111i\u1ec3m VL-JD18 &#8211; S\u1ef1 l\u1ef1a ch\u1ecdn ho\u00e0n h\u1ea3o cho chi\u1ebfu s\u00e1ng ngo\u00e0i tr\u1eddi. V\u1edbi kh\u1ea3 n\u0103ng t\u00e1ch r\u1eddi c\u00e1c b\u1ed9 ph\u1eadn, ngu\u1ed3n \u0111i\u1ec7n DC c\u1ea5p \u0111i \u0111\u01b0\u1ee3c kho\u1ea3ng c\u00e1ch xa, v\u00e0 thi\u1ebft k\u1ebf ch\u1ed1ng th\u1ea5m n\u01b0\u1edbc IP67, \u0111\u00e8n n\u00e0y mang \u0111\u1ebfn \u00e1nh s\u00e1ng ch\u1ea5t l\u01b0\u1ee3ng, ti\u1ec7n l\u1ee3i trong l\u1eafp \u0111\u1eb7t v\u00e0 b\u1ea3o tr\u00ec.<\/span><\/p>\n","protected":false},"featured_media":1333,"template":"","meta":[],"product_brand":[],"product_cat":[78,77,138],"product_tag":[487],"class_list":{"0":"post-1331","1":"product","2":"type-product","3":"status-publish","4":"has-post-thumbnail","6":"product_cat-den-diem-led-dot","7":"product_cat-den-led-pixel","8":"product_cat-jd-series","9":"product_tag-den-led-diem-vl-j18","10":"pa_chip-led-cree","11":"pa_chip-led-epistar","12":"pa_chip-led-oram","13":"pa_chuan-dieu-khien-dmx","14":"pa_chuan-dieu-khien-on-off","15":"pa_cong-suat-1-3w","16":"pa_cong-suat-1-4w","17":"pa_cong-suat-1-85w","18":"pa_cong-suat-2w","19":"pa_dien-ap-hoat-dong-24vdc","20":"pa_do-kin-ip67","21":"pa_gray-level-256-65536","22":"pa_kich-thuoc-d5014-5-mm","24":"first","25":"instock","26":"taxable","27":"shipping-taxable","28":"product-type-simple"},"yoast_head":"<!-- This site is optimized with the Yoast SEO Premium plugin v27.4 (Yoast SEO v27.4) - https:\/\/yoast.com\/product\/yoast-seo-premium-wordpress\/ -->\n<title>\u0110\u00e8n LED \u0111i\u1ec3m VL-J18 - Vilight Co.ltd<\/title>\n<meta name=\"description\" content=\"\u0110\u00e8n LED \u0111i\u1ec3m VL-JD18 - S\u1ef1 l\u1ef1a ch\u1ecdn ho\u00e0n h\u1ea3o cho chi\u1ebfu s\u00e1ng ngo\u00e0i tr\u1eddi. Mang \u0111\u1ebfn \u00e1nh s\u00e1ng ch\u1ea5t l\u01b0\u1ee3ng, ti\u1ec7n l\u1ee3i trong l\u1eafp \u0111\u1eb7t v\u00e0 b\u1ea3o tr\u00ec.\" \/>\n<meta name=\"robots\" content=\"index, follow, max-snippet:-1, max-image-preview:large, max-video-preview:-1\" \/>\n<link rel=\"canonical\" href=\"https:\/\/vilight.vn\/website\/san-pham\/den-led-pixel\/den-diem-led-dot\/jd-series\/den-led-diem-vl-j18\/\" \/>\n<meta property=\"og:locale\" content=\"vi_VN\" \/>\n<meta property=\"og:type\" content=\"article\" \/>\n<meta property=\"og:title\" content=\"\u0110\u00e8n LED \u0111i\u1ec3m VL-J18\" \/>\n<meta property=\"og:description\" content=\"\u0110\u00e8n LED \u0111i\u1ec3m VL-JD18 - S\u1ef1 l\u1ef1a ch\u1ecdn ho\u00e0n h\u1ea3o cho chi\u1ebfu s\u00e1ng ngo\u00e0i tr\u1eddi. V\u1edbi kh\u1ea3 n\u0103ng t\u00e1ch r\u1eddi c\u00e1c b\u1ed9 ph\u1eadn, ngu\u1ed3n \u0111i\u1ec7n DC c\u1ea5p \u0111i \u0111\u01b0\u1ee3c kho\u1ea3ng c\u00e1ch xa, v\u00e0 thi\u1ebft k\u1ebf ch\u1ed1ng th\u1ea5m n\u01b0\u1edbc IP67, \u0111\u00e8n n\u00e0y mang \u0111\u1ebfn \u00e1nh s\u00e1ng ch\u1ea5t l\u01b0\u1ee3ng, ti\u1ec7n l\u1ee3i trong l\u1eafp \u0111\u1eb7t v\u00e0 b\u1ea3o tr\u00ec.\" \/>\n<meta property=\"og:url\" content=\"https:\/\/vilight.vn\/website\/san-pham\/den-led-pixel\/den-diem-led-dot\/jd-series\/den-led-diem-vl-j18\/\" \/>\n<meta property=\"og:site_name\" content=\"Vilight Co.ltd\" \/>\n<meta property=\"article:publisher\" content=\"http:\/\/facebook.com\/vilight.vn\" \/>\n<meta property=\"article:modified_time\" content=\"2024-10-01T10:15:52+00:00\" \/>\n<meta property=\"og:image\" content=\"https:\/\/vilight.vn\/website\/wp-content\/uploads\/2021\/06\/J18-Logo.jpg\" \/>\n\t<meta property=\"og:image:width\" content=\"600\" \/>\n\t<meta property=\"og:image:height\" content=\"600\" \/>\n\t<meta property=\"og:image:type\" content=\"image\/jpeg\" \/>\n<meta name=\"twitter:card\" content=\"summary_large_image\" \/>\n<meta name=\"twitter:label1\" content=\"Gi\u00e1\" \/>\n\t<meta name=\"twitter:data1\" content=\"\" \/>\n\t<meta name=\"twitter:label2\" content=\"Kh\u1ea3 d\u1ee5ng\" \/>\n\t<meta name=\"twitter:data2\" content=\"Trong kho\" \/>\n<script type=\"application\/ld+json\" class=\"yoast-schema-graph\">{\"@context\":\"https:\\\/\\\/schema.org\",\"@graph\":[{\"@type\":\"WebPage\",\"@id\":\"https:\\\/\\\/vilight.vn\\\/website\\\/san-pham\\\/den-led-pixel\\\/den-diem-led-dot\\\/jd-series\\\/den-led-diem-vl-j18\\\/\",\"url\":\"https:\\\/\\\/vilight.vn\\\/website\\\/san-pham\\\/den-led-pixel\\\/den-diem-led-dot\\\/jd-series\\\/den-led-diem-vl-j18\\\/\",\"name\":\"\u0110\u00e8n LED \u0111i\u1ec3m VL-J18 - Vilight Co.ltd\",\"isPartOf\":{\"@id\":\"https:\\\/\\\/vilight.vn\\\/website\\\/#website\"},\"primaryImageOfPage\":{\"@id\":\"https:\\\/\\\/vilight.vn\\\/website\\\/san-pham\\\/den-led-pixel\\\/den-diem-led-dot\\\/jd-series\\\/den-led-diem-vl-j18\\\/#primaryimage\"},\"image\":{\"@id\":\"https:\\\/\\\/vilight.vn\\\/website\\\/san-pham\\\/den-led-pixel\\\/den-diem-led-dot\\\/jd-series\\\/den-led-diem-vl-j18\\\/#primaryimage\"},\"thumbnailUrl\":\"https:\\\/\\\/vilight.vn\\\/website\\\/wp-content\\\/uploads\\\/2021\\\/06\\\/J18-Logo.jpg\",\"datePublished\":\"2021-06-26T09:22:48+00:00\",\"dateModified\":\"2024-10-01T10:15:52+00:00\",\"description\":\"\u0110\u00e8n LED \u0111i\u1ec3m VL-JD18 - S\u1ef1 l\u1ef1a ch\u1ecdn ho\u00e0n h\u1ea3o cho chi\u1ebfu s\u00e1ng ngo\u00e0i tr\u1eddi. Mang \u0111\u1ebfn \u00e1nh s\u00e1ng ch\u1ea5t l\u01b0\u1ee3ng, ti\u1ec7n l\u1ee3i trong l\u1eafp \u0111\u1eb7t v\u00e0 b\u1ea3o tr\u00ec.\",\"breadcrumb\":{\"@id\":\"https:\\\/\\\/vilight.vn\\\/website\\\/san-pham\\\/den-led-pixel\\\/den-diem-led-dot\\\/jd-series\\\/den-led-diem-vl-j18\\\/#breadcrumb\"},\"inLanguage\":\"vi\",\"potentialAction\":[{\"@type\":\"ReadAction\",\"target\":[\"https:\\\/\\\/vilight.vn\\\/website\\\/san-pham\\\/den-led-pixel\\\/den-diem-led-dot\\\/jd-series\\\/den-led-diem-vl-j18\\\/\"]}]},{\"@type\":\"ImageObject\",\"inLanguage\":\"vi\",\"@id\":\"https:\\\/\\\/vilight.vn\\\/website\\\/san-pham\\\/den-led-pixel\\\/den-diem-led-dot\\\/jd-series\\\/den-led-diem-vl-j18\\\/#primaryimage\",\"url\":\"https:\\\/\\\/vilight.vn\\\/website\\\/wp-content\\\/uploads\\\/2021\\\/06\\\/J18-Logo.jpg\",\"contentUrl\":\"https:\\\/\\\/vilight.vn\\\/website\\\/wp-content\\\/uploads\\\/2021\\\/06\\\/J18-Logo.jpg\",\"width\":600,\"height\":600},{\"@type\":\"BreadcrumbList\",\"@id\":\"https:\\\/\\\/vilight.vn\\\/website\\\/san-pham\\\/den-led-pixel\\\/den-diem-led-dot\\\/jd-series\\\/den-led-diem-vl-j18\\\/#breadcrumb\",\"itemListElement\":[{\"@type\":\"ListItem\",\"position\":1,\"name\":\"Home\",\"item\":\"https:\\\/\\\/vilight.vn\\\/website\\\/\"},{\"@type\":\"ListItem\",\"position\":2,\"name\":\"store\",\"item\":\"https:\\\/\\\/vilight.vn\\\/website\\\/store\\\/\"},{\"@type\":\"ListItem\",\"position\":3,\"name\":\"\u0110\u00e8n LED \u0111i\u1ec3m VL-J18\"}]},{\"@type\":\"WebSite\",\"@id\":\"https:\\\/\\\/vilight.vn\\\/website\\\/#website\",\"url\":\"https:\\\/\\\/vilight.vn\\\/website\\\/\",\"name\":\"Vilight Co.ltd\",\"description\":\"Chi\u1ebfu s\u00e1ng m\u1ef9 thu\u1eadt, chi\u1ebfu s\u00e1ng th\u00f4ng minh, LED Pixel 3D, chi\u1ebfu s\u00e1ng trang tr\u00ed \u0111\u00f4 th\u1ecb, chi\u1ebfu s\u00e1ng v\u00f2ng xoay, chi\u1ebfu s\u00e1ng \u0111\u1ea3o giao th\u00f4ng, c\u1ed5ng ch\u00e0o \u0111\u00f4 th\u1ecb\",\"publisher\":{\"@id\":\"https:\\\/\\\/vilight.vn\\\/website\\\/#organization\"},\"potentialAction\":[{\"@type\":\"SearchAction\",\"target\":{\"@type\":\"EntryPoint\",\"urlTemplate\":\"https:\\\/\\\/vilight.vn\\\/website\\\/?s={search_term_string}\"},\"query-input\":{\"@type\":\"PropertyValueSpecification\",\"valueRequired\":true,\"valueName\":\"search_term_string\"}}],\"inLanguage\":\"vi\"},{\"@type\":\"Organization\",\"@id\":\"https:\\\/\\\/vilight.vn\\\/website\\\/#organization\",\"name\":\"Vilight\",\"url\":\"https:\\\/\\\/vilight.vn\\\/website\\\/\",\"logo\":{\"@type\":\"ImageObject\",\"inLanguage\":\"vi\",\"@id\":\"https:\\\/\\\/vilight.vn\\\/website\\\/#\\\/schema\\\/logo\\\/image\\\/\",\"url\":\"https:\\\/\\\/vilight.vn\\\/website\\\/wp-content\\\/uploads\\\/2022\\\/05\\\/chieu_sang_trang_tri_do_thi_bang_den_led_pixel.png\",\"contentUrl\":\"https:\\\/\\\/vilight.vn\\\/website\\\/wp-content\\\/uploads\\\/2022\\\/05\\\/chieu_sang_trang_tri_do_thi_bang_den_led_pixel.png\",\"width\":800,\"height\":427,\"caption\":\"Vilight\"},\"image\":{\"@id\":\"https:\\\/\\\/vilight.vn\\\/website\\\/#\\\/schema\\\/logo\\\/image\\\/\"},\"sameAs\":[\"http:\\\/\\\/facebook.com\\\/vilight.vn\",\"https:\\\/\\\/www.linkedin.com\\\/company\\\/vilight-vn\",\"https:\\\/\\\/www.youtube.com\\\/channel\\\/UCEwR2naeDcuarMX1kSv_rLQ\\\/videos\"]}]}<\/script>\n<meta property=\"product:brand\" content=\"JD Series\" \/>\n<meta property=\"product:price:currency\" content=\"VND\" \/>\n<meta property=\"og:availability\" content=\"instock\" \/>\n<meta property=\"product:availability\" content=\"instock\" \/>\n<meta property=\"product:condition\" content=\"new\" \/>\n<!-- \/ Yoast SEO Premium plugin. -->","yoast_head_json":{"title":"\u0110\u00e8n LED \u0111i\u1ec3m VL-J18 - Vilight Co.ltd","description":"\u0110\u00e8n LED \u0111i\u1ec3m VL-JD18 - S\u1ef1 l\u1ef1a ch\u1ecdn ho\u00e0n h\u1ea3o cho chi\u1ebfu s\u00e1ng ngo\u00e0i tr\u1eddi. Mang \u0111\u1ebfn \u00e1nh s\u00e1ng ch\u1ea5t l\u01b0\u1ee3ng, ti\u1ec7n l\u1ee3i trong l\u1eafp \u0111\u1eb7t v\u00e0 b\u1ea3o tr\u00ec.","robots":{"index":"index","follow":"follow","max-snippet":"max-snippet:-1","max-image-preview":"max-image-preview:large","max-video-preview":"max-video-preview:-1"},"canonical":"https:\/\/vilight.vn\/website\/san-pham\/den-led-pixel\/den-diem-led-dot\/jd-series\/den-led-diem-vl-j18\/","og_locale":"vi_VN","og_type":"article","og_title":"\u0110\u00e8n LED \u0111i\u1ec3m VL-J18","og_description":"\u0110\u00e8n LED \u0111i\u1ec3m VL-JD18 - S\u1ef1 l\u1ef1a ch\u1ecdn ho\u00e0n h\u1ea3o cho chi\u1ebfu s\u00e1ng ngo\u00e0i tr\u1eddi. V\u1edbi kh\u1ea3 n\u0103ng t\u00e1ch r\u1eddi c\u00e1c b\u1ed9 ph\u1eadn, ngu\u1ed3n \u0111i\u1ec7n DC c\u1ea5p \u0111i \u0111\u01b0\u1ee3c kho\u1ea3ng c\u00e1ch xa, v\u00e0 thi\u1ebft k\u1ebf ch\u1ed1ng th\u1ea5m n\u01b0\u1edbc IP67, \u0111\u00e8n n\u00e0y mang \u0111\u1ebfn \u00e1nh s\u00e1ng ch\u1ea5t l\u01b0\u1ee3ng, ti\u1ec7n l\u1ee3i trong l\u1eafp \u0111\u1eb7t v\u00e0 b\u1ea3o tr\u00ec.","og_url":"https:\/\/vilight.vn\/website\/san-pham\/den-led-pixel\/den-diem-led-dot\/jd-series\/den-led-diem-vl-j18\/","og_site_name":"Vilight Co.ltd","article_publisher":"http:\/\/facebook.com\/vilight.vn","article_modified_time":"2024-10-01T10:15:52+00:00","og_image":[{"width":600,"height":600,"url":"https:\/\/vilight.vn\/website\/wp-content\/uploads\/2021\/06\/J18-Logo.jpg","type":"image\/jpeg"}],"twitter_card":"summary_large_image","twitter_misc":{"Gi\u00e1":"","Kh\u1ea3 d\u1ee5ng":"Trong kho"},"schema":{"@context":"https:\/\/schema.org","@graph":[{"@type":"WebPage","@id":"https:\/\/vilight.vn\/website\/san-pham\/den-led-pixel\/den-diem-led-dot\/jd-series\/den-led-diem-vl-j18\/","url":"https:\/\/vilight.vn\/website\/san-pham\/den-led-pixel\/den-diem-led-dot\/jd-series\/den-led-diem-vl-j18\/","name":"\u0110\u00e8n LED \u0111i\u1ec3m VL-J18 - Vilight Co.ltd","isPartOf":{"@id":"https:\/\/vilight.vn\/website\/#website"},"primaryImageOfPage":{"@id":"https:\/\/vilight.vn\/website\/san-pham\/den-led-pixel\/den-diem-led-dot\/jd-series\/den-led-diem-vl-j18\/#primaryimage"},"image":{"@id":"https:\/\/vilight.vn\/website\/san-pham\/den-led-pixel\/den-diem-led-dot\/jd-series\/den-led-diem-vl-j18\/#primaryimage"},"thumbnailUrl":"https:\/\/vilight.vn\/website\/wp-content\/uploads\/2021\/06\/J18-Logo.jpg","datePublished":"2021-06-26T09:22:48+00:00","dateModified":"2024-10-01T10:15:52+00:00","description":"\u0110\u00e8n LED \u0111i\u1ec3m VL-JD18 - S\u1ef1 l\u1ef1a ch\u1ecdn ho\u00e0n h\u1ea3o cho chi\u1ebfu s\u00e1ng ngo\u00e0i tr\u1eddi. Mang \u0111\u1ebfn \u00e1nh s\u00e1ng ch\u1ea5t l\u01b0\u1ee3ng, ti\u1ec7n l\u1ee3i trong l\u1eafp \u0111\u1eb7t v\u00e0 b\u1ea3o tr\u00ec.","breadcrumb":{"@id":"https:\/\/vilight.vn\/website\/san-pham\/den-led-pixel\/den-diem-led-dot\/jd-series\/den-led-diem-vl-j18\/#breadcrumb"},"inLanguage":"vi","potentialAction":[{"@type":"ReadAction","target":["https:\/\/vilight.vn\/website\/san-pham\/den-led-pixel\/den-diem-led-dot\/jd-series\/den-led-diem-vl-j18\/"]}]},{"@type":"ImageObject","inLanguage":"vi","@id":"https:\/\/vilight.vn\/website\/san-pham\/den-led-pixel\/den-diem-led-dot\/jd-series\/den-led-diem-vl-j18\/#primaryimage","url":"https:\/\/vilight.vn\/website\/wp-content\/uploads\/2021\/06\/J18-Logo.jpg","contentUrl":"https:\/\/vilight.vn\/website\/wp-content\/uploads\/2021\/06\/J18-Logo.jpg","width":600,"height":600},{"@type":"BreadcrumbList","@id":"https:\/\/vilight.vn\/website\/san-pham\/den-led-pixel\/den-diem-led-dot\/jd-series\/den-led-diem-vl-j18\/#breadcrumb","itemListElement":[{"@type":"ListItem","position":1,"name":"Home","item":"https:\/\/vilight.vn\/website\/"},{"@type":"ListItem","position":2,"name":"store","item":"https:\/\/vilight.vn\/website\/store\/"},{"@type":"ListItem","position":3,"name":"\u0110\u00e8n LED \u0111i\u1ec3m VL-J18"}]},{"@type":"WebSite","@id":"https:\/\/vilight.vn\/website\/#website","url":"https:\/\/vilight.vn\/website\/","name":"Vilight Co.ltd","description":"Chi\u1ebfu s\u00e1ng m\u1ef9 thu\u1eadt, chi\u1ebfu s\u00e1ng th\u00f4ng minh, LED Pixel 3D, chi\u1ebfu s\u00e1ng trang tr\u00ed \u0111\u00f4 th\u1ecb, chi\u1ebfu s\u00e1ng v\u00f2ng xoay, chi\u1ebfu s\u00e1ng \u0111\u1ea3o giao th\u00f4ng, c\u1ed5ng ch\u00e0o \u0111\u00f4 th\u1ecb","publisher":{"@id":"https:\/\/vilight.vn\/website\/#organization"},"potentialAction":[{"@type":"SearchAction","target":{"@type":"EntryPoint","urlTemplate":"https:\/\/vilight.vn\/website\/?s={search_term_string}"},"query-input":{"@type":"PropertyValueSpecification","valueRequired":true,"valueName":"search_term_string"}}],"inLanguage":"vi"},{"@type":"Organization","@id":"https:\/\/vilight.vn\/website\/#organization","name":"Vilight","url":"https:\/\/vilight.vn\/website\/","logo":{"@type":"ImageObject","inLanguage":"vi","@id":"https:\/\/vilight.vn\/website\/#\/schema\/logo\/image\/","url":"https:\/\/vilight.vn\/website\/wp-content\/uploads\/2022\/05\/chieu_sang_trang_tri_do_thi_bang_den_led_pixel.png","contentUrl":"https:\/\/vilight.vn\/website\/wp-content\/uploads\/2022\/05\/chieu_sang_trang_tri_do_thi_bang_den_led_pixel.png","width":800,"height":427,"caption":"Vilight"},"image":{"@id":"https:\/\/vilight.vn\/website\/#\/schema\/logo\/image\/"},"sameAs":["http:\/\/facebook.com\/vilight.vn","https:\/\/www.linkedin.com\/company\/vilight-vn","https:\/\/www.youtube.com\/channel\/UCEwR2naeDcuarMX1kSv_rLQ\/videos"]}]},"product_brand":"JD Series","product_price_currency":"VND","og_availability":"instock","product_availability":"instock","product_condition":"new"},"_links":{"self":[{"href":"https:\/\/vilight.vn\/website\/wp-json\/wp\/v2\/product\/1331","targetHints":{"allow":["GET"]}}],"collection":[{"href":"https:\/\/vilight.vn\/website\/wp-json\/wp\/v2\/product"}],"about":[{"href":"https:\/\/vilight.vn\/website\/wp-json\/wp\/v2\/types\/product"}],"wp:featuredmedia":[{"embeddable":true,"href":"https:\/\/vilight.vn\/website\/wp-json\/wp\/v2\/media\/1333"}],"wp:attachment":[{"href":"https:\/\/vilight.vn\/website\/wp-json\/wp\/v2\/media?parent=1331"}],"wp:term":[{"taxonomy":"product_brand","embeddable":true,"href":"https:\/\/vilight.vn\/website\/wp-json\/wp\/v2\/product_brand?post=1331"},{"taxonomy":"product_cat","embeddable":true,"href":"https:\/\/vilight.vn\/website\/wp-json\/wp\/v2\/product_cat?post=1331"},{"taxonomy":"product_tag","embeddable":true,"href":"https:\/\/vilight.vn\/website\/wp-json\/wp\/v2\/product_tag?post=1331"}],"curies":[{"name":"wp","href":"https:\/\/api.w.org\/{rel}","templated":true}]}}