{"id":1339,"date":"2021-06-26T20:08:22","date_gmt":"2021-06-26T13:08:22","guid":{"rendered":"https:\/\/vilight.vn\/website\/?post_type=product&#038;p=1339"},"modified":"2024-10-01T16:31:54","modified_gmt":"2024-10-01T09:31:54","slug":"den-led-diem-dang-luoi-vl-e10","status":"publish","type":"product","link":"https:\/\/vilight.vn\/website\/san-pham\/den-led-pixel\/dang-luoi-grid\/e-series\/den-led-diem-dang-luoi-vl-e10\/","title":{"rendered":"\u0110\u00e8n LED \u0111i\u1ec3m d\u1ea1ng l\u01b0\u1edbi VL-E10"},"content":{"rendered":"<h2 style=\"text-align: justify;\"><span style=\"font-size: 18pt;\">Gi\u1edbi thi\u1ec7u s\u1ea3n ph\u1ea9m \u0110\u00e8n LED Pixel VL-E10 d\u1ea1ng l\u01b0\u1edbi<\/span><\/h2>\n<p style=\"text-align: justify;\"><span style=\"font-size: 14pt;\">\u0110\u00e8n LED Pixel VL-E10 l\u00e0 m\u1ed9t lo\u1ea1i \u0111\u00e8n \u0111\u1eb7c bi\u1ec7t v\u1edbi thi\u1ebft k\u1ebf d\u1ea1ng l\u01b0\u1edbi ti\u00ean ti\u1ebfn, mang l\u1ea1i nhi\u1ec1u \u01b0u \u0111i\u1ec3m v\u01b0\u1ee3t tr\u1ed9i v\u00e0 \u0111\u00e1p \u1ee9ng t\u1ed1t c\u00e1c y\u00eau c\u1ea7u c\u1ee7a c\u00e1c c\u00f4ng tr\u00ecnh chi\u1ebfu s\u00e1ng m\u1eb7t d\u1ef1ng ngo\u00e0i tr\u1eddi. V\u1edbi c\u00e1c \u0111\u1eb7c \u0111i\u1ec3m v\u00e0 th\u00f4ng s\u1ed1 k\u1ef9 thu\u1eadt \u0111\u00e1ng ch\u00fa \u00fd, \u0111\u00e8n LED Pixel VL-E10 h\u1ee9a h\u1eb9n s\u1ebd l\u00e0 m\u1ed9t l\u1ef1a ch\u1ecdn l\u00fd t\u01b0\u1edfng cho vi\u1ec7c trang tr\u00ed c\u00e1c kh\u00e1ch s\u1ea1n, c\u00f4ng vi\u00ean hay c\u00e1c kh\u00f4ng gian ngo\u00e0i tr\u1eddi kh\u00e1c.<\/span><\/p>\n<p style=\"text-align: justify;\"><span style=\"font-size: 14pt;\">M\u1ed9t trong nh\u1eefng \u0111i\u1ec3m \u0111\u00e1ng ch\u00fa \u00fd c\u1ee7a \u0111\u00e8n LED Pixel VL-E10 l\u00e0 kh\u1ea3 n\u0103ng t\u00e1ch r\u1eddi c\u00e1c b\u1ed9 ph\u1eadn nh\u01b0 \u0111\u1ebf \u0111\u00e8n, ph\u1ea7n \u0111i\u1ec1u khi\u1ec3n v\u00e0 m\u1eb7t \u0111\u00e8n LED. \u0110i\u1ec1u n\u00e0y mang l\u1ea1i nhi\u1ec1u thu\u1eadn l\u1ee3i cho vi\u1ec7c l\u1eafp \u0111\u1eb7t v\u00e0 b\u1ea3o tr\u00ec, gi\u00fap ti\u1ebft ki\u1ec7m th\u1eddi gian v\u00e0 c\u00f4ng s\u1ee9c. \u0110\u1ed3ng th\u1eddi, \u0111\u00e8n c\u0169ng c\u00f3 kh\u1ea3 n\u0103ng ch\u1ed1ng ch\u1ecbu t\u1ed1t v\u1edbi \u0111i\u1ec1u ki\u1ec7n thi\u00ean nhi\u00ean kh\u1eafc nghi\u1ec7t, ph\u00f9 h\u1ee3p cho c\u1ea3 vi\u1ec7c s\u1eed d\u1ee5ng ngo\u00e0i tr\u1eddi v\u00e0 d\u01b0\u1edbi n\u01b0\u1edbc.<\/span><\/p>\n<p style=\"text-align: justify;\"><span style=\"font-size: 14pt;\">\u0110\u00e8n LED Pixel VL-E10 \u0111\u01b0\u1ee3c trang b\u1ecb ngu\u1ed3n \u0111i\u1ec7n DC, cho ph\u00e9p c\u1ea5p \u0111i\u1ec7n \u0111\u01b0\u1ee3c kho\u1ea3ng c\u00e1ch xa m\u00e0 v\u1eabn \u0111\u1ea3m b\u1ea3o hi\u1ec7u su\u1ea5t \u00e1nh s\u00e1ng \u1ed5n \u0111\u1ecbnh. V\u1edbi c\u00e1p li\u1ec1n v\u00e0 ru\u1ed9t \u0111\u1ed3ng nguy\u00ean ch\u1ea5t, kh\u00f4ng c\u00f3 n\u1ed1i, \u0111\u00e8n gi\u1ea3m thi\u1ec3u t\u1ed5n hao tr\u00ean \u0111\u01b0\u1eddng truy\u1ec1n v\u00e0 \u0111\u1ea3m b\u1ea3o ngu\u1ed3n cung c\u1ea5p \u0111i\u1ec7n ho\u1ea1t \u0111\u1ed9ng hi\u1ec7u qu\u1ea3 trong kho\u1ea3ng c\u00e1ch xa.<\/span><\/p>\n<p style=\"text-align: justify;\"><span style=\"font-size: 14pt;\">Chip LED c\u1ee7a \u0111\u00e8n LED Pixel VL-E10 \u0111\u01b0\u1ee3c s\u1eed d\u1ee5ng t\u1eeb c\u00e1c th\u01b0\u01a1ng hi\u1ec7u n\u1ed5i ti\u1ebfng nh\u01b0 CREE, Epistar v\u00e0 Osram, \u0111\u1ea3m b\u1ea3o ch\u1ea5t l\u01b0\u1ee3ng \u00e1nh s\u00e1ng t\u1ed1t v\u00e0 tu\u1ed5i th\u1ecd cao. V\u1edbi chu\u1ea9n \u0111i\u1ec1u khi\u1ec3n TTL, \u0111\u00e8n d\u1ec5 d\u00e0ng k\u1ebft n\u1ed1i v\u00e0 t\u01b0\u01a1ng th\u00edch v\u1edbi c\u00e1c h\u1ec7 th\u1ed1ng \u0111i\u1ec1u khi\u1ec3n kh\u00e1c nhau.<\/span><\/p>\n<p style=\"text-align: justify;\"><span style=\"font-size: 14pt;\">\u0110\u00e8n LED Pixel VL-E10 c\u00f3 c\u00f4ng su\u1ea5t t\u00f9y ch\u1ecdn t\u1eeb 0.7W, 0.9W \u0111\u1ebfn 1.4W, cho ph\u00e9p l\u1ef1a ch\u1ecdn ph\u00f9 h\u1ee3p v\u1edbi nhu c\u1ea7u chi\u1ebfu s\u00e1ng c\u1ee5 th\u1ec3 c\u1ee7a t\u1eebng c\u00f4ng tr\u00ecnh. \u0110i\u1ec7n \u00e1p ho\u1ea1t \u0111\u1ed9ng c\u0169ng c\u00f3 s\u1ef1 \u0111a d\u1ea1ng t\u1eeb 12VDC, 15VDC \u0111\u1ebfn 24VDC, mang <\/span><span style=\"font-size: 14pt;\">\u0111\u1ebfn s\u1ef1 linh ho\u1ea1t trong vi\u1ec7c l\u1eafp \u0111\u1eb7t v\u00e0 s\u1eed d\u1ee5ng.<\/span><\/p>\n<p style=\"text-align: justify;\"><span style=\"font-size: 14pt;\">\u0110\u00e8n LED Pixel VL-E10 c\u00f3 \u0111\u1ed9 k\u00edn IP67, \u0111\u1ea3m b\u1ea3o kh\u1ea3 n\u0103ng ch\u1ed1ng n\u01b0\u1edbc, b\u1ee5i v\u00e0 ch\u1ed1ng th\u1ea5m t\u1ed1t. V\u1edbi g\u00f3c chi\u1ebfu r\u1ed9ng 120\u00b0, \u0111\u00e8n ph\u00e2n ph\u1ed1i \u00e1nh s\u00e1ng \u0111\u1ec1u v\u00e0 m\u1edf r\u1ed9ng ph\u1ea1m vi chi\u1ebfu s\u00e1ng. M\u1ee9c \u0111\u1ed9 Gray Level l\u00ean \u0111\u1ebfn 4096, gi\u00fap \u0111\u00e8n hi\u1ec3n th\u1ecb m\u00e0u s\u1eafc v\u00e0 hi\u1ec7u \u1ee9ng \u00e1nh s\u00e1ng m\u01b0\u1ee3t m\u00e0 v\u00e0 ch\u00e2n th\u1ef1c.<\/span><\/p>\n<p style=\"text-align: justify;\"><span style=\"font-size: 14pt;\">K\u00edch th\u01b0\u1edbc nh\u1ecf g\u1ecdn c\u1ee7a \u0111\u00e8n LED Pixel VL-E10 (20*20*10.6mm) cho ph\u00e9p d\u1ec5 d\u00e0ng l\u1eafp \u0111\u1eb7t v\u00e0 t\u00edch h\u1ee3p v\u00e0o c\u00e1c kh\u00f4ng gian trang tr\u00ed kh\u00e1c nhau. Tu\u1ed5i th\u1ecd c\u1ee7a \u0111\u00e8n l\u00ean \u0111\u1ebfn 50.000 gi\u1edd, \u0111\u1ea3m b\u1ea3o s\u1eed d\u1ee5ng l\u00e2u d\u00e0i v\u00e0 gi\u1ea3m chi ph\u00ed b\u1ea3o tr\u00ec.<\/span><\/p>\n<p style=\"text-align: justify;\"><span style=\"font-size: 14pt;\">Ngo\u00e0i ra, \u0111\u00e8n LED Pixel VL-E10 c\u00f2n \u0111\u01b0\u1ee3c \u0111\u00e1nh gi\u00e1 cao v\u1ec1 c\u1ea5p ch\u1ed1ng ch\u00e1y 94-V0 v\u00e0 c\u1ea5p c\u00e1ch \u0111i\u1ec7n III, \u0111\u1ea3m b\u1ea3o an to\u00e0n trong vi\u1ec7c s\u1eed d\u1ee5ng.<\/span><\/p>\n<p style=\"text-align: justify;\"><span style=\"font-size: 14pt;\">T\u00f3m l\u1ea1i, \u0111\u00e8n LED Pixel VL-E10 d\u1ea1ng l\u01b0\u1edbi l\u00e0 m\u1ed9t s\u1ea3n ph\u1ea9m \u0111\u00e1ng ch\u00fa \u00fd v\u1edbi nhi\u1ec1u \u01b0u \u0111i\u1ec3m v\u01b0\u1ee3t tr\u1ed9i. V\u1edbi kh\u1ea3 n\u0103ng t\u00e1ch r\u1eddi c\u00e1c b\u1ed9 ph\u1eadn, ngu\u1ed3n \u0111i\u1ec7n DC c\u1ea5p \u0111i \u0111\u01b0\u1ee3c kho\u1ea3ng c\u00e1ch xa, tu\u1ed5i th\u1ecd cao, v\u00e0 kh\u1ea3 n\u0103ng ch\u1ed1ng ch\u1ecbu thi\u00ean nhi\u00ean, \u0111\u00e8n LED Pixel VL-E10 l\u00e0 l\u1ef1a ch\u1ecdn tuy\u1ec7t v\u1eddi cho vi\u1ec7c trang tr\u00ed chi\u1ebfu s\u00e1ng m\u1eb7t d\u1ef1ng ngo\u00e0i tr\u1eddi, t\u1eeb kh\u00e1ch s\u1ea1n sang tr\u1ecdng \u0111\u1ebfn c\u00f4ng vi\u00ean th\u01b0 gi\u00e3n.<\/span><\/p>\n<p style=\"text-align: justify;\"><span style=\"font-size: 14pt;\"><a href=\"https:\/\/vilight.vn\/website\/wp-content\/uploads\/2021\/06\/E10A.jpg\"><img decoding=\"async\" class=\"aligncenter wp-image-1340 size-full lazyload\" data-src=\"https:\/\/vilight.vn\/website\/wp-content\/uploads\/2021\/06\/E10A.jpg\" alt=\"\u0110\u00e8n led \u0111i\u1ec3m d\u1ea1ng l\u01b0\u1edbi VL-E10\" width=\"1200\" height=\"1522\" data-srcset=\"https:\/\/vilight.vn\/website\/wp-content\/uploads\/2021\/06\/E10A.jpg 1200w, https:\/\/vilight.vn\/website\/wp-content\/uploads\/2021\/06\/E10A-800x1015.jpg 800w, https:\/\/vilight.vn\/website\/wp-content\/uploads\/2021\/06\/E10A-237x300.jpg 237w, https:\/\/vilight.vn\/website\/wp-content\/uploads\/2021\/06\/E10A-807x1024.jpg 807w, https:\/\/vilight.vn\/website\/wp-content\/uploads\/2021\/06\/E10A-768x974.jpg 768w, https:\/\/vilight.vn\/website\/wp-content\/uploads\/2021\/06\/E10A-9x12.jpg 9w, https:\/\/vilight.vn\/website\/wp-content\/uploads\/2021\/06\/E10A-115x146.jpg 115w, https:\/\/vilight.vn\/website\/wp-content\/uploads\/2021\/06\/E10A-39x50.jpg 39w, https:\/\/vilight.vn\/website\/wp-content\/uploads\/2021\/06\/E10A-59x75.jpg 59w, https:\/\/vilight.vn\/website\/wp-content\/uploads\/2021\/06\/E10A-600x761.jpg 600w\" data-sizes=\"(max-width:767px) 480px, (max-width:1200px) 100vw, 1200px\" src=\"data:image\/svg+xml;base64,PHN2ZyB3aWR0aD0iMSIgaGVpZ2h0PSIxIiB4bWxucz0iaHR0cDovL3d3dy53My5vcmcvMjAwMC9zdmciPjwvc3ZnPg==\" style=\"--smush-placeholder-width: 1200px; --smush-placeholder-aspect-ratio: 1200\/1522;\" \/><\/a><\/span><\/p>\n<p style=\"text-align: justify;\">\n","protected":false},"excerpt":{"rendered":"<p style=\"text-align: justify;\"><span style=\"font-size: 14pt;\">\u0110\u00e8n LED \u0111i\u1ec3m d\u1ea1ng l\u01b0\u1edbi VL-E10 l\u00e0 m\u1ed9t lo\u1ea1i \u0111\u00e8n \u0111\u1eb7c bi\u1ec7t v\u1edbi thi\u1ebft k\u1ebf d\u1ea1ng l\u01b0\u1edbi ti\u00ean ti\u1ebfn, mang l\u1ea1i nhi\u1ec1u \u01b0u \u0111i\u1ec3m v\u01b0\u1ee3t tr\u1ed9i v\u00e0 \u0111\u00e1p \u1ee9ng t\u1ed1t c\u00e1c y\u00eau c\u1ea7u c\u1ee7a c\u00e1c c\u00f4ng tr\u00ecnh chi\u1ebfu s\u00e1ng m\u1eb7t d\u1ef1ng ngo\u00e0i tr\u1eddi. V\u1edbi c\u00e1c \u0111\u1eb7c \u0111i\u1ec3m v\u00e0 th\u00f4ng s\u1ed1 k\u1ef9 thu\u1eadt \u0111\u00e1ng ch\u00fa \u00fd, s\u1ea3n ph\u1ea9m h\u1ee9a h\u1eb9n s\u1ebd l\u00e0 m\u1ed9t l\u1ef1a ch\u1ecdn l\u00fd t\u01b0\u1edfng cho vi\u1ec7c trang tr\u00ed c\u00e1c kh\u00e1ch s\u1ea1n, c\u00f4ng vi\u00ean hay c\u00e1c kh\u00f4ng gian ngo\u00e0i tr\u1eddi kh\u00e1c.<\/span><\/p>\n","protected":false},"featured_media":1341,"template":"","meta":[],"product_brand":[],"product_cat":[81,77,184],"product_tag":[484],"class_list":{"0":"post-1339","1":"product","2":"type-product","3":"status-publish","4":"has-post-thumbnail","6":"product_cat-dang-luoi-grid","7":"product_cat-den-led-pixel","8":"product_cat-e-series","9":"product_tag-vl-e10","10":"pa_chip-led-cree","11":"pa_chip-led-epistar","12":"pa_chip-led-oram","13":"pa_chuan-dieu-khien-ttl","14":"pa_cong-suat-0-7w","15":"pa_cong-suat-0-9w","16":"pa_cong-suat-1-4w","17":"pa_dien-ap-hoat-dong-12v","18":"pa_dien-ap-hoat-dong-15vdc","19":"pa_dien-ap-hoat-dong-24vdc","20":"pa_do-kin-ip67","21":"pa_goc-chieu-120-do","22":"pa_gray-level-205","23":"pa_kich-thuoc-202010-6mm","25":"first","26":"instock","27":"taxable","28":"shipping-taxable","29":"product-type-simple"},"yoast_head":"<!-- This site is optimized with the Yoast SEO Premium plugin v27.5 (Yoast SEO v27.5) - https:\/\/yoast.com\/product\/yoast-seo-premium-wordpress\/ -->\n<title>\u0110\u00e8n LED \u0111i\u1ec3m d\u1ea1ng l\u01b0\u1edbi VL-E10 - Vilight Co.ltd<\/title>\n<meta name=\"description\" content=\"\u0110\u00e8n LED \u0111i\u1ec3m d\u1ea1ng l\u01b0\u1edbi VL-E10 v\u1edbi thi\u1ebft k\u1ebf ti\u00ean ti\u1ebfn, mang l\u1ea1i nhi\u1ec1u \u01b0u \u0111i\u1ec3m v\u00e0 \u0111\u00e1p \u1ee9ng t\u1ed1t c\u00e1c y\u00eau c\u1ea7u c\u1ee7a c\u00e1c c\u00f4ng tr\u00ecnh chi\u1ebfu s\u00e1ng m\u1eb7t d\u1ef1ng ngo\u00e0i tr\u1eddi.\" \/>\n<meta name=\"robots\" content=\"index, follow, max-snippet:-1, max-image-preview:large, max-video-preview:-1\" \/>\n<link rel=\"canonical\" href=\"https:\/\/vilight.vn\/website\/san-pham\/den-led-pixel\/dang-luoi-grid\/e-series\/den-led-diem-dang-luoi-vl-e10\/\" \/>\n<meta property=\"og:locale\" content=\"vi_VN\" \/>\n<meta property=\"og:type\" content=\"article\" \/>\n<meta property=\"og:title\" content=\"\u0110\u00e8n LED \u0111i\u1ec3m d\u1ea1ng l\u01b0\u1edbi VL-E10\" \/>\n<meta property=\"og:description\" content=\"\u0110\u00e8n LED \u0111i\u1ec3m d\u1ea1ng l\u01b0\u1edbi VL-E10 l\u00e0 m\u1ed9t lo\u1ea1i \u0111\u00e8n \u0111\u1eb7c bi\u1ec7t v\u1edbi thi\u1ebft k\u1ebf d\u1ea1ng l\u01b0\u1edbi ti\u00ean ti\u1ebfn, mang l\u1ea1i nhi\u1ec1u \u01b0u \u0111i\u1ec3m v\u01b0\u1ee3t tr\u1ed9i v\u00e0 \u0111\u00e1p \u1ee9ng t\u1ed1t c\u00e1c y\u00eau c\u1ea7u c\u1ee7a c\u00e1c c\u00f4ng tr\u00ecnh chi\u1ebfu s\u00e1ng m\u1eb7t d\u1ef1ng ngo\u00e0i tr\u1eddi. V\u1edbi c\u00e1c \u0111\u1eb7c \u0111i\u1ec3m v\u00e0 th\u00f4ng s\u1ed1 k\u1ef9 thu\u1eadt \u0111\u00e1ng ch\u00fa \u00fd, s\u1ea3n ph\u1ea9m h\u1ee9a h\u1eb9n s\u1ebd l\u00e0 m\u1ed9t l\u1ef1a ch\u1ecdn l\u00fd t\u01b0\u1edfng cho vi\u1ec7c trang tr\u00ed c\u00e1c kh\u00e1ch s\u1ea1n, c\u00f4ng vi\u00ean hay c\u00e1c kh\u00f4ng gian ngo\u00e0i tr\u1eddi kh\u00e1c.\" \/>\n<meta property=\"og:url\" content=\"https:\/\/vilight.vn\/website\/san-pham\/den-led-pixel\/dang-luoi-grid\/e-series\/den-led-diem-dang-luoi-vl-e10\/\" \/>\n<meta property=\"og:site_name\" content=\"Vilight Co.ltd\" \/>\n<meta property=\"article:publisher\" content=\"http:\/\/facebook.com\/vilight.vn\" \/>\n<meta property=\"article:modified_time\" content=\"2024-10-01T09:31:54+00:00\" \/>\n<meta property=\"og:image\" content=\"https:\/\/vilight.vn\/website\/wp-content\/uploads\/2021\/06\/E10A-Logo.jpg\" \/>\n\t<meta property=\"og:image:width\" content=\"600\" \/>\n\t<meta property=\"og:image:height\" content=\"600\" \/>\n\t<meta property=\"og:image:type\" content=\"image\/jpeg\" \/>\n<meta name=\"twitter:card\" content=\"summary_large_image\" \/>\n<meta name=\"twitter:label1\" content=\"Gi\u00e1\" \/>\n\t<meta name=\"twitter:data1\" content=\"\" \/>\n\t<meta name=\"twitter:label2\" content=\"Kh\u1ea3 d\u1ee5ng\" \/>\n\t<meta name=\"twitter:data2\" content=\"Trong kho\" \/>\n<script type=\"application\/ld+json\" class=\"yoast-schema-graph\">{\"@context\":\"https:\\\/\\\/schema.org\",\"@graph\":[{\"@type\":\"WebPage\",\"@id\":\"https:\\\/\\\/vilight.vn\\\/website\\\/san-pham\\\/den-led-pixel\\\/dang-luoi-grid\\\/e-series\\\/den-led-diem-dang-luoi-vl-e10\\\/\",\"url\":\"https:\\\/\\\/vilight.vn\\\/website\\\/san-pham\\\/den-led-pixel\\\/dang-luoi-grid\\\/e-series\\\/den-led-diem-dang-luoi-vl-e10\\\/\",\"name\":\"\u0110\u00e8n LED \u0111i\u1ec3m d\u1ea1ng l\u01b0\u1edbi VL-E10 - Vilight Co.ltd\",\"isPartOf\":{\"@id\":\"https:\\\/\\\/vilight.vn\\\/website\\\/#website\"},\"primaryImageOfPage\":{\"@id\":\"https:\\\/\\\/vilight.vn\\\/website\\\/san-pham\\\/den-led-pixel\\\/dang-luoi-grid\\\/e-series\\\/den-led-diem-dang-luoi-vl-e10\\\/#primaryimage\"},\"image\":{\"@id\":\"https:\\\/\\\/vilight.vn\\\/website\\\/san-pham\\\/den-led-pixel\\\/dang-luoi-grid\\\/e-series\\\/den-led-diem-dang-luoi-vl-e10\\\/#primaryimage\"},\"thumbnailUrl\":\"https:\\\/\\\/vilight.vn\\\/website\\\/wp-content\\\/uploads\\\/2021\\\/06\\\/E10A-Logo.jpg\",\"datePublished\":\"2021-06-26T13:08:22+00:00\",\"dateModified\":\"2024-10-01T09:31:54+00:00\",\"description\":\"\u0110\u00e8n LED \u0111i\u1ec3m d\u1ea1ng l\u01b0\u1edbi VL-E10 v\u1edbi thi\u1ebft k\u1ebf ti\u00ean ti\u1ebfn, mang l\u1ea1i nhi\u1ec1u \u01b0u \u0111i\u1ec3m v\u00e0 \u0111\u00e1p \u1ee9ng t\u1ed1t c\u00e1c y\u00eau c\u1ea7u c\u1ee7a c\u00e1c c\u00f4ng tr\u00ecnh chi\u1ebfu s\u00e1ng m\u1eb7t d\u1ef1ng ngo\u00e0i tr\u1eddi.\",\"breadcrumb\":{\"@id\":\"https:\\\/\\\/vilight.vn\\\/website\\\/san-pham\\\/den-led-pixel\\\/dang-luoi-grid\\\/e-series\\\/den-led-diem-dang-luoi-vl-e10\\\/#breadcrumb\"},\"inLanguage\":\"vi\",\"potentialAction\":[{\"@type\":\"ReadAction\",\"target\":[\"https:\\\/\\\/vilight.vn\\\/website\\\/san-pham\\\/den-led-pixel\\\/dang-luoi-grid\\\/e-series\\\/den-led-diem-dang-luoi-vl-e10\\\/\"]}]},{\"@type\":\"ImageObject\",\"inLanguage\":\"vi\",\"@id\":\"https:\\\/\\\/vilight.vn\\\/website\\\/san-pham\\\/den-led-pixel\\\/dang-luoi-grid\\\/e-series\\\/den-led-diem-dang-luoi-vl-e10\\\/#primaryimage\",\"url\":\"https:\\\/\\\/vilight.vn\\\/website\\\/wp-content\\\/uploads\\\/2021\\\/06\\\/E10A-Logo.jpg\",\"contentUrl\":\"https:\\\/\\\/vilight.vn\\\/website\\\/wp-content\\\/uploads\\\/2021\\\/06\\\/E10A-Logo.jpg\",\"width\":600,\"height\":600,\"caption\":\"\u0110\u00e8n Led VL-E10A01\"},{\"@type\":\"BreadcrumbList\",\"@id\":\"https:\\\/\\\/vilight.vn\\\/website\\\/san-pham\\\/den-led-pixel\\\/dang-luoi-grid\\\/e-series\\\/den-led-diem-dang-luoi-vl-e10\\\/#breadcrumb\",\"itemListElement\":[{\"@type\":\"ListItem\",\"position\":1,\"name\":\"Home\",\"item\":\"https:\\\/\\\/vilight.vn\\\/website\\\/\"},{\"@type\":\"ListItem\",\"position\":2,\"name\":\"store\",\"item\":\"https:\\\/\\\/vilight.vn\\\/website\\\/store\\\/\"},{\"@type\":\"ListItem\",\"position\":3,\"name\":\"\u0110\u00e8n LED \u0111i\u1ec3m d\u1ea1ng l\u01b0\u1edbi VL-E10\"}]},{\"@type\":\"WebSite\",\"@id\":\"https:\\\/\\\/vilight.vn\\\/website\\\/#website\",\"url\":\"https:\\\/\\\/vilight.vn\\\/website\\\/\",\"name\":\"Vilight Co.ltd\",\"description\":\"Chi\u1ebfu s\u00e1ng m\u1ef9 thu\u1eadt, chi\u1ebfu s\u00e1ng th\u00f4ng minh, LED Pixel 3D, chi\u1ebfu s\u00e1ng trang tr\u00ed \u0111\u00f4 th\u1ecb, chi\u1ebfu s\u00e1ng v\u00f2ng xoay, chi\u1ebfu s\u00e1ng \u0111\u1ea3o giao th\u00f4ng, c\u1ed5ng ch\u00e0o \u0111\u00f4 th\u1ecb\",\"publisher\":{\"@id\":\"https:\\\/\\\/vilight.vn\\\/website\\\/#organization\"},\"potentialAction\":[{\"@type\":\"SearchAction\",\"target\":{\"@type\":\"EntryPoint\",\"urlTemplate\":\"https:\\\/\\\/vilight.vn\\\/website\\\/?s={search_term_string}\"},\"query-input\":{\"@type\":\"PropertyValueSpecification\",\"valueRequired\":true,\"valueName\":\"search_term_string\"}}],\"inLanguage\":\"vi\"},{\"@type\":\"Organization\",\"@id\":\"https:\\\/\\\/vilight.vn\\\/website\\\/#organization\",\"name\":\"Vilight\",\"url\":\"https:\\\/\\\/vilight.vn\\\/website\\\/\",\"logo\":{\"@type\":\"ImageObject\",\"inLanguage\":\"vi\",\"@id\":\"https:\\\/\\\/vilight.vn\\\/website\\\/#\\\/schema\\\/logo\\\/image\\\/\",\"url\":\"https:\\\/\\\/vilight.vn\\\/website\\\/wp-content\\\/uploads\\\/2022\\\/05\\\/chieu_sang_trang_tri_do_thi_bang_den_led_pixel.png\",\"contentUrl\":\"https:\\\/\\\/vilight.vn\\\/website\\\/wp-content\\\/uploads\\\/2022\\\/05\\\/chieu_sang_trang_tri_do_thi_bang_den_led_pixel.png\",\"width\":800,\"height\":427,\"caption\":\"Vilight\"},\"image\":{\"@id\":\"https:\\\/\\\/vilight.vn\\\/website\\\/#\\\/schema\\\/logo\\\/image\\\/\"},\"sameAs\":[\"http:\\\/\\\/facebook.com\\\/vilight.vn\",\"https:\\\/\\\/www.linkedin.com\\\/company\\\/vilight-vn\",\"https:\\\/\\\/www.youtube.com\\\/channel\\\/UCEwR2naeDcuarMX1kSv_rLQ\\\/videos\"]}]}<\/script>\n<meta property=\"product:brand\" content=\"E Series\" \/>\n<meta property=\"product:price:currency\" content=\"VND\" \/>\n<meta property=\"og:availability\" content=\"instock\" \/>\n<meta property=\"product:availability\" content=\"instock\" \/>\n<meta property=\"product:condition\" content=\"new\" \/>\n<!-- \/ Yoast SEO Premium plugin. -->","yoast_head_json":{"title":"\u0110\u00e8n LED \u0111i\u1ec3m d\u1ea1ng l\u01b0\u1edbi VL-E10 - Vilight Co.ltd","description":"\u0110\u00e8n LED \u0111i\u1ec3m d\u1ea1ng l\u01b0\u1edbi VL-E10 v\u1edbi thi\u1ebft k\u1ebf ti\u00ean ti\u1ebfn, mang l\u1ea1i nhi\u1ec1u \u01b0u \u0111i\u1ec3m v\u00e0 \u0111\u00e1p \u1ee9ng t\u1ed1t c\u00e1c y\u00eau c\u1ea7u c\u1ee7a c\u00e1c c\u00f4ng tr\u00ecnh chi\u1ebfu s\u00e1ng m\u1eb7t d\u1ef1ng ngo\u00e0i tr\u1eddi.","robots":{"index":"index","follow":"follow","max-snippet":"max-snippet:-1","max-image-preview":"max-image-preview:large","max-video-preview":"max-video-preview:-1"},"canonical":"https:\/\/vilight.vn\/website\/san-pham\/den-led-pixel\/dang-luoi-grid\/e-series\/den-led-diem-dang-luoi-vl-e10\/","og_locale":"vi_VN","og_type":"article","og_title":"\u0110\u00e8n LED \u0111i\u1ec3m d\u1ea1ng l\u01b0\u1edbi VL-E10","og_description":"\u0110\u00e8n LED \u0111i\u1ec3m d\u1ea1ng l\u01b0\u1edbi VL-E10 l\u00e0 m\u1ed9t lo\u1ea1i \u0111\u00e8n \u0111\u1eb7c bi\u1ec7t v\u1edbi thi\u1ebft k\u1ebf d\u1ea1ng l\u01b0\u1edbi ti\u00ean ti\u1ebfn, mang l\u1ea1i nhi\u1ec1u \u01b0u \u0111i\u1ec3m v\u01b0\u1ee3t tr\u1ed9i v\u00e0 \u0111\u00e1p \u1ee9ng t\u1ed1t c\u00e1c y\u00eau c\u1ea7u c\u1ee7a c\u00e1c c\u00f4ng tr\u00ecnh chi\u1ebfu s\u00e1ng m\u1eb7t d\u1ef1ng ngo\u00e0i tr\u1eddi. V\u1edbi c\u00e1c \u0111\u1eb7c \u0111i\u1ec3m v\u00e0 th\u00f4ng s\u1ed1 k\u1ef9 thu\u1eadt \u0111\u00e1ng ch\u00fa \u00fd, s\u1ea3n ph\u1ea9m h\u1ee9a h\u1eb9n s\u1ebd l\u00e0 m\u1ed9t l\u1ef1a ch\u1ecdn l\u00fd t\u01b0\u1edfng cho vi\u1ec7c trang tr\u00ed c\u00e1c kh\u00e1ch s\u1ea1n, c\u00f4ng vi\u00ean hay c\u00e1c kh\u00f4ng gian ngo\u00e0i tr\u1eddi kh\u00e1c.","og_url":"https:\/\/vilight.vn\/website\/san-pham\/den-led-pixel\/dang-luoi-grid\/e-series\/den-led-diem-dang-luoi-vl-e10\/","og_site_name":"Vilight Co.ltd","article_publisher":"http:\/\/facebook.com\/vilight.vn","article_modified_time":"2024-10-01T09:31:54+00:00","og_image":[{"width":600,"height":600,"url":"https:\/\/vilight.vn\/website\/wp-content\/uploads\/2021\/06\/E10A-Logo.jpg","type":"image\/jpeg"}],"twitter_card":"summary_large_image","twitter_misc":{"Gi\u00e1":"","Kh\u1ea3 d\u1ee5ng":"Trong kho"},"schema":{"@context":"https:\/\/schema.org","@graph":[{"@type":"WebPage","@id":"https:\/\/vilight.vn\/website\/san-pham\/den-led-pixel\/dang-luoi-grid\/e-series\/den-led-diem-dang-luoi-vl-e10\/","url":"https:\/\/vilight.vn\/website\/san-pham\/den-led-pixel\/dang-luoi-grid\/e-series\/den-led-diem-dang-luoi-vl-e10\/","name":"\u0110\u00e8n LED \u0111i\u1ec3m d\u1ea1ng l\u01b0\u1edbi VL-E10 - Vilight Co.ltd","isPartOf":{"@id":"https:\/\/vilight.vn\/website\/#website"},"primaryImageOfPage":{"@id":"https:\/\/vilight.vn\/website\/san-pham\/den-led-pixel\/dang-luoi-grid\/e-series\/den-led-diem-dang-luoi-vl-e10\/#primaryimage"},"image":{"@id":"https:\/\/vilight.vn\/website\/san-pham\/den-led-pixel\/dang-luoi-grid\/e-series\/den-led-diem-dang-luoi-vl-e10\/#primaryimage"},"thumbnailUrl":"https:\/\/vilight.vn\/website\/wp-content\/uploads\/2021\/06\/E10A-Logo.jpg","datePublished":"2021-06-26T13:08:22+00:00","dateModified":"2024-10-01T09:31:54+00:00","description":"\u0110\u00e8n LED \u0111i\u1ec3m d\u1ea1ng l\u01b0\u1edbi VL-E10 v\u1edbi thi\u1ebft k\u1ebf ti\u00ean ti\u1ebfn, mang l\u1ea1i nhi\u1ec1u \u01b0u \u0111i\u1ec3m v\u00e0 \u0111\u00e1p \u1ee9ng t\u1ed1t c\u00e1c y\u00eau c\u1ea7u c\u1ee7a c\u00e1c c\u00f4ng tr\u00ecnh chi\u1ebfu s\u00e1ng m\u1eb7t d\u1ef1ng ngo\u00e0i tr\u1eddi.","breadcrumb":{"@id":"https:\/\/vilight.vn\/website\/san-pham\/den-led-pixel\/dang-luoi-grid\/e-series\/den-led-diem-dang-luoi-vl-e10\/#breadcrumb"},"inLanguage":"vi","potentialAction":[{"@type":"ReadAction","target":["https:\/\/vilight.vn\/website\/san-pham\/den-led-pixel\/dang-luoi-grid\/e-series\/den-led-diem-dang-luoi-vl-e10\/"]}]},{"@type":"ImageObject","inLanguage":"vi","@id":"https:\/\/vilight.vn\/website\/san-pham\/den-led-pixel\/dang-luoi-grid\/e-series\/den-led-diem-dang-luoi-vl-e10\/#primaryimage","url":"https:\/\/vilight.vn\/website\/wp-content\/uploads\/2021\/06\/E10A-Logo.jpg","contentUrl":"https:\/\/vilight.vn\/website\/wp-content\/uploads\/2021\/06\/E10A-Logo.jpg","width":600,"height":600,"caption":"\u0110\u00e8n Led VL-E10A01"},{"@type":"BreadcrumbList","@id":"https:\/\/vilight.vn\/website\/san-pham\/den-led-pixel\/dang-luoi-grid\/e-series\/den-led-diem-dang-luoi-vl-e10\/#breadcrumb","itemListElement":[{"@type":"ListItem","position":1,"name":"Home","item":"https:\/\/vilight.vn\/website\/"},{"@type":"ListItem","position":2,"name":"store","item":"https:\/\/vilight.vn\/website\/store\/"},{"@type":"ListItem","position":3,"name":"\u0110\u00e8n LED \u0111i\u1ec3m d\u1ea1ng l\u01b0\u1edbi VL-E10"}]},{"@type":"WebSite","@id":"https:\/\/vilight.vn\/website\/#website","url":"https:\/\/vilight.vn\/website\/","name":"Vilight Co.ltd","description":"Chi\u1ebfu s\u00e1ng m\u1ef9 thu\u1eadt, chi\u1ebfu s\u00e1ng th\u00f4ng minh, LED Pixel 3D, chi\u1ebfu s\u00e1ng trang tr\u00ed \u0111\u00f4 th\u1ecb, chi\u1ebfu s\u00e1ng v\u00f2ng xoay, chi\u1ebfu s\u00e1ng \u0111\u1ea3o giao th\u00f4ng, c\u1ed5ng ch\u00e0o \u0111\u00f4 th\u1ecb","publisher":{"@id":"https:\/\/vilight.vn\/website\/#organization"},"potentialAction":[{"@type":"SearchAction","target":{"@type":"EntryPoint","urlTemplate":"https:\/\/vilight.vn\/website\/?s={search_term_string}"},"query-input":{"@type":"PropertyValueSpecification","valueRequired":true,"valueName":"search_term_string"}}],"inLanguage":"vi"},{"@type":"Organization","@id":"https:\/\/vilight.vn\/website\/#organization","name":"Vilight","url":"https:\/\/vilight.vn\/website\/","logo":{"@type":"ImageObject","inLanguage":"vi","@id":"https:\/\/vilight.vn\/website\/#\/schema\/logo\/image\/","url":"https:\/\/vilight.vn\/website\/wp-content\/uploads\/2022\/05\/chieu_sang_trang_tri_do_thi_bang_den_led_pixel.png","contentUrl":"https:\/\/vilight.vn\/website\/wp-content\/uploads\/2022\/05\/chieu_sang_trang_tri_do_thi_bang_den_led_pixel.png","width":800,"height":427,"caption":"Vilight"},"image":{"@id":"https:\/\/vilight.vn\/website\/#\/schema\/logo\/image\/"},"sameAs":["http:\/\/facebook.com\/vilight.vn","https:\/\/www.linkedin.com\/company\/vilight-vn","https:\/\/www.youtube.com\/channel\/UCEwR2naeDcuarMX1kSv_rLQ\/videos"]}]},"product_brand":"E Series","product_price_currency":"VND","og_availability":"instock","product_availability":"instock","product_condition":"new"},"_links":{"self":[{"href":"https:\/\/vilight.vn\/website\/wp-json\/wp\/v2\/product\/1339","targetHints":{"allow":["GET"]}}],"collection":[{"href":"https:\/\/vilight.vn\/website\/wp-json\/wp\/v2\/product"}],"about":[{"href":"https:\/\/vilight.vn\/website\/wp-json\/wp\/v2\/types\/product"}],"wp:featuredmedia":[{"embeddable":true,"href":"https:\/\/vilight.vn\/website\/wp-json\/wp\/v2\/media\/1341"}],"wp:attachment":[{"href":"https:\/\/vilight.vn\/website\/wp-json\/wp\/v2\/media?parent=1339"}],"wp:term":[{"taxonomy":"product_brand","embeddable":true,"href":"https:\/\/vilight.vn\/website\/wp-json\/wp\/v2\/product_brand?post=1339"},{"taxonomy":"product_cat","embeddable":true,"href":"https:\/\/vilight.vn\/website\/wp-json\/wp\/v2\/product_cat?post=1339"},{"taxonomy":"product_tag","embeddable":true,"href":"https:\/\/vilight.vn\/website\/wp-json\/wp\/v2\/product_tag?post=1339"}],"curies":[{"name":"wp","href":"https:\/\/api.w.org\/{rel}","templated":true}]}}