{"id":1356,"date":"2021-06-27T10:20:34","date_gmt":"2021-06-27T03:20:34","guid":{"rendered":"https:\/\/vilight.vn\/website\/?post_type=product&#038;p=1356"},"modified":"2024-10-01T15:48:34","modified_gmt":"2024-10-01T08:48:34","slug":"den-led-thanh-vl-xt02","status":"publish","type":"product","link":"https:\/\/vilight.vn\/website\/san-pham\/den-led-pixel\/led-thanh\/xt-series\/den-led-thanh-vl-xt02\/","title":{"rendered":"\u0110\u00e8n LED thanh VL-XT02"},"content":{"rendered":"<h2 style=\"text-align: justify;\"><span style=\"font-size: 18pt;\">\u0110\u00e8n Led thanh VL-XT02: S\u1ef1 k\u1ebft h\u1ee3p ho\u00e0n h\u1ea3o gi\u1eefa hi\u1ec7u su\u1ea5t v\u00e0 \u0111\u1ed9 b\u1ec1n<\/span><\/h2>\n<p style=\"text-align: justify;\"><span style=\"font-size: 14pt;\">\u0110\u00e8n Led thanh VL-XT02 l\u00e0 m\u1ed9t s\u1ea3n ph\u1ea9m chi\u1ebfu s\u00e1ng ti\u00ean ti\u1ebfn v\u00e0 \u0111a n\u0103ng, \u0111\u01b0\u1ee3c thi\u1ebft k\u1ebf \u0111\u1ec3 mang \u0111\u1ebfn cho b\u1ea1n nh\u1eefng tr\u1ea3i nghi\u1ec7m \u00e1nh s\u00e1ng tuy\u1ec7t v\u1eddi v\u00e0 hi\u1ec7u su\u1ea5t t\u1ed1i \u0111a. V\u1edbi c\u00e1c th\u00f4ng s\u1ed1 k\u1ef9 thu\u1eadt \u0111\u00e1ng ch\u00fa \u00fd, s\u1ea3n ph\u1ea9m n\u00e0y s\u1ebd kh\u00f4ng l\u00e0m b\u1ea1n th\u1ea5t v\u1ecdng.<\/span><\/p>\n<p style=\"text-align: justify;\"><span style=\"font-size: 14pt;\">M\u1ed9t \u0111i\u1ec3m \u0111\u00e1ng ch\u00fa \u00fd \u0111\u1ea7u ti\u00ean c\u1ee7a \u0111\u00e8n Led thanh VL-XT02 l\u00e0 s\u1eed d\u1ee5ng c\u00e1c chip LED h\u00e0ng \u0111\u1ea7u nh\u01b0 CREE, Epistar v\u00e0 Osram. Nh\u1edd v\u00e0o c\u00f4ng ngh\u1ec7 ti\u00ean ti\u1ebfn n\u00e0y, \u0111\u00e8n mang \u0111\u1ebfn \u00e1nh s\u00e1ng ch\u1ea5t l\u01b0\u1ee3ng cao, s\u00e1ng, m\u1ea1nh m\u1ebd v\u00e0 \u0111\u1ed3ng \u0111\u1ec1u, gi\u00fap t\u1ea1o ra kh\u00f4ng gian chi\u1ebfu s\u00e1ng tuy\u1ec7t \u0111\u1eb9p.<\/span><\/p>\n<p style=\"text-align: justify;\"><span style=\"font-size: 14pt;\">\u0110\u00e8n Led thanh VL-XT02 cung c\u1ea5p nhi\u1ec1u t\u00f9y ch\u1ecdn chu\u1ea9n \u0111i\u1ec1u khi\u1ec3n, bao g\u1ed3m DMX, TTL v\u00e0 ON-OFF. \u0110i\u1ec1u n\u00e0y cho ph\u00e9p b\u1ea1n linh ho\u1ea1t \u0111i\u1ec1u ch\u1ec9nh \u00e1nh s\u00e1ng theo \u00fd mu\u1ed1n, t\u1ea1o ra nh\u1eefng hi\u1ec7u \u1ee9ng \u0111\u1ed9c \u0111\u00e1o v\u00e0 ph\u00f9 h\u1ee3p v\u1edbi m\u00f4i tr\u01b0\u1eddng s\u1eed d\u1ee5ng. B\u1ea5t k\u1ec3 b\u1ea1n s\u1eed d\u1ee5ng \u0111\u00e8n n\u00e0y trong kh\u00f4ng gian tr\u01b0ng b\u00e0y ngh\u1ec7 thu\u1eadt, qu\u1ea3ng c\u00e1o, ho\u1eb7c trang tr\u00ed n\u1ed9i th\u1ea5t, s\u1ef1 linh ho\u1ea1t trong \u0111i\u1ec1u khi\u1ec3n s\u1ebd gi\u00fap b\u1ea1n t\u1ea1o ra m\u1ed9t kh\u00f4ng gian s\u00e1ng \u0111\u1eb9p v\u00e0 \u1ea5n t\u01b0\u1ee3ng.<\/span><\/p>\n<p style=\"text-align: justify;\"><span style=\"font-size: 14pt;\">V\u1edbi c\u00f4ng su\u1ea5t \u0111a d\u1ea1ng t\u1eeb 9W, 12W \u0111\u1ebfn 15W, \u0111\u00e8n Led thanh VL-XT02 \u0111\u00e1p \u1ee9ng \u0111\u1ee7 nhu c\u1ea7u chi\u1ebfu s\u00e1ng c\u1ee7a nhi\u1ec1u \u1ee9ng d\u1ee5ng kh\u00e1c nhau. B\u1ea1n c\u00f3 th\u1ec3 l\u1ef1a ch\u1ecdn c\u00f4ng su\u1ea5t ph\u00f9 h\u1ee3p v\u1edbi kh\u00f4ng gian v\u00e0 m\u1ee5c \u0111\u00edch s\u1eed d\u1ee5ng c\u1ee7a m\u00ecnh.<\/span><\/p>\n<p style=\"text-align: justify;\"><span style=\"font-size: 14pt;\">\u0110i\u1ec7n \u00e1p ho\u1ea1t \u0111\u1ed9ng c\u1ee7a \u0111\u00e8n l\u00e0 24VDC ho\u1eb7c 48VDC, gi\u00fap ti\u1ebft ki\u1ec7m n\u0103ng l\u01b0\u1ee3ng v\u00e0 \u0111\u1ea3m b\u1ea3o an to\u00e0n trong s\u1eed d\u1ee5ng. \u0110i\u1ec1u n\u00e0y l\u00e0m cho \u0111\u00e8n Led thanh VL-XT02 tr\u1edf th\u00e0nh m\u1ed9t l\u1ef1a ch\u1ecdn th\u00edch h\u1ee3p cho vi\u1ec7c s\u1eed d\u1ee5ng trong c\u00e1c \u1ee9ng d\u1ee5ng ngo\u00e0i tr\u1eddi ho\u1eb7c nh\u1eefng n\u01a1i c\u00f3 y\u00eau c\u1ea7u nghi\u00eam ng\u1eb7t v\u1ec1 \u0111i\u1ec7n \u00e1p.<\/span><\/p>\n<p style=\"text-align: justify;\"><span style=\"font-size: 14pt;\">\u0110\u00e8n Led thanh VL-XT02 c\u0169ng c\u00f3 kh\u1ea3 n\u0103ng ch\u1ed1ng th\u1ea5m n\u01b0\u1edbc v\u1edbi m\u1ee9c \u0111\u1ed9 k\u00edn IP67, cho ph\u00e9p b\u1ea1n s\u1eed d\u1ee5ng n\u00f3 trong c\u00e1c<\/span><\/p>\n<p style=\"text-align: justify;\"><span style=\"font-size: 14pt;\">m\u00f4i tr\u01b0\u1eddng \u1ea9m \u01b0\u1edbt ho\u1eb7c ngo\u00e0i tr\u1eddi m\u00e0 kh\u00f4ng c\u1ea7n lo l\u1eafng v\u1ec1 s\u1ef1 t\u1ed5n h\u1ea1i do m\u00f4i tr\u01b0\u1eddng.<\/span><\/p>\n<p style=\"text-align: justify;\"><span style=\"font-size: 14pt;\">G\u00f3c chi\u1ebfu r\u1ed9ng h\u01a1n ho\u1eb7c b\u1eb1ng 100\u00b0 c\u1ee7a \u0111\u00e8n Led thanh VL-XT02 \u0111\u1ea3m b\u1ea3o m\u1ed9t ph\u1ea1m vi chi\u1ebfu s\u00e1ng r\u1ed9ng, kh\u00f4ng gian s\u00e1ng \u0111\u1ec1u v\u00e0 m\u1ec1m m\u1ea1i. B\u1ea1n c\u00f3 th\u1ec3 s\u1eed d\u1ee5ng \u0111\u00e8n n\u00e0y \u0111\u1ec3 t\u1ea1o ra hi\u1ec7u \u1ee9ng \u00e1nh s\u00e1ng to\u00e0n di\u1ec7n, l\u00e0m n\u1ed5i b\u1eadt c\u00e1c v\u1eadt th\u1ec3 ho\u1eb7c khu v\u1ef1c c\u1ee5 th\u1ec3.<\/span><\/p>\n<p style=\"text-align: justify;\"><span style=\"font-size: 14pt;\">V\u1edbi m\u1ee9c \u0111\u1ed9 Gray Level l\u00ean \u0111\u1ebfn 256\/65536, \u0111\u00e8n Led thanh VL-XT02 cho ph\u00e9p b\u1ea1n tinh ch\u1ec9nh \u0111\u1ed9 s\u00e1ng v\u00e0 m\u00e0u s\u1eafc theo \u00fd mu\u1ed1n. B\u1ea1n c\u00f3 th\u1ec3 thay \u0111\u1ed5i m\u00e0u s\u1eafc v\u00e0 t\u1ea1o ra c\u00e1c hi\u1ec7u \u1ee9ng \u00e1nh s\u00e1ng \u0111\u1ed9c \u0111\u00e1o \u0111\u1ec3 ph\u00f9 h\u1ee3p v\u1edbi kh\u00f4ng gian v\u00e0 t\u1ea1o n\u00ean b\u1ea7u kh\u00f4ng kh\u00ed th\u00fa v\u1ecb.<\/span><\/p>\n<p style=\"text-align: justify;\"><span style=\"font-size: 14pt;\">K\u00edch th\u01b0\u1edbc nh\u1ecf g\u1ecdn c\u1ee7a \u0111\u00e8n (33*45*100 mm) cho ph\u00e9p b\u1ea1n d\u1ec5 d\u00e0ng l\u1eafp \u0111\u1eb7t v\u00e0 s\u1eed d\u1ee5ng \u1edf nhi\u1ec1u v\u1ecb tr\u00ed kh\u00e1c nhau. B\u1ea1n c\u00f3 th\u1ec3 l\u1eafp \u0111\u1eb7t n\u00f3 d\u1ecdc theo t\u01b0\u1eddng, tr\u00ean tr\u1ea7n, ho\u1eb7c g\u1eafn v\u00e0o c\u00e1c b\u1ec1 m\u1eb7t nh\u1ecf h\u1eb9p m\u00e0 kh\u00f4ng g\u00e2y xao l\u1ed9n trong thi\u1ebft k\u1ebf.<\/span><\/p>\n<p style=\"text-align: justify;\"><span style=\"font-size: 14pt;\">V\u1edbi tu\u1ed5i th\u1ecd l\u00ean \u0111\u1ebfn 50.000 gi\u1edd, \u0111\u00e8n Led thanh VL-XT02 \u0111\u1ea3m b\u1ea3o \u0111\u1ed9 b\u1ec1n v\u00e0 \u0111\u1ed9 tin c\u1eady cao. B\u1ea1n s\u1ebd kh\u00f4ng c\u1ea7n ph\u1ea3i lo l\u1eafng v\u1ec1 vi\u1ec7c thay th\u1ebf \u0111\u00e8n th\u01b0\u1eddng xuy\u00ean v\u00e0 c\u00f3 th\u1ec3 t\u1eadn h\u01b0\u1edfng \u00e1nh s\u00e1ng ch\u1ea5t l\u01b0\u1ee3ng trong th\u1eddi gian d\u00e0i.<\/span><\/p>\n<p style=\"text-align: justify;\"><span style=\"font-size: 14pt;\">Cu\u1ed1i c\u00f9ng, v\u1edbi c\u1ea5p ch\u1ed1ng ch\u00e1y 94-V0 v\u00e0 c\u1ea5p c\u00e1ch \u0111i\u1ec7n III, \u0111\u00e8n Led thanh VL-XT02 \u0111\u1ea3m b\u1ea3o t\u00ednh an to\u00e0n cao trong qu\u00e1 tr\u00ecnh s\u1eed d\u1ee5ng. B\u1ea1n c\u00f3 th\u1ec3 y\u00ean t\u00e2m v\u1ec1 m\u00f4i tr\u01b0\u1eddng s\u1eed d\u1ee5ng v\u00e0 tr\u00e1nh nh\u1eefng r\u1ee7i ro kh\u00f4ng mong mu\u1ed1n.<\/span><\/p>\n<p style=\"text-align: justify;\"><span style=\"font-size: 14pt;\">T\u00f3m l\u1ea1i, \u0111\u00e8n Led thanh VL-XT02 mang \u0111\u1ebfn cho b\u1ea1n s\u1ef1 k\u1ebft h\u1ee3p ho\u00e0n h\u1ea3o gi\u1eefa hi\u1ec7u su\u1ea5t, \u0111\u1ed9 b\u1ec1n v\u00e0 t\u00ednh linh ho\u1ea1t. V\u1edbi nh\u1eefng th\u00f4ng s\u1ed1 k\u1ef9 thu\u1eadt \u0111\u00e1ng ch\u00fa \u00fd v\u00e0 kh\u1ea3 n\u0103ng t\u00f9y ch\u1ec9nh cao, \u0111\u00e8n n\u00e0y l\u00e0 m\u1ed9t l\u1ef1a ch\u1ecdn l\u00fd t\u01b0\u1edfng cho vi\u1ec7c chi\u1ebfu s\u00e1ng trong nhi\u1ec1u m\u00f4i tr\u01b0\u1eddng v\u00e0 \u1ee9ng d\u1ee5ng kh\u00e1c nhau.<\/span><\/p>\n<p style=\"text-align: justify;\"><span style=\"font-size: 14pt;\"><a href=\"https:\/\/vilight.vn\/website\/wp-content\/uploads\/2021\/06\/XT02-TT.jpg\"><img decoding=\"async\" class=\"aligncenter wp-image-1358 lazyload\" data-src=\"https:\/\/vilight.vn\/website\/wp-content\/uploads\/2021\/06\/XT02-TT.jpg\" alt=\"\u0110\u00e8n Led thanh VL-XT02\" width=\"1500\" height=\"1424\" data-srcset=\"https:\/\/vilight.vn\/website\/wp-content\/uploads\/2021\/06\/XT02-TT.jpg 1200w, https:\/\/vilight.vn\/website\/wp-content\/uploads\/2021\/06\/XT02-TT-800x759.jpg 800w, https:\/\/vilight.vn\/website\/wp-content\/uploads\/2021\/06\/XT02-TT-300x285.jpg 300w, https:\/\/vilight.vn\/website\/wp-content\/uploads\/2021\/06\/XT02-TT-1024x972.jpg 1024w, https:\/\/vilight.vn\/website\/wp-content\/uploads\/2021\/06\/XT02-TT-768x729.jpg 768w, https:\/\/vilight.vn\/website\/wp-content\/uploads\/2021\/06\/XT02-TT-13x12.jpg 13w, https:\/\/vilight.vn\/website\/wp-content\/uploads\/2021\/06\/XT02-TT-154x146.jpg 154w, https:\/\/vilight.vn\/website\/wp-content\/uploads\/2021\/06\/XT02-TT-50x47.jpg 50w, https:\/\/vilight.vn\/website\/wp-content\/uploads\/2021\/06\/XT02-TT-79x75.jpg 79w, https:\/\/vilight.vn\/website\/wp-content\/uploads\/2021\/06\/XT02-TT-600x570.jpg 600w\" data-sizes=\"(max-width:767px) 480px, (max-width:1500px) 100vw, 1500px\" src=\"data:image\/svg+xml;base64,PHN2ZyB3aWR0aD0iMSIgaGVpZ2h0PSIxIiB4bWxucz0iaHR0cDovL3d3dy53My5vcmcvMjAwMC9zdmciPjwvc3ZnPg==\" style=\"--smush-placeholder-width: 1500px; --smush-placeholder-aspect-ratio: 1500\/1424;\" \/><\/a><\/span><\/p>\n<p>&nbsp;<\/p>\n","protected":false},"excerpt":{"rendered":"<p style=\"text-align: justify;\"><span style=\"font-size: 14pt;\">\u0110\u00e8n Led thanh VL-XT02: Hi\u1ec7u su\u1ea5t cao, b\u1ec1n b\u1ec9 v\u00e0 linh ho\u1ea1t. Mang \u0111\u1ebfn \u00e1nh s\u00e1ng ch\u1ea5t l\u01b0\u1ee3ng, \u0111i\u1ec1u khi\u1ec3n \u0111a d\u1ea1ng, v\u00e0 kh\u1ea3 n\u0103ng ch\u1ed1ng n\u01b0\u1edbc IP67. L\u00e0 l\u1ef1a ch\u1ecdn tuy\u1ec7t v\u1eddi cho kh\u00f4ng gian chi\u1ebfu s\u00e1ng \u0111a n\u0103ng.<\/span><\/p>\n","protected":false},"featured_media":1357,"template":"","meta":[],"product_brand":[],"product_cat":[77,189,190],"product_tag":[],"class_list":{"0":"post-1356","1":"product","2":"type-product","3":"status-publish","4":"has-post-thumbnail","6":"product_cat-den-led-pixel","7":"product_cat-led-thanh","8":"product_cat-xt-series","9":"pa_chip-led-cree","10":"pa_chip-led-epistar","11":"pa_chip-led-oram","12":"pa_chuan-dieu-khien-dmx","13":"pa_chuan-dieu-khien-on-off","14":"pa_chuan-dieu-khien-ttl","15":"pa_cong-suat-12w","16":"pa_cong-suat-15w","17":"pa_cong-suat-9w","18":"pa_dien-ap-hoat-dong-24vdc","19":"pa_dien-ap-hoat-dong-48vdc","20":"pa_do-kin-ip67","21":"pa_goc-chieu-218","22":"pa_gray-level-256-65536","23":"pa_kich-thuoc-3345100-mm","25":"first","26":"instock","27":"taxable","28":"shipping-taxable","29":"product-type-simple"},"yoast_head":"<!-- This site is optimized with the Yoast SEO Premium plugin v27.5 (Yoast SEO v27.5) - https:\/\/yoast.com\/product\/yoast-seo-premium-wordpress\/ -->\n<title>\u0110\u00e8n LED thanh VL-XT02 - Vilight Co.ltd<\/title>\n<meta name=\"description\" content=\"\u0110\u00e8n Led thanh VL-XT02 - S\u1ef1 k\u1ebft h\u1ee3p ho\u00e0n h\u1ea3o gi\u1eefa hi\u1ec7u su\u1ea5t, \u0111\u1ed9 b\u1ec1n v\u00e0 t\u00ednh linh ho\u1ea1t, l\u00e0 l\u1ef1a ch\u1ecdn l\u00fd t\u01b0\u1edfng cho vi\u1ec7c chi\u1ebfu s\u00e1ng cho nhi\u1ec1u \u1ee9ng d\u1ee5ng.\" \/>\n<meta name=\"robots\" content=\"index, follow, max-snippet:-1, max-image-preview:large, max-video-preview:-1\" \/>\n<link rel=\"canonical\" href=\"https:\/\/vilight.vn\/website\/san-pham\/den-led-pixel\/led-thanh\/xt-series\/den-led-thanh-vl-xt02\/\" \/>\n<meta property=\"og:locale\" content=\"vi_VN\" \/>\n<meta property=\"og:type\" content=\"article\" \/>\n<meta property=\"og:title\" content=\"\u0110\u00e8n LED thanh VL-XT02\" \/>\n<meta property=\"og:description\" content=\"\u0110\u00e8n Led thanh VL-XT02: Hi\u1ec7u su\u1ea5t cao, b\u1ec1n b\u1ec9 v\u00e0 linh ho\u1ea1t. Mang \u0111\u1ebfn \u00e1nh s\u00e1ng ch\u1ea5t l\u01b0\u1ee3ng, \u0111i\u1ec1u khi\u1ec3n \u0111a d\u1ea1ng, v\u00e0 kh\u1ea3 n\u0103ng ch\u1ed1ng n\u01b0\u1edbc IP67. L\u00e0 l\u1ef1a ch\u1ecdn tuy\u1ec7t v\u1eddi cho kh\u00f4ng gian chi\u1ebfu s\u00e1ng \u0111a n\u0103ng.\" \/>\n<meta property=\"og:url\" content=\"https:\/\/vilight.vn\/website\/san-pham\/den-led-pixel\/led-thanh\/xt-series\/den-led-thanh-vl-xt02\/\" \/>\n<meta property=\"og:site_name\" content=\"Vilight Co.ltd\" \/>\n<meta property=\"article:publisher\" content=\"http:\/\/facebook.com\/vilight.vn\" \/>\n<meta property=\"article:modified_time\" content=\"2024-10-01T08:48:34+00:00\" \/>\n<meta property=\"og:image\" content=\"https:\/\/vilight.vn\/website\/wp-content\/uploads\/2021\/06\/XT02-Logo.jpg\" \/>\n\t<meta property=\"og:image:width\" content=\"600\" \/>\n\t<meta property=\"og:image:height\" content=\"600\" \/>\n\t<meta property=\"og:image:type\" content=\"image\/jpeg\" \/>\n<meta name=\"twitter:card\" content=\"summary_large_image\" \/>\n<meta name=\"twitter:label1\" content=\"Gi\u00e1\" \/>\n\t<meta name=\"twitter:data1\" content=\"\" \/>\n\t<meta name=\"twitter:label2\" content=\"Kh\u1ea3 d\u1ee5ng\" \/>\n\t<meta name=\"twitter:data2\" content=\"Trong kho\" \/>\n<script type=\"application\/ld+json\" class=\"yoast-schema-graph\">{\"@context\":\"https:\\\/\\\/schema.org\",\"@graph\":[{\"@type\":\"WebPage\",\"@id\":\"https:\\\/\\\/vilight.vn\\\/website\\\/san-pham\\\/den-led-pixel\\\/led-thanh\\\/xt-series\\\/den-led-thanh-vl-xt02\\\/\",\"url\":\"https:\\\/\\\/vilight.vn\\\/website\\\/san-pham\\\/den-led-pixel\\\/led-thanh\\\/xt-series\\\/den-led-thanh-vl-xt02\\\/\",\"name\":\"\u0110\u00e8n LED thanh VL-XT02 - Vilight Co.ltd\",\"isPartOf\":{\"@id\":\"https:\\\/\\\/vilight.vn\\\/website\\\/#website\"},\"primaryImageOfPage\":{\"@id\":\"https:\\\/\\\/vilight.vn\\\/website\\\/san-pham\\\/den-led-pixel\\\/led-thanh\\\/xt-series\\\/den-led-thanh-vl-xt02\\\/#primaryimage\"},\"image\":{\"@id\":\"https:\\\/\\\/vilight.vn\\\/website\\\/san-pham\\\/den-led-pixel\\\/led-thanh\\\/xt-series\\\/den-led-thanh-vl-xt02\\\/#primaryimage\"},\"thumbnailUrl\":\"https:\\\/\\\/vilight.vn\\\/website\\\/wp-content\\\/uploads\\\/2021\\\/06\\\/XT02-Logo.jpg\",\"datePublished\":\"2021-06-27T03:20:34+00:00\",\"dateModified\":\"2024-10-01T08:48:34+00:00\",\"description\":\"\u0110\u00e8n Led thanh VL-XT02 - S\u1ef1 k\u1ebft h\u1ee3p ho\u00e0n h\u1ea3o gi\u1eefa hi\u1ec7u su\u1ea5t, \u0111\u1ed9 b\u1ec1n v\u00e0 t\u00ednh linh ho\u1ea1t, l\u00e0 l\u1ef1a ch\u1ecdn l\u00fd t\u01b0\u1edfng cho vi\u1ec7c chi\u1ebfu s\u00e1ng cho nhi\u1ec1u \u1ee9ng d\u1ee5ng.\",\"breadcrumb\":{\"@id\":\"https:\\\/\\\/vilight.vn\\\/website\\\/san-pham\\\/den-led-pixel\\\/led-thanh\\\/xt-series\\\/den-led-thanh-vl-xt02\\\/#breadcrumb\"},\"inLanguage\":\"vi\",\"potentialAction\":[{\"@type\":\"ReadAction\",\"target\":[\"https:\\\/\\\/vilight.vn\\\/website\\\/san-pham\\\/den-led-pixel\\\/led-thanh\\\/xt-series\\\/den-led-thanh-vl-xt02\\\/\"]}]},{\"@type\":\"ImageObject\",\"inLanguage\":\"vi\",\"@id\":\"https:\\\/\\\/vilight.vn\\\/website\\\/san-pham\\\/den-led-pixel\\\/led-thanh\\\/xt-series\\\/den-led-thanh-vl-xt02\\\/#primaryimage\",\"url\":\"https:\\\/\\\/vilight.vn\\\/website\\\/wp-content\\\/uploads\\\/2021\\\/06\\\/XT02-Logo.jpg\",\"contentUrl\":\"https:\\\/\\\/vilight.vn\\\/website\\\/wp-content\\\/uploads\\\/2021\\\/06\\\/XT02-Logo.jpg\",\"width\":600,\"height\":600,\"caption\":\"\u0110\u00e8n Led thanh VL-XT02\"},{\"@type\":\"BreadcrumbList\",\"@id\":\"https:\\\/\\\/vilight.vn\\\/website\\\/san-pham\\\/den-led-pixel\\\/led-thanh\\\/xt-series\\\/den-led-thanh-vl-xt02\\\/#breadcrumb\",\"itemListElement\":[{\"@type\":\"ListItem\",\"position\":1,\"name\":\"Home\",\"item\":\"https:\\\/\\\/vilight.vn\\\/website\\\/\"},{\"@type\":\"ListItem\",\"position\":2,\"name\":\"store\",\"item\":\"https:\\\/\\\/vilight.vn\\\/website\\\/store\\\/\"},{\"@type\":\"ListItem\",\"position\":3,\"name\":\"\u0110\u00e8n LED thanh VL-XT02\"}]},{\"@type\":\"WebSite\",\"@id\":\"https:\\\/\\\/vilight.vn\\\/website\\\/#website\",\"url\":\"https:\\\/\\\/vilight.vn\\\/website\\\/\",\"name\":\"Vilight Co.ltd\",\"description\":\"Chi\u1ebfu s\u00e1ng m\u1ef9 thu\u1eadt, chi\u1ebfu s\u00e1ng th\u00f4ng minh, LED Pixel 3D, chi\u1ebfu s\u00e1ng trang tr\u00ed \u0111\u00f4 th\u1ecb, chi\u1ebfu s\u00e1ng v\u00f2ng xoay, chi\u1ebfu s\u00e1ng \u0111\u1ea3o giao th\u00f4ng, c\u1ed5ng ch\u00e0o \u0111\u00f4 th\u1ecb\",\"publisher\":{\"@id\":\"https:\\\/\\\/vilight.vn\\\/website\\\/#organization\"},\"potentialAction\":[{\"@type\":\"SearchAction\",\"target\":{\"@type\":\"EntryPoint\",\"urlTemplate\":\"https:\\\/\\\/vilight.vn\\\/website\\\/?s={search_term_string}\"},\"query-input\":{\"@type\":\"PropertyValueSpecification\",\"valueRequired\":true,\"valueName\":\"search_term_string\"}}],\"inLanguage\":\"vi\"},{\"@type\":\"Organization\",\"@id\":\"https:\\\/\\\/vilight.vn\\\/website\\\/#organization\",\"name\":\"Vilight\",\"url\":\"https:\\\/\\\/vilight.vn\\\/website\\\/\",\"logo\":{\"@type\":\"ImageObject\",\"inLanguage\":\"vi\",\"@id\":\"https:\\\/\\\/vilight.vn\\\/website\\\/#\\\/schema\\\/logo\\\/image\\\/\",\"url\":\"https:\\\/\\\/vilight.vn\\\/website\\\/wp-content\\\/uploads\\\/2022\\\/05\\\/chieu_sang_trang_tri_do_thi_bang_den_led_pixel.png\",\"contentUrl\":\"https:\\\/\\\/vilight.vn\\\/website\\\/wp-content\\\/uploads\\\/2022\\\/05\\\/chieu_sang_trang_tri_do_thi_bang_den_led_pixel.png\",\"width\":800,\"height\":427,\"caption\":\"Vilight\"},\"image\":{\"@id\":\"https:\\\/\\\/vilight.vn\\\/website\\\/#\\\/schema\\\/logo\\\/image\\\/\"},\"sameAs\":[\"http:\\\/\\\/facebook.com\\\/vilight.vn\",\"https:\\\/\\\/www.linkedin.com\\\/company\\\/vilight-vn\",\"https:\\\/\\\/www.youtube.com\\\/channel\\\/UCEwR2naeDcuarMX1kSv_rLQ\\\/videos\"]}]}<\/script>\n<meta property=\"product:brand\" content=\"XT Series\" \/>\n<meta property=\"product:price:currency\" content=\"VND\" \/>\n<meta property=\"og:availability\" content=\"instock\" \/>\n<meta property=\"product:availability\" content=\"instock\" \/>\n<meta property=\"product:condition\" content=\"new\" \/>\n<!-- \/ Yoast SEO Premium plugin. -->","yoast_head_json":{"title":"\u0110\u00e8n LED thanh VL-XT02 - Vilight Co.ltd","description":"\u0110\u00e8n Led thanh VL-XT02 - S\u1ef1 k\u1ebft h\u1ee3p ho\u00e0n h\u1ea3o gi\u1eefa hi\u1ec7u su\u1ea5t, \u0111\u1ed9 b\u1ec1n v\u00e0 t\u00ednh linh ho\u1ea1t, l\u00e0 l\u1ef1a ch\u1ecdn l\u00fd t\u01b0\u1edfng cho vi\u1ec7c chi\u1ebfu s\u00e1ng cho nhi\u1ec1u \u1ee9ng d\u1ee5ng.","robots":{"index":"index","follow":"follow","max-snippet":"max-snippet:-1","max-image-preview":"max-image-preview:large","max-video-preview":"max-video-preview:-1"},"canonical":"https:\/\/vilight.vn\/website\/san-pham\/den-led-pixel\/led-thanh\/xt-series\/den-led-thanh-vl-xt02\/","og_locale":"vi_VN","og_type":"article","og_title":"\u0110\u00e8n LED thanh VL-XT02","og_description":"\u0110\u00e8n Led thanh VL-XT02: Hi\u1ec7u su\u1ea5t cao, b\u1ec1n b\u1ec9 v\u00e0 linh ho\u1ea1t. Mang \u0111\u1ebfn \u00e1nh s\u00e1ng ch\u1ea5t l\u01b0\u1ee3ng, \u0111i\u1ec1u khi\u1ec3n \u0111a d\u1ea1ng, v\u00e0 kh\u1ea3 n\u0103ng ch\u1ed1ng n\u01b0\u1edbc IP67. L\u00e0 l\u1ef1a ch\u1ecdn tuy\u1ec7t v\u1eddi cho kh\u00f4ng gian chi\u1ebfu s\u00e1ng \u0111a n\u0103ng.","og_url":"https:\/\/vilight.vn\/website\/san-pham\/den-led-pixel\/led-thanh\/xt-series\/den-led-thanh-vl-xt02\/","og_site_name":"Vilight Co.ltd","article_publisher":"http:\/\/facebook.com\/vilight.vn","article_modified_time":"2024-10-01T08:48:34+00:00","og_image":[{"width":600,"height":600,"url":"https:\/\/vilight.vn\/website\/wp-content\/uploads\/2021\/06\/XT02-Logo.jpg","type":"image\/jpeg"}],"twitter_card":"summary_large_image","twitter_misc":{"Gi\u00e1":"","Kh\u1ea3 d\u1ee5ng":"Trong kho"},"schema":{"@context":"https:\/\/schema.org","@graph":[{"@type":"WebPage","@id":"https:\/\/vilight.vn\/website\/san-pham\/den-led-pixel\/led-thanh\/xt-series\/den-led-thanh-vl-xt02\/","url":"https:\/\/vilight.vn\/website\/san-pham\/den-led-pixel\/led-thanh\/xt-series\/den-led-thanh-vl-xt02\/","name":"\u0110\u00e8n LED thanh VL-XT02 - Vilight Co.ltd","isPartOf":{"@id":"https:\/\/vilight.vn\/website\/#website"},"primaryImageOfPage":{"@id":"https:\/\/vilight.vn\/website\/san-pham\/den-led-pixel\/led-thanh\/xt-series\/den-led-thanh-vl-xt02\/#primaryimage"},"image":{"@id":"https:\/\/vilight.vn\/website\/san-pham\/den-led-pixel\/led-thanh\/xt-series\/den-led-thanh-vl-xt02\/#primaryimage"},"thumbnailUrl":"https:\/\/vilight.vn\/website\/wp-content\/uploads\/2021\/06\/XT02-Logo.jpg","datePublished":"2021-06-27T03:20:34+00:00","dateModified":"2024-10-01T08:48:34+00:00","description":"\u0110\u00e8n Led thanh VL-XT02 - S\u1ef1 k\u1ebft h\u1ee3p ho\u00e0n h\u1ea3o gi\u1eefa hi\u1ec7u su\u1ea5t, \u0111\u1ed9 b\u1ec1n v\u00e0 t\u00ednh linh ho\u1ea1t, l\u00e0 l\u1ef1a ch\u1ecdn l\u00fd t\u01b0\u1edfng cho vi\u1ec7c chi\u1ebfu s\u00e1ng cho nhi\u1ec1u \u1ee9ng d\u1ee5ng.","breadcrumb":{"@id":"https:\/\/vilight.vn\/website\/san-pham\/den-led-pixel\/led-thanh\/xt-series\/den-led-thanh-vl-xt02\/#breadcrumb"},"inLanguage":"vi","potentialAction":[{"@type":"ReadAction","target":["https:\/\/vilight.vn\/website\/san-pham\/den-led-pixel\/led-thanh\/xt-series\/den-led-thanh-vl-xt02\/"]}]},{"@type":"ImageObject","inLanguage":"vi","@id":"https:\/\/vilight.vn\/website\/san-pham\/den-led-pixel\/led-thanh\/xt-series\/den-led-thanh-vl-xt02\/#primaryimage","url":"https:\/\/vilight.vn\/website\/wp-content\/uploads\/2021\/06\/XT02-Logo.jpg","contentUrl":"https:\/\/vilight.vn\/website\/wp-content\/uploads\/2021\/06\/XT02-Logo.jpg","width":600,"height":600,"caption":"\u0110\u00e8n Led thanh VL-XT02"},{"@type":"BreadcrumbList","@id":"https:\/\/vilight.vn\/website\/san-pham\/den-led-pixel\/led-thanh\/xt-series\/den-led-thanh-vl-xt02\/#breadcrumb","itemListElement":[{"@type":"ListItem","position":1,"name":"Home","item":"https:\/\/vilight.vn\/website\/"},{"@type":"ListItem","position":2,"name":"store","item":"https:\/\/vilight.vn\/website\/store\/"},{"@type":"ListItem","position":3,"name":"\u0110\u00e8n LED thanh VL-XT02"}]},{"@type":"WebSite","@id":"https:\/\/vilight.vn\/website\/#website","url":"https:\/\/vilight.vn\/website\/","name":"Vilight Co.ltd","description":"Chi\u1ebfu s\u00e1ng m\u1ef9 thu\u1eadt, chi\u1ebfu s\u00e1ng th\u00f4ng minh, LED Pixel 3D, chi\u1ebfu s\u00e1ng trang tr\u00ed \u0111\u00f4 th\u1ecb, chi\u1ebfu s\u00e1ng v\u00f2ng xoay, chi\u1ebfu s\u00e1ng \u0111\u1ea3o giao th\u00f4ng, c\u1ed5ng ch\u00e0o \u0111\u00f4 th\u1ecb","publisher":{"@id":"https:\/\/vilight.vn\/website\/#organization"},"potentialAction":[{"@type":"SearchAction","target":{"@type":"EntryPoint","urlTemplate":"https:\/\/vilight.vn\/website\/?s={search_term_string}"},"query-input":{"@type":"PropertyValueSpecification","valueRequired":true,"valueName":"search_term_string"}}],"inLanguage":"vi"},{"@type":"Organization","@id":"https:\/\/vilight.vn\/website\/#organization","name":"Vilight","url":"https:\/\/vilight.vn\/website\/","logo":{"@type":"ImageObject","inLanguage":"vi","@id":"https:\/\/vilight.vn\/website\/#\/schema\/logo\/image\/","url":"https:\/\/vilight.vn\/website\/wp-content\/uploads\/2022\/05\/chieu_sang_trang_tri_do_thi_bang_den_led_pixel.png","contentUrl":"https:\/\/vilight.vn\/website\/wp-content\/uploads\/2022\/05\/chieu_sang_trang_tri_do_thi_bang_den_led_pixel.png","width":800,"height":427,"caption":"Vilight"},"image":{"@id":"https:\/\/vilight.vn\/website\/#\/schema\/logo\/image\/"},"sameAs":["http:\/\/facebook.com\/vilight.vn","https:\/\/www.linkedin.com\/company\/vilight-vn","https:\/\/www.youtube.com\/channel\/UCEwR2naeDcuarMX1kSv_rLQ\/videos"]}]},"product_brand":"XT Series","product_price_currency":"VND","og_availability":"instock","product_availability":"instock","product_condition":"new"},"_links":{"self":[{"href":"https:\/\/vilight.vn\/website\/wp-json\/wp\/v2\/product\/1356","targetHints":{"allow":["GET"]}}],"collection":[{"href":"https:\/\/vilight.vn\/website\/wp-json\/wp\/v2\/product"}],"about":[{"href":"https:\/\/vilight.vn\/website\/wp-json\/wp\/v2\/types\/product"}],"wp:featuredmedia":[{"embeddable":true,"href":"https:\/\/vilight.vn\/website\/wp-json\/wp\/v2\/media\/1357"}],"wp:attachment":[{"href":"https:\/\/vilight.vn\/website\/wp-json\/wp\/v2\/media?parent=1356"}],"wp:term":[{"taxonomy":"product_brand","embeddable":true,"href":"https:\/\/vilight.vn\/website\/wp-json\/wp\/v2\/product_brand?post=1356"},{"taxonomy":"product_cat","embeddable":true,"href":"https:\/\/vilight.vn\/website\/wp-json\/wp\/v2\/product_cat?post=1356"},{"taxonomy":"product_tag","embeddable":true,"href":"https:\/\/vilight.vn\/website\/wp-json\/wp\/v2\/product_tag?post=1356"}],"curies":[{"name":"wp","href":"https:\/\/api.w.org\/{rel}","templated":true}]}}