{"id":1371,"date":"2021-06-27T10:50:01","date_gmt":"2021-06-27T03:50:01","guid":{"rendered":"https:\/\/vilight.vn\/website\/?post_type=product&#038;p=1371"},"modified":"2024-10-01T15:58:00","modified_gmt":"2024-10-01T08:58:00","slug":"den-led-thanh-vl-xt06","status":"publish","type":"product","link":"https:\/\/vilight.vn\/website\/san-pham\/den-led-pixel\/led-thanh\/xt-series\/den-led-thanh-vl-xt06\/","title":{"rendered":"\u0110\u00e8n LED thanh VL-XT06"},"content":{"rendered":"<h2 style=\"text-align: justify;\"><span style=\"font-size: 18pt;\">Gi\u1edbi thi\u1ec7u \u0111\u00e8n Led thanh VL-XT06 v\u1edbi c\u00e1c th\u00f4ng s\u1ed1 chi ti\u1ebft<\/span><\/h2>\n<p style=\"text-align: justify;\"><span style=\"font-size: 14pt;\">\u0110\u00e8n Led VL-XT06 l\u00e0 m\u1ed9t s\u1ea3n ph\u1ea9m chi\u1ebfu s\u00e1ng ch\u1ea5t l\u01b0\u1ee3ng cao, \u0111\u01b0\u1ee3c thi\u1ebft k\u1ebf \u0111\u1ec3 cung c\u1ea5p \u00e1nh s\u00e1ng m\u1ea1nh m\u1ebd v\u00e0 \u0111\u00e1ng tin c\u1eady trong m\u1ed9t lo\u1ea1t c\u00e1c \u1ee9ng d\u1ee5ng. V\u1edbi c\u00e1c t\u00ednh n\u0103ng v\u00e0 th\u00f4ng s\u1ed1 k\u1ef9 thu\u1eadt \u0111a d\u1ea1ng, \u0111\u00e8n Led thanh VL-XT06 th\u1ef1c s\u1ef1 l\u00e0 m\u1ed9t l\u1ef1a ch\u1ecdn tuy\u1ec7t v\u1eddi cho c\u00e1c d\u1ef1 \u00e1n chi\u1ebfu s\u00e1ng.<\/span><\/p>\n<p style=\"text-align: justify;\"><span style=\"font-size: 14pt;\">S\u1ea3n ph\u1ea9m \u0111\u01b0\u1ee3c trang b\u1ecb c\u00e1c chip LED h\u00e0ng \u0111\u1ea7u t\u1eeb c\u00e1c nh\u00e0 s\u1ea3n xu\u1ea5t uy t\u00edn nh\u01b0 CREE, Epistar v\u00e0 Osram. Nh\u1edd v\u00e0o vi\u1ec7c s\u1eed d\u1ee5ng nh\u1eefng chip LED ch\u1ea5t l\u01b0\u1ee3ng cao n\u00e0y, \u0111\u00e8n Led thanh VL-XT06 mang l\u1ea1i hi\u1ec7u su\u1ea5t chi\u1ebfu s\u00e1ng \u1ea5n t\u01b0\u1ee3ng v\u00e0 m\u00e0u s\u1eafc trung th\u1ef1c.<\/span><\/p>\n<p style=\"text-align: justify;\"><span style=\"font-size: 14pt;\">\u0110\u00e8n Led VL-XT06 h\u1ed7 tr\u1ee3 nhi\u1ec1u chu\u1ea9n \u0111i\u1ec1u khi\u1ec3n, bao g\u1ed3m DMX, TTL v\u00e0 ON-OFF, gi\u00fap ng\u01b0\u1eddi d\u00f9ng d\u1ec5 d\u00e0ng t\u01b0\u01a1ng t\u00e1c v\u00e0 \u0111i\u1ec1u ch\u1ec9nh \u00e1nh s\u00e1ng theo \u00fd mu\u1ed1n. V\u1edbi c\u00f4ng su\u1ea5t \u0111\u1ea7u v\u00e0o 12W, 15W ho\u1eb7c 9W, s\u1ea3n ph\u1ea9m n\u00e0y cung c\u1ea5p \u0111\u1ee7 s\u1ee9c m\u1ea1nh \u0111\u1ec3 chi\u1ebfu s\u00e1ng m\u1ed9t khu v\u1ef1c l\u1edbn m\u00e0 v\u1eabn ti\u1ebft ki\u1ec7m n\u0103ng l\u01b0\u1ee3ng.<\/span><\/p>\n<p style=\"text-align: justify;\"><span style=\"font-size: 14pt;\">\u0110\u00e8n Led VL-XT06 ho\u1ea1t \u0111\u1ed9ng \u1edf \u0111i\u1ec7n \u00e1p 24VDC ho\u1eb7c 48VDC, \u0111i\u1ec1u n\u00e0y mang l\u1ea1i t\u00ednh linh ho\u1ea1t cao cho vi\u1ec7c l\u1eafp \u0111\u1eb7t v\u00e0 s\u1eed d\u1ee5ng trong nhi\u1ec1u m\u00f4i tr\u01b0\u1eddng kh\u00e1c nhau. V\u1edbi \u0111\u1ed9 k\u00edn IP67, s\u1ea3n ph\u1ea9m n\u00e0y \u0111\u01b0\u1ee3c b\u1ea3o v\u1ec7 ch\u1ed1ng l\u1ea1i b\u1ee5i, n\u01b0\u1edbc v\u00e0 c\u00e1c y\u1ebfu t\u1ed1 m\u00f4i tr\u01b0\u1eddng kh\u00e1c, cho ph\u00e9p n\u00f3 ho\u1ea1t \u0111\u1ed9ng \u0111\u00e1ng tin c\u1eady trong \u0111i\u1ec1u ki\u1ec7n kh\u1eafc nghi\u1ec7t.<\/span><\/p>\n<p style=\"text-align: justify;\"><span style=\"font-size: 14pt;\">G\u00f3c chi\u1ebfu r\u1ed9ng h\u01a1n ho\u1eb7c b\u1eb1ng 100\u00b0 gi\u00fap \u0111\u00e8n Led thanh VL-XT06 ph\u00e1t ra \u00e1nh s\u00e1ng ph\u00e2n b\u1ed5 \u0111\u1ed3ng \u0111\u1ec1u tr\u00ean di\u1ec7n t\u00edch chi\u1ebfu s\u00e1ng. V\u1edbi m\u1ee9c Gray Level l\u00ean \u0111\u1ebfn 256\/65536, s\u1ea3n ph\u1ea9m n\u00e0y cung c\u1ea5p kh\u1ea3 n\u0103ng \u0111i\u1ec1u ch\u1ec9nh \u0111\u1ed9 s\u00e1ng linh ho\u1ea1t, t\u1eeb \u00e1nh s\u00e1ng m\u1edd nh\u1eb9 \u0111\u1ebfn \u00e1nh s\u00e1ng s\u00e1ng r\u1ef1c r\u1ee1.<\/span><\/p>\n<p style=\"text-align: justify;\"><span style=\"font-size: 14pt;\">\u0110\u00e8n VL-XT06 c\u00f3 tu\u1ed5i th\u1ecd d\u00e0i l\u00ean \u0111\u1ebfn 50.000 gi\u1edd, gi\u00fap gi\u1ea3m chi ph\u00ed b\u1ea3o tr\u00ec v\u00e0 thay th\u1ebf. S\u1ea3n ph\u1ea9m c\u0169ng tu\u00e2n th\u1ee7 c\u00e1c ti\u00eau chu\u1ea9n an to\u00e0n cao, v\u1edbi c\u1ea5p ch\u1ed1ng ch\u00e1<\/span><span style=\"font-size: 14pt;\">y 94-V0 v\u00e0 c\u1ea5p c\u00e1ch \u0111i\u1ec7n III.<\/span><\/p>\n<p style=\"text-align: justify;\"><span style=\"font-size: 14pt;\">V\u1edbi nh\u1eefng t\u00ednh n\u0103ng v\u00e0 th\u00f4ng s\u1ed1 k\u1ef9 thu\u1eadt \u1ea5n t\u01b0\u1ee3ng, \u0111\u00e8n Led VL-XT06 l\u00e0 m\u1ed9t l\u1ef1a ch\u1ecdn tuy\u1ec7t v\u1eddi cho c\u00e1c d\u1ef1 \u00e1n chi\u1ebfu s\u00e1ng chuy\u00ean nghi\u1ec7p. D\u00f9 b\u1ea1n c\u1ea7n \u00e1nh s\u00e1ng m\u1ea1nh m\u1ebd cho s\u00e2n kh\u1ea5u, \u00e1nh s\u00e1ng t\u1ea1o \u0111i\u1ec3m nh\u1ea5n trong kh\u00f4ng gian n\u1ed9i th\u1ea5t ho\u1eb7c \u00e1nh s\u00e1ng ngo\u1ea1i th\u1ea5t b\u1ec1n b\u1ec9, \u0111\u00e8n Led thanh VL-XT06 s\u1ebd \u0111\u00e1p \u1ee9ng m\u1ecdi y\u00eau c\u1ea7u c\u1ee7a b\u1ea1n m\u1ed9t c\u00e1ch xu\u1ea5t s\u1eafc.<\/span><\/p>\n<p style=\"text-align: justify;\"><span style=\"font-size: 14pt;\"><a href=\"https:\/\/vilight.vn\/website\/wp-content\/uploads\/2021\/06\/XT06-TT.jpg\"><img decoding=\"async\" class=\"aligncenter wp-image-1373 lazyload\" data-src=\"https:\/\/vilight.vn\/website\/wp-content\/uploads\/2021\/06\/XT06-TT.jpg\" alt=\"\u0110\u00e8n Led thanh VL-XT06\" width=\"1500\" height=\"1161\" data-srcset=\"https:\/\/vilight.vn\/website\/wp-content\/uploads\/2021\/06\/XT06-TT.jpg 1200w, https:\/\/vilight.vn\/website\/wp-content\/uploads\/2021\/06\/XT06-TT-800x619.jpg 800w, https:\/\/vilight.vn\/website\/wp-content\/uploads\/2021\/06\/XT06-TT-300x232.jpg 300w, https:\/\/vilight.vn\/website\/wp-content\/uploads\/2021\/06\/XT06-TT-1024x793.jpg 1024w, https:\/\/vilight.vn\/website\/wp-content\/uploads\/2021\/06\/XT06-TT-768x595.jpg 768w, https:\/\/vilight.vn\/website\/wp-content\/uploads\/2021\/06\/XT06-TT-16x12.jpg 16w, https:\/\/vilight.vn\/website\/wp-content\/uploads\/2021\/06\/XT06-TT-189x146.jpg 189w, https:\/\/vilight.vn\/website\/wp-content\/uploads\/2021\/06\/XT06-TT-50x39.jpg 50w, https:\/\/vilight.vn\/website\/wp-content\/uploads\/2021\/06\/XT06-TT-97x75.jpg 97w, https:\/\/vilight.vn\/website\/wp-content\/uploads\/2021\/06\/XT06-TT-600x465.jpg 600w\" data-sizes=\"(max-width:767px) 480px, (max-width:1500px) 100vw, 1500px\" src=\"data:image\/svg+xml;base64,PHN2ZyB3aWR0aD0iMSIgaGVpZ2h0PSIxIiB4bWxucz0iaHR0cDovL3d3dy53My5vcmcvMjAwMC9zdmciPjwvc3ZnPg==\" style=\"--smush-placeholder-width: 1500px; --smush-placeholder-aspect-ratio: 1500\/1161;\" \/><\/a><\/span><\/p>\n<p style=\"text-align: justify;\">\n","protected":false},"excerpt":{"rendered":"<p style=\"text-align: justify;\"><span style=\"font-size: 14pt;\">\u0110\u00e8n LED thanh VL-XT06 &#8211; S\u1ef1 k\u1ebft h\u1ee3p ho\u00e0n h\u1ea3o gi\u1eefa hi\u1ec7u su\u1ea5t v\u00e0 \u0111\u1ed9 b\u1ec1n. V\u1edbi chip LED h\u00e0ng \u0111\u1ea7u, c\u00f4ng su\u1ea5t linh ho\u1ea1t, v\u00e0 kh\u1ea3 n\u0103ng \u0111i\u1ec1u ch\u1ec9nh \u0111a d\u1ea1ng, \u0111\u00e8n n\u00e0y mang \u0111\u1ebfn \u00e1nh s\u00e1ng ch\u1ea5t l\u01b0\u1ee3ng cao cho m\u1ecdi \u1ee9ng d\u1ee5ng chi\u1ebfu s\u00e1ng.<\/span><\/p>\n","protected":false},"featured_media":1372,"template":"","meta":[],"product_brand":[],"product_cat":[77,189,190],"product_tag":[478],"class_list":{"0":"post-1371","1":"product","2":"type-product","3":"status-publish","4":"has-post-thumbnail","6":"product_cat-den-led-pixel","7":"product_cat-led-thanh","8":"product_cat-xt-series","9":"product_tag-den-led-thanh-vl-xt06","10":"pa_chip-led-cree","11":"pa_chip-led-epistar","12":"pa_chip-led-oram","13":"pa_chuan-dieu-khien-dmx","14":"pa_chuan-dieu-khien-on-off","15":"pa_chuan-dieu-khien-ttl","16":"pa_cong-suat-12w","17":"pa_cong-suat-15w","18":"pa_cong-suat-9w","19":"pa_dien-ap-hoat-dong-24vdc","20":"pa_dien-ap-hoat-dong-48vdc","21":"pa_do-kin-ip67","22":"pa_goc-chieu-218","23":"pa_gray-level-256-65536","24":"pa_kich-thuoc-24301000-mm","26":"first","27":"instock","28":"taxable","29":"shipping-taxable","30":"product-type-simple"},"yoast_head":"<!-- This site is optimized with the Yoast SEO Premium plugin v27.5 (Yoast SEO v27.5) - https:\/\/yoast.com\/product\/yoast-seo-premium-wordpress\/ -->\n<title>\u0110\u00e8n LED thanh VL-XT06 - Vilight Co.ltd<\/title>\n<meta name=\"description\" content=\"\u0110\u00e8n LED thanh VL-XT06 l\u00e0 m\u1ed9t l\u1ef1a ch\u1ecdn tuy\u1ec7t v\u1eddi cho c\u00e1c d\u1ef1 \u00e1n chi\u1ebfu s\u00e1ng chuy\u00ean nghi\u1ec7p nh\u01b0 s\u00e2n kh\u1ea5u, kh\u00f4ng gian n\u1ed9i th\u1ea5t hay ngo\u1ea1i th\u1ea5t.\" \/>\n<meta name=\"robots\" content=\"index, follow, max-snippet:-1, max-image-preview:large, max-video-preview:-1\" \/>\n<link rel=\"canonical\" href=\"https:\/\/vilight.vn\/website\/san-pham\/den-led-pixel\/led-thanh\/xt-series\/den-led-thanh-vl-xt06\/\" \/>\n<meta property=\"og:locale\" content=\"vi_VN\" \/>\n<meta property=\"og:type\" content=\"article\" \/>\n<meta property=\"og:title\" content=\"\u0110\u00e8n LED thanh VL-XT06\" \/>\n<meta property=\"og:description\" content=\"\u0110\u00e8n LED thanh VL-XT06 - S\u1ef1 k\u1ebft h\u1ee3p ho\u00e0n h\u1ea3o gi\u1eefa hi\u1ec7u su\u1ea5t v\u00e0 \u0111\u1ed9 b\u1ec1n. V\u1edbi chip LED h\u00e0ng \u0111\u1ea7u, c\u00f4ng su\u1ea5t linh ho\u1ea1t, v\u00e0 kh\u1ea3 n\u0103ng \u0111i\u1ec1u ch\u1ec9nh \u0111a d\u1ea1ng, \u0111\u00e8n n\u00e0y mang \u0111\u1ebfn \u00e1nh s\u00e1ng ch\u1ea5t l\u01b0\u1ee3ng cao cho m\u1ecdi \u1ee9ng d\u1ee5ng chi\u1ebfu s\u00e1ng.\" \/>\n<meta property=\"og:url\" content=\"https:\/\/vilight.vn\/website\/san-pham\/den-led-pixel\/led-thanh\/xt-series\/den-led-thanh-vl-xt06\/\" \/>\n<meta property=\"og:site_name\" content=\"Vilight Co.ltd\" \/>\n<meta property=\"article:publisher\" content=\"http:\/\/facebook.com\/vilight.vn\" \/>\n<meta property=\"article:modified_time\" content=\"2024-10-01T08:58:00+00:00\" \/>\n<meta property=\"og:image\" content=\"https:\/\/vilight.vn\/website\/wp-content\/uploads\/2021\/06\/XT06-Logo.jpg\" \/>\n\t<meta property=\"og:image:width\" content=\"600\" \/>\n\t<meta property=\"og:image:height\" content=\"600\" \/>\n\t<meta property=\"og:image:type\" content=\"image\/jpeg\" \/>\n<meta name=\"twitter:card\" content=\"summary_large_image\" \/>\n<meta name=\"twitter:label1\" content=\"Gi\u00e1\" \/>\n\t<meta name=\"twitter:data1\" content=\"\" \/>\n\t<meta name=\"twitter:label2\" content=\"Kh\u1ea3 d\u1ee5ng\" \/>\n\t<meta name=\"twitter:data2\" content=\"Trong kho\" \/>\n<script type=\"application\/ld+json\" class=\"yoast-schema-graph\">{\"@context\":\"https:\\\/\\\/schema.org\",\"@graph\":[{\"@type\":\"WebPage\",\"@id\":\"https:\\\/\\\/vilight.vn\\\/website\\\/san-pham\\\/den-led-pixel\\\/led-thanh\\\/xt-series\\\/den-led-thanh-vl-xt06\\\/\",\"url\":\"https:\\\/\\\/vilight.vn\\\/website\\\/san-pham\\\/den-led-pixel\\\/led-thanh\\\/xt-series\\\/den-led-thanh-vl-xt06\\\/\",\"name\":\"\u0110\u00e8n LED thanh VL-XT06 - Vilight Co.ltd\",\"isPartOf\":{\"@id\":\"https:\\\/\\\/vilight.vn\\\/website\\\/#website\"},\"primaryImageOfPage\":{\"@id\":\"https:\\\/\\\/vilight.vn\\\/website\\\/san-pham\\\/den-led-pixel\\\/led-thanh\\\/xt-series\\\/den-led-thanh-vl-xt06\\\/#primaryimage\"},\"image\":{\"@id\":\"https:\\\/\\\/vilight.vn\\\/website\\\/san-pham\\\/den-led-pixel\\\/led-thanh\\\/xt-series\\\/den-led-thanh-vl-xt06\\\/#primaryimage\"},\"thumbnailUrl\":\"https:\\\/\\\/vilight.vn\\\/website\\\/wp-content\\\/uploads\\\/2021\\\/06\\\/XT06-Logo.jpg\",\"datePublished\":\"2021-06-27T03:50:01+00:00\",\"dateModified\":\"2024-10-01T08:58:00+00:00\",\"description\":\"\u0110\u00e8n LED thanh VL-XT06 l\u00e0 m\u1ed9t l\u1ef1a ch\u1ecdn tuy\u1ec7t v\u1eddi cho c\u00e1c d\u1ef1 \u00e1n chi\u1ebfu s\u00e1ng chuy\u00ean nghi\u1ec7p nh\u01b0 s\u00e2n kh\u1ea5u, kh\u00f4ng gian n\u1ed9i th\u1ea5t hay ngo\u1ea1i th\u1ea5t.\",\"breadcrumb\":{\"@id\":\"https:\\\/\\\/vilight.vn\\\/website\\\/san-pham\\\/den-led-pixel\\\/led-thanh\\\/xt-series\\\/den-led-thanh-vl-xt06\\\/#breadcrumb\"},\"inLanguage\":\"vi\",\"potentialAction\":[{\"@type\":\"ReadAction\",\"target\":[\"https:\\\/\\\/vilight.vn\\\/website\\\/san-pham\\\/den-led-pixel\\\/led-thanh\\\/xt-series\\\/den-led-thanh-vl-xt06\\\/\"]}]},{\"@type\":\"ImageObject\",\"inLanguage\":\"vi\",\"@id\":\"https:\\\/\\\/vilight.vn\\\/website\\\/san-pham\\\/den-led-pixel\\\/led-thanh\\\/xt-series\\\/den-led-thanh-vl-xt06\\\/#primaryimage\",\"url\":\"https:\\\/\\\/vilight.vn\\\/website\\\/wp-content\\\/uploads\\\/2021\\\/06\\\/XT06-Logo.jpg\",\"contentUrl\":\"https:\\\/\\\/vilight.vn\\\/website\\\/wp-content\\\/uploads\\\/2021\\\/06\\\/XT06-Logo.jpg\",\"width\":600,\"height\":600},{\"@type\":\"BreadcrumbList\",\"@id\":\"https:\\\/\\\/vilight.vn\\\/website\\\/san-pham\\\/den-led-pixel\\\/led-thanh\\\/xt-series\\\/den-led-thanh-vl-xt06\\\/#breadcrumb\",\"itemListElement\":[{\"@type\":\"ListItem\",\"position\":1,\"name\":\"Home\",\"item\":\"https:\\\/\\\/vilight.vn\\\/website\\\/\"},{\"@type\":\"ListItem\",\"position\":2,\"name\":\"store\",\"item\":\"https:\\\/\\\/vilight.vn\\\/website\\\/store\\\/\"},{\"@type\":\"ListItem\",\"position\":3,\"name\":\"\u0110\u00e8n LED thanh VL-XT06\"}]},{\"@type\":\"WebSite\",\"@id\":\"https:\\\/\\\/vilight.vn\\\/website\\\/#website\",\"url\":\"https:\\\/\\\/vilight.vn\\\/website\\\/\",\"name\":\"Vilight Co.ltd\",\"description\":\"Chi\u1ebfu s\u00e1ng m\u1ef9 thu\u1eadt, chi\u1ebfu s\u00e1ng th\u00f4ng minh, LED Pixel 3D, chi\u1ebfu s\u00e1ng trang tr\u00ed \u0111\u00f4 th\u1ecb, chi\u1ebfu s\u00e1ng v\u00f2ng xoay, chi\u1ebfu s\u00e1ng \u0111\u1ea3o giao th\u00f4ng, c\u1ed5ng ch\u00e0o \u0111\u00f4 th\u1ecb\",\"publisher\":{\"@id\":\"https:\\\/\\\/vilight.vn\\\/website\\\/#organization\"},\"potentialAction\":[{\"@type\":\"SearchAction\",\"target\":{\"@type\":\"EntryPoint\",\"urlTemplate\":\"https:\\\/\\\/vilight.vn\\\/website\\\/?s={search_term_string}\"},\"query-input\":{\"@type\":\"PropertyValueSpecification\",\"valueRequired\":true,\"valueName\":\"search_term_string\"}}],\"inLanguage\":\"vi\"},{\"@type\":\"Organization\",\"@id\":\"https:\\\/\\\/vilight.vn\\\/website\\\/#organization\",\"name\":\"Vilight\",\"url\":\"https:\\\/\\\/vilight.vn\\\/website\\\/\",\"logo\":{\"@type\":\"ImageObject\",\"inLanguage\":\"vi\",\"@id\":\"https:\\\/\\\/vilight.vn\\\/website\\\/#\\\/schema\\\/logo\\\/image\\\/\",\"url\":\"https:\\\/\\\/vilight.vn\\\/website\\\/wp-content\\\/uploads\\\/2022\\\/05\\\/chieu_sang_trang_tri_do_thi_bang_den_led_pixel.png\",\"contentUrl\":\"https:\\\/\\\/vilight.vn\\\/website\\\/wp-content\\\/uploads\\\/2022\\\/05\\\/chieu_sang_trang_tri_do_thi_bang_den_led_pixel.png\",\"width\":800,\"height\":427,\"caption\":\"Vilight\"},\"image\":{\"@id\":\"https:\\\/\\\/vilight.vn\\\/website\\\/#\\\/schema\\\/logo\\\/image\\\/\"},\"sameAs\":[\"http:\\\/\\\/facebook.com\\\/vilight.vn\",\"https:\\\/\\\/www.linkedin.com\\\/company\\\/vilight-vn\",\"https:\\\/\\\/www.youtube.com\\\/channel\\\/UCEwR2naeDcuarMX1kSv_rLQ\\\/videos\"]}]}<\/script>\n<meta property=\"product:brand\" content=\"XT Series\" \/>\n<meta property=\"product:price:currency\" content=\"VND\" \/>\n<meta property=\"og:availability\" content=\"instock\" \/>\n<meta property=\"product:availability\" content=\"instock\" \/>\n<meta property=\"product:condition\" content=\"new\" \/>\n<!-- \/ Yoast SEO Premium plugin. -->","yoast_head_json":{"title":"\u0110\u00e8n LED thanh VL-XT06 - Vilight Co.ltd","description":"\u0110\u00e8n LED thanh VL-XT06 l\u00e0 m\u1ed9t l\u1ef1a ch\u1ecdn tuy\u1ec7t v\u1eddi cho c\u00e1c d\u1ef1 \u00e1n chi\u1ebfu s\u00e1ng chuy\u00ean nghi\u1ec7p nh\u01b0 s\u00e2n kh\u1ea5u, kh\u00f4ng gian n\u1ed9i th\u1ea5t hay ngo\u1ea1i th\u1ea5t.","robots":{"index":"index","follow":"follow","max-snippet":"max-snippet:-1","max-image-preview":"max-image-preview:large","max-video-preview":"max-video-preview:-1"},"canonical":"https:\/\/vilight.vn\/website\/san-pham\/den-led-pixel\/led-thanh\/xt-series\/den-led-thanh-vl-xt06\/","og_locale":"vi_VN","og_type":"article","og_title":"\u0110\u00e8n LED thanh VL-XT06","og_description":"\u0110\u00e8n LED thanh VL-XT06 - S\u1ef1 k\u1ebft h\u1ee3p ho\u00e0n h\u1ea3o gi\u1eefa hi\u1ec7u su\u1ea5t v\u00e0 \u0111\u1ed9 b\u1ec1n. V\u1edbi chip LED h\u00e0ng \u0111\u1ea7u, c\u00f4ng su\u1ea5t linh ho\u1ea1t, v\u00e0 kh\u1ea3 n\u0103ng \u0111i\u1ec1u ch\u1ec9nh \u0111a d\u1ea1ng, \u0111\u00e8n n\u00e0y mang \u0111\u1ebfn \u00e1nh s\u00e1ng ch\u1ea5t l\u01b0\u1ee3ng cao cho m\u1ecdi \u1ee9ng d\u1ee5ng chi\u1ebfu s\u00e1ng.","og_url":"https:\/\/vilight.vn\/website\/san-pham\/den-led-pixel\/led-thanh\/xt-series\/den-led-thanh-vl-xt06\/","og_site_name":"Vilight Co.ltd","article_publisher":"http:\/\/facebook.com\/vilight.vn","article_modified_time":"2024-10-01T08:58:00+00:00","og_image":[{"width":600,"height":600,"url":"https:\/\/vilight.vn\/website\/wp-content\/uploads\/2021\/06\/XT06-Logo.jpg","type":"image\/jpeg"}],"twitter_card":"summary_large_image","twitter_misc":{"Gi\u00e1":"","Kh\u1ea3 d\u1ee5ng":"Trong kho"},"schema":{"@context":"https:\/\/schema.org","@graph":[{"@type":"WebPage","@id":"https:\/\/vilight.vn\/website\/san-pham\/den-led-pixel\/led-thanh\/xt-series\/den-led-thanh-vl-xt06\/","url":"https:\/\/vilight.vn\/website\/san-pham\/den-led-pixel\/led-thanh\/xt-series\/den-led-thanh-vl-xt06\/","name":"\u0110\u00e8n LED thanh VL-XT06 - Vilight Co.ltd","isPartOf":{"@id":"https:\/\/vilight.vn\/website\/#website"},"primaryImageOfPage":{"@id":"https:\/\/vilight.vn\/website\/san-pham\/den-led-pixel\/led-thanh\/xt-series\/den-led-thanh-vl-xt06\/#primaryimage"},"image":{"@id":"https:\/\/vilight.vn\/website\/san-pham\/den-led-pixel\/led-thanh\/xt-series\/den-led-thanh-vl-xt06\/#primaryimage"},"thumbnailUrl":"https:\/\/vilight.vn\/website\/wp-content\/uploads\/2021\/06\/XT06-Logo.jpg","datePublished":"2021-06-27T03:50:01+00:00","dateModified":"2024-10-01T08:58:00+00:00","description":"\u0110\u00e8n LED thanh VL-XT06 l\u00e0 m\u1ed9t l\u1ef1a ch\u1ecdn tuy\u1ec7t v\u1eddi cho c\u00e1c d\u1ef1 \u00e1n chi\u1ebfu s\u00e1ng chuy\u00ean nghi\u1ec7p nh\u01b0 s\u00e2n kh\u1ea5u, kh\u00f4ng gian n\u1ed9i th\u1ea5t hay ngo\u1ea1i th\u1ea5t.","breadcrumb":{"@id":"https:\/\/vilight.vn\/website\/san-pham\/den-led-pixel\/led-thanh\/xt-series\/den-led-thanh-vl-xt06\/#breadcrumb"},"inLanguage":"vi","potentialAction":[{"@type":"ReadAction","target":["https:\/\/vilight.vn\/website\/san-pham\/den-led-pixel\/led-thanh\/xt-series\/den-led-thanh-vl-xt06\/"]}]},{"@type":"ImageObject","inLanguage":"vi","@id":"https:\/\/vilight.vn\/website\/san-pham\/den-led-pixel\/led-thanh\/xt-series\/den-led-thanh-vl-xt06\/#primaryimage","url":"https:\/\/vilight.vn\/website\/wp-content\/uploads\/2021\/06\/XT06-Logo.jpg","contentUrl":"https:\/\/vilight.vn\/website\/wp-content\/uploads\/2021\/06\/XT06-Logo.jpg","width":600,"height":600},{"@type":"BreadcrumbList","@id":"https:\/\/vilight.vn\/website\/san-pham\/den-led-pixel\/led-thanh\/xt-series\/den-led-thanh-vl-xt06\/#breadcrumb","itemListElement":[{"@type":"ListItem","position":1,"name":"Home","item":"https:\/\/vilight.vn\/website\/"},{"@type":"ListItem","position":2,"name":"store","item":"https:\/\/vilight.vn\/website\/store\/"},{"@type":"ListItem","position":3,"name":"\u0110\u00e8n LED thanh VL-XT06"}]},{"@type":"WebSite","@id":"https:\/\/vilight.vn\/website\/#website","url":"https:\/\/vilight.vn\/website\/","name":"Vilight Co.ltd","description":"Chi\u1ebfu s\u00e1ng m\u1ef9 thu\u1eadt, chi\u1ebfu s\u00e1ng th\u00f4ng minh, LED Pixel 3D, chi\u1ebfu s\u00e1ng trang tr\u00ed \u0111\u00f4 th\u1ecb, chi\u1ebfu s\u00e1ng v\u00f2ng xoay, chi\u1ebfu s\u00e1ng \u0111\u1ea3o giao th\u00f4ng, c\u1ed5ng ch\u00e0o \u0111\u00f4 th\u1ecb","publisher":{"@id":"https:\/\/vilight.vn\/website\/#organization"},"potentialAction":[{"@type":"SearchAction","target":{"@type":"EntryPoint","urlTemplate":"https:\/\/vilight.vn\/website\/?s={search_term_string}"},"query-input":{"@type":"PropertyValueSpecification","valueRequired":true,"valueName":"search_term_string"}}],"inLanguage":"vi"},{"@type":"Organization","@id":"https:\/\/vilight.vn\/website\/#organization","name":"Vilight","url":"https:\/\/vilight.vn\/website\/","logo":{"@type":"ImageObject","inLanguage":"vi","@id":"https:\/\/vilight.vn\/website\/#\/schema\/logo\/image\/","url":"https:\/\/vilight.vn\/website\/wp-content\/uploads\/2022\/05\/chieu_sang_trang_tri_do_thi_bang_den_led_pixel.png","contentUrl":"https:\/\/vilight.vn\/website\/wp-content\/uploads\/2022\/05\/chieu_sang_trang_tri_do_thi_bang_den_led_pixel.png","width":800,"height":427,"caption":"Vilight"},"image":{"@id":"https:\/\/vilight.vn\/website\/#\/schema\/logo\/image\/"},"sameAs":["http:\/\/facebook.com\/vilight.vn","https:\/\/www.linkedin.com\/company\/vilight-vn","https:\/\/www.youtube.com\/channel\/UCEwR2naeDcuarMX1kSv_rLQ\/videos"]}]},"product_brand":"XT Series","product_price_currency":"VND","og_availability":"instock","product_availability":"instock","product_condition":"new"},"_links":{"self":[{"href":"https:\/\/vilight.vn\/website\/wp-json\/wp\/v2\/product\/1371","targetHints":{"allow":["GET"]}}],"collection":[{"href":"https:\/\/vilight.vn\/website\/wp-json\/wp\/v2\/product"}],"about":[{"href":"https:\/\/vilight.vn\/website\/wp-json\/wp\/v2\/types\/product"}],"wp:featuredmedia":[{"embeddable":true,"href":"https:\/\/vilight.vn\/website\/wp-json\/wp\/v2\/media\/1372"}],"wp:attachment":[{"href":"https:\/\/vilight.vn\/website\/wp-json\/wp\/v2\/media?parent=1371"}],"wp:term":[{"taxonomy":"product_brand","embeddable":true,"href":"https:\/\/vilight.vn\/website\/wp-json\/wp\/v2\/product_brand?post=1371"},{"taxonomy":"product_cat","embeddable":true,"href":"https:\/\/vilight.vn\/website\/wp-json\/wp\/v2\/product_cat?post=1371"},{"taxonomy":"product_tag","embeddable":true,"href":"https:\/\/vilight.vn\/website\/wp-json\/wp\/v2\/product_tag?post=1371"}],"curies":[{"name":"wp","href":"https:\/\/api.w.org\/{rel}","templated":true}]}}