{"id":1374,"date":"2021-06-27T10:50:42","date_gmt":"2021-06-27T03:50:42","guid":{"rendered":"https:\/\/vilight.vn\/website\/?post_type=product&#038;p=1374"},"modified":"2024-10-01T15:59:30","modified_gmt":"2024-10-01T08:59:30","slug":"den-led-thanh-vl-xt07","status":"publish","type":"product","link":"https:\/\/vilight.vn\/website\/san-pham\/den-led-pixel\/led-thanh\/xt-series\/den-led-thanh-vl-xt07\/","title":{"rendered":"\u0110\u00e8n LED thanh VL-XT07"},"content":{"rendered":"<h2 style=\"text-align: justify;\"><span style=\"font-size: 18pt;\">Gi\u1edbi thi\u1ec7u \u0110\u00e8n Led Thanh VL-XT07 &#8211; \u00c1nh s\u00e1ng \u0111a n\u0103ng v\u00e0 ti\u1ebft ki\u1ec7m n\u0103ng l\u01b0\u1ee3ng<\/span><\/h2>\n<p style=\"text-align: justify;\"><span style=\"font-size: 14pt;\">\u0110\u00e8n Led Thanh VL-XT07 l\u00e0 m\u1ed9t s\u1ea3n ph\u1ea9m \u0111\u00e8n LED ch\u1ea5t l\u01b0\u1ee3ng cao, \u0111\u01b0\u1ee3c thi\u1ebft k\u1ebf \u0111\u1ec3 mang \u0111\u1ebfn \u00e1nh s\u00e1ng tuy\u1ec7t v\u1eddi v\u00e0 hi\u1ec7u su\u1ea5t n\u0103ng l\u01b0\u1ee3ng \u01b0u vi\u1ec7t. V\u1edbi c\u00e1c t\u00ednh n\u0103ng v\u00e0 th\u00f4ng s\u1ed1 k\u1ef9 thu\u1eadt \u0111\u00e1ng ch\u00fa \u00fd, \u0111\u00e8n n\u00e0y l\u00e0 l\u1ef1a ch\u1ecdn ho\u00e0n h\u1ea3o cho nhi\u1ec1u \u1ee9ng d\u1ee5ng chi\u1ebfu s\u00e1ng trong nh\u00e0 v\u00e0 ngo\u00e0i tr\u1eddi.<\/span><\/p>\n<p style=\"text-align: justify;\"><span style=\"font-size: 14pt;\">\u0110\u00e8n Led Thanh VL-XT07 \u0111\u01b0\u1ee3c trang b\u1ecb chip LED h\u00e0ng \u0111\u1ea7u t\u1eeb c\u00e1c th\u01b0\u01a1ng hi\u1ec7u n\u1ed5i ti\u1ebfng nh\u01b0 CREE, Epistar v\u00e0 Osram. Chip LED ch\u1ea5t l\u01b0\u1ee3ng cao n\u00e0y gi\u00fap \u0111\u1ea3m b\u1ea3o \u00e1nh s\u00e1ng s\u1eafc n\u00e9t, \u0111\u1ed3ng \u0111\u1ec1u v\u00e0 c\u00f3 tu\u1ed5i th\u1ecd cao. V\u1edbi \u0111\u1ed9 k\u00edn IP67, \u0111\u00e8n c\u0169ng c\u00f3 kh\u1ea3 n\u0103ng ch\u1ed1ng n\u01b0\u1edbc, b\u1ee5i v\u00e0 ch\u1ecbu \u0111\u01b0\u1ee3c c\u00e1c \u0111i\u1ec1u ki\u1ec7n th\u1eddi ti\u1ebft kh\u1eafc nghi\u1ec7t, cho ph\u00e9p b\u1ea1n s\u1eed d\u1ee5ng n\u00f3 trong m\u00f4i tr\u01b0\u1eddng ngo\u00e0i tr\u1eddi m\u00e0 kh\u00f4ng c\u1ea7n lo l\u1eafng v\u1ec1 \u0111\u1ed9 b\u1ec1n.<\/span><\/p>\n<p style=\"text-align: justify;\"><span style=\"font-size: 14pt;\">\u0110\u00e8n Led Thanh VL-XT07 c\u00f3 nhi\u1ec1u t\u00f9y ch\u1ecdn v\u1ec1 c\u00f4ng su\u1ea5t t\u1eeb 0.6W \u0111\u1ebfn 1.4W, gi\u00fap b\u1ea1n l\u1ef1a ch\u1ecdn ph\u00f9 h\u1ee3p v\u1edbi nhu c\u1ea7u chi\u1ebfu s\u00e1ng c\u1ee7a m\u00ecnh. Ngo\u00e0i ra, \u0111\u00e8n c\u0169ng c\u00f3 nhi\u1ec1u t\u00f9y ch\u1ecdn v\u1ec1 \u0111i\u1ec7n \u00e1p ho\u1ea1t \u0111\u1ed9ng nh\u01b0 12VDC, 15VDC v\u00e0 24VDC, gi\u00fap b\u1ea1n d\u1ec5 d\u00e0ng t\u00edch h\u1ee3p s\u1ea3n ph\u1ea9m v\u00e0o h\u1ec7 th\u1ed1ng \u0111i\u1ec7n hi\u1ec7n c\u00f3 c\u1ee7a m\u00ecnh.<\/span><\/p>\n<p style=\"text-align: justify;\"><span style=\"font-size: 14pt;\">\u0110\u00e8n Led Thanh VL-XT07 h\u1ed7 tr\u1ee3 chu\u1ea9n \u0111i\u1ec1u khi\u1ec3n DMX v\u00e0 ON-OFF, mang \u0111\u1ebfn linh ho\u1ea1t trong vi\u1ec7c \u0111i\u1ec1u ch\u1ec9nh \u00e1nh s\u00e1ng theo \u00fd mu\u1ed1n. V\u1edbi g\u00f3c chi\u1ebfu r\u1ed9ng h\u01a1n 120\u00b0, \u0111\u00e8n t\u1ea1o ra \u00e1nh s\u00e1ng ph\u00e2n t\u00e1n v\u00e0 m\u1ec1m m\u1ea1i, ph\u00f9 h\u1ee3p cho vi\u1ec7c chi\u1ebfu s\u00e1ng chung ho\u1eb7c t\u1ea1o \u0111i\u1ec3m nh\u1ea5n trong kh\u00f4ng gian.<\/span><\/p>\n<p style=\"text-align: justify;\"><span style=\"font-size: 14pt;\">V\u1edbi tu\u1ed5i th\u1ecd l\u00ean \u0111\u1ebfn 50.000 gi\u1edd, \u0111\u00e8n Led Thanh VL-XT07 c\u00f3 kh\u1ea3 n\u0103ng ho\u1ea1t \u0111\u1ed9ng l\u00e2u d\u00e0i m\u00e0 kh\u00f4ng c\u1ea7n thay th\u1ebf th\u01b0\u1eddng xuy\u00ean. \u0110i\u1ec1u n\u00e0y gi\u00fap b\u1ea1n ti\u1ebft ki\u1ec7m chi ph\u00ed b\u1ea3o tr\u00ec v\u00e0 thay th\u1ebf \u0111\u00e8n. \u0110\u1ed3ng th\u1eddi, \u0111\u00e8n c\u0169ng \u0111\u01b0\u1ee3c \u0111\u00e1nh gi\u00e1 c\u1ea5p ch\u1ed1ng ch\u00e1y 94-V0 v\u00e0 c\u1ea5p c\u00e1ch \u0111i\u1ec7n III, \u0111\u1ea3m b\u1ea3o an to\u00e0n v\u00e0 \u0111\u00e1ng tin c\u1eady trong qu\u00e1 tr\u00ecnh s\u1eed d\u1ee5ng.<\/span><\/p>\n<p style=\"text-align: justify;\"><span style=\"font-size: 14pt;\">V\u1edbi k\u00edch th\u01b0\u1edbc 1000*18.2*27mm, \u0111\u00e8n Led Thanh VL-XT07 d\u1ec5 d\u00e0ng l\u1eafp \u0111\u1eb7t v\u00e0 t\u00edch h\u1ee3p v\u00e0o c\u00e1c kh\u00f4ng gian kh\u00e1c nhau nh\u01b0 tr\u1ea7n nh\u00e0, t\u01b0\u1eddng, hay t\u1ea1o c\u00e1c hi\u1ec7u \u1ee9ng \u00e1nh s\u00e1ng s\u00e1ng t\u1ea1o. S\u1ea3n ph\u1ea9m n\u00e0y l\u00e0 s\u1ef1 k\u1ebft h\u1ee3p ho\u00e0n h\u1ea3o gi\u1eefa thi\u1ebft k\u1ebf th\u00f4ng minh v\u00e0 hi\u1ec7u su\u1ea5t \u00e1nh s\u00e1ng t\u1ed1i \u01b0u, mang l\u1ea1i kh\u00f4ng gian chi\u1ebfu s\u00e1ng s\u00e1ng t\u1ea1o v\u00e0 sang tr\u1ecdng.<\/span><\/p>\n<p style=\"text-align: justify;\"><span style=\"font-size: 14pt;\">T\u00f3m l\u1ea1i, \u0111\u00e8n Led Thanh VL-XT07 l\u00e0 m\u1ed9t s\u1ea3n ph\u1ea9m \u0111\u00e8n LED \u0111a n\u0103ng v\u00e0 ti\u1ebft ki\u1ec7m n\u0103ng l\u01b0\u1ee3ng. V\u1edbi \u00e1nh s\u00e1ng ch\u1ea5t l\u01b0\u1ee3ng cao, tu\u1ed5i th\u1ecd l\u00e2u d\u00e0i, v\u00e0 kh\u1ea3 n\u0103ng ch\u1ed1ng n\u01b0\u1edbc, \u0111\u00e8n n\u00e0y l\u00e0 l\u1ef1a ch\u1ecdn ho\u00e0n h\u1ea3o cho c\u00e1c \u1ee9ng d\u1ee5ng chi\u1ebfu s\u00e1ng trong nh\u00e0 v\u00e0 ngo\u00e0i tr\u1eddi. H\u00e3y trang tr\u00ed kh\u00f4ng gian c\u1ee7a b\u1ea1n v\u1edbi \u0111\u00e8n Led Thanh VL-XT07 \u0111\u1ec3 t\u1ea1o ra kh\u00f4ng gian s\u00e1ng t\u1ea1o<\/span><\/p>\n<p style=\"text-align: justify;\"><span style=\"font-size: 14pt;\"><a href=\"https:\/\/vilight.vn\/website\/wp-content\/uploads\/2021\/06\/XT07-TT.jpg\"><img decoding=\"async\" class=\"wp-image-1376 aligncenter lazyload\" data-src=\"https:\/\/vilight.vn\/website\/wp-content\/uploads\/2021\/06\/XT07-TT.jpg\" alt=\"\u0110\u00e8n Led thanh VL-XT07\" width=\"1500\" height=\"995\" data-srcset=\"https:\/\/vilight.vn\/website\/wp-content\/uploads\/2021\/06\/XT07-TT.jpg 1200w, https:\/\/vilight.vn\/website\/wp-content\/uploads\/2021\/06\/XT07-TT-800x531.jpg 800w, https:\/\/vilight.vn\/website\/wp-content\/uploads\/2021\/06\/XT07-TT-300x199.jpg 300w, https:\/\/vilight.vn\/website\/wp-content\/uploads\/2021\/06\/XT07-TT-1024x679.jpg 1024w, https:\/\/vilight.vn\/website\/wp-content\/uploads\/2021\/06\/XT07-TT-768x509.jpg 768w, https:\/\/vilight.vn\/website\/wp-content\/uploads\/2021\/06\/XT07-TT-16x12.jpg 16w, https:\/\/vilight.vn\/website\/wp-content\/uploads\/2021\/06\/XT07-TT-220x146.jpg 220w, https:\/\/vilight.vn\/website\/wp-content\/uploads\/2021\/06\/XT07-TT-50x33.jpg 50w, https:\/\/vilight.vn\/website\/wp-content\/uploads\/2021\/06\/XT07-TT-113x75.jpg 113w, https:\/\/vilight.vn\/website\/wp-content\/uploads\/2021\/06\/XT07-TT-600x398.jpg 600w\" data-sizes=\"(max-width:767px) 480px, (max-width:1500px) 100vw, 1500px\" src=\"data:image\/svg+xml;base64,PHN2ZyB3aWR0aD0iMSIgaGVpZ2h0PSIxIiB4bWxucz0iaHR0cDovL3d3dy53My5vcmcvMjAwMC9zdmciPjwvc3ZnPg==\" style=\"--smush-placeholder-width: 1500px; --smush-placeholder-aspect-ratio: 1500\/995;\" \/><\/a><\/span><\/p>\n","protected":false},"excerpt":{"rendered":"<p style=\"text-align: justify;\"><span style=\"font-size: 14pt;\">\u0110\u00e8n LED thanh VL-XT07: S\u1ea3n ph\u1ea9m ti\u1ebft ki\u1ec7m n\u0103ng l\u01b0\u1ee3ng, ch\u1ea5t l\u01b0\u1ee3ng cao v\u1edbi chip LED Cree, Epistar, Osram. Ch\u1ed1ng n\u01b0\u1edbc IP67, tu\u1ed5i th\u1ecd 50.000h. \u00c1nh s\u00e1ng \u0111a n\u0103ng, \u0111i\u1ec1u khi\u1ec3n DMX, g\u00f3c chi\u1ebfu r\u1ed9ng \u2265120\u00b0.<\/span><\/p>\n","protected":false},"featured_media":1375,"template":"","meta":[],"product_brand":[],"product_cat":[77,189,190],"product_tag":[477],"class_list":{"0":"post-1374","1":"product","2":"type-product","3":"status-publish","4":"has-post-thumbnail","6":"product_cat-den-led-pixel","7":"product_cat-led-thanh","8":"product_cat-xt-series","9":"product_tag-den-led-thanh-vl-xt07","10":"pa_chip-led-cree","11":"pa_chip-led-epistar","12":"pa_chip-led-oram","13":"pa_chuan-dieu-khien-dmx","14":"pa_chuan-dieu-khien-on-off","15":"pa_cong-suat-0-6w","16":"pa_cong-suat-0-7w","17":"pa_cong-suat-0-9w","18":"pa_cong-suat-1-2w","19":"pa_cong-suat-1-4w","20":"pa_dien-ap-hoat-dong-12v","21":"pa_dien-ap-hoat-dong-15vdc","22":"pa_dien-ap-hoat-dong-24vdc","23":"pa_do-kin-ip67","24":"pa_goc-chieu-213","25":"pa_gray-level-256-65536","26":"pa_kich-thuoc-100018-227mm","28":"first","29":"instock","30":"taxable","31":"shipping-taxable","32":"product-type-simple"},"yoast_head":"<!-- This site is optimized with the Yoast SEO Premium plugin v27.5 (Yoast SEO v27.5) - https:\/\/yoast.com\/product\/yoast-seo-premium-wordpress\/ -->\n<title>\u0110\u00e8n LED thanh VL-XT07 - Vilight Co.ltd<\/title>\n<meta name=\"description\" content=\"\u0110\u00e8n LED Thanh VL-XT07 l\u00e0 m\u1ed9t s\u1ea3n ph\u1ea9m \u0111\u00e8n LED \u0111a n\u0103ng v\u00e0 ti\u1ebft ki\u1ec7m n\u0103ng l\u01b0\u1ee3ng, l\u00e0 l\u1ef1a ch\u1ecdn ho\u00e0n h\u1ea3o cho c\u00e1c \u1ee9ng d\u1ee5ng chi\u1ebfu s\u00e1ng trong nh\u00e0 v\u00e0 ngo\u00e0i tr\u1eddi.\" \/>\n<meta name=\"robots\" content=\"index, follow, max-snippet:-1, max-image-preview:large, max-video-preview:-1\" \/>\n<link rel=\"canonical\" href=\"https:\/\/vilight.vn\/website\/san-pham\/den-led-pixel\/led-thanh\/xt-series\/den-led-thanh-vl-xt07\/\" \/>\n<meta property=\"og:locale\" content=\"vi_VN\" \/>\n<meta property=\"og:type\" content=\"article\" \/>\n<meta property=\"og:title\" content=\"\u0110\u00e8n LED thanh VL-XT07\" \/>\n<meta property=\"og:description\" content=\"\u0110\u00e8n LED thanh VL-XT07: S\u1ea3n ph\u1ea9m ti\u1ebft ki\u1ec7m n\u0103ng l\u01b0\u1ee3ng, ch\u1ea5t l\u01b0\u1ee3ng cao v\u1edbi chip LED Cree, Epistar, Osram. Ch\u1ed1ng n\u01b0\u1edbc IP67, tu\u1ed5i th\u1ecd 50.000h. \u00c1nh s\u00e1ng \u0111a n\u0103ng, \u0111i\u1ec1u khi\u1ec3n DMX, g\u00f3c chi\u1ebfu r\u1ed9ng \u2265120\u00b0.\" \/>\n<meta property=\"og:url\" content=\"https:\/\/vilight.vn\/website\/san-pham\/den-led-pixel\/led-thanh\/xt-series\/den-led-thanh-vl-xt07\/\" \/>\n<meta property=\"og:site_name\" content=\"Vilight Co.ltd\" \/>\n<meta property=\"article:publisher\" content=\"http:\/\/facebook.com\/vilight.vn\" \/>\n<meta property=\"article:modified_time\" content=\"2024-10-01T08:59:30+00:00\" \/>\n<meta property=\"og:image\" content=\"https:\/\/vilight.vn\/website\/wp-content\/uploads\/2021\/06\/XT07-Logo.jpg\" \/>\n\t<meta property=\"og:image:width\" content=\"600\" \/>\n\t<meta property=\"og:image:height\" content=\"600\" \/>\n\t<meta property=\"og:image:type\" content=\"image\/jpeg\" \/>\n<meta name=\"twitter:card\" content=\"summary_large_image\" \/>\n<meta name=\"twitter:label1\" content=\"Gi\u00e1\" \/>\n\t<meta name=\"twitter:data1\" content=\"\" \/>\n\t<meta name=\"twitter:label2\" content=\"Kh\u1ea3 d\u1ee5ng\" \/>\n\t<meta name=\"twitter:data2\" content=\"Trong kho\" \/>\n<script type=\"application\/ld+json\" class=\"yoast-schema-graph\">{\"@context\":\"https:\\\/\\\/schema.org\",\"@graph\":[{\"@type\":\"WebPage\",\"@id\":\"https:\\\/\\\/vilight.vn\\\/website\\\/san-pham\\\/den-led-pixel\\\/led-thanh\\\/xt-series\\\/den-led-thanh-vl-xt07\\\/\",\"url\":\"https:\\\/\\\/vilight.vn\\\/website\\\/san-pham\\\/den-led-pixel\\\/led-thanh\\\/xt-series\\\/den-led-thanh-vl-xt07\\\/\",\"name\":\"\u0110\u00e8n LED thanh VL-XT07 - Vilight Co.ltd\",\"isPartOf\":{\"@id\":\"https:\\\/\\\/vilight.vn\\\/website\\\/#website\"},\"primaryImageOfPage\":{\"@id\":\"https:\\\/\\\/vilight.vn\\\/website\\\/san-pham\\\/den-led-pixel\\\/led-thanh\\\/xt-series\\\/den-led-thanh-vl-xt07\\\/#primaryimage\"},\"image\":{\"@id\":\"https:\\\/\\\/vilight.vn\\\/website\\\/san-pham\\\/den-led-pixel\\\/led-thanh\\\/xt-series\\\/den-led-thanh-vl-xt07\\\/#primaryimage\"},\"thumbnailUrl\":\"https:\\\/\\\/vilight.vn\\\/website\\\/wp-content\\\/uploads\\\/2021\\\/06\\\/XT07-Logo.jpg\",\"datePublished\":\"2021-06-27T03:50:42+00:00\",\"dateModified\":\"2024-10-01T08:59:30+00:00\",\"description\":\"\u0110\u00e8n LED Thanh VL-XT07 l\u00e0 m\u1ed9t s\u1ea3n ph\u1ea9m \u0111\u00e8n LED \u0111a n\u0103ng v\u00e0 ti\u1ebft ki\u1ec7m n\u0103ng l\u01b0\u1ee3ng, l\u00e0 l\u1ef1a ch\u1ecdn ho\u00e0n h\u1ea3o cho c\u00e1c \u1ee9ng d\u1ee5ng chi\u1ebfu s\u00e1ng trong nh\u00e0 v\u00e0 ngo\u00e0i tr\u1eddi.\",\"breadcrumb\":{\"@id\":\"https:\\\/\\\/vilight.vn\\\/website\\\/san-pham\\\/den-led-pixel\\\/led-thanh\\\/xt-series\\\/den-led-thanh-vl-xt07\\\/#breadcrumb\"},\"inLanguage\":\"vi\",\"potentialAction\":[{\"@type\":\"ReadAction\",\"target\":[\"https:\\\/\\\/vilight.vn\\\/website\\\/san-pham\\\/den-led-pixel\\\/led-thanh\\\/xt-series\\\/den-led-thanh-vl-xt07\\\/\"]}]},{\"@type\":\"ImageObject\",\"inLanguage\":\"vi\",\"@id\":\"https:\\\/\\\/vilight.vn\\\/website\\\/san-pham\\\/den-led-pixel\\\/led-thanh\\\/xt-series\\\/den-led-thanh-vl-xt07\\\/#primaryimage\",\"url\":\"https:\\\/\\\/vilight.vn\\\/website\\\/wp-content\\\/uploads\\\/2021\\\/06\\\/XT07-Logo.jpg\",\"contentUrl\":\"https:\\\/\\\/vilight.vn\\\/website\\\/wp-content\\\/uploads\\\/2021\\\/06\\\/XT07-Logo.jpg\",\"width\":600,\"height\":600,\"caption\":\"\u0110\u00e8n Led thanh VL-XT07\"},{\"@type\":\"BreadcrumbList\",\"@id\":\"https:\\\/\\\/vilight.vn\\\/website\\\/san-pham\\\/den-led-pixel\\\/led-thanh\\\/xt-series\\\/den-led-thanh-vl-xt07\\\/#breadcrumb\",\"itemListElement\":[{\"@type\":\"ListItem\",\"position\":1,\"name\":\"Home\",\"item\":\"https:\\\/\\\/vilight.vn\\\/website\\\/\"},{\"@type\":\"ListItem\",\"position\":2,\"name\":\"store\",\"item\":\"https:\\\/\\\/vilight.vn\\\/website\\\/store\\\/\"},{\"@type\":\"ListItem\",\"position\":3,\"name\":\"\u0110\u00e8n LED thanh VL-XT07\"}]},{\"@type\":\"WebSite\",\"@id\":\"https:\\\/\\\/vilight.vn\\\/website\\\/#website\",\"url\":\"https:\\\/\\\/vilight.vn\\\/website\\\/\",\"name\":\"Vilight Co.ltd\",\"description\":\"Chi\u1ebfu s\u00e1ng m\u1ef9 thu\u1eadt, chi\u1ebfu s\u00e1ng th\u00f4ng minh, LED Pixel 3D, chi\u1ebfu s\u00e1ng trang tr\u00ed \u0111\u00f4 th\u1ecb, chi\u1ebfu s\u00e1ng v\u00f2ng xoay, chi\u1ebfu s\u00e1ng \u0111\u1ea3o giao th\u00f4ng, c\u1ed5ng ch\u00e0o \u0111\u00f4 th\u1ecb\",\"publisher\":{\"@id\":\"https:\\\/\\\/vilight.vn\\\/website\\\/#organization\"},\"potentialAction\":[{\"@type\":\"SearchAction\",\"target\":{\"@type\":\"EntryPoint\",\"urlTemplate\":\"https:\\\/\\\/vilight.vn\\\/website\\\/?s={search_term_string}\"},\"query-input\":{\"@type\":\"PropertyValueSpecification\",\"valueRequired\":true,\"valueName\":\"search_term_string\"}}],\"inLanguage\":\"vi\"},{\"@type\":\"Organization\",\"@id\":\"https:\\\/\\\/vilight.vn\\\/website\\\/#organization\",\"name\":\"Vilight\",\"url\":\"https:\\\/\\\/vilight.vn\\\/website\\\/\",\"logo\":{\"@type\":\"ImageObject\",\"inLanguage\":\"vi\",\"@id\":\"https:\\\/\\\/vilight.vn\\\/website\\\/#\\\/schema\\\/logo\\\/image\\\/\",\"url\":\"https:\\\/\\\/vilight.vn\\\/website\\\/wp-content\\\/uploads\\\/2022\\\/05\\\/chieu_sang_trang_tri_do_thi_bang_den_led_pixel.png\",\"contentUrl\":\"https:\\\/\\\/vilight.vn\\\/website\\\/wp-content\\\/uploads\\\/2022\\\/05\\\/chieu_sang_trang_tri_do_thi_bang_den_led_pixel.png\",\"width\":800,\"height\":427,\"caption\":\"Vilight\"},\"image\":{\"@id\":\"https:\\\/\\\/vilight.vn\\\/website\\\/#\\\/schema\\\/logo\\\/image\\\/\"},\"sameAs\":[\"http:\\\/\\\/facebook.com\\\/vilight.vn\",\"https:\\\/\\\/www.linkedin.com\\\/company\\\/vilight-vn\",\"https:\\\/\\\/www.youtube.com\\\/channel\\\/UCEwR2naeDcuarMX1kSv_rLQ\\\/videos\"]}]}<\/script>\n<meta property=\"product:brand\" content=\"XT Series\" \/>\n<meta property=\"product:price:currency\" content=\"VND\" \/>\n<meta property=\"og:availability\" content=\"instock\" \/>\n<meta property=\"product:availability\" content=\"instock\" \/>\n<meta property=\"product:condition\" content=\"new\" \/>\n<!-- \/ Yoast SEO Premium plugin. -->","yoast_head_json":{"title":"\u0110\u00e8n LED thanh VL-XT07 - Vilight Co.ltd","description":"\u0110\u00e8n LED Thanh VL-XT07 l\u00e0 m\u1ed9t s\u1ea3n ph\u1ea9m \u0111\u00e8n LED \u0111a n\u0103ng v\u00e0 ti\u1ebft ki\u1ec7m n\u0103ng l\u01b0\u1ee3ng, l\u00e0 l\u1ef1a ch\u1ecdn ho\u00e0n h\u1ea3o cho c\u00e1c \u1ee9ng d\u1ee5ng chi\u1ebfu s\u00e1ng trong nh\u00e0 v\u00e0 ngo\u00e0i tr\u1eddi.","robots":{"index":"index","follow":"follow","max-snippet":"max-snippet:-1","max-image-preview":"max-image-preview:large","max-video-preview":"max-video-preview:-1"},"canonical":"https:\/\/vilight.vn\/website\/san-pham\/den-led-pixel\/led-thanh\/xt-series\/den-led-thanh-vl-xt07\/","og_locale":"vi_VN","og_type":"article","og_title":"\u0110\u00e8n LED thanh VL-XT07","og_description":"\u0110\u00e8n LED thanh VL-XT07: S\u1ea3n ph\u1ea9m ti\u1ebft ki\u1ec7m n\u0103ng l\u01b0\u1ee3ng, ch\u1ea5t l\u01b0\u1ee3ng cao v\u1edbi chip LED Cree, Epistar, Osram. Ch\u1ed1ng n\u01b0\u1edbc IP67, tu\u1ed5i th\u1ecd 50.000h. \u00c1nh s\u00e1ng \u0111a n\u0103ng, \u0111i\u1ec1u khi\u1ec3n DMX, g\u00f3c chi\u1ebfu r\u1ed9ng \u2265120\u00b0.","og_url":"https:\/\/vilight.vn\/website\/san-pham\/den-led-pixel\/led-thanh\/xt-series\/den-led-thanh-vl-xt07\/","og_site_name":"Vilight Co.ltd","article_publisher":"http:\/\/facebook.com\/vilight.vn","article_modified_time":"2024-10-01T08:59:30+00:00","og_image":[{"width":600,"height":600,"url":"https:\/\/vilight.vn\/website\/wp-content\/uploads\/2021\/06\/XT07-Logo.jpg","type":"image\/jpeg"}],"twitter_card":"summary_large_image","twitter_misc":{"Gi\u00e1":"","Kh\u1ea3 d\u1ee5ng":"Trong kho"},"schema":{"@context":"https:\/\/schema.org","@graph":[{"@type":"WebPage","@id":"https:\/\/vilight.vn\/website\/san-pham\/den-led-pixel\/led-thanh\/xt-series\/den-led-thanh-vl-xt07\/","url":"https:\/\/vilight.vn\/website\/san-pham\/den-led-pixel\/led-thanh\/xt-series\/den-led-thanh-vl-xt07\/","name":"\u0110\u00e8n LED thanh VL-XT07 - Vilight Co.ltd","isPartOf":{"@id":"https:\/\/vilight.vn\/website\/#website"},"primaryImageOfPage":{"@id":"https:\/\/vilight.vn\/website\/san-pham\/den-led-pixel\/led-thanh\/xt-series\/den-led-thanh-vl-xt07\/#primaryimage"},"image":{"@id":"https:\/\/vilight.vn\/website\/san-pham\/den-led-pixel\/led-thanh\/xt-series\/den-led-thanh-vl-xt07\/#primaryimage"},"thumbnailUrl":"https:\/\/vilight.vn\/website\/wp-content\/uploads\/2021\/06\/XT07-Logo.jpg","datePublished":"2021-06-27T03:50:42+00:00","dateModified":"2024-10-01T08:59:30+00:00","description":"\u0110\u00e8n LED Thanh VL-XT07 l\u00e0 m\u1ed9t s\u1ea3n ph\u1ea9m \u0111\u00e8n LED \u0111a n\u0103ng v\u00e0 ti\u1ebft ki\u1ec7m n\u0103ng l\u01b0\u1ee3ng, l\u00e0 l\u1ef1a ch\u1ecdn ho\u00e0n h\u1ea3o cho c\u00e1c \u1ee9ng d\u1ee5ng chi\u1ebfu s\u00e1ng trong nh\u00e0 v\u00e0 ngo\u00e0i tr\u1eddi.","breadcrumb":{"@id":"https:\/\/vilight.vn\/website\/san-pham\/den-led-pixel\/led-thanh\/xt-series\/den-led-thanh-vl-xt07\/#breadcrumb"},"inLanguage":"vi","potentialAction":[{"@type":"ReadAction","target":["https:\/\/vilight.vn\/website\/san-pham\/den-led-pixel\/led-thanh\/xt-series\/den-led-thanh-vl-xt07\/"]}]},{"@type":"ImageObject","inLanguage":"vi","@id":"https:\/\/vilight.vn\/website\/san-pham\/den-led-pixel\/led-thanh\/xt-series\/den-led-thanh-vl-xt07\/#primaryimage","url":"https:\/\/vilight.vn\/website\/wp-content\/uploads\/2021\/06\/XT07-Logo.jpg","contentUrl":"https:\/\/vilight.vn\/website\/wp-content\/uploads\/2021\/06\/XT07-Logo.jpg","width":600,"height":600,"caption":"\u0110\u00e8n Led thanh VL-XT07"},{"@type":"BreadcrumbList","@id":"https:\/\/vilight.vn\/website\/san-pham\/den-led-pixel\/led-thanh\/xt-series\/den-led-thanh-vl-xt07\/#breadcrumb","itemListElement":[{"@type":"ListItem","position":1,"name":"Home","item":"https:\/\/vilight.vn\/website\/"},{"@type":"ListItem","position":2,"name":"store","item":"https:\/\/vilight.vn\/website\/store\/"},{"@type":"ListItem","position":3,"name":"\u0110\u00e8n LED thanh VL-XT07"}]},{"@type":"WebSite","@id":"https:\/\/vilight.vn\/website\/#website","url":"https:\/\/vilight.vn\/website\/","name":"Vilight Co.ltd","description":"Chi\u1ebfu s\u00e1ng m\u1ef9 thu\u1eadt, chi\u1ebfu s\u00e1ng th\u00f4ng minh, LED Pixel 3D, chi\u1ebfu s\u00e1ng trang tr\u00ed \u0111\u00f4 th\u1ecb, chi\u1ebfu s\u00e1ng v\u00f2ng xoay, chi\u1ebfu s\u00e1ng \u0111\u1ea3o giao th\u00f4ng, c\u1ed5ng ch\u00e0o \u0111\u00f4 th\u1ecb","publisher":{"@id":"https:\/\/vilight.vn\/website\/#organization"},"potentialAction":[{"@type":"SearchAction","target":{"@type":"EntryPoint","urlTemplate":"https:\/\/vilight.vn\/website\/?s={search_term_string}"},"query-input":{"@type":"PropertyValueSpecification","valueRequired":true,"valueName":"search_term_string"}}],"inLanguage":"vi"},{"@type":"Organization","@id":"https:\/\/vilight.vn\/website\/#organization","name":"Vilight","url":"https:\/\/vilight.vn\/website\/","logo":{"@type":"ImageObject","inLanguage":"vi","@id":"https:\/\/vilight.vn\/website\/#\/schema\/logo\/image\/","url":"https:\/\/vilight.vn\/website\/wp-content\/uploads\/2022\/05\/chieu_sang_trang_tri_do_thi_bang_den_led_pixel.png","contentUrl":"https:\/\/vilight.vn\/website\/wp-content\/uploads\/2022\/05\/chieu_sang_trang_tri_do_thi_bang_den_led_pixel.png","width":800,"height":427,"caption":"Vilight"},"image":{"@id":"https:\/\/vilight.vn\/website\/#\/schema\/logo\/image\/"},"sameAs":["http:\/\/facebook.com\/vilight.vn","https:\/\/www.linkedin.com\/company\/vilight-vn","https:\/\/www.youtube.com\/channel\/UCEwR2naeDcuarMX1kSv_rLQ\/videos"]}]},"product_brand":"XT Series","product_price_currency":"VND","og_availability":"instock","product_availability":"instock","product_condition":"new"},"_links":{"self":[{"href":"https:\/\/vilight.vn\/website\/wp-json\/wp\/v2\/product\/1374","targetHints":{"allow":["GET"]}}],"collection":[{"href":"https:\/\/vilight.vn\/website\/wp-json\/wp\/v2\/product"}],"about":[{"href":"https:\/\/vilight.vn\/website\/wp-json\/wp\/v2\/types\/product"}],"wp:featuredmedia":[{"embeddable":true,"href":"https:\/\/vilight.vn\/website\/wp-json\/wp\/v2\/media\/1375"}],"wp:attachment":[{"href":"https:\/\/vilight.vn\/website\/wp-json\/wp\/v2\/media?parent=1374"}],"wp:term":[{"taxonomy":"product_brand","embeddable":true,"href":"https:\/\/vilight.vn\/website\/wp-json\/wp\/v2\/product_brand?post=1374"},{"taxonomy":"product_cat","embeddable":true,"href":"https:\/\/vilight.vn\/website\/wp-json\/wp\/v2\/product_cat?post=1374"},{"taxonomy":"product_tag","embeddable":true,"href":"https:\/\/vilight.vn\/website\/wp-json\/wp\/v2\/product_tag?post=1374"}],"curies":[{"name":"wp","href":"https:\/\/api.w.org\/{rel}","templated":true}]}}