{"id":1377,"date":"2021-06-27T10:51:36","date_gmt":"2021-06-27T03:51:36","guid":{"rendered":"https:\/\/vilight.vn\/website\/?post_type=product&#038;p=1377"},"modified":"2024-10-01T16:01:01","modified_gmt":"2024-10-01T09:01:01","slug":"den-led-thanh-vl-xt09","status":"publish","type":"product","link":"https:\/\/vilight.vn\/website\/san-pham\/den-led-pixel\/led-thanh\/xt-series\/den-led-thanh-vl-xt09\/","title":{"rendered":"\u0110\u00e8n LED thanh VL-XT09"},"content":{"rendered":"<h2 style=\"text-align: justify;\"><span style=\"font-size: 18pt;\">\u0110\u00e8n Led thanh VL-XT09: S\u1ef1 ho\u00e0n h\u1ea3o trong trang tr\u00ed m\u1eb7t ngo\u00e0i cho t\u00f2a nh\u00e0 v\u00e0 kh\u00f4ng gian th\u01b0\u01a1ng m\u1ea1i<\/span><\/h2>\n<p style=\"text-align: justify;\"><span style=\"font-size: 14pt;\">B\u1ea1n \u0111ang t\u00ecm ki\u1ebfm m\u1ed9t gi\u1ea3i ph\u00e1p trang tr\u00ed hi\u1ec7n \u0111\u1ea1i v\u00e0 \u0111\u1ed9c \u0111\u00e1o cho t\u00f2a nh\u00e0, kh\u00e1ch s\u1ea1n hay trung t\u00e2m th\u01b0\u01a1ng m\u1ea1i c\u1ee7a m\u00ecnh? H\u00e3y \u0111\u1ec3 ch\u00fang t\u00f4i gi\u1edbi thi\u1ec7u \u0111\u1ebfn b\u1ea1n \u0111\u00e8n Led thanh VL-XT09 &#8211; m\u1ed9t s\u1ea3n ph\u1ea9m thi\u1ebft k\u1ebf tinh t\u1ebf v\u00e0 m\u1ea1nh m\u1ebd, s\u1ebd mang l\u1ea1i \u00e1nh s\u00e1ng tuy\u1ec7t v\u1eddi v\u00e0 s\u1ef1 ch\u00fa \u00fd cho kh\u00f4ng gian c\u1ee7a b\u1ea1n.<\/span><\/p>\n<p style=\"text-align: justify;\"><span style=\"font-size: 14pt;\">\u0110i\u1ec3m \u0111\u1eb7c bi\u1ec7t c\u1ee7a \u0111\u00e8n Led thanh VL-XT09 n\u1eb1m \u1edf thi\u1ebft k\u1ebf hi\u1ec7n \u0111\u1ea1i v\u00e0 t\u00ednh n\u0103ng ti\u00ean ti\u1ebfn c\u1ee7a n\u00f3. V\u1edbi giao th\u1ee9c DMX 512, b\u1ea1n c\u00f3 th\u1ec3 \u0111i\u1ec1u khi\u1ec3n \u0111\u00e8n m\u1ed9t c\u00e1ch linh ho\u1ea1t v\u00e0 d\u1ec5 d\u00e0ng, mang l\u1ea1i nhi\u1ec1u t\u00f9y ch\u1ecdn v\u00e0 kh\u1ea3 n\u0103ng s\u00e1ng t\u1ea1o trong vi\u1ec7c trang tr\u00ed. B\u1ea1n c\u00f3 th\u1ec3 thay \u0111\u1ed5i m\u00e0u s\u1eafc, \u0111\u1ed9 s\u00e1ng v\u00e0 hi\u1ec7u \u1ee9ng \u00e1nh s\u00e1ng theo \u00fd mu\u1ed1n, t\u1ea1o ra kh\u00f4ng gian th\u00fa v\u1ecb v\u00e0 \u0111\u1ed9c \u0111\u00e1o.<\/span><\/p>\n<p style=\"text-align: justify;\"><span style=\"font-size: 14pt;\">S\u1ea3n ph\u1ea9m \u0111\u01b0\u1ee3c trang b\u1ecb chip LED hi\u1ec7u su\u1ea5t cao, nh\u1edd \u0111\u00f3 \u0111\u00e8n Led VL-XT09 s\u1edf h\u1eefu t\u1ea3o nhi\u1ec7t th\u1ea5p v\u00e0 m\u00e0u s\u1eafc \u0111\u1ed3ng nh\u1ea5t. \u0110i\u1ec1u n\u00e0y \u0111\u1ea3m b\u1ea3o r\u1eb1ng b\u1ea1n s\u1ebd c\u00f3 m\u1ed9t ngu\u1ed3n s\u00e1ng ch\u1ea5t l\u01b0\u1ee3ng cao, kh\u00f4ng b\u1ecb nh\u1ea5p nh\u00e1y hay ch\u00eanh l\u1ec7ch m\u00e0u s\u1eafc. \u0110\u1ed3ng th\u1eddi, \u0111\u00e8n Led n\u00e0y c\u0169ng \u0111\u01b0\u1ee3c thi\u1ebft k\u1ebf \u0111\u1ec3 ch\u1ed1ng s\u00e9t lan truy\u1ec1n, \u0111\u1ea3m b\u1ea3o an to\u00e0n cho h\u1ec7 th\u1ed1ng \u00e1nh s\u00e1ng c\u1ee7a b\u1ea1n.<\/span><\/p>\n<p style=\"text-align: justify;\"><span style=\"font-size: 14pt;\">M\u1ed9t v\u1ea5n \u0111\u1ec1 th\u01b0\u1eddng g\u1eb7p khi thi c\u00f4ng c\u00e1c t\u00f2a nh\u00e0 cao t\u1ea7ng l\u00e0 s\u1ee5t \u00e1p \u0111i\u1ec7n. Tuy nhi\u00ean, v\u1edbi \u0111i\u1ec7n \u00e1p ho\u1ea1t \u0111\u1ed9ng DC24V ho\u1eb7c DC48V c\u1ee7a \u0111\u00e8n Led thanh VL-XT09, b\u1ea1n c\u00f3 th\u1ec3 d\u1ec5 d\u00e0ng gi\u1ea3i quy\u1ebft v\u1ea5n \u0111\u1ec1 n\u00e0y. Kh\u1ea3 n\u0103ng cung c\u1ea5p ngu\u1ed3n \u0111i\u1ec7n t\u1eeb xa s\u1ebd gi\u00fap \u0111\u1ea3m b\u1ea3o r\u1eb1ng \u00e1nh s\u00e1ng kh\u00f4ng b\u1ecb \u1ea3nh h\u01b0\u1edfng b\u1edfi s\u1ee5t \u00e1p v\u00e0 ho\u1ea1t \u0111\u1ed9ng \u1ed5n \u0111\u1ecbnh su\u1ed1t th\u1eddi gian d\u00e0i.<\/span><\/p>\n<p style=\"text-align: justify;\"><span style=\"font-size: 14pt;\">Kh\u00f4ng ch\u1ec9 ph\u00f9 h\u1ee3p s\u1eed d\u1ee5ng ngo\u00e0i tr\u1eddi, \u0111\u00e8n Led VL-XT09 c\u00f2n c\u00f3 kh\u1ea3 n\u0103ng ch\u1ed1ng ch\u1ecbu cao v\u1edbi c\u00e1c \u0111i\u1ec1u ki\u1ec7n thi\u00ean nhi\u00ean kh\u1eafc nghi\u1ec7t. V\u1edbi \u0111\u1ed9 k<\/span><\/p>\n<p style=\"text-align: justify;\"><span style=\"font-size: 14pt;\">\u00edn IP67, n\u00f3 ch\u1ed1ng b\u1ee5i v\u00e0 n\u01b0\u1edbc m\u01b0a, \u0111\u1ea3m b\u1ea3o tu\u1ed5i th\u1ecd v\u00e0 \u0111\u1ed9 \u1ed5n \u0111\u1ecbnh c\u1ee7a \u0111\u00e8n trong m\u00f4i tr\u01b0\u1eddng kh\u1eafc nghi\u1ec7t.<\/span><\/p>\n<p style=\"text-align: justify;\"><span style=\"font-size: 14pt;\">\u0110\u00e8n Led thanh VL-XT09 c\u0169ng \u0111\u01b0\u1ee3c thi\u1ebft k\u1ebf v\u1edbi chu\u1ea9n ch\u1ed1ng ch\u00e1y 94-V0 v\u00e0 c\u1ea5p c\u00e1ch \u0111i\u1ec7n III, \u0111\u1ea3m b\u1ea3o an to\u00e0n v\u00e0 \u0111\u1ed9 tin c\u1eady cao trong vi\u1ec7c s\u1eed d\u1ee5ng.<\/span><\/p>\n<p style=\"text-align: justify;\"><span style=\"font-size: 14pt;\">\u0110\u00e8n Led thanh VL-XT09 l\u00e0 s\u1ef1 l\u1ef1a ch\u1ecdn tuy\u1ec7t v\u1eddi cho vi\u1ec7c trang tr\u00ed m\u1eb7t ngo\u00e0i t\u00f2a nh\u00e0, kh\u00e1ch s\u1ea1n hay trung t\u00e2m th\u01b0\u01a1ng m\u1ea1i. V\u1edbi thi\u1ebft k\u1ebf hi\u1ec7n \u0111\u1ea1i, kh\u1ea3 n\u0103ng ch\u1ed1ng s\u00e9t lan truy\u1ec1n, v\u00e0 t\u00ednh n\u0103ng \u0111i\u1ec1u khi\u1ec3n linh ho\u1ea1t, \u0111\u00e8n n\u00e0y s\u1ebd mang \u0111\u1ebfn kh\u00f4ng gian th\u00fa v\u1ecb, \u1ea5n t\u01b0\u1ee3ng v\u00e0 \u0111\u1ed9c \u0111\u00e1o cho kh\u00f4ng gian c\u1ee7a b\u1ea1n. H\u00e3y tr\u1ea3i nghi\u1ec7m s\u1ef1 ho\u00e0n h\u1ea3o v\u1edbi \u0111\u00e8n Led thanh VL-XT09 ngay h\u00f4m nay!<\/span><\/p>\n<p style=\"text-align: justify;\"><span style=\"font-size: 14pt;\"><a href=\"https:\/\/vilight.vn\/website\/wp-content\/uploads\/2021\/06\/XT09-TT.jpg\"><img decoding=\"async\" class=\"aligncenter wp-image-1379 lazyload\" data-src=\"https:\/\/vilight.vn\/website\/wp-content\/uploads\/2021\/06\/XT09-TT.jpg\" alt=\"\u0110\u00e8n Led thanh VL-XT09\" width=\"1500\" height=\"1264\" data-srcset=\"https:\/\/vilight.vn\/website\/wp-content\/uploads\/2021\/06\/XT09-TT.jpg 1200w, https:\/\/vilight.vn\/website\/wp-content\/uploads\/2021\/06\/XT09-TT-800x674.jpg 800w, https:\/\/vilight.vn\/website\/wp-content\/uploads\/2021\/06\/XT09-TT-300x253.jpg 300w, https:\/\/vilight.vn\/website\/wp-content\/uploads\/2021\/06\/XT09-TT-1024x863.jpg 1024w, https:\/\/vilight.vn\/website\/wp-content\/uploads\/2021\/06\/XT09-TT-768x647.jpg 768w, https:\/\/vilight.vn\/website\/wp-content\/uploads\/2021\/06\/XT09-TT-14x12.jpg 14w, https:\/\/vilight.vn\/website\/wp-content\/uploads\/2021\/06\/XT09-TT-173x146.jpg 173w, https:\/\/vilight.vn\/website\/wp-content\/uploads\/2021\/06\/XT09-TT-50x42.jpg 50w, https:\/\/vilight.vn\/website\/wp-content\/uploads\/2021\/06\/XT09-TT-89x75.jpg 89w, https:\/\/vilight.vn\/website\/wp-content\/uploads\/2021\/06\/XT09-TT-600x506.jpg 600w\" data-sizes=\"(max-width:767px) 480px, (max-width:1500px) 100vw, 1500px\" src=\"data:image\/svg+xml;base64,PHN2ZyB3aWR0aD0iMSIgaGVpZ2h0PSIxIiB4bWxucz0iaHR0cDovL3d3dy53My5vcmcvMjAwMC9zdmciPjwvc3ZnPg==\" style=\"--smush-placeholder-width: 1500px; --smush-placeholder-aspect-ratio: 1500\/1264;\" \/><\/a><\/span><\/p>\n<p style=\"text-align: justify;\">\n","protected":false},"excerpt":{"rendered":"<p style=\"text-align: justify;\"><span style=\"font-size: 14pt;\">\u0110\u00e8n LED thanh VL-XT09: Thi\u1ebft k\u1ebf hi\u1ec7n \u0111\u1ea1i, ch\u1ed1ng s\u00e9t, s\u00e1ng \u0111\u1ed3ng nh\u1ea5t. \u0110i\u1ec1u khi\u1ec3n DMX, c\u00f4ng su\u1ea5t 12W, ho\u1ea1t \u0111\u1ed9ng \u1ed5n \u0111\u1ecbnh v\u1edbi \u0111i\u1ec7n \u00e1p DC24V, DC48V. Ph\u00f9 h\u1ee3p trang tr\u00ed t\u00f2a nh\u00e0, kh\u00e1ch s\u1ea1n v\u00e0 trung t\u00e2m th\u01b0\u01a1ng m\u1ea1i.<\/span><\/p>\n","protected":false},"featured_media":1378,"template":"","meta":[],"product_brand":[],"product_cat":[77,189,190],"product_tag":[476],"class_list":{"0":"post-1377","1":"product","2":"type-product","3":"status-publish","4":"has-post-thumbnail","6":"product_cat-den-led-pixel","7":"product_cat-led-thanh","8":"product_cat-xt-series","9":"product_tag-den-led-thanh-vl-xt09","10":"pa_chip-led-cree","11":"pa_chip-led-epistar","12":"pa_chip-led-oram","13":"pa_chuan-dieu-khien-dmx","14":"pa_chuan-dieu-khien-on-off","15":"pa_cong-suat-12w","16":"pa_dien-ap-hoat-dong-24vdc","17":"pa_dien-ap-hoat-dong-48vdc","18":"pa_do-kin-ip67","19":"pa_goc-chieu-213","20":"pa_gray-level-256-65536","21":"pa_kich-thuoc-10006029-mm","23":"first","24":"instock","25":"taxable","26":"shipping-taxable","27":"product-type-simple"},"yoast_head":"<!-- This site is optimized with the Yoast SEO Premium plugin v27.4 (Yoast SEO v27.4) - https:\/\/yoast.com\/product\/yoast-seo-premium-wordpress\/ -->\n<title>\u0110\u00e8n LED thanh VL-XT09 - Vilight Co.ltd<\/title>\n<meta name=\"description\" content=\"\u0110\u00e8n LED thanh VL-XT09 - Thi\u1ebft k\u1ebf hi\u1ec7n \u0111\u1ea1i, s\u00e1ng \u0111\u1ed3ng nh\u1ea5t. L\u00e0 l\u1ef1a ch\u1ecdn tuy\u1ec7t v\u1eddi cho vi\u1ec7c trang tr\u00ed m\u1eb7t ngo\u00e0i t\u00f2a nh\u00e0, kh\u00e1ch s\u1ea1n hay trung t\u00e2m th\u01b0\u01a1ng m\u1ea1i.\" \/>\n<meta name=\"robots\" content=\"index, follow, max-snippet:-1, max-image-preview:large, max-video-preview:-1\" \/>\n<link rel=\"canonical\" href=\"https:\/\/vilight.vn\/website\/san-pham\/den-led-pixel\/led-thanh\/xt-series\/den-led-thanh-vl-xt09\/\" \/>\n<meta property=\"og:locale\" content=\"vi_VN\" \/>\n<meta property=\"og:type\" content=\"article\" \/>\n<meta property=\"og:title\" content=\"\u0110\u00e8n LED thanh VL-XT09\" \/>\n<meta property=\"og:description\" content=\"\u0110\u00e8n LED thanh VL-XT09: Thi\u1ebft k\u1ebf hi\u1ec7n \u0111\u1ea1i, ch\u1ed1ng s\u00e9t, s\u00e1ng \u0111\u1ed3ng nh\u1ea5t. \u0110i\u1ec1u khi\u1ec3n DMX, c\u00f4ng su\u1ea5t 12W, ho\u1ea1t \u0111\u1ed9ng \u1ed5n \u0111\u1ecbnh v\u1edbi \u0111i\u1ec7n \u00e1p DC24V, DC48V. Ph\u00f9 h\u1ee3p trang tr\u00ed t\u00f2a nh\u00e0, kh\u00e1ch s\u1ea1n v\u00e0 trung t\u00e2m th\u01b0\u01a1ng m\u1ea1i.\" \/>\n<meta property=\"og:url\" content=\"https:\/\/vilight.vn\/website\/san-pham\/den-led-pixel\/led-thanh\/xt-series\/den-led-thanh-vl-xt09\/\" \/>\n<meta property=\"og:site_name\" content=\"Vilight Co.ltd\" \/>\n<meta property=\"article:publisher\" content=\"http:\/\/facebook.com\/vilight.vn\" \/>\n<meta property=\"article:modified_time\" content=\"2024-10-01T09:01:01+00:00\" \/>\n<meta property=\"og:image\" content=\"https:\/\/vilight.vn\/website\/wp-content\/uploads\/2021\/06\/XT09-Logo.jpg\" \/>\n\t<meta property=\"og:image:width\" content=\"600\" \/>\n\t<meta property=\"og:image:height\" content=\"600\" \/>\n\t<meta property=\"og:image:type\" content=\"image\/jpeg\" \/>\n<meta name=\"twitter:card\" content=\"summary_large_image\" \/>\n<meta name=\"twitter:label1\" content=\"Gi\u00e1\" \/>\n\t<meta name=\"twitter:data1\" content=\"\" \/>\n\t<meta name=\"twitter:label2\" content=\"Kh\u1ea3 d\u1ee5ng\" \/>\n\t<meta name=\"twitter:data2\" content=\"Trong kho\" \/>\n<script type=\"application\/ld+json\" class=\"yoast-schema-graph\">{\"@context\":\"https:\\\/\\\/schema.org\",\"@graph\":[{\"@type\":\"WebPage\",\"@id\":\"https:\\\/\\\/vilight.vn\\\/website\\\/san-pham\\\/den-led-pixel\\\/led-thanh\\\/xt-series\\\/den-led-thanh-vl-xt09\\\/\",\"url\":\"https:\\\/\\\/vilight.vn\\\/website\\\/san-pham\\\/den-led-pixel\\\/led-thanh\\\/xt-series\\\/den-led-thanh-vl-xt09\\\/\",\"name\":\"\u0110\u00e8n LED thanh VL-XT09 - Vilight Co.ltd\",\"isPartOf\":{\"@id\":\"https:\\\/\\\/vilight.vn\\\/website\\\/#website\"},\"primaryImageOfPage\":{\"@id\":\"https:\\\/\\\/vilight.vn\\\/website\\\/san-pham\\\/den-led-pixel\\\/led-thanh\\\/xt-series\\\/den-led-thanh-vl-xt09\\\/#primaryimage\"},\"image\":{\"@id\":\"https:\\\/\\\/vilight.vn\\\/website\\\/san-pham\\\/den-led-pixel\\\/led-thanh\\\/xt-series\\\/den-led-thanh-vl-xt09\\\/#primaryimage\"},\"thumbnailUrl\":\"https:\\\/\\\/vilight.vn\\\/website\\\/wp-content\\\/uploads\\\/2021\\\/06\\\/XT09-Logo.jpg\",\"datePublished\":\"2021-06-27T03:51:36+00:00\",\"dateModified\":\"2024-10-01T09:01:01+00:00\",\"description\":\"\u0110\u00e8n LED thanh VL-XT09 - Thi\u1ebft k\u1ebf hi\u1ec7n \u0111\u1ea1i, s\u00e1ng \u0111\u1ed3ng nh\u1ea5t. L\u00e0 l\u1ef1a ch\u1ecdn tuy\u1ec7t v\u1eddi cho vi\u1ec7c trang tr\u00ed m\u1eb7t ngo\u00e0i t\u00f2a nh\u00e0, kh\u00e1ch s\u1ea1n hay trung t\u00e2m th\u01b0\u01a1ng m\u1ea1i.\",\"breadcrumb\":{\"@id\":\"https:\\\/\\\/vilight.vn\\\/website\\\/san-pham\\\/den-led-pixel\\\/led-thanh\\\/xt-series\\\/den-led-thanh-vl-xt09\\\/#breadcrumb\"},\"inLanguage\":\"vi\",\"potentialAction\":[{\"@type\":\"ReadAction\",\"target\":[\"https:\\\/\\\/vilight.vn\\\/website\\\/san-pham\\\/den-led-pixel\\\/led-thanh\\\/xt-series\\\/den-led-thanh-vl-xt09\\\/\"]}]},{\"@type\":\"ImageObject\",\"inLanguage\":\"vi\",\"@id\":\"https:\\\/\\\/vilight.vn\\\/website\\\/san-pham\\\/den-led-pixel\\\/led-thanh\\\/xt-series\\\/den-led-thanh-vl-xt09\\\/#primaryimage\",\"url\":\"https:\\\/\\\/vilight.vn\\\/website\\\/wp-content\\\/uploads\\\/2021\\\/06\\\/XT09-Logo.jpg\",\"contentUrl\":\"https:\\\/\\\/vilight.vn\\\/website\\\/wp-content\\\/uploads\\\/2021\\\/06\\\/XT09-Logo.jpg\",\"width\":600,\"height\":600,\"caption\":\"\u0110\u00e8n Led thanh VL-XT09\"},{\"@type\":\"BreadcrumbList\",\"@id\":\"https:\\\/\\\/vilight.vn\\\/website\\\/san-pham\\\/den-led-pixel\\\/led-thanh\\\/xt-series\\\/den-led-thanh-vl-xt09\\\/#breadcrumb\",\"itemListElement\":[{\"@type\":\"ListItem\",\"position\":1,\"name\":\"Home\",\"item\":\"https:\\\/\\\/vilight.vn\\\/website\\\/\"},{\"@type\":\"ListItem\",\"position\":2,\"name\":\"store\",\"item\":\"https:\\\/\\\/vilight.vn\\\/website\\\/store\\\/\"},{\"@type\":\"ListItem\",\"position\":3,\"name\":\"\u0110\u00e8n LED thanh VL-XT09\"}]},{\"@type\":\"WebSite\",\"@id\":\"https:\\\/\\\/vilight.vn\\\/website\\\/#website\",\"url\":\"https:\\\/\\\/vilight.vn\\\/website\\\/\",\"name\":\"Vilight Co.ltd\",\"description\":\"Chi\u1ebfu s\u00e1ng m\u1ef9 thu\u1eadt, chi\u1ebfu s\u00e1ng th\u00f4ng minh, LED Pixel 3D, chi\u1ebfu s\u00e1ng trang tr\u00ed \u0111\u00f4 th\u1ecb, chi\u1ebfu s\u00e1ng v\u00f2ng xoay, chi\u1ebfu s\u00e1ng \u0111\u1ea3o giao th\u00f4ng, c\u1ed5ng ch\u00e0o \u0111\u00f4 th\u1ecb\",\"publisher\":{\"@id\":\"https:\\\/\\\/vilight.vn\\\/website\\\/#organization\"},\"potentialAction\":[{\"@type\":\"SearchAction\",\"target\":{\"@type\":\"EntryPoint\",\"urlTemplate\":\"https:\\\/\\\/vilight.vn\\\/website\\\/?s={search_term_string}\"},\"query-input\":{\"@type\":\"PropertyValueSpecification\",\"valueRequired\":true,\"valueName\":\"search_term_string\"}}],\"inLanguage\":\"vi\"},{\"@type\":\"Organization\",\"@id\":\"https:\\\/\\\/vilight.vn\\\/website\\\/#organization\",\"name\":\"Vilight\",\"url\":\"https:\\\/\\\/vilight.vn\\\/website\\\/\",\"logo\":{\"@type\":\"ImageObject\",\"inLanguage\":\"vi\",\"@id\":\"https:\\\/\\\/vilight.vn\\\/website\\\/#\\\/schema\\\/logo\\\/image\\\/\",\"url\":\"https:\\\/\\\/vilight.vn\\\/website\\\/wp-content\\\/uploads\\\/2022\\\/05\\\/chieu_sang_trang_tri_do_thi_bang_den_led_pixel.png\",\"contentUrl\":\"https:\\\/\\\/vilight.vn\\\/website\\\/wp-content\\\/uploads\\\/2022\\\/05\\\/chieu_sang_trang_tri_do_thi_bang_den_led_pixel.png\",\"width\":800,\"height\":427,\"caption\":\"Vilight\"},\"image\":{\"@id\":\"https:\\\/\\\/vilight.vn\\\/website\\\/#\\\/schema\\\/logo\\\/image\\\/\"},\"sameAs\":[\"http:\\\/\\\/facebook.com\\\/vilight.vn\",\"https:\\\/\\\/www.linkedin.com\\\/company\\\/vilight-vn\",\"https:\\\/\\\/www.youtube.com\\\/channel\\\/UCEwR2naeDcuarMX1kSv_rLQ\\\/videos\"]}]}<\/script>\n<meta property=\"product:brand\" content=\"XT Series\" \/>\n<meta property=\"product:price:currency\" content=\"VND\" \/>\n<meta property=\"og:availability\" content=\"instock\" \/>\n<meta property=\"product:availability\" content=\"instock\" \/>\n<meta property=\"product:condition\" content=\"new\" \/>\n<!-- \/ Yoast SEO Premium plugin. -->","yoast_head_json":{"title":"\u0110\u00e8n LED thanh VL-XT09 - Vilight Co.ltd","description":"\u0110\u00e8n LED thanh VL-XT09 - Thi\u1ebft k\u1ebf hi\u1ec7n \u0111\u1ea1i, s\u00e1ng \u0111\u1ed3ng nh\u1ea5t. L\u00e0 l\u1ef1a ch\u1ecdn tuy\u1ec7t v\u1eddi cho vi\u1ec7c trang tr\u00ed m\u1eb7t ngo\u00e0i t\u00f2a nh\u00e0, kh\u00e1ch s\u1ea1n hay trung t\u00e2m th\u01b0\u01a1ng m\u1ea1i.","robots":{"index":"index","follow":"follow","max-snippet":"max-snippet:-1","max-image-preview":"max-image-preview:large","max-video-preview":"max-video-preview:-1"},"canonical":"https:\/\/vilight.vn\/website\/san-pham\/den-led-pixel\/led-thanh\/xt-series\/den-led-thanh-vl-xt09\/","og_locale":"vi_VN","og_type":"article","og_title":"\u0110\u00e8n LED thanh VL-XT09","og_description":"\u0110\u00e8n LED thanh VL-XT09: Thi\u1ebft k\u1ebf hi\u1ec7n \u0111\u1ea1i, ch\u1ed1ng s\u00e9t, s\u00e1ng \u0111\u1ed3ng nh\u1ea5t. \u0110i\u1ec1u khi\u1ec3n DMX, c\u00f4ng su\u1ea5t 12W, ho\u1ea1t \u0111\u1ed9ng \u1ed5n \u0111\u1ecbnh v\u1edbi \u0111i\u1ec7n \u00e1p DC24V, DC48V. Ph\u00f9 h\u1ee3p trang tr\u00ed t\u00f2a nh\u00e0, kh\u00e1ch s\u1ea1n v\u00e0 trung t\u00e2m th\u01b0\u01a1ng m\u1ea1i.","og_url":"https:\/\/vilight.vn\/website\/san-pham\/den-led-pixel\/led-thanh\/xt-series\/den-led-thanh-vl-xt09\/","og_site_name":"Vilight Co.ltd","article_publisher":"http:\/\/facebook.com\/vilight.vn","article_modified_time":"2024-10-01T09:01:01+00:00","og_image":[{"width":600,"height":600,"url":"https:\/\/vilight.vn\/website\/wp-content\/uploads\/2021\/06\/XT09-Logo.jpg","type":"image\/jpeg"}],"twitter_card":"summary_large_image","twitter_misc":{"Gi\u00e1":"","Kh\u1ea3 d\u1ee5ng":"Trong kho"},"schema":{"@context":"https:\/\/schema.org","@graph":[{"@type":"WebPage","@id":"https:\/\/vilight.vn\/website\/san-pham\/den-led-pixel\/led-thanh\/xt-series\/den-led-thanh-vl-xt09\/","url":"https:\/\/vilight.vn\/website\/san-pham\/den-led-pixel\/led-thanh\/xt-series\/den-led-thanh-vl-xt09\/","name":"\u0110\u00e8n LED thanh VL-XT09 - Vilight Co.ltd","isPartOf":{"@id":"https:\/\/vilight.vn\/website\/#website"},"primaryImageOfPage":{"@id":"https:\/\/vilight.vn\/website\/san-pham\/den-led-pixel\/led-thanh\/xt-series\/den-led-thanh-vl-xt09\/#primaryimage"},"image":{"@id":"https:\/\/vilight.vn\/website\/san-pham\/den-led-pixel\/led-thanh\/xt-series\/den-led-thanh-vl-xt09\/#primaryimage"},"thumbnailUrl":"https:\/\/vilight.vn\/website\/wp-content\/uploads\/2021\/06\/XT09-Logo.jpg","datePublished":"2021-06-27T03:51:36+00:00","dateModified":"2024-10-01T09:01:01+00:00","description":"\u0110\u00e8n LED thanh VL-XT09 - Thi\u1ebft k\u1ebf hi\u1ec7n \u0111\u1ea1i, s\u00e1ng \u0111\u1ed3ng nh\u1ea5t. L\u00e0 l\u1ef1a ch\u1ecdn tuy\u1ec7t v\u1eddi cho vi\u1ec7c trang tr\u00ed m\u1eb7t ngo\u00e0i t\u00f2a nh\u00e0, kh\u00e1ch s\u1ea1n hay trung t\u00e2m th\u01b0\u01a1ng m\u1ea1i.","breadcrumb":{"@id":"https:\/\/vilight.vn\/website\/san-pham\/den-led-pixel\/led-thanh\/xt-series\/den-led-thanh-vl-xt09\/#breadcrumb"},"inLanguage":"vi","potentialAction":[{"@type":"ReadAction","target":["https:\/\/vilight.vn\/website\/san-pham\/den-led-pixel\/led-thanh\/xt-series\/den-led-thanh-vl-xt09\/"]}]},{"@type":"ImageObject","inLanguage":"vi","@id":"https:\/\/vilight.vn\/website\/san-pham\/den-led-pixel\/led-thanh\/xt-series\/den-led-thanh-vl-xt09\/#primaryimage","url":"https:\/\/vilight.vn\/website\/wp-content\/uploads\/2021\/06\/XT09-Logo.jpg","contentUrl":"https:\/\/vilight.vn\/website\/wp-content\/uploads\/2021\/06\/XT09-Logo.jpg","width":600,"height":600,"caption":"\u0110\u00e8n Led thanh VL-XT09"},{"@type":"BreadcrumbList","@id":"https:\/\/vilight.vn\/website\/san-pham\/den-led-pixel\/led-thanh\/xt-series\/den-led-thanh-vl-xt09\/#breadcrumb","itemListElement":[{"@type":"ListItem","position":1,"name":"Home","item":"https:\/\/vilight.vn\/website\/"},{"@type":"ListItem","position":2,"name":"store","item":"https:\/\/vilight.vn\/website\/store\/"},{"@type":"ListItem","position":3,"name":"\u0110\u00e8n LED thanh VL-XT09"}]},{"@type":"WebSite","@id":"https:\/\/vilight.vn\/website\/#website","url":"https:\/\/vilight.vn\/website\/","name":"Vilight Co.ltd","description":"Chi\u1ebfu s\u00e1ng m\u1ef9 thu\u1eadt, chi\u1ebfu s\u00e1ng th\u00f4ng minh, LED Pixel 3D, chi\u1ebfu s\u00e1ng trang tr\u00ed \u0111\u00f4 th\u1ecb, chi\u1ebfu s\u00e1ng v\u00f2ng xoay, chi\u1ebfu s\u00e1ng \u0111\u1ea3o giao th\u00f4ng, c\u1ed5ng ch\u00e0o \u0111\u00f4 th\u1ecb","publisher":{"@id":"https:\/\/vilight.vn\/website\/#organization"},"potentialAction":[{"@type":"SearchAction","target":{"@type":"EntryPoint","urlTemplate":"https:\/\/vilight.vn\/website\/?s={search_term_string}"},"query-input":{"@type":"PropertyValueSpecification","valueRequired":true,"valueName":"search_term_string"}}],"inLanguage":"vi"},{"@type":"Organization","@id":"https:\/\/vilight.vn\/website\/#organization","name":"Vilight","url":"https:\/\/vilight.vn\/website\/","logo":{"@type":"ImageObject","inLanguage":"vi","@id":"https:\/\/vilight.vn\/website\/#\/schema\/logo\/image\/","url":"https:\/\/vilight.vn\/website\/wp-content\/uploads\/2022\/05\/chieu_sang_trang_tri_do_thi_bang_den_led_pixel.png","contentUrl":"https:\/\/vilight.vn\/website\/wp-content\/uploads\/2022\/05\/chieu_sang_trang_tri_do_thi_bang_den_led_pixel.png","width":800,"height":427,"caption":"Vilight"},"image":{"@id":"https:\/\/vilight.vn\/website\/#\/schema\/logo\/image\/"},"sameAs":["http:\/\/facebook.com\/vilight.vn","https:\/\/www.linkedin.com\/company\/vilight-vn","https:\/\/www.youtube.com\/channel\/UCEwR2naeDcuarMX1kSv_rLQ\/videos"]}]},"product_brand":"XT Series","product_price_currency":"VND","og_availability":"instock","product_availability":"instock","product_condition":"new"},"_links":{"self":[{"href":"https:\/\/vilight.vn\/website\/wp-json\/wp\/v2\/product\/1377","targetHints":{"allow":["GET"]}}],"collection":[{"href":"https:\/\/vilight.vn\/website\/wp-json\/wp\/v2\/product"}],"about":[{"href":"https:\/\/vilight.vn\/website\/wp-json\/wp\/v2\/types\/product"}],"wp:featuredmedia":[{"embeddable":true,"href":"https:\/\/vilight.vn\/website\/wp-json\/wp\/v2\/media\/1378"}],"wp:attachment":[{"href":"https:\/\/vilight.vn\/website\/wp-json\/wp\/v2\/media?parent=1377"}],"wp:term":[{"taxonomy":"product_brand","embeddable":true,"href":"https:\/\/vilight.vn\/website\/wp-json\/wp\/v2\/product_brand?post=1377"},{"taxonomy":"product_cat","embeddable":true,"href":"https:\/\/vilight.vn\/website\/wp-json\/wp\/v2\/product_cat?post=1377"},{"taxonomy":"product_tag","embeddable":true,"href":"https:\/\/vilight.vn\/website\/wp-json\/wp\/v2\/product_tag?post=1377"}],"curies":[{"name":"wp","href":"https:\/\/api.w.org\/{rel}","templated":true}]}}