{"id":1380,"date":"2021-06-27T11:02:35","date_gmt":"2021-06-27T04:02:35","guid":{"rendered":"https:\/\/vilight.vn\/website\/?post_type=product&#038;p=1380"},"modified":"2024-10-01T15:43:36","modified_gmt":"2024-10-01T08:43:36","slug":"den-led-thanh-vl-xq01","status":"publish","type":"product","link":"https:\/\/vilight.vn\/website\/san-pham\/den-led-pixel\/led-thanh\/xq-series\/den-led-thanh-vl-xq01\/","title":{"rendered":"\u0110\u00e8n LED thanh VL-XQ01"},"content":{"rendered":"<h2 style=\"text-align: justify;\"><span style=\"font-size: 18pt;\">\u0110\u00e8n Led thanh VL-XQ01 &#8211; Gi\u1ea3i ph\u00e1p chi\u1ebfu s\u00e1ng ngo\u00e0i tr\u1eddi, bi\u1ec3n hi\u1ec7u v\u00e0 qu\u1ea3ng c\u00e1o hi\u1ec7u qu\u1ea3<\/span><\/h2>\n<p style=\"text-align: justify;\"><span style=\"font-size: 14pt;\">\u0110\u00e8n Led thanh VL-XQ01 l\u00e0 m\u1ed9t s\u1ea3n ph\u1ea9m \u0111\u00e1ng ch\u00fa \u00fd trong l\u0129nh v\u1ef1c chi\u1ebfu s\u00e1ng ngo\u00e0i tr\u1eddi, bi\u1ec3n hi\u1ec7u v\u00e0 qu\u1ea3ng c\u00e1o. V\u1edbi c\u00e1c \u0111\u1eb7c \u0111i\u1ec3m thi\u1ebft k\u1ebf v\u00e0 th\u00f4ng s\u1ed1 k\u1ef9 thu\u1eadt h\u00e0ng \u0111\u1ea7u, \u0111\u00e8n Led thanh VL-XQ01 \u0111\u00e1p \u1ee9ng m\u1ecdi y\u00eau c\u1ea7u v\u1ec1 ch\u1ea5t l\u01b0\u1ee3ng \u00e1nh s\u00e1ng, b\u1ec1n b\u1ec9 v\u00e0 t\u00ednh th\u1ea9m m\u1ef9.<\/span><\/p>\n<p style=\"text-align: justify;\"><span style=\"font-size: 14pt;\">Thi\u1ebft k\u1ebf \u1ed1ng gi\u00f3 b\u00ean trong \u0111\u1ed9c \u0111\u00e1o c\u1ee7a \u0111\u00e8n Led VL-XQ01 kh\u00f4ng ch\u1ec9 mang l\u1ea1i v\u1ebb ngo\u00e0i trang nh\u00e3 m\u00e0 c\u00f2n gi\u00fap t\u1ea3n nhi\u1ec7t c\u1ef1c t\u1ed1t. \u0110i\u1ec1u n\u00e0y \u0111\u1ea3m b\u1ea3o cho \u0111\u00e8n ho\u1ea1t \u0111\u1ed9ng \u1ed5n \u0111\u1ecbnh v\u00e0 \u0111\u1ea1t tu\u1ed5i th\u1ecd l\u00e2u d\u00e0i. Th\u00e2n \u0111\u00e8n \u0111\u01b0\u1ee3c phun s\u01a1n tinh \u0111i\u1ec7n b\u1eb1ng b\u1ed9t Fluorocarbon nh\u1eadp kh\u1ea9u, gi\u00fap m\u00e0u s\u1eafc c\u1ee7a \u0111\u00e8n c\u1ef1c k\u1ef3 b\u1ec1n v\u00e0 kh\u00f4ng b\u1ecb phai m\u1edd trong qu\u00e1 tr\u00ecnh s\u1eed d\u1ee5ng l\u00e2u d\u00e0i.<\/span><\/p>\n<p style=\"text-align: justify;\"><span style=\"font-size: 14pt;\">V\u1edbi c\u00e1c th\u00f4ng s\u1ed1 chi ti\u1ebft \u0111a d\u1ea1ng, \u0111\u00e8n Led VL-XQ01 \u0111\u00e1p \u1ee9ng nhu c\u1ea7u \u00e1nh s\u00e1ng cho c\u00e1c c\u00f4ng tr\u00ecnh chi\u1ebfu s\u00e1ng ngo\u00e0i tr\u1eddi, bi\u1ec3n hi\u1ec7u v\u00e0 qu\u1ea3ng c\u00e1o. \u0110\u1ed9 k\u00edn IP65 gi\u00fap \u0111\u00e8n ch\u1ed1ng n\u01b0\u1edbc v\u00e0 b\u1ee5i b\u1ea9n, \u0111\u1ea3m b\u1ea3o ho\u1ea1t \u0111\u1ed9ng \u1ed5n \u0111\u1ecbnh trong m\u1ecdi \u0111i\u1ec1u ki\u1ec7n th\u1eddi ti\u1ebft. G\u00f3c chi\u1ebfu s\u00e1ng c\u00f3 th\u1ec3 l\u1ef1a ch\u1ecdn t\u1eeb 15\u00b0, 25\u00b0, 30\u00b0 \u0111\u1ebfn 45\u00b0, gi\u00fap t\u1ea1o ra hi\u1ec7u \u1ee9ng chi\u1ebfu s\u00e1ng linh ho\u1ea1t v\u00e0 t\u00f9y ch\u1ec9nh theo nhu c\u1ea7u s\u1eed d\u1ee5ng.<\/span><\/p>\n<p style=\"text-align: justify;\"><span style=\"font-size: 14pt;\">\u0110\u00e8n Led VL-XQ01 \u0111\u01b0\u1ee3c trang b\u1ecb chip LED ch\u1ea5t l\u01b0\u1ee3ng cao t\u1eeb c\u00e1c th\u01b0\u01a1ng hi\u1ec7u n\u1ed5i ti\u1ebfng nh\u01b0 CREE, Epistar, Osram, \u0111\u1ea3m b\u1ea3o \u00e1nh s\u00e1ng m\u1ea1nh m\u1ebd, \u1ed5n \u0111\u1ecbnh v\u00e0 ti\u1ebft ki\u1ec7m n\u0103ng l\u01b0\u1ee3ng. V\u1edbi c\u00f4ng su\u1ea5t c\u00f3 th\u1ec3 l\u1ef1a ch\u1ecdn t\u1eeb 18W, 24W \u0111\u1ebfn 36W, \u0111\u00e8n Led thanh VL-XQ01 ph\u00f9 h\u1ee3p v\u1edbi nhi\u1ec1u lo\u1ea1i c\u00f4ng tr\u00ecnh v\u00e0 y\u00eau c\u1ea7u chi\u1ebfu s\u00e1ng kh\u00e1c nhau.<\/span><\/p>\n<p style=\"text-align: justify;\"><span style=\"font-size: 14pt;\">\u0110\u00e8n ho\u1ea1t \u0111\u1ed9ng v\u1edbi \u0111i\u1ec7n \u00e1p ho\u1ea1t \u0111\u1ed9ng 24VDC, \u0111\u1ea3m b\u1ea3o an to\u00e0n v\u00e0 ti\u1ebft ki\u1ec7m \u0111i\u1ec7n n\u0103ng. Gray Level 256\/65536 \u0111em l\u1ea1i s\u1ef1 \u0111i\u1ec1u ch\u1ec9nh m\u00e0u s\u1eafc tinh t\u1ebf v\u00e0 ch\u00ednh x<\/span><\/p>\n<p style=\"text-align: justify;\"><span style=\"font-size: 14pt;\">\u00e1c, t\u1ea1o ra hi\u1ec7u \u1ee9ng \u00e1nh s\u00e1ng \u0111a d\u1ea1ng. V\u1edbi tu\u1ed5i th\u1ecd l\u00ean \u0111\u1ebfn 50.000 gi\u1edd, \u0111\u00e8n Led VL-XQ01 gi\u00fap gi\u1ea3m chi ph\u00ed b\u1ea3o tr\u00ec v\u00e0 thay th\u1ebf.<\/span><\/p>\n<p style=\"text-align: justify;\"><span style=\"font-size: 14pt;\">\u0110\u00e8n Led thanh VL-XQ01 c\u0169ng \u0111\u00e1p \u1ee9ng c\u00e1c ti\u00eau chu\u1ea9n an to\u00e0n cao, bao g\u1ed3m c\u1ea5p ch\u1ed1ng ch\u00e1y 94-V0 v\u00e0 c\u1ea5p c\u00e1ch \u0111i\u1ec7n III. \u0110i\u1ec1u n\u00e0y \u0111\u1ea3m b\u1ea3o s\u1ef1 an to\u00e0n v\u00e0 tin c\u1eady trong qu\u00e1 tr\u00ecnh s\u1eed d\u1ee5ng.<\/span><\/p>\n<p style=\"text-align: justify;\"><span style=\"font-size: 14pt;\">T\u00f3m l\u1ea1i, \u0111\u00e8n Led thanh VL-XQ01 l\u00e0 m\u1ed9t gi\u1ea3i ph\u00e1p chi\u1ebfu s\u00e1ng ngo\u00e0i tr\u1eddi, bi\u1ec3n hi\u1ec7u v\u00e0 qu\u1ea3ng c\u00e1o hi\u1ec7u qu\u1ea3, v\u1edbi thi\u1ebft k\u1ebf \u0111\u1ed9c \u0111\u00e1o, ch\u1ea5t l\u01b0\u1ee3ng \u00e1nh s\u00e1ng tuy\u1ec7t v\u1eddi v\u00e0 t\u00ednh th\u1ea9m m\u1ef9 cao. S\u1ea3n ph\u1ea9m n\u00e0y th\u1ec3 hi\u1ec7n cam k\u1ebft c\u1ee7a m\u00ecnh trong vi\u1ec7c mang \u0111\u1ebfn \u00e1nh s\u00e1ng t\u1ed1t nh\u1ea5t cho c\u00e1c \u1ee9ng d\u1ee5ng s\u00e1ng t\u1ea1o v\u00e0 th\u01b0\u01a1ng m\u1ea1i.<\/span><\/p>\n<p style=\"text-align: justify;\"><span style=\"font-size: 14pt;\"><a href=\"https:\/\/vilight.vn\/website\/wp-content\/uploads\/2021\/06\/XQ01-TT.jpg\"><img decoding=\"async\" class=\"wp-image-1382 aligncenter lazyload\" data-src=\"https:\/\/vilight.vn\/website\/wp-content\/uploads\/2021\/06\/XQ01-TT.jpg\" alt=\"\u0110\u00e8n Led thanh VL-XQ01\" width=\"1500\" height=\"1148\" data-srcset=\"https:\/\/vilight.vn\/website\/wp-content\/uploads\/2021\/06\/XQ01-TT.jpg 1200w, https:\/\/vilight.vn\/website\/wp-content\/uploads\/2021\/06\/XQ01-TT-800x612.jpg 800w, https:\/\/vilight.vn\/website\/wp-content\/uploads\/2021\/06\/XQ01-TT-300x230.jpg 300w, https:\/\/vilight.vn\/website\/wp-content\/uploads\/2021\/06\/XQ01-TT-1024x783.jpg 1024w, https:\/\/vilight.vn\/website\/wp-content\/uploads\/2021\/06\/XQ01-TT-768x588.jpg 768w, https:\/\/vilight.vn\/website\/wp-content\/uploads\/2021\/06\/XQ01-TT-16x12.jpg 16w, https:\/\/vilight.vn\/website\/wp-content\/uploads\/2021\/06\/XQ01-TT-191x146.jpg 191w, https:\/\/vilight.vn\/website\/wp-content\/uploads\/2021\/06\/XQ01-TT-50x38.jpg 50w, https:\/\/vilight.vn\/website\/wp-content\/uploads\/2021\/06\/XQ01-TT-98x75.jpg 98w, https:\/\/vilight.vn\/website\/wp-content\/uploads\/2021\/06\/XQ01-TT-600x459.jpg 600w\" data-sizes=\"(max-width:767px) 480px, (max-width:1500px) 100vw, 1500px\" src=\"data:image\/svg+xml;base64,PHN2ZyB3aWR0aD0iMSIgaGVpZ2h0PSIxIiB4bWxucz0iaHR0cDovL3d3dy53My5vcmcvMjAwMC9zdmciPjwvc3ZnPg==\" style=\"--smush-placeholder-width: 1500px; --smush-placeholder-aspect-ratio: 1500\/1148;\" \/><\/a><\/span><\/p>\n<ul>\n<li style=\"text-align: justify;\"><\/li>\n<\/ul>\n","protected":false},"excerpt":{"rendered":"<p style=\"text-align: justify;\"><span style=\"font-size: 14pt;\">\u0110\u00e8n LED thanh VL-XQ01 &#8211; Gi\u1ea3i ph\u00e1p chi\u1ebfu s\u00e1ng ngo\u00e0i tr\u1eddi, bi\u1ec3n hi\u1ec7u v\u00e0 qu\u1ea3ng c\u00e1o. Thi\u1ebft k\u1ebf \u0111\u1ed9c \u0111\u00e1o, \u00e1nh s\u00e1ng m\u1ea1nh m\u1ebd, tu\u1ed5i th\u1ecd l\u00ean \u0111\u1ebfn 50.000 gi\u1edd. \u0110\u1ea3m b\u1ea3o ch\u1ea5t l\u01b0\u1ee3ng, t\u1ea3n nhi\u1ec7t t\u1ed1t v\u00e0 kh\u00f4ng b\u1ecb phai m\u00e0u.<\/span><\/p>\n","protected":false},"featured_media":1381,"template":"","meta":[],"product_brand":[],"product_cat":[77,189,191],"product_tag":[475],"class_list":{"0":"post-1380","1":"product","2":"type-product","3":"status-publish","4":"has-post-thumbnail","6":"product_cat-den-led-pixel","7":"product_cat-led-thanh","8":"product_cat-xq-series","9":"product_tag-den-led-thanh-vl-xq01","10":"pa_chip-led-cree","11":"pa_chip-led-epistar","12":"pa_chip-led-oram","13":"pa_chuan-dieu-khien-dmx","14":"pa_chuan-dieu-khien-on-off","15":"pa_cong-suat-18w","16":"pa_cong-suat-24w","17":"pa_cong-suat-36w","18":"pa_dien-ap-hoat-dong-24vdc","19":"pa_do-kin-ip65","20":"pa_goc-chieu-231","21":"pa_goc-chieu-232","22":"pa_goc-chieu-233","23":"pa_goc-chieu-234","24":"pa_gray-level-256-65536","25":"pa_kich-thuoc-42-5401000-mm","27":"first","28":"instock","29":"taxable","30":"shipping-taxable","31":"product-type-simple"},"yoast_head":"<!-- This site is optimized with the Yoast SEO Premium plugin v27.4 (Yoast SEO v27.4) - https:\/\/yoast.com\/product\/yoast-seo-premium-wordpress\/ -->\n<title>\u0110\u00e8n LED thanh VL-XQ01 - Vilight Co.ltd<\/title>\n<meta name=\"description\" content=\"\u0110\u00e8n LED thanh VL-XQ01 l\u00e0 m\u1ed9t gi\u1ea3i ph\u00e1p chi\u1ebfu s\u00e1ng ngo\u00e0i tr\u1eddi v\u1edbi thi\u1ebft k\u1ebf \u0111\u1ed9c \u0111\u00e1o, ch\u1ea5t l\u01b0\u1ee3ng \u00e1nh s\u00e1ng tuy\u1ec7t v\u1eddi v\u00e0 t\u00ednh th\u1ea9m m\u1ef9 cao.\" \/>\n<meta name=\"robots\" content=\"index, follow, max-snippet:-1, max-image-preview:large, max-video-preview:-1\" \/>\n<link rel=\"canonical\" href=\"https:\/\/vilight.vn\/website\/san-pham\/den-led-pixel\/led-thanh\/xq-series\/den-led-thanh-vl-xq01\/\" \/>\n<meta property=\"og:locale\" content=\"vi_VN\" \/>\n<meta property=\"og:type\" content=\"article\" \/>\n<meta property=\"og:title\" content=\"\u0110\u00e8n LED thanh VL-XQ01\" \/>\n<meta property=\"og:description\" content=\"\u0110\u00e8n LED thanh VL-XQ01 - Gi\u1ea3i ph\u00e1p chi\u1ebfu s\u00e1ng ngo\u00e0i tr\u1eddi, bi\u1ec3n hi\u1ec7u v\u00e0 qu\u1ea3ng c\u00e1o. Thi\u1ebft k\u1ebf \u0111\u1ed9c \u0111\u00e1o, \u00e1nh s\u00e1ng m\u1ea1nh m\u1ebd, tu\u1ed5i th\u1ecd l\u00ean \u0111\u1ebfn 50.000 gi\u1edd. \u0110\u1ea3m b\u1ea3o ch\u1ea5t l\u01b0\u1ee3ng, t\u1ea3n nhi\u1ec7t t\u1ed1t v\u00e0 kh\u00f4ng b\u1ecb phai m\u00e0u.\" \/>\n<meta property=\"og:url\" content=\"https:\/\/vilight.vn\/website\/san-pham\/den-led-pixel\/led-thanh\/xq-series\/den-led-thanh-vl-xq01\/\" \/>\n<meta property=\"og:site_name\" content=\"Vilight Co.ltd\" \/>\n<meta property=\"article:publisher\" content=\"http:\/\/facebook.com\/vilight.vn\" \/>\n<meta property=\"article:modified_time\" content=\"2024-10-01T08:43:36+00:00\" \/>\n<meta property=\"og:image\" content=\"https:\/\/vilight.vn\/website\/wp-content\/uploads\/2021\/06\/XQ01-Logo.jpg\" \/>\n\t<meta property=\"og:image:width\" content=\"600\" \/>\n\t<meta property=\"og:image:height\" content=\"600\" \/>\n\t<meta property=\"og:image:type\" content=\"image\/jpeg\" \/>\n<meta name=\"twitter:card\" content=\"summary_large_image\" \/>\n<meta name=\"twitter:label1\" content=\"Gi\u00e1\" \/>\n\t<meta name=\"twitter:data1\" content=\"\" \/>\n\t<meta name=\"twitter:label2\" content=\"Kh\u1ea3 d\u1ee5ng\" \/>\n\t<meta name=\"twitter:data2\" content=\"Trong kho\" \/>\n<script type=\"application\/ld+json\" class=\"yoast-schema-graph\">{\"@context\":\"https:\\\/\\\/schema.org\",\"@graph\":[{\"@type\":\"WebPage\",\"@id\":\"https:\\\/\\\/vilight.vn\\\/website\\\/san-pham\\\/den-led-pixel\\\/led-thanh\\\/xq-series\\\/den-led-thanh-vl-xq01\\\/\",\"url\":\"https:\\\/\\\/vilight.vn\\\/website\\\/san-pham\\\/den-led-pixel\\\/led-thanh\\\/xq-series\\\/den-led-thanh-vl-xq01\\\/\",\"name\":\"\u0110\u00e8n LED thanh VL-XQ01 - Vilight Co.ltd\",\"isPartOf\":{\"@id\":\"https:\\\/\\\/vilight.vn\\\/website\\\/#website\"},\"primaryImageOfPage\":{\"@id\":\"https:\\\/\\\/vilight.vn\\\/website\\\/san-pham\\\/den-led-pixel\\\/led-thanh\\\/xq-series\\\/den-led-thanh-vl-xq01\\\/#primaryimage\"},\"image\":{\"@id\":\"https:\\\/\\\/vilight.vn\\\/website\\\/san-pham\\\/den-led-pixel\\\/led-thanh\\\/xq-series\\\/den-led-thanh-vl-xq01\\\/#primaryimage\"},\"thumbnailUrl\":\"https:\\\/\\\/vilight.vn\\\/website\\\/wp-content\\\/uploads\\\/2021\\\/06\\\/XQ01-Logo.jpg\",\"datePublished\":\"2021-06-27T04:02:35+00:00\",\"dateModified\":\"2024-10-01T08:43:36+00:00\",\"description\":\"\u0110\u00e8n LED thanh VL-XQ01 l\u00e0 m\u1ed9t gi\u1ea3i ph\u00e1p chi\u1ebfu s\u00e1ng ngo\u00e0i tr\u1eddi v\u1edbi thi\u1ebft k\u1ebf \u0111\u1ed9c \u0111\u00e1o, ch\u1ea5t l\u01b0\u1ee3ng \u00e1nh s\u00e1ng tuy\u1ec7t v\u1eddi v\u00e0 t\u00ednh th\u1ea9m m\u1ef9 cao.\",\"breadcrumb\":{\"@id\":\"https:\\\/\\\/vilight.vn\\\/website\\\/san-pham\\\/den-led-pixel\\\/led-thanh\\\/xq-series\\\/den-led-thanh-vl-xq01\\\/#breadcrumb\"},\"inLanguage\":\"vi\",\"potentialAction\":[{\"@type\":\"ReadAction\",\"target\":[\"https:\\\/\\\/vilight.vn\\\/website\\\/san-pham\\\/den-led-pixel\\\/led-thanh\\\/xq-series\\\/den-led-thanh-vl-xq01\\\/\"]}]},{\"@type\":\"ImageObject\",\"inLanguage\":\"vi\",\"@id\":\"https:\\\/\\\/vilight.vn\\\/website\\\/san-pham\\\/den-led-pixel\\\/led-thanh\\\/xq-series\\\/den-led-thanh-vl-xq01\\\/#primaryimage\",\"url\":\"https:\\\/\\\/vilight.vn\\\/website\\\/wp-content\\\/uploads\\\/2021\\\/06\\\/XQ01-Logo.jpg\",\"contentUrl\":\"https:\\\/\\\/vilight.vn\\\/website\\\/wp-content\\\/uploads\\\/2021\\\/06\\\/XQ01-Logo.jpg\",\"width\":600,\"height\":600,\"caption\":\"\u0110\u00e8n Led thanh VL-XQ01\"},{\"@type\":\"BreadcrumbList\",\"@id\":\"https:\\\/\\\/vilight.vn\\\/website\\\/san-pham\\\/den-led-pixel\\\/led-thanh\\\/xq-series\\\/den-led-thanh-vl-xq01\\\/#breadcrumb\",\"itemListElement\":[{\"@type\":\"ListItem\",\"position\":1,\"name\":\"Home\",\"item\":\"https:\\\/\\\/vilight.vn\\\/website\\\/\"},{\"@type\":\"ListItem\",\"position\":2,\"name\":\"store\",\"item\":\"https:\\\/\\\/vilight.vn\\\/website\\\/store\\\/\"},{\"@type\":\"ListItem\",\"position\":3,\"name\":\"\u0110\u00e8n LED thanh VL-XQ01\"}]},{\"@type\":\"WebSite\",\"@id\":\"https:\\\/\\\/vilight.vn\\\/website\\\/#website\",\"url\":\"https:\\\/\\\/vilight.vn\\\/website\\\/\",\"name\":\"Vilight Co.ltd\",\"description\":\"Chi\u1ebfu s\u00e1ng m\u1ef9 thu\u1eadt, chi\u1ebfu s\u00e1ng th\u00f4ng minh, LED Pixel 3D, chi\u1ebfu s\u00e1ng trang tr\u00ed \u0111\u00f4 th\u1ecb, chi\u1ebfu s\u00e1ng v\u00f2ng xoay, chi\u1ebfu s\u00e1ng \u0111\u1ea3o giao th\u00f4ng, c\u1ed5ng ch\u00e0o \u0111\u00f4 th\u1ecb\",\"publisher\":{\"@id\":\"https:\\\/\\\/vilight.vn\\\/website\\\/#organization\"},\"potentialAction\":[{\"@type\":\"SearchAction\",\"target\":{\"@type\":\"EntryPoint\",\"urlTemplate\":\"https:\\\/\\\/vilight.vn\\\/website\\\/?s={search_term_string}\"},\"query-input\":{\"@type\":\"PropertyValueSpecification\",\"valueRequired\":true,\"valueName\":\"search_term_string\"}}],\"inLanguage\":\"vi\"},{\"@type\":\"Organization\",\"@id\":\"https:\\\/\\\/vilight.vn\\\/website\\\/#organization\",\"name\":\"Vilight\",\"url\":\"https:\\\/\\\/vilight.vn\\\/website\\\/\",\"logo\":{\"@type\":\"ImageObject\",\"inLanguage\":\"vi\",\"@id\":\"https:\\\/\\\/vilight.vn\\\/website\\\/#\\\/schema\\\/logo\\\/image\\\/\",\"url\":\"https:\\\/\\\/vilight.vn\\\/website\\\/wp-content\\\/uploads\\\/2022\\\/05\\\/chieu_sang_trang_tri_do_thi_bang_den_led_pixel.png\",\"contentUrl\":\"https:\\\/\\\/vilight.vn\\\/website\\\/wp-content\\\/uploads\\\/2022\\\/05\\\/chieu_sang_trang_tri_do_thi_bang_den_led_pixel.png\",\"width\":800,\"height\":427,\"caption\":\"Vilight\"},\"image\":{\"@id\":\"https:\\\/\\\/vilight.vn\\\/website\\\/#\\\/schema\\\/logo\\\/image\\\/\"},\"sameAs\":[\"http:\\\/\\\/facebook.com\\\/vilight.vn\",\"https:\\\/\\\/www.linkedin.com\\\/company\\\/vilight-vn\",\"https:\\\/\\\/www.youtube.com\\\/channel\\\/UCEwR2naeDcuarMX1kSv_rLQ\\\/videos\"]}]}<\/script>\n<meta property=\"product:brand\" content=\"XQ Series\" \/>\n<meta property=\"product:price:currency\" content=\"VND\" \/>\n<meta property=\"og:availability\" content=\"instock\" \/>\n<meta property=\"product:availability\" content=\"instock\" \/>\n<meta property=\"product:condition\" content=\"new\" \/>\n<!-- \/ Yoast SEO Premium plugin. -->","yoast_head_json":{"title":"\u0110\u00e8n LED thanh VL-XQ01 - Vilight Co.ltd","description":"\u0110\u00e8n LED thanh VL-XQ01 l\u00e0 m\u1ed9t gi\u1ea3i ph\u00e1p chi\u1ebfu s\u00e1ng ngo\u00e0i tr\u1eddi v\u1edbi thi\u1ebft k\u1ebf \u0111\u1ed9c \u0111\u00e1o, ch\u1ea5t l\u01b0\u1ee3ng \u00e1nh s\u00e1ng tuy\u1ec7t v\u1eddi v\u00e0 t\u00ednh th\u1ea9m m\u1ef9 cao.","robots":{"index":"index","follow":"follow","max-snippet":"max-snippet:-1","max-image-preview":"max-image-preview:large","max-video-preview":"max-video-preview:-1"},"canonical":"https:\/\/vilight.vn\/website\/san-pham\/den-led-pixel\/led-thanh\/xq-series\/den-led-thanh-vl-xq01\/","og_locale":"vi_VN","og_type":"article","og_title":"\u0110\u00e8n LED thanh VL-XQ01","og_description":"\u0110\u00e8n LED thanh VL-XQ01 - Gi\u1ea3i ph\u00e1p chi\u1ebfu s\u00e1ng ngo\u00e0i tr\u1eddi, bi\u1ec3n hi\u1ec7u v\u00e0 qu\u1ea3ng c\u00e1o. Thi\u1ebft k\u1ebf \u0111\u1ed9c \u0111\u00e1o, \u00e1nh s\u00e1ng m\u1ea1nh m\u1ebd, tu\u1ed5i th\u1ecd l\u00ean \u0111\u1ebfn 50.000 gi\u1edd. \u0110\u1ea3m b\u1ea3o ch\u1ea5t l\u01b0\u1ee3ng, t\u1ea3n nhi\u1ec7t t\u1ed1t v\u00e0 kh\u00f4ng b\u1ecb phai m\u00e0u.","og_url":"https:\/\/vilight.vn\/website\/san-pham\/den-led-pixel\/led-thanh\/xq-series\/den-led-thanh-vl-xq01\/","og_site_name":"Vilight Co.ltd","article_publisher":"http:\/\/facebook.com\/vilight.vn","article_modified_time":"2024-10-01T08:43:36+00:00","og_image":[{"width":600,"height":600,"url":"https:\/\/vilight.vn\/website\/wp-content\/uploads\/2021\/06\/XQ01-Logo.jpg","type":"image\/jpeg"}],"twitter_card":"summary_large_image","twitter_misc":{"Gi\u00e1":"","Kh\u1ea3 d\u1ee5ng":"Trong kho"},"schema":{"@context":"https:\/\/schema.org","@graph":[{"@type":"WebPage","@id":"https:\/\/vilight.vn\/website\/san-pham\/den-led-pixel\/led-thanh\/xq-series\/den-led-thanh-vl-xq01\/","url":"https:\/\/vilight.vn\/website\/san-pham\/den-led-pixel\/led-thanh\/xq-series\/den-led-thanh-vl-xq01\/","name":"\u0110\u00e8n LED thanh VL-XQ01 - Vilight Co.ltd","isPartOf":{"@id":"https:\/\/vilight.vn\/website\/#website"},"primaryImageOfPage":{"@id":"https:\/\/vilight.vn\/website\/san-pham\/den-led-pixel\/led-thanh\/xq-series\/den-led-thanh-vl-xq01\/#primaryimage"},"image":{"@id":"https:\/\/vilight.vn\/website\/san-pham\/den-led-pixel\/led-thanh\/xq-series\/den-led-thanh-vl-xq01\/#primaryimage"},"thumbnailUrl":"https:\/\/vilight.vn\/website\/wp-content\/uploads\/2021\/06\/XQ01-Logo.jpg","datePublished":"2021-06-27T04:02:35+00:00","dateModified":"2024-10-01T08:43:36+00:00","description":"\u0110\u00e8n LED thanh VL-XQ01 l\u00e0 m\u1ed9t gi\u1ea3i ph\u00e1p chi\u1ebfu s\u00e1ng ngo\u00e0i tr\u1eddi v\u1edbi thi\u1ebft k\u1ebf \u0111\u1ed9c \u0111\u00e1o, ch\u1ea5t l\u01b0\u1ee3ng \u00e1nh s\u00e1ng tuy\u1ec7t v\u1eddi v\u00e0 t\u00ednh th\u1ea9m m\u1ef9 cao.","breadcrumb":{"@id":"https:\/\/vilight.vn\/website\/san-pham\/den-led-pixel\/led-thanh\/xq-series\/den-led-thanh-vl-xq01\/#breadcrumb"},"inLanguage":"vi","potentialAction":[{"@type":"ReadAction","target":["https:\/\/vilight.vn\/website\/san-pham\/den-led-pixel\/led-thanh\/xq-series\/den-led-thanh-vl-xq01\/"]}]},{"@type":"ImageObject","inLanguage":"vi","@id":"https:\/\/vilight.vn\/website\/san-pham\/den-led-pixel\/led-thanh\/xq-series\/den-led-thanh-vl-xq01\/#primaryimage","url":"https:\/\/vilight.vn\/website\/wp-content\/uploads\/2021\/06\/XQ01-Logo.jpg","contentUrl":"https:\/\/vilight.vn\/website\/wp-content\/uploads\/2021\/06\/XQ01-Logo.jpg","width":600,"height":600,"caption":"\u0110\u00e8n Led thanh VL-XQ01"},{"@type":"BreadcrumbList","@id":"https:\/\/vilight.vn\/website\/san-pham\/den-led-pixel\/led-thanh\/xq-series\/den-led-thanh-vl-xq01\/#breadcrumb","itemListElement":[{"@type":"ListItem","position":1,"name":"Home","item":"https:\/\/vilight.vn\/website\/"},{"@type":"ListItem","position":2,"name":"store","item":"https:\/\/vilight.vn\/website\/store\/"},{"@type":"ListItem","position":3,"name":"\u0110\u00e8n LED thanh VL-XQ01"}]},{"@type":"WebSite","@id":"https:\/\/vilight.vn\/website\/#website","url":"https:\/\/vilight.vn\/website\/","name":"Vilight Co.ltd","description":"Chi\u1ebfu s\u00e1ng m\u1ef9 thu\u1eadt, chi\u1ebfu s\u00e1ng th\u00f4ng minh, LED Pixel 3D, chi\u1ebfu s\u00e1ng trang tr\u00ed \u0111\u00f4 th\u1ecb, chi\u1ebfu s\u00e1ng v\u00f2ng xoay, chi\u1ebfu s\u00e1ng \u0111\u1ea3o giao th\u00f4ng, c\u1ed5ng ch\u00e0o \u0111\u00f4 th\u1ecb","publisher":{"@id":"https:\/\/vilight.vn\/website\/#organization"},"potentialAction":[{"@type":"SearchAction","target":{"@type":"EntryPoint","urlTemplate":"https:\/\/vilight.vn\/website\/?s={search_term_string}"},"query-input":{"@type":"PropertyValueSpecification","valueRequired":true,"valueName":"search_term_string"}}],"inLanguage":"vi"},{"@type":"Organization","@id":"https:\/\/vilight.vn\/website\/#organization","name":"Vilight","url":"https:\/\/vilight.vn\/website\/","logo":{"@type":"ImageObject","inLanguage":"vi","@id":"https:\/\/vilight.vn\/website\/#\/schema\/logo\/image\/","url":"https:\/\/vilight.vn\/website\/wp-content\/uploads\/2022\/05\/chieu_sang_trang_tri_do_thi_bang_den_led_pixel.png","contentUrl":"https:\/\/vilight.vn\/website\/wp-content\/uploads\/2022\/05\/chieu_sang_trang_tri_do_thi_bang_den_led_pixel.png","width":800,"height":427,"caption":"Vilight"},"image":{"@id":"https:\/\/vilight.vn\/website\/#\/schema\/logo\/image\/"},"sameAs":["http:\/\/facebook.com\/vilight.vn","https:\/\/www.linkedin.com\/company\/vilight-vn","https:\/\/www.youtube.com\/channel\/UCEwR2naeDcuarMX1kSv_rLQ\/videos"]}]},"product_brand":"XQ Series","product_price_currency":"VND","og_availability":"instock","product_availability":"instock","product_condition":"new"},"_links":{"self":[{"href":"https:\/\/vilight.vn\/website\/wp-json\/wp\/v2\/product\/1380","targetHints":{"allow":["GET"]}}],"collection":[{"href":"https:\/\/vilight.vn\/website\/wp-json\/wp\/v2\/product"}],"about":[{"href":"https:\/\/vilight.vn\/website\/wp-json\/wp\/v2\/types\/product"}],"wp:featuredmedia":[{"embeddable":true,"href":"https:\/\/vilight.vn\/website\/wp-json\/wp\/v2\/media\/1381"}],"wp:attachment":[{"href":"https:\/\/vilight.vn\/website\/wp-json\/wp\/v2\/media?parent=1380"}],"wp:term":[{"taxonomy":"product_brand","embeddable":true,"href":"https:\/\/vilight.vn\/website\/wp-json\/wp\/v2\/product_brand?post=1380"},{"taxonomy":"product_cat","embeddable":true,"href":"https:\/\/vilight.vn\/website\/wp-json\/wp\/v2\/product_cat?post=1380"},{"taxonomy":"product_tag","embeddable":true,"href":"https:\/\/vilight.vn\/website\/wp-json\/wp\/v2\/product_tag?post=1380"}],"curies":[{"name":"wp","href":"https:\/\/api.w.org\/{rel}","templated":true}]}}