{"id":1383,"date":"2021-06-27T11:03:15","date_gmt":"2021-06-27T04:03:15","guid":{"rendered":"https:\/\/vilight.vn\/website\/?post_type=product&#038;p=1383"},"modified":"2024-10-01T15:44:28","modified_gmt":"2024-10-01T08:44:28","slug":"den-led-thanh-vl-xq02","status":"publish","type":"product","link":"https:\/\/vilight.vn\/website\/san-pham\/den-led-pixel\/led-thanh\/xq-series\/den-led-thanh-vl-xq02\/","title":{"rendered":"\u0110\u00e8n LED thanh VL-XQ02"},"content":{"rendered":"<h2 style=\"text-align: justify;\"><span style=\"font-size: 18pt;\">\u0110\u00e8n Led thanh VL-XQ02: Gi\u1ea3i ph\u00e1p chi\u1ebfu s\u00e1ng ch\u1ea5t l\u01b0\u1ee3ng cao cho m\u1ecdi kh\u00f4ng gian<\/span><\/h2>\n<p style=\"text-align: justify;\"><span style=\"font-size: 14pt;\">B\u1ea1n \u0111ang t\u00ecm ki\u1ebfm m\u1ed9t gi\u1ea3i ph\u00e1p chi\u1ebfu s\u00e1ng \u0111\u00e1ng tin c\u1eady v\u00e0 ch\u1ea5t l\u01b0\u1ee3ng cao cho kh\u00f4ng gian c\u1ee7a m\u00ecnh? \u0110\u00e8n Led thanh VL-XQ02 l\u00e0 s\u1ef1 l\u1ef1a ch\u1ecdn ho\u00e0n h\u1ea3o cho b\u1ea1n. V\u1edbi c\u00e1c t\u00ednh n\u0103ng v\u00e0 th\u00f4ng s\u1ed1 k\u1ef9 thu\u1eadt v\u01b0\u1ee3t tr\u1ed9i, \u0111\u00e8n Led VL-XQ02 mang \u0111\u1ebfn \u00e1nh s\u00e1ng r\u1ef1c r\u1ee1, hi\u1ec7u su\u1ea5t cao v\u00e0 \u0111\u1ed9 b\u1ec1n l\u00e2u d\u00e0i, \u0111\u00e1p \u1ee9ng t\u1ed1t c\u00e1c y\u00eau c\u1ea7u chi\u1ebfu s\u00e1ng trong nhi\u1ec1u \u1ee9ng d\u1ee5ng kh\u00e1c nhau.<\/span><\/p>\n<p style=\"text-align: justify;\"><span style=\"font-size: 14pt;\">Chip LED c\u1ee7a \u0111\u00e8n Led thanh VL-XQ02 \u0111\u01b0\u1ee3c s\u1ea3n xu\u1ea5t b\u1edfi c\u00e1c th\u01b0\u01a1ng hi\u1ec7u h\u00e0ng \u0111\u1ea7u nh\u01b0 CREE, Epistar v\u00e0 Osram. Nh\u1edd v\u1eady, \u0111\u00e8n \u0111\u1ea3m b\u1ea3o \u0111\u1ed9 s\u00e1ng t\u1ed1i \u0111a v\u00e0 m\u00e0u s\u1eafc ch\u00ednh x\u00e1c, gi\u00fap t\u1ea1o ra m\u1ed9t kh\u00f4ng gian chi\u1ebfu s\u00e1ng r\u1ef1c r\u1ee1 v\u00e0 s\u1ed1ng \u0111\u1ed9ng.<\/span><\/p>\n<p style=\"text-align: justify;\"><span style=\"font-size: 14pt;\">V\u1edbi chu\u1ea9n \u0111i\u1ec1u khi\u1ec3n DMX v\u00e0 ON-OFF, \u0111\u00e8n Led thanh VL-XQ02 mang l\u1ea1i s\u1ef1 linh ho\u1ea1t trong vi\u1ec7c \u0111i\u1ec1u ch\u1ec9nh \u00e1nh s\u00e1ng. B\u1ea1n c\u00f3 th\u1ec3 t\u00f9y ch\u1ec9nh m\u00e0u s\u1eafc, \u0111\u1ed9 s\u00e1ng v\u00e0 hi\u1ec7u \u1ee9ng \u00e1nh s\u00e1ng theo \u00fd mu\u1ed1n, gi\u00fap t\u1ea1o ra kh\u00f4ng gian th\u00edch h\u1ee3p cho m\u1ecdi nhu c\u1ea7u v\u00e0 s\u1ef1 ki\u1ec7n. B\u00ean c\u1ea1nh \u0111\u00f3, chu\u1ea9n ON-OFF c\u0169ng \u0111\u01a1n gi\u1ea3n v\u00e0 d\u1ec5 s\u1eed d\u1ee5ng, cho ph\u00e9p b\u1ea1n b\u1eadt v\u00e0 t\u1eaft \u0111\u00e8n m\u1ed9t c\u00e1ch nhanh ch\u00f3ng.<\/span><\/p>\n<p style=\"text-align: justify;\"><span style=\"font-size: 14pt;\">V\u1edbi c\u00f4ng su\u1ea5t t\u1eeb 18W, 24W \u0111\u1ebfn 36W, \u0111\u00e8n Led VL-XQ02 cung c\u1ea5p \u0111\u1ee7 \u00e1nh s\u00e1ng cho c\u00e1c kh\u00f4ng gian kh\u00e1c nhau. B\u1ea1n c\u00f3 th\u1ec3 l\u1ef1a ch\u1ecdn c\u00f4ng su\u1ea5t ph\u00f9 h\u1ee3p v\u1edbi y\u00eau c\u1ea7u chi\u1ebfu s\u00e1ng c\u1ee7a m\u00ecnh, t\u1eeb \u00e1nh s\u00e1ng t\u1eadp trung v\u00e0 t\u1ea1o \u0111i\u1ec3m nh\u1ea5n cho \u0111\u1ebfn \u00e1nh s\u00e1ng t\u1ed5ng th\u1ec3.<\/span><\/p>\n<p style=\"text-align: justify;\"><span style=\"font-size: 14pt;\">\u0110\u00e8n Led VL-XQ02 ho\u1ea1t \u0111\u1ed9ng v\u1edbi \u0111i\u1ec7n \u00e1p 24VDC, mang l\u1ea1i hi\u1ec7u su\u1ea5t \u1ed5n \u0111\u1ecbnh v\u00e0 ti\u1ebft ki\u1ec7m n\u0103ng l\u01b0\u1ee3ng. \u0110i\u1ec1u n\u00e0y kh\u00f4ng ch\u1ec9 gi\u00fap gi\u1ea3m thi\u1ec3u hao ph\u00ed \u0111i\u1ec7n n\u0103ng m\u00e0 c\u00f2n b\u1ea3o v\u1ec7 m\u00f4i tr\u01b0\u1eddng.<\/span><\/p>\n<p style=\"text-align: justify;\"><span style=\"font-size: 14pt;\">V\u1edbi \u0111\u1ed9 k\u00edn IP65, \u0111\u00e8n Led thanh VL-XQ02 \u0111\u01b0\u1ee3c b\u1ea3o v\u1ec7 ch\u1ed1ng l\u1ea1i b\u1ee5i v\u00e0 n\u01b0\u1edbc, cho ph\u00e9p s\u1eed d\u1ee5ng trong m\u1ecdi \u0111i\u1ec1u ki\u1ec7n th\u1eddi ti\u1ebft. B\u1ea1n c\u00f3 th\u1ec3 y\u00ean t\u00e2m l\u1eafp \u0111\u1eb7t<\/span><\/p>\n<p style=\"text-align: justify;\"><span style=\"font-size: 14pt;\">\u0111\u00e8n \u1edf ngo\u00e0i tr\u1eddi, trong nh\u00e0, ho\u1eb7c trong c\u00e1c khu v\u1ef1c c\u00f3 \u0111\u1ed9 \u1ea9m cao m\u00e0 kh\u00f4ng c\u1ea7n lo l\u1eafng v\u1ec1 hi\u1ec7u su\u1ea5t v\u00e0 \u0111\u1ed9 b\u1ec1n c\u1ee7a \u0111\u00e8n.<\/span><\/p>\n<p style=\"text-align: justify;\"><span style=\"font-size: 14pt;\">G\u00f3c chi\u1ebfu c\u1ee7a \u0111\u00e8n Led thanh VL-XQ02 c\u00f3 th\u1ec3 \u0111i\u1ec1u ch\u1ec9nh t\u1eeb 15\u00b0, 25\u00b0, 30\u00b0 \u0111\u1ebfn 45\u00b0, cho ph\u00e9p t\u1ea1o ra hi\u1ec7u \u1ee9ng chi\u1ebfu s\u00e1ng \u0111a d\u1ea1ng v\u00e0 linh ho\u1ea1t. B\u1ea1n c\u00f3 th\u1ec3 t\u1ea1o ra \u00e1nh s\u00e1ng pha l\u00ea s\u1eafc n\u00e9t v\u00e0 s\u1ef1 lan t\u1ecfa \u0111\u1ec1u \u0111\u1eb7n, t\u1ea1o \u0111i\u1ec3m nh\u1ea5n ho\u1eb7c t\u1ea1o c\u1ea3m gi\u00e1c m\u1edd m\u1ecbn cho kh\u00f4ng gian c\u1ee7a b\u1ea1n.<\/span><\/p>\n<p style=\"text-align: justify;\"><span style=\"font-size: 14pt;\">V\u1edbi m\u1ee9c gray level 256\/65536, \u0111\u00e8n thanh VL-XQ02 cung c\u1ea5p s\u1ef1 m\u01b0\u1ee3t m\u00e0 v\u00e0 tinh t\u1ebf trong vi\u1ec7c \u0111i\u1ec1u ch\u1ec9nh \u0111\u1ed9 s\u00e1ng. B\u1ea1n c\u00f3 th\u1ec3 d\u1ec5 d\u00e0ng t\u1ea1o ra c\u00e1c hi\u1ec7u \u1ee9ng chuy\u1ec3n \u0111\u1ed9ng, ch\u1edbp t\u1eaft m\u1ecbn m\u00e0ng v\u00e0 \u0111i\u1ec1u ch\u1ec9nh \u00e1nh s\u00e1ng theo \u00fd mu\u1ed1n.<\/span><\/p>\n<p style=\"text-align: justify;\"><span style=\"font-size: 14pt;\">K\u00edch th\u01b0\u1edbc nh\u1ecf g\u1ecdn c\u1ee7a \u0111\u00e8n thanh VL-XQ02 (42.5*40*1000 mm) gi\u00fap d\u1ec5 d\u00e0ng l\u1eafp \u0111\u1eb7t trong m\u1ecdi kh\u00f4ng gian. B\u1ea1n c\u00f3 th\u1ec3 d\u1ec5 d\u00e0ng g\u1eafn \u0111\u00e8n tr\u00ean t\u01b0\u1eddng, tr\u1ea7n nh\u00e0 ho\u1eb7c c\u00e1c b\u1ec1 m\u1eb7t ph\u1eb3ng kh\u00e1c m\u00e0 kh\u00f4ng g\u00e2y c\u1ea3n tr\u1edf cho kh\u00f4ng gian c\u1ee7a b\u1ea1n.<\/span><\/p>\n<p style=\"text-align: justify;\"><span style=\"font-size: 14pt;\">Tu\u1ed5i th\u1ecd 50.000 gi\u1edd c\u1ee7a \u0111\u00e8n Led thanh VL-XQ02 \u0111\u1ea3m b\u1ea3o r\u1eb1ng b\u1ea1n kh\u00f4ng c\u1ea7n ph\u1ea3i thay th\u1ebf \u0111\u00e8n th\u01b0\u1eddng xuy\u00ean. V\u1edbi tu\u1ed5i th\u1ecd d\u00e0i nh\u01b0 v\u1eady, \u0111\u00e8n Led thanh VL-XQ02 l\u00e0 m\u1ed9t l\u1ef1a ch\u1ecdn l\u00e2u d\u00e0i v\u00e0 ti\u1ebft ki\u1ec7m chi ph\u00ed cho vi\u1ec7c chi\u1ebfu s\u00e1ng.<\/span><\/p>\n<p style=\"text-align: justify;\"><span style=\"font-size: 14pt;\">\u0110\u00e8n Led thanh VL-XQ02 c\u0169ng \u0111\u01b0\u1ee3c thi\u1ebft k\u1ebf v\u1edbi c\u1ea5p ch\u1ed1ng ch\u00e1y 94-V0 v\u00e0 c\u1ea5p c\u00e1ch \u0111i\u1ec7n III, \u0111\u1ea3m b\u1ea3o an to\u00e0n tuy\u1ec7t \u0111\u1ed1i trong qu\u00e1 tr\u00ecnh s\u1eed d\u1ee5ng.<\/span><\/p>\n<p style=\"text-align: justify;\"><span style=\"font-size: 14pt;\">V\u1edbi \u0111\u00e8n Led thanh VL-XQ02, b\u1ea1n kh\u00f4ng ch\u1ec9 s\u1edf h\u1eefu m\u1ed9t s\u1ea3n ph\u1ea9m chi\u1ebfu s\u00e1ng ch\u1ea5t l\u01b0\u1ee3ng cao m\u00e0 c\u00f2n trang b\u1ecb m\u1ed9t c\u00f4ng ngh\u1ec7 ti\u00ean ti\u1ebfn v\u00e0 thi\u1ebft k\u1ebf tinh t\u1ebf. V\u1edbi t\u00ednh n\u0103ng \u0111a d\u1ea1ng v\u00e0 kh\u1ea3 n\u0103ng t\u00f9y ch\u1ec9nh cao, \u0111\u00e8n thanh VL-XQ02 th\u00edch h\u1ee3p cho vi\u1ec7c chi\u1ebfu s\u00e1ng trong c\u00e1c nh\u00e0 h\u00e0ng, kh\u00e1ch s\u1ea1n, qu\u00e1n bar, c\u1eeda h\u00e0ng v\u00e0 nhi\u1ec1u kh\u00f4ng gian kh\u00e1c.<\/span><\/p>\n<p style=\"text-align: justify;\"><span style=\"font-size: 14pt;\">H\u00e3y l\u1ef1a ch\u1ecdn \u0111\u00e8n Led thanh VL-XQ02 \u0111\u1ec3 mang l\u1ea1i m\u1ed9t kh\u00f4ng gian chi\u1ebfu s\u00e1ng tuy\u1ec7t v<\/span><span style=\"font-size: 14pt;\">\u1eddi, s\u00e1ng t\u1ea1o v\u00e0 \u0111\u1eb3ng c\u1ea5p cho b\u1ea1n.<\/span><\/p>\n<p style=\"text-align: justify;\"><span style=\"font-size: 14pt;\"><a href=\"https:\/\/vilight.vn\/website\/wp-content\/uploads\/2021\/06\/XQ02-TT.jpg\"><img decoding=\"async\" class=\"wp-image-1385 aligncenter lazyload\" data-src=\"https:\/\/vilight.vn\/website\/wp-content\/uploads\/2021\/06\/XQ02-TT.jpg\" alt=\"\u0110\u00e8n Led thanh VL-XQ02\" width=\"1500\" height=\"1233\" data-srcset=\"https:\/\/vilight.vn\/website\/wp-content\/uploads\/2021\/06\/XQ02-TT.jpg 1200w, https:\/\/vilight.vn\/website\/wp-content\/uploads\/2021\/06\/XQ02-TT-800x657.jpg 800w, https:\/\/vilight.vn\/website\/wp-content\/uploads\/2021\/06\/XQ02-TT-300x247.jpg 300w, https:\/\/vilight.vn\/website\/wp-content\/uploads\/2021\/06\/XQ02-TT-1024x841.jpg 1024w, https:\/\/vilight.vn\/website\/wp-content\/uploads\/2021\/06\/XQ02-TT-768x631.jpg 768w, https:\/\/vilight.vn\/website\/wp-content\/uploads\/2021\/06\/XQ02-TT-16x12.jpg 16w, https:\/\/vilight.vn\/website\/wp-content\/uploads\/2021\/06\/XQ02-TT-178x146.jpg 178w, https:\/\/vilight.vn\/website\/wp-content\/uploads\/2021\/06\/XQ02-TT-50x41.jpg 50w, https:\/\/vilight.vn\/website\/wp-content\/uploads\/2021\/06\/XQ02-TT-91x75.jpg 91w, https:\/\/vilight.vn\/website\/wp-content\/uploads\/2021\/06\/XQ02-TT-600x493.jpg 600w\" data-sizes=\"(max-width:767px) 480px, (max-width:1500px) 100vw, 1500px\" src=\"data:image\/svg+xml;base64,PHN2ZyB3aWR0aD0iMSIgaGVpZ2h0PSIxIiB4bWxucz0iaHR0cDovL3d3dy53My5vcmcvMjAwMC9zdmciPjwvc3ZnPg==\" style=\"--smush-placeholder-width: 1500px; --smush-placeholder-aspect-ratio: 1500\/1233;\" \/><\/a><\/span><\/p>\n<p style=\"text-align: justify;\"><span style=\"color: #ffffff; font-size: 14pt;\">XQ02. Led thanh XQ02. Thanh led XQ02. \u0110\u00e8n led thanh XQ02.\u00a0<\/span><\/p>\n","protected":false},"excerpt":{"rendered":"<p style=\"text-align: justify;\"><span style=\"font-size: 14pt;\">Kh\u00e1m ph\u00e1 \u0111\u00e8n LED thanh VL-XQ02 &#8211; S\u1ea3n ph\u1ea9m ch\u1ea5t l\u01b0\u1ee3ng cao v\u1edbi chip LED Cree, Epistar, Osram. \u0110i\u1ec1u khi\u1ec3n linh ho\u1ea1t DMX, B\u1eadt-T\u1eaft. C\u00f4ng su\u1ea5t t\u1eeb 18W \u0111\u1ebfn 36W, tu\u1ed5i th\u1ecd l\u00ean \u0111\u1ebfn 50.000h. \u00c1nh s\u00e1ng tinh t\u1ebf, \u0111\u1ed9 k\u00edn IP65 v\u00e0 c\u1ea5p ch\u1ed1ng ch\u00e1y 94-V0.<\/span><\/p>\n","protected":false},"featured_media":1384,"template":"","meta":[],"product_brand":[],"product_cat":[77,189,191],"product_tag":[474],"class_list":{"0":"post-1383","1":"product","2":"type-product","3":"status-publish","4":"has-post-thumbnail","6":"product_cat-den-led-pixel","7":"product_cat-led-thanh","8":"product_cat-xq-series","9":"product_tag-den-led-thanh-vl-xq02","10":"pa_chip-led-cree","11":"pa_chip-led-epistar","12":"pa_chip-led-oram","13":"pa_chuan-dieu-khien-dmx","14":"pa_chuan-dieu-khien-on-off","15":"pa_cong-suat-18w","16":"pa_cong-suat-24w","17":"pa_cong-suat-36w","18":"pa_dien-ap-hoat-dong-24vdc","19":"pa_do-kin-ip65","20":"pa_goc-chieu-231","21":"pa_goc-chieu-232","22":"pa_goc-chieu-233","23":"pa_goc-chieu-234","24":"pa_gray-level-256-65536","25":"pa_kich-thuoc-42-5401000-mm","27":"first","28":"instock","29":"taxable","30":"shipping-taxable","31":"product-type-simple"},"yoast_head":"<!-- This site is optimized with the Yoast SEO Premium plugin v27.6 (Yoast SEO v27.6) - https:\/\/yoast.com\/product\/yoast-seo-premium-wordpress\/ -->\n<title>\u0110\u00e8n LED thanh VL-XQ02 - Vilight Co.ltd<\/title>\n<meta name=\"description\" content=\"\u0110\u00e8n LED thanh VL-XQ02 nh\u1eadp kh\u1ea9u v\u00e0 ph\u00e2n ph\u1ed1i b\u1edfi Vilight. S\u1ea3n ph\u1ea9m c\u00f3 ch\u1ea5t l\u01b0\u1ee3ng t\u1ed1t ph\u00f9 h\u1ee3p \u0111\u1ec3 s\u1eed d\u1ee5ng chi\u1ebfu s\u00e1ng cho c\u00e1c c\u00f4ng tr\u00ecnh ngo\u00e0i tr\u1eddi.\" \/>\n<meta name=\"robots\" content=\"index, follow, max-snippet:-1, max-image-preview:large, max-video-preview:-1\" \/>\n<link rel=\"canonical\" href=\"https:\/\/vilight.vn\/website\/san-pham\/den-led-pixel\/led-thanh\/xq-series\/den-led-thanh-vl-xq02\/\" \/>\n<meta property=\"og:locale\" content=\"vi_VN\" \/>\n<meta property=\"og:type\" content=\"article\" \/>\n<meta property=\"og:title\" content=\"\u0110\u00e8n LED thanh VL-XQ02\" \/>\n<meta property=\"og:description\" content=\"Kh\u00e1m ph\u00e1 \u0111\u00e8n LED thanh VL-XQ02 - S\u1ea3n ph\u1ea9m ch\u1ea5t l\u01b0\u1ee3ng cao v\u1edbi chip LED Cree, Epistar, Osram. \u0110i\u1ec1u khi\u1ec3n linh ho\u1ea1t DMX, B\u1eadt-T\u1eaft. C\u00f4ng su\u1ea5t t\u1eeb 18W \u0111\u1ebfn 36W, tu\u1ed5i th\u1ecd l\u00ean \u0111\u1ebfn 50.000h. \u00c1nh s\u00e1ng tinh t\u1ebf, \u0111\u1ed9 k\u00edn IP65 v\u00e0 c\u1ea5p ch\u1ed1ng ch\u00e1y 94-V0.\" \/>\n<meta property=\"og:url\" content=\"https:\/\/vilight.vn\/website\/san-pham\/den-led-pixel\/led-thanh\/xq-series\/den-led-thanh-vl-xq02\/\" \/>\n<meta property=\"og:site_name\" content=\"Vilight Co.ltd\" \/>\n<meta property=\"article:publisher\" content=\"http:\/\/facebook.com\/vilight.vn\" \/>\n<meta property=\"article:modified_time\" content=\"2024-10-01T08:44:28+00:00\" \/>\n<meta property=\"og:image\" content=\"https:\/\/vilight.vn\/website\/wp-content\/uploads\/2021\/06\/XQ02-logo.jpg\" \/>\n\t<meta property=\"og:image:width\" content=\"600\" \/>\n\t<meta property=\"og:image:height\" content=\"600\" \/>\n\t<meta property=\"og:image:type\" content=\"image\/jpeg\" \/>\n<meta name=\"twitter:card\" content=\"summary_large_image\" \/>\n<meta name=\"twitter:label1\" content=\"Gi\u00e1\" \/>\n\t<meta name=\"twitter:data1\" content=\"\" \/>\n\t<meta name=\"twitter:label2\" content=\"Kh\u1ea3 d\u1ee5ng\" \/>\n\t<meta name=\"twitter:data2\" content=\"Trong kho\" \/>\n<script type=\"application\/ld+json\" class=\"yoast-schema-graph\">{\"@context\":\"https:\\\/\\\/schema.org\",\"@graph\":[{\"@type\":\"WebPage\",\"@id\":\"https:\\\/\\\/vilight.vn\\\/website\\\/san-pham\\\/den-led-pixel\\\/led-thanh\\\/xq-series\\\/den-led-thanh-vl-xq02\\\/\",\"url\":\"https:\\\/\\\/vilight.vn\\\/website\\\/san-pham\\\/den-led-pixel\\\/led-thanh\\\/xq-series\\\/den-led-thanh-vl-xq02\\\/\",\"name\":\"\u0110\u00e8n LED thanh VL-XQ02 - Vilight Co.ltd\",\"isPartOf\":{\"@id\":\"https:\\\/\\\/vilight.vn\\\/website\\\/#website\"},\"primaryImageOfPage\":{\"@id\":\"https:\\\/\\\/vilight.vn\\\/website\\\/san-pham\\\/den-led-pixel\\\/led-thanh\\\/xq-series\\\/den-led-thanh-vl-xq02\\\/#primaryimage\"},\"image\":{\"@id\":\"https:\\\/\\\/vilight.vn\\\/website\\\/san-pham\\\/den-led-pixel\\\/led-thanh\\\/xq-series\\\/den-led-thanh-vl-xq02\\\/#primaryimage\"},\"thumbnailUrl\":\"https:\\\/\\\/vilight.vn\\\/website\\\/wp-content\\\/uploads\\\/2021\\\/06\\\/XQ02-logo.jpg\",\"datePublished\":\"2021-06-27T04:03:15+00:00\",\"dateModified\":\"2024-10-01T08:44:28+00:00\",\"description\":\"\u0110\u00e8n LED thanh VL-XQ02 nh\u1eadp kh\u1ea9u v\u00e0 ph\u00e2n ph\u1ed1i b\u1edfi Vilight. S\u1ea3n ph\u1ea9m c\u00f3 ch\u1ea5t l\u01b0\u1ee3ng t\u1ed1t ph\u00f9 h\u1ee3p \u0111\u1ec3 s\u1eed d\u1ee5ng chi\u1ebfu s\u00e1ng cho c\u00e1c c\u00f4ng tr\u00ecnh ngo\u00e0i tr\u1eddi.\",\"breadcrumb\":{\"@id\":\"https:\\\/\\\/vilight.vn\\\/website\\\/san-pham\\\/den-led-pixel\\\/led-thanh\\\/xq-series\\\/den-led-thanh-vl-xq02\\\/#breadcrumb\"},\"inLanguage\":\"vi\",\"potentialAction\":[{\"@type\":\"ReadAction\",\"target\":[\"https:\\\/\\\/vilight.vn\\\/website\\\/san-pham\\\/den-led-pixel\\\/led-thanh\\\/xq-series\\\/den-led-thanh-vl-xq02\\\/\"]}]},{\"@type\":\"ImageObject\",\"inLanguage\":\"vi\",\"@id\":\"https:\\\/\\\/vilight.vn\\\/website\\\/san-pham\\\/den-led-pixel\\\/led-thanh\\\/xq-series\\\/den-led-thanh-vl-xq02\\\/#primaryimage\",\"url\":\"https:\\\/\\\/vilight.vn\\\/website\\\/wp-content\\\/uploads\\\/2021\\\/06\\\/XQ02-logo.jpg\",\"contentUrl\":\"https:\\\/\\\/vilight.vn\\\/website\\\/wp-content\\\/uploads\\\/2021\\\/06\\\/XQ02-logo.jpg\",\"width\":600,\"height\":600,\"caption\":\"\u0110\u00e8n Led thanh VL-XQ02\"},{\"@type\":\"BreadcrumbList\",\"@id\":\"https:\\\/\\\/vilight.vn\\\/website\\\/san-pham\\\/den-led-pixel\\\/led-thanh\\\/xq-series\\\/den-led-thanh-vl-xq02\\\/#breadcrumb\",\"itemListElement\":[{\"@type\":\"ListItem\",\"position\":1,\"name\":\"Home\",\"item\":\"https:\\\/\\\/vilight.vn\\\/website\\\/\"},{\"@type\":\"ListItem\",\"position\":2,\"name\":\"store\",\"item\":\"https:\\\/\\\/vilight.vn\\\/website\\\/store\\\/\"},{\"@type\":\"ListItem\",\"position\":3,\"name\":\"\u0110\u00e8n LED thanh VL-XQ02\"}]},{\"@type\":\"WebSite\",\"@id\":\"https:\\\/\\\/vilight.vn\\\/website\\\/#website\",\"url\":\"https:\\\/\\\/vilight.vn\\\/website\\\/\",\"name\":\"Vilight Co.ltd\",\"description\":\"Chi\u1ebfu s\u00e1ng m\u1ef9 thu\u1eadt, chi\u1ebfu s\u00e1ng th\u00f4ng minh, LED Pixel 3D, chi\u1ebfu s\u00e1ng trang tr\u00ed \u0111\u00f4 th\u1ecb, chi\u1ebfu s\u00e1ng v\u00f2ng xoay, chi\u1ebfu s\u00e1ng \u0111\u1ea3o giao th\u00f4ng, c\u1ed5ng ch\u00e0o \u0111\u00f4 th\u1ecb\",\"publisher\":{\"@id\":\"https:\\\/\\\/vilight.vn\\\/website\\\/#organization\"},\"potentialAction\":[{\"@type\":\"SearchAction\",\"target\":{\"@type\":\"EntryPoint\",\"urlTemplate\":\"https:\\\/\\\/vilight.vn\\\/website\\\/?s={search_term_string}\"},\"query-input\":{\"@type\":\"PropertyValueSpecification\",\"valueRequired\":true,\"valueName\":\"search_term_string\"}}],\"inLanguage\":\"vi\"},{\"@type\":\"Organization\",\"@id\":\"https:\\\/\\\/vilight.vn\\\/website\\\/#organization\",\"name\":\"Vilight\",\"url\":\"https:\\\/\\\/vilight.vn\\\/website\\\/\",\"logo\":{\"@type\":\"ImageObject\",\"inLanguage\":\"vi\",\"@id\":\"https:\\\/\\\/vilight.vn\\\/website\\\/#\\\/schema\\\/logo\\\/image\\\/\",\"url\":\"https:\\\/\\\/vilight.vn\\\/website\\\/wp-content\\\/uploads\\\/2022\\\/05\\\/chieu_sang_trang_tri_do_thi_bang_den_led_pixel.png\",\"contentUrl\":\"https:\\\/\\\/vilight.vn\\\/website\\\/wp-content\\\/uploads\\\/2022\\\/05\\\/chieu_sang_trang_tri_do_thi_bang_den_led_pixel.png\",\"width\":800,\"height\":427,\"caption\":\"Vilight\"},\"image\":{\"@id\":\"https:\\\/\\\/vilight.vn\\\/website\\\/#\\\/schema\\\/logo\\\/image\\\/\"},\"sameAs\":[\"http:\\\/\\\/facebook.com\\\/vilight.vn\",\"https:\\\/\\\/www.linkedin.com\\\/company\\\/vilight-vn\",\"https:\\\/\\\/www.youtube.com\\\/channel\\\/UCEwR2naeDcuarMX1kSv_rLQ\\\/videos\"]}]}<\/script>\n<meta property=\"product:brand\" content=\"XQ Series\" \/>\n<meta property=\"product:price:currency\" content=\"VND\" \/>\n<meta property=\"og:availability\" content=\"instock\" \/>\n<meta property=\"product:availability\" content=\"instock\" \/>\n<meta property=\"product:condition\" content=\"new\" \/>\n<!-- \/ Yoast SEO Premium plugin. -->","yoast_head_json":{"title":"\u0110\u00e8n LED thanh VL-XQ02 - Vilight Co.ltd","description":"\u0110\u00e8n LED thanh VL-XQ02 nh\u1eadp kh\u1ea9u v\u00e0 ph\u00e2n ph\u1ed1i b\u1edfi Vilight. S\u1ea3n ph\u1ea9m c\u00f3 ch\u1ea5t l\u01b0\u1ee3ng t\u1ed1t ph\u00f9 h\u1ee3p \u0111\u1ec3 s\u1eed d\u1ee5ng chi\u1ebfu s\u00e1ng cho c\u00e1c c\u00f4ng tr\u00ecnh ngo\u00e0i tr\u1eddi.","robots":{"index":"index","follow":"follow","max-snippet":"max-snippet:-1","max-image-preview":"max-image-preview:large","max-video-preview":"max-video-preview:-1"},"canonical":"https:\/\/vilight.vn\/website\/san-pham\/den-led-pixel\/led-thanh\/xq-series\/den-led-thanh-vl-xq02\/","og_locale":"vi_VN","og_type":"article","og_title":"\u0110\u00e8n LED thanh VL-XQ02","og_description":"Kh\u00e1m ph\u00e1 \u0111\u00e8n LED thanh VL-XQ02 - S\u1ea3n ph\u1ea9m ch\u1ea5t l\u01b0\u1ee3ng cao v\u1edbi chip LED Cree, Epistar, Osram. \u0110i\u1ec1u khi\u1ec3n linh ho\u1ea1t DMX, B\u1eadt-T\u1eaft. C\u00f4ng su\u1ea5t t\u1eeb 18W \u0111\u1ebfn 36W, tu\u1ed5i th\u1ecd l\u00ean \u0111\u1ebfn 50.000h. \u00c1nh s\u00e1ng tinh t\u1ebf, \u0111\u1ed9 k\u00edn IP65 v\u00e0 c\u1ea5p ch\u1ed1ng ch\u00e1y 94-V0.","og_url":"https:\/\/vilight.vn\/website\/san-pham\/den-led-pixel\/led-thanh\/xq-series\/den-led-thanh-vl-xq02\/","og_site_name":"Vilight Co.ltd","article_publisher":"http:\/\/facebook.com\/vilight.vn","article_modified_time":"2024-10-01T08:44:28+00:00","og_image":[{"width":600,"height":600,"url":"https:\/\/vilight.vn\/website\/wp-content\/uploads\/2021\/06\/XQ02-logo.jpg","type":"image\/jpeg"}],"twitter_card":"summary_large_image","twitter_misc":{"Gi\u00e1":"","Kh\u1ea3 d\u1ee5ng":"Trong kho"},"schema":{"@context":"https:\/\/schema.org","@graph":[{"@type":"WebPage","@id":"https:\/\/vilight.vn\/website\/san-pham\/den-led-pixel\/led-thanh\/xq-series\/den-led-thanh-vl-xq02\/","url":"https:\/\/vilight.vn\/website\/san-pham\/den-led-pixel\/led-thanh\/xq-series\/den-led-thanh-vl-xq02\/","name":"\u0110\u00e8n LED thanh VL-XQ02 - Vilight Co.ltd","isPartOf":{"@id":"https:\/\/vilight.vn\/website\/#website"},"primaryImageOfPage":{"@id":"https:\/\/vilight.vn\/website\/san-pham\/den-led-pixel\/led-thanh\/xq-series\/den-led-thanh-vl-xq02\/#primaryimage"},"image":{"@id":"https:\/\/vilight.vn\/website\/san-pham\/den-led-pixel\/led-thanh\/xq-series\/den-led-thanh-vl-xq02\/#primaryimage"},"thumbnailUrl":"https:\/\/vilight.vn\/website\/wp-content\/uploads\/2021\/06\/XQ02-logo.jpg","datePublished":"2021-06-27T04:03:15+00:00","dateModified":"2024-10-01T08:44:28+00:00","description":"\u0110\u00e8n LED thanh VL-XQ02 nh\u1eadp kh\u1ea9u v\u00e0 ph\u00e2n ph\u1ed1i b\u1edfi Vilight. S\u1ea3n ph\u1ea9m c\u00f3 ch\u1ea5t l\u01b0\u1ee3ng t\u1ed1t ph\u00f9 h\u1ee3p \u0111\u1ec3 s\u1eed d\u1ee5ng chi\u1ebfu s\u00e1ng cho c\u00e1c c\u00f4ng tr\u00ecnh ngo\u00e0i tr\u1eddi.","breadcrumb":{"@id":"https:\/\/vilight.vn\/website\/san-pham\/den-led-pixel\/led-thanh\/xq-series\/den-led-thanh-vl-xq02\/#breadcrumb"},"inLanguage":"vi","potentialAction":[{"@type":"ReadAction","target":["https:\/\/vilight.vn\/website\/san-pham\/den-led-pixel\/led-thanh\/xq-series\/den-led-thanh-vl-xq02\/"]}]},{"@type":"ImageObject","inLanguage":"vi","@id":"https:\/\/vilight.vn\/website\/san-pham\/den-led-pixel\/led-thanh\/xq-series\/den-led-thanh-vl-xq02\/#primaryimage","url":"https:\/\/vilight.vn\/website\/wp-content\/uploads\/2021\/06\/XQ02-logo.jpg","contentUrl":"https:\/\/vilight.vn\/website\/wp-content\/uploads\/2021\/06\/XQ02-logo.jpg","width":600,"height":600,"caption":"\u0110\u00e8n Led thanh VL-XQ02"},{"@type":"BreadcrumbList","@id":"https:\/\/vilight.vn\/website\/san-pham\/den-led-pixel\/led-thanh\/xq-series\/den-led-thanh-vl-xq02\/#breadcrumb","itemListElement":[{"@type":"ListItem","position":1,"name":"Home","item":"https:\/\/vilight.vn\/website\/"},{"@type":"ListItem","position":2,"name":"store","item":"https:\/\/vilight.vn\/website\/store\/"},{"@type":"ListItem","position":3,"name":"\u0110\u00e8n LED thanh VL-XQ02"}]},{"@type":"WebSite","@id":"https:\/\/vilight.vn\/website\/#website","url":"https:\/\/vilight.vn\/website\/","name":"Vilight Co.ltd","description":"Chi\u1ebfu s\u00e1ng m\u1ef9 thu\u1eadt, chi\u1ebfu s\u00e1ng th\u00f4ng minh, LED Pixel 3D, chi\u1ebfu s\u00e1ng trang tr\u00ed \u0111\u00f4 th\u1ecb, chi\u1ebfu s\u00e1ng v\u00f2ng xoay, chi\u1ebfu s\u00e1ng \u0111\u1ea3o giao th\u00f4ng, c\u1ed5ng ch\u00e0o \u0111\u00f4 th\u1ecb","publisher":{"@id":"https:\/\/vilight.vn\/website\/#organization"},"potentialAction":[{"@type":"SearchAction","target":{"@type":"EntryPoint","urlTemplate":"https:\/\/vilight.vn\/website\/?s={search_term_string}"},"query-input":{"@type":"PropertyValueSpecification","valueRequired":true,"valueName":"search_term_string"}}],"inLanguage":"vi"},{"@type":"Organization","@id":"https:\/\/vilight.vn\/website\/#organization","name":"Vilight","url":"https:\/\/vilight.vn\/website\/","logo":{"@type":"ImageObject","inLanguage":"vi","@id":"https:\/\/vilight.vn\/website\/#\/schema\/logo\/image\/","url":"https:\/\/vilight.vn\/website\/wp-content\/uploads\/2022\/05\/chieu_sang_trang_tri_do_thi_bang_den_led_pixel.png","contentUrl":"https:\/\/vilight.vn\/website\/wp-content\/uploads\/2022\/05\/chieu_sang_trang_tri_do_thi_bang_den_led_pixel.png","width":800,"height":427,"caption":"Vilight"},"image":{"@id":"https:\/\/vilight.vn\/website\/#\/schema\/logo\/image\/"},"sameAs":["http:\/\/facebook.com\/vilight.vn","https:\/\/www.linkedin.com\/company\/vilight-vn","https:\/\/www.youtube.com\/channel\/UCEwR2naeDcuarMX1kSv_rLQ\/videos"]}]},"product_brand":"XQ Series","product_price_currency":"VND","og_availability":"instock","product_availability":"instock","product_condition":"new"},"_links":{"self":[{"href":"https:\/\/vilight.vn\/website\/wp-json\/wp\/v2\/product\/1383","targetHints":{"allow":["GET"]}}],"collection":[{"href":"https:\/\/vilight.vn\/website\/wp-json\/wp\/v2\/product"}],"about":[{"href":"https:\/\/vilight.vn\/website\/wp-json\/wp\/v2\/types\/product"}],"wp:featuredmedia":[{"embeddable":true,"href":"https:\/\/vilight.vn\/website\/wp-json\/wp\/v2\/media\/1384"}],"wp:attachment":[{"href":"https:\/\/vilight.vn\/website\/wp-json\/wp\/v2\/media?parent=1383"}],"wp:term":[{"taxonomy":"product_brand","embeddable":true,"href":"https:\/\/vilight.vn\/website\/wp-json\/wp\/v2\/product_brand?post=1383"},{"taxonomy":"product_cat","embeddable":true,"href":"https:\/\/vilight.vn\/website\/wp-json\/wp\/v2\/product_cat?post=1383"},{"taxonomy":"product_tag","embeddable":true,"href":"https:\/\/vilight.vn\/website\/wp-json\/wp\/v2\/product_tag?post=1383"}],"curies":[{"name":"wp","href":"https:\/\/api.w.org\/{rel}","templated":true}]}}