{"id":1386,"date":"2021-06-27T13:09:52","date_gmt":"2021-06-27T06:09:52","guid":{"rendered":"https:\/\/vilight.vn\/website\/?post_type=product&#038;p=1386"},"modified":"2024-09-27T10:33:18","modified_gmt":"2024-09-27T03:33:18","slug":"den-pha-vl-tg12","status":"publish","type":"product","link":"https:\/\/vilight.vn\/website\/san-pham\/den-chieu-sang-facade\/den-roi-pha\/tg-series\/den-pha-vl-tg12\/","title":{"rendered":"\u0110\u00e8n pha VL-TG12"},"content":{"rendered":"<h2 style=\"text-align: justify;\"><span style=\"font-size: 18pt;\">\u0110\u00e8n pha VL-TG12: S\u1ef1 k\u1ebft h\u1ee3p ho\u00e0n h\u1ea3o gi\u1eefa c\u00f4ng ngh\u1ec7 v\u00e0 hi\u1ec7u su\u1ea5t<\/span><\/h2>\n<p style=\"text-align: justify;\"><span style=\"font-size: 14pt;\">B\u1ea1n \u0111ang t\u00ecm ki\u1ebfm m\u1ed9t gi\u1ea3i ph\u00e1p chi\u1ebfu s\u00e1ng \u0111\u00e1ng tin c\u1eady v\u00e0 hi\u1ec7u qu\u1ea3? \u0110\u00e8n pha VL-TG12 ch\u00ednh l\u00e0 s\u1ef1 l\u1ef1a ch\u1ecdn ho\u00e0n h\u1ea3o cho nhu c\u1ea7u c\u1ee7a b\u1ea1n. V\u1edbi nh\u1eefng th\u00f4ng s\u1ed1 chi ti\u1ebft \u1ea5n t\u01b0\u1ee3ng, \u0111\u00e8n pha n\u00e0y kh\u00f4ng ch\u1ec9 \u0111\u1ea3m b\u1ea3o \u00e1nh s\u00e1ng m\u1ea1nh m\u1ebd v\u00e0 ch\u1ea5t l\u01b0\u1ee3ng, m\u00e0 c\u00f2n mang l\u1ea1i s\u1ef1 ti\u1ec7n l\u1ee3i v\u00e0 \u0111\u1ed9 b\u1ec1n cao.<\/span><\/p>\n<h3 style=\"text-align: justify;\"><span style=\"font-size: 14pt;\">S\u1ef1 l\u1ef1a ch\u1ecdn c\u1ee7a ch\u1ea5t l\u01b0\u1ee3ng:<\/span><\/h3>\n<p style=\"text-align: justify;\"><span style=\"font-size: 14pt;\">&#8211; Chip LED: \u0110\u01b0\u1ee3c trang b\u1ecb chip LED t\u1eeb c\u00e1c nh\u00e0 s\u1ea3n xu\u1ea5t danh ti\u1ebfng nh\u01b0 CREE, Epistar v\u00e0 Osram, \u0111\u00e8n pha VL-TG12 mang \u0111\u1ebfn hi\u1ec7u su\u1ea5t \u00e1nh s\u00e1ng t\u1ed1i \u01b0u v\u00e0 tu\u1ed5i th\u1ecd cao. B\u1ea1n c\u00f3 th\u1ec3 y\u00ean t\u00e2m v\u1ec1 ch\u1ea5t l\u01b0\u1ee3ng v\u00e0 \u0111\u1ed9 tin c\u1eady c\u1ee7a s\u1ea3n ph\u1ea9m n\u00e0y.<\/span><\/p>\n<p style=\"text-align: justify;\"><span style=\"font-size: 14pt;\">&#8211; \u0110i\u1ec1u khi\u1ec3n linh ho\u1ea1t: V\u1edbi chu\u1ea9n \u0111i\u1ec1u khi\u1ec3n DMX v\u00e0 ON-OFF, b\u1ea1n c\u00f3 th\u1ec3 d\u1ec5 d\u00e0ng t\u00f9y ch\u1ec9nh \u00e1nh s\u00e1ng theo nhu c\u1ea7u c\u1ee5 th\u1ec3. \u0110i\u1ec1u n\u00e0y cho ph\u00e9p b\u1ea1n t\u1ea1o ra nh\u1eefng hi\u1ec7u \u1ee9ng \u00e1nh s\u00e1ng \u0111\u1ed9c \u0111\u00e1o v\u00e0 t\u1ea1o kh\u00f4ng gian s\u00e1ng t\u1ed1i theo \u00fd th\u00edch c\u1ee7a m\u00ecnh.<\/span><\/p>\n<h3 style=\"text-align: justify;\"><span style=\"font-size: 14pt;\">Hi\u1ec7u su\u1ea5t v\u01b0\u1ee3t tr\u1ed9i:<\/span><\/h3>\n<p style=\"text-align: justify;\"><span style=\"font-size: 14pt;\">&#8211; C\u00f4ng su\u1ea5t: \u0110\u00e8n pha VL-TG12 c\u00f3 s\u1eb5n c\u00e1c t\u00f9y ch\u1ecdn c\u00f4ng su\u1ea5t 18W v\u00e0 6W, cho ph\u00e9p b\u1ea1n l\u1ef1a ch\u1ecdn ph\u00f9 h\u1ee3p v\u1edbi nhu c\u1ea7u chi\u1ebfu s\u00e1ng c\u1ee5 th\u1ec3 c\u1ee7a b\u1ea1n. B\u1ea1n c\u00f3 th\u1ec3 ti\u1ebft ki\u1ec7m n\u0103ng l\u01b0\u1ee3ng m\u00e0 v\u1eabn kh\u00f4ng l\u00e0m gi\u1ea3m \u0111i s\u1ee9c m\u1ea1nh v\u00e0 \u0111\u1ed9 s\u00e1ng c\u1ee7a \u0111\u00e8n.<\/span><\/p>\n<p style=\"text-align: justify;\"><span style=\"font-size: 14pt;\">&#8211; \u0110i\u1ec7n \u00e1p ho\u1ea1t \u0111\u1ed9ng \u0111a d\u1ea1ng: V\u1edbi kh\u1ea3 n\u0103ng ho\u1ea1t \u0111\u1ed9ng tr\u00ean c\u1ea3 ngu\u1ed3n \u0111i\u1ec7n DC 24V v\u00e0 AC 220V, \u0111\u00e8n pha VL-TG12 th\u00edch \u1ee9ng linh ho\u1ea1t v\u1edbi nhi\u1ec1u m\u00f4i tr\u01b0\u1eddng s\u1eed d\u1ee5ng kh\u00e1c nhau. B\u1ea5t k\u1ec3 b\u1ea1n \u0111ang \u1edf \u0111\u00e2u, s\u1ea3n ph\u1ea9m n\u00e0y s\u1ebd \u0111\u00e1p \u1ee9ng nhu c\u1ea7u chi\u1ebfu s\u00e1ng c\u1ee7a b\u1ea1n m\u1ed9t c\u00e1ch t\u1ed1t nh\u1ea5t.<\/span><\/p>\n<h3 style=\"text-align: justify;\"><span style=\"font-size: 14pt;\">T\u00ednh n\u0103ng v\u01b0\u1ee3t tr\u1ed9i:<\/span><\/h3>\n<p style=\"text-align: justify;\"><span style=\"font-size: 14pt;\">&#8211; \u0110\u1ed9 k\u00edn IP66: \u0110\u00e8n pha n\u00e0y \u0111\u01b0\u1ee3c thi\u1ebft k\u1ebf v\u1edbi \u0111\u1ed9 k\u00edn IP66, mang \u0111\u1ebfn kh\u1ea3 n\u0103ng ch\u1ed1ng b\u1ee5i v\u00e0 ch\u1ed1ng n\u01b0\u1edbc m\u1ea1nh. B\u1ea1n c\u00f3 th\u1ec3 s\u1eed d\u1ee5ng \u0111\u00e8n pha VL-TG12 \u1edf nh\u1eefng m\u00f4i tr\u01b0\u1eddng kh\u1eafc nghi\u1ec7t m\u00e0 kh\u00f4ng ph\u1ea3i lo l\u1eafng v\u1ec1 s\u1ef1 b\u1ea3o <\/span><span style=\"font-size: 14pt;\">v\u1ec7 c\u1ee7a s\u1ea3n ph\u1ea9m.<\/span><\/p>\n<p style=\"text-align: justify;\"><span style=\"font-size: 14pt;\">&#8211; G\u00f3c chi\u1ebfu 3\u00b0: V\u1edbi g\u00f3c chi\u1ebfu ch\u1ec9 3\u00b0, \u0111\u00e8n pha VL-TG12 cho ph\u00e9p b\u1ea1n t\u1eadp trung \u00e1nh s\u00e1ng v\u00e0o v\u1ecb tr\u00ed c\u1ee5 th\u1ec3 m\u1ed9t c\u00e1ch ch\u00ednh x\u00e1c v\u00e0 chuy\u00ean nghi\u1ec7p. B\u1ea1n c\u00f3 th\u1ec3 t\u1ea1o ra nh\u1eefng hi\u1ec7u \u1ee9ng \u00e1nh s\u00e1ng s\u1eafc n\u00e9t v\u00e0 t\u1ea1o \u0111i\u1ec3m nh\u1ea5n cho kh\u00f4ng gian c\u1ee7a b\u1ea1n.<\/span><\/p>\n<p style=\"text-align: justify;\"><span style=\"font-size: 14pt;\">&#8211; Gray Level 65536 (16 bit): V\u1edbi m\u1ee9c \u0111\u1ed9 x\u00e1m 65536, \u0111\u00e8n pha n\u00e0y mang \u0111\u1ebfn kh\u1ea3 n\u0103ng \u0111i\u1ec1u ch\u1ec9nh chi ti\u1ebft v\u00e0 m\u01b0\u1ee3t m\u00e0 c\u1ee7a \u00e1nh s\u00e1ng. B\u1ea1n c\u00f3 th\u1ec3 t\u1ea1o ra c\u00e1c hi\u1ec7u \u1ee9ng \u00e1nh s\u00e1ng \u0111a d\u1ea1ng v\u00e0 t\u00f9y ch\u1ec9nh theo \u00fd th\u00edch c\u1ee7a m\u00ecnh.<\/span><\/p>\n<p style=\"text-align: justify;\"><span style=\"font-size: 14pt;\">&#8211; K\u00edch th\u01b0\u1edbc nh\u1ecf g\u1ecdn: V\u1edbi k\u00edch th\u01b0\u1edbc 120*168*82 mm v\u00e0 90*125*62.5 mm (t\u00f9y ch\u1ecdn), \u0111\u00e8n pha VL-TG12 d\u1ec5 d\u00e0ng l\u1eafp \u0111\u1eb7t v\u00e0 s\u1eed d\u1ee5ng trong nhi\u1ec1u kh\u00f4ng gian kh\u00e1c nhau. B\u1ea1n c\u00f3 th\u1ec3 t\u1eadn d\u1ee5ng t\u1ed1i \u0111a \u00e1nh s\u00e1ng m\u00e0 kh\u00f4ng c\u1ea7n lo l\u1eafng v\u1ec1 v\u1ecb tr\u00ed v\u00e0 kh\u00f4ng gian.<\/span><\/p>\n<p style=\"text-align: justify;\"><span style=\"font-size: 14pt;\">&#8211; Tu\u1ed5i th\u1ecd 50.000 gi\u1edd: V\u1edbi tu\u1ed5i th\u1ecd l\u00ean \u0111\u1ebfn 50.000 gi\u1edd, \u0111\u00e8n pha VL-TG12 \u0111\u1ea3m b\u1ea3o s\u1ef1 b\u1ec1n b\u1ec9 v\u00e0 \u1ed5n \u0111\u1ecbnh trong su\u1ed1t qu\u00e3ng \u0111\u1eddi d\u00e0i. B\u1ea1n kh\u00f4ng c\u1ea7n ph\u1ea3i thay th\u1ebf \u0111\u00e8n th\u01b0\u1eddng xuy\u00ean, gi\u00fap ti\u1ebft ki\u1ec7m chi ph\u00ed v\u00e0 c\u00f4ng s\u1ee9c.<\/span><\/p>\n<p style=\"text-align: justify;\"><span style=\"font-size: 14pt;\">&#8211; \u0110\u1ea1t chu\u1ea9n an to\u00e0n cao: V\u1edbi c\u1ea5p ch\u1ed1ng ch\u00e1y 94-V0 v\u00e0 c\u1ea5p c\u00e1ch \u0111i\u1ec7n III, \u0111\u00e8n pha VL-TG12 \u0111\u00e1p \u1ee9ng c\u00e1c ti\u00eau chu\u1ea9n an to\u00e0n cao nh\u1ea5t. B\u1ea1n c\u00f3 th\u1ec3 y\u00ean t\u00e2m v\u1ec1 s\u1ef1 an to\u00e0n khi s\u1eed d\u1ee5ng s\u1ea3n ph\u1ea9m n\u00e0y.<\/span><\/p>\n<p style=\"text-align: justify;\"><span style=\"font-size: 14pt;\">V\u1edbi \u0111\u00e8n pha VL-TG12, b\u1ea1n s\u1ebd kh\u00f4ng ch\u1ec9 c\u00f3 m\u1ed9t gi\u1ea3i ph\u00e1p chi\u1ebfu s\u00e1ng ch\u1ea5t l\u01b0\u1ee3ng cao, m\u00e0 c\u00f2n l\u00e0 s\u1ef1 l\u1ef1a ch\u1ecdn th\u00f4ng minh v\u00e0 hi\u1ec7u qu\u1ea3. V\u1edbi s\u1ef1 k\u1ebft h\u1ee3p ho\u00e0n h\u1ea3o gi\u1eefa c\u00f4ng ngh\u1ec7 v\u00e0 hi\u1ec7u su\u1ea5t, s\u1ea3n ph\u1ea9m n\u00e0y s\u1ebd mang \u0111\u1ebfn cho b\u1ea1n tr\u1ea3i nghi\u1ec7m \u00e1nh s\u00e1ng tuy\u1ec7t v\u1eddi v\u00e0 kh\u00f4ng gian s\u00e1ng t\u1ed1i ho\u00e0n h\u1ea3o.<\/span><\/p>\n<p style=\"text-align: justify;\"><span style=\"font-size: 14pt;\"><a href=\"https:\/\/vilight.vn\/website\/wp-content\/uploads\/2021\/06\/TG12-TT.jpg\"><img decoding=\"async\" class=\"aligncenter wp-image-1388 lazyload\" data-src=\"https:\/\/vilight.vn\/website\/wp-content\/uploads\/2021\/06\/TG12-TT.jpg\" alt=\"\u0110\u00e8n pha VL-TG12\" width=\"1500\" height=\"1090\" data-srcset=\"https:\/\/vilight.vn\/website\/wp-content\/uploads\/2021\/06\/TG12-TT.jpg 1200w, https:\/\/vilight.vn\/website\/wp-content\/uploads\/2021\/06\/TG12-TT-800x581.jpg 800w, https:\/\/vilight.vn\/website\/wp-content\/uploads\/2021\/06\/TG12-TT-300x218.jpg 300w, https:\/\/vilight.vn\/website\/wp-content\/uploads\/2021\/06\/TG12-TT-1024x744.jpg 1024w, https:\/\/vilight.vn\/website\/wp-content\/uploads\/2021\/06\/TG12-TT-768x558.jpg 768w, https:\/\/vilight.vn\/website\/wp-content\/uploads\/2021\/06\/TG12-TT-16x12.jpg 16w, https:\/\/vilight.vn\/website\/wp-content\/uploads\/2021\/06\/TG12-TT-201x146.jpg 201w, https:\/\/vilight.vn\/website\/wp-content\/uploads\/2021\/06\/TG12-TT-50x36.jpg 50w, https:\/\/vilight.vn\/website\/wp-content\/uploads\/2021\/06\/TG12-TT-103x75.jpg 103w, https:\/\/vilight.vn\/website\/wp-content\/uploads\/2021\/06\/TG12-TT-600x436.jpg 600w\" data-sizes=\"(max-width:767px) 480px, (max-width:1500px) 100vw, 1500px\" src=\"data:image\/svg+xml;base64,PHN2ZyB3aWR0aD0iMSIgaGVpZ2h0PSIxIiB4bWxucz0iaHR0cDovL3d3dy53My5vcmcvMjAwMC9zdmciPjwvc3ZnPg==\" style=\"--smush-placeholder-width: 1500px; --smush-placeholder-aspect-ratio: 1500\/1090;\" \/><\/a><\/span><\/p>\n<p style=\"text-align: justify;\">\n","protected":false},"excerpt":{"rendered":"<p style=\"text-align: justify;\"><span style=\"font-size: 14pt;\">\u0110\u00e8n pha VL-TG12 &#8211; S\u1ef1 l\u1ef1a ch\u1ecdn ho\u00e0n h\u1ea3o cho \u00e1nh s\u00e1ng m\u1ea1nh m\u1ebd v\u00e0 linh ho\u1ea1t. V\u1edbi chip LED h\u00e0ng \u0111\u1ea7u, chu\u1ea9n \u0111i\u1ec1u khi\u1ec3n DMX v\u00e0 ON-OFF, c\u00f9ng v\u1edbi tu\u1ed5i th\u1ecd 50.000 gi\u1edd v\u00e0 kh\u1ea3 n\u0103ng ch\u1ed1ng ch\u00e1y, s\u1ea3n ph\u1ea9m mang \u0111\u1ebfn hi\u1ec7u su\u1ea5t v\u00e0 \u0111\u1ed9 b\u1ec1n cao.<\/span><\/p>\n","protected":false},"featured_media":1387,"template":"","meta":[],"product_brand":[],"product_cat":[73,59,192],"product_tag":[473],"class_list":{"0":"post-1386","1":"product","2":"type-product","3":"status-publish","4":"has-post-thumbnail","6":"product_cat-den-chieu-sang-facade","7":"product_cat-den-roi-pha","8":"product_cat-tg-series","9":"product_tag-den-pha-vl-tg12","10":"pa_chip-led-cree","11":"pa_chip-led-epistar","12":"pa_chip-led-oram","13":"pa_chuan-dieu-khien-dmx","14":"pa_chuan-dieu-khien-on-off","15":"pa_cong-suat-18w","16":"pa_cong-suat-6w","17":"pa_dien-ap-hoat-dong-24vdc","18":"pa_dien-ap-hoat-dong-ac-220v","19":"pa_do-kin-ip-66","20":"pa_goc-chieu-238","21":"pa_gray-level-6553616bit","22":"pa_kich-thuoc-12016882-mm","23":"pa_kich-thuoc-9012562-5-mm","25":"first","26":"instock","27":"taxable","28":"shipping-taxable","29":"product-type-simple"},"yoast_head":"<!-- This site is optimized with the Yoast SEO Premium plugin v27.4 (Yoast SEO v27.4) - https:\/\/yoast.com\/product\/yoast-seo-premium-wordpress\/ -->\n<title>\u0110\u00e8n pha VL-TG12 s\u1ea3n ph\u1ea9m nh\u1eadp kh\u1ea9u ch\u00ednh h\u00e3ng - Vilight Co.ltd<\/title>\n<meta name=\"description\" content=\"\u0110\u00e8n pha VL-TG12 l\u00e0 m\u1ed9t m\u1eabu \u0111\u00e8n ch\u1ea5t l\u01b0\u1ee3ng cao. S\u1ea3n ph\u1ea9m \u0111\u01b0\u1ee3c nh\u1eadp kh\u1ea9u v\u00e0 ph\u00e2n ph\u1ed1i ch\u00ednh h\u00e3ng t\u1ea1i vi\u1ec7t nam b\u1edfi cty Vilight\" \/>\n<meta name=\"robots\" content=\"index, follow, max-snippet:-1, max-image-preview:large, max-video-preview:-1\" \/>\n<link rel=\"canonical\" href=\"https:\/\/vilight.vn\/website\/san-pham\/den-chieu-sang-facade\/den-roi-pha\/tg-series\/den-pha-vl-tg12\/\" \/>\n<meta property=\"og:locale\" content=\"vi_VN\" \/>\n<meta property=\"og:type\" content=\"article\" \/>\n<meta property=\"og:title\" content=\"\u0110\u00e8n pha VL-TG12\" \/>\n<meta property=\"og:description\" content=\"\u0110\u00e8n pha VL-TG12 - S\u1ef1 l\u1ef1a ch\u1ecdn ho\u00e0n h\u1ea3o cho \u00e1nh s\u00e1ng m\u1ea1nh m\u1ebd v\u00e0 linh ho\u1ea1t. V\u1edbi chip LED h\u00e0ng \u0111\u1ea7u, chu\u1ea9n \u0111i\u1ec1u khi\u1ec3n DMX v\u00e0 ON-OFF, c\u00f9ng v\u1edbi tu\u1ed5i th\u1ecd 50.000 gi\u1edd v\u00e0 kh\u1ea3 n\u0103ng ch\u1ed1ng ch\u00e1y, s\u1ea3n ph\u1ea9m mang \u0111\u1ebfn hi\u1ec7u su\u1ea5t v\u00e0 \u0111\u1ed9 b\u1ec1n cao.\" \/>\n<meta property=\"og:url\" content=\"https:\/\/vilight.vn\/website\/san-pham\/den-chieu-sang-facade\/den-roi-pha\/tg-series\/den-pha-vl-tg12\/\" \/>\n<meta property=\"og:site_name\" content=\"Vilight Co.ltd\" \/>\n<meta property=\"article:publisher\" content=\"http:\/\/facebook.com\/vilight.vn\" \/>\n<meta property=\"article:modified_time\" content=\"2024-09-27T03:33:18+00:00\" \/>\n<meta property=\"og:image\" content=\"https:\/\/vilight.vn\/website\/wp-content\/uploads\/2021\/06\/TG12-Logo.jpg\" \/>\n\t<meta property=\"og:image:width\" content=\"600\" \/>\n\t<meta property=\"og:image:height\" content=\"600\" \/>\n\t<meta property=\"og:image:type\" content=\"image\/jpeg\" \/>\n<meta name=\"twitter:card\" content=\"summary_large_image\" \/>\n<meta name=\"twitter:label1\" content=\"Gi\u00e1\" \/>\n\t<meta name=\"twitter:data1\" content=\"\" \/>\n\t<meta name=\"twitter:label2\" content=\"Kh\u1ea3 d\u1ee5ng\" \/>\n\t<meta name=\"twitter:data2\" content=\"Trong kho\" \/>\n<script type=\"application\/ld+json\" class=\"yoast-schema-graph\">{\"@context\":\"https:\\\/\\\/schema.org\",\"@graph\":[{\"@type\":\"WebPage\",\"@id\":\"https:\\\/\\\/vilight.vn\\\/website\\\/san-pham\\\/den-chieu-sang-facade\\\/den-roi-pha\\\/tg-series\\\/den-pha-vl-tg12\\\/\",\"url\":\"https:\\\/\\\/vilight.vn\\\/website\\\/san-pham\\\/den-chieu-sang-facade\\\/den-roi-pha\\\/tg-series\\\/den-pha-vl-tg12\\\/\",\"name\":\"\u0110\u00e8n pha VL-TG12 s\u1ea3n ph\u1ea9m nh\u1eadp kh\u1ea9u ch\u00ednh h\u00e3ng - Vilight Co.ltd\",\"isPartOf\":{\"@id\":\"https:\\\/\\\/vilight.vn\\\/website\\\/#website\"},\"primaryImageOfPage\":{\"@id\":\"https:\\\/\\\/vilight.vn\\\/website\\\/san-pham\\\/den-chieu-sang-facade\\\/den-roi-pha\\\/tg-series\\\/den-pha-vl-tg12\\\/#primaryimage\"},\"image\":{\"@id\":\"https:\\\/\\\/vilight.vn\\\/website\\\/san-pham\\\/den-chieu-sang-facade\\\/den-roi-pha\\\/tg-series\\\/den-pha-vl-tg12\\\/#primaryimage\"},\"thumbnailUrl\":\"https:\\\/\\\/vilight.vn\\\/website\\\/wp-content\\\/uploads\\\/2021\\\/06\\\/TG12-Logo.jpg\",\"datePublished\":\"2021-06-27T06:09:52+00:00\",\"dateModified\":\"2024-09-27T03:33:18+00:00\",\"description\":\"\u0110\u00e8n pha VL-TG12 l\u00e0 m\u1ed9t m\u1eabu \u0111\u00e8n ch\u1ea5t l\u01b0\u1ee3ng cao. S\u1ea3n ph\u1ea9m \u0111\u01b0\u1ee3c nh\u1eadp kh\u1ea9u v\u00e0 ph\u00e2n ph\u1ed1i ch\u00ednh h\u00e3ng t\u1ea1i vi\u1ec7t nam b\u1edfi cty Vilight\",\"breadcrumb\":{\"@id\":\"https:\\\/\\\/vilight.vn\\\/website\\\/san-pham\\\/den-chieu-sang-facade\\\/den-roi-pha\\\/tg-series\\\/den-pha-vl-tg12\\\/#breadcrumb\"},\"inLanguage\":\"vi\",\"potentialAction\":[{\"@type\":\"ReadAction\",\"target\":[\"https:\\\/\\\/vilight.vn\\\/website\\\/san-pham\\\/den-chieu-sang-facade\\\/den-roi-pha\\\/tg-series\\\/den-pha-vl-tg12\\\/\"]}]},{\"@type\":\"ImageObject\",\"inLanguage\":\"vi\",\"@id\":\"https:\\\/\\\/vilight.vn\\\/website\\\/san-pham\\\/den-chieu-sang-facade\\\/den-roi-pha\\\/tg-series\\\/den-pha-vl-tg12\\\/#primaryimage\",\"url\":\"https:\\\/\\\/vilight.vn\\\/website\\\/wp-content\\\/uploads\\\/2021\\\/06\\\/TG12-Logo.jpg\",\"contentUrl\":\"https:\\\/\\\/vilight.vn\\\/website\\\/wp-content\\\/uploads\\\/2021\\\/06\\\/TG12-Logo.jpg\",\"width\":600,\"height\":600,\"caption\":\"\u0110\u00e8n pha VL-TG12\"},{\"@type\":\"BreadcrumbList\",\"@id\":\"https:\\\/\\\/vilight.vn\\\/website\\\/san-pham\\\/den-chieu-sang-facade\\\/den-roi-pha\\\/tg-series\\\/den-pha-vl-tg12\\\/#breadcrumb\",\"itemListElement\":[{\"@type\":\"ListItem\",\"position\":1,\"name\":\"Home\",\"item\":\"https:\\\/\\\/vilight.vn\\\/website\\\/\"},{\"@type\":\"ListItem\",\"position\":2,\"name\":\"store\",\"item\":\"https:\\\/\\\/vilight.vn\\\/website\\\/store\\\/\"},{\"@type\":\"ListItem\",\"position\":3,\"name\":\"\u0110\u00e8n pha VL-TG12\"}]},{\"@type\":\"WebSite\",\"@id\":\"https:\\\/\\\/vilight.vn\\\/website\\\/#website\",\"url\":\"https:\\\/\\\/vilight.vn\\\/website\\\/\",\"name\":\"Vilight Co.ltd\",\"description\":\"Chi\u1ebfu s\u00e1ng m\u1ef9 thu\u1eadt, chi\u1ebfu s\u00e1ng th\u00f4ng minh, LED Pixel 3D, chi\u1ebfu s\u00e1ng trang tr\u00ed \u0111\u00f4 th\u1ecb, chi\u1ebfu s\u00e1ng v\u00f2ng xoay, chi\u1ebfu s\u00e1ng \u0111\u1ea3o giao th\u00f4ng, c\u1ed5ng ch\u00e0o \u0111\u00f4 th\u1ecb\",\"publisher\":{\"@id\":\"https:\\\/\\\/vilight.vn\\\/website\\\/#organization\"},\"potentialAction\":[{\"@type\":\"SearchAction\",\"target\":{\"@type\":\"EntryPoint\",\"urlTemplate\":\"https:\\\/\\\/vilight.vn\\\/website\\\/?s={search_term_string}\"},\"query-input\":{\"@type\":\"PropertyValueSpecification\",\"valueRequired\":true,\"valueName\":\"search_term_string\"}}],\"inLanguage\":\"vi\"},{\"@type\":\"Organization\",\"@id\":\"https:\\\/\\\/vilight.vn\\\/website\\\/#organization\",\"name\":\"Vilight\",\"url\":\"https:\\\/\\\/vilight.vn\\\/website\\\/\",\"logo\":{\"@type\":\"ImageObject\",\"inLanguage\":\"vi\",\"@id\":\"https:\\\/\\\/vilight.vn\\\/website\\\/#\\\/schema\\\/logo\\\/image\\\/\",\"url\":\"https:\\\/\\\/vilight.vn\\\/website\\\/wp-content\\\/uploads\\\/2022\\\/05\\\/chieu_sang_trang_tri_do_thi_bang_den_led_pixel.png\",\"contentUrl\":\"https:\\\/\\\/vilight.vn\\\/website\\\/wp-content\\\/uploads\\\/2022\\\/05\\\/chieu_sang_trang_tri_do_thi_bang_den_led_pixel.png\",\"width\":800,\"height\":427,\"caption\":\"Vilight\"},\"image\":{\"@id\":\"https:\\\/\\\/vilight.vn\\\/website\\\/#\\\/schema\\\/logo\\\/image\\\/\"},\"sameAs\":[\"http:\\\/\\\/facebook.com\\\/vilight.vn\",\"https:\\\/\\\/www.linkedin.com\\\/company\\\/vilight-vn\",\"https:\\\/\\\/www.youtube.com\\\/channel\\\/UCEwR2naeDcuarMX1kSv_rLQ\\\/videos\"]}]}<\/script>\n<meta property=\"product:brand\" content=\"TG Series\" \/>\n<meta property=\"product:price:currency\" content=\"VND\" \/>\n<meta property=\"og:availability\" content=\"instock\" \/>\n<meta property=\"product:availability\" content=\"instock\" \/>\n<meta property=\"product:condition\" content=\"new\" \/>\n<!-- \/ Yoast SEO Premium plugin. -->","yoast_head_json":{"title":"\u0110\u00e8n pha VL-TG12 s\u1ea3n ph\u1ea9m nh\u1eadp kh\u1ea9u ch\u00ednh h\u00e3ng - Vilight Co.ltd","description":"\u0110\u00e8n pha VL-TG12 l\u00e0 m\u1ed9t m\u1eabu \u0111\u00e8n ch\u1ea5t l\u01b0\u1ee3ng cao. S\u1ea3n ph\u1ea9m \u0111\u01b0\u1ee3c nh\u1eadp kh\u1ea9u v\u00e0 ph\u00e2n ph\u1ed1i ch\u00ednh h\u00e3ng t\u1ea1i vi\u1ec7t nam b\u1edfi cty Vilight","robots":{"index":"index","follow":"follow","max-snippet":"max-snippet:-1","max-image-preview":"max-image-preview:large","max-video-preview":"max-video-preview:-1"},"canonical":"https:\/\/vilight.vn\/website\/san-pham\/den-chieu-sang-facade\/den-roi-pha\/tg-series\/den-pha-vl-tg12\/","og_locale":"vi_VN","og_type":"article","og_title":"\u0110\u00e8n pha VL-TG12","og_description":"\u0110\u00e8n pha VL-TG12 - S\u1ef1 l\u1ef1a ch\u1ecdn ho\u00e0n h\u1ea3o cho \u00e1nh s\u00e1ng m\u1ea1nh m\u1ebd v\u00e0 linh ho\u1ea1t. V\u1edbi chip LED h\u00e0ng \u0111\u1ea7u, chu\u1ea9n \u0111i\u1ec1u khi\u1ec3n DMX v\u00e0 ON-OFF, c\u00f9ng v\u1edbi tu\u1ed5i th\u1ecd 50.000 gi\u1edd v\u00e0 kh\u1ea3 n\u0103ng ch\u1ed1ng ch\u00e1y, s\u1ea3n ph\u1ea9m mang \u0111\u1ebfn hi\u1ec7u su\u1ea5t v\u00e0 \u0111\u1ed9 b\u1ec1n cao.","og_url":"https:\/\/vilight.vn\/website\/san-pham\/den-chieu-sang-facade\/den-roi-pha\/tg-series\/den-pha-vl-tg12\/","og_site_name":"Vilight Co.ltd","article_publisher":"http:\/\/facebook.com\/vilight.vn","article_modified_time":"2024-09-27T03:33:18+00:00","og_image":[{"width":600,"height":600,"url":"https:\/\/vilight.vn\/website\/wp-content\/uploads\/2021\/06\/TG12-Logo.jpg","type":"image\/jpeg"}],"twitter_card":"summary_large_image","twitter_misc":{"Gi\u00e1":"","Kh\u1ea3 d\u1ee5ng":"Trong kho"},"schema":{"@context":"https:\/\/schema.org","@graph":[{"@type":"WebPage","@id":"https:\/\/vilight.vn\/website\/san-pham\/den-chieu-sang-facade\/den-roi-pha\/tg-series\/den-pha-vl-tg12\/","url":"https:\/\/vilight.vn\/website\/san-pham\/den-chieu-sang-facade\/den-roi-pha\/tg-series\/den-pha-vl-tg12\/","name":"\u0110\u00e8n pha VL-TG12 s\u1ea3n ph\u1ea9m nh\u1eadp kh\u1ea9u ch\u00ednh h\u00e3ng - Vilight Co.ltd","isPartOf":{"@id":"https:\/\/vilight.vn\/website\/#website"},"primaryImageOfPage":{"@id":"https:\/\/vilight.vn\/website\/san-pham\/den-chieu-sang-facade\/den-roi-pha\/tg-series\/den-pha-vl-tg12\/#primaryimage"},"image":{"@id":"https:\/\/vilight.vn\/website\/san-pham\/den-chieu-sang-facade\/den-roi-pha\/tg-series\/den-pha-vl-tg12\/#primaryimage"},"thumbnailUrl":"https:\/\/vilight.vn\/website\/wp-content\/uploads\/2021\/06\/TG12-Logo.jpg","datePublished":"2021-06-27T06:09:52+00:00","dateModified":"2024-09-27T03:33:18+00:00","description":"\u0110\u00e8n pha VL-TG12 l\u00e0 m\u1ed9t m\u1eabu \u0111\u00e8n ch\u1ea5t l\u01b0\u1ee3ng cao. S\u1ea3n ph\u1ea9m \u0111\u01b0\u1ee3c nh\u1eadp kh\u1ea9u v\u00e0 ph\u00e2n ph\u1ed1i ch\u00ednh h\u00e3ng t\u1ea1i vi\u1ec7t nam b\u1edfi cty Vilight","breadcrumb":{"@id":"https:\/\/vilight.vn\/website\/san-pham\/den-chieu-sang-facade\/den-roi-pha\/tg-series\/den-pha-vl-tg12\/#breadcrumb"},"inLanguage":"vi","potentialAction":[{"@type":"ReadAction","target":["https:\/\/vilight.vn\/website\/san-pham\/den-chieu-sang-facade\/den-roi-pha\/tg-series\/den-pha-vl-tg12\/"]}]},{"@type":"ImageObject","inLanguage":"vi","@id":"https:\/\/vilight.vn\/website\/san-pham\/den-chieu-sang-facade\/den-roi-pha\/tg-series\/den-pha-vl-tg12\/#primaryimage","url":"https:\/\/vilight.vn\/website\/wp-content\/uploads\/2021\/06\/TG12-Logo.jpg","contentUrl":"https:\/\/vilight.vn\/website\/wp-content\/uploads\/2021\/06\/TG12-Logo.jpg","width":600,"height":600,"caption":"\u0110\u00e8n pha VL-TG12"},{"@type":"BreadcrumbList","@id":"https:\/\/vilight.vn\/website\/san-pham\/den-chieu-sang-facade\/den-roi-pha\/tg-series\/den-pha-vl-tg12\/#breadcrumb","itemListElement":[{"@type":"ListItem","position":1,"name":"Home","item":"https:\/\/vilight.vn\/website\/"},{"@type":"ListItem","position":2,"name":"store","item":"https:\/\/vilight.vn\/website\/store\/"},{"@type":"ListItem","position":3,"name":"\u0110\u00e8n pha VL-TG12"}]},{"@type":"WebSite","@id":"https:\/\/vilight.vn\/website\/#website","url":"https:\/\/vilight.vn\/website\/","name":"Vilight Co.ltd","description":"Chi\u1ebfu s\u00e1ng m\u1ef9 thu\u1eadt, chi\u1ebfu s\u00e1ng th\u00f4ng minh, LED Pixel 3D, chi\u1ebfu s\u00e1ng trang tr\u00ed \u0111\u00f4 th\u1ecb, chi\u1ebfu s\u00e1ng v\u00f2ng xoay, chi\u1ebfu s\u00e1ng \u0111\u1ea3o giao th\u00f4ng, c\u1ed5ng ch\u00e0o \u0111\u00f4 th\u1ecb","publisher":{"@id":"https:\/\/vilight.vn\/website\/#organization"},"potentialAction":[{"@type":"SearchAction","target":{"@type":"EntryPoint","urlTemplate":"https:\/\/vilight.vn\/website\/?s={search_term_string}"},"query-input":{"@type":"PropertyValueSpecification","valueRequired":true,"valueName":"search_term_string"}}],"inLanguage":"vi"},{"@type":"Organization","@id":"https:\/\/vilight.vn\/website\/#organization","name":"Vilight","url":"https:\/\/vilight.vn\/website\/","logo":{"@type":"ImageObject","inLanguage":"vi","@id":"https:\/\/vilight.vn\/website\/#\/schema\/logo\/image\/","url":"https:\/\/vilight.vn\/website\/wp-content\/uploads\/2022\/05\/chieu_sang_trang_tri_do_thi_bang_den_led_pixel.png","contentUrl":"https:\/\/vilight.vn\/website\/wp-content\/uploads\/2022\/05\/chieu_sang_trang_tri_do_thi_bang_den_led_pixel.png","width":800,"height":427,"caption":"Vilight"},"image":{"@id":"https:\/\/vilight.vn\/website\/#\/schema\/logo\/image\/"},"sameAs":["http:\/\/facebook.com\/vilight.vn","https:\/\/www.linkedin.com\/company\/vilight-vn","https:\/\/www.youtube.com\/channel\/UCEwR2naeDcuarMX1kSv_rLQ\/videos"]}]},"product_brand":"TG Series","product_price_currency":"VND","og_availability":"instock","product_availability":"instock","product_condition":"new"},"_links":{"self":[{"href":"https:\/\/vilight.vn\/website\/wp-json\/wp\/v2\/product\/1386","targetHints":{"allow":["GET"]}}],"collection":[{"href":"https:\/\/vilight.vn\/website\/wp-json\/wp\/v2\/product"}],"about":[{"href":"https:\/\/vilight.vn\/website\/wp-json\/wp\/v2\/types\/product"}],"wp:featuredmedia":[{"embeddable":true,"href":"https:\/\/vilight.vn\/website\/wp-json\/wp\/v2\/media\/1387"}],"wp:attachment":[{"href":"https:\/\/vilight.vn\/website\/wp-json\/wp\/v2\/media?parent=1386"}],"wp:term":[{"taxonomy":"product_brand","embeddable":true,"href":"https:\/\/vilight.vn\/website\/wp-json\/wp\/v2\/product_brand?post=1386"},{"taxonomy":"product_cat","embeddable":true,"href":"https:\/\/vilight.vn\/website\/wp-json\/wp\/v2\/product_cat?post=1386"},{"taxonomy":"product_tag","embeddable":true,"href":"https:\/\/vilight.vn\/website\/wp-json\/wp\/v2\/product_tag?post=1386"}],"curies":[{"name":"wp","href":"https:\/\/api.w.org\/{rel}","templated":true}]}}