{"id":1396,"date":"2021-06-27T15:46:07","date_gmt":"2021-06-27T08:46:07","guid":{"rendered":"https:\/\/vilight.vn\/website\/?post_type=product&#038;p=1396"},"modified":"2024-10-02T08:17:46","modified_gmt":"2024-10-02T01:17:46","slug":"den-led-diem-vl-s20-c7-c9","status":"publish","type":"product","link":"https:\/\/vilight.vn\/website\/san-pham\/den-led-pixel\/trang-tri\/s-series\/den-led-diem-vl-s20-c7-c9\/","title":{"rendered":"\u0110\u00e8n LED VL-S20 C7\/C9"},"content":{"rendered":"<h2 style=\"text-align: justify;\"><span style=\"font-size: 18pt;\">\u0110\u00e8n Led \u0111i\u1ec3m VL-S20 C7\/C9: S\u1ef1 k\u1ebft h\u1ee3p ho\u00e0n h\u1ea3o c\u1ee7a hi\u1ec7u su\u1ea5t v\u00e0 \u0111\u1ed9 b\u1ec1n<\/span><\/h2>\n<p style=\"text-align: justify;\"><span style=\"font-size: 14pt;\">\u0110\u00e8n Led \u0111i\u1ec3m VL-S20 C7\/C9 l\u00e0 m\u1ed9t s\u1ea3n ph\u1ea9m \u0111\u00e8n Led \u0111a n\u0103ng, s\u1eed d\u1ee5ng \u0111\u00e8n F8RGB v\u1edbi g\u00f3c ph\u00e1t s\u00e1ng l\u1edbn. V\u1edbi c\u00e1c \u0111\u1eb7c \u0111i\u1ec3m n\u1ed5i b\u1eadt v\u00e0 c\u00f4ng ngh\u1ec7 ti\u00ean ti\u1ebfn, \u0111\u00e8n n\u00e0y mang \u0111\u1ebfn cho b\u1ea1n \u00e1nh s\u00e1ng ch\u1ea5t l\u01b0\u1ee3ng cao, \u0111\u1ed3ng th\u1eddi \u0111\u1ea3m b\u1ea3o ti\u1ebft ki\u1ec7m n\u0103ng l\u01b0\u1ee3ng v\u00e0 tu\u1ed5i th\u1ecd cao.<\/span><\/p>\n<p style=\"text-align: justify;\"><span style=\"font-size: 14pt;\">M\u1ed9t trong nh\u1eefng \u01b0u \u0111i\u1ec3m l\u1edbn c\u1ee7a \u0111\u00e8n Led \u0111i\u1ec3m VL-S20 C7\/C9 l\u00e0 vi\u1ec7c s\u1eed d\u1ee5ng chip LED Epistar h\u00e0ng \u0111\u1ea7u. Chip LED n\u00e0y gi\u00fap \u0111\u00e8n c\u00f3 \u0111\u1ed9 s\u00e1ng cao, \u00e1nh s\u00e1ng t\u1ed1t v\u00e0 m\u00e0u s\u1eafc \u0111\u1ec1u, \u0111\u1ea3m b\u1ea3o cho b\u1ea1n nh\u1eefng tr\u1ea3i nghi\u1ec7m th\u1ecb gi\u00e1c tuy\u1ec7t v\u1eddi. \u0110\u1ed9 b\u00e3o h\u00f2a m\u00e0u t\u1ed1t v\u00e0 t\u00ednh \u1ed5n \u0111\u1ecbnh c\u1ee7a chip LED Epistar c\u0169ng \u0111\u1ea3m b\u1ea3o r\u1eb1ng \u0111\u00e8n s\u1ebd kh\u00f4ng b\u1ecb thay \u0111\u1ed5i m\u00e0u s\u1eafc kh\u00f4ng mong mu\u1ed1n trong qu\u00e1 tr\u00ecnh s\u1eed d\u1ee5ng.<\/span><\/p>\n<p style=\"text-align: justify;\"><span style=\"font-size: 14pt;\">V\u1edbi \u0111i\u1ec7n \u00e1p ho\u1ea1t \u0111\u1ed9ng th\u1ea5p ch\u1ec9 12VDC, \u0111\u00e8n Led \u0111i\u1ec3m VL-S20 C7\/C9 kh\u00f4ng ch\u1ec9 an to\u00e0n m\u00e0 c\u00f2n ti\u1ebft ki\u1ec7m n\u0103ng l\u01b0\u1ee3ng. B\u1ea1n c\u00f3 th\u1ec3 y\u00ean t\u00e2m v\u1ec1 h\u00f3a \u0111\u01a1n \u0111i\u1ec7n m\u00e0 v\u1eabn t\u1eadn h\u01b0\u1edfng \u00e1nh s\u00e1ng ch\u1ea5t l\u01b0\u1ee3ng. \u0110\u1ed9 b\u1ec1n cao v\u00e0 suy hao th\u1ea5p c\u0169ng l\u00e0 nh\u1eefng l\u1ee3i \u00edch kh\u00e1c c\u1ee7a s\u1ea3n ph\u1ea9m n\u00e0y, gi\u00fap b\u1ea1n ti\u1ebft ki\u1ec7m th\u1eddi gian v\u00e0 ti\u1ec1n b\u1ea1c khi kh\u00f4ng ph\u1ea3i thay th\u1ebf \u0111\u00e8n th\u01b0\u1eddng xuy\u00ean.<\/span><\/p>\n<p style=\"text-align: justify;\"><span style=\"font-size: 14pt;\">V\u1ecf \u0111\u00e8n VL-S20 C7\/C9 \u0111\u01b0\u1ee3c l\u00e0m b\u1eb1ng nh\u1ef1a AB ch\u1ea5t l\u01b0\u1ee3ng cao, \u0111\u1ea3m b\u1ea3o \u0111\u1ed9 b\u1ec1n c\u01a1 h\u1ecdc t\u1ed1t v\u00e0 m\u1ee9c \u0111\u1ed9 b\u1ea3o v\u1ec7 s\u1ea3n ph\u1ea9m cao. \u0110i\u1ec1u n\u00e0y cho ph\u00e9p \u0111\u00e8n ch\u1ed1ng l\u1ea1i c\u00e1c t\u00e1c \u0111\u1ed9ng t\u1eeb m\u00f4i tr\u01b0\u1eddng b\u00ean ngo\u00e0i v\u00e0 duy tr\u00ec hi\u1ec7u su\u1ea5t \u1ed5n \u0111\u1ecbnh trong th\u1eddi gian d\u00e0i. D\u00e2y v\u00e0 v\u1ecf \u0111\u00e8n c\u0169ng \u0111\u01b0\u1ee3c l\u00e0m b\u1eb1ng v\u1eadt li\u1ec7u ch\u1ed1ng l\u1ea1nh, ch\u1ed1ng UV v\u00e0 ch\u1ed1ng ch\u00e1y, cho ph\u00e9p b\u1ea1n s\u1eed d\u1ee5ng s\u1ea3n ph\u1ea9m l\u00e2u d\u00e0i ngo\u00e0i tr\u1eddi m\u00e0 kh\u00f4ng lo b\u1ecb h\u01b0 h\u1ecfng do t\u00e1c \u0111\u1ed9ng c\u1ee7a th\u1eddi ti\u1ebft.<\/span><\/p>\n<p style=\"text-align: justify;\"><span style=\"font-size: 14pt;\">\u0110\u00e8n Led \u0111i\u1ec3m VL-S20 C7\/C9 c\u00f3 nhi\u1ec1u k\u00edch th\u01b0\u1edbc \u0111\u1ec3 b\u1ea1n l\u1ef1a ch\u1ecdn, bao g\u1ed3m 22.36*71.83 mm v\u00e0 25.95<\/span><\/p>\n<p style=\"text-align: justify;\"><span style=\"font-size: 14pt;\">*82 mm. V\u1edbi g\u00f3c chi\u1ebfu r\u1ed9ng h\u01a1n 120\u00b0, \u0111\u00e8n cung c\u1ea5p \u00e1nh s\u00e1ng ph\u00e2n t\u00e1n \u0111\u1ed3ng \u0111\u1ec1u v\u00e0 m\u1edf r\u1ed9ng ph\u1ea1m vi chi\u1ebfu s\u00e1ng.<\/span><\/p>\n<p style=\"text-align: justify;\"><span style=\"font-size: 14pt;\">V\u1edbi c\u00e1c ti\u00eau chu\u1ea9n cao nh\u01b0 IP68 (\u0111\u1ed9 k\u00edn cao), Gray Level 256\/65536, c\u1ea5p ch\u1ed1ng ch\u00e1y 94-V0 v\u00e0 c\u1ea5p c\u00e1ch \u0111i\u1ec7n III, \u0111\u00e8n Led \u0111i\u1ec3m VL-S20 C7\/C9 \u0111\u00e1ng tin c\u1eady v\u00e0 an to\u00e0n cho s\u1eed d\u1ee5ng.<\/span><\/p>\n<p style=\"text-align: justify;\"><span style=\"font-size: 14pt;\">T\u00f3m l\u1ea1i, \u0111\u00e8n Led \u0111i\u1ec3m VL-S20 C7\/C9 l\u00e0 l\u1ef1a ch\u1ecdn ho\u00e0n h\u1ea3o cho c\u00e1c \u1ee9ng d\u1ee5ng chi\u1ebfu s\u00e1ng \u0111i\u1ec3m trong kh\u00f4ng gian ngo\u00e0i tr\u1eddi. V\u1edbi \u00e1nh s\u00e1ng ch\u1ea5t l\u01b0\u1ee3ng cao, ti\u1ebft ki\u1ec7m n\u0103ng l\u01b0\u1ee3ng v\u00e0 \u0111\u1ed9 b\u1ec1n tuy\u1ec7t v\u1eddi, s\u1ea3n ph\u1ea9m n\u00e0y s\u1ebd l\u00e0 m\u1ed9t gi\u1ea3i ph\u00e1p tuy\u1ec7t v\u1eddi \u0111\u1ec3 t\u1ea1o \u0111i\u1ec3m nh\u1ea5n s\u00e1ng v\u00e0 t\u1ea1o kh\u00f4ng gian h\u1ea5p d\u1eabn cho ng\u00f4i nh\u00e0, khu v\u01b0\u1eddn ho\u1eb7c c\u1ea3nh quan c\u1ee7a b\u1ea1n.<\/span><\/p>\n<p style=\"text-align: justify;\"><span style=\"font-size: 14pt;\"><a href=\"https:\/\/vilight.vn\/website\/wp-content\/uploads\/2021\/06\/S20-C7-C9.jpg\"><img decoding=\"async\" class=\"aligncenter wp-image-1397 lazyload\" data-src=\"https:\/\/vilight.vn\/website\/wp-content\/uploads\/2021\/06\/S20-C7-C9.jpg\" alt=\"\u0110\u00e8n Led \u0111i\u1ec3m VL-S20 C7\/C9\" width=\"1500\" height=\"1396\" data-srcset=\"https:\/\/vilight.vn\/website\/wp-content\/uploads\/2021\/06\/S20-C7-C9.jpg 1200w, https:\/\/vilight.vn\/website\/wp-content\/uploads\/2021\/06\/S20-C7-C9-800x745.jpg 800w, https:\/\/vilight.vn\/website\/wp-content\/uploads\/2021\/06\/S20-C7-C9-300x279.jpg 300w, https:\/\/vilight.vn\/website\/wp-content\/uploads\/2021\/06\/S20-C7-C9-1024x953.jpg 1024w, https:\/\/vilight.vn\/website\/wp-content\/uploads\/2021\/06\/S20-C7-C9-768x715.jpg 768w, https:\/\/vilight.vn\/website\/wp-content\/uploads\/2021\/06\/S20-C7-C9-13x12.jpg 13w, https:\/\/vilight.vn\/website\/wp-content\/uploads\/2021\/06\/S20-C7-C9-157x146.jpg 157w, https:\/\/vilight.vn\/website\/wp-content\/uploads\/2021\/06\/S20-C7-C9-50x47.jpg 50w, https:\/\/vilight.vn\/website\/wp-content\/uploads\/2021\/06\/S20-C7-C9-81x75.jpg 81w, https:\/\/vilight.vn\/website\/wp-content\/uploads\/2021\/06\/S20-C7-C9-600x559.jpg 600w\" data-sizes=\"(max-width:767px) 480px, (max-width:1500px) 100vw, 1500px\" src=\"data:image\/svg+xml;base64,PHN2ZyB3aWR0aD0iMSIgaGVpZ2h0PSIxIiB4bWxucz0iaHR0cDovL3d3dy53My5vcmcvMjAwMC9zdmciPjwvc3ZnPg==\" style=\"--smush-placeholder-width: 1500px; --smush-placeholder-aspect-ratio: 1500\/1396;\" \/><\/a><\/span><\/p>\n<p style=\"text-align: justify;\"><span style=\"color: #ffffff; font-size: 14pt;\">S20 C7\/C9. M\u1eabu \u0111\u00e8n led S20 C7\/C9. \u0110\u00e8n led S20 C7\/C9 nh\u1eadp kh\u1ea9u cao c\u1ea5p.<\/span><\/p>\n","protected":false},"excerpt":{"rendered":"<p style=\"text-align: justify;\"><span style=\"font-size: 14pt;\">\u0110\u00e8n LED trang tr\u00ed VL-S20-C7\/C9 l\u00e0 m\u1ed9t s\u1ea3n ph\u1ea9m \u0111\u00e8n \u0111a n\u0103ng, s\u1eed d\u1ee5ng lo\u1ea1i LED F8RGB v\u1edbi g\u00f3c ph\u00e1t s\u00e1ng l\u1edbn. V\u1edbi c\u00e1c \u0111\u1eb7c \u0111i\u1ec3m n\u1ed5i b\u1eadt v\u00e0 c\u00f4ng ngh\u1ec7 ti\u00ean ti\u1ebfn, \u0111\u00e8n n\u00e0y mang \u0111\u1ebfn \u00e1nh s\u00e1ng ch\u1ea5t l\u01b0\u1ee3ng cao, \u0111\u1ed3ng th\u1eddi \u0111\u1ea3m b\u1ea3o ti\u1ebft ki\u1ec7m n\u0103ng l\u01b0\u1ee3ng v\u00e0 tu\u1ed5i th\u1ecd cao.<\/span><\/p>\n<h4 style=\"text-align: justify;\">Video c\u00f4ng tr\u00ecnh s\u1eed d\u1ee5ng \u0111\u00e8n S20:<\/h4>\n<p style=\"text-align: justify;\"><span style=\"font-size: 14pt;\"><figure class=\"wp-block-embed wp-block-embed-youtube is-type-video is-provider-youtube epyt-figure\"><div class=\"wp-block-embed__wrapper\"><div class=\"epyt-video-wrapper\"><iframe  data-ep-a=\"rotateIn\"  id=\"_ytid_55767\"  width=\"1220\" height=\"686\"  data-origwidth=\"1220\" data-origheight=\"686\" data-ep-src=\"https:\/\/www.youtube.com\/embed\/Vy-n4000CIo?enablejsapi=1&autoplay=1&cc_load_policy=1&cc_lang_pref=&iv_load_policy=1&loop=1&playlist=Vy-n4000CIo&rel=-1&fs=1&playsinline=0&autohide=2&theme=dark&color=white&controls=0&disablekb=0&\" class=\"__youtube_prefs__  no-lazyload\" title=\"YouTube player\"  allow=\"fullscreen; accelerometer; autoplay; clipboard-write; encrypted-media; gyroscope; picture-in-picture; web-share\" referrerpolicy=\"strict-origin-when-cross-origin\" allowfullscreen data-no-lazy=\"1\" data-skipgform_ajax_framebjll=\"\"><\/iframe><\/div><\/div><\/figure><span itemprop=\"video\" itemscope itemtype=\"http:\/\/schema.org\/VideoObject\"><meta itemprop=\"embedUrl\" content=\"https:\/\/www.youtube.com\/embed\/Vy-n4000CIo\"><meta itemprop=\"name\" content=\"C\u00f4ng tr\u00ecnh s\u1eed d\u1ee5ng \u0111\u00e8n S20A01\"><meta itemprop=\"description\" content=\"http:\/\/vilight.vn l\u00e0 \u0111\u1ea1i l\u00fd \u0111\u1ed9c quy\u1ec1n c\u1ee7a SHLED t\u1ea1i Vi\u1ec7t Nam\"><meta itemprop=\"thumbnailUrl\" content=\"https:\/\/i.ytimg.com\/vi\/Vy-n4000CIo\/0.jpg\"><meta itemprop=\"duration\" content=\"PT31S\"><meta itemprop=\"uploadDate\" content=\"2021-07-01T08:23:09Z\"><\/span><\/span><\/p>\n<p style=\"text-align: justify;\">\n","protected":false},"featured_media":1398,"template":"","meta":[],"product_brand":[],"product_cat":[193],"product_tag":[470],"class_list":{"0":"post-1396","1":"product","2":"type-product","3":"status-publish","4":"has-post-thumbnail","6":"product_cat-s-series","7":"product_tag-den-led-diem-vl-s20-c7-c9","8":"pa_chip-led-cree","9":"pa_chip-led-epistar","10":"pa_chuan-dieu-khien-dmx","11":"pa_chuan-dieu-khien-ttl","12":"pa_cong-suat-0-6w","13":"pa_dien-ap-hoat-dong-12v","14":"pa_do-kin-ip68","15":"pa_goc-chieu-213","16":"pa_gray-level-256-65536","17":"pa_kich-thuoc-22-3671-83-mm","18":"pa_kich-thuoc-25-9582-mm","20":"first","21":"instock","22":"taxable","23":"shipping-taxable","24":"product-type-simple"},"yoast_head":"<!-- This site is optimized with the Yoast SEO Premium plugin v27.4 (Yoast SEO v27.4) - https:\/\/yoast.com\/product\/yoast-seo-premium-wordpress\/ -->\n<title>\u0110\u00e8n LED VL-S20 C7\/C9 - Vilight Co.ltd<\/title>\n<meta name=\"description\" content=\"\u0110\u00e8n LED trang tr\u00ed 0.6W VL-S20-C7\/C9 l\u00e0 m\u1ed9t s\u1ea3n ph\u1ea9m \u0111\u00e8n \u0111a n\u0103ng, \u0111\u00e8n n\u00e0y mang \u0111\u1ebfn \u00e1nh s\u00e1ng ch\u1ea5t l\u01b0\u1ee3ng cao, \u0111\u1ed3ng th\u1eddi ti\u1ebft ki\u1ec7m n\u0103ng l\u01b0\u1ee3ng v\u00e0 tu\u1ed5i th\u1ecd cao.\" \/>\n<meta name=\"robots\" content=\"index, follow, max-snippet:-1, max-image-preview:large, max-video-preview:-1\" \/>\n<link rel=\"canonical\" href=\"https:\/\/vilight.vn\/website\/san-pham\/den-led-pixel\/trang-tri\/s-series\/den-led-diem-vl-s20-c7-c9\/\" \/>\n<meta property=\"og:locale\" content=\"vi_VN\" \/>\n<meta property=\"og:type\" content=\"article\" \/>\n<meta property=\"og:title\" content=\"\u0110\u00e8n LED VL-S20 C7\/C9\" \/>\n<meta property=\"og:description\" content=\"\u0110\u00e8n LED trang tr\u00ed VL-S20-C7\/C9 l\u00e0 m\u1ed9t s\u1ea3n ph\u1ea9m \u0111\u00e8n \u0111a n\u0103ng, s\u1eed d\u1ee5ng lo\u1ea1i LED F8RGB v\u1edbi g\u00f3c ph\u00e1t s\u00e1ng l\u1edbn. V\u1edbi c\u00e1c \u0111\u1eb7c \u0111i\u1ec3m n\u1ed5i b\u1eadt v\u00e0 c\u00f4ng ngh\u1ec7 ti\u00ean ti\u1ebfn, \u0111\u00e8n n\u00e0y mang \u0111\u1ebfn \u00e1nh s\u00e1ng ch\u1ea5t l\u01b0\u1ee3ng cao, \u0111\u1ed3ng th\u1eddi \u0111\u1ea3m b\u1ea3o ti\u1ebft ki\u1ec7m n\u0103ng l\u01b0\u1ee3ng v\u00e0 tu\u1ed5i th\u1ecd cao.  Video c\u00f4ng tr\u00ecnh s\u1eed d\u1ee5ng \u0111\u00e8n S20:\" \/>\n<meta property=\"og:url\" content=\"https:\/\/vilight.vn\/website\/san-pham\/den-led-pixel\/trang-tri\/s-series\/den-led-diem-vl-s20-c7-c9\/\" \/>\n<meta property=\"og:site_name\" content=\"Vilight Co.ltd\" \/>\n<meta property=\"article:publisher\" content=\"http:\/\/facebook.com\/vilight.vn\" \/>\n<meta property=\"article:modified_time\" content=\"2024-10-02T01:17:46+00:00\" \/>\n<meta property=\"og:image\" content=\"https:\/\/vilight.vn\/website\/wp-content\/uploads\/2021\/06\/S20-C7-C9-Logo.jpg\" \/>\n\t<meta property=\"og:image:width\" content=\"600\" \/>\n\t<meta property=\"og:image:height\" content=\"600\" \/>\n\t<meta property=\"og:image:type\" content=\"image\/jpeg\" \/>\n<meta name=\"twitter:card\" content=\"summary_large_image\" \/>\n<meta name=\"twitter:label1\" content=\"Gi\u00e1\" \/>\n\t<meta name=\"twitter:data1\" content=\"\" \/>\n\t<meta name=\"twitter:label2\" content=\"Kh\u1ea3 d\u1ee5ng\" \/>\n\t<meta name=\"twitter:data2\" content=\"Trong kho\" \/>\n<script type=\"application\/ld+json\" class=\"yoast-schema-graph\">{\"@context\":\"https:\\\/\\\/schema.org\",\"@graph\":[{\"@type\":\"WebPage\",\"@id\":\"https:\\\/\\\/vilight.vn\\\/website\\\/san-pham\\\/den-led-pixel\\\/trang-tri\\\/s-series\\\/den-led-diem-vl-s20-c7-c9\\\/\",\"url\":\"https:\\\/\\\/vilight.vn\\\/website\\\/san-pham\\\/den-led-pixel\\\/trang-tri\\\/s-series\\\/den-led-diem-vl-s20-c7-c9\\\/\",\"name\":\"\u0110\u00e8n LED VL-S20 C7\\\/C9 - Vilight Co.ltd\",\"isPartOf\":{\"@id\":\"https:\\\/\\\/vilight.vn\\\/website\\\/#website\"},\"primaryImageOfPage\":{\"@id\":\"https:\\\/\\\/vilight.vn\\\/website\\\/san-pham\\\/den-led-pixel\\\/trang-tri\\\/s-series\\\/den-led-diem-vl-s20-c7-c9\\\/#primaryimage\"},\"image\":{\"@id\":\"https:\\\/\\\/vilight.vn\\\/website\\\/san-pham\\\/den-led-pixel\\\/trang-tri\\\/s-series\\\/den-led-diem-vl-s20-c7-c9\\\/#primaryimage\"},\"thumbnailUrl\":\"https:\\\/\\\/vilight.vn\\\/website\\\/wp-content\\\/uploads\\\/2021\\\/06\\\/S20-C7-C9-Logo.jpg\",\"datePublished\":\"2021-06-27T08:46:07+00:00\",\"dateModified\":\"2024-10-02T01:17:46+00:00\",\"description\":\"\u0110\u00e8n LED trang tr\u00ed 0.6W VL-S20-C7\\\/C9 l\u00e0 m\u1ed9t s\u1ea3n ph\u1ea9m \u0111\u00e8n \u0111a n\u0103ng, \u0111\u00e8n n\u00e0y mang \u0111\u1ebfn \u00e1nh s\u00e1ng ch\u1ea5t l\u01b0\u1ee3ng cao, \u0111\u1ed3ng th\u1eddi ti\u1ebft ki\u1ec7m n\u0103ng l\u01b0\u1ee3ng v\u00e0 tu\u1ed5i th\u1ecd cao.\",\"breadcrumb\":{\"@id\":\"https:\\\/\\\/vilight.vn\\\/website\\\/san-pham\\\/den-led-pixel\\\/trang-tri\\\/s-series\\\/den-led-diem-vl-s20-c7-c9\\\/#breadcrumb\"},\"inLanguage\":\"vi\",\"potentialAction\":[{\"@type\":\"ReadAction\",\"target\":[\"https:\\\/\\\/vilight.vn\\\/website\\\/san-pham\\\/den-led-pixel\\\/trang-tri\\\/s-series\\\/den-led-diem-vl-s20-c7-c9\\\/\"]}]},{\"@type\":\"ImageObject\",\"inLanguage\":\"vi\",\"@id\":\"https:\\\/\\\/vilight.vn\\\/website\\\/san-pham\\\/den-led-pixel\\\/trang-tri\\\/s-series\\\/den-led-diem-vl-s20-c7-c9\\\/#primaryimage\",\"url\":\"https:\\\/\\\/vilight.vn\\\/website\\\/wp-content\\\/uploads\\\/2021\\\/06\\\/S20-C7-C9-Logo.jpg\",\"contentUrl\":\"https:\\\/\\\/vilight.vn\\\/website\\\/wp-content\\\/uploads\\\/2021\\\/06\\\/S20-C7-C9-Logo.jpg\",\"width\":600,\"height\":600,\"caption\":\"\u0110\u00e8n Led \u0111i\u1ec3m VL-S20 C7\\\/C9\"},{\"@type\":\"BreadcrumbList\",\"@id\":\"https:\\\/\\\/vilight.vn\\\/website\\\/san-pham\\\/den-led-pixel\\\/trang-tri\\\/s-series\\\/den-led-diem-vl-s20-c7-c9\\\/#breadcrumb\",\"itemListElement\":[{\"@type\":\"ListItem\",\"position\":1,\"name\":\"Home\",\"item\":\"https:\\\/\\\/vilight.vn\\\/website\\\/\"},{\"@type\":\"ListItem\",\"position\":2,\"name\":\"store\",\"item\":\"https:\\\/\\\/vilight.vn\\\/website\\\/store\\\/\"},{\"@type\":\"ListItem\",\"position\":3,\"name\":\"\u0110\u00e8n LED VL-S20 C7\\\/C9\"}]},{\"@type\":\"WebSite\",\"@id\":\"https:\\\/\\\/vilight.vn\\\/website\\\/#website\",\"url\":\"https:\\\/\\\/vilight.vn\\\/website\\\/\",\"name\":\"Vilight Co.ltd\",\"description\":\"Chi\u1ebfu s\u00e1ng m\u1ef9 thu\u1eadt, chi\u1ebfu s\u00e1ng th\u00f4ng minh, LED Pixel 3D, chi\u1ebfu s\u00e1ng trang tr\u00ed \u0111\u00f4 th\u1ecb, chi\u1ebfu s\u00e1ng v\u00f2ng xoay, chi\u1ebfu s\u00e1ng \u0111\u1ea3o giao th\u00f4ng, c\u1ed5ng ch\u00e0o \u0111\u00f4 th\u1ecb\",\"publisher\":{\"@id\":\"https:\\\/\\\/vilight.vn\\\/website\\\/#organization\"},\"potentialAction\":[{\"@type\":\"SearchAction\",\"target\":{\"@type\":\"EntryPoint\",\"urlTemplate\":\"https:\\\/\\\/vilight.vn\\\/website\\\/?s={search_term_string}\"},\"query-input\":{\"@type\":\"PropertyValueSpecification\",\"valueRequired\":true,\"valueName\":\"search_term_string\"}}],\"inLanguage\":\"vi\"},{\"@type\":\"Organization\",\"@id\":\"https:\\\/\\\/vilight.vn\\\/website\\\/#organization\",\"name\":\"Vilight\",\"url\":\"https:\\\/\\\/vilight.vn\\\/website\\\/\",\"logo\":{\"@type\":\"ImageObject\",\"inLanguage\":\"vi\",\"@id\":\"https:\\\/\\\/vilight.vn\\\/website\\\/#\\\/schema\\\/logo\\\/image\\\/\",\"url\":\"https:\\\/\\\/vilight.vn\\\/website\\\/wp-content\\\/uploads\\\/2022\\\/05\\\/chieu_sang_trang_tri_do_thi_bang_den_led_pixel.png\",\"contentUrl\":\"https:\\\/\\\/vilight.vn\\\/website\\\/wp-content\\\/uploads\\\/2022\\\/05\\\/chieu_sang_trang_tri_do_thi_bang_den_led_pixel.png\",\"width\":800,\"height\":427,\"caption\":\"Vilight\"},\"image\":{\"@id\":\"https:\\\/\\\/vilight.vn\\\/website\\\/#\\\/schema\\\/logo\\\/image\\\/\"},\"sameAs\":[\"http:\\\/\\\/facebook.com\\\/vilight.vn\",\"https:\\\/\\\/www.linkedin.com\\\/company\\\/vilight-vn\",\"https:\\\/\\\/www.youtube.com\\\/channel\\\/UCEwR2naeDcuarMX1kSv_rLQ\\\/videos\"]}]}<\/script>\n<meta property=\"product:brand\" content=\"S Series\" \/>\n<meta property=\"product:price:currency\" content=\"VND\" \/>\n<meta property=\"og:availability\" content=\"instock\" \/>\n<meta property=\"product:availability\" content=\"instock\" \/>\n<meta property=\"product:condition\" content=\"new\" \/>\n<!-- \/ Yoast SEO Premium plugin. -->","yoast_head_json":{"title":"\u0110\u00e8n LED VL-S20 C7\/C9 - Vilight Co.ltd","description":"\u0110\u00e8n LED trang tr\u00ed 0.6W VL-S20-C7\/C9 l\u00e0 m\u1ed9t s\u1ea3n ph\u1ea9m \u0111\u00e8n \u0111a n\u0103ng, \u0111\u00e8n n\u00e0y mang \u0111\u1ebfn \u00e1nh s\u00e1ng ch\u1ea5t l\u01b0\u1ee3ng cao, \u0111\u1ed3ng th\u1eddi ti\u1ebft ki\u1ec7m n\u0103ng l\u01b0\u1ee3ng v\u00e0 tu\u1ed5i th\u1ecd cao.","robots":{"index":"index","follow":"follow","max-snippet":"max-snippet:-1","max-image-preview":"max-image-preview:large","max-video-preview":"max-video-preview:-1"},"canonical":"https:\/\/vilight.vn\/website\/san-pham\/den-led-pixel\/trang-tri\/s-series\/den-led-diem-vl-s20-c7-c9\/","og_locale":"vi_VN","og_type":"article","og_title":"\u0110\u00e8n LED VL-S20 C7\/C9","og_description":"\u0110\u00e8n LED trang tr\u00ed VL-S20-C7\/C9 l\u00e0 m\u1ed9t s\u1ea3n ph\u1ea9m \u0111\u00e8n \u0111a n\u0103ng, s\u1eed d\u1ee5ng lo\u1ea1i LED F8RGB v\u1edbi g\u00f3c ph\u00e1t s\u00e1ng l\u1edbn. V\u1edbi c\u00e1c \u0111\u1eb7c \u0111i\u1ec3m n\u1ed5i b\u1eadt v\u00e0 c\u00f4ng ngh\u1ec7 ti\u00ean ti\u1ebfn, \u0111\u00e8n n\u00e0y mang \u0111\u1ebfn \u00e1nh s\u00e1ng ch\u1ea5t l\u01b0\u1ee3ng cao, \u0111\u1ed3ng th\u1eddi \u0111\u1ea3m b\u1ea3o ti\u1ebft ki\u1ec7m n\u0103ng l\u01b0\u1ee3ng v\u00e0 tu\u1ed5i th\u1ecd cao.  Video c\u00f4ng tr\u00ecnh s\u1eed d\u1ee5ng \u0111\u00e8n S20:","og_url":"https:\/\/vilight.vn\/website\/san-pham\/den-led-pixel\/trang-tri\/s-series\/den-led-diem-vl-s20-c7-c9\/","og_site_name":"Vilight Co.ltd","article_publisher":"http:\/\/facebook.com\/vilight.vn","article_modified_time":"2024-10-02T01:17:46+00:00","og_image":[{"width":600,"height":600,"url":"https:\/\/vilight.vn\/website\/wp-content\/uploads\/2021\/06\/S20-C7-C9-Logo.jpg","type":"image\/jpeg"}],"twitter_card":"summary_large_image","twitter_misc":{"Gi\u00e1":"","Kh\u1ea3 d\u1ee5ng":"Trong kho"},"schema":{"@context":"https:\/\/schema.org","@graph":[{"@type":"WebPage","@id":"https:\/\/vilight.vn\/website\/san-pham\/den-led-pixel\/trang-tri\/s-series\/den-led-diem-vl-s20-c7-c9\/","url":"https:\/\/vilight.vn\/website\/san-pham\/den-led-pixel\/trang-tri\/s-series\/den-led-diem-vl-s20-c7-c9\/","name":"\u0110\u00e8n LED VL-S20 C7\/C9 - Vilight Co.ltd","isPartOf":{"@id":"https:\/\/vilight.vn\/website\/#website"},"primaryImageOfPage":{"@id":"https:\/\/vilight.vn\/website\/san-pham\/den-led-pixel\/trang-tri\/s-series\/den-led-diem-vl-s20-c7-c9\/#primaryimage"},"image":{"@id":"https:\/\/vilight.vn\/website\/san-pham\/den-led-pixel\/trang-tri\/s-series\/den-led-diem-vl-s20-c7-c9\/#primaryimage"},"thumbnailUrl":"https:\/\/vilight.vn\/website\/wp-content\/uploads\/2021\/06\/S20-C7-C9-Logo.jpg","datePublished":"2021-06-27T08:46:07+00:00","dateModified":"2024-10-02T01:17:46+00:00","description":"\u0110\u00e8n LED trang tr\u00ed 0.6W VL-S20-C7\/C9 l\u00e0 m\u1ed9t s\u1ea3n ph\u1ea9m \u0111\u00e8n \u0111a n\u0103ng, \u0111\u00e8n n\u00e0y mang \u0111\u1ebfn \u00e1nh s\u00e1ng ch\u1ea5t l\u01b0\u1ee3ng cao, \u0111\u1ed3ng th\u1eddi ti\u1ebft ki\u1ec7m n\u0103ng l\u01b0\u1ee3ng v\u00e0 tu\u1ed5i th\u1ecd cao.","breadcrumb":{"@id":"https:\/\/vilight.vn\/website\/san-pham\/den-led-pixel\/trang-tri\/s-series\/den-led-diem-vl-s20-c7-c9\/#breadcrumb"},"inLanguage":"vi","potentialAction":[{"@type":"ReadAction","target":["https:\/\/vilight.vn\/website\/san-pham\/den-led-pixel\/trang-tri\/s-series\/den-led-diem-vl-s20-c7-c9\/"]}]},{"@type":"ImageObject","inLanguage":"vi","@id":"https:\/\/vilight.vn\/website\/san-pham\/den-led-pixel\/trang-tri\/s-series\/den-led-diem-vl-s20-c7-c9\/#primaryimage","url":"https:\/\/vilight.vn\/website\/wp-content\/uploads\/2021\/06\/S20-C7-C9-Logo.jpg","contentUrl":"https:\/\/vilight.vn\/website\/wp-content\/uploads\/2021\/06\/S20-C7-C9-Logo.jpg","width":600,"height":600,"caption":"\u0110\u00e8n Led \u0111i\u1ec3m VL-S20 C7\/C9"},{"@type":"BreadcrumbList","@id":"https:\/\/vilight.vn\/website\/san-pham\/den-led-pixel\/trang-tri\/s-series\/den-led-diem-vl-s20-c7-c9\/#breadcrumb","itemListElement":[{"@type":"ListItem","position":1,"name":"Home","item":"https:\/\/vilight.vn\/website\/"},{"@type":"ListItem","position":2,"name":"store","item":"https:\/\/vilight.vn\/website\/store\/"},{"@type":"ListItem","position":3,"name":"\u0110\u00e8n LED VL-S20 C7\/C9"}]},{"@type":"WebSite","@id":"https:\/\/vilight.vn\/website\/#website","url":"https:\/\/vilight.vn\/website\/","name":"Vilight Co.ltd","description":"Chi\u1ebfu s\u00e1ng m\u1ef9 thu\u1eadt, chi\u1ebfu s\u00e1ng th\u00f4ng minh, LED Pixel 3D, chi\u1ebfu s\u00e1ng trang tr\u00ed \u0111\u00f4 th\u1ecb, chi\u1ebfu s\u00e1ng v\u00f2ng xoay, chi\u1ebfu s\u00e1ng \u0111\u1ea3o giao th\u00f4ng, c\u1ed5ng ch\u00e0o \u0111\u00f4 th\u1ecb","publisher":{"@id":"https:\/\/vilight.vn\/website\/#organization"},"potentialAction":[{"@type":"SearchAction","target":{"@type":"EntryPoint","urlTemplate":"https:\/\/vilight.vn\/website\/?s={search_term_string}"},"query-input":{"@type":"PropertyValueSpecification","valueRequired":true,"valueName":"search_term_string"}}],"inLanguage":"vi"},{"@type":"Organization","@id":"https:\/\/vilight.vn\/website\/#organization","name":"Vilight","url":"https:\/\/vilight.vn\/website\/","logo":{"@type":"ImageObject","inLanguage":"vi","@id":"https:\/\/vilight.vn\/website\/#\/schema\/logo\/image\/","url":"https:\/\/vilight.vn\/website\/wp-content\/uploads\/2022\/05\/chieu_sang_trang_tri_do_thi_bang_den_led_pixel.png","contentUrl":"https:\/\/vilight.vn\/website\/wp-content\/uploads\/2022\/05\/chieu_sang_trang_tri_do_thi_bang_den_led_pixel.png","width":800,"height":427,"caption":"Vilight"},"image":{"@id":"https:\/\/vilight.vn\/website\/#\/schema\/logo\/image\/"},"sameAs":["http:\/\/facebook.com\/vilight.vn","https:\/\/www.linkedin.com\/company\/vilight-vn","https:\/\/www.youtube.com\/channel\/UCEwR2naeDcuarMX1kSv_rLQ\/videos"]}]},"product_brand":"S Series","product_price_currency":"VND","og_availability":"instock","product_availability":"instock","product_condition":"new"},"_links":{"self":[{"href":"https:\/\/vilight.vn\/website\/wp-json\/wp\/v2\/product\/1396","targetHints":{"allow":["GET"]}}],"collection":[{"href":"https:\/\/vilight.vn\/website\/wp-json\/wp\/v2\/product"}],"about":[{"href":"https:\/\/vilight.vn\/website\/wp-json\/wp\/v2\/types\/product"}],"wp:featuredmedia":[{"embeddable":true,"href":"https:\/\/vilight.vn\/website\/wp-json\/wp\/v2\/media\/1398"}],"wp:attachment":[{"href":"https:\/\/vilight.vn\/website\/wp-json\/wp\/v2\/media?parent=1396"}],"wp:term":[{"taxonomy":"product_brand","embeddable":true,"href":"https:\/\/vilight.vn\/website\/wp-json\/wp\/v2\/product_brand?post=1396"},{"taxonomy":"product_cat","embeddable":true,"href":"https:\/\/vilight.vn\/website\/wp-json\/wp\/v2\/product_cat?post=1396"},{"taxonomy":"product_tag","embeddable":true,"href":"https:\/\/vilight.vn\/website\/wp-json\/wp\/v2\/product_tag?post=1396"}],"curies":[{"name":"wp","href":"https:\/\/api.w.org\/{rel}","templated":true}]}}