{"id":1399,"date":"2021-06-27T15:47:06","date_gmt":"2021-06-27T08:47:06","guid":{"rendered":"https:\/\/vilight.vn\/website\/?post_type=product&#038;p=1399"},"modified":"2024-10-02T08:26:23","modified_gmt":"2024-10-02T01:26:23","slug":"den-led-diem-vl-s5329","status":"publish","type":"product","link":"https:\/\/vilight.vn\/website\/san-pham\/den-led-pixel\/trang-tri\/s-series\/den-led-diem-vl-s5329\/","title":{"rendered":"\u0110\u00e8n LED VL-S5329"},"content":{"rendered":"<h2>\u0110\u00e8n Led \u0111i\u1ec3m VL-S5329 &#8211; \u0110\u00e8n Led ch\u1ea5t l\u01b0\u1ee3ng cao cho kh\u00f4ng gian s\u00e1ng t\u1ea1o<\/h2>\n<p>B\u1ea1n \u0111ang t\u00ecm ki\u1ebfm m\u1ed9t gi\u1ea3i ph\u00e1p chi\u1ebfu s\u00e1ng \u0111\u1ed9c \u0111\u00e1o v\u00e0 hi\u1ec7u qu\u1ea3 cho kh\u00f4ng gian c\u1ee7a m\u00ecnh? H\u00e3y c\u00f9ng kh\u00e1m ph\u00e1 \u0111\u00e8n Led \u0111i\u1ec3m VL-S5329 &#8211; m\u1ed9t s\u1ea3n ph\u1ea9m \u0111\u00e8n Led tuy\u1ec7t v\u1eddi t\u1eeb nh\u00e0 s\u1ea3n xu\u1ea5t uy t\u00edn.<\/p>\n<p>V\u1edbi s\u1ef1 k\u1ebft h\u1ee3p c\u1ee7a chip LED t\u1eeb CREE v\u00e0 Epistar, \u0111\u00e8n Led VL-S5329 mang \u0111\u1ebfn ch\u1ea5t l\u01b0\u1ee3ng \u00e1nh s\u00e1ng v\u01b0\u1ee3t tr\u1ed9i. \u0110\u01b0\u1ee3c thi\u1ebft k\u1ebf \u0111\u1ec3 \u0111\u00e1p \u1ee9ng c\u00e1c y\u00eau c\u1ea7u kh\u1eaft khe nh\u1ea5t, \u0111\u00e8n n\u00e0y kh\u00f4ng ch\u1ec9 t\u1ea1o ra \u00e1nh s\u00e1ng r\u1ef1c r\u1ee1 m\u00e0 c\u00f2n ti\u1ebft ki\u1ec7m n\u0103ng l\u01b0\u1ee3ng.<\/p>\n<p>\u0110\u00e8n Led VL-S5329 c\u00f3 kh\u1ea3 n\u0103ng \u0111i\u1ec1u khi\u1ec3n th\u00f4ng qua chu\u1ea9n DMX v\u00e0 TTL, gi\u00fap b\u1ea1n d\u1ec5 d\u00e0ng t\u1ea1o ra nh\u1eefng hi\u1ec7u \u1ee9ng \u00e1nh s\u00e1ng \u0111\u1ed9c \u0111\u00e1o v\u00e0 t\u01b0\u01a1ng t\u00e1c v\u1edbi c\u00e1c h\u1ec7 th\u1ed1ng \u00e1nh s\u00e1ng kh\u00e1c. B\u1ea1n c\u00f3 th\u1ec3 \u0111i\u1ec1u ch\u1ec9nh m\u00e0u s\u1eafc, \u0111\u1ed9 s\u00e1ng v\u00e0 ch\u1ebf \u0111\u1ed9 ho\u1ea1t \u0111\u1ed9ng \u0111\u1ec3 t\u1ea1o ra m\u1ed9t kh\u00f4ng gian chi\u1ebfu s\u00e1ng \u0111\u1ed9c nh\u1ea5t v\u00f4 nh\u1ecb.<\/p>\n<p>V\u1edbi c\u00f4ng su\u1ea5t ch\u1ec9 1.44W, \u0111\u00e8n Led \u0111i\u1ec3m VL-S5329 l\u00e0 m\u1ed9t gi\u1ea3i ph\u00e1p ti\u1ebft ki\u1ec7m n\u0103ng l\u01b0\u1ee3ng hi\u1ec7u qu\u1ea3. \u0110i\u1ec7n \u00e1p ho\u1ea1t \u0111\u1ed9ng 24VDC gi\u00fap \u0111\u1ea3m b\u1ea3o s\u1ef1 \u1ed5n \u0111\u1ecbnh v\u00e0 an to\u00e0n trong qu\u00e1 tr\u00ecnh s\u1eed d\u1ee5ng. Ngo\u00e0i ra, \u0111\u00e8n c\u00f3 \u0111\u1ed9 k\u00edn IP65, \u0111\u1ea3m b\u1ea3o ch\u1ed1ng n\u01b0\u1edbc v\u00e0 b\u1ee5i b\u1ea9n, ph\u00f9 h\u1ee3p cho c\u1ea3 \u1ee9ng d\u1ee5ng trong nh\u00e0 v\u00e0 ngo\u00e0i tr\u1eddi.<\/p>\n<p>G\u00f3c chi\u1ebfu r\u1ed9ng h\u01a1n ho\u1eb7c b\u1eb1ng 120\u00b0 c\u1ee7a \u0111\u00e8n Led \u0111i\u1ec3m VL-S5329 cho ph\u00e9p \u00e1nh s\u00e1ng lan t\u1ecfa m\u1ed9t c\u00e1ch r\u1ed9ng r\u00e3i, \u0111\u1ea3m b\u1ea3o chi\u1ebfu s\u00e1ng \u0111\u1ec1u v\u00e0 m\u1ecbn m\u00e0ng. V\u1edbi m\u1ee9c gray level l\u00ean \u0111\u1ebfn 256\/65536, b\u1ea1n c\u00f3 th\u1ec3 t\u00f9y ch\u1ec9nh \u0111\u1ed9 s\u00e1ng theo \u00fd mu\u1ed1n, t\u1eeb \u00e1nh s\u00e1ng m\u1edd nh\u1eb9 nh\u00e0ng cho \u0111\u1ebfn \u00e1nh s\u00e1ng s\u00e1ng r\u1ef1c r\u1ee1.<\/p>\n<p>K\u00edch th\u01b0\u1edbc nh\u1ecf g\u1ecdn c\u1ee7a \u0111\u00e8n (D60*53*96 mm) gi\u00fap d\u1ec5 d\u00e0ng l\u1eafp \u0111\u1eb7t v\u00e0 th\u00edch nghi v\u1edbi nhi\u1ec1u kh\u00f4ng gian kh\u00e1c nhau. V\u1edbi tu\u1ed5i th\u1ecd 30.000 gi\u1edd, \u0111\u00e8n Led \u0111i\u1ec3m VL-S5329 l\u00e0 m\u1ed9t \u0111\u1ea7u t\u01b0 l\u00e2u d\u00e0i cho h\u1ec7 th\u1ed1ng chi\u1ebfu s\u00e1ng c\u1ee7a b\u1ea1n<\/p>\n<p>.<\/p>\n<p>\u0110\u00e8n Led VL-S5329 c\u0169ng \u0111\u01b0\u1ee3c thi\u1ebft k\u1ebf v\u1edbi c\u00e1c ti\u00eau chu\u1ea9n an to\u00e0n cao, bao g\u1ed3m c\u1ea5p ch\u1ed1ng ch\u00e1y 94-V0 v\u00e0 c\u1ea5p c\u00e1ch \u0111i\u1ec7n III. \u0110i\u1ec1u n\u00e0y \u0111\u1ea3m b\u1ea3o r\u1eb1ng \u0111\u00e8n \u0111\u00e1p \u1ee9ng \u0111\u01b0\u1ee3c c\u00e1c ti\u00eau chu\u1ea9n ch\u1ea5t l\u01b0\u1ee3ng v\u00e0 an to\u00e0n qu\u1ed1c t\u1ebf.<\/p>\n<p>V\u1edbi \u0111\u00e8n Led \u0111i\u1ec3m VL-S5329, b\u1ea1n s\u1ebd t\u1eadn h\u01b0\u1edfng kh\u00f4ng gian s\u00e1ng t\u1ea1o, \u0111\u1ed9c \u0111\u00e1o v\u00e0 ti\u1ebft ki\u1ec7m n\u0103ng l\u01b0\u1ee3ng. V\u01b0\u1ee3t xa mong \u0111\u1ee3i c\u1ee7a b\u1ea1n v\u1ec1 \u00e1nh s\u00e1ng, \u0111\u00e8n n\u00e0y s\u1ebd mang \u0111\u1ebfn nh\u1eefng tr\u1ea3i nghi\u1ec7m th\u00fa v\u1ecb v\u00e0 t\u1ea1o \u0111i\u1ec3m nh\u1ea5n \u0111\u1eb7c bi\u1ec7t cho m\u1ecdi kh\u00f4ng gian.<\/p>\n<p>H\u00e3y kh\u00e1m ph\u00e1 ngay \u0111\u00e8n Led \u0111i\u1ec3m VL-S5329 v\u00e0 bi\u1ebfn \u01b0\u1edbc m\u01a1 \u00e1nh s\u00e1ng c\u1ee7a b\u1ea1n th\u00e0nh hi\u1ec7n th\u1ef1c!<\/p>\n<p>&#8212;<\/p>\n<p><a href=\"https:\/\/vilight.vn\/website\/wp-content\/uploads\/2021\/06\/S5329.jpg\"><img decoding=\"async\" class=\"wp-image-1400 aligncenter lazyload\" data-src=\"https:\/\/vilight.vn\/website\/wp-content\/uploads\/2021\/06\/S5329.jpg\" alt=\"\u0110\u00e8n Led \u0111i\u1ec3m VL-S5329\" width=\"1500\" height=\"838\" data-srcset=\"https:\/\/vilight.vn\/website\/wp-content\/uploads\/2021\/06\/S5329.jpg 1200w, https:\/\/vilight.vn\/website\/wp-content\/uploads\/2021\/06\/S5329-800x447.jpg 800w, https:\/\/vilight.vn\/website\/wp-content\/uploads\/2021\/06\/S5329-300x168.jpg 300w, https:\/\/vilight.vn\/website\/wp-content\/uploads\/2021\/06\/S5329-1024x572.jpg 1024w, https:\/\/vilight.vn\/website\/wp-content\/uploads\/2021\/06\/S5329-768x429.jpg 768w, https:\/\/vilight.vn\/website\/wp-content\/uploads\/2021\/06\/S5329-16x9.jpg 16w, https:\/\/vilight.vn\/website\/wp-content\/uploads\/2021\/06\/S5329-260x146.jpg 260w, https:\/\/vilight.vn\/website\/wp-content\/uploads\/2021\/06\/S5329-50x28.jpg 50w, https:\/\/vilight.vn\/website\/wp-content\/uploads\/2021\/06\/S5329-134x75.jpg 134w, https:\/\/vilight.vn\/website\/wp-content\/uploads\/2021\/06\/S5329-600x335.jpg 600w\" data-sizes=\"(max-width:767px) 480px, (max-width:1500px) 100vw, 1500px\" src=\"data:image\/svg+xml;base64,PHN2ZyB3aWR0aD0iMSIgaGVpZ2h0PSIxIiB4bWxucz0iaHR0cDovL3d3dy53My5vcmcvMjAwMC9zdmciPjwvc3ZnPg==\" style=\"--smush-placeholder-width: 1500px; --smush-placeholder-aspect-ratio: 1500\/838;\" \/><\/a><\/p>\n<p><span style=\"color: #ffffff;\">S5329. \u0110\u00e8n LED S5329. \u0110\u00e8n led \u0111i\u1ec3m S5329. S5329 m\u1eabu \u0111\u00e8n led cao c\u1ea5p .<\/span><\/p>\n","protected":false},"excerpt":{"rendered":"<p style=\"text-align: justify;\"><span style=\"font-size: 14pt;\">\u0110\u00e8n LED Bulb VL-S5329 &#8211; S\u1ef1 k\u1ebft h\u1ee3p ho\u00e0n h\u1ea3o gi\u1eefa chip LED Cree v\u00e0 Epistar. V\u1edbi chu\u1ea9n \u0111i\u1ec1u khi\u1ec3n DMX v\u00e0 TTL, c\u00f4ng su\u1ea5t 1.44W v\u00e0 \u0111i\u1ec7n \u00e1p ho\u1ea1t \u0111\u1ed9ng 24VDC, \u0111\u00e8n n\u00e0y mang \u0111\u1ebfn \u00e1nh s\u00e1ng ch\u1ea5t l\u01b0\u1ee3ng cao, ti\u1ebft ki\u1ec7m n\u0103ng l\u01b0\u1ee3ng v\u00e0 \u0111a d\u1ea1ng hi\u1ec7u \u1ee9ng. S\u1ea3n ph\u1ea9m c\u00f2n c\u00f3 \u0111\u1ed9 k\u00edn IP65, tu\u1ed5i th\u1ecd 30.000h v\u00e0 c\u1ea5p ch\u1ed1ng ch\u00e1y 94-V0, l\u00fd t\u01b0\u1edfng cho kh\u00f4ng gian s\u00e1ng t\u1ea1o c\u1ee7a b\u1ea1n.<\/span><\/p>\n","protected":false},"featured_media":1401,"template":"","meta":[],"product_brand":[],"product_cat":[193],"product_tag":[469],"class_list":{"0":"post-1399","1":"product","2":"type-product","3":"status-publish","4":"has-post-thumbnail","6":"product_cat-s-series","7":"product_tag-den-led-diem-vl-s5329","8":"pa_chip-led-cree","9":"pa_chip-led-epistar","10":"pa_chuan-dieu-khien-dmx","11":"pa_chuan-dieu-khien-ttl","12":"pa_cong-suat-1-44w","13":"pa_dien-ap-hoat-dong-24vdc","14":"pa_do-kin-ip65","15":"pa_goc-chieu-213","16":"pa_gray-level-256-65536","17":"pa_kich-thuoc-d605396-mm","19":"first","20":"instock","21":"taxable","22":"shipping-taxable","23":"product-type-simple"},"yoast_head":"<!-- This site is optimized with the Yoast SEO Premium plugin v27.4 (Yoast SEO v27.4) - https:\/\/yoast.com\/product\/yoast-seo-premium-wordpress\/ -->\n<title>\u0110\u00e8n LED VL-S5329 - Vilight Co.ltd<\/title>\n<meta name=\"description\" content=\"\u0110\u00e8n LED Bulb 1.44W VL-S5329 l\u00e0 m\u1eabu \u0111\u00e8n LED trang tr\u00ed s\u1eed d\u1ee5ng c\u00e1c h\u1ea1t \u0111\u00e8n \u0111\u1ee7 m\u00e0u c\u00f3 \u0111\u1ed9 s\u00e1ng cao SMD5050 RGB, v\u1edbi g\u00f3c ph\u00e1t s\u00e1ng l\u1edbn.\" \/>\n<meta name=\"robots\" content=\"index, follow, max-snippet:-1, max-image-preview:large, max-video-preview:-1\" \/>\n<link rel=\"canonical\" href=\"https:\/\/vilight.vn\/website\/san-pham\/den-led-pixel\/trang-tri\/s-series\/den-led-diem-vl-s5329\/\" \/>\n<meta property=\"og:locale\" content=\"vi_VN\" \/>\n<meta property=\"og:type\" content=\"article\" \/>\n<meta property=\"og:title\" content=\"\u0110\u00e8n LED VL-S5329\" \/>\n<meta property=\"og:description\" content=\"\u0110\u00e8n LED Bulb VL-S5329 - S\u1ef1 k\u1ebft h\u1ee3p ho\u00e0n h\u1ea3o gi\u1eefa chip LED Cree v\u00e0 Epistar. V\u1edbi chu\u1ea9n \u0111i\u1ec1u khi\u1ec3n DMX v\u00e0 TTL, c\u00f4ng su\u1ea5t 1.44W v\u00e0 \u0111i\u1ec7n \u00e1p ho\u1ea1t \u0111\u1ed9ng 24VDC, \u0111\u00e8n n\u00e0y mang \u0111\u1ebfn \u00e1nh s\u00e1ng ch\u1ea5t l\u01b0\u1ee3ng cao, ti\u1ebft ki\u1ec7m n\u0103ng l\u01b0\u1ee3ng v\u00e0 \u0111a d\u1ea1ng hi\u1ec7u \u1ee9ng. S\u1ea3n ph\u1ea9m c\u00f2n c\u00f3 \u0111\u1ed9 k\u00edn IP65, tu\u1ed5i th\u1ecd 30.000h v\u00e0 c\u1ea5p ch\u1ed1ng ch\u00e1y 94-V0, l\u00fd t\u01b0\u1edfng cho kh\u00f4ng gian s\u00e1ng t\u1ea1o c\u1ee7a b\u1ea1n.\" \/>\n<meta property=\"og:url\" content=\"https:\/\/vilight.vn\/website\/san-pham\/den-led-pixel\/trang-tri\/s-series\/den-led-diem-vl-s5329\/\" \/>\n<meta property=\"og:site_name\" content=\"Vilight Co.ltd\" \/>\n<meta property=\"article:publisher\" content=\"http:\/\/facebook.com\/vilight.vn\" \/>\n<meta property=\"article:modified_time\" content=\"2024-10-02T01:26:23+00:00\" \/>\n<meta property=\"og:image\" content=\"https:\/\/vilight.vn\/website\/wp-content\/uploads\/2021\/06\/S5329-Logo.jpg\" \/>\n\t<meta property=\"og:image:width\" content=\"600\" \/>\n\t<meta property=\"og:image:height\" content=\"600\" \/>\n\t<meta property=\"og:image:type\" content=\"image\/jpeg\" \/>\n<meta name=\"twitter:card\" content=\"summary_large_image\" \/>\n<meta name=\"twitter:label1\" content=\"Gi\u00e1\" \/>\n\t<meta name=\"twitter:data1\" content=\"\" \/>\n\t<meta name=\"twitter:label2\" content=\"Kh\u1ea3 d\u1ee5ng\" \/>\n\t<meta name=\"twitter:data2\" content=\"Trong kho\" \/>\n<script type=\"application\/ld+json\" class=\"yoast-schema-graph\">{\"@context\":\"https:\\\/\\\/schema.org\",\"@graph\":[{\"@type\":\"WebPage\",\"@id\":\"https:\\\/\\\/vilight.vn\\\/website\\\/san-pham\\\/den-led-pixel\\\/trang-tri\\\/s-series\\\/den-led-diem-vl-s5329\\\/\",\"url\":\"https:\\\/\\\/vilight.vn\\\/website\\\/san-pham\\\/den-led-pixel\\\/trang-tri\\\/s-series\\\/den-led-diem-vl-s5329\\\/\",\"name\":\"\u0110\u00e8n LED VL-S5329 - Vilight Co.ltd\",\"isPartOf\":{\"@id\":\"https:\\\/\\\/vilight.vn\\\/website\\\/#website\"},\"primaryImageOfPage\":{\"@id\":\"https:\\\/\\\/vilight.vn\\\/website\\\/san-pham\\\/den-led-pixel\\\/trang-tri\\\/s-series\\\/den-led-diem-vl-s5329\\\/#primaryimage\"},\"image\":{\"@id\":\"https:\\\/\\\/vilight.vn\\\/website\\\/san-pham\\\/den-led-pixel\\\/trang-tri\\\/s-series\\\/den-led-diem-vl-s5329\\\/#primaryimage\"},\"thumbnailUrl\":\"https:\\\/\\\/vilight.vn\\\/website\\\/wp-content\\\/uploads\\\/2021\\\/06\\\/S5329-Logo.jpg\",\"datePublished\":\"2021-06-27T08:47:06+00:00\",\"dateModified\":\"2024-10-02T01:26:23+00:00\",\"description\":\"\u0110\u00e8n LED Bulb 1.44W VL-S5329 l\u00e0 m\u1eabu \u0111\u00e8n LED trang tr\u00ed s\u1eed d\u1ee5ng c\u00e1c h\u1ea1t \u0111\u00e8n \u0111\u1ee7 m\u00e0u c\u00f3 \u0111\u1ed9 s\u00e1ng cao SMD5050 RGB, v\u1edbi g\u00f3c ph\u00e1t s\u00e1ng l\u1edbn.\",\"breadcrumb\":{\"@id\":\"https:\\\/\\\/vilight.vn\\\/website\\\/san-pham\\\/den-led-pixel\\\/trang-tri\\\/s-series\\\/den-led-diem-vl-s5329\\\/#breadcrumb\"},\"inLanguage\":\"vi\",\"potentialAction\":[{\"@type\":\"ReadAction\",\"target\":[\"https:\\\/\\\/vilight.vn\\\/website\\\/san-pham\\\/den-led-pixel\\\/trang-tri\\\/s-series\\\/den-led-diem-vl-s5329\\\/\"]}]},{\"@type\":\"ImageObject\",\"inLanguage\":\"vi\",\"@id\":\"https:\\\/\\\/vilight.vn\\\/website\\\/san-pham\\\/den-led-pixel\\\/trang-tri\\\/s-series\\\/den-led-diem-vl-s5329\\\/#primaryimage\",\"url\":\"https:\\\/\\\/vilight.vn\\\/website\\\/wp-content\\\/uploads\\\/2021\\\/06\\\/S5329-Logo.jpg\",\"contentUrl\":\"https:\\\/\\\/vilight.vn\\\/website\\\/wp-content\\\/uploads\\\/2021\\\/06\\\/S5329-Logo.jpg\",\"width\":600,\"height\":600,\"caption\":\"\u0110\u00e8n Led \u0111i\u1ec3m VL-S5329\"},{\"@type\":\"BreadcrumbList\",\"@id\":\"https:\\\/\\\/vilight.vn\\\/website\\\/san-pham\\\/den-led-pixel\\\/trang-tri\\\/s-series\\\/den-led-diem-vl-s5329\\\/#breadcrumb\",\"itemListElement\":[{\"@type\":\"ListItem\",\"position\":1,\"name\":\"Home\",\"item\":\"https:\\\/\\\/vilight.vn\\\/website\\\/\"},{\"@type\":\"ListItem\",\"position\":2,\"name\":\"store\",\"item\":\"https:\\\/\\\/vilight.vn\\\/website\\\/store\\\/\"},{\"@type\":\"ListItem\",\"position\":3,\"name\":\"\u0110\u00e8n LED VL-S5329\"}]},{\"@type\":\"WebSite\",\"@id\":\"https:\\\/\\\/vilight.vn\\\/website\\\/#website\",\"url\":\"https:\\\/\\\/vilight.vn\\\/website\\\/\",\"name\":\"Vilight Co.ltd\",\"description\":\"Chi\u1ebfu s\u00e1ng m\u1ef9 thu\u1eadt, chi\u1ebfu s\u00e1ng th\u00f4ng minh, LED Pixel 3D, chi\u1ebfu s\u00e1ng trang tr\u00ed \u0111\u00f4 th\u1ecb, chi\u1ebfu s\u00e1ng v\u00f2ng xoay, chi\u1ebfu s\u00e1ng \u0111\u1ea3o giao th\u00f4ng, c\u1ed5ng ch\u00e0o \u0111\u00f4 th\u1ecb\",\"publisher\":{\"@id\":\"https:\\\/\\\/vilight.vn\\\/website\\\/#organization\"},\"potentialAction\":[{\"@type\":\"SearchAction\",\"target\":{\"@type\":\"EntryPoint\",\"urlTemplate\":\"https:\\\/\\\/vilight.vn\\\/website\\\/?s={search_term_string}\"},\"query-input\":{\"@type\":\"PropertyValueSpecification\",\"valueRequired\":true,\"valueName\":\"search_term_string\"}}],\"inLanguage\":\"vi\"},{\"@type\":\"Organization\",\"@id\":\"https:\\\/\\\/vilight.vn\\\/website\\\/#organization\",\"name\":\"Vilight\",\"url\":\"https:\\\/\\\/vilight.vn\\\/website\\\/\",\"logo\":{\"@type\":\"ImageObject\",\"inLanguage\":\"vi\",\"@id\":\"https:\\\/\\\/vilight.vn\\\/website\\\/#\\\/schema\\\/logo\\\/image\\\/\",\"url\":\"https:\\\/\\\/vilight.vn\\\/website\\\/wp-content\\\/uploads\\\/2022\\\/05\\\/chieu_sang_trang_tri_do_thi_bang_den_led_pixel.png\",\"contentUrl\":\"https:\\\/\\\/vilight.vn\\\/website\\\/wp-content\\\/uploads\\\/2022\\\/05\\\/chieu_sang_trang_tri_do_thi_bang_den_led_pixel.png\",\"width\":800,\"height\":427,\"caption\":\"Vilight\"},\"image\":{\"@id\":\"https:\\\/\\\/vilight.vn\\\/website\\\/#\\\/schema\\\/logo\\\/image\\\/\"},\"sameAs\":[\"http:\\\/\\\/facebook.com\\\/vilight.vn\",\"https:\\\/\\\/www.linkedin.com\\\/company\\\/vilight-vn\",\"https:\\\/\\\/www.youtube.com\\\/channel\\\/UCEwR2naeDcuarMX1kSv_rLQ\\\/videos\"]}]}<\/script>\n<meta property=\"product:brand\" content=\"S Series\" \/>\n<meta property=\"product:price:currency\" content=\"VND\" \/>\n<meta property=\"og:availability\" content=\"instock\" \/>\n<meta property=\"product:availability\" content=\"instock\" \/>\n<meta property=\"product:condition\" content=\"new\" \/>\n<!-- \/ Yoast SEO Premium plugin. -->","yoast_head_json":{"title":"\u0110\u00e8n LED VL-S5329 - Vilight Co.ltd","description":"\u0110\u00e8n LED Bulb 1.44W VL-S5329 l\u00e0 m\u1eabu \u0111\u00e8n LED trang tr\u00ed s\u1eed d\u1ee5ng c\u00e1c h\u1ea1t \u0111\u00e8n \u0111\u1ee7 m\u00e0u c\u00f3 \u0111\u1ed9 s\u00e1ng cao SMD5050 RGB, v\u1edbi g\u00f3c ph\u00e1t s\u00e1ng l\u1edbn.","robots":{"index":"index","follow":"follow","max-snippet":"max-snippet:-1","max-image-preview":"max-image-preview:large","max-video-preview":"max-video-preview:-1"},"canonical":"https:\/\/vilight.vn\/website\/san-pham\/den-led-pixel\/trang-tri\/s-series\/den-led-diem-vl-s5329\/","og_locale":"vi_VN","og_type":"article","og_title":"\u0110\u00e8n LED VL-S5329","og_description":"\u0110\u00e8n LED Bulb VL-S5329 - S\u1ef1 k\u1ebft h\u1ee3p ho\u00e0n h\u1ea3o gi\u1eefa chip LED Cree v\u00e0 Epistar. V\u1edbi chu\u1ea9n \u0111i\u1ec1u khi\u1ec3n DMX v\u00e0 TTL, c\u00f4ng su\u1ea5t 1.44W v\u00e0 \u0111i\u1ec7n \u00e1p ho\u1ea1t \u0111\u1ed9ng 24VDC, \u0111\u00e8n n\u00e0y mang \u0111\u1ebfn \u00e1nh s\u00e1ng ch\u1ea5t l\u01b0\u1ee3ng cao, ti\u1ebft ki\u1ec7m n\u0103ng l\u01b0\u1ee3ng v\u00e0 \u0111a d\u1ea1ng hi\u1ec7u \u1ee9ng. S\u1ea3n ph\u1ea9m c\u00f2n c\u00f3 \u0111\u1ed9 k\u00edn IP65, tu\u1ed5i th\u1ecd 30.000h v\u00e0 c\u1ea5p ch\u1ed1ng ch\u00e1y 94-V0, l\u00fd t\u01b0\u1edfng cho kh\u00f4ng gian s\u00e1ng t\u1ea1o c\u1ee7a b\u1ea1n.","og_url":"https:\/\/vilight.vn\/website\/san-pham\/den-led-pixel\/trang-tri\/s-series\/den-led-diem-vl-s5329\/","og_site_name":"Vilight Co.ltd","article_publisher":"http:\/\/facebook.com\/vilight.vn","article_modified_time":"2024-10-02T01:26:23+00:00","og_image":[{"width":600,"height":600,"url":"https:\/\/vilight.vn\/website\/wp-content\/uploads\/2021\/06\/S5329-Logo.jpg","type":"image\/jpeg"}],"twitter_card":"summary_large_image","twitter_misc":{"Gi\u00e1":"","Kh\u1ea3 d\u1ee5ng":"Trong kho"},"schema":{"@context":"https:\/\/schema.org","@graph":[{"@type":"WebPage","@id":"https:\/\/vilight.vn\/website\/san-pham\/den-led-pixel\/trang-tri\/s-series\/den-led-diem-vl-s5329\/","url":"https:\/\/vilight.vn\/website\/san-pham\/den-led-pixel\/trang-tri\/s-series\/den-led-diem-vl-s5329\/","name":"\u0110\u00e8n LED VL-S5329 - Vilight Co.ltd","isPartOf":{"@id":"https:\/\/vilight.vn\/website\/#website"},"primaryImageOfPage":{"@id":"https:\/\/vilight.vn\/website\/san-pham\/den-led-pixel\/trang-tri\/s-series\/den-led-diem-vl-s5329\/#primaryimage"},"image":{"@id":"https:\/\/vilight.vn\/website\/san-pham\/den-led-pixel\/trang-tri\/s-series\/den-led-diem-vl-s5329\/#primaryimage"},"thumbnailUrl":"https:\/\/vilight.vn\/website\/wp-content\/uploads\/2021\/06\/S5329-Logo.jpg","datePublished":"2021-06-27T08:47:06+00:00","dateModified":"2024-10-02T01:26:23+00:00","description":"\u0110\u00e8n LED Bulb 1.44W VL-S5329 l\u00e0 m\u1eabu \u0111\u00e8n LED trang tr\u00ed s\u1eed d\u1ee5ng c\u00e1c h\u1ea1t \u0111\u00e8n \u0111\u1ee7 m\u00e0u c\u00f3 \u0111\u1ed9 s\u00e1ng cao SMD5050 RGB, v\u1edbi g\u00f3c ph\u00e1t s\u00e1ng l\u1edbn.","breadcrumb":{"@id":"https:\/\/vilight.vn\/website\/san-pham\/den-led-pixel\/trang-tri\/s-series\/den-led-diem-vl-s5329\/#breadcrumb"},"inLanguage":"vi","potentialAction":[{"@type":"ReadAction","target":["https:\/\/vilight.vn\/website\/san-pham\/den-led-pixel\/trang-tri\/s-series\/den-led-diem-vl-s5329\/"]}]},{"@type":"ImageObject","inLanguage":"vi","@id":"https:\/\/vilight.vn\/website\/san-pham\/den-led-pixel\/trang-tri\/s-series\/den-led-diem-vl-s5329\/#primaryimage","url":"https:\/\/vilight.vn\/website\/wp-content\/uploads\/2021\/06\/S5329-Logo.jpg","contentUrl":"https:\/\/vilight.vn\/website\/wp-content\/uploads\/2021\/06\/S5329-Logo.jpg","width":600,"height":600,"caption":"\u0110\u00e8n Led \u0111i\u1ec3m VL-S5329"},{"@type":"BreadcrumbList","@id":"https:\/\/vilight.vn\/website\/san-pham\/den-led-pixel\/trang-tri\/s-series\/den-led-diem-vl-s5329\/#breadcrumb","itemListElement":[{"@type":"ListItem","position":1,"name":"Home","item":"https:\/\/vilight.vn\/website\/"},{"@type":"ListItem","position":2,"name":"store","item":"https:\/\/vilight.vn\/website\/store\/"},{"@type":"ListItem","position":3,"name":"\u0110\u00e8n LED VL-S5329"}]},{"@type":"WebSite","@id":"https:\/\/vilight.vn\/website\/#website","url":"https:\/\/vilight.vn\/website\/","name":"Vilight Co.ltd","description":"Chi\u1ebfu s\u00e1ng m\u1ef9 thu\u1eadt, chi\u1ebfu s\u00e1ng th\u00f4ng minh, LED Pixel 3D, chi\u1ebfu s\u00e1ng trang tr\u00ed \u0111\u00f4 th\u1ecb, chi\u1ebfu s\u00e1ng v\u00f2ng xoay, chi\u1ebfu s\u00e1ng \u0111\u1ea3o giao th\u00f4ng, c\u1ed5ng ch\u00e0o \u0111\u00f4 th\u1ecb","publisher":{"@id":"https:\/\/vilight.vn\/website\/#organization"},"potentialAction":[{"@type":"SearchAction","target":{"@type":"EntryPoint","urlTemplate":"https:\/\/vilight.vn\/website\/?s={search_term_string}"},"query-input":{"@type":"PropertyValueSpecification","valueRequired":true,"valueName":"search_term_string"}}],"inLanguage":"vi"},{"@type":"Organization","@id":"https:\/\/vilight.vn\/website\/#organization","name":"Vilight","url":"https:\/\/vilight.vn\/website\/","logo":{"@type":"ImageObject","inLanguage":"vi","@id":"https:\/\/vilight.vn\/website\/#\/schema\/logo\/image\/","url":"https:\/\/vilight.vn\/website\/wp-content\/uploads\/2022\/05\/chieu_sang_trang_tri_do_thi_bang_den_led_pixel.png","contentUrl":"https:\/\/vilight.vn\/website\/wp-content\/uploads\/2022\/05\/chieu_sang_trang_tri_do_thi_bang_den_led_pixel.png","width":800,"height":427,"caption":"Vilight"},"image":{"@id":"https:\/\/vilight.vn\/website\/#\/schema\/logo\/image\/"},"sameAs":["http:\/\/facebook.com\/vilight.vn","https:\/\/www.linkedin.com\/company\/vilight-vn","https:\/\/www.youtube.com\/channel\/UCEwR2naeDcuarMX1kSv_rLQ\/videos"]}]},"product_brand":"S Series","product_price_currency":"VND","og_availability":"instock","product_availability":"instock","product_condition":"new"},"_links":{"self":[{"href":"https:\/\/vilight.vn\/website\/wp-json\/wp\/v2\/product\/1399","targetHints":{"allow":["GET"]}}],"collection":[{"href":"https:\/\/vilight.vn\/website\/wp-json\/wp\/v2\/product"}],"about":[{"href":"https:\/\/vilight.vn\/website\/wp-json\/wp\/v2\/types\/product"}],"wp:featuredmedia":[{"embeddable":true,"href":"https:\/\/vilight.vn\/website\/wp-json\/wp\/v2\/media\/1401"}],"wp:attachment":[{"href":"https:\/\/vilight.vn\/website\/wp-json\/wp\/v2\/media?parent=1399"}],"wp:term":[{"taxonomy":"product_brand","embeddable":true,"href":"https:\/\/vilight.vn\/website\/wp-json\/wp\/v2\/product_brand?post=1399"},{"taxonomy":"product_cat","embeddable":true,"href":"https:\/\/vilight.vn\/website\/wp-json\/wp\/v2\/product_cat?post=1399"},{"taxonomy":"product_tag","embeddable":true,"href":"https:\/\/vilight.vn\/website\/wp-json\/wp\/v2\/product_tag?post=1399"}],"curies":[{"name":"wp","href":"https:\/\/api.w.org\/{rel}","templated":true}]}}