{"id":1405,"date":"2021-06-27T15:48:32","date_gmt":"2021-06-27T08:48:32","guid":{"rendered":"https:\/\/vilight.vn\/website\/?post_type=product&#038;p=1405"},"modified":"2024-10-02T08:18:20","modified_gmt":"2024-10-02T01:18:20","slug":"den-led-diem-vl-s03a","status":"publish","type":"product","link":"https:\/\/vilight.vn\/website\/san-pham\/den-led-pixel\/trang-tri\/s-series\/den-led-diem-vl-s03a\/","title":{"rendered":"\u0110\u00e8n LED VL-S03A"},"content":{"rendered":"<h2 style=\"text-align: justify;\"><span style=\"font-size: 18pt;\">\u0110\u00e8n LED \u0111i\u1ec3m VL-S03A &#8211; K\u1ebft h\u1ee3p hi\u1ec7u su\u1ea5t cao v\u00e0 \u0111\u1ed9 b\u1ec1n \u0111\u00e1ng tin c\u1eady<\/span><\/h2>\n<p style=\"text-align: justify;\"><span style=\"font-size: 14pt;\">\u0110\u00e8n LED \u0111i\u1ec3m VL-S03A l\u00e0 m\u1ed9t s\u1ea3n ph\u1ea9m ch\u1ea5t l\u01b0\u1ee3ng cao v\u1edbi nhi\u1ec1u \u0111\u1eb7c \u0111i\u1ec3m \u01b0u vi\u1ec7t, \u0111\u01b0\u1ee3c thi\u1ebft k\u1ebf \u0111\u1ec3 mang l\u1ea1i \u00e1nh s\u00e1ng s\u00e1ng \u0111\u1eb9p v\u00e0 b\u1ec1n b\u1ec9 trong m\u1ecdi m\u00f4i tr\u01b0\u1eddng. V\u1edbi s\u1ef1 k\u1ebft h\u1ee3p c\u1ee7a c\u00f4ng ngh\u1ec7 ti\u00ean ti\u1ebfn v\u00e0 c\u00e1c t\u00ednh n\u0103ng \u0111\u00e1ng tin c\u1eady, \u0111\u00e8n LED \u0111i\u1ec3m VL-S03A l\u00e0 l\u1ef1a ch\u1ecdn ho\u00e0n h\u1ea3o cho c\u00e1c \u1ee9ng d\u1ee5ng chi\u1ebfu s\u00e1ng chuy\u00ean nghi\u1ec7p.<\/span><\/p>\n<p style=\"text-align: justify;\"><span style=\"font-size: 14pt;\">Chip LED \u0111\u01b0\u1ee3c s\u1eed d\u1ee5ng trong \u0111\u00e8n VL-S03A l\u00e0 s\u1ef1 k\u1ebft h\u1ee3p tuy\u1ec7t v\u1eddi c\u1ee7a c\u00e1c th\u01b0\u01a1ng hi\u1ec7u n\u1ed5i ti\u1ebfng nh\u01b0 CREE, Epistar v\u00e0 Osram. C\u00e1c chip LED n\u00e0y mang l\u1ea1i hi\u1ec7u su\u1ea5t cao, \u0111\u1ed9 tin c\u1eady v\u00e0 tu\u1ed5i th\u1ecd d\u00e0i, gi\u00fap \u0111\u00e8n ho\u1ea1t \u0111\u1ed9ng \u1ed5n \u0111\u1ecbnh v\u00e0 mang l\u1ea1i \u00e1nh s\u00e1ng s\u1eafc n\u00e9t.<\/span><\/p>\n<p style=\"text-align: justify;\"><span style=\"font-size: 14pt;\">\u0110\u00e8n LED \u0111i\u1ec3m VL-S03A h\u1ed7 tr\u1ee3 chu\u1ea9n \u0111i\u1ec1u khi\u1ec3n DMX v\u00e0 TTL, cho ph\u00e9p ki\u1ec3m so\u00e1t linh ho\u1ea1t v\u00e0 d\u1ec5 d\u00e0ng trong c\u00e1c \u1ee9ng d\u1ee5ng \u00e1nh s\u00e1ng chuy\u00ean nghi\u1ec7p. B\u1ea1n c\u00f3 th\u1ec3 t\u00f9y ch\u1ec9nh m\u00e0u s\u1eafc, \u0111\u1ed9 s\u00e1ng v\u00e0 c\u00e1c hi\u1ec7u \u1ee9ng \u00e1nh s\u00e1ng kh\u00e1c m\u1ed9t c\u00e1ch d\u1ec5 d\u00e0ng v\u00e0 ch\u00ednh x\u00e1c th\u00f4ng qua giao di\u1ec7n \u0111i\u1ec1u khi\u1ec3n ph\u00f9 h\u1ee3p.<\/span><\/p>\n<p style=\"text-align: justify;\"><span style=\"font-size: 14pt;\">V\u1edbi c\u00f4ng su\u1ea5t ch\u1ec9 0.7W, \u0111\u00e8n VL-S03A ti\u1ebft ki\u1ec7m n\u0103ng l\u01b0\u1ee3ng m\u00e0 v\u1eabn \u0111\u1ea3m b\u1ea3o ch\u1ea5t l\u01b0\u1ee3ng \u00e1nh s\u00e1ng t\u1ed1t. \u0110i\u1ec7n \u00e1p ho\u1ea1t \u0111\u1ed9ng 12VDC gi\u00fap \u0111\u00e8n ph\u00f9 h\u1ee3p v\u1edbi nhi\u1ec1u ngu\u1ed3n \u0111i\u1ec7n v\u00e0 \u1ee9ng d\u1ee5ng kh\u00e1c nhau.<\/span><\/p>\n<p style=\"text-align: justify;\"><span style=\"font-size: 14pt;\">\u0110\u00e8n LED \u0111i\u1ec3m VL-S03A c\u00f3 \u0111\u1ed9 k\u00edn IP67, \u0111\u1ea3m b\u1ea3o ch\u1ed1ng n\u01b0\u1edbc, b\u1ee5i v\u00e0 ch\u1ecbu \u0111\u01b0\u1ee3c \u0111i\u1ec1u ki\u1ec7n th\u1eddi ti\u1ebft kh\u1eafc nghi\u1ec7t. V\u1edbi kh\u1ea3 n\u0103ng ch\u1ed1ng th\u1ea5m n\u01b0\u1edbc v\u00e0 ch\u1ed1ng b\u1ee5i, \u0111\u00e8n n\u00e0y c\u00f3 th\u1ec3 \u0111\u01b0\u1ee3c s\u1eed d\u1ee5ng c\u1ea3 trong nh\u00e0 v\u00e0 ngo\u00e0i tr\u1eddi m\u00e0 kh\u00f4ng g\u1eb7p v\u1ea5n \u0111\u1ec1.<\/span><\/p>\n<p style=\"text-align: justify;\"><span style=\"font-size: 14pt;\">Gray Level c\u1ee7a \u0111\u00e8n VL-S03A l\u00e0 256\/65536, cho ph\u00e9p b\u1ea1n t\u00f9y ch\u1ec9nh \u0111\u1ed9 s\u00e1ng v\u1edbi \u0111\u1ed9 ch\u00ednh x\u00e1c cao. G\u00f3c chi\u1ebfu r\u1ed9ng h\u01a1n 120\u00b0 gi\u00fap ph\u00e2n b\u1ed1 \u00e1nh s\u00e1ng \u0111\u1ed3ng \u0111\u1ec1u v\u00e0 chi\u1ebfu r\u1ecdi m\u1ed9t di\u1ec7n t\u00edch l\u1edbn.<\/span><\/p>\n<p style=\"text-align: justify;\"><span style=\"font-size: 14pt;\">V\u1edbi k\u00edch th\u01b0\u1edbc nh\u1ecf g\u1ecdn D23.3*47 mm, \u0111\u00e8n LED \u0111i\u1ec3m VL-S<\/span><span style=\"font-size: 14pt;\">03A c\u00f3 th\u1ec3 \u0111\u01b0\u1ee3c l\u1eafp \u0111\u1eb7t d\u1ec5 d\u00e0ng trong nhi\u1ec1u v\u1ecb tr\u00ed kh\u00e1c nhau. B\u1ea1n c\u00f3 th\u1ec3 t\u1eadn d\u1ee5ng \u0111\u00e8n n\u00e0y \u0111\u1ec3 t\u1ea1o ra c\u00e1c hi\u1ec7u \u1ee9ng \u00e1nh s\u00e1ng \u0111\u1ed9c \u0111\u00e1o ho\u1eb7c s\u1eed d\u1ee5ng nh\u01b0 m\u1ed9t ngu\u1ed3n s\u00e1ng trang tr\u00ed.<\/span><\/p>\n<p style=\"text-align: justify;\"><span style=\"font-size: 14pt;\">V\u1edbi tu\u1ed5i th\u1ecd 30.000 gi\u1edd, \u0111\u00e8n LED \u0111i\u1ec3m VL-S03A c\u00f3 tu\u1ed5i th\u1ecd d\u00e0i, gi\u00fap gi\u1ea3m chi ph\u00ed b\u1ea3o tr\u00ec v\u00e0 thay th\u1ebf. \u0110\u00e8n c\u0169ng \u0111\u01b0\u1ee3c ph\u00e2n lo\u1ea1i l\u00e0 C\u1ea5p c\u00e1ch \u0111i\u1ec7n III v\u00e0 C\u1ea5p ch\u1ed1ng ch\u00e1y 94-V0, \u0111\u1ea3m b\u1ea3o an to\u00e0n v\u00e0 tin c\u1eady trong qu\u00e1 tr\u00ecnh s\u1eed d\u1ee5ng.<\/span><\/p>\n<p style=\"text-align: justify;\"><span style=\"font-size: 14pt;\">T\u00f3m l\u1ea1i, \u0111\u00e8n LED \u0111i\u1ec3m VL-S03A l\u00e0 m\u1ed9t s\u1ea3n ph\u1ea9m \u0111\u00e1ng tin c\u1eady v\u00e0 ch\u1ea5t l\u01b0\u1ee3ng cao, v\u1edbi s\u1ef1 k\u1ebft h\u1ee3p t\u1ed1t gi\u1eefa hi\u1ec7u su\u1ea5t \u00e1nh s\u00e1ng, t\u00ednh linh ho\u1ea1t v\u00e0 \u0111\u1ed9 b\u1ec1n. Cho d\u00f9 b\u1ea1n s\u1eed d\u1ee5ng \u0111\u00e8n n\u00e0y cho \u00e1nh s\u00e1ng chuy\u00ean nghi\u1ec7p hay trang tr\u00ed, \u0111\u00e8n LED \u0111i\u1ec3m VL-S03A s\u1ebd mang l\u1ea1i \u00e1nh s\u00e1ng s\u1eafc n\u00e9t v\u00e0 t\u1ea1o \u0111i\u1ec3m nh\u1ea5n \u0111\u1eb7c bi\u1ec7t cho kh\u00f4ng gian c\u1ee7a b\u1ea1n.<\/span><\/p>\n<p style=\"text-align: justify;\"><span style=\"font-size: 14pt;\"><a href=\"https:\/\/vilight.vn\/website\/wp-content\/uploads\/2021\/06\/S03A.jpg\"><img decoding=\"async\" class=\"aligncenter wp-image-1406 lazyload\" data-src=\"https:\/\/vilight.vn\/website\/wp-content\/uploads\/2021\/06\/S03A.jpg\" alt=\"\u0110\u00e8n Led \u0111i\u1ec3m VL-S03A\" width=\"1500\" height=\"1421\" data-srcset=\"https:\/\/vilight.vn\/website\/wp-content\/uploads\/2021\/06\/S03A.jpg 1200w, https:\/\/vilight.vn\/website\/wp-content\/uploads\/2021\/06\/S03A-800x758.jpg 800w, https:\/\/vilight.vn\/website\/wp-content\/uploads\/2021\/06\/S03A-300x284.jpg 300w, https:\/\/vilight.vn\/website\/wp-content\/uploads\/2021\/06\/S03A-1024x970.jpg 1024w, https:\/\/vilight.vn\/website\/wp-content\/uploads\/2021\/06\/S03A-768x728.jpg 768w, https:\/\/vilight.vn\/website\/wp-content\/uploads\/2021\/06\/S03A-13x12.jpg 13w, https:\/\/vilight.vn\/website\/wp-content\/uploads\/2021\/06\/S03A-154x146.jpg 154w, https:\/\/vilight.vn\/website\/wp-content\/uploads\/2021\/06\/S03A-50x47.jpg 50w, https:\/\/vilight.vn\/website\/wp-content\/uploads\/2021\/06\/S03A-79x75.jpg 79w, https:\/\/vilight.vn\/website\/wp-content\/uploads\/2021\/06\/S03A-600x569.jpg 600w\" data-sizes=\"(max-width:767px) 480px, (max-width:1500px) 100vw, 1500px\" src=\"data:image\/svg+xml;base64,PHN2ZyB3aWR0aD0iMSIgaGVpZ2h0PSIxIiB4bWxucz0iaHR0cDovL3d3dy53My5vcmcvMjAwMC9zdmciPjwvc3ZnPg==\" style=\"--smush-placeholder-width: 1500px; --smush-placeholder-aspect-ratio: 1500\/1421;\" \/><\/a><\/span><\/p>\n<p style=\"text-align: justify;\"><span style=\"color: #ffffff; font-size: 14pt;\">\u0110\u00e8n Led S03A. \u0110\u00e8n Led \u0111i\u1ec3m S03A. S03A \u0111\u00e8n led \u0111i\u1ec3m \u0111\u01b0\u1ee3c nh\u1eadp kh\u1ea9u ch\u00ednh h\u00e3ng<\/span><\/p>\n","protected":false},"excerpt":{"rendered":"<p style=\"text-align: justify;\"><span style=\"font-size: 14pt;\">\u0110\u00e8n LED trang tr\u00ed VL-S03A &#8211; S\u1ef1 k\u1ebft h\u1ee3p ho\u00e0n h\u1ea3o gi\u1eefa hi\u1ec7u su\u1ea5t cao, \u0111\u1ed9 b\u1ec1n v\u00e0 t\u00ednh linh ho\u1ea1t, mang l\u1ea1i \u00e1nh s\u00e1ng s\u1eafc n\u00e9t v\u00e0 t\u1ea1o \u0111i\u1ec3m nh\u1ea5n \u0111\u1eb7c bi\u1ec7t cho kh\u00f4ng gian c\u1ee7a b\u1ea1n.<\/span><\/p>\n","protected":false},"featured_media":1407,"template":"","meta":[],"product_brand":[],"product_cat":[193],"product_tag":[],"class_list":{"0":"post-1405","1":"product","2":"type-product","3":"status-publish","4":"has-post-thumbnail","6":"product_cat-s-series","7":"pa_chip-led-cree","8":"pa_chip-led-epistar","9":"pa_chip-led-oram","10":"pa_chuan-dieu-khien-dmx","11":"pa_chuan-dieu-khien-ttl","12":"pa_cong-suat-0-7w","13":"pa_dien-ap-hoat-dong-12v","14":"pa_do-kin-ip67","15":"pa_goc-chieu-213","16":"pa_gray-level-256-65536","17":"pa_kich-thuoc-d23-347-mm","19":"first","20":"instock","21":"taxable","22":"shipping-taxable","23":"product-type-simple"},"yoast_head":"<!-- This site is optimized with the Yoast SEO Premium plugin v27.4 (Yoast SEO v27.4) - https:\/\/yoast.com\/product\/yoast-seo-premium-wordpress\/ -->\n<title>\u0110\u00e8n Led \u0111i\u1ec3m VL-S03A \u0111\u01b0\u1ee3c nh\u1eadp kh\u1ea9u ch\u00ednh h\u00e3ng t\u1ea1i vi\u1ec7t nam - Vilight Co.ltd<\/title>\n<meta name=\"description\" content=\"\u0110\u00e8n LED trang tr\u00ed 0.7W VL-S03A l\u00e0 m\u1ed9t s\u1ea3n ph\u1ea9m \u0111\u00e1ng tin c\u1eady v\u00e0 ch\u1ea5t l\u01b0\u1ee3ng cao v\u1edbi s\u1ef1 k\u1ebft h\u1ee3p t\u1ed1t gi\u1eefa hi\u1ec7u su\u1ea5t \u00e1nh s\u00e1ng, t\u00ednh linh ho\u1ea1t v\u00e0 \u0111\u1ed9 b\u1ec1n.\" \/>\n<meta name=\"robots\" content=\"index, follow, max-snippet:-1, max-image-preview:large, max-video-preview:-1\" \/>\n<link rel=\"canonical\" href=\"https:\/\/vilight.vn\/website\/san-pham\/den-led-pixel\/trang-tri\/s-series\/den-led-diem-vl-s03a\/\" \/>\n<meta property=\"og:locale\" content=\"vi_VN\" \/>\n<meta property=\"og:type\" content=\"article\" \/>\n<meta property=\"og:title\" content=\"\u0110\u00e8n LED VL-S03A\" \/>\n<meta property=\"og:description\" content=\"\u0110\u00e8n LED trang tr\u00ed VL-S03A - S\u1ef1 k\u1ebft h\u1ee3p ho\u00e0n h\u1ea3o gi\u1eefa hi\u1ec7u su\u1ea5t cao, \u0111\u1ed9 b\u1ec1n v\u00e0 t\u00ednh linh ho\u1ea1t, mang l\u1ea1i \u00e1nh s\u00e1ng s\u1eafc n\u00e9t v\u00e0 t\u1ea1o \u0111i\u1ec3m nh\u1ea5n \u0111\u1eb7c bi\u1ec7t cho kh\u00f4ng gian c\u1ee7a b\u1ea1n.\" \/>\n<meta property=\"og:url\" content=\"https:\/\/vilight.vn\/website\/san-pham\/den-led-pixel\/trang-tri\/s-series\/den-led-diem-vl-s03a\/\" \/>\n<meta property=\"og:site_name\" content=\"Vilight Co.ltd\" \/>\n<meta property=\"article:publisher\" content=\"http:\/\/facebook.com\/vilight.vn\" \/>\n<meta property=\"article:modified_time\" content=\"2024-10-02T01:18:20+00:00\" \/>\n<meta property=\"og:image\" content=\"https:\/\/vilight.vn\/website\/wp-content\/uploads\/2021\/06\/S03A-Logo.jpg\" \/>\n\t<meta property=\"og:image:width\" content=\"600\" \/>\n\t<meta property=\"og:image:height\" content=\"600\" \/>\n\t<meta property=\"og:image:type\" content=\"image\/jpeg\" \/>\n<meta name=\"twitter:card\" content=\"summary_large_image\" \/>\n<meta name=\"twitter:label1\" content=\"Gi\u00e1\" \/>\n\t<meta name=\"twitter:data1\" content=\"\" \/>\n\t<meta name=\"twitter:label2\" content=\"Kh\u1ea3 d\u1ee5ng\" \/>\n\t<meta name=\"twitter:data2\" content=\"Trong kho\" \/>\n<script type=\"application\/ld+json\" class=\"yoast-schema-graph\">{\"@context\":\"https:\\\/\\\/schema.org\",\"@graph\":[{\"@type\":\"WebPage\",\"@id\":\"https:\\\/\\\/vilight.vn\\\/website\\\/san-pham\\\/den-led-pixel\\\/trang-tri\\\/s-series\\\/den-led-diem-vl-s03a\\\/\",\"url\":\"https:\\\/\\\/vilight.vn\\\/website\\\/san-pham\\\/den-led-pixel\\\/trang-tri\\\/s-series\\\/den-led-diem-vl-s03a\\\/\",\"name\":\"\u0110\u00e8n Led \u0111i\u1ec3m VL-S03A \u0111\u01b0\u1ee3c nh\u1eadp kh\u1ea9u ch\u00ednh h\u00e3ng t\u1ea1i vi\u1ec7t nam - Vilight Co.ltd\",\"isPartOf\":{\"@id\":\"https:\\\/\\\/vilight.vn\\\/website\\\/#website\"},\"primaryImageOfPage\":{\"@id\":\"https:\\\/\\\/vilight.vn\\\/website\\\/san-pham\\\/den-led-pixel\\\/trang-tri\\\/s-series\\\/den-led-diem-vl-s03a\\\/#primaryimage\"},\"image\":{\"@id\":\"https:\\\/\\\/vilight.vn\\\/website\\\/san-pham\\\/den-led-pixel\\\/trang-tri\\\/s-series\\\/den-led-diem-vl-s03a\\\/#primaryimage\"},\"thumbnailUrl\":\"https:\\\/\\\/vilight.vn\\\/website\\\/wp-content\\\/uploads\\\/2021\\\/06\\\/S03A-Logo.jpg\",\"datePublished\":\"2021-06-27T08:48:32+00:00\",\"dateModified\":\"2024-10-02T01:18:20+00:00\",\"description\":\"\u0110\u00e8n LED trang tr\u00ed 0.7W VL-S03A l\u00e0 m\u1ed9t s\u1ea3n ph\u1ea9m \u0111\u00e1ng tin c\u1eady v\u00e0 ch\u1ea5t l\u01b0\u1ee3ng cao v\u1edbi s\u1ef1 k\u1ebft h\u1ee3p t\u1ed1t gi\u1eefa hi\u1ec7u su\u1ea5t \u00e1nh s\u00e1ng, t\u00ednh linh ho\u1ea1t v\u00e0 \u0111\u1ed9 b\u1ec1n.\",\"breadcrumb\":{\"@id\":\"https:\\\/\\\/vilight.vn\\\/website\\\/san-pham\\\/den-led-pixel\\\/trang-tri\\\/s-series\\\/den-led-diem-vl-s03a\\\/#breadcrumb\"},\"inLanguage\":\"vi\",\"potentialAction\":[{\"@type\":\"ReadAction\",\"target\":[\"https:\\\/\\\/vilight.vn\\\/website\\\/san-pham\\\/den-led-pixel\\\/trang-tri\\\/s-series\\\/den-led-diem-vl-s03a\\\/\"]}]},{\"@type\":\"ImageObject\",\"inLanguage\":\"vi\",\"@id\":\"https:\\\/\\\/vilight.vn\\\/website\\\/san-pham\\\/den-led-pixel\\\/trang-tri\\\/s-series\\\/den-led-diem-vl-s03a\\\/#primaryimage\",\"url\":\"https:\\\/\\\/vilight.vn\\\/website\\\/wp-content\\\/uploads\\\/2021\\\/06\\\/S03A-Logo.jpg\",\"contentUrl\":\"https:\\\/\\\/vilight.vn\\\/website\\\/wp-content\\\/uploads\\\/2021\\\/06\\\/S03A-Logo.jpg\",\"width\":600,\"height\":600,\"caption\":\"\u0110\u00e8n Led \u0111i\u1ec3m VL-S03A\"},{\"@type\":\"BreadcrumbList\",\"@id\":\"https:\\\/\\\/vilight.vn\\\/website\\\/san-pham\\\/den-led-pixel\\\/trang-tri\\\/s-series\\\/den-led-diem-vl-s03a\\\/#breadcrumb\",\"itemListElement\":[{\"@type\":\"ListItem\",\"position\":1,\"name\":\"Home\",\"item\":\"https:\\\/\\\/vilight.vn\\\/website\\\/\"},{\"@type\":\"ListItem\",\"position\":2,\"name\":\"store\",\"item\":\"https:\\\/\\\/vilight.vn\\\/website\\\/store\\\/\"},{\"@type\":\"ListItem\",\"position\":3,\"name\":\"\u0110\u00e8n LED VL-S03A\"}]},{\"@type\":\"WebSite\",\"@id\":\"https:\\\/\\\/vilight.vn\\\/website\\\/#website\",\"url\":\"https:\\\/\\\/vilight.vn\\\/website\\\/\",\"name\":\"Vilight Co.ltd\",\"description\":\"Chi\u1ebfu s\u00e1ng m\u1ef9 thu\u1eadt, chi\u1ebfu s\u00e1ng th\u00f4ng minh, LED Pixel 3D, chi\u1ebfu s\u00e1ng trang tr\u00ed \u0111\u00f4 th\u1ecb, chi\u1ebfu s\u00e1ng v\u00f2ng xoay, chi\u1ebfu s\u00e1ng \u0111\u1ea3o giao th\u00f4ng, c\u1ed5ng ch\u00e0o \u0111\u00f4 th\u1ecb\",\"publisher\":{\"@id\":\"https:\\\/\\\/vilight.vn\\\/website\\\/#organization\"},\"potentialAction\":[{\"@type\":\"SearchAction\",\"target\":{\"@type\":\"EntryPoint\",\"urlTemplate\":\"https:\\\/\\\/vilight.vn\\\/website\\\/?s={search_term_string}\"},\"query-input\":{\"@type\":\"PropertyValueSpecification\",\"valueRequired\":true,\"valueName\":\"search_term_string\"}}],\"inLanguage\":\"vi\"},{\"@type\":\"Organization\",\"@id\":\"https:\\\/\\\/vilight.vn\\\/website\\\/#organization\",\"name\":\"Vilight\",\"url\":\"https:\\\/\\\/vilight.vn\\\/website\\\/\",\"logo\":{\"@type\":\"ImageObject\",\"inLanguage\":\"vi\",\"@id\":\"https:\\\/\\\/vilight.vn\\\/website\\\/#\\\/schema\\\/logo\\\/image\\\/\",\"url\":\"https:\\\/\\\/vilight.vn\\\/website\\\/wp-content\\\/uploads\\\/2022\\\/05\\\/chieu_sang_trang_tri_do_thi_bang_den_led_pixel.png\",\"contentUrl\":\"https:\\\/\\\/vilight.vn\\\/website\\\/wp-content\\\/uploads\\\/2022\\\/05\\\/chieu_sang_trang_tri_do_thi_bang_den_led_pixel.png\",\"width\":800,\"height\":427,\"caption\":\"Vilight\"},\"image\":{\"@id\":\"https:\\\/\\\/vilight.vn\\\/website\\\/#\\\/schema\\\/logo\\\/image\\\/\"},\"sameAs\":[\"http:\\\/\\\/facebook.com\\\/vilight.vn\",\"https:\\\/\\\/www.linkedin.com\\\/company\\\/vilight-vn\",\"https:\\\/\\\/www.youtube.com\\\/channel\\\/UCEwR2naeDcuarMX1kSv_rLQ\\\/videos\"]}]}<\/script>\n<meta property=\"product:brand\" content=\"S Series\" \/>\n<meta property=\"product:price:currency\" content=\"VND\" \/>\n<meta property=\"og:availability\" content=\"instock\" \/>\n<meta property=\"product:availability\" content=\"instock\" \/>\n<meta property=\"product:condition\" content=\"new\" \/>\n<!-- \/ Yoast SEO Premium plugin. -->","yoast_head_json":{"title":"\u0110\u00e8n Led \u0111i\u1ec3m VL-S03A \u0111\u01b0\u1ee3c nh\u1eadp kh\u1ea9u ch\u00ednh h\u00e3ng t\u1ea1i vi\u1ec7t nam - Vilight Co.ltd","description":"\u0110\u00e8n LED trang tr\u00ed 0.7W VL-S03A l\u00e0 m\u1ed9t s\u1ea3n ph\u1ea9m \u0111\u00e1ng tin c\u1eady v\u00e0 ch\u1ea5t l\u01b0\u1ee3ng cao v\u1edbi s\u1ef1 k\u1ebft h\u1ee3p t\u1ed1t gi\u1eefa hi\u1ec7u su\u1ea5t \u00e1nh s\u00e1ng, t\u00ednh linh ho\u1ea1t v\u00e0 \u0111\u1ed9 b\u1ec1n.","robots":{"index":"index","follow":"follow","max-snippet":"max-snippet:-1","max-image-preview":"max-image-preview:large","max-video-preview":"max-video-preview:-1"},"canonical":"https:\/\/vilight.vn\/website\/san-pham\/den-led-pixel\/trang-tri\/s-series\/den-led-diem-vl-s03a\/","og_locale":"vi_VN","og_type":"article","og_title":"\u0110\u00e8n LED VL-S03A","og_description":"\u0110\u00e8n LED trang tr\u00ed VL-S03A - S\u1ef1 k\u1ebft h\u1ee3p ho\u00e0n h\u1ea3o gi\u1eefa hi\u1ec7u su\u1ea5t cao, \u0111\u1ed9 b\u1ec1n v\u00e0 t\u00ednh linh ho\u1ea1t, mang l\u1ea1i \u00e1nh s\u00e1ng s\u1eafc n\u00e9t v\u00e0 t\u1ea1o \u0111i\u1ec3m nh\u1ea5n \u0111\u1eb7c bi\u1ec7t cho kh\u00f4ng gian c\u1ee7a b\u1ea1n.","og_url":"https:\/\/vilight.vn\/website\/san-pham\/den-led-pixel\/trang-tri\/s-series\/den-led-diem-vl-s03a\/","og_site_name":"Vilight Co.ltd","article_publisher":"http:\/\/facebook.com\/vilight.vn","article_modified_time":"2024-10-02T01:18:20+00:00","og_image":[{"width":600,"height":600,"url":"https:\/\/vilight.vn\/website\/wp-content\/uploads\/2021\/06\/S03A-Logo.jpg","type":"image\/jpeg"}],"twitter_card":"summary_large_image","twitter_misc":{"Gi\u00e1":"","Kh\u1ea3 d\u1ee5ng":"Trong kho"},"schema":{"@context":"https:\/\/schema.org","@graph":[{"@type":"WebPage","@id":"https:\/\/vilight.vn\/website\/san-pham\/den-led-pixel\/trang-tri\/s-series\/den-led-diem-vl-s03a\/","url":"https:\/\/vilight.vn\/website\/san-pham\/den-led-pixel\/trang-tri\/s-series\/den-led-diem-vl-s03a\/","name":"\u0110\u00e8n Led \u0111i\u1ec3m VL-S03A \u0111\u01b0\u1ee3c nh\u1eadp kh\u1ea9u ch\u00ednh h\u00e3ng t\u1ea1i vi\u1ec7t nam - Vilight Co.ltd","isPartOf":{"@id":"https:\/\/vilight.vn\/website\/#website"},"primaryImageOfPage":{"@id":"https:\/\/vilight.vn\/website\/san-pham\/den-led-pixel\/trang-tri\/s-series\/den-led-diem-vl-s03a\/#primaryimage"},"image":{"@id":"https:\/\/vilight.vn\/website\/san-pham\/den-led-pixel\/trang-tri\/s-series\/den-led-diem-vl-s03a\/#primaryimage"},"thumbnailUrl":"https:\/\/vilight.vn\/website\/wp-content\/uploads\/2021\/06\/S03A-Logo.jpg","datePublished":"2021-06-27T08:48:32+00:00","dateModified":"2024-10-02T01:18:20+00:00","description":"\u0110\u00e8n LED trang tr\u00ed 0.7W VL-S03A l\u00e0 m\u1ed9t s\u1ea3n ph\u1ea9m \u0111\u00e1ng tin c\u1eady v\u00e0 ch\u1ea5t l\u01b0\u1ee3ng cao v\u1edbi s\u1ef1 k\u1ebft h\u1ee3p t\u1ed1t gi\u1eefa hi\u1ec7u su\u1ea5t \u00e1nh s\u00e1ng, t\u00ednh linh ho\u1ea1t v\u00e0 \u0111\u1ed9 b\u1ec1n.","breadcrumb":{"@id":"https:\/\/vilight.vn\/website\/san-pham\/den-led-pixel\/trang-tri\/s-series\/den-led-diem-vl-s03a\/#breadcrumb"},"inLanguage":"vi","potentialAction":[{"@type":"ReadAction","target":["https:\/\/vilight.vn\/website\/san-pham\/den-led-pixel\/trang-tri\/s-series\/den-led-diem-vl-s03a\/"]}]},{"@type":"ImageObject","inLanguage":"vi","@id":"https:\/\/vilight.vn\/website\/san-pham\/den-led-pixel\/trang-tri\/s-series\/den-led-diem-vl-s03a\/#primaryimage","url":"https:\/\/vilight.vn\/website\/wp-content\/uploads\/2021\/06\/S03A-Logo.jpg","contentUrl":"https:\/\/vilight.vn\/website\/wp-content\/uploads\/2021\/06\/S03A-Logo.jpg","width":600,"height":600,"caption":"\u0110\u00e8n Led \u0111i\u1ec3m VL-S03A"},{"@type":"BreadcrumbList","@id":"https:\/\/vilight.vn\/website\/san-pham\/den-led-pixel\/trang-tri\/s-series\/den-led-diem-vl-s03a\/#breadcrumb","itemListElement":[{"@type":"ListItem","position":1,"name":"Home","item":"https:\/\/vilight.vn\/website\/"},{"@type":"ListItem","position":2,"name":"store","item":"https:\/\/vilight.vn\/website\/store\/"},{"@type":"ListItem","position":3,"name":"\u0110\u00e8n LED VL-S03A"}]},{"@type":"WebSite","@id":"https:\/\/vilight.vn\/website\/#website","url":"https:\/\/vilight.vn\/website\/","name":"Vilight Co.ltd","description":"Chi\u1ebfu s\u00e1ng m\u1ef9 thu\u1eadt, chi\u1ebfu s\u00e1ng th\u00f4ng minh, LED Pixel 3D, chi\u1ebfu s\u00e1ng trang tr\u00ed \u0111\u00f4 th\u1ecb, chi\u1ebfu s\u00e1ng v\u00f2ng xoay, chi\u1ebfu s\u00e1ng \u0111\u1ea3o giao th\u00f4ng, c\u1ed5ng ch\u00e0o \u0111\u00f4 th\u1ecb","publisher":{"@id":"https:\/\/vilight.vn\/website\/#organization"},"potentialAction":[{"@type":"SearchAction","target":{"@type":"EntryPoint","urlTemplate":"https:\/\/vilight.vn\/website\/?s={search_term_string}"},"query-input":{"@type":"PropertyValueSpecification","valueRequired":true,"valueName":"search_term_string"}}],"inLanguage":"vi"},{"@type":"Organization","@id":"https:\/\/vilight.vn\/website\/#organization","name":"Vilight","url":"https:\/\/vilight.vn\/website\/","logo":{"@type":"ImageObject","inLanguage":"vi","@id":"https:\/\/vilight.vn\/website\/#\/schema\/logo\/image\/","url":"https:\/\/vilight.vn\/website\/wp-content\/uploads\/2022\/05\/chieu_sang_trang_tri_do_thi_bang_den_led_pixel.png","contentUrl":"https:\/\/vilight.vn\/website\/wp-content\/uploads\/2022\/05\/chieu_sang_trang_tri_do_thi_bang_den_led_pixel.png","width":800,"height":427,"caption":"Vilight"},"image":{"@id":"https:\/\/vilight.vn\/website\/#\/schema\/logo\/image\/"},"sameAs":["http:\/\/facebook.com\/vilight.vn","https:\/\/www.linkedin.com\/company\/vilight-vn","https:\/\/www.youtube.com\/channel\/UCEwR2naeDcuarMX1kSv_rLQ\/videos"]}]},"product_brand":"S Series","product_price_currency":"VND","og_availability":"instock","product_availability":"instock","product_condition":"new"},"_links":{"self":[{"href":"https:\/\/vilight.vn\/website\/wp-json\/wp\/v2\/product\/1405","targetHints":{"allow":["GET"]}}],"collection":[{"href":"https:\/\/vilight.vn\/website\/wp-json\/wp\/v2\/product"}],"about":[{"href":"https:\/\/vilight.vn\/website\/wp-json\/wp\/v2\/types\/product"}],"wp:featuredmedia":[{"embeddable":true,"href":"https:\/\/vilight.vn\/website\/wp-json\/wp\/v2\/media\/1407"}],"wp:attachment":[{"href":"https:\/\/vilight.vn\/website\/wp-json\/wp\/v2\/media?parent=1405"}],"wp:term":[{"taxonomy":"product_brand","embeddable":true,"href":"https:\/\/vilight.vn\/website\/wp-json\/wp\/v2\/product_brand?post=1405"},{"taxonomy":"product_cat","embeddable":true,"href":"https:\/\/vilight.vn\/website\/wp-json\/wp\/v2\/product_cat?post=1405"},{"taxonomy":"product_tag","embeddable":true,"href":"https:\/\/vilight.vn\/website\/wp-json\/wp\/v2\/product_tag?post=1405"}],"curies":[{"name":"wp","href":"https:\/\/api.w.org\/{rel}","templated":true}]}}