{"id":1408,"date":"2021-06-27T18:22:47","date_gmt":"2021-06-27T11:22:47","guid":{"rendered":"https:\/\/vilight.vn\/website\/?post_type=product&#038;p=1408"},"modified":"2024-10-02T11:41:28","modified_gmt":"2024-10-02T04:41:28","slug":"mang-nhom-vl-l001","status":"publish","type":"product","link":"https:\/\/vilight.vn\/website\/san-pham\/phu-kien-2\/mang-nhom\/mang-nhom-vl-l001\/","title":{"rendered":"M\u00e1ng nh\u00f4m VL-L001"},"content":{"rendered":"<h2 style=\"text-align: justify;\"><span style=\"font-size: 18pt;\">M\u00e1ng Nh\u00f4m VL-L001 &#8211; Gi\u1ea3i ph\u00e1p ho\u00e0n h\u1ea3o cho h\u1ec7 th\u1ed1ng chi\u1ebfu s\u00e1ng ngo\u00e0i tr\u1eddi<\/span><\/h2>\n<p style=\"text-align: justify;\"><span style=\"font-size: 14pt;\">B\u1ea1n \u0111ang t\u00ecm ki\u1ebfm m\u1ed9t gi\u1ea3i ph\u00e1p hi\u1ec7u qu\u1ea3 \u0111\u1ec3 c\u1ea3i thi\u1ec7n h\u1ec7 th\u1ed1ng chi\u1ebfu s\u00e1ng ngo\u00e0i tr\u1eddi? M\u00e1ng Nh\u00f4m VL-L001 s\u1ebd l\u00e0 l\u1ef1a ch\u1ecdn ho\u00e0n h\u1ea3o cho b\u1ea1n. V\u1edbi thi\u1ebft k\u1ebf th\u00f4ng minh v\u00e0 ch\u1ea5t li\u1ec7u nh\u00f4m ch\u1ea5t l\u01b0\u1ee3ng cao, s\u1ea3n ph\u1ea9m n\u00e0y mang \u0111\u1ebfn kh\u00f4ng ch\u1ec9 t\u00ednh th\u1ea9m m\u1ef9 m\u00e0 c\u00f2n t\u00ednh n\u0103ng v\u01b0\u1ee3t tr\u1ed9i.<\/span><\/p>\n<p style=\"text-align: justify;\"><span style=\"font-size: 14pt;\">V\u1edbi chi\u1ec1u cao 29.8 mm, chi\u1ec1u r\u1ed9ng 43.6 mm v\u00e0 d\u00e0y 1 mm, M\u00e1ng Nh\u00f4m VL-L001 \u0111\u01b0\u1ee3c thi\u1ebft k\u1ebf t\u1ec9 m\u1ec9 \u0111\u1ec3 \u0111\u00e1p \u1ee9ng \u0111\u1ea7y \u0111\u1ee7 y\u00eau c\u1ea7u l\u1eafp \u0111\u1eb7t \u0111\u00e8n v\u00e0 c\u00e1p ngu\u1ed3n, c\u00e1p t\u00edn hi\u1ec7u m\u1ed9t c\u00e1ch g\u1ecdn g\u00e0ng v\u00e0 nhanh ch\u00f3ng. M\u1ed7i m\u00e1ng nh\u00f4m c\u00f3 s\u1eb5n 10 l\u1ed7 l\u1eafp \u0111\u1ec3 l\u1eafp 10 \u0111\u00e8n JD 33 mm, gi\u00fap t\u1ed1i \u01b0u h\u00f3a \u00e1nh s\u00e1ng ph\u00e1t ra v\u00e0 t\u1ea1o ra hi\u1ec7u \u1ee9ng chi\u1ebfu s\u00e1ng \u0111\u1eb9p m\u1eaft.<\/span><\/p>\n<p style=\"text-align: justify;\"><span style=\"font-size: 14pt;\">S\u1ea3n ph\u1ea9m n\u00e0y \u0111\u01b0\u1ee3c chia th\u00e0nh hai ph\u1ea7n l\u00e0 n\u1eafp m\u00e1ng nh\u00f4m v\u00e0 ph\u00e2n th\u00e2n m\u00e1ng nh\u00f4m, k\u1ebft n\u1ed1i v\u1edbi nhau b\u1eb1ng kh\u1edbp n\u1ed1i \u0111\u01a1n gi\u1ea3n. \u0110i\u1ec1u n\u00e0y gi\u00fap qu\u00e1 tr\u00ecnh l\u1eafp \u0111\u1eb7t \u0111\u00e8n v\u00e0 c\u00e1p tr\u1edf n\u00ean thu\u1eadn ti\u1ec7n h\u01a1n bao gi\u1edd h\u1ebft, ti\u1ebft ki\u1ec7m th\u1eddi gian v\u00e0 c\u00f4ng s\u1ee9c c\u1ee7a b\u1ea1n. Kh\u00f4ng c\u00f2n ph\u1ea3i lo l\u1eafng v\u1ec1 vi\u1ec7c l\u1eafp \u0111\u1eb7t ph\u1ee9c t\u1ea1p, M\u00e1ng Nh\u00f4m VL-L001 gi\u00fap b\u1ea1n ho\u00e0n th\u00e0nh c\u00f4ng vi\u1ec7c m\u1ed9t c\u00e1ch d\u1ec5 d\u00e0ng.<\/span><\/p>\n<p style=\"text-align: justify;\"><span style=\"font-size: 14pt;\">M\u1ed9t \u0111i\u1ec3m \u0111\u00e1ng ch\u00fa \u00fd c\u1ee7a s\u1ea3n ph\u1ea9m n\u00e0y l\u00e0 ch\u1ea5t l\u01b0\u1ee3ng t\u1ed1t v\u00e0 \u0111\u1ed9 b\u1ec1n b\u1ec9 khi s\u1eed d\u1ee5ng ngo\u00e0i tr\u1eddi. V\u1edbi ch\u1ea5t li\u1ec7u nh\u00f4m ch\u1eafc ch\u1eafn, m\u00e1ng nh\u00f4m n\u00e0y c\u00f3 kh\u1ea3 n\u0103ng ch\u1ed1ng l\u1ea1i c\u00e1c y\u1ebfu t\u1ed1 th\u1eddi ti\u1ebft kh\u1eafc nghi\u1ec7t nh\u01b0 m\u01b0a, gi\u00f3 v\u00e0 nhi\u1ec7t \u0111\u1ed9 cao. B\u1ea1n c\u00f3 th\u1ec3 y\u00ean t\u00e2m s\u1eed d\u1ee5ng s\u1ea3n ph\u1ea9m n\u00e0y trong m\u1ecdi \u0111i\u1ec1u ki\u1ec7n th\u1eddi ti\u1ebft m\u00e0 kh\u00f4ng c\u1ea7n lo l\u1eafng v\u1ec1 hi\u1ec7u su\u1ea5t ho\u1ea1t \u0111\u1ed9ng c\u1ee7a n\u00f3.<\/span><\/p>\n<p style=\"text-align: justify;\"><span style=\"font-size: 14pt;\">Trong t\u1ed5ng k\u1ebft, M\u00e1ng Nh\u00f4m VL-L001 l\u00e0 s\u1ef1 l\u1ef1a ch\u1ecdn tuy\u1ec7t v\u1eddi cho h\u1ec7 th\u1ed1ng chi\u1ebfu s\u00e1ng ngo\u00e0i tr\u1eddi. V\u1edbi thi\u1ebft k\u1ebf th\u00f4ng minh, qu\u00e1 tr\u00ecnh l\u1eafp \u0111\u1eb7t d\u1ec5 d\u00e0ng v\u00e0 ch\u1ea5t l\u01b0\u1ee3ng t\u1ed1t b\u1ec1n b\u1ec9, s\u1ea3n ph\u1ea9m n\u00e0y \u0111\u00e1ng \u0111\u1ec3 b\u1ea1n \u0111\u1ea7u t\u01b0. H\u00e3y tr\u1ea3i nghi\u1ec7m s\u1ef1 <\/span><span style=\"font-size: 14pt;\">ti\u1ec7n \u00edch v\u00e0 s\u1ef1 ho\u00e0n h\u1ea3o c\u1ee7a M\u00e1ng Nh\u00f4m VL-L001 cho h\u1ec7 th\u1ed1ng chi\u1ebfu s\u00e1ng c\u1ee7a b\u1ea1n ngay h\u00f4m nay!<\/span><\/p>\n<p style=\"text-align: justify;\"><span style=\"font-size: 14pt;\"><a href=\"https:\/\/vilight.vn\/website\/wp-content\/uploads\/2021\/06\/L001.jpg\"><img decoding=\"async\" class=\"aligncenter wp-image-1409 lazyload\" data-src=\"https:\/\/vilight.vn\/website\/wp-content\/uploads\/2021\/06\/L001.jpg\" alt=\"M\u00e1ng Nh\u00f4m VL-L001\" width=\"1500\" height=\"395\" data-srcset=\"https:\/\/vilight.vn\/website\/wp-content\/uploads\/2021\/06\/L001.jpg 1200w, https:\/\/vilight.vn\/website\/wp-content\/uploads\/2021\/06\/L001-800x211.jpg 800w, https:\/\/vilight.vn\/website\/wp-content\/uploads\/2021\/06\/L001-300x79.jpg 300w, https:\/\/vilight.vn\/website\/wp-content\/uploads\/2021\/06\/L001-1024x270.jpg 1024w, https:\/\/vilight.vn\/website\/wp-content\/uploads\/2021\/06\/L001-768x202.jpg 768w, https:\/\/vilight.vn\/website\/wp-content\/uploads\/2021\/06\/L001-16x4.jpg 16w, https:\/\/vilight.vn\/website\/wp-content\/uploads\/2021\/06\/L001-260x68.jpg 260w, https:\/\/vilight.vn\/website\/wp-content\/uploads\/2021\/06\/L001-50x13.jpg 50w, https:\/\/vilight.vn\/website\/wp-content\/uploads\/2021\/06\/L001-150x40.jpg 150w, https:\/\/vilight.vn\/website\/wp-content\/uploads\/2021\/06\/L001-600x158.jpg 600w\" data-sizes=\"(max-width:767px) 480px, (max-width:1500px) 100vw, 1500px\" src=\"data:image\/svg+xml;base64,PHN2ZyB3aWR0aD0iMSIgaGVpZ2h0PSIxIiB4bWxucz0iaHR0cDovL3d3dy53My5vcmcvMjAwMC9zdmciPjwvc3ZnPg==\" style=\"--smush-placeholder-width: 1500px; --smush-placeholder-aspect-ratio: 1500\/395;\" \/><\/a><\/span><\/p>\n<p style=\"text-align: justify;\"><span style=\"color: #ffffff; font-size: 14pt;\">M\u00e1ng L001 . M\u00e1ng \u0111\u00e8n L001. M\u00e1ng cho \u0111\u00e8n JD33. M\u00e1ng \u0111\u00e8n led \u0111i\u1ec3m pixel JD33.<\/span><\/p>\n","protected":false},"excerpt":{"rendered":"<p style=\"text-align: justify;\"><span style=\"font-size: 14pt;\">M\u00e1ng nh\u00f4m VL-L001 &#8211; Gi\u1ea3i ph\u00e1p ho\u00e0n h\u1ea3o cho chi\u1ebfu s\u00e1ng ngo\u00e0i tr\u1eddi c\u00f9ng <a href=\"https:\/\/vilight.vn\/website\/san-pham\/den-led-pixel\/den-diem-led-dot\/jd-series\/den-led-diem-vl-jd33\/\">\u0111\u00e8n LED \u0111i\u1ec3m VL-JD33<\/a>: Thi\u1ebft k\u1ebf th\u00f4ng minh, l\u1eafp \u0111\u1eb7t d\u1ec5 d\u00e0ng, ch\u1ea5t li\u1ec7u nh\u00f4m b\u1ec1n b\u1ec9, t\u1ea1o \u00e1nh s\u00e1ng \u0111\u1eb9p m\u1eaft v\u00e0 g\u1ecdn g\u00e0ng.<\/span><\/p>\n","protected":false},"featured_media":1410,"template":"","meta":[],"product_brand":[],"product_cat":[195,194],"product_tag":[468],"class_list":{"0":"post-1408","1":"product","2":"type-product","3":"status-publish","4":"has-post-thumbnail","6":"product_cat-mang-nhom","7":"product_cat-phu-kien-2","8":"product_tag-mang-nhom-vl-l001","10":"first","11":"instock","12":"taxable","13":"shipping-taxable","14":"product-type-simple"},"yoast_head":"<!-- This site is optimized with the Yoast SEO Premium plugin v27.4 (Yoast SEO v27.4) - https:\/\/yoast.com\/product\/yoast-seo-premium-wordpress\/ -->\n<title>M\u00e1ng nh\u00f4m VL-L001 - Vilight Co.ltd<\/title>\n<meta name=\"description\" content=\"M\u00e1ng nh\u00f4m VL-L001 l\u00e0 m\u00e1ng \u0111\u00e8n ph\u00f9 h\u1ee3p \u0111\u1ec3 l\u1eafp \u0111\u1eb7t cho \u0111\u00e8n LED \u0111i\u1ec3m VL-JD33. S\u1ea3n ph\u1ea9m \u0111\u01b0\u1ee3c nh\u1eadp kh\u1ea9u ch\u00ednh h\u00e3ng t\u1ea1i Vilight.vn\" \/>\n<meta name=\"robots\" content=\"index, follow, max-snippet:-1, max-image-preview:large, max-video-preview:-1\" \/>\n<link rel=\"canonical\" href=\"https:\/\/vilight.vn\/website\/san-pham\/phu-kien-2\/mang-nhom\/mang-nhom-vl-l001\/\" \/>\n<meta property=\"og:locale\" content=\"vi_VN\" \/>\n<meta property=\"og:type\" content=\"article\" \/>\n<meta property=\"og:title\" content=\"M\u00e1ng nh\u00f4m VL-L001\" \/>\n<meta property=\"og:description\" content=\"M\u00e1ng nh\u00f4m VL-L001 - Gi\u1ea3i ph\u00e1p ho\u00e0n h\u1ea3o cho chi\u1ebfu s\u00e1ng ngo\u00e0i tr\u1eddi c\u00f9ng \u0111\u00e8n LED \u0111i\u1ec3m VL-JD33: Thi\u1ebft k\u1ebf th\u00f4ng minh, l\u1eafp \u0111\u1eb7t d\u1ec5 d\u00e0ng, ch\u1ea5t li\u1ec7u nh\u00f4m b\u1ec1n b\u1ec9, t\u1ea1o \u00e1nh s\u00e1ng \u0111\u1eb9p m\u1eaft v\u00e0 g\u1ecdn g\u00e0ng.\" \/>\n<meta property=\"og:url\" content=\"https:\/\/vilight.vn\/website\/san-pham\/phu-kien-2\/mang-nhom\/mang-nhom-vl-l001\/\" \/>\n<meta property=\"og:site_name\" content=\"Vilight Co.ltd\" \/>\n<meta property=\"article:publisher\" content=\"http:\/\/facebook.com\/vilight.vn\" \/>\n<meta property=\"article:modified_time\" content=\"2024-10-02T04:41:28+00:00\" \/>\n<meta property=\"og:image\" content=\"https:\/\/vilight.vn\/website\/wp-content\/uploads\/2021\/06\/L001-Lgo.jpg\" \/>\n\t<meta property=\"og:image:width\" content=\"600\" \/>\n\t<meta property=\"og:image:height\" content=\"596\" \/>\n\t<meta property=\"og:image:type\" content=\"image\/jpeg\" \/>\n<meta name=\"twitter:card\" content=\"summary_large_image\" \/>\n<meta name=\"twitter:label1\" content=\"Gi\u00e1\" \/>\n\t<meta name=\"twitter:data1\" content=\"\" \/>\n\t<meta name=\"twitter:label2\" content=\"Kh\u1ea3 d\u1ee5ng\" \/>\n\t<meta name=\"twitter:data2\" content=\"Trong kho\" \/>\n<script type=\"application\/ld+json\" class=\"yoast-schema-graph\">{\"@context\":\"https:\\\/\\\/schema.org\",\"@graph\":[{\"@type\":\"WebPage\",\"@id\":\"https:\\\/\\\/vilight.vn\\\/website\\\/san-pham\\\/phu-kien-2\\\/mang-nhom\\\/mang-nhom-vl-l001\\\/\",\"url\":\"https:\\\/\\\/vilight.vn\\\/website\\\/san-pham\\\/phu-kien-2\\\/mang-nhom\\\/mang-nhom-vl-l001\\\/\",\"name\":\"M\u00e1ng nh\u00f4m VL-L001 - Vilight Co.ltd\",\"isPartOf\":{\"@id\":\"https:\\\/\\\/vilight.vn\\\/website\\\/#website\"},\"primaryImageOfPage\":{\"@id\":\"https:\\\/\\\/vilight.vn\\\/website\\\/san-pham\\\/phu-kien-2\\\/mang-nhom\\\/mang-nhom-vl-l001\\\/#primaryimage\"},\"image\":{\"@id\":\"https:\\\/\\\/vilight.vn\\\/website\\\/san-pham\\\/phu-kien-2\\\/mang-nhom\\\/mang-nhom-vl-l001\\\/#primaryimage\"},\"thumbnailUrl\":\"https:\\\/\\\/vilight.vn\\\/website\\\/wp-content\\\/uploads\\\/2021\\\/06\\\/L001-Lgo.jpg\",\"datePublished\":\"2021-06-27T11:22:47+00:00\",\"dateModified\":\"2024-10-02T04:41:28+00:00\",\"description\":\"M\u00e1ng nh\u00f4m VL-L001 l\u00e0 m\u00e1ng \u0111\u00e8n ph\u00f9 h\u1ee3p \u0111\u1ec3 l\u1eafp \u0111\u1eb7t cho \u0111\u00e8n LED \u0111i\u1ec3m VL-JD33. S\u1ea3n ph\u1ea9m \u0111\u01b0\u1ee3c nh\u1eadp kh\u1ea9u ch\u00ednh h\u00e3ng t\u1ea1i Vilight.vn\",\"breadcrumb\":{\"@id\":\"https:\\\/\\\/vilight.vn\\\/website\\\/san-pham\\\/phu-kien-2\\\/mang-nhom\\\/mang-nhom-vl-l001\\\/#breadcrumb\"},\"inLanguage\":\"vi\",\"potentialAction\":[{\"@type\":\"ReadAction\",\"target\":[\"https:\\\/\\\/vilight.vn\\\/website\\\/san-pham\\\/phu-kien-2\\\/mang-nhom\\\/mang-nhom-vl-l001\\\/\"]}]},{\"@type\":\"ImageObject\",\"inLanguage\":\"vi\",\"@id\":\"https:\\\/\\\/vilight.vn\\\/website\\\/san-pham\\\/phu-kien-2\\\/mang-nhom\\\/mang-nhom-vl-l001\\\/#primaryimage\",\"url\":\"https:\\\/\\\/vilight.vn\\\/website\\\/wp-content\\\/uploads\\\/2021\\\/06\\\/L001-Lgo.jpg\",\"contentUrl\":\"https:\\\/\\\/vilight.vn\\\/website\\\/wp-content\\\/uploads\\\/2021\\\/06\\\/L001-Lgo.jpg\",\"width\":600,\"height\":596,\"caption\":\"M\u00e1ng Nh\u00f4m VL-L001\"},{\"@type\":\"BreadcrumbList\",\"@id\":\"https:\\\/\\\/vilight.vn\\\/website\\\/san-pham\\\/phu-kien-2\\\/mang-nhom\\\/mang-nhom-vl-l001\\\/#breadcrumb\",\"itemListElement\":[{\"@type\":\"ListItem\",\"position\":1,\"name\":\"Home\",\"item\":\"https:\\\/\\\/vilight.vn\\\/website\\\/\"},{\"@type\":\"ListItem\",\"position\":2,\"name\":\"store\",\"item\":\"https:\\\/\\\/vilight.vn\\\/website\\\/store\\\/\"},{\"@type\":\"ListItem\",\"position\":3,\"name\":\"M\u00e1ng nh\u00f4m VL-L001\"}]},{\"@type\":\"WebSite\",\"@id\":\"https:\\\/\\\/vilight.vn\\\/website\\\/#website\",\"url\":\"https:\\\/\\\/vilight.vn\\\/website\\\/\",\"name\":\"Vilight Co.ltd\",\"description\":\"Chi\u1ebfu s\u00e1ng m\u1ef9 thu\u1eadt, chi\u1ebfu s\u00e1ng th\u00f4ng minh, LED Pixel 3D, chi\u1ebfu s\u00e1ng trang tr\u00ed \u0111\u00f4 th\u1ecb, chi\u1ebfu s\u00e1ng v\u00f2ng xoay, chi\u1ebfu s\u00e1ng \u0111\u1ea3o giao th\u00f4ng, c\u1ed5ng ch\u00e0o \u0111\u00f4 th\u1ecb\",\"publisher\":{\"@id\":\"https:\\\/\\\/vilight.vn\\\/website\\\/#organization\"},\"potentialAction\":[{\"@type\":\"SearchAction\",\"target\":{\"@type\":\"EntryPoint\",\"urlTemplate\":\"https:\\\/\\\/vilight.vn\\\/website\\\/?s={search_term_string}\"},\"query-input\":{\"@type\":\"PropertyValueSpecification\",\"valueRequired\":true,\"valueName\":\"search_term_string\"}}],\"inLanguage\":\"vi\"},{\"@type\":\"Organization\",\"@id\":\"https:\\\/\\\/vilight.vn\\\/website\\\/#organization\",\"name\":\"Vilight\",\"url\":\"https:\\\/\\\/vilight.vn\\\/website\\\/\",\"logo\":{\"@type\":\"ImageObject\",\"inLanguage\":\"vi\",\"@id\":\"https:\\\/\\\/vilight.vn\\\/website\\\/#\\\/schema\\\/logo\\\/image\\\/\",\"url\":\"https:\\\/\\\/vilight.vn\\\/website\\\/wp-content\\\/uploads\\\/2022\\\/05\\\/chieu_sang_trang_tri_do_thi_bang_den_led_pixel.png\",\"contentUrl\":\"https:\\\/\\\/vilight.vn\\\/website\\\/wp-content\\\/uploads\\\/2022\\\/05\\\/chieu_sang_trang_tri_do_thi_bang_den_led_pixel.png\",\"width\":800,\"height\":427,\"caption\":\"Vilight\"},\"image\":{\"@id\":\"https:\\\/\\\/vilight.vn\\\/website\\\/#\\\/schema\\\/logo\\\/image\\\/\"},\"sameAs\":[\"http:\\\/\\\/facebook.com\\\/vilight.vn\",\"https:\\\/\\\/www.linkedin.com\\\/company\\\/vilight-vn\",\"https:\\\/\\\/www.youtube.com\\\/channel\\\/UCEwR2naeDcuarMX1kSv_rLQ\\\/videos\"]}]}<\/script>\n<meta property=\"product:brand\" content=\"M\u00e1ng nh\u00f4m\" \/>\n<meta property=\"product:price:currency\" content=\"VND\" \/>\n<meta property=\"og:availability\" content=\"instock\" \/>\n<meta property=\"product:availability\" content=\"instock\" \/>\n<meta property=\"product:condition\" content=\"new\" \/>\n<!-- \/ Yoast SEO Premium plugin. -->","yoast_head_json":{"title":"M\u00e1ng nh\u00f4m VL-L001 - Vilight Co.ltd","description":"M\u00e1ng nh\u00f4m VL-L001 l\u00e0 m\u00e1ng \u0111\u00e8n ph\u00f9 h\u1ee3p \u0111\u1ec3 l\u1eafp \u0111\u1eb7t cho \u0111\u00e8n LED \u0111i\u1ec3m VL-JD33. S\u1ea3n ph\u1ea9m \u0111\u01b0\u1ee3c nh\u1eadp kh\u1ea9u ch\u00ednh h\u00e3ng t\u1ea1i Vilight.vn","robots":{"index":"index","follow":"follow","max-snippet":"max-snippet:-1","max-image-preview":"max-image-preview:large","max-video-preview":"max-video-preview:-1"},"canonical":"https:\/\/vilight.vn\/website\/san-pham\/phu-kien-2\/mang-nhom\/mang-nhom-vl-l001\/","og_locale":"vi_VN","og_type":"article","og_title":"M\u00e1ng nh\u00f4m VL-L001","og_description":"M\u00e1ng nh\u00f4m VL-L001 - Gi\u1ea3i ph\u00e1p ho\u00e0n h\u1ea3o cho chi\u1ebfu s\u00e1ng ngo\u00e0i tr\u1eddi c\u00f9ng \u0111\u00e8n LED \u0111i\u1ec3m VL-JD33: Thi\u1ebft k\u1ebf th\u00f4ng minh, l\u1eafp \u0111\u1eb7t d\u1ec5 d\u00e0ng, ch\u1ea5t li\u1ec7u nh\u00f4m b\u1ec1n b\u1ec9, t\u1ea1o \u00e1nh s\u00e1ng \u0111\u1eb9p m\u1eaft v\u00e0 g\u1ecdn g\u00e0ng.","og_url":"https:\/\/vilight.vn\/website\/san-pham\/phu-kien-2\/mang-nhom\/mang-nhom-vl-l001\/","og_site_name":"Vilight Co.ltd","article_publisher":"http:\/\/facebook.com\/vilight.vn","article_modified_time":"2024-10-02T04:41:28+00:00","og_image":[{"width":600,"height":596,"url":"https:\/\/vilight.vn\/website\/wp-content\/uploads\/2021\/06\/L001-Lgo.jpg","type":"image\/jpeg"}],"twitter_card":"summary_large_image","twitter_misc":{"Gi\u00e1":"","Kh\u1ea3 d\u1ee5ng":"Trong kho"},"schema":{"@context":"https:\/\/schema.org","@graph":[{"@type":"WebPage","@id":"https:\/\/vilight.vn\/website\/san-pham\/phu-kien-2\/mang-nhom\/mang-nhom-vl-l001\/","url":"https:\/\/vilight.vn\/website\/san-pham\/phu-kien-2\/mang-nhom\/mang-nhom-vl-l001\/","name":"M\u00e1ng nh\u00f4m VL-L001 - Vilight Co.ltd","isPartOf":{"@id":"https:\/\/vilight.vn\/website\/#website"},"primaryImageOfPage":{"@id":"https:\/\/vilight.vn\/website\/san-pham\/phu-kien-2\/mang-nhom\/mang-nhom-vl-l001\/#primaryimage"},"image":{"@id":"https:\/\/vilight.vn\/website\/san-pham\/phu-kien-2\/mang-nhom\/mang-nhom-vl-l001\/#primaryimage"},"thumbnailUrl":"https:\/\/vilight.vn\/website\/wp-content\/uploads\/2021\/06\/L001-Lgo.jpg","datePublished":"2021-06-27T11:22:47+00:00","dateModified":"2024-10-02T04:41:28+00:00","description":"M\u00e1ng nh\u00f4m VL-L001 l\u00e0 m\u00e1ng \u0111\u00e8n ph\u00f9 h\u1ee3p \u0111\u1ec3 l\u1eafp \u0111\u1eb7t cho \u0111\u00e8n LED \u0111i\u1ec3m VL-JD33. S\u1ea3n ph\u1ea9m \u0111\u01b0\u1ee3c nh\u1eadp kh\u1ea9u ch\u00ednh h\u00e3ng t\u1ea1i Vilight.vn","breadcrumb":{"@id":"https:\/\/vilight.vn\/website\/san-pham\/phu-kien-2\/mang-nhom\/mang-nhom-vl-l001\/#breadcrumb"},"inLanguage":"vi","potentialAction":[{"@type":"ReadAction","target":["https:\/\/vilight.vn\/website\/san-pham\/phu-kien-2\/mang-nhom\/mang-nhom-vl-l001\/"]}]},{"@type":"ImageObject","inLanguage":"vi","@id":"https:\/\/vilight.vn\/website\/san-pham\/phu-kien-2\/mang-nhom\/mang-nhom-vl-l001\/#primaryimage","url":"https:\/\/vilight.vn\/website\/wp-content\/uploads\/2021\/06\/L001-Lgo.jpg","contentUrl":"https:\/\/vilight.vn\/website\/wp-content\/uploads\/2021\/06\/L001-Lgo.jpg","width":600,"height":596,"caption":"M\u00e1ng Nh\u00f4m VL-L001"},{"@type":"BreadcrumbList","@id":"https:\/\/vilight.vn\/website\/san-pham\/phu-kien-2\/mang-nhom\/mang-nhom-vl-l001\/#breadcrumb","itemListElement":[{"@type":"ListItem","position":1,"name":"Home","item":"https:\/\/vilight.vn\/website\/"},{"@type":"ListItem","position":2,"name":"store","item":"https:\/\/vilight.vn\/website\/store\/"},{"@type":"ListItem","position":3,"name":"M\u00e1ng nh\u00f4m VL-L001"}]},{"@type":"WebSite","@id":"https:\/\/vilight.vn\/website\/#website","url":"https:\/\/vilight.vn\/website\/","name":"Vilight Co.ltd","description":"Chi\u1ebfu s\u00e1ng m\u1ef9 thu\u1eadt, chi\u1ebfu s\u00e1ng th\u00f4ng minh, LED Pixel 3D, chi\u1ebfu s\u00e1ng trang tr\u00ed \u0111\u00f4 th\u1ecb, chi\u1ebfu s\u00e1ng v\u00f2ng xoay, chi\u1ebfu s\u00e1ng \u0111\u1ea3o giao th\u00f4ng, c\u1ed5ng ch\u00e0o \u0111\u00f4 th\u1ecb","publisher":{"@id":"https:\/\/vilight.vn\/website\/#organization"},"potentialAction":[{"@type":"SearchAction","target":{"@type":"EntryPoint","urlTemplate":"https:\/\/vilight.vn\/website\/?s={search_term_string}"},"query-input":{"@type":"PropertyValueSpecification","valueRequired":true,"valueName":"search_term_string"}}],"inLanguage":"vi"},{"@type":"Organization","@id":"https:\/\/vilight.vn\/website\/#organization","name":"Vilight","url":"https:\/\/vilight.vn\/website\/","logo":{"@type":"ImageObject","inLanguage":"vi","@id":"https:\/\/vilight.vn\/website\/#\/schema\/logo\/image\/","url":"https:\/\/vilight.vn\/website\/wp-content\/uploads\/2022\/05\/chieu_sang_trang_tri_do_thi_bang_den_led_pixel.png","contentUrl":"https:\/\/vilight.vn\/website\/wp-content\/uploads\/2022\/05\/chieu_sang_trang_tri_do_thi_bang_den_led_pixel.png","width":800,"height":427,"caption":"Vilight"},"image":{"@id":"https:\/\/vilight.vn\/website\/#\/schema\/logo\/image\/"},"sameAs":["http:\/\/facebook.com\/vilight.vn","https:\/\/www.linkedin.com\/company\/vilight-vn","https:\/\/www.youtube.com\/channel\/UCEwR2naeDcuarMX1kSv_rLQ\/videos"]}]},"product_brand":"M\u00e1ng nh\u00f4m","product_price_currency":"VND","og_availability":"instock","product_availability":"instock","product_condition":"new"},"_links":{"self":[{"href":"https:\/\/vilight.vn\/website\/wp-json\/wp\/v2\/product\/1408","targetHints":{"allow":["GET"]}}],"collection":[{"href":"https:\/\/vilight.vn\/website\/wp-json\/wp\/v2\/product"}],"about":[{"href":"https:\/\/vilight.vn\/website\/wp-json\/wp\/v2\/types\/product"}],"wp:featuredmedia":[{"embeddable":true,"href":"https:\/\/vilight.vn\/website\/wp-json\/wp\/v2\/media\/1410"}],"wp:attachment":[{"href":"https:\/\/vilight.vn\/website\/wp-json\/wp\/v2\/media?parent=1408"}],"wp:term":[{"taxonomy":"product_brand","embeddable":true,"href":"https:\/\/vilight.vn\/website\/wp-json\/wp\/v2\/product_brand?post=1408"},{"taxonomy":"product_cat","embeddable":true,"href":"https:\/\/vilight.vn\/website\/wp-json\/wp\/v2\/product_cat?post=1408"},{"taxonomy":"product_tag","embeddable":true,"href":"https:\/\/vilight.vn\/website\/wp-json\/wp\/v2\/product_tag?post=1408"}],"curies":[{"name":"wp","href":"https:\/\/api.w.org\/{rel}","templated":true}]}}