{"id":1411,"date":"2021-06-27T18:25:14","date_gmt":"2021-06-27T11:25:14","guid":{"rendered":"https:\/\/vilight.vn\/website\/?post_type=product&#038;p=1411"},"modified":"2024-10-02T11:40:30","modified_gmt":"2024-10-02T04:40:30","slug":"mang-nhom-vl-l003","status":"publish","type":"product","link":"https:\/\/vilight.vn\/website\/san-pham\/phu-kien-2\/mang-nhom\/mang-nhom-vl-l003\/","title":{"rendered":"M\u00e1ng nh\u00f4m VL-L003"},"content":{"rendered":"<h2 style=\"text-align: justify;\"><span style=\"font-size: 18pt;\">Gi\u1edbi thi\u1ec7u M\u00e1ng Nh\u00f4m VL-L003: B\u1ea3o v\u1ec7 v\u00e0 L\u1eafp \u0111\u1eb7t \u0111\u00e8n LED \u0111i\u1ec3m pixel JD42<\/span><\/h2>\n<p style=\"text-align: justify;\"><span style=\"font-size: 14pt;\">M\u00e1ng Nh\u00f4m VL-L003 l\u00e0 m\u1ed9t gi\u1ea3i ph\u00e1p hi\u1ec7u qu\u1ea3 v\u00e0 \u0111\u00e1ng tin c\u1eady cho vi\u1ec7c l\u1eafp \u0111\u1eb7t v\u00e0 b\u1ea3o v\u1ec7 h\u1ec7 th\u1ed1ng \u0111\u00e8n LED \u0111i\u1ec3m pixel JD42. V\u1edbi c\u00e1c th\u00f4ng s\u1ed1 k\u1ef9 thu\u1eadt v\u01b0\u1ee3t tr\u1ed9i, m\u00e1ng nh\u00f4m n\u00e0y mang \u0111\u1ebfn s\u1ef1 \u1ed5n \u0111\u1ecbnh v\u00e0 b\u1ec1n v\u1eefng cho h\u1ec7 th\u1ed1ng chi\u1ebfu s\u00e1ng c\u1ee7a b\u1ea1n.<\/span><\/p>\n<p style=\"text-align: justify;\"><span style=\"font-size: 14pt;\">V\u1edbi chi\u1ec1u cao 23 mm v\u00e0 chi\u1ec1u r\u1ed9ng 63.8 mm, M\u00e1ng Nh\u00f4m VL- L003 \u0111\u01b0\u1ee3c thi\u1ebft k\u1ebf nh\u1ecf g\u1ecdn nh\u01b0ng v\u1eabn \u0111\u1ee7 r\u1ed9ng \u0111\u1ec3 ch\u1ee9a \u0111\u00e8n LED \u0111i\u1ec3m pixel JD42 m\u1ed9t c\u00e1ch tho\u1ea3i m\u00e1i. K\u00edch th\u01b0\u1edbc l\u1ed7 \u0111\u00e8n 35.9 mm ch\u00ednh x\u00e1c gi\u00fap \u0111\u1ea3m b\u1ea3o \u0111\u00e8n \u0111\u01b0\u1ee3c l\u1eafp \u0111\u1eb7t ch\u00ednh x\u00e1c v\u00e0 an to\u00e0n trong m\u00e1ng nh\u00f4m.<\/span><\/p>\n<p style=\"text-align: justify;\"><span style=\"font-size: 14pt;\">V\u1edbi \u0111\u1ed9 d\u00e0y nh\u00f4m 0.8 mm, m\u00e1ng nh\u00f4m n\u00e0y kh\u00f4ng ch\u1ec9 cung c\u1ea5p m\u1ed9t n\u1ec1n t\u1ea3ng \u1ed5n \u0111\u1ecbnh cho \u0111\u00e8n LED \u0111i\u1ec3m pixel JD42 m\u00e0 c\u00f2n b\u1ea3o v\u1ec7 ch\u00fang kh\u1ecfi nh\u1eefng t\u00e1c \u0111\u1ed9ng t\u1eeb m\u00f4i tr\u01b0\u1eddng b\u00ean ngo\u00e0i. V\u1edbi kh\u1ea3 n\u0103ng gi\u1eef g\u1ecdn c\u00e1p ngu\u1ed3n \u0111i trong m\u00e1ng, vi\u1ec7c l\u1eafp \u0111\u1eb7t v\u00e0 v\u1eadn h\u00e0nh tr\u1edf n\u00ean d\u1ec5 d\u00e0ng v\u00e0 ti\u1ec7n l\u1ee3i h\u01a1n bao gi\u1edd h\u1ebft.<\/span><\/p>\n<p style=\"text-align: justify;\"><span style=\"font-size: 14pt;\">M\u00e1ng Nh\u00f4m VL- L003 l\u00e0 m\u1ed9t l\u1ef1a ch\u1ecdn l\u00fd t\u01b0\u1edfng cho c\u00e1c \u1ee9ng d\u1ee5ng chi\u1ebfu s\u00e1ng ngo\u1ea1i th\u1ea5t, qu\u1ea3ng c\u00e1o v\u00e0 trang tr\u00ed kh\u00f4ng gian. Ch\u1ea5t li\u1ec7u nh\u00f4m b\u1ec1n b\u1ec9 v\u00e0 thi\u1ebft k\u1ebf ch\u1eafc ch\u1eafn gi\u00fap \u0111\u1ea3m b\u1ea3o s\u1ef1 \u1ed5n \u0111\u1ecbnh v\u00e0 b\u1ec1n v\u1eefng c\u1ee7a h\u1ec7 th\u1ed1ng \u0111\u00e8n LED. B\u1ea1n c\u00f3 th\u1ec3 y\u00ean t\u00e2m r\u1eb1ng m\u00e1ng nh\u00f4m n\u00e0y s\u1ebd b\u1ea3o v\u1ec7 \u0111\u00e8n LED \u0111i\u1ec3m pixel JD42 c\u1ee7a b\u1ea1n kh\u1ecfi c\u00e1c y\u1ebfu t\u1ed1 t\u1ef1 nhi\u00ean v\u00e0 t\u0103ng tu\u1ed5i th\u1ecd c\u1ee7a ch\u00fang.<\/span><\/p>\n<p style=\"text-align: justify;\"><span style=\"font-size: 14pt;\">D\u00f9 b\u1ea1n \u0111ang c\u00f3 nhu c\u1ea7u l\u1eafp \u0111\u1eb7t \u0111\u00e8n LED \u0111i\u1ec3m pixel JD42 cho m\u1ee5c \u0111\u00edch n\u00e0o, M\u00e1ng Nh\u00f4m VL- L003 l\u00e0 m\u1ed9t gi\u1ea3i ph\u00e1p \u0111\u00e1ng tin c\u1eady v\u00e0 ti\u1ec7n l\u1ee3i. V\u1edbi thi\u1ebft k\u1ebf th\u00f4ng minh v\u00e0 ch\u1ea5t li\u1ec7u nh\u00f4m ch\u1ea5t l\u01b0\u1ee3ng cao, m\u00e1ng nh\u00f4m n\u00e0y s\u1ebd mang l\u1ea1i hi\u1ec7u su\u1ea5t t\u1ed1t v\u00e0 s\u1ef1 b\u1ea3o v\u1ec7 \u0111\u00e1ng tin c\u1eady cho h\u1ec7 th\u1ed1ng chi\u1ebfu s\u00e1ng c\u1ee7a b\u1ea1n.<\/span><\/p>\n<p style=\"text-align: justify;\"><span style=\"font-size: 14pt;\">H\u00e3y ch\u1ecdn M\u00e1ng Nh\u00f4m VL- L003 \u0111\u1ec3 \u0111\u1ea3m b\u1ea3o vi\u1ec7c l\u1eafp \u0111\u1eb7t v\u00e0 b\u1ea3o v\u1ec7 \u0111\u00e8n LED \u0111i\u1ec3m pixel JD42 c\u1ee7a b\u1ea1n \u0111\u01b0\u1ee3c th\u1ef1c hi\u1ec7n m\u1ed9t c\u00e1ch d\u1ec5 d\u00e0ng v\u00e0 hi\u1ec7u qu\u1ea3 nh\u1ea5t.<\/span><\/p>\n<p style=\"text-align: justify;\"><span style=\"font-size: 14pt;\"><a href=\"https:\/\/vilight.vn\/website\/wp-content\/uploads\/2021\/06\/L003.jpg\"><img decoding=\"async\" class=\"wp-image-1418 aligncenter lazyload\" data-src=\"https:\/\/vilight.vn\/website\/wp-content\/uploads\/2021\/06\/L003.jpg\" alt=\"M\u00e1ng Nh\u00f4m VL- L003\" width=\"1500\" height=\"379\" data-srcset=\"https:\/\/vilight.vn\/website\/wp-content\/uploads\/2021\/06\/L003.jpg 1200w, https:\/\/vilight.vn\/website\/wp-content\/uploads\/2021\/06\/L003-800x202.jpg 800w, https:\/\/vilight.vn\/website\/wp-content\/uploads\/2021\/06\/L003-300x76.jpg 300w, https:\/\/vilight.vn\/website\/wp-content\/uploads\/2021\/06\/L003-1024x259.jpg 1024w, https:\/\/vilight.vn\/website\/wp-content\/uploads\/2021\/06\/L003-768x194.jpg 768w, https:\/\/vilight.vn\/website\/wp-content\/uploads\/2021\/06\/L003-16x4.jpg 16w, https:\/\/vilight.vn\/website\/wp-content\/uploads\/2021\/06\/L003-260x66.jpg 260w, https:\/\/vilight.vn\/website\/wp-content\/uploads\/2021\/06\/L003-50x13.jpg 50w, https:\/\/vilight.vn\/website\/wp-content\/uploads\/2021\/06\/L003-150x38.jpg 150w, https:\/\/vilight.vn\/website\/wp-content\/uploads\/2021\/06\/L003-600x152.jpg 600w\" data-sizes=\"(max-width:767px) 480px, (max-width:1500px) 100vw, 1500px\" src=\"data:image\/svg+xml;base64,PHN2ZyB3aWR0aD0iMSIgaGVpZ2h0PSIxIiB4bWxucz0iaHR0cDovL3d3dy53My5vcmcvMjAwMC9zdmciPjwvc3ZnPg==\" style=\"--smush-placeholder-width: 1500px; --smush-placeholder-aspect-ratio: 1500\/379;\" \/><\/a><\/span><\/p>\n<p style=\"text-align: justify;\"><span style=\"color: #ffffff; font-size: 14pt;\">M\u00e1ng L003. m\u00e1ng \u0111\u00e8n led \u0111i\u1ec3m L003. M\u00e1ng \u0111\u00e8n led \u0111i\u1ec3m pixel JD42.\u00a0<\/span><\/p>\n","protected":false},"excerpt":{"rendered":"<p style=\"text-align: justify;\"><span style=\"font-size: 14pt;\">M\u00e1ng Nh\u00f4m VL-L003 l\u00e0 m\u1ed9t gi\u1ea3i ph\u00e1p hi\u1ec7u qu\u1ea3 v\u00e0 \u0111\u00e1ng tin c\u1eady cho vi\u1ec7c l\u1eafp \u0111\u1eb7t v\u00e0 b\u1ea3o v\u1ec7 h\u1ec7 th\u1ed1ng <a href=\"https:\/\/vilight.vn\/website\/san-pham\/den-led-pixel\/den-diem-led-dot\/jd-series\/den-led-diem-vl-jd42\/\">\u0111\u00e8n LED \u0111i\u1ec3m VL-JD42<\/a>. V\u1edbi c\u00e1c th\u00f4ng s\u1ed1 k\u1ef9 thu\u1eadt v\u01b0\u1ee3t tr\u1ed9i, m\u00e1ng nh\u00f4m n\u00e0y mang \u0111\u1ebfn s\u1ef1 \u1ed5n \u0111\u1ecbnh v\u00e0 b\u1ec1n v\u1eefng cho h\u1ec7 th\u1ed1ng chi\u1ebfu s\u00e1ng.<\/span><\/p>\n","protected":false},"featured_media":1419,"template":"","meta":[],"product_brand":[],"product_cat":[195,194],"product_tag":[466],"class_list":{"0":"post-1411","1":"product","2":"type-product","3":"status-publish","4":"has-post-thumbnail","6":"product_cat-mang-nhom","7":"product_cat-phu-kien-2","8":"product_tag-mang-nhom-vl-l003","10":"first","11":"instock","12":"taxable","13":"shipping-taxable","14":"product-type-simple"},"yoast_head":"<!-- This site is optimized with the Yoast SEO Premium plugin v27.4 (Yoast SEO v27.4) - https:\/\/yoast.com\/product\/yoast-seo-premium-wordpress\/ -->\n<title>M\u00e1ng nh\u00f4m VL-L003 m\u00e1ng \u0111\u00e8n led \u0111i\u1ec3m Pixel JD42 - Vilight Co.ltd<\/title>\n<meta name=\"description\" content=\"M\u00e1ng Nh\u00f4m VL-L003 l\u00e0 m\u00e1ng \u0111\u00e8n ph\u00f9 h\u1ee3p \u0111\u1ec3 l\u1eafp \u0111\u1eb7t \u0111\u00e8n LED \u0111i\u1ec3m VL-JD42. Thi\u1ebft k\u1ebf th\u00f4ng minh v\u00e0 ch\u1ea5t li\u1ec7u nh\u00f4m ch\u1ea5t l\u01b0\u1ee3ng cao.\" \/>\n<meta name=\"robots\" content=\"index, follow, max-snippet:-1, max-image-preview:large, max-video-preview:-1\" \/>\n<link rel=\"canonical\" href=\"https:\/\/vilight.vn\/website\/san-pham\/phu-kien-2\/mang-nhom\/mang-nhom-vl-l003\/\" \/>\n<meta property=\"og:locale\" content=\"vi_VN\" \/>\n<meta property=\"og:type\" content=\"article\" \/>\n<meta property=\"og:title\" content=\"M\u00e1ng nh\u00f4m VL-L003\" \/>\n<meta property=\"og:description\" content=\"M\u00e1ng Nh\u00f4m VL-L003 l\u00e0 m\u1ed9t gi\u1ea3i ph\u00e1p hi\u1ec7u qu\u1ea3 v\u00e0 \u0111\u00e1ng tin c\u1eady cho vi\u1ec7c l\u1eafp \u0111\u1eb7t v\u00e0 b\u1ea3o v\u1ec7 h\u1ec7 th\u1ed1ng \u0111\u00e8n LED \u0111i\u1ec3m VL-JD42. V\u1edbi c\u00e1c th\u00f4ng s\u1ed1 k\u1ef9 thu\u1eadt v\u01b0\u1ee3t tr\u1ed9i, m\u00e1ng nh\u00f4m n\u00e0y mang \u0111\u1ebfn s\u1ef1 \u1ed5n \u0111\u1ecbnh v\u00e0 b\u1ec1n v\u1eefng cho h\u1ec7 th\u1ed1ng chi\u1ebfu s\u00e1ng.\" \/>\n<meta property=\"og:url\" content=\"https:\/\/vilight.vn\/website\/san-pham\/phu-kien-2\/mang-nhom\/mang-nhom-vl-l003\/\" \/>\n<meta property=\"og:site_name\" content=\"Vilight Co.ltd\" \/>\n<meta property=\"article:publisher\" content=\"http:\/\/facebook.com\/vilight.vn\" \/>\n<meta property=\"article:modified_time\" content=\"2024-10-02T04:40:30+00:00\" \/>\n<meta property=\"og:image\" content=\"https:\/\/vilight.vn\/website\/wp-content\/uploads\/2021\/06\/L003-Logo.jpg\" \/>\n\t<meta property=\"og:image:width\" content=\"600\" \/>\n\t<meta property=\"og:image:height\" content=\"575\" \/>\n\t<meta property=\"og:image:type\" content=\"image\/jpeg\" \/>\n<meta name=\"twitter:card\" content=\"summary_large_image\" \/>\n<meta name=\"twitter:label1\" content=\"Gi\u00e1\" \/>\n\t<meta name=\"twitter:data1\" content=\"\" \/>\n\t<meta name=\"twitter:label2\" content=\"Kh\u1ea3 d\u1ee5ng\" \/>\n\t<meta name=\"twitter:data2\" content=\"Trong kho\" \/>\n<script type=\"application\/ld+json\" class=\"yoast-schema-graph\">{\"@context\":\"https:\\\/\\\/schema.org\",\"@graph\":[{\"@type\":\"WebPage\",\"@id\":\"https:\\\/\\\/vilight.vn\\\/website\\\/san-pham\\\/phu-kien-2\\\/mang-nhom\\\/mang-nhom-vl-l003\\\/\",\"url\":\"https:\\\/\\\/vilight.vn\\\/website\\\/san-pham\\\/phu-kien-2\\\/mang-nhom\\\/mang-nhom-vl-l003\\\/\",\"name\":\"M\u00e1ng nh\u00f4m VL-L003 m\u00e1ng \u0111\u00e8n led \u0111i\u1ec3m Pixel JD42 - Vilight Co.ltd\",\"isPartOf\":{\"@id\":\"https:\\\/\\\/vilight.vn\\\/website\\\/#website\"},\"primaryImageOfPage\":{\"@id\":\"https:\\\/\\\/vilight.vn\\\/website\\\/san-pham\\\/phu-kien-2\\\/mang-nhom\\\/mang-nhom-vl-l003\\\/#primaryimage\"},\"image\":{\"@id\":\"https:\\\/\\\/vilight.vn\\\/website\\\/san-pham\\\/phu-kien-2\\\/mang-nhom\\\/mang-nhom-vl-l003\\\/#primaryimage\"},\"thumbnailUrl\":\"https:\\\/\\\/vilight.vn\\\/website\\\/wp-content\\\/uploads\\\/2021\\\/06\\\/L003-Logo.jpg\",\"datePublished\":\"2021-06-27T11:25:14+00:00\",\"dateModified\":\"2024-10-02T04:40:30+00:00\",\"description\":\"M\u00e1ng Nh\u00f4m VL-L003 l\u00e0 m\u00e1ng \u0111\u00e8n ph\u00f9 h\u1ee3p \u0111\u1ec3 l\u1eafp \u0111\u1eb7t \u0111\u00e8n LED \u0111i\u1ec3m VL-JD42. Thi\u1ebft k\u1ebf th\u00f4ng minh v\u00e0 ch\u1ea5t li\u1ec7u nh\u00f4m ch\u1ea5t l\u01b0\u1ee3ng cao.\",\"breadcrumb\":{\"@id\":\"https:\\\/\\\/vilight.vn\\\/website\\\/san-pham\\\/phu-kien-2\\\/mang-nhom\\\/mang-nhom-vl-l003\\\/#breadcrumb\"},\"inLanguage\":\"vi\",\"potentialAction\":[{\"@type\":\"ReadAction\",\"target\":[\"https:\\\/\\\/vilight.vn\\\/website\\\/san-pham\\\/phu-kien-2\\\/mang-nhom\\\/mang-nhom-vl-l003\\\/\"]}]},{\"@type\":\"ImageObject\",\"inLanguage\":\"vi\",\"@id\":\"https:\\\/\\\/vilight.vn\\\/website\\\/san-pham\\\/phu-kien-2\\\/mang-nhom\\\/mang-nhom-vl-l003\\\/#primaryimage\",\"url\":\"https:\\\/\\\/vilight.vn\\\/website\\\/wp-content\\\/uploads\\\/2021\\\/06\\\/L003-Logo.jpg\",\"contentUrl\":\"https:\\\/\\\/vilight.vn\\\/website\\\/wp-content\\\/uploads\\\/2021\\\/06\\\/L003-Logo.jpg\",\"width\":600,\"height\":575,\"caption\":\"M\u00e1ng Nh\u00f4m VL- L003\"},{\"@type\":\"BreadcrumbList\",\"@id\":\"https:\\\/\\\/vilight.vn\\\/website\\\/san-pham\\\/phu-kien-2\\\/mang-nhom\\\/mang-nhom-vl-l003\\\/#breadcrumb\",\"itemListElement\":[{\"@type\":\"ListItem\",\"position\":1,\"name\":\"Home\",\"item\":\"https:\\\/\\\/vilight.vn\\\/website\\\/\"},{\"@type\":\"ListItem\",\"position\":2,\"name\":\"store\",\"item\":\"https:\\\/\\\/vilight.vn\\\/website\\\/store\\\/\"},{\"@type\":\"ListItem\",\"position\":3,\"name\":\"M\u00e1ng nh\u00f4m VL-L003\"}]},{\"@type\":\"WebSite\",\"@id\":\"https:\\\/\\\/vilight.vn\\\/website\\\/#website\",\"url\":\"https:\\\/\\\/vilight.vn\\\/website\\\/\",\"name\":\"Vilight Co.ltd\",\"description\":\"Chi\u1ebfu s\u00e1ng m\u1ef9 thu\u1eadt, chi\u1ebfu s\u00e1ng th\u00f4ng minh, LED Pixel 3D, chi\u1ebfu s\u00e1ng trang tr\u00ed \u0111\u00f4 th\u1ecb, chi\u1ebfu s\u00e1ng v\u00f2ng xoay, chi\u1ebfu s\u00e1ng \u0111\u1ea3o giao th\u00f4ng, c\u1ed5ng ch\u00e0o \u0111\u00f4 th\u1ecb\",\"publisher\":{\"@id\":\"https:\\\/\\\/vilight.vn\\\/website\\\/#organization\"},\"potentialAction\":[{\"@type\":\"SearchAction\",\"target\":{\"@type\":\"EntryPoint\",\"urlTemplate\":\"https:\\\/\\\/vilight.vn\\\/website\\\/?s={search_term_string}\"},\"query-input\":{\"@type\":\"PropertyValueSpecification\",\"valueRequired\":true,\"valueName\":\"search_term_string\"}}],\"inLanguage\":\"vi\"},{\"@type\":\"Organization\",\"@id\":\"https:\\\/\\\/vilight.vn\\\/website\\\/#organization\",\"name\":\"Vilight\",\"url\":\"https:\\\/\\\/vilight.vn\\\/website\\\/\",\"logo\":{\"@type\":\"ImageObject\",\"inLanguage\":\"vi\",\"@id\":\"https:\\\/\\\/vilight.vn\\\/website\\\/#\\\/schema\\\/logo\\\/image\\\/\",\"url\":\"https:\\\/\\\/vilight.vn\\\/website\\\/wp-content\\\/uploads\\\/2022\\\/05\\\/chieu_sang_trang_tri_do_thi_bang_den_led_pixel.png\",\"contentUrl\":\"https:\\\/\\\/vilight.vn\\\/website\\\/wp-content\\\/uploads\\\/2022\\\/05\\\/chieu_sang_trang_tri_do_thi_bang_den_led_pixel.png\",\"width\":800,\"height\":427,\"caption\":\"Vilight\"},\"image\":{\"@id\":\"https:\\\/\\\/vilight.vn\\\/website\\\/#\\\/schema\\\/logo\\\/image\\\/\"},\"sameAs\":[\"http:\\\/\\\/facebook.com\\\/vilight.vn\",\"https:\\\/\\\/www.linkedin.com\\\/company\\\/vilight-vn\",\"https:\\\/\\\/www.youtube.com\\\/channel\\\/UCEwR2naeDcuarMX1kSv_rLQ\\\/videos\"]}]}<\/script>\n<meta property=\"product:brand\" content=\"M\u00e1ng nh\u00f4m\" \/>\n<meta property=\"product:price:currency\" content=\"VND\" \/>\n<meta property=\"og:availability\" content=\"instock\" \/>\n<meta property=\"product:availability\" content=\"instock\" \/>\n<meta property=\"product:condition\" content=\"new\" \/>\n<!-- \/ Yoast SEO Premium plugin. -->","yoast_head_json":{"title":"M\u00e1ng nh\u00f4m VL-L003 m\u00e1ng \u0111\u00e8n led \u0111i\u1ec3m Pixel JD42 - Vilight Co.ltd","description":"M\u00e1ng Nh\u00f4m VL-L003 l\u00e0 m\u00e1ng \u0111\u00e8n ph\u00f9 h\u1ee3p \u0111\u1ec3 l\u1eafp \u0111\u1eb7t \u0111\u00e8n LED \u0111i\u1ec3m VL-JD42. Thi\u1ebft k\u1ebf th\u00f4ng minh v\u00e0 ch\u1ea5t li\u1ec7u nh\u00f4m ch\u1ea5t l\u01b0\u1ee3ng cao.","robots":{"index":"index","follow":"follow","max-snippet":"max-snippet:-1","max-image-preview":"max-image-preview:large","max-video-preview":"max-video-preview:-1"},"canonical":"https:\/\/vilight.vn\/website\/san-pham\/phu-kien-2\/mang-nhom\/mang-nhom-vl-l003\/","og_locale":"vi_VN","og_type":"article","og_title":"M\u00e1ng nh\u00f4m VL-L003","og_description":"M\u00e1ng Nh\u00f4m VL-L003 l\u00e0 m\u1ed9t gi\u1ea3i ph\u00e1p hi\u1ec7u qu\u1ea3 v\u00e0 \u0111\u00e1ng tin c\u1eady cho vi\u1ec7c l\u1eafp \u0111\u1eb7t v\u00e0 b\u1ea3o v\u1ec7 h\u1ec7 th\u1ed1ng \u0111\u00e8n LED \u0111i\u1ec3m VL-JD42. V\u1edbi c\u00e1c th\u00f4ng s\u1ed1 k\u1ef9 thu\u1eadt v\u01b0\u1ee3t tr\u1ed9i, m\u00e1ng nh\u00f4m n\u00e0y mang \u0111\u1ebfn s\u1ef1 \u1ed5n \u0111\u1ecbnh v\u00e0 b\u1ec1n v\u1eefng cho h\u1ec7 th\u1ed1ng chi\u1ebfu s\u00e1ng.","og_url":"https:\/\/vilight.vn\/website\/san-pham\/phu-kien-2\/mang-nhom\/mang-nhom-vl-l003\/","og_site_name":"Vilight Co.ltd","article_publisher":"http:\/\/facebook.com\/vilight.vn","article_modified_time":"2024-10-02T04:40:30+00:00","og_image":[{"width":600,"height":575,"url":"https:\/\/vilight.vn\/website\/wp-content\/uploads\/2021\/06\/L003-Logo.jpg","type":"image\/jpeg"}],"twitter_card":"summary_large_image","twitter_misc":{"Gi\u00e1":"","Kh\u1ea3 d\u1ee5ng":"Trong kho"},"schema":{"@context":"https:\/\/schema.org","@graph":[{"@type":"WebPage","@id":"https:\/\/vilight.vn\/website\/san-pham\/phu-kien-2\/mang-nhom\/mang-nhom-vl-l003\/","url":"https:\/\/vilight.vn\/website\/san-pham\/phu-kien-2\/mang-nhom\/mang-nhom-vl-l003\/","name":"M\u00e1ng nh\u00f4m VL-L003 m\u00e1ng \u0111\u00e8n led \u0111i\u1ec3m Pixel JD42 - Vilight Co.ltd","isPartOf":{"@id":"https:\/\/vilight.vn\/website\/#website"},"primaryImageOfPage":{"@id":"https:\/\/vilight.vn\/website\/san-pham\/phu-kien-2\/mang-nhom\/mang-nhom-vl-l003\/#primaryimage"},"image":{"@id":"https:\/\/vilight.vn\/website\/san-pham\/phu-kien-2\/mang-nhom\/mang-nhom-vl-l003\/#primaryimage"},"thumbnailUrl":"https:\/\/vilight.vn\/website\/wp-content\/uploads\/2021\/06\/L003-Logo.jpg","datePublished":"2021-06-27T11:25:14+00:00","dateModified":"2024-10-02T04:40:30+00:00","description":"M\u00e1ng Nh\u00f4m VL-L003 l\u00e0 m\u00e1ng \u0111\u00e8n ph\u00f9 h\u1ee3p \u0111\u1ec3 l\u1eafp \u0111\u1eb7t \u0111\u00e8n LED \u0111i\u1ec3m VL-JD42. Thi\u1ebft k\u1ebf th\u00f4ng minh v\u00e0 ch\u1ea5t li\u1ec7u nh\u00f4m ch\u1ea5t l\u01b0\u1ee3ng cao.","breadcrumb":{"@id":"https:\/\/vilight.vn\/website\/san-pham\/phu-kien-2\/mang-nhom\/mang-nhom-vl-l003\/#breadcrumb"},"inLanguage":"vi","potentialAction":[{"@type":"ReadAction","target":["https:\/\/vilight.vn\/website\/san-pham\/phu-kien-2\/mang-nhom\/mang-nhom-vl-l003\/"]}]},{"@type":"ImageObject","inLanguage":"vi","@id":"https:\/\/vilight.vn\/website\/san-pham\/phu-kien-2\/mang-nhom\/mang-nhom-vl-l003\/#primaryimage","url":"https:\/\/vilight.vn\/website\/wp-content\/uploads\/2021\/06\/L003-Logo.jpg","contentUrl":"https:\/\/vilight.vn\/website\/wp-content\/uploads\/2021\/06\/L003-Logo.jpg","width":600,"height":575,"caption":"M\u00e1ng Nh\u00f4m VL- L003"},{"@type":"BreadcrumbList","@id":"https:\/\/vilight.vn\/website\/san-pham\/phu-kien-2\/mang-nhom\/mang-nhom-vl-l003\/#breadcrumb","itemListElement":[{"@type":"ListItem","position":1,"name":"Home","item":"https:\/\/vilight.vn\/website\/"},{"@type":"ListItem","position":2,"name":"store","item":"https:\/\/vilight.vn\/website\/store\/"},{"@type":"ListItem","position":3,"name":"M\u00e1ng nh\u00f4m VL-L003"}]},{"@type":"WebSite","@id":"https:\/\/vilight.vn\/website\/#website","url":"https:\/\/vilight.vn\/website\/","name":"Vilight Co.ltd","description":"Chi\u1ebfu s\u00e1ng m\u1ef9 thu\u1eadt, chi\u1ebfu s\u00e1ng th\u00f4ng minh, LED Pixel 3D, chi\u1ebfu s\u00e1ng trang tr\u00ed \u0111\u00f4 th\u1ecb, chi\u1ebfu s\u00e1ng v\u00f2ng xoay, chi\u1ebfu s\u00e1ng \u0111\u1ea3o giao th\u00f4ng, c\u1ed5ng ch\u00e0o \u0111\u00f4 th\u1ecb","publisher":{"@id":"https:\/\/vilight.vn\/website\/#organization"},"potentialAction":[{"@type":"SearchAction","target":{"@type":"EntryPoint","urlTemplate":"https:\/\/vilight.vn\/website\/?s={search_term_string}"},"query-input":{"@type":"PropertyValueSpecification","valueRequired":true,"valueName":"search_term_string"}}],"inLanguage":"vi"},{"@type":"Organization","@id":"https:\/\/vilight.vn\/website\/#organization","name":"Vilight","url":"https:\/\/vilight.vn\/website\/","logo":{"@type":"ImageObject","inLanguage":"vi","@id":"https:\/\/vilight.vn\/website\/#\/schema\/logo\/image\/","url":"https:\/\/vilight.vn\/website\/wp-content\/uploads\/2022\/05\/chieu_sang_trang_tri_do_thi_bang_den_led_pixel.png","contentUrl":"https:\/\/vilight.vn\/website\/wp-content\/uploads\/2022\/05\/chieu_sang_trang_tri_do_thi_bang_den_led_pixel.png","width":800,"height":427,"caption":"Vilight"},"image":{"@id":"https:\/\/vilight.vn\/website\/#\/schema\/logo\/image\/"},"sameAs":["http:\/\/facebook.com\/vilight.vn","https:\/\/www.linkedin.com\/company\/vilight-vn","https:\/\/www.youtube.com\/channel\/UCEwR2naeDcuarMX1kSv_rLQ\/videos"]}]},"product_brand":"M\u00e1ng nh\u00f4m","product_price_currency":"VND","og_availability":"instock","product_availability":"instock","product_condition":"new"},"_links":{"self":[{"href":"https:\/\/vilight.vn\/website\/wp-json\/wp\/v2\/product\/1411","targetHints":{"allow":["GET"]}}],"collection":[{"href":"https:\/\/vilight.vn\/website\/wp-json\/wp\/v2\/product"}],"about":[{"href":"https:\/\/vilight.vn\/website\/wp-json\/wp\/v2\/types\/product"}],"wp:featuredmedia":[{"embeddable":true,"href":"https:\/\/vilight.vn\/website\/wp-json\/wp\/v2\/media\/1419"}],"wp:attachment":[{"href":"https:\/\/vilight.vn\/website\/wp-json\/wp\/v2\/media?parent=1411"}],"wp:term":[{"taxonomy":"product_brand","embeddable":true,"href":"https:\/\/vilight.vn\/website\/wp-json\/wp\/v2\/product_brand?post=1411"},{"taxonomy":"product_cat","embeddable":true,"href":"https:\/\/vilight.vn\/website\/wp-json\/wp\/v2\/product_cat?post=1411"},{"taxonomy":"product_tag","embeddable":true,"href":"https:\/\/vilight.vn\/website\/wp-json\/wp\/v2\/product_tag?post=1411"}],"curies":[{"name":"wp","href":"https:\/\/api.w.org\/{rel}","templated":true}]}}