{"id":1412,"date":"2021-06-27T18:25:09","date_gmt":"2021-06-27T11:25:09","guid":{"rendered":"https:\/\/vilight.vn\/website\/?post_type=product&#038;p=1412"},"modified":"2024-10-02T11:43:12","modified_gmt":"2024-10-02T04:43:12","slug":"mang-nhom-vl-l006","status":"publish","type":"product","link":"https:\/\/vilight.vn\/website\/san-pham\/phu-kien-2\/mang-nhom\/mang-nhom-vl-l006\/","title":{"rendered":"M\u00e1ng nh\u00f4m VL-L006"},"content":{"rendered":"<h2>M\u00e1ng Nh\u00f4m VL-L006: Gi\u1ea3i ph\u00e1p ho\u00e0n h\u1ea3o cho h\u1ec7 th\u1ed1ng \u0111\u00e8n LED \u0111i\u1ec3m pixel XD10<\/h2>\n<p>B\u1ea1n \u0111ang t\u00ecm ki\u1ebfm m\u1ed9t gi\u1ea3i ph\u00e1p chuy\u00ean nghi\u1ec7p \u0111\u1ec3 l\u1eafp \u0111\u1eb7t v\u00e0 b\u1ea3o v\u1ec7 h\u1ec7 th\u1ed1ng \u0111\u00e8n LED \u0111i\u1ec3m pixel XD10? H\u00e3y \u0111\u1ec3 ch\u00fang t\u00f4i gi\u1edbi thi\u1ec7u \u0111\u1ebfn b\u1ea1n M\u00e1ng Nh\u00f4m VL-L006 &#8211; m\u1ed9t s\u1ea3n ph\u1ea9m ch\u1ea5t l\u01b0\u1ee3ng cao \u0111\u01b0\u1ee3c thi\u1ebft k\u1ebf \u0111\u1eb7c bi\u1ec7t \u0111\u1ec3 \u0111\u00e1p \u1ee9ng nhu c\u1ea7u c\u1ee7a b\u1ea1n.<\/p>\n<p>V\u1edbi chi\u1ec1u cao ch\u1ec9 30 mm v\u00e0 chi\u1ec1u r\u1ed9ng 51 mm, M\u00e1ng Nh\u00f4m VL-L006 l\u00e0 m\u1ed9t l\u1ef1a ch\u1ecdn l\u00fd t\u01b0\u1edfng cho c\u00e1c \u1ee9ng d\u1ee5ng chi\u1ebfu s\u00e1ng ngo\u1ea1i th\u1ea5t, qu\u1ea3ng c\u00e1o, v\u00e0 trang tr\u00ed kh\u00f4ng gian. \u0110\u01b0\u1ee3c gia c\u00f4ng t\u1eeb nh\u00f4m ch\u1ea5t l\u01b0\u1ee3ng cao, m\u00e1ng nh\u00f4m n\u00e0y kh\u00f4ng ch\u1ec9 \u0111\u1ea3m b\u1ea3o t\u00ednh b\u1ec1n v\u1eefng m\u00e0 c\u00f2n mang l\u1ea1i s\u1ef1 \u1ed5n \u0111\u1ecbnh cho h\u1ec7 th\u1ed1ng \u0111\u00e8n LED \u0111i\u1ec3m pixel XD10 c\u1ee7a b\u1ea1n.<\/p>\n<p>M\u1ed9t trong nh\u1eefng \u01b0u \u0111i\u1ec3m n\u1ed5i b\u1eadt c\u1ee7a M\u00e1ng Nh\u00f4m VL-L006 l\u00e0 kh\u1ea3 n\u0103ng gi\u1eef g\u1ecdn c\u00e1p ngu\u1ed3n \u0111i b\u00ean trong m\u00e1ng. \u0110i\u1ec1u n\u00e0y kh\u00f4ng ch\u1ec9 gi\u00fap cho vi\u1ec7c l\u1eafp \u0111\u1eb7t tr\u1edf n\u00ean d\u1ec5 d\u00e0ng h\u01a1n m\u00e0 c\u00f2n t\u1ea1o ra m\u1ed9t giao di\u1ec7n th\u1ea9m m\u1ef9 h\u1ea5p d\u1eabn v\u00e0 g\u1ecdn g\u00e0ng. B\u1ea1n c\u00f3 th\u1ec3 y\u00ean t\u00e2m r\u1eb1ng h\u1ec7 th\u1ed1ng c\u00e1p c\u1ee7a b\u1ea1n s\u1ebd \u0111\u01b0\u1ee3c b\u1ea3o v\u1ec7 v\u00e0 duy tr\u00ec s\u1ef1 g\u1ecdn g\u00e0ng trong qu\u00e1 tr\u00ecnh s\u1eed d\u1ee5ng.<\/p>\n<p>M\u00e1ng Nh\u00f4m VL-L006 kh\u00f4ng ch\u1ec9 \u0111\u00e1p \u1ee9ng y\u00eau c\u1ea7u ch\u1ee9c n\u0103ng m\u00e0 c\u00f2n th\u1ec3 hi\u1ec7n s\u1ef1 tinh t\u1ebf trong thi\u1ebft k\u1ebf. V\u1edbi k\u00edch th\u01b0\u1edbc l\u1ed7 \u0111\u00e8n \u0111\u00fang chu\u1ea9n 32.8 mm, s\u1ea3n ph\u1ea9m n\u00e0y t\u1ea1o ra m\u1ed9t n\u1ec1n t\u1ea3ng ho\u00e0n h\u1ea3o \u0111\u1ec3 l\u1eafp \u0111\u1eb7t c\u00e1c \u0111\u00e8n LED \u0111i\u1ec3m pixel XD10. B\u1ea1n c\u00f3 th\u1ec3 tin t\u01b0\u1edfng r\u1eb1ng M\u00e1ng Nh\u00f4m VL-L006 s\u1ebd t\u1ea1o ra m\u1ed9t hi\u1ec7u \u1ee9ng \u00e1nh s\u00e1ng \u0111\u1eb9p m\u1eaft v\u00e0 ph\u00f9 h\u1ee3p v\u1edbi mong mu\u1ed1n c\u1ee7a b\u1ea1n.<\/p>\n<p>D\u1ec5 d\u00e0ng l\u1eafp \u0111\u1eb7t, b\u1ec1n b\u1ec9 v\u00e0 \u0111\u00e1ng tin c\u1eady, M\u00e1ng Nh\u00f4m VL-L006 l\u00e0 m\u1ed9t gi\u1ea3i ph\u00e1p ho\u00e0n h\u1ea3o cho vi\u1ec7c l\u1eafp \u0111\u1eb7t v\u00e0 b\u1ea3o v\u1ec7 h\u1ec7 th\u1ed1ng \u0111\u00e8n LED \u0111i\u1ec3m pixel XD10. V\u1edbi s\u1ea3n ph\u1ea9m n\u00e0y, b\u1ea1n c\u00f3 th\u1ec3 y\u00ean t\u00e2m v\u1ec1 s\u1ef1 \u1ed5n \u0111\u1ecbnh v\u00e0 b\u1ec1n v\u1eefng c\u1ee7a h\u1ec7 th\u1ed1ng, \u0111\u1ed3ng th\u1eddi t\u1eadn h\u01b0\u1edfng nh\u1eefng \u01b0u \u0111i\u1ec3m th\u1ea9m m\u1ef9 m\u00e0 m\u00e1ng nh\u00f4m mang l\u1ea1i.<\/p>\n<p>H\u00e3y ch\u1ecdn M\u00e1ng Nh\u00f4m VL-L006 v\u00e0 t\u1eadn h\u01b0\u1edfng nh\u1eefng \u00e1nh s\u00e1ng LED tuy\u1ec7t v\u1eddi trong kh\u00f4ng gian c\u1ee7a b\u1ea1n!<\/p>\n<p><a href=\"https:\/\/vilight.vn\/website\/wp-content\/uploads\/2021\/06\/L006.jpg\"><img decoding=\"async\" class=\"wp-image-1420 aligncenter lazyload\" data-src=\"https:\/\/vilight.vn\/website\/wp-content\/uploads\/2021\/06\/L006.jpg\" alt=\"M\u00e1ng Nh\u00f4m VL-L006\" width=\"1500\" height=\"400\" data-srcset=\"https:\/\/vilight.vn\/website\/wp-content\/uploads\/2021\/06\/L006.jpg 1200w, https:\/\/vilight.vn\/website\/wp-content\/uploads\/2021\/06\/L006-800x213.jpg 800w, https:\/\/vilight.vn\/website\/wp-content\/uploads\/2021\/06\/L006-300x80.jpg 300w, https:\/\/vilight.vn\/website\/wp-content\/uploads\/2021\/06\/L006-1024x273.jpg 1024w, https:\/\/vilight.vn\/website\/wp-content\/uploads\/2021\/06\/L006-768x205.jpg 768w, https:\/\/vilight.vn\/website\/wp-content\/uploads\/2021\/06\/L006-16x4.jpg 16w, https:\/\/vilight.vn\/website\/wp-content\/uploads\/2021\/06\/L006-260x69.jpg 260w, https:\/\/vilight.vn\/website\/wp-content\/uploads\/2021\/06\/L006-50x13.jpg 50w, https:\/\/vilight.vn\/website\/wp-content\/uploads\/2021\/06\/L006-150x40.jpg 150w, https:\/\/vilight.vn\/website\/wp-content\/uploads\/2021\/06\/L006-600x160.jpg 600w\" data-sizes=\"(max-width:767px) 480px, (max-width:1500px) 100vw, 1500px\" src=\"data:image\/svg+xml;base64,PHN2ZyB3aWR0aD0iMSIgaGVpZ2h0PSIxIiB4bWxucz0iaHR0cDovL3d3dy53My5vcmcvMjAwMC9zdmciPjwvc3ZnPg==\" style=\"--smush-placeholder-width: 1500px; --smush-placeholder-aspect-ratio: 1500\/400;\" \/><\/a><\/p>\n<p><span style=\"color: #ffffff;\">M\u00e1ng L006. m\u00e1ng \u0111\u00e8n led \u0111i\u1ec3m L006. M\u00e1ng \u0111\u00e8n led \u0111i\u1ec3m pixel XD10.\u00a0<\/span><\/p>\n","protected":false},"excerpt":{"rendered":"<p style=\"text-align: justify;\"><span style=\"font-size: 14pt;\">M\u00e1ng nh\u00f4m VL-L006 \u0111\u01b0\u1ee3c s\u1eed d\u1ee5ng cho <a href=\"https:\/\/vilight.vn\/website\/san-pham\/den-led-pixel\/den-diem-led-dot\/xd-series\/den-led-diem-vl-xd10\/\">\u0111\u00e8n LED \u0111i\u1ec3m VL-XD10<\/a>. M\u1ed7i thanh m\u00e1ng nh\u00f4m c\u00f3 k\u00edch th\u01b0\u1edbc 1000 mm c\u00f3 10 l\u1ed7 (32.8\u00d732.8 mm). K\u00edch th\u01b0\u1edbc l\u1ed7 c\u00f3 th\u1ec3 t\u00f9y ch\u1ec9nh theo y\u00eau c\u1ea7u \u0111\u1eb7t h\u00e0ng.<\/span><\/p>\n","protected":false},"featured_media":1421,"template":"","meta":[],"product_brand":[],"product_cat":[195,194],"product_tag":[467],"class_list":{"0":"post-1412","1":"product","2":"type-product","3":"status-publish","4":"has-post-thumbnail","6":"product_cat-mang-nhom","7":"product_cat-phu-kien-2","8":"product_tag-mang-nhom-vl-l006","10":"first","11":"instock","12":"taxable","13":"shipping-taxable","14":"product-type-simple"},"yoast_head":"<!-- This site is optimized with the Yoast SEO Premium plugin v27.4 (Yoast SEO v27.4) - https:\/\/yoast.com\/product\/yoast-seo-premium-wordpress\/ -->\n<title>M\u00e1ng nh\u00f4m VL-L006 - Vilight Co.ltd<\/title>\n<meta name=\"description\" content=\"M\u00e1ng Nh\u00f4m VL-L006 l\u00e0 m\u00e1ng \u0111\u00e8n ph\u00f9 h\u1ee3p \u0111\u1ec3 l\u1eafp \u0111\u1eb7t \u0111\u00e8n LED \u0111i\u1ec3m VL-XD10. L\u1eafp \u0111\u1eb7t d\u1ec5 d\u00e0ng, ch\u1ea5t li\u1ec7u nh\u00f4m b\u1ec1n b\u1ec9, t\u1ea1o \u00e1nh s\u00e1ng \u0111\u1eb9p m\u1eaft v\u00e0 g\u1ecdn g\u00e0ng.\" \/>\n<meta name=\"robots\" content=\"index, follow, max-snippet:-1, max-image-preview:large, max-video-preview:-1\" \/>\n<link rel=\"canonical\" href=\"https:\/\/vilight.vn\/website\/san-pham\/phu-kien-2\/mang-nhom\/mang-nhom-vl-l006\/\" \/>\n<meta property=\"og:locale\" content=\"vi_VN\" \/>\n<meta property=\"og:type\" content=\"article\" \/>\n<meta property=\"og:title\" content=\"M\u00e1ng nh\u00f4m VL-L006\" \/>\n<meta property=\"og:description\" content=\"M\u00e1ng nh\u00f4m VL-L006 \u0111\u01b0\u1ee3c s\u1eed d\u1ee5ng cho \u0111\u00e8n LED \u0111i\u1ec3m VL-XD10. M\u1ed7i thanh m\u00e1ng nh\u00f4m c\u00f3 k\u00edch th\u01b0\u1edbc 1000 mm c\u00f3 10 l\u1ed7 (32.8\u00d732.8 mm). K\u00edch th\u01b0\u1edbc l\u1ed7 c\u00f3 th\u1ec3 t\u00f9y ch\u1ec9nh theo y\u00eau c\u1ea7u \u0111\u1eb7t h\u00e0ng.\" \/>\n<meta property=\"og:url\" content=\"https:\/\/vilight.vn\/website\/san-pham\/phu-kien-2\/mang-nhom\/mang-nhom-vl-l006\/\" \/>\n<meta property=\"og:site_name\" content=\"Vilight Co.ltd\" \/>\n<meta property=\"article:publisher\" content=\"http:\/\/facebook.com\/vilight.vn\" \/>\n<meta property=\"article:modified_time\" content=\"2024-10-02T04:43:12+00:00\" \/>\n<meta property=\"og:image\" content=\"https:\/\/vilight.vn\/website\/wp-content\/uploads\/2021\/06\/L006-Logo.jpg\" \/>\n\t<meta property=\"og:image:width\" content=\"600\" \/>\n\t<meta property=\"og:image:height\" content=\"600\" \/>\n\t<meta property=\"og:image:type\" content=\"image\/jpeg\" \/>\n<meta name=\"twitter:card\" content=\"summary_large_image\" \/>\n<meta name=\"twitter:label1\" content=\"Gi\u00e1\" \/>\n\t<meta name=\"twitter:data1\" content=\"\" \/>\n\t<meta name=\"twitter:label2\" content=\"Kh\u1ea3 d\u1ee5ng\" \/>\n\t<meta name=\"twitter:data2\" content=\"Trong kho\" \/>\n<script type=\"application\/ld+json\" class=\"yoast-schema-graph\">{\"@context\":\"https:\\\/\\\/schema.org\",\"@graph\":[{\"@type\":\"WebPage\",\"@id\":\"https:\\\/\\\/vilight.vn\\\/website\\\/san-pham\\\/phu-kien-2\\\/mang-nhom\\\/mang-nhom-vl-l006\\\/\",\"url\":\"https:\\\/\\\/vilight.vn\\\/website\\\/san-pham\\\/phu-kien-2\\\/mang-nhom\\\/mang-nhom-vl-l006\\\/\",\"name\":\"M\u00e1ng nh\u00f4m VL-L006 - Vilight Co.ltd\",\"isPartOf\":{\"@id\":\"https:\\\/\\\/vilight.vn\\\/website\\\/#website\"},\"primaryImageOfPage\":{\"@id\":\"https:\\\/\\\/vilight.vn\\\/website\\\/san-pham\\\/phu-kien-2\\\/mang-nhom\\\/mang-nhom-vl-l006\\\/#primaryimage\"},\"image\":{\"@id\":\"https:\\\/\\\/vilight.vn\\\/website\\\/san-pham\\\/phu-kien-2\\\/mang-nhom\\\/mang-nhom-vl-l006\\\/#primaryimage\"},\"thumbnailUrl\":\"https:\\\/\\\/vilight.vn\\\/website\\\/wp-content\\\/uploads\\\/2021\\\/06\\\/L006-Logo.jpg\",\"datePublished\":\"2021-06-27T11:25:09+00:00\",\"dateModified\":\"2024-10-02T04:43:12+00:00\",\"description\":\"M\u00e1ng Nh\u00f4m VL-L006 l\u00e0 m\u00e1ng \u0111\u00e8n ph\u00f9 h\u1ee3p \u0111\u1ec3 l\u1eafp \u0111\u1eb7t \u0111\u00e8n LED \u0111i\u1ec3m VL-XD10. L\u1eafp \u0111\u1eb7t d\u1ec5 d\u00e0ng, ch\u1ea5t li\u1ec7u nh\u00f4m b\u1ec1n b\u1ec9, t\u1ea1o \u00e1nh s\u00e1ng \u0111\u1eb9p m\u1eaft v\u00e0 g\u1ecdn g\u00e0ng.\",\"breadcrumb\":{\"@id\":\"https:\\\/\\\/vilight.vn\\\/website\\\/san-pham\\\/phu-kien-2\\\/mang-nhom\\\/mang-nhom-vl-l006\\\/#breadcrumb\"},\"inLanguage\":\"vi\",\"potentialAction\":[{\"@type\":\"ReadAction\",\"target\":[\"https:\\\/\\\/vilight.vn\\\/website\\\/san-pham\\\/phu-kien-2\\\/mang-nhom\\\/mang-nhom-vl-l006\\\/\"]}]},{\"@type\":\"ImageObject\",\"inLanguage\":\"vi\",\"@id\":\"https:\\\/\\\/vilight.vn\\\/website\\\/san-pham\\\/phu-kien-2\\\/mang-nhom\\\/mang-nhom-vl-l006\\\/#primaryimage\",\"url\":\"https:\\\/\\\/vilight.vn\\\/website\\\/wp-content\\\/uploads\\\/2021\\\/06\\\/L006-Logo.jpg\",\"contentUrl\":\"https:\\\/\\\/vilight.vn\\\/website\\\/wp-content\\\/uploads\\\/2021\\\/06\\\/L006-Logo.jpg\",\"width\":600,\"height\":600,\"caption\":\"M\u00e1ng Nh\u00f4m VL-L006\"},{\"@type\":\"BreadcrumbList\",\"@id\":\"https:\\\/\\\/vilight.vn\\\/website\\\/san-pham\\\/phu-kien-2\\\/mang-nhom\\\/mang-nhom-vl-l006\\\/#breadcrumb\",\"itemListElement\":[{\"@type\":\"ListItem\",\"position\":1,\"name\":\"Home\",\"item\":\"https:\\\/\\\/vilight.vn\\\/website\\\/\"},{\"@type\":\"ListItem\",\"position\":2,\"name\":\"store\",\"item\":\"https:\\\/\\\/vilight.vn\\\/website\\\/store\\\/\"},{\"@type\":\"ListItem\",\"position\":3,\"name\":\"M\u00e1ng nh\u00f4m VL-L006\"}]},{\"@type\":\"WebSite\",\"@id\":\"https:\\\/\\\/vilight.vn\\\/website\\\/#website\",\"url\":\"https:\\\/\\\/vilight.vn\\\/website\\\/\",\"name\":\"Vilight Co.ltd\",\"description\":\"Chi\u1ebfu s\u00e1ng m\u1ef9 thu\u1eadt, chi\u1ebfu s\u00e1ng th\u00f4ng minh, LED Pixel 3D, chi\u1ebfu s\u00e1ng trang tr\u00ed \u0111\u00f4 th\u1ecb, chi\u1ebfu s\u00e1ng v\u00f2ng xoay, chi\u1ebfu s\u00e1ng \u0111\u1ea3o giao th\u00f4ng, c\u1ed5ng ch\u00e0o \u0111\u00f4 th\u1ecb\",\"publisher\":{\"@id\":\"https:\\\/\\\/vilight.vn\\\/website\\\/#organization\"},\"potentialAction\":[{\"@type\":\"SearchAction\",\"target\":{\"@type\":\"EntryPoint\",\"urlTemplate\":\"https:\\\/\\\/vilight.vn\\\/website\\\/?s={search_term_string}\"},\"query-input\":{\"@type\":\"PropertyValueSpecification\",\"valueRequired\":true,\"valueName\":\"search_term_string\"}}],\"inLanguage\":\"vi\"},{\"@type\":\"Organization\",\"@id\":\"https:\\\/\\\/vilight.vn\\\/website\\\/#organization\",\"name\":\"Vilight\",\"url\":\"https:\\\/\\\/vilight.vn\\\/website\\\/\",\"logo\":{\"@type\":\"ImageObject\",\"inLanguage\":\"vi\",\"@id\":\"https:\\\/\\\/vilight.vn\\\/website\\\/#\\\/schema\\\/logo\\\/image\\\/\",\"url\":\"https:\\\/\\\/vilight.vn\\\/website\\\/wp-content\\\/uploads\\\/2022\\\/05\\\/chieu_sang_trang_tri_do_thi_bang_den_led_pixel.png\",\"contentUrl\":\"https:\\\/\\\/vilight.vn\\\/website\\\/wp-content\\\/uploads\\\/2022\\\/05\\\/chieu_sang_trang_tri_do_thi_bang_den_led_pixel.png\",\"width\":800,\"height\":427,\"caption\":\"Vilight\"},\"image\":{\"@id\":\"https:\\\/\\\/vilight.vn\\\/website\\\/#\\\/schema\\\/logo\\\/image\\\/\"},\"sameAs\":[\"http:\\\/\\\/facebook.com\\\/vilight.vn\",\"https:\\\/\\\/www.linkedin.com\\\/company\\\/vilight-vn\",\"https:\\\/\\\/www.youtube.com\\\/channel\\\/UCEwR2naeDcuarMX1kSv_rLQ\\\/videos\"]}]}<\/script>\n<meta property=\"product:brand\" content=\"M\u00e1ng nh\u00f4m\" \/>\n<meta property=\"product:price:currency\" content=\"VND\" \/>\n<meta property=\"og:availability\" content=\"instock\" \/>\n<meta property=\"product:availability\" content=\"instock\" \/>\n<meta property=\"product:condition\" content=\"new\" \/>\n<!-- \/ Yoast SEO Premium plugin. -->","yoast_head_json":{"title":"M\u00e1ng nh\u00f4m VL-L006 - Vilight Co.ltd","description":"M\u00e1ng Nh\u00f4m VL-L006 l\u00e0 m\u00e1ng \u0111\u00e8n ph\u00f9 h\u1ee3p \u0111\u1ec3 l\u1eafp \u0111\u1eb7t \u0111\u00e8n LED \u0111i\u1ec3m VL-XD10. L\u1eafp \u0111\u1eb7t d\u1ec5 d\u00e0ng, ch\u1ea5t li\u1ec7u nh\u00f4m b\u1ec1n b\u1ec9, t\u1ea1o \u00e1nh s\u00e1ng \u0111\u1eb9p m\u1eaft v\u00e0 g\u1ecdn g\u00e0ng.","robots":{"index":"index","follow":"follow","max-snippet":"max-snippet:-1","max-image-preview":"max-image-preview:large","max-video-preview":"max-video-preview:-1"},"canonical":"https:\/\/vilight.vn\/website\/san-pham\/phu-kien-2\/mang-nhom\/mang-nhom-vl-l006\/","og_locale":"vi_VN","og_type":"article","og_title":"M\u00e1ng nh\u00f4m VL-L006","og_description":"M\u00e1ng nh\u00f4m VL-L006 \u0111\u01b0\u1ee3c s\u1eed d\u1ee5ng cho \u0111\u00e8n LED \u0111i\u1ec3m VL-XD10. M\u1ed7i thanh m\u00e1ng nh\u00f4m c\u00f3 k\u00edch th\u01b0\u1edbc 1000 mm c\u00f3 10 l\u1ed7 (32.8\u00d732.8 mm). K\u00edch th\u01b0\u1edbc l\u1ed7 c\u00f3 th\u1ec3 t\u00f9y ch\u1ec9nh theo y\u00eau c\u1ea7u \u0111\u1eb7t h\u00e0ng.","og_url":"https:\/\/vilight.vn\/website\/san-pham\/phu-kien-2\/mang-nhom\/mang-nhom-vl-l006\/","og_site_name":"Vilight Co.ltd","article_publisher":"http:\/\/facebook.com\/vilight.vn","article_modified_time":"2024-10-02T04:43:12+00:00","og_image":[{"width":600,"height":600,"url":"https:\/\/vilight.vn\/website\/wp-content\/uploads\/2021\/06\/L006-Logo.jpg","type":"image\/jpeg"}],"twitter_card":"summary_large_image","twitter_misc":{"Gi\u00e1":"","Kh\u1ea3 d\u1ee5ng":"Trong kho"},"schema":{"@context":"https:\/\/schema.org","@graph":[{"@type":"WebPage","@id":"https:\/\/vilight.vn\/website\/san-pham\/phu-kien-2\/mang-nhom\/mang-nhom-vl-l006\/","url":"https:\/\/vilight.vn\/website\/san-pham\/phu-kien-2\/mang-nhom\/mang-nhom-vl-l006\/","name":"M\u00e1ng nh\u00f4m VL-L006 - Vilight Co.ltd","isPartOf":{"@id":"https:\/\/vilight.vn\/website\/#website"},"primaryImageOfPage":{"@id":"https:\/\/vilight.vn\/website\/san-pham\/phu-kien-2\/mang-nhom\/mang-nhom-vl-l006\/#primaryimage"},"image":{"@id":"https:\/\/vilight.vn\/website\/san-pham\/phu-kien-2\/mang-nhom\/mang-nhom-vl-l006\/#primaryimage"},"thumbnailUrl":"https:\/\/vilight.vn\/website\/wp-content\/uploads\/2021\/06\/L006-Logo.jpg","datePublished":"2021-06-27T11:25:09+00:00","dateModified":"2024-10-02T04:43:12+00:00","description":"M\u00e1ng Nh\u00f4m VL-L006 l\u00e0 m\u00e1ng \u0111\u00e8n ph\u00f9 h\u1ee3p \u0111\u1ec3 l\u1eafp \u0111\u1eb7t \u0111\u00e8n LED \u0111i\u1ec3m VL-XD10. L\u1eafp \u0111\u1eb7t d\u1ec5 d\u00e0ng, ch\u1ea5t li\u1ec7u nh\u00f4m b\u1ec1n b\u1ec9, t\u1ea1o \u00e1nh s\u00e1ng \u0111\u1eb9p m\u1eaft v\u00e0 g\u1ecdn g\u00e0ng.","breadcrumb":{"@id":"https:\/\/vilight.vn\/website\/san-pham\/phu-kien-2\/mang-nhom\/mang-nhom-vl-l006\/#breadcrumb"},"inLanguage":"vi","potentialAction":[{"@type":"ReadAction","target":["https:\/\/vilight.vn\/website\/san-pham\/phu-kien-2\/mang-nhom\/mang-nhom-vl-l006\/"]}]},{"@type":"ImageObject","inLanguage":"vi","@id":"https:\/\/vilight.vn\/website\/san-pham\/phu-kien-2\/mang-nhom\/mang-nhom-vl-l006\/#primaryimage","url":"https:\/\/vilight.vn\/website\/wp-content\/uploads\/2021\/06\/L006-Logo.jpg","contentUrl":"https:\/\/vilight.vn\/website\/wp-content\/uploads\/2021\/06\/L006-Logo.jpg","width":600,"height":600,"caption":"M\u00e1ng Nh\u00f4m VL-L006"},{"@type":"BreadcrumbList","@id":"https:\/\/vilight.vn\/website\/san-pham\/phu-kien-2\/mang-nhom\/mang-nhom-vl-l006\/#breadcrumb","itemListElement":[{"@type":"ListItem","position":1,"name":"Home","item":"https:\/\/vilight.vn\/website\/"},{"@type":"ListItem","position":2,"name":"store","item":"https:\/\/vilight.vn\/website\/store\/"},{"@type":"ListItem","position":3,"name":"M\u00e1ng nh\u00f4m VL-L006"}]},{"@type":"WebSite","@id":"https:\/\/vilight.vn\/website\/#website","url":"https:\/\/vilight.vn\/website\/","name":"Vilight Co.ltd","description":"Chi\u1ebfu s\u00e1ng m\u1ef9 thu\u1eadt, chi\u1ebfu s\u00e1ng th\u00f4ng minh, LED Pixel 3D, chi\u1ebfu s\u00e1ng trang tr\u00ed \u0111\u00f4 th\u1ecb, chi\u1ebfu s\u00e1ng v\u00f2ng xoay, chi\u1ebfu s\u00e1ng \u0111\u1ea3o giao th\u00f4ng, c\u1ed5ng ch\u00e0o \u0111\u00f4 th\u1ecb","publisher":{"@id":"https:\/\/vilight.vn\/website\/#organization"},"potentialAction":[{"@type":"SearchAction","target":{"@type":"EntryPoint","urlTemplate":"https:\/\/vilight.vn\/website\/?s={search_term_string}"},"query-input":{"@type":"PropertyValueSpecification","valueRequired":true,"valueName":"search_term_string"}}],"inLanguage":"vi"},{"@type":"Organization","@id":"https:\/\/vilight.vn\/website\/#organization","name":"Vilight","url":"https:\/\/vilight.vn\/website\/","logo":{"@type":"ImageObject","inLanguage":"vi","@id":"https:\/\/vilight.vn\/website\/#\/schema\/logo\/image\/","url":"https:\/\/vilight.vn\/website\/wp-content\/uploads\/2022\/05\/chieu_sang_trang_tri_do_thi_bang_den_led_pixel.png","contentUrl":"https:\/\/vilight.vn\/website\/wp-content\/uploads\/2022\/05\/chieu_sang_trang_tri_do_thi_bang_den_led_pixel.png","width":800,"height":427,"caption":"Vilight"},"image":{"@id":"https:\/\/vilight.vn\/website\/#\/schema\/logo\/image\/"},"sameAs":["http:\/\/facebook.com\/vilight.vn","https:\/\/www.linkedin.com\/company\/vilight-vn","https:\/\/www.youtube.com\/channel\/UCEwR2naeDcuarMX1kSv_rLQ\/videos"]}]},"product_brand":"M\u00e1ng nh\u00f4m","product_price_currency":"VND","og_availability":"instock","product_availability":"instock","product_condition":"new"},"_links":{"self":[{"href":"https:\/\/vilight.vn\/website\/wp-json\/wp\/v2\/product\/1412","targetHints":{"allow":["GET"]}}],"collection":[{"href":"https:\/\/vilight.vn\/website\/wp-json\/wp\/v2\/product"}],"about":[{"href":"https:\/\/vilight.vn\/website\/wp-json\/wp\/v2\/types\/product"}],"wp:featuredmedia":[{"embeddable":true,"href":"https:\/\/vilight.vn\/website\/wp-json\/wp\/v2\/media\/1421"}],"wp:attachment":[{"href":"https:\/\/vilight.vn\/website\/wp-json\/wp\/v2\/media?parent=1412"}],"wp:term":[{"taxonomy":"product_brand","embeddable":true,"href":"https:\/\/vilight.vn\/website\/wp-json\/wp\/v2\/product_brand?post=1412"},{"taxonomy":"product_cat","embeddable":true,"href":"https:\/\/vilight.vn\/website\/wp-json\/wp\/v2\/product_cat?post=1412"},{"taxonomy":"product_tag","embeddable":true,"href":"https:\/\/vilight.vn\/website\/wp-json\/wp\/v2\/product_tag?post=1412"}],"curies":[{"name":"wp","href":"https:\/\/api.w.org\/{rel}","templated":true}]}}