{"id":1413,"date":"2021-06-27T18:25:05","date_gmt":"2021-06-27T11:25:05","guid":{"rendered":"https:\/\/vilight.vn\/website\/?post_type=product&#038;p=1413"},"modified":"2024-10-02T11:44:25","modified_gmt":"2024-10-02T04:44:25","slug":"mang-nhom-vl-l009","status":"publish","type":"product","link":"https:\/\/vilight.vn\/website\/san-pham\/phu-kien-2\/mang-nhom\/mang-nhom-vl-l009\/","title":{"rendered":"M\u00e1ng nh\u00f4m VL-L009"},"content":{"rendered":"<h2 style=\"text-align: justify;\"><span style=\"font-size: 18pt;\">M\u00e1ng Nh\u00f4m VL-L009: Gi\u1ea3i ph\u00e1p hi\u1ec7n \u0111\u1ea1i cho vi\u1ec7c l\u1eafp \u0111\u1eb7t \u0111\u00e8n ngo\u00e0i tr\u1eddi<\/span><\/h2>\n<p style=\"text-align: justify;\"><span style=\"font-size: 14pt;\">B\u1ea1n \u0111ang t\u00ecm ki\u1ebfm m\u1ed9t gi\u1ea3i ph\u00e1p hi\u1ec7u qu\u1ea3 v\u00e0 ti\u1ec7n l\u1ee3i \u0111\u1ec3 l\u1eafp \u0111\u1eb7t \u0111\u00e8n ngo\u00e0i tr\u1eddi? M\u00e1ng Nh\u00f4m VL-L009 s\u1ebd l\u00e0 l\u1ef1a ch\u1ecdn ho\u00e0n h\u1ea3o d\u00e0nh cho b\u1ea1n. V\u1edbi thi\u1ebft k\u1ebf th\u00f4ng minh v\u00e0 ch\u1ea5t li\u1ec7u nh\u00f4m ch\u1ea5t l\u01b0\u1ee3ng cao, s\u1ea3n ph\u1ea9m n\u00e0y s\u1ebd gi\u00fap cho qu\u00e1 tr\u00ecnh l\u1eafp \u0111\u1eb7t \u0111\u00e8n v\u00e0 c\u00e1p ngu\u1ed3n, c\u00e1p t\u00edn hi\u1ec7u tr\u1edf n\u00ean g\u1ecdn g\u00e0ng v\u00e0 nhanh ch\u00f3ng h\u01a1n bao gi\u1edd h\u1ebft.<\/span><\/p>\n<p style=\"text-align: justify;\"><span style=\"font-size: 14pt;\">M\u00e1ng Nh\u00f4m VL-L009 c\u00f3 chi\u1ec1u cao 24mm, chi\u1ec1u r\u1ed9ng 48mm v\u00e0 d\u00e0y 0.8mm, t\u1ea1o ra m\u1ed9t khung c\u1ea5u tr\u00fac v\u1eefng ch\u1eafc nh\u01b0ng nh\u1eb9 nh\u00e0ng. M\u1ed7i m\u00e1ng nh\u00f4m \u0111\u01b0\u1ee3c thi\u1ebft k\u1ebf v\u1edbi 10 l\u1ed7 l\u1eafp \u0111\u00e8n c\u00f3 \u0111\u01b0\u1eddng k\u00ednh 30.5mm, l\u00fd t\u01b0\u1edfng cho vi\u1ec7c l\u1eafp \u0111\u1eb7t 10 \u0111\u00e8n WD 38mm. \u0110i\u1ec1u n\u00e0y \u0111\u1ea3m b\u1ea3o s\u1ef1 ph\u00e2n b\u1ed5 \u00e1nh s\u00e1ng \u0111\u1ed3ng \u0111\u1ec1u v\u00e0 t\u1ed1i \u01b0u, mang l\u1ea1i kh\u00f4ng gian s\u00e1ng r\u1ef1c r\u1ee1 cho kh\u00f4ng gian ngo\u00e0i tr\u1eddi c\u1ee7a b\u1ea1n.<\/span><\/p>\n<p style=\"text-align: justify;\"><span style=\"font-size: 14pt;\">S\u1ea3n ph\u1ea9m g\u1ed3m hai ph\u1ea7n ch\u00ednh: n\u1eafp m\u00e1ng nh\u00f4m v\u00e0 ph\u00e2n th\u00e2n m\u00e1ng nh\u00f4m. Hai ph\u1ea7n n\u00e0y \u0111\u01b0\u1ee3c k\u1ebft n\u1ed1i v\u1edbi nhau b\u1eb1ng kh\u1edbp n\u1ed1i th\u00f4ng minh, gi\u00fap b\u1ea1n d\u1ec5 d\u00e0ng l\u1eafp \u0111\u1eb7t v\u00e0 th\u00e1o r\u1eddi khi c\u1ea7n thi\u1ebft. Qu\u00e1 tr\u00ecnh l\u1eafp \u0111\u1eb7t \u0111\u00e8n v\u00e0 c\u00e1p ngu\u1ed3n, c\u00e1p t\u00edn hi\u1ec7u tr\u1edf n\u00ean \u0111\u01a1n gi\u1ea3n v\u00e0 ti\u1ebft ki\u1ec7m th\u1eddi gian, gi\u00fap b\u1ea1n ho\u00e0n th\u00e0nh c\u00f4ng vi\u1ec7c m\u1ed9t c\u00e1ch thu\u1eadn ti\u1ec7n v\u00e0 hi\u1ec7u qu\u1ea3.<\/span><\/p>\n<p style=\"text-align: justify;\"><span style=\"font-size: 14pt;\">Kh\u00f4ng ch\u1ec9 v\u01b0\u1ee3t tr\u1ed9i v\u1ec1 t\u00ednh n\u0103ng v\u00e0 thi\u1ebft k\u1ebf, M\u00e1ng Nh\u00f4m VL-L009 c\u00f2n \u0111\u01b0\u1ee3c ch\u1ebf t\u1ea1o v\u1edbi ch\u1ea5t li\u1ec7u nh\u00f4m ch\u1ea5t l\u01b0\u1ee3ng cao, \u0111\u1ea3m b\u1ea3o \u0111\u1ed9 b\u1ec1n b\u1ec9 khi s\u1eed d\u1ee5ng ngo\u00e0i tr\u1eddi. S\u1ea3n ph\u1ea9m c\u00f3 kh\u1ea3 n\u0103ng ch\u1ecbu n\u01b0\u1edbc, ch\u1ed1ng \u0103n m\u00f2n v\u00e0 kh\u00e1ng UV, \u0111\u1ea3m b\u1ea3o \u0111\u1ed9 tin c\u1eady v\u00e0 tu\u1ed5i th\u1ecd cao trong m\u1ecdi \u0111i\u1ec1u ki\u1ec7n th\u1eddi ti\u1ebft kh\u1eafc nghi\u1ec7t.<\/span><\/p>\n<p style=\"text-align: justify;\"><span style=\"font-size: 14pt;\">V\u1edbi M\u00e1ng Nh\u00f4m VL-L009, b\u1ea1n s\u1ebd c\u00f3 m\u1ed9t gi\u1ea3i ph\u00e1p ho\u00e0n h\u1ea3o cho vi\u1ec7c l\u1eafp \u0111\u1eb7t \u0111\u00e8n ngo\u00e0i tr\u1eddi. Kh\u00f4ng ch\u1ec9 mang l\u1ea1i \u00e1nh s\u00e1ng ch\u1ea5t l\u01b0\u1ee3ng v\u00e0 \u0111\u1ed3ng \u0111\u1ec1u, m\u00e0 s\u1ea3n ph\u1ea9m c\u00f2n t\u1ea1o n\u00ean s\u1ef1 g\u1ecdn g\u00e0ng v\u00e0 n<\/span><\/p>\n<p style=\"text-align: justify;\"><span style=\"font-size: 14pt;\">hanh ch\u00f3ng trong qu\u00e1 tr\u00ecnh l\u1eafp \u0111\u1eb7t. H\u00e3y \u0111\u1ea7u t\u01b0 v\u00e0o s\u1ea3n ph\u1ea9m n\u00e0y v\u00e0 trang tr\u00ed kh\u00f4ng gian ngo\u00e0i tr\u1eddi c\u1ee7a b\u1ea1n v\u1edbi phong c\u00e1ch v\u00e0 hi\u1ec7u qu\u1ea3.<\/span><\/p>\n<p style=\"text-align: justify;\"><span style=\"font-size: 14pt;\"><a href=\"https:\/\/vilight.vn\/website\/wp-content\/uploads\/2021\/06\/L009.jpg\"><img decoding=\"async\" class=\"wp-image-1422 aligncenter lazyload\" data-src=\"https:\/\/vilight.vn\/website\/wp-content\/uploads\/2021\/06\/L009.jpg\" alt=\"M\u00e1ng Nh\u00f4m VL-L009\" width=\"1500\" height=\"406\" data-srcset=\"https:\/\/vilight.vn\/website\/wp-content\/uploads\/2021\/06\/L009.jpg 1200w, https:\/\/vilight.vn\/website\/wp-content\/uploads\/2021\/06\/L009-800x217.jpg 800w, https:\/\/vilight.vn\/website\/wp-content\/uploads\/2021\/06\/L009-300x81.jpg 300w, https:\/\/vilight.vn\/website\/wp-content\/uploads\/2021\/06\/L009-1024x277.jpg 1024w, https:\/\/vilight.vn\/website\/wp-content\/uploads\/2021\/06\/L009-768x208.jpg 768w, https:\/\/vilight.vn\/website\/wp-content\/uploads\/2021\/06\/L009-16x4.jpg 16w, https:\/\/vilight.vn\/website\/wp-content\/uploads\/2021\/06\/L009-260x70.jpg 260w, https:\/\/vilight.vn\/website\/wp-content\/uploads\/2021\/06\/L009-50x14.jpg 50w, https:\/\/vilight.vn\/website\/wp-content\/uploads\/2021\/06\/L009-150x41.jpg 150w, https:\/\/vilight.vn\/website\/wp-content\/uploads\/2021\/06\/L009-600x163.jpg 600w\" data-sizes=\"(max-width:767px) 480px, (max-width:1500px) 100vw, 1500px\" src=\"data:image\/svg+xml;base64,PHN2ZyB3aWR0aD0iMSIgaGVpZ2h0PSIxIiB4bWxucz0iaHR0cDovL3d3dy53My5vcmcvMjAwMC9zdmciPjwvc3ZnPg==\" style=\"--smush-placeholder-width: 1500px; --smush-placeholder-aspect-ratio: 1500\/406;\" \/><\/a><\/span><\/p>\n<p style=\"text-align: justify;\">\n","protected":false},"excerpt":{"rendered":"<p style=\"text-align: justify;\"><span style=\"font-size: 14pt;\">M\u00e1ng nh\u00f4m L009 \u0111\u01b0\u1ee3c s\u1eed d\u1ee5ng cho \u0111\u00e8n LED \u0111i\u1ec3m <a href=\"https:\/\/vilight.vn\/website\/san-pham\/den-led-pixel\/den-diem-led-dot\/wd-series\/den-led-diem-vl-wd38\/\">VL-WD38<\/a>\/<a href=\"https:\/\/vilight.vn\/website\/san-pham\/den-led-pixel\/den-diem-led-dot\/ad-series\/den-led-diem-vl-ad10\/\">VL-AD10<\/a>. M\u1ed7i thanh m\u00e1ng nh\u00f4m c\u00f3 k\u00edch th\u01b0\u1edbc 1000 mm c\u00f3 10 l\u1ed7 (\u220530.5 mm). K\u00edch th\u01b0\u1edbc l\u1ed7 c\u00f3 th\u1ec3 t\u00f9y ch\u1ec9nh theo y\u00eau c\u1ea7u \u0111\u1eb7t h\u00e0ng.<\/span><\/p>\n","protected":false},"featured_media":1423,"template":"","meta":[],"product_brand":[],"product_cat":[195,194],"product_tag":[],"class_list":{"0":"post-1413","1":"product","2":"type-product","3":"status-publish","4":"has-post-thumbnail","6":"product_cat-mang-nhom","7":"product_cat-phu-kien-2","9":"first","10":"instock","11":"taxable","12":"shipping-taxable","13":"product-type-simple"},"yoast_head":"<!-- This site is optimized with the Yoast SEO Premium plugin v27.4 (Yoast SEO v27.4) - https:\/\/yoast.com\/product\/yoast-seo-premium-wordpress\/ -->\n<title>M\u00e1ng nh\u00f4m VL-L009 m\u00e1ng l\u1eafp \u0111\u00e8n AD10, WD38 - Vilight Co.ltd<\/title>\n<meta name=\"description\" content=\"M\u00e1ng L009 l\u00e0 m\u00e1ng \u0111\u00e8n ph\u00f9 h\u1ee3p \u0111\u1ec3 l\u1eafp \u0111\u1eb7t cho m\u00e3 \u0111\u00e8n LED \u0111i\u1ec3m VL-WD38 v\u00e0 VL-AD10. \u0110\u00e2y l\u00e0 m\u1ed9t gi\u1ea3i ph\u00e1p ho\u00e0n h\u1ea3o cho vi\u1ec7c l\u1eafp \u0111\u1eb7t \u0111\u00e8n ngo\u00e0i tr\u1eddi.\" \/>\n<meta name=\"robots\" content=\"index, follow, max-snippet:-1, max-image-preview:large, max-video-preview:-1\" \/>\n<link rel=\"canonical\" href=\"https:\/\/vilight.vn\/website\/san-pham\/phu-kien-2\/mang-nhom\/mang-nhom-vl-l009\/\" \/>\n<meta property=\"og:locale\" content=\"vi_VN\" \/>\n<meta property=\"og:type\" content=\"article\" \/>\n<meta property=\"og:title\" content=\"M\u00e1ng nh\u00f4m VL-L009\" \/>\n<meta property=\"og:description\" content=\"M\u00e1ng nh\u00f4m L009 \u0111\u01b0\u1ee3c s\u1eed d\u1ee5ng cho \u0111\u00e8n LED \u0111i\u1ec3m VL-WD38\/VL-AD10. M\u1ed7i thanh m\u00e1ng nh\u00f4m c\u00f3 k\u00edch th\u01b0\u1edbc 1000 mm c\u00f3 10 l\u1ed7 (\u220530.5 mm). K\u00edch th\u01b0\u1edbc l\u1ed7 c\u00f3 th\u1ec3 t\u00f9y ch\u1ec9nh theo y\u00eau c\u1ea7u \u0111\u1eb7t h\u00e0ng.\" \/>\n<meta property=\"og:url\" content=\"https:\/\/vilight.vn\/website\/san-pham\/phu-kien-2\/mang-nhom\/mang-nhom-vl-l009\/\" \/>\n<meta property=\"og:site_name\" content=\"Vilight Co.ltd\" \/>\n<meta property=\"article:publisher\" content=\"http:\/\/facebook.com\/vilight.vn\" \/>\n<meta property=\"article:modified_time\" content=\"2024-10-02T04:44:25+00:00\" \/>\n<meta property=\"og:image\" content=\"https:\/\/vilight.vn\/website\/wp-content\/uploads\/2021\/06\/L009-logo.jpg\" \/>\n\t<meta property=\"og:image:width\" content=\"369\" \/>\n\t<meta property=\"og:image:height\" content=\"369\" \/>\n\t<meta property=\"og:image:type\" content=\"image\/jpeg\" \/>\n<meta name=\"twitter:card\" content=\"summary_large_image\" \/>\n<meta name=\"twitter:label1\" content=\"Gi\u00e1\" \/>\n\t<meta name=\"twitter:data1\" content=\"\" \/>\n\t<meta name=\"twitter:label2\" content=\"Kh\u1ea3 d\u1ee5ng\" \/>\n\t<meta name=\"twitter:data2\" content=\"Trong kho\" \/>\n<script type=\"application\/ld+json\" class=\"yoast-schema-graph\">{\"@context\":\"https:\\\/\\\/schema.org\",\"@graph\":[{\"@type\":\"WebPage\",\"@id\":\"https:\\\/\\\/vilight.vn\\\/website\\\/san-pham\\\/phu-kien-2\\\/mang-nhom\\\/mang-nhom-vl-l009\\\/\",\"url\":\"https:\\\/\\\/vilight.vn\\\/website\\\/san-pham\\\/phu-kien-2\\\/mang-nhom\\\/mang-nhom-vl-l009\\\/\",\"name\":\"M\u00e1ng nh\u00f4m VL-L009 m\u00e1ng l\u1eafp \u0111\u00e8n AD10, WD38 - Vilight Co.ltd\",\"isPartOf\":{\"@id\":\"https:\\\/\\\/vilight.vn\\\/website\\\/#website\"},\"primaryImageOfPage\":{\"@id\":\"https:\\\/\\\/vilight.vn\\\/website\\\/san-pham\\\/phu-kien-2\\\/mang-nhom\\\/mang-nhom-vl-l009\\\/#primaryimage\"},\"image\":{\"@id\":\"https:\\\/\\\/vilight.vn\\\/website\\\/san-pham\\\/phu-kien-2\\\/mang-nhom\\\/mang-nhom-vl-l009\\\/#primaryimage\"},\"thumbnailUrl\":\"https:\\\/\\\/vilight.vn\\\/website\\\/wp-content\\\/uploads\\\/2021\\\/06\\\/L009-logo.jpg\",\"datePublished\":\"2021-06-27T11:25:05+00:00\",\"dateModified\":\"2024-10-02T04:44:25+00:00\",\"description\":\"M\u00e1ng L009 l\u00e0 m\u00e1ng \u0111\u00e8n ph\u00f9 h\u1ee3p \u0111\u1ec3 l\u1eafp \u0111\u1eb7t cho m\u00e3 \u0111\u00e8n LED \u0111i\u1ec3m VL-WD38 v\u00e0 VL-AD10. \u0110\u00e2y l\u00e0 m\u1ed9t gi\u1ea3i ph\u00e1p ho\u00e0n h\u1ea3o cho vi\u1ec7c l\u1eafp \u0111\u1eb7t \u0111\u00e8n ngo\u00e0i tr\u1eddi.\",\"breadcrumb\":{\"@id\":\"https:\\\/\\\/vilight.vn\\\/website\\\/san-pham\\\/phu-kien-2\\\/mang-nhom\\\/mang-nhom-vl-l009\\\/#breadcrumb\"},\"inLanguage\":\"vi\",\"potentialAction\":[{\"@type\":\"ReadAction\",\"target\":[\"https:\\\/\\\/vilight.vn\\\/website\\\/san-pham\\\/phu-kien-2\\\/mang-nhom\\\/mang-nhom-vl-l009\\\/\"]}]},{\"@type\":\"ImageObject\",\"inLanguage\":\"vi\",\"@id\":\"https:\\\/\\\/vilight.vn\\\/website\\\/san-pham\\\/phu-kien-2\\\/mang-nhom\\\/mang-nhom-vl-l009\\\/#primaryimage\",\"url\":\"https:\\\/\\\/vilight.vn\\\/website\\\/wp-content\\\/uploads\\\/2021\\\/06\\\/L009-logo.jpg\",\"contentUrl\":\"https:\\\/\\\/vilight.vn\\\/website\\\/wp-content\\\/uploads\\\/2021\\\/06\\\/L009-logo.jpg\",\"width\":369,\"height\":369,\"caption\":\"M\u00e1ng Nh\u00f4m VL-L009\"},{\"@type\":\"BreadcrumbList\",\"@id\":\"https:\\\/\\\/vilight.vn\\\/website\\\/san-pham\\\/phu-kien-2\\\/mang-nhom\\\/mang-nhom-vl-l009\\\/#breadcrumb\",\"itemListElement\":[{\"@type\":\"ListItem\",\"position\":1,\"name\":\"Home\",\"item\":\"https:\\\/\\\/vilight.vn\\\/website\\\/\"},{\"@type\":\"ListItem\",\"position\":2,\"name\":\"store\",\"item\":\"https:\\\/\\\/vilight.vn\\\/website\\\/store\\\/\"},{\"@type\":\"ListItem\",\"position\":3,\"name\":\"M\u00e1ng nh\u00f4m VL-L009\"}]},{\"@type\":\"WebSite\",\"@id\":\"https:\\\/\\\/vilight.vn\\\/website\\\/#website\",\"url\":\"https:\\\/\\\/vilight.vn\\\/website\\\/\",\"name\":\"Vilight Co.ltd\",\"description\":\"Chi\u1ebfu s\u00e1ng m\u1ef9 thu\u1eadt, chi\u1ebfu s\u00e1ng th\u00f4ng minh, LED Pixel 3D, chi\u1ebfu s\u00e1ng trang tr\u00ed \u0111\u00f4 th\u1ecb, chi\u1ebfu s\u00e1ng v\u00f2ng xoay, chi\u1ebfu s\u00e1ng \u0111\u1ea3o giao th\u00f4ng, c\u1ed5ng ch\u00e0o \u0111\u00f4 th\u1ecb\",\"publisher\":{\"@id\":\"https:\\\/\\\/vilight.vn\\\/website\\\/#organization\"},\"potentialAction\":[{\"@type\":\"SearchAction\",\"target\":{\"@type\":\"EntryPoint\",\"urlTemplate\":\"https:\\\/\\\/vilight.vn\\\/website\\\/?s={search_term_string}\"},\"query-input\":{\"@type\":\"PropertyValueSpecification\",\"valueRequired\":true,\"valueName\":\"search_term_string\"}}],\"inLanguage\":\"vi\"},{\"@type\":\"Organization\",\"@id\":\"https:\\\/\\\/vilight.vn\\\/website\\\/#organization\",\"name\":\"Vilight\",\"url\":\"https:\\\/\\\/vilight.vn\\\/website\\\/\",\"logo\":{\"@type\":\"ImageObject\",\"inLanguage\":\"vi\",\"@id\":\"https:\\\/\\\/vilight.vn\\\/website\\\/#\\\/schema\\\/logo\\\/image\\\/\",\"url\":\"https:\\\/\\\/vilight.vn\\\/website\\\/wp-content\\\/uploads\\\/2022\\\/05\\\/chieu_sang_trang_tri_do_thi_bang_den_led_pixel.png\",\"contentUrl\":\"https:\\\/\\\/vilight.vn\\\/website\\\/wp-content\\\/uploads\\\/2022\\\/05\\\/chieu_sang_trang_tri_do_thi_bang_den_led_pixel.png\",\"width\":800,\"height\":427,\"caption\":\"Vilight\"},\"image\":{\"@id\":\"https:\\\/\\\/vilight.vn\\\/website\\\/#\\\/schema\\\/logo\\\/image\\\/\"},\"sameAs\":[\"http:\\\/\\\/facebook.com\\\/vilight.vn\",\"https:\\\/\\\/www.linkedin.com\\\/company\\\/vilight-vn\",\"https:\\\/\\\/www.youtube.com\\\/channel\\\/UCEwR2naeDcuarMX1kSv_rLQ\\\/videos\"]}]}<\/script>\n<meta property=\"product:brand\" content=\"M\u00e1ng nh\u00f4m\" \/>\n<meta property=\"product:price:currency\" content=\"VND\" \/>\n<meta property=\"og:availability\" content=\"instock\" \/>\n<meta property=\"product:availability\" content=\"instock\" \/>\n<meta property=\"product:condition\" content=\"new\" \/>\n<!-- \/ Yoast SEO Premium plugin. -->","yoast_head_json":{"title":"M\u00e1ng nh\u00f4m VL-L009 m\u00e1ng l\u1eafp \u0111\u00e8n AD10, WD38 - Vilight Co.ltd","description":"M\u00e1ng L009 l\u00e0 m\u00e1ng \u0111\u00e8n ph\u00f9 h\u1ee3p \u0111\u1ec3 l\u1eafp \u0111\u1eb7t cho m\u00e3 \u0111\u00e8n LED \u0111i\u1ec3m VL-WD38 v\u00e0 VL-AD10. \u0110\u00e2y l\u00e0 m\u1ed9t gi\u1ea3i ph\u00e1p ho\u00e0n h\u1ea3o cho vi\u1ec7c l\u1eafp \u0111\u1eb7t \u0111\u00e8n ngo\u00e0i tr\u1eddi.","robots":{"index":"index","follow":"follow","max-snippet":"max-snippet:-1","max-image-preview":"max-image-preview:large","max-video-preview":"max-video-preview:-1"},"canonical":"https:\/\/vilight.vn\/website\/san-pham\/phu-kien-2\/mang-nhom\/mang-nhom-vl-l009\/","og_locale":"vi_VN","og_type":"article","og_title":"M\u00e1ng nh\u00f4m VL-L009","og_description":"M\u00e1ng nh\u00f4m L009 \u0111\u01b0\u1ee3c s\u1eed d\u1ee5ng cho \u0111\u00e8n LED \u0111i\u1ec3m VL-WD38\/VL-AD10. M\u1ed7i thanh m\u00e1ng nh\u00f4m c\u00f3 k\u00edch th\u01b0\u1edbc 1000 mm c\u00f3 10 l\u1ed7 (\u220530.5 mm). K\u00edch th\u01b0\u1edbc l\u1ed7 c\u00f3 th\u1ec3 t\u00f9y ch\u1ec9nh theo y\u00eau c\u1ea7u \u0111\u1eb7t h\u00e0ng.","og_url":"https:\/\/vilight.vn\/website\/san-pham\/phu-kien-2\/mang-nhom\/mang-nhom-vl-l009\/","og_site_name":"Vilight Co.ltd","article_publisher":"http:\/\/facebook.com\/vilight.vn","article_modified_time":"2024-10-02T04:44:25+00:00","og_image":[{"width":369,"height":369,"url":"https:\/\/vilight.vn\/website\/wp-content\/uploads\/2021\/06\/L009-logo.jpg","type":"image\/jpeg"}],"twitter_card":"summary_large_image","twitter_misc":{"Gi\u00e1":"","Kh\u1ea3 d\u1ee5ng":"Trong kho"},"schema":{"@context":"https:\/\/schema.org","@graph":[{"@type":"WebPage","@id":"https:\/\/vilight.vn\/website\/san-pham\/phu-kien-2\/mang-nhom\/mang-nhom-vl-l009\/","url":"https:\/\/vilight.vn\/website\/san-pham\/phu-kien-2\/mang-nhom\/mang-nhom-vl-l009\/","name":"M\u00e1ng nh\u00f4m VL-L009 m\u00e1ng l\u1eafp \u0111\u00e8n AD10, WD38 - Vilight Co.ltd","isPartOf":{"@id":"https:\/\/vilight.vn\/website\/#website"},"primaryImageOfPage":{"@id":"https:\/\/vilight.vn\/website\/san-pham\/phu-kien-2\/mang-nhom\/mang-nhom-vl-l009\/#primaryimage"},"image":{"@id":"https:\/\/vilight.vn\/website\/san-pham\/phu-kien-2\/mang-nhom\/mang-nhom-vl-l009\/#primaryimage"},"thumbnailUrl":"https:\/\/vilight.vn\/website\/wp-content\/uploads\/2021\/06\/L009-logo.jpg","datePublished":"2021-06-27T11:25:05+00:00","dateModified":"2024-10-02T04:44:25+00:00","description":"M\u00e1ng L009 l\u00e0 m\u00e1ng \u0111\u00e8n ph\u00f9 h\u1ee3p \u0111\u1ec3 l\u1eafp \u0111\u1eb7t cho m\u00e3 \u0111\u00e8n LED \u0111i\u1ec3m VL-WD38 v\u00e0 VL-AD10. \u0110\u00e2y l\u00e0 m\u1ed9t gi\u1ea3i ph\u00e1p ho\u00e0n h\u1ea3o cho vi\u1ec7c l\u1eafp \u0111\u1eb7t \u0111\u00e8n ngo\u00e0i tr\u1eddi.","breadcrumb":{"@id":"https:\/\/vilight.vn\/website\/san-pham\/phu-kien-2\/mang-nhom\/mang-nhom-vl-l009\/#breadcrumb"},"inLanguage":"vi","potentialAction":[{"@type":"ReadAction","target":["https:\/\/vilight.vn\/website\/san-pham\/phu-kien-2\/mang-nhom\/mang-nhom-vl-l009\/"]}]},{"@type":"ImageObject","inLanguage":"vi","@id":"https:\/\/vilight.vn\/website\/san-pham\/phu-kien-2\/mang-nhom\/mang-nhom-vl-l009\/#primaryimage","url":"https:\/\/vilight.vn\/website\/wp-content\/uploads\/2021\/06\/L009-logo.jpg","contentUrl":"https:\/\/vilight.vn\/website\/wp-content\/uploads\/2021\/06\/L009-logo.jpg","width":369,"height":369,"caption":"M\u00e1ng Nh\u00f4m VL-L009"},{"@type":"BreadcrumbList","@id":"https:\/\/vilight.vn\/website\/san-pham\/phu-kien-2\/mang-nhom\/mang-nhom-vl-l009\/#breadcrumb","itemListElement":[{"@type":"ListItem","position":1,"name":"Home","item":"https:\/\/vilight.vn\/website\/"},{"@type":"ListItem","position":2,"name":"store","item":"https:\/\/vilight.vn\/website\/store\/"},{"@type":"ListItem","position":3,"name":"M\u00e1ng nh\u00f4m VL-L009"}]},{"@type":"WebSite","@id":"https:\/\/vilight.vn\/website\/#website","url":"https:\/\/vilight.vn\/website\/","name":"Vilight Co.ltd","description":"Chi\u1ebfu s\u00e1ng m\u1ef9 thu\u1eadt, chi\u1ebfu s\u00e1ng th\u00f4ng minh, LED Pixel 3D, chi\u1ebfu s\u00e1ng trang tr\u00ed \u0111\u00f4 th\u1ecb, chi\u1ebfu s\u00e1ng v\u00f2ng xoay, chi\u1ebfu s\u00e1ng \u0111\u1ea3o giao th\u00f4ng, c\u1ed5ng ch\u00e0o \u0111\u00f4 th\u1ecb","publisher":{"@id":"https:\/\/vilight.vn\/website\/#organization"},"potentialAction":[{"@type":"SearchAction","target":{"@type":"EntryPoint","urlTemplate":"https:\/\/vilight.vn\/website\/?s={search_term_string}"},"query-input":{"@type":"PropertyValueSpecification","valueRequired":true,"valueName":"search_term_string"}}],"inLanguage":"vi"},{"@type":"Organization","@id":"https:\/\/vilight.vn\/website\/#organization","name":"Vilight","url":"https:\/\/vilight.vn\/website\/","logo":{"@type":"ImageObject","inLanguage":"vi","@id":"https:\/\/vilight.vn\/website\/#\/schema\/logo\/image\/","url":"https:\/\/vilight.vn\/website\/wp-content\/uploads\/2022\/05\/chieu_sang_trang_tri_do_thi_bang_den_led_pixel.png","contentUrl":"https:\/\/vilight.vn\/website\/wp-content\/uploads\/2022\/05\/chieu_sang_trang_tri_do_thi_bang_den_led_pixel.png","width":800,"height":427,"caption":"Vilight"},"image":{"@id":"https:\/\/vilight.vn\/website\/#\/schema\/logo\/image\/"},"sameAs":["http:\/\/facebook.com\/vilight.vn","https:\/\/www.linkedin.com\/company\/vilight-vn","https:\/\/www.youtube.com\/channel\/UCEwR2naeDcuarMX1kSv_rLQ\/videos"]}]},"product_brand":"M\u00e1ng nh\u00f4m","product_price_currency":"VND","og_availability":"instock","product_availability":"instock","product_condition":"new"},"_links":{"self":[{"href":"https:\/\/vilight.vn\/website\/wp-json\/wp\/v2\/product\/1413","targetHints":{"allow":["GET"]}}],"collection":[{"href":"https:\/\/vilight.vn\/website\/wp-json\/wp\/v2\/product"}],"about":[{"href":"https:\/\/vilight.vn\/website\/wp-json\/wp\/v2\/types\/product"}],"wp:featuredmedia":[{"embeddable":true,"href":"https:\/\/vilight.vn\/website\/wp-json\/wp\/v2\/media\/1423"}],"wp:attachment":[{"href":"https:\/\/vilight.vn\/website\/wp-json\/wp\/v2\/media?parent=1413"}],"wp:term":[{"taxonomy":"product_brand","embeddable":true,"href":"https:\/\/vilight.vn\/website\/wp-json\/wp\/v2\/product_brand?post=1413"},{"taxonomy":"product_cat","embeddable":true,"href":"https:\/\/vilight.vn\/website\/wp-json\/wp\/v2\/product_cat?post=1413"},{"taxonomy":"product_tag","embeddable":true,"href":"https:\/\/vilight.vn\/website\/wp-json\/wp\/v2\/product_tag?post=1413"}],"curies":[{"name":"wp","href":"https:\/\/api.w.org\/{rel}","templated":true}]}}