{"id":1415,"date":"2021-06-27T18:25:19","date_gmt":"2021-06-27T11:25:19","guid":{"rendered":"https:\/\/vilight.vn\/website\/?post_type=product&#038;p=1415"},"modified":"2024-10-02T11:42:25","modified_gmt":"2024-10-02T04:42:25","slug":"mang-nhom-vl-l004","status":"publish","type":"product","link":"https:\/\/vilight.vn\/website\/san-pham\/phu-kien-2\/mang-nhom\/mang-nhom-vl-l004\/","title":{"rendered":"M\u00e1ng nh\u00f4m VL-L004"},"content":{"rendered":"<h2 style=\"text-align: justify;\"><span style=\"font-size: 18pt;\">M\u00e1ng nh\u00f4m VL-L004 &#8211; S\u1ef1 l\u1ef1a ch\u1ecdn ho\u00e0n h\u1ea3o cho h\u1ec7 th\u1ed1ng \u0111\u00e8n LED \u0111i\u1ec3m pixel<\/span><\/h2>\n<p style=\"text-align: justify;\"><span style=\"font-size: 14pt;\">B\u1ea1n \u0111ang t\u00ecm ki\u1ebfm m\u1ed9t gi\u1ea3i ph\u00e1p \u0111\u00e1ng tin c\u1eady \u0111\u1ec3 l\u1eafp \u0111\u1eb7t v\u00e0 b\u1ea3o v\u1ec7 h\u1ec7 th\u1ed1ng \u0111\u00e8n LED \u0111i\u1ec3m pixel? M\u00e1ng nh\u00f4m VL-L004 l\u00e0 l\u1ef1a ch\u1ecdn h\u00e0ng \u0111\u1ea7u m\u00e0 b\u1ea1n kh\u00f4ng n\u00ean b\u1ecf qua. V\u1edbi thi\u1ebft k\u1ebf ch\u1ea5t l\u01b0\u1ee3ng v\u00e0 t\u00ednh n\u0103ng \u01b0u vi\u1ec7t, m\u00e1ng VL-L004 mang \u0111\u1ebfn s\u1ef1 an t\u00e2m v\u00e0 hi\u1ec7u su\u1ea5t cao cho c\u00e1c \u1ee9ng d\u1ee5ng chi\u1ebfu s\u00e1ng ngo\u1ea1i th\u1ea5t, qu\u1ea3ng c\u00e1o v\u00e0 trang tr\u00ed kh\u00f4ng gian.<\/span><\/p>\n<p style=\"text-align: justify;\"><span style=\"font-size: 14pt;\">M\u00e1ng nh\u00f4m VL-L004 \u0111\u01b0\u1ee3c thi\u1ebft k\u1ebf v\u1edbi c\u00e1c th\u00f4ng s\u1ed1 k\u1ef9 thu\u1eadt t\u1ed1i \u01b0u, bao g\u1ed3m chi\u1ec1u cao 29.4 mm v\u00e0 chi\u1ec1u r\u1ed9ng 52.6 mm, gi\u00fap b\u1ea3o v\u1ec7 v\u00e0 l\u1eafp \u0111\u1eb7t \u0111\u00e8n LED \u0111i\u1ec3m pixel m\u1ed9t c\u00e1ch d\u1ec5 d\u00e0ng v\u00e0 an to\u00e0n. V\u1edbi \u0111\u1ed9 d\u00e0y nh\u00f4m l\u00e0 1mm, m\u00e1ng nh\u00f4m\u00a0 \u0111\u1ea3m b\u1ea3o \u0111\u1ed9 b\u1ec1n v\u00e0 kh\u1ea3 n\u0103ng ch\u1ecbu l\u1ef1c t\u1ed1t, gi\u00fap b\u1ea3o v\u1ec7 \u0111\u00e8n LED kh\u1ecfi va \u0111\u1eadp v\u00e0 t\u00e1c \u0111\u1ed9ng b\u00ean ngo\u00e0i.<\/span><\/p>\n<p style=\"text-align: justify;\"><span style=\"font-size: 14pt;\">M\u1ed9t trong nh\u1eefng \u0111i\u1ec3m \u0111\u00e1ng ch\u00fa \u00fd c\u1ee7a m\u00e1ng nh\u00f4m VL-L004 l\u00e0 k\u00edch th\u01b0\u1edbc l\u1ed7 \u0111\u00e8n r\u1ed9ng 35.9 mm, cho ph\u00e9p l\u1eafp \u0111\u1eb7t v\u00e0 k\u1ebft n\u1ed1i \u0111\u00e8n LED \u0111i\u1ec3m pixel m\u1ed9t c\u00e1ch d\u1ec5 d\u00e0ng v\u00e0 thu\u1eadn ti\u1ec7n. \u0110\u1ed3ng th\u1eddi, m\u00e1ng nh\u00f4m c\u00f2n c\u00f3 kh\u1ea3 n\u0103ng gi\u1eef g\u1ecdn c\u00e1p ngu\u1ed3n \u0111i trong m\u00e1ng, gi\u00fap h\u1ec7 th\u1ed1ng c\u00e1p \u0111\u01b0\u1ee3c s\u1eafp x\u1ebfp g\u1ecdn g\u00e0ng v\u00e0 d\u1ec5 d\u00e0ng v\u1eadn h\u00e0nh.<\/span><\/p>\n<p style=\"text-align: justify;\"><span style=\"font-size: 14pt;\">M\u00e1ng nh\u00f4m VL-L004 kh\u00f4ng ch\u1ec9 l\u00e0 s\u1ef1 b\u1ea3o v\u1ec7 cho h\u1ec7 th\u1ed1ng \u0111\u00e8n LED, m\u00e0 c\u00f2n l\u00e0 s\u1ef1 k\u1ebft h\u1ee3p ho\u00e0n h\u1ea3o gi\u1eefa t\u00ednh th\u1ea9m m\u1ef9 v\u00e0 ch\u1ee9c n\u0103ng. V\u1edbi ch\u1ea5t li\u1ec7u nh\u00f4m cao c\u1ea5p, m\u00e1ng nh\u00f4m n\u00e0y kh\u00f4ng ch\u1ec9 c\u00f3 \u0111\u1ed9 b\u1ec1n v\u00e0 tu\u1ed5i th\u1ecd cao, m\u00e0 c\u00f2n mang \u0111\u1ebfn v\u1ebb ngo\u00e0i sang tr\u1ecdng v\u00e0 chuy\u00ean nghi\u1ec7p. B\u1ea1n c\u00f3 th\u1ec3 tin t\u01b0\u1edfng r\u1eb1ng m\u00e1ng nh\u00f4m VL-L004 s\u1ebd l\u00e0m n\u1ed5i b\u1eadt kh\u00f4ng gian v\u00e0 t\u1ea1o \u0111i\u1ec3m nh\u1ea5n \u0111\u1ed9c \u0111\u00e1o cho c\u00e1c d\u1ef1 \u00e1n c\u1ee7a b\u1ea1n.<\/span><\/p>\n<p style=\"text-align: justify;\"><span style=\"font-size: 14pt;\">\u0110\u1ed1i v\u1edbi c\u00e1c d\u1ef1 \u00e1n chi\u1ebfu s\u00e1ng ngo\u1ea1i th\u1ea5t, qu\u1ea3ng c\u00e1o v\u00e0 trang tr\u00ed kh\u00f4ng gian, m\u00e1ng nh\u00f4m VL-L004 l\u00e0 s\u1ef1 l\u1ef1a ch\u1ecdn ho\u00e0n h\u1ea3o. V\u1edbi kh\u1ea3 n\u0103ng b\u1ea3o v\u1ec7 \u0111\u00e8n LED \u0111i\u1ec3m pixel v\u00e0 gi\u1eef g\u1ecdn c\u00e1p ngu\u1ed3n \u0111i, m\u00e1ng nh\u00f4m \u0111em l\u1ea1i hi\u1ec7u su\u1ea5t v\u00e0 ti\u1ec7n \u00edch cao, t\u1eeb vi\u1ec7c l\u1eafp \u0111\u1eb7t \u0111\u1ebfn v\u1eadn h\u00e0nh.<\/span><\/p>\n<p style=\"text-align: justify;\"><span style=\"font-size: 14pt;\">H\u00e3y l\u1ef1a ch\u1ecdn m\u00e1ng VL-L004 ngay h\u00f4m nay \u0111\u1ec3 t\u1eadn h\u01b0\u1edfng s\u1ef1 b\u1ea3o v\u1ec7 t\u1ed1t nh\u1ea5t cho h\u1ec7 th\u1ed1ng \u0111\u00e8n LED \u0111i\u1ec3m pixel c\u1ee7a b\u1ea1n v\u00e0 t\u1ea1o n\u00ean c\u00e1c d\u1ef1 \u00e1n \u00e1nh s\u00e1ng \u0111\u1eb9p m\u1eaft v\u00e0 \u1ea5n t\u01b0\u1ee3ng.<\/span><\/p>\n<p style=\"text-align: justify;\"><span style=\"font-size: 14pt;\"><a href=\"https:\/\/vilight.vn\/website\/wp-content\/uploads\/2021\/06\/L004.jpg\"><img decoding=\"async\" class=\"aligncenter wp-image-1416 lazyload\" data-src=\"https:\/\/vilight.vn\/website\/wp-content\/uploads\/2021\/06\/L004.jpg\" alt=\"M\u00e1ng Nh\u00f4m VL-L004\" width=\"1500\" height=\"414\" data-srcset=\"https:\/\/vilight.vn\/website\/wp-content\/uploads\/2021\/06\/L004.jpg 1200w, https:\/\/vilight.vn\/website\/wp-content\/uploads\/2021\/06\/L004-800x221.jpg 800w, https:\/\/vilight.vn\/website\/wp-content\/uploads\/2021\/06\/L004-300x83.jpg 300w, https:\/\/vilight.vn\/website\/wp-content\/uploads\/2021\/06\/L004-1024x282.jpg 1024w, https:\/\/vilight.vn\/website\/wp-content\/uploads\/2021\/06\/L004-768x212.jpg 768w, https:\/\/vilight.vn\/website\/wp-content\/uploads\/2021\/06\/L004-16x4.jpg 16w, https:\/\/vilight.vn\/website\/wp-content\/uploads\/2021\/06\/L004-260x72.jpg 260w, https:\/\/vilight.vn\/website\/wp-content\/uploads\/2021\/06\/L004-50x14.jpg 50w, https:\/\/vilight.vn\/website\/wp-content\/uploads\/2021\/06\/L004-150x41.jpg 150w, https:\/\/vilight.vn\/website\/wp-content\/uploads\/2021\/06\/L004-600x166.jpg 600w\" data-sizes=\"(max-width:767px) 480px, (max-width:1500px) 100vw, 1500px\" src=\"data:image\/svg+xml;base64,PHN2ZyB3aWR0aD0iMSIgaGVpZ2h0PSIxIiB4bWxucz0iaHR0cDovL3d3dy53My5vcmcvMjAwMC9zdmciPjwvc3ZnPg==\" style=\"--smush-placeholder-width: 1500px; --smush-placeholder-aspect-ratio: 1500\/414;\" \/><\/a><\/span><\/p>\n<p style=\"text-align: justify;\"><span style=\"color: #ffffff; font-size: 14pt;\">M\u00e1ng l\u1eafp \u0111\u00e8n L004, m\u00e1ng L004. M\u00e1ng \u0111\u00e8n JD42. M\u00e1ng \u0111\u00e8n led \u0111i\u1ec3m Pixel.M\u00e1ng L004<\/span><\/p>\n","protected":false},"excerpt":{"rendered":"<p style=\"text-align: justify;\"><span style=\"font-size: 14pt;\">M\u00e1ng nh\u00f4m VL-L004 s\u1eed d\u1ee5ng cho <a href=\"https:\/\/vilight.vn\/website\/san-pham\/den-led-pixel\/den-diem-led-dot\/jd-series\/den-led-diem-vl-jd42\/\">\u0111\u00e8n LED \u0111i\u1ec3m VL-JD42<\/a>. V\u1edbi kh\u1ea3 n\u0103ng b\u1ea3o v\u1ec7 \u0111\u00e8n LED \u0111i\u1ec3m v\u00e0 gi\u1eef g\u1ecdn c\u00e1p ngu\u1ed3n \u0111i, s\u1ea3n ph\u1ea9m \u0111em l\u1ea1i hi\u1ec7u su\u1ea5t v\u00e0 ti\u1ec7n \u00edch cao, t\u1eeb vi\u1ec7c l\u1eafp \u0111\u1eb7t \u0111\u1ebfn v\u1eadn h\u00e0nh.<\/span><\/p>\n","protected":false},"featured_media":1417,"template":"","meta":[],"product_brand":[],"product_cat":[195,194],"product_tag":[],"class_list":{"0":"post-1415","1":"product","2":"type-product","3":"status-publish","4":"has-post-thumbnail","6":"product_cat-mang-nhom","7":"product_cat-phu-kien-2","9":"first","10":"instock","11":"taxable","12":"shipping-taxable","13":"product-type-simple"},"yoast_head":"<!-- This site is optimized with the Yoast SEO Premium plugin v27.4 (Yoast SEO v27.4) - https:\/\/yoast.com\/product\/yoast-seo-premium-wordpress\/ -->\n<title>M\u00e1ng nh\u00f4m VL-L004 - Vilight Co.ltd<\/title>\n<meta name=\"description\" content=\"M\u00e1ng nh\u00f4m VL-L004 l\u00e0 m\u00e1ng \u0111\u00e8n ph\u00f9 h\u1ee3p l\u1eafp \u0111\u1eb7t m\u00e3 \u0111\u00e8n VL-JD42, m\u00e1ng \u0111\u01b0\u1ee3c l\u00e0m t\u1eeb nh\u00f4m ch\u1eafc ch\u1eafn \u0111\u1ea3m b\u1ea3o ch\u1ea5t l\u01b0\u1ee3ng v\u00e0 gi\u00e1 th\u00e0nh.\" \/>\n<meta name=\"robots\" content=\"index, follow, max-snippet:-1, max-image-preview:large, max-video-preview:-1\" \/>\n<link rel=\"canonical\" href=\"https:\/\/vilight.vn\/website\/san-pham\/phu-kien-2\/mang-nhom\/mang-nhom-vl-l004\/\" \/>\n<meta property=\"og:locale\" content=\"vi_VN\" \/>\n<meta property=\"og:type\" content=\"article\" \/>\n<meta property=\"og:title\" content=\"M\u00e1ng nh\u00f4m VL-L004\" \/>\n<meta property=\"og:description\" content=\"M\u00e1ng nh\u00f4m VL-L004 s\u1eed d\u1ee5ng cho \u0111\u00e8n LED \u0111i\u1ec3m VL-JD42. V\u1edbi kh\u1ea3 n\u0103ng b\u1ea3o v\u1ec7 \u0111\u00e8n LED \u0111i\u1ec3m v\u00e0 gi\u1eef g\u1ecdn c\u00e1p ngu\u1ed3n \u0111i, s\u1ea3n ph\u1ea9m \u0111em l\u1ea1i hi\u1ec7u su\u1ea5t v\u00e0 ti\u1ec7n \u00edch cao, t\u1eeb vi\u1ec7c l\u1eafp \u0111\u1eb7t \u0111\u1ebfn v\u1eadn h\u00e0nh.\" \/>\n<meta property=\"og:url\" content=\"https:\/\/vilight.vn\/website\/san-pham\/phu-kien-2\/mang-nhom\/mang-nhom-vl-l004\/\" \/>\n<meta property=\"og:site_name\" content=\"Vilight Co.ltd\" \/>\n<meta property=\"article:publisher\" content=\"http:\/\/facebook.com\/vilight.vn\" \/>\n<meta property=\"article:modified_time\" content=\"2024-10-02T04:42:25+00:00\" \/>\n<meta property=\"og:image\" content=\"https:\/\/vilight.vn\/website\/wp-content\/uploads\/2021\/06\/L004-Logo.jpg\" \/>\n\t<meta property=\"og:image:width\" content=\"600\" \/>\n\t<meta property=\"og:image:height\" content=\"593\" \/>\n\t<meta property=\"og:image:type\" content=\"image\/jpeg\" \/>\n<meta name=\"twitter:card\" content=\"summary_large_image\" \/>\n<meta name=\"twitter:label1\" content=\"Gi\u00e1\" \/>\n\t<meta name=\"twitter:data1\" content=\"\" \/>\n\t<meta name=\"twitter:label2\" content=\"Kh\u1ea3 d\u1ee5ng\" \/>\n\t<meta name=\"twitter:data2\" content=\"Trong kho\" \/>\n<script type=\"application\/ld+json\" class=\"yoast-schema-graph\">{\"@context\":\"https:\\\/\\\/schema.org\",\"@graph\":[{\"@type\":\"WebPage\",\"@id\":\"https:\\\/\\\/vilight.vn\\\/website\\\/san-pham\\\/phu-kien-2\\\/mang-nhom\\\/mang-nhom-vl-l004\\\/\",\"url\":\"https:\\\/\\\/vilight.vn\\\/website\\\/san-pham\\\/phu-kien-2\\\/mang-nhom\\\/mang-nhom-vl-l004\\\/\",\"name\":\"M\u00e1ng nh\u00f4m VL-L004 - Vilight Co.ltd\",\"isPartOf\":{\"@id\":\"https:\\\/\\\/vilight.vn\\\/website\\\/#website\"},\"primaryImageOfPage\":{\"@id\":\"https:\\\/\\\/vilight.vn\\\/website\\\/san-pham\\\/phu-kien-2\\\/mang-nhom\\\/mang-nhom-vl-l004\\\/#primaryimage\"},\"image\":{\"@id\":\"https:\\\/\\\/vilight.vn\\\/website\\\/san-pham\\\/phu-kien-2\\\/mang-nhom\\\/mang-nhom-vl-l004\\\/#primaryimage\"},\"thumbnailUrl\":\"https:\\\/\\\/vilight.vn\\\/website\\\/wp-content\\\/uploads\\\/2021\\\/06\\\/L004-Logo.jpg\",\"datePublished\":\"2021-06-27T11:25:19+00:00\",\"dateModified\":\"2024-10-02T04:42:25+00:00\",\"description\":\"M\u00e1ng nh\u00f4m VL-L004 l\u00e0 m\u00e1ng \u0111\u00e8n ph\u00f9 h\u1ee3p l\u1eafp \u0111\u1eb7t m\u00e3 \u0111\u00e8n VL-JD42, m\u00e1ng \u0111\u01b0\u1ee3c l\u00e0m t\u1eeb nh\u00f4m ch\u1eafc ch\u1eafn \u0111\u1ea3m b\u1ea3o ch\u1ea5t l\u01b0\u1ee3ng v\u00e0 gi\u00e1 th\u00e0nh.\",\"breadcrumb\":{\"@id\":\"https:\\\/\\\/vilight.vn\\\/website\\\/san-pham\\\/phu-kien-2\\\/mang-nhom\\\/mang-nhom-vl-l004\\\/#breadcrumb\"},\"inLanguage\":\"vi\",\"potentialAction\":[{\"@type\":\"ReadAction\",\"target\":[\"https:\\\/\\\/vilight.vn\\\/website\\\/san-pham\\\/phu-kien-2\\\/mang-nhom\\\/mang-nhom-vl-l004\\\/\"]}]},{\"@type\":\"ImageObject\",\"inLanguage\":\"vi\",\"@id\":\"https:\\\/\\\/vilight.vn\\\/website\\\/san-pham\\\/phu-kien-2\\\/mang-nhom\\\/mang-nhom-vl-l004\\\/#primaryimage\",\"url\":\"https:\\\/\\\/vilight.vn\\\/website\\\/wp-content\\\/uploads\\\/2021\\\/06\\\/L004-Logo.jpg\",\"contentUrl\":\"https:\\\/\\\/vilight.vn\\\/website\\\/wp-content\\\/uploads\\\/2021\\\/06\\\/L004-Logo.jpg\",\"width\":600,\"height\":593,\"caption\":\"M\u00e1ng Nh\u00f4m VL-L004\"},{\"@type\":\"BreadcrumbList\",\"@id\":\"https:\\\/\\\/vilight.vn\\\/website\\\/san-pham\\\/phu-kien-2\\\/mang-nhom\\\/mang-nhom-vl-l004\\\/#breadcrumb\",\"itemListElement\":[{\"@type\":\"ListItem\",\"position\":1,\"name\":\"Home\",\"item\":\"https:\\\/\\\/vilight.vn\\\/website\\\/\"},{\"@type\":\"ListItem\",\"position\":2,\"name\":\"store\",\"item\":\"https:\\\/\\\/vilight.vn\\\/website\\\/store\\\/\"},{\"@type\":\"ListItem\",\"position\":3,\"name\":\"M\u00e1ng nh\u00f4m VL-L004\"}]},{\"@type\":\"WebSite\",\"@id\":\"https:\\\/\\\/vilight.vn\\\/website\\\/#website\",\"url\":\"https:\\\/\\\/vilight.vn\\\/website\\\/\",\"name\":\"Vilight Co.ltd\",\"description\":\"Chi\u1ebfu s\u00e1ng m\u1ef9 thu\u1eadt, chi\u1ebfu s\u00e1ng th\u00f4ng minh, LED Pixel 3D, chi\u1ebfu s\u00e1ng trang tr\u00ed \u0111\u00f4 th\u1ecb, chi\u1ebfu s\u00e1ng v\u00f2ng xoay, chi\u1ebfu s\u00e1ng \u0111\u1ea3o giao th\u00f4ng, c\u1ed5ng ch\u00e0o \u0111\u00f4 th\u1ecb\",\"publisher\":{\"@id\":\"https:\\\/\\\/vilight.vn\\\/website\\\/#organization\"},\"potentialAction\":[{\"@type\":\"SearchAction\",\"target\":{\"@type\":\"EntryPoint\",\"urlTemplate\":\"https:\\\/\\\/vilight.vn\\\/website\\\/?s={search_term_string}\"},\"query-input\":{\"@type\":\"PropertyValueSpecification\",\"valueRequired\":true,\"valueName\":\"search_term_string\"}}],\"inLanguage\":\"vi\"},{\"@type\":\"Organization\",\"@id\":\"https:\\\/\\\/vilight.vn\\\/website\\\/#organization\",\"name\":\"Vilight\",\"url\":\"https:\\\/\\\/vilight.vn\\\/website\\\/\",\"logo\":{\"@type\":\"ImageObject\",\"inLanguage\":\"vi\",\"@id\":\"https:\\\/\\\/vilight.vn\\\/website\\\/#\\\/schema\\\/logo\\\/image\\\/\",\"url\":\"https:\\\/\\\/vilight.vn\\\/website\\\/wp-content\\\/uploads\\\/2022\\\/05\\\/chieu_sang_trang_tri_do_thi_bang_den_led_pixel.png\",\"contentUrl\":\"https:\\\/\\\/vilight.vn\\\/website\\\/wp-content\\\/uploads\\\/2022\\\/05\\\/chieu_sang_trang_tri_do_thi_bang_den_led_pixel.png\",\"width\":800,\"height\":427,\"caption\":\"Vilight\"},\"image\":{\"@id\":\"https:\\\/\\\/vilight.vn\\\/website\\\/#\\\/schema\\\/logo\\\/image\\\/\"},\"sameAs\":[\"http:\\\/\\\/facebook.com\\\/vilight.vn\",\"https:\\\/\\\/www.linkedin.com\\\/company\\\/vilight-vn\",\"https:\\\/\\\/www.youtube.com\\\/channel\\\/UCEwR2naeDcuarMX1kSv_rLQ\\\/videos\"]}]}<\/script>\n<meta property=\"product:brand\" content=\"M\u00e1ng nh\u00f4m\" \/>\n<meta property=\"product:price:currency\" content=\"VND\" \/>\n<meta property=\"og:availability\" content=\"instock\" \/>\n<meta property=\"product:availability\" content=\"instock\" \/>\n<meta property=\"product:condition\" content=\"new\" \/>\n<!-- \/ Yoast SEO Premium plugin. -->","yoast_head_json":{"title":"M\u00e1ng nh\u00f4m VL-L004 - Vilight Co.ltd","description":"M\u00e1ng nh\u00f4m VL-L004 l\u00e0 m\u00e1ng \u0111\u00e8n ph\u00f9 h\u1ee3p l\u1eafp \u0111\u1eb7t m\u00e3 \u0111\u00e8n VL-JD42, m\u00e1ng \u0111\u01b0\u1ee3c l\u00e0m t\u1eeb nh\u00f4m ch\u1eafc ch\u1eafn \u0111\u1ea3m b\u1ea3o ch\u1ea5t l\u01b0\u1ee3ng v\u00e0 gi\u00e1 th\u00e0nh.","robots":{"index":"index","follow":"follow","max-snippet":"max-snippet:-1","max-image-preview":"max-image-preview:large","max-video-preview":"max-video-preview:-1"},"canonical":"https:\/\/vilight.vn\/website\/san-pham\/phu-kien-2\/mang-nhom\/mang-nhom-vl-l004\/","og_locale":"vi_VN","og_type":"article","og_title":"M\u00e1ng nh\u00f4m VL-L004","og_description":"M\u00e1ng nh\u00f4m VL-L004 s\u1eed d\u1ee5ng cho \u0111\u00e8n LED \u0111i\u1ec3m VL-JD42. V\u1edbi kh\u1ea3 n\u0103ng b\u1ea3o v\u1ec7 \u0111\u00e8n LED \u0111i\u1ec3m v\u00e0 gi\u1eef g\u1ecdn c\u00e1p ngu\u1ed3n \u0111i, s\u1ea3n ph\u1ea9m \u0111em l\u1ea1i hi\u1ec7u su\u1ea5t v\u00e0 ti\u1ec7n \u00edch cao, t\u1eeb vi\u1ec7c l\u1eafp \u0111\u1eb7t \u0111\u1ebfn v\u1eadn h\u00e0nh.","og_url":"https:\/\/vilight.vn\/website\/san-pham\/phu-kien-2\/mang-nhom\/mang-nhom-vl-l004\/","og_site_name":"Vilight Co.ltd","article_publisher":"http:\/\/facebook.com\/vilight.vn","article_modified_time":"2024-10-02T04:42:25+00:00","og_image":[{"width":600,"height":593,"url":"https:\/\/vilight.vn\/website\/wp-content\/uploads\/2021\/06\/L004-Logo.jpg","type":"image\/jpeg"}],"twitter_card":"summary_large_image","twitter_misc":{"Gi\u00e1":"","Kh\u1ea3 d\u1ee5ng":"Trong kho"},"schema":{"@context":"https:\/\/schema.org","@graph":[{"@type":"WebPage","@id":"https:\/\/vilight.vn\/website\/san-pham\/phu-kien-2\/mang-nhom\/mang-nhom-vl-l004\/","url":"https:\/\/vilight.vn\/website\/san-pham\/phu-kien-2\/mang-nhom\/mang-nhom-vl-l004\/","name":"M\u00e1ng nh\u00f4m VL-L004 - Vilight Co.ltd","isPartOf":{"@id":"https:\/\/vilight.vn\/website\/#website"},"primaryImageOfPage":{"@id":"https:\/\/vilight.vn\/website\/san-pham\/phu-kien-2\/mang-nhom\/mang-nhom-vl-l004\/#primaryimage"},"image":{"@id":"https:\/\/vilight.vn\/website\/san-pham\/phu-kien-2\/mang-nhom\/mang-nhom-vl-l004\/#primaryimage"},"thumbnailUrl":"https:\/\/vilight.vn\/website\/wp-content\/uploads\/2021\/06\/L004-Logo.jpg","datePublished":"2021-06-27T11:25:19+00:00","dateModified":"2024-10-02T04:42:25+00:00","description":"M\u00e1ng nh\u00f4m VL-L004 l\u00e0 m\u00e1ng \u0111\u00e8n ph\u00f9 h\u1ee3p l\u1eafp \u0111\u1eb7t m\u00e3 \u0111\u00e8n VL-JD42, m\u00e1ng \u0111\u01b0\u1ee3c l\u00e0m t\u1eeb nh\u00f4m ch\u1eafc ch\u1eafn \u0111\u1ea3m b\u1ea3o ch\u1ea5t l\u01b0\u1ee3ng v\u00e0 gi\u00e1 th\u00e0nh.","breadcrumb":{"@id":"https:\/\/vilight.vn\/website\/san-pham\/phu-kien-2\/mang-nhom\/mang-nhom-vl-l004\/#breadcrumb"},"inLanguage":"vi","potentialAction":[{"@type":"ReadAction","target":["https:\/\/vilight.vn\/website\/san-pham\/phu-kien-2\/mang-nhom\/mang-nhom-vl-l004\/"]}]},{"@type":"ImageObject","inLanguage":"vi","@id":"https:\/\/vilight.vn\/website\/san-pham\/phu-kien-2\/mang-nhom\/mang-nhom-vl-l004\/#primaryimage","url":"https:\/\/vilight.vn\/website\/wp-content\/uploads\/2021\/06\/L004-Logo.jpg","contentUrl":"https:\/\/vilight.vn\/website\/wp-content\/uploads\/2021\/06\/L004-Logo.jpg","width":600,"height":593,"caption":"M\u00e1ng Nh\u00f4m VL-L004"},{"@type":"BreadcrumbList","@id":"https:\/\/vilight.vn\/website\/san-pham\/phu-kien-2\/mang-nhom\/mang-nhom-vl-l004\/#breadcrumb","itemListElement":[{"@type":"ListItem","position":1,"name":"Home","item":"https:\/\/vilight.vn\/website\/"},{"@type":"ListItem","position":2,"name":"store","item":"https:\/\/vilight.vn\/website\/store\/"},{"@type":"ListItem","position":3,"name":"M\u00e1ng nh\u00f4m VL-L004"}]},{"@type":"WebSite","@id":"https:\/\/vilight.vn\/website\/#website","url":"https:\/\/vilight.vn\/website\/","name":"Vilight Co.ltd","description":"Chi\u1ebfu s\u00e1ng m\u1ef9 thu\u1eadt, chi\u1ebfu s\u00e1ng th\u00f4ng minh, LED Pixel 3D, chi\u1ebfu s\u00e1ng trang tr\u00ed \u0111\u00f4 th\u1ecb, chi\u1ebfu s\u00e1ng v\u00f2ng xoay, chi\u1ebfu s\u00e1ng \u0111\u1ea3o giao th\u00f4ng, c\u1ed5ng ch\u00e0o \u0111\u00f4 th\u1ecb","publisher":{"@id":"https:\/\/vilight.vn\/website\/#organization"},"potentialAction":[{"@type":"SearchAction","target":{"@type":"EntryPoint","urlTemplate":"https:\/\/vilight.vn\/website\/?s={search_term_string}"},"query-input":{"@type":"PropertyValueSpecification","valueRequired":true,"valueName":"search_term_string"}}],"inLanguage":"vi"},{"@type":"Organization","@id":"https:\/\/vilight.vn\/website\/#organization","name":"Vilight","url":"https:\/\/vilight.vn\/website\/","logo":{"@type":"ImageObject","inLanguage":"vi","@id":"https:\/\/vilight.vn\/website\/#\/schema\/logo\/image\/","url":"https:\/\/vilight.vn\/website\/wp-content\/uploads\/2022\/05\/chieu_sang_trang_tri_do_thi_bang_den_led_pixel.png","contentUrl":"https:\/\/vilight.vn\/website\/wp-content\/uploads\/2022\/05\/chieu_sang_trang_tri_do_thi_bang_den_led_pixel.png","width":800,"height":427,"caption":"Vilight"},"image":{"@id":"https:\/\/vilight.vn\/website\/#\/schema\/logo\/image\/"},"sameAs":["http:\/\/facebook.com\/vilight.vn","https:\/\/www.linkedin.com\/company\/vilight-vn","https:\/\/www.youtube.com\/channel\/UCEwR2naeDcuarMX1kSv_rLQ\/videos"]}]},"product_brand":"M\u00e1ng nh\u00f4m","product_price_currency":"VND","og_availability":"instock","product_availability":"instock","product_condition":"new"},"_links":{"self":[{"href":"https:\/\/vilight.vn\/website\/wp-json\/wp\/v2\/product\/1415","targetHints":{"allow":["GET"]}}],"collection":[{"href":"https:\/\/vilight.vn\/website\/wp-json\/wp\/v2\/product"}],"about":[{"href":"https:\/\/vilight.vn\/website\/wp-json\/wp\/v2\/types\/product"}],"wp:featuredmedia":[{"embeddable":true,"href":"https:\/\/vilight.vn\/website\/wp-json\/wp\/v2\/media\/1417"}],"wp:attachment":[{"href":"https:\/\/vilight.vn\/website\/wp-json\/wp\/v2\/media?parent=1415"}],"wp:term":[{"taxonomy":"product_brand","embeddable":true,"href":"https:\/\/vilight.vn\/website\/wp-json\/wp\/v2\/product_brand?post=1415"},{"taxonomy":"product_cat","embeddable":true,"href":"https:\/\/vilight.vn\/website\/wp-json\/wp\/v2\/product_cat?post=1415"},{"taxonomy":"product_tag","embeddable":true,"href":"https:\/\/vilight.vn\/website\/wp-json\/wp\/v2\/product_tag?post=1415"}],"curies":[{"name":"wp","href":"https:\/\/api.w.org\/{rel}","templated":true}]}}