{"id":1424,"date":"2021-06-27T18:28:57","date_gmt":"2021-06-27T11:28:57","guid":{"rendered":"https:\/\/vilight.vn\/website\/?post_type=product&#038;p=1424"},"modified":"2024-09-25T14:01:21","modified_gmt":"2024-09-25T07:01:21","slug":"dau-noi-vl-y-y001","status":"publish","type":"product","link":"https:\/\/vilight.vn\/website\/san-pham\/phu-kien-2\/dau-noi\/dau-noi-vl-y-y001\/","title":{"rendered":"\u0110\u1ea7u n\u1ed1i VL-Y001"},"content":{"rendered":"<h2 style=\"text-align: justify;\"><span style=\"font-size: 18pt;\">\u0110\u1ea7u n\u1ed1i VL-Y-Y001 &#8211; Gi\u1ea3i ph\u00e1p ho\u00e0n h\u1ea3o cho h\u1ec7 th\u1ed1ng \u0111\u00e8n LED \u0111i\u1ec3m pixel ngo\u00e0i tr\u1eddi<\/span><\/h2>\n<p style=\"text-align: justify;\"><span style=\"font-size: 14pt;\">\u0110\u1ea7u n\u1ed1i VL-Y-Y001 c\u1ee7a Vilight.vn l\u00e0 m\u1ed9t s\u1ea3n ph\u1ea9m \u0111\u00e1ng tin c\u1eady v\u00e0 ch\u1ea5t l\u01b0\u1ee3ng cao \u0111\u01b0\u1ee3c thi\u1ebft k\u1ebf \u0111\u1eb7c bi\u1ec7t \u0111\u1ec3 truy\u1ec1n t\u00edn hi\u1ec7u DMX 512 v\u00e0 cung c\u1ea5p ngu\u1ed3n DC24V cho h\u1ec7 th\u1ed1ng \u0111\u00e8n LED \u0111i\u1ec3m pixel. V\u1edbi kh\u1ea3 n\u0103ng ch\u1ed1ng n\u01b0\u1edbc tuy\u1ec7t \u0111\u1ed1i v\u1edbi \u0111\u1ed9 k\u00edn IP67, s\u1ea3n ph\u1ea9m n\u00e0y l\u00e0 s\u1ef1 l\u1ef1a ch\u1ecdn ho\u00e0n h\u1ea3o cho c\u00e1c \u1ee9ng d\u1ee5ng ngo\u00e0i tr\u1eddi, \u0111\u1ea3m b\u1ea3o t\u00ednh \u1ed5n \u0111\u1ecbnh v\u00e0 \u0111\u1ed9 b\u1ec1n cho h\u1ec7 th\u1ed1ng \u00e1nh s\u00e1ng c\u1ee7a b\u1ea1n.<\/span><\/p>\n<p style=\"text-align: justify;\"><span style=\"font-size: 14pt;\">1. Truy\u1ec1n t\u00edn hi\u1ec7u DMX 512: \u0110\u1ea7u n\u1ed1i VL-Y-Y001 h\u1ed7 tr\u1ee3 truy\u1ec1n t\u00edn hi\u1ec7u DMX 512, cho ph\u00e9p b\u1ea1n k\u1ebft n\u1ed1i v\u00e0 \u0111i\u1ec1u khi\u1ec3n d\u1ec5 d\u00e0ng c\u00e1c \u0111\u00e8n LED \u0111i\u1ec3m pixel trong h\u1ec7 th\u1ed1ng \u00e1nh s\u00e1ng c\u1ee7a m\u00ecnh. B\u1ea1n c\u00f3 th\u1ec3 t\u1ea1o ra hi\u1ec7u \u1ee9ng \u00e1nh s\u00e1ng \u0111a d\u1ea1ng v\u00e0 phong ph\u00fa ch\u1ec9 b\u1eb1ng c\u00e1ch s\u1eed d\u1ee5ng s\u1ea3n ph\u1ea9m n\u00e0y.<\/span><\/p>\n<p style=\"text-align: justify;\"><span style=\"font-size: 14pt;\">2. Cung c\u1ea5p ngu\u1ed3n DC24V: Ngo\u00e0i kh\u1ea3 n\u0103ng truy\u1ec1n t\u00edn hi\u1ec7u, \u0111\u1ea7u n\u1ed1i VL-Y-Y001 c\u0169ng cung c\u1ea5p ngu\u1ed3n DC24V cho c\u00e1c \u0111\u00e8n LED \u0111i\u1ec3m pixel. \u0110i\u1ec1u n\u00e0y gi\u00fap \u0111\u1ea3m b\u1ea3o r\u1eb1ng h\u1ec7 th\u1ed1ng \u00e1nh s\u00e1ng c\u1ee7a b\u1ea1n s\u1ebd ho\u1ea1t \u0111\u1ed9ng \u1ed5n \u0111\u1ecbnh v\u00e0 \u0111\u00e1ng tin c\u1eady, \u0111\u1ed3ng th\u1eddi gi\u1ea3m t\u1ed1i \u0111a s\u1ef1 r\u01b0\u1eddm r\u00e0 khi l\u1eafp \u0111\u1eb7t.<\/span><\/p>\n<p style=\"text-align: justify;\"><span style=\"font-size: 14pt;\">3. \u0110\u1ed9 k\u00edn IP67 ch\u1ed1ng n\u01b0\u1edbc: S\u1ea3n ph\u1ea9m n\u00e0y \u0111\u01b0\u1ee3c thi\u1ebft k\u1ebf v\u1edbi \u0111\u1ed9 k\u00edn IP67, c\u00f3 kh\u1ea3 n\u0103ng ch\u1ed1ng n\u01b0\u1edbc tuy\u1ec7t \u0111\u1ed1i. \u0110i\u1ec1u n\u00e0y cho ph\u00e9p b\u1ea1n s\u1eed d\u1ee5ng \u0111\u1ea7u n\u1ed1i VL-Y-Y001 trong m\u00f4i tr\u01b0\u1eddng ngo\u00e0i tr\u1eddi m\u00e0 kh\u00f4ng c\u1ea7n lo l\u1eafng v\u1ec1 t\u00e1c \u0111\u1ed9ng c\u1ee7a th\u1eddi ti\u1ebft ho\u1eb7c c\u00e1c y\u1ebfu t\u1ed1 m\u00f4i tr\u01b0\u1eddng kh\u00e1c. S\u1ea3n ph\u1ea9m n\u00e0y s\u1ebd b\u1ea3o v\u1ec7 h\u1ec7 th\u1ed1ng \u00e1nh s\u00e1ng c\u1ee7a b\u1ea1n kh\u1ecfi n\u01b0\u1edbc, b\u1ee5i v\u00e0 c\u00e1c t\u00e1c nh\u00e2n g\u00e2y h\u1ea1i kh\u00e1c.<\/span><\/p>\n<p style=\"text-align: justify;\"><span style=\"font-size: 14pt;\">4. Ph\u00e2n ph\u1ed1i ch\u00ednh h\u00e3ng b\u1edfi Vilight.vn: \u0110\u1ea7u n\u1ed1i VL-Y-Y001 \u0111\u01b0\u1ee3c ph\u00e2n ph\u1ed1i ch\u00ednh h\u00e3ng b\u1edfi Vilight.vn &#8211; m\u1ed9t \u0111\u01a1n v\u1ecb uy t\u00edn trong l\u0129nh v\u1ef1c thi\u1ebft b\u1ecb chi\u1ebfu s\u00e1ng v\u00e0 \u00e1nh s\u00e1ng ngh\u1ec7 thu\u1eadt. V\u1edbi s\u1ef1 cam k\u1ebft v\u1ec1 ch\u1ea5t l\u01b0\u1ee3ng v\u00e0 d\u1ecbch v\u1ee5, b\u1ea1n c\u00f3 th\u1ec3 tin t\u01b0\u1edfng v\u00e0o s\u1ea3n ph\u1ea9m n\u00e0y v\u00e0 \u0111\u1ea3m b\u1ea3o r\u1eb1ng b\u1ea1n \u0111ang mua m\u1ed9t s\u1ea3n ph\u1ea9m ch\u00ednh h\u00e3ng v\u00e0 \u0111\u00e1ng tin c\u1eady.<\/span><\/p>\n<p style=\"text-align: justify;\"><span style=\"font-size: 14pt;\"><a href=\"https:\/\/vilight.vn\/website\/wp-content\/uploads\/2021\/06\/Y001.jpg\"><img decoding=\"async\" class=\"aligncenter wp-image-1425 lazyload\" data-src=\"https:\/\/vilight.vn\/website\/wp-content\/uploads\/2021\/06\/Y001.jpg\" alt=\"\u0110\u1ea7u n\u1ed1i VL-Y-Y001\" width=\"1500\" height=\"393\" data-srcset=\"https:\/\/vilight.vn\/website\/wp-content\/uploads\/2021\/06\/Y001.jpg 1200w, https:\/\/vilight.vn\/website\/wp-content\/uploads\/2021\/06\/Y001-800x209.jpg 800w, https:\/\/vilight.vn\/website\/wp-content\/uploads\/2021\/06\/Y001-300x79.jpg 300w, https:\/\/vilight.vn\/website\/wp-content\/uploads\/2021\/06\/Y001-1024x268.jpg 1024w, https:\/\/vilight.vn\/website\/wp-content\/uploads\/2021\/06\/Y001-768x201.jpg 768w, https:\/\/vilight.vn\/website\/wp-content\/uploads\/2021\/06\/Y001-16x4.jpg 16w, https:\/\/vilight.vn\/website\/wp-content\/uploads\/2021\/06\/Y001-260x68.jpg 260w, https:\/\/vilight.vn\/website\/wp-content\/uploads\/2021\/06\/Y001-50x13.jpg 50w, https:\/\/vilight.vn\/website\/wp-content\/uploads\/2021\/06\/Y001-150x39.jpg 150w, https:\/\/vilight.vn\/website\/wp-content\/uploads\/2021\/06\/Y001-600x157.jpg 600w\" data-sizes=\"(max-width:767px) 480px, (max-width:1500px) 100vw, 1500px\" src=\"data:image\/svg+xml;base64,PHN2ZyB3aWR0aD0iMSIgaGVpZ2h0PSIxIiB4bWxucz0iaHR0cDovL3d3dy53My5vcmcvMjAwMC9zdmciPjwvc3ZnPg==\" style=\"--smush-placeholder-width: 1500px; --smush-placeholder-aspect-ratio: 1500\/393;\" \/><\/a><\/span><\/p>\n<p style=\"text-align: justify;\"><span style=\"color: #ffffff; font-size: 14pt;\">\u0110\u1ea7u n\u1ed1i ch\u1eef y. \u0110\u1ea7u n\u1ed1i c\u1ea5p ngu\u1ed3n ch\u1eef y. \u0110\u1ea7u Y. \u0111\u1ea7u n\u1ed1i .\u00a0<\/span><\/p>\n","protected":false},"excerpt":{"rendered":"<p><span style=\"font-size: 14pt;\">\u0110\u1ea7u n\u1ed1i VL-Y001 l\u00e0 m\u1ed9t s\u1ea3n ph\u1ea9m \u0111\u00e1ng tin c\u1eady v\u00e0 ch\u1ea5t l\u01b0\u1ee3ng cao \u0111\u01b0\u1ee3c thi\u1ebft k\u1ebf \u0111\u1eb7c bi\u1ec7t \u0111\u1ec3 cung c\u1ea5p ngu\u1ed3n cho h\u1ec7 th\u1ed1ng \u0111\u00e8n LED \u0111i\u1ec3m. V\u1edbi kh\u1ea3 n\u0103ng ch\u1ed1ng n\u01b0\u1edbc tuy\u1ec7t \u0111\u1ed1i v\u1edbi \u0111\u1ed9 k\u00edn IP67, s\u1ea3n ph\u1ea9m n\u00e0y l\u00e0 s\u1ef1 l\u1ef1a ch\u1ecdn ho\u00e0n h\u1ea3o cho c\u00e1c \u1ee9ng d\u1ee5ng ngo\u00e0i tr\u1eddi, \u0111\u1ea3m b\u1ea3o t\u00ednh \u1ed5n \u0111\u1ecbnh v\u00e0 \u0111\u1ed9 b\u1ec1n cho h\u1ec7 th\u1ed1ng \u00e1nh s\u00e1ng c\u1ee7a b\u1ea1n.<\/span><\/p>\n","protected":false},"featured_media":1426,"template":"","meta":[],"product_brand":[],"product_cat":[196,194],"product_tag":[],"class_list":{"0":"post-1424","1":"product","2":"type-product","3":"status-publish","4":"has-post-thumbnail","6":"product_cat-dau-noi","7":"product_cat-phu-kien-2","9":"first","10":"instock","11":"taxable","12":"shipping-taxable","13":"product-type-simple"},"yoast_head":"<!-- This site is optimized with the Yoast SEO Premium plugin v27.4 (Yoast SEO v27.4) - https:\/\/yoast.com\/product\/yoast-seo-premium-wordpress\/ -->\n<title>\u0110\u1ea7u n\u1ed1i VL-Y001 - Vilight Co.ltd<\/title>\n<meta name=\"description\" content=\"\u0110\u1ea7u n\u1ed1i VL-Y001 l\u00e0 lo\u1ea1i \u0111\u1ea7u n\u1ed1i ch\u1ea5t l\u01b0\u1ee3ng cao, d\u00f9ng \u0111\u1ec3 c\u1ea5p ngu\u1ed3n cho h\u1ec7 th\u1ed1ng \u0111\u00e8n LED \u0111i\u1ec3m. S\u1ef1 l\u1ef1a ch\u1ecdn ho\u00e0n h\u1ea3o cho c\u00e1c \u1ee9ng d\u1ee5ng ngo\u00e0i tr\u1eddi.\" \/>\n<meta name=\"robots\" content=\"index, follow, max-snippet:-1, max-image-preview:large, max-video-preview:-1\" \/>\n<link rel=\"canonical\" href=\"https:\/\/vilight.vn\/website\/san-pham\/phu-kien-2\/dau-noi\/dau-noi-vl-y-y001\/\" \/>\n<meta property=\"og:locale\" content=\"vi_VN\" \/>\n<meta property=\"og:type\" content=\"article\" \/>\n<meta property=\"og:title\" content=\"\u0110\u1ea7u n\u1ed1i VL-Y001\" \/>\n<meta property=\"og:description\" content=\"\u0110\u1ea7u n\u1ed1i VL-Y001 l\u00e0 m\u1ed9t s\u1ea3n ph\u1ea9m \u0111\u00e1ng tin c\u1eady v\u00e0 ch\u1ea5t l\u01b0\u1ee3ng cao \u0111\u01b0\u1ee3c thi\u1ebft k\u1ebf \u0111\u1eb7c bi\u1ec7t \u0111\u1ec3 cung c\u1ea5p ngu\u1ed3n cho h\u1ec7 th\u1ed1ng \u0111\u00e8n LED \u0111i\u1ec3m. V\u1edbi kh\u1ea3 n\u0103ng ch\u1ed1ng n\u01b0\u1edbc tuy\u1ec7t \u0111\u1ed1i v\u1edbi \u0111\u1ed9 k\u00edn IP67, s\u1ea3n ph\u1ea9m n\u00e0y l\u00e0 s\u1ef1 l\u1ef1a ch\u1ecdn ho\u00e0n h\u1ea3o cho c\u00e1c \u1ee9ng d\u1ee5ng ngo\u00e0i tr\u1eddi, \u0111\u1ea3m b\u1ea3o t\u00ednh \u1ed5n \u0111\u1ecbnh v\u00e0 \u0111\u1ed9 b\u1ec1n cho h\u1ec7 th\u1ed1ng \u00e1nh s\u00e1ng c\u1ee7a b\u1ea1n.\" \/>\n<meta property=\"og:url\" content=\"https:\/\/vilight.vn\/website\/san-pham\/phu-kien-2\/dau-noi\/dau-noi-vl-y-y001\/\" \/>\n<meta property=\"og:site_name\" content=\"Vilight Co.ltd\" \/>\n<meta property=\"article:publisher\" content=\"http:\/\/facebook.com\/vilight.vn\" \/>\n<meta property=\"article:modified_time\" content=\"2024-09-25T07:01:21+00:00\" \/>\n<meta property=\"og:image\" content=\"https:\/\/vilight.vn\/website\/wp-content\/uploads\/2021\/06\/Y001-Lgo.jpg\" \/>\n\t<meta property=\"og:image:width\" content=\"600\" \/>\n\t<meta property=\"og:image:height\" content=\"520\" \/>\n\t<meta property=\"og:image:type\" content=\"image\/jpeg\" \/>\n<meta name=\"twitter:card\" content=\"summary_large_image\" \/>\n<meta name=\"twitter:label1\" content=\"Gi\u00e1\" \/>\n\t<meta name=\"twitter:data1\" content=\"\" \/>\n\t<meta name=\"twitter:label2\" content=\"Kh\u1ea3 d\u1ee5ng\" \/>\n\t<meta name=\"twitter:data2\" content=\"Trong kho\" \/>\n<script type=\"application\/ld+json\" class=\"yoast-schema-graph\">{\"@context\":\"https:\\\/\\\/schema.org\",\"@graph\":[{\"@type\":\"WebPage\",\"@id\":\"https:\\\/\\\/vilight.vn\\\/website\\\/san-pham\\\/phu-kien-2\\\/dau-noi\\\/dau-noi-vl-y-y001\\\/\",\"url\":\"https:\\\/\\\/vilight.vn\\\/website\\\/san-pham\\\/phu-kien-2\\\/dau-noi\\\/dau-noi-vl-y-y001\\\/\",\"name\":\"\u0110\u1ea7u n\u1ed1i VL-Y001 - Vilight Co.ltd\",\"isPartOf\":{\"@id\":\"https:\\\/\\\/vilight.vn\\\/website\\\/#website\"},\"primaryImageOfPage\":{\"@id\":\"https:\\\/\\\/vilight.vn\\\/website\\\/san-pham\\\/phu-kien-2\\\/dau-noi\\\/dau-noi-vl-y-y001\\\/#primaryimage\"},\"image\":{\"@id\":\"https:\\\/\\\/vilight.vn\\\/website\\\/san-pham\\\/phu-kien-2\\\/dau-noi\\\/dau-noi-vl-y-y001\\\/#primaryimage\"},\"thumbnailUrl\":\"https:\\\/\\\/vilight.vn\\\/website\\\/wp-content\\\/uploads\\\/2021\\\/06\\\/Y001-Lgo.jpg\",\"datePublished\":\"2021-06-27T11:28:57+00:00\",\"dateModified\":\"2024-09-25T07:01:21+00:00\",\"description\":\"\u0110\u1ea7u n\u1ed1i VL-Y001 l\u00e0 lo\u1ea1i \u0111\u1ea7u n\u1ed1i ch\u1ea5t l\u01b0\u1ee3ng cao, d\u00f9ng \u0111\u1ec3 c\u1ea5p ngu\u1ed3n cho h\u1ec7 th\u1ed1ng \u0111\u00e8n LED \u0111i\u1ec3m. S\u1ef1 l\u1ef1a ch\u1ecdn ho\u00e0n h\u1ea3o cho c\u00e1c \u1ee9ng d\u1ee5ng ngo\u00e0i tr\u1eddi.\",\"breadcrumb\":{\"@id\":\"https:\\\/\\\/vilight.vn\\\/website\\\/san-pham\\\/phu-kien-2\\\/dau-noi\\\/dau-noi-vl-y-y001\\\/#breadcrumb\"},\"inLanguage\":\"vi\",\"potentialAction\":[{\"@type\":\"ReadAction\",\"target\":[\"https:\\\/\\\/vilight.vn\\\/website\\\/san-pham\\\/phu-kien-2\\\/dau-noi\\\/dau-noi-vl-y-y001\\\/\"]}]},{\"@type\":\"ImageObject\",\"inLanguage\":\"vi\",\"@id\":\"https:\\\/\\\/vilight.vn\\\/website\\\/san-pham\\\/phu-kien-2\\\/dau-noi\\\/dau-noi-vl-y-y001\\\/#primaryimage\",\"url\":\"https:\\\/\\\/vilight.vn\\\/website\\\/wp-content\\\/uploads\\\/2021\\\/06\\\/Y001-Lgo.jpg\",\"contentUrl\":\"https:\\\/\\\/vilight.vn\\\/website\\\/wp-content\\\/uploads\\\/2021\\\/06\\\/Y001-Lgo.jpg\",\"width\":600,\"height\":520,\"caption\":\"\u0110\u1ea7u n\u1ed1i VL-Y-Y001\"},{\"@type\":\"BreadcrumbList\",\"@id\":\"https:\\\/\\\/vilight.vn\\\/website\\\/san-pham\\\/phu-kien-2\\\/dau-noi\\\/dau-noi-vl-y-y001\\\/#breadcrumb\",\"itemListElement\":[{\"@type\":\"ListItem\",\"position\":1,\"name\":\"Home\",\"item\":\"https:\\\/\\\/vilight.vn\\\/website\\\/\"},{\"@type\":\"ListItem\",\"position\":2,\"name\":\"store\",\"item\":\"https:\\\/\\\/vilight.vn\\\/website\\\/store\\\/\"},{\"@type\":\"ListItem\",\"position\":3,\"name\":\"\u0110\u1ea7u n\u1ed1i VL-Y001\"}]},{\"@type\":\"WebSite\",\"@id\":\"https:\\\/\\\/vilight.vn\\\/website\\\/#website\",\"url\":\"https:\\\/\\\/vilight.vn\\\/website\\\/\",\"name\":\"Vilight Co.ltd\",\"description\":\"Chi\u1ebfu s\u00e1ng m\u1ef9 thu\u1eadt, chi\u1ebfu s\u00e1ng th\u00f4ng minh, LED Pixel 3D, chi\u1ebfu s\u00e1ng trang tr\u00ed \u0111\u00f4 th\u1ecb, chi\u1ebfu s\u00e1ng v\u00f2ng xoay, chi\u1ebfu s\u00e1ng \u0111\u1ea3o giao th\u00f4ng, c\u1ed5ng ch\u00e0o \u0111\u00f4 th\u1ecb\",\"publisher\":{\"@id\":\"https:\\\/\\\/vilight.vn\\\/website\\\/#organization\"},\"potentialAction\":[{\"@type\":\"SearchAction\",\"target\":{\"@type\":\"EntryPoint\",\"urlTemplate\":\"https:\\\/\\\/vilight.vn\\\/website\\\/?s={search_term_string}\"},\"query-input\":{\"@type\":\"PropertyValueSpecification\",\"valueRequired\":true,\"valueName\":\"search_term_string\"}}],\"inLanguage\":\"vi\"},{\"@type\":\"Organization\",\"@id\":\"https:\\\/\\\/vilight.vn\\\/website\\\/#organization\",\"name\":\"Vilight\",\"url\":\"https:\\\/\\\/vilight.vn\\\/website\\\/\",\"logo\":{\"@type\":\"ImageObject\",\"inLanguage\":\"vi\",\"@id\":\"https:\\\/\\\/vilight.vn\\\/website\\\/#\\\/schema\\\/logo\\\/image\\\/\",\"url\":\"https:\\\/\\\/vilight.vn\\\/website\\\/wp-content\\\/uploads\\\/2022\\\/05\\\/chieu_sang_trang_tri_do_thi_bang_den_led_pixel.png\",\"contentUrl\":\"https:\\\/\\\/vilight.vn\\\/website\\\/wp-content\\\/uploads\\\/2022\\\/05\\\/chieu_sang_trang_tri_do_thi_bang_den_led_pixel.png\",\"width\":800,\"height\":427,\"caption\":\"Vilight\"},\"image\":{\"@id\":\"https:\\\/\\\/vilight.vn\\\/website\\\/#\\\/schema\\\/logo\\\/image\\\/\"},\"sameAs\":[\"http:\\\/\\\/facebook.com\\\/vilight.vn\",\"https:\\\/\\\/www.linkedin.com\\\/company\\\/vilight-vn\",\"https:\\\/\\\/www.youtube.com\\\/channel\\\/UCEwR2naeDcuarMX1kSv_rLQ\\\/videos\"]}]}<\/script>\n<meta property=\"product:brand\" content=\"\u0110\u1ea7u n\u1ed1i\" \/>\n<meta property=\"product:price:currency\" content=\"VND\" \/>\n<meta property=\"og:availability\" content=\"instock\" \/>\n<meta property=\"product:availability\" content=\"instock\" \/>\n<meta property=\"product:condition\" content=\"new\" \/>\n<!-- \/ Yoast SEO Premium plugin. -->","yoast_head_json":{"title":"\u0110\u1ea7u n\u1ed1i VL-Y001 - Vilight Co.ltd","description":"\u0110\u1ea7u n\u1ed1i VL-Y001 l\u00e0 lo\u1ea1i \u0111\u1ea7u n\u1ed1i ch\u1ea5t l\u01b0\u1ee3ng cao, d\u00f9ng \u0111\u1ec3 c\u1ea5p ngu\u1ed3n cho h\u1ec7 th\u1ed1ng \u0111\u00e8n LED \u0111i\u1ec3m. S\u1ef1 l\u1ef1a ch\u1ecdn ho\u00e0n h\u1ea3o cho c\u00e1c \u1ee9ng d\u1ee5ng ngo\u00e0i tr\u1eddi.","robots":{"index":"index","follow":"follow","max-snippet":"max-snippet:-1","max-image-preview":"max-image-preview:large","max-video-preview":"max-video-preview:-1"},"canonical":"https:\/\/vilight.vn\/website\/san-pham\/phu-kien-2\/dau-noi\/dau-noi-vl-y-y001\/","og_locale":"vi_VN","og_type":"article","og_title":"\u0110\u1ea7u n\u1ed1i VL-Y001","og_description":"\u0110\u1ea7u n\u1ed1i VL-Y001 l\u00e0 m\u1ed9t s\u1ea3n ph\u1ea9m \u0111\u00e1ng tin c\u1eady v\u00e0 ch\u1ea5t l\u01b0\u1ee3ng cao \u0111\u01b0\u1ee3c thi\u1ebft k\u1ebf \u0111\u1eb7c bi\u1ec7t \u0111\u1ec3 cung c\u1ea5p ngu\u1ed3n cho h\u1ec7 th\u1ed1ng \u0111\u00e8n LED \u0111i\u1ec3m. V\u1edbi kh\u1ea3 n\u0103ng ch\u1ed1ng n\u01b0\u1edbc tuy\u1ec7t \u0111\u1ed1i v\u1edbi \u0111\u1ed9 k\u00edn IP67, s\u1ea3n ph\u1ea9m n\u00e0y l\u00e0 s\u1ef1 l\u1ef1a ch\u1ecdn ho\u00e0n h\u1ea3o cho c\u00e1c \u1ee9ng d\u1ee5ng ngo\u00e0i tr\u1eddi, \u0111\u1ea3m b\u1ea3o t\u00ednh \u1ed5n \u0111\u1ecbnh v\u00e0 \u0111\u1ed9 b\u1ec1n cho h\u1ec7 th\u1ed1ng \u00e1nh s\u00e1ng c\u1ee7a b\u1ea1n.","og_url":"https:\/\/vilight.vn\/website\/san-pham\/phu-kien-2\/dau-noi\/dau-noi-vl-y-y001\/","og_site_name":"Vilight Co.ltd","article_publisher":"http:\/\/facebook.com\/vilight.vn","article_modified_time":"2024-09-25T07:01:21+00:00","og_image":[{"width":600,"height":520,"url":"https:\/\/vilight.vn\/website\/wp-content\/uploads\/2021\/06\/Y001-Lgo.jpg","type":"image\/jpeg"}],"twitter_card":"summary_large_image","twitter_misc":{"Gi\u00e1":"","Kh\u1ea3 d\u1ee5ng":"Trong kho"},"schema":{"@context":"https:\/\/schema.org","@graph":[{"@type":"WebPage","@id":"https:\/\/vilight.vn\/website\/san-pham\/phu-kien-2\/dau-noi\/dau-noi-vl-y-y001\/","url":"https:\/\/vilight.vn\/website\/san-pham\/phu-kien-2\/dau-noi\/dau-noi-vl-y-y001\/","name":"\u0110\u1ea7u n\u1ed1i VL-Y001 - Vilight Co.ltd","isPartOf":{"@id":"https:\/\/vilight.vn\/website\/#website"},"primaryImageOfPage":{"@id":"https:\/\/vilight.vn\/website\/san-pham\/phu-kien-2\/dau-noi\/dau-noi-vl-y-y001\/#primaryimage"},"image":{"@id":"https:\/\/vilight.vn\/website\/san-pham\/phu-kien-2\/dau-noi\/dau-noi-vl-y-y001\/#primaryimage"},"thumbnailUrl":"https:\/\/vilight.vn\/website\/wp-content\/uploads\/2021\/06\/Y001-Lgo.jpg","datePublished":"2021-06-27T11:28:57+00:00","dateModified":"2024-09-25T07:01:21+00:00","description":"\u0110\u1ea7u n\u1ed1i VL-Y001 l\u00e0 lo\u1ea1i \u0111\u1ea7u n\u1ed1i ch\u1ea5t l\u01b0\u1ee3ng cao, d\u00f9ng \u0111\u1ec3 c\u1ea5p ngu\u1ed3n cho h\u1ec7 th\u1ed1ng \u0111\u00e8n LED \u0111i\u1ec3m. S\u1ef1 l\u1ef1a ch\u1ecdn ho\u00e0n h\u1ea3o cho c\u00e1c \u1ee9ng d\u1ee5ng ngo\u00e0i tr\u1eddi.","breadcrumb":{"@id":"https:\/\/vilight.vn\/website\/san-pham\/phu-kien-2\/dau-noi\/dau-noi-vl-y-y001\/#breadcrumb"},"inLanguage":"vi","potentialAction":[{"@type":"ReadAction","target":["https:\/\/vilight.vn\/website\/san-pham\/phu-kien-2\/dau-noi\/dau-noi-vl-y-y001\/"]}]},{"@type":"ImageObject","inLanguage":"vi","@id":"https:\/\/vilight.vn\/website\/san-pham\/phu-kien-2\/dau-noi\/dau-noi-vl-y-y001\/#primaryimage","url":"https:\/\/vilight.vn\/website\/wp-content\/uploads\/2021\/06\/Y001-Lgo.jpg","contentUrl":"https:\/\/vilight.vn\/website\/wp-content\/uploads\/2021\/06\/Y001-Lgo.jpg","width":600,"height":520,"caption":"\u0110\u1ea7u n\u1ed1i VL-Y-Y001"},{"@type":"BreadcrumbList","@id":"https:\/\/vilight.vn\/website\/san-pham\/phu-kien-2\/dau-noi\/dau-noi-vl-y-y001\/#breadcrumb","itemListElement":[{"@type":"ListItem","position":1,"name":"Home","item":"https:\/\/vilight.vn\/website\/"},{"@type":"ListItem","position":2,"name":"store","item":"https:\/\/vilight.vn\/website\/store\/"},{"@type":"ListItem","position":3,"name":"\u0110\u1ea7u n\u1ed1i VL-Y001"}]},{"@type":"WebSite","@id":"https:\/\/vilight.vn\/website\/#website","url":"https:\/\/vilight.vn\/website\/","name":"Vilight Co.ltd","description":"Chi\u1ebfu s\u00e1ng m\u1ef9 thu\u1eadt, chi\u1ebfu s\u00e1ng th\u00f4ng minh, LED Pixel 3D, chi\u1ebfu s\u00e1ng trang tr\u00ed \u0111\u00f4 th\u1ecb, chi\u1ebfu s\u00e1ng v\u00f2ng xoay, chi\u1ebfu s\u00e1ng \u0111\u1ea3o giao th\u00f4ng, c\u1ed5ng ch\u00e0o \u0111\u00f4 th\u1ecb","publisher":{"@id":"https:\/\/vilight.vn\/website\/#organization"},"potentialAction":[{"@type":"SearchAction","target":{"@type":"EntryPoint","urlTemplate":"https:\/\/vilight.vn\/website\/?s={search_term_string}"},"query-input":{"@type":"PropertyValueSpecification","valueRequired":true,"valueName":"search_term_string"}}],"inLanguage":"vi"},{"@type":"Organization","@id":"https:\/\/vilight.vn\/website\/#organization","name":"Vilight","url":"https:\/\/vilight.vn\/website\/","logo":{"@type":"ImageObject","inLanguage":"vi","@id":"https:\/\/vilight.vn\/website\/#\/schema\/logo\/image\/","url":"https:\/\/vilight.vn\/website\/wp-content\/uploads\/2022\/05\/chieu_sang_trang_tri_do_thi_bang_den_led_pixel.png","contentUrl":"https:\/\/vilight.vn\/website\/wp-content\/uploads\/2022\/05\/chieu_sang_trang_tri_do_thi_bang_den_led_pixel.png","width":800,"height":427,"caption":"Vilight"},"image":{"@id":"https:\/\/vilight.vn\/website\/#\/schema\/logo\/image\/"},"sameAs":["http:\/\/facebook.com\/vilight.vn","https:\/\/www.linkedin.com\/company\/vilight-vn","https:\/\/www.youtube.com\/channel\/UCEwR2naeDcuarMX1kSv_rLQ\/videos"]}]},"product_brand":"\u0110\u1ea7u n\u1ed1i","product_price_currency":"VND","og_availability":"instock","product_availability":"instock","product_condition":"new"},"_links":{"self":[{"href":"https:\/\/vilight.vn\/website\/wp-json\/wp\/v2\/product\/1424","targetHints":{"allow":["GET"]}}],"collection":[{"href":"https:\/\/vilight.vn\/website\/wp-json\/wp\/v2\/product"}],"about":[{"href":"https:\/\/vilight.vn\/website\/wp-json\/wp\/v2\/types\/product"}],"wp:featuredmedia":[{"embeddable":true,"href":"https:\/\/vilight.vn\/website\/wp-json\/wp\/v2\/media\/1426"}],"wp:attachment":[{"href":"https:\/\/vilight.vn\/website\/wp-json\/wp\/v2\/media?parent=1424"}],"wp:term":[{"taxonomy":"product_brand","embeddable":true,"href":"https:\/\/vilight.vn\/website\/wp-json\/wp\/v2\/product_brand?post=1424"},{"taxonomy":"product_cat","embeddable":true,"href":"https:\/\/vilight.vn\/website\/wp-json\/wp\/v2\/product_cat?post=1424"},{"taxonomy":"product_tag","embeddable":true,"href":"https:\/\/vilight.vn\/website\/wp-json\/wp\/v2\/product_tag?post=1424"}],"curies":[{"name":"wp","href":"https:\/\/api.w.org\/{rel}","templated":true}]}}