{"id":1427,"date":"2021-06-27T18:30:45","date_gmt":"2021-06-27T11:30:45","guid":{"rendered":"https:\/\/vilight.vn\/website\/?post_type=product&#038;p=1427"},"modified":"2024-09-25T12:02:27","modified_gmt":"2024-09-25T05:02:27","slug":"dau-noi-vl-t001","status":"publish","type":"product","link":"https:\/\/vilight.vn\/website\/san-pham\/phu-kien-2\/dau-noi\/dau-noi-vl-t001\/","title":{"rendered":"\u0110\u1ea7u n\u1ed1i VL-T001"},"content":{"rendered":"<h2>Gi\u1edbi thi\u1ec7u \u0110\u1ea7u n\u1ed1i VL-T001<\/h2>\n<p style=\"text-align: justify;\"><span style=\"font-size: 14pt;\">Truy\u1ec1n t\u00edn hi\u1ec7u DMX 512 \u0111\u00e3 tr\u1edf th\u00e0nh m\u1ed9t y\u1ebfu t\u1ed1 quan tr\u1ecdng trong c\u00e1c h\u1ec7 th\u1ed1ng chi\u1ebfu s\u00e1ng chuy\u00ean nghi\u1ec7p, \u0111\u1eb7c bi\u1ec7t l\u00e0 trong vi\u1ec7c \u0111i\u1ec1u khi\u1ec3n \u0111\u00e8n Led pixel. V\u00e0 \u0111\u1ec3 \u0111\u1ea3m b\u1ea3o hi\u1ec7u su\u1ea5t t\u1ed1i \u0111a v\u00e0 an to\u00e0n cho qu\u00e1 tr\u00ecnh s\u1eed d\u1ee5ng, \u0111\u1ea7u n\u1ed1i VL-T001 c\u1ee7a Vilight \u0111\u00e3 ra \u0111\u1eddi.<\/span><\/p>\n<p style=\"text-align: justify;\"><span style=\"font-size: 14pt;\">\u0110\u1ea7u n\u1ed1i VL-T001 l\u00e0 m\u1ed9t gi\u1ea3i ph\u00e1p \u0111\u00e1ng tin c\u1eady \u0111\u1ec3 truy\u1ec1n t\u00edn hi\u1ec7u DMX 512 v\u00e0 c\u1ea5p ngu\u1ed3n cho h\u1ec7 th\u1ed1ng \u0111\u00e8n Led pixel. V\u1edbi ch\u1ea5t li\u1ec7u nh\u1ef1a \u0111\u1eb7c bi\u1ec7t \u0111\u01b0\u1ee3c s\u1eed d\u1ee5ng, \u0111\u1ea7u n\u1ed1i n\u00e0y \u0111\u1ea1t ti\u00eau chu\u1ea9n ch\u1ed1ng n\u01b0\u1edbc IP67, mang l\u1ea1i kh\u1ea3 n\u0103ng ch\u1ed1ng th\u1ea5m n\u01b0\u1edbc tuy\u1ec7t \u0111\u1ed1i. \u0110i\u1ec1u n\u00e0y \u0111\u1ea3m b\u1ea3o r\u1eb1ng s\u1ea3n ph\u1ea9m c\u00f3 th\u1ec3 ho\u1ea1t \u0111\u1ed9ng \u1ed5n \u0111\u1ecbnh trong m\u00f4i tr\u01b0\u1eddng \u1ea9m \u01b0\u1edbt, trong nh\u1eefng \u0111i\u1ec1u ki\u1ec7n th\u1eddi ti\u1ebft kh\u1eafc nghi\u1ec7t v\u00e0 trong c\u00e1c \u1ee9ng d\u1ee5ng ngo\u00e0i tr\u1eddi.<\/span><\/p>\n<p style=\"text-align: justify;\"><span style=\"font-size: 14pt;\">V\u1edbi thi\u1ebft k\u1ebf \u0111\u01a1n gi\u1ea3n nh\u01b0ng ch\u1ea5t l\u01b0\u1ee3ng, \u0111\u1ea7u n\u1ed1i VL-T001 \u0111\u01b0\u1ee3c trang b\u1ecb hai \u0111\u1ea7u n\u1ed1i &#8211; \u0111\u1ea7u \u0111\u1ef1c v\u00e0 \u0111\u1ea7u c\u00e1i. C\u1ea3 hai \u0111\u1ea7u n\u1ed1i n\u00e0y \u0111\u1ec1u c\u00f3 kh\u1edbp n\u1ed1i linh ho\u1ea1t, gi\u00fap d\u1ec5 d\u00e0ng \u0111\u1ea5u n\u1ed1i v\u1edbi c\u00e1c thi\u1ebft b\u1ecb kh\u00e1c. \u0110i\u1ec1u n\u00e0y mang l\u1ea1i s\u1ef1 thu\u1eadn ti\u1ec7n v\u00e0 linh ho\u1ea1t cho vi\u1ec7c c\u00e0i \u0111\u1eb7t v\u00e0 k\u1ebft n\u1ed1i h\u1ec7 th\u1ed1ng.<\/span><\/p>\n<p style=\"text-align: justify;\"><span style=\"font-size: 14pt;\">S\u1ea3n ph\u1ea9m \u0111\u1ea7u n\u1ed1i VL-T001 \u0111\u01b0\u1ee3c nh\u1eadp kh\u1ea9u v\u00e0 ph\u00e2n ph\u1ed1i ch\u00ednh h\u00e3ng b\u1edfi Vilight, m\u1ed9t th\u01b0\u01a1ng hi\u1ec7u n\u1ed5i ti\u1ebfng v\u00e0 \u0111\u00e1ng tin c\u1eady trong l\u0129nh v\u1ef1c \u00e1nh s\u00e1ng v\u00e0 truy\u1ec1n t\u00edn hi\u1ec7u. V\u1edbi cam k\u1ebft ch\u1ea5t l\u01b0\u1ee3ng v\u00e0 d\u1ecbch v\u1ee5 h\u1ed7 tr\u1ee3 sau b\u00e1n h\u00e0ng t\u1ed1t, b\u1ea1n c\u00f3 th\u1ec3 y\u00ean t\u00e2m v\u1ec1 hi\u1ec7u su\u1ea5t v\u00e0 \u0111\u1ed9 b\u1ec1n c\u1ee7a s\u1ea3n ph\u1ea9m.<\/span><\/p>\n<p style=\"text-align: justify;\"><span style=\"font-size: 14pt;\">\u0110\u1ea7u n\u1ed1i VL-T001 l\u00e0 m\u1ed9t l\u1ef1a ch\u1ecdn l\u00fd t\u01b0\u1edfng cho c\u00e1c chuy\u00ean gia \u00e1nh s\u00e1ng, nh\u00e0 thi\u1ebft k\u1ebf v\u00e0 nh\u1eefng ng\u01b0\u1eddi \u0111am m\u00ea \u0111\u00e8n Led pixel. V\u1edbi kh\u1ea3 n\u0103ng ch\u1ed1ng n\u01b0\u1edbc cao c\u1ea5p v\u00e0 t\u00ednh linh ho\u1ea1t trong vi\u1ec7c k\u1ebft n\u1ed1i, s\u1ea3n ph\u1ea9m n\u00e0y \u0111\u00e1ng gi\u00e1 \u0111\u1ec3 \u0111\u1ea7u t\u01b0 v\u00e0 l\u00e0m n\u1ed5i b\u1eadt h\u1ec7 th\u1ed1ng \u00e1nh s\u00e1ng c\u1ee7a b\u1ea1n.<\/span><\/p>\n<p style=\"text-align: justify;\"><span style=\"font-size: 14pt;\">H\u00e3y tr\u1ea3i nghi\u1ec7m s\u1ef1 ti\u1ec7n l\u1ee3i v\u00e0 \u0111\u1ed9 tin c\u1eady c\u1ee7a \u0111\u1ea7u n\u1ed1i VL-T001 t\u1eeb Vilight v\u00e0 mang \u0111\u1ebfn cho kh\u00f4ng gian \u00e1nh s\u00e1ng c\u1ee7a b\u1ea1n nh\u1eefng hi\u1ec7u \u1ee9ng tuy\u1ec7t v\u1eddi v\u00e0 \u1ea5n t\u01b0\u1ee3ng.<\/span><\/p>\n<p style=\"text-align: justify;\"><span style=\"font-size: 14pt;\"><a href=\"https:\/\/vilight.vn\/website\/wp-content\/uploads\/2021\/06\/T001-Tee.jpg\"><img decoding=\"async\" class=\"aligncenter wp-image-1428 lazyload\" data-src=\"https:\/\/vilight.vn\/website\/wp-content\/uploads\/2021\/06\/T001-Tee.jpg\" alt=\"\u0110\u1ea7u n\u1ed1i VL-T001\" width=\"1500\" height=\"420\" data-srcset=\"https:\/\/vilight.vn\/website\/wp-content\/uploads\/2021\/06\/T001-Tee.jpg 1200w, https:\/\/vilight.vn\/website\/wp-content\/uploads\/2021\/06\/T001-Tee-800x224.jpg 800w, https:\/\/vilight.vn\/website\/wp-content\/uploads\/2021\/06\/T001-Tee-300x84.jpg 300w, https:\/\/vilight.vn\/website\/wp-content\/uploads\/2021\/06\/T001-Tee-1024x287.jpg 1024w, https:\/\/vilight.vn\/website\/wp-content\/uploads\/2021\/06\/T001-Tee-768x215.jpg 768w, https:\/\/vilight.vn\/website\/wp-content\/uploads\/2021\/06\/T001-Tee-16x4.jpg 16w, https:\/\/vilight.vn\/website\/wp-content\/uploads\/2021\/06\/T001-Tee-260x73.jpg 260w, https:\/\/vilight.vn\/website\/wp-content\/uploads\/2021\/06\/T001-Tee-50x14.jpg 50w, https:\/\/vilight.vn\/website\/wp-content\/uploads\/2021\/06\/T001-Tee-150x42.jpg 150w, https:\/\/vilight.vn\/website\/wp-content\/uploads\/2021\/06\/T001-Tee-600x168.jpg 600w\" data-sizes=\"(max-width:767px) 480px, (max-width:1500px) 100vw, 1500px\" src=\"data:image\/svg+xml;base64,PHN2ZyB3aWR0aD0iMSIgaGVpZ2h0PSIxIiB4bWxucz0iaHR0cDovL3d3dy53My5vcmcvMjAwMC9zdmciPjwvc3ZnPg==\" style=\"--smush-placeholder-width: 1500px; --smush-placeholder-aspect-ratio: 1500\/420;\" \/><\/a><\/span><\/p>\n<p style=\"text-align: justify;\"><span style=\"color: #ffffff; font-size: 14pt;\">\u0110\u1ea7u n\u1ed1i T001, \u0111\u1ea5u n\u1ed1i c\u1ea5p ngu\u1ed3n, \u0111\u1ea7u n\u1ed1i t\u00edn hi\u1ec7u dmx512<\/span><\/p>\n","protected":false},"excerpt":{"rendered":"<p style=\"text-align: justify;\"><span style=\"font-size: 14pt;\">\u0110\u1ea7u n\u1ed1i VL-T001 &#8211; S\u1ef1 k\u1ebft n\u1ed1i ch\u1ea5t l\u01b0\u1ee3ng cho h\u1ec7 th\u1ed1ng \u0111\u00e8n LED \u0111i\u1ec3m. Ch\u1ed1ng n\u01b0\u1edbc IP67, d\u1ec5 d\u00e0ng \u0111\u1ea5u n\u1ed1i, \u0111\u1ea3m b\u1ea3o an to\u00e0n v\u00e0 hi\u1ec7u su\u1ea5t \u1ed5n \u0111\u1ecbnh.<\/span><\/p>\n","protected":false},"featured_media":1429,"template":"","meta":[],"product_brand":[],"product_cat":[196,194],"product_tag":[],"class_list":{"0":"post-1427","1":"product","2":"type-product","3":"status-publish","4":"has-post-thumbnail","6":"product_cat-dau-noi","7":"product_cat-phu-kien-2","9":"first","10":"instock","11":"taxable","12":"shipping-taxable","13":"product-type-simple"},"yoast_head":"<!-- This site is optimized with the Yoast SEO Premium plugin v27.4 (Yoast SEO v27.4) - https:\/\/yoast.com\/product\/yoast-seo-premium-wordpress\/ -->\n<title>\u0110\u1ea7u n\u1ed1i VL-T001 - Vilight Co.ltd<\/title>\n<meta name=\"description\" content=\"\u0110\u1ea7u n\u1ed1i VL-T001 l\u00e0 lo\u1ea1i \u0111\u1ea7u n\u1ed1i ch\u1ea5t l\u01b0\u1ee3ng cao, d\u00f9ng \u0111\u1ec3 truy\u1ec1n t\u1ea3i t\u00edn hi\u1ec7u DMX512 v\u00e0 cung c\u1ea5p ngu\u1ed3n cho h\u1ec7 th\u1ed1ng \u0111\u00e8n \u0111i\u1ec3m, \u0111\u00e8n d\u1ea1ng l\u01b0\u1edbi, \u0111\u00e8n 3D...\" \/>\n<meta name=\"robots\" content=\"index, follow, max-snippet:-1, max-image-preview:large, max-video-preview:-1\" \/>\n<link rel=\"canonical\" href=\"https:\/\/vilight.vn\/website\/san-pham\/phu-kien-2\/dau-noi\/dau-noi-vl-t001\/\" \/>\n<meta property=\"og:locale\" content=\"vi_VN\" \/>\n<meta property=\"og:type\" content=\"article\" \/>\n<meta property=\"og:title\" content=\"\u0110\u1ea7u n\u1ed1i VL-T001\" \/>\n<meta property=\"og:description\" content=\"\u0110\u1ea7u n\u1ed1i VL-T001 - S\u1ef1 k\u1ebft n\u1ed1i ch\u1ea5t l\u01b0\u1ee3ng cho h\u1ec7 th\u1ed1ng \u0111\u00e8n LED \u0111i\u1ec3m. Ch\u1ed1ng n\u01b0\u1edbc IP67, d\u1ec5 d\u00e0ng \u0111\u1ea5u n\u1ed1i, \u0111\u1ea3m b\u1ea3o an to\u00e0n v\u00e0 hi\u1ec7u su\u1ea5t \u1ed5n \u0111\u1ecbnh.\" \/>\n<meta property=\"og:url\" content=\"https:\/\/vilight.vn\/website\/san-pham\/phu-kien-2\/dau-noi\/dau-noi-vl-t001\/\" \/>\n<meta property=\"og:site_name\" content=\"Vilight Co.ltd\" \/>\n<meta property=\"article:publisher\" content=\"http:\/\/facebook.com\/vilight.vn\" \/>\n<meta property=\"article:modified_time\" content=\"2024-09-25T05:02:27+00:00\" \/>\n<meta property=\"og:image\" content=\"https:\/\/vilight.vn\/website\/wp-content\/uploads\/2021\/06\/T001-Tee-logo.jpg\" \/>\n\t<meta property=\"og:image:width\" content=\"600\" \/>\n\t<meta property=\"og:image:height\" content=\"593\" \/>\n\t<meta property=\"og:image:type\" content=\"image\/jpeg\" \/>\n<meta name=\"twitter:card\" content=\"summary_large_image\" \/>\n<meta name=\"twitter:label1\" content=\"Gi\u00e1\" \/>\n\t<meta name=\"twitter:data1\" content=\"\" \/>\n\t<meta name=\"twitter:label2\" content=\"Kh\u1ea3 d\u1ee5ng\" \/>\n\t<meta name=\"twitter:data2\" content=\"Trong kho\" \/>\n<script type=\"application\/ld+json\" class=\"yoast-schema-graph\">{\"@context\":\"https:\\\/\\\/schema.org\",\"@graph\":[{\"@type\":\"WebPage\",\"@id\":\"https:\\\/\\\/vilight.vn\\\/website\\\/san-pham\\\/phu-kien-2\\\/dau-noi\\\/dau-noi-vl-t001\\\/\",\"url\":\"https:\\\/\\\/vilight.vn\\\/website\\\/san-pham\\\/phu-kien-2\\\/dau-noi\\\/dau-noi-vl-t001\\\/\",\"name\":\"\u0110\u1ea7u n\u1ed1i VL-T001 - Vilight Co.ltd\",\"isPartOf\":{\"@id\":\"https:\\\/\\\/vilight.vn\\\/website\\\/#website\"},\"primaryImageOfPage\":{\"@id\":\"https:\\\/\\\/vilight.vn\\\/website\\\/san-pham\\\/phu-kien-2\\\/dau-noi\\\/dau-noi-vl-t001\\\/#primaryimage\"},\"image\":{\"@id\":\"https:\\\/\\\/vilight.vn\\\/website\\\/san-pham\\\/phu-kien-2\\\/dau-noi\\\/dau-noi-vl-t001\\\/#primaryimage\"},\"thumbnailUrl\":\"https:\\\/\\\/vilight.vn\\\/website\\\/wp-content\\\/uploads\\\/2021\\\/06\\\/T001-Tee-logo.jpg\",\"datePublished\":\"2021-06-27T11:30:45+00:00\",\"dateModified\":\"2024-09-25T05:02:27+00:00\",\"description\":\"\u0110\u1ea7u n\u1ed1i VL-T001 l\u00e0 lo\u1ea1i \u0111\u1ea7u n\u1ed1i ch\u1ea5t l\u01b0\u1ee3ng cao, d\u00f9ng \u0111\u1ec3 truy\u1ec1n t\u1ea3i t\u00edn hi\u1ec7u DMX512 v\u00e0 cung c\u1ea5p ngu\u1ed3n cho h\u1ec7 th\u1ed1ng \u0111\u00e8n \u0111i\u1ec3m, \u0111\u00e8n d\u1ea1ng l\u01b0\u1edbi, \u0111\u00e8n 3D...\",\"breadcrumb\":{\"@id\":\"https:\\\/\\\/vilight.vn\\\/website\\\/san-pham\\\/phu-kien-2\\\/dau-noi\\\/dau-noi-vl-t001\\\/#breadcrumb\"},\"inLanguage\":\"vi\",\"potentialAction\":[{\"@type\":\"ReadAction\",\"target\":[\"https:\\\/\\\/vilight.vn\\\/website\\\/san-pham\\\/phu-kien-2\\\/dau-noi\\\/dau-noi-vl-t001\\\/\"]}]},{\"@type\":\"ImageObject\",\"inLanguage\":\"vi\",\"@id\":\"https:\\\/\\\/vilight.vn\\\/website\\\/san-pham\\\/phu-kien-2\\\/dau-noi\\\/dau-noi-vl-t001\\\/#primaryimage\",\"url\":\"https:\\\/\\\/vilight.vn\\\/website\\\/wp-content\\\/uploads\\\/2021\\\/06\\\/T001-Tee-logo.jpg\",\"contentUrl\":\"https:\\\/\\\/vilight.vn\\\/website\\\/wp-content\\\/uploads\\\/2021\\\/06\\\/T001-Tee-logo.jpg\",\"width\":600,\"height\":593,\"caption\":\"\u0110\u1ea7u n\u1ed1i VL-T001\"},{\"@type\":\"BreadcrumbList\",\"@id\":\"https:\\\/\\\/vilight.vn\\\/website\\\/san-pham\\\/phu-kien-2\\\/dau-noi\\\/dau-noi-vl-t001\\\/#breadcrumb\",\"itemListElement\":[{\"@type\":\"ListItem\",\"position\":1,\"name\":\"Home\",\"item\":\"https:\\\/\\\/vilight.vn\\\/website\\\/\"},{\"@type\":\"ListItem\",\"position\":2,\"name\":\"store\",\"item\":\"https:\\\/\\\/vilight.vn\\\/website\\\/store\\\/\"},{\"@type\":\"ListItem\",\"position\":3,\"name\":\"\u0110\u1ea7u n\u1ed1i VL-T001\"}]},{\"@type\":\"WebSite\",\"@id\":\"https:\\\/\\\/vilight.vn\\\/website\\\/#website\",\"url\":\"https:\\\/\\\/vilight.vn\\\/website\\\/\",\"name\":\"Vilight Co.ltd\",\"description\":\"Chi\u1ebfu s\u00e1ng m\u1ef9 thu\u1eadt, chi\u1ebfu s\u00e1ng th\u00f4ng minh, LED Pixel 3D, chi\u1ebfu s\u00e1ng trang tr\u00ed \u0111\u00f4 th\u1ecb, chi\u1ebfu s\u00e1ng v\u00f2ng xoay, chi\u1ebfu s\u00e1ng \u0111\u1ea3o giao th\u00f4ng, c\u1ed5ng ch\u00e0o \u0111\u00f4 th\u1ecb\",\"publisher\":{\"@id\":\"https:\\\/\\\/vilight.vn\\\/website\\\/#organization\"},\"potentialAction\":[{\"@type\":\"SearchAction\",\"target\":{\"@type\":\"EntryPoint\",\"urlTemplate\":\"https:\\\/\\\/vilight.vn\\\/website\\\/?s={search_term_string}\"},\"query-input\":{\"@type\":\"PropertyValueSpecification\",\"valueRequired\":true,\"valueName\":\"search_term_string\"}}],\"inLanguage\":\"vi\"},{\"@type\":\"Organization\",\"@id\":\"https:\\\/\\\/vilight.vn\\\/website\\\/#organization\",\"name\":\"Vilight\",\"url\":\"https:\\\/\\\/vilight.vn\\\/website\\\/\",\"logo\":{\"@type\":\"ImageObject\",\"inLanguage\":\"vi\",\"@id\":\"https:\\\/\\\/vilight.vn\\\/website\\\/#\\\/schema\\\/logo\\\/image\\\/\",\"url\":\"https:\\\/\\\/vilight.vn\\\/website\\\/wp-content\\\/uploads\\\/2022\\\/05\\\/chieu_sang_trang_tri_do_thi_bang_den_led_pixel.png\",\"contentUrl\":\"https:\\\/\\\/vilight.vn\\\/website\\\/wp-content\\\/uploads\\\/2022\\\/05\\\/chieu_sang_trang_tri_do_thi_bang_den_led_pixel.png\",\"width\":800,\"height\":427,\"caption\":\"Vilight\"},\"image\":{\"@id\":\"https:\\\/\\\/vilight.vn\\\/website\\\/#\\\/schema\\\/logo\\\/image\\\/\"},\"sameAs\":[\"http:\\\/\\\/facebook.com\\\/vilight.vn\",\"https:\\\/\\\/www.linkedin.com\\\/company\\\/vilight-vn\",\"https:\\\/\\\/www.youtube.com\\\/channel\\\/UCEwR2naeDcuarMX1kSv_rLQ\\\/videos\"]}]}<\/script>\n<meta property=\"product:brand\" content=\"\u0110\u1ea7u n\u1ed1i\" \/>\n<meta property=\"product:price:currency\" content=\"VND\" \/>\n<meta property=\"og:availability\" content=\"instock\" \/>\n<meta property=\"product:availability\" content=\"instock\" \/>\n<meta property=\"product:condition\" content=\"new\" \/>\n<!-- \/ Yoast SEO Premium plugin. -->","yoast_head_json":{"title":"\u0110\u1ea7u n\u1ed1i VL-T001 - Vilight Co.ltd","description":"\u0110\u1ea7u n\u1ed1i VL-T001 l\u00e0 lo\u1ea1i \u0111\u1ea7u n\u1ed1i ch\u1ea5t l\u01b0\u1ee3ng cao, d\u00f9ng \u0111\u1ec3 truy\u1ec1n t\u1ea3i t\u00edn hi\u1ec7u DMX512 v\u00e0 cung c\u1ea5p ngu\u1ed3n cho h\u1ec7 th\u1ed1ng \u0111\u00e8n \u0111i\u1ec3m, \u0111\u00e8n d\u1ea1ng l\u01b0\u1edbi, \u0111\u00e8n 3D...","robots":{"index":"index","follow":"follow","max-snippet":"max-snippet:-1","max-image-preview":"max-image-preview:large","max-video-preview":"max-video-preview:-1"},"canonical":"https:\/\/vilight.vn\/website\/san-pham\/phu-kien-2\/dau-noi\/dau-noi-vl-t001\/","og_locale":"vi_VN","og_type":"article","og_title":"\u0110\u1ea7u n\u1ed1i VL-T001","og_description":"\u0110\u1ea7u n\u1ed1i VL-T001 - S\u1ef1 k\u1ebft n\u1ed1i ch\u1ea5t l\u01b0\u1ee3ng cho h\u1ec7 th\u1ed1ng \u0111\u00e8n LED \u0111i\u1ec3m. Ch\u1ed1ng n\u01b0\u1edbc IP67, d\u1ec5 d\u00e0ng \u0111\u1ea5u n\u1ed1i, \u0111\u1ea3m b\u1ea3o an to\u00e0n v\u00e0 hi\u1ec7u su\u1ea5t \u1ed5n \u0111\u1ecbnh.","og_url":"https:\/\/vilight.vn\/website\/san-pham\/phu-kien-2\/dau-noi\/dau-noi-vl-t001\/","og_site_name":"Vilight Co.ltd","article_publisher":"http:\/\/facebook.com\/vilight.vn","article_modified_time":"2024-09-25T05:02:27+00:00","og_image":[{"width":600,"height":593,"url":"https:\/\/vilight.vn\/website\/wp-content\/uploads\/2021\/06\/T001-Tee-logo.jpg","type":"image\/jpeg"}],"twitter_card":"summary_large_image","twitter_misc":{"Gi\u00e1":"","Kh\u1ea3 d\u1ee5ng":"Trong kho"},"schema":{"@context":"https:\/\/schema.org","@graph":[{"@type":"WebPage","@id":"https:\/\/vilight.vn\/website\/san-pham\/phu-kien-2\/dau-noi\/dau-noi-vl-t001\/","url":"https:\/\/vilight.vn\/website\/san-pham\/phu-kien-2\/dau-noi\/dau-noi-vl-t001\/","name":"\u0110\u1ea7u n\u1ed1i VL-T001 - Vilight Co.ltd","isPartOf":{"@id":"https:\/\/vilight.vn\/website\/#website"},"primaryImageOfPage":{"@id":"https:\/\/vilight.vn\/website\/san-pham\/phu-kien-2\/dau-noi\/dau-noi-vl-t001\/#primaryimage"},"image":{"@id":"https:\/\/vilight.vn\/website\/san-pham\/phu-kien-2\/dau-noi\/dau-noi-vl-t001\/#primaryimage"},"thumbnailUrl":"https:\/\/vilight.vn\/website\/wp-content\/uploads\/2021\/06\/T001-Tee-logo.jpg","datePublished":"2021-06-27T11:30:45+00:00","dateModified":"2024-09-25T05:02:27+00:00","description":"\u0110\u1ea7u n\u1ed1i VL-T001 l\u00e0 lo\u1ea1i \u0111\u1ea7u n\u1ed1i ch\u1ea5t l\u01b0\u1ee3ng cao, d\u00f9ng \u0111\u1ec3 truy\u1ec1n t\u1ea3i t\u00edn hi\u1ec7u DMX512 v\u00e0 cung c\u1ea5p ngu\u1ed3n cho h\u1ec7 th\u1ed1ng \u0111\u00e8n \u0111i\u1ec3m, \u0111\u00e8n d\u1ea1ng l\u01b0\u1edbi, \u0111\u00e8n 3D...","breadcrumb":{"@id":"https:\/\/vilight.vn\/website\/san-pham\/phu-kien-2\/dau-noi\/dau-noi-vl-t001\/#breadcrumb"},"inLanguage":"vi","potentialAction":[{"@type":"ReadAction","target":["https:\/\/vilight.vn\/website\/san-pham\/phu-kien-2\/dau-noi\/dau-noi-vl-t001\/"]}]},{"@type":"ImageObject","inLanguage":"vi","@id":"https:\/\/vilight.vn\/website\/san-pham\/phu-kien-2\/dau-noi\/dau-noi-vl-t001\/#primaryimage","url":"https:\/\/vilight.vn\/website\/wp-content\/uploads\/2021\/06\/T001-Tee-logo.jpg","contentUrl":"https:\/\/vilight.vn\/website\/wp-content\/uploads\/2021\/06\/T001-Tee-logo.jpg","width":600,"height":593,"caption":"\u0110\u1ea7u n\u1ed1i VL-T001"},{"@type":"BreadcrumbList","@id":"https:\/\/vilight.vn\/website\/san-pham\/phu-kien-2\/dau-noi\/dau-noi-vl-t001\/#breadcrumb","itemListElement":[{"@type":"ListItem","position":1,"name":"Home","item":"https:\/\/vilight.vn\/website\/"},{"@type":"ListItem","position":2,"name":"store","item":"https:\/\/vilight.vn\/website\/store\/"},{"@type":"ListItem","position":3,"name":"\u0110\u1ea7u n\u1ed1i VL-T001"}]},{"@type":"WebSite","@id":"https:\/\/vilight.vn\/website\/#website","url":"https:\/\/vilight.vn\/website\/","name":"Vilight Co.ltd","description":"Chi\u1ebfu s\u00e1ng m\u1ef9 thu\u1eadt, chi\u1ebfu s\u00e1ng th\u00f4ng minh, LED Pixel 3D, chi\u1ebfu s\u00e1ng trang tr\u00ed \u0111\u00f4 th\u1ecb, chi\u1ebfu s\u00e1ng v\u00f2ng xoay, chi\u1ebfu s\u00e1ng \u0111\u1ea3o giao th\u00f4ng, c\u1ed5ng ch\u00e0o \u0111\u00f4 th\u1ecb","publisher":{"@id":"https:\/\/vilight.vn\/website\/#organization"},"potentialAction":[{"@type":"SearchAction","target":{"@type":"EntryPoint","urlTemplate":"https:\/\/vilight.vn\/website\/?s={search_term_string}"},"query-input":{"@type":"PropertyValueSpecification","valueRequired":true,"valueName":"search_term_string"}}],"inLanguage":"vi"},{"@type":"Organization","@id":"https:\/\/vilight.vn\/website\/#organization","name":"Vilight","url":"https:\/\/vilight.vn\/website\/","logo":{"@type":"ImageObject","inLanguage":"vi","@id":"https:\/\/vilight.vn\/website\/#\/schema\/logo\/image\/","url":"https:\/\/vilight.vn\/website\/wp-content\/uploads\/2022\/05\/chieu_sang_trang_tri_do_thi_bang_den_led_pixel.png","contentUrl":"https:\/\/vilight.vn\/website\/wp-content\/uploads\/2022\/05\/chieu_sang_trang_tri_do_thi_bang_den_led_pixel.png","width":800,"height":427,"caption":"Vilight"},"image":{"@id":"https:\/\/vilight.vn\/website\/#\/schema\/logo\/image\/"},"sameAs":["http:\/\/facebook.com\/vilight.vn","https:\/\/www.linkedin.com\/company\/vilight-vn","https:\/\/www.youtube.com\/channel\/UCEwR2naeDcuarMX1kSv_rLQ\/videos"]}]},"product_brand":"\u0110\u1ea7u n\u1ed1i","product_price_currency":"VND","og_availability":"instock","product_availability":"instock","product_condition":"new"},"_links":{"self":[{"href":"https:\/\/vilight.vn\/website\/wp-json\/wp\/v2\/product\/1427","targetHints":{"allow":["GET"]}}],"collection":[{"href":"https:\/\/vilight.vn\/website\/wp-json\/wp\/v2\/product"}],"about":[{"href":"https:\/\/vilight.vn\/website\/wp-json\/wp\/v2\/types\/product"}],"wp:featuredmedia":[{"embeddable":true,"href":"https:\/\/vilight.vn\/website\/wp-json\/wp\/v2\/media\/1429"}],"wp:attachment":[{"href":"https:\/\/vilight.vn\/website\/wp-json\/wp\/v2\/media?parent=1427"}],"wp:term":[{"taxonomy":"product_brand","embeddable":true,"href":"https:\/\/vilight.vn\/website\/wp-json\/wp\/v2\/product_brand?post=1427"},{"taxonomy":"product_cat","embeddable":true,"href":"https:\/\/vilight.vn\/website\/wp-json\/wp\/v2\/product_cat?post=1427"},{"taxonomy":"product_tag","embeddable":true,"href":"https:\/\/vilight.vn\/website\/wp-json\/wp\/v2\/product_tag?post=1427"}],"curies":[{"name":"wp","href":"https:\/\/api.w.org\/{rel}","templated":true}]}}