{"id":1430,"date":"2021-06-27T18:31:55","date_gmt":"2021-06-27T11:31:55","guid":{"rendered":"https:\/\/vilight.vn\/website\/?post_type=product&#038;p=1430"},"modified":"2024-09-25T13:49:27","modified_gmt":"2024-09-25T06:49:27","slug":"khuech-dai-tin-hieu","status":"publish","type":"product","link":"https:\/\/vilight.vn\/website\/san-pham\/phu-kien-2\/dau-noi\/khuech-dai-tin-hieu\/","title":{"rendered":"Khu\u1ebfch \u0111\u1ea1i t\u00edn hi\u1ec7u"},"content":{"rendered":"<h2 style=\"text-align: justify;\"><span style=\"font-size: 18pt;\">B\u1ed9 Khu\u1ebfch \u0111\u1ea1i t\u00edn hi\u1ec7u &#8211; gi\u1ea3i ph\u00e1p ho\u00e0n h\u1ea3o cho vi\u1ec7c truy\u1ec1n t\u00edn hi\u1ec7u xa!<\/span><\/h2>\n<p style=\"text-align: justify;\"><span style=\"font-size: 14pt;\">Khi b\u1ea1n c\u1ea7n k\u00e9o c\u00e1p t\u00edn hi\u1ec7u \u1edf m\u1ed9t kho\u1ea3ng c\u00e1ch xa, vi\u1ec7c \u0111\u1ea3m b\u1ea3o t\u00edn hi\u1ec7u \u0111\u01b0\u1ee3c truy\u1ec1n \u0111i m\u1ed9t c\u00e1ch \u1ed5n \u0111\u1ecbnh v\u00e0 ch\u1ea5t l\u01b0\u1ee3ng l\u00e0 m\u1ed9t th\u00e1ch th\u1ee9c \u0111\u00e1ng k\u1ec3. \u0110\u00f3 l\u00e0 l\u00fac B\u1ed9 Khu\u1ebfch \u0111\u1ea1i t\u00edn hi\u1ec7u c\u1ee7a ch\u00fang t\u00f4i tr\u1edf th\u00e0nh ng\u01b0\u1eddi b\u1ea1n \u0111\u1ed3ng h\u00e0nh \u0111\u00e1ng tin c\u1eady c\u1ee7a b\u1ea1n.<\/span><\/p>\n<p style=\"text-align: justify;\"><span style=\"font-size: 14pt;\">V\u1edbi ch\u1ee9c n\u0103ng khu\u1ebfch \u0111\u1ea1i , b\u1ed9 s\u1ea3n ph\u1ea9m c\u1ee7a ch\u00fang t\u00f4i cho ph\u00e9p b\u1ea1n k\u00e9o c\u00e1p t\u00edn hi\u1ec7u \u1edf kho\u1ea3ng c\u00e1ch xa m\u00e0 kh\u00f4ng c\u1ea7n lo l\u1eafng v\u1ec1 m\u1ea5t m\u00e1t t\u00edn hi\u1ec7u hay s\u1ef1 gi\u1ea3m ch\u1ea5t l\u01b0\u1ee3ng. S\u1ef1 k\u1ebft h\u1ee3p gi\u1eefa c\u00f4ng ngh\u1ec7 hi\u1ec7n \u0111\u1ea1i v\u00e0 ch\u1ea5t l\u01b0\u1ee3ng v\u01b0\u1ee3t tr\u1ed9i c\u1ee7a s\u1ea3n ph\u1ea9m gi\u00fap n\u00e2ng cao kh\u1ea3 n\u0103ng truy\u1ec1n t\u1ea3i t\u00edn hi\u1ec7u v\u00e0 \u0111\u00e1p \u1ee9ng \u0111\u01b0\u1ee3c nhu c\u1ea7u s\u1eed d\u1ee5ng c\u1ee7a b\u1ea1n.<\/span><\/p>\n<p style=\"text-align: justify;\"><span style=\"font-size: 14pt;\">V\u1edbi b\u1ed9 Khu\u1ebfch \u0111\u1ea1i t\u00edn hi\u1ec7u DMX c\u1ee7a ch\u00fang t\u00f4i, qu\u00e1 tr\u00ecnh k\u00e9o c\u00e1p t\u00edn hi\u1ec7u tr\u1edf n\u00ean d\u1ec5 d\u00e0ng h\u01a1n v\u00e0 ti\u1ebft ki\u1ec7m th\u1eddi gian. B\u1ea1n kh\u00f4ng c\u1ea7n lo l\u1eafng v\u1ec1 vi\u1ec7c m\u1ea5t t\u00edn hi\u1ec7u hay hi\u1ec7n t\u01b0\u1ee3ng gi\u1ea3m \u0111\u1ed9 m\u1ea1nh c\u1ee7a t\u00edn hi\u1ec7u. Thay v\u00e0o \u0111\u00f3, b\u1ea1n c\u00f3 th\u1ec3 y\u00ean t\u00e2m r\u1eb1ng t\u00edn hi\u1ec7u s\u1ebd \u0111\u01b0\u1ee3c truy\u1ec1n \u0111i xa h\u01a1n v\u00e0 \u0111\u1ea1t \u0111\u1ebfn \u0111\u00edch m\u1ed9t c\u00e1ch \u1ed5n \u0111\u1ecbnh v\u00e0 ch\u1ea5t l\u01b0\u1ee3ng.<\/span><\/p>\n<p style=\"text-align: justify;\"><span style=\"font-size: 14pt;\">V\u1edbi kh\u1ea3 n\u0103ng t\u01b0\u01a1ng th\u00edch r\u1ed9ng, b\u1ed9 khu\u1ebfch \u0111\u1ea1i t\u00edn hi\u1ec7u c\u1ee7a ch\u00fang t\u00f4i c\u00f3 th\u1ec3 \u0111\u01b0\u1ee3c \u00e1p d\u1ee5ng trong nhi\u1ec1u l\u0129nh v\u1ef1c, t\u1eeb c\u00f4ng nghi\u1ec7p, gi\u00e1o d\u1ee5c, s\u00e2n kh\u1ea5u, \u00e2m nh\u1ea1c \u0111\u1ebfn h\u1ed9i th\u1ea3o v\u00e0 h\u01a1n th\u1ebf n\u1eefa. S\u1ea3n ph\u1ea9m \u0111\u01b0\u1ee3c thi\u1ebft k\u1ebf v\u1edbi t\u00ednh \u0111\u01a1n gi\u1ea3n v\u00e0 d\u1ec5 s\u1eed d\u1ee5ng, cho ph\u00e9p b\u1ea1n d\u1ec5 d\u00e0ng c\u00e0i \u0111\u1eb7t v\u00e0 s\u1eed d\u1ee5ng ngay l\u1eadp t\u1ee9c.<\/span><\/p>\n<p style=\"text-align: justify;\"><span style=\"font-size: 14pt;\">T\u1ef1 h\u00e0o l\u00e0 m\u1ed9t trong nh\u1eefng \u0111\u01a1n v\u1ecb h\u00e0ng \u0111\u1ea7u trong l\u0129nh v\u1ef1c khu\u1ebfch \u0111\u1ea1i , ch\u00fang t\u00f4i cam k\u1ebft cung c\u1ea5p cho b\u1ea1n s\u1ef1 tin c\u1eady v\u00e0 ch\u1ea5t l\u01b0\u1ee3ng tuy\u1ec7t v\u1eddi. H\u00e3y tr\u1ea3i nghi\u1ec7m s\u1ef1 ti\u1ec7n \u00edch v\u00e0 hi\u1ec7u su\u1ea5t v\u01b0\u1ee3t tr\u1ed9i c\u1ee7a b\u1ed9 khu\u1ebfch \u0111\u1ea1i t\u00edn hi\u1ec7u c\u1ee7a ch\u00fang t\u00f4i v\u00e0 truy\u1ec1n t\u1ea3i t\u00edn hi\u1ec7u \u1edf kho\u1ea3ng c\u00e1ch xa m\u1ed9t c\u00e1ch d\u1ec5 d\u00e0ng <\/span><span style=\"font-size: 14pt;\">v\u00e0 \u1ed5n \u0111\u1ecbnh!<\/span><\/p>\n<p style=\"text-align: justify;\"><span style=\"font-size: 14pt;\">Li\u00ean h\u1ec7 v\u1edbi ch\u00fang t\u00f4i ngay h\u00f4m nay \u0111\u1ec3 bi\u1ebft th\u00eam th\u00f4ng tin chi ti\u1ebft v\u1ec1 s\u1ea3n ph\u1ea9m v\u00e0 t\u00ecm hi\u1ec3u c\u00e1ch ch\u00fang t\u00f4i c\u00f3 th\u1ec3 \u0111\u00e1p \u1ee9ng \u0111\u01b0\u1ee3c nhu c\u1ea7u s\u1eed d\u1ee5ng c\u1ee7a b\u1ea1n. Ch\u00fang t\u00f4i lu\u00f4n s\u1eb5n l\u00f2ng h\u1ed7 tr\u1ee3 b\u1ea1n m\u1ed9t c\u00e1ch chuy\u00ean nghi\u1ec7p v\u00e0 t\u1eadn t\u00e2m.<\/span><\/p>\n<p style=\"text-align: justify;\"><span style=\"font-size: 14pt;\"><a href=\"https:\/\/vilight.vn\/website\/wp-content\/uploads\/2021\/06\/signal-amplifier.jpg\"><img decoding=\"async\" class=\"aligncenter wp-image-1431 lazyload\" data-src=\"https:\/\/vilight.vn\/website\/wp-content\/uploads\/2021\/06\/signal-amplifier.jpg\" alt=\"Khu\u1ebfch \u0111\u1ea1i t\u00edn hi\u1ec7u\" width=\"1500\" height=\"405\" data-srcset=\"https:\/\/vilight.vn\/website\/wp-content\/uploads\/2021\/06\/signal-amplifier.jpg 1200w, https:\/\/vilight.vn\/website\/wp-content\/uploads\/2021\/06\/signal-amplifier-800x216.jpg 800w, https:\/\/vilight.vn\/website\/wp-content\/uploads\/2021\/06\/signal-amplifier-300x81.jpg 300w, https:\/\/vilight.vn\/website\/wp-content\/uploads\/2021\/06\/signal-amplifier-1024x276.jpg 1024w, https:\/\/vilight.vn\/website\/wp-content\/uploads\/2021\/06\/signal-amplifier-768x207.jpg 768w, https:\/\/vilight.vn\/website\/wp-content\/uploads\/2021\/06\/signal-amplifier-16x4.jpg 16w, https:\/\/vilight.vn\/website\/wp-content\/uploads\/2021\/06\/signal-amplifier-260x70.jpg 260w, https:\/\/vilight.vn\/website\/wp-content\/uploads\/2021\/06\/signal-amplifier-50x14.jpg 50w, https:\/\/vilight.vn\/website\/wp-content\/uploads\/2021\/06\/signal-amplifier-150x41.jpg 150w, https:\/\/vilight.vn\/website\/wp-content\/uploads\/2021\/06\/signal-amplifier-600x162.jpg 600w\" data-sizes=\"(max-width:767px) 480px, (max-width:1500px) 100vw, 1500px\" src=\"data:image\/svg+xml;base64,PHN2ZyB3aWR0aD0iMSIgaGVpZ2h0PSIxIiB4bWxucz0iaHR0cDovL3d3dy53My5vcmcvMjAwMC9zdmciPjwvc3ZnPg==\" style=\"--smush-placeholder-width: 1500px; --smush-placeholder-aspect-ratio: 1500\/405;\" \/><\/a><\/span><\/p>\n<p style=\"text-align: justify;\"><span style=\"color: #ffffff; font-size: 14pt;\">Khu\u1ebfch \u0111\u1ea1i t\u00edn hi\u1ec7u, c\u00e1p Khu\u1ebfch \u0111\u1ea1i t\u00edn hi\u1ec7u, c\u00e1p t\u00edn hi\u1ec7u<\/span><\/p>\n","protected":false},"excerpt":{"rendered":"<p style=\"text-align: justify;\"><span style=\"font-size: 14pt;\">C\u00e1p khu\u1ebfch \u0111\u1ea1i t\u00edn hi\u1ec7u &#8211; S\u1ef1 ti\u1ec7n \u00edch t\u1ed1i \u0111a cho vi\u1ec7c truy\u1ec1n t\u00edn hi\u1ec7u xa. \u0110\u1ea3m b\u1ea3o t\u00edn hi\u1ec7u \u1ed5n \u0111\u1ecbnh, truy\u1ec1n \u0111i xa h\u01a1n m\u00e0 kh\u00f4ng m\u1ea5t m\u00e1t. Gi\u1ea3i ph\u00e1p \u0111\u00e1ng tin c\u1eady cho c\u00e1c \u1ee9ng d\u1ee5ng c\u00f4ng nghi\u1ec7p v\u00e0 gi\u1ea3i tr\u00ed.<\/span><\/p>\n","protected":false},"featured_media":1432,"template":"","meta":[],"product_brand":[],"product_cat":[196,194],"product_tag":[465],"class_list":{"0":"post-1430","1":"product","2":"type-product","3":"status-publish","4":"has-post-thumbnail","6":"product_cat-dau-noi","7":"product_cat-phu-kien-2","8":"product_tag-khuech-dai-tin-hieu","10":"first","11":"instock","12":"taxable","13":"shipping-taxable","14":"product-type-simple"},"yoast_head":"<!-- This site is optimized with the Yoast SEO Premium plugin v27.4 (Yoast SEO v27.4) - https:\/\/yoast.com\/product\/yoast-seo-premium-wordpress\/ -->\n<title>C\u00e1p Khu\u1ebfch \u0111\u1ea1i t\u00edn hi\u1ec7u - Vilight Co.ltd<\/title>\n<meta name=\"description\" content=\"C\u00e1p khu\u1ebfch \u0111\u1ea1i t\u00edn hi\u1ec7u nh\u1eadp kh\u1ea9u v\u00e0 ph\u00e2n ph\u1ed1i ch\u00ednh h\u00e3ng v\u00e0 ph\u00e2n ph\u1ed1i t\u1ea1i Vi\u00eat Nam b\u1edfi Vilight.vn. S\u1ea3n ph\u1ea9m \u0111\u01b0\u1ee3c h\u1ed7 tr\u1ee3 k\u1ef9 thu\u1eadt v\u00e0 b\u1ea3o h\u00e0nh ch\u00ednh h\u00e3ng.\" \/>\n<meta name=\"robots\" content=\"index, follow, max-snippet:-1, max-image-preview:large, max-video-preview:-1\" \/>\n<link rel=\"canonical\" href=\"https:\/\/vilight.vn\/website\/san-pham\/phu-kien-2\/dau-noi\/khuech-dai-tin-hieu\/\" \/>\n<meta property=\"og:locale\" content=\"vi_VN\" \/>\n<meta property=\"og:type\" content=\"article\" \/>\n<meta property=\"og:title\" content=\"Khu\u1ebfch \u0111\u1ea1i t\u00edn hi\u1ec7u\" \/>\n<meta property=\"og:description\" content=\"C\u00e1p khu\u1ebfch \u0111\u1ea1i t\u00edn hi\u1ec7u - S\u1ef1 ti\u1ec7n \u00edch t\u1ed1i \u0111a cho vi\u1ec7c truy\u1ec1n t\u00edn hi\u1ec7u xa. \u0110\u1ea3m b\u1ea3o t\u00edn hi\u1ec7u \u1ed5n \u0111\u1ecbnh, truy\u1ec1n \u0111i xa h\u01a1n m\u00e0 kh\u00f4ng m\u1ea5t m\u00e1t. Gi\u1ea3i ph\u00e1p \u0111\u00e1ng tin c\u1eady cho c\u00e1c \u1ee9ng d\u1ee5ng c\u00f4ng nghi\u1ec7p v\u00e0 gi\u1ea3i tr\u00ed.\" \/>\n<meta property=\"og:url\" content=\"https:\/\/vilight.vn\/website\/san-pham\/phu-kien-2\/dau-noi\/khuech-dai-tin-hieu\/\" \/>\n<meta property=\"og:site_name\" content=\"Vilight Co.ltd\" \/>\n<meta property=\"article:publisher\" content=\"http:\/\/facebook.com\/vilight.vn\" \/>\n<meta property=\"article:modified_time\" content=\"2024-09-25T06:49:27+00:00\" \/>\n<meta property=\"og:image\" content=\"https:\/\/vilight.vn\/website\/wp-content\/uploads\/2021\/06\/signal-amplifier-Logo.jpg\" \/>\n\t<meta property=\"og:image:width\" content=\"600\" \/>\n\t<meta property=\"og:image:height\" content=\"604\" \/>\n\t<meta property=\"og:image:type\" content=\"image\/jpeg\" \/>\n<meta name=\"twitter:card\" content=\"summary_large_image\" \/>\n<meta name=\"twitter:label1\" content=\"Gi\u00e1\" \/>\n\t<meta name=\"twitter:data1\" content=\"\" \/>\n\t<meta name=\"twitter:label2\" content=\"Kh\u1ea3 d\u1ee5ng\" \/>\n\t<meta name=\"twitter:data2\" content=\"Trong kho\" \/>\n<script type=\"application\/ld+json\" class=\"yoast-schema-graph\">{\"@context\":\"https:\\\/\\\/schema.org\",\"@graph\":[{\"@type\":\"WebPage\",\"@id\":\"https:\\\/\\\/vilight.vn\\\/website\\\/san-pham\\\/phu-kien-2\\\/dau-noi\\\/khuech-dai-tin-hieu\\\/\",\"url\":\"https:\\\/\\\/vilight.vn\\\/website\\\/san-pham\\\/phu-kien-2\\\/dau-noi\\\/khuech-dai-tin-hieu\\\/\",\"name\":\"C\u00e1p Khu\u1ebfch \u0111\u1ea1i t\u00edn hi\u1ec7u - Vilight Co.ltd\",\"isPartOf\":{\"@id\":\"https:\\\/\\\/vilight.vn\\\/website\\\/#website\"},\"primaryImageOfPage\":{\"@id\":\"https:\\\/\\\/vilight.vn\\\/website\\\/san-pham\\\/phu-kien-2\\\/dau-noi\\\/khuech-dai-tin-hieu\\\/#primaryimage\"},\"image\":{\"@id\":\"https:\\\/\\\/vilight.vn\\\/website\\\/san-pham\\\/phu-kien-2\\\/dau-noi\\\/khuech-dai-tin-hieu\\\/#primaryimage\"},\"thumbnailUrl\":\"https:\\\/\\\/vilight.vn\\\/website\\\/wp-content\\\/uploads\\\/2021\\\/06\\\/signal-amplifier-Logo.jpg\",\"datePublished\":\"2021-06-27T11:31:55+00:00\",\"dateModified\":\"2024-09-25T06:49:27+00:00\",\"description\":\"C\u00e1p khu\u1ebfch \u0111\u1ea1i t\u00edn hi\u1ec7u nh\u1eadp kh\u1ea9u v\u00e0 ph\u00e2n ph\u1ed1i ch\u00ednh h\u00e3ng v\u00e0 ph\u00e2n ph\u1ed1i t\u1ea1i Vi\u00eat Nam b\u1edfi Vilight.vn. S\u1ea3n ph\u1ea9m \u0111\u01b0\u1ee3c h\u1ed7 tr\u1ee3 k\u1ef9 thu\u1eadt v\u00e0 b\u1ea3o h\u00e0nh ch\u00ednh h\u00e3ng.\",\"breadcrumb\":{\"@id\":\"https:\\\/\\\/vilight.vn\\\/website\\\/san-pham\\\/phu-kien-2\\\/dau-noi\\\/khuech-dai-tin-hieu\\\/#breadcrumb\"},\"inLanguage\":\"vi\",\"potentialAction\":[{\"@type\":\"ReadAction\",\"target\":[\"https:\\\/\\\/vilight.vn\\\/website\\\/san-pham\\\/phu-kien-2\\\/dau-noi\\\/khuech-dai-tin-hieu\\\/\"]}]},{\"@type\":\"ImageObject\",\"inLanguage\":\"vi\",\"@id\":\"https:\\\/\\\/vilight.vn\\\/website\\\/san-pham\\\/phu-kien-2\\\/dau-noi\\\/khuech-dai-tin-hieu\\\/#primaryimage\",\"url\":\"https:\\\/\\\/vilight.vn\\\/website\\\/wp-content\\\/uploads\\\/2021\\\/06\\\/signal-amplifier-Logo.jpg\",\"contentUrl\":\"https:\\\/\\\/vilight.vn\\\/website\\\/wp-content\\\/uploads\\\/2021\\\/06\\\/signal-amplifier-Logo.jpg\",\"width\":600,\"height\":604,\"caption\":\"Khu\u1ebfch \u0111\u1ea1i t\u00edn hi\u1ec7u\"},{\"@type\":\"BreadcrumbList\",\"@id\":\"https:\\\/\\\/vilight.vn\\\/website\\\/san-pham\\\/phu-kien-2\\\/dau-noi\\\/khuech-dai-tin-hieu\\\/#breadcrumb\",\"itemListElement\":[{\"@type\":\"ListItem\",\"position\":1,\"name\":\"Home\",\"item\":\"https:\\\/\\\/vilight.vn\\\/website\\\/\"},{\"@type\":\"ListItem\",\"position\":2,\"name\":\"store\",\"item\":\"https:\\\/\\\/vilight.vn\\\/website\\\/store\\\/\"},{\"@type\":\"ListItem\",\"position\":3,\"name\":\"Khu\u1ebfch \u0111\u1ea1i t\u00edn hi\u1ec7u\"}]},{\"@type\":\"WebSite\",\"@id\":\"https:\\\/\\\/vilight.vn\\\/website\\\/#website\",\"url\":\"https:\\\/\\\/vilight.vn\\\/website\\\/\",\"name\":\"Vilight Co.ltd\",\"description\":\"Chi\u1ebfu s\u00e1ng m\u1ef9 thu\u1eadt, chi\u1ebfu s\u00e1ng th\u00f4ng minh, LED Pixel 3D, chi\u1ebfu s\u00e1ng trang tr\u00ed \u0111\u00f4 th\u1ecb, chi\u1ebfu s\u00e1ng v\u00f2ng xoay, chi\u1ebfu s\u00e1ng \u0111\u1ea3o giao th\u00f4ng, c\u1ed5ng ch\u00e0o \u0111\u00f4 th\u1ecb\",\"publisher\":{\"@id\":\"https:\\\/\\\/vilight.vn\\\/website\\\/#organization\"},\"potentialAction\":[{\"@type\":\"SearchAction\",\"target\":{\"@type\":\"EntryPoint\",\"urlTemplate\":\"https:\\\/\\\/vilight.vn\\\/website\\\/?s={search_term_string}\"},\"query-input\":{\"@type\":\"PropertyValueSpecification\",\"valueRequired\":true,\"valueName\":\"search_term_string\"}}],\"inLanguage\":\"vi\"},{\"@type\":\"Organization\",\"@id\":\"https:\\\/\\\/vilight.vn\\\/website\\\/#organization\",\"name\":\"Vilight\",\"url\":\"https:\\\/\\\/vilight.vn\\\/website\\\/\",\"logo\":{\"@type\":\"ImageObject\",\"inLanguage\":\"vi\",\"@id\":\"https:\\\/\\\/vilight.vn\\\/website\\\/#\\\/schema\\\/logo\\\/image\\\/\",\"url\":\"https:\\\/\\\/vilight.vn\\\/website\\\/wp-content\\\/uploads\\\/2022\\\/05\\\/chieu_sang_trang_tri_do_thi_bang_den_led_pixel.png\",\"contentUrl\":\"https:\\\/\\\/vilight.vn\\\/website\\\/wp-content\\\/uploads\\\/2022\\\/05\\\/chieu_sang_trang_tri_do_thi_bang_den_led_pixel.png\",\"width\":800,\"height\":427,\"caption\":\"Vilight\"},\"image\":{\"@id\":\"https:\\\/\\\/vilight.vn\\\/website\\\/#\\\/schema\\\/logo\\\/image\\\/\"},\"sameAs\":[\"http:\\\/\\\/facebook.com\\\/vilight.vn\",\"https:\\\/\\\/www.linkedin.com\\\/company\\\/vilight-vn\",\"https:\\\/\\\/www.youtube.com\\\/channel\\\/UCEwR2naeDcuarMX1kSv_rLQ\\\/videos\"]}]}<\/script>\n<meta property=\"product:brand\" content=\"\u0110\u1ea7u n\u1ed1i\" \/>\n<meta property=\"product:price:currency\" content=\"VND\" \/>\n<meta property=\"og:availability\" content=\"instock\" \/>\n<meta property=\"product:availability\" content=\"instock\" \/>\n<meta property=\"product:condition\" content=\"new\" \/>\n<!-- \/ Yoast SEO Premium plugin. -->","yoast_head_json":{"title":"C\u00e1p Khu\u1ebfch \u0111\u1ea1i t\u00edn hi\u1ec7u - Vilight Co.ltd","description":"C\u00e1p khu\u1ebfch \u0111\u1ea1i t\u00edn hi\u1ec7u nh\u1eadp kh\u1ea9u v\u00e0 ph\u00e2n ph\u1ed1i ch\u00ednh h\u00e3ng v\u00e0 ph\u00e2n ph\u1ed1i t\u1ea1i Vi\u00eat Nam b\u1edfi Vilight.vn. S\u1ea3n ph\u1ea9m \u0111\u01b0\u1ee3c h\u1ed7 tr\u1ee3 k\u1ef9 thu\u1eadt v\u00e0 b\u1ea3o h\u00e0nh ch\u00ednh h\u00e3ng.","robots":{"index":"index","follow":"follow","max-snippet":"max-snippet:-1","max-image-preview":"max-image-preview:large","max-video-preview":"max-video-preview:-1"},"canonical":"https:\/\/vilight.vn\/website\/san-pham\/phu-kien-2\/dau-noi\/khuech-dai-tin-hieu\/","og_locale":"vi_VN","og_type":"article","og_title":"Khu\u1ebfch \u0111\u1ea1i t\u00edn hi\u1ec7u","og_description":"C\u00e1p khu\u1ebfch \u0111\u1ea1i t\u00edn hi\u1ec7u - S\u1ef1 ti\u1ec7n \u00edch t\u1ed1i \u0111a cho vi\u1ec7c truy\u1ec1n t\u00edn hi\u1ec7u xa. \u0110\u1ea3m b\u1ea3o t\u00edn hi\u1ec7u \u1ed5n \u0111\u1ecbnh, truy\u1ec1n \u0111i xa h\u01a1n m\u00e0 kh\u00f4ng m\u1ea5t m\u00e1t. Gi\u1ea3i ph\u00e1p \u0111\u00e1ng tin c\u1eady cho c\u00e1c \u1ee9ng d\u1ee5ng c\u00f4ng nghi\u1ec7p v\u00e0 gi\u1ea3i tr\u00ed.","og_url":"https:\/\/vilight.vn\/website\/san-pham\/phu-kien-2\/dau-noi\/khuech-dai-tin-hieu\/","og_site_name":"Vilight Co.ltd","article_publisher":"http:\/\/facebook.com\/vilight.vn","article_modified_time":"2024-09-25T06:49:27+00:00","og_image":[{"width":600,"height":604,"url":"https:\/\/vilight.vn\/website\/wp-content\/uploads\/2021\/06\/signal-amplifier-Logo.jpg","type":"image\/jpeg"}],"twitter_card":"summary_large_image","twitter_misc":{"Gi\u00e1":"","Kh\u1ea3 d\u1ee5ng":"Trong kho"},"schema":{"@context":"https:\/\/schema.org","@graph":[{"@type":"WebPage","@id":"https:\/\/vilight.vn\/website\/san-pham\/phu-kien-2\/dau-noi\/khuech-dai-tin-hieu\/","url":"https:\/\/vilight.vn\/website\/san-pham\/phu-kien-2\/dau-noi\/khuech-dai-tin-hieu\/","name":"C\u00e1p Khu\u1ebfch \u0111\u1ea1i t\u00edn hi\u1ec7u - Vilight Co.ltd","isPartOf":{"@id":"https:\/\/vilight.vn\/website\/#website"},"primaryImageOfPage":{"@id":"https:\/\/vilight.vn\/website\/san-pham\/phu-kien-2\/dau-noi\/khuech-dai-tin-hieu\/#primaryimage"},"image":{"@id":"https:\/\/vilight.vn\/website\/san-pham\/phu-kien-2\/dau-noi\/khuech-dai-tin-hieu\/#primaryimage"},"thumbnailUrl":"https:\/\/vilight.vn\/website\/wp-content\/uploads\/2021\/06\/signal-amplifier-Logo.jpg","datePublished":"2021-06-27T11:31:55+00:00","dateModified":"2024-09-25T06:49:27+00:00","description":"C\u00e1p khu\u1ebfch \u0111\u1ea1i t\u00edn hi\u1ec7u nh\u1eadp kh\u1ea9u v\u00e0 ph\u00e2n ph\u1ed1i ch\u00ednh h\u00e3ng v\u00e0 ph\u00e2n ph\u1ed1i t\u1ea1i Vi\u00eat Nam b\u1edfi Vilight.vn. S\u1ea3n ph\u1ea9m \u0111\u01b0\u1ee3c h\u1ed7 tr\u1ee3 k\u1ef9 thu\u1eadt v\u00e0 b\u1ea3o h\u00e0nh ch\u00ednh h\u00e3ng.","breadcrumb":{"@id":"https:\/\/vilight.vn\/website\/san-pham\/phu-kien-2\/dau-noi\/khuech-dai-tin-hieu\/#breadcrumb"},"inLanguage":"vi","potentialAction":[{"@type":"ReadAction","target":["https:\/\/vilight.vn\/website\/san-pham\/phu-kien-2\/dau-noi\/khuech-dai-tin-hieu\/"]}]},{"@type":"ImageObject","inLanguage":"vi","@id":"https:\/\/vilight.vn\/website\/san-pham\/phu-kien-2\/dau-noi\/khuech-dai-tin-hieu\/#primaryimage","url":"https:\/\/vilight.vn\/website\/wp-content\/uploads\/2021\/06\/signal-amplifier-Logo.jpg","contentUrl":"https:\/\/vilight.vn\/website\/wp-content\/uploads\/2021\/06\/signal-amplifier-Logo.jpg","width":600,"height":604,"caption":"Khu\u1ebfch \u0111\u1ea1i t\u00edn hi\u1ec7u"},{"@type":"BreadcrumbList","@id":"https:\/\/vilight.vn\/website\/san-pham\/phu-kien-2\/dau-noi\/khuech-dai-tin-hieu\/#breadcrumb","itemListElement":[{"@type":"ListItem","position":1,"name":"Home","item":"https:\/\/vilight.vn\/website\/"},{"@type":"ListItem","position":2,"name":"store","item":"https:\/\/vilight.vn\/website\/store\/"},{"@type":"ListItem","position":3,"name":"Khu\u1ebfch \u0111\u1ea1i t\u00edn hi\u1ec7u"}]},{"@type":"WebSite","@id":"https:\/\/vilight.vn\/website\/#website","url":"https:\/\/vilight.vn\/website\/","name":"Vilight Co.ltd","description":"Chi\u1ebfu s\u00e1ng m\u1ef9 thu\u1eadt, chi\u1ebfu s\u00e1ng th\u00f4ng minh, LED Pixel 3D, chi\u1ebfu s\u00e1ng trang tr\u00ed \u0111\u00f4 th\u1ecb, chi\u1ebfu s\u00e1ng v\u00f2ng xoay, chi\u1ebfu s\u00e1ng \u0111\u1ea3o giao th\u00f4ng, c\u1ed5ng ch\u00e0o \u0111\u00f4 th\u1ecb","publisher":{"@id":"https:\/\/vilight.vn\/website\/#organization"},"potentialAction":[{"@type":"SearchAction","target":{"@type":"EntryPoint","urlTemplate":"https:\/\/vilight.vn\/website\/?s={search_term_string}"},"query-input":{"@type":"PropertyValueSpecification","valueRequired":true,"valueName":"search_term_string"}}],"inLanguage":"vi"},{"@type":"Organization","@id":"https:\/\/vilight.vn\/website\/#organization","name":"Vilight","url":"https:\/\/vilight.vn\/website\/","logo":{"@type":"ImageObject","inLanguage":"vi","@id":"https:\/\/vilight.vn\/website\/#\/schema\/logo\/image\/","url":"https:\/\/vilight.vn\/website\/wp-content\/uploads\/2022\/05\/chieu_sang_trang_tri_do_thi_bang_den_led_pixel.png","contentUrl":"https:\/\/vilight.vn\/website\/wp-content\/uploads\/2022\/05\/chieu_sang_trang_tri_do_thi_bang_den_led_pixel.png","width":800,"height":427,"caption":"Vilight"},"image":{"@id":"https:\/\/vilight.vn\/website\/#\/schema\/logo\/image\/"},"sameAs":["http:\/\/facebook.com\/vilight.vn","https:\/\/www.linkedin.com\/company\/vilight-vn","https:\/\/www.youtube.com\/channel\/UCEwR2naeDcuarMX1kSv_rLQ\/videos"]}]},"product_brand":"\u0110\u1ea7u n\u1ed1i","product_price_currency":"VND","og_availability":"instock","product_availability":"instock","product_condition":"new"},"_links":{"self":[{"href":"https:\/\/vilight.vn\/website\/wp-json\/wp\/v2\/product\/1430","targetHints":{"allow":["GET"]}}],"collection":[{"href":"https:\/\/vilight.vn\/website\/wp-json\/wp\/v2\/product"}],"about":[{"href":"https:\/\/vilight.vn\/website\/wp-json\/wp\/v2\/types\/product"}],"wp:featuredmedia":[{"embeddable":true,"href":"https:\/\/vilight.vn\/website\/wp-json\/wp\/v2\/media\/1432"}],"wp:attachment":[{"href":"https:\/\/vilight.vn\/website\/wp-json\/wp\/v2\/media?parent=1430"}],"wp:term":[{"taxonomy":"product_brand","embeddable":true,"href":"https:\/\/vilight.vn\/website\/wp-json\/wp\/v2\/product_brand?post=1430"},{"taxonomy":"product_cat","embeddable":true,"href":"https:\/\/vilight.vn\/website\/wp-json\/wp\/v2\/product_cat?post=1430"},{"taxonomy":"product_tag","embeddable":true,"href":"https:\/\/vilight.vn\/website\/wp-json\/wp\/v2\/product_tag?post=1430"}],"curies":[{"name":"wp","href":"https:\/\/api.w.org\/{rel}","templated":true}]}}