{"id":1433,"date":"2021-06-27T21:30:32","date_gmt":"2021-06-27T14:30:32","guid":{"rendered":"https:\/\/vilight.vn\/website\/?post_type=product&#038;p=1433"},"modified":"2024-09-23T17:03:07","modified_gmt":"2024-09-23T10:03:07","slug":"bo-dieu-khien-dmx-vl-bf21b","status":"publish","type":"product","link":"https:\/\/vilight.vn\/website\/san-pham\/den-led-pixel\/controller\/bo-dieu-khien-dmx-vl-bf21b\/","title":{"rendered":"B\u1ed9 \u0111i\u1ec1u khi\u1ec3n DMX VL-BF21B"},"content":{"rendered":"<h2 style=\"text-align: justify;\">B\u1ed9 \u0111i\u1ec1u khi\u1ec3n DMX VL-BF21B t\u1eeb Vilight.vn: \u0110i\u1ec1u khi\u1ec3n t\u00edn hi\u1ec7u DMX cho \u0111\u00e8n LED RGB v\u00e0 RGBW<\/h2>\n<p style=\"text-align: justify;\">Vilight.vn xin gi\u1edbi thi\u1ec7u b\u1ed9 \u0111i\u1ec1u khi\u1ec3n DMX VL-BF21B &#8211; m\u1ed9t s\u1ea3n ph\u1ea9m ch\u1ea5t l\u01b0\u1ee3ng cao \u0111\u01b0\u1ee3c thi\u1ebft k\u1ebf \u0111\u1eb7c bi\u1ec7t \u0111\u1ec3 \u0111\u00e1p \u1ee9ng nhu c\u1ea7u \u0111i\u1ec1u khi\u1ec3n t\u00edn hi\u1ec7u DMX cho c\u00e1c \u0111\u00e8n LED RGB v\u00e0 RGBW. V\u1edbi s\u1ef1 k\u1ebft h\u1ee3p gi\u1eefa \u0111\u1ed9 tin c\u1eady v\u00e0 t\u00ednh linh ho\u1ea1t, b\u1ed9 \u0111i\u1ec1u khi\u1ec3n n\u00e0y s\u1ebd l\u00e0 c\u00f4ng c\u1ee5 ho\u00e0n h\u1ea3o \u0111\u1ec3 t\u1ea1o ra hi\u1ec7u \u1ee9ng \u00e1nh s\u00e1ng \u1ea5n t\u01b0\u1ee3ng v\u00e0 t\u00f9y ch\u1ec9nh m\u00e0u s\u1eafc cho kh\u00f4ng gian s\u00e2n kh\u1ea5u, ph\u00f2ng tr\u01b0ng b\u00e0y, s\u1ef1 ki\u1ec7n, hay b\u1ea5t k\u1ef3 \u1ee9ng d\u1ee5ng n\u00e0o kh\u00e1c \u0111\u00f2i h\u1ecfi \u00e1nh s\u00e1ng s\u00e1ng t\u1ea1o v\u00e0 \u0111\u1ed9c \u0111\u00e1o.<\/p>\n<p style=\"text-align: justify;\">**\u0110\u1eb7c \u0111i\u1ec3m n\u1ed5i b\u1eadt c\u1ee7a b\u1ed9 \u0111i\u1ec1u khi\u1ec3n DMX VL-BF21B:**<\/p>\n<p style=\"text-align: justify;\">1. **\u0110a ch\u1ee9c n\u0103ng v\u00e0 linh ho\u1ea1t:** B\u1ed9 \u0111i\u1ec1u khi\u1ec3n DMX VL-BF21B h\u1ed7 tr\u1ee3 c\u1ea3 \u0111\u00e8n LED RGB l\u1eabn RGBW, gi\u00fap b\u1ea1n t\u1ea1o ra h\u00e0ng ng\u00e0n m\u00e0u s\u1eafc kh\u00e1c nhau v\u00e0 hi\u1ec7u \u1ee9ng \u00e1nh s\u00e1ng phong ph\u00fa. T\u00edch h\u1ee3p nhi\u1ec1u ch\u1ebf \u0111\u1ed9 \u0111i\u1ec1u khi\u1ec3n, b\u1ea1n c\u00f3 th\u1ec3 d\u1ec5 d\u00e0ng chuy\u1ec3n \u0111\u1ed5i gi\u1eefa c\u00e1c ch\u1ebf \u0111\u1ed9, t\u1ea1o ra c\u00e1c ch\u01b0\u01a1ng tr\u00ecnh \u00e1nh s\u00e1ng ph\u00f9 h\u1ee3p v\u1edbi y\u00eau c\u1ea7u c\u1ee5 th\u1ec3 c\u1ee7a m\u1ed7i t\u00ecnh hu\u1ed1ng.<\/p>\n<p style=\"text-align: justify;\">2. **Thi\u1ebft k\u1ebf ch\u1ea5t l\u01b0\u1ee3ng cao:** B\u1ed9 \u0111i\u1ec1u khi\u1ec3n VL-BF21B \u0111\u01b0\u1ee3c thi\u1ebft k\u1ebf \u0111\u1ec3 \u0111\u1ea3m b\u1ea3o ch\u1ea5t l\u01b0\u1ee3ng v\u00e0 \u0111\u1ed9 tin c\u1eady cao. V\u1edbi v\u1ecf ngo\u00e0i ch\u1eafc ch\u1eafn, n\u00fat b\u1ea5m v\u00e0 b\u1ea3ng m\u1ea1ch ch\u1ea5t l\u01b0\u1ee3ng, s\u1ea3n ph\u1ea9m n\u00e0y s\u1ebd ho\u1ea1t \u0111\u1ed9ng m\u1ed9t c\u00e1ch \u1ed5n \u0111\u1ecbnh v\u00e0 b\u1ec1n b\u1ec9 trong su\u1ed1t qu\u00e1 tr\u00ecnh s\u1eed d\u1ee5ng.<\/p>\n<p style=\"text-align: justify;\">3. **D\u1ec5 s\u1eed d\u1ee5ng v\u00e0 c\u00e0i \u0111\u1eb7t:** B\u1ed9 \u0111i\u1ec1u khi\u1ec3n \u0111\u01b0\u1ee3c thi\u1ebft k\u1ebf \u0111\u1ec3 d\u1ec5 s\u1eed d\u1ee5ng ngay c\u1ea3 \u0111\u1ed1i v\u1edbi ng\u01b0\u1eddi m\u1edbi b\u1eaft \u0111\u1ea7u. Giao di\u1ec7n tr\u1ef1c quan v\u00e0 c\u00e1c n\u00fat b\u1ea5m r\u00f5 r\u00e0ng gi\u00fap b\u1ea1n d\u1ec5 d\u00e0ng t\u00ecm hi\u1ec3u v\u00e0 \u0111i\u1ec1u khi\u1ec3n c\u00e1c ch\u1ee9c n\u0103ng. B\u1ea1n c\u00f3 th\u1ec3 t\u00f9y ch\u1ec9nh c\u00e1c th\u00f4ng s\u1ed1 nh\u01b0 m\u00e0u s\u1eafc, \u0111\u1ed9 s\u00e1ng, t\u1ed1c \u0111\u1ed9 v\u00e0 hi\u1ec7u \u1ee9ng m\u1ed9t c\u00e1ch nhanh ch\u00f3ng v\u00e0 thu\u1eadn ti\u1ec7n.<\/p>\n<p style=\"text-align: justify;\">4. **Nh\u1eadp kh\u1ea9u v\u00e0 ph\u00e2n ph\u1ed1i b\u1edfi Vilight.vn:** B\u1ed9 \u0111i\u1ec1u khi\u1ec3n DMX VL-BF21B \u0111\u01b0\u1ee3c nh\u1eadp kh\u1ea9u v\u00e0 ph\u00e2n ph\u1ed1i tr\u1ef1c ti\u1ebfp b\u1edfi Vilight.vn &#8211; m\u1ed9t \u0111\u01a1n v\u1ecb uy t\u00edn trong l\u0129nh v\u1ef1c \u00e1nh s\u00e1ng v\u00e0 thi\u1ebft b\u1ecb s\u00e2n kh\u1ea5u. \u0110i\u1ec1u n\u00e0y \u0111\u1ea3m b\u1ea3o b\u1ea1n nh\u1eadn \u0111\u01b0\u1ee3c s\u1ea3n ph\u1ea9m ch\u1ea5t l\u01b0\u1ee3ng cao v\u00e0 d\u1ecbch v\u1ee5 h\u1ed7 tr\u1ee3 t\u1ed1t nh\u1ea5t t\u1eeb \u0111\u1ed9i ng\u0169 chuy\u00ean gia gi\u00e0u kinh nghi\u1ec7m c\u1ee7a ch\u00fang t\u00f4i.<\/p>\n<p style=\"text-align: justify;\">**K\u1ebft lu\u1eadn:**<\/p>\n<p style=\"text-align: justify;\">V\u1edbi b\u1ed9 \u0111i\u1ec1u khi\u1ec3n DMX VL-BF21B t\u1eeb Vilight.vn, b\u1ea1n s\u1ebd c\u00f3 m\u1ed9t c\u00f4ng c\u1ee5 m\u1ea1nh m\u1ebd \u0111\u1ec3 t\u1ea1o ra hi\u1ec7u \u1ee9ng \u00e1nh s\u00e1ng \u0111\u1ed9c \u0111\u00e1o v\u00e0 t\u00f9y ch\u1ec9nh m\u00e0u s\u1eafc cho c\u00e1c \u0111\u00e8n LED RGB v\u00e0 RGBW. Thi\u1ebft k\u1ebf ch\u1ea5t l\u01b0\u1ee3ng cao, t\u00ednh linh ho\u1ea1t v\u00e0 s\u1ef1 d\u1ec5 d\u00e0ng s\u1eed d\u1ee5ng \u0111\u1ea3m b\u1ea3o r\u1eb1ng b\u1ea1n c\u00f3 th\u1ec3 th\u1ecfa m\u00e3n t\u1ea5t c\u1ea3 nh\u1eefng y\u00eau c\u1ea7u \u00e1nh s\u00e1ng s\u00e1ng t\u1ea1o c\u1ee7a m\u00ecnh. H\u00e3y tr\u1ea3i nghi\u1ec7m s\u1ef1 kh\u00e1c bi\u1ec7t v\u1edbi b\u1ed9 \u0111i\u1ec1u khi\u1ec3n DMX VL-BF21B t\u1eeb Vilight.vn ngay h\u00f4m nay!<\/p>\n<p style=\"text-align: justify;\"><a href=\"https:\/\/vilight.vn\/website\/wp-content\/uploads\/2021\/06\/BF12B-Controller-3.jpg\"><img decoding=\"async\" class=\"aligncenter wp-image-1572 lazyload\" data-src=\"https:\/\/vilight.vn\/website\/wp-content\/uploads\/2021\/06\/BF12B-Controller-3.jpg\" alt=\"B\u1ed9 \u0111i\u1ec1u khi\u1ec3n DMX VL-BF21B\" width=\"1500\" height=\"1352\" data-srcset=\"https:\/\/vilight.vn\/website\/wp-content\/uploads\/2021\/06\/BF12B-Controller-3.jpg 750w, https:\/\/vilight.vn\/website\/wp-content\/uploads\/2021\/06\/BF12B-Controller-3-300x270.jpg 300w, https:\/\/vilight.vn\/website\/wp-content\/uploads\/2021\/06\/BF12B-Controller-3-13x12.jpg 13w, https:\/\/vilight.vn\/website\/wp-content\/uploads\/2021\/06\/BF12B-Controller-3-162x146.jpg 162w, https:\/\/vilight.vn\/website\/wp-content\/uploads\/2021\/06\/BF12B-Controller-3-50x45.jpg 50w, https:\/\/vilight.vn\/website\/wp-content\/uploads\/2021\/06\/BF12B-Controller-3-83x75.jpg 83w, https:\/\/vilight.vn\/website\/wp-content\/uploads\/2021\/06\/BF12B-Controller-3-600x541.jpg 600w\" data-sizes=\"(max-width:767px) 480px, (max-width:1500px) 100vw, 1500px\" src=\"data:image\/svg+xml;base64,PHN2ZyB3aWR0aD0iMSIgaGVpZ2h0PSIxIiB4bWxucz0iaHR0cDovL3d3dy53My5vcmcvMjAwMC9zdmciPjwvc3ZnPg==\" style=\"--smush-placeholder-width: 1500px; --smush-placeholder-aspect-ratio: 1500\/1352;\" \/><\/a><\/p>\n<p style=\"text-align: justify;\"><span style=\"color: #ffffff;\">Controller BF21B. B\u1ed9 \u0111i\u1ec1u khi\u1ec3n Controller BF21B.BF21B.<\/span><\/p>\n","protected":false},"excerpt":{"rendered":"<p style=\"text-align: justify;\"><span style=\"font-size: 14pt;\">B\u1ed9 \u0111i\u1ec1u khi\u1ec3n DMX VL-BF21B &#8211; C\u00f4ng c\u1ee5 ch\u1ea5t l\u01b0\u1ee3ng cao \u0111\u1ec3 \u0111i\u1ec1u khi\u1ec3n \u00e1nh s\u00e1ng LED RGB v\u00e0 RGBW, mang \u0111\u1ebfn hi\u1ec7u \u1ee9ng \u00e1nh s\u00e1ng \u0111a d\u1ea1ng v\u00e0 t\u00f9y ch\u1ec9nh m\u00e0u s\u1eafc phong ph\u00fa. S\u1ea3n ph\u1ea9m n\u00e0y th\u00edch h\u1ee3p s\u1eed d\u1ee5ng cho kh\u00f4ng gian s\u00e2n kh\u1ea5u, ph\u00f2ng tr\u01b0ng b\u00e0y, s\u1ef1 ki\u1ec7n hay b\u1ea5t k\u1ef3 \u1ee9ng d\u1ee5ng n\u00e0o kh\u00e1c \u0111\u00f2i h\u1ecfi \u00e1nh s\u00e1ng s\u00e1ng t\u1ea1o v\u00e0 \u0111\u1ed9c \u0111\u00e1o.<\/span><\/p>\n","protected":false},"featured_media":1573,"template":"","meta":[],"product_brand":[],"product_cat":[83],"product_tag":[464],"class_list":{"0":"post-1433","1":"product","2":"type-product","3":"status-publish","4":"has-post-thumbnail","6":"product_cat-controller","7":"product_tag-bo-dieu-khien-dmx-vl-bf21b","9":"first","10":"instock","11":"taxable","12":"shipping-taxable","13":"product-type-simple"},"yoast_head":"<!-- This site is optimized with the Yoast SEO Premium plugin v27.4 (Yoast SEO v27.4) - https:\/\/yoast.com\/product\/yoast-seo-premium-wordpress\/ -->\n<title>B\u1ed9 \u0111i\u1ec1u khi\u1ec3n DMX VL-BF21B - Vilight Co.ltd<\/title>\n<meta name=\"description\" content=\"B\u1ed9 \u0111i\u1ec1u khi\u1ec3n DMX VL-BF21B l\u00e0 c\u00f4ng c\u1ee5 m\u1ea1nh m\u1ebd \u0111\u1ec3 t\u1ea1o ra hi\u1ec7u \u1ee9ng \u00e1nh s\u00e1ng \u0111\u1ed9c \u0111\u00e1o v\u00e0 t\u00f9y ch\u1ec9nh m\u00e0u s\u1eafc cho c\u00e1c \u0111\u00e8n LED RGB v\u00e0 RGBW.\" \/>\n<meta name=\"robots\" content=\"index, follow, max-snippet:-1, max-image-preview:large, max-video-preview:-1\" \/>\n<link rel=\"canonical\" href=\"https:\/\/vilight.vn\/website\/san-pham\/den-led-pixel\/controller\/bo-dieu-khien-dmx-vl-bf21b\/\" \/>\n<meta property=\"og:locale\" content=\"vi_VN\" \/>\n<meta property=\"og:type\" content=\"article\" \/>\n<meta property=\"og:title\" content=\"B\u1ed9 \u0111i\u1ec1u khi\u1ec3n DMX VL-BF21B\" \/>\n<meta property=\"og:description\" content=\"B\u1ed9 \u0111i\u1ec1u khi\u1ec3n DMX VL-BF21B - C\u00f4ng c\u1ee5 ch\u1ea5t l\u01b0\u1ee3ng cao \u0111\u1ec3 \u0111i\u1ec1u khi\u1ec3n \u00e1nh s\u00e1ng LED RGB v\u00e0 RGBW, mang \u0111\u1ebfn hi\u1ec7u \u1ee9ng \u00e1nh s\u00e1ng \u0111a d\u1ea1ng v\u00e0 t\u00f9y ch\u1ec9nh m\u00e0u s\u1eafc phong ph\u00fa. S\u1ea3n ph\u1ea9m n\u00e0y th\u00edch h\u1ee3p s\u1eed d\u1ee5ng cho kh\u00f4ng gian s\u00e2n kh\u1ea5u, ph\u00f2ng tr\u01b0ng b\u00e0y, s\u1ef1 ki\u1ec7n hay b\u1ea5t k\u1ef3 \u1ee9ng d\u1ee5ng n\u00e0o kh\u00e1c \u0111\u00f2i h\u1ecfi \u00e1nh s\u00e1ng s\u00e1ng t\u1ea1o v\u00e0 \u0111\u1ed9c \u0111\u00e1o.\" \/>\n<meta property=\"og:url\" content=\"https:\/\/vilight.vn\/website\/san-pham\/den-led-pixel\/controller\/bo-dieu-khien-dmx-vl-bf21b\/\" \/>\n<meta property=\"og:site_name\" content=\"Vilight Co.ltd\" \/>\n<meta property=\"article:publisher\" content=\"http:\/\/facebook.com\/vilight.vn\" \/>\n<meta property=\"article:modified_time\" content=\"2024-09-23T10:03:07+00:00\" \/>\n<meta property=\"og:image\" content=\"https:\/\/vilight.vn\/website\/wp-content\/uploads\/2021\/06\/BF12B.jpg\" \/>\n\t<meta property=\"og:image:width\" content=\"750\" \/>\n\t<meta property=\"og:image:height\" content=\"750\" \/>\n\t<meta property=\"og:image:type\" content=\"image\/jpeg\" \/>\n<meta name=\"twitter:card\" content=\"summary_large_image\" \/>\n<meta name=\"twitter:label1\" content=\"Gi\u00e1\" \/>\n\t<meta name=\"twitter:data1\" content=\"\" \/>\n\t<meta name=\"twitter:label2\" content=\"Kh\u1ea3 d\u1ee5ng\" \/>\n\t<meta name=\"twitter:data2\" content=\"Trong kho\" \/>\n<script type=\"application\/ld+json\" class=\"yoast-schema-graph\">{\"@context\":\"https:\\\/\\\/schema.org\",\"@graph\":[{\"@type\":\"WebPage\",\"@id\":\"https:\\\/\\\/vilight.vn\\\/website\\\/san-pham\\\/den-led-pixel\\\/controller\\\/bo-dieu-khien-dmx-vl-bf21b\\\/\",\"url\":\"https:\\\/\\\/vilight.vn\\\/website\\\/san-pham\\\/den-led-pixel\\\/controller\\\/bo-dieu-khien-dmx-vl-bf21b\\\/\",\"name\":\"B\u1ed9 \u0111i\u1ec1u khi\u1ec3n DMX VL-BF21B - Vilight Co.ltd\",\"isPartOf\":{\"@id\":\"https:\\\/\\\/vilight.vn\\\/website\\\/#website\"},\"primaryImageOfPage\":{\"@id\":\"https:\\\/\\\/vilight.vn\\\/website\\\/san-pham\\\/den-led-pixel\\\/controller\\\/bo-dieu-khien-dmx-vl-bf21b\\\/#primaryimage\"},\"image\":{\"@id\":\"https:\\\/\\\/vilight.vn\\\/website\\\/san-pham\\\/den-led-pixel\\\/controller\\\/bo-dieu-khien-dmx-vl-bf21b\\\/#primaryimage\"},\"thumbnailUrl\":\"https:\\\/\\\/vilight.vn\\\/website\\\/wp-content\\\/uploads\\\/2021\\\/06\\\/BF12B.jpg\",\"datePublished\":\"2021-06-27T14:30:32+00:00\",\"dateModified\":\"2024-09-23T10:03:07+00:00\",\"description\":\"B\u1ed9 \u0111i\u1ec1u khi\u1ec3n DMX VL-BF21B l\u00e0 c\u00f4ng c\u1ee5 m\u1ea1nh m\u1ebd \u0111\u1ec3 t\u1ea1o ra hi\u1ec7u \u1ee9ng \u00e1nh s\u00e1ng \u0111\u1ed9c \u0111\u00e1o v\u00e0 t\u00f9y ch\u1ec9nh m\u00e0u s\u1eafc cho c\u00e1c \u0111\u00e8n LED RGB v\u00e0 RGBW.\",\"breadcrumb\":{\"@id\":\"https:\\\/\\\/vilight.vn\\\/website\\\/san-pham\\\/den-led-pixel\\\/controller\\\/bo-dieu-khien-dmx-vl-bf21b\\\/#breadcrumb\"},\"inLanguage\":\"vi\",\"potentialAction\":[{\"@type\":\"ReadAction\",\"target\":[\"https:\\\/\\\/vilight.vn\\\/website\\\/san-pham\\\/den-led-pixel\\\/controller\\\/bo-dieu-khien-dmx-vl-bf21b\\\/\"]}]},{\"@type\":\"ImageObject\",\"inLanguage\":\"vi\",\"@id\":\"https:\\\/\\\/vilight.vn\\\/website\\\/san-pham\\\/den-led-pixel\\\/controller\\\/bo-dieu-khien-dmx-vl-bf21b\\\/#primaryimage\",\"url\":\"https:\\\/\\\/vilight.vn\\\/website\\\/wp-content\\\/uploads\\\/2021\\\/06\\\/BF12B.jpg\",\"contentUrl\":\"https:\\\/\\\/vilight.vn\\\/website\\\/wp-content\\\/uploads\\\/2021\\\/06\\\/BF12B.jpg\",\"width\":750,\"height\":750,\"caption\":\"B\u1ed9 \u0111i\u1ec1u khi\u1ec3n DMX VL-BF21B\"},{\"@type\":\"BreadcrumbList\",\"@id\":\"https:\\\/\\\/vilight.vn\\\/website\\\/san-pham\\\/den-led-pixel\\\/controller\\\/bo-dieu-khien-dmx-vl-bf21b\\\/#breadcrumb\",\"itemListElement\":[{\"@type\":\"ListItem\",\"position\":1,\"name\":\"Home\",\"item\":\"https:\\\/\\\/vilight.vn\\\/website\\\/\"},{\"@type\":\"ListItem\",\"position\":2,\"name\":\"store\",\"item\":\"https:\\\/\\\/vilight.vn\\\/website\\\/store\\\/\"},{\"@type\":\"ListItem\",\"position\":3,\"name\":\"B\u1ed9 \u0111i\u1ec1u khi\u1ec3n DMX VL-BF21B\"}]},{\"@type\":\"WebSite\",\"@id\":\"https:\\\/\\\/vilight.vn\\\/website\\\/#website\",\"url\":\"https:\\\/\\\/vilight.vn\\\/website\\\/\",\"name\":\"Vilight Co.ltd\",\"description\":\"Chi\u1ebfu s\u00e1ng m\u1ef9 thu\u1eadt, chi\u1ebfu s\u00e1ng th\u00f4ng minh, LED Pixel 3D, chi\u1ebfu s\u00e1ng trang tr\u00ed \u0111\u00f4 th\u1ecb, chi\u1ebfu s\u00e1ng v\u00f2ng xoay, chi\u1ebfu s\u00e1ng \u0111\u1ea3o giao th\u00f4ng, c\u1ed5ng ch\u00e0o \u0111\u00f4 th\u1ecb\",\"publisher\":{\"@id\":\"https:\\\/\\\/vilight.vn\\\/website\\\/#organization\"},\"potentialAction\":[{\"@type\":\"SearchAction\",\"target\":{\"@type\":\"EntryPoint\",\"urlTemplate\":\"https:\\\/\\\/vilight.vn\\\/website\\\/?s={search_term_string}\"},\"query-input\":{\"@type\":\"PropertyValueSpecification\",\"valueRequired\":true,\"valueName\":\"search_term_string\"}}],\"inLanguage\":\"vi\"},{\"@type\":\"Organization\",\"@id\":\"https:\\\/\\\/vilight.vn\\\/website\\\/#organization\",\"name\":\"Vilight\",\"url\":\"https:\\\/\\\/vilight.vn\\\/website\\\/\",\"logo\":{\"@type\":\"ImageObject\",\"inLanguage\":\"vi\",\"@id\":\"https:\\\/\\\/vilight.vn\\\/website\\\/#\\\/schema\\\/logo\\\/image\\\/\",\"url\":\"https:\\\/\\\/vilight.vn\\\/website\\\/wp-content\\\/uploads\\\/2022\\\/05\\\/chieu_sang_trang_tri_do_thi_bang_den_led_pixel.png\",\"contentUrl\":\"https:\\\/\\\/vilight.vn\\\/website\\\/wp-content\\\/uploads\\\/2022\\\/05\\\/chieu_sang_trang_tri_do_thi_bang_den_led_pixel.png\",\"width\":800,\"height\":427,\"caption\":\"Vilight\"},\"image\":{\"@id\":\"https:\\\/\\\/vilight.vn\\\/website\\\/#\\\/schema\\\/logo\\\/image\\\/\"},\"sameAs\":[\"http:\\\/\\\/facebook.com\\\/vilight.vn\",\"https:\\\/\\\/www.linkedin.com\\\/company\\\/vilight-vn\",\"https:\\\/\\\/www.youtube.com\\\/channel\\\/UCEwR2naeDcuarMX1kSv_rLQ\\\/videos\"]}]}<\/script>\n<meta property=\"product:brand\" content=\"Controller\" \/>\n<meta property=\"product:price:currency\" content=\"VND\" \/>\n<meta property=\"og:availability\" content=\"instock\" \/>\n<meta property=\"product:availability\" content=\"instock\" \/>\n<meta property=\"product:condition\" content=\"new\" \/>\n<!-- \/ Yoast SEO Premium plugin. -->","yoast_head_json":{"title":"B\u1ed9 \u0111i\u1ec1u khi\u1ec3n DMX VL-BF21B - Vilight Co.ltd","description":"B\u1ed9 \u0111i\u1ec1u khi\u1ec3n DMX VL-BF21B l\u00e0 c\u00f4ng c\u1ee5 m\u1ea1nh m\u1ebd \u0111\u1ec3 t\u1ea1o ra hi\u1ec7u \u1ee9ng \u00e1nh s\u00e1ng \u0111\u1ed9c \u0111\u00e1o v\u00e0 t\u00f9y ch\u1ec9nh m\u00e0u s\u1eafc cho c\u00e1c \u0111\u00e8n LED RGB v\u00e0 RGBW.","robots":{"index":"index","follow":"follow","max-snippet":"max-snippet:-1","max-image-preview":"max-image-preview:large","max-video-preview":"max-video-preview:-1"},"canonical":"https:\/\/vilight.vn\/website\/san-pham\/den-led-pixel\/controller\/bo-dieu-khien-dmx-vl-bf21b\/","og_locale":"vi_VN","og_type":"article","og_title":"B\u1ed9 \u0111i\u1ec1u khi\u1ec3n DMX VL-BF21B","og_description":"B\u1ed9 \u0111i\u1ec1u khi\u1ec3n DMX VL-BF21B - C\u00f4ng c\u1ee5 ch\u1ea5t l\u01b0\u1ee3ng cao \u0111\u1ec3 \u0111i\u1ec1u khi\u1ec3n \u00e1nh s\u00e1ng LED RGB v\u00e0 RGBW, mang \u0111\u1ebfn hi\u1ec7u \u1ee9ng \u00e1nh s\u00e1ng \u0111a d\u1ea1ng v\u00e0 t\u00f9y ch\u1ec9nh m\u00e0u s\u1eafc phong ph\u00fa. S\u1ea3n ph\u1ea9m n\u00e0y th\u00edch h\u1ee3p s\u1eed d\u1ee5ng cho kh\u00f4ng gian s\u00e2n kh\u1ea5u, ph\u00f2ng tr\u01b0ng b\u00e0y, s\u1ef1 ki\u1ec7n hay b\u1ea5t k\u1ef3 \u1ee9ng d\u1ee5ng n\u00e0o kh\u00e1c \u0111\u00f2i h\u1ecfi \u00e1nh s\u00e1ng s\u00e1ng t\u1ea1o v\u00e0 \u0111\u1ed9c \u0111\u00e1o.","og_url":"https:\/\/vilight.vn\/website\/san-pham\/den-led-pixel\/controller\/bo-dieu-khien-dmx-vl-bf21b\/","og_site_name":"Vilight Co.ltd","article_publisher":"http:\/\/facebook.com\/vilight.vn","article_modified_time":"2024-09-23T10:03:07+00:00","og_image":[{"width":750,"height":750,"url":"https:\/\/vilight.vn\/website\/wp-content\/uploads\/2021\/06\/BF12B.jpg","type":"image\/jpeg"}],"twitter_card":"summary_large_image","twitter_misc":{"Gi\u00e1":"","Kh\u1ea3 d\u1ee5ng":"Trong kho"},"schema":{"@context":"https:\/\/schema.org","@graph":[{"@type":"WebPage","@id":"https:\/\/vilight.vn\/website\/san-pham\/den-led-pixel\/controller\/bo-dieu-khien-dmx-vl-bf21b\/","url":"https:\/\/vilight.vn\/website\/san-pham\/den-led-pixel\/controller\/bo-dieu-khien-dmx-vl-bf21b\/","name":"B\u1ed9 \u0111i\u1ec1u khi\u1ec3n DMX VL-BF21B - Vilight Co.ltd","isPartOf":{"@id":"https:\/\/vilight.vn\/website\/#website"},"primaryImageOfPage":{"@id":"https:\/\/vilight.vn\/website\/san-pham\/den-led-pixel\/controller\/bo-dieu-khien-dmx-vl-bf21b\/#primaryimage"},"image":{"@id":"https:\/\/vilight.vn\/website\/san-pham\/den-led-pixel\/controller\/bo-dieu-khien-dmx-vl-bf21b\/#primaryimage"},"thumbnailUrl":"https:\/\/vilight.vn\/website\/wp-content\/uploads\/2021\/06\/BF12B.jpg","datePublished":"2021-06-27T14:30:32+00:00","dateModified":"2024-09-23T10:03:07+00:00","description":"B\u1ed9 \u0111i\u1ec1u khi\u1ec3n DMX VL-BF21B l\u00e0 c\u00f4ng c\u1ee5 m\u1ea1nh m\u1ebd \u0111\u1ec3 t\u1ea1o ra hi\u1ec7u \u1ee9ng \u00e1nh s\u00e1ng \u0111\u1ed9c \u0111\u00e1o v\u00e0 t\u00f9y ch\u1ec9nh m\u00e0u s\u1eafc cho c\u00e1c \u0111\u00e8n LED RGB v\u00e0 RGBW.","breadcrumb":{"@id":"https:\/\/vilight.vn\/website\/san-pham\/den-led-pixel\/controller\/bo-dieu-khien-dmx-vl-bf21b\/#breadcrumb"},"inLanguage":"vi","potentialAction":[{"@type":"ReadAction","target":["https:\/\/vilight.vn\/website\/san-pham\/den-led-pixel\/controller\/bo-dieu-khien-dmx-vl-bf21b\/"]}]},{"@type":"ImageObject","inLanguage":"vi","@id":"https:\/\/vilight.vn\/website\/san-pham\/den-led-pixel\/controller\/bo-dieu-khien-dmx-vl-bf21b\/#primaryimage","url":"https:\/\/vilight.vn\/website\/wp-content\/uploads\/2021\/06\/BF12B.jpg","contentUrl":"https:\/\/vilight.vn\/website\/wp-content\/uploads\/2021\/06\/BF12B.jpg","width":750,"height":750,"caption":"B\u1ed9 \u0111i\u1ec1u khi\u1ec3n DMX VL-BF21B"},{"@type":"BreadcrumbList","@id":"https:\/\/vilight.vn\/website\/san-pham\/den-led-pixel\/controller\/bo-dieu-khien-dmx-vl-bf21b\/#breadcrumb","itemListElement":[{"@type":"ListItem","position":1,"name":"Home","item":"https:\/\/vilight.vn\/website\/"},{"@type":"ListItem","position":2,"name":"store","item":"https:\/\/vilight.vn\/website\/store\/"},{"@type":"ListItem","position":3,"name":"B\u1ed9 \u0111i\u1ec1u khi\u1ec3n DMX VL-BF21B"}]},{"@type":"WebSite","@id":"https:\/\/vilight.vn\/website\/#website","url":"https:\/\/vilight.vn\/website\/","name":"Vilight Co.ltd","description":"Chi\u1ebfu s\u00e1ng m\u1ef9 thu\u1eadt, chi\u1ebfu s\u00e1ng th\u00f4ng minh, LED Pixel 3D, chi\u1ebfu s\u00e1ng trang tr\u00ed \u0111\u00f4 th\u1ecb, chi\u1ebfu s\u00e1ng v\u00f2ng xoay, chi\u1ebfu s\u00e1ng \u0111\u1ea3o giao th\u00f4ng, c\u1ed5ng ch\u00e0o \u0111\u00f4 th\u1ecb","publisher":{"@id":"https:\/\/vilight.vn\/website\/#organization"},"potentialAction":[{"@type":"SearchAction","target":{"@type":"EntryPoint","urlTemplate":"https:\/\/vilight.vn\/website\/?s={search_term_string}"},"query-input":{"@type":"PropertyValueSpecification","valueRequired":true,"valueName":"search_term_string"}}],"inLanguage":"vi"},{"@type":"Organization","@id":"https:\/\/vilight.vn\/website\/#organization","name":"Vilight","url":"https:\/\/vilight.vn\/website\/","logo":{"@type":"ImageObject","inLanguage":"vi","@id":"https:\/\/vilight.vn\/website\/#\/schema\/logo\/image\/","url":"https:\/\/vilight.vn\/website\/wp-content\/uploads\/2022\/05\/chieu_sang_trang_tri_do_thi_bang_den_led_pixel.png","contentUrl":"https:\/\/vilight.vn\/website\/wp-content\/uploads\/2022\/05\/chieu_sang_trang_tri_do_thi_bang_den_led_pixel.png","width":800,"height":427,"caption":"Vilight"},"image":{"@id":"https:\/\/vilight.vn\/website\/#\/schema\/logo\/image\/"},"sameAs":["http:\/\/facebook.com\/vilight.vn","https:\/\/www.linkedin.com\/company\/vilight-vn","https:\/\/www.youtube.com\/channel\/UCEwR2naeDcuarMX1kSv_rLQ\/videos"]}]},"product_brand":"Controller","product_price_currency":"VND","og_availability":"instock","product_availability":"instock","product_condition":"new"},"_links":{"self":[{"href":"https:\/\/vilight.vn\/website\/wp-json\/wp\/v2\/product\/1433","targetHints":{"allow":["GET"]}}],"collection":[{"href":"https:\/\/vilight.vn\/website\/wp-json\/wp\/v2\/product"}],"about":[{"href":"https:\/\/vilight.vn\/website\/wp-json\/wp\/v2\/types\/product"}],"wp:featuredmedia":[{"embeddable":true,"href":"https:\/\/vilight.vn\/website\/wp-json\/wp\/v2\/media\/1573"}],"wp:attachment":[{"href":"https:\/\/vilight.vn\/website\/wp-json\/wp\/v2\/media?parent=1433"}],"wp:term":[{"taxonomy":"product_brand","embeddable":true,"href":"https:\/\/vilight.vn\/website\/wp-json\/wp\/v2\/product_brand?post=1433"},{"taxonomy":"product_cat","embeddable":true,"href":"https:\/\/vilight.vn\/website\/wp-json\/wp\/v2\/product_cat?post=1433"},{"taxonomy":"product_tag","embeddable":true,"href":"https:\/\/vilight.vn\/website\/wp-json\/wp\/v2\/product_tag?post=1433"}],"curies":[{"name":"wp","href":"https:\/\/api.w.org\/{rel}","templated":true}]}}