{"id":1435,"date":"2021-06-27T21:31:08","date_gmt":"2021-06-27T14:31:08","guid":{"rendered":"https:\/\/vilight.vn\/website\/?post_type=product&#038;p=1435"},"modified":"2024-09-25T16:01:14","modified_gmt":"2024-09-25T09:01:14","slug":"bo-dieu-khien-dmx-vl-803tc","status":"publish","type":"product","link":"https:\/\/vilight.vn\/website\/san-pham\/den-led-pixel\/controller\/bo-dieu-khien-dmx-vl-803tc\/","title":{"rendered":"B\u1ed9 \u0111i\u1ec1u khi\u1ec3n DMX VL-803TC"},"content":{"rendered":"<h2 style=\"text-align: justify;\"><span style=\"font-size: 18pt;\">B\u1ed9 \u0111i\u1ec1u khi\u1ec3n DMX VL-803TC: \u0110\u1ed3ng h\u00e0nh c\u00f9ng \u00e1nh s\u00e1ng tuy\u1ec7t \u0111\u1eb9p<\/span><\/h2>\n<p style=\"text-align: justify;\"><span style=\"font-size: 14pt;\">B\u1ea1n \u0111ang t\u00ecm ki\u1ebfm m\u1ed9t b\u1ed9 \u0111i\u1ec1u khi\u1ec3n DMX ch\u1ea5t l\u01b0\u1ee3ng cao \u0111\u1ec3 t\u1ea1o ra c\u00e1c hi\u1ec7u \u1ee9ng \u00e1nh s\u00e1ng \u0111\u1ed9c \u0111\u00e1o cho h\u1ec7 th\u1ed1ng \u0111\u00e8n LED c\u1ee7a m\u00ecnh? H\u00e3y \u0111\u1ec3 ch\u00fang t\u00f4i gi\u1edbi thi\u1ec7u cho b\u1ea1n b\u1ed9 \u0111i\u1ec1u khi\u1ec3n DMX VL-803TC, m\u1ed9t s\u1ea3n ph\u1ea9m chuy\u00ean d\u1ee5ng nh\u1eadp kh\u1ea9u v\u00e0 ph\u00e2n ph\u1ed1i ch\u00ednh h\u00e3ng b\u1edfi Vilight.vn.<\/span><\/p>\n<p style=\"text-align: justify;\"><span style=\"font-size: 14pt;\">B\u1ed9 \u0111i\u1ec1u khi\u1ec3n VL-803TC l\u00e0 m\u1ed9t b\u1ed9 \u0111i\u1ec1u khi\u1ec3n DMX MAIN \u0111\u00e1ng tin c\u1eady, \u0111\u01b0\u1ee3c thi\u1ebft k\u1ebf \u0111\u1eb7c bi\u1ec7t \u0111\u1ec3 \u0111\u00e1p \u1ee9ng c\u00e1c y\u00eau c\u1ea7u cao v\u1ec1 \u0111i\u1ec1u khi\u1ec3n \u00e1nh s\u00e1ng th\u00f4ng qua giao th\u1ee9c DMX 512. V\u1edbi s\u1ef1 h\u1ed7 tr\u1ee3 c\u1ee7a b\u1ed9 \u0111i\u1ec1u khi\u1ec3n n\u00e0y, b\u1ea1n c\u00f3 th\u1ec3 d\u1ec5 d\u00e0ng \u0111i\u1ec1u ch\u1ec9nh v\u00e0 thay \u0111\u1ed5i c\u00e1c hi\u1ec7u \u1ee9ng \u00e1nh s\u00e1ng cho h\u1ec7 th\u1ed1ng \u0111\u00e8n LED c\u1ee7a m\u00ecnh, bao g\u1ed3m c\u1ea3 \u0111\u00e8n LED RGB v\u00e0 RGBW.<\/span><\/p>\n<p style=\"text-align: justify;\"><span style=\"font-size: 14pt;\">M\u1ed9t trong nh\u1eefng \u0111i\u1ec3m n\u1ed5i b\u1eadt c\u1ee7a b\u1ed9 \u0111i\u1ec1u khi\u1ec3n DMX VL-803TC l\u00e0 ch\u1ea5t l\u01b0\u1ee3ng cao. Vilight.vn, nh\u00e0 ph\u00e2n ph\u1ed1i h\u00e0ng \u0111\u1ea7u c\u1ee7a s\u1ea3n ph\u1ea9m n\u00e0y, cam k\u1ebft ch\u1ec9 cung c\u1ea5p nh\u1eefng s\u1ea3n ph\u1ea9m nh\u1eadp kh\u1ea9u v\u00e0 ph\u00e2n ph\u1ed1i ch\u00ednh h\u00e3ng, \u0111\u1ea3m b\u1ea3o s\u1ef1 tin c\u1eady v\u00e0 hi\u1ec7u su\u1ea5t t\u1ed1i \u01b0u. B\u1ea1n c\u00f3 th\u1ec3 y\u00ean t\u00e2m r\u1eb1ng b\u1ed9 \u0111i\u1ec1u khi\u1ec3n DMX VL-803TC s\u1ebd mang \u0111\u1ebfn cho b\u1ea1n nh\u1eefng tr\u1ea3i nghi\u1ec7m \u00e1nh s\u00e1ng tuy\u1ec7t v\u1eddi v\u00e0 \u0111\u00e1ng tin c\u1eady trong m\u1ecdi \u1ee9ng d\u1ee5ng c\u1ee7a b\u1ea1n.<\/span><\/p>\n<p style=\"text-align: justify;\"><span style=\"font-size: 14pt;\">V\u1edbi b\u1ed9 \u0111i\u1ec1u khi\u1ec3n VL-803TC, b\u1ea1n s\u1ebd c\u00f3 kh\u1ea3 n\u0103ng ki\u1ec3m so\u00e1t chi ti\u1ebft c\u00e1c hi\u1ec7u \u1ee9ng \u00e1nh s\u00e1ng c\u1ee7a h\u1ec7 th\u1ed1ng \u0111\u00e8n LED. Giao di\u1ec7n ng\u01b0\u1eddi d\u00f9ng d\u1ec5 s\u1eed d\u1ee5ng v\u00e0 tr\u1ef1c quan gi\u00fap b\u1ea1n d\u1ec5 d\u00e0ng \u0111i\u1ec1u ch\u1ec9nh c\u00e1c th\u00f4ng s\u1ed1 nh\u01b0 m\u00e0u s\u1eafc, \u0111\u1ed9 s\u00e1ng, t\u1ed1c \u0111\u1ed9 v\u00e0 c\u00e1c ch\u1ebf \u0111\u1ed9 \u00e1nh s\u00e1ng kh\u00e1c nhau. B\u1ea1n c\u0169ng c\u00f3 th\u1ec3 l\u01b0u tr\u1eef v\u00e0 g\u1ecdi l\u1ea1i c\u00e1c c\u1ea5u h\u00ecnh \u0111\u00e3 \u0111\u01b0\u1ee3c t\u1ea1o \u0111\u1ec3 ti\u1ebft ki\u1ec7m th\u1eddi gian v\u00e0 n\u1ed7 l\u1ef1c trong vi\u1ec7c c\u00e0i \u0111\u1eb7t l\u1ea1i \u00e1nh s\u00e1ng m\u1ed7i l\u1ea7n s\u1eed d\u1ee5ng.<\/span><\/p>\n<p style=\"text-align: justify;\"><span style=\"font-size: 14pt;\">V\u1edbi t\u00ednh n\u0103ng t\u01b0\u01a1ng th\u00edch 512, b\u1ed9 \u0111i\u1ec1u khi\u1ec3n VL-803TC c\u00f3 th\u1ec3 ho\u1ea1t \u0111\u1ed9ng v\u1edbi c\u00e1c \u0111\u00e8n LED h\u1ed7 tr\u1ee3 giao th\u1ee9c n\u00e0y. B\u1ea1n c\u00f3 th\u1ec3 k\u1ebft n\u1ed1i nhi\u1ec1u \u0111\u00e8n LED v\u00e0o b\u1ed9 \u0111i\u1ec1u khi<\/span><span style=\"font-size: 14pt;\">\u1ec3n v\u00e0 t\u1ea1o ra c\u00e1c hi\u1ec7u \u1ee9ng \u00e1nh s\u00e1ng phong ph\u00fa v\u00e0 \u0111a d\u1ea1ng. T\u00f9y ch\u1ec9nh m\u00e0u s\u1eafc, \u00e1nh s\u00e1ng chuy\u1ec3n \u0111\u1ed9ng v\u00e0 c\u00e1c hi\u1ec7u \u1ee9ng \u0111\u1eb7c bi\u1ec7t kh\u00e1c \u0111\u1ec3 t\u1ea1o ra kh\u00f4ng gian \u00e1nh s\u00e1ng \u0111\u1ed9c \u0111\u00e1o v\u00e0 s\u00e1ng t\u1ea1o.<\/span><\/p>\n<p style=\"text-align: justify;\"><span style=\"font-size: 14pt;\">B\u1ed9 \u0111i\u1ec1u khi\u1ec3n DMX VL-803TC c\u0169ng \u0111\u01b0\u1ee3c thi\u1ebft k\u1ebf v\u1edbi t\u00ednh n\u0103ng linh ho\u1ea1t v\u00e0 \u0111\u1ed9 tin c\u1eady cao. V\u1edbi kh\u1ea3 n\u0103ng k\u1ebft n\u1ed1i qua c\u1ed5ng DMX v\u00e0 c\u1ed5ng Ethernet, b\u1ea1n c\u00f3 th\u1ec3 d\u1ec5 d\u00e0ng t\u00edch h\u1ee3p b\u1ed9 \u0111i\u1ec1u khi\u1ec3n n\u00e0y v\u00e0o h\u1ec7 th\u1ed1ng chi\u1ebfu s\u00e1ng hi\u1ec7n c\u00f3 c\u1ee7a m\u00ecnh. \u0110i\u1ec1u n\u00e0y cho ph\u00e9p b\u1ea1n t\u1eadn d\u1ee5ng c\u00e1c \u01b0u \u0111i\u1ec3m c\u1ee7a c\u00f4ng ngh\u1ec7 m\u1ea1ng v\u00e0 qu\u1ea3n l\u00fd \u00e1nh s\u00e1ng t\u1eeb xa th\u00f4ng qua k\u1ebft n\u1ed1i Ethernet.<\/span><\/p>\n<p style=\"text-align: justify;\"><span style=\"font-size: 14pt;\">Cu\u1ed1i c\u00f9ng, nh\u01b0 \u0111\u00e3 \u0111\u1ec1 c\u1eadp tr\u01b0\u1edbc \u0111\u00e2y, b\u1ed9 \u0111i\u1ec1u khi\u1ec3n VL-803TC l\u00e0 m\u1ed9t s\u1ea3n ph\u1ea9m nh\u1eadp kh\u1ea9u v\u00e0 ph\u00e2n ph\u1ed1i ch\u00ednh h\u00e3ng b\u1edfi Vilight.vn. Vilight.vn \u0111\u00e3 x\u00e2y d\u1ef1ng \u0111\u01b0\u1ee3c s\u1ef1 uy t\u00edn v\u00e0 danh ti\u1ebfng v\u1edbi kh\u00e1ch h\u00e0ng b\u1eb1ng vi\u1ec7c cung c\u1ea5p c\u00e1c s\u1ea3n ph\u1ea9m chi\u1ebfu s\u00e1ng ch\u1ea5t l\u01b0\u1ee3ng cao v\u00e0 d\u1ecbch v\u1ee5 t\u1eadn t\u00e2m. Khi mua b\u1ed9 \u0111i\u1ec1u khi\u1ec3n DMX VL-803TC t\u1eeb Vilight.vn, b\u1ea1n s\u1ebd \u0111\u01b0\u1ee3c \u0111\u1ea3m b\u1ea3o v\u1ec1 ch\u1ea5t l\u01b0\u1ee3ng v\u00e0 h\u1ed7 tr\u1ee3 sau b\u00e1n h\u00e0ng.<\/span><\/p>\n<p style=\"text-align: justify;\"><span style=\"font-size: 14pt;\">T\u00f3m l\u1ea1i, b\u1ed9 \u0111i\u1ec1u khi\u1ec3n VL-803TC l\u00e0 m\u1ed9t gi\u1ea3i ph\u00e1p tuy\u1ec7t v\u1eddi cho vi\u1ec7c \u0111i\u1ec1u khi\u1ec3n \u00e1nh s\u00e1ng th\u00f4ng qua giao th\u1ee9c DMX 512. V\u1edbi ch\u1ea5t l\u01b0\u1ee3ng cao, t\u00ednh n\u0103ng linh ho\u1ea1t v\u00e0 kh\u1ea3 n\u0103ng t\u01b0\u01a1ng th\u00edch, b\u1ed9 \u0111i\u1ec1u khi\u1ec3n n\u00e0y s\u1ebd \u0111\u00e1p \u1ee9ng m\u1ecdi y\u00eau c\u1ea7u c\u1ee7a b\u1ea1n trong vi\u1ec7c t\u1ea1o ra c\u00e1c hi\u1ec7u \u1ee9ng \u00e1nh s\u00e1ng \u0111\u1ed9c \u0111\u00e1o v\u00e0 \u1ea5n t\u01b0\u1ee3ng cho h\u1ec7 th\u1ed1ng \u0111\u00e8n LED c\u1ee7a b\u1ea1n. H\u00e3y tin t\u01b0\u1edfng v\u00e0 ch\u1ecdn b\u1ed9 \u0111i\u1ec1u khi\u1ec3n DMX VL-803TC t\u1eeb Vilight.vn \u0111\u1ec3 mang \u0111\u1ebfn cho b\u1ea1n tr\u1ea3i nghi\u1ec7m \u00e1nh s\u00e1ng tuy\u1ec7t \u0111\u1eb9p v\u00e0 \u0111\u00e1ng tin c\u1eady.<\/span><\/p>\n<p style=\"text-align: justify;\"><span style=\"font-size: 14pt;\"><a href=\"https:\/\/vilight.vn\/website\/wp-content\/uploads\/2021\/06\/H803TC-1-1.jpg\"><img decoding=\"async\" class=\"aligncenter wp-image-1576 lazyload\" data-src=\"https:\/\/vilight.vn\/website\/wp-content\/uploads\/2021\/06\/H803TC-1-1.jpg\" alt=\"B\u1ed9 \u0111i\u1ec1u khi\u1ec3n DMX VL-803TC\" width=\"1500\" height=\"1500\" data-srcset=\"https:\/\/vilight.vn\/website\/wp-content\/uploads\/2021\/06\/H803TC-1-1.jpg 750w, https:\/\/vilight.vn\/website\/wp-content\/uploads\/2021\/06\/H803TC-1-1-300x300.jpg 300w, https:\/\/vilight.vn\/website\/wp-content\/uploads\/2021\/06\/H803TC-1-1-150x150.jpg 150w, https:\/\/vilight.vn\/website\/wp-content\/uploads\/2021\/06\/H803TC-1-1-12x12.jpg 12w, https:\/\/vilight.vn\/website\/wp-content\/uploads\/2021\/06\/H803TC-1-1-146x146.jpg 146w, https:\/\/vilight.vn\/website\/wp-content\/uploads\/2021\/06\/H803TC-1-1-50x50.jpg 50w, https:\/\/vilight.vn\/website\/wp-content\/uploads\/2021\/06\/H803TC-1-1-75x75.jpg 75w, https:\/\/vilight.vn\/website\/wp-content\/uploads\/2021\/06\/H803TC-1-1-85x85.jpg 85w, https:\/\/vilight.vn\/website\/wp-content\/uploads\/2021\/06\/H803TC-1-1-80x80.jpg 80w, https:\/\/vilight.vn\/website\/wp-content\/uploads\/2021\/06\/H803TC-1-1-600x600.jpg 600w\" data-sizes=\"(max-width:767px) 480px, (max-width:1500px) 100vw, 1500px\" src=\"data:image\/svg+xml;base64,PHN2ZyB3aWR0aD0iMSIgaGVpZ2h0PSIxIiB4bWxucz0iaHR0cDovL3d3dy53My5vcmcvMjAwMC9zdmciPjwvc3ZnPg==\" style=\"--smush-placeholder-width: 1500px; --smush-placeholder-aspect-ratio: 1500\/1500;\" \/><\/a><\/span><\/p>\n<p style=\"text-align: justify;\">\n","protected":false},"excerpt":{"rendered":"<p style=\"text-align: justify;\"><span style=\"font-size: 14pt;\">B\u1ed9 \u0111i\u1ec1u khi\u1ec3n DMX VL-803TC l\u00e0 m\u1ed9t gi\u1ea3i ph\u00e1p tuy\u1ec7t v\u1eddi cho vi\u1ec7c \u0111i\u1ec1u khi\u1ec3n \u00e1nh s\u00e1ng th\u00f4ng qua giao th\u1ee9c DMX512. V\u1edbi ch\u1ea5t l\u01b0\u1ee3ng cao, t\u00ednh n\u0103ng linh ho\u1ea1t v\u00e0 kh\u1ea3 n\u0103ng t\u01b0\u01a1ng th\u00edch, b\u1ed9 \u0111i\u1ec1u khi\u1ec3n n\u00e0y s\u1ebd \u0111\u00e1p \u1ee9ng m\u1ecdi y\u00eau c\u1ea7u trong vi\u1ec7c t\u1ea1o ra c\u00e1c hi\u1ec7u \u1ee9ng \u00e1nh s\u00e1ng \u0111\u1ed9c \u0111\u00e1o v\u00e0 \u1ea5n t\u01b0\u1ee3ng cho h\u1ec7 th\u1ed1ng chi\u1ebfu s\u00e1ng.<\/span><\/p>\n","protected":false},"featured_media":1436,"template":"","meta":[],"product_brand":[],"product_cat":[83],"product_tag":[463],"class_list":{"0":"post-1435","1":"product","2":"type-product","3":"status-publish","4":"has-post-thumbnail","6":"product_cat-controller","7":"product_tag-bo-dieu-khien-dmx-vl-803tc","9":"first","10":"instock","11":"taxable","12":"shipping-taxable","13":"product-type-simple"},"yoast_head":"<!-- This site is optimized with the Yoast SEO Premium plugin v27.4 (Yoast SEO v27.4) - https:\/\/yoast.com\/product\/yoast-seo-premium-wordpress\/ -->\n<title>B\u1ed9 \u0111i\u1ec1u khi\u1ec3n DMX VL-803TC - Vilight Co.ltd<\/title>\n<meta name=\"description\" content=\"B\u1ed9 \u0111i\u1ec1u khi\u1ec3n DMX VL-803TC l\u00e0 m\u1ed9t gi\u1ea3i ph\u00e1p tuy\u1ec7t v\u1eddi cho vi\u1ec7c \u0111i\u1ec1u khi\u1ec3n \u00e1nh s\u00e1ng v\u1edbi ch\u1ea5t l\u01b0\u1ee3ng cao, t\u00ednh n\u0103ng linh ho\u1ea1t v\u00e0 kh\u1ea3 n\u0103ng t\u01b0\u01a1ng th\u00edch.\" \/>\n<meta name=\"robots\" content=\"index, follow, max-snippet:-1, max-image-preview:large, max-video-preview:-1\" \/>\n<link rel=\"canonical\" href=\"https:\/\/vilight.vn\/website\/san-pham\/den-led-pixel\/controller\/bo-dieu-khien-dmx-vl-803tc\/\" \/>\n<meta property=\"og:locale\" content=\"vi_VN\" \/>\n<meta property=\"og:type\" content=\"article\" \/>\n<meta property=\"og:title\" content=\"B\u1ed9 \u0111i\u1ec1u khi\u1ec3n DMX VL-803TC\" \/>\n<meta property=\"og:description\" content=\"B\u1ed9 \u0111i\u1ec1u khi\u1ec3n DMX VL-803TC l\u00e0 m\u1ed9t gi\u1ea3i ph\u00e1p tuy\u1ec7t v\u1eddi cho vi\u1ec7c \u0111i\u1ec1u khi\u1ec3n \u00e1nh s\u00e1ng th\u00f4ng qua giao th\u1ee9c DMX512. V\u1edbi ch\u1ea5t l\u01b0\u1ee3ng cao, t\u00ednh n\u0103ng linh ho\u1ea1t v\u00e0 kh\u1ea3 n\u0103ng t\u01b0\u01a1ng th\u00edch, b\u1ed9 \u0111i\u1ec1u khi\u1ec3n n\u00e0y s\u1ebd \u0111\u00e1p \u1ee9ng m\u1ecdi y\u00eau c\u1ea7u trong vi\u1ec7c t\u1ea1o ra c\u00e1c hi\u1ec7u \u1ee9ng \u00e1nh s\u00e1ng \u0111\u1ed9c \u0111\u00e1o v\u00e0 \u1ea5n t\u01b0\u1ee3ng cho h\u1ec7 th\u1ed1ng chi\u1ebfu s\u00e1ng.\" \/>\n<meta property=\"og:url\" content=\"https:\/\/vilight.vn\/website\/san-pham\/den-led-pixel\/controller\/bo-dieu-khien-dmx-vl-803tc\/\" \/>\n<meta property=\"og:site_name\" content=\"Vilight Co.ltd\" \/>\n<meta property=\"article:publisher\" content=\"http:\/\/facebook.com\/vilight.vn\" \/>\n<meta property=\"article:modified_time\" content=\"2024-09-25T09:01:14+00:00\" \/>\n<meta property=\"og:image\" content=\"https:\/\/vilight.vn\/website\/wp-content\/uploads\/2021\/06\/803TC.jpg\" \/>\n\t<meta property=\"og:image:width\" content=\"600\" \/>\n\t<meta property=\"og:image:height\" content=\"600\" \/>\n\t<meta property=\"og:image:type\" content=\"image\/jpeg\" \/>\n<meta name=\"twitter:card\" content=\"summary_large_image\" \/>\n<meta name=\"twitter:label1\" content=\"Gi\u00e1\" \/>\n\t<meta name=\"twitter:data1\" content=\"\" \/>\n\t<meta name=\"twitter:label2\" content=\"Kh\u1ea3 d\u1ee5ng\" \/>\n\t<meta name=\"twitter:data2\" content=\"Trong kho\" \/>\n<script type=\"application\/ld+json\" class=\"yoast-schema-graph\">{\"@context\":\"https:\\\/\\\/schema.org\",\"@graph\":[{\"@type\":\"WebPage\",\"@id\":\"https:\\\/\\\/vilight.vn\\\/website\\\/san-pham\\\/den-led-pixel\\\/controller\\\/bo-dieu-khien-dmx-vl-803tc\\\/\",\"url\":\"https:\\\/\\\/vilight.vn\\\/website\\\/san-pham\\\/den-led-pixel\\\/controller\\\/bo-dieu-khien-dmx-vl-803tc\\\/\",\"name\":\"B\u1ed9 \u0111i\u1ec1u khi\u1ec3n DMX VL-803TC - Vilight Co.ltd\",\"isPartOf\":{\"@id\":\"https:\\\/\\\/vilight.vn\\\/website\\\/#website\"},\"primaryImageOfPage\":{\"@id\":\"https:\\\/\\\/vilight.vn\\\/website\\\/san-pham\\\/den-led-pixel\\\/controller\\\/bo-dieu-khien-dmx-vl-803tc\\\/#primaryimage\"},\"image\":{\"@id\":\"https:\\\/\\\/vilight.vn\\\/website\\\/san-pham\\\/den-led-pixel\\\/controller\\\/bo-dieu-khien-dmx-vl-803tc\\\/#primaryimage\"},\"thumbnailUrl\":\"https:\\\/\\\/vilight.vn\\\/website\\\/wp-content\\\/uploads\\\/2021\\\/06\\\/803TC.jpg\",\"datePublished\":\"2021-06-27T14:31:08+00:00\",\"dateModified\":\"2024-09-25T09:01:14+00:00\",\"description\":\"B\u1ed9 \u0111i\u1ec1u khi\u1ec3n DMX VL-803TC l\u00e0 m\u1ed9t gi\u1ea3i ph\u00e1p tuy\u1ec7t v\u1eddi cho vi\u1ec7c \u0111i\u1ec1u khi\u1ec3n \u00e1nh s\u00e1ng v\u1edbi ch\u1ea5t l\u01b0\u1ee3ng cao, t\u00ednh n\u0103ng linh ho\u1ea1t v\u00e0 kh\u1ea3 n\u0103ng t\u01b0\u01a1ng th\u00edch.\",\"breadcrumb\":{\"@id\":\"https:\\\/\\\/vilight.vn\\\/website\\\/san-pham\\\/den-led-pixel\\\/controller\\\/bo-dieu-khien-dmx-vl-803tc\\\/#breadcrumb\"},\"inLanguage\":\"vi\",\"potentialAction\":[{\"@type\":\"ReadAction\",\"target\":[\"https:\\\/\\\/vilight.vn\\\/website\\\/san-pham\\\/den-led-pixel\\\/controller\\\/bo-dieu-khien-dmx-vl-803tc\\\/\"]}]},{\"@type\":\"ImageObject\",\"inLanguage\":\"vi\",\"@id\":\"https:\\\/\\\/vilight.vn\\\/website\\\/san-pham\\\/den-led-pixel\\\/controller\\\/bo-dieu-khien-dmx-vl-803tc\\\/#primaryimage\",\"url\":\"https:\\\/\\\/vilight.vn\\\/website\\\/wp-content\\\/uploads\\\/2021\\\/06\\\/803TC.jpg\",\"contentUrl\":\"https:\\\/\\\/vilight.vn\\\/website\\\/wp-content\\\/uploads\\\/2021\\\/06\\\/803TC.jpg\",\"width\":600,\"height\":600,\"caption\":\"B\u1ed9 \u0111i\u1ec1u khi\u1ec3n DMX VL-803TC\"},{\"@type\":\"BreadcrumbList\",\"@id\":\"https:\\\/\\\/vilight.vn\\\/website\\\/san-pham\\\/den-led-pixel\\\/controller\\\/bo-dieu-khien-dmx-vl-803tc\\\/#breadcrumb\",\"itemListElement\":[{\"@type\":\"ListItem\",\"position\":1,\"name\":\"Home\",\"item\":\"https:\\\/\\\/vilight.vn\\\/website\\\/\"},{\"@type\":\"ListItem\",\"position\":2,\"name\":\"store\",\"item\":\"https:\\\/\\\/vilight.vn\\\/website\\\/store\\\/\"},{\"@type\":\"ListItem\",\"position\":3,\"name\":\"B\u1ed9 \u0111i\u1ec1u khi\u1ec3n DMX VL-803TC\"}]},{\"@type\":\"WebSite\",\"@id\":\"https:\\\/\\\/vilight.vn\\\/website\\\/#website\",\"url\":\"https:\\\/\\\/vilight.vn\\\/website\\\/\",\"name\":\"Vilight Co.ltd\",\"description\":\"Chi\u1ebfu s\u00e1ng m\u1ef9 thu\u1eadt, chi\u1ebfu s\u00e1ng th\u00f4ng minh, LED Pixel 3D, chi\u1ebfu s\u00e1ng trang tr\u00ed \u0111\u00f4 th\u1ecb, chi\u1ebfu s\u00e1ng v\u00f2ng xoay, chi\u1ebfu s\u00e1ng \u0111\u1ea3o giao th\u00f4ng, c\u1ed5ng ch\u00e0o \u0111\u00f4 th\u1ecb\",\"publisher\":{\"@id\":\"https:\\\/\\\/vilight.vn\\\/website\\\/#organization\"},\"potentialAction\":[{\"@type\":\"SearchAction\",\"target\":{\"@type\":\"EntryPoint\",\"urlTemplate\":\"https:\\\/\\\/vilight.vn\\\/website\\\/?s={search_term_string}\"},\"query-input\":{\"@type\":\"PropertyValueSpecification\",\"valueRequired\":true,\"valueName\":\"search_term_string\"}}],\"inLanguage\":\"vi\"},{\"@type\":\"Organization\",\"@id\":\"https:\\\/\\\/vilight.vn\\\/website\\\/#organization\",\"name\":\"Vilight\",\"url\":\"https:\\\/\\\/vilight.vn\\\/website\\\/\",\"logo\":{\"@type\":\"ImageObject\",\"inLanguage\":\"vi\",\"@id\":\"https:\\\/\\\/vilight.vn\\\/website\\\/#\\\/schema\\\/logo\\\/image\\\/\",\"url\":\"https:\\\/\\\/vilight.vn\\\/website\\\/wp-content\\\/uploads\\\/2022\\\/05\\\/chieu_sang_trang_tri_do_thi_bang_den_led_pixel.png\",\"contentUrl\":\"https:\\\/\\\/vilight.vn\\\/website\\\/wp-content\\\/uploads\\\/2022\\\/05\\\/chieu_sang_trang_tri_do_thi_bang_den_led_pixel.png\",\"width\":800,\"height\":427,\"caption\":\"Vilight\"},\"image\":{\"@id\":\"https:\\\/\\\/vilight.vn\\\/website\\\/#\\\/schema\\\/logo\\\/image\\\/\"},\"sameAs\":[\"http:\\\/\\\/facebook.com\\\/vilight.vn\",\"https:\\\/\\\/www.linkedin.com\\\/company\\\/vilight-vn\",\"https:\\\/\\\/www.youtube.com\\\/channel\\\/UCEwR2naeDcuarMX1kSv_rLQ\\\/videos\"]}]}<\/script>\n<meta property=\"product:brand\" content=\"Controller\" \/>\n<meta property=\"product:price:currency\" content=\"VND\" \/>\n<meta property=\"og:availability\" content=\"instock\" \/>\n<meta property=\"product:availability\" content=\"instock\" \/>\n<meta property=\"product:condition\" content=\"new\" \/>\n<!-- \/ Yoast SEO Premium plugin. -->","yoast_head_json":{"title":"B\u1ed9 \u0111i\u1ec1u khi\u1ec3n DMX VL-803TC - Vilight Co.ltd","description":"B\u1ed9 \u0111i\u1ec1u khi\u1ec3n DMX VL-803TC l\u00e0 m\u1ed9t gi\u1ea3i ph\u00e1p tuy\u1ec7t v\u1eddi cho vi\u1ec7c \u0111i\u1ec1u khi\u1ec3n \u00e1nh s\u00e1ng v\u1edbi ch\u1ea5t l\u01b0\u1ee3ng cao, t\u00ednh n\u0103ng linh ho\u1ea1t v\u00e0 kh\u1ea3 n\u0103ng t\u01b0\u01a1ng th\u00edch.","robots":{"index":"index","follow":"follow","max-snippet":"max-snippet:-1","max-image-preview":"max-image-preview:large","max-video-preview":"max-video-preview:-1"},"canonical":"https:\/\/vilight.vn\/website\/san-pham\/den-led-pixel\/controller\/bo-dieu-khien-dmx-vl-803tc\/","og_locale":"vi_VN","og_type":"article","og_title":"B\u1ed9 \u0111i\u1ec1u khi\u1ec3n DMX VL-803TC","og_description":"B\u1ed9 \u0111i\u1ec1u khi\u1ec3n DMX VL-803TC l\u00e0 m\u1ed9t gi\u1ea3i ph\u00e1p tuy\u1ec7t v\u1eddi cho vi\u1ec7c \u0111i\u1ec1u khi\u1ec3n \u00e1nh s\u00e1ng th\u00f4ng qua giao th\u1ee9c DMX512. V\u1edbi ch\u1ea5t l\u01b0\u1ee3ng cao, t\u00ednh n\u0103ng linh ho\u1ea1t v\u00e0 kh\u1ea3 n\u0103ng t\u01b0\u01a1ng th\u00edch, b\u1ed9 \u0111i\u1ec1u khi\u1ec3n n\u00e0y s\u1ebd \u0111\u00e1p \u1ee9ng m\u1ecdi y\u00eau c\u1ea7u trong vi\u1ec7c t\u1ea1o ra c\u00e1c hi\u1ec7u \u1ee9ng \u00e1nh s\u00e1ng \u0111\u1ed9c \u0111\u00e1o v\u00e0 \u1ea5n t\u01b0\u1ee3ng cho h\u1ec7 th\u1ed1ng chi\u1ebfu s\u00e1ng.","og_url":"https:\/\/vilight.vn\/website\/san-pham\/den-led-pixel\/controller\/bo-dieu-khien-dmx-vl-803tc\/","og_site_name":"Vilight Co.ltd","article_publisher":"http:\/\/facebook.com\/vilight.vn","article_modified_time":"2024-09-25T09:01:14+00:00","og_image":[{"width":600,"height":600,"url":"https:\/\/vilight.vn\/website\/wp-content\/uploads\/2021\/06\/803TC.jpg","type":"image\/jpeg"}],"twitter_card":"summary_large_image","twitter_misc":{"Gi\u00e1":"","Kh\u1ea3 d\u1ee5ng":"Trong kho"},"schema":{"@context":"https:\/\/schema.org","@graph":[{"@type":"WebPage","@id":"https:\/\/vilight.vn\/website\/san-pham\/den-led-pixel\/controller\/bo-dieu-khien-dmx-vl-803tc\/","url":"https:\/\/vilight.vn\/website\/san-pham\/den-led-pixel\/controller\/bo-dieu-khien-dmx-vl-803tc\/","name":"B\u1ed9 \u0111i\u1ec1u khi\u1ec3n DMX VL-803TC - Vilight Co.ltd","isPartOf":{"@id":"https:\/\/vilight.vn\/website\/#website"},"primaryImageOfPage":{"@id":"https:\/\/vilight.vn\/website\/san-pham\/den-led-pixel\/controller\/bo-dieu-khien-dmx-vl-803tc\/#primaryimage"},"image":{"@id":"https:\/\/vilight.vn\/website\/san-pham\/den-led-pixel\/controller\/bo-dieu-khien-dmx-vl-803tc\/#primaryimage"},"thumbnailUrl":"https:\/\/vilight.vn\/website\/wp-content\/uploads\/2021\/06\/803TC.jpg","datePublished":"2021-06-27T14:31:08+00:00","dateModified":"2024-09-25T09:01:14+00:00","description":"B\u1ed9 \u0111i\u1ec1u khi\u1ec3n DMX VL-803TC l\u00e0 m\u1ed9t gi\u1ea3i ph\u00e1p tuy\u1ec7t v\u1eddi cho vi\u1ec7c \u0111i\u1ec1u khi\u1ec3n \u00e1nh s\u00e1ng v\u1edbi ch\u1ea5t l\u01b0\u1ee3ng cao, t\u00ednh n\u0103ng linh ho\u1ea1t v\u00e0 kh\u1ea3 n\u0103ng t\u01b0\u01a1ng th\u00edch.","breadcrumb":{"@id":"https:\/\/vilight.vn\/website\/san-pham\/den-led-pixel\/controller\/bo-dieu-khien-dmx-vl-803tc\/#breadcrumb"},"inLanguage":"vi","potentialAction":[{"@type":"ReadAction","target":["https:\/\/vilight.vn\/website\/san-pham\/den-led-pixel\/controller\/bo-dieu-khien-dmx-vl-803tc\/"]}]},{"@type":"ImageObject","inLanguage":"vi","@id":"https:\/\/vilight.vn\/website\/san-pham\/den-led-pixel\/controller\/bo-dieu-khien-dmx-vl-803tc\/#primaryimage","url":"https:\/\/vilight.vn\/website\/wp-content\/uploads\/2021\/06\/803TC.jpg","contentUrl":"https:\/\/vilight.vn\/website\/wp-content\/uploads\/2021\/06\/803TC.jpg","width":600,"height":600,"caption":"B\u1ed9 \u0111i\u1ec1u khi\u1ec3n DMX VL-803TC"},{"@type":"BreadcrumbList","@id":"https:\/\/vilight.vn\/website\/san-pham\/den-led-pixel\/controller\/bo-dieu-khien-dmx-vl-803tc\/#breadcrumb","itemListElement":[{"@type":"ListItem","position":1,"name":"Home","item":"https:\/\/vilight.vn\/website\/"},{"@type":"ListItem","position":2,"name":"store","item":"https:\/\/vilight.vn\/website\/store\/"},{"@type":"ListItem","position":3,"name":"B\u1ed9 \u0111i\u1ec1u khi\u1ec3n DMX VL-803TC"}]},{"@type":"WebSite","@id":"https:\/\/vilight.vn\/website\/#website","url":"https:\/\/vilight.vn\/website\/","name":"Vilight Co.ltd","description":"Chi\u1ebfu s\u00e1ng m\u1ef9 thu\u1eadt, chi\u1ebfu s\u00e1ng th\u00f4ng minh, LED Pixel 3D, chi\u1ebfu s\u00e1ng trang tr\u00ed \u0111\u00f4 th\u1ecb, chi\u1ebfu s\u00e1ng v\u00f2ng xoay, chi\u1ebfu s\u00e1ng \u0111\u1ea3o giao th\u00f4ng, c\u1ed5ng ch\u00e0o \u0111\u00f4 th\u1ecb","publisher":{"@id":"https:\/\/vilight.vn\/website\/#organization"},"potentialAction":[{"@type":"SearchAction","target":{"@type":"EntryPoint","urlTemplate":"https:\/\/vilight.vn\/website\/?s={search_term_string}"},"query-input":{"@type":"PropertyValueSpecification","valueRequired":true,"valueName":"search_term_string"}}],"inLanguage":"vi"},{"@type":"Organization","@id":"https:\/\/vilight.vn\/website\/#organization","name":"Vilight","url":"https:\/\/vilight.vn\/website\/","logo":{"@type":"ImageObject","inLanguage":"vi","@id":"https:\/\/vilight.vn\/website\/#\/schema\/logo\/image\/","url":"https:\/\/vilight.vn\/website\/wp-content\/uploads\/2022\/05\/chieu_sang_trang_tri_do_thi_bang_den_led_pixel.png","contentUrl":"https:\/\/vilight.vn\/website\/wp-content\/uploads\/2022\/05\/chieu_sang_trang_tri_do_thi_bang_den_led_pixel.png","width":800,"height":427,"caption":"Vilight"},"image":{"@id":"https:\/\/vilight.vn\/website\/#\/schema\/logo\/image\/"},"sameAs":["http:\/\/facebook.com\/vilight.vn","https:\/\/www.linkedin.com\/company\/vilight-vn","https:\/\/www.youtube.com\/channel\/UCEwR2naeDcuarMX1kSv_rLQ\/videos"]}]},"product_brand":"Controller","product_price_currency":"VND","og_availability":"instock","product_availability":"instock","product_condition":"new"},"_links":{"self":[{"href":"https:\/\/vilight.vn\/website\/wp-json\/wp\/v2\/product\/1435","targetHints":{"allow":["GET"]}}],"collection":[{"href":"https:\/\/vilight.vn\/website\/wp-json\/wp\/v2\/product"}],"about":[{"href":"https:\/\/vilight.vn\/website\/wp-json\/wp\/v2\/types\/product"}],"wp:featuredmedia":[{"embeddable":true,"href":"https:\/\/vilight.vn\/website\/wp-json\/wp\/v2\/media\/1436"}],"wp:attachment":[{"href":"https:\/\/vilight.vn\/website\/wp-json\/wp\/v2\/media?parent=1435"}],"wp:term":[{"taxonomy":"product_brand","embeddable":true,"href":"https:\/\/vilight.vn\/website\/wp-json\/wp\/v2\/product_brand?post=1435"},{"taxonomy":"product_cat","embeddable":true,"href":"https:\/\/vilight.vn\/website\/wp-json\/wp\/v2\/product_cat?post=1435"},{"taxonomy":"product_tag","embeddable":true,"href":"https:\/\/vilight.vn\/website\/wp-json\/wp\/v2\/product_tag?post=1435"}],"curies":[{"name":"wp","href":"https:\/\/api.w.org\/{rel}","templated":true}]}}