{"id":1437,"date":"2021-06-27T21:31:37","date_gmt":"2021-06-27T14:31:37","guid":{"rendered":"https:\/\/vilight.vn\/website\/?post_type=product&#038;p=1437"},"modified":"2024-09-27T10:39:41","modified_gmt":"2024-09-27T03:39:41","slug":"bo-dieu-khien-dmx-vl-c003","status":"publish","type":"product","link":"https:\/\/vilight.vn\/website\/san-pham\/den-led-pixel\/controller\/bo-dieu-khien-dmx-vl-c003\/","title":{"rendered":"B\u1ed9 \u0111i\u1ec1u khi\u1ec3n DMX VL-C003"},"content":{"rendered":"<h2>B\u1ed9 \u0111i\u1ec1u khi\u1ec3n DMX VL-C003: S\u1ef1 l\u1ef1a ch\u1ecdn ho\u00e0n h\u1ea3o cho h\u1ec7 th\u1ed1ng \u0111\u00e8n chi\u1ebfu s\u00e1ng trang tr\u00ed c\u1ee7a b\u1ea1n<\/h2>\n<p>B\u1ed9 \u0111i\u1ec1u khi\u1ec3n DMX VL-C003 l\u00e0 m\u1ed9t gi\u1ea3i ph\u00e1p tuy\u1ec7t v\u1eddi cho h\u1ec7 th\u1ed1ng \u0111\u00e8n chi\u1ebfu s\u00e1ng trang tr\u00ed c\u1ee7a b\u1ea1n. V\u1edbi kh\u1ea3 n\u0103ng \u0111i\u1ec1u khi\u1ec3n th\u00f4ng qua giao th\u1ee9c DMX 512 v\u00e0 8 ng\u00f5 ra, s\u1ea3n ph\u1ea9m n\u00e0y mang \u0111\u1ebfn kh\u1ea3 n\u0103ng ki\u1ec3m so\u00e1t linh ho\u1ea1t v\u00e0 m\u1ea1nh m\u1ebd cho vi\u1ec7c \u0111i\u1ec1u ch\u1ec9nh \u00e1nh s\u00e1ng theo \u00fd mu\u1ed1n c\u1ee7a b\u1ea1n. V\u1edbi v\u1ecf kim lo\u1ea1i b\u1ec1n b\u1ec9, b\u1ed9 \u0111i\u1ec1u khi\u1ec3n DMX VL-C003 \u0111\u01b0\u1ee3c thi\u1ebft k\u1ebf \u0111\u1ec3 ch\u1ecbu \u0111\u01b0\u1ee3c s\u1ef1 l\u1ea1nh l\u1ebdo v\u00e0 va \u0111\u1eadp trong m\u00f4i tr\u01b0\u1eddng l\u00e0m vi\u1ec7c.<\/p>\n<p>\u0110\u1eb7c \u0111i\u1ec3m n\u1ed5i b\u1eadt:<br \/>\n1. Giao th\u1ee9c DMX 512: B\u1ed9 \u0111i\u1ec1u khi\u1ec3n DMX VL-C003 h\u1ed7 tr\u1ee3 giao th\u1ee9c ti\u00eau chu\u1ea9n DMX 512, gi\u00fap b\u1ea1n d\u1ec5 d\u00e0ng k\u1ebft n\u1ed1i v\u00e0 \u0111i\u1ec1u khi\u1ec3n c\u00e1c thi\u1ebft b\u1ecb \u00e1nh s\u00e1ng t\u01b0\u01a1ng th\u00edch. \u0110i\u1ec1u n\u00e0y cho ph\u00e9p b\u1ea1n t\u1ea1o ra nh\u1eefng hi\u1ec7u \u1ee9ng \u00e1nh s\u00e1ng phong ph\u00fa v\u00e0 t\u00f9y ch\u1ec9nh ch\u00fang theo \u00fd mu\u1ed1n.<\/p>\n<p>2. 8 ng\u00f5 ra: V\u1edbi 8 ng\u00f5 ra \u0111\u1ed9c l\u1eadp, b\u1ed9 \u0111i\u1ec1u khi\u1ec3n VL-C003 cho ph\u00e9p b\u1ea1n \u0111i\u1ec1u ch\u1ec9nh \u0111\u1ed3ng th\u1eddi nhi\u1ec1u \u0111\u00e8n chi\u1ebfu s\u00e1ng trang tr\u00ed kh\u00e1c nhau. B\u1ea1n c\u00f3 th\u1ec3 t\u1ea1o ra nh\u1eefng b\u1ee9c tranh \u00e1nh s\u00e1ng ph\u1ee9c t\u1ea1p v\u00e0 s\u1eafc n\u00e9t, t\u1ea1o n\u00ean kh\u00f4ng gian trang tr\u00ed tuy\u1ec7t \u0111\u1eb9p v\u00e0 \u1ea5n t\u01b0\u1ee3ng.<\/p>\n<p>3. V\u1ecf kim lo\u1ea1i b\u1ec1n b\u1ec9: B\u1ed9 \u0111i\u1ec1u khi\u1ec3n DMX VL-C003 \u0111\u01b0\u1ee3c l\u00e0m t\u1eeb v\u1eadt li\u1ec7u v\u1ecf kim lo\u1ea1i ch\u1ea5t l\u01b0\u1ee3ng cao, gi\u00fap n\u00f3 ch\u1ecbu \u0111\u01b0\u1ee3c s\u1ef1 va \u0111\u1eadp v\u00e0 l\u1ea1nh l\u1ebdo trong m\u00f4i tr\u01b0\u1eddng l\u00e0m vi\u1ec7c. \u0110i\u1ec1u n\u00e0y \u0111\u1ea3m b\u1ea3o r\u1eb1ng s\u1ea3n ph\u1ea9m s\u1ebd k\u00e9o d\u00e0i th\u1eddi gian s\u1eed d\u1ee5ng v\u00e0 \u0111\u00e1ng tin c\u1eady trong su\u1ed1t qu\u00e1 tr\u00ecnh l\u00e0m vi\u1ec7c c\u1ee7a b\u1ea1n.<\/p>\n<p>4. \u0110i\u1ec7n \u00e1p AC 165 &#8211; 220: B\u1ed9 \u0111i\u1ec1u khi\u1ec3n VL-C003 ho\u1ea1t \u0111\u1ed9ng \u1edf \u0111i\u1ec7n \u00e1p AC 165 &#8211; 220, ph\u00f9 h\u1ee3p v\u1edbi h\u1ea7u h\u1ebft c\u00e1c h\u1ec7 th\u1ed1ng \u0111i\u1ec7n hi\u1ec7n c\u00f3. \u0110i\u1ec1u n\u00e0y gi\u00fap b\u1ea1n d\u1ec5 d\u00e0ng t\u00edch h\u1ee3p b\u1ed9 \u0111i\u1ec1u khi\u1ec3n v\u00e0o h\u1ec7 th\u1ed1ng chi\u1ebfu s\u00e1ng hi\u1ec7n c\u00f3 c\u1ee7a b\u1ea1n m\u00e0 kh\u00f4ng c\u1ea7n thay \u0111\u1ed5i c\u1ea5u tr\u00fac \u0111i\u1ec7n.<\/p>\n<p>B\u1ed9 \u0111i\u1ec1u khi\u1ec3n DMX VL-C003 l\u00e0 m\u1ed9t c\u00f4ng c\u1ee5 m\u1ea1nh m\u1ebd \u0111\u1ec3 t\u1ea1o ra nh\u1eefng hi\u1ec7u \u1ee9ng \u00e1nh s\u00e1ng \u0111\u1ed9c \u0111\u00e1o v\u00e0 t\u00f9y ch\u1ec9nh cho h\u1ec7 th\u1ed1ng \u0111\u00e8n chi\u1ebfu s\u00e1ng trang tr\u00ed c\u1ee7a b\u1ea1n. V\u1edbi kh\u1ea3 n\u0103ng \u0111i\u1ec1u khi\u1ec3n linh ho\u1ea1t, ch\u1ea5t l\u01b0\u1ee3ng v\u1ecf kim lo\u1ea1i b\u1ec1n b\u1ec9, v\u00e0 t\u00ednh \u1ed5n \u0111\u1ecbnh trong ho\u1ea1t \u0111\u1ed9ng, s\u1ea3n ph\u1ea9m n\u00e0y \u0111\u00e1ng \u0111\u1ec3 b\u1ea1n xem x\u00e9t cho c\u00e1c nhu c\u1ea7u chi\u1ebfu s\u00e1ng trang tr\u00ed c\u1ee7a b\u1ea1n.<\/p>\n<p><a href=\"https:\/\/vilight.vn\/website\/wp-content\/uploads\/2021\/06\/C003-1.jpg\"><img decoding=\"async\" class=\"aligncenter wp-image-1578 lazyload\" data-src=\"https:\/\/vilight.vn\/website\/wp-content\/uploads\/2021\/06\/C003-1.jpg\" alt=\"B\u1ed9 \u0111i\u1ec1u khi\u1ec3n DMX VL-C003\" width=\"1500\" height=\"1500\" data-srcset=\"https:\/\/vilight.vn\/website\/wp-content\/uploads\/2021\/06\/C003-1.jpg 750w, https:\/\/vilight.vn\/website\/wp-content\/uploads\/2021\/06\/C003-1-300x300.jpg 300w, https:\/\/vilight.vn\/website\/wp-content\/uploads\/2021\/06\/C003-1-150x150.jpg 150w, https:\/\/vilight.vn\/website\/wp-content\/uploads\/2021\/06\/C003-1-12x12.jpg 12w, https:\/\/vilight.vn\/website\/wp-content\/uploads\/2021\/06\/C003-1-146x146.jpg 146w, https:\/\/vilight.vn\/website\/wp-content\/uploads\/2021\/06\/C003-1-50x50.jpg 50w, https:\/\/vilight.vn\/website\/wp-content\/uploads\/2021\/06\/C003-1-75x75.jpg 75w, https:\/\/vilight.vn\/website\/wp-content\/uploads\/2021\/06\/C003-1-85x85.jpg 85w, https:\/\/vilight.vn\/website\/wp-content\/uploads\/2021\/06\/C003-1-80x80.jpg 80w, https:\/\/vilight.vn\/website\/wp-content\/uploads\/2021\/06\/C003-1-600x600.jpg 600w\" data-sizes=\"(max-width:767px) 480px, (max-width:1500px) 100vw, 1500px\" src=\"data:image\/svg+xml;base64,PHN2ZyB3aWR0aD0iMSIgaGVpZ2h0PSIxIiB4bWxucz0iaHR0cDovL3d3dy53My5vcmcvMjAwMC9zdmciPjwvc3ZnPg==\" style=\"--smush-placeholder-width: 1500px; --smush-placeholder-aspect-ratio: 1500\/1500;\" \/><\/a><\/p>\n<p><span style=\"color: #ffffff;\">Controller C003. B\u1ed9 \u0111i\u1ec1u khi\u1ec3n Controller C003. C003.<\/span><\/p>\n","protected":false},"excerpt":{"rendered":"<p style=\"text-align: justify;\"><span style=\"font-size: 14pt;\">B\u1ed9 \u0111i\u1ec1u khi\u1ec3n DMX VL-C003 &#8211; S\u1ef1 l\u1ef1a ch\u1ecdn tuy\u1ec7t v\u1eddi cho h\u1ec7 th\u1ed1ng \u0111\u00e8n chi\u1ebfu s\u00e1ng trang tr\u00ed. Ki\u1ec3m so\u00e1t DMX512, 8 ng\u00f5 ra, v\u1ecf kim lo\u1ea1i b\u1ec1n b\u1ec9. M\u1edf ra kh\u00f4ng gian s\u00e1ng t\u1ea1o v\u00e0 hi\u1ec7u \u1ee9ng \u00e1nh s\u00e1ng \u0111\u1ed9c \u0111\u00e1o.<\/span><\/p>\n","protected":false},"featured_media":1438,"template":"","meta":[],"product_brand":[],"product_cat":[83],"product_tag":[462],"class_list":{"0":"post-1437","1":"product","2":"type-product","3":"status-publish","4":"has-post-thumbnail","6":"product_cat-controller","7":"product_tag-bo-dieu-khien-dmx-vl-c003","9":"first","10":"instock","11":"taxable","12":"shipping-taxable","13":"product-type-simple"},"yoast_head":"<!-- This site is optimized with the Yoast SEO Premium plugin v27.4 (Yoast SEO v27.4) - https:\/\/yoast.com\/product\/yoast-seo-premium-wordpress\/ -->\n<title>B\u1ed9 \u0111i\u1ec1u khi\u1ec3n DMX VL-C003 - Vilight Co.ltd<\/title>\n<meta name=\"description\" content=\"B\u1ed9 \u0111i\u1ec1u khi\u1ec3n DMX VL-C003 - Nh\u1eadp kh\u1ea9u ch\u00ednh h\u00e3ng t\u1ea1i Vi\u1ec7t Nam. S\u1ea3n ph\u1ea9m c\u00f3 ch\u1ea5t l\u01b0\u1ee3ng v\u01b0\u1ee3t tr\u1ed9i, b\u1ea3o h\u00e0nh ch\u00ednh h\u00e3ng t\u1ea1i Vilight.\" \/>\n<meta name=\"robots\" content=\"index, follow, max-snippet:-1, max-image-preview:large, max-video-preview:-1\" \/>\n<link rel=\"canonical\" href=\"https:\/\/vilight.vn\/website\/san-pham\/den-led-pixel\/controller\/bo-dieu-khien-dmx-vl-c003\/\" \/>\n<meta property=\"og:locale\" content=\"vi_VN\" \/>\n<meta property=\"og:type\" content=\"article\" \/>\n<meta property=\"og:title\" content=\"B\u1ed9 \u0111i\u1ec1u khi\u1ec3n DMX VL-C003\" \/>\n<meta property=\"og:description\" content=\"B\u1ed9 \u0111i\u1ec1u khi\u1ec3n DMX VL-C003 - S\u1ef1 l\u1ef1a ch\u1ecdn tuy\u1ec7t v\u1eddi cho h\u1ec7 th\u1ed1ng \u0111\u00e8n chi\u1ebfu s\u00e1ng trang tr\u00ed. Ki\u1ec3m so\u00e1t DMX512, 8 ng\u00f5 ra, v\u1ecf kim lo\u1ea1i b\u1ec1n b\u1ec9. M\u1edf ra kh\u00f4ng gian s\u00e1ng t\u1ea1o v\u00e0 hi\u1ec7u \u1ee9ng \u00e1nh s\u00e1ng \u0111\u1ed9c \u0111\u00e1o.\" \/>\n<meta property=\"og:url\" content=\"https:\/\/vilight.vn\/website\/san-pham\/den-led-pixel\/controller\/bo-dieu-khien-dmx-vl-c003\/\" \/>\n<meta property=\"og:site_name\" content=\"Vilight Co.ltd\" \/>\n<meta property=\"article:publisher\" content=\"http:\/\/facebook.com\/vilight.vn\" \/>\n<meta property=\"article:modified_time\" content=\"2024-09-27T03:39:41+00:00\" \/>\n<meta property=\"og:image\" content=\"https:\/\/vilight.vn\/website\/wp-content\/uploads\/2021\/06\/C003.jpg\" \/>\n\t<meta property=\"og:image:width\" content=\"600\" \/>\n\t<meta property=\"og:image:height\" content=\"600\" \/>\n\t<meta property=\"og:image:type\" content=\"image\/jpeg\" \/>\n<meta name=\"twitter:card\" content=\"summary_large_image\" \/>\n<meta name=\"twitter:label1\" content=\"Gi\u00e1\" \/>\n\t<meta name=\"twitter:data1\" content=\"\" \/>\n\t<meta name=\"twitter:label2\" content=\"Kh\u1ea3 d\u1ee5ng\" \/>\n\t<meta name=\"twitter:data2\" content=\"Trong kho\" \/>\n<script type=\"application\/ld+json\" class=\"yoast-schema-graph\">{\"@context\":\"https:\\\/\\\/schema.org\",\"@graph\":[{\"@type\":\"WebPage\",\"@id\":\"https:\\\/\\\/vilight.vn\\\/website\\\/san-pham\\\/den-led-pixel\\\/controller\\\/bo-dieu-khien-dmx-vl-c003\\\/\",\"url\":\"https:\\\/\\\/vilight.vn\\\/website\\\/san-pham\\\/den-led-pixel\\\/controller\\\/bo-dieu-khien-dmx-vl-c003\\\/\",\"name\":\"B\u1ed9 \u0111i\u1ec1u khi\u1ec3n DMX VL-C003 - Vilight Co.ltd\",\"isPartOf\":{\"@id\":\"https:\\\/\\\/vilight.vn\\\/website\\\/#website\"},\"primaryImageOfPage\":{\"@id\":\"https:\\\/\\\/vilight.vn\\\/website\\\/san-pham\\\/den-led-pixel\\\/controller\\\/bo-dieu-khien-dmx-vl-c003\\\/#primaryimage\"},\"image\":{\"@id\":\"https:\\\/\\\/vilight.vn\\\/website\\\/san-pham\\\/den-led-pixel\\\/controller\\\/bo-dieu-khien-dmx-vl-c003\\\/#primaryimage\"},\"thumbnailUrl\":\"https:\\\/\\\/vilight.vn\\\/website\\\/wp-content\\\/uploads\\\/2021\\\/06\\\/C003.jpg\",\"datePublished\":\"2021-06-27T14:31:37+00:00\",\"dateModified\":\"2024-09-27T03:39:41+00:00\",\"description\":\"B\u1ed9 \u0111i\u1ec1u khi\u1ec3n DMX VL-C003 - Nh\u1eadp kh\u1ea9u ch\u00ednh h\u00e3ng t\u1ea1i Vi\u1ec7t Nam. S\u1ea3n ph\u1ea9m c\u00f3 ch\u1ea5t l\u01b0\u1ee3ng v\u01b0\u1ee3t tr\u1ed9i, b\u1ea3o h\u00e0nh ch\u00ednh h\u00e3ng t\u1ea1i Vilight.\",\"breadcrumb\":{\"@id\":\"https:\\\/\\\/vilight.vn\\\/website\\\/san-pham\\\/den-led-pixel\\\/controller\\\/bo-dieu-khien-dmx-vl-c003\\\/#breadcrumb\"},\"inLanguage\":\"vi\",\"potentialAction\":[{\"@type\":\"ReadAction\",\"target\":[\"https:\\\/\\\/vilight.vn\\\/website\\\/san-pham\\\/den-led-pixel\\\/controller\\\/bo-dieu-khien-dmx-vl-c003\\\/\"]}]},{\"@type\":\"ImageObject\",\"inLanguage\":\"vi\",\"@id\":\"https:\\\/\\\/vilight.vn\\\/website\\\/san-pham\\\/den-led-pixel\\\/controller\\\/bo-dieu-khien-dmx-vl-c003\\\/#primaryimage\",\"url\":\"https:\\\/\\\/vilight.vn\\\/website\\\/wp-content\\\/uploads\\\/2021\\\/06\\\/C003.jpg\",\"contentUrl\":\"https:\\\/\\\/vilight.vn\\\/website\\\/wp-content\\\/uploads\\\/2021\\\/06\\\/C003.jpg\",\"width\":600,\"height\":600,\"caption\":\"B\u1ed9 \u0111i\u1ec1u khi\u1ec3n DMX VL-C003\"},{\"@type\":\"BreadcrumbList\",\"@id\":\"https:\\\/\\\/vilight.vn\\\/website\\\/san-pham\\\/den-led-pixel\\\/controller\\\/bo-dieu-khien-dmx-vl-c003\\\/#breadcrumb\",\"itemListElement\":[{\"@type\":\"ListItem\",\"position\":1,\"name\":\"Home\",\"item\":\"https:\\\/\\\/vilight.vn\\\/website\\\/\"},{\"@type\":\"ListItem\",\"position\":2,\"name\":\"store\",\"item\":\"https:\\\/\\\/vilight.vn\\\/website\\\/store\\\/\"},{\"@type\":\"ListItem\",\"position\":3,\"name\":\"B\u1ed9 \u0111i\u1ec1u khi\u1ec3n DMX VL-C003\"}]},{\"@type\":\"WebSite\",\"@id\":\"https:\\\/\\\/vilight.vn\\\/website\\\/#website\",\"url\":\"https:\\\/\\\/vilight.vn\\\/website\\\/\",\"name\":\"Vilight Co.ltd\",\"description\":\"Chi\u1ebfu s\u00e1ng m\u1ef9 thu\u1eadt, chi\u1ebfu s\u00e1ng th\u00f4ng minh, LED Pixel 3D, chi\u1ebfu s\u00e1ng trang tr\u00ed \u0111\u00f4 th\u1ecb, chi\u1ebfu s\u00e1ng v\u00f2ng xoay, chi\u1ebfu s\u00e1ng \u0111\u1ea3o giao th\u00f4ng, c\u1ed5ng ch\u00e0o \u0111\u00f4 th\u1ecb\",\"publisher\":{\"@id\":\"https:\\\/\\\/vilight.vn\\\/website\\\/#organization\"},\"potentialAction\":[{\"@type\":\"SearchAction\",\"target\":{\"@type\":\"EntryPoint\",\"urlTemplate\":\"https:\\\/\\\/vilight.vn\\\/website\\\/?s={search_term_string}\"},\"query-input\":{\"@type\":\"PropertyValueSpecification\",\"valueRequired\":true,\"valueName\":\"search_term_string\"}}],\"inLanguage\":\"vi\"},{\"@type\":\"Organization\",\"@id\":\"https:\\\/\\\/vilight.vn\\\/website\\\/#organization\",\"name\":\"Vilight\",\"url\":\"https:\\\/\\\/vilight.vn\\\/website\\\/\",\"logo\":{\"@type\":\"ImageObject\",\"inLanguage\":\"vi\",\"@id\":\"https:\\\/\\\/vilight.vn\\\/website\\\/#\\\/schema\\\/logo\\\/image\\\/\",\"url\":\"https:\\\/\\\/vilight.vn\\\/website\\\/wp-content\\\/uploads\\\/2022\\\/05\\\/chieu_sang_trang_tri_do_thi_bang_den_led_pixel.png\",\"contentUrl\":\"https:\\\/\\\/vilight.vn\\\/website\\\/wp-content\\\/uploads\\\/2022\\\/05\\\/chieu_sang_trang_tri_do_thi_bang_den_led_pixel.png\",\"width\":800,\"height\":427,\"caption\":\"Vilight\"},\"image\":{\"@id\":\"https:\\\/\\\/vilight.vn\\\/website\\\/#\\\/schema\\\/logo\\\/image\\\/\"},\"sameAs\":[\"http:\\\/\\\/facebook.com\\\/vilight.vn\",\"https:\\\/\\\/www.linkedin.com\\\/company\\\/vilight-vn\",\"https:\\\/\\\/www.youtube.com\\\/channel\\\/UCEwR2naeDcuarMX1kSv_rLQ\\\/videos\"]}]}<\/script>\n<meta property=\"product:brand\" content=\"Controller\" \/>\n<meta property=\"product:price:currency\" content=\"VND\" \/>\n<meta property=\"og:availability\" content=\"instock\" \/>\n<meta property=\"product:availability\" content=\"instock\" \/>\n<meta property=\"product:condition\" content=\"new\" \/>\n<!-- \/ Yoast SEO Premium plugin. -->","yoast_head_json":{"title":"B\u1ed9 \u0111i\u1ec1u khi\u1ec3n DMX VL-C003 - Vilight Co.ltd","description":"B\u1ed9 \u0111i\u1ec1u khi\u1ec3n DMX VL-C003 - Nh\u1eadp kh\u1ea9u ch\u00ednh h\u00e3ng t\u1ea1i Vi\u1ec7t Nam. S\u1ea3n ph\u1ea9m c\u00f3 ch\u1ea5t l\u01b0\u1ee3ng v\u01b0\u1ee3t tr\u1ed9i, b\u1ea3o h\u00e0nh ch\u00ednh h\u00e3ng t\u1ea1i Vilight.","robots":{"index":"index","follow":"follow","max-snippet":"max-snippet:-1","max-image-preview":"max-image-preview:large","max-video-preview":"max-video-preview:-1"},"canonical":"https:\/\/vilight.vn\/website\/san-pham\/den-led-pixel\/controller\/bo-dieu-khien-dmx-vl-c003\/","og_locale":"vi_VN","og_type":"article","og_title":"B\u1ed9 \u0111i\u1ec1u khi\u1ec3n DMX VL-C003","og_description":"B\u1ed9 \u0111i\u1ec1u khi\u1ec3n DMX VL-C003 - S\u1ef1 l\u1ef1a ch\u1ecdn tuy\u1ec7t v\u1eddi cho h\u1ec7 th\u1ed1ng \u0111\u00e8n chi\u1ebfu s\u00e1ng trang tr\u00ed. Ki\u1ec3m so\u00e1t DMX512, 8 ng\u00f5 ra, v\u1ecf kim lo\u1ea1i b\u1ec1n b\u1ec9. M\u1edf ra kh\u00f4ng gian s\u00e1ng t\u1ea1o v\u00e0 hi\u1ec7u \u1ee9ng \u00e1nh s\u00e1ng \u0111\u1ed9c \u0111\u00e1o.","og_url":"https:\/\/vilight.vn\/website\/san-pham\/den-led-pixel\/controller\/bo-dieu-khien-dmx-vl-c003\/","og_site_name":"Vilight Co.ltd","article_publisher":"http:\/\/facebook.com\/vilight.vn","article_modified_time":"2024-09-27T03:39:41+00:00","og_image":[{"width":600,"height":600,"url":"https:\/\/vilight.vn\/website\/wp-content\/uploads\/2021\/06\/C003.jpg","type":"image\/jpeg"}],"twitter_card":"summary_large_image","twitter_misc":{"Gi\u00e1":"","Kh\u1ea3 d\u1ee5ng":"Trong kho"},"schema":{"@context":"https:\/\/schema.org","@graph":[{"@type":"WebPage","@id":"https:\/\/vilight.vn\/website\/san-pham\/den-led-pixel\/controller\/bo-dieu-khien-dmx-vl-c003\/","url":"https:\/\/vilight.vn\/website\/san-pham\/den-led-pixel\/controller\/bo-dieu-khien-dmx-vl-c003\/","name":"B\u1ed9 \u0111i\u1ec1u khi\u1ec3n DMX VL-C003 - Vilight Co.ltd","isPartOf":{"@id":"https:\/\/vilight.vn\/website\/#website"},"primaryImageOfPage":{"@id":"https:\/\/vilight.vn\/website\/san-pham\/den-led-pixel\/controller\/bo-dieu-khien-dmx-vl-c003\/#primaryimage"},"image":{"@id":"https:\/\/vilight.vn\/website\/san-pham\/den-led-pixel\/controller\/bo-dieu-khien-dmx-vl-c003\/#primaryimage"},"thumbnailUrl":"https:\/\/vilight.vn\/website\/wp-content\/uploads\/2021\/06\/C003.jpg","datePublished":"2021-06-27T14:31:37+00:00","dateModified":"2024-09-27T03:39:41+00:00","description":"B\u1ed9 \u0111i\u1ec1u khi\u1ec3n DMX VL-C003 - Nh\u1eadp kh\u1ea9u ch\u00ednh h\u00e3ng t\u1ea1i Vi\u1ec7t Nam. S\u1ea3n ph\u1ea9m c\u00f3 ch\u1ea5t l\u01b0\u1ee3ng v\u01b0\u1ee3t tr\u1ed9i, b\u1ea3o h\u00e0nh ch\u00ednh h\u00e3ng t\u1ea1i Vilight.","breadcrumb":{"@id":"https:\/\/vilight.vn\/website\/san-pham\/den-led-pixel\/controller\/bo-dieu-khien-dmx-vl-c003\/#breadcrumb"},"inLanguage":"vi","potentialAction":[{"@type":"ReadAction","target":["https:\/\/vilight.vn\/website\/san-pham\/den-led-pixel\/controller\/bo-dieu-khien-dmx-vl-c003\/"]}]},{"@type":"ImageObject","inLanguage":"vi","@id":"https:\/\/vilight.vn\/website\/san-pham\/den-led-pixel\/controller\/bo-dieu-khien-dmx-vl-c003\/#primaryimage","url":"https:\/\/vilight.vn\/website\/wp-content\/uploads\/2021\/06\/C003.jpg","contentUrl":"https:\/\/vilight.vn\/website\/wp-content\/uploads\/2021\/06\/C003.jpg","width":600,"height":600,"caption":"B\u1ed9 \u0111i\u1ec1u khi\u1ec3n DMX VL-C003"},{"@type":"BreadcrumbList","@id":"https:\/\/vilight.vn\/website\/san-pham\/den-led-pixel\/controller\/bo-dieu-khien-dmx-vl-c003\/#breadcrumb","itemListElement":[{"@type":"ListItem","position":1,"name":"Home","item":"https:\/\/vilight.vn\/website\/"},{"@type":"ListItem","position":2,"name":"store","item":"https:\/\/vilight.vn\/website\/store\/"},{"@type":"ListItem","position":3,"name":"B\u1ed9 \u0111i\u1ec1u khi\u1ec3n DMX VL-C003"}]},{"@type":"WebSite","@id":"https:\/\/vilight.vn\/website\/#website","url":"https:\/\/vilight.vn\/website\/","name":"Vilight Co.ltd","description":"Chi\u1ebfu s\u00e1ng m\u1ef9 thu\u1eadt, chi\u1ebfu s\u00e1ng th\u00f4ng minh, LED Pixel 3D, chi\u1ebfu s\u00e1ng trang tr\u00ed \u0111\u00f4 th\u1ecb, chi\u1ebfu s\u00e1ng v\u00f2ng xoay, chi\u1ebfu s\u00e1ng \u0111\u1ea3o giao th\u00f4ng, c\u1ed5ng ch\u00e0o \u0111\u00f4 th\u1ecb","publisher":{"@id":"https:\/\/vilight.vn\/website\/#organization"},"potentialAction":[{"@type":"SearchAction","target":{"@type":"EntryPoint","urlTemplate":"https:\/\/vilight.vn\/website\/?s={search_term_string}"},"query-input":{"@type":"PropertyValueSpecification","valueRequired":true,"valueName":"search_term_string"}}],"inLanguage":"vi"},{"@type":"Organization","@id":"https:\/\/vilight.vn\/website\/#organization","name":"Vilight","url":"https:\/\/vilight.vn\/website\/","logo":{"@type":"ImageObject","inLanguage":"vi","@id":"https:\/\/vilight.vn\/website\/#\/schema\/logo\/image\/","url":"https:\/\/vilight.vn\/website\/wp-content\/uploads\/2022\/05\/chieu_sang_trang_tri_do_thi_bang_den_led_pixel.png","contentUrl":"https:\/\/vilight.vn\/website\/wp-content\/uploads\/2022\/05\/chieu_sang_trang_tri_do_thi_bang_den_led_pixel.png","width":800,"height":427,"caption":"Vilight"},"image":{"@id":"https:\/\/vilight.vn\/website\/#\/schema\/logo\/image\/"},"sameAs":["http:\/\/facebook.com\/vilight.vn","https:\/\/www.linkedin.com\/company\/vilight-vn","https:\/\/www.youtube.com\/channel\/UCEwR2naeDcuarMX1kSv_rLQ\/videos"]}]},"product_brand":"Controller","product_price_currency":"VND","og_availability":"instock","product_availability":"instock","product_condition":"new"},"_links":{"self":[{"href":"https:\/\/vilight.vn\/website\/wp-json\/wp\/v2\/product\/1437","targetHints":{"allow":["GET"]}}],"collection":[{"href":"https:\/\/vilight.vn\/website\/wp-json\/wp\/v2\/product"}],"about":[{"href":"https:\/\/vilight.vn\/website\/wp-json\/wp\/v2\/types\/product"}],"wp:featuredmedia":[{"embeddable":true,"href":"https:\/\/vilight.vn\/website\/wp-json\/wp\/v2\/media\/1438"}],"wp:attachment":[{"href":"https:\/\/vilight.vn\/website\/wp-json\/wp\/v2\/media?parent=1437"}],"wp:term":[{"taxonomy":"product_brand","embeddable":true,"href":"https:\/\/vilight.vn\/website\/wp-json\/wp\/v2\/product_brand?post=1437"},{"taxonomy":"product_cat","embeddable":true,"href":"https:\/\/vilight.vn\/website\/wp-json\/wp\/v2\/product_cat?post=1437"},{"taxonomy":"product_tag","embeddable":true,"href":"https:\/\/vilight.vn\/website\/wp-json\/wp\/v2\/product_tag?post=1437"}],"curies":[{"name":"wp","href":"https:\/\/api.w.org\/{rel}","templated":true}]}}