{"id":1441,"date":"2021-06-27T21:33:02","date_gmt":"2021-06-27T14:33:02","guid":{"rendered":"https:\/\/vilight.vn\/website\/?post_type=product&#038;p=1441"},"modified":"2024-09-25T16:09:56","modified_gmt":"2024-09-25T09:09:56","slug":"bo-dieu-khien-dmx-vl-cp01","status":"publish","type":"product","link":"https:\/\/vilight.vn\/website\/san-pham\/den-led-pixel\/controller\/bo-dieu-khien-dmx-vl-cp01\/","title":{"rendered":"B\u1ed9 \u0111i\u1ec1u khi\u1ec3n DMX VL-CP01"},"content":{"rendered":"<h2 style=\"text-align: justify;\"><span style=\"font-size: 18pt;\">Gi\u1edbi thi\u1ec7u B\u1ed9 \u0111i\u1ec1u khi\u1ec3n DMX VL-CP01: \u0110em \u0111\u1ebfn tr\u1ea3i nghi\u1ec7m h\u00ecnh \u1ea3nh ch\u1ea5t l\u01b0\u1ee3ng cao v\u00e0 linh ho\u1ea1t<\/span><\/h2>\n<p style=\"text-align: justify;\"><span style=\"font-size: 14pt;\">B\u1ea1n \u0111ang t\u00ecm ki\u1ebfm m\u1ed9t gi\u1ea3i ph\u00e1p \u0111i\u1ec1u khi\u1ec3n DMX ti\u00ean ti\u1ebfn \u0111\u1ec3 mang l\u1ea1i h\u00ecnh \u1ea3nh ch\u1ea5t l\u01b0\u1ee3ng cao, linh ho\u1ea1t v\u00e0 \u1ed5n \u0111\u1ecbnh cho m\u00e0n h\u00ecnh LED c\u1ee7a b\u1ea1n? B\u1ed9 \u0111i\u1ec1u khi\u1ec3n DMX VL-CP01 l\u00e0 s\u1ef1 l\u1ef1a ch\u1ecdn l\u00fd t\u01b0\u1edfng cho nhu c\u1ea7u c\u1ee7a b\u1ea1n. V\u1edbi nh\u1eefng \u0111\u1eb7c \u0111i\u1ec3m n\u1ed5i b\u1eadt v\u00e0 t\u00ednh n\u0103ng \u0111a d\u1ea1ng, s\u1ea3n ph\u1ea9m n\u00e0y \u0111\u00e1ng \u0111\u1ec3 b\u1ea1n xem x\u00e9t.<\/span><\/p>\n<p style=\"text-align: justify;\"><span style=\"font-size: 14pt;\">M\u1ed9t trong nh\u1eefng \u01b0u \u0111i\u1ec3m h\u00e0ng \u0111\u1ea7u c\u1ee7a B\u1ed9 \u0111i\u1ec1u khi\u1ec3n DMX VL-CP01 l\u00e0 \u0111\u1ed9 ph\u00e2n gi\u1ea3i cao. Thi\u1ebft b\u1ecb n\u00e0y \u0111\u01b0\u1ee3c trang b\u1ecb m\u00e0n h\u00ecnh 256&#215;256 pixel (PWMIC), cho ph\u00e9p hi\u1ec3n th\u1ecb h\u00ecnh \u1ea3nh chi ti\u1ebft v\u00e0 s\u1eafc n\u00e9t. \u0110i\u1ec1u n\u00e0y \u0111\u1ea3m b\u1ea3o r\u1eb1ng b\u1ea1n s\u1ebd c\u00f3 m\u1ed9t tr\u1ea3i nghi\u1ec7m h\u00ecnh \u1ea3nh tuy\u1ec7t v\u1eddi v\u1edbi \u0111\u1ed9 r\u00f5 n\u00e9t cao v\u00e0 chi ti\u1ebft tuy\u1ec7t v\u1eddi.<\/span><\/p>\n<p style=\"text-align: justify;\"><span style=\"font-size: 14pt;\">Ngo\u00e0i ra, s\u1ea3n ph\u1ea9m c\u00f2n h\u1ed7 tr\u1ee3 hi\u1ec7u ch\u1ec9nh m\u00e0u s\u1eafc d\u1ef1a tr\u00ean \u00e1nh s\u00e1ng, gi\u00fap lo\u1ea1i b\u1ecf hi\u1ec7u qu\u1ea3 s\u1ef1 kh\u00e1c bi\u1ec7t v\u1ec1 m\u00e0u s\u1eafc v\u00e0 c\u1ea3i thi\u1ec7n t\u00ednh nh\u1ea5t qu\u00e1n c\u1ee7a m\u00e0n h\u00ecnh LED. B\u1ea1n s\u1ebd c\u00f3 th\u1ec3 t\u1eadn h\u01b0\u1edfng h\u00ecnh \u1ea3nh tinh t\u1ebf h\u01a1n v\u00e0 tr\u1ea3i nghi\u1ec7m \u0111\u00e1ng tin c\u1eady v\u1edbi m\u00e0u s\u1eafc \u0111\u01b0\u1ee3c \u0111i\u1ec1u ch\u1ec9nh m\u1ed9t c\u00e1ch ch\u00ednh x\u00e1c.<\/span><\/p>\n<p style=\"text-align: justify;\"><span style=\"font-size: 14pt;\">B\u1ed9 \u0111i\u1ec1u khi\u1ec3n DMX VL-CP01 c\u0169ng cung c\u1ea5p t\u00ednh n\u0103ng xoay h\u00ecnh \u1ea3nh. B\u1ea1n c\u00f3 th\u1ec3 xoay h\u00ecnh \u1ea3nh m\u00e0n h\u00ecnh theo b\u1ed9i s\u1ed1 90\u00b0, cho ph\u00e9p thay \u0111\u1ed5i g\u00f3c nh\u00ecn v\u00e0 c\u1ea3i thi\u1ec7n tr\u1ea3i nghi\u1ec7m h\u00ecnh \u1ea3nh. \u0110i\u1ec1u n\u00e0y \u0111\u1eb7c bi\u1ec7t h\u1eefu \u00edch khi b\u1ea1n c\u1ea7n hi\u1ec3n th\u1ecb h\u00ecnh \u1ea3nh \u1edf m\u1ed9t h\u01b0\u1edbng kh\u00e1c nhau ho\u1eb7c t\u00f9y ch\u1ec9nh g\u00f3c nh\u00ecn cho ph\u00f9 h\u1ee3p v\u1edbi y\u00eau c\u1ea7u c\u1ee7a b\u1ea1n.<\/span><\/p>\n<p style=\"text-align: justify;\"><span style=\"font-size: 14pt;\">Thi\u1ebft k\u1ebf linh ho\u1ea1t c\u0169ng l\u00e0 m\u1ed9t \u0111i\u1ec3m \u0111\u00e1ng ch\u00fa \u00fd c\u1ee7a B\u1ed9 \u0111i\u1ec1u khi\u1ec3n DMX VL-CP01. S\u1ea3n ph\u1ea9m n\u00e0y \u0111\u01b0\u1ee3c thi\u1ebft k\u1ebf v\u1edbi ph\u1ea7n c\u1ee9ng v\u00e0 ph\u1ea7n m\u1ec1m linh ho\u1ea1t, cho ph\u00e9p xem x\u00e9t \u0111\u1ea7y \u0111\u1ee7 c\u00e1c k\u1ecbch b\u1ea3n tri\u1ec3n khai, v\u1eadn h\u00e0nh v\u00e0 b\u1ea3o tr\u00ec c\u1ee7a ng\u01b0\u1eddi d\u00f9ng. Vi\u1ec7c tri\u1ec3n khai, v\u1eadn h\u00e0nh v\u00e0 b\u1ea3o tr\u00ec tr\u1edf n\u00ean d\u1ec5 d\u00e0ng <\/span><span style=\"font-size: 14pt;\">h\u01a1n, \u1ed5n \u0111\u1ecbnh v\u00e0 hi\u1ec7u qu\u1ea3, gi\u00fap b\u1ea1n ti\u1ebft ki\u1ec7m th\u1eddi gian v\u00e0 c\u00f4ng s\u1ee9c.<\/span><\/p>\n<p style=\"text-align: justify;\"><span style=\"font-size: 14pt;\">K\u1ebft n\u1ed1i m\u1ea1ng \u1ed5n \u0111\u1ecbnh l\u00e0 m\u1ed9t y\u1ebfu t\u1ed1 quan tr\u1ecdng khi ch\u1ecdn m\u1ed9t b\u1ed9 \u0111i\u1ec1u khi\u1ec3n DMX. B\u1ed9 \u0111i\u1ec1u khi\u1ec3n DMX VL-CP01 s\u1eed d\u1ee5ng giao di\u1ec7n Ethernet v\u00e0 giao th\u1ee9c m\u1ea1ng UDP \u0111\u1ec3 truy\u1ec1n d\u1eef li\u1ec7u m\u1ed9t c\u00e1ch \u1ed5n \u0111\u1ecbnh. Kho\u1ea3ng c\u00e1ch truy\u1ec1n t\u1ed1i \u0111a l\u00e0 100 m\u00e9t, \u0111\u1ea3m b\u1ea3o r\u1eb1ng t\u00edn hi\u1ec7u DMX s\u1ebd \u0111\u01b0\u1ee3c truy\u1ec1n \u0111\u1ea1t m\u1ed9t c\u00e1ch tin c\u1eady v\u00e0 kh\u00f4ng b\u1ecb gi\u00e1n \u0111o\u1ea1n. Ngo\u00e0i ra, s\u1ea3n ph\u1ea9m c\u00f2n h\u1ed7 tr\u1ee3 \u0111i\u1ec1u khi\u1ec3n ph\u1ee5, b\u1ed9 l\u1eb7p m\u1ea1ng v\u00e0 chuy\u1ec3n \u0111\u1ed5i quang \u0111i\u1ec7n \u0111\u1ec3 t\u0103ng c\u01b0\u1eddng kh\u1ea3 n\u0103ng k\u1ebft n\u1ed1i v\u00e0 \u0111\u00e1p \u1ee9ng c\u00e1c y\u00eau c\u1ea7u k\u1ebft n\u1ed1i ph\u1ee9c t\u1ea1p.<\/span><\/p>\n<p style=\"text-align: justify;\"><span style=\"font-size: 14pt;\">Giao di\u1ec7n m\u1ea1ng k\u00e9p c\u1ee7a B\u1ed9 \u0111i\u1ec1u khi\u1ec3n DMX VL-CP01 l\u00e0 m\u1ed9t t\u00ednh n\u0103ng \u0111\u00e1ng k\u1ec3 kh\u00e1c. Thi\u1ebft b\u1ecb n\u00e0y c\u00f3 kh\u1ea3 n\u0103ng k\u1ebft n\u1ed1i gi\u1eefa c\u00e1c b\u1ed9 \u0111i\u1ec1u khi\u1ec3n, cho ph\u00e9p t\u1ef1 \u0111\u1ed9ng ph\u00e1t hi\u1ec7n v\u00e0 ph\u1ea7n m\u1ec1m ghi nh\u1eadn tr\u1ea1ng th\u00e1i k\u1ebft n\u1ed1i. \u0110i\u1ec1u n\u00e0y gi\u00fap b\u1ea1n d\u1ec5 d\u00e0ng qu\u1ea3n l\u00fd v\u00e0 theo d\u00f5i tr\u1ea1ng th\u00e1i ho\u1ea1t \u0111\u1ed9ng c\u1ee7a c\u00e1c thi\u1ebft b\u1ecb \u0111i\u1ec1u khi\u1ec3n DMX, \u0111\u1ed3ng th\u1eddi cung c\u1ea5p kh\u1ea3 n\u0103ng m\u1edf r\u1ed9ng v\u00e0 linh ho\u1ea1t cho h\u1ec7 th\u1ed1ng c\u1ee7a b\u1ea1n.<\/span><\/p>\n<p style=\"text-align: justify;\"><span style=\"font-size: 14pt;\">T\u00f3m l\u1ea1i, B\u1ed9 \u0111i\u1ec1u khi\u1ec3n DMX VL-CP01 l\u00e0 m\u1ed9t gi\u1ea3i ph\u00e1p tuy\u1ec7t v\u1eddi cho vi\u1ec7c \u0111i\u1ec1u khi\u1ec3n DMX v\u00e0 mang l\u1ea1i h\u00ecnh \u1ea3nh ch\u1ea5t l\u01b0\u1ee3ng cao, linh ho\u1ea1t v\u00e0 \u1ed5n \u0111\u1ecbnh cho m\u00e0n h\u00ecnh LED c\u1ee7a b\u1ea1n. V\u1edbi \u0111\u1ed9 ph\u00e2n gi\u1ea3i cao, hi\u1ec7u ch\u1ec9nh m\u00e0u s\u1eafc, kh\u1ea3 n\u0103ng xoay h\u00ecnh \u1ea3nh, thi\u1ebft k\u1ebf linh ho\u1ea1t, k\u1ebft n\u1ed1i m\u1ea1ng \u1ed5n \u0111\u1ecbnh v\u00e0 giao di\u1ec7n m\u1ea1ng k\u00e9p, s\u1ea3n ph\u1ea9m n\u00e0y \u0111\u00e1ng \u0111\u1ec3 b\u1ea1n xem x\u00e9t cho c\u00e1c \u1ee9ng d\u1ee5ng truy\u1ec1n th\u00f4ng, s\u1ef1 ki\u1ec7n tr\u1ef1c ti\u1ebfp, qu\u1ea3ng c\u00e1o v\u00e0 nhi\u1ec1u h\u01a1n n\u1eefa.<\/span><\/p>\n<p style=\"text-align: justify;\"><span style=\"font-size: 14pt;\"><a href=\"https:\/\/vilight.vn\/website\/wp-content\/uploads\/2021\/06\/CP01-1.jpg\"><img decoding=\"async\" class=\"aligncenter wp-image-1582 lazyload\" data-src=\"https:\/\/vilight.vn\/website\/wp-content\/uploads\/2021\/06\/CP01-1.jpg\" alt=\"B\u1ed9 \u0111i\u1ec1u khi\u1ec3n DMX VL-CP01\" width=\"1500\" height=\"1500\" data-srcset=\"https:\/\/vilight.vn\/website\/wp-content\/uploads\/2021\/06\/CP01-1.jpg 750w, https:\/\/vilight.vn\/website\/wp-content\/uploads\/2021\/06\/CP01-1-300x300.jpg 300w, https:\/\/vilight.vn\/website\/wp-content\/uploads\/2021\/06\/CP01-1-150x150.jpg 150w, https:\/\/vilight.vn\/website\/wp-content\/uploads\/2021\/06\/CP01-1-12x12.jpg 12w, https:\/\/vilight.vn\/website\/wp-content\/uploads\/2021\/06\/CP01-1-146x146.jpg 146w, https:\/\/vilight.vn\/website\/wp-content\/uploads\/2021\/06\/CP01-1-50x50.jpg 50w, https:\/\/vilight.vn\/website\/wp-content\/uploads\/2021\/06\/CP01-1-75x75.jpg 75w, https:\/\/vilight.vn\/website\/wp-content\/uploads\/2021\/06\/CP01-1-85x85.jpg 85w, https:\/\/vilight.vn\/website\/wp-content\/uploads\/2021\/06\/CP01-1-80x80.jpg 80w, https:\/\/vilight.vn\/website\/wp-content\/uploads\/2021\/06\/CP01-1-600x600.jpg 600w\" data-sizes=\"(max-width:767px) 480px, (max-width:1500px) 100vw, 1500px\" src=\"data:image\/svg+xml;base64,PHN2ZyB3aWR0aD0iMSIgaGVpZ2h0PSIxIiB4bWxucz0iaHR0cDovL3d3dy53My5vcmcvMjAwMC9zdmciPjwvc3ZnPg==\" style=\"--smush-placeholder-width: 1500px; --smush-placeholder-aspect-ratio: 1500\/1500;\" \/><\/a><\/span><\/p>\n<p style=\"text-align: justify;\"><span style=\"color: #ffffff; font-size: 14pt;\">Controller CP01. B\u1ed9 \u0111i\u1ec1u khi\u1ec3n Controller CP01. CP01.\u00a0<\/span><\/p>\n","protected":false},"excerpt":{"rendered":"<p><span style=\"font-size: 14pt;\">B\u1ed9 \u0111i\u1ec1u khi\u1ec3n DMX VL-CP01 l\u00e0 m\u1ed9t gi\u1ea3i ph\u00e1p tuy\u1ec7t v\u1eddi cho vi\u1ec7c \u0111i\u1ec1u khi\u1ec3n DMX v\u00e0 mang l\u1ea1i h\u00ecnh \u1ea3nh ch\u1ea5t l\u01b0\u1ee3ng cao, linh ho\u1ea1t v\u00e0 \u1ed5n \u0111\u1ecbnh cho m\u00e0n h\u00ecnh LED. V\u1edbi \u0111\u1ed9 ph\u00e2n gi\u1ea3i cao, kh\u1ea3 n\u0103ng hi\u1ec7u ch\u1ec9nh m\u00e0u s\u1eafc, xoay h\u00ecnh \u1ea3nh, thi\u1ebft k\u1ebf linh ho\u1ea1t, k\u1ebft n\u1ed1i m\u1ea1ng \u1ed5n \u0111\u1ecbnh v\u00e0 giao di\u1ec7n m\u1ea1ng k\u00e9p, s\u1ea3n ph\u1ea9m n\u00e0y \u0111\u00e1ng \u0111\u1ec3 xem x\u00e9t s\u1eed d\u1ee5ng cho c\u00e1c \u1ee9ng d\u1ee5ng truy\u1ec1n th\u00f4ng, s\u1ef1 ki\u1ec7n tr\u1ef1c ti\u1ebfp, qu\u1ea3ng c\u00e1o v\u00e0 nhi\u1ec1u h\u01a1n n\u1eefa.<\/span><\/p>\n","protected":false},"featured_media":1443,"template":"","meta":[],"product_brand":[],"product_cat":[83],"product_tag":[460],"class_list":{"0":"post-1441","1":"product","2":"type-product","3":"status-publish","4":"has-post-thumbnail","6":"product_cat-controller","7":"product_tag-bo-dieu-khien-dmx-vl-cp01","9":"first","10":"instock","11":"taxable","12":"shipping-taxable","13":"product-type-simple"},"yoast_head":"<!-- This site is optimized with the Yoast SEO Premium plugin v27.4 (Yoast SEO v27.4) - https:\/\/yoast.com\/product\/yoast-seo-premium-wordpress\/ -->\n<title>B\u1ed9 \u0111i\u1ec1u khi\u1ec3n DMX VL-CP01 - Vilight Co.ltd<\/title>\n<meta name=\"description\" content=\"B\u1ed9 \u0111i\u1ec1u khi\u1ec3n DMX VL-CP01 l\u00e0 m\u1ed9t gi\u1ea3i ph\u00e1p tuy\u1ec7t v\u1eddi cho vi\u1ec7c \u0111i\u1ec1u khi\u1ec3n DMX v\u00e0 mang l\u1ea1i h\u00ecnh \u1ea3nh ch\u1ea5t l\u01b0\u1ee3ng cao, linh ho\u1ea1t v\u00e0 \u1ed5n \u0111\u1ecbnh cho m\u00e0n h\u00ecnh LED.\" \/>\n<meta name=\"robots\" content=\"index, follow, max-snippet:-1, max-image-preview:large, max-video-preview:-1\" \/>\n<link rel=\"canonical\" href=\"https:\/\/vilight.vn\/website\/san-pham\/den-led-pixel\/controller\/bo-dieu-khien-dmx-vl-cp01\/\" \/>\n<meta property=\"og:locale\" content=\"vi_VN\" \/>\n<meta property=\"og:type\" content=\"article\" \/>\n<meta property=\"og:title\" content=\"B\u1ed9 \u0111i\u1ec1u khi\u1ec3n DMX VL-CP01\" \/>\n<meta property=\"og:description\" content=\"B\u1ed9 \u0111i\u1ec1u khi\u1ec3n DMX VL-CP01 l\u00e0 m\u1ed9t gi\u1ea3i ph\u00e1p tuy\u1ec7t v\u1eddi cho vi\u1ec7c \u0111i\u1ec1u khi\u1ec3n DMX v\u00e0 mang l\u1ea1i h\u00ecnh \u1ea3nh ch\u1ea5t l\u01b0\u1ee3ng cao, linh ho\u1ea1t v\u00e0 \u1ed5n \u0111\u1ecbnh cho m\u00e0n h\u00ecnh LED. V\u1edbi \u0111\u1ed9 ph\u00e2n gi\u1ea3i cao, kh\u1ea3 n\u0103ng hi\u1ec7u ch\u1ec9nh m\u00e0u s\u1eafc, xoay h\u00ecnh \u1ea3nh, thi\u1ebft k\u1ebf linh ho\u1ea1t, k\u1ebft n\u1ed1i m\u1ea1ng \u1ed5n \u0111\u1ecbnh v\u00e0 giao di\u1ec7n m\u1ea1ng k\u00e9p, s\u1ea3n ph\u1ea9m n\u00e0y \u0111\u00e1ng \u0111\u1ec3 xem x\u00e9t s\u1eed d\u1ee5ng cho c\u00e1c \u1ee9ng d\u1ee5ng truy\u1ec1n th\u00f4ng, s\u1ef1 ki\u1ec7n tr\u1ef1c ti\u1ebfp, qu\u1ea3ng c\u00e1o v\u00e0 nhi\u1ec1u h\u01a1n n\u1eefa.\" \/>\n<meta property=\"og:url\" content=\"https:\/\/vilight.vn\/website\/san-pham\/den-led-pixel\/controller\/bo-dieu-khien-dmx-vl-cp01\/\" \/>\n<meta property=\"og:site_name\" content=\"Vilight Co.ltd\" \/>\n<meta property=\"article:publisher\" content=\"http:\/\/facebook.com\/vilight.vn\" \/>\n<meta property=\"article:modified_time\" content=\"2024-09-25T09:09:56+00:00\" \/>\n<meta property=\"og:image\" content=\"https:\/\/vilight.vn\/website\/wp-content\/uploads\/2021\/06\/CP01.jpg\" \/>\n\t<meta property=\"og:image:width\" content=\"600\" \/>\n\t<meta property=\"og:image:height\" content=\"600\" \/>\n\t<meta property=\"og:image:type\" content=\"image\/jpeg\" \/>\n<meta name=\"twitter:card\" content=\"summary_large_image\" \/>\n<meta name=\"twitter:label1\" content=\"Gi\u00e1\" \/>\n\t<meta name=\"twitter:data1\" content=\"\" \/>\n\t<meta name=\"twitter:label2\" content=\"Kh\u1ea3 d\u1ee5ng\" \/>\n\t<meta name=\"twitter:data2\" content=\"Trong kho\" \/>\n<script type=\"application\/ld+json\" class=\"yoast-schema-graph\">{\"@context\":\"https:\\\/\\\/schema.org\",\"@graph\":[{\"@type\":\"WebPage\",\"@id\":\"https:\\\/\\\/vilight.vn\\\/website\\\/san-pham\\\/den-led-pixel\\\/controller\\\/bo-dieu-khien-dmx-vl-cp01\\\/\",\"url\":\"https:\\\/\\\/vilight.vn\\\/website\\\/san-pham\\\/den-led-pixel\\\/controller\\\/bo-dieu-khien-dmx-vl-cp01\\\/\",\"name\":\"B\u1ed9 \u0111i\u1ec1u khi\u1ec3n DMX VL-CP01 - Vilight Co.ltd\",\"isPartOf\":{\"@id\":\"https:\\\/\\\/vilight.vn\\\/website\\\/#website\"},\"primaryImageOfPage\":{\"@id\":\"https:\\\/\\\/vilight.vn\\\/website\\\/san-pham\\\/den-led-pixel\\\/controller\\\/bo-dieu-khien-dmx-vl-cp01\\\/#primaryimage\"},\"image\":{\"@id\":\"https:\\\/\\\/vilight.vn\\\/website\\\/san-pham\\\/den-led-pixel\\\/controller\\\/bo-dieu-khien-dmx-vl-cp01\\\/#primaryimage\"},\"thumbnailUrl\":\"https:\\\/\\\/vilight.vn\\\/website\\\/wp-content\\\/uploads\\\/2021\\\/06\\\/CP01.jpg\",\"datePublished\":\"2021-06-27T14:33:02+00:00\",\"dateModified\":\"2024-09-25T09:09:56+00:00\",\"description\":\"B\u1ed9 \u0111i\u1ec1u khi\u1ec3n DMX VL-CP01 l\u00e0 m\u1ed9t gi\u1ea3i ph\u00e1p tuy\u1ec7t v\u1eddi cho vi\u1ec7c \u0111i\u1ec1u khi\u1ec3n DMX v\u00e0 mang l\u1ea1i h\u00ecnh \u1ea3nh ch\u1ea5t l\u01b0\u1ee3ng cao, linh ho\u1ea1t v\u00e0 \u1ed5n \u0111\u1ecbnh cho m\u00e0n h\u00ecnh LED.\",\"breadcrumb\":{\"@id\":\"https:\\\/\\\/vilight.vn\\\/website\\\/san-pham\\\/den-led-pixel\\\/controller\\\/bo-dieu-khien-dmx-vl-cp01\\\/#breadcrumb\"},\"inLanguage\":\"vi\",\"potentialAction\":[{\"@type\":\"ReadAction\",\"target\":[\"https:\\\/\\\/vilight.vn\\\/website\\\/san-pham\\\/den-led-pixel\\\/controller\\\/bo-dieu-khien-dmx-vl-cp01\\\/\"]}]},{\"@type\":\"ImageObject\",\"inLanguage\":\"vi\",\"@id\":\"https:\\\/\\\/vilight.vn\\\/website\\\/san-pham\\\/den-led-pixel\\\/controller\\\/bo-dieu-khien-dmx-vl-cp01\\\/#primaryimage\",\"url\":\"https:\\\/\\\/vilight.vn\\\/website\\\/wp-content\\\/uploads\\\/2021\\\/06\\\/CP01.jpg\",\"contentUrl\":\"https:\\\/\\\/vilight.vn\\\/website\\\/wp-content\\\/uploads\\\/2021\\\/06\\\/CP01.jpg\",\"width\":600,\"height\":600,\"caption\":\"B\u1ed9 \u0111i\u1ec1u khi\u1ec3n DMX VL-CP01\"},{\"@type\":\"BreadcrumbList\",\"@id\":\"https:\\\/\\\/vilight.vn\\\/website\\\/san-pham\\\/den-led-pixel\\\/controller\\\/bo-dieu-khien-dmx-vl-cp01\\\/#breadcrumb\",\"itemListElement\":[{\"@type\":\"ListItem\",\"position\":1,\"name\":\"Home\",\"item\":\"https:\\\/\\\/vilight.vn\\\/website\\\/\"},{\"@type\":\"ListItem\",\"position\":2,\"name\":\"store\",\"item\":\"https:\\\/\\\/vilight.vn\\\/website\\\/store\\\/\"},{\"@type\":\"ListItem\",\"position\":3,\"name\":\"B\u1ed9 \u0111i\u1ec1u khi\u1ec3n DMX VL-CP01\"}]},{\"@type\":\"WebSite\",\"@id\":\"https:\\\/\\\/vilight.vn\\\/website\\\/#website\",\"url\":\"https:\\\/\\\/vilight.vn\\\/website\\\/\",\"name\":\"Vilight Co.ltd\",\"description\":\"Chi\u1ebfu s\u00e1ng m\u1ef9 thu\u1eadt, chi\u1ebfu s\u00e1ng th\u00f4ng minh, LED Pixel 3D, chi\u1ebfu s\u00e1ng trang tr\u00ed \u0111\u00f4 th\u1ecb, chi\u1ebfu s\u00e1ng v\u00f2ng xoay, chi\u1ebfu s\u00e1ng \u0111\u1ea3o giao th\u00f4ng, c\u1ed5ng ch\u00e0o \u0111\u00f4 th\u1ecb\",\"publisher\":{\"@id\":\"https:\\\/\\\/vilight.vn\\\/website\\\/#organization\"},\"potentialAction\":[{\"@type\":\"SearchAction\",\"target\":{\"@type\":\"EntryPoint\",\"urlTemplate\":\"https:\\\/\\\/vilight.vn\\\/website\\\/?s={search_term_string}\"},\"query-input\":{\"@type\":\"PropertyValueSpecification\",\"valueRequired\":true,\"valueName\":\"search_term_string\"}}],\"inLanguage\":\"vi\"},{\"@type\":\"Organization\",\"@id\":\"https:\\\/\\\/vilight.vn\\\/website\\\/#organization\",\"name\":\"Vilight\",\"url\":\"https:\\\/\\\/vilight.vn\\\/website\\\/\",\"logo\":{\"@type\":\"ImageObject\",\"inLanguage\":\"vi\",\"@id\":\"https:\\\/\\\/vilight.vn\\\/website\\\/#\\\/schema\\\/logo\\\/image\\\/\",\"url\":\"https:\\\/\\\/vilight.vn\\\/website\\\/wp-content\\\/uploads\\\/2022\\\/05\\\/chieu_sang_trang_tri_do_thi_bang_den_led_pixel.png\",\"contentUrl\":\"https:\\\/\\\/vilight.vn\\\/website\\\/wp-content\\\/uploads\\\/2022\\\/05\\\/chieu_sang_trang_tri_do_thi_bang_den_led_pixel.png\",\"width\":800,\"height\":427,\"caption\":\"Vilight\"},\"image\":{\"@id\":\"https:\\\/\\\/vilight.vn\\\/website\\\/#\\\/schema\\\/logo\\\/image\\\/\"},\"sameAs\":[\"http:\\\/\\\/facebook.com\\\/vilight.vn\",\"https:\\\/\\\/www.linkedin.com\\\/company\\\/vilight-vn\",\"https:\\\/\\\/www.youtube.com\\\/channel\\\/UCEwR2naeDcuarMX1kSv_rLQ\\\/videos\"]}]}<\/script>\n<meta property=\"product:brand\" content=\"Controller\" \/>\n<meta property=\"product:price:currency\" content=\"VND\" \/>\n<meta property=\"og:availability\" content=\"instock\" \/>\n<meta property=\"product:availability\" content=\"instock\" \/>\n<meta property=\"product:condition\" content=\"new\" \/>\n<!-- \/ Yoast SEO Premium plugin. -->","yoast_head_json":{"title":"B\u1ed9 \u0111i\u1ec1u khi\u1ec3n DMX VL-CP01 - Vilight Co.ltd","description":"B\u1ed9 \u0111i\u1ec1u khi\u1ec3n DMX VL-CP01 l\u00e0 m\u1ed9t gi\u1ea3i ph\u00e1p tuy\u1ec7t v\u1eddi cho vi\u1ec7c \u0111i\u1ec1u khi\u1ec3n DMX v\u00e0 mang l\u1ea1i h\u00ecnh \u1ea3nh ch\u1ea5t l\u01b0\u1ee3ng cao, linh ho\u1ea1t v\u00e0 \u1ed5n \u0111\u1ecbnh cho m\u00e0n h\u00ecnh LED.","robots":{"index":"index","follow":"follow","max-snippet":"max-snippet:-1","max-image-preview":"max-image-preview:large","max-video-preview":"max-video-preview:-1"},"canonical":"https:\/\/vilight.vn\/website\/san-pham\/den-led-pixel\/controller\/bo-dieu-khien-dmx-vl-cp01\/","og_locale":"vi_VN","og_type":"article","og_title":"B\u1ed9 \u0111i\u1ec1u khi\u1ec3n DMX VL-CP01","og_description":"B\u1ed9 \u0111i\u1ec1u khi\u1ec3n DMX VL-CP01 l\u00e0 m\u1ed9t gi\u1ea3i ph\u00e1p tuy\u1ec7t v\u1eddi cho vi\u1ec7c \u0111i\u1ec1u khi\u1ec3n DMX v\u00e0 mang l\u1ea1i h\u00ecnh \u1ea3nh ch\u1ea5t l\u01b0\u1ee3ng cao, linh ho\u1ea1t v\u00e0 \u1ed5n \u0111\u1ecbnh cho m\u00e0n h\u00ecnh LED. V\u1edbi \u0111\u1ed9 ph\u00e2n gi\u1ea3i cao, kh\u1ea3 n\u0103ng hi\u1ec7u ch\u1ec9nh m\u00e0u s\u1eafc, xoay h\u00ecnh \u1ea3nh, thi\u1ebft k\u1ebf linh ho\u1ea1t, k\u1ebft n\u1ed1i m\u1ea1ng \u1ed5n \u0111\u1ecbnh v\u00e0 giao di\u1ec7n m\u1ea1ng k\u00e9p, s\u1ea3n ph\u1ea9m n\u00e0y \u0111\u00e1ng \u0111\u1ec3 xem x\u00e9t s\u1eed d\u1ee5ng cho c\u00e1c \u1ee9ng d\u1ee5ng truy\u1ec1n th\u00f4ng, s\u1ef1 ki\u1ec7n tr\u1ef1c ti\u1ebfp, qu\u1ea3ng c\u00e1o v\u00e0 nhi\u1ec1u h\u01a1n n\u1eefa.","og_url":"https:\/\/vilight.vn\/website\/san-pham\/den-led-pixel\/controller\/bo-dieu-khien-dmx-vl-cp01\/","og_site_name":"Vilight Co.ltd","article_publisher":"http:\/\/facebook.com\/vilight.vn","article_modified_time":"2024-09-25T09:09:56+00:00","og_image":[{"width":600,"height":600,"url":"https:\/\/vilight.vn\/website\/wp-content\/uploads\/2021\/06\/CP01.jpg","type":"image\/jpeg"}],"twitter_card":"summary_large_image","twitter_misc":{"Gi\u00e1":"","Kh\u1ea3 d\u1ee5ng":"Trong kho"},"schema":{"@context":"https:\/\/schema.org","@graph":[{"@type":"WebPage","@id":"https:\/\/vilight.vn\/website\/san-pham\/den-led-pixel\/controller\/bo-dieu-khien-dmx-vl-cp01\/","url":"https:\/\/vilight.vn\/website\/san-pham\/den-led-pixel\/controller\/bo-dieu-khien-dmx-vl-cp01\/","name":"B\u1ed9 \u0111i\u1ec1u khi\u1ec3n DMX VL-CP01 - Vilight Co.ltd","isPartOf":{"@id":"https:\/\/vilight.vn\/website\/#website"},"primaryImageOfPage":{"@id":"https:\/\/vilight.vn\/website\/san-pham\/den-led-pixel\/controller\/bo-dieu-khien-dmx-vl-cp01\/#primaryimage"},"image":{"@id":"https:\/\/vilight.vn\/website\/san-pham\/den-led-pixel\/controller\/bo-dieu-khien-dmx-vl-cp01\/#primaryimage"},"thumbnailUrl":"https:\/\/vilight.vn\/website\/wp-content\/uploads\/2021\/06\/CP01.jpg","datePublished":"2021-06-27T14:33:02+00:00","dateModified":"2024-09-25T09:09:56+00:00","description":"B\u1ed9 \u0111i\u1ec1u khi\u1ec3n DMX VL-CP01 l\u00e0 m\u1ed9t gi\u1ea3i ph\u00e1p tuy\u1ec7t v\u1eddi cho vi\u1ec7c \u0111i\u1ec1u khi\u1ec3n DMX v\u00e0 mang l\u1ea1i h\u00ecnh \u1ea3nh ch\u1ea5t l\u01b0\u1ee3ng cao, linh ho\u1ea1t v\u00e0 \u1ed5n \u0111\u1ecbnh cho m\u00e0n h\u00ecnh LED.","breadcrumb":{"@id":"https:\/\/vilight.vn\/website\/san-pham\/den-led-pixel\/controller\/bo-dieu-khien-dmx-vl-cp01\/#breadcrumb"},"inLanguage":"vi","potentialAction":[{"@type":"ReadAction","target":["https:\/\/vilight.vn\/website\/san-pham\/den-led-pixel\/controller\/bo-dieu-khien-dmx-vl-cp01\/"]}]},{"@type":"ImageObject","inLanguage":"vi","@id":"https:\/\/vilight.vn\/website\/san-pham\/den-led-pixel\/controller\/bo-dieu-khien-dmx-vl-cp01\/#primaryimage","url":"https:\/\/vilight.vn\/website\/wp-content\/uploads\/2021\/06\/CP01.jpg","contentUrl":"https:\/\/vilight.vn\/website\/wp-content\/uploads\/2021\/06\/CP01.jpg","width":600,"height":600,"caption":"B\u1ed9 \u0111i\u1ec1u khi\u1ec3n DMX VL-CP01"},{"@type":"BreadcrumbList","@id":"https:\/\/vilight.vn\/website\/san-pham\/den-led-pixel\/controller\/bo-dieu-khien-dmx-vl-cp01\/#breadcrumb","itemListElement":[{"@type":"ListItem","position":1,"name":"Home","item":"https:\/\/vilight.vn\/website\/"},{"@type":"ListItem","position":2,"name":"store","item":"https:\/\/vilight.vn\/website\/store\/"},{"@type":"ListItem","position":3,"name":"B\u1ed9 \u0111i\u1ec1u khi\u1ec3n DMX VL-CP01"}]},{"@type":"WebSite","@id":"https:\/\/vilight.vn\/website\/#website","url":"https:\/\/vilight.vn\/website\/","name":"Vilight Co.ltd","description":"Chi\u1ebfu s\u00e1ng m\u1ef9 thu\u1eadt, chi\u1ebfu s\u00e1ng th\u00f4ng minh, LED Pixel 3D, chi\u1ebfu s\u00e1ng trang tr\u00ed \u0111\u00f4 th\u1ecb, chi\u1ebfu s\u00e1ng v\u00f2ng xoay, chi\u1ebfu s\u00e1ng \u0111\u1ea3o giao th\u00f4ng, c\u1ed5ng ch\u00e0o \u0111\u00f4 th\u1ecb","publisher":{"@id":"https:\/\/vilight.vn\/website\/#organization"},"potentialAction":[{"@type":"SearchAction","target":{"@type":"EntryPoint","urlTemplate":"https:\/\/vilight.vn\/website\/?s={search_term_string}"},"query-input":{"@type":"PropertyValueSpecification","valueRequired":true,"valueName":"search_term_string"}}],"inLanguage":"vi"},{"@type":"Organization","@id":"https:\/\/vilight.vn\/website\/#organization","name":"Vilight","url":"https:\/\/vilight.vn\/website\/","logo":{"@type":"ImageObject","inLanguage":"vi","@id":"https:\/\/vilight.vn\/website\/#\/schema\/logo\/image\/","url":"https:\/\/vilight.vn\/website\/wp-content\/uploads\/2022\/05\/chieu_sang_trang_tri_do_thi_bang_den_led_pixel.png","contentUrl":"https:\/\/vilight.vn\/website\/wp-content\/uploads\/2022\/05\/chieu_sang_trang_tri_do_thi_bang_den_led_pixel.png","width":800,"height":427,"caption":"Vilight"},"image":{"@id":"https:\/\/vilight.vn\/website\/#\/schema\/logo\/image\/"},"sameAs":["http:\/\/facebook.com\/vilight.vn","https:\/\/www.linkedin.com\/company\/vilight-vn","https:\/\/www.youtube.com\/channel\/UCEwR2naeDcuarMX1kSv_rLQ\/videos"]}]},"product_brand":"Controller","product_price_currency":"VND","og_availability":"instock","product_availability":"instock","product_condition":"new"},"_links":{"self":[{"href":"https:\/\/vilight.vn\/website\/wp-json\/wp\/v2\/product\/1441","targetHints":{"allow":["GET"]}}],"collection":[{"href":"https:\/\/vilight.vn\/website\/wp-json\/wp\/v2\/product"}],"about":[{"href":"https:\/\/vilight.vn\/website\/wp-json\/wp\/v2\/types\/product"}],"wp:featuredmedia":[{"embeddable":true,"href":"https:\/\/vilight.vn\/website\/wp-json\/wp\/v2\/media\/1443"}],"wp:attachment":[{"href":"https:\/\/vilight.vn\/website\/wp-json\/wp\/v2\/media?parent=1441"}],"wp:term":[{"taxonomy":"product_brand","embeddable":true,"href":"https:\/\/vilight.vn\/website\/wp-json\/wp\/v2\/product_brand?post=1441"},{"taxonomy":"product_cat","embeddable":true,"href":"https:\/\/vilight.vn\/website\/wp-json\/wp\/v2\/product_cat?post=1441"},{"taxonomy":"product_tag","embeddable":true,"href":"https:\/\/vilight.vn\/website\/wp-json\/wp\/v2\/product_tag?post=1441"}],"curies":[{"name":"wp","href":"https:\/\/api.w.org\/{rel}","templated":true}]}}