{"id":1442,"date":"2021-06-27T21:33:22","date_gmt":"2021-06-27T14:33:22","guid":{"rendered":"https:\/\/vilight.vn\/website\/?post_type=product&#038;p=1442"},"modified":"2024-09-25T16:18:20","modified_gmt":"2024-09-25T09:18:20","slug":"bo-dieu-khien-dmx-vl-cp11","status":"publish","type":"product","link":"https:\/\/vilight.vn\/website\/san-pham\/den-led-pixel\/controller\/bo-dieu-khien-dmx-vl-cp11\/","title":{"rendered":"B\u1ed9 \u0111i\u1ec1u khi\u1ec3n DMX VL-CP11"},"content":{"rendered":"<h2 style=\"text-align: justify;\"><span style=\"font-size: 18pt;\">B\u1ed9 \u0111i\u1ec1u khi\u1ec3n DMX VL-CP11: Ch\u1ea5t l\u01b0\u1ee3ng cao v\u00e0 \u0111a n\u0103ng cho hi\u1ec7u \u1ee9ng chi\u1ebfu s\u00e1ng \u0111\u00e8n<\/span><\/h2>\n<p style=\"text-align: justify;\"><span style=\"font-size: 14pt;\">Trong l\u0129nh v\u1ef1c \u00e1nh s\u00e1ng v\u00e0 chi\u1ebfu s\u00e1ng, s\u1ef1 linh ho\u1ea1t v\u00e0 \u0111a d\u1ea1ng trong vi\u1ec7c \u0111i\u1ec1u khi\u1ec3n hi\u1ec7u \u1ee9ng v\u00e0 m\u00e0u s\u1eafc c\u1ee7a \u0111\u00e8n \u0111\u00f3ng vai tr\u00f2 quan tr\u1ecdng trong t\u1ea1o ra kh\u00f4ng gian \u00e1nh s\u00e1ng \u1ea5n t\u01b0\u1ee3ng v\u00e0 s\u00e1ng t\u1ea1o. B\u1ed9 \u0111i\u1ec1u khi\u1ec3n VL-CP11 l\u00e0 m\u1ed9t gi\u1ea3i ph\u00e1p m\u1ea1nh m\u1ebd v\u00e0 \u0111\u00e1ng tin c\u1eady cho vi\u1ec7c \u0111i\u1ec1u khi\u1ec3n t\u00edn hi\u1ec7u DMX ra c\u00e1c line \u0111\u00e8n \u0111\u1ec3 hi\u1ec7u ch\u1ec9nh c\u00e1c hi\u1ec7u \u1ee9ng chi\u1ebfu s\u00e1ng m\u1ed9t c\u00e1ch d\u1ec5 d\u00e0ng v\u00e0 linh ho\u1ea1t.<\/span><\/p>\n<p style=\"text-align: justify;\"><span style=\"font-size: 14pt;\">V\u1edbi v\u1ecf kim lo\u1ea1i ch\u1eafc ch\u1eafn, b\u1ed9 \u0111i\u1ec1u khi\u1ec3n DMX VL-CP11 \u0111\u1ea3m b\u1ea3o t\u00ednh b\u1ec1n v\u1eefng v\u00e0 \u0111\u1ed9 b\u1ea3o v\u1ec7 cao, gi\u00fap b\u1ea3o v\u1ec7 linh ki\u1ec7n b\u00ean trong kh\u1ecfi c\u00e1c t\u00e1c \u0111\u1ed9ng b\u00ean ngo\u00e0i v\u00e0 \u0111\u1ea3m b\u1ea3o ho\u1ea1t \u0111\u1ed9ng \u1ed5n \u0111\u1ecbnh trong m\u00f4i tr\u01b0\u1eddng kh\u1eafc nghi\u1ec7t. Ch\u1ea5t li\u1ec7u kim lo\u1ea1i c\u00f2n t\u1ea1o n\u00ean v\u1ebb estetica \u0111\u1eb9p m\u1eaft v\u00e0 chuy\u00ean nghi\u1ec7p, ph\u00f9 h\u1ee3p v\u1edbi m\u1ecdi kh\u00f4ng gian chi\u1ebfu s\u00e1ng.<\/span><\/p>\n<p style=\"text-align: justify;\"><span style=\"font-size: 14pt;\">V\u1edbi kh\u1ea3 n\u0103ng s\u1eed d\u1ee5ng ngu\u1ed3n \u0111i\u1ec7n AC 165 &#8211; 270V, b\u1ed9 \u0111i\u1ec1u khi\u1ec3n VL-CP11 linh ho\u1ea1t v\u00e0 ti\u1ec7n d\u1ee5ng cho vi\u1ec7c l\u1eafp \u0111\u1eb7t trong nhi\u1ec1u h\u1ec7 th\u1ed1ng chi\u1ebfu s\u00e1ng kh\u00e1c nhau. Ng\u01b0\u1eddi d\u00f9ng c\u00f3 th\u1ec3 d\u1ec5 d\u00e0ng k\u1ebft n\u1ed1i b\u1ed9 \u0111i\u1ec1u khi\u1ec3n v\u1edbi ngu\u1ed3n \u0111i\u1ec7n s\u1eb5n c\u00f3 v\u00e0 th\u01b0\u1edfng th\u1ee9c nh\u1eefng hi\u1ec7u \u1ee9ng \u00e1nh s\u00e1ng \u0111\u1ed9c \u0111\u00e1o m\u00e0 b\u1ed9 \u0111i\u1ec1u khi\u1ec3n DMX VL-CP11 mang l\u1ea1i.<\/span><\/p>\n<p style=\"text-align: justify;\"><span style=\"font-size: 14pt;\">S\u1ea3n ph\u1ea9m VL-CP11 \u0111\u01b0\u1ee3c ph\u00e2n ph\u1ed1i ch\u00ednh h\u00e3ng b\u1edfi Vilight.vn \u2013 m\u1ed9t \u0111\u01a1n v\u1ecb uy t\u00edn v\u00e0 \u0111\u00e1ng tin c\u1eady trong l\u0129nh v\u1ef1c \u00e1nh s\u00e1ng v\u00e0 chi\u1ebfu s\u00e1ng. \u0110\u1eb7t ni\u1ec1m tin v\u00e0o ch\u1ea5t l\u01b0\u1ee3ng s\u1ea3n ph\u1ea9m v\u00e0 d\u1ecbch v\u1ee5 chuy\u00ean nghi\u1ec7p, Vilight.vn cam k\u1ebft cung c\u1ea5p b\u1ed9 \u0111i\u1ec1u khi\u1ec3n DMX VL-CP11 ch\u00ednh h\u00e3ng, \u0111\u1ea3m b\u1ea3o s\u1ef1 ho\u1ea1t \u0111\u1ed9ng \u1ed5n \u0111\u1ecbnh v\u00e0 \u0111\u00e1ng tin c\u1eady trong th\u1eddi gian d\u00e0i.<\/span><\/p>\n<p style=\"text-align: justify;\"><span style=\"font-size: 14pt;\">B\u1ed9 \u0111i\u1ec1u khi\u1ec3n DMX VL-CP11 cung c\u1ea5p nhi\u1ec1u t\u00ednh n\u0103ng v\u00e0 ti\u1ec7n \u00edch \u0111\u00e1ng ch\u00fa \u00fd. B\u1ea1n c\u00f3 th\u1ec3 \u0111i\u1ec1u ch\u1ec9nh m\u00e0u s\u1eafc, \u0111\u1ed9 s\u00e1ng, t<\/span><span style=\"font-size: 14pt;\">\u1ed1c \u0111\u1ed9 v\u00e0 c\u00e1c hi\u1ec7u \u1ee9ng \u00e1nh s\u00e1ng theo \u00fd mu\u1ed1n c\u1ee7a m\u00ecnh th\u00f4ng qua giao di\u1ec7n \u0111i\u1ec1u khi\u1ec3n d\u1ec5 s\u1eed d\u1ee5ng. \u0110i\u1ec1u n\u00e0y cho ph\u00e9p b\u1ea1n t\u1ea1o ra kh\u00f4ng gian \u00e1nh s\u00e1ng \u0111\u1ed9c \u0111\u00e1o v\u00e0 s\u00e1ng t\u1ea1o, ph\u00f9 h\u1ee3p v\u1edbi m\u1ecdi nhu c\u1ea7u v\u00e0 s\u1ef1 ki\u1ec7n.<\/span><\/p>\n<p style=\"text-align: justify;\"><span style=\"font-size: 14pt;\">B\u1ed9 \u0111i\u1ec1u khi\u1ec3n DMX VL-CP11 c\u0169ng h\u1ed7 tr\u1ee3 chu\u1ea9n DMX, m\u1ed9t chu\u1ea9n giao ti\u1ebfp ph\u1ed5 bi\u1ebfn trong ng\u00e0nh \u00e1nh s\u00e1ng v\u00e0 chi\u1ebfu s\u00e1ng. \u0110i\u1ec1u n\u00e0y cho ph\u00e9p b\u1ea1n k\u1ebft n\u1ed1i v\u00e0 \u0111i\u1ec1u khi\u1ec3n nhi\u1ec1u \u0111\u00e8n DMX t\u1eeb xa, t\u1ea1o ra m\u00f4i tr\u01b0\u1eddng \u00e1nh s\u00e1ng ph\u1ee9c t\u1ea1p v\u00e0 \u0111a d\u1ea1ng. \u0110\u1ed3ng th\u1eddi, b\u1ed9 \u0111i\u1ec1u khi\u1ec3n c\u0169ng h\u1ed7 tr\u1ee3 nhi\u1ec1u giao th\u1ee9c giao ti\u1ebfp kh\u00e1c nhau.<\/span><\/p>\n<p style=\"text-align: justify;\"><span style=\"font-size: 14pt;\">Kh\u00f4ng ch\u1ec9 l\u00e0 m\u1ed9t b\u1ed9 \u0111i\u1ec1u khi\u1ec3n \u0111\u01a1n thu\u1ea7n, DMX VL-CP11 c\u00f2n t\u00edch h\u1ee3p nhi\u1ec1u t\u00ednh n\u0103ng an to\u00e0n v\u00e0 ti\u1ec7n \u00edch b\u1ed5 sung. B\u1ea3o v\u1ec7 qu\u00e1 t\u1ea3i v\u00e0 ch\u1ed1ng ng\u1eafn m\u1ea1ch gi\u00fap b\u1ea3o v\u1ec7 \u0111\u00e8n v\u00e0 thi\u1ebft b\u1ecb kh\u1ecfi c\u00e1c s\u1ef1 c\u1ed1 c\u00f3 th\u1ec3 x\u1ea3y ra. Ngo\u00e0i ra, b\u1ed9 \u0111i\u1ec1u khi\u1ec3n c\u00f2n c\u00f3 kh\u1ea3 n\u0103ng l\u01b0u tr\u1eef v\u00e0 g\u1ecdi l\u1ea1i c\u00e1c c\u00e0i \u0111\u1eb7t tr\u01b0\u1edbc \u0111\u00f3, gi\u00fap ti\u1ebft ki\u1ec7m th\u1eddi gian v\u00e0 c\u00f4ng s\u1ee9c trong vi\u1ec7c c\u1ea5u h\u00ecnh l\u1ea1i.<\/span><\/p>\n<p style=\"text-align: justify;\"><span style=\"font-size: 14pt;\">T\u00f3m l\u1ea1i, b\u1ed9 \u0111i\u1ec1u khi\u1ec3n\u00a0 VL-CP11 l\u00e0 m\u1ed9t s\u1ea3n ph\u1ea9m ch\u1ea5t l\u01b0\u1ee3ng cao v\u00e0 \u0111a n\u0103ng cho vi\u1ec7c \u0111i\u1ec1u khi\u1ec3n t\u00edn hi\u1ec7u DMX ra c\u00e1c line \u0111\u00e8n \u0111\u1ec3 hi\u1ec7u ch\u1ec9nh c\u00e1c hi\u1ec7u \u1ee9ng chi\u1ebfu s\u00e1ng. V\u1edbi v\u1ecf kim lo\u1ea1i ch\u1eafc ch\u1eafn, kh\u1ea3 n\u0103ng s\u1eed d\u1ee5ng ngu\u1ed3n \u0111i\u1ec7n r\u1ed9ng, t\u00ednh linh ho\u1ea1t v\u00e0 \u0111a d\u1ea1ng trong vi\u1ec7c \u0111i\u1ec1u khi\u1ec3n, \u0111\u00e2y l\u00e0 l\u1ef1a ch\u1ecdn l\u00fd t\u01b0\u1edfng cho c\u00e1c chuy\u00ean gia \u00e1nh s\u00e1ng v\u00e0 nh\u1eefng ng\u01b0\u1eddi \u0111am m\u00ea t\u1ea1o ra kh\u00f4ng gian \u00e1nh s\u00e1ng \u0111\u1ed9c \u0111\u00e1o v\u00e0 s\u00e1ng t\u1ea1o.<\/span><\/p>\n<p style=\"text-align: justify;\"><span style=\"font-size: 14pt;\"><a href=\"https:\/\/vilight.vn\/website\/wp-content\/uploads\/2021\/06\/CP11-1.jpg\"><img decoding=\"async\" class=\"wp-image-1814 aligncenter lazyload\" data-src=\"https:\/\/vilight.vn\/website\/wp-content\/uploads\/2021\/06\/CP11-1.jpg\" alt=\"B\u1ed9 \u0111i\u1ec1u khi\u1ec3n DMX VL-CP11\" width=\"1500\" height=\"1623\" data-srcset=\"https:\/\/vilight.vn\/website\/wp-content\/uploads\/2021\/06\/CP11-1.jpg 1200w, https:\/\/vilight.vn\/website\/wp-content\/uploads\/2021\/06\/CP11-1-800x865.jpg 800w, https:\/\/vilight.vn\/website\/wp-content\/uploads\/2021\/06\/CP11-1-277x300.jpg 277w, https:\/\/vilight.vn\/website\/wp-content\/uploads\/2021\/06\/CP11-1-947x1024.jpg 947w, https:\/\/vilight.vn\/website\/wp-content\/uploads\/2021\/06\/CP11-1-768x831.jpg 768w, https:\/\/vilight.vn\/website\/wp-content\/uploads\/2021\/06\/CP11-1-11x12.jpg 11w, https:\/\/vilight.vn\/website\/wp-content\/uploads\/2021\/06\/CP11-1-135x146.jpg 135w, https:\/\/vilight.vn\/website\/wp-content\/uploads\/2021\/06\/CP11-1-46x50.jpg 46w, https:\/\/vilight.vn\/website\/wp-content\/uploads\/2021\/06\/CP11-1-69x75.jpg 69w, https:\/\/vilight.vn\/website\/wp-content\/uploads\/2021\/06\/CP11-1-600x649.jpg 600w\" data-sizes=\"(max-width:767px) 480px, (max-width:1500px) 100vw, 1500px\" src=\"data:image\/svg+xml;base64,PHN2ZyB3aWR0aD0iMSIgaGVpZ2h0PSIxIiB4bWxucz0iaHR0cDovL3d3dy53My5vcmcvMjAwMC9zdmciPjwvc3ZnPg==\" style=\"--smush-placeholder-width: 1500px; --smush-placeholder-aspect-ratio: 1500\/1623;\" \/><\/a><\/span><\/p>\n<p style=\"text-align: justify;\"><span style=\"color: #ffffff; font-size: 14pt;\">B\u1ed9 \u0111i\u1ec1u khi\u1ec3n Controller CP11 . \u0110i\u1ec1u khi\u1ec3n Controller CP11. Controller CP11.<\/span><\/p>\n","protected":false},"excerpt":{"rendered":"<p><span style=\"font-size: 14pt;\">B\u1ed9 \u0111i\u1ec1u khi\u1ec3n DMX VL-CP11 l\u00e0 m\u1ed9t s\u1ea3n ph\u1ea9m ch\u1ea5t l\u01b0\u1ee3ng cao v\u00e0 \u0111a n\u0103ng cho vi\u1ec7c \u0111i\u1ec1u khi\u1ec3n t\u00edn hi\u1ec7u DMX cho c\u00e1c h\u1ec7 th\u1ed1ng \u0111\u00e8n \u0111\u1ec3 hi\u1ec7u ch\u1ec9nh c\u00e1c hi\u1ec7u \u1ee9ng chi\u1ebfu s\u00e1ng. V\u1edbi v\u1ecf kim lo\u1ea1i ch\u1eafc ch\u1eafn, kh\u1ea3 n\u0103ng s\u1eed d\u1ee5ng ngu\u1ed3n \u0111i\u1ec7n r\u1ed9ng, t\u00ednh linh ho\u1ea1t v\u00e0 \u0111a d\u1ea1ng trong vi\u1ec7c \u0111i\u1ec1u khi\u1ec3n, \u0111\u00e2y l\u00e0 l\u1ef1a ch\u1ecdn l\u00fd t\u01b0\u1edfng cho c\u00e1c chuy\u00ean gia \u00e1nh s\u00e1ng v\u00e0 nh\u1eefng ng\u01b0\u1eddi \u0111am m\u00ea t\u1ea1o ra kh\u00f4ng gian \u00e1nh s\u00e1ng \u0111\u1ed9c \u0111\u00e1o v\u00e0 s\u00e1ng t\u1ea1o.<\/span><\/p>\n","protected":false},"featured_media":1444,"template":"","meta":[],"product_brand":[],"product_cat":[83],"product_tag":[459],"class_list":{"0":"post-1442","1":"product","2":"type-product","3":"status-publish","4":"has-post-thumbnail","6":"product_cat-controller","7":"product_tag-bo-dieu-khien-dmx-vl-cp11","9":"first","10":"instock","11":"taxable","12":"shipping-taxable","13":"product-type-simple"},"yoast_head":"<!-- This site is optimized with the Yoast SEO Premium plugin v27.4 (Yoast SEO v27.4) - https:\/\/yoast.com\/product\/yoast-seo-premium-wordpress\/ -->\n<title>B\u1ed9 \u0111i\u1ec1u khi\u1ec3n DMX VL-CP11 - Vilight Co.ltd<\/title>\n<meta name=\"description\" content=\"B\u1ed9 \u0111i\u1ec1u khi\u1ec3n DMX VL-CP11 l\u00e0 m\u1ed9t s\u1ea3n ph\u1ea9m ch\u1ea5t l\u01b0\u1ee3ng cao v\u00e0 \u0111a n\u0103ng trong vi\u1ec7c \u0111i\u1ec1u khi\u1ec3n t\u00edn hi\u1ec7u DMX cho c\u00e1c h\u1ec7 th\u1ed1ng \u0111\u00e8n.\" \/>\n<meta name=\"robots\" content=\"index, follow, max-snippet:-1, max-image-preview:large, max-video-preview:-1\" \/>\n<link rel=\"canonical\" href=\"https:\/\/vilight.vn\/website\/san-pham\/den-led-pixel\/controller\/bo-dieu-khien-dmx-vl-cp11\/\" \/>\n<meta property=\"og:locale\" content=\"vi_VN\" \/>\n<meta property=\"og:type\" content=\"article\" \/>\n<meta property=\"og:title\" content=\"B\u1ed9 \u0111i\u1ec1u khi\u1ec3n DMX VL-CP11\" \/>\n<meta property=\"og:description\" content=\"B\u1ed9 \u0111i\u1ec1u khi\u1ec3n DMX VL-CP11 l\u00e0 m\u1ed9t s\u1ea3n ph\u1ea9m ch\u1ea5t l\u01b0\u1ee3ng cao v\u00e0 \u0111a n\u0103ng cho vi\u1ec7c \u0111i\u1ec1u khi\u1ec3n t\u00edn hi\u1ec7u DMX cho c\u00e1c h\u1ec7 th\u1ed1ng \u0111\u00e8n \u0111\u1ec3 hi\u1ec7u ch\u1ec9nh c\u00e1c hi\u1ec7u \u1ee9ng chi\u1ebfu s\u00e1ng. V\u1edbi v\u1ecf kim lo\u1ea1i ch\u1eafc ch\u1eafn, kh\u1ea3 n\u0103ng s\u1eed d\u1ee5ng ngu\u1ed3n \u0111i\u1ec7n r\u1ed9ng, t\u00ednh linh ho\u1ea1t v\u00e0 \u0111a d\u1ea1ng trong vi\u1ec7c \u0111i\u1ec1u khi\u1ec3n, \u0111\u00e2y l\u00e0 l\u1ef1a ch\u1ecdn l\u00fd t\u01b0\u1edfng cho c\u00e1c chuy\u00ean gia \u00e1nh s\u00e1ng v\u00e0 nh\u1eefng ng\u01b0\u1eddi \u0111am m\u00ea t\u1ea1o ra kh\u00f4ng gian \u00e1nh s\u00e1ng \u0111\u1ed9c \u0111\u00e1o v\u00e0 s\u00e1ng t\u1ea1o.\" \/>\n<meta property=\"og:url\" content=\"https:\/\/vilight.vn\/website\/san-pham\/den-led-pixel\/controller\/bo-dieu-khien-dmx-vl-cp11\/\" \/>\n<meta property=\"og:site_name\" content=\"Vilight Co.ltd\" \/>\n<meta property=\"article:publisher\" content=\"http:\/\/facebook.com\/vilight.vn\" \/>\n<meta property=\"article:modified_time\" content=\"2024-09-25T09:18:20+00:00\" \/>\n<meta property=\"og:image\" content=\"https:\/\/vilight.vn\/website\/wp-content\/uploads\/2021\/06\/CP11.jpg\" \/>\n\t<meta property=\"og:image:width\" content=\"600\" \/>\n\t<meta property=\"og:image:height\" content=\"600\" \/>\n\t<meta property=\"og:image:type\" content=\"image\/jpeg\" \/>\n<meta name=\"twitter:card\" content=\"summary_large_image\" \/>\n<meta name=\"twitter:label1\" content=\"Gi\u00e1\" \/>\n\t<meta name=\"twitter:data1\" content=\"\" \/>\n\t<meta name=\"twitter:label2\" content=\"Kh\u1ea3 d\u1ee5ng\" \/>\n\t<meta name=\"twitter:data2\" content=\"Trong kho\" \/>\n<script type=\"application\/ld+json\" class=\"yoast-schema-graph\">{\"@context\":\"https:\\\/\\\/schema.org\",\"@graph\":[{\"@type\":\"WebPage\",\"@id\":\"https:\\\/\\\/vilight.vn\\\/website\\\/san-pham\\\/den-led-pixel\\\/controller\\\/bo-dieu-khien-dmx-vl-cp11\\\/\",\"url\":\"https:\\\/\\\/vilight.vn\\\/website\\\/san-pham\\\/den-led-pixel\\\/controller\\\/bo-dieu-khien-dmx-vl-cp11\\\/\",\"name\":\"B\u1ed9 \u0111i\u1ec1u khi\u1ec3n DMX VL-CP11 - Vilight Co.ltd\",\"isPartOf\":{\"@id\":\"https:\\\/\\\/vilight.vn\\\/website\\\/#website\"},\"primaryImageOfPage\":{\"@id\":\"https:\\\/\\\/vilight.vn\\\/website\\\/san-pham\\\/den-led-pixel\\\/controller\\\/bo-dieu-khien-dmx-vl-cp11\\\/#primaryimage\"},\"image\":{\"@id\":\"https:\\\/\\\/vilight.vn\\\/website\\\/san-pham\\\/den-led-pixel\\\/controller\\\/bo-dieu-khien-dmx-vl-cp11\\\/#primaryimage\"},\"thumbnailUrl\":\"https:\\\/\\\/vilight.vn\\\/website\\\/wp-content\\\/uploads\\\/2021\\\/06\\\/CP11.jpg\",\"datePublished\":\"2021-06-27T14:33:22+00:00\",\"dateModified\":\"2024-09-25T09:18:20+00:00\",\"description\":\"B\u1ed9 \u0111i\u1ec1u khi\u1ec3n DMX VL-CP11 l\u00e0 m\u1ed9t s\u1ea3n ph\u1ea9m ch\u1ea5t l\u01b0\u1ee3ng cao v\u00e0 \u0111a n\u0103ng trong vi\u1ec7c \u0111i\u1ec1u khi\u1ec3n t\u00edn hi\u1ec7u DMX cho c\u00e1c h\u1ec7 th\u1ed1ng \u0111\u00e8n.\",\"breadcrumb\":{\"@id\":\"https:\\\/\\\/vilight.vn\\\/website\\\/san-pham\\\/den-led-pixel\\\/controller\\\/bo-dieu-khien-dmx-vl-cp11\\\/#breadcrumb\"},\"inLanguage\":\"vi\",\"potentialAction\":[{\"@type\":\"ReadAction\",\"target\":[\"https:\\\/\\\/vilight.vn\\\/website\\\/san-pham\\\/den-led-pixel\\\/controller\\\/bo-dieu-khien-dmx-vl-cp11\\\/\"]}]},{\"@type\":\"ImageObject\",\"inLanguage\":\"vi\",\"@id\":\"https:\\\/\\\/vilight.vn\\\/website\\\/san-pham\\\/den-led-pixel\\\/controller\\\/bo-dieu-khien-dmx-vl-cp11\\\/#primaryimage\",\"url\":\"https:\\\/\\\/vilight.vn\\\/website\\\/wp-content\\\/uploads\\\/2021\\\/06\\\/CP11.jpg\",\"contentUrl\":\"https:\\\/\\\/vilight.vn\\\/website\\\/wp-content\\\/uploads\\\/2021\\\/06\\\/CP11.jpg\",\"width\":600,\"height\":600,\"caption\":\"B\u1ed9 \u0111i\u1ec1u khi\u1ec3n DMX VL-CP11\"},{\"@type\":\"BreadcrumbList\",\"@id\":\"https:\\\/\\\/vilight.vn\\\/website\\\/san-pham\\\/den-led-pixel\\\/controller\\\/bo-dieu-khien-dmx-vl-cp11\\\/#breadcrumb\",\"itemListElement\":[{\"@type\":\"ListItem\",\"position\":1,\"name\":\"Home\",\"item\":\"https:\\\/\\\/vilight.vn\\\/website\\\/\"},{\"@type\":\"ListItem\",\"position\":2,\"name\":\"store\",\"item\":\"https:\\\/\\\/vilight.vn\\\/website\\\/store\\\/\"},{\"@type\":\"ListItem\",\"position\":3,\"name\":\"B\u1ed9 \u0111i\u1ec1u khi\u1ec3n DMX VL-CP11\"}]},{\"@type\":\"WebSite\",\"@id\":\"https:\\\/\\\/vilight.vn\\\/website\\\/#website\",\"url\":\"https:\\\/\\\/vilight.vn\\\/website\\\/\",\"name\":\"Vilight Co.ltd\",\"description\":\"Chi\u1ebfu s\u00e1ng m\u1ef9 thu\u1eadt, chi\u1ebfu s\u00e1ng th\u00f4ng minh, LED Pixel 3D, chi\u1ebfu s\u00e1ng trang tr\u00ed \u0111\u00f4 th\u1ecb, chi\u1ebfu s\u00e1ng v\u00f2ng xoay, chi\u1ebfu s\u00e1ng \u0111\u1ea3o giao th\u00f4ng, c\u1ed5ng ch\u00e0o \u0111\u00f4 th\u1ecb\",\"publisher\":{\"@id\":\"https:\\\/\\\/vilight.vn\\\/website\\\/#organization\"},\"potentialAction\":[{\"@type\":\"SearchAction\",\"target\":{\"@type\":\"EntryPoint\",\"urlTemplate\":\"https:\\\/\\\/vilight.vn\\\/website\\\/?s={search_term_string}\"},\"query-input\":{\"@type\":\"PropertyValueSpecification\",\"valueRequired\":true,\"valueName\":\"search_term_string\"}}],\"inLanguage\":\"vi\"},{\"@type\":\"Organization\",\"@id\":\"https:\\\/\\\/vilight.vn\\\/website\\\/#organization\",\"name\":\"Vilight\",\"url\":\"https:\\\/\\\/vilight.vn\\\/website\\\/\",\"logo\":{\"@type\":\"ImageObject\",\"inLanguage\":\"vi\",\"@id\":\"https:\\\/\\\/vilight.vn\\\/website\\\/#\\\/schema\\\/logo\\\/image\\\/\",\"url\":\"https:\\\/\\\/vilight.vn\\\/website\\\/wp-content\\\/uploads\\\/2022\\\/05\\\/chieu_sang_trang_tri_do_thi_bang_den_led_pixel.png\",\"contentUrl\":\"https:\\\/\\\/vilight.vn\\\/website\\\/wp-content\\\/uploads\\\/2022\\\/05\\\/chieu_sang_trang_tri_do_thi_bang_den_led_pixel.png\",\"width\":800,\"height\":427,\"caption\":\"Vilight\"},\"image\":{\"@id\":\"https:\\\/\\\/vilight.vn\\\/website\\\/#\\\/schema\\\/logo\\\/image\\\/\"},\"sameAs\":[\"http:\\\/\\\/facebook.com\\\/vilight.vn\",\"https:\\\/\\\/www.linkedin.com\\\/company\\\/vilight-vn\",\"https:\\\/\\\/www.youtube.com\\\/channel\\\/UCEwR2naeDcuarMX1kSv_rLQ\\\/videos\"]}]}<\/script>\n<meta property=\"product:brand\" content=\"Controller\" \/>\n<meta property=\"product:price:currency\" content=\"VND\" \/>\n<meta property=\"og:availability\" content=\"instock\" \/>\n<meta property=\"product:availability\" content=\"instock\" \/>\n<meta property=\"product:condition\" content=\"new\" \/>\n<!-- \/ Yoast SEO Premium plugin. -->","yoast_head_json":{"title":"B\u1ed9 \u0111i\u1ec1u khi\u1ec3n DMX VL-CP11 - Vilight Co.ltd","description":"B\u1ed9 \u0111i\u1ec1u khi\u1ec3n DMX VL-CP11 l\u00e0 m\u1ed9t s\u1ea3n ph\u1ea9m ch\u1ea5t l\u01b0\u1ee3ng cao v\u00e0 \u0111a n\u0103ng trong vi\u1ec7c \u0111i\u1ec1u khi\u1ec3n t\u00edn hi\u1ec7u DMX cho c\u00e1c h\u1ec7 th\u1ed1ng \u0111\u00e8n.","robots":{"index":"index","follow":"follow","max-snippet":"max-snippet:-1","max-image-preview":"max-image-preview:large","max-video-preview":"max-video-preview:-1"},"canonical":"https:\/\/vilight.vn\/website\/san-pham\/den-led-pixel\/controller\/bo-dieu-khien-dmx-vl-cp11\/","og_locale":"vi_VN","og_type":"article","og_title":"B\u1ed9 \u0111i\u1ec1u khi\u1ec3n DMX VL-CP11","og_description":"B\u1ed9 \u0111i\u1ec1u khi\u1ec3n DMX VL-CP11 l\u00e0 m\u1ed9t s\u1ea3n ph\u1ea9m ch\u1ea5t l\u01b0\u1ee3ng cao v\u00e0 \u0111a n\u0103ng cho vi\u1ec7c \u0111i\u1ec1u khi\u1ec3n t\u00edn hi\u1ec7u DMX cho c\u00e1c h\u1ec7 th\u1ed1ng \u0111\u00e8n \u0111\u1ec3 hi\u1ec7u ch\u1ec9nh c\u00e1c hi\u1ec7u \u1ee9ng chi\u1ebfu s\u00e1ng. V\u1edbi v\u1ecf kim lo\u1ea1i ch\u1eafc ch\u1eafn, kh\u1ea3 n\u0103ng s\u1eed d\u1ee5ng ngu\u1ed3n \u0111i\u1ec7n r\u1ed9ng, t\u00ednh linh ho\u1ea1t v\u00e0 \u0111a d\u1ea1ng trong vi\u1ec7c \u0111i\u1ec1u khi\u1ec3n, \u0111\u00e2y l\u00e0 l\u1ef1a ch\u1ecdn l\u00fd t\u01b0\u1edfng cho c\u00e1c chuy\u00ean gia \u00e1nh s\u00e1ng v\u00e0 nh\u1eefng ng\u01b0\u1eddi \u0111am m\u00ea t\u1ea1o ra kh\u00f4ng gian \u00e1nh s\u00e1ng \u0111\u1ed9c \u0111\u00e1o v\u00e0 s\u00e1ng t\u1ea1o.","og_url":"https:\/\/vilight.vn\/website\/san-pham\/den-led-pixel\/controller\/bo-dieu-khien-dmx-vl-cp11\/","og_site_name":"Vilight Co.ltd","article_publisher":"http:\/\/facebook.com\/vilight.vn","article_modified_time":"2024-09-25T09:18:20+00:00","og_image":[{"width":600,"height":600,"url":"https:\/\/vilight.vn\/website\/wp-content\/uploads\/2021\/06\/CP11.jpg","type":"image\/jpeg"}],"twitter_card":"summary_large_image","twitter_misc":{"Gi\u00e1":"","Kh\u1ea3 d\u1ee5ng":"Trong kho"},"schema":{"@context":"https:\/\/schema.org","@graph":[{"@type":"WebPage","@id":"https:\/\/vilight.vn\/website\/san-pham\/den-led-pixel\/controller\/bo-dieu-khien-dmx-vl-cp11\/","url":"https:\/\/vilight.vn\/website\/san-pham\/den-led-pixel\/controller\/bo-dieu-khien-dmx-vl-cp11\/","name":"B\u1ed9 \u0111i\u1ec1u khi\u1ec3n DMX VL-CP11 - Vilight Co.ltd","isPartOf":{"@id":"https:\/\/vilight.vn\/website\/#website"},"primaryImageOfPage":{"@id":"https:\/\/vilight.vn\/website\/san-pham\/den-led-pixel\/controller\/bo-dieu-khien-dmx-vl-cp11\/#primaryimage"},"image":{"@id":"https:\/\/vilight.vn\/website\/san-pham\/den-led-pixel\/controller\/bo-dieu-khien-dmx-vl-cp11\/#primaryimage"},"thumbnailUrl":"https:\/\/vilight.vn\/website\/wp-content\/uploads\/2021\/06\/CP11.jpg","datePublished":"2021-06-27T14:33:22+00:00","dateModified":"2024-09-25T09:18:20+00:00","description":"B\u1ed9 \u0111i\u1ec1u khi\u1ec3n DMX VL-CP11 l\u00e0 m\u1ed9t s\u1ea3n ph\u1ea9m ch\u1ea5t l\u01b0\u1ee3ng cao v\u00e0 \u0111a n\u0103ng trong vi\u1ec7c \u0111i\u1ec1u khi\u1ec3n t\u00edn hi\u1ec7u DMX cho c\u00e1c h\u1ec7 th\u1ed1ng \u0111\u00e8n.","breadcrumb":{"@id":"https:\/\/vilight.vn\/website\/san-pham\/den-led-pixel\/controller\/bo-dieu-khien-dmx-vl-cp11\/#breadcrumb"},"inLanguage":"vi","potentialAction":[{"@type":"ReadAction","target":["https:\/\/vilight.vn\/website\/san-pham\/den-led-pixel\/controller\/bo-dieu-khien-dmx-vl-cp11\/"]}]},{"@type":"ImageObject","inLanguage":"vi","@id":"https:\/\/vilight.vn\/website\/san-pham\/den-led-pixel\/controller\/bo-dieu-khien-dmx-vl-cp11\/#primaryimage","url":"https:\/\/vilight.vn\/website\/wp-content\/uploads\/2021\/06\/CP11.jpg","contentUrl":"https:\/\/vilight.vn\/website\/wp-content\/uploads\/2021\/06\/CP11.jpg","width":600,"height":600,"caption":"B\u1ed9 \u0111i\u1ec1u khi\u1ec3n DMX VL-CP11"},{"@type":"BreadcrumbList","@id":"https:\/\/vilight.vn\/website\/san-pham\/den-led-pixel\/controller\/bo-dieu-khien-dmx-vl-cp11\/#breadcrumb","itemListElement":[{"@type":"ListItem","position":1,"name":"Home","item":"https:\/\/vilight.vn\/website\/"},{"@type":"ListItem","position":2,"name":"store","item":"https:\/\/vilight.vn\/website\/store\/"},{"@type":"ListItem","position":3,"name":"B\u1ed9 \u0111i\u1ec1u khi\u1ec3n DMX VL-CP11"}]},{"@type":"WebSite","@id":"https:\/\/vilight.vn\/website\/#website","url":"https:\/\/vilight.vn\/website\/","name":"Vilight Co.ltd","description":"Chi\u1ebfu s\u00e1ng m\u1ef9 thu\u1eadt, chi\u1ebfu s\u00e1ng th\u00f4ng minh, LED Pixel 3D, chi\u1ebfu s\u00e1ng trang tr\u00ed \u0111\u00f4 th\u1ecb, chi\u1ebfu s\u00e1ng v\u00f2ng xoay, chi\u1ebfu s\u00e1ng \u0111\u1ea3o giao th\u00f4ng, c\u1ed5ng ch\u00e0o \u0111\u00f4 th\u1ecb","publisher":{"@id":"https:\/\/vilight.vn\/website\/#organization"},"potentialAction":[{"@type":"SearchAction","target":{"@type":"EntryPoint","urlTemplate":"https:\/\/vilight.vn\/website\/?s={search_term_string}"},"query-input":{"@type":"PropertyValueSpecification","valueRequired":true,"valueName":"search_term_string"}}],"inLanguage":"vi"},{"@type":"Organization","@id":"https:\/\/vilight.vn\/website\/#organization","name":"Vilight","url":"https:\/\/vilight.vn\/website\/","logo":{"@type":"ImageObject","inLanguage":"vi","@id":"https:\/\/vilight.vn\/website\/#\/schema\/logo\/image\/","url":"https:\/\/vilight.vn\/website\/wp-content\/uploads\/2022\/05\/chieu_sang_trang_tri_do_thi_bang_den_led_pixel.png","contentUrl":"https:\/\/vilight.vn\/website\/wp-content\/uploads\/2022\/05\/chieu_sang_trang_tri_do_thi_bang_den_led_pixel.png","width":800,"height":427,"caption":"Vilight"},"image":{"@id":"https:\/\/vilight.vn\/website\/#\/schema\/logo\/image\/"},"sameAs":["http:\/\/facebook.com\/vilight.vn","https:\/\/www.linkedin.com\/company\/vilight-vn","https:\/\/www.youtube.com\/channel\/UCEwR2naeDcuarMX1kSv_rLQ\/videos"]}]},"product_brand":"Controller","product_price_currency":"VND","og_availability":"instock","product_availability":"instock","product_condition":"new"},"_links":{"self":[{"href":"https:\/\/vilight.vn\/website\/wp-json\/wp\/v2\/product\/1442","targetHints":{"allow":["GET"]}}],"collection":[{"href":"https:\/\/vilight.vn\/website\/wp-json\/wp\/v2\/product"}],"about":[{"href":"https:\/\/vilight.vn\/website\/wp-json\/wp\/v2\/types\/product"}],"wp:featuredmedia":[{"embeddable":true,"href":"https:\/\/vilight.vn\/website\/wp-json\/wp\/v2\/media\/1444"}],"wp:attachment":[{"href":"https:\/\/vilight.vn\/website\/wp-json\/wp\/v2\/media?parent=1442"}],"wp:term":[{"taxonomy":"product_brand","embeddable":true,"href":"https:\/\/vilight.vn\/website\/wp-json\/wp\/v2\/product_brand?post=1442"},{"taxonomy":"product_cat","embeddable":true,"href":"https:\/\/vilight.vn\/website\/wp-json\/wp\/v2\/product_cat?post=1442"},{"taxonomy":"product_tag","embeddable":true,"href":"https:\/\/vilight.vn\/website\/wp-json\/wp\/v2\/product_tag?post=1442"}],"curies":[{"name":"wp","href":"https:\/\/api.w.org\/{rel}","templated":true}]}}