{"id":1445,"date":"2021-06-27T21:33:44","date_gmt":"2021-06-27T14:33:44","guid":{"rendered":"https:\/\/vilight.vn\/website\/?post_type=product&#038;p=1445"},"modified":"2024-09-23T16:56:28","modified_gmt":"2024-09-23T09:56:28","slug":"bo-dieu-khien-dmx-vl-cp21","status":"publish","type":"product","link":"https:\/\/vilight.vn\/website\/san-pham\/den-led-pixel\/controller\/bo-dieu-khien-dmx-vl-cp21\/","title":{"rendered":"B\u1ed9 \u0111i\u1ec1u khi\u1ec3n DMX VL-CP21"},"content":{"rendered":"<h2 style=\"text-align: justify;\"><span style=\"font-size: 18pt;\">B\u1ed9 \u0111i\u1ec1u khi\u1ec3n DMX VL-CP21: \u0110i\u1ec1u khi\u1ec3n chuy\u00ean nghi\u1ec7p cho hi\u1ec7u \u1ee9ng chi\u1ebfu s\u00e1ng \u0111a d\u1ea1ng<\/span><\/h2>\n<p style=\"text-align: justify;\"><span style=\"font-size: 14pt;\">Trong ng\u00e0nh c\u00f4ng nghi\u1ec7p s\u1ef1 ki\u1ec7n, nh\u1eefng hi\u1ec7u \u1ee9ng chi\u1ebfu s\u00e1ng \u0111\u00f3ng vai tr\u00f2 quan tr\u1ecdng trong vi\u1ec7c t\u1ea1o n\u00ean m\u1ed9t kh\u00f4ng gian th\u00fa v\u1ecb v\u00e0 t\u1ea1o c\u1ea3m h\u1ee9ng cho kh\u00e1n gi\u1ea3. \u0110\u1ec3 th\u1ef1c hi\u1ec7n \u0111\u01b0\u1ee3c nh\u1eefng hi\u1ec7u \u1ee9ng n\u00e0y, b\u1ed9 \u0111i\u1ec1u khi\u1ec3n DMX (Digital Multiplex) l\u00e0 m\u1ed9t trong nh\u1eefng thi\u1ebft b\u1ecb kh\u00f4ng th\u1ec3 thi\u1ebfu. V\u00e0 trong danh s\u00e1ch nh\u1eefng b\u1ed9 \u0111i\u1ec1u khi\u1ec3n DMX h\u00e0ng \u0111\u1ea7u, kh\u00f4ng th\u1ec3 b\u1ecf qua b\u1ed9 \u0111i\u1ec1u khi\u1ec3n DMX VL-CP21.<\/span><\/p>\n<p style=\"text-align: justify;\"><span style=\"font-size: 14pt;\">V\u1edbi ch\u1ea5t li\u1ec7u v\u1ecf kim lo\u1ea1i ch\u1eafc ch\u1eafn, b\u1ed9 \u0111i\u1ec1u khi\u1ec3n DMX VL-CP21 \u0111\u1ea3m b\u1ea3o s\u1ef1 b\u1ec1n b\u1ec9 v\u00e0 \u0111\u1ed9 tin c\u1eady cao trong su\u1ed1t qu\u00e1 tr\u00ecnh s\u1eed d\u1ee5ng. B\u1ed9 \u0111i\u1ec1u khi\u1ec3n n\u00e0y \u0111\u01b0\u1ee3c thi\u1ebft k\u1ebf \u0111\u1ec3 \u0111i\u1ec1u khi\u1ec3n t\u00edn hi\u1ec7u DMX ra c\u00e1c line \u0111\u00e8n, gi\u00fap b\u1ea1n c\u00f3 th\u1ec3 t\u00f9y ch\u1ec9nh v\u00e0 \u0111i\u1ec1u khi\u1ec3n c\u00e1c hi\u1ec7u \u1ee9ng chi\u1ebfu s\u00e1ng m\u1ed9t c\u00e1ch d\u1ec5 d\u00e0ng v\u00e0 linh ho\u1ea1t. V\u1edbi s\u1ef1 linh ho\u1ea1t n\u00e0y, b\u1ea1n c\u00f3 th\u1ec3 t\u1ea1o ra nh\u1eefng \u00e1nh s\u00e1ng ph\u1ee9c t\u1ea1p, ph\u1ed1i h\u1ee3p c\u00e1c m\u00e0u s\u1eafc v\u00e0 chuy\u1ec3n \u0111\u1ed9ng \u0111\u1ec3 t\u1ea1o ra kh\u00f4ng gian \u00e1nh s\u00e1ng \u0111\u1ed9c \u0111\u00e1o cho s\u1ef1 ki\u1ec7n c\u1ee7a m\u00ecnh.<\/span><\/p>\n<p style=\"text-align: justify;\"><span style=\"font-size: 14pt;\">M\u1ed9t trong nh\u1eefng \u01b0u \u0111i\u1ec3m n\u1ed5i b\u1eadt c\u1ee7a b\u1ed9 \u0111i\u1ec1u khi\u1ec3n DMX VL-CP21 l\u00e0 kh\u1ea3 n\u0103ng s\u1eed d\u1ee5ng ngu\u1ed3n \u0111i\u1ec7n AC trong kho\u1ea3ng t\u1eeb 165V \u0111\u1ebfn 270V. \u0110i\u1ec1u n\u00e0y cho ph\u00e9p b\u1ea1n s\u1eed d\u1ee5ng b\u1ed9 \u0111i\u1ec1u khi\u1ec3n n\u00e0y \u1edf nhi\u1ec1u \u0111\u1ecba \u0111i\u1ec3m kh\u00e1c nhau m\u00e0 kh\u00f4ng c\u1ea7n lo l\u1eafng v\u1ec1 v\u1ea5n \u0111\u1ec1 ngu\u1ed3n \u0111i\u1ec7n. \u0110\u1ed3ng th\u1eddi, b\u1ed9 \u0111i\u1ec1u khi\u1ec3n n\u00e0y c\u0169ng \u0111\u01b0\u1ee3c thi\u1ebft k\u1ebf \u0111\u1ec3 ti\u1ebft ki\u1ec7m n\u0103ng l\u01b0\u1ee3ng, gi\u00fap b\u1ea1n gi\u1ea3m thi\u1ec3u t\u00e1c \u0111\u1ed9ng \u0111\u1ebfn m\u00f4i tr\u01b0\u1eddng v\u00e0 ti\u1ebft ki\u1ec7m chi ph\u00ed v\u1eadn h\u00e0nh.<\/span><\/p>\n<p style=\"text-align: justify;\"><span style=\"font-size: 14pt;\">B\u1ed9 \u0111i\u1ec1u khi\u1ec3n DMX VL-CP21 kh\u00f4ng ch\u1ec9 \u0111\u01a1n thu\u1ea7n l\u00e0 m\u1ed9t b\u1ed9 \u0111i\u1ec1u khi\u1ec3n th\u00f4ng th\u01b0\u1eddng, m\u00e0 c\u00f2n c\u00f3 nhi\u1ec1u t\u00ednh n\u0103ng v\u00e0 kh\u1ea3 n\u0103ng m\u1edf r\u1ed9ng. V\u1edbi kh\u1ea3 n\u0103ng k\u1ebft n\u1ed1i nhi\u1ec1u \u0111\u00e8n v\u00e0 thi\u1ebft b\u1ecb chi\u1ebfu s\u00e1ng kh\u00e1c nhau, b\u1ea1n c\u00f3 th\u1ec3 t\u1ea1o ra nh\u1eefng hi\u1ec7u \u1ee9ng chi\u1ebfu s\u00e1ng phong ph\u00fa v\u00e0 \u0111a d\u1ea1ng. B\u1ed9 \u0111i\u1ec1u khi\u1ec3n c\u0169ng h\u1ed7 tr\u1ee3 nhi\u1ec1u ch\u1ebf \u0111\u1ed9 \u0111i\u1ec1u khi\u1ec3n, t\u1eeb ch\u1ebf <\/span><span style=\"font-size: 14pt;\">\u0111\u1ed9 t\u1ef1 \u0111\u1ed9ng cho \u0111\u1ebfn ch\u1ebf \u0111\u1ed9 \u0111i\u1ec1u khi\u1ec3n theo nh\u1ea1c, gi\u00fap b\u1ea1n linh ho\u1ea1t trong vi\u1ec7c thay \u0111\u1ed5i hi\u1ec7u \u1ee9ng chi\u1ebfu s\u00e1ng theo \u00fd mu\u1ed1n.<\/span><\/p>\n<p style=\"text-align: justify;\"><span style=\"font-size: 14pt;\">S\u1ea3n ph\u1ea9m ch\u1ea5t l\u01b0\u1ee3ng cao c\u1ee7a b\u1ed9 \u0111i\u1ec1u khi\u1ec3n DMX VL-CP21 \u0111\u01b0\u1ee3c ph\u00e2n ph\u1ed1i ch\u00ednh h\u00e3ng b\u1edfi Vilight.vn &#8211; m\u1ed9t trong nh\u1eefng \u0111\u01a1n v\u1ecb uy t\u00edn v\u00e0 chuy\u00ean nghi\u1ec7p trong l\u0129nh v\u1ef1c thi\u1ebft b\u1ecb chi\u1ebfu s\u00e1ng s\u1ef1 ki\u1ec7n. Vilight.vn cam k\u1ebft mang \u0111\u1ebfn cho kh\u00e1ch h\u00e0ng nh\u1eefng s\u1ea3n ph\u1ea9m ch\u1ea5t l\u01b0\u1ee3ng, \u0111\u1ea3m b\u1ea3o t\u00ednh \u1ed5n \u0111\u1ecbnh v\u00e0 hi\u1ec7u su\u1ea5t t\u1ed1i \u01b0u. \u0110\u1ed9i ng\u0169 k\u1ef9 thu\u1eadt c\u1ee7a Vilight.vn s\u1ebd h\u1ed7 tr\u1ee3 b\u1ea1n trong qu\u00e1 tr\u00ecnh l\u1ef1a ch\u1ecdn v\u00e0 s\u1eed d\u1ee5ng b\u1ed9 \u0111i\u1ec1u khi\u1ec3n DMX VL-CP21, \u0111\u1ea3m b\u1ea3o b\u1ea1n c\u00f3 \u0111\u01b0\u1ee3c nh\u1eefng tr\u1ea3i nghi\u1ec7m tuy\u1ec7t v\u1eddi v\u00e0 th\u00e0nh c\u00f4ng trong s\u1ef1 ki\u1ec7n c\u1ee7a m\u00ecnh.<\/span><\/p>\n<p style=\"text-align: justify;\"><span style=\"font-size: 14pt;\">T\u00f3m l\u1ea1i, b\u1ed9 \u0111i\u1ec1u khi\u1ec3n DMX VL-CP21 l\u00e0 m\u1ed9t s\u1ea3n ph\u1ea9m kh\u00f4ng th\u1ec3 thi\u1ebfu cho nh\u1eefng ng\u01b0\u1eddi l\u00e0m vi\u1ec7c trong ng\u00e0nh c\u00f4ng nghi\u1ec7p s\u1ef1 ki\u1ec7n v\u00e0 thi\u1ebft k\u1ebf chi\u1ebfu s\u00e1ng. V\u1edbi ch\u1ea5t li\u1ec7u ch\u1eafc ch\u1eafn, kh\u1ea3 n\u0103ng \u0111i\u1ec1u khi\u1ec3n \u0111a d\u1ea1ng v\u00e0 t\u00ednh linh ho\u1ea1t cao, b\u1ed9 \u0111i\u1ec1u khi\u1ec3n n\u00e0y cho ph\u00e9p b\u1ea1n t\u1ea1o ra nh\u1eefng hi\u1ec7u \u1ee9ng chi\u1ebfu s\u00e1ng \u0111\u1ed9c \u0111\u00e1o v\u00e0 \u1ea5n t\u01b0\u1ee3ng. H\u00e3y \u0111\u1ebfn v\u1edbi Vilight.vn v\u00e0 tr\u1ea3i nghi\u1ec7m s\u1ef1 chuy\u00ean nghi\u1ec7p v\u00e0 ch\u1ea5t l\u01b0\u1ee3ng c\u1ee7a b\u1ed9 \u0111i\u1ec1u khi\u1ec3n DMX VL-CP21 ngay h\u00f4m nay!<\/span><\/p>\n<p style=\"text-align: justify;\"><span style=\"font-size: 14pt;\"><a href=\"https:\/\/vilight.vn\/website\/wp-content\/uploads\/2021\/06\/CP01-1.jpg\"><img decoding=\"async\" class=\"aligncenter wp-image-1582 lazyload\" data-src=\"https:\/\/vilight.vn\/website\/wp-content\/uploads\/2021\/06\/CP01-1.jpg\" alt=\"B\u1ed9 \u0111i\u1ec1u khi\u1ec3n DMX VL-CP21\" width=\"1500\" height=\"1500\" data-srcset=\"https:\/\/vilight.vn\/website\/wp-content\/uploads\/2021\/06\/CP01-1.jpg 750w, https:\/\/vilight.vn\/website\/wp-content\/uploads\/2021\/06\/CP01-1-300x300.jpg 300w, https:\/\/vilight.vn\/website\/wp-content\/uploads\/2021\/06\/CP01-1-150x150.jpg 150w, https:\/\/vilight.vn\/website\/wp-content\/uploads\/2021\/06\/CP01-1-12x12.jpg 12w, https:\/\/vilight.vn\/website\/wp-content\/uploads\/2021\/06\/CP01-1-146x146.jpg 146w, https:\/\/vilight.vn\/website\/wp-content\/uploads\/2021\/06\/CP01-1-50x50.jpg 50w, https:\/\/vilight.vn\/website\/wp-content\/uploads\/2021\/06\/CP01-1-75x75.jpg 75w, https:\/\/vilight.vn\/website\/wp-content\/uploads\/2021\/06\/CP01-1-85x85.jpg 85w, https:\/\/vilight.vn\/website\/wp-content\/uploads\/2021\/06\/CP01-1-80x80.jpg 80w, https:\/\/vilight.vn\/website\/wp-content\/uploads\/2021\/06\/CP01-1-600x600.jpg 600w\" data-sizes=\"(max-width:767px) 480px, (max-width:1500px) 100vw, 1500px\" src=\"data:image\/svg+xml;base64,PHN2ZyB3aWR0aD0iMSIgaGVpZ2h0PSIxIiB4bWxucz0iaHR0cDovL3d3dy53My5vcmcvMjAwMC9zdmciPjwvc3ZnPg==\" style=\"--smush-placeholder-width: 1500px; --smush-placeholder-aspect-ratio: 1500\/1500;\" \/><\/a><\/span><\/p>\n<p style=\"text-align: justify;\"><span style=\"color: #ffffff; font-size: 14pt;\">Controller CP21. Controller nh\u1eadp kh\u1ea9u ch\u00ednh h\u00e3ng \u00a0CP21.\u00a0<\/span><\/p>\n","protected":false},"excerpt":{"rendered":"<p><span style=\"font-size: 14pt;\">B\u1ed9 \u0111i\u1ec1u khi\u1ec3n DMX VL-CP21 l\u00e0 m\u1ed9t s\u1ea3n ph\u1ea9m kh\u00f4ng th\u1ec3 thi\u1ebfu trong ng\u00e0nh c\u00f4ng nghi\u1ec7p s\u1ef1 ki\u1ec7n v\u00e0 thi\u1ebft k\u1ebf chi\u1ebfu s\u00e1ng. V\u1edbi ch\u1ea5t li\u1ec7u ch\u1eafc ch\u1eafn, kh\u1ea3 n\u0103ng \u0111i\u1ec1u khi\u1ec3n \u0111a d\u1ea1ng v\u00e0 t\u00ednh linh ho\u1ea1t cao, s\u1ea3n ph\u1ea9m n\u00e0y cho ph\u00e9p t\u1ea1o ra nh\u1eefng hi\u1ec7u \u1ee9ng chi\u1ebfu s\u00e1ng \u0111\u1ed9c \u0111\u00e1o v\u00e0 \u1ea5n t\u01b0\u1ee3ng.<\/span><\/p>\n","protected":false},"featured_media":1446,"template":"","meta":[],"product_brand":[],"product_cat":[83],"product_tag":[],"class_list":{"0":"post-1445","1":"product","2":"type-product","3":"status-publish","4":"has-post-thumbnail","6":"product_cat-controller","8":"first","9":"instock","10":"taxable","11":"shipping-taxable","12":"product-type-simple"},"yoast_head":"<!-- This site is optimized with the Yoast SEO Premium plugin v27.4 (Yoast SEO v27.4) - https:\/\/yoast.com\/product\/yoast-seo-premium-wordpress\/ -->\n<title>B\u1ed9 \u0111i\u1ec1u khi\u1ec3n DMX VL-CP21 - Vilight Co.ltd<\/title>\n<meta name=\"description\" content=\"B\u1ed9 \u0111i\u1ec1u khi\u1ec3n DMX VL-CP21 l\u00e0 s\u1ea3n ph\u1ea9m kh\u00f4ng th\u1ec3 thi\u1ebfu trong ng\u00e0nh c\u00f4ng nghi\u1ec7p s\u1ef1 ki\u1ec7n v\u00e0 chi\u1ebfu s\u00e1ng, t\u1ea1o ra nh\u1eefng hi\u1ec7u \u1ee9ng chi\u1ebfu s\u00e1ng \u0111\u1ed9c \u0111\u00e1o v\u00e0 \u1ea5n t\u01b0\u1ee3ng.\" \/>\n<meta name=\"robots\" content=\"index, follow, max-snippet:-1, max-image-preview:large, max-video-preview:-1\" \/>\n<link rel=\"canonical\" href=\"https:\/\/vilight.vn\/website\/san-pham\/den-led-pixel\/controller\/bo-dieu-khien-dmx-vl-cp21\/\" \/>\n<meta property=\"og:locale\" content=\"vi_VN\" \/>\n<meta property=\"og:type\" content=\"article\" \/>\n<meta property=\"og:title\" content=\"B\u1ed9 \u0111i\u1ec1u khi\u1ec3n DMX VL-CP21\" \/>\n<meta property=\"og:description\" content=\"B\u1ed9 \u0111i\u1ec1u khi\u1ec3n DMX VL-CP21 l\u00e0 m\u1ed9t s\u1ea3n ph\u1ea9m kh\u00f4ng th\u1ec3 thi\u1ebfu trong ng\u00e0nh c\u00f4ng nghi\u1ec7p s\u1ef1 ki\u1ec7n v\u00e0 thi\u1ebft k\u1ebf chi\u1ebfu s\u00e1ng. V\u1edbi ch\u1ea5t li\u1ec7u ch\u1eafc ch\u1eafn, kh\u1ea3 n\u0103ng \u0111i\u1ec1u khi\u1ec3n \u0111a d\u1ea1ng v\u00e0 t\u00ednh linh ho\u1ea1t cao, s\u1ea3n ph\u1ea9m n\u00e0y cho ph\u00e9p t\u1ea1o ra nh\u1eefng hi\u1ec7u \u1ee9ng chi\u1ebfu s\u00e1ng \u0111\u1ed9c \u0111\u00e1o v\u00e0 \u1ea5n t\u01b0\u1ee3ng.\" \/>\n<meta property=\"og:url\" content=\"https:\/\/vilight.vn\/website\/san-pham\/den-led-pixel\/controller\/bo-dieu-khien-dmx-vl-cp21\/\" \/>\n<meta property=\"og:site_name\" content=\"Vilight Co.ltd\" \/>\n<meta property=\"article:publisher\" content=\"http:\/\/facebook.com\/vilight.vn\" \/>\n<meta property=\"article:modified_time\" content=\"2024-09-23T09:56:28+00:00\" \/>\n<meta property=\"og:image\" content=\"https:\/\/vilight.vn\/website\/wp-content\/uploads\/2021\/06\/CP21.jpg\" \/>\n\t<meta property=\"og:image:width\" content=\"600\" \/>\n\t<meta property=\"og:image:height\" content=\"600\" \/>\n\t<meta property=\"og:image:type\" content=\"image\/jpeg\" \/>\n<meta name=\"twitter:card\" content=\"summary_large_image\" \/>\n<meta name=\"twitter:label1\" content=\"Gi\u00e1\" \/>\n\t<meta name=\"twitter:data1\" content=\"\" \/>\n\t<meta name=\"twitter:label2\" content=\"Kh\u1ea3 d\u1ee5ng\" \/>\n\t<meta name=\"twitter:data2\" content=\"Trong kho\" \/>\n<script type=\"application\/ld+json\" class=\"yoast-schema-graph\">{\"@context\":\"https:\\\/\\\/schema.org\",\"@graph\":[{\"@type\":\"WebPage\",\"@id\":\"https:\\\/\\\/vilight.vn\\\/website\\\/san-pham\\\/den-led-pixel\\\/controller\\\/bo-dieu-khien-dmx-vl-cp21\\\/\",\"url\":\"https:\\\/\\\/vilight.vn\\\/website\\\/san-pham\\\/den-led-pixel\\\/controller\\\/bo-dieu-khien-dmx-vl-cp21\\\/\",\"name\":\"B\u1ed9 \u0111i\u1ec1u khi\u1ec3n DMX VL-CP21 - Vilight Co.ltd\",\"isPartOf\":{\"@id\":\"https:\\\/\\\/vilight.vn\\\/website\\\/#website\"},\"primaryImageOfPage\":{\"@id\":\"https:\\\/\\\/vilight.vn\\\/website\\\/san-pham\\\/den-led-pixel\\\/controller\\\/bo-dieu-khien-dmx-vl-cp21\\\/#primaryimage\"},\"image\":{\"@id\":\"https:\\\/\\\/vilight.vn\\\/website\\\/san-pham\\\/den-led-pixel\\\/controller\\\/bo-dieu-khien-dmx-vl-cp21\\\/#primaryimage\"},\"thumbnailUrl\":\"https:\\\/\\\/vilight.vn\\\/website\\\/wp-content\\\/uploads\\\/2021\\\/06\\\/CP21.jpg\",\"datePublished\":\"2021-06-27T14:33:44+00:00\",\"dateModified\":\"2024-09-23T09:56:28+00:00\",\"description\":\"B\u1ed9 \u0111i\u1ec1u khi\u1ec3n DMX VL-CP21 l\u00e0 s\u1ea3n ph\u1ea9m kh\u00f4ng th\u1ec3 thi\u1ebfu trong ng\u00e0nh c\u00f4ng nghi\u1ec7p s\u1ef1 ki\u1ec7n v\u00e0 chi\u1ebfu s\u00e1ng, t\u1ea1o ra nh\u1eefng hi\u1ec7u \u1ee9ng chi\u1ebfu s\u00e1ng \u0111\u1ed9c \u0111\u00e1o v\u00e0 \u1ea5n t\u01b0\u1ee3ng.\",\"breadcrumb\":{\"@id\":\"https:\\\/\\\/vilight.vn\\\/website\\\/san-pham\\\/den-led-pixel\\\/controller\\\/bo-dieu-khien-dmx-vl-cp21\\\/#breadcrumb\"},\"inLanguage\":\"vi\",\"potentialAction\":[{\"@type\":\"ReadAction\",\"target\":[\"https:\\\/\\\/vilight.vn\\\/website\\\/san-pham\\\/den-led-pixel\\\/controller\\\/bo-dieu-khien-dmx-vl-cp21\\\/\"]}]},{\"@type\":\"ImageObject\",\"inLanguage\":\"vi\",\"@id\":\"https:\\\/\\\/vilight.vn\\\/website\\\/san-pham\\\/den-led-pixel\\\/controller\\\/bo-dieu-khien-dmx-vl-cp21\\\/#primaryimage\",\"url\":\"https:\\\/\\\/vilight.vn\\\/website\\\/wp-content\\\/uploads\\\/2021\\\/06\\\/CP21.jpg\",\"contentUrl\":\"https:\\\/\\\/vilight.vn\\\/website\\\/wp-content\\\/uploads\\\/2021\\\/06\\\/CP21.jpg\",\"width\":600,\"height\":600,\"caption\":\"B\u1ed9 \u0111i\u1ec1u khi\u1ec3n DMX VL-CP21\"},{\"@type\":\"BreadcrumbList\",\"@id\":\"https:\\\/\\\/vilight.vn\\\/website\\\/san-pham\\\/den-led-pixel\\\/controller\\\/bo-dieu-khien-dmx-vl-cp21\\\/#breadcrumb\",\"itemListElement\":[{\"@type\":\"ListItem\",\"position\":1,\"name\":\"Home\",\"item\":\"https:\\\/\\\/vilight.vn\\\/website\\\/\"},{\"@type\":\"ListItem\",\"position\":2,\"name\":\"store\",\"item\":\"https:\\\/\\\/vilight.vn\\\/website\\\/store\\\/\"},{\"@type\":\"ListItem\",\"position\":3,\"name\":\"B\u1ed9 \u0111i\u1ec1u khi\u1ec3n DMX VL-CP21\"}]},{\"@type\":\"WebSite\",\"@id\":\"https:\\\/\\\/vilight.vn\\\/website\\\/#website\",\"url\":\"https:\\\/\\\/vilight.vn\\\/website\\\/\",\"name\":\"Vilight Co.ltd\",\"description\":\"Chi\u1ebfu s\u00e1ng m\u1ef9 thu\u1eadt, chi\u1ebfu s\u00e1ng th\u00f4ng minh, LED Pixel 3D, chi\u1ebfu s\u00e1ng trang tr\u00ed \u0111\u00f4 th\u1ecb, chi\u1ebfu s\u00e1ng v\u00f2ng xoay, chi\u1ebfu s\u00e1ng \u0111\u1ea3o giao th\u00f4ng, c\u1ed5ng ch\u00e0o \u0111\u00f4 th\u1ecb\",\"publisher\":{\"@id\":\"https:\\\/\\\/vilight.vn\\\/website\\\/#organization\"},\"potentialAction\":[{\"@type\":\"SearchAction\",\"target\":{\"@type\":\"EntryPoint\",\"urlTemplate\":\"https:\\\/\\\/vilight.vn\\\/website\\\/?s={search_term_string}\"},\"query-input\":{\"@type\":\"PropertyValueSpecification\",\"valueRequired\":true,\"valueName\":\"search_term_string\"}}],\"inLanguage\":\"vi\"},{\"@type\":\"Organization\",\"@id\":\"https:\\\/\\\/vilight.vn\\\/website\\\/#organization\",\"name\":\"Vilight\",\"url\":\"https:\\\/\\\/vilight.vn\\\/website\\\/\",\"logo\":{\"@type\":\"ImageObject\",\"inLanguage\":\"vi\",\"@id\":\"https:\\\/\\\/vilight.vn\\\/website\\\/#\\\/schema\\\/logo\\\/image\\\/\",\"url\":\"https:\\\/\\\/vilight.vn\\\/website\\\/wp-content\\\/uploads\\\/2022\\\/05\\\/chieu_sang_trang_tri_do_thi_bang_den_led_pixel.png\",\"contentUrl\":\"https:\\\/\\\/vilight.vn\\\/website\\\/wp-content\\\/uploads\\\/2022\\\/05\\\/chieu_sang_trang_tri_do_thi_bang_den_led_pixel.png\",\"width\":800,\"height\":427,\"caption\":\"Vilight\"},\"image\":{\"@id\":\"https:\\\/\\\/vilight.vn\\\/website\\\/#\\\/schema\\\/logo\\\/image\\\/\"},\"sameAs\":[\"http:\\\/\\\/facebook.com\\\/vilight.vn\",\"https:\\\/\\\/www.linkedin.com\\\/company\\\/vilight-vn\",\"https:\\\/\\\/www.youtube.com\\\/channel\\\/UCEwR2naeDcuarMX1kSv_rLQ\\\/videos\"]}]}<\/script>\n<meta property=\"product:brand\" content=\"Controller\" \/>\n<meta property=\"product:price:currency\" content=\"VND\" \/>\n<meta property=\"og:availability\" content=\"instock\" \/>\n<meta property=\"product:availability\" content=\"instock\" \/>\n<meta property=\"product:condition\" content=\"new\" \/>\n<!-- \/ Yoast SEO Premium plugin. -->","yoast_head_json":{"title":"B\u1ed9 \u0111i\u1ec1u khi\u1ec3n DMX VL-CP21 - Vilight Co.ltd","description":"B\u1ed9 \u0111i\u1ec1u khi\u1ec3n DMX VL-CP21 l\u00e0 s\u1ea3n ph\u1ea9m kh\u00f4ng th\u1ec3 thi\u1ebfu trong ng\u00e0nh c\u00f4ng nghi\u1ec7p s\u1ef1 ki\u1ec7n v\u00e0 chi\u1ebfu s\u00e1ng, t\u1ea1o ra nh\u1eefng hi\u1ec7u \u1ee9ng chi\u1ebfu s\u00e1ng \u0111\u1ed9c \u0111\u00e1o v\u00e0 \u1ea5n t\u01b0\u1ee3ng.","robots":{"index":"index","follow":"follow","max-snippet":"max-snippet:-1","max-image-preview":"max-image-preview:large","max-video-preview":"max-video-preview:-1"},"canonical":"https:\/\/vilight.vn\/website\/san-pham\/den-led-pixel\/controller\/bo-dieu-khien-dmx-vl-cp21\/","og_locale":"vi_VN","og_type":"article","og_title":"B\u1ed9 \u0111i\u1ec1u khi\u1ec3n DMX VL-CP21","og_description":"B\u1ed9 \u0111i\u1ec1u khi\u1ec3n DMX VL-CP21 l\u00e0 m\u1ed9t s\u1ea3n ph\u1ea9m kh\u00f4ng th\u1ec3 thi\u1ebfu trong ng\u00e0nh c\u00f4ng nghi\u1ec7p s\u1ef1 ki\u1ec7n v\u00e0 thi\u1ebft k\u1ebf chi\u1ebfu s\u00e1ng. V\u1edbi ch\u1ea5t li\u1ec7u ch\u1eafc ch\u1eafn, kh\u1ea3 n\u0103ng \u0111i\u1ec1u khi\u1ec3n \u0111a d\u1ea1ng v\u00e0 t\u00ednh linh ho\u1ea1t cao, s\u1ea3n ph\u1ea9m n\u00e0y cho ph\u00e9p t\u1ea1o ra nh\u1eefng hi\u1ec7u \u1ee9ng chi\u1ebfu s\u00e1ng \u0111\u1ed9c \u0111\u00e1o v\u00e0 \u1ea5n t\u01b0\u1ee3ng.","og_url":"https:\/\/vilight.vn\/website\/san-pham\/den-led-pixel\/controller\/bo-dieu-khien-dmx-vl-cp21\/","og_site_name":"Vilight Co.ltd","article_publisher":"http:\/\/facebook.com\/vilight.vn","article_modified_time":"2024-09-23T09:56:28+00:00","og_image":[{"width":600,"height":600,"url":"https:\/\/vilight.vn\/website\/wp-content\/uploads\/2021\/06\/CP21.jpg","type":"image\/jpeg"}],"twitter_card":"summary_large_image","twitter_misc":{"Gi\u00e1":"","Kh\u1ea3 d\u1ee5ng":"Trong kho"},"schema":{"@context":"https:\/\/schema.org","@graph":[{"@type":"WebPage","@id":"https:\/\/vilight.vn\/website\/san-pham\/den-led-pixel\/controller\/bo-dieu-khien-dmx-vl-cp21\/","url":"https:\/\/vilight.vn\/website\/san-pham\/den-led-pixel\/controller\/bo-dieu-khien-dmx-vl-cp21\/","name":"B\u1ed9 \u0111i\u1ec1u khi\u1ec3n DMX VL-CP21 - Vilight Co.ltd","isPartOf":{"@id":"https:\/\/vilight.vn\/website\/#website"},"primaryImageOfPage":{"@id":"https:\/\/vilight.vn\/website\/san-pham\/den-led-pixel\/controller\/bo-dieu-khien-dmx-vl-cp21\/#primaryimage"},"image":{"@id":"https:\/\/vilight.vn\/website\/san-pham\/den-led-pixel\/controller\/bo-dieu-khien-dmx-vl-cp21\/#primaryimage"},"thumbnailUrl":"https:\/\/vilight.vn\/website\/wp-content\/uploads\/2021\/06\/CP21.jpg","datePublished":"2021-06-27T14:33:44+00:00","dateModified":"2024-09-23T09:56:28+00:00","description":"B\u1ed9 \u0111i\u1ec1u khi\u1ec3n DMX VL-CP21 l\u00e0 s\u1ea3n ph\u1ea9m kh\u00f4ng th\u1ec3 thi\u1ebfu trong ng\u00e0nh c\u00f4ng nghi\u1ec7p s\u1ef1 ki\u1ec7n v\u00e0 chi\u1ebfu s\u00e1ng, t\u1ea1o ra nh\u1eefng hi\u1ec7u \u1ee9ng chi\u1ebfu s\u00e1ng \u0111\u1ed9c \u0111\u00e1o v\u00e0 \u1ea5n t\u01b0\u1ee3ng.","breadcrumb":{"@id":"https:\/\/vilight.vn\/website\/san-pham\/den-led-pixel\/controller\/bo-dieu-khien-dmx-vl-cp21\/#breadcrumb"},"inLanguage":"vi","potentialAction":[{"@type":"ReadAction","target":["https:\/\/vilight.vn\/website\/san-pham\/den-led-pixel\/controller\/bo-dieu-khien-dmx-vl-cp21\/"]}]},{"@type":"ImageObject","inLanguage":"vi","@id":"https:\/\/vilight.vn\/website\/san-pham\/den-led-pixel\/controller\/bo-dieu-khien-dmx-vl-cp21\/#primaryimage","url":"https:\/\/vilight.vn\/website\/wp-content\/uploads\/2021\/06\/CP21.jpg","contentUrl":"https:\/\/vilight.vn\/website\/wp-content\/uploads\/2021\/06\/CP21.jpg","width":600,"height":600,"caption":"B\u1ed9 \u0111i\u1ec1u khi\u1ec3n DMX VL-CP21"},{"@type":"BreadcrumbList","@id":"https:\/\/vilight.vn\/website\/san-pham\/den-led-pixel\/controller\/bo-dieu-khien-dmx-vl-cp21\/#breadcrumb","itemListElement":[{"@type":"ListItem","position":1,"name":"Home","item":"https:\/\/vilight.vn\/website\/"},{"@type":"ListItem","position":2,"name":"store","item":"https:\/\/vilight.vn\/website\/store\/"},{"@type":"ListItem","position":3,"name":"B\u1ed9 \u0111i\u1ec1u khi\u1ec3n DMX VL-CP21"}]},{"@type":"WebSite","@id":"https:\/\/vilight.vn\/website\/#website","url":"https:\/\/vilight.vn\/website\/","name":"Vilight Co.ltd","description":"Chi\u1ebfu s\u00e1ng m\u1ef9 thu\u1eadt, chi\u1ebfu s\u00e1ng th\u00f4ng minh, LED Pixel 3D, chi\u1ebfu s\u00e1ng trang tr\u00ed \u0111\u00f4 th\u1ecb, chi\u1ebfu s\u00e1ng v\u00f2ng xoay, chi\u1ebfu s\u00e1ng \u0111\u1ea3o giao th\u00f4ng, c\u1ed5ng ch\u00e0o \u0111\u00f4 th\u1ecb","publisher":{"@id":"https:\/\/vilight.vn\/website\/#organization"},"potentialAction":[{"@type":"SearchAction","target":{"@type":"EntryPoint","urlTemplate":"https:\/\/vilight.vn\/website\/?s={search_term_string}"},"query-input":{"@type":"PropertyValueSpecification","valueRequired":true,"valueName":"search_term_string"}}],"inLanguage":"vi"},{"@type":"Organization","@id":"https:\/\/vilight.vn\/website\/#organization","name":"Vilight","url":"https:\/\/vilight.vn\/website\/","logo":{"@type":"ImageObject","inLanguage":"vi","@id":"https:\/\/vilight.vn\/website\/#\/schema\/logo\/image\/","url":"https:\/\/vilight.vn\/website\/wp-content\/uploads\/2022\/05\/chieu_sang_trang_tri_do_thi_bang_den_led_pixel.png","contentUrl":"https:\/\/vilight.vn\/website\/wp-content\/uploads\/2022\/05\/chieu_sang_trang_tri_do_thi_bang_den_led_pixel.png","width":800,"height":427,"caption":"Vilight"},"image":{"@id":"https:\/\/vilight.vn\/website\/#\/schema\/logo\/image\/"},"sameAs":["http:\/\/facebook.com\/vilight.vn","https:\/\/www.linkedin.com\/company\/vilight-vn","https:\/\/www.youtube.com\/channel\/UCEwR2naeDcuarMX1kSv_rLQ\/videos"]}]},"product_brand":"Controller","product_price_currency":"VND","og_availability":"instock","product_availability":"instock","product_condition":"new"},"_links":{"self":[{"href":"https:\/\/vilight.vn\/website\/wp-json\/wp\/v2\/product\/1445","targetHints":{"allow":["GET"]}}],"collection":[{"href":"https:\/\/vilight.vn\/website\/wp-json\/wp\/v2\/product"}],"about":[{"href":"https:\/\/vilight.vn\/website\/wp-json\/wp\/v2\/types\/product"}],"wp:featuredmedia":[{"embeddable":true,"href":"https:\/\/vilight.vn\/website\/wp-json\/wp\/v2\/media\/1446"}],"wp:attachment":[{"href":"https:\/\/vilight.vn\/website\/wp-json\/wp\/v2\/media?parent=1445"}],"wp:term":[{"taxonomy":"product_brand","embeddable":true,"href":"https:\/\/vilight.vn\/website\/wp-json\/wp\/v2\/product_brand?post=1445"},{"taxonomy":"product_cat","embeddable":true,"href":"https:\/\/vilight.vn\/website\/wp-json\/wp\/v2\/product_cat?post=1445"},{"taxonomy":"product_tag","embeddable":true,"href":"https:\/\/vilight.vn\/website\/wp-json\/wp\/v2\/product_tag?post=1445"}],"curies":[{"name":"wp","href":"https:\/\/api.w.org\/{rel}","templated":true}]}}