{"id":1447,"date":"2021-06-28T09:28:34","date_gmt":"2021-06-28T02:28:34","guid":{"rendered":"https:\/\/vilight.vn\/website\/?post_type=product&#038;p=1447"},"modified":"2024-10-04T11:10:10","modified_gmt":"2024-10-04T04:10:10","slug":"den-bollard-vl-bl01","status":"publish","type":"product","link":"https:\/\/vilight.vn\/website\/san-pham\/den-chieu-sang-facade\/den-bollard\/den-bollard-vl-bl01\/","title":{"rendered":"\u0110\u00e8n Bollard VL-BL01"},"content":{"rendered":"<h2 style=\"text-align: justify;\"><span style=\"font-size: 18pt;\">\u0110\u00e8n Bollard VL-BL01 &#8211; K\u1ebft h\u1ee3p hi\u1ec7u su\u1ea5t v\u00e0 th\u1ea9m m\u1ef9<\/span><\/h2>\n<p style=\"text-align: justify;\"><span style=\"font-size: 14pt;\">\u0110\u00e8n Bollard VL-BL01 l\u00e0 m\u1ed9t gi\u1ea3i ph\u00e1p chi\u1ebfu s\u00e1ng ngo\u1ea1i th\u1ea5t tuy\u1ec7t v\u1eddi, mang \u0111\u1ebfn s\u1ef1 k\u1ebft h\u1ee3p ho\u00e0n h\u1ea3o gi\u1eefa hi\u1ec7u su\u1ea5t cao v\u00e0 thi\u1ebft k\u1ebf th\u1ea9m m\u1ef9. V\u1edbi nh\u1eefng th\u00f4ng s\u1ed1 k\u1ef9 thu\u1eadt \u0111\u00e1ng ch\u00fa \u00fd, \u0111\u00e8n Bollard VL-BL01 \u0111\u00e1p \u1ee9ng m\u1ecdi y\u00eau c\u1ea7u chi\u1ebfu s\u00e1ng v\u00e0 \u0111\u1ed3ng th\u1eddi t\u1ea1o \u0111i\u1ec3m nh\u1ea5n h\u1ea5p d\u1eabn cho kh\u00f4ng gian xung quanh.<\/span><\/p>\n<h3 style=\"text-align: justify;\"><span style=\"font-size: 14pt;\">S\u1ef1 s\u00e1ng t\u1ea1o trong c\u00f4ng ngh\u1ec7 chi\u1ebfu s\u00e1ng:<\/span><\/h3>\n<p style=\"text-align: justify;\"><span style=\"font-size: 14pt;\">\u0110\u01b0\u1ee3c trang b\u1ecb chip LED h\u00e0ng \u0111\u1ea7u t\u1eeb Bridgelux v\u00e0 CREE, \u0111\u00e8n VL-BL01 mang l\u1ea1i \u00e1nh s\u00e1ng s\u1eafc n\u00e9t, m\u1ea1nh m\u1ebd v\u00e0 \u0111\u1ed3ng th\u1eddi ti\u1ebft ki\u1ec7m n\u0103ng l\u01b0\u1ee3ng. Nh\u1edd c\u00f4ng su\u1ea5t linh ho\u1ea1t, b\u1ea1n c\u00f3 th\u1ec3 l\u1ef1a ch\u1ecdn gi\u1eefa phi\u00ean b\u1ea3n 6W ho\u1eb7c 9W, tu\u1ef3 thu\u1ed9c v\u00e0o y\u00eau c\u1ea7u chi\u1ebfu s\u00e1ng c\u1ee5 th\u1ec3 c\u1ee7a b\u1ea1n.<\/span><\/p>\n<h3 style=\"text-align: justify;\"><span style=\"font-size: 14pt;\">\u00c1nh s\u00e1ng ch\u1ea5t l\u01b0\u1ee3ng v\u00e0 linh ho\u1ea1t:<\/span><\/h3>\n<p style=\"text-align: justify;\"><span style=\"font-size: 14pt;\">V\u1edbi quang th\u00f4ng l\u00ean t\u1edbi 600 Lm ho\u1eb7c 900 Lm, \u0111\u00e8n Bollard VL-BL01 \u0111\u1ea3m b\u1ea3o \u00e1nh s\u00e1ng s\u00e1ng r\u00f5 v\u00e0 \u0111\u1ee7 \u0111\u1ec3 chi\u1ebfu s\u00e1ng kh\u00f4ng gian xung quanh. Nhi\u1ec7t \u0111\u1ed9 m\u00e0u c\u00f3 s\u1eb5n trong c\u00e1c t\u00f9y ch\u1ecdn 3000K, 4000K v\u00e0 6000K, cho ph\u00e9p b\u1ea1n t\u1ea1o ra kh\u00f4ng gian \u00e1nh s\u00e1ng t\u00f9y ch\u1ec9nh v\u00e0 ph\u00f9 h\u1ee3p v\u1edbi m\u1ee5c \u0111\u00edch s\u1eed d\u1ee5ng c\u1ee5 th\u1ec3.<\/span><\/p>\n<p style=\"text-align: justify;\"><span style=\"font-size: 14pt;\">Ch\u1ea5t li\u1ec7u ch\u1eafc ch\u1eafn v\u00e0 b\u1ec1n b\u1ec9:<\/span><\/p>\n<p style=\"text-align: justify;\"><span style=\"font-size: 14pt;\">Th\u00e2n \u0111\u00e8n \u0111\u01b0\u1ee3c l\u00e0m t\u1eeb nh\u00f4m \u0111\u00fac cao c\u1ea5p, \u0111\u1ea3m b\u1ea3o \u0111\u1ed9 b\u1ec1n v\u00e0 tu\u1ed5i th\u1ecd l\u00e2u d\u00e0i. V\u1edbi tu\u1ed5i th\u1ecd 50.000 gi\u1edd, \u0111\u00e8n VL-BL01 l\u00e0 m\u1ed9t l\u1ef1a ch\u1ecdn l\u00fd t\u01b0\u1edfng cho vi\u1ec7c chi\u1ebfu s\u00e1ng ngo\u1ea1i th\u1ea5t \u0111\u00e1ng tin c\u1eady v\u00e0 hi\u1ec7u qu\u1ea3.<\/span><\/p>\n<h3 style=\"text-align: justify;\"><span style=\"font-size: 14pt;\">\u0110\u1ed9 b\u1ea3o v\u1ec7 cao v\u00e0 kh\u1ea3 n\u0103ng ch\u1ecbu th\u1eddi ti\u1ebft:<\/span><\/h3>\n<p style=\"text-align: justify;\"><span style=\"font-size: 14pt;\">\u0110\u00e8n Bollard VL-BL01 c\u00f3 \u0111\u1ed9 k\u00edn IP65, gi\u00fap ch\u1ed1ng n\u01b0\u1edbc v\u00e0 b\u1ee5i b\u1ea9n, t\u1eeb \u0111\u00f3 \u0111\u1ea3m b\u1ea3o ho\u1ea1t \u0111\u1ed9ng \u1ed5n \u0111\u1ecbnh trong m\u1ecdi \u0111i\u1ec1u ki\u1ec7n th\u1eddi ti\u1ebft kh\u1eafc nghi\u1ec7t. V\u1edbi nhi\u1ec7t \u0111\u1ed9 ho\u1ea1t \u0111\u1ed9ng r\u1ed9ng t\u1eeb -25 \u0111\u1ed9 C \u0111\u1ebfn 50 \u0111\u1ed9 C, \u0111\u00e8n n\u00e0y c\u00f3 kh\u1ea3 n\u0103ng ho\u1ea1t \u0111\u1ed9ng \u1ed5n \u0111\u1ecbnh v\u00e0 \u0111\u00e1ng tin c\u1eady trong m\u00f4i tr\u01b0\u1eddng kh\u1eafc nghi\u1ec7t.<\/span><\/p>\n<h3 style=\"text-align: justify;\"><span style=\"font-size: 14pt;\">D\u1ec5 d\u00e0ng l\u1eafp \u0111\u1eb7t v\u00e0 s\u1eed d\u1ee5ng:<\/span><\/h3>\n<p style=\"text-align: justify;\"><span style=\"font-size: 14pt;\">V\u1edbi \u0111i\u1ec7n \u00e1p ho\u1ea1t \u0111\u1ed9ng AC100-260V v\u00e0 t\u1ea7n s\u1ed1 50Hz, \u0111\u00e8n Bollard VL-BL01 t\u01b0\u01a1ng th\u00edch v\u1edbi h\u1ea7u h\u1ebft c\u00e1c ngu\u1ed3n \u0111i\u1ec7n v\u00e0 h\u1ec7 th\u1ed1ng \u0111i\u1ec7n t\u1ea1i c\u00e1c \u0111\u1ecba \u0111i\u1ec3m kh\u00e1c nhau. Vi\u1ec7c l\u1eafp \u0111\u1eb7t v\u00e0 s\u1eed d\u1ee5ng \u0111\u00e8n c\u0169ng r\u1ea5t d\u1ec5 d\u00e0ng v\u00e0 thu\u1eadn ti\u1ec7n.<\/span><\/p>\n<p style=\"text-align: justify;\"><span style=\"font-size: 14pt;\">T\u00f3m l\u1ea1i, \u0111\u00e8n VL-BL01 l\u00e0 m\u1ed9t l\u1ef1a ch\u1ecdn xu\u1ea5t s\u1eafc cho vi\u1ec7c chi\u1ebfu s\u00e1ng ngo\u1ea1i th\u1ea5t. V\u1edbi hi\u1ec7u su\u1ea5t tuy\u1ec7t v\u1eddi, thi\u1ebft k\u1ebf th\u1ea9m m\u1ef9 v\u00e0 t\u00ednh n\u0103ng linh ho\u1ea1t, n\u00f3 s\u1ebd t\u1ea1o n\u00ean kh\u00f4ng gian \u00e1nh s\u00e1ng h\u1ea5p d\u1eabn v\u00e0 ti\u1ec7n d\u1ee5ng cho m\u1ecdi kh\u00f4ng gian.<\/span><\/p>\n<p style=\"text-align: justify;\"><span style=\"font-size: 14pt;\"><a href=\"https:\/\/vilight.vn\/website\/wp-content\/uploads\/2021\/06\/BL01.jpg\"><img decoding=\"async\" class=\"wp-image-1448 aligncenter lazyload\" data-src=\"https:\/\/vilight.vn\/website\/wp-content\/uploads\/2021\/06\/BL01.jpg\" alt=\"\u0110\u00e8n Bollard VL-BL01\" width=\"1500\" height=\"960\" data-srcset=\"https:\/\/vilight.vn\/website\/wp-content\/uploads\/2021\/06\/BL01.jpg 1200w, https:\/\/vilight.vn\/website\/wp-content\/uploads\/2021\/06\/BL01-800x512.jpg 800w, https:\/\/vilight.vn\/website\/wp-content\/uploads\/2021\/06\/BL01-300x192.jpg 300w, https:\/\/vilight.vn\/website\/wp-content\/uploads\/2021\/06\/BL01-1024x655.jpg 1024w, https:\/\/vilight.vn\/website\/wp-content\/uploads\/2021\/06\/BL01-768x492.jpg 768w, https:\/\/vilight.vn\/website\/wp-content\/uploads\/2021\/06\/BL01-16x10.jpg 16w, https:\/\/vilight.vn\/website\/wp-content\/uploads\/2021\/06\/BL01-228x146.jpg 228w, https:\/\/vilight.vn\/website\/wp-content\/uploads\/2021\/06\/BL01-50x32.jpg 50w, https:\/\/vilight.vn\/website\/wp-content\/uploads\/2021\/06\/BL01-117x75.jpg 117w, https:\/\/vilight.vn\/website\/wp-content\/uploads\/2021\/06\/BL01-600x384.jpg 600w\" data-sizes=\"(max-width:767px) 480px, (max-width:1500px) 100vw, 1500px\" src=\"data:image\/svg+xml;base64,PHN2ZyB3aWR0aD0iMSIgaGVpZ2h0PSIxIiB4bWxucz0iaHR0cDovL3d3dy53My5vcmcvMjAwMC9zdmciPjwvc3ZnPg==\" style=\"--smush-placeholder-width: 1500px; --smush-placeholder-aspect-ratio: 1500\/960;\" \/><\/a><\/span><\/p>\n<p style=\"text-align: justify;\"><span style=\"color: #ffffff; font-size: 14pt;\">\u0110\u00e8n Bollard BL01. \u0110\u00e8n s\u00e2n v\u01b0\u1eddn BL01. \u0110\u00e8n s\u00e2n v\u01b0\u1eddn nh\u1eadp kh\u1ea9u BL01.<\/span><\/p>\n","protected":false},"excerpt":{"rendered":"<p style=\"text-align: justify;\"><span style=\"font-size: 14pt;\">\u0110\u00e8n Bollard VL-BL01 &#8211; Hi\u1ec7u su\u1ea5t cao, thi\u1ebft k\u1ebf th\u1ea9m m\u1ef9, v\u00e0 ti\u1ebft ki\u1ec7m n\u0103ng l\u01b0\u1ee3ng. L\u1eafp \u0111\u1eb7t d\u1ec5 d\u00e0ng, ch\u1ed1ng n\u01b0\u1edbc, v\u00e0 tu\u1ed5i th\u1ecd l\u00ean \u0111\u1ebfn 50.000 gi\u1edd. S\u1ef1 l\u1ef1a ch\u1ecdn ho\u00e0n h\u1ea3o cho chi\u1ebfu s\u00e1ng ngo\u1ea1i th\u1ea5t \u0111a n\u0103ng.<\/span><\/p>\n","protected":false},"featured_media":1449,"template":"","meta":[],"product_brand":[],"product_cat":[69,73],"product_tag":[],"class_list":{"0":"post-1447","1":"product","2":"type-product","3":"status-publish","4":"has-post-thumbnail","6":"product_cat-den-bollard","7":"product_cat-den-chieu-sang-facade","8":"pa_chip-led-bridgelux","9":"pa_chip-led-cree","10":"pa_cong-suat-6w","11":"pa_cong-suat-9w","12":"pa_dien-ap-hoat-dong-ac-100-260v","13":"pa_do-kin-ip65","14":"pa_nhiet-do-mau-3000k","15":"pa_nhiet-do-mau-4000k","16":"pa_nhiet-do-mau-6000k","17":"pa_quang-thong-600-lm","18":"pa_quang-thong-900-lm","20":"first","21":"instock","22":"taxable","23":"shipping-taxable","24":"product-type-simple"},"yoast_head":"<!-- This site is optimized with the Yoast SEO Premium plugin v27.5 (Yoast SEO v27.5) - https:\/\/yoast.com\/product\/yoast-seo-premium-wordpress\/ -->\n<title>\u0110\u00e8n Bollard VL-BL01 - Vilight Co.ltd<\/title>\n<meta name=\"description\" content=\"\u0110\u00e8n Bollard VL-BL01 l\u00e0 m\u1eabu \u0111\u00e8n s\u00e2n v\u01b0\u1eddn cao c\u1ea5p, hi\u1ec7n \u0111\u1ea1i c\u00f3 kh\u1ea3 n\u0103ng ch\u1ed1ng ch\u1ecbu v\u1edbi thi\u00ean nhi\u00ean \u0111\u1ea3m b\u1ea3o b\u1ec1n v\u1eefng trong th\u1eddi gian d\u00e0i\" \/>\n<meta name=\"robots\" content=\"index, follow, max-snippet:-1, max-image-preview:large, max-video-preview:-1\" \/>\n<link rel=\"canonical\" href=\"https:\/\/vilight.vn\/website\/san-pham\/den-chieu-sang-facade\/den-bollard\/den-bollard-vl-bl01\/\" \/>\n<meta property=\"og:locale\" content=\"vi_VN\" \/>\n<meta property=\"og:type\" content=\"article\" \/>\n<meta property=\"og:title\" content=\"\u0110\u00e8n Bollard VL-BL01\" \/>\n<meta property=\"og:description\" content=\"\u0110\u00e8n Bollard VL-BL01 - Hi\u1ec7u su\u1ea5t cao, thi\u1ebft k\u1ebf th\u1ea9m m\u1ef9, v\u00e0 ti\u1ebft ki\u1ec7m n\u0103ng l\u01b0\u1ee3ng. L\u1eafp \u0111\u1eb7t d\u1ec5 d\u00e0ng, ch\u1ed1ng n\u01b0\u1edbc, v\u00e0 tu\u1ed5i th\u1ecd l\u00ean \u0111\u1ebfn 50.000 gi\u1edd. S\u1ef1 l\u1ef1a ch\u1ecdn ho\u00e0n h\u1ea3o cho chi\u1ebfu s\u00e1ng ngo\u1ea1i th\u1ea5t \u0111a n\u0103ng.\" \/>\n<meta property=\"og:url\" content=\"https:\/\/vilight.vn\/website\/san-pham\/den-chieu-sang-facade\/den-bollard\/den-bollard-vl-bl01\/\" \/>\n<meta property=\"og:site_name\" content=\"Vilight Co.ltd\" \/>\n<meta property=\"article:publisher\" content=\"http:\/\/facebook.com\/vilight.vn\" \/>\n<meta property=\"article:modified_time\" content=\"2024-10-04T04:10:10+00:00\" \/>\n<meta property=\"og:image\" content=\"https:\/\/vilight.vn\/website\/wp-content\/uploads\/2021\/06\/BL01-Logo.jpg\" \/>\n\t<meta property=\"og:image:width\" content=\"600\" \/>\n\t<meta property=\"og:image:height\" content=\"600\" \/>\n\t<meta property=\"og:image:type\" content=\"image\/jpeg\" \/>\n<meta name=\"twitter:card\" content=\"summary_large_image\" \/>\n<meta name=\"twitter:label1\" content=\"Gi\u00e1\" \/>\n\t<meta name=\"twitter:data1\" content=\"\" \/>\n\t<meta name=\"twitter:label2\" content=\"Kh\u1ea3 d\u1ee5ng\" \/>\n\t<meta name=\"twitter:data2\" content=\"Trong kho\" \/>\n<script type=\"application\/ld+json\" class=\"yoast-schema-graph\">{\"@context\":\"https:\\\/\\\/schema.org\",\"@graph\":[{\"@type\":\"WebPage\",\"@id\":\"https:\\\/\\\/vilight.vn\\\/website\\\/san-pham\\\/den-chieu-sang-facade\\\/den-bollard\\\/den-bollard-vl-bl01\\\/\",\"url\":\"https:\\\/\\\/vilight.vn\\\/website\\\/san-pham\\\/den-chieu-sang-facade\\\/den-bollard\\\/den-bollard-vl-bl01\\\/\",\"name\":\"\u0110\u00e8n Bollard VL-BL01 - Vilight Co.ltd\",\"isPartOf\":{\"@id\":\"https:\\\/\\\/vilight.vn\\\/website\\\/#website\"},\"primaryImageOfPage\":{\"@id\":\"https:\\\/\\\/vilight.vn\\\/website\\\/san-pham\\\/den-chieu-sang-facade\\\/den-bollard\\\/den-bollard-vl-bl01\\\/#primaryimage\"},\"image\":{\"@id\":\"https:\\\/\\\/vilight.vn\\\/website\\\/san-pham\\\/den-chieu-sang-facade\\\/den-bollard\\\/den-bollard-vl-bl01\\\/#primaryimage\"},\"thumbnailUrl\":\"https:\\\/\\\/vilight.vn\\\/website\\\/wp-content\\\/uploads\\\/2021\\\/06\\\/BL01-Logo.jpg\",\"datePublished\":\"2021-06-28T02:28:34+00:00\",\"dateModified\":\"2024-10-04T04:10:10+00:00\",\"description\":\"\u0110\u00e8n Bollard VL-BL01 l\u00e0 m\u1eabu \u0111\u00e8n s\u00e2n v\u01b0\u1eddn cao c\u1ea5p, hi\u1ec7n \u0111\u1ea1i c\u00f3 kh\u1ea3 n\u0103ng ch\u1ed1ng ch\u1ecbu v\u1edbi thi\u00ean nhi\u00ean \u0111\u1ea3m b\u1ea3o b\u1ec1n v\u1eefng trong th\u1eddi gian d\u00e0i\",\"breadcrumb\":{\"@id\":\"https:\\\/\\\/vilight.vn\\\/website\\\/san-pham\\\/den-chieu-sang-facade\\\/den-bollard\\\/den-bollard-vl-bl01\\\/#breadcrumb\"},\"inLanguage\":\"vi\",\"potentialAction\":[{\"@type\":\"ReadAction\",\"target\":[\"https:\\\/\\\/vilight.vn\\\/website\\\/san-pham\\\/den-chieu-sang-facade\\\/den-bollard\\\/den-bollard-vl-bl01\\\/\"]}]},{\"@type\":\"ImageObject\",\"inLanguage\":\"vi\",\"@id\":\"https:\\\/\\\/vilight.vn\\\/website\\\/san-pham\\\/den-chieu-sang-facade\\\/den-bollard\\\/den-bollard-vl-bl01\\\/#primaryimage\",\"url\":\"https:\\\/\\\/vilight.vn\\\/website\\\/wp-content\\\/uploads\\\/2021\\\/06\\\/BL01-Logo.jpg\",\"contentUrl\":\"https:\\\/\\\/vilight.vn\\\/website\\\/wp-content\\\/uploads\\\/2021\\\/06\\\/BL01-Logo.jpg\",\"width\":600,\"height\":600,\"caption\":\"\u0110\u00e8n Bollard VL-BL01\"},{\"@type\":\"BreadcrumbList\",\"@id\":\"https:\\\/\\\/vilight.vn\\\/website\\\/san-pham\\\/den-chieu-sang-facade\\\/den-bollard\\\/den-bollard-vl-bl01\\\/#breadcrumb\",\"itemListElement\":[{\"@type\":\"ListItem\",\"position\":1,\"name\":\"Home\",\"item\":\"https:\\\/\\\/vilight.vn\\\/website\\\/\"},{\"@type\":\"ListItem\",\"position\":2,\"name\":\"store\",\"item\":\"https:\\\/\\\/vilight.vn\\\/website\\\/store\\\/\"},{\"@type\":\"ListItem\",\"position\":3,\"name\":\"\u0110\u00e8n Bollard VL-BL01\"}]},{\"@type\":\"WebSite\",\"@id\":\"https:\\\/\\\/vilight.vn\\\/website\\\/#website\",\"url\":\"https:\\\/\\\/vilight.vn\\\/website\\\/\",\"name\":\"Vilight Co.ltd\",\"description\":\"Chi\u1ebfu s\u00e1ng m\u1ef9 thu\u1eadt, chi\u1ebfu s\u00e1ng th\u00f4ng minh, LED Pixel 3D, chi\u1ebfu s\u00e1ng trang tr\u00ed \u0111\u00f4 th\u1ecb, chi\u1ebfu s\u00e1ng v\u00f2ng xoay, chi\u1ebfu s\u00e1ng \u0111\u1ea3o giao th\u00f4ng, c\u1ed5ng ch\u00e0o \u0111\u00f4 th\u1ecb\",\"publisher\":{\"@id\":\"https:\\\/\\\/vilight.vn\\\/website\\\/#organization\"},\"potentialAction\":[{\"@type\":\"SearchAction\",\"target\":{\"@type\":\"EntryPoint\",\"urlTemplate\":\"https:\\\/\\\/vilight.vn\\\/website\\\/?s={search_term_string}\"},\"query-input\":{\"@type\":\"PropertyValueSpecification\",\"valueRequired\":true,\"valueName\":\"search_term_string\"}}],\"inLanguage\":\"vi\"},{\"@type\":\"Organization\",\"@id\":\"https:\\\/\\\/vilight.vn\\\/website\\\/#organization\",\"name\":\"Vilight\",\"url\":\"https:\\\/\\\/vilight.vn\\\/website\\\/\",\"logo\":{\"@type\":\"ImageObject\",\"inLanguage\":\"vi\",\"@id\":\"https:\\\/\\\/vilight.vn\\\/website\\\/#\\\/schema\\\/logo\\\/image\\\/\",\"url\":\"https:\\\/\\\/vilight.vn\\\/website\\\/wp-content\\\/uploads\\\/2022\\\/05\\\/chieu_sang_trang_tri_do_thi_bang_den_led_pixel.png\",\"contentUrl\":\"https:\\\/\\\/vilight.vn\\\/website\\\/wp-content\\\/uploads\\\/2022\\\/05\\\/chieu_sang_trang_tri_do_thi_bang_den_led_pixel.png\",\"width\":800,\"height\":427,\"caption\":\"Vilight\"},\"image\":{\"@id\":\"https:\\\/\\\/vilight.vn\\\/website\\\/#\\\/schema\\\/logo\\\/image\\\/\"},\"sameAs\":[\"http:\\\/\\\/facebook.com\\\/vilight.vn\",\"https:\\\/\\\/www.linkedin.com\\\/company\\\/vilight-vn\",\"https:\\\/\\\/www.youtube.com\\\/channel\\\/UCEwR2naeDcuarMX1kSv_rLQ\\\/videos\"]}]}<\/script>\n<meta property=\"product:brand\" content=\"\u0110\u00e8n Bollard\" \/>\n<meta property=\"product:price:currency\" content=\"VND\" \/>\n<meta property=\"og:availability\" content=\"instock\" \/>\n<meta property=\"product:availability\" content=\"instock\" \/>\n<meta property=\"product:condition\" content=\"new\" \/>\n<!-- \/ Yoast SEO Premium plugin. -->","yoast_head_json":{"title":"\u0110\u00e8n Bollard VL-BL01 - Vilight Co.ltd","description":"\u0110\u00e8n Bollard VL-BL01 l\u00e0 m\u1eabu \u0111\u00e8n s\u00e2n v\u01b0\u1eddn cao c\u1ea5p, hi\u1ec7n \u0111\u1ea1i c\u00f3 kh\u1ea3 n\u0103ng ch\u1ed1ng ch\u1ecbu v\u1edbi thi\u00ean nhi\u00ean \u0111\u1ea3m b\u1ea3o b\u1ec1n v\u1eefng trong th\u1eddi gian d\u00e0i","robots":{"index":"index","follow":"follow","max-snippet":"max-snippet:-1","max-image-preview":"max-image-preview:large","max-video-preview":"max-video-preview:-1"},"canonical":"https:\/\/vilight.vn\/website\/san-pham\/den-chieu-sang-facade\/den-bollard\/den-bollard-vl-bl01\/","og_locale":"vi_VN","og_type":"article","og_title":"\u0110\u00e8n Bollard VL-BL01","og_description":"\u0110\u00e8n Bollard VL-BL01 - Hi\u1ec7u su\u1ea5t cao, thi\u1ebft k\u1ebf th\u1ea9m m\u1ef9, v\u00e0 ti\u1ebft ki\u1ec7m n\u0103ng l\u01b0\u1ee3ng. L\u1eafp \u0111\u1eb7t d\u1ec5 d\u00e0ng, ch\u1ed1ng n\u01b0\u1edbc, v\u00e0 tu\u1ed5i th\u1ecd l\u00ean \u0111\u1ebfn 50.000 gi\u1edd. S\u1ef1 l\u1ef1a ch\u1ecdn ho\u00e0n h\u1ea3o cho chi\u1ebfu s\u00e1ng ngo\u1ea1i th\u1ea5t \u0111a n\u0103ng.","og_url":"https:\/\/vilight.vn\/website\/san-pham\/den-chieu-sang-facade\/den-bollard\/den-bollard-vl-bl01\/","og_site_name":"Vilight Co.ltd","article_publisher":"http:\/\/facebook.com\/vilight.vn","article_modified_time":"2024-10-04T04:10:10+00:00","og_image":[{"width":600,"height":600,"url":"https:\/\/vilight.vn\/website\/wp-content\/uploads\/2021\/06\/BL01-Logo.jpg","type":"image\/jpeg"}],"twitter_card":"summary_large_image","twitter_misc":{"Gi\u00e1":"","Kh\u1ea3 d\u1ee5ng":"Trong kho"},"schema":{"@context":"https:\/\/schema.org","@graph":[{"@type":"WebPage","@id":"https:\/\/vilight.vn\/website\/san-pham\/den-chieu-sang-facade\/den-bollard\/den-bollard-vl-bl01\/","url":"https:\/\/vilight.vn\/website\/san-pham\/den-chieu-sang-facade\/den-bollard\/den-bollard-vl-bl01\/","name":"\u0110\u00e8n Bollard VL-BL01 - Vilight Co.ltd","isPartOf":{"@id":"https:\/\/vilight.vn\/website\/#website"},"primaryImageOfPage":{"@id":"https:\/\/vilight.vn\/website\/san-pham\/den-chieu-sang-facade\/den-bollard\/den-bollard-vl-bl01\/#primaryimage"},"image":{"@id":"https:\/\/vilight.vn\/website\/san-pham\/den-chieu-sang-facade\/den-bollard\/den-bollard-vl-bl01\/#primaryimage"},"thumbnailUrl":"https:\/\/vilight.vn\/website\/wp-content\/uploads\/2021\/06\/BL01-Logo.jpg","datePublished":"2021-06-28T02:28:34+00:00","dateModified":"2024-10-04T04:10:10+00:00","description":"\u0110\u00e8n Bollard VL-BL01 l\u00e0 m\u1eabu \u0111\u00e8n s\u00e2n v\u01b0\u1eddn cao c\u1ea5p, hi\u1ec7n \u0111\u1ea1i c\u00f3 kh\u1ea3 n\u0103ng ch\u1ed1ng ch\u1ecbu v\u1edbi thi\u00ean nhi\u00ean \u0111\u1ea3m b\u1ea3o b\u1ec1n v\u1eefng trong th\u1eddi gian d\u00e0i","breadcrumb":{"@id":"https:\/\/vilight.vn\/website\/san-pham\/den-chieu-sang-facade\/den-bollard\/den-bollard-vl-bl01\/#breadcrumb"},"inLanguage":"vi","potentialAction":[{"@type":"ReadAction","target":["https:\/\/vilight.vn\/website\/san-pham\/den-chieu-sang-facade\/den-bollard\/den-bollard-vl-bl01\/"]}]},{"@type":"ImageObject","inLanguage":"vi","@id":"https:\/\/vilight.vn\/website\/san-pham\/den-chieu-sang-facade\/den-bollard\/den-bollard-vl-bl01\/#primaryimage","url":"https:\/\/vilight.vn\/website\/wp-content\/uploads\/2021\/06\/BL01-Logo.jpg","contentUrl":"https:\/\/vilight.vn\/website\/wp-content\/uploads\/2021\/06\/BL01-Logo.jpg","width":600,"height":600,"caption":"\u0110\u00e8n Bollard VL-BL01"},{"@type":"BreadcrumbList","@id":"https:\/\/vilight.vn\/website\/san-pham\/den-chieu-sang-facade\/den-bollard\/den-bollard-vl-bl01\/#breadcrumb","itemListElement":[{"@type":"ListItem","position":1,"name":"Home","item":"https:\/\/vilight.vn\/website\/"},{"@type":"ListItem","position":2,"name":"store","item":"https:\/\/vilight.vn\/website\/store\/"},{"@type":"ListItem","position":3,"name":"\u0110\u00e8n Bollard VL-BL01"}]},{"@type":"WebSite","@id":"https:\/\/vilight.vn\/website\/#website","url":"https:\/\/vilight.vn\/website\/","name":"Vilight Co.ltd","description":"Chi\u1ebfu s\u00e1ng m\u1ef9 thu\u1eadt, chi\u1ebfu s\u00e1ng th\u00f4ng minh, LED Pixel 3D, chi\u1ebfu s\u00e1ng trang tr\u00ed \u0111\u00f4 th\u1ecb, chi\u1ebfu s\u00e1ng v\u00f2ng xoay, chi\u1ebfu s\u00e1ng \u0111\u1ea3o giao th\u00f4ng, c\u1ed5ng ch\u00e0o \u0111\u00f4 th\u1ecb","publisher":{"@id":"https:\/\/vilight.vn\/website\/#organization"},"potentialAction":[{"@type":"SearchAction","target":{"@type":"EntryPoint","urlTemplate":"https:\/\/vilight.vn\/website\/?s={search_term_string}"},"query-input":{"@type":"PropertyValueSpecification","valueRequired":true,"valueName":"search_term_string"}}],"inLanguage":"vi"},{"@type":"Organization","@id":"https:\/\/vilight.vn\/website\/#organization","name":"Vilight","url":"https:\/\/vilight.vn\/website\/","logo":{"@type":"ImageObject","inLanguage":"vi","@id":"https:\/\/vilight.vn\/website\/#\/schema\/logo\/image\/","url":"https:\/\/vilight.vn\/website\/wp-content\/uploads\/2022\/05\/chieu_sang_trang_tri_do_thi_bang_den_led_pixel.png","contentUrl":"https:\/\/vilight.vn\/website\/wp-content\/uploads\/2022\/05\/chieu_sang_trang_tri_do_thi_bang_den_led_pixel.png","width":800,"height":427,"caption":"Vilight"},"image":{"@id":"https:\/\/vilight.vn\/website\/#\/schema\/logo\/image\/"},"sameAs":["http:\/\/facebook.com\/vilight.vn","https:\/\/www.linkedin.com\/company\/vilight-vn","https:\/\/www.youtube.com\/channel\/UCEwR2naeDcuarMX1kSv_rLQ\/videos"]}]},"product_brand":"\u0110\u00e8n Bollard","product_price_currency":"VND","og_availability":"instock","product_availability":"instock","product_condition":"new"},"_links":{"self":[{"href":"https:\/\/vilight.vn\/website\/wp-json\/wp\/v2\/product\/1447","targetHints":{"allow":["GET"]}}],"collection":[{"href":"https:\/\/vilight.vn\/website\/wp-json\/wp\/v2\/product"}],"about":[{"href":"https:\/\/vilight.vn\/website\/wp-json\/wp\/v2\/types\/product"}],"wp:featuredmedia":[{"embeddable":true,"href":"https:\/\/vilight.vn\/website\/wp-json\/wp\/v2\/media\/1449"}],"wp:attachment":[{"href":"https:\/\/vilight.vn\/website\/wp-json\/wp\/v2\/media?parent=1447"}],"wp:term":[{"taxonomy":"product_brand","embeddable":true,"href":"https:\/\/vilight.vn\/website\/wp-json\/wp\/v2\/product_brand?post=1447"},{"taxonomy":"product_cat","embeddable":true,"href":"https:\/\/vilight.vn\/website\/wp-json\/wp\/v2\/product_cat?post=1447"},{"taxonomy":"product_tag","embeddable":true,"href":"https:\/\/vilight.vn\/website\/wp-json\/wp\/v2\/product_tag?post=1447"}],"curies":[{"name":"wp","href":"https:\/\/api.w.org\/{rel}","templated":true}]}}