{"id":1459,"date":"2021-06-28T09:31:22","date_gmt":"2021-06-28T02:31:22","guid":{"rendered":"https:\/\/vilight.vn\/website\/?post_type=product&#038;p=1459"},"modified":"2024-10-04T11:20:22","modified_gmt":"2024-10-04T04:20:22","slug":"den-bollard-vl-bl06","status":"publish","type":"product","link":"https:\/\/vilight.vn\/website\/san-pham\/den-chieu-sang-facade\/den-bollard\/den-bollard-vl-bl06\/","title":{"rendered":"\u0110\u00e8n Bollard VL-BL06"},"content":{"rendered":"<h2><span style=\"font-size: 18pt;\">Gi\u1edbi thi\u1ec7u \u0110\u00e8n Bollard VL-BL06<\/span><\/h2>\n<p style=\"text-align: justify;\"><span style=\"font-size: 14pt;\">\u0110\u00e8n Bollard VL-BL06 l\u00e0 m\u1ed9t l\u1ef1a ch\u1ecdn l\u00fd t\u01b0\u1edfng cho vi\u1ec7c chi\u1ebfu s\u00e1ng ngo\u1ea1i th\u1ea5t, mang \u0111\u1ebfn s\u1ef1 k\u1ebft h\u1ee3p ho\u00e0n h\u1ea3o gi\u1eefa hi\u1ec7u su\u1ea5t cao v\u00e0 thi\u1ebft k\u1ebf tinh t\u1ebf. V\u1edbi c\u00e1c \u0111\u1eb7c \u0111i\u1ec3m v\u00e0 th\u00f4ng s\u1ed1 k\u1ef9 thu\u1eadt n\u1ed5i b\u1eadt, s\u1ea3n ph\u1ea9m n\u00e0y \u0111\u00e1ng ch\u00fa \u00fd cho nh\u1eefng ai \u0111ang t\u00ecm ki\u1ebfm m\u1ed9t gi\u1ea3i ph\u00e1p chi\u1ebfu s\u00e1ng \u0111\u1ed9c \u0111\u00e1o v\u00e0 ch\u1ea5t l\u01b0\u1ee3ng.<\/span><\/p>\n<p style=\"text-align: justify;\"><span style=\"font-size: 14pt;\">V\u1edbi chip LED c\u1ee7a Bridgelux v\u00e0 Epistar, \u0111\u00e8n Bollard VL-BL06 \u0111\u1ea3m b\u1ea3o \u00e1nh s\u00e1ng m\u1ea1nh m\u1ebd v\u00e0 m\u00e0u s\u1eafc ch\u00ednh x\u00e1c. Th\u00e2n \u0111\u00e8n \u0111\u01b0\u1ee3c l\u00e0m t\u1eeb nh\u00f4m \u0111\u00fac, mang \u0111\u1ebfn \u0111\u1ed9 b\u1ec1n cao v\u00e0 kh\u1ea3 n\u0103ng ch\u1ed1ng th\u1eddi ti\u1ebft t\u1ed1t, gi\u00fap s\u1ea3n ph\u1ea9m \u0111\u1ea3m b\u1ea3o tu\u1ed5i th\u1ecd l\u00e2u d\u00e0i.<\/span><\/p>\n<p style=\"text-align: justify;\"><span style=\"font-size: 14pt;\">K\u00edch th\u01b0\u1edbc c\u1ee7a \u0111\u00e8n l\u00e0 250*H900 mm, t\u1ea1o n\u00ean m\u1ed9t h\u00ecnh d\u00e1ng thon g\u1ecdn v\u00e0 trang nh\u00e3. V\u1edbi c\u00f4ng su\u1ea5t 10W, \u0111\u00e8n Bollard VL-BL06 ti\u1ebft ki\u1ec7m n\u0103ng l\u01b0\u1ee3ng v\u00e0 mang l\u1ea1i \u00e1nh s\u00e1ng \u0111\u1ed3ng \u0111\u1ec1u v\u00e0 m\u1ea1nh m\u1ebd.<\/span><\/p>\n<p style=\"text-align: justify;\"><span style=\"font-size: 14pt;\">\u0110\u00e8n ho\u1ea1t \u0111\u1ed9ng v\u1edbi \u0111i\u1ec7n \u00e1p AC100-260V v\u00e0 t\u1ea7n s\u1ed1 50Hz, ph\u00f9 h\u1ee3p v\u1edbi c\u00e1c h\u1ec7 th\u1ed1ng \u0111i\u1ec7n ph\u1ed5 bi\u1ebfn. Nhi\u1ec7t \u0111\u1ed9 m\u00e0u c\u00f3 th\u1ec3 l\u1ef1a ch\u1ecdn l\u00e0 3000K, 4000K ho\u1eb7c 6000K, cho ph\u00e9p b\u1ea1n t\u1ea1o ra kh\u00f4ng gian chi\u1ebfu s\u00e1ng theo s\u1edf th\u00edch v\u00e0 nhu c\u1ea7u c\u1ee7a m\u00ecnh.<\/span><\/p>\n<p style=\"text-align: justify;\"><span style=\"font-size: 14pt;\">V\u1edbi tu\u1ed5i th\u1ecd l\u00ean \u0111\u1ebfn 50.000 gi\u1edd, \u0111\u00e8n Bollard VL-BL06 ti\u1ebft ki\u1ec7m chi ph\u00ed b\u1ea3o tr\u00ec v\u00e0 thay th\u1ebf. Ngo\u00e0i ra, nhi\u1ec7t \u0111\u1ed9 ho\u1ea1t \u0111\u1ed9ng t\u1eeb -25 \u0111\u1ed9 C \u0111\u1ebfn 50 \u0111\u1ed9 C v\u00e0 \u0111\u1ed9 k\u00edn IP65 gi\u00fap \u0111\u00e8n ch\u1ecbu \u0111\u01b0\u1ee3c c\u00e1c \u0111i\u1ec1u ki\u1ec7n kh\u1eafc nghi\u1ec7t c\u1ee7a m\u00f4i tr\u01b0\u1eddng b\u00ean ngo\u00e0i.<\/span><\/p>\n<p style=\"text-align: justify;\"><span style=\"font-size: 14pt;\">V\u1edbi thi\u1ebft k\u1ebf sang tr\u1ecdng v\u00e0 t\u00ednh n\u0103ng b\u1ec1n b\u1ec9, \u0111\u00e8n Bollard VL-BL06 l\u00e0 s\u1ef1 l\u1ef1a ch\u1ecdn ho\u00e0n h\u1ea3o cho c\u00e1c khu v\u01b0\u1eddn, l\u1ed1i \u0111i, c\u00f4ng vi\u00ean ho\u1eb7c khu \u0111\u00f4 th\u1ecb. N\u00f3 kh\u00f4ng ch\u1ec9 t\u1ea1o ra \u00e1nh s\u00e1ng m\u00e0 c\u00f2n t\u0103ng th\u00eam v\u1ebb \u0111\u1eb9p v\u00e0 an ninh cho kh\u00f4ng gian b\u00ean ngo\u00e0i.<\/span><\/p>\n<p style=\"text-align: justify;\"><span style=\"font-size: 14pt;\"><a href=\"https:\/\/vilight.vn\/website\/wp-content\/uploads\/2021\/06\/BL06.jpg\"><img decoding=\"async\" class=\"aligncenter wp-image-1460 lazyload\" data-src=\"https:\/\/vilight.vn\/website\/wp-content\/uploads\/2021\/06\/BL06.jpg\" alt=\"\u0110\u00e8n Bollard VL-BL06\" width=\"1500\" height=\"960\" data-srcset=\"https:\/\/vilight.vn\/website\/wp-content\/uploads\/2021\/06\/BL06.jpg 1200w, https:\/\/vilight.vn\/website\/wp-content\/uploads\/2021\/06\/BL06-800x512.jpg 800w, https:\/\/vilight.vn\/website\/wp-content\/uploads\/2021\/06\/BL06-300x192.jpg 300w, https:\/\/vilight.vn\/website\/wp-content\/uploads\/2021\/06\/BL06-1024x655.jpg 1024w, https:\/\/vilight.vn\/website\/wp-content\/uploads\/2021\/06\/BL06-768x492.jpg 768w, https:\/\/vilight.vn\/website\/wp-content\/uploads\/2021\/06\/BL06-16x10.jpg 16w, https:\/\/vilight.vn\/website\/wp-content\/uploads\/2021\/06\/BL06-228x146.jpg 228w, https:\/\/vilight.vn\/website\/wp-content\/uploads\/2021\/06\/BL06-50x32.jpg 50w, https:\/\/vilight.vn\/website\/wp-content\/uploads\/2021\/06\/BL06-117x75.jpg 117w, https:\/\/vilight.vn\/website\/wp-content\/uploads\/2021\/06\/BL06-600x384.jpg 600w\" data-sizes=\"(max-width:767px) 480px, (max-width:1500px) 100vw, 1500px\" src=\"data:image\/svg+xml;base64,PHN2ZyB3aWR0aD0iMSIgaGVpZ2h0PSIxIiB4bWxucz0iaHR0cDovL3d3dy53My5vcmcvMjAwMC9zdmciPjwvc3ZnPg==\" style=\"--smush-placeholder-width: 1500px; --smush-placeholder-aspect-ratio: 1500\/960;\" \/><\/a><\/span><\/p>\n<p style=\"text-align: justify;\"><span style=\"font-size: 14pt;\">\u0110\u00e8n Bollard BL06. \u0110\u00e8n s\u00e2n v\u01b0\u1eddn BL06. \u0110\u00e8n s\u00e2n v\u01b0\u1eddn nh\u1eadp kh\u1ea9u BL06.<\/span><\/p>\n","protected":false},"excerpt":{"rendered":"<p style=\"text-align: justify;\"><span style=\"font-size: 14pt;\">\u0110\u00e8n Bollard VL-BL06 &#8211; s\u1ef1 k\u1ebft h\u1ee3p ho\u00e0n h\u1ea3o gi\u1eefa hi\u1ec7u su\u1ea5t cao v\u00e0 thi\u1ebft k\u1ebf tinh t\u1ebf. \u00c1nh s\u00e1ng m\u1ea1nh m\u1ebd, tu\u1ed5i th\u1ecd l\u00ean \u0111\u1ebfn 50.000 gi\u1edd, \u0111\u1ed9 k\u00edn IP65, l\u00e0 l\u1ef1a ch\u1ecdn ho\u00e0n h\u1ea3o cho kh\u00f4ng gian ngo\u1ea1i th\u1ea5t.<\/span><\/p>\n","protected":false},"featured_media":1461,"template":"","meta":[],"product_brand":[],"product_cat":[69,73],"product_tag":[],"class_list":{"0":"post-1459","1":"product","2":"type-product","3":"status-publish","4":"has-post-thumbnail","6":"product_cat-den-bollard","7":"product_cat-den-chieu-sang-facade","8":"pa_chip-led-bridgelux","9":"pa_chip-led-epistar","10":"pa_cong-suat-10w","11":"pa_dien-ap-hoat-dong-ac-100-260v","12":"pa_do-kin-ip65","13":"pa_kich-thuoc-250h900-mm","14":"pa_nhiet-do-mau-3000k","15":"pa_nhiet-do-mau-4000k","16":"pa_nhiet-do-mau-6000k","18":"first","19":"instock","20":"taxable","21":"shipping-taxable","22":"product-type-simple"},"yoast_head":"<!-- This site is optimized with the Yoast SEO Premium plugin v27.5 (Yoast SEO v27.5) - https:\/\/yoast.com\/product\/yoast-seo-premium-wordpress\/ -->\n<title>\u0110\u00e8n Bollard VL-BL06 - Vilight Co.ltd<\/title>\n<meta name=\"description\" content=\"\u0110\u00e8n Bollard VL-BL06 l\u00e0 m\u1eabu \u0111\u00e8n s\u00e2n v\u01b0\u1eddn cao c\u1ea5p, hi\u1ec7n \u0111\u1ea1i c\u00f3 kh\u1ea3 n\u0103ng ch\u1ed1ng ch\u1ecbu v\u1edbi thi\u00ean nhi\u00ean \u0111\u1ea3m b\u1ea3o b\u1ec1n v\u1eefng trong th\u1eddi gian d\u00e0i\" \/>\n<meta name=\"robots\" content=\"index, follow, max-snippet:-1, max-image-preview:large, max-video-preview:-1\" \/>\n<link rel=\"canonical\" href=\"https:\/\/vilight.vn\/website\/san-pham\/den-chieu-sang-facade\/den-bollard\/den-bollard-vl-bl06\/\" \/>\n<meta property=\"og:locale\" content=\"vi_VN\" \/>\n<meta property=\"og:type\" content=\"article\" \/>\n<meta property=\"og:title\" content=\"\u0110\u00e8n Bollard VL-BL06\" \/>\n<meta property=\"og:description\" content=\"\u0110\u00e8n Bollard VL-BL06 - s\u1ef1 k\u1ebft h\u1ee3p ho\u00e0n h\u1ea3o gi\u1eefa hi\u1ec7u su\u1ea5t cao v\u00e0 thi\u1ebft k\u1ebf tinh t\u1ebf. \u00c1nh s\u00e1ng m\u1ea1nh m\u1ebd, tu\u1ed5i th\u1ecd l\u00ean \u0111\u1ebfn 50.000 gi\u1edd, \u0111\u1ed9 k\u00edn IP65, l\u00e0 l\u1ef1a ch\u1ecdn ho\u00e0n h\u1ea3o cho kh\u00f4ng gian ngo\u1ea1i th\u1ea5t.\" \/>\n<meta property=\"og:url\" content=\"https:\/\/vilight.vn\/website\/san-pham\/den-chieu-sang-facade\/den-bollard\/den-bollard-vl-bl06\/\" \/>\n<meta property=\"og:site_name\" content=\"Vilight Co.ltd\" \/>\n<meta property=\"article:publisher\" content=\"http:\/\/facebook.com\/vilight.vn\" \/>\n<meta property=\"article:modified_time\" content=\"2024-10-04T04:20:22+00:00\" \/>\n<meta property=\"og:image\" content=\"https:\/\/vilight.vn\/website\/wp-content\/uploads\/2021\/06\/BL06-Logo.jpg\" \/>\n\t<meta property=\"og:image:width\" content=\"600\" \/>\n\t<meta property=\"og:image:height\" content=\"600\" \/>\n\t<meta property=\"og:image:type\" content=\"image\/jpeg\" \/>\n<meta name=\"twitter:card\" content=\"summary_large_image\" \/>\n<meta name=\"twitter:label1\" content=\"Gi\u00e1\" \/>\n\t<meta name=\"twitter:data1\" content=\"\" \/>\n\t<meta name=\"twitter:label2\" content=\"Kh\u1ea3 d\u1ee5ng\" \/>\n\t<meta name=\"twitter:data2\" content=\"Trong kho\" \/>\n<script type=\"application\/ld+json\" class=\"yoast-schema-graph\">{\"@context\":\"https:\\\/\\\/schema.org\",\"@graph\":[{\"@type\":\"WebPage\",\"@id\":\"https:\\\/\\\/vilight.vn\\\/website\\\/san-pham\\\/den-chieu-sang-facade\\\/den-bollard\\\/den-bollard-vl-bl06\\\/\",\"url\":\"https:\\\/\\\/vilight.vn\\\/website\\\/san-pham\\\/den-chieu-sang-facade\\\/den-bollard\\\/den-bollard-vl-bl06\\\/\",\"name\":\"\u0110\u00e8n Bollard VL-BL06 - Vilight Co.ltd\",\"isPartOf\":{\"@id\":\"https:\\\/\\\/vilight.vn\\\/website\\\/#website\"},\"primaryImageOfPage\":{\"@id\":\"https:\\\/\\\/vilight.vn\\\/website\\\/san-pham\\\/den-chieu-sang-facade\\\/den-bollard\\\/den-bollard-vl-bl06\\\/#primaryimage\"},\"image\":{\"@id\":\"https:\\\/\\\/vilight.vn\\\/website\\\/san-pham\\\/den-chieu-sang-facade\\\/den-bollard\\\/den-bollard-vl-bl06\\\/#primaryimage\"},\"thumbnailUrl\":\"https:\\\/\\\/vilight.vn\\\/website\\\/wp-content\\\/uploads\\\/2021\\\/06\\\/BL06-Logo.jpg\",\"datePublished\":\"2021-06-28T02:31:22+00:00\",\"dateModified\":\"2024-10-04T04:20:22+00:00\",\"description\":\"\u0110\u00e8n Bollard VL-BL06 l\u00e0 m\u1eabu \u0111\u00e8n s\u00e2n v\u01b0\u1eddn cao c\u1ea5p, hi\u1ec7n \u0111\u1ea1i c\u00f3 kh\u1ea3 n\u0103ng ch\u1ed1ng ch\u1ecbu v\u1edbi thi\u00ean nhi\u00ean \u0111\u1ea3m b\u1ea3o b\u1ec1n v\u1eefng trong th\u1eddi gian d\u00e0i\",\"breadcrumb\":{\"@id\":\"https:\\\/\\\/vilight.vn\\\/website\\\/san-pham\\\/den-chieu-sang-facade\\\/den-bollard\\\/den-bollard-vl-bl06\\\/#breadcrumb\"},\"inLanguage\":\"vi\",\"potentialAction\":[{\"@type\":\"ReadAction\",\"target\":[\"https:\\\/\\\/vilight.vn\\\/website\\\/san-pham\\\/den-chieu-sang-facade\\\/den-bollard\\\/den-bollard-vl-bl06\\\/\"]}]},{\"@type\":\"ImageObject\",\"inLanguage\":\"vi\",\"@id\":\"https:\\\/\\\/vilight.vn\\\/website\\\/san-pham\\\/den-chieu-sang-facade\\\/den-bollard\\\/den-bollard-vl-bl06\\\/#primaryimage\",\"url\":\"https:\\\/\\\/vilight.vn\\\/website\\\/wp-content\\\/uploads\\\/2021\\\/06\\\/BL06-Logo.jpg\",\"contentUrl\":\"https:\\\/\\\/vilight.vn\\\/website\\\/wp-content\\\/uploads\\\/2021\\\/06\\\/BL06-Logo.jpg\",\"width\":600,\"height\":600,\"caption\":\"\u0110\u00e8n Bollard VL-BL06\"},{\"@type\":\"BreadcrumbList\",\"@id\":\"https:\\\/\\\/vilight.vn\\\/website\\\/san-pham\\\/den-chieu-sang-facade\\\/den-bollard\\\/den-bollard-vl-bl06\\\/#breadcrumb\",\"itemListElement\":[{\"@type\":\"ListItem\",\"position\":1,\"name\":\"Home\",\"item\":\"https:\\\/\\\/vilight.vn\\\/website\\\/\"},{\"@type\":\"ListItem\",\"position\":2,\"name\":\"store\",\"item\":\"https:\\\/\\\/vilight.vn\\\/website\\\/store\\\/\"},{\"@type\":\"ListItem\",\"position\":3,\"name\":\"\u0110\u00e8n Bollard VL-BL06\"}]},{\"@type\":\"WebSite\",\"@id\":\"https:\\\/\\\/vilight.vn\\\/website\\\/#website\",\"url\":\"https:\\\/\\\/vilight.vn\\\/website\\\/\",\"name\":\"Vilight Co.ltd\",\"description\":\"Chi\u1ebfu s\u00e1ng m\u1ef9 thu\u1eadt, chi\u1ebfu s\u00e1ng th\u00f4ng minh, LED Pixel 3D, chi\u1ebfu s\u00e1ng trang tr\u00ed \u0111\u00f4 th\u1ecb, chi\u1ebfu s\u00e1ng v\u00f2ng xoay, chi\u1ebfu s\u00e1ng \u0111\u1ea3o giao th\u00f4ng, c\u1ed5ng ch\u00e0o \u0111\u00f4 th\u1ecb\",\"publisher\":{\"@id\":\"https:\\\/\\\/vilight.vn\\\/website\\\/#organization\"},\"potentialAction\":[{\"@type\":\"SearchAction\",\"target\":{\"@type\":\"EntryPoint\",\"urlTemplate\":\"https:\\\/\\\/vilight.vn\\\/website\\\/?s={search_term_string}\"},\"query-input\":{\"@type\":\"PropertyValueSpecification\",\"valueRequired\":true,\"valueName\":\"search_term_string\"}}],\"inLanguage\":\"vi\"},{\"@type\":\"Organization\",\"@id\":\"https:\\\/\\\/vilight.vn\\\/website\\\/#organization\",\"name\":\"Vilight\",\"url\":\"https:\\\/\\\/vilight.vn\\\/website\\\/\",\"logo\":{\"@type\":\"ImageObject\",\"inLanguage\":\"vi\",\"@id\":\"https:\\\/\\\/vilight.vn\\\/website\\\/#\\\/schema\\\/logo\\\/image\\\/\",\"url\":\"https:\\\/\\\/vilight.vn\\\/website\\\/wp-content\\\/uploads\\\/2022\\\/05\\\/chieu_sang_trang_tri_do_thi_bang_den_led_pixel.png\",\"contentUrl\":\"https:\\\/\\\/vilight.vn\\\/website\\\/wp-content\\\/uploads\\\/2022\\\/05\\\/chieu_sang_trang_tri_do_thi_bang_den_led_pixel.png\",\"width\":800,\"height\":427,\"caption\":\"Vilight\"},\"image\":{\"@id\":\"https:\\\/\\\/vilight.vn\\\/website\\\/#\\\/schema\\\/logo\\\/image\\\/\"},\"sameAs\":[\"http:\\\/\\\/facebook.com\\\/vilight.vn\",\"https:\\\/\\\/www.linkedin.com\\\/company\\\/vilight-vn\",\"https:\\\/\\\/www.youtube.com\\\/channel\\\/UCEwR2naeDcuarMX1kSv_rLQ\\\/videos\"]}]}<\/script>\n<meta property=\"product:brand\" content=\"\u0110\u00e8n Bollard\" \/>\n<meta property=\"product:price:currency\" content=\"VND\" \/>\n<meta property=\"og:availability\" content=\"instock\" \/>\n<meta property=\"product:availability\" content=\"instock\" \/>\n<meta property=\"product:condition\" content=\"new\" \/>\n<!-- \/ Yoast SEO Premium plugin. -->","yoast_head_json":{"title":"\u0110\u00e8n Bollard VL-BL06 - Vilight Co.ltd","description":"\u0110\u00e8n Bollard VL-BL06 l\u00e0 m\u1eabu \u0111\u00e8n s\u00e2n v\u01b0\u1eddn cao c\u1ea5p, hi\u1ec7n \u0111\u1ea1i c\u00f3 kh\u1ea3 n\u0103ng ch\u1ed1ng ch\u1ecbu v\u1edbi thi\u00ean nhi\u00ean \u0111\u1ea3m b\u1ea3o b\u1ec1n v\u1eefng trong th\u1eddi gian d\u00e0i","robots":{"index":"index","follow":"follow","max-snippet":"max-snippet:-1","max-image-preview":"max-image-preview:large","max-video-preview":"max-video-preview:-1"},"canonical":"https:\/\/vilight.vn\/website\/san-pham\/den-chieu-sang-facade\/den-bollard\/den-bollard-vl-bl06\/","og_locale":"vi_VN","og_type":"article","og_title":"\u0110\u00e8n Bollard VL-BL06","og_description":"\u0110\u00e8n Bollard VL-BL06 - s\u1ef1 k\u1ebft h\u1ee3p ho\u00e0n h\u1ea3o gi\u1eefa hi\u1ec7u su\u1ea5t cao v\u00e0 thi\u1ebft k\u1ebf tinh t\u1ebf. \u00c1nh s\u00e1ng m\u1ea1nh m\u1ebd, tu\u1ed5i th\u1ecd l\u00ean \u0111\u1ebfn 50.000 gi\u1edd, \u0111\u1ed9 k\u00edn IP65, l\u00e0 l\u1ef1a ch\u1ecdn ho\u00e0n h\u1ea3o cho kh\u00f4ng gian ngo\u1ea1i th\u1ea5t.","og_url":"https:\/\/vilight.vn\/website\/san-pham\/den-chieu-sang-facade\/den-bollard\/den-bollard-vl-bl06\/","og_site_name":"Vilight Co.ltd","article_publisher":"http:\/\/facebook.com\/vilight.vn","article_modified_time":"2024-10-04T04:20:22+00:00","og_image":[{"width":600,"height":600,"url":"https:\/\/vilight.vn\/website\/wp-content\/uploads\/2021\/06\/BL06-Logo.jpg","type":"image\/jpeg"}],"twitter_card":"summary_large_image","twitter_misc":{"Gi\u00e1":"","Kh\u1ea3 d\u1ee5ng":"Trong kho"},"schema":{"@context":"https:\/\/schema.org","@graph":[{"@type":"WebPage","@id":"https:\/\/vilight.vn\/website\/san-pham\/den-chieu-sang-facade\/den-bollard\/den-bollard-vl-bl06\/","url":"https:\/\/vilight.vn\/website\/san-pham\/den-chieu-sang-facade\/den-bollard\/den-bollard-vl-bl06\/","name":"\u0110\u00e8n Bollard VL-BL06 - Vilight Co.ltd","isPartOf":{"@id":"https:\/\/vilight.vn\/website\/#website"},"primaryImageOfPage":{"@id":"https:\/\/vilight.vn\/website\/san-pham\/den-chieu-sang-facade\/den-bollard\/den-bollard-vl-bl06\/#primaryimage"},"image":{"@id":"https:\/\/vilight.vn\/website\/san-pham\/den-chieu-sang-facade\/den-bollard\/den-bollard-vl-bl06\/#primaryimage"},"thumbnailUrl":"https:\/\/vilight.vn\/website\/wp-content\/uploads\/2021\/06\/BL06-Logo.jpg","datePublished":"2021-06-28T02:31:22+00:00","dateModified":"2024-10-04T04:20:22+00:00","description":"\u0110\u00e8n Bollard VL-BL06 l\u00e0 m\u1eabu \u0111\u00e8n s\u00e2n v\u01b0\u1eddn cao c\u1ea5p, hi\u1ec7n \u0111\u1ea1i c\u00f3 kh\u1ea3 n\u0103ng ch\u1ed1ng ch\u1ecbu v\u1edbi thi\u00ean nhi\u00ean \u0111\u1ea3m b\u1ea3o b\u1ec1n v\u1eefng trong th\u1eddi gian d\u00e0i","breadcrumb":{"@id":"https:\/\/vilight.vn\/website\/san-pham\/den-chieu-sang-facade\/den-bollard\/den-bollard-vl-bl06\/#breadcrumb"},"inLanguage":"vi","potentialAction":[{"@type":"ReadAction","target":["https:\/\/vilight.vn\/website\/san-pham\/den-chieu-sang-facade\/den-bollard\/den-bollard-vl-bl06\/"]}]},{"@type":"ImageObject","inLanguage":"vi","@id":"https:\/\/vilight.vn\/website\/san-pham\/den-chieu-sang-facade\/den-bollard\/den-bollard-vl-bl06\/#primaryimage","url":"https:\/\/vilight.vn\/website\/wp-content\/uploads\/2021\/06\/BL06-Logo.jpg","contentUrl":"https:\/\/vilight.vn\/website\/wp-content\/uploads\/2021\/06\/BL06-Logo.jpg","width":600,"height":600,"caption":"\u0110\u00e8n Bollard VL-BL06"},{"@type":"BreadcrumbList","@id":"https:\/\/vilight.vn\/website\/san-pham\/den-chieu-sang-facade\/den-bollard\/den-bollard-vl-bl06\/#breadcrumb","itemListElement":[{"@type":"ListItem","position":1,"name":"Home","item":"https:\/\/vilight.vn\/website\/"},{"@type":"ListItem","position":2,"name":"store","item":"https:\/\/vilight.vn\/website\/store\/"},{"@type":"ListItem","position":3,"name":"\u0110\u00e8n Bollard VL-BL06"}]},{"@type":"WebSite","@id":"https:\/\/vilight.vn\/website\/#website","url":"https:\/\/vilight.vn\/website\/","name":"Vilight Co.ltd","description":"Chi\u1ebfu s\u00e1ng m\u1ef9 thu\u1eadt, chi\u1ebfu s\u00e1ng th\u00f4ng minh, LED Pixel 3D, chi\u1ebfu s\u00e1ng trang tr\u00ed \u0111\u00f4 th\u1ecb, chi\u1ebfu s\u00e1ng v\u00f2ng xoay, chi\u1ebfu s\u00e1ng \u0111\u1ea3o giao th\u00f4ng, c\u1ed5ng ch\u00e0o \u0111\u00f4 th\u1ecb","publisher":{"@id":"https:\/\/vilight.vn\/website\/#organization"},"potentialAction":[{"@type":"SearchAction","target":{"@type":"EntryPoint","urlTemplate":"https:\/\/vilight.vn\/website\/?s={search_term_string}"},"query-input":{"@type":"PropertyValueSpecification","valueRequired":true,"valueName":"search_term_string"}}],"inLanguage":"vi"},{"@type":"Organization","@id":"https:\/\/vilight.vn\/website\/#organization","name":"Vilight","url":"https:\/\/vilight.vn\/website\/","logo":{"@type":"ImageObject","inLanguage":"vi","@id":"https:\/\/vilight.vn\/website\/#\/schema\/logo\/image\/","url":"https:\/\/vilight.vn\/website\/wp-content\/uploads\/2022\/05\/chieu_sang_trang_tri_do_thi_bang_den_led_pixel.png","contentUrl":"https:\/\/vilight.vn\/website\/wp-content\/uploads\/2022\/05\/chieu_sang_trang_tri_do_thi_bang_den_led_pixel.png","width":800,"height":427,"caption":"Vilight"},"image":{"@id":"https:\/\/vilight.vn\/website\/#\/schema\/logo\/image\/"},"sameAs":["http:\/\/facebook.com\/vilight.vn","https:\/\/www.linkedin.com\/company\/vilight-vn","https:\/\/www.youtube.com\/channel\/UCEwR2naeDcuarMX1kSv_rLQ\/videos"]}]},"product_brand":"\u0110\u00e8n Bollard","product_price_currency":"VND","og_availability":"instock","product_availability":"instock","product_condition":"new"},"_links":{"self":[{"href":"https:\/\/vilight.vn\/website\/wp-json\/wp\/v2\/product\/1459","targetHints":{"allow":["GET"]}}],"collection":[{"href":"https:\/\/vilight.vn\/website\/wp-json\/wp\/v2\/product"}],"about":[{"href":"https:\/\/vilight.vn\/website\/wp-json\/wp\/v2\/types\/product"}],"wp:featuredmedia":[{"embeddable":true,"href":"https:\/\/vilight.vn\/website\/wp-json\/wp\/v2\/media\/1461"}],"wp:attachment":[{"href":"https:\/\/vilight.vn\/website\/wp-json\/wp\/v2\/media?parent=1459"}],"wp:term":[{"taxonomy":"product_brand","embeddable":true,"href":"https:\/\/vilight.vn\/website\/wp-json\/wp\/v2\/product_brand?post=1459"},{"taxonomy":"product_cat","embeddable":true,"href":"https:\/\/vilight.vn\/website\/wp-json\/wp\/v2\/product_cat?post=1459"},{"taxonomy":"product_tag","embeddable":true,"href":"https:\/\/vilight.vn\/website\/wp-json\/wp\/v2\/product_tag?post=1459"}],"curies":[{"name":"wp","href":"https:\/\/api.w.org\/{rel}","templated":true}]}}